{"id":1481,"date":"2023-09-19T09:44:38","date_gmt":"2023-09-19T07:44:38","guid":{"rendered":"https:\/\/vapebulkp.com\/?page_id=1481"},"modified":"2023-09-19T09:46:06","modified_gmt":"2023-09-19T07:46:06","slug":"faq-about-vape-bulk-order","status":"publish","type":"page","link":"https:\/\/vapebulkp.com\/cs\/faq-about-vape-bulk-order\/","title":{"rendered":"FAQ o velkoobchodn\u00edch objedn\u00e1vk\u00e1ch e-cigaret"},"content":{"rendered":"<p><strong>Q1: Jak zadat objedn\u00e1vku?<\/strong><br><strong>Odpov\u011b\u010f 1:<\/strong> Zad\u00e1n\u00ed objedn\u00e1vky u n\u00e1s je jednoduch\u00fd proces. Postupujte podle n\u00e1sleduj\u00edc\u00edch krok\u016f:<\/p>\n\n\n\n<p><strong>Naskenujte QR k\u00f3d WhatsApp pro chat<\/strong><\/p>\n\n\n\n<figure class=\"wp-block-image size-large\"><img decoding=\"async\" width=\"1024\" height=\"951\" src=\"http:\/\/vapebulkp.com\/wp-content\/uploads\/2021\/08\/WhatsApp-1024x951.jpg\" alt=\"\" class=\"wp-image-1455\" srcset=\"https:\/\/vapebulkp.com\/wp-content\/uploads\/2021\/08\/WhatsApp-1024x951.jpg 1024w, https:\/\/vapebulkp.com\/wp-content\/uploads\/2021\/08\/WhatsApp-300x279.jpg 300w, https:\/\/vapebulkp.com\/wp-content\/uploads\/2021\/08\/WhatsApp-768x713.jpg 768w, https:\/\/vapebulkp.com\/wp-content\/uploads\/2021\/08\/WhatsApp-600x557.jpg 600w, https:\/\/vapebulkp.com\/wp-content\/uploads\/2021\/08\/WhatsApp.jpg 1080w\" sizes=\"(max-width: 1024px) 100vw, 1024px\" \/><\/figure>\n\n\n\n<p><strong>Kontaktujte n\u00e1s pro aktu\u00e1ln\u00ed ceny:<\/strong> Obra\u0165te se na n\u00e1s, abyste se informovali o nejnov\u011bj\u0161\u00edch cen\u00e1ch produkt\u016f, o kter\u00e9 m\u00e1te z\u00e1jem.<\/p>\n\n\n\n<p><strong>Vyberte si styl a p\u0159\u00edchu\u0165:<\/strong> Vyberte si preferovan\u00fd styl a p\u0159\u00edchu\u0165 z na\u0161\u00ed \u0161irok\u00e9 nab\u00eddky mo\u017enost\u00ed.<\/p>\n\n\n\n<p><strong>Prove\u010fte platbu a vy\u010dkejte na doru\u010den\u00ed:<\/strong> Dokon\u010dete platbu a trp\u011bliv\u011b vy\u010dkejte, a\u017e va\u0161e objedn\u00e1vka doraz\u00ed.<\/p>\n\n\n\n<p><strong>P\u0159evzet\u00ed a potvrzen\u00ed va\u0161\u00ed objedn\u00e1vky:<\/strong> Jakmile va\u0161e objedn\u00e1vka doraz\u00ed, potvr\u010fte doru\u010den\u00ed jej\u00edm podeps\u00e1n\u00edm.<\/p>\n\n\n\n<p><strong>Q2: Mohu upravit svou objedn\u00e1vku vape po jej\u00edm zad\u00e1n\u00ed?<\/strong><br><strong>Odpov\u011b\u010f 2:<\/strong> Ano, zm\u011bny ve sv\u00e9 objedn\u00e1vce vape m\u016f\u017eete prov\u00e1d\u011bt do 23:00 (PDT -7 GMT) v den jej\u00edho zad\u00e1n\u00ed. Kontaktujte n\u00e1s na <a href=\"mailto:support@vapebulkp.com\">support@vapebulkp.com<\/a> a vy\u017e\u00e1dejte si jak\u00e9koli \u00fapravy.<\/p>\n\n\n\n<p><strong>Q3: Jak zah\u00e1jit vr\u00e1cen\u00ed produktu vape?<\/strong><br><strong>Odpov\u011b\u010f 3:<\/strong> Chcete-li zah\u00e1jit vr\u00e1cen\u00ed produktu vape, postupujte podle t\u011bchto krok\u016f:<\/p>\n\n\n\n<ol class=\"wp-block-list\">\n<li>Ujist\u011bte se, \u017ee je va\u0161e zbo\u017e\u00ed vape v p\u016fvodn\u00edm obalu, nepou\u017eit\u00e9, neno\u0161en\u00e9 a se v\u0161emi neporu\u0161en\u00fdmi visa\u010dkami.<\/li>\n\n\n\n<li>Kontaktujte n\u00e1s na <a href=\"mailto:support@vapebulkp.com\">support@vapebulkp.com<\/a> abyste zah\u00e1jili vr\u00e1cen\u00ed.<\/li>\n\n\n\n<li>Po schv\u00e1len\u00ed v\u00e1m poskytneme p\u0159epravn\u00ed \u0161t\u00edtek pro vr\u00e1cen\u00ed a podrobn\u00e9 pokyny.<\/li>\n\n\n\n<li>Postupujte podle pokyn\u016f pro p\u0159epravu. Upozor\u0148ujeme, \u017ee neautorizovan\u00e9 vr\u00e1cen\u00ed zbo\u017e\u00ed bez p\u0159edchoz\u00edho souhlasu nebude p\u0159ijato.<\/li>\n<\/ol>\n\n\n\n<p><strong>Q4: Kdy bude moje objedn\u00e1vka elektronick\u00fdch cigaret odesl\u00e1na?<\/strong><br><strong>Ot\u00e1zka 4: Jak\u00fd typ spir\u00e1lky JNR Shisha Max pou\u017e\u00edv\u00e1?<\/strong> P\u0159ed odesl\u00e1n\u00edm objedn\u00e1vky po\u010d\u00edtejte s dobou zpracov\u00e1n\u00ed a v\u00fdroby 1 a\u017e 5 pracovn\u00edch dn\u016f. Sledovac\u00ed \u010d\u00edslo obdr\u017e\u00edte e-mailem.<\/p>\n\n\n\n<p><strong>Q5: Jak mohu sledovat svou objedn\u00e1vku elektronick\u00fdch cigaret?<\/strong><br><strong>A5:<\/strong> Sledovac\u00ed \u010d\u00edslo naleznete v e-mailu s potvrzen\u00edm odesl\u00e1n\u00ed. Nav\u0161tivte sekci \u201esledovat objedn\u00e1vku\u201c na na\u0161em webu a pou\u017eijte uveden\u00e9 \u010d\u00edslo ke sledov\u00e1n\u00ed stavu va\u0161\u00ed objedn\u00e1vky elektronick\u00fdch cigaret.<\/p>\n\n\n\n<p><strong>Q6: Jak\u00e9 jsou z\u00e1sady pro p\u0159epravu elektronick\u00fdch cigaret?<\/strong><br><strong>A6:<\/strong> Pro \u010ceskou republiku nab\u00edz\u00edme p\u0159epravu s dod\u00e1n\u00edm DDP (Delivery Duty Paid), kter\u00e1 zjednodu\u0161uje proces p\u0159epravy t\u00edm, \u017ee eliminuje nutnost celn\u00edho odbaven\u00ed a placen\u00ed cel z va\u0161\u00ed strany. To zaji\u0161\u0165uje hlad\u0161\u00ed pr\u016fb\u011bh pro va\u0161e pohodl\u00ed.<\/p>\n\n\n\n<p>Pokud m\u00e1te dal\u0161\u00ed dotazy ohledn\u011b procesu objedn\u00e1v\u00e1n\u00ed, vracen\u00ed zbo\u017e\u00ed nebo p\u0159epravy, nev\u00e1hejte n\u00e1s kontaktovat na <a href=\"mailto:support@vapebulkp.com\">support@vapebulkp.com<\/a>. Va\u0161e spokojenost z\u016fst\u00e1v\u00e1 na\u0161\u00ed nejvy\u0161\u0161\u00ed prioritou!<\/p>","protected":false},"excerpt":{"rendered":"<p>Q1: How to Place an Order?A1: Placing an order with us is a straightforward process. Follow these steps: Scan the whatsapp QRcode to chat Contact Us for Current Pricing: Reach out to us to inquire about the latest prices for the products you&#8217;re interested in. Select Your Style and Flavor: Choose your preferred style and &hellip;<\/p>\n<p class=\"read-more\"> <a class=\"\" href=\"https:\/\/vapebulkp.com\/cs\/faq-about-vape-bulk-order\/\"> <span class=\"screen-reader-text\">FAQ o velkoobchodn\u00edch objedn\u00e1vk\u00e1ch e-cigaret<\/span> Pokra\u010dovat ve \u010dten\u00ed \u00bb<\/a><\/p>","protected":false},"author":1,"featured_media":0,"parent":0,"menu_order":0,"comment_status":"closed","ping_status":"closed","template":"","meta":{"_uag_custom_page_level_css":"","_lmt_disableupdate":"","_lmt_disable":"","site-sidebar-layout":"default","site-content-layout":"","ast-site-content-layout":"default","site-content-style":"default","site-sidebar-style":"default","ast-global-header-display":"","ast-banner-title-visibility":"","ast-main-header-display":"","ast-hfb-above-header-display":"","ast-hfb-below-header-display":"","ast-hfb-mobile-header-display":"","site-post-title":"","ast-breadcrumbs-content":"","ast-featured-img":"","footer-sml-layout":"","theme-transparent-header-meta":"","adv-header-id-meta":"","stick-header-meta":"","header-above-stick-meta":"","header-main-stick-meta":"","header-below-stick-meta":"","astra-migrate-meta-layouts":"set","_joinchat":[],"footnotes":""},"class_list":["post-1481","page","type-page","status-publish","hentry"],"yoast_head":"<!-- This site is optimized with the Yoast SEO plugin v21.1 - https:\/\/yoast.com\/wordpress\/plugins\/seo\/ -->\n<title>FAQ About Vape Bulk Order - vapebulkp.com<\/title>\n<meta name=\"description\" content=\"vapebulkp.com specializes in disposable vape pens, dedicated to catering to a worldwide audience seeking a wholesaler that prioritizes a healthier lifestyle and an enhanced vaping journey.\" \/>\n<meta name=\"robots\" content=\"index, follow, max-snippet:-1, max-image-preview:large, max-video-preview:-1\" \/>\n<link rel=\"canonical\" href=\"https:\/\/vapebulkp.com\/cs\/faq-about-vape-bulk-order\/\" \/>\n<meta property=\"og:locale\" content=\"cs_CZ\" \/>\n<meta property=\"og:type\" content=\"article\" \/>\n<meta property=\"og:title\" content=\"FAQ About Vape Bulk Order - vapebulkp.com\" \/>\n<meta property=\"og:description\" content=\"vapebulkp.com specializes in disposable vape pens, dedicated to catering to a worldwide audience seeking a wholesaler that prioritizes a healthier lifestyle and an enhanced vaping journey.\" \/>\n<meta property=\"og:url\" content=\"https:\/\/vapebulkp.com\/cs\/faq-about-vape-bulk-order\/\" \/>\n<meta property=\"og:site_name\" content=\"vapebulkp.com\" \/>\n<meta property=\"article:modified_time\" content=\"2023-09-19T07:46:06+00:00\" \/>\n<meta property=\"og:image\" content=\"http:\/\/vapebulkp.com\/wp-content\/uploads\/2021\/08\/WhatsApp-1024x951.jpg\" \/>\n<meta name=\"twitter:card\" content=\"summary_large_image\" \/>\n<meta name=\"twitter:label1\" content=\"Odhadovan\u00e1 doba \u010dten\u00ed\" \/>\n\t<meta name=\"twitter:data1\" content=\"2 minuty\" \/>\n<script type=\"application\/ld+json\" class=\"yoast-schema-graph\">{\"@context\":\"https:\/\/schema.org\",\"@graph\":[{\"@type\":\"WebPage\",\"@id\":\"https:\/\/vapebulkp.com\/faq-about-vape-bulk-order\/\",\"url\":\"https:\/\/vapebulkp.com\/faq-about-vape-bulk-order\/\",\"name\":\"FAQ About Vape Bulk Order - vapebulkp.com\",\"isPartOf\":{\"@id\":\"https:\/\/vapebulkp.com\/#website\"},\"datePublished\":\"2023-09-19T07:44:38+00:00\",\"dateModified\":\"2023-09-19T07:46:06+00:00\",\"description\":\"vapebulkp.com specializes in disposable vape pens, dedicated to catering to a worldwide audience seeking a wholesaler that prioritizes a healthier lifestyle and an enhanced vaping journey.\",\"breadcrumb\":{\"@id\":\"https:\/\/vapebulkp.com\/faq-about-vape-bulk-order\/#breadcrumb\"},\"inLanguage\":\"cs\",\"potentialAction\":[{\"@type\":\"ReadAction\",\"target\":[\"https:\/\/vapebulkp.com\/faq-about-vape-bulk-order\/\"]}]},{\"@type\":\"BreadcrumbList\",\"@id\":\"https:\/\/vapebulkp.com\/faq-about-vape-bulk-order\/#breadcrumb\",\"itemListElement\":[{\"@type\":\"ListItem\",\"position\":1,\"name\":\"Home\",\"item\":\"https:\/\/vapebulkp.com\/\"},{\"@type\":\"ListItem\",\"position\":2,\"name\":\"FAQ About Vape Bulk Order\"}]},{\"@type\":\"WebSite\",\"@id\":\"https:\/\/vapebulkp.com\/#website\",\"url\":\"https:\/\/vapebulkp.com\/\",\"name\":\"vapebulkp.com\",\"description\":\"Buy Vape In Cheap Bulk Price Near you\",\"publisher\":{\"@id\":\"https:\/\/vapebulkp.com\/#organization\"},\"potentialAction\":[{\"@type\":\"SearchAction\",\"target\":{\"@type\":\"EntryPoint\",\"urlTemplate\":\"https:\/\/vapebulkp.com\/?s={search_term_string}\"},\"query-input\":\"required name=search_term_string\"}],\"inLanguage\":\"cs\"},{\"@type\":\"Organization\",\"@id\":\"https:\/\/vapebulkp.com\/#organization\",\"name\":\"vapebulkp.com\",\"url\":\"https:\/\/vapebulkp.com\/\",\"logo\":{\"@type\":\"ImageObject\",\"inLanguage\":\"cs\",\"@id\":\"https:\/\/vapebulkp.com\/#\/schema\/logo\/image\/\",\"url\":\"https:\/\/vapebulkp.com\/wp-content\/uploads\/2023\/09\/cropped-vapebulkp.png\",\"contentUrl\":\"https:\/\/vapebulkp.com\/wp-content\/uploads\/2023\/09\/cropped-vapebulkp.png\",\"width\":516,\"height\":163,\"caption\":\"vapebulkp.com\"},\"image\":{\"@id\":\"https:\/\/vapebulkp.com\/#\/schema\/logo\/image\/\"}}]}<\/script>\n<!-- \/ Yoast SEO plugin. -->","yoast_head_json":{"title":"FAQ About Vape Bulk Order - vapebulkp.com","description":"vapebulkp.com specializes in disposable vape pens, dedicated to catering to a worldwide audience seeking a wholesaler that prioritizes a healthier lifestyle and an enhanced vaping journey.","robots":{"index":"index","follow":"follow","max-snippet":"max-snippet:-1","max-image-preview":"max-image-preview:large","max-video-preview":"max-video-preview:-1"},"canonical":"https:\/\/vapebulkp.com\/cs\/faq-about-vape-bulk-order\/","og_locale":"cs_CZ","og_type":"article","og_title":"FAQ About Vape Bulk Order - vapebulkp.com","og_description":"vapebulkp.com specializes in disposable vape pens, dedicated to catering to a worldwide audience seeking a wholesaler that prioritizes a healthier lifestyle and an enhanced vaping journey.","og_url":"https:\/\/vapebulkp.com\/cs\/faq-about-vape-bulk-order\/","og_site_name":"vapebulkp.com","article_modified_time":"2023-09-19T07:46:06+00:00","og_image":[{"url":"http:\/\/vapebulkp.com\/wp-content\/uploads\/2021\/08\/WhatsApp-1024x951.jpg"}],"twitter_card":"summary_large_image","twitter_misc":{"Odhadovan\u00e1 doba \u010dten\u00ed":"2 minuty"},"schema":{"@context":"https:\/\/schema.org","@graph":[{"@type":"WebPage","@id":"https:\/\/vapebulkp.com\/faq-about-vape-bulk-order\/","url":"https:\/\/vapebulkp.com\/faq-about-vape-bulk-order\/","name":"FAQ About Vape Bulk Order - vapebulkp.com","isPartOf":{"@id":"https:\/\/vapebulkp.com\/#website"},"datePublished":"2023-09-19T07:44:38+00:00","dateModified":"2023-09-19T07:46:06+00:00","description":"vapebulkp.com specializes in disposable vape pens, dedicated to catering to a worldwide audience seeking a wholesaler that prioritizes a healthier lifestyle and an enhanced vaping journey.","breadcrumb":{"@id":"https:\/\/vapebulkp.com\/faq-about-vape-bulk-order\/#breadcrumb"},"inLanguage":"cs","potentialAction":[{"@type":"ReadAction","target":["https:\/\/vapebulkp.com\/faq-about-vape-bulk-order\/"]}]},{"@type":"BreadcrumbList","@id":"https:\/\/vapebulkp.com\/faq-about-vape-bulk-order\/#breadcrumb","itemListElement":[{"@type":"ListItem","position":1,"name":"Home","item":"https:\/\/vapebulkp.com\/"},{"@type":"ListItem","position":2,"name":"FAQ About Vape Bulk Order"}]},{"@type":"WebSite","@id":"https:\/\/vapebulkp.com\/#website","url":"https:\/\/vapebulkp.com\/","name":"vapebulkp.com","description":"Buy Vape In Cheap Bulk Price Near you","publisher":{"@id":"https:\/\/vapebulkp.com\/#organization"},"potentialAction":[{"@type":"SearchAction","target":{"@type":"EntryPoint","urlTemplate":"https:\/\/vapebulkp.com\/?s={search_term_string}"},"query-input":"required name=search_term_string"}],"inLanguage":"cs"},{"@type":"Organization","@id":"https:\/\/vapebulkp.com\/#organization","name":"vapebulkp.com","url":"https:\/\/vapebulkp.com\/","logo":{"@type":"ImageObject","inLanguage":"cs","@id":"https:\/\/vapebulkp.com\/#\/schema\/logo\/image\/","url":"https:\/\/vapebulkp.com\/wp-content\/uploads\/2023\/09\/cropped-vapebulkp.png","contentUrl":"https:\/\/vapebulkp.com\/wp-content\/uploads\/2023\/09\/cropped-vapebulkp.png","width":516,"height":163,"caption":"vapebulkp.com"},"image":{"@id":"https:\/\/vapebulkp.com\/#\/schema\/logo\/image\/"}}]}},"uagb_featured_image_src":{"full":false,"thumbnail":false,"medium":false,"medium_large":false,"large":false,"1536x1536":false,"2048x2048":false,"trp-custom-language-flag":false,"woocommerce_thumbnail":false,"woocommerce_single":false,"woocommerce_gallery_thumbnail":false,"wcpr-photo-reviews":false},"uagb_author_info":{"display_name":"vapebulkp.com","author_link":"https:\/\/vapebulkp.com\/cs\/author\/vapebulkp-com\/"},"uagb_comment_info":0,"uagb_excerpt":"Q1: How to Place an Order?A1: Placing an order with us is a straightforward process. Follow these steps: Scan the whatsapp QRcode to chat Contact Us for Current Pricing: Reach out to us to inquire about the latest prices for the products you&#8217;re interested in. Select Your Style and Flavor: Choose your preferred style and&hellip;","_links":{"self":[{"href":"https:\/\/vapebulkp.com\/cs\/wp-json\/wp\/v2\/pages\/1481","targetHints":{"allow":["GET"]}}],"collection":[{"href":"https:\/\/vapebulkp.com\/cs\/wp-json\/wp\/v2\/pages"}],"about":[{"href":"https:\/\/vapebulkp.com\/cs\/wp-json\/wp\/v2\/types\/page"}],"author":[{"embeddable":true,"href":"https:\/\/vapebulkp.com\/cs\/wp-json\/wp\/v2\/users\/1"}],"replies":[{"embeddable":true,"href":"https:\/\/vapebulkp.com\/cs\/wp-json\/wp\/v2\/comments?post=1481"}],"version-history":[{"count":1,"href":"https:\/\/vapebulkp.com\/cs\/wp-json\/wp\/v2\/pages\/1481\/revisions"}],"predecessor-version":[{"id":1482,"href":"https:\/\/vapebulkp.com\/cs\/wp-json\/wp\/v2\/pages\/1481\/revisions\/1482"}],"wp:attachment":[{"href":"https:\/\/vapebulkp.com\/cs\/wp-json\/wp\/v2\/media?parent=1481"}],"curies":[{"name":"wp","href":"https:\/\/api.w.org\/{rel}","templated":true}]}}