{"id":1503,"date":"2023-09-20T03:56:27","date_gmt":"2023-09-20T01:56:27","guid":{"rendered":"https:\/\/vapebulkp.com\/?post_type=product&#038;p=1503"},"modified":"2025-09-08T04:52:42","modified_gmt":"2025-09-08T02:52:42","slug":"popular-kulx-10000puffs-disposable-vape-good-price","status":"publish","type":"product","link":"https:\/\/vapebulkp.com\/cs\/product\/popular-kulx-10000puffs-disposable-vape-good-price\/","title":{"rendered":"Popul\u00e1rn\u00ed Kulx 10000Puffs Jednor\u00e1zov\u00e1 e-cigareta Dobr\u00e1 cena"},"content":{"rendered":"<h2>Popul\u00e1rn\u00ed Kulx 10000Puffs Jednor\u00e1zov\u00e1 e-cigareta Dobr\u00e1 cena<\/h2>\n<p>Velkoobchodn\u00ed Vape Kulx <a href=\"https:\/\/vapebulkp.com\/cs\/product-category\/10000-puffs-disposable-vape\/\">10000 tah\u016f jednor\u00e1zov\u00fd Vape<\/a> je navr\u017een pro vapery, kte\u0159\u00ed cht\u011bj\u00ed v\u00fdkon, styl a spolehlivost v jednom za\u0159\u00edzen\u00ed. S kapacitou 10000 tah\u016f je to skute\u010dn\u011b dlouhotrvaj\u00edc\u00ed jednor\u00e1zov\u00fd vape, ide\u00e1ln\u00ed pro ka\u017edodenn\u00ed pou\u017eit\u00ed a spole\u010densk\u00e9 p\u0159\u00edle\u017eitosti.<\/p>\n<p>Ka\u017ed\u00e9 za\u0159\u00edzen\u00ed obsahuje 20ml pr\u00e9miov\u00e9ho e-liquidu, sm\u00edchan\u00e9ho s vysoce kvalitn\u00edmi p\u0159\u00edsadami pro dod\u00e1n\u00ed jemn\u00e9 p\u00e1ry a bohat\u00e9 chuti. D\u00edky technologii nikotinov\u00e9 soli poskytuje siln\u011bj\u0161\u00ed \u00fader do krku a rychlej\u0161\u00ed uspokojen\u00ed, k dispozici v s\u00edl\u00e1ch nikotinu 2% a 5% pro vyhov\u011bn\u00ed r\u016fzn\u00fdm preferenc\u00edm.<\/p>\n<p>Postaveno s 850mAh bateri\u00ed, jednor\u00e1zov\u00fd Vape Kulx 10000 tah\u016f je dob\u00edjec\u00ed jednor\u00e1zov\u00fd vape s nab\u00edjen\u00edm typu C, co\u017e zaji\u0161\u0165uje pohodl\u00ed a st\u00e1l\u00fd v\u00fdkon po cel\u00fd den. Jeho modern\u00ed, p\u0159enosn\u00fd design usnad\u0148uje p\u0159en\u00e1\u0161en\u00ed p\u0159i zachov\u00e1n\u00ed odolnosti a v\u00fdkonu.<\/p>\n<p>Ide\u00e1ln\u00ed pro velkoobjemov\u00fd velkoobchod s vape v EU, Kulx 10000 kombinuje inovativn\u00ed design, spolehlivou \u017eivotnost baterie a dod\u00e1v\u00e1n\u00ed pr\u00e9miov\u00e9 chuti. Ziskov\u00e1 volba pro maloobchodn\u00edky a spolehliv\u00e1 mo\u017enost pro evropsk\u00e9 z\u00e1kazn\u00edky hledaj\u00edc\u00ed vysoce v\u00fdkonn\u00fd jednor\u00e1zov\u00fd vape.<\/p>\n<h6 style=\"text-align: left\">\u00a0\u00a0\u00a0\u00a0<img decoding=\"async\" class=\"alignnone size-full wp-image-1661\" src=\"http:\/\/vapebulkp.com\/wp-content\/uploads\/2023\/09\/KULX-10000-puff-VAPE-POD-Wholesale-price-1.jpg\" alt=\"KULX 10000 pot\u00e1hnut\u00ed VAPE POD Velkoobchodn\u00ed cena\" width=\"1024\" height=\"512\" srcset=\"https:\/\/vapebulkp.com\/wp-content\/uploads\/2023\/09\/KULX-10000-puff-VAPE-POD-Wholesale-price-1.jpg 1024w, https:\/\/vapebulkp.com\/wp-content\/uploads\/2023\/09\/KULX-10000-puff-VAPE-POD-Wholesale-price-1-300x150.jpg 300w, https:\/\/vapebulkp.com\/wp-content\/uploads\/2023\/09\/KULX-10000-puff-VAPE-POD-Wholesale-price-1-768x384.jpg 768w, https:\/\/vapebulkp.com\/wp-content\/uploads\/2023\/09\/KULX-10000-puff-VAPE-POD-Wholesale-price-1-600x300.jpg 600w\" sizes=\"(max-width: 1024px) 100vw, 1024px\" \/><\/h6>\n<h6>Pro slevu pros\u00edm kontaktujte Mandy p\u0159es WhatsApp<a href=\"https:\/\/wa.me\/8618077105796\">+8618077105796<\/a><\/h6>\n<p><img decoding=\"async\" class=\"alignnone wp-image-2151\" src=\"http:\/\/vapebulkp.com\/wp-content\/uploads\/2024\/04\/Mandy-WhatsApp-Randm.jpg\" alt=\"Mandy WhatsApp Randm\" width=\"241\" height=\"256\" srcset=\"https:\/\/vapebulkp.com\/wp-content\/uploads\/2024\/04\/Mandy-WhatsApp-Randm.jpg 916w, https:\/\/vapebulkp.com\/wp-content\/uploads\/2024\/04\/Mandy-WhatsApp-Randm-282x300.jpg 282w, https:\/\/vapebulkp.com\/wp-content\/uploads\/2024\/04\/Mandy-WhatsApp-Randm-768x817.jpg 768w, https:\/\/vapebulkp.com\/wp-content\/uploads\/2024\/04\/Mandy-WhatsApp-Randm-600x638.jpg 600w\" sizes=\"(max-width: 241px) 100vw, 241px\" \/><\/p>\n<h3><\/h3>\n<h6 class=\"style-scope ytd-watch-metadata\">1.Jak pou\u017e\u00edvat Vape Pen Kulx 10000 tah\u016f?<\/h6>\n<p>&nbsp;<\/p>\n<p>Krok 1. P\u0159ed pou\u017eit\u00edm 10k pot\u00e1hnut\u00ed vyt\u00e1hn\u011bte plastovou trubi\u010dku.<\/p>\n<p>Krok 2. Po\u010dkejte asi 3 minuty, ne\u017e se \u0161\u0165\u00e1va dostane do c\u00edvky uvnit\u0159.<\/p>\n<p>Krok 3. U\u017eijte si to<\/p>\n<h6>2.JAK NAB\u00cdJET JEDNOR\u00c1ZOV\u00c9 ZA\u0158\u00cdZEN\u00cd KULX 10000 TAHL\u016e?<\/h6>\n<p>Nab\u00edje\u010dky s rychl\u00fdm nab\u00edjen\u00edm nelze pou\u017e\u00edt. Standardn\u00ed bezpe\u010dn\u00e9 nap\u00e1jen\u00ed jednor\u00e1zov\u00fdch elektronick\u00fdch cigaret je 5V 1A. Ka\u017ed\u00e9 nab\u00edjen\u00ed nesm\u00ed p\u0159es\u00e1hnout 1 hodinu, bezpe\u010dn\u00e1 doba nab\u00edjen\u00ed je p\u016fl hodiny.<\/p>\n<p><span style=\"color: #ff6600\">Upozorn\u011bn\u00ed: nenab\u00edjejte celou noc!<\/span><\/p>\n<h4><strong><span style=\"vertical-align: inherit\">Specifikace <\/span><\/strong>Pro Kulx 10000 tah\u016f:<\/h4>\n<h4><\/h4>\n<ul>\n<li>Baterie: 650mAh (Typ C)<br \/>\nKapacita: 18 ml<br \/>\nC\u00edvka: 0,8 ohm mesh<br \/>\nP\u0159ibli\u017en\u00fd objem potah\u016f: 10000 potah\u016f<br \/>\nS\u00edla nikotinu plus: 0%, 2%, 3%, 5%<br \/>\nMOQ: 100ks<\/li>\n<\/ul>\n<h5><strong>Jak\u00e9 jsou nejlep\u0161\u00ed p\u0159\u00edchut\u011b Vape Kulx 10000 tah\u016f?<\/strong><\/h5>\n<p><strong>1.Bor\u016fvka Malina led<\/strong><\/p>\n<p><strong>2.Citr\u00f3n M\u00e1ta<\/strong><\/p>\n<p><strong>3.Dvojit\u00e9 Jablko<\/strong><\/p>\n<p><strong>4.Vodn\u00ed meloun led<\/strong><\/p>\n<p><strong>5.Sm\u011bs bobul\u00ed<\/strong><\/p>\n<p><strong>6.Ananas Mango Led<\/strong><\/p>\n<p><strong>7. Jahoda Kiwi<\/strong><\/p>\n<p><strong>8.Cukrov\u00e1 Vata<\/strong><\/p>\n<p><strong>9.Jahoda Meloun<\/strong><\/p>\n<p><strong>10.Aloe Hrozno<\/strong><\/p>\n<p><a href=\"https:\/\/vapebulkp.com\/cs\/product\/popular-randm-tornado-7000puffs-disposable-vape-best-price\/\"><span style=\"vertical-align: inherit\">RandM Tornado 7000 potah\u016f <\/span><\/a><\/p>\n<p><span style=\"vertical-align: inherit\">Najd\u011bte dal\u0161\u00ed produkty, kter\u00e9 by se v\u00e1m mohly l\u00edbit:<\/span><em><a href=\"https:\/\/wa.me\/8618077105796\"><span style=\"vertical-align: inherit\">\u00a0Kupte to te\u010f<\/span><\/a><\/em><\/p>\n<p><span style=\"vertical-align: inherit\">Dal\u0161\u00ed potahy, kter\u00e9 by se v\u00e1m mohly l\u00edbit:<\/span><a href=\"https:\/\/vapebulkp.com\/cs\/product\/bulk-buy-kulx-8800-puffs-disposable-vape-wholesale-germany\/\"><span style=\"vertical-align: inherit\">Kulx 8800 potah\u016f<\/span><\/a><span style=\"vertical-align: inherit\">\u3001<\/span><a href=\"https:\/\/vapebulkp.com\/cs\/product\/good-sale-randm-tornado-10000-puffs-plus\/\"><span style=\"vertical-align: inherit\">Tornado 10000 potah\u016f<\/span><\/a><span style=\"vertical-align: inherit\">\/ <\/span><a href=\"https:\/\/vapebulkp.com\/cs\/product\/wholesale-randm-tornado-9000-puffs-germany\/\"><span style=\"vertical-align: inherit\">RandM 9000 Puffs<\/span><\/a><span style=\"vertical-align: inherit\">\/ <\/span><a href=\"https:\/\/vapebulkp.com\/cs\/product\/wholesale-kulx-8000-puffs-disposable-vape\/\"><span style=\"vertical-align: inherit\">Kulx 8000 Puffs<\/span><\/a><\/p>\n<p><span style=\"vertical-align: inherit\">E-cigaretov\u00e1 l\u00e1hev speci\u00e1ln\u00edho tvaru:<\/span><a href=\"https:\/\/vapebulkp.com\/cs\/product\/popular-kulx-10000puffs-disposable-vape-good-price\/\"><span style=\"vertical-align: inherit\">Kulx 10000 potah\u016f <\/span><\/a><span style=\"vertical-align: inherit\">\/ <\/span><a href=\"https:\/\/vapebulkp.com\/cs\/product\/popular-bang-king-10000-puffs-vape-good-price\/\"><span style=\"vertical-align: inherit\">Bang King 10000 potah\u016f <\/span><\/a><span style=\"vertical-align: inherit\">\/<\/span><a href=\"https:\/\/vapebulkp.com\/cs\/product\/disposable-vape-crystal-600-puffs\/\"><span style=\"vertical-align: inherit\">\u00a0Crysatl 600 potah\u016f<\/span><\/a><\/p>\n<h4>Podrobnosti o p\u0159eprav\u011b:<\/h4>\n<p><span style=\"color: #ff6600\">Doba v\u00fdroby: 5-10 pracovn\u00edch dn\u016f<\/span><br \/>\n<span style=\"color: #ff6600\">Doba p\u0159epravy: 8-14 pracovn\u00edch dn\u016f<\/span><\/p>\n<p>V\u0161echny produkty v na\u0161em obchod\u011b jsou 100% origin\u00e1ln\u00ed a autentick\u00e9, tak\u017ee desetin\u00e1sobn\u00e1 n\u00e1hrada za pad\u011blky je na\u0161\u00ed obchodn\u00ed politikou. K doru\u010den\u00ed zbo\u017e\u00ed pou\u017e\u00edv\u00e1me logistick\u00e9 kan\u00e1ly jako UPS\/DHL\/FEDEX\/DPD.<\/p>\n<p>Pro z\u00e1silky odeslan\u00e9 do \u010cesk\u00e9 republiky obvykle trv\u00e1 doru\u010den\u00ed 10 pracovn\u00edch dn\u016f. Doru\u010den\u00ed do evropsk\u00fdch zem\u00ed obvykle trv\u00e1 12 a\u017e 15 pracovn\u00edch dn\u016f. Logistick\u00e9 informace pro v\u00e1s budeme aktualizovat v re\u00e1ln\u00e9m \u010dase.<\/p>","protected":false},"excerpt":{"rendered":"<p>Ten <strong data-start=\"186\" data-end=\"222\">Velkoobchod s Kulx 10000 tah\u016f Vape<\/strong> nab\u00edz\u00ed dlouhotrvaj\u00edc\u00ed v\u00fdkon bez nutnosti dopl\u0148ov\u00e1n\u00ed nebo v\u00fdm\u011bny spir\u00e1lek. Navr\u017eeno pro pohodl\u00ed, toto <strong data-start=\"325\" data-end=\"363\">Jednor\u00e1zov\u00e1 E-cigareta s 10k tahy<\/strong> p\u0159ich\u00e1z\u00ed p\u0159edpln\u011bn\u00e1 18ml pr\u00e9miov\u00e9 e-liquidu s nikotinovou sol\u00ed, k dispozici v s\u00edl\u00e1ch 0%, 2%, 3% a 5%. S a\u017e 10 000 tahy na za\u0159\u00edzen\u00ed nab\u00edz\u00ed konzistentn\u00ed chu\u0165, jemnou p\u00e1ru a bezprobl\u00e9movou mo\u017enost vapov\u00e1n\u00ed, ide\u00e1ln\u00ed pro ka\u017edodenn\u00ed pou\u017eit\u00ed i pro velkoobchodn\u00ed dod\u00e1vky na trhu v cel\u00e9 Evropsk\u00e9 unii.<\/p>\n<p><img decoding=\"async\" class=\"alignnone wp-image-2151\" src=\"http:\/\/vapebulkp.com\/wp-content\/uploads\/2024\/04\/Mandy-WhatsApp-Randm.jpg\" alt=\"Mandy WhatsApp Randm\" width=\"221\" height=\"235\" srcset=\"https:\/\/vapebulkp.com\/wp-content\/uploads\/2024\/04\/Mandy-WhatsApp-Randm.jpg 916w, https:\/\/vapebulkp.com\/wp-content\/uploads\/2024\/04\/Mandy-WhatsApp-Randm-282x300.jpg 282w, https:\/\/vapebulkp.com\/wp-content\/uploads\/2024\/04\/Mandy-WhatsApp-Randm-768x817.jpg 768w, https:\/\/vapebulkp.com\/wp-content\/uploads\/2024\/04\/Mandy-WhatsApp-Randm-600x638.jpg 600w\" sizes=\"(max-width: 221px) 100vw, 221px\" \/><\/p>\n<p>Pro slevu pros\u00edm kontaktujte Mandy p\u0159es WhatsApp<a href=\"https:\/\/wa.me\/8618077105796\">+8618077105796<\/a><\/p>\n<p><span style=\"color: #ff0000\">POZN\u00c1MKA: Ceny na na\u0161em webu nezahrnuj\u00ed n\u00e1klady na dopravu<\/span><\/p>","protected":false},"featured_media":1662,"comment_status":"open","ping_status":"closed","template":"","meta":{"_uag_custom_page_level_css":"","_lmt_disableupdate":"no","_lmt_disable":"","site-sidebar-layout":"default","site-content-layout":"content-boxed-container","ast-site-content-layout":"normal-width-container","site-content-style":"boxed","site-sidebar-style":"unboxed","ast-global-header-display":"","ast-banner-title-visibility":"","ast-main-header-display":"","ast-hfb-above-header-display":"","ast-hfb-below-header-display":"","ast-hfb-mobile-header-display":"","site-post-title":"","ast-breadcrumbs-content":"","ast-featured-img":"","footer-sml-layout":"","theme-transparent-header-meta":"default","adv-header-id-meta":"","stick-header-meta":"","header-above-stick-meta":"","header-main-stick-meta":"","header-below-stick-meta":"","astra-migrate-meta-layouts":"set","_joinchat":[]},"product_cat":[167,153,155,33,59,100,98,34,158,157,154,152,58,84,156,63,32],"product_tag":[43,36,37,41,40],"class_list":["post-1503","product","type-product","status-publish","has-post-thumbnail","hentry","product_cat-10000-puffs-disposable-vape","product_cat-hot-disposable-vapes","product_cat-belgium-hot-disposable-vapes","product_cat-france-vape-hot-sale","product_cat-germany-hot-disposable-vape","product_cat-germany-wholesale-vape-shop","product_cat-moq-100pcs","product_cat-netherlands-vape-good-sale","product_cat-norway-hot-disposable-vapes","product_cat-poland-hot-disposable-vapes","product_cat-portugal-hot-disposable-vapes","product_cat-spain-hot-disposable-vapes","product_cat-sweden-hot-disposable-vape","product_cat-sweden-wholesale-vape","product_cat-switzerland-hot-disposable-vapes","product_cat-top-sale-disposable-vape","product_cat-vape-hot-sale-this-week","product_tag-10000puffs","product_tag-good-vape","product_tag-hot-sale-disposable-vape","product_tag-poland-hot-vape","product_tag-sweden-hot-vape","desktop-align-left","tablet-align-left","mobile-align-left"],"yoast_head":"<!-- This site is optimized with the Yoast SEO plugin v21.1 - https:\/\/yoast.com\/wordpress\/plugins\/seo\/ -->\n<title>Popular Kulx 10000Puffs Disposable Vape Good Price - vapebulkp.com<\/title>\n<meta name=\"description\" content=\"Shop the Kulx 10000 Puffs Disposable Vape with premium e-liquid and nicotine salt. A long-lasting disposable vape with Type-C charging for wholesale EU orders.\" \/>\n<meta name=\"robots\" content=\"index, follow, max-snippet:-1, max-image-preview:large, max-video-preview:-1\" \/>\n<link rel=\"canonical\" href=\"https:\/\/vapebulkp.com\/cs\/product\/popular-kulx-10000puffs-disposable-vape-good-price\/\" \/>\n<meta property=\"og:locale\" content=\"cs_CZ\" \/>\n<meta property=\"og:type\" content=\"article\" \/>\n<meta property=\"og:title\" content=\"Popular Kulx 10000Puffs Disposable Vape Good Price - vapebulkp.com\" \/>\n<meta property=\"og:description\" content=\"Shop the Kulx 10000 Puffs Disposable Vape with premium e-liquid and nicotine salt. A long-lasting disposable vape with Type-C charging for wholesale EU orders.\" \/>\n<meta property=\"og:url\" content=\"https:\/\/vapebulkp.com\/cs\/product\/popular-kulx-10000puffs-disposable-vape-good-price\/\" \/>\n<meta property=\"og:site_name\" content=\"vapebulkp.com\" \/>\n<meta property=\"article:modified_time\" content=\"2025-09-08T02:52:42+00:00\" \/>\n<meta property=\"og:image\" content=\"http:\/\/vapebulkp.com\/wp-content\/uploads\/2023\/09\/KULX-10000-VAPE-POD-NEAR-ME-1.jpg\" \/>\n\t<meta property=\"og:image:width\" content=\"2196\" \/>\n\t<meta property=\"og:image:height\" content=\"2196\" \/>\n\t<meta property=\"og:image:type\" content=\"image\/jpeg\" \/>\n<meta name=\"twitter:card\" content=\"summary_large_image\" \/>\n<meta name=\"twitter:label1\" content=\"Odhadovan\u00e1 doba \u010dten\u00ed\" \/>\n\t<meta name=\"twitter:data1\" content=\"3 minuty\" \/>\n<script type=\"application\/ld+json\" class=\"yoast-schema-graph\">{\"@context\":\"https:\/\/schema.org\",\"@graph\":[{\"@type\":\"WebPage\",\"@id\":\"https:\/\/vapebulkp.com\/product\/popular-kulx-10000puffs-disposable-vape-good-price\/\",\"url\":\"https:\/\/vapebulkp.com\/product\/popular-kulx-10000puffs-disposable-vape-good-price\/\",\"name\":\"Popular Kulx 10000Puffs Disposable Vape Good Price - vapebulkp.com\",\"isPartOf\":{\"@id\":\"https:\/\/vapebulkp.com\/#website\"},\"datePublished\":\"2023-09-20T01:56:27+00:00\",\"dateModified\":\"2025-09-08T02:52:42+00:00\",\"description\":\"Shop the Kulx 10000 Puffs Disposable Vape with premium e-liquid and nicotine salt. A long-lasting disposable vape with Type-C charging for wholesale EU orders.\",\"breadcrumb\":{\"@id\":\"https:\/\/vapebulkp.com\/product\/popular-kulx-10000puffs-disposable-vape-good-price\/#breadcrumb\"},\"inLanguage\":\"cs\",\"potentialAction\":[{\"@type\":\"ReadAction\",\"target\":[\"https:\/\/vapebulkp.com\/product\/popular-kulx-10000puffs-disposable-vape-good-price\/\"]}]},{\"@type\":\"BreadcrumbList\",\"@id\":\"https:\/\/vapebulkp.com\/product\/popular-kulx-10000puffs-disposable-vape-good-price\/#breadcrumb\",\"itemListElement\":[{\"@type\":\"ListItem\",\"position\":1,\"name\":\"Home\",\"item\":\"https:\/\/vapebulkp.com\/\"},{\"@type\":\"ListItem\",\"position\":2,\"name\":\"Hot Trend Vapes\",\"item\":\"https:\/\/vapebulkp.com\/vape-shop\/\"},{\"@type\":\"ListItem\",\"position\":3,\"name\":\"Popular Kulx 10000Puffs Disposable Vape Good Price\"}]},{\"@type\":\"WebSite\",\"@id\":\"https:\/\/vapebulkp.com\/#website\",\"url\":\"https:\/\/vapebulkp.com\/\",\"name\":\"vapebulkp.com\",\"description\":\"Buy Vape In Cheap Bulk Price Near you\",\"publisher\":{\"@id\":\"https:\/\/vapebulkp.com\/#organization\"},\"potentialAction\":[{\"@type\":\"SearchAction\",\"target\":{\"@type\":\"EntryPoint\",\"urlTemplate\":\"https:\/\/vapebulkp.com\/?s={search_term_string}\"},\"query-input\":\"required name=search_term_string\"}],\"inLanguage\":\"cs\"},{\"@type\":\"Organization\",\"@id\":\"https:\/\/vapebulkp.com\/#organization\",\"name\":\"vapebulkp.com\",\"url\":\"https:\/\/vapebulkp.com\/\",\"logo\":{\"@type\":\"ImageObject\",\"inLanguage\":\"cs\",\"@id\":\"https:\/\/vapebulkp.com\/#\/schema\/logo\/image\/\",\"url\":\"https:\/\/vapebulkp.com\/wp-content\/uploads\/2023\/09\/cropped-vapebulkp.png\",\"contentUrl\":\"https:\/\/vapebulkp.com\/wp-content\/uploads\/2023\/09\/cropped-vapebulkp.png\",\"width\":516,\"height\":163,\"caption\":\"vapebulkp.com\"},\"image\":{\"@id\":\"https:\/\/vapebulkp.com\/#\/schema\/logo\/image\/\"}}]}<\/script>\n<!-- \/ Yoast SEO plugin. -->","yoast_head_json":{"title":"Popular Kulx 10000Puffs Disposable Vape Good Price - vapebulkp.com","description":"Shop the Kulx 10000 Puffs Disposable Vape with premium e-liquid and nicotine salt. A long-lasting disposable vape with Type-C charging for wholesale EU orders.","robots":{"index":"index","follow":"follow","max-snippet":"max-snippet:-1","max-image-preview":"max-image-preview:large","max-video-preview":"max-video-preview:-1"},"canonical":"https:\/\/vapebulkp.com\/cs\/product\/popular-kulx-10000puffs-disposable-vape-good-price\/","og_locale":"cs_CZ","og_type":"article","og_title":"Popular Kulx 10000Puffs Disposable Vape Good Price - vapebulkp.com","og_description":"Shop the Kulx 10000 Puffs Disposable Vape with premium e-liquid and nicotine salt. A long-lasting disposable vape with Type-C charging for wholesale EU orders.","og_url":"https:\/\/vapebulkp.com\/cs\/product\/popular-kulx-10000puffs-disposable-vape-good-price\/","og_site_name":"vapebulkp.com","article_modified_time":"2025-09-08T02:52:42+00:00","og_image":[{"width":2196,"height":2196,"url":"http:\/\/vapebulkp.com\/wp-content\/uploads\/2023\/09\/KULX-10000-VAPE-POD-NEAR-ME-1.jpg","type":"image\/jpeg"}],"twitter_card":"summary_large_image","twitter_misc":{"Odhadovan\u00e1 doba \u010dten\u00ed":"3 minuty"},"schema":{"@context":"https:\/\/schema.org","@graph":[{"@type":"WebPage","@id":"https:\/\/vapebulkp.com\/product\/popular-kulx-10000puffs-disposable-vape-good-price\/","url":"https:\/\/vapebulkp.com\/product\/popular-kulx-10000puffs-disposable-vape-good-price\/","name":"Popular Kulx 10000Puffs Disposable Vape Good Price - vapebulkp.com","isPartOf":{"@id":"https:\/\/vapebulkp.com\/#website"},"datePublished":"2023-09-20T01:56:27+00:00","dateModified":"2025-09-08T02:52:42+00:00","description":"Shop the Kulx 10000 Puffs Disposable Vape with premium e-liquid and nicotine salt. A long-lasting disposable vape with Type-C charging for wholesale EU orders.","breadcrumb":{"@id":"https:\/\/vapebulkp.com\/product\/popular-kulx-10000puffs-disposable-vape-good-price\/#breadcrumb"},"inLanguage":"cs","potentialAction":[{"@type":"ReadAction","target":["https:\/\/vapebulkp.com\/product\/popular-kulx-10000puffs-disposable-vape-good-price\/"]}]},{"@type":"BreadcrumbList","@id":"https:\/\/vapebulkp.com\/product\/popular-kulx-10000puffs-disposable-vape-good-price\/#breadcrumb","itemListElement":[{"@type":"ListItem","position":1,"name":"Home","item":"https:\/\/vapebulkp.com\/"},{"@type":"ListItem","position":2,"name":"Hot Trend Vapes","item":"https:\/\/vapebulkp.com\/vape-shop\/"},{"@type":"ListItem","position":3,"name":"Popular Kulx 10000Puffs Disposable Vape Good Price"}]},{"@type":"WebSite","@id":"https:\/\/vapebulkp.com\/#website","url":"https:\/\/vapebulkp.com\/","name":"vapebulkp.com","description":"Buy Vape In Cheap Bulk Price Near you","publisher":{"@id":"https:\/\/vapebulkp.com\/#organization"},"potentialAction":[{"@type":"SearchAction","target":{"@type":"EntryPoint","urlTemplate":"https:\/\/vapebulkp.com\/?s={search_term_string}"},"query-input":"required name=search_term_string"}],"inLanguage":"cs"},{"@type":"Organization","@id":"https:\/\/vapebulkp.com\/#organization","name":"vapebulkp.com","url":"https:\/\/vapebulkp.com\/","logo":{"@type":"ImageObject","inLanguage":"cs","@id":"https:\/\/vapebulkp.com\/#\/schema\/logo\/image\/","url":"https:\/\/vapebulkp.com\/wp-content\/uploads\/2023\/09\/cropped-vapebulkp.png","contentUrl":"https:\/\/vapebulkp.com\/wp-content\/uploads\/2023\/09\/cropped-vapebulkp.png","width":516,"height":163,"caption":"vapebulkp.com"},"image":{"@id":"https:\/\/vapebulkp.com\/#\/schema\/logo\/image\/"}}]}},"uagb_featured_image_src":{"full":["https:\/\/vapebulkp.com\/wp-content\/uploads\/2023\/09\/KULX-10000-VAPE-POD-NEAR-ME-1.jpg",2196,2196,false],"thumbnail":["https:\/\/vapebulkp.com\/wp-content\/uploads\/2023\/09\/KULX-10000-VAPE-POD-NEAR-ME-1-150x150.jpg",150,150,true],"medium":["https:\/\/vapebulkp.com\/wp-content\/uploads\/2023\/09\/KULX-10000-VAPE-POD-NEAR-ME-1-300x300.jpg",300,300,true],"medium_large":["https:\/\/vapebulkp.com\/wp-content\/uploads\/2023\/09\/KULX-10000-VAPE-POD-NEAR-ME-1-768x768.jpg",768,768,true],"large":["https:\/\/vapebulkp.com\/wp-content\/uploads\/2023\/09\/KULX-10000-VAPE-POD-NEAR-ME-1-1024x1024.jpg",1024,1024,true],"1536x1536":["https:\/\/vapebulkp.com\/wp-content\/uploads\/2023\/09\/KULX-10000-VAPE-POD-NEAR-ME-1-1536x1536.jpg",1536,1536,true],"2048x2048":["https:\/\/vapebulkp.com\/wp-content\/uploads\/2023\/09\/KULX-10000-VAPE-POD-NEAR-ME-1-2048x2048.jpg",2048,2048,true],"trp-custom-language-flag":["https:\/\/vapebulkp.com\/wp-content\/uploads\/2023\/09\/KULX-10000-VAPE-POD-NEAR-ME-1.jpg",12,12,false],"woocommerce_thumbnail":["https:\/\/vapebulkp.com\/wp-content\/uploads\/2023\/09\/KULX-10000-VAPE-POD-NEAR-ME-1-300x300.jpg",300,300,true],"woocommerce_single":["https:\/\/vapebulkp.com\/wp-content\/uploads\/2023\/09\/KULX-10000-VAPE-POD-NEAR-ME-1-600x600.jpg",600,600,true],"woocommerce_gallery_thumbnail":["https:\/\/vapebulkp.com\/wp-content\/uploads\/2023\/09\/KULX-10000-VAPE-POD-NEAR-ME-1-100x100.jpg",100,100,true],"wcpr-photo-reviews":["https:\/\/vapebulkp.com\/wp-content\/uploads\/2023\/09\/KULX-10000-VAPE-POD-NEAR-ME-1.jpg",500,500,false]},"uagb_author_info":{"display_name":"Mandy vape bulk price","author_link":"https:\/\/vapebulkp.com\/cs\/author\/"},"uagb_comment_info":2,"uagb_excerpt":"The Kulx 10000 Puff Wholesale Vape delivers lasting performance with no refills or coil changes required. Designed for convenience, this 10k Puffs Disposable E-Cigarette comes pre-filled with 18ml of premium salt nicotine e-liquid, available in 0%, 2%, 3%, and 5% strengths. With up to 10,000 puffs per device, it offers consistent flavor, smooth vapor, and&hellip;","_links":{"self":[{"href":"https:\/\/vapebulkp.com\/cs\/wp-json\/wp\/v2\/product\/1503","targetHints":{"allow":["GET"]}}],"collection":[{"href":"https:\/\/vapebulkp.com\/cs\/wp-json\/wp\/v2\/product"}],"about":[{"href":"https:\/\/vapebulkp.com\/cs\/wp-json\/wp\/v2\/types\/product"}],"replies":[{"embeddable":true,"href":"https:\/\/vapebulkp.com\/cs\/wp-json\/wp\/v2\/comments?post=1503"}],"wp:featuredmedia":[{"embeddable":true,"href":"https:\/\/vapebulkp.com\/cs\/wp-json\/wp\/v2\/media\/1662"}],"wp:attachment":[{"href":"https:\/\/vapebulkp.com\/cs\/wp-json\/wp\/v2\/media?parent=1503"}],"wp:term":[{"taxonomy":"product_cat","embeddable":true,"href":"https:\/\/vapebulkp.com\/cs\/wp-json\/wp\/v2\/product_cat?post=1503"},{"taxonomy":"product_tag","embeddable":true,"href":"https:\/\/vapebulkp.com\/cs\/wp-json\/wp\/v2\/product_tag?post=1503"}],"curies":[{"name":"wp","href":"https:\/\/api.w.org\/{rel}","templated":true}]}}