{"id":1523,"date":"2023-09-20T05:18:44","date_gmt":"2023-09-20T03:18:44","guid":{"rendered":"https:\/\/vapebulkp.com\/?post_type=product&#038;p=1523"},"modified":"2025-09-16T11:23:39","modified_gmt":"2025-09-16T09:23:39","slug":"good-sale-randm-tornado-10000-puffs-plus","status":"publish","type":"product","link":"https:\/\/vapebulkp.com\/cs\/product\/good-sale-randm-tornado-10000-puffs-plus\/","title":{"rendered":"Dobr\u00e1 akce RandM Tornado 10000 potah\u016f Plus \u010cesk\u00e1 republika"},"content":{"rendered":"<h2>V\u00fdhodn\u00fd prodej RandM Tornado 10000 Puffs Plus<\/h2>\n<p data-start=\"139\" data-end=\"410\">Ten <strong data-start=\"143\" data-end=\"172\">RandM Torn\u00e1do 10000 potah\u016f<\/strong> je vysoce v\u00fdkonn\u00fd <strong data-start=\"195\" data-end=\"226\">10000 pot\u00e1hnut\u00ed jednor\u00e1zov\u00e1 e-cigareta<\/strong> vyrobeno pro evropsk\u00e9 nad\u0161ence do vapov\u00e1n\u00ed, kte\u0159\u00ed hledaj\u00ed pohodl\u00ed a kvalitu. P\u0159edpln\u011bno 20 ml pr\u00e9miov\u00e9 e-liquidu s nikotinovou sol\u00ed, poskytuje hladkou, plnou p\u00e1ru p\u0159i ka\u017ed\u00e9m pot\u00e1hnut\u00ed.<\/p>\n<p data-start=\"412\" data-end=\"709\">S 0,8\u03a9 <strong data-start=\"429\" data-end=\"447\">s\u00edtkov\u00e1 c\u00edvka vaporiz\u00e9r<\/strong> syst\u00e9mem a 850mAh dob\u00edjec\u00ed bateri\u00ed typu C, tento <strong data-start=\"503\" data-end=\"536\">jednor\u00e1zov\u00fd vape s vysokou kapacitou<\/strong> zaji\u0161\u0165uje konzistentn\u00ed chu\u0165 a uspokojiv\u00e9 hity do krku a\u017e po 10 000 pot\u00e1hnut\u00ed. K dispozici s obsahem nikotinu 2% a 5%, spl\u0148uje preference m\u00edrn\u00fdch i siln\u00fdch hit\u016f.<\/p>\n<p data-start=\"711\" data-end=\"983\">Kompaktn\u00ed a lehk\u00fd, <strong data-start=\"740\" data-end=\"785\">RandM Torn\u00e1do <a href=\"https:\/\/vapebulkp.com\/cs\/product-category\/10000-puffs-disposable-vape\/\">10000 pot\u00e1hnut\u00ed jednor\u00e1zov\u00e1 e-cigareta<\/a><\/strong> je vhodn\u00fd na cesty, snadno se p\u0159en\u00e1\u0161\u00ed a je p\u0159ipraven k pou\u017eit\u00ed kdekoli. Jeho ergonomick\u00fd design a robustn\u00ed v\u00fdkon ho \u010din\u00ed ide\u00e1ln\u00edm pro ka\u017edodenn\u00ed vapov\u00e1n\u00ed, spole\u010densk\u00e9 akce nebo velkoobchodn\u00ed distribuci po cel\u00e9 Evrop\u011b.<\/p>\n<h6 style=\"text-align: left\"><img decoding=\"async\" class=\"alignnone wp-image-1706\" src=\"http:\/\/vapebulkp.com\/wp-content\/uploads\/2023\/09\/randm-tornado-vape-10000-plus-1.jpg\" alt=\"randm-tornado-vape-10000-plus\" width=\"372\" height=\"372\" srcset=\"https:\/\/vapebulkp.com\/wp-content\/uploads\/2023\/09\/randm-tornado-vape-10000-plus-1.jpg 1000w, https:\/\/vapebulkp.com\/wp-content\/uploads\/2023\/09\/randm-tornado-vape-10000-plus-1-300x300.jpg 300w, https:\/\/vapebulkp.com\/wp-content\/uploads\/2023\/09\/randm-tornado-vape-10000-plus-1-150x150.jpg 150w, https:\/\/vapebulkp.com\/wp-content\/uploads\/2023\/09\/randm-tornado-vape-10000-plus-1-768x768.jpg 768w, https:\/\/vapebulkp.com\/wp-content\/uploads\/2023\/09\/randm-tornado-vape-10000-plus-1-600x600.jpg 600w, https:\/\/vapebulkp.com\/wp-content\/uploads\/2023\/09\/randm-tornado-vape-10000-plus-1-100x100.jpg 100w\" sizes=\"(max-width: 372px) 100vw, 372px\" \/><\/h6>\n<h6>Pro slevu pros\u00edm kontaktujte Mandy p\u0159es WhatsApp<a href=\"https:\/\/wa.me\/8618077105796\">+8618077105796<\/a><\/h6>\n<p><img decoding=\"async\" class=\"alignnone wp-image-2151\" src=\"http:\/\/vapebulkp.com\/wp-content\/uploads\/2024\/04\/Mandy-WhatsApp-Randm.jpg\" alt=\"Mandy WhatsApp Randm\" width=\"239\" height=\"254\" srcset=\"https:\/\/vapebulkp.com\/wp-content\/uploads\/2024\/04\/Mandy-WhatsApp-Randm.jpg 916w, https:\/\/vapebulkp.com\/wp-content\/uploads\/2024\/04\/Mandy-WhatsApp-Randm-282x300.jpg 282w, https:\/\/vapebulkp.com\/wp-content\/uploads\/2024\/04\/Mandy-WhatsApp-Randm-768x817.jpg 768w, https:\/\/vapebulkp.com\/wp-content\/uploads\/2024\/04\/Mandy-WhatsApp-Randm-600x638.jpg 600w\" sizes=\"(max-width: 239px) 100vw, 239px\" \/><\/p>\n<h2><span style=\"vertical-align: inherit\">Mo\u017en\u00e1 byste se r\u00e1di dozv\u011bd\u011bli v\u00edce o RandM Tornado 10000 Puffs Plus:<\/span><\/h2>\n<h5 class=\"style-scope ytd-watch-metadata\">1.Jak pou\u017e\u00edvat jednor\u00e1zovou e-cigaretu <span style=\"vertical-align: inherit\">\u00a0tornado 10000 pot\u00e1hnut\u00ed Plus <\/span>Vape pero?<\/h5>\n<p>Krok 1. P\u0159ed pou\u017eit\u00edm 10k pot\u00e1hnut\u00ed vyt\u00e1hn\u011bte plastovou trubi\u010dku.<\/p>\n<p>Krok 2. Po\u010dkejte asi 3 minuty, ne\u017e se \u0161\u0165\u00e1va dostane do c\u00edvky uvnit\u0159.<\/p>\n<p>Krok 3. U\u017eijte si to<\/p>\n<h5>2.Jak nab\u00edjet JEDNOR\u00c1ZOV\u00c9 VAPE<span style=\"vertical-align: inherit\">\u00a010000 potah\u016f plus <\/span>ZA\u0158\u00cdZEN\u00cd?<\/h5>\n<p>Nelze pou\u017e\u00edvat rychlonab\u00edje\u010dky, a standardn\u00ed bezpe\u010dn\u00fd v\u00fdkon jednor\u00e1zov\u00fdch e-cigaret je 5V 1A.<\/p>\n<p>Ka\u017ed\u00e9 nab\u00edjen\u00ed nesm\u00ed p\u0159es\u00e1hnout 1 hodinu, a bezpe\u010dn\u00e1 doba nab\u00edjen\u00ed je p\u016fl hodiny.<\/p>\n<p><span style=\"color: #ff6600\">Upozorn\u011bn\u00ed: nenab\u00edjejte celou noc!<\/span><\/p>\n<h5>3.Jak\u00e1 je kapacita e-liquidu u randm puff 10000?<\/h5>\n<p>\u2014\u201320ml<\/p>\n<h5>4.Kolik potah\u016f mohu ud\u011blat z tohoto randm torndao 10000 Puffs Plus?<\/h5>\n<p>\u2014\u201310000 potah\u016f plus<\/p>\n<h3><strong><span style=\"vertical-align: inherit\">Specifikace pro randm 10000 potah\u016f plus:<\/span><br \/>\n<\/strong><\/h3>\n<p>Baterie: 850 mAh (Type C)<br \/>\nKapacita: 20 ml<br \/>\nC\u00edvka: 0,8 ohm mesh<br \/>\nP\u0159ibli\u017en\u00fd objem potah\u016f: 10000 potah\u016f<br \/>\nPlus s\u00edla nikotinu: 21 % , 51 %<br \/>\nMOQ: 100ks<\/p>\n<h3><strong>\u00a0Nejlep\u0161\u00ed p\u0159\u00edchut\u011b randm vape 10000 potah\u016f Plus:<\/strong><\/h3>\n<p><strong>1 Chladiv\u00e1 m\u00e1ta<br \/>\n2 Sv\u011b\u017e\u00ed led<br \/>\n3 Medv\u00eddci<br \/>\n4 Bor\u016fvkov\u00fd led<br \/>\n5 Hroznov\u00fd led<br \/>\n6 R\u016f\u017eov\u00e1 limon\u00e1da<br \/>\n7 Sm\u011bs bobul\u00ed<br \/>\n8 Jahoda Meloun <\/strong><\/p>\n<p><strong>9.\u010cerven\u00e9 jablko 10<br \/>\n10. jahoda kiwi<br \/>\n11 Bor\u016fvkov\u00e1 \u017ev\u00fdka\u010dka<br \/>\n12 Kysel\u00e9 modr\u00e9 maliny<br \/>\n13 Dr. Lan<br \/>\n14 Broskev Mango<br \/>\n15 Jahodov\u00fd led<br \/>\n16 Ramblaz led<br \/>\n17 Ananasov\u00fd led<br \/>\n18 t\u0159e\u0161n\u00ed<br \/>\n19 Broskvov\u00fd led<br \/>\n20 malinov\u00fd meloun<br \/>\n21 bor\u016fvky maliny<\/strong><\/p>\n<p><span style=\"vertical-align: inherit\">Najd\u011bte dal\u0161\u00ed produkty, kter\u00e9 by se v\u00e1m mohly l\u00edbit:<\/span><em><a href=\"https:\/\/wa.me\/8618077105796\"><span style=\"vertical-align: inherit\">\u00a0Kupte to te\u010f<\/span><\/a><\/em><\/p>\n<p><span style=\"vertical-align: inherit\">Dal\u0161\u00ed potahy, kter\u00e9 by se v\u00e1m mohly l\u00edbit:<\/span><a href=\"https:\/\/vapebulkp.com\/cs\/product\/wholesale-price-og-super-smash-10000-puffs-disposable-vape\/\"><span style=\"vertical-align: inherit\">OG Smash 10000 potah\u016f<\/span><\/a><span style=\"vertical-align: inherit\">\u3001<\/span><a href=\"https:\/\/vapebulkp.com\/cs\/product\/good-sale-randm-tornado-10000-puffs-plus\/\"><span style=\"vertical-align: inherit\">RandM Torn\u00e1do 10000 potah\u016f<\/span><\/a><span style=\"vertical-align: inherit\">\/ <\/span><a href=\"https:\/\/vapebulkp.com\/cs\/product\/popular-kulx-10000puffs-disposable-vape-good-price\/\"><span style=\"vertical-align: inherit\">Kulx 10000 potah\u016f<\/span><\/a><span style=\"vertical-align: inherit\">\/ <\/span><a href=\"https:\/\/vapebulkp.com\/cs\/product\/wholesale-randm-vape-9000-puffs-germany\/\"><span style=\"vertical-align: inherit\">RandM Tornado 9000 potah\u016f<\/span><\/a><\/p>\n<p><span style=\"vertical-align: inherit\">E-cigaretov\u00e1 l\u00e1hev speci\u00e1ln\u00edho tvaru:<\/span><a href=\"https:\/\/vapebulkp.com\/cs\/product\/wholesale-tornado-rum-bar-9000-puffs-sweden\/\"><span style=\"vertical-align: inherit\">Rumbar 9000 potah\u016f<\/span><\/a><span style=\"vertical-align: inherit\">\/ <\/span><a href=\"https:\/\/vapebulkp.com\/cs\/product\/popular-bang-king-10000-puffs-vape-good-price\/\"><span style=\"vertical-align: inherit\">RGB sv\u011btla<\/span><\/a><span style=\"vertical-align: inherit\">\/<\/span><a href=\"https:\/\/vapebulkp.com\/cs\/product\/top-sale-waspe-12000puffs-disposable-vape-wholesale-france\/\"><span style=\"vertical-align: inherit\">WASPE 12000 potah\u016f <\/span><\/a><\/p>\n<h5>Kvalifikace v\u00fdroby:<\/h5>\n<p><img decoding=\"async\" class=\"alignnone size-full wp-image-1841\" src=\"http:\/\/vapebulkp.com\/wp-content\/uploads\/2023\/11\/Vape-production-process-2.jpeg\" alt=\"Proces v\u00fdroby vape\" width=\"650\" height=\"434\" srcset=\"https:\/\/vapebulkp.com\/wp-content\/uploads\/2023\/11\/Vape-production-process-2.jpeg 650w, https:\/\/vapebulkp.com\/wp-content\/uploads\/2023\/11\/Vape-production-process-2-300x200.jpeg 300w, https:\/\/vapebulkp.com\/wp-content\/uploads\/2023\/11\/Vape-production-process-2-600x401.jpeg 600w\" sizes=\"(max-width: 650px) 100vw, 650px\" \/><\/p>\n<p><img decoding=\"async\" class=\"alignnone size-full wp-image-1843\" src=\"http:\/\/vapebulkp.com\/wp-content\/uploads\/2023\/11\/Vape-production-process.jpeg\" alt=\"Proces v\u00fdroby vape\" width=\"641\" height=\"1026\" srcset=\"https:\/\/vapebulkp.com\/wp-content\/uploads\/2023\/11\/Vape-production-process.jpeg 641w, https:\/\/vapebulkp.com\/wp-content\/uploads\/2023\/11\/Vape-production-process-187x300.jpeg 187w, https:\/\/vapebulkp.com\/wp-content\/uploads\/2023\/11\/Vape-production-process-640x1024.jpeg 640w, https:\/\/vapebulkp.com\/wp-content\/uploads\/2023\/11\/Vape-production-process-600x960.jpeg 600w\" sizes=\"(max-width: 641px) 100vw, 641px\" \/><\/p>\n<h5>Nej\u010dast\u011bj\u0161\u00ed dotazy:<\/h5>\n<p>Ot\u00e1zka: Jak\u00e9 je minim\u00e1ln\u00ed objednac\u00ed mno\u017estv\u00ed pro RandM Tornado 10000?<br \/>\nOdpov\u011b\u010f: Minim\u00e1ln\u00ed objedn\u00e1vka je 100 ks.<br \/>\nOt\u00e1zka: Jak\u00e1 je dodac\u00ed lh\u016fta pro objednan\u00e9 vape RandM?<br \/>\nOdpov\u011b\u010f: Obvykle je to 10-15 dn\u00ed po odesl\u00e1n\u00ed.<br \/>\nOt\u00e1zka: Kolik stoj\u00ed doprava? Odpov\u011b\u010f: Cena dopravy z\u00e1vis\u00ed na hmotnosti. R\u016fzn\u00e1 mno\u017estv\u00ed maj\u00ed r\u016fzn\u00e9 n\u00e1klady na dopravu, kontaktujte n\u00e1s pros\u00edm pro potvrzen\u00ed n\u00e1klad\u016f na dopravu.<\/p>\n<h4>Podrobnosti o p\u0159eprav\u011b:<\/h4>\n<p><span style=\"color: #ff6600\">Doba v\u00fdroby: 5-10 pracovn\u00edch dn\u016f<\/span><br \/>\n<span style=\"color: #ff6600\">Doba p\u0159epravy: 8-14 pracovn\u00edch dn\u016f<\/span><\/p>\n<p>V\u0161echny produkty v na\u0161em obchod\u011b jsou 100% origin\u00e1ln\u00ed a autentick\u00e9, tak\u017ee desetin\u00e1sobn\u00e1 n\u00e1hrada za pad\u011blky je na\u0161\u00ed obchodn\u00ed politikou. K doru\u010den\u00ed zbo\u017e\u00ed pou\u017e\u00edv\u00e1me logistick\u00e9 kan\u00e1ly jako UPS\/DHL\/FEDEX\/DPD.<\/p>\n<p>Pro z\u00e1silky odeslan\u00e9 do \u010cesk\u00e9 republiky obvykle trv\u00e1 doru\u010den\u00ed 10 pracovn\u00edch dn\u016f. Doru\u010den\u00ed do evropsk\u00fdch zem\u00ed obvykle trv\u00e1 12 a\u017e 15 pracovn\u00edch dn\u016f. Logistick\u00e9 informace pro v\u00e1s budeme aktualizovat v re\u00e1ln\u00e9m \u010dase.<\/p>","protected":false},"excerpt":{"rendered":"<p>V\u00edtejte v budoucnosti vapov\u00e1n\u00ed s jednor\u00e1zovou e-cigaretou RandM Tornado 10000 Puffs Plus. Toto pozoruhodn\u00e9 za\u0159\u00edzen\u00ed nab\u00edz\u00ed neuv\u011b\u0159iteln\u00fdch 10 000 pot\u00e1hnut\u00ed v elegantn\u00edm jednor\u00e1zov\u00e9m balen\u00ed, kter\u00e9 vaper\u016fm poskytuje jedine\u010dn\u00e9 pohodl\u00ed a chu\u0165. Rozlu\u010dte se s probl\u00e9my tradi\u010dn\u00edho vapov\u00e1n\u00ed a p\u0159iv\u00edtejte nov\u00fd zp\u016fsob, jak si u\u017e\u00edvat sv\u00e9 obl\u00edben\u00e9 chut\u011b.<\/p>\n<p>Popul\u00e1rn\u00ed randm torndado dobr\u00fd vape<\/p>\n<p>Nejprod\u00e1van\u011bj\u0161\u00ed randm vape 10000 pot\u00e1hnut\u00ed<\/p>\n<p><a href=\"http:\/\/Randm obchod s vapem\">http:\/\/Randm obchod s vapem<\/a><\/p>\n<p><img decoding=\"async\" class=\"alignnone wp-image-2151\" src=\"http:\/\/vapebulkp.com\/wp-content\/uploads\/2024\/04\/Mandy-WhatsApp-Randm.jpg\" alt=\"Mandy WhatsApp Randm\" width=\"255\" height=\"271\" srcset=\"https:\/\/vapebulkp.com\/wp-content\/uploads\/2024\/04\/Mandy-WhatsApp-Randm.jpg 916w, https:\/\/vapebulkp.com\/wp-content\/uploads\/2024\/04\/Mandy-WhatsApp-Randm-282x300.jpg 282w, https:\/\/vapebulkp.com\/wp-content\/uploads\/2024\/04\/Mandy-WhatsApp-Randm-768x817.jpg 768w, https:\/\/vapebulkp.com\/wp-content\/uploads\/2024\/04\/Mandy-WhatsApp-Randm-600x638.jpg 600w\" sizes=\"(max-width: 255px) 100vw, 255px\" \/><\/p>\n<p>Pro slevu pros\u00edm kontaktujte Mandy p\u0159es WhatsApp<a href=\"https:\/\/wa.me\/8618077105796\">+8618077105796<\/a><\/p>\n<p><span style=\"color: #ff0000\">POZN\u00c1MKA: Ceny na na\u0161em webu nezahrnuj\u00ed n\u00e1klady na dopravu<\/span><\/p>","protected":false},"featured_media":1541,"comment_status":"open","ping_status":"closed","template":"","meta":{"_uag_custom_page_level_css":"","_lmt_disableupdate":"no","_lmt_disable":"","site-sidebar-layout":"default","site-content-layout":"content-boxed-container","ast-site-content-layout":"normal-width-container","site-content-style":"boxed","site-sidebar-style":"unboxed","ast-global-header-display":"","ast-banner-title-visibility":"","ast-main-header-display":"","ast-hfb-above-header-display":"","ast-hfb-below-header-display":"","ast-hfb-mobile-header-display":"","site-post-title":"","ast-breadcrumbs-content":"","ast-featured-img":"","footer-sml-layout":"","theme-transparent-header-meta":"default","adv-header-id-meta":"","stick-header-meta":"","header-above-stick-meta":"","header-main-stick-meta":"","header-below-stick-meta":"","astra-migrate-meta-layouts":"set","_joinchat":[]},"product_cat":[167,153,155,33,352,59,100,87,34,158,157,154,152,58,84,156,63,32],"product_tag":[49,36,37,41,74,40],"class_list":["post-1523","product","type-product","status-publish","has-post-thumbnail","hentry","product_cat-10000-puffs-disposable-vape","product_cat-hot-disposable-vapes","product_cat-belgium-hot-disposable-vapes","product_cat-france-vape-hot-sale","product_cat-fumot-vapes","product_cat-germany-hot-disposable-vape","product_cat-germany-wholesale-vape-shop","product_cat-minimum-order-quantity-50pcs","product_cat-netherlands-vape-good-sale","product_cat-norway-hot-disposable-vapes","product_cat-poland-hot-disposable-vapes","product_cat-portugal-hot-disposable-vapes","product_cat-spain-hot-disposable-vapes","product_cat-sweden-hot-disposable-vape","product_cat-sweden-wholesale-vape","product_cat-switzerland-hot-disposable-vapes","product_cat-top-sale-disposable-vape","product_cat-vape-hot-sale-this-week","product_tag-10000puffs-plus","product_tag-good-vape","product_tag-hot-sale-disposable-vape","product_tag-poland-hot-vape","product_tag-randm-vape","product_tag-sweden-hot-vape","pa_brand-fumot-vape","desktop-align-left","tablet-align-left","mobile-align-left"],"yoast_head":"<!-- This site is optimized with the Yoast SEO plugin v21.1 - https:\/\/yoast.com\/wordpress\/plugins\/seo\/ -->\n<title>Good Sale RandM Tornado 10000 Puffs Plus Germany - vapebulkp.com<\/title>\n<meta name=\"description\" content=\"RandM Tornado 10000 Puffs Plus Vape ergonomic design fits perfectly in your hand and is compact enough to slip into your pocket or purse.\" \/>\n<meta name=\"robots\" content=\"index, follow, max-snippet:-1, max-image-preview:large, max-video-preview:-1\" \/>\n<link rel=\"canonical\" href=\"https:\/\/vapebulkp.com\/cs\/product\/good-sale-randm-tornado-10000-puffs-plus\/\" \/>\n<meta property=\"og:locale\" content=\"cs_CZ\" \/>\n<meta property=\"og:type\" content=\"article\" \/>\n<meta property=\"og:title\" content=\"Good Sale RandM Tornado 10000 Puffs Plus Germany - vapebulkp.com\" \/>\n<meta property=\"og:description\" content=\"RandM Tornado 10000 Puffs Plus Vape ergonomic design fits perfectly in your hand and is compact enough to slip into your pocket or purse.\" \/>\n<meta property=\"og:url\" content=\"https:\/\/vapebulkp.com\/cs\/product\/good-sale-randm-tornado-10000-puffs-plus\/\" \/>\n<meta property=\"og:site_name\" content=\"vapebulkp.com\" \/>\n<meta property=\"article:modified_time\" content=\"2025-09-16T09:23:39+00:00\" \/>\n<meta property=\"og:image\" content=\"http:\/\/vapebulkp.com\/wp-content\/uploads\/2023\/09\/76612692f100d93cac6618a626c666e.jpg\" \/>\n\t<meta property=\"og:image:width\" content=\"1080\" \/>\n\t<meta property=\"og:image:height\" content=\"1920\" \/>\n\t<meta property=\"og:image:type\" content=\"image\/jpeg\" \/>\n<meta name=\"twitter:card\" content=\"summary_large_image\" \/>\n<meta name=\"twitter:label1\" content=\"Odhadovan\u00e1 doba \u010dten\u00ed\" \/>\n\t<meta name=\"twitter:data1\" content=\"4 minuty\" \/>\n<script type=\"application\/ld+json\" class=\"yoast-schema-graph\">{\"@context\":\"https:\/\/schema.org\",\"@graph\":[{\"@type\":\"WebPage\",\"@id\":\"https:\/\/vapebulkp.com\/product\/good-sale-randm-tornado-10000-puffs-plus\/\",\"url\":\"https:\/\/vapebulkp.com\/product\/good-sale-randm-tornado-10000-puffs-plus\/\",\"name\":\"Good Sale RandM Tornado 10000 Puffs Plus Germany - vapebulkp.com\",\"isPartOf\":{\"@id\":\"https:\/\/vapebulkp.com\/#website\"},\"datePublished\":\"2023-09-20T03:18:44+00:00\",\"dateModified\":\"2025-09-16T09:23:39+00:00\",\"description\":\"RandM Tornado 10000 Puffs Plus Vape ergonomic design fits perfectly in your hand and is compact enough to slip into your pocket or purse.\",\"breadcrumb\":{\"@id\":\"https:\/\/vapebulkp.com\/product\/good-sale-randm-tornado-10000-puffs-plus\/#breadcrumb\"},\"inLanguage\":\"cs\",\"potentialAction\":[{\"@type\":\"ReadAction\",\"target\":[\"https:\/\/vapebulkp.com\/product\/good-sale-randm-tornado-10000-puffs-plus\/\"]}]},{\"@type\":\"BreadcrumbList\",\"@id\":\"https:\/\/vapebulkp.com\/product\/good-sale-randm-tornado-10000-puffs-plus\/#breadcrumb\",\"itemListElement\":[{\"@type\":\"ListItem\",\"position\":1,\"name\":\"Home\",\"item\":\"https:\/\/vapebulkp.com\/\"},{\"@type\":\"ListItem\",\"position\":2,\"name\":\"Hot Trend Vapes\",\"item\":\"https:\/\/vapebulkp.com\/vape-shop\/\"},{\"@type\":\"ListItem\",\"position\":3,\"name\":\"Good Sale RandM Tornado 10000 Puffs Plus Germany\"}]},{\"@type\":\"WebSite\",\"@id\":\"https:\/\/vapebulkp.com\/#website\",\"url\":\"https:\/\/vapebulkp.com\/\",\"name\":\"vapebulkp.com\",\"description\":\"Buy Vape In Cheap Bulk Price Near you\",\"publisher\":{\"@id\":\"https:\/\/vapebulkp.com\/#organization\"},\"potentialAction\":[{\"@type\":\"SearchAction\",\"target\":{\"@type\":\"EntryPoint\",\"urlTemplate\":\"https:\/\/vapebulkp.com\/?s={search_term_string}\"},\"query-input\":\"required name=search_term_string\"}],\"inLanguage\":\"cs\"},{\"@type\":\"Organization\",\"@id\":\"https:\/\/vapebulkp.com\/#organization\",\"name\":\"vapebulkp.com\",\"url\":\"https:\/\/vapebulkp.com\/\",\"logo\":{\"@type\":\"ImageObject\",\"inLanguage\":\"cs\",\"@id\":\"https:\/\/vapebulkp.com\/#\/schema\/logo\/image\/\",\"url\":\"https:\/\/vapebulkp.com\/wp-content\/uploads\/2023\/09\/cropped-vapebulkp.png\",\"contentUrl\":\"https:\/\/vapebulkp.com\/wp-content\/uploads\/2023\/09\/cropped-vapebulkp.png\",\"width\":516,\"height\":163,\"caption\":\"vapebulkp.com\"},\"image\":{\"@id\":\"https:\/\/vapebulkp.com\/#\/schema\/logo\/image\/\"}}]}<\/script>\n<!-- \/ Yoast SEO plugin. -->","yoast_head_json":{"title":"Good Sale RandM Tornado 10000 Puffs Plus Germany - vapebulkp.com","description":"RandM Tornado 10000 Puffs Plus Vape ergonomic design fits perfectly in your hand and is compact enough to slip into your pocket or purse.","robots":{"index":"index","follow":"follow","max-snippet":"max-snippet:-1","max-image-preview":"max-image-preview:large","max-video-preview":"max-video-preview:-1"},"canonical":"https:\/\/vapebulkp.com\/cs\/product\/good-sale-randm-tornado-10000-puffs-plus\/","og_locale":"cs_CZ","og_type":"article","og_title":"Good Sale RandM Tornado 10000 Puffs Plus Germany - vapebulkp.com","og_description":"RandM Tornado 10000 Puffs Plus Vape ergonomic design fits perfectly in your hand and is compact enough to slip into your pocket or purse.","og_url":"https:\/\/vapebulkp.com\/cs\/product\/good-sale-randm-tornado-10000-puffs-plus\/","og_site_name":"vapebulkp.com","article_modified_time":"2025-09-16T09:23:39+00:00","og_image":[{"width":1080,"height":1920,"url":"http:\/\/vapebulkp.com\/wp-content\/uploads\/2023\/09\/76612692f100d93cac6618a626c666e.jpg","type":"image\/jpeg"}],"twitter_card":"summary_large_image","twitter_misc":{"Odhadovan\u00e1 doba \u010dten\u00ed":"4 minuty"},"schema":{"@context":"https:\/\/schema.org","@graph":[{"@type":"WebPage","@id":"https:\/\/vapebulkp.com\/product\/good-sale-randm-tornado-10000-puffs-plus\/","url":"https:\/\/vapebulkp.com\/product\/good-sale-randm-tornado-10000-puffs-plus\/","name":"Good Sale RandM Tornado 10000 Puffs Plus Germany - vapebulkp.com","isPartOf":{"@id":"https:\/\/vapebulkp.com\/#website"},"datePublished":"2023-09-20T03:18:44+00:00","dateModified":"2025-09-16T09:23:39+00:00","description":"RandM Tornado 10000 Puffs Plus Vape ergonomic design fits perfectly in your hand and is compact enough to slip into your pocket or purse.","breadcrumb":{"@id":"https:\/\/vapebulkp.com\/product\/good-sale-randm-tornado-10000-puffs-plus\/#breadcrumb"},"inLanguage":"cs","potentialAction":[{"@type":"ReadAction","target":["https:\/\/vapebulkp.com\/product\/good-sale-randm-tornado-10000-puffs-plus\/"]}]},{"@type":"BreadcrumbList","@id":"https:\/\/vapebulkp.com\/product\/good-sale-randm-tornado-10000-puffs-plus\/#breadcrumb","itemListElement":[{"@type":"ListItem","position":1,"name":"Home","item":"https:\/\/vapebulkp.com\/"},{"@type":"ListItem","position":2,"name":"Hot Trend Vapes","item":"https:\/\/vapebulkp.com\/vape-shop\/"},{"@type":"ListItem","position":3,"name":"Good Sale RandM Tornado 10000 Puffs Plus Germany"}]},{"@type":"WebSite","@id":"https:\/\/vapebulkp.com\/#website","url":"https:\/\/vapebulkp.com\/","name":"vapebulkp.com","description":"Buy Vape In Cheap Bulk Price Near you","publisher":{"@id":"https:\/\/vapebulkp.com\/#organization"},"potentialAction":[{"@type":"SearchAction","target":{"@type":"EntryPoint","urlTemplate":"https:\/\/vapebulkp.com\/?s={search_term_string}"},"query-input":"required name=search_term_string"}],"inLanguage":"cs"},{"@type":"Organization","@id":"https:\/\/vapebulkp.com\/#organization","name":"vapebulkp.com","url":"https:\/\/vapebulkp.com\/","logo":{"@type":"ImageObject","inLanguage":"cs","@id":"https:\/\/vapebulkp.com\/#\/schema\/logo\/image\/","url":"https:\/\/vapebulkp.com\/wp-content\/uploads\/2023\/09\/cropped-vapebulkp.png","contentUrl":"https:\/\/vapebulkp.com\/wp-content\/uploads\/2023\/09\/cropped-vapebulkp.png","width":516,"height":163,"caption":"vapebulkp.com"},"image":{"@id":"https:\/\/vapebulkp.com\/#\/schema\/logo\/image\/"}}]}},"uagb_featured_image_src":{"full":["https:\/\/vapebulkp.com\/wp-content\/uploads\/2023\/09\/76612692f100d93cac6618a626c666e.jpg",1080,1920,false],"thumbnail":["https:\/\/vapebulkp.com\/wp-content\/uploads\/2023\/09\/76612692f100d93cac6618a626c666e-150x150.jpg",150,150,true],"medium":["https:\/\/vapebulkp.com\/wp-content\/uploads\/2023\/09\/76612692f100d93cac6618a626c666e-169x300.jpg",169,300,true],"medium_large":["https:\/\/vapebulkp.com\/wp-content\/uploads\/2023\/09\/76612692f100d93cac6618a626c666e-768x1365.jpg",768,1365,true],"large":["https:\/\/vapebulkp.com\/wp-content\/uploads\/2023\/09\/76612692f100d93cac6618a626c666e-576x1024.jpg",576,1024,true],"1536x1536":["https:\/\/vapebulkp.com\/wp-content\/uploads\/2023\/09\/76612692f100d93cac6618a626c666e-864x1536.jpg",864,1536,true],"2048x2048":["https:\/\/vapebulkp.com\/wp-content\/uploads\/2023\/09\/76612692f100d93cac6618a626c666e.jpg",1080,1920,false],"trp-custom-language-flag":["https:\/\/vapebulkp.com\/wp-content\/uploads\/2023\/09\/76612692f100d93cac6618a626c666e.jpg",7,12,false],"woocommerce_thumbnail":["https:\/\/vapebulkp.com\/wp-content\/uploads\/2023\/09\/76612692f100d93cac6618a626c666e-300x300.jpg",300,300,true],"woocommerce_single":["https:\/\/vapebulkp.com\/wp-content\/uploads\/2023\/09\/76612692f100d93cac6618a626c666e-600x1067.jpg",600,1067,true],"woocommerce_gallery_thumbnail":["https:\/\/vapebulkp.com\/wp-content\/uploads\/2023\/09\/76612692f100d93cac6618a626c666e-100x100.jpg",100,100,true],"wcpr-photo-reviews":["https:\/\/vapebulkp.com\/wp-content\/uploads\/2023\/09\/76612692f100d93cac6618a626c666e.jpg",281,500,false]},"uagb_author_info":{"display_name":"Mandy vape bulk price","author_link":"https:\/\/vapebulkp.com\/cs\/author\/"},"uagb_comment_info":1,"uagb_excerpt":"Welcome to the future of vaping with the RandM Tornado 10000 Puffs\u00a0 Plus Disposable E-Cigarette. This remarkable device offers an astonishing 10000 puffs in a sleek and disposable package, providing vapers with unparalleled convenience and flavor. Say goodbye to the hassles of traditional vaping and hello to a new way of enjoying your favorite flavors.&hellip;","_links":{"self":[{"href":"https:\/\/vapebulkp.com\/cs\/wp-json\/wp\/v2\/product\/1523","targetHints":{"allow":["GET"]}}],"collection":[{"href":"https:\/\/vapebulkp.com\/cs\/wp-json\/wp\/v2\/product"}],"about":[{"href":"https:\/\/vapebulkp.com\/cs\/wp-json\/wp\/v2\/types\/product"}],"replies":[{"embeddable":true,"href":"https:\/\/vapebulkp.com\/cs\/wp-json\/wp\/v2\/comments?post=1523"}],"wp:featuredmedia":[{"embeddable":true,"href":"https:\/\/vapebulkp.com\/cs\/wp-json\/wp\/v2\/media\/1541"}],"wp:attachment":[{"href":"https:\/\/vapebulkp.com\/cs\/wp-json\/wp\/v2\/media?parent=1523"}],"wp:term":[{"taxonomy":"product_cat","embeddable":true,"href":"https:\/\/vapebulkp.com\/cs\/wp-json\/wp\/v2\/product_cat?post=1523"},{"taxonomy":"product_tag","embeddable":true,"href":"https:\/\/vapebulkp.com\/cs\/wp-json\/wp\/v2\/product_tag?post=1523"}],"curies":[{"name":"wp","href":"https:\/\/api.w.org\/{rel}","templated":true}]}}