{"id":1576,"date":"2023-09-22T11:43:32","date_gmt":"2023-09-22T09:43:32","guid":{"rendered":"https:\/\/vapebulkp.com\/?post_type=product&#038;p=1576"},"modified":"2025-09-24T05:49:18","modified_gmt":"2025-09-24T03:49:18","slug":"top-sale-waspe-12000puffs-disposable-vape-wholesale-france","status":"publish","type":"product","link":"https:\/\/vapebulkp.com\/cs\/product\/top-sale-waspe-12000puffs-disposable-vape-wholesale-france\/","title":{"rendered":"Nejprod\u00e1van\u011bj\u0161\u00ed jednor\u00e1zov\u00fd vape WASPE 12000Puffs Velkoobchod \u010cesk\u00e1 republika"},"content":{"rendered":"<h1>Nejprod\u00e1van\u011bj\u0161\u00ed jednor\u00e1zov\u00fd vape WASPE 12000Puffs Velkoobchod \u010cesk\u00e1 republika<\/h1>\n<p data-start=\"337\" data-end=\"682\">Ten <strong data-start=\"381\" data-end=\"418\">WASPE 12000 pot\u00e1hnut\u00ed jednor\u00e1zov\u00e1 e-cigareta<\/strong> je vysoce v\u00fdkonn\u00e1 volba pro evropsk\u00e9 mlad\u00e9 mu\u017ee, kte\u0159\u00ed vy\u017eaduj\u00ed styl a spolehlivost. S a\u017e <strong data-start=\"516\" data-end=\"532\">12 000 potah\u016f<\/strong>, 18ml e-liquid n\u00e1dr\u017ekou a v\u00fdkonnou 650mAh dob\u00edjec\u00ed bateri\u00ed s rychl\u00fdm nab\u00edjen\u00edm Type-C, poskytuje dlouhotrvaj\u00edc\u00ed vapov\u00e1n\u00ed bez p\u0159eru\u0161en\u00ed.<\/p>\n<p data-start=\"684\" data-end=\"902\">Vybaven\u00e1 0,8\u03a9 mesh spir\u00e1lkou, tato <strong data-start=\"720\" data-end=\"740\">WASPE 12000 pot\u00e1hnut\u00ed<\/strong> zaji\u0161\u0165uje hladk\u00fd pr\u016ftok vzduchu, hustou p\u00e1ru a konzistentn\u00ed chu\u0165 p\u0159i ka\u017ed\u00e9m pot\u00e1hnut\u00ed. Mo\u017enosti nikotinov\u00e9 soli 2% a 5% umo\u017e\u0148uj\u00ed flexibilitu pro lehk\u00e9 i t\u011b\u017ek\u00e9 u\u017eivatele.<\/p>\n<p data-start=\"904\" data-end=\"1125\">Kompaktn\u00ed, p\u0159enosn\u00e1 a vyroben\u00e1 pro velkoobchodn\u00ed distribuci v EU, tato <a href=\"https:\/\/vapebulkp.com\/cs\/product-category\/12000-puffs-disposable-vape\/\"><strong data-start=\"976\" data-end=\"1007\">12000 pot\u00e1hnut\u00ed jednor\u00e1zov\u00e1 e-cigareta<\/strong><\/a> je k dispozici v ovocn\u00fdch a mentolov\u00fdch sm\u011bs\u00edch, co\u017e z n\u00ed \u010din\u00ed perfektn\u00ed volbu pro ka\u017edodenn\u00ed pou\u017eit\u00ed, cestov\u00e1n\u00ed nebo spole\u010densk\u00e9 p\u0159\u00edle\u017eitosti.<\/p>\n<h6 style=\"text-align: left\"><img decoding=\"async\" class=\"alignnone wp-image-2756\" src=\"http:\/\/vapebulkp.com\/wp-content\/uploads\/2024\/08\/WASPE-RANDM-TORNADO-12000-VAPE-KIT-SUPPLIER.jpg\" alt=\"WASPE RANDM TORNADO 12000 VAPE KIT DODAVATEL\" width=\"401\" height=\"602\" srcset=\"https:\/\/vapebulkp.com\/wp-content\/uploads\/2024\/08\/WASPE-RANDM-TORNADO-12000-VAPE-KIT-SUPPLIER.jpg 1280w, https:\/\/vapebulkp.com\/wp-content\/uploads\/2024\/08\/WASPE-RANDM-TORNADO-12000-VAPE-KIT-SUPPLIER-200x300.jpg 200w, https:\/\/vapebulkp.com\/wp-content\/uploads\/2024\/08\/WASPE-RANDM-TORNADO-12000-VAPE-KIT-SUPPLIER-683x1024.jpg 683w, https:\/\/vapebulkp.com\/wp-content\/uploads\/2024\/08\/WASPE-RANDM-TORNADO-12000-VAPE-KIT-SUPPLIER-768x1152.jpg 768w, https:\/\/vapebulkp.com\/wp-content\/uploads\/2024\/08\/WASPE-RANDM-TORNADO-12000-VAPE-KIT-SUPPLIER-1024x1536.jpg 1024w, https:\/\/vapebulkp.com\/wp-content\/uploads\/2024\/08\/WASPE-RANDM-TORNADO-12000-VAPE-KIT-SUPPLIER-600x900.jpg 600w\" sizes=\"(max-width: 401px) 100vw, 401px\" \/><\/h6>\n<h6><\/h6>\n<h6>Pro slevu pros\u00edm kontaktujte Mandy p\u0159es WhatsApp<a href=\"https:\/\/wa.me\/8618077105796\">+8618077105796<\/a><\/h6>\n<p><img decoding=\"async\" class=\"alignnone wp-image-2151\" src=\"http:\/\/vapebulkp.com\/wp-content\/uploads\/2024\/04\/Mandy-WhatsApp-Randm.jpg\" alt=\"Mandy WhatsApp Randm\" width=\"288\" height=\"306\" srcset=\"https:\/\/vapebulkp.com\/wp-content\/uploads\/2024\/04\/Mandy-WhatsApp-Randm.jpg 916w, https:\/\/vapebulkp.com\/wp-content\/uploads\/2024\/04\/Mandy-WhatsApp-Randm-282x300.jpg 282w, https:\/\/vapebulkp.com\/wp-content\/uploads\/2024\/04\/Mandy-WhatsApp-Randm-768x817.jpg 768w, https:\/\/vapebulkp.com\/wp-content\/uploads\/2024\/04\/Mandy-WhatsApp-Randm-600x638.jpg 600w\" sizes=\"(max-width: 288px) 100vw, 288px\" \/><\/p>\n<h2><span style=\"vertical-align: inherit\">Mysleli jsme, \u017ee byste se mohli dozv\u011bd\u011bt o jednor\u00e1zov\u00e9 e-cigaret\u011b WASPE 12000 pot\u00e1hnut\u00ed:<\/span><\/h2>\n<p>&nbsp;<\/p>\n<h4 class=\"style-scope ytd-watch-metadata\">1. Jak pou\u017e\u00edvat vape pen WASPE 12000 pot\u00e1hnut\u00ed?<\/h4>\n<p>&nbsp;<\/p>\n<p>Krok 1. P\u0159ed pou\u017eit\u00edm 12k potah\u016f odstra\u0148te plastovou trubi\u010dku.<\/p>\n<p>Krok 2. Po\u010dkejte asi 3 minuty, ne\u017e se \u0161\u0165\u00e1va dostane do c\u00edvky uvnit\u0159.<\/p>\n<p>Krok 3. U\u017eijte si to<\/p>\n<h6>2. JAK NAB\u00cdT JEDNOR\u00c1ZOVOU E-CIGARETU WASPE 12000 POT\u00c1HNUT\u00cd?<\/h6>\n<p>Nelze pou\u017e\u00edvat rychlonab\u00edje\u010dky, a standardn\u00ed bezpe\u010dn\u00fd v\u00fdkon jednor\u00e1zov\u00fdch e-cigaret je 5V 1A.<\/p>\n<p>Ka\u017ed\u00e9 nab\u00edjen\u00ed nesm\u00ed p\u0159es\u00e1hnout 1 hodinu, a bezpe\u010dn\u00e1 doba nab\u00edjen\u00ed je p\u016fl hodiny.<\/p>\n<h6>3. KOLIK POT\u00c1HNUT\u00cd M\u00c1 JEDNOR\u00c1ZOV\u00c1 E-CIGARETA WASPE 12000?<\/h6>\n<p>\u2014-12000 pot\u00e1hnut\u00ed<\/p>\n<p><span style=\"color: #ff6600\">Upozorn\u011bn\u00ed: nenab\u00edjejte celou noc!<\/span><\/p>\n<p>&nbsp;<\/p>\n<h3><strong><span style=\"vertical-align: inherit\">Specifikace pro WASPE 12000 pot\u00e1hnut\u00ed:<\/span><br \/>\n<\/strong><\/h3>\n<p>Baterie: 650mAh (Typ C)<br \/>\nKapacita: 18 ml<br \/>\nC\u00edvka: 0,8 ohm mesh<br \/>\nP\u0159ibli\u017en\u00fd objem pot\u00e1hnut\u00ed: 12000 pot\u00e1hnut\u00ed<br \/>\nPlus s\u00edla nikotinu: 21 % , 51 %<br \/>\nMOQ: 50KS<\/p>\n<h3><strong>Jak\u00e9 jsou nejlep\u0161\u00ed p\u0159\u00edchut\u011b vape WASPE 12000 pot\u00e1hnut\u00ed?<\/strong><\/h3>\n<p>1.Ledov\u00fd meloun<br \/>\n2.Jahoda Kiwi<br \/>\n3. Bor\u016fvka na ledu<br \/>\n4. Bor\u016fvka Malina<br \/>\n5. Jahoda Meloun<br \/>\n6. Hroznov\u00e9 v\u00edno na ledu<br \/>\n7.Jahoda Mango<br \/>\n8. Mango led<br \/>\n9. \u0160\u0165avnat\u00e1 broskev Ananas \u0160\u0164AVNAT\u00c9<br \/>\n10. Kiwi Limetka<br \/>\n11. Jahoda Malina T\u0159e\u0161e\u0148<br \/>\n12. Jahodov\u00e1 Pitaya Limon\u00e1da<\/p>\n<p><span style=\"vertical-align: inherit\">Najd\u011bte dal\u0161\u00ed produkty, kter\u00e9 by se v\u00e1m mohly l\u00edbit:<\/span><em><a href=\"https:\/\/wa.me\/8618077105796\"><span style=\"vertical-align: inherit\">\u00a0Kupte to te\u010f<\/span><\/a><\/em><\/p>\n<p><span style=\"vertical-align: inherit\">Dal\u0161\u00ed potahy, kter\u00e9 by se v\u00e1m mohly l\u00edbit:<\/span><span style=\"vertical-align: inherit\">\u00a0<\/span><a href=\"https:\/\/vapebulkp.com\/cs\/product\/wholesale-randm-tornado-9000-puffs-germany\/\"><span style=\"vertical-align: inherit\">RandM Tornado 9000 pot\u00e1hnut\u00ed<\/span><\/a><span style=\"vertical-align: inherit\">\/ <\/span><a href=\"https:\/\/vapebulkp.com\/cs\/product\/popular-bang-king-10000-puffs-vape-good-price\/\"><span style=\"vertical-align: inherit\">Bang King 10000 pot\u00e1hnut\u00ed<\/span><\/a><span style=\"vertical-align: inherit\">\/ <\/span><a href=\"https:\/\/vapebulkp.com\/cs\/product\/bang-king-12000puffs\/\"><span style=\"vertical-align: inherit\">Bang King 12000 pot\u00e1hnut\u00ed<\/span><\/a><\/p>\n<p><span style=\"vertical-align: inherit\">E-cigaretov\u00e1 l\u00e1hev speci\u00e1ln\u00edho tvaru:<\/span><a href=\"https:\/\/vapebulkp.com\/cs\/product\/popular-kulx-10000puffs-disposable-vape-good-price\/\"><span style=\"vertical-align: inherit\">Kulx vape 10000 puff\u016f <\/span><\/a><span style=\"vertical-align: inherit\">\/ <\/span><a href=\"https:\/\/vapebulkp.com\/cs\/product\/disposable-vape-crystal-600-puffs\/\"><span style=\"vertical-align: inherit\">Crystal 600 pot\u00e1hnut\u00ed <\/span><\/a><span style=\"vertical-align: inherit\">\/<\/span><a href=\"https:\/\/vapebulkp.com\/cs\/product\/popular-vape-bang-king-15000-puffs-bang-vape\/\"><span style=\"vertical-align: inherit\">Bang King 15000 potah\u016f<\/span><\/a><\/p>\n<h4>Podrobnosti o p\u0159eprav\u011b:<\/h4>\n<p><span style=\"color: #ff6600\">Doba v\u00fdroby: 5-10 pracovn\u00edch dn\u016f<\/span><br \/>\n<span style=\"color: #ff6600\">Doba p\u0159epravy: 8-14 pracovn\u00edch dn\u016f<\/span><\/p>\n<p>V\u0161echny produkty v na\u0161em obchod\u011b jsou 100% origin\u00e1ln\u00ed a autentick\u00e9, tak\u017ee desetin\u00e1sobn\u00e1 n\u00e1hrada za pad\u011blky je na\u0161\u00ed obchodn\u00ed politikou. K doru\u010den\u00ed zbo\u017e\u00ed pou\u017e\u00edv\u00e1me logistick\u00e9 kan\u00e1ly jako UPS\/DHL\/FEDEX\/DPD.<\/p>\n<p>Pro z\u00e1silky odeslan\u00e9 do \u010cesk\u00e9 republiky obvykle trv\u00e1 doru\u010den\u00ed 10 pracovn\u00edch dn\u016f. Doru\u010den\u00ed do evropsk\u00fdch zem\u00ed obvykle trv\u00e1 12 a\u017e 15 pracovn\u00edch dn\u016f. Logistick\u00e9 informace pro v\u00e1s budeme aktualizovat v re\u00e1ln\u00e9m \u010dase.<\/p>","protected":false},"excerpt":{"rendered":"<p>Ten <span style=\"vertical-align: inherit\">WASPE 12000 pot\u00e1hnut\u00ed <\/span>se m\u016f\u017ee pochlubit \u0159adou l\u00e1kav\u00fdch p\u0159\u00edchut\u00ed, kter\u00e9 zajist\u00ed, \u017ee si najdete n\u011bco, co uspokoj\u00ed va\u0161e chut\u011b. Od tradi\u010dn\u00edho tab\u00e1ku po exotick\u00e9 ovocn\u00e9 sm\u011bsi, mo\u017enosti jsou nekone\u010dn\u00e9. Ka\u017ed\u00e9 pot\u00e1hnut\u00ed p\u0159in\u00e1\u0161\u00ed konzistentn\u00ed a p\u0159\u00edjemn\u00fd z\u00e1\u017eitek z vapov\u00e1n\u00ed d\u00edky vestav\u011bn\u00e9mu mechanismu aktivovan\u00e9mu pot\u00e1hnut\u00edm.<br \/>\n<img decoding=\"async\" class=\"alignnone wp-image-2151\" src=\"http:\/\/vapebulkp.com\/wp-content\/uploads\/2024\/04\/Mandy-WhatsApp-Randm.jpg\" alt=\"Mandy WhatsApp Randm\" width=\"276\" height=\"293\" srcset=\"https:\/\/vapebulkp.com\/wp-content\/uploads\/2024\/04\/Mandy-WhatsApp-Randm.jpg 916w, https:\/\/vapebulkp.com\/wp-content\/uploads\/2024\/04\/Mandy-WhatsApp-Randm-282x300.jpg 282w, https:\/\/vapebulkp.com\/wp-content\/uploads\/2024\/04\/Mandy-WhatsApp-Randm-768x817.jpg 768w, https:\/\/vapebulkp.com\/wp-content\/uploads\/2024\/04\/Mandy-WhatsApp-Randm-600x638.jpg 600w\" sizes=\"(max-width: 276px) 100vw, 276px\" \/><\/p>\n<p>Pro slevu pros\u00edm kontaktujte Mandy p\u0159es WhatsApp<a href=\"https:\/\/wa.me\/8618077105796\">+8618077105796<\/a><\/p>\n<p><span style=\"color: #ff0000\">POZN\u00c1MKA: Ceny na na\u0161em webu nezahrnuj\u00ed n\u00e1klady na dopravu<\/span><\/p>","protected":false},"featured_media":2749,"comment_status":"open","ping_status":"closed","template":"","meta":{"_uag_custom_page_level_css":"","_lmt_disableupdate":"no","_lmt_disable":"","site-sidebar-layout":"default","site-content-layout":"content-boxed-container","ast-site-content-layout":"normal-width-container","site-content-style":"boxed","site-sidebar-style":"unboxed","ast-global-header-display":"","ast-banner-title-visibility":"","ast-main-header-display":"","ast-hfb-above-header-display":"","ast-hfb-below-header-display":"","ast-hfb-mobile-header-display":"","site-post-title":"","ast-breadcrumbs-content":"","ast-featured-img":"","footer-sml-layout":"","theme-transparent-header-meta":"default","adv-header-id-meta":"","stick-header-meta":"","header-above-stick-meta":"","header-main-stick-meta":"","header-below-stick-meta":"","astra-migrate-meta-layouts":"set","_joinchat":[]},"product_cat":[166,153,155,33,59,100,34,158,157,154,152,58,84,156,63,32,365],"product_tag":[45,36,37,41,71,40],"class_list":["post-1576","product","type-product","status-publish","has-post-thumbnail","hentry","product_cat-12000-puffs-disposable-vape","product_cat-hot-disposable-vapes","product_cat-belgium-hot-disposable-vapes","product_cat-france-vape-hot-sale","product_cat-germany-hot-disposable-vape","product_cat-germany-wholesale-vape-shop","product_cat-netherlands-vape-good-sale","product_cat-norway-hot-disposable-vapes","product_cat-poland-hot-disposable-vapes","product_cat-portugal-hot-disposable-vapes","product_cat-spain-hot-disposable-vapes","product_cat-sweden-hot-disposable-vape","product_cat-sweden-wholesale-vape","product_cat-switzerland-hot-disposable-vapes","product_cat-top-sale-disposable-vape","product_cat-vape-hot-sale-this-week","product_cat-waspe-vape","product_tag-12000puffs-good-vape","product_tag-good-vape","product_tag-hot-sale-disposable-vape","product_tag-poland-hot-vape","product_tag-randm","product_tag-sweden-hot-vape","pa_brand-waspe-vape","desktop-align-left","tablet-align-left","mobile-align-left"],"yoast_head":"<!-- This site is optimized with the Yoast SEO plugin v21.1 - https:\/\/yoast.com\/wordpress\/plugins\/seo\/ -->\n<title>Top Sale WASPE 12000Puffs Disposable Vape Wholesale France - vapebulkp.com<\/title>\n<meta name=\"description\" content=\"The WASPE12000Puffs Disposable Vape ergonomic design fits perfectly in your hand and is compact enough to slip into your pocket or purse.\" \/>\n<meta name=\"robots\" content=\"index, follow, max-snippet:-1, max-image-preview:large, max-video-preview:-1\" \/>\n<link rel=\"canonical\" href=\"https:\/\/vapebulkp.com\/cs\/product\/top-sale-waspe-12000puffs-disposable-vape-wholesale-france\/\" \/>\n<meta property=\"og:locale\" content=\"cs_CZ\" \/>\n<meta property=\"og:type\" content=\"article\" \/>\n<meta property=\"og:title\" content=\"Top Sale WASPE 12000Puffs Disposable Vape Wholesale France - vapebulkp.com\" \/>\n<meta property=\"og:description\" content=\"The WASPE12000Puffs Disposable Vape ergonomic design fits perfectly in your hand and is compact enough to slip into your pocket or purse.\" \/>\n<meta property=\"og:url\" content=\"https:\/\/vapebulkp.com\/cs\/product\/top-sale-waspe-12000puffs-disposable-vape-wholesale-france\/\" \/>\n<meta property=\"og:site_name\" content=\"vapebulkp.com\" \/>\n<meta property=\"article:modified_time\" content=\"2025-09-24T03:49:18+00:00\" \/>\n<meta property=\"og:image\" content=\"http:\/\/vapebulkp.com\/wp-content\/uploads\/2024\/08\/WASPE-12K-Puffs-Vape-KIT-Discount-Price.png\" \/>\n\t<meta property=\"og:image:width\" content=\"1152\" \/>\n\t<meta property=\"og:image:height\" content=\"2048\" \/>\n\t<meta property=\"og:image:type\" content=\"image\/png\" \/>\n<meta name=\"twitter:card\" content=\"summary_large_image\" \/>\n<meta name=\"twitter:label1\" content=\"Odhadovan\u00e1 doba \u010dten\u00ed\" \/>\n\t<meta name=\"twitter:data1\" content=\"3 minuty\" \/>\n<script type=\"application\/ld+json\" class=\"yoast-schema-graph\">{\"@context\":\"https:\/\/schema.org\",\"@graph\":[{\"@type\":\"WebPage\",\"@id\":\"https:\/\/vapebulkp.com\/product\/top-sale-waspe-12000puffs-disposable-vape-wholesale-france\/\",\"url\":\"https:\/\/vapebulkp.com\/product\/top-sale-waspe-12000puffs-disposable-vape-wholesale-france\/\",\"name\":\"Top Sale WASPE 12000Puffs Disposable Vape Wholesale France - vapebulkp.com\",\"isPartOf\":{\"@id\":\"https:\/\/vapebulkp.com\/#website\"},\"datePublished\":\"2023-09-22T09:43:32+00:00\",\"dateModified\":\"2025-09-24T03:49:18+00:00\",\"description\":\"The WASPE12000Puffs Disposable Vape ergonomic design fits perfectly in your hand and is compact enough to slip into your pocket or purse.\",\"breadcrumb\":{\"@id\":\"https:\/\/vapebulkp.com\/product\/top-sale-waspe-12000puffs-disposable-vape-wholesale-france\/#breadcrumb\"},\"inLanguage\":\"cs\",\"potentialAction\":[{\"@type\":\"ReadAction\",\"target\":[\"https:\/\/vapebulkp.com\/product\/top-sale-waspe-12000puffs-disposable-vape-wholesale-france\/\"]}]},{\"@type\":\"BreadcrumbList\",\"@id\":\"https:\/\/vapebulkp.com\/product\/top-sale-waspe-12000puffs-disposable-vape-wholesale-france\/#breadcrumb\",\"itemListElement\":[{\"@type\":\"ListItem\",\"position\":1,\"name\":\"Home\",\"item\":\"https:\/\/vapebulkp.com\/\"},{\"@type\":\"ListItem\",\"position\":2,\"name\":\"Hot Trend Vapes\",\"item\":\"https:\/\/vapebulkp.com\/vape-shop\/\"},{\"@type\":\"ListItem\",\"position\":3,\"name\":\"Top Sale WASPE 12000Puffs Disposable Vape Wholesale France\"}]},{\"@type\":\"WebSite\",\"@id\":\"https:\/\/vapebulkp.com\/#website\",\"url\":\"https:\/\/vapebulkp.com\/\",\"name\":\"vapebulkp.com\",\"description\":\"Buy Vape In Cheap Bulk Price Near you\",\"publisher\":{\"@id\":\"https:\/\/vapebulkp.com\/#organization\"},\"potentialAction\":[{\"@type\":\"SearchAction\",\"target\":{\"@type\":\"EntryPoint\",\"urlTemplate\":\"https:\/\/vapebulkp.com\/?s={search_term_string}\"},\"query-input\":\"required name=search_term_string\"}],\"inLanguage\":\"cs\"},{\"@type\":\"Organization\",\"@id\":\"https:\/\/vapebulkp.com\/#organization\",\"name\":\"vapebulkp.com\",\"url\":\"https:\/\/vapebulkp.com\/\",\"logo\":{\"@type\":\"ImageObject\",\"inLanguage\":\"cs\",\"@id\":\"https:\/\/vapebulkp.com\/#\/schema\/logo\/image\/\",\"url\":\"https:\/\/vapebulkp.com\/wp-content\/uploads\/2023\/09\/cropped-vapebulkp.png\",\"contentUrl\":\"https:\/\/vapebulkp.com\/wp-content\/uploads\/2023\/09\/cropped-vapebulkp.png\",\"width\":516,\"height\":163,\"caption\":\"vapebulkp.com\"},\"image\":{\"@id\":\"https:\/\/vapebulkp.com\/#\/schema\/logo\/image\/\"}}]}<\/script>\n<!-- \/ Yoast SEO plugin. -->","yoast_head_json":{"title":"Top Sale WASPE 12000Puffs Disposable Vape Wholesale France - vapebulkp.com","description":"The WASPE12000Puffs Disposable Vape ergonomic design fits perfectly in your hand and is compact enough to slip into your pocket or purse.","robots":{"index":"index","follow":"follow","max-snippet":"max-snippet:-1","max-image-preview":"max-image-preview:large","max-video-preview":"max-video-preview:-1"},"canonical":"https:\/\/vapebulkp.com\/cs\/product\/top-sale-waspe-12000puffs-disposable-vape-wholesale-france\/","og_locale":"cs_CZ","og_type":"article","og_title":"Top Sale WASPE 12000Puffs Disposable Vape Wholesale France - vapebulkp.com","og_description":"The WASPE12000Puffs Disposable Vape ergonomic design fits perfectly in your hand and is compact enough to slip into your pocket or purse.","og_url":"https:\/\/vapebulkp.com\/cs\/product\/top-sale-waspe-12000puffs-disposable-vape-wholesale-france\/","og_site_name":"vapebulkp.com","article_modified_time":"2025-09-24T03:49:18+00:00","og_image":[{"width":1152,"height":2048,"url":"http:\/\/vapebulkp.com\/wp-content\/uploads\/2024\/08\/WASPE-12K-Puffs-Vape-KIT-Discount-Price.png","type":"image\/png"}],"twitter_card":"summary_large_image","twitter_misc":{"Odhadovan\u00e1 doba \u010dten\u00ed":"3 minuty"},"schema":{"@context":"https:\/\/schema.org","@graph":[{"@type":"WebPage","@id":"https:\/\/vapebulkp.com\/product\/top-sale-waspe-12000puffs-disposable-vape-wholesale-france\/","url":"https:\/\/vapebulkp.com\/product\/top-sale-waspe-12000puffs-disposable-vape-wholesale-france\/","name":"Top Sale WASPE 12000Puffs Disposable Vape Wholesale France - vapebulkp.com","isPartOf":{"@id":"https:\/\/vapebulkp.com\/#website"},"datePublished":"2023-09-22T09:43:32+00:00","dateModified":"2025-09-24T03:49:18+00:00","description":"The WASPE12000Puffs Disposable Vape ergonomic design fits perfectly in your hand and is compact enough to slip into your pocket or purse.","breadcrumb":{"@id":"https:\/\/vapebulkp.com\/product\/top-sale-waspe-12000puffs-disposable-vape-wholesale-france\/#breadcrumb"},"inLanguage":"cs","potentialAction":[{"@type":"ReadAction","target":["https:\/\/vapebulkp.com\/product\/top-sale-waspe-12000puffs-disposable-vape-wholesale-france\/"]}]},{"@type":"BreadcrumbList","@id":"https:\/\/vapebulkp.com\/product\/top-sale-waspe-12000puffs-disposable-vape-wholesale-france\/#breadcrumb","itemListElement":[{"@type":"ListItem","position":1,"name":"Home","item":"https:\/\/vapebulkp.com\/"},{"@type":"ListItem","position":2,"name":"Hot Trend Vapes","item":"https:\/\/vapebulkp.com\/vape-shop\/"},{"@type":"ListItem","position":3,"name":"Top Sale WASPE 12000Puffs Disposable Vape Wholesale France"}]},{"@type":"WebSite","@id":"https:\/\/vapebulkp.com\/#website","url":"https:\/\/vapebulkp.com\/","name":"vapebulkp.com","description":"Buy Vape In Cheap Bulk Price Near you","publisher":{"@id":"https:\/\/vapebulkp.com\/#organization"},"potentialAction":[{"@type":"SearchAction","target":{"@type":"EntryPoint","urlTemplate":"https:\/\/vapebulkp.com\/?s={search_term_string}"},"query-input":"required name=search_term_string"}],"inLanguage":"cs"},{"@type":"Organization","@id":"https:\/\/vapebulkp.com\/#organization","name":"vapebulkp.com","url":"https:\/\/vapebulkp.com\/","logo":{"@type":"ImageObject","inLanguage":"cs","@id":"https:\/\/vapebulkp.com\/#\/schema\/logo\/image\/","url":"https:\/\/vapebulkp.com\/wp-content\/uploads\/2023\/09\/cropped-vapebulkp.png","contentUrl":"https:\/\/vapebulkp.com\/wp-content\/uploads\/2023\/09\/cropped-vapebulkp.png","width":516,"height":163,"caption":"vapebulkp.com"},"image":{"@id":"https:\/\/vapebulkp.com\/#\/schema\/logo\/image\/"}}]}},"uagb_featured_image_src":{"full":["https:\/\/vapebulkp.com\/wp-content\/uploads\/2024\/08\/WASPE-12K-Puffs-Vape-KIT-Discount-Price.png",1152,2048,false],"thumbnail":["https:\/\/vapebulkp.com\/wp-content\/uploads\/2024\/08\/WASPE-12K-Puffs-Vape-KIT-Discount-Price-150x150.png",150,150,true],"medium":["https:\/\/vapebulkp.com\/wp-content\/uploads\/2024\/08\/WASPE-12K-Puffs-Vape-KIT-Discount-Price-169x300.png",169,300,true],"medium_large":["https:\/\/vapebulkp.com\/wp-content\/uploads\/2024\/08\/WASPE-12K-Puffs-Vape-KIT-Discount-Price-768x1365.png",768,1365,true],"large":["https:\/\/vapebulkp.com\/wp-content\/uploads\/2024\/08\/WASPE-12K-Puffs-Vape-KIT-Discount-Price-576x1024.png",576,1024,true],"1536x1536":["https:\/\/vapebulkp.com\/wp-content\/uploads\/2024\/08\/WASPE-12K-Puffs-Vape-KIT-Discount-Price-864x1536.png",864,1536,true],"2048x2048":["https:\/\/vapebulkp.com\/wp-content\/uploads\/2024\/08\/WASPE-12K-Puffs-Vape-KIT-Discount-Price.png",1152,2048,false],"trp-custom-language-flag":["https:\/\/vapebulkp.com\/wp-content\/uploads\/2024\/08\/WASPE-12K-Puffs-Vape-KIT-Discount-Price.png",7,12,false],"woocommerce_thumbnail":["https:\/\/vapebulkp.com\/wp-content\/uploads\/2024\/08\/WASPE-12K-Puffs-Vape-KIT-Discount-Price-300x300.png",300,300,true],"woocommerce_single":["https:\/\/vapebulkp.com\/wp-content\/uploads\/2024\/08\/WASPE-12K-Puffs-Vape-KIT-Discount-Price-600x1067.png",600,1067,true],"woocommerce_gallery_thumbnail":["https:\/\/vapebulkp.com\/wp-content\/uploads\/2024\/08\/WASPE-12K-Puffs-Vape-KIT-Discount-Price-100x100.png",100,100,true],"wcpr-photo-reviews":["https:\/\/vapebulkp.com\/wp-content\/uploads\/2024\/08\/WASPE-12K-Puffs-Vape-KIT-Discount-Price.png",281,500,false]},"uagb_author_info":{"display_name":"Mandy vape bulk price","author_link":"https:\/\/vapebulkp.com\/cs\/author\/"},"uagb_comment_info":3,"uagb_excerpt":"The WASPE 12000Puffs boasts a variety of enticing flavors, ensuring you'll find something to satisfy your cravings. From traditional tobacco to exotic fruit blends, the options are endless. Each puff delivers a consistent and delightful vaping experience, thanks to the built-in draw-activated mechanism. Pls Contact Mandy's WhatsApp For Discount Price+8618077105796 NOTE: Prices on our website&hellip;","_links":{"self":[{"href":"https:\/\/vapebulkp.com\/cs\/wp-json\/wp\/v2\/product\/1576","targetHints":{"allow":["GET"]}}],"collection":[{"href":"https:\/\/vapebulkp.com\/cs\/wp-json\/wp\/v2\/product"}],"about":[{"href":"https:\/\/vapebulkp.com\/cs\/wp-json\/wp\/v2\/types\/product"}],"replies":[{"embeddable":true,"href":"https:\/\/vapebulkp.com\/cs\/wp-json\/wp\/v2\/comments?post=1576"}],"wp:featuredmedia":[{"embeddable":true,"href":"https:\/\/vapebulkp.com\/cs\/wp-json\/wp\/v2\/media\/2749"}],"wp:attachment":[{"href":"https:\/\/vapebulkp.com\/cs\/wp-json\/wp\/v2\/media?parent=1576"}],"wp:term":[{"taxonomy":"product_cat","embeddable":true,"href":"https:\/\/vapebulkp.com\/cs\/wp-json\/wp\/v2\/product_cat?post=1576"},{"taxonomy":"product_tag","embeddable":true,"href":"https:\/\/vapebulkp.com\/cs\/wp-json\/wp\/v2\/product_tag?post=1576"}],"curies":[{"name":"wp","href":"https:\/\/api.w.org\/{rel}","templated":true}]}}