{"id":1775,"date":"2023-10-23T09:23:01","date_gmt":"2023-10-23T07:23:01","guid":{"rendered":"https:\/\/vapebulkp.com\/?post_type=product&#038;p=1775"},"modified":"2025-09-01T05:11:12","modified_gmt":"2025-09-01T03:11:12","slug":"qst-rum-bar-tornado-15000-good-disposable-vape","status":"publish","type":"product","link":"https:\/\/vapebulkp.com\/cs\/product\/qst-rum-bar-tornado-15000-good-disposable-vape\/","title":{"rendered":"QST Rum Bar Tornado 15000 Dobr\u00fd jednor\u00e1zov\u00fd vape"},"content":{"rendered":"<h2>QST Rum Bar Tornado 15000 Dobr\u00fd jednor\u00e1zov\u00fd vape<\/h2>\n<p>&nbsp;<\/p>\n<p data-start=\"247\" data-end=\"604\">Ten <strong data-start=\"251\" data-end=\"296\">QST Rum Bar Tornado 15000 tah\u016f Jednor\u00e1zov\u00e1 vape<\/strong> je pr\u00e9miov\u00e9 za\u0159\u00edzen\u00ed s vysokou kapacitou, navr\u017een\u00e9 pro evropsk\u00e9 vapery, kte\u0159\u00ed hledaj\u00ed pohodl\u00ed, styl a spolehliv\u00fd v\u00fdkon. S 22ml n\u00e1dr\u017ekou na e-liquid a 850mAh dob\u00edjec\u00ed bateri\u00ed poskytuje a\u017e 15 000 pot\u00e1hnut\u00ed hladk\u00e9 p\u00e1ry bez p\u0159eru\u0161en\u00ed, co\u017e je ide\u00e1ln\u00ed pro dlouh\u00e9 sezen\u00ed doma nebo na cest\u00e1ch.<\/p>\n<p data-start=\"606\" data-end=\"970\">Ergonomicky navr\u017een\u00e9, tenk\u00e9 a p\u0159enosn\u00e9 t\u011blo se pohodln\u011b vejde do ruky nebo kapsy a nab\u00edz\u00ed elegantn\u00ed, modern\u00ed vzhled. Pokro\u010dil\u00e1 technologie mesh c\u00edvky zvy\u0161uje intenzitu chuti a produkci p\u00e1ry, co\u017e zaji\u0161\u0165uje, \u017ee ka\u017ed\u00e9 pot\u00e1hnut\u00ed p\u0159in\u00e1\u0161\u00ed bohatou, uspokojivou chu\u0165. Mo\u017enosti nikotinov\u00e9 soli umo\u017e\u0148uj\u00ed 2% nebo 5% s\u00edlu, co\u017e vyhovuje jak m\u00edrn\u00fdm, tak siln\u011bj\u0161\u00edm preferenc\u00edm vapingu.<\/p>\n<p data-start=\"972\" data-end=\"1278\">S \u0161irokou \u0161k\u00e1lou ovocn\u00fdch, mentolov\u00fdch a klasick\u00fdch tab\u00e1kov\u00fdch p\u0159\u00edchut\u00ed, Rumbar Tornado 15000 tah\u016f <strong data-start=\"1044\" data-end=\"1089\">QST Rum Bar Torn\u00e1do <a href=\"https:\/\/vapebulkp.com\/cs\/product-category\/15000-puffs-disposable-vape\/\">15000 pot\u00e1hnut\u00ed jednor\u00e1zov\u00e1 e-cigareta<\/a><\/strong> spl\u0148uje r\u016fznorod\u00e9 chu\u0165ov\u00e9 preference p\u0159i zachov\u00e1n\u00ed konzistentn\u00edho v\u00fdkonu. Lehk\u00fd, dob\u00edjec\u00ed a p\u0159ipraven\u00fd k velkoobchodn\u00edmu prodeji, je to ide\u00e1ln\u00ed volba pro maloobchodn\u00edky a velkoobchodn\u00ed kupce v EU.<\/p>\n<p><img decoding=\"async\" class=\"alignnone size-full wp-image-1939\" src=\"http:\/\/vapebulkp.com\/wp-content\/uploads\/2023\/10\/Rumbar-tornado-15000-Puffs.jpg\" alt=\"Rumbar tornado 15000 Puffs velkoobchodn\u00ed cena \u010cesk\u00e1 republika\" width=\"1000\" height=\"734\" srcset=\"https:\/\/vapebulkp.com\/wp-content\/uploads\/2023\/10\/Rumbar-tornado-15000-Puffs.jpg 1000w, https:\/\/vapebulkp.com\/wp-content\/uploads\/2023\/10\/Rumbar-tornado-15000-Puffs-300x220.jpg 300w, https:\/\/vapebulkp.com\/wp-content\/uploads\/2023\/10\/Rumbar-tornado-15000-Puffs-768x564.jpg 768w, https:\/\/vapebulkp.com\/wp-content\/uploads\/2023\/10\/Rumbar-tornado-15000-Puffs-600x440.jpg 600w\" sizes=\"(max-width: 1000px) 100vw, 1000px\" \/><\/p>\n<h6>Pro slevu pros\u00edm kontaktujte Mandy p\u0159es WhatsApp<a href=\"https:\/\/wa.me\/8618077105796\">+8618077105796<\/a><\/h6>\n<h3><img decoding=\"async\" class=\"alignnone wp-image-2151\" src=\"http:\/\/vapebulkp.com\/wp-content\/uploads\/2024\/04\/Mandy-WhatsApp-Randm.jpg\" alt=\"Mandy WhatsApp Randm\" width=\"247\" height=\"263\" srcset=\"https:\/\/vapebulkp.com\/wp-content\/uploads\/2024\/04\/Mandy-WhatsApp-Randm.jpg 916w, https:\/\/vapebulkp.com\/wp-content\/uploads\/2024\/04\/Mandy-WhatsApp-Randm-282x300.jpg 282w, https:\/\/vapebulkp.com\/wp-content\/uploads\/2024\/04\/Mandy-WhatsApp-Randm-768x817.jpg 768w, https:\/\/vapebulkp.com\/wp-content\/uploads\/2024\/04\/Mandy-WhatsApp-Randm-600x638.jpg 600w\" sizes=\"(max-width: 247px) 100vw, 247px\" \/><\/h3>\n<h2>Mysleli jsme, \u017ee by se v\u00e1m mohly l\u00edbit informace o Rumbar Tornado 15000 tah\u016f:<\/h2>\n<p>&nbsp;<\/p>\n<h6>1. Jak\u00e1 je kapacita e-liquidu Rumbar Tornado 15000 tah\u016f?<\/h6>\n<p>Toto za\u0159\u00edzen\u00ed m\u00e1 22ml e-liquidu.<\/p>\n<h6>2. Jak dlouho tato vape vydr\u017e\u00ed?<\/h6>\n<p>500 pot\u00e1hnut\u00ed\/den, vydr\u017e\u00ed 30 dn\u00ed<br \/>\n1000 pot\u00e1hnut\u00ed\/den, vydr\u017e\u00ed 15 dn\u00ed<br \/>\n2000 pot\u00e1hnut\u00ed\/den, vydr\u017e\u00ed 8 dn\u00ed<\/p>\n<h6>3. Jak nab\u00edt jednor\u00e1zovou vape za\u0159\u00edzen\u00ed Rumbar Tornado 15000 tah\u016f?<\/h6>\n<p>Nelze pou\u017e\u00edt rychlonab\u00edje\u010dky. Standardn\u00ed bezpe\u010dn\u00fd v\u00fdkon jednor\u00e1zov\u00fdch e-cigaret je 5V 1A. Ka\u017ed\u00e1 doba nab\u00edjen\u00ed nesm\u00ed p\u0159es\u00e1hnout 1 hodinu a bezpe\u010dn\u00e1 doba nab\u00edjen\u00ed je p\u016fl hodiny.<\/p>\n<p><span style=\"color: #ff6600\">Upozorn\u011bn\u00ed: nenab\u00edjejte celou noc!<\/span><\/p>\n<h6>4. Jak pou\u017e\u00edvat Rumbar Tornado 15000 tah\u016f?<\/h6>\n<p>1: P\u0159ed pou\u017eit\u00edm 15k tah\u016f, vyt\u00e1hn\u011bte plastovou trubku.<br \/>\n2: Po\u010dkejte asi 3 minuty, aby se liquid dostal dovnit\u0159 c\u00edvky.<br \/>\n3: Za\u010dn\u011bte si to u\u017e\u00edvat<\/p>\n<h3><strong><span style=\"vertical-align: inherit\">Specifikace pro Rumbar Tornado 15000<\/span><\/strong><strong>Pot\u00e1hnut\u00ed<\/strong><strong><span style=\"vertical-align: inherit\">\uff1a<\/span><br \/>\n<\/strong><\/h3>\n<ul>\n<li>Baterie: 850 mAh (Type C)<br \/>\nKapacita: 22ml<br \/>\nC\u00edvka: 0,8 ohm mesh<br \/>\nP\u0159ibli\u017en\u00fd objem pot\u00e1hnut\u00ed: 15000 pot\u00e1hnut\u00ed<br \/>\nPlus s\u00edla nikotinu: 21 % , 51 %<\/li>\n<li>Efektivn\u00ed a konzistentn\u00ed dod\u00e1vka energie<\/li>\n<li>MOQ: 100ks<\/li>\n<\/ul>\n<h3><strong>Jak\u00e9 jsou nejlep\u0161\u00ed p\u0159\u00edchut\u011b vape Rumbar Tornado 15k?<\/strong><\/h3>\n<p>&nbsp;<\/p>\n<p>1. Chladiv\u00e1 m\u00e1ta<br \/>\n2. Ledov\u00e1 cola<br \/>\n3. Melounov\u00e1 p\u00e1ska<br \/>\n4. Hroznov\u00fd led<br \/>\n5.Bor\u016fvkov\u00fd led<br \/>\n6. Mango broskev ananas<br \/>\n7. Melounov\u00fd led<br \/>\n8. Guavov\u00e1 p\u00e1ska<br \/>\n9. Broskev<br \/>\n10. Nakr\u00e1jen\u00e9 \u010derven\u00e9 jablko<br \/>\n11. Kiwi mu\u010denka guava<br \/>\n12. Jahodov\u00fd led<br \/>\n13. Sm\u00ed\u0161en\u00e9 ovoce<br \/>\n14. Mango jahodov\u00fd led<br \/>\n15. Li\u010di led<\/p>\n<p>&nbsp;<\/p>\n<p><a href=\"https:\/\/vapebulkp.com\/cs\/product\/popular-randm-tornado-7000puffs-disposable-vape-best-price\/\"><span style=\"vertical-align: inherit\">RandM Tornado 7000 potah\u016f <\/span><\/a><\/p>\n<p><span style=\"vertical-align: inherit\">Najd\u011bte dal\u0161\u00ed produkty, kter\u00e9 by se v\u00e1m mohly l\u00edbit:<\/span><em><a href=\"https:\/\/wa.me\/8618077105796\"><span style=\"vertical-align: inherit\">\u00a0Kupte to te\u010f<\/span><\/a><\/em><\/p>\n<p><span style=\"vertical-align: inherit\">Dal\u0161\u00ed potahy, kter\u00e9 by se v\u00e1m mohly l\u00edbit:<\/span><a href=\"https:\/\/vapebulkp.com\/cs\/product\/bang-with-a-vape-18000-puffs-crown-bar-hot-vape\/\"><span style=\"vertical-align: inherit\">Bang 18000 potah\u016f<\/span><\/a><span style=\"vertical-align: inherit\">\u3001<\/span><a href=\"https:\/\/vapebulkp.com\/cs\/product\/top-sale-waspe-12000puffs-disposable-vape-wholesale-france\/\"><span style=\"vertical-align: inherit\">WASPE 12000 potah\u016f<\/span><\/a><span style=\"vertical-align: inherit\">\/ <\/span><a href=\"https:\/\/vapebulkp.com\/cs\/product\/wholesale-randm-tornado-9000-puffs-germany\/\"><span style=\"vertical-align: inherit\">RandM Tornado 9000 pot\u00e1hnut\u00ed<\/span><\/a><span style=\"vertical-align: inherit\">\/ <\/span><a href=\"https:\/\/vapebulkp.com\/cs\/product\/bang-box-12000puffs-good-vape-sweden-wholesale-price\/\"><span style=\"vertical-align: inherit\">Bang Vape Box 12000 pot\u00e1hnut\u00ed<\/span><\/a><\/p>\n<p><span style=\"vertical-align: inherit\">E-cigaretov\u00e1 l\u00e1hev speci\u00e1ln\u00edho tvaru:<\/span><a href=\"https:\/\/vapebulkp.com\/cs\/product\/good-sale-randm-tornado-10000-puffs-plus\/\"><span style=\"vertical-align: inherit\">RandM Tornado 10000 pot\u00e1hnut\u00ed Plus <\/span><\/a><span style=\"vertical-align: inherit\">\/<\/span><a href=\"https:\/\/vapebulkp.com\/cs\/product\/fumot-digital-box-12000-disposable-vape-wholesale\/\"><span style=\"vertical-align: inherit\">Fumot Digital Box 12000 pot\u00e1hnut\u00ed <\/span><\/a><\/p>\n<h4>Kvalifikace v\u00fdroby:<\/h4>\n<p><img decoding=\"async\" class=\"alignnone size-full wp-image-1841\" src=\"http:\/\/vapebulkp.com\/wp-content\/uploads\/2023\/11\/Vape-production-process-2.jpeg\" alt=\"Proces v\u00fdroby vape\" width=\"650\" height=\"434\" srcset=\"https:\/\/vapebulkp.com\/wp-content\/uploads\/2023\/11\/Vape-production-process-2.jpeg 650w, https:\/\/vapebulkp.com\/wp-content\/uploads\/2023\/11\/Vape-production-process-2-300x200.jpeg 300w, https:\/\/vapebulkp.com\/wp-content\/uploads\/2023\/11\/Vape-production-process-2-600x401.jpeg 600w\" sizes=\"(max-width: 650px) 100vw, 650px\" \/><\/p>\n<p><img decoding=\"async\" class=\"alignnone size-full wp-image-1843\" src=\"http:\/\/vapebulkp.com\/wp-content\/uploads\/2023\/11\/Vape-production-process.jpeg\" alt=\"Proces v\u00fdroby vape\" width=\"641\" height=\"1026\" srcset=\"https:\/\/vapebulkp.com\/wp-content\/uploads\/2023\/11\/Vape-production-process.jpeg 641w, https:\/\/vapebulkp.com\/wp-content\/uploads\/2023\/11\/Vape-production-process-187x300.jpeg 187w, https:\/\/vapebulkp.com\/wp-content\/uploads\/2023\/11\/Vape-production-process-640x1024.jpeg 640w, https:\/\/vapebulkp.com\/wp-content\/uploads\/2023\/11\/Vape-production-process-600x960.jpeg 600w\" sizes=\"(max-width: 641px) 100vw, 641px\" \/><\/p>\n<h5>Nej\u010dast\u011bj\u0161\u00ed dotazy:<\/h5>\n<p>Q: Jak\u00e9 je minim\u00e1ln\u00ed objednac\u00ed mno\u017estv\u00ed Rumbar Tornado 15000 pot\u00e1hnut\u00ed?<br \/>\nOdpov\u011b\u010f: Minim\u00e1ln\u00ed objedn\u00e1vka je 100 ks.<br \/>\nOt\u00e1zka: Jak\u00e1 je dodac\u00ed lh\u016fta pro objednan\u00e9 elektronick\u00e9 cigarety?<br \/>\nOdpov\u011b\u010f: Obvykle je to 10-15 dn\u00ed po odesl\u00e1n\u00ed.<br \/>\nOt\u00e1zka: Kolik stoj\u00ed po\u0161tovn\u00e9? Odpov\u011b\u010f: N\u00e1klady na dopravu z\u00e1vis\u00ed na v\u00e1ze. N\u00e1klady na dopravu se li\u0161\u00ed v z\u00e1vislosti na mno\u017estv\u00ed a v ka\u017ed\u00e9 zemi jsou odli\u0161n\u00e9. P\u0159ed zad\u00e1n\u00edm objedn\u00e1vky n\u00e1s pros\u00edm kontaktujte, abychom potvrdili n\u00e1klady na dopravu. Poskytneme v\u00e1m uspokojiv\u00fd z\u00e1\u017eitek z nakupov\u00e1n\u00ed.<\/p>\n<h4>Podrobnosti o p\u0159eprav\u011b:<\/h4>\n<p><span style=\"color: #ff6600\">Doba v\u00fdroby: 5-10 pracovn\u00edch dn\u016f<\/span><br \/>\n<span style=\"color: #ff6600\">Doba p\u0159epravy: 8-14 pracovn\u00edch dn\u016f<\/span><\/p>\n<p>V\u0161echny produkty v na\u0161em obchod\u011b jsou 100% origin\u00e1ln\u00ed a autentick\u00e9, tak\u017ee desetin\u00e1sobn\u00e1 n\u00e1hrada za pad\u011blky je na\u0161\u00ed obchodn\u00ed politikou. K doru\u010den\u00ed zbo\u017e\u00ed pou\u017e\u00edv\u00e1me logistick\u00e9 kan\u00e1ly jako UPS\/DHL\/FEDEX\/DPD.<\/p>\n<p>Pro z\u00e1silky odeslan\u00e9 do \u010cesk\u00e9 republiky obvykle trv\u00e1 doru\u010den\u00ed 10 pracovn\u00edch dn\u016f. Doru\u010den\u00ed do evropsk\u00fdch zem\u00ed obvykle trv\u00e1 12 a\u017e 15 pracovn\u00edch dn\u016f. Logistick\u00e9 informace pro v\u00e1s budeme aktualizovat v re\u00e1ln\u00e9m \u010dase.<\/p>\n<h3>Dobr\u00fd poprodejn\u00ed servis:<\/h3>\n<p><span style=\"color: #ff6600\">Upozorn\u011bn\u00ed: \u017d\u00e1dn\u00e9 vr\u00e1cen\u00ed pen\u011bz ani v\u00fdm\u011bna z d\u016fvod\u016f nesouvisej\u00edc\u00edch s kvalitou<\/span><br \/>\n1. Z\u00e1kazn\u00edci si mohou vybrat p\u0159\u00edchu\u0165, kterou cht\u011bj\u00ed, ale pokud p\u0159\u00edchu\u0165 nen\u00ed skladem, v\u00fdrobn\u00ed odd\u011blen\u00ed vybere popul\u00e1rn\u00ed p\u0159\u00edchu\u0165 k jej\u00ed n\u00e1hrad\u011b. Z\u00e1kazn\u00edci nesm\u00ed \u017e\u00e1dat o vr\u00e1cen\u00ed pen\u011bz nebo v\u00fdm\u011bnu na z\u00e1klad\u011b p\u0159\u00edchut\u00ed.<\/p>\n<p>2. V p\u0159\u00edpad\u011b probl\u00e9m\u016f s kvalitou poskytn\u011bte podrobn\u00fd popis videa a obr\u00e1zk\u016f.<br \/>\nPokud nem\u016f\u017eete poskytnout d\u016fkazy, jako jsou videa a fotografie, zbo\u017e\u00ed nelze vym\u011bnit.<\/p>","protected":false},"excerpt":{"rendered":"<p>Dobr\u00e1 prodejn\u00ed vape Rumbar Tornado 15000 tah\u016f<br \/>\nRumbar Tornado 15000 tah\u016f VAPE KIT \u010cesk\u00e1 republika<br \/>\nNejlep\u0161\u00ed vape Rumbar Tornado 15000 tah\u016f VAPE BAR<br \/>\nObl\u00edben\u00e1 Rumbar Tornado 15000 tah\u016f VAPE\u00a0 \u010cesk\u00e1 republika<br \/>\nDobr\u00e1 vape Rumbar Tornado 15000 tah\u016f Top prodejn\u00ed vape<\/p>\n<p><img decoding=\"async\" class=\"alignnone wp-image-2151\" src=\"http:\/\/vapebulkp.com\/wp-content\/uploads\/2024\/04\/Mandy-WhatsApp-Randm.jpg\" alt=\"Mandy WhatsApp Randm\" width=\"307\" height=\"326\" srcset=\"https:\/\/vapebulkp.com\/wp-content\/uploads\/2024\/04\/Mandy-WhatsApp-Randm.jpg 916w, https:\/\/vapebulkp.com\/wp-content\/uploads\/2024\/04\/Mandy-WhatsApp-Randm-282x300.jpg 282w, https:\/\/vapebulkp.com\/wp-content\/uploads\/2024\/04\/Mandy-WhatsApp-Randm-768x817.jpg 768w, https:\/\/vapebulkp.com\/wp-content\/uploads\/2024\/04\/Mandy-WhatsApp-Randm-600x638.jpg 600w\" sizes=\"(max-width: 307px) 100vw, 307px\" \/><\/p>\n<p>Pro slevu pros\u00edm kontaktujte Mandy p\u0159es WhatsApp<a href=\"https:\/\/wa.me\/8618077105796\">+8618077105796<\/a><\/p>\n<p><span style=\"color: #ff0000\">POZN\u00c1MKA: Ceny na na\u0161em webu nezahrnuj\u00ed n\u00e1klady na dopravu<\/span><\/p>","protected":false},"featured_media":1939,"comment_status":"open","ping_status":"closed","template":"","meta":{"_uag_custom_page_level_css":"","_lmt_disableupdate":"no","_lmt_disable":"","site-sidebar-layout":"default","site-content-layout":"content-boxed-container","ast-site-content-layout":"normal-width-container","site-content-style":"boxed","site-sidebar-style":"unboxed","ast-global-header-display":"","ast-banner-title-visibility":"","ast-main-header-display":"","ast-hfb-above-header-display":"","ast-hfb-below-header-display":"","ast-hfb-mobile-header-display":"","site-post-title":"","ast-breadcrumbs-content":"","ast-featured-img":"","footer-sml-layout":"","theme-transparent-header-meta":"default","adv-header-id-meta":"","stick-header-meta":"","header-above-stick-meta":"","header-main-stick-meta":"","header-below-stick-meta":"","astra-migrate-meta-layouts":"set","_joinchat":[]},"product_cat":[165,153,155,33,59,100,34,158,157,154,152,58,84,156,63,32],"product_tag":[77,36,37,41,73,40],"class_list":["post-1775","product","type-product","status-publish","has-post-thumbnail","hentry","product_cat-15000-puffs-disposable-vape","product_cat-hot-disposable-vapes","product_cat-belgium-hot-disposable-vapes","product_cat-france-vape-hot-sale","product_cat-germany-hot-disposable-vape","product_cat-germany-wholesale-vape-shop","product_cat-netherlands-vape-good-sale","product_cat-norway-hot-disposable-vapes","product_cat-poland-hot-disposable-vapes","product_cat-portugal-hot-disposable-vapes","product_cat-spain-hot-disposable-vapes","product_cat-sweden-hot-disposable-vape","product_cat-sweden-wholesale-vape","product_cat-switzerland-hot-disposable-vapes","product_cat-top-sale-disposable-vape","product_cat-vape-hot-sale-this-week","product_tag-15000-puffs","product_tag-good-vape","product_tag-hot-sale-disposable-vape","product_tag-poland-hot-vape","product_tag-randm-10000puffs-vape","product_tag-sweden-hot-vape","desktop-align-left","tablet-align-left","mobile-align-left"],"yoast_head":"<!-- This site is optimized with the Yoast SEO plugin v21.1 - https:\/\/yoast.com\/wordpress\/plugins\/seo\/ -->\n<title>QST Rum Bar Tornado 15000 Good Disposable Vape - vapebulkp.com<\/title>\n<meta name=\"description\" content=\"Get the QST Rum Bar Tornado 15000 Puffs Disposable Vape \u2014 high-capacity, sleek, and ready to use with rich flavors.\" \/>\n<meta name=\"robots\" content=\"index, follow, max-snippet:-1, max-image-preview:large, max-video-preview:-1\" \/>\n<link rel=\"canonical\" href=\"https:\/\/vapebulkp.com\/cs\/product\/qst-rum-bar-tornado-15000-good-disposable-vape\/\" \/>\n<meta property=\"og:locale\" content=\"cs_CZ\" \/>\n<meta property=\"og:type\" content=\"article\" \/>\n<meta property=\"og:title\" content=\"QST Rum Bar Tornado 15000 Good Disposable Vape - vapebulkp.com\" \/>\n<meta property=\"og:description\" content=\"Get the QST Rum Bar Tornado 15000 Puffs Disposable Vape \u2014 high-capacity, sleek, and ready to use with rich flavors.\" \/>\n<meta property=\"og:url\" content=\"https:\/\/vapebulkp.com\/cs\/product\/qst-rum-bar-tornado-15000-good-disposable-vape\/\" \/>\n<meta property=\"og:site_name\" content=\"vapebulkp.com\" \/>\n<meta property=\"article:modified_time\" content=\"2025-09-01T03:11:12+00:00\" \/>\n<meta property=\"og:image\" content=\"http:\/\/vapebulkp.com\/wp-content\/uploads\/2023\/10\/Rumbar-tornado-15000-Puffs.jpg\" \/>\n\t<meta property=\"og:image:width\" content=\"1000\" \/>\n\t<meta property=\"og:image:height\" content=\"734\" \/>\n\t<meta property=\"og:image:type\" content=\"image\/jpeg\" \/>\n<meta name=\"twitter:card\" content=\"summary_large_image\" \/>\n<meta name=\"twitter:label1\" content=\"Odhadovan\u00e1 doba \u010dten\u00ed\" \/>\n\t<meta name=\"twitter:data1\" content=\"4 minuty\" \/>\n<script type=\"application\/ld+json\" class=\"yoast-schema-graph\">{\"@context\":\"https:\/\/schema.org\",\"@graph\":[{\"@type\":\"WebPage\",\"@id\":\"https:\/\/vapebulkp.com\/product\/qst-rum-bar-tornado-15000-good-disposable-vape\/\",\"url\":\"https:\/\/vapebulkp.com\/product\/qst-rum-bar-tornado-15000-good-disposable-vape\/\",\"name\":\"QST Rum Bar Tornado 15000 Good Disposable Vape - vapebulkp.com\",\"isPartOf\":{\"@id\":\"https:\/\/vapebulkp.com\/#website\"},\"datePublished\":\"2023-10-23T07:23:01+00:00\",\"dateModified\":\"2025-09-01T03:11:12+00:00\",\"description\":\"Get the QST Rum Bar Tornado 15000 Puffs Disposable Vape \u2014 high-capacity, sleek, and ready to use with rich flavors.\",\"breadcrumb\":{\"@id\":\"https:\/\/vapebulkp.com\/product\/qst-rum-bar-tornado-15000-good-disposable-vape\/#breadcrumb\"},\"inLanguage\":\"cs\",\"potentialAction\":[{\"@type\":\"ReadAction\",\"target\":[\"https:\/\/vapebulkp.com\/product\/qst-rum-bar-tornado-15000-good-disposable-vape\/\"]}]},{\"@type\":\"BreadcrumbList\",\"@id\":\"https:\/\/vapebulkp.com\/product\/qst-rum-bar-tornado-15000-good-disposable-vape\/#breadcrumb\",\"itemListElement\":[{\"@type\":\"ListItem\",\"position\":1,\"name\":\"Home\",\"item\":\"https:\/\/vapebulkp.com\/\"},{\"@type\":\"ListItem\",\"position\":2,\"name\":\"Hot Trend Vapes\",\"item\":\"https:\/\/vapebulkp.com\/vape-shop\/\"},{\"@type\":\"ListItem\",\"position\":3,\"name\":\"QST Rum Bar Tornado 15000 Good Disposable Vape\"}]},{\"@type\":\"WebSite\",\"@id\":\"https:\/\/vapebulkp.com\/#website\",\"url\":\"https:\/\/vapebulkp.com\/\",\"name\":\"vapebulkp.com\",\"description\":\"Buy Vape In Cheap Bulk Price Near you\",\"publisher\":{\"@id\":\"https:\/\/vapebulkp.com\/#organization\"},\"potentialAction\":[{\"@type\":\"SearchAction\",\"target\":{\"@type\":\"EntryPoint\",\"urlTemplate\":\"https:\/\/vapebulkp.com\/?s={search_term_string}\"},\"query-input\":\"required name=search_term_string\"}],\"inLanguage\":\"cs\"},{\"@type\":\"Organization\",\"@id\":\"https:\/\/vapebulkp.com\/#organization\",\"name\":\"vapebulkp.com\",\"url\":\"https:\/\/vapebulkp.com\/\",\"logo\":{\"@type\":\"ImageObject\",\"inLanguage\":\"cs\",\"@id\":\"https:\/\/vapebulkp.com\/#\/schema\/logo\/image\/\",\"url\":\"https:\/\/vapebulkp.com\/wp-content\/uploads\/2023\/09\/cropped-vapebulkp.png\",\"contentUrl\":\"https:\/\/vapebulkp.com\/wp-content\/uploads\/2023\/09\/cropped-vapebulkp.png\",\"width\":516,\"height\":163,\"caption\":\"vapebulkp.com\"},\"image\":{\"@id\":\"https:\/\/vapebulkp.com\/#\/schema\/logo\/image\/\"}}]}<\/script>\n<!-- \/ Yoast SEO plugin. -->","yoast_head_json":{"title":"QST Rum Bar Tornado 15000 Good Disposable Vape - vapebulkp.com","description":"Get the QST Rum Bar Tornado 15000 Puffs Disposable Vape \u2014 high-capacity, sleek, and ready to use with rich flavors.","robots":{"index":"index","follow":"follow","max-snippet":"max-snippet:-1","max-image-preview":"max-image-preview:large","max-video-preview":"max-video-preview:-1"},"canonical":"https:\/\/vapebulkp.com\/cs\/product\/qst-rum-bar-tornado-15000-good-disposable-vape\/","og_locale":"cs_CZ","og_type":"article","og_title":"QST Rum Bar Tornado 15000 Good Disposable Vape - vapebulkp.com","og_description":"Get the QST Rum Bar Tornado 15000 Puffs Disposable Vape \u2014 high-capacity, sleek, and ready to use with rich flavors.","og_url":"https:\/\/vapebulkp.com\/cs\/product\/qst-rum-bar-tornado-15000-good-disposable-vape\/","og_site_name":"vapebulkp.com","article_modified_time":"2025-09-01T03:11:12+00:00","og_image":[{"width":1000,"height":734,"url":"http:\/\/vapebulkp.com\/wp-content\/uploads\/2023\/10\/Rumbar-tornado-15000-Puffs.jpg","type":"image\/jpeg"}],"twitter_card":"summary_large_image","twitter_misc":{"Odhadovan\u00e1 doba \u010dten\u00ed":"4 minuty"},"schema":{"@context":"https:\/\/schema.org","@graph":[{"@type":"WebPage","@id":"https:\/\/vapebulkp.com\/product\/qst-rum-bar-tornado-15000-good-disposable-vape\/","url":"https:\/\/vapebulkp.com\/product\/qst-rum-bar-tornado-15000-good-disposable-vape\/","name":"QST Rum Bar Tornado 15000 Good Disposable Vape - vapebulkp.com","isPartOf":{"@id":"https:\/\/vapebulkp.com\/#website"},"datePublished":"2023-10-23T07:23:01+00:00","dateModified":"2025-09-01T03:11:12+00:00","description":"Get the QST Rum Bar Tornado 15000 Puffs Disposable Vape \u2014 high-capacity, sleek, and ready to use with rich flavors.","breadcrumb":{"@id":"https:\/\/vapebulkp.com\/product\/qst-rum-bar-tornado-15000-good-disposable-vape\/#breadcrumb"},"inLanguage":"cs","potentialAction":[{"@type":"ReadAction","target":["https:\/\/vapebulkp.com\/product\/qst-rum-bar-tornado-15000-good-disposable-vape\/"]}]},{"@type":"BreadcrumbList","@id":"https:\/\/vapebulkp.com\/product\/qst-rum-bar-tornado-15000-good-disposable-vape\/#breadcrumb","itemListElement":[{"@type":"ListItem","position":1,"name":"Home","item":"https:\/\/vapebulkp.com\/"},{"@type":"ListItem","position":2,"name":"Hot Trend Vapes","item":"https:\/\/vapebulkp.com\/vape-shop\/"},{"@type":"ListItem","position":3,"name":"QST Rum Bar Tornado 15000 Good Disposable Vape"}]},{"@type":"WebSite","@id":"https:\/\/vapebulkp.com\/#website","url":"https:\/\/vapebulkp.com\/","name":"vapebulkp.com","description":"Buy Vape In Cheap Bulk Price Near you","publisher":{"@id":"https:\/\/vapebulkp.com\/#organization"},"potentialAction":[{"@type":"SearchAction","target":{"@type":"EntryPoint","urlTemplate":"https:\/\/vapebulkp.com\/?s={search_term_string}"},"query-input":"required name=search_term_string"}],"inLanguage":"cs"},{"@type":"Organization","@id":"https:\/\/vapebulkp.com\/#organization","name":"vapebulkp.com","url":"https:\/\/vapebulkp.com\/","logo":{"@type":"ImageObject","inLanguage":"cs","@id":"https:\/\/vapebulkp.com\/#\/schema\/logo\/image\/","url":"https:\/\/vapebulkp.com\/wp-content\/uploads\/2023\/09\/cropped-vapebulkp.png","contentUrl":"https:\/\/vapebulkp.com\/wp-content\/uploads\/2023\/09\/cropped-vapebulkp.png","width":516,"height":163,"caption":"vapebulkp.com"},"image":{"@id":"https:\/\/vapebulkp.com\/#\/schema\/logo\/image\/"}}]}},"uagb_featured_image_src":{"full":["https:\/\/vapebulkp.com\/wp-content\/uploads\/2023\/10\/Rumbar-tornado-15000-Puffs.jpg",1000,734,false],"thumbnail":["https:\/\/vapebulkp.com\/wp-content\/uploads\/2023\/10\/Rumbar-tornado-15000-Puffs-150x150.jpg",150,150,true],"medium":["https:\/\/vapebulkp.com\/wp-content\/uploads\/2023\/10\/Rumbar-tornado-15000-Puffs-300x220.jpg",300,220,true],"medium_large":["https:\/\/vapebulkp.com\/wp-content\/uploads\/2023\/10\/Rumbar-tornado-15000-Puffs-768x564.jpg",768,564,true],"large":["https:\/\/vapebulkp.com\/wp-content\/uploads\/2023\/10\/Rumbar-tornado-15000-Puffs.jpg",1000,734,false],"1536x1536":["https:\/\/vapebulkp.com\/wp-content\/uploads\/2023\/10\/Rumbar-tornado-15000-Puffs.jpg",1000,734,false],"2048x2048":["https:\/\/vapebulkp.com\/wp-content\/uploads\/2023\/10\/Rumbar-tornado-15000-Puffs.jpg",1000,734,false],"trp-custom-language-flag":["https:\/\/vapebulkp.com\/wp-content\/uploads\/2023\/10\/Rumbar-tornado-15000-Puffs.jpg",16,12,false],"woocommerce_thumbnail":["https:\/\/vapebulkp.com\/wp-content\/uploads\/2023\/10\/Rumbar-tornado-15000-Puffs-300x300.jpg",300,300,true],"woocommerce_single":["https:\/\/vapebulkp.com\/wp-content\/uploads\/2023\/10\/Rumbar-tornado-15000-Puffs-600x440.jpg",600,440,true],"woocommerce_gallery_thumbnail":["https:\/\/vapebulkp.com\/wp-content\/uploads\/2023\/10\/Rumbar-tornado-15000-Puffs-100x100.jpg",100,100,true],"wcpr-photo-reviews":["https:\/\/vapebulkp.com\/wp-content\/uploads\/2023\/10\/Rumbar-tornado-15000-Puffs.jpg",500,367,false]},"uagb_author_info":{"display_name":"Mandy vape bulk price","author_link":"https:\/\/vapebulkp.com\/cs\/author\/"},"uagb_comment_info":1,"uagb_excerpt":"Good Sale Vape Rumbar Tornado 15000Puffs Rumbar Tornado 15000Puffs VAPE KIT Sweden Best Vape Rumbar Tornado 15000Puffs VAPE BAR Popular Rumbar Tornado 15000Puffs VAPE\u00a0 France Good Vape Rumbar Tornado 15000Puffs Top Sale Vape Pls Contact Mandy's WhatsApp For Discount Price+8618077105796 NOTE: Prices on our website does not include shipping costs","_links":{"self":[{"href":"https:\/\/vapebulkp.com\/cs\/wp-json\/wp\/v2\/product\/1775","targetHints":{"allow":["GET"]}}],"collection":[{"href":"https:\/\/vapebulkp.com\/cs\/wp-json\/wp\/v2\/product"}],"about":[{"href":"https:\/\/vapebulkp.com\/cs\/wp-json\/wp\/v2\/types\/product"}],"replies":[{"embeddable":true,"href":"https:\/\/vapebulkp.com\/cs\/wp-json\/wp\/v2\/comments?post=1775"}],"wp:featuredmedia":[{"embeddable":true,"href":"https:\/\/vapebulkp.com\/cs\/wp-json\/wp\/v2\/media\/1939"}],"wp:attachment":[{"href":"https:\/\/vapebulkp.com\/cs\/wp-json\/wp\/v2\/media?parent=1775"}],"wp:term":[{"taxonomy":"product_cat","embeddable":true,"href":"https:\/\/vapebulkp.com\/cs\/wp-json\/wp\/v2\/product_cat?post=1775"},{"taxonomy":"product_tag","embeddable":true,"href":"https:\/\/vapebulkp.com\/cs\/wp-json\/wp\/v2\/product_tag?post=1775"}],"curies":[{"name":"wp","href":"https:\/\/api.w.org\/{rel}","templated":true}]}}