{"id":1783,"date":"2023-10-25T04:02:28","date_gmt":"2023-10-25T02:02:28","guid":{"rendered":"https:\/\/vapebulkp.com\/?post_type=product&#038;p=1783"},"modified":"2025-09-01T04:57:41","modified_gmt":"2025-09-01T02:57:41","slug":"bulk-buy-vapetop-sale-breze-7500-puffs-sweden","status":"publish","type":"product","link":"https:\/\/vapebulkp.com\/cs\/product\/bulk-buy-vapetop-sale-breze-7500-puffs-sweden\/","title":{"rendered":"Hromadn\u00fd n\u00e1kup VapTop Sale Breze 7500 Puffs \u010cesk\u00e1 republika"},"content":{"rendered":"<h2>Co je velkoobchodn\u00ed n\u00e1kup VapTop Sale Breze 7500 pot\u00e1hnut\u00ed \u0160v\u00e9dsko?<\/h2>\n<p>&nbsp;<\/p>\n<p data-start=\"444\" data-end=\"744\">Ten <strong data-start=\"474\" data-end=\"510\">Breze 7500 pot\u00e1hnut\u00ed jednor\u00e1zov\u00fd Vape<\/strong> je pr\u00e9miov\u00e1, dlouhotrvaj\u00edc\u00ed vape za\u0159\u00edzen\u00ed vytvo\u0159en\u00e9 pro u\u017eivatele, kte\u0159\u00ed vy\u017eaduj\u00ed kvalitu, kapacitu a pohodl\u00ed. Navr\u017eeno s ohledem na evropsk\u00e9 velkoobchodn\u00ed kupce a maloobchodn\u00edky, toto za\u0159\u00edzen\u00ed kombinuje siln\u00fd v\u00fdkon s elegantn\u00edm, p\u0159ipraven\u00fdm k pou\u017eit\u00ed designem.<\/p>\n<p data-start=\"746\" data-end=\"1032\">Ka\u017ed\u00e1 jednotka je dod\u00e1v\u00e1na <strong data-start=\"762\" data-end=\"820\">p\u0159edpln\u011bn\u00e1 16ml pr\u00e9miov\u00e9ho e-liquidu s nikotinovou sol\u00ed<\/strong> a nab\u00edz\u00ed volbu 2% nebo 5% s\u00edly nikotinu. S a\u017e <strong data-start=\"883\" data-end=\"908\">7500 pot\u00e1hnut\u00ed na za\u0159\u00edzen\u00ed<\/strong>, Breze poskytuje konzistentn\u00ed v\u00fdstup p\u00e1ry a hladk\u00e9 pot\u00e1hnut\u00ed, kter\u00e9 uspokoj\u00ed jak p\u0159\u00edle\u017eitostn\u00e9 u\u017eivatele, tak zku\u0161en\u00e9 vapery.<\/p>\n<p data-start=\"1034\" data-end=\"1313\">Breze, poh\u00e1n\u011bn\u00e9 integrovanou bateri\u00ed, je dod\u00e1v\u00e1no <strong data-start=\"1086\" data-end=\"1119\">p\u0159ednabit\u00e9 a p\u0159ipraven\u00e9 k vapov\u00e1n\u00ed<\/strong> rovnou z krabice, co\u017e eliminuje pot\u0159ebu dopl\u0148ov\u00e1n\u00ed nebo nab\u00edjen\u00ed. Pokro\u010dil\u00e1 formulace nikotinov\u00e9 soli zlep\u0161uje chu\u0165 a z\u00e1rove\u0148 poskytuje vyv\u00e1\u017een\u00e9, uspokojuj\u00edc\u00ed pot\u00e1hnut\u00ed bez drsnosti.<\/p>\n<p data-start=\"1315\" data-end=\"1653\">Kompaktn\u00ed, spolehliv\u00e9 a vytvo\u0159en\u00e9 pro ka\u017edodenn\u00ed pou\u017eit\u00ed, <strong data-start=\"1366\" data-end=\"1402\">Breze 7500 pot\u00e1hnut\u00ed jednor\u00e1zov\u00fd Vape<\/strong> je vynikaj\u00edc\u00ed volbou pro velkoobchodn\u00ed objedn\u00e1vky, maloobchodn\u00ed prodej a projekty soukrom\u00fdch zna\u010dek s mo\u017enost\u00ed OEM. D\u016fv\u011bryhodn\u00e1 volba pro <strong data-start=\"1532\" data-end=\"1577\">Evropsk\u00fd velkoobchodn\u00ed trh s jednor\u00e1zov\u00fdmi vapery<\/strong>, zaji\u0161\u0165uje dlouhou trvanlivost, plynulou logistiku a rychl\u00fd obrat z\u00e1sob.<\/p>\n<h3><img decoding=\"async\" class=\"alignnone wp-image-1790\" src=\"http:\/\/vapebulkp.com\/wp-content\/uploads\/2023\/10\/Good-Sale-Vape-Breze-7500-Puffs-8.jpg\" alt=\"Dobr\u00fd prodej Vape Breze 7500 pot\u00e1hnut\u00ed (8)\" width=\"652\" height=\"652\" srcset=\"https:\/\/vapebulkp.com\/wp-content\/uploads\/2023\/10\/Good-Sale-Vape-Breze-7500-Puffs-8.jpg 1000w, https:\/\/vapebulkp.com\/wp-content\/uploads\/2023\/10\/Good-Sale-Vape-Breze-7500-Puffs-8-300x300.jpg 300w, https:\/\/vapebulkp.com\/wp-content\/uploads\/2023\/10\/Good-Sale-Vape-Breze-7500-Puffs-8-150x150.jpg 150w, https:\/\/vapebulkp.com\/wp-content\/uploads\/2023\/10\/Good-Sale-Vape-Breze-7500-Puffs-8-768x768.jpg 768w, https:\/\/vapebulkp.com\/wp-content\/uploads\/2023\/10\/Good-Sale-Vape-Breze-7500-Puffs-8-600x600.jpg 600w, https:\/\/vapebulkp.com\/wp-content\/uploads\/2023\/10\/Good-Sale-Vape-Breze-7500-Puffs-8-100x100.jpg 100w\" sizes=\"(max-width: 652px) 100vw, 652px\" \/><\/h3>\n<h5><\/h5>\n<h6>Pro slevu pros\u00edm kontaktujte Mandy p\u0159es WhatsApp<a href=\"https:\/\/wa.me\/8618077105796\">+8618077105796<\/a><\/h6>\n<p><img decoding=\"async\" class=\"alignnone wp-image-2151\" src=\"http:\/\/vapebulkp.com\/wp-content\/uploads\/2024\/04\/Mandy-WhatsApp-Randm.jpg\" alt=\"Mandy WhatsApp Randm\" width=\"313\" height=\"333\" srcset=\"https:\/\/vapebulkp.com\/wp-content\/uploads\/2024\/04\/Mandy-WhatsApp-Randm.jpg 916w, https:\/\/vapebulkp.com\/wp-content\/uploads\/2024\/04\/Mandy-WhatsApp-Randm-282x300.jpg 282w, https:\/\/vapebulkp.com\/wp-content\/uploads\/2024\/04\/Mandy-WhatsApp-Randm-768x817.jpg 768w, https:\/\/vapebulkp.com\/wp-content\/uploads\/2024\/04\/Mandy-WhatsApp-Randm-600x638.jpg 600w\" sizes=\"(max-width: 313px) 100vw, 313px\" \/><\/p>\n<h2>Myslel jsem, \u017ee byste se r\u00e1di dozv\u011bd\u011bli o Breze 7500 Puffs:<\/h2>\n<p>&nbsp;<\/p>\n<h6>1.JAK\u00c1 JE KAPACITA E-LIQUIDU V Breze 7500 Puffs?<\/h6>\n<p>Toto za\u0159\u00edzen\u00ed obsahuje 16 ml e-liquidu.<\/p>\n<h6>2.JAK DLOUHO TATO VAPE VYDR\u017d\u00cd?<\/h6>\n<p>500 pot\u00e1hnut\u00ed\/den, vydr\u017e\u00ed 30 dn\u00ed<br \/>\n1000 pot\u00e1hnut\u00ed\/den, vydr\u017e\u00ed 15 dn\u00ed<br \/>\n2000 pot\u00e1hnut\u00ed\/den, vydr\u017e\u00ed 8 dn\u00ed<\/p>\n<h6>3.JAK NAB\u00cdT JEDNOR\u00c1ZOV\u00c9 VAPE ZA\u0158\u00cdZEN\u00cd Breze 7500 Puffs?<\/h6>\n<p>Nelze pou\u017e\u00edt rychlonab\u00edje\u010dky. Standardn\u00ed bezpe\u010dn\u00fd v\u00fdkon jednor\u00e1zov\u00fdch e-cigaret je 5V 1A. Ka\u017ed\u00e1 doba nab\u00edjen\u00ed nesm\u00ed p\u0159es\u00e1hnout 1 hodinu a bezpe\u010dn\u00e1 doba nab\u00edjen\u00ed je p\u016fl hodiny.<\/p>\n<p><span style=\"color: #ff6600\">Upozorn\u011bn\u00ed: nenab\u00edjejte celou noc!<\/span><\/p>\n<h6>4.Jak pou\u017e\u00edvat Breze 7500 Puffs?<\/h6>\n<p>1: P\u0159ed pou\u017eit\u00edm 15k tah\u016f, vyt\u00e1hn\u011bte plastovou trubku.<br \/>\n2: Po\u010dkejte asi 3 minuty, aby se liquid dostal dovnit\u0159 c\u00edvky.<br \/>\n3: Za\u010dn\u011bte si to u\u017e\u00edvat<\/p>\n<h3><strong><span style=\"vertical-align: inherit\">Specifikace pro velkoobchodn\u00ed vape Breze 7500 Puffs<\/span><\/strong><strong><span style=\"vertical-align: inherit\">\uff1a<\/span><br \/>\n<\/strong><\/h3>\n<ul>\n<li>Baterie: 650mAh (Typ C)<br \/>\nKapacita: 16 ml<br \/>\nC\u00edvka: 0,8 ohm mesh<br \/>\nP\u0159ibli\u017en\u00fd objem pot\u00e1hnut\u00ed: 7500 pot\u00e1hnut\u00ed<br \/>\nPlus s\u00edla nikotinu: 21 % , 51 %<\/li>\n<li>Efektivn\u00ed a konzistentn\u00ed dod\u00e1vka energie<\/li>\n<li>MOQ: 100ks<\/li>\n<\/ul>\n<h3><strong>Jak\u00e9 jsou nejlep\u0161\u00ed p\u0159\u00edchut\u011b pro vape Breze 7500 Puffs za velkoobchodn\u00ed cenu?<\/strong><\/h3>\n<p>&nbsp;<\/p>\n<p><strong>1.T\u0159e\u0161\u0148ov\u00e1 cola<br \/>\n2.Mango broskev vodn\u00ed meloun<br \/>\n3.Bor\u016fvka kysel\u00e1 malina<br \/>\n4. Pina Colada<br \/>\n5.\u0160\u0165avnat\u00e1 broskev led<br \/>\n6.Hroznov\u00e1 limon\u00e1da<br \/>\n7.Citr\u00f3n m\u00e1ta<br \/>\n8.Melounov\u00e1 ledov\u00e1<br \/>\n9. Tropick\u00e1 duhov\u00e1 exploze<br \/>\n10. Jahodov\u00e1 zmrzlina<br \/>\n11.Energetick\u00fd n\u00e1poj led<br \/>\n12 Bor\u016fvka led\u00a0<\/strong><\/p>\n<p>&nbsp;<\/p>\n<p><a href=\"https:\/\/vapebulkp.com\/cs\/product\/popular-randm-tornado-7000puffs-disposable-vape-best-price\/\"><span style=\"vertical-align: inherit\">RandM Tornado 7000 potah\u016f <\/span><\/a><\/p>\n<p><span style=\"vertical-align: inherit\">Najd\u011bte dal\u0161\u00ed produkty, kter\u00e9 by se v\u00e1m mohly l\u00edbit:<\/span><em><a href=\"https:\/\/wa.me\/8618077105796\"><span style=\"vertical-align: inherit\">\u00a0Kupte to te\u010f<\/span><\/a><\/em><\/p>\n<p><span style=\"vertical-align: inherit\">Dal\u0161\u00ed potahy, kter\u00e9 by se v\u00e1m mohly l\u00edbit:<\/span><a href=\"https:\/\/vapebulkp.com\/cs\/product\/bang-box-12000puffs-good-vape-sweden-wholesale-price\/\"><span style=\"vertical-align: inherit\">Bang Box 12000 potah\u016f<\/span><\/a><span style=\"vertical-align: inherit\">\u3001<\/span><a href=\"https:\/\/vapebulkp.com\/cs\/product\/top-sale-waspe-12000puffs-disposable-vape-wholesale-france\/\"><span style=\"vertical-align: inherit\">WASPE 12000 potah\u016f<\/span><\/a><span style=\"vertical-align: inherit\">\/ <\/span><a href=\"https:\/\/vapebulkp.com\/cs\/product\/wholesale-randm-tornado-9000-puffs-germany\/\"><span style=\"vertical-align: inherit\">RandM Tornado 9000 pot\u00e1hnut\u00ed<\/span><\/a><span style=\"vertical-align: inherit\">\/ <\/span><a href=\"https:\/\/vapebulkp.com\/cs\/product\/disposable-vape-crystal-600-puffs\/\"><span style=\"vertical-align: inherit\">Crystal 600 pot\u00e1hnut\u00ed<\/span><\/a><\/p>\n<p><span style=\"vertical-align: inherit\">E-cigaretov\u00e1 l\u00e1hev speci\u00e1ln\u00edho tvaru:<\/span><a href=\"https:\/\/vapebulkp.com\/cs\/product\/good-sale-randm-tornado-10000-puffs-plus\/\"><span style=\"vertical-align: inherit\">RandM Tornado 10000 pot\u00e1hnut\u00ed Plus <\/span><\/a><span style=\"vertical-align: inherit\">\/<\/span><a href=\"https:\/\/vapebulkp.com\/cs\/product\/popular-vape-bang-king-15000-puffs-bang-vape\/\"><span style=\"vertical-align: inherit\">Bang Vape King 15000 pot\u00e1hnut\u00ed <\/span><\/a><\/p>\n<h5>Kvalifikace v\u00fdroby:<\/h5>\n<p>&nbsp;<\/p>\n<p><img decoding=\"async\" class=\"alignnone size-full wp-image-1841\" src=\"http:\/\/vapebulkp.com\/wp-content\/uploads\/2023\/11\/Vape-production-process-2.jpeg\" alt=\"Proces v\u00fdroby vape\" width=\"650\" height=\"434\" srcset=\"https:\/\/vapebulkp.com\/wp-content\/uploads\/2023\/11\/Vape-production-process-2.jpeg 650w, https:\/\/vapebulkp.com\/wp-content\/uploads\/2023\/11\/Vape-production-process-2-300x200.jpeg 300w, https:\/\/vapebulkp.com\/wp-content\/uploads\/2023\/11\/Vape-production-process-2-600x401.jpeg 600w\" sizes=\"(max-width: 650px) 100vw, 650px\" \/><\/p>\n<p><img decoding=\"async\" class=\"alignnone wp-image-1843\" src=\"http:\/\/vapebulkp.com\/wp-content\/uploads\/2023\/11\/Vape-production-process.jpeg\" alt=\"Proces v\u00fdroby vape\" width=\"652\" height=\"1043\" srcset=\"https:\/\/vapebulkp.com\/wp-content\/uploads\/2023\/11\/Vape-production-process.jpeg 641w, https:\/\/vapebulkp.com\/wp-content\/uploads\/2023\/11\/Vape-production-process-187x300.jpeg 187w, https:\/\/vapebulkp.com\/wp-content\/uploads\/2023\/11\/Vape-production-process-640x1024.jpeg 640w, https:\/\/vapebulkp.com\/wp-content\/uploads\/2023\/11\/Vape-production-process-600x960.jpeg 600w\" sizes=\"(max-width: 652px) 100vw, 652px\" \/><\/p>\n<h5>Nej\u010dast\u011bj\u0161\u00ed dotazy:<\/h5>\n<p>Q: Jak\u00e9 je minim\u00e1ln\u00ed mno\u017estv\u00ed pro objedn\u00e1vku u Breze 7500 Puffs?<br \/>\nOdpov\u011b\u010f: Minim\u00e1ln\u00ed objedn\u00e1vka je 100 ks.<br \/>\nOt\u00e1zka: Jak\u00e1 je dodac\u00ed lh\u016fta pro objednan\u00e9 elektronick\u00e9 cigarety?<br \/>\nOdpov\u011b\u010f: Obvykle je to 10-15 dn\u00ed po odesl\u00e1n\u00ed.<br \/>\nOt\u00e1zka: Kolik stoj\u00ed doprava? Odpov\u011b\u010f: Cena dopravy z\u00e1vis\u00ed na hmotnosti. R\u016fzn\u00e1 mno\u017estv\u00ed maj\u00ed r\u016fzn\u00e9 n\u00e1klady na dopravu, kontaktujte n\u00e1s pros\u00edm pro potvrzen\u00ed n\u00e1klad\u016f na dopravu.<\/p>\n<p>&nbsp;<\/p>\n<h4>Podrobnosti o p\u0159eprav\u011b:<\/h4>\n<p><span style=\"color: #ff6600\">Doba v\u00fdroby: 5-10 pracovn\u00edch dn\u016f<\/span><br \/>\n<span style=\"color: #ff6600\">Doba p\u0159epravy: 8-14 pracovn\u00edch dn\u016f<\/span><\/p>\n<p>V\u0161echny produkty v na\u0161em obchod\u011b jsou 100% origin\u00e1ln\u00ed a autentick\u00e9, tak\u017ee desetin\u00e1sobn\u00e1 n\u00e1hrada za pad\u011blky je na\u0161\u00ed obchodn\u00ed politikou. K doru\u010den\u00ed zbo\u017e\u00ed pou\u017e\u00edv\u00e1me logistick\u00e9 kan\u00e1ly jako UPS\/DHL\/FEDEX\/DPD.<\/p>\n<p>Pro z\u00e1silky odeslan\u00e9 do \u010cesk\u00e9 republiky obvykle trv\u00e1 doru\u010den\u00ed 10 pracovn\u00edch dn\u016f. Doru\u010den\u00ed do evropsk\u00fdch zem\u00ed obvykle trv\u00e1 12 a\u017e 15 pracovn\u00edch dn\u016f. Logistick\u00e9 informace pro v\u00e1s budeme aktualizovat v re\u00e1ln\u00e9m \u010dase.<\/p>\n<h3>Dobr\u00fd poprodejn\u00ed servis:<\/h3>\n<p><span style=\"color: #ff6600\">Upozorn\u011bn\u00ed: \u017d\u00e1dn\u00e9 vr\u00e1cen\u00ed pen\u011bz ani v\u00fdm\u011bna z d\u016fvod\u016f nesouvisej\u00edc\u00edch s kvalitou<\/span><br \/>\n1. Z\u00e1kazn\u00edci si mohou vybrat p\u0159\u00edchu\u0165, kterou cht\u011bj\u00ed, ale pokud p\u0159\u00edchu\u0165 nen\u00ed skladem, v\u00fdrobn\u00ed odd\u011blen\u00ed vybere popul\u00e1rn\u00ed p\u0159\u00edchu\u0165 k jej\u00ed n\u00e1hrad\u011b. Z\u00e1kazn\u00edci nesm\u00ed \u017e\u00e1dat o vr\u00e1cen\u00ed pen\u011bz nebo v\u00fdm\u011bnu na z\u00e1klad\u011b p\u0159\u00edchut\u00ed.<\/p>\n<p>2. V p\u0159\u00edpad\u011b probl\u00e9m\u016f s kvalitou poskytn\u011bte podrobn\u00fd popis videa a obr\u00e1zk\u016f.<br \/>\nPokud nem\u016f\u017eete poskytnout d\u016fkazy, jako jsou videa a fotografie, zbo\u017e\u00ed nelze vym\u011bnit.<\/p>","protected":false},"excerpt":{"rendered":"<p>Dobr\u00fd prodej Vape pero Breze 7500 pot\u00e1hnut\u00ed Hot Sale V N\u011bmecku<br \/>\nBreze 7500 pot\u00e1hnut\u00ed VAPE KIT \u0160v\u00e9dsko<br \/>\nPopul\u00e1rn\u00ed Vape Breze 7500 pot\u00e1hnut\u00ed VAPE BAR<br \/>\nPopul\u00e1rn\u00ed Breze 7500 pot\u00e1hnut\u00ed VAPE Francie<br \/>\nDobr\u00fd Vape Breze 7500 pot\u00e1hnut\u00ed Top Sale Vape pero<\/p>\n<p><img decoding=\"async\" class=\"alignnone wp-image-2151\" src=\"http:\/\/vapebulkp.com\/wp-content\/uploads\/2024\/04\/Mandy-WhatsApp-Randm.jpg\" alt=\"Mandy WhatsApp Randm\" width=\"276\" height=\"294\" srcset=\"https:\/\/vapebulkp.com\/wp-content\/uploads\/2024\/04\/Mandy-WhatsApp-Randm.jpg 916w, https:\/\/vapebulkp.com\/wp-content\/uploads\/2024\/04\/Mandy-WhatsApp-Randm-282x300.jpg 282w, https:\/\/vapebulkp.com\/wp-content\/uploads\/2024\/04\/Mandy-WhatsApp-Randm-768x817.jpg 768w, https:\/\/vapebulkp.com\/wp-content\/uploads\/2024\/04\/Mandy-WhatsApp-Randm-600x638.jpg 600w\" sizes=\"(max-width: 276px) 100vw, 276px\" \/><\/p>\n<p>Pro slevu pros\u00edm kontaktujte Mandy p\u0159es WhatsApp<a href=\"https:\/\/wa.me\/8618077105796\">+8618077105796<\/a><\/p>\n<p><span style=\"color: #ff0000\">POZN\u00c1MKA: Ceny na na\u0161em webu nezahrnuj\u00ed n\u00e1klady na dopravu<\/span><\/p>","protected":false},"featured_media":1784,"comment_status":"open","ping_status":"closed","template":"","meta":{"_uag_custom_page_level_css":"","_lmt_disableupdate":"no","_lmt_disable":"","site-sidebar-layout":"default","site-content-layout":"content-boxed-container","ast-site-content-layout":"normal-width-container","site-content-style":"boxed","site-sidebar-style":"unboxed","ast-global-header-display":"","ast-banner-title-visibility":"","ast-main-header-display":"","ast-hfb-above-header-display":"","ast-hfb-below-header-display":"","ast-hfb-mobile-header-display":"","site-post-title":"","ast-breadcrumbs-content":"","ast-featured-img":"","footer-sml-layout":"","theme-transparent-header-meta":"default","adv-header-id-meta":"","stick-header-meta":"","header-above-stick-meta":"","header-main-stick-meta":"","header-below-stick-meta":"","astra-migrate-meta-layouts":"set","_joinchat":[]},"product_cat":[153,155,33,59,100,34,158,157,154,152,58,84,156,63,32],"product_tag":[79,36,37,41,73,40],"class_list":["post-1783","product","type-product","status-publish","has-post-thumbnail","hentry","product_cat-hot-disposable-vapes","product_cat-belgium-hot-disposable-vapes","product_cat-france-vape-hot-sale","product_cat-germany-hot-disposable-vape","product_cat-germany-wholesale-vape-shop","product_cat-netherlands-vape-good-sale","product_cat-norway-hot-disposable-vapes","product_cat-poland-hot-disposable-vapes","product_cat-portugal-hot-disposable-vapes","product_cat-spain-hot-disposable-vapes","product_cat-sweden-hot-disposable-vape","product_cat-sweden-wholesale-vape","product_cat-switzerland-hot-disposable-vapes","product_cat-top-sale-disposable-vape","product_cat-vape-hot-sale-this-week","product_tag-7500-puffs","product_tag-good-vape","product_tag-hot-sale-disposable-vape","product_tag-poland-hot-vape","product_tag-randm-10000puffs-vape","product_tag-sweden-hot-vape","desktop-align-left","tablet-align-left","mobile-align-left"],"yoast_head":"<!-- This site is optimized with the Yoast SEO plugin v21.1 - https:\/\/yoast.com\/wordpress\/plugins\/seo\/ -->\n<title>Bulk Buy VapTop Sale Breze 7500 Puffs Sweden - vapebulkp.com<\/title>\n<meta name=\"description\" content=\"Join the Vaping Revolution with Bulk Buy VapeTop Sale Breze 7500 Puffs Sweden Disposable E-CigaretteIt&#039;s time to join the vaping revolution with the Breze 7500 Puffs Disposable Vape.\" \/>\n<meta name=\"robots\" content=\"index, follow, max-snippet:-1, max-image-preview:large, max-video-preview:-1\" \/>\n<link rel=\"canonical\" href=\"https:\/\/vapebulkp.com\/cs\/product\/bulk-buy-vapetop-sale-breze-7500-puffs-sweden\/\" \/>\n<meta property=\"og:locale\" content=\"cs_CZ\" \/>\n<meta property=\"og:type\" content=\"article\" \/>\n<meta property=\"og:title\" content=\"Bulk Buy VapTop Sale Breze 7500 Puffs Sweden - vapebulkp.com\" \/>\n<meta property=\"og:description\" content=\"Join the Vaping Revolution with Bulk Buy VapeTop Sale Breze 7500 Puffs Sweden Disposable E-CigaretteIt&#039;s time to join the vaping revolution with the Breze 7500 Puffs Disposable Vape.\" \/>\n<meta property=\"og:url\" content=\"https:\/\/vapebulkp.com\/cs\/product\/bulk-buy-vapetop-sale-breze-7500-puffs-sweden\/\" \/>\n<meta property=\"og:site_name\" content=\"vapebulkp.com\" \/>\n<meta property=\"article:modified_time\" content=\"2025-09-01T02:57:41+00:00\" \/>\n<meta property=\"og:image\" content=\"http:\/\/vapebulkp.com\/wp-content\/uploads\/2023\/10\/Good-Sale-Vape-Breze-7500-Puffs-2.jpg\" \/>\n\t<meta property=\"og:image:width\" content=\"1000\" \/>\n\t<meta property=\"og:image:height\" content=\"1000\" \/>\n\t<meta property=\"og:image:type\" content=\"image\/jpeg\" \/>\n<meta name=\"twitter:card\" content=\"summary_large_image\" \/>\n<meta name=\"twitter:label1\" content=\"Odhadovan\u00e1 doba \u010dten\u00ed\" \/>\n\t<meta name=\"twitter:data1\" content=\"4 minuty\" \/>\n<script type=\"application\/ld+json\" class=\"yoast-schema-graph\">{\"@context\":\"https:\/\/schema.org\",\"@graph\":[{\"@type\":\"WebPage\",\"@id\":\"https:\/\/vapebulkp.com\/product\/bulk-buy-vapetop-sale-breze-7500-puffs-sweden\/\",\"url\":\"https:\/\/vapebulkp.com\/product\/bulk-buy-vapetop-sale-breze-7500-puffs-sweden\/\",\"name\":\"Bulk Buy VapTop Sale Breze 7500 Puffs Sweden - vapebulkp.com\",\"isPartOf\":{\"@id\":\"https:\/\/vapebulkp.com\/#website\"},\"datePublished\":\"2023-10-25T02:02:28+00:00\",\"dateModified\":\"2025-09-01T02:57:41+00:00\",\"description\":\"Join the Vaping Revolution with Bulk Buy VapeTop Sale Breze 7500 Puffs Sweden Disposable E-CigaretteIt's time to join the vaping revolution with the Breze 7500 Puffs Disposable Vape.\",\"breadcrumb\":{\"@id\":\"https:\/\/vapebulkp.com\/product\/bulk-buy-vapetop-sale-breze-7500-puffs-sweden\/#breadcrumb\"},\"inLanguage\":\"cs\",\"potentialAction\":[{\"@type\":\"ReadAction\",\"target\":[\"https:\/\/vapebulkp.com\/product\/bulk-buy-vapetop-sale-breze-7500-puffs-sweden\/\"]}]},{\"@type\":\"BreadcrumbList\",\"@id\":\"https:\/\/vapebulkp.com\/product\/bulk-buy-vapetop-sale-breze-7500-puffs-sweden\/#breadcrumb\",\"itemListElement\":[{\"@type\":\"ListItem\",\"position\":1,\"name\":\"Home\",\"item\":\"https:\/\/vapebulkp.com\/\"},{\"@type\":\"ListItem\",\"position\":2,\"name\":\"Hot Trend Vapes\",\"item\":\"https:\/\/vapebulkp.com\/vape-shop\/\"},{\"@type\":\"ListItem\",\"position\":3,\"name\":\"Bulk Buy VapTop Sale Breze 7500 Puffs Sweden\"}]},{\"@type\":\"WebSite\",\"@id\":\"https:\/\/vapebulkp.com\/#website\",\"url\":\"https:\/\/vapebulkp.com\/\",\"name\":\"vapebulkp.com\",\"description\":\"Buy Vape In Cheap Bulk Price Near you\",\"publisher\":{\"@id\":\"https:\/\/vapebulkp.com\/#organization\"},\"potentialAction\":[{\"@type\":\"SearchAction\",\"target\":{\"@type\":\"EntryPoint\",\"urlTemplate\":\"https:\/\/vapebulkp.com\/?s={search_term_string}\"},\"query-input\":\"required name=search_term_string\"}],\"inLanguage\":\"cs\"},{\"@type\":\"Organization\",\"@id\":\"https:\/\/vapebulkp.com\/#organization\",\"name\":\"vapebulkp.com\",\"url\":\"https:\/\/vapebulkp.com\/\",\"logo\":{\"@type\":\"ImageObject\",\"inLanguage\":\"cs\",\"@id\":\"https:\/\/vapebulkp.com\/#\/schema\/logo\/image\/\",\"url\":\"https:\/\/vapebulkp.com\/wp-content\/uploads\/2023\/09\/cropped-vapebulkp.png\",\"contentUrl\":\"https:\/\/vapebulkp.com\/wp-content\/uploads\/2023\/09\/cropped-vapebulkp.png\",\"width\":516,\"height\":163,\"caption\":\"vapebulkp.com\"},\"image\":{\"@id\":\"https:\/\/vapebulkp.com\/#\/schema\/logo\/image\/\"}}]}<\/script>\n<!-- \/ Yoast SEO plugin. -->","yoast_head_json":{"title":"Bulk Buy VapTop Sale Breze 7500 Puffs Sweden - vapebulkp.com","description":"Join the Vaping Revolution with Bulk Buy VapeTop Sale Breze 7500 Puffs Sweden Disposable E-CigaretteIt's time to join the vaping revolution with the Breze 7500 Puffs Disposable Vape.","robots":{"index":"index","follow":"follow","max-snippet":"max-snippet:-1","max-image-preview":"max-image-preview:large","max-video-preview":"max-video-preview:-1"},"canonical":"https:\/\/vapebulkp.com\/cs\/product\/bulk-buy-vapetop-sale-breze-7500-puffs-sweden\/","og_locale":"cs_CZ","og_type":"article","og_title":"Bulk Buy VapTop Sale Breze 7500 Puffs Sweden - vapebulkp.com","og_description":"Join the Vaping Revolution with Bulk Buy VapeTop Sale Breze 7500 Puffs Sweden Disposable E-CigaretteIt's time to join the vaping revolution with the Breze 7500 Puffs Disposable Vape.","og_url":"https:\/\/vapebulkp.com\/cs\/product\/bulk-buy-vapetop-sale-breze-7500-puffs-sweden\/","og_site_name":"vapebulkp.com","article_modified_time":"2025-09-01T02:57:41+00:00","og_image":[{"width":1000,"height":1000,"url":"http:\/\/vapebulkp.com\/wp-content\/uploads\/2023\/10\/Good-Sale-Vape-Breze-7500-Puffs-2.jpg","type":"image\/jpeg"}],"twitter_card":"summary_large_image","twitter_misc":{"Odhadovan\u00e1 doba \u010dten\u00ed":"4 minuty"},"schema":{"@context":"https:\/\/schema.org","@graph":[{"@type":"WebPage","@id":"https:\/\/vapebulkp.com\/product\/bulk-buy-vapetop-sale-breze-7500-puffs-sweden\/","url":"https:\/\/vapebulkp.com\/product\/bulk-buy-vapetop-sale-breze-7500-puffs-sweden\/","name":"Bulk Buy VapTop Sale Breze 7500 Puffs Sweden - vapebulkp.com","isPartOf":{"@id":"https:\/\/vapebulkp.com\/#website"},"datePublished":"2023-10-25T02:02:28+00:00","dateModified":"2025-09-01T02:57:41+00:00","description":"Join the Vaping Revolution with Bulk Buy VapeTop Sale Breze 7500 Puffs Sweden Disposable E-CigaretteIt's time to join the vaping revolution with the Breze 7500 Puffs Disposable Vape.","breadcrumb":{"@id":"https:\/\/vapebulkp.com\/product\/bulk-buy-vapetop-sale-breze-7500-puffs-sweden\/#breadcrumb"},"inLanguage":"cs","potentialAction":[{"@type":"ReadAction","target":["https:\/\/vapebulkp.com\/product\/bulk-buy-vapetop-sale-breze-7500-puffs-sweden\/"]}]},{"@type":"BreadcrumbList","@id":"https:\/\/vapebulkp.com\/product\/bulk-buy-vapetop-sale-breze-7500-puffs-sweden\/#breadcrumb","itemListElement":[{"@type":"ListItem","position":1,"name":"Home","item":"https:\/\/vapebulkp.com\/"},{"@type":"ListItem","position":2,"name":"Hot Trend Vapes","item":"https:\/\/vapebulkp.com\/vape-shop\/"},{"@type":"ListItem","position":3,"name":"Bulk Buy VapTop Sale Breze 7500 Puffs Sweden"}]},{"@type":"WebSite","@id":"https:\/\/vapebulkp.com\/#website","url":"https:\/\/vapebulkp.com\/","name":"vapebulkp.com","description":"Buy Vape In Cheap Bulk Price Near you","publisher":{"@id":"https:\/\/vapebulkp.com\/#organization"},"potentialAction":[{"@type":"SearchAction","target":{"@type":"EntryPoint","urlTemplate":"https:\/\/vapebulkp.com\/?s={search_term_string}"},"query-input":"required name=search_term_string"}],"inLanguage":"cs"},{"@type":"Organization","@id":"https:\/\/vapebulkp.com\/#organization","name":"vapebulkp.com","url":"https:\/\/vapebulkp.com\/","logo":{"@type":"ImageObject","inLanguage":"cs","@id":"https:\/\/vapebulkp.com\/#\/schema\/logo\/image\/","url":"https:\/\/vapebulkp.com\/wp-content\/uploads\/2023\/09\/cropped-vapebulkp.png","contentUrl":"https:\/\/vapebulkp.com\/wp-content\/uploads\/2023\/09\/cropped-vapebulkp.png","width":516,"height":163,"caption":"vapebulkp.com"},"image":{"@id":"https:\/\/vapebulkp.com\/#\/schema\/logo\/image\/"}}]}},"uagb_featured_image_src":{"full":["https:\/\/vapebulkp.com\/wp-content\/uploads\/2023\/10\/Good-Sale-Vape-Breze-7500-Puffs-2.jpg",1000,1000,false],"thumbnail":["https:\/\/vapebulkp.com\/wp-content\/uploads\/2023\/10\/Good-Sale-Vape-Breze-7500-Puffs-2-150x150.jpg",150,150,true],"medium":["https:\/\/vapebulkp.com\/wp-content\/uploads\/2023\/10\/Good-Sale-Vape-Breze-7500-Puffs-2-300x300.jpg",300,300,true],"medium_large":["https:\/\/vapebulkp.com\/wp-content\/uploads\/2023\/10\/Good-Sale-Vape-Breze-7500-Puffs-2-768x768.jpg",768,768,true],"large":["https:\/\/vapebulkp.com\/wp-content\/uploads\/2023\/10\/Good-Sale-Vape-Breze-7500-Puffs-2.jpg",1000,1000,false],"1536x1536":["https:\/\/vapebulkp.com\/wp-content\/uploads\/2023\/10\/Good-Sale-Vape-Breze-7500-Puffs-2.jpg",1000,1000,false],"2048x2048":["https:\/\/vapebulkp.com\/wp-content\/uploads\/2023\/10\/Good-Sale-Vape-Breze-7500-Puffs-2.jpg",1000,1000,false],"trp-custom-language-flag":["https:\/\/vapebulkp.com\/wp-content\/uploads\/2023\/10\/Good-Sale-Vape-Breze-7500-Puffs-2.jpg",12,12,false],"woocommerce_thumbnail":["https:\/\/vapebulkp.com\/wp-content\/uploads\/2023\/10\/Good-Sale-Vape-Breze-7500-Puffs-2-300x300.jpg",300,300,true],"woocommerce_single":["https:\/\/vapebulkp.com\/wp-content\/uploads\/2023\/10\/Good-Sale-Vape-Breze-7500-Puffs-2-600x600.jpg",600,600,true],"woocommerce_gallery_thumbnail":["https:\/\/vapebulkp.com\/wp-content\/uploads\/2023\/10\/Good-Sale-Vape-Breze-7500-Puffs-2-100x100.jpg",100,100,true],"wcpr-photo-reviews":["https:\/\/vapebulkp.com\/wp-content\/uploads\/2023\/10\/Good-Sale-Vape-Breze-7500-Puffs-2.jpg",500,500,false]},"uagb_author_info":{"display_name":"Mandy vape bulk price","author_link":"https:\/\/vapebulkp.com\/cs\/author\/"},"uagb_comment_info":0,"uagb_excerpt":"Good Sale Vape pen Breze 7500 Puffs Hot Sale In Germany Breze 7500 Puffs VAPE KIT Sweden Popular Vape Breze 7500 Puffs VAPE BAR Popular Breze 7500 Puffs VAPE\u00a0 France Good Vape Breze 7500 Puffs Top Sale Vape pen Pls Contact Mandy's WhatsApp For Discount Price+8618077105796 NOTE: Prices on our website does not include shipping&hellip;","_links":{"self":[{"href":"https:\/\/vapebulkp.com\/cs\/wp-json\/wp\/v2\/product\/1783","targetHints":{"allow":["GET"]}}],"collection":[{"href":"https:\/\/vapebulkp.com\/cs\/wp-json\/wp\/v2\/product"}],"about":[{"href":"https:\/\/vapebulkp.com\/cs\/wp-json\/wp\/v2\/types\/product"}],"replies":[{"embeddable":true,"href":"https:\/\/vapebulkp.com\/cs\/wp-json\/wp\/v2\/comments?post=1783"}],"wp:featuredmedia":[{"embeddable":true,"href":"https:\/\/vapebulkp.com\/cs\/wp-json\/wp\/v2\/media\/1784"}],"wp:attachment":[{"href":"https:\/\/vapebulkp.com\/cs\/wp-json\/wp\/v2\/media?parent=1783"}],"wp:term":[{"taxonomy":"product_cat","embeddable":true,"href":"https:\/\/vapebulkp.com\/cs\/wp-json\/wp\/v2\/product_cat?post=1783"},{"taxonomy":"product_tag","embeddable":true,"href":"https:\/\/vapebulkp.com\/cs\/wp-json\/wp\/v2\/product_tag?post=1783"}],"curies":[{"name":"wp","href":"https:\/\/api.w.org\/{rel}","templated":true}]}}