{"id":1896,"date":"2023-11-24T04:48:25","date_gmt":"2023-11-24T03:48:25","guid":{"rendered":"https:\/\/vapebulkp.com\/?post_type=product&#038;p=1896"},"modified":"2025-09-24T05:45:58","modified_gmt":"2025-09-24T03:45:58","slug":"elf-box-14000-puffs-2-5-nicotine-rechargeable-vape-sweden-wholesale","status":"publish","type":"product","link":"https:\/\/vapebulkp.com\/cs\/product\/elf-box-14000-puffs-2-5-nicotine-rechargeable-vape-sweden-wholesale\/","title":{"rendered":"ELF BOX 14000 pot\u00e1hnut\u00ed Dob\u00edjec\u00ed Vape \u010cesk\u00e1 republika"},"content":{"rendered":"<h2 class=\"product_title entry-title\"><strong>ELF BOX 14000 pot\u00e1hnut\u00ed Dob\u00edjec\u00ed Vape \u010cesk\u00e1 republika<\/strong><\/h2>\n<p>Ten <b>ELF BOX 14000 Puffs dob\u00edjec\u00ed Vape<\/b> je nov\u00fdm standardem pro sofistikovan\u00e1 <b>vapingov\u00e1 za\u0159\u00edzen\u00ed<\/b>. Je navr\u017eeno pro n\u00e1ro\u010dn\u00e9 vapery v \u010cesk\u00e9 republice a nen\u00ed to jen jednor\u00e1zov\u00e1 e-cigareta; je to z\u00e1vazek k nep\u0159eru\u0161ovan\u00e9 a hluboce uspokojuj\u00edc\u00ed cest\u011b. Pokro\u010dil\u00e1 konstrukce a elegantn\u00ed tvar za\u0159\u00edzen\u00ed p\u0159edstavuj\u00ed monument\u00e1ln\u00ed skok ve v\u00fdkonu, kter\u00fd nech\u00e1v\u00e1 za sebou omezen\u00ed standardn\u00ed <strong>14000<\/strong><b>\u00a0jednor\u00e1zov\u00e9 vape s pota\u017een\u00edmi<\/b>.<\/p>\n<p>Ve sv\u00e9 podstat\u011b je toto <b>vape pero<\/b> postaveno pro dlouhou \u017eivotnost. Robustn\u00ed 850mAh dob\u00edjec\u00ed baterie, nap\u00e1jen\u00e1 modern\u00edm rozhran\u00edm Type-C, zajist\u00ed, \u017ee pln\u011b vyu\u017eijete ka\u017ed\u00e9 ze sv\u00fdch 14 000 pot\u00e1hnut\u00ed. P\u0159edpln\u011bn\u00fd 23ml z\u00e1sobn\u00edk pr\u00e9miov\u00e9ho <b>nikotinov\u00e9 soli<\/b> e-liquidu funguje v harmonii s vysoce v\u00fdkonn\u00fdm <b>mesh spir\u00e1lka<\/b> aby poskytoval konzistentn\u011b \u010distou a pohlcuj\u00edc\u00ed chu\u0165 hned od prvn\u00edho pota\u017een\u00ed. Precizn\u00ed atomizace c\u00edvky zaru\u010duje bohat\u00fd a hladk\u00fd oblak p\u00e1ry s ka\u017ed\u00fdm pota\u017een\u00edm.<\/p>\n<p>Toto <b>dlouhotrvaj\u00edc\u00ed vapovac\u00ed za\u0159\u00edzen\u00ed<\/b> je dokonal\u00fdm spole\u010dn\u00edkem pro jak\u00fdkoli \u017eivotn\u00ed styl. Jeho kompaktn\u00ed design nab\u00edz\u00ed snadnou p\u0159enosnost bez kompromis\u016f v oblasti v\u00fdkonu nebo chuti. ELF BOX 14000 je m\u00edstem, kde se sb\u00edhaj\u00ed \u0161pi\u010dkov\u00e9 technologie a v\u00fdjime\u010dn\u00e1 chu\u0165.<\/p>\n<p><img decoding=\"async\" class=\"alignnone size-full wp-image-1907\" src=\"http:\/\/vapebulkp.com\/wp-content\/uploads\/2023\/11\/Elf-Box-14000pufHot-Sale-vape-11.png\" alt=\"Elf Box 14000 puffHot Sale Vape \u010cesk\u00e1 republika\" width=\"715\" height=\"565\" \/><\/p>\n<p>&nbsp;<\/p>\n<h6 style=\"text-align: left\"><\/h6>\n<h6>Pro slevu pros\u00edm kontaktujte Mandy p\u0159es WhatsApp<a href=\"https:\/\/wa.me\/8618077105796\">+8618077105796<\/a><\/h6>\n<p><img decoding=\"async\" class=\"alignnone wp-image-2151\" src=\"http:\/\/vapebulkp.com\/wp-content\/uploads\/2024\/04\/Mandy-WhatsApp-Randm.jpg\" alt=\"Mandy WhatsApp Randm\" width=\"288\" height=\"306\" srcset=\"https:\/\/vapebulkp.com\/wp-content\/uploads\/2024\/04\/Mandy-WhatsApp-Randm.jpg 916w, https:\/\/vapebulkp.com\/wp-content\/uploads\/2024\/04\/Mandy-WhatsApp-Randm-282x300.jpg 282w, https:\/\/vapebulkp.com\/wp-content\/uploads\/2024\/04\/Mandy-WhatsApp-Randm-768x817.jpg 768w, https:\/\/vapebulkp.com\/wp-content\/uploads\/2024\/04\/Mandy-WhatsApp-Randm-600x638.jpg 600w\" sizes=\"(max-width: 288px) 100vw, 288px\" \/><\/p>\n<h2>V\u011bci, kter\u00e9 byste mo\u017en\u00e1 cht\u011bli v\u011bd\u011bt o vapovac\u00edm za\u0159\u00edzen\u00ed ELF BOX 14K Puffs:<\/h2>\n<h6>1. Pokud si objedn\u00e1m, m\u016f\u017ee b\u00fdt odesl\u00e1no do m\u00e9 zem\u011b?<\/h6>\n<p>Odpov\u011b\u010f zn\u00ed ano, m\u016f\u017eeme zas\u00edlat do v\u011bt\u0161iny evropsk\u00fdch zem\u00ed, jako je Nizozemsko, N\u011bmecko, Francie, \u0160pan\u011blsko, It\u00e1lie, Belgie, Lucembursko, Rakousko, \u010cesk\u00e1 republika, Slovensko, Ma\u010farsko, Slovinsko, Rumunsko, Bulharsko, \u0158ecko, Polsko, Irsko, Portugalsko, Finsko, Estonsko, Loty\u0161sko, Litva atd.<\/p>\n<h6>2. Jak nab\u00edt port ELF BOX 14000 Puffs, kdy\u017e je za\u0159\u00edzen\u00ed bez nap\u00e1jen\u00ed?<\/h6>\n<p>M\u016f\u017eete pou\u017e\u00edt nab\u00edje\u010dku Android typu C nam\u00edsto superrychl\u00e9 nab\u00edje\u010dky. Na spodn\u00ed stran\u011b za\u0159\u00edzen\u00ed se rozsv\u00edt\u00ed mod\u0159e a po \u00fapln\u00e9m nabit\u00ed zhasne.<\/p>\n<h6>3. Jak dlouho trv\u00e1 nab\u00edjen\u00ed ELF BOX 14000 Puffs?<\/h6>\n<p>\u00dapln\u00e9 nabit\u00ed trv\u00e1 p\u0159ibli\u017en\u011b 30 minut. Kdy\u017e je za\u0159\u00edzen\u00ed e-cigarety pln\u011b nabit\u00e9, modr\u00e1 kontrolka nab\u00edjen\u00ed zhasne.<\/p>\n<h3>ELF BOX 14000 Puffs jednor\u00e1zov\u00e9 vape Pod funkce:<\/h3>\n<ul>\n<li>Tekutina: 23ML<\/li>\n<li>Baterie: 850mAh<\/li>\n<li>USB: TYPE-C<\/li>\n<li>VSTUP: 5V 1A<\/li>\n<li>Materi\u00e1l: PC<\/li>\n<li>Z\u00e1ru\u010dn\u00ed doba: 1 rok<\/li>\n<li>Datum v\u00fdroby: viz obal<\/li>\n<li>Balen\u00ed: 1 krabice 10 ks<\/li>\n<li>S\u016fl nikotinu: 0% - 2% - 5% (voliteln\u00e9)<\/li>\n<li>S\u00ed\u0165ovan\u00e1 spir\u00e1lka<\/li>\n<li>LED barevn\u00e9 sv\u011btlo<\/li>\n<\/ul>\n<p>&nbsp;<\/p>\n<h3><strong>Jak\u00e9 jsou nejlep\u0161\u00ed p\u0159\u00edchut\u011b vape ELF BOX 14000 Puffs?<\/strong><\/h3>\n<p>1. Bor\u016fvkovo-malinov\u00fd led<br \/>\n2. Jahodov\u00fd led<br \/>\n3. Hroznov\u00fd led<br \/>\n4. Jahoda Meloun<br \/>\n5. M\u00e1tov\u00fd led<br \/>\n6. Red Bull<br \/>\n7. Dvojit\u00e9 jablko<br \/>\n8. Sv\u011b\u017e\u00ed led<br \/>\n9.Broskev Mango<br \/>\n10. T\u0159e\u0161\u0148ov\u00e1 limon\u00e1da<\/p>\n<p><a href=\"https:\/\/vapebulkp.com\/cs\/product\/popular-randm-tornado-7000puffs-disposable-vape-best-price\/\"><span style=\"vertical-align: inherit\">RandM Tornado 7000 potah\u016f <\/span><\/a><\/p>\n<p><span style=\"vertical-align: inherit\">Najd\u011bte dal\u0161\u00ed produkty, kter\u00e9 by se v\u00e1m mohly l\u00edbit:<\/span><em><a href=\"https:\/\/wa.me\/8618077105796\"><span style=\"vertical-align: inherit\">\u00a0Kupte to te\u010f<\/span><\/a><\/em><\/p>\n<p><span style=\"vertical-align: inherit\">Dal\u0161\u00ed potahy, kter\u00e9 by se v\u00e1m mohly l\u00edbit:<\/span><a href=\"https:\/\/vapebulkp.com\/cs\/product\/joymy-ultra15000puffs-best-disposable-vape-2023\/\"><span style=\"vertical-align: inherit\">JOYMY 15000 potah\u016f<\/span><\/a><span style=\"vertical-align: inherit\">\u3001<\/span><a href=\"https:\/\/vapebulkp.com\/cs\/product\/wholesale-randm-tornado-9000-puffs-germany\/\"><span style=\"vertical-align: inherit\">RandM 9000 potah\u016f<\/span><\/a><span style=\"vertical-align: inherit\">\/ <\/span><a href=\"https:\/\/vapebulkp.com\/cs\/product\/bang-tornado-12000-puffs-rechargeable-disposable-pod\/\"><span style=\"vertical-align: inherit\">Bang Tornado 12000 pot\u00e1hnut\u00ed<\/span><\/a><span style=\"vertical-align: inherit\">\/ <\/span><a href=\"https:\/\/vapebulkp.com\/cs\/product\/wholesale-tornado-rum-bar-9000-puffs-sweden\/\"><span style=\"vertical-align: inherit\">Rumbar 9000 potah\u016f<\/span><\/a><\/p>\n<p><span style=\"vertical-align: inherit\">E-cigaretov\u00e1 l\u00e1hev speci\u00e1ln\u00edho tvaru:<\/span><a href=\"https:\/\/vapebulkp.com\/cs\/product\/wholesale-kulx-8000-puffs-disposable-vape\/\"><span style=\"vertical-align: inherit\">\u00a0Kulx 8000 potah\u016f<\/span><\/a><span style=\"vertical-align: inherit\">\/ <\/span><a href=\"https:\/\/vapebulkp.com\/cs\/product\/popular-bang-king-10000-puffs-vape-good-price\/\"><span style=\"vertical-align: inherit\">\u00a0Bang King 10000 potah\u016f <\/span><\/a><span style=\"vertical-align: inherit\">\/<\/span><a href=\"https:\/\/vapebulkp.com\/cs\/product\/disposable-vape-crystal-600-puffs\/\"><span style=\"vertical-align: inherit\"> Crystal 600 potah\u016f<\/span><\/a><\/p>\n<h5>Kvalifikace v\u00fdroby:<\/h5>\n<p><img decoding=\"async\" class=\"alignnone size-full wp-image-1841\" src=\"http:\/\/vapebulkp.com\/wp-content\/uploads\/2023\/11\/Vape-production-process-2.jpeg\" alt=\"Proces v\u00fdroby vape\" width=\"650\" height=\"434\" srcset=\"https:\/\/vapebulkp.com\/wp-content\/uploads\/2023\/11\/Vape-production-process-2.jpeg 650w, https:\/\/vapebulkp.com\/wp-content\/uploads\/2023\/11\/Vape-production-process-2-300x200.jpeg 300w, https:\/\/vapebulkp.com\/wp-content\/uploads\/2023\/11\/Vape-production-process-2-600x401.jpeg 600w\" sizes=\"(max-width: 650px) 100vw, 650px\" \/><\/p>\n<p><img decoding=\"async\" class=\"alignnone size-full wp-image-1843\" src=\"http:\/\/vapebulkp.com\/wp-content\/uploads\/2023\/11\/Vape-production-process.jpeg\" alt=\"Proces v\u00fdroby vape\" width=\"641\" height=\"1026\" srcset=\"https:\/\/vapebulkp.com\/wp-content\/uploads\/2023\/11\/Vape-production-process.jpeg 641w, https:\/\/vapebulkp.com\/wp-content\/uploads\/2023\/11\/Vape-production-process-187x300.jpeg 187w, https:\/\/vapebulkp.com\/wp-content\/uploads\/2023\/11\/Vape-production-process-640x1024.jpeg 640w, https:\/\/vapebulkp.com\/wp-content\/uploads\/2023\/11\/Vape-production-process-600x960.jpeg 600w\" sizes=\"(max-width: 641px) 100vw, 641px\" \/><\/p>\n<h5>Nej\u010dast\u011bj\u0161\u00ed dotazy:<\/h5>\n<p>Q: Jak\u00e9 je minim\u00e1ln\u00ed objednac\u00ed mno\u017estv\u00ed pro ELF BOX 14000 Puffs?<br \/>\nOdpov\u011b\u010f: Minim\u00e1ln\u00ed objedn\u00e1vka je 100 ks.<br \/>\nQ: Jak\u00e1 je dodac\u00ed lh\u016fta pro objednan\u00e9 ELF Box vapy?<br \/>\nOdpov\u011b\u010f: Obvykle je to 10-15 dn\u00ed po odesl\u00e1n\u00ed.<br \/>\nOt\u00e1zka: Kolik stoj\u00ed doprava? Odpov\u011b\u010f: Cena dopravy z\u00e1vis\u00ed na hmotnosti. R\u016fzn\u00e1 mno\u017estv\u00ed maj\u00ed r\u016fzn\u00e9 n\u00e1klady na dopravu, kontaktujte n\u00e1s pros\u00edm pro potvrzen\u00ed n\u00e1klad\u016f na dopravu.<\/p>\n<h4>Podrobnosti o p\u0159eprav\u011b:<\/h4>\n<p><span style=\"color: #ff6600\">Doba v\u00fdroby: 5-10 pracovn\u00edch dn\u016f<\/span><br \/>\n<span style=\"color: #ff6600\">Doba p\u0159epravy: 8-14 pracovn\u00edch dn\u016f<\/span><\/p>\n<p>V\u0161echny produkty v na\u0161em obchod\u011b jsou 100% origin\u00e1ln\u00ed a autentick\u00e9, tak\u017ee desetin\u00e1sobn\u00e1 n\u00e1hrada za pad\u011blky je na\u0161\u00ed obchodn\u00ed politikou. K doru\u010den\u00ed zbo\u017e\u00ed pou\u017e\u00edv\u00e1me logistick\u00e9 kan\u00e1ly jako UPS\/DHL\/FEDEX\/DPD.<\/p>\n<p>Pro z\u00e1silky odeslan\u00e9 do \u010cesk\u00e9 republiky obvykle trv\u00e1 doru\u010den\u00ed 10 pracovn\u00edch dn\u016f. Doru\u010den\u00ed do evropsk\u00fdch zem\u00ed obvykle trv\u00e1 12 a\u017e 15 pracovn\u00edch dn\u016f. Logistick\u00e9 informace pro v\u00e1s budeme aktualizovat v re\u00e1ln\u00e9m \u010dase.<\/p>\n<p><span style=\"color: #ff0000\"><a style=\"color: #ff0000\" href=\"https:\/\/vapebulkp.com\/cs\/faq-about-vape-bulk-order\/\">Dod\u00e1n\u00ed: 10-13 pracovn\u00edch dn\u016f, zjist\u011bte v\u00edce!<\/a><\/span><\/p>","protected":false},"excerpt":{"rendered":"<p>ELF BOX 14000 Puffs instantn\u00ed e-cigareta p\u0159ij\u00edm\u00e1 nov\u00fd designov\u00fd model, kter\u00fd v\u00e1m poka\u017ed\u00e9, kdy\u017e ji pou\u017eijete, poskytne jasn\u00fd a p\u0159\u00edjemn\u00fd z\u00e1\u017eitek.<\/p>\n<p><img decoding=\"async\" class=\"alignnone wp-image-2151\" src=\"http:\/\/vapebulkp.com\/wp-content\/uploads\/2024\/04\/Mandy-WhatsApp-Randm.jpg\" alt=\"Mandy WhatsApp Randm\" width=\"302\" height=\"321\" srcset=\"https:\/\/vapebulkp.com\/wp-content\/uploads\/2024\/04\/Mandy-WhatsApp-Randm.jpg 916w, https:\/\/vapebulkp.com\/wp-content\/uploads\/2024\/04\/Mandy-WhatsApp-Randm-282x300.jpg 282w, https:\/\/vapebulkp.com\/wp-content\/uploads\/2024\/04\/Mandy-WhatsApp-Randm-768x817.jpg 768w, https:\/\/vapebulkp.com\/wp-content\/uploads\/2024\/04\/Mandy-WhatsApp-Randm-600x638.jpg 600w\" sizes=\"(max-width: 302px) 100vw, 302px\" \/><\/p>\n<p>Pro slevu pros\u00edm kontaktujte Mandy p\u0159es WhatsApp<a href=\"https:\/\/wa.me\/8618077105796\">+8618077105796<\/a><\/p>\n<p><span style=\"color: #ff0000\">POZN\u00c1MKA: Ceny na na\u0161em webu nezahrnuj\u00ed n\u00e1klady na dopravu<\/span><\/p>","protected":false},"featured_media":1907,"comment_status":"open","ping_status":"closed","template":"","meta":{"_uag_custom_page_level_css":"","_lmt_disableupdate":"no","_lmt_disable":"","site-sidebar-layout":"default","site-content-layout":"content-boxed-container","ast-site-content-layout":"normal-width-container","site-content-style":"boxed","site-sidebar-style":"unboxed","ast-global-header-display":"","ast-banner-title-visibility":"","ast-main-header-display":"","ast-hfb-above-header-display":"","ast-hfb-below-header-display":"","ast-hfb-mobile-header-display":"","site-post-title":"","ast-breadcrumbs-content":"","ast-featured-img":"","footer-sml-layout":"","theme-transparent-header-meta":"default","adv-header-id-meta":"","stick-header-meta":"","header-above-stick-meta":"","header-main-stick-meta":"","header-below-stick-meta":"","astra-migrate-meta-layouts":"set","_joinchat":[]},"product_cat":[153,155,347,33,59,100,34,158,157,154,152,58,84,156,63,32],"product_tag":[90,36,37,41,40],"class_list":["post-1896","product","type-product","status-publish","has-post-thumbnail","hentry","product_cat-hot-disposable-vapes","product_cat-belgium-hot-disposable-vapes","product_cat-elf-box-vape","product_cat-france-vape-hot-sale","product_cat-germany-hot-disposable-vape","product_cat-germany-wholesale-vape-shop","product_cat-netherlands-vape-good-sale","product_cat-norway-hot-disposable-vapes","product_cat-poland-hot-disposable-vapes","product_cat-portugal-hot-disposable-vapes","product_cat-spain-hot-disposable-vapes","product_cat-sweden-hot-disposable-vape","product_cat-sweden-wholesale-vape","product_cat-switzerland-hot-disposable-vapes","product_cat-top-sale-disposable-vape","product_cat-vape-hot-sale-this-week","product_tag-14000-puffs","product_tag-good-vape","product_tag-hot-sale-disposable-vape","product_tag-poland-hot-vape","product_tag-sweden-hot-vape","pa_brand-elf-box-vape","desktop-align-left","tablet-align-left","mobile-align-left"],"yoast_head":"<!-- This site is optimized with the Yoast SEO plugin v21.1 - https:\/\/yoast.com\/wordpress\/plugins\/seo\/ -->\n<title>ELF BOX 14000 Puffs Rechargeable Vape Sweden - vapebulkp.com<\/title>\n<meta name=\"description\" content=\"ELF BOX 14000 Puffs instant e-cigarette adopts a new design model to provide you with a clear and pleasant experience every time you use it.\" \/>\n<meta name=\"robots\" content=\"index, follow, max-snippet:-1, max-image-preview:large, max-video-preview:-1\" \/>\n<link rel=\"canonical\" href=\"https:\/\/vapebulkp.com\/cs\/product\/elf-box-14000-puffs-2-5-nicotine-rechargeable-vape-sweden-wholesale\/\" \/>\n<meta property=\"og:locale\" content=\"cs_CZ\" \/>\n<meta property=\"og:type\" content=\"article\" \/>\n<meta property=\"og:title\" content=\"ELF BOX 14000 Puffs Rechargeable Vape Sweden - vapebulkp.com\" \/>\n<meta property=\"og:description\" content=\"ELF BOX 14000 Puffs instant e-cigarette adopts a new design model to provide you with a clear and pleasant experience every time you use it.\" \/>\n<meta property=\"og:url\" content=\"https:\/\/vapebulkp.com\/cs\/product\/elf-box-14000-puffs-2-5-nicotine-rechargeable-vape-sweden-wholesale\/\" \/>\n<meta property=\"og:site_name\" content=\"vapebulkp.com\" \/>\n<meta property=\"article:modified_time\" content=\"2025-09-24T03:45:58+00:00\" \/>\n<meta property=\"og:image\" content=\"http:\/\/vapebulkp.com\/wp-content\/uploads\/2023\/11\/Elf-Box-14000pufHot-Sale-vape-11-e1702370505263.png\" \/>\n\t<meta property=\"og:image:width\" content=\"666\" \/>\n\t<meta property=\"og:image:height\" content=\"506\" \/>\n\t<meta property=\"og:image:type\" content=\"image\/png\" \/>\n<meta name=\"twitter:card\" content=\"summary_large_image\" \/>\n<meta name=\"twitter:label1\" content=\"Odhadovan\u00e1 doba \u010dten\u00ed\" \/>\n\t<meta name=\"twitter:data1\" content=\"4 minuty\" \/>\n<script type=\"application\/ld+json\" class=\"yoast-schema-graph\">{\"@context\":\"https:\/\/schema.org\",\"@graph\":[{\"@type\":\"WebPage\",\"@id\":\"https:\/\/vapebulkp.com\/product\/elf-box-14000-puffs-2-5-nicotine-rechargeable-vape-sweden-wholesale\/\",\"url\":\"https:\/\/vapebulkp.com\/product\/elf-box-14000-puffs-2-5-nicotine-rechargeable-vape-sweden-wholesale\/\",\"name\":\"ELF BOX 14000 Puffs Rechargeable Vape Sweden - vapebulkp.com\",\"isPartOf\":{\"@id\":\"https:\/\/vapebulkp.com\/#website\"},\"datePublished\":\"2023-11-24T03:48:25+00:00\",\"dateModified\":\"2025-09-24T03:45:58+00:00\",\"description\":\"ELF BOX 14000 Puffs instant e-cigarette adopts a new design model to provide you with a clear and pleasant experience every time you use it.\",\"breadcrumb\":{\"@id\":\"https:\/\/vapebulkp.com\/product\/elf-box-14000-puffs-2-5-nicotine-rechargeable-vape-sweden-wholesale\/#breadcrumb\"},\"inLanguage\":\"cs\",\"potentialAction\":[{\"@type\":\"ReadAction\",\"target\":[\"https:\/\/vapebulkp.com\/product\/elf-box-14000-puffs-2-5-nicotine-rechargeable-vape-sweden-wholesale\/\"]}]},{\"@type\":\"BreadcrumbList\",\"@id\":\"https:\/\/vapebulkp.com\/product\/elf-box-14000-puffs-2-5-nicotine-rechargeable-vape-sweden-wholesale\/#breadcrumb\",\"itemListElement\":[{\"@type\":\"ListItem\",\"position\":1,\"name\":\"Home\",\"item\":\"https:\/\/vapebulkp.com\/\"},{\"@type\":\"ListItem\",\"position\":2,\"name\":\"Hot Trend Vapes\",\"item\":\"https:\/\/vapebulkp.com\/vape-shop\/\"},{\"@type\":\"ListItem\",\"position\":3,\"name\":\"ELF BOX 14000 Puffs Rechargeable Vape Sweden\"}]},{\"@type\":\"WebSite\",\"@id\":\"https:\/\/vapebulkp.com\/#website\",\"url\":\"https:\/\/vapebulkp.com\/\",\"name\":\"vapebulkp.com\",\"description\":\"Buy Vape In Cheap Bulk Price Near you\",\"publisher\":{\"@id\":\"https:\/\/vapebulkp.com\/#organization\"},\"potentialAction\":[{\"@type\":\"SearchAction\",\"target\":{\"@type\":\"EntryPoint\",\"urlTemplate\":\"https:\/\/vapebulkp.com\/?s={search_term_string}\"},\"query-input\":\"required name=search_term_string\"}],\"inLanguage\":\"cs\"},{\"@type\":\"Organization\",\"@id\":\"https:\/\/vapebulkp.com\/#organization\",\"name\":\"vapebulkp.com\",\"url\":\"https:\/\/vapebulkp.com\/\",\"logo\":{\"@type\":\"ImageObject\",\"inLanguage\":\"cs\",\"@id\":\"https:\/\/vapebulkp.com\/#\/schema\/logo\/image\/\",\"url\":\"https:\/\/vapebulkp.com\/wp-content\/uploads\/2023\/09\/cropped-vapebulkp.png\",\"contentUrl\":\"https:\/\/vapebulkp.com\/wp-content\/uploads\/2023\/09\/cropped-vapebulkp.png\",\"width\":516,\"height\":163,\"caption\":\"vapebulkp.com\"},\"image\":{\"@id\":\"https:\/\/vapebulkp.com\/#\/schema\/logo\/image\/\"}}]}<\/script>\n<!-- \/ Yoast SEO plugin. -->","yoast_head_json":{"title":"ELF BOX 14000 Puffs Rechargeable Vape Sweden - vapebulkp.com","description":"ELF BOX 14000 Puffs instant e-cigarette adopts a new design model to provide you with a clear and pleasant experience every time you use it.","robots":{"index":"index","follow":"follow","max-snippet":"max-snippet:-1","max-image-preview":"max-image-preview:large","max-video-preview":"max-video-preview:-1"},"canonical":"https:\/\/vapebulkp.com\/cs\/product\/elf-box-14000-puffs-2-5-nicotine-rechargeable-vape-sweden-wholesale\/","og_locale":"cs_CZ","og_type":"article","og_title":"ELF BOX 14000 Puffs Rechargeable Vape Sweden - vapebulkp.com","og_description":"ELF BOX 14000 Puffs instant e-cigarette adopts a new design model to provide you with a clear and pleasant experience every time you use it.","og_url":"https:\/\/vapebulkp.com\/cs\/product\/elf-box-14000-puffs-2-5-nicotine-rechargeable-vape-sweden-wholesale\/","og_site_name":"vapebulkp.com","article_modified_time":"2025-09-24T03:45:58+00:00","og_image":[{"width":666,"height":506,"url":"http:\/\/vapebulkp.com\/wp-content\/uploads\/2023\/11\/Elf-Box-14000pufHot-Sale-vape-11-e1702370505263.png","type":"image\/png"}],"twitter_card":"summary_large_image","twitter_misc":{"Odhadovan\u00e1 doba \u010dten\u00ed":"4 minuty"},"schema":{"@context":"https:\/\/schema.org","@graph":[{"@type":"WebPage","@id":"https:\/\/vapebulkp.com\/product\/elf-box-14000-puffs-2-5-nicotine-rechargeable-vape-sweden-wholesale\/","url":"https:\/\/vapebulkp.com\/product\/elf-box-14000-puffs-2-5-nicotine-rechargeable-vape-sweden-wholesale\/","name":"ELF BOX 14000 Puffs Rechargeable Vape Sweden - vapebulkp.com","isPartOf":{"@id":"https:\/\/vapebulkp.com\/#website"},"datePublished":"2023-11-24T03:48:25+00:00","dateModified":"2025-09-24T03:45:58+00:00","description":"ELF BOX 14000 Puffs instant e-cigarette adopts a new design model to provide you with a clear and pleasant experience every time you use it.","breadcrumb":{"@id":"https:\/\/vapebulkp.com\/product\/elf-box-14000-puffs-2-5-nicotine-rechargeable-vape-sweden-wholesale\/#breadcrumb"},"inLanguage":"cs","potentialAction":[{"@type":"ReadAction","target":["https:\/\/vapebulkp.com\/product\/elf-box-14000-puffs-2-5-nicotine-rechargeable-vape-sweden-wholesale\/"]}]},{"@type":"BreadcrumbList","@id":"https:\/\/vapebulkp.com\/product\/elf-box-14000-puffs-2-5-nicotine-rechargeable-vape-sweden-wholesale\/#breadcrumb","itemListElement":[{"@type":"ListItem","position":1,"name":"Home","item":"https:\/\/vapebulkp.com\/"},{"@type":"ListItem","position":2,"name":"Hot Trend Vapes","item":"https:\/\/vapebulkp.com\/vape-shop\/"},{"@type":"ListItem","position":3,"name":"ELF BOX 14000 Puffs Rechargeable Vape Sweden"}]},{"@type":"WebSite","@id":"https:\/\/vapebulkp.com\/#website","url":"https:\/\/vapebulkp.com\/","name":"vapebulkp.com","description":"Buy Vape In Cheap Bulk Price Near you","publisher":{"@id":"https:\/\/vapebulkp.com\/#organization"},"potentialAction":[{"@type":"SearchAction","target":{"@type":"EntryPoint","urlTemplate":"https:\/\/vapebulkp.com\/?s={search_term_string}"},"query-input":"required name=search_term_string"}],"inLanguage":"cs"},{"@type":"Organization","@id":"https:\/\/vapebulkp.com\/#organization","name":"vapebulkp.com","url":"https:\/\/vapebulkp.com\/","logo":{"@type":"ImageObject","inLanguage":"cs","@id":"https:\/\/vapebulkp.com\/#\/schema\/logo\/image\/","url":"https:\/\/vapebulkp.com\/wp-content\/uploads\/2023\/09\/cropped-vapebulkp.png","contentUrl":"https:\/\/vapebulkp.com\/wp-content\/uploads\/2023\/09\/cropped-vapebulkp.png","width":516,"height":163,"caption":"vapebulkp.com"},"image":{"@id":"https:\/\/vapebulkp.com\/#\/schema\/logo\/image\/"}}]}},"uagb_featured_image_src":{"full":["https:\/\/vapebulkp.com\/wp-content\/uploads\/2023\/11\/Elf-Box-14000pufHot-Sale-vape-11-e1702370505263.png",666,506,false],"thumbnail":["https:\/\/vapebulkp.com\/wp-content\/uploads\/2023\/11\/Elf-Box-14000pufHot-Sale-vape-11-e1702370505263-150x150.png",150,150,true],"medium":["https:\/\/vapebulkp.com\/wp-content\/uploads\/2023\/11\/Elf-Box-14000pufHot-Sale-vape-11-e1702370505263-300x228.png",300,228,true],"medium_large":["https:\/\/vapebulkp.com\/wp-content\/uploads\/2023\/11\/Elf-Box-14000pufHot-Sale-vape-11-e1702370505263.png",666,506,false],"large":["https:\/\/vapebulkp.com\/wp-content\/uploads\/2023\/11\/Elf-Box-14000pufHot-Sale-vape-11-e1702370505263.png",666,506,false],"1536x1536":["https:\/\/vapebulkp.com\/wp-content\/uploads\/2023\/11\/Elf-Box-14000pufHot-Sale-vape-11-e1702370505263.png",666,506,false],"2048x2048":["https:\/\/vapebulkp.com\/wp-content\/uploads\/2023\/11\/Elf-Box-14000pufHot-Sale-vape-11-e1702370505263.png",666,506,false],"trp-custom-language-flag":["https:\/\/vapebulkp.com\/wp-content\/uploads\/2023\/11\/Elf-Box-14000pufHot-Sale-vape-11-e1702370505263.png",16,12,false],"woocommerce_thumbnail":["https:\/\/vapebulkp.com\/wp-content\/uploads\/2023\/11\/Elf-Box-14000pufHot-Sale-vape-11-e1702370505263-300x300.png",300,300,true],"woocommerce_single":["https:\/\/vapebulkp.com\/wp-content\/uploads\/2023\/11\/Elf-Box-14000pufHot-Sale-vape-11-e1702370505263-600x456.png",600,456,true],"woocommerce_gallery_thumbnail":["https:\/\/vapebulkp.com\/wp-content\/uploads\/2023\/11\/Elf-Box-14000pufHot-Sale-vape-11-e1702370505263-100x100.png",100,100,true],"wcpr-photo-reviews":["https:\/\/vapebulkp.com\/wp-content\/uploads\/2023\/11\/Elf-Box-14000pufHot-Sale-vape-11-e1702370505263.png",500,380,false]},"uagb_author_info":{"display_name":"Mandy vape bulk price","author_link":"https:\/\/vapebulkp.com\/cs\/author\/"},"uagb_comment_info":0,"uagb_excerpt":"ELF BOX 14000 Puffs instant e-cigarette adopts a new design model to provide you with a clear and pleasant experience every time you use it. Pls Contact Mandy's WhatsApp For Discount Price+8618077105796 NOTE: Prices on our website does not include shipping costs","_links":{"self":[{"href":"https:\/\/vapebulkp.com\/cs\/wp-json\/wp\/v2\/product\/1896","targetHints":{"allow":["GET"]}}],"collection":[{"href":"https:\/\/vapebulkp.com\/cs\/wp-json\/wp\/v2\/product"}],"about":[{"href":"https:\/\/vapebulkp.com\/cs\/wp-json\/wp\/v2\/types\/product"}],"replies":[{"embeddable":true,"href":"https:\/\/vapebulkp.com\/cs\/wp-json\/wp\/v2\/comments?post=1896"}],"wp:featuredmedia":[{"embeddable":true,"href":"https:\/\/vapebulkp.com\/cs\/wp-json\/wp\/v2\/media\/1907"}],"wp:attachment":[{"href":"https:\/\/vapebulkp.com\/cs\/wp-json\/wp\/v2\/media?parent=1896"}],"wp:term":[{"taxonomy":"product_cat","embeddable":true,"href":"https:\/\/vapebulkp.com\/cs\/wp-json\/wp\/v2\/product_cat?post=1896"},{"taxonomy":"product_tag","embeddable":true,"href":"https:\/\/vapebulkp.com\/cs\/wp-json\/wp\/v2\/product_tag?post=1896"}],"curies":[{"name":"wp","href":"https:\/\/api.w.org\/{rel}","templated":true}]}}