{"id":1908,"date":"2023-11-30T08:10:32","date_gmt":"2023-11-30T07:10:32","guid":{"rendered":"https:\/\/vapebulkp.com\/?post_type=product&#038;p=1908"},"modified":"2025-09-01T09:22:35","modified_gmt":"2025-09-01T07:22:35","slug":"hazebar-12000-puffs-wholesale-price-vape-new-model-vape","status":"publish","type":"product","link":"https:\/\/vapebulkp.com\/cs\/product\/hazebar-12000-puffs-wholesale-price-vape-new-model-vape\/","title":{"rendered":"HAZEBAR 12000 Puffs Velkoobchodn\u00ed cena Vape Nov\u00fd model Vape"},"content":{"rendered":"<h2>HAZEBAR 12000 Puffs Velkoobchodn\u00ed cena Vape Nov\u00fd model Vape<\/h2>\n<p>Ten <b>HAZEBAR 12000 Pot\u00e1\u010dek<\/b> je strategick\u00fdm dopl\u0148kem pro ka\u017ed\u00e9ho n\u00e1ro\u010dn\u00e9ho prodejce. Toto za\u0159\u00edzen\u00ed je navr\u017eeno pro v\u00fdkon i spokojenost u\u017eivatele a stanovuje nov\u00fd standard pro <a href=\"https:\/\/vapebulkp.com\/cs\/product-category\/12000-puffs-disposable-vape\/\"><b>12000 pot\u00e1hnut\u00ed jednor\u00e1zov\u00e1 e-cigareta<\/b><\/a> technologii. Jeho pokro\u010dil\u00e1 du\u00e1ln\u00ed mesh spir\u00e1lka s odporem nab\u00edz\u00ed u\u017eivatel\u016fm volbu mezi jemn\u00fdm potahem s odporem 1,0 ohm nebo robustn\u00edm v\u00fdstupem p\u00e1ry s odporem 0,6 ohm. To zaji\u0161\u0165uje p\u0159izp\u016fsoben\u00fd a trvale pr\u00e9miov\u00fd z\u00e1\u017eitek pro ka\u017ed\u00fd typ vapera.<\/p>\n<p>Tato velkoobchodn\u00ed e-cigareta m\u00e1 hygienick\u00fd n\u00e1ustek ve tvaru br\u010dka, co\u017e je promy\u0161len\u00e1 inovace, kter\u00e1 ji odli\u0161uje od tradi\u010dn\u00edch e-cigaret. Tento jedine\u010dn\u00fd design sni\u017euje p\u0159\u00edm\u00fd kontakt a poskytuje \u010dist\u0161\u00ed, hygieni\u010dt\u011bj\u0161\u00ed z\u00e1\u017eitek, kter\u00fd oslov\u00ed spot\u0159ebitele dbaj\u00edc\u00ed na sv\u00e9 zdrav\u00ed. S v\u00fdraznou kapacitou <b>12000 pot\u00e1hnut\u00ed<\/b> a s mo\u017enostmi koncentrace nikotinu 2% a 5% uspokojuje HAZEBAR \u0161irokou \u0161k\u00e1lu u\u017eivatelsk\u00fdch preferenc\u00ed.<\/p>\n<p>Jako d\u016fv\u011bryhodn\u00fd velkoobchodn\u00edk p\u0159edstavujeme produkt, kter\u00fd nejen pozved\u00e1 z\u00e1\u017eitek z vapov\u00e1n\u00ed u\u017eivatele, ale tak\u00e9 nab\u00edz\u00ed v\u00fdznamnou p\u0159\u00edle\u017eitost pro obchodn\u00ed r\u016fst. HAZEBAR je perfektn\u00ed volbou pro prodejce, kte\u0159\u00ed cht\u011bj\u00ed obohatit svou produktovou \u0159adu o \u0161pi\u010dkov\u00e9 za\u0159\u00edzen\u00ed s vysokou popt\u00e1vkou.<\/p>\n<p><img decoding=\"async\" class=\"alignnone size-full wp-image-1917\" src=\"http:\/\/vapebulkp.com\/wp-content\/uploads\/2023\/11\/Hazebar-12K-PUFF-VAPE-KIT.jpg\" alt=\"Hazebar 12K VAPE SADA\" width=\"800\" height=\"800\" \/><\/p>\n<h6 style=\"text-align: left\"><\/h6>\n<h6>Pro slevu pros\u00edm kontaktujte Mandy p\u0159es WhatsApp<a href=\"https:\/\/wa.me\/8618077105796\">+8618077105796<\/a><\/h6>\n<p><img decoding=\"async\" class=\"alignnone wp-image-2151\" src=\"http:\/\/vapebulkp.com\/wp-content\/uploads\/2024\/04\/Mandy-WhatsApp-Randm.jpg\" alt=\"Mandy WhatsApp Randm\" width=\"281\" height=\"299\" srcset=\"https:\/\/vapebulkp.com\/wp-content\/uploads\/2024\/04\/Mandy-WhatsApp-Randm.jpg 916w, https:\/\/vapebulkp.com\/wp-content\/uploads\/2024\/04\/Mandy-WhatsApp-Randm-282x300.jpg 282w, https:\/\/vapebulkp.com\/wp-content\/uploads\/2024\/04\/Mandy-WhatsApp-Randm-768x817.jpg 768w, https:\/\/vapebulkp.com\/wp-content\/uploads\/2024\/04\/Mandy-WhatsApp-Randm-600x638.jpg 600w\" sizes=\"(max-width: 281px) 100vw, 281px\" \/><\/p>\n<h2><span style=\"vertical-align: inherit\">Mo\u017en\u00e1 byste se r\u00e1di dozv\u011bd\u011bli o jednor\u00e1zov\u00e9 e-cigaret\u011b HAZEBAR 12000 Puffs:<\/span><\/h2>\n<p>&nbsp;<\/p>\n<h4 class=\"style-scope ytd-watch-metadata\">1. Jak pou\u017e\u00edvat vape pen HAZEBAR 12000 Puffs?<\/h4>\n<p>&nbsp;<\/p>\n<p>1. P\u0159ed pou\u017eit\u00edm 12k potah\u016f vyt\u00e1hn\u011bte plastovou trubi\u010dku.<\/p>\n<p>2. Po\u010dkejte asi 3 minuty, aby se n\u00e1pl\u0148 dostala dovnit\u0159 spir\u00e1lky.<\/p>\n<p>3. U\u017e\u00edvejte si.<\/p>\n<h6>2. Jak nab\u00edt jednor\u00e1zov\u00e9 za\u0159\u00edzen\u00ed HAZEBAR 12000 Puffs?<\/h6>\n<p>Nelze pou\u017e\u00edvat rychlonab\u00edje\u010dky, a standardn\u00ed bezpe\u010dn\u00fd v\u00fdkon jednor\u00e1zov\u00fdch e-cigaret je 5V 1A.<\/p>\n<p>Ka\u017ed\u00e9 nab\u00edjen\u00ed nesm\u00ed p\u0159es\u00e1hnout 1 hodinu, a bezpe\u010dn\u00e1 doba nab\u00edjen\u00ed je p\u016fl hodiny.<\/p>\n<h6>3. KOLIK POT\u00c1HNUT\u00cd M\u00c1 jednor\u00e1zov\u00fd vape pen HAZEBAR 12000 Puffs?<\/h6>\n<p>\u2014-12000 pot\u00e1hnut\u00ed<\/p>\n<p><span style=\"color: #ff6600\">Upozorn\u011bn\u00ed: nenab\u00edjejte celou noc!<\/span><\/p>\n<p>&nbsp;<\/p>\n<h4>Vape Velkoobchod Hazebar 12000 Puffs Vlastnosti produktu:<\/h4>\n<p>Model:<b>Hazebar 12000 Puffs Elegantn\u00ed vape<\/b><\/p>\n<p>Pot\u00e1hnut\u00ed: 12000<br \/>\nKapacita baterie: 850mAh<br \/>\nObjem e-liquidu: 20ml<br \/>\nObsah nikotinu: 2%\/5% Nikotinov\u00e1 s\u016fl<br \/>\nBalen\u00ed: 10 kus\u016f v 1 balen\u00ed<br \/>\nMinim\u00e1ln\u00ed objedn\u00e1vkov\u00e9 mno\u017estv\u00ed (MOQ):\u00a0<strong>100 kus\u016f<\/strong><\/p>\n<h3>V\u00fdhody elegantn\u00ed vapky Hazebar 12000 Puff:<\/h3>\n<ol>\n<li>Inovativn\u00ed<\/li>\n<li>Vysok\u00e1 kvalita<\/li>\n<li>Stylov\u00fd<\/li>\n<li>Produkce mrak\u016f<\/li>\n<li>Snadn\u00e9 pou\u017eit\u00ed<\/li>\n<li>P\u0159edpln\u011bn\u00fd<\/li>\n<li>\u017d\u00e1dn\u00e1 \u00fadr\u017eba<\/li>\n<li>Diskr\u00e9tn\u00ed<\/li>\n<li>Bez n\u00e1mahy<\/li>\n<li>Bohat\u00e1 chu\u0165<\/li>\n<li>Nikotinov\u00e9 soli<\/li>\n<li>Nikotinov\u00e9 uspokojen\u00ed<\/li>\n<li>D\u00e1vkov\u00e1n\u00ed nikotinu<\/li>\n<li>Vylep\u0161en\u00fd z\u00e1\u017eitek<\/li>\n<\/ol>\n<h3><strong>Jak\u00e1 je nejlep\u0161\u00ed vapka <\/strong>HAZEBAR 12000 Pot\u00e1\u010dek <strong>P\u0159\u00edchut\u011b?<\/strong><\/h3>\n<p>1. Vodn\u00ed meloun s ledem<\/p>\n<p>2. vodn\u00ed meloun, jahoda<\/p>\n<p>3. mango, broskev, vodn\u00ed meloun<\/p>\n<p>4.bor\u016fvkov\u00e1 ledov\u00e1<\/p>\n<p>5. jogurt<\/p>\n<p>6. citronov\u00e1 cola<\/p>\n<p>7. \u010dern\u00fd ryb\u00edz, hrozen<\/p>\n<p>8. jahoda, li\u010di<\/p>\n<p>9. kiwi, mu\u010denka, guava<\/p>\n<p>10. mix ovoce<\/p>\n<p><a href=\"https:\/\/vapebulkp.com\/cs\/product\/popular-randm-tornado-7000puffs-disposable-vape-best-price\/\">Randm tornado 7000 pot\u00e1hnut\u00ed<\/a><\/p>\n<p><span style=\"vertical-align: inherit\">Najd\u011bte dal\u0161\u00ed produkty, kter\u00e9 by se v\u00e1m mohly l\u00edbit:<\/span><em><a href=\"https:\/\/wa.me\/8618077105796\"><span style=\"vertical-align: inherit\">\u00a0Kupte to te\u010f<\/span><\/a><\/em><\/p>\n<p><span style=\"vertical-align: inherit\">Dal\u0161\u00ed potahy, kter\u00e9 by se v\u00e1m mohly l\u00edbit:<\/span><a href=\"https:\/\/vapebulkp.com\/cs\/product\/good-sale-randm-tornado-10000-puffs-plus\/\"><span style=\"vertical-align: inherit\">RandM 10000 pot\u00e1hnut\u00ed<\/span><\/a><span style=\"vertical-align: inherit\">\u2014S kapacitou 10 000 pot\u00e1hnut\u00ed je toto za\u0159\u00edzen\u00ed obl\u00edben\u00e9 mezi vapovac\u00edmi nad\u0161enci.<\/span><\/p>\n<p><a href=\"https:\/\/vapebulkp.com\/cs\/product\/wholesale-randm-tornado-9000-puffs-germany\/\"><span style=\"vertical-align: inherit\">RandM Tornado 9000 pot\u00e1hnut\u00ed<\/span><\/a><span style=\"vertical-align: inherit\">\u2014Jako nejobl\u00edben\u011bj\u0161\u00ed e-cigareta m\u00e1 Randm 9 000 pot\u00e1hnut\u00ed, kter\u00e9 si m\u016f\u017eete u\u017e\u00edt<\/span><\/p>\n<p><a href=\"https:\/\/vapebulkp.com\/cs\/product\/popular-bang-king-10000-puffs-vape-good-price\/\"><span style=\"vertical-align: inherit\">Bang King 10000 pot\u00e1hnut\u00ed<\/span><\/a><span style=\"vertical-align: inherit\">\u2014Bang King je popul\u00e1rn\u00ed zna\u010dka s unik\u00e1tn\u00edmi modely a 10000 pot\u00e1hnut\u00edmi<\/span><\/p>\n<p><a href=\"https:\/\/vapebulkp.com\/cs\/product\/bang-king-12000puffs\/\"><span style=\"vertical-align: inherit\">Bang King 12000 pot\u00e1hnut\u00ed<\/span><\/a>\u2014-Bang King 12000 pot\u00e1hnut\u00ed je popul\u00e1rn\u00ed zna\u010dka s unik\u00e1tn\u00edmi modely a 12 000 pot\u00e1hnut\u00edmi, dal\u0161\u00ed mo\u017enost, jak vylep\u0161it va\u0161e vapovac\u00ed pot\u0159eby<\/p>\n<p><span style=\"vertical-align: inherit\">E-cigaretov\u00e1 l\u00e1hev speci\u00e1ln\u00edho tvaru:<\/span><a href=\"https:\/\/vapebulkp.com\/cs\/product\/popular-kulx-10000puffs-disposable-vape-good-price\/\"><span style=\"vertical-align: inherit\">Kulx 10000 potah\u016f<\/span><\/a><span style=\"vertical-align: inherit\">\/ <\/span><a href=\"https:\/\/vapebulkp.com\/cs\/product\/disposable-vape-crystal-600-puffs\/\"><span style=\"vertical-align: inherit\">Crystal Legend 600 pot\u00e1hnut\u00ed<\/span><\/a><span style=\"vertical-align: inherit\">\/<\/span><a href=\"https:\/\/vapebulkp.com\/cs\/product\/bang-box-12000puffs-good-vape-sweden-wholesale-price\/\"><span style=\"vertical-align: inherit\">Bang Box vape 12000 pot\u00e1hnut\u00ed<\/span><\/a><\/p>\n<h4>V\u011bci, kter\u00e9 by se v\u00e1m mohly l\u00edbit v\u011bd\u011bt o elektronick\u00fdch cigaret\u00e1ch (e-cigaret\u00e1ch):<\/h4>\n<p>Q: Pro\u010d elektronick\u00e9 cigarety prot\u00e9kaj\u00ed?<br \/>\nA: \u00danik e-cigaretov\u00e9ho liquidu m\u016f\u017ee b\u00fdt zp\u016fsoben nespr\u00e1vn\u011b nainstalovanou \u017ehavic\u00ed hlavou nebo po\u0161kozen\u00fdm t\u011bsnic\u00edm krou\u017ekem p\u0159i pln\u011bn\u00ed. Ujist\u011bte se, \u017ee p\u0159i pln\u011bn\u00ed nenatla\u010d\u00edte p\u0159\u00edli\u0161 mnoho liquidu, a zkontrolujte, zda je t\u011bsnic\u00ed krou\u017eek neporu\u0161en\u00fd, co\u017e m\u016f\u017ee \u00fa\u010dinn\u011b sn\u00ed\u017eit \u00fanik liquidu.<\/p>\n<p>Q: Pro\u010d elektronick\u00e1 cigareta chutn\u00e1 po sp\u00e1lenin\u011b?<br \/>\nA: Sp\u00e1len\u00e1 chu\u0165 je obvykle zp\u016fsobena sp\u00e1len\u00edm \u017ehavic\u00ed hlavy nebo nedostate\u010dn\u00fdm mno\u017estv\u00edm liquidu. Doporu\u010duje se pravideln\u011b vym\u011b\u0148ovat \u017ehavic\u00ed hlavu a zajistit dostate\u010dn\u00e9 mno\u017estv\u00ed liquidu, aby se zabr\u00e1nilo sp\u00e1len\u00ed.<\/p>\n<p>Q: Pro\u010d se tah z elektronick\u00e9 cigarety oslabuje?<br \/>\nA: Slab\u00fd tah m\u016f\u017ee b\u00fdt zp\u016fsoben nedostate\u010dnou kapacitou baterie, st\u00e1rnut\u00edm \u017ehavic\u00ed hlavy nebo jej\u00edm ucp\u00e1n\u00edm. Zkuste nab\u00edt baterii nebo vym\u011bnit \u017ehavic\u00ed hlavu za novou, abyste vy\u0159e\u0161ili probl\u00e9m se slab\u00fdm tahem.<\/p>\n<p>Q: Jak \u010distit vybaven\u00ed pro e-cigarety?<br \/>\nA: Pravideln\u00e9 \u010di\u0161t\u011bn\u00ed va\u0161eho e-cigaretov\u00e9ho za\u0159\u00edzen\u00ed udr\u017e\u00ed jeho v\u00fdkon a chu\u0165. Pou\u017eijte m\u011bkk\u00fd had\u0159\u00edk k jemn\u00e9mu ot\u0159en\u00ed povrchu za\u0159\u00edzen\u00ed a pou\u017eijte vatov\u00e9 ty\u010dinky k \u010di\u0161t\u011bn\u00ed spoj\u016f nebo vnit\u0159n\u00edch povrch\u016f, ale dejte pozor, abyste je nepo\u0161kodili.<\/p>\n<p>Q: Jsou e-cigarety \u0161kodliv\u00e9 pro zdrav\u00ed?<br \/>\nA: P\u0159esto\u017ee elektronick\u00e9 cigarety mohou obsahovat m\u00e9n\u011b \u0161kodliv\u00fdch l\u00e1tek ne\u017e tradi\u010dn\u00ed cigarety, neznamen\u00e1 to, \u017ee jsou zcela ne\u0161kodn\u00e9. Dlouhodob\u00e9 u\u017e\u00edv\u00e1n\u00ed elektronick\u00fdch cigaret m\u016f\u017ee m\u00edt st\u00e1le ur\u010dit\u00e9 \u00fa\u010dinky na zdrav\u00ed. Nejlep\u0161\u00ed je omezit jejich u\u017e\u00edv\u00e1n\u00ed a vyhledat radu l\u00e9ka\u0159sk\u00e9ho odborn\u00edka.<\/p>\n<h4>Podrobnosti o p\u0159eprav\u011b:<\/h4>\n<p><span style=\"color: #ff6600\">Doba v\u00fdroby: 5-10 pracovn\u00edch dn\u016f<\/span><br \/>\n<span style=\"color: #ff6600\">Doba p\u0159epravy: 8-14 pracovn\u00edch dn\u016f<\/span><\/p>\n<p>V\u0161echny produkty v na\u0161em obchod\u011b jsou 100% origin\u00e1ln\u00ed a autentick\u00e9, tak\u017ee desetin\u00e1sobn\u00e1 n\u00e1hrada za pad\u011blky je na\u0161\u00ed obchodn\u00ed politikou. K doru\u010den\u00ed zbo\u017e\u00ed pou\u017e\u00edv\u00e1me logistick\u00e9 kan\u00e1ly jako UPS\/DHL\/FEDEX\/DPD.<\/p>\n<p>Pro z\u00e1silky odeslan\u00e9 do \u010cesk\u00e9 republiky obvykle trv\u00e1 doru\u010den\u00ed 10 pracovn\u00edch dn\u016f. Doru\u010den\u00ed do evropsk\u00fdch zem\u00ed obvykle trv\u00e1 12 a\u017e 15 pracovn\u00edch dn\u016f. Logistick\u00e9 informace pro v\u00e1s budeme aktualizovat v re\u00e1ln\u00e9m \u010dase.<\/p>\n<p>Kontaktujte n\u00e1s a m\u016f\u017eeme v\u00e1m nab\u00eddnout Hazebar 12000 pot\u00e1hnut\u00ed a posunout va\u0161e podnik\u00e1n\u00ed do vy\u0161\u0161\u00edch sf\u00e9r!<\/p>","protected":false},"excerpt":{"rendered":"<p>Pou\u017eit\u00edm HAZEBAR 12000 Puffs Velkoobchodn\u00ed cena Vape Nov\u00fd model Vape v\u00e1m tato HAZEBAR e-cigareta poskytne z\u00e1\u017eitek, jak\u00fd jste nikdy p\u0159edt\u00edm neza\u017eili. Tato e-cigareta zlep\u0161\u00ed va\u0161e standardy kou\u0159en\u00ed a umo\u017en\u00ed v\u00e1m za\u017e\u00edt z\u00e1bavu.<\/p>\n<p><img decoding=\"async\" class=\"alignnone wp-image-2151\" src=\"http:\/\/vapebulkp.com\/wp-content\/uploads\/2024\/04\/Mandy-WhatsApp-Randm.jpg\" alt=\"Mandy WhatsApp Randm\" width=\"282\" height=\"300\" srcset=\"https:\/\/vapebulkp.com\/wp-content\/uploads\/2024\/04\/Mandy-WhatsApp-Randm.jpg 916w, https:\/\/vapebulkp.com\/wp-content\/uploads\/2024\/04\/Mandy-WhatsApp-Randm-282x300.jpg 282w, https:\/\/vapebulkp.com\/wp-content\/uploads\/2024\/04\/Mandy-WhatsApp-Randm-768x817.jpg 768w, https:\/\/vapebulkp.com\/wp-content\/uploads\/2024\/04\/Mandy-WhatsApp-Randm-600x638.jpg 600w\" sizes=\"(max-width: 282px) 100vw, 282px\" \/><\/p>\n<p>Pro slevu pros\u00edm kontaktujte Mandy p\u0159es WhatsApp<a href=\"https:\/\/wa.me\/8618077105796\">+8618077105796<\/a><\/p>\n<p><span style=\"color: #ff0000\">POZN\u00c1MKA: Ceny na na\u0161em webu nezahrnuj\u00ed n\u00e1klady na dopravu<\/span><\/p>","protected":false},"featured_media":1925,"comment_status":"open","ping_status":"closed","template":"","meta":{"_uag_custom_page_level_css":"","_lmt_disableupdate":"no","_lmt_disable":"","site-sidebar-layout":"default","site-content-layout":"content-boxed-container","ast-site-content-layout":"normal-width-container","site-content-style":"boxed","site-sidebar-style":"unboxed","ast-global-header-display":"","ast-banner-title-visibility":"","ast-main-header-display":"","ast-hfb-above-header-display":"","ast-hfb-below-header-display":"","ast-hfb-mobile-header-display":"","site-post-title":"","ast-breadcrumbs-content":"","ast-featured-img":"","footer-sml-layout":"","theme-transparent-header-meta":"default","adv-header-id-meta":"","stick-header-meta":"","header-above-stick-meta":"","header-main-stick-meta":"","header-below-stick-meta":"","astra-migrate-meta-layouts":"set","_joinchat":[]},"product_cat":[166,153,155,33,59,100,98,34,158,157,154,152,58,84,156,63,32],"product_tag":[68,36,37,91,41,71,40],"class_list":["post-1908","product","type-product","status-publish","has-post-thumbnail","hentry","product_cat-12000-puffs-disposable-vape","product_cat-hot-disposable-vapes","product_cat-belgium-hot-disposable-vapes","product_cat-france-vape-hot-sale","product_cat-germany-hot-disposable-vape","product_cat-germany-wholesale-vape-shop","product_cat-moq-100pcs","product_cat-netherlands-vape-good-sale","product_cat-norway-hot-disposable-vapes","product_cat-poland-hot-disposable-vapes","product_cat-portugal-hot-disposable-vapes","product_cat-spain-hot-disposable-vapes","product_cat-sweden-hot-disposable-vape","product_cat-sweden-wholesale-vape","product_cat-switzerland-hot-disposable-vapes","product_cat-top-sale-disposable-vape","product_cat-vape-hot-sale-this-week","product_tag-12000-puffs","product_tag-good-vape","product_tag-hot-sale-disposable-vape","product_tag-italy-hot-vape","product_tag-poland-hot-vape","product_tag-randm","product_tag-sweden-hot-vape","desktop-align-left","tablet-align-left","mobile-align-left"],"yoast_head":"<!-- This site is optimized with the Yoast SEO plugin v21.1 - https:\/\/yoast.com\/wordpress\/plugins\/seo\/ -->\n<title>HAZEBAR 12000 Puffs Wholesale Price Vape New Model Vape - vapebulkp.com<\/title>\n<meta name=\"description\" content=\"Shop HAZEBAR 12000 Puffs Wholesale Price Vape New Model Vape, this HAZEBAR vape will give you an experience you have never had before. This e-cigarette will improve your smoking standards and allow you to experience the fun.\" \/>\n<meta name=\"robots\" content=\"index, follow, max-snippet:-1, max-image-preview:large, max-video-preview:-1\" \/>\n<link rel=\"canonical\" href=\"https:\/\/vapebulkp.com\/cs\/product\/hazebar-12000-puffs-wholesale-price-vape-new-model-vape\/\" \/>\n<meta property=\"og:locale\" content=\"cs_CZ\" \/>\n<meta property=\"og:type\" content=\"article\" \/>\n<meta property=\"og:title\" content=\"HAZEBAR 12000 Puffs Wholesale Price Vape New Model Vape - vapebulkp.com\" \/>\n<meta property=\"og:description\" content=\"Shop HAZEBAR 12000 Puffs Wholesale Price Vape New Model Vape, this HAZEBAR vape will give you an experience you have never had before. This e-cigarette will improve your smoking standards and allow you to experience the fun.\" \/>\n<meta property=\"og:url\" content=\"https:\/\/vapebulkp.com\/cs\/product\/hazebar-12000-puffs-wholesale-price-vape-new-model-vape\/\" \/>\n<meta property=\"og:site_name\" content=\"vapebulkp.com\" \/>\n<meta property=\"article:modified_time\" content=\"2025-09-01T07:22:35+00:00\" \/>\n<meta property=\"og:image\" content=\"http:\/\/vapebulkp.com\/wp-content\/uploads\/2023\/11\/Hazebar-12000-PUFFS-VAPE-HOT.png\" \/>\n\t<meta property=\"og:image:width\" content=\"565\" \/>\n\t<meta property=\"og:image:height\" content=\"800\" \/>\n\t<meta property=\"og:image:type\" content=\"image\/png\" \/>\n<meta name=\"twitter:card\" content=\"summary_large_image\" \/>\n<meta name=\"twitter:label1\" content=\"Odhadovan\u00e1 doba \u010dten\u00ed\" \/>\n\t<meta name=\"twitter:data1\" content=\"5 minut\" \/>\n<script type=\"application\/ld+json\" class=\"yoast-schema-graph\">{\"@context\":\"https:\/\/schema.org\",\"@graph\":[{\"@type\":\"WebPage\",\"@id\":\"https:\/\/vapebulkp.com\/product\/hazebar-12000-puffs-wholesale-price-vape-new-model-vape\/\",\"url\":\"https:\/\/vapebulkp.com\/product\/hazebar-12000-puffs-wholesale-price-vape-new-model-vape\/\",\"name\":\"HAZEBAR 12000 Puffs Wholesale Price Vape New Model Vape - vapebulkp.com\",\"isPartOf\":{\"@id\":\"https:\/\/vapebulkp.com\/#website\"},\"datePublished\":\"2023-11-30T07:10:32+00:00\",\"dateModified\":\"2025-09-01T07:22:35+00:00\",\"description\":\"Shop HAZEBAR 12000 Puffs Wholesale Price Vape New Model Vape, this HAZEBAR vape will give you an experience you have never had before. This e-cigarette will improve your smoking standards and allow you to experience the fun.\",\"breadcrumb\":{\"@id\":\"https:\/\/vapebulkp.com\/product\/hazebar-12000-puffs-wholesale-price-vape-new-model-vape\/#breadcrumb\"},\"inLanguage\":\"cs\",\"potentialAction\":[{\"@type\":\"ReadAction\",\"target\":[\"https:\/\/vapebulkp.com\/product\/hazebar-12000-puffs-wholesale-price-vape-new-model-vape\/\"]}]},{\"@type\":\"BreadcrumbList\",\"@id\":\"https:\/\/vapebulkp.com\/product\/hazebar-12000-puffs-wholesale-price-vape-new-model-vape\/#breadcrumb\",\"itemListElement\":[{\"@type\":\"ListItem\",\"position\":1,\"name\":\"Home\",\"item\":\"https:\/\/vapebulkp.com\/\"},{\"@type\":\"ListItem\",\"position\":2,\"name\":\"Hot Trend Vapes\",\"item\":\"https:\/\/vapebulkp.com\/vape-shop\/\"},{\"@type\":\"ListItem\",\"position\":3,\"name\":\"HAZEBAR 12000 Puffs Wholesale Price Vape New Model Vape\"}]},{\"@type\":\"WebSite\",\"@id\":\"https:\/\/vapebulkp.com\/#website\",\"url\":\"https:\/\/vapebulkp.com\/\",\"name\":\"vapebulkp.com\",\"description\":\"Buy Vape In Cheap Bulk Price Near you\",\"publisher\":{\"@id\":\"https:\/\/vapebulkp.com\/#organization\"},\"potentialAction\":[{\"@type\":\"SearchAction\",\"target\":{\"@type\":\"EntryPoint\",\"urlTemplate\":\"https:\/\/vapebulkp.com\/?s={search_term_string}\"},\"query-input\":\"required name=search_term_string\"}],\"inLanguage\":\"cs\"},{\"@type\":\"Organization\",\"@id\":\"https:\/\/vapebulkp.com\/#organization\",\"name\":\"vapebulkp.com\",\"url\":\"https:\/\/vapebulkp.com\/\",\"logo\":{\"@type\":\"ImageObject\",\"inLanguage\":\"cs\",\"@id\":\"https:\/\/vapebulkp.com\/#\/schema\/logo\/image\/\",\"url\":\"https:\/\/vapebulkp.com\/wp-content\/uploads\/2023\/09\/cropped-vapebulkp.png\",\"contentUrl\":\"https:\/\/vapebulkp.com\/wp-content\/uploads\/2023\/09\/cropped-vapebulkp.png\",\"width\":516,\"height\":163,\"caption\":\"vapebulkp.com\"},\"image\":{\"@id\":\"https:\/\/vapebulkp.com\/#\/schema\/logo\/image\/\"}}]}<\/script>\n<!-- \/ Yoast SEO plugin. -->","yoast_head_json":{"title":"HAZEBAR 12000 Puffs Wholesale Price Vape New Model Vape - vapebulkp.com","description":"Shop HAZEBAR 12000 Puffs Wholesale Price Vape New Model Vape, this HAZEBAR vape will give you an experience you have never had before. This e-cigarette will improve your smoking standards and allow you to experience the fun.","robots":{"index":"index","follow":"follow","max-snippet":"max-snippet:-1","max-image-preview":"max-image-preview:large","max-video-preview":"max-video-preview:-1"},"canonical":"https:\/\/vapebulkp.com\/cs\/product\/hazebar-12000-puffs-wholesale-price-vape-new-model-vape\/","og_locale":"cs_CZ","og_type":"article","og_title":"HAZEBAR 12000 Puffs Wholesale Price Vape New Model Vape - vapebulkp.com","og_description":"Shop HAZEBAR 12000 Puffs Wholesale Price Vape New Model Vape, this HAZEBAR vape will give you an experience you have never had before. This e-cigarette will improve your smoking standards and allow you to experience the fun.","og_url":"https:\/\/vapebulkp.com\/cs\/product\/hazebar-12000-puffs-wholesale-price-vape-new-model-vape\/","og_site_name":"vapebulkp.com","article_modified_time":"2025-09-01T07:22:35+00:00","og_image":[{"width":565,"height":800,"url":"http:\/\/vapebulkp.com\/wp-content\/uploads\/2023\/11\/Hazebar-12000-PUFFS-VAPE-HOT.png","type":"image\/png"}],"twitter_card":"summary_large_image","twitter_misc":{"Odhadovan\u00e1 doba \u010dten\u00ed":"5 minut"},"schema":{"@context":"https:\/\/schema.org","@graph":[{"@type":"WebPage","@id":"https:\/\/vapebulkp.com\/product\/hazebar-12000-puffs-wholesale-price-vape-new-model-vape\/","url":"https:\/\/vapebulkp.com\/product\/hazebar-12000-puffs-wholesale-price-vape-new-model-vape\/","name":"HAZEBAR 12000 Puffs Wholesale Price Vape New Model Vape - vapebulkp.com","isPartOf":{"@id":"https:\/\/vapebulkp.com\/#website"},"datePublished":"2023-11-30T07:10:32+00:00","dateModified":"2025-09-01T07:22:35+00:00","description":"Shop HAZEBAR 12000 Puffs Wholesale Price Vape New Model Vape, this HAZEBAR vape will give you an experience you have never had before. This e-cigarette will improve your smoking standards and allow you to experience the fun.","breadcrumb":{"@id":"https:\/\/vapebulkp.com\/product\/hazebar-12000-puffs-wholesale-price-vape-new-model-vape\/#breadcrumb"},"inLanguage":"cs","potentialAction":[{"@type":"ReadAction","target":["https:\/\/vapebulkp.com\/product\/hazebar-12000-puffs-wholesale-price-vape-new-model-vape\/"]}]},{"@type":"BreadcrumbList","@id":"https:\/\/vapebulkp.com\/product\/hazebar-12000-puffs-wholesale-price-vape-new-model-vape\/#breadcrumb","itemListElement":[{"@type":"ListItem","position":1,"name":"Home","item":"https:\/\/vapebulkp.com\/"},{"@type":"ListItem","position":2,"name":"Hot Trend Vapes","item":"https:\/\/vapebulkp.com\/vape-shop\/"},{"@type":"ListItem","position":3,"name":"HAZEBAR 12000 Puffs Wholesale Price Vape New Model Vape"}]},{"@type":"WebSite","@id":"https:\/\/vapebulkp.com\/#website","url":"https:\/\/vapebulkp.com\/","name":"vapebulkp.com","description":"Buy Vape In Cheap Bulk Price Near you","publisher":{"@id":"https:\/\/vapebulkp.com\/#organization"},"potentialAction":[{"@type":"SearchAction","target":{"@type":"EntryPoint","urlTemplate":"https:\/\/vapebulkp.com\/?s={search_term_string}"},"query-input":"required name=search_term_string"}],"inLanguage":"cs"},{"@type":"Organization","@id":"https:\/\/vapebulkp.com\/#organization","name":"vapebulkp.com","url":"https:\/\/vapebulkp.com\/","logo":{"@type":"ImageObject","inLanguage":"cs","@id":"https:\/\/vapebulkp.com\/#\/schema\/logo\/image\/","url":"https:\/\/vapebulkp.com\/wp-content\/uploads\/2023\/09\/cropped-vapebulkp.png","contentUrl":"https:\/\/vapebulkp.com\/wp-content\/uploads\/2023\/09\/cropped-vapebulkp.png","width":516,"height":163,"caption":"vapebulkp.com"},"image":{"@id":"https:\/\/vapebulkp.com\/#\/schema\/logo\/image\/"}}]}},"uagb_featured_image_src":{"full":["https:\/\/vapebulkp.com\/wp-content\/uploads\/2023\/11\/Hazebar-12000-PUFFS-VAPE-HOT.png",565,800,false],"thumbnail":["https:\/\/vapebulkp.com\/wp-content\/uploads\/2023\/11\/Hazebar-12000-PUFFS-VAPE-HOT-150x150.png",150,150,true],"medium":["https:\/\/vapebulkp.com\/wp-content\/uploads\/2023\/11\/Hazebar-12000-PUFFS-VAPE-HOT-212x300.png",212,300,true],"medium_large":["https:\/\/vapebulkp.com\/wp-content\/uploads\/2023\/11\/Hazebar-12000-PUFFS-VAPE-HOT.png",565,800,false],"large":["https:\/\/vapebulkp.com\/wp-content\/uploads\/2023\/11\/Hazebar-12000-PUFFS-VAPE-HOT.png",565,800,false],"1536x1536":["https:\/\/vapebulkp.com\/wp-content\/uploads\/2023\/11\/Hazebar-12000-PUFFS-VAPE-HOT.png",565,800,false],"2048x2048":["https:\/\/vapebulkp.com\/wp-content\/uploads\/2023\/11\/Hazebar-12000-PUFFS-VAPE-HOT.png",565,800,false],"trp-custom-language-flag":["https:\/\/vapebulkp.com\/wp-content\/uploads\/2023\/11\/Hazebar-12000-PUFFS-VAPE-HOT.png",8,12,false],"woocommerce_thumbnail":["https:\/\/vapebulkp.com\/wp-content\/uploads\/2023\/11\/Hazebar-12000-PUFFS-VAPE-HOT-300x300.png",300,300,true],"woocommerce_single":["https:\/\/vapebulkp.com\/wp-content\/uploads\/2023\/11\/Hazebar-12000-PUFFS-VAPE-HOT.png",565,800,false],"woocommerce_gallery_thumbnail":["https:\/\/vapebulkp.com\/wp-content\/uploads\/2023\/11\/Hazebar-12000-PUFFS-VAPE-HOT-100x100.png",100,100,true],"wcpr-photo-reviews":["https:\/\/vapebulkp.com\/wp-content\/uploads\/2023\/11\/Hazebar-12000-PUFFS-VAPE-HOT.png",353,500,false]},"uagb_author_info":{"display_name":"Mandy vape bulk price","author_link":"https:\/\/vapebulkp.com\/cs\/author\/"},"uagb_comment_info":0,"uagb_excerpt":"By using HAZEBAR 12000 Puffs Wholesale Price Vape New Model Vape, this HAZEBAR vape will give you an experience you have never had before. This e-cigarette will improve your smoking standards and allow you to experience the fun. Pls Contact Mandy's WhatsApp For Discount Price+8618077105796 NOTE: Prices on our website does not include shipping costs","_links":{"self":[{"href":"https:\/\/vapebulkp.com\/cs\/wp-json\/wp\/v2\/product\/1908","targetHints":{"allow":["GET"]}}],"collection":[{"href":"https:\/\/vapebulkp.com\/cs\/wp-json\/wp\/v2\/product"}],"about":[{"href":"https:\/\/vapebulkp.com\/cs\/wp-json\/wp\/v2\/types\/product"}],"replies":[{"embeddable":true,"href":"https:\/\/vapebulkp.com\/cs\/wp-json\/wp\/v2\/comments?post=1908"}],"wp:featuredmedia":[{"embeddable":true,"href":"https:\/\/vapebulkp.com\/cs\/wp-json\/wp\/v2\/media\/1925"}],"wp:attachment":[{"href":"https:\/\/vapebulkp.com\/cs\/wp-json\/wp\/v2\/media?parent=1908"}],"wp:term":[{"taxonomy":"product_cat","embeddable":true,"href":"https:\/\/vapebulkp.com\/cs\/wp-json\/wp\/v2\/product_cat?post=1908"},{"taxonomy":"product_tag","embeddable":true,"href":"https:\/\/vapebulkp.com\/cs\/wp-json\/wp\/v2\/product_tag?post=1908"}],"curies":[{"name":"wp","href":"https:\/\/api.w.org\/{rel}","templated":true}]}}