{"id":2077,"date":"2024-02-26T08:15:03","date_gmt":"2024-02-26T07:15:03","guid":{"rendered":"https:\/\/vapebulkp.com\/?post_type=product&#038;p=2077"},"modified":"2025-09-24T05:17:06","modified_gmt":"2025-09-24T03:17:06","slug":"bang-20000-puffs-hot-vape-top-sale-vape","status":"publish","type":"product","link":"https:\/\/vapebulkp.com\/cs\/product\/bang-20000-puffs-hot-vape-top-sale-vape\/","title":{"rendered":"Bang 20000 Puffs Hork\u00fd Vape Nejlep\u0161\u00ed prodej Vape"},"content":{"rendered":"<h2 style=\"text-align: left\">Bang 20000 Puffs Hork\u00fd Vape Nejlep\u0161\u00ed prodej Vape<\/h2>\n<p data-start=\"157\" data-end=\"421\">Ten <strong data-start=\"201\" data-end=\"226\">Bang 20000 potah\u016f Vape<\/strong> je jednor\u00e1zov\u00fd vape s vysokou kapacitou, vyroben\u00fd pro dlouhotrvaj\u00edc\u00ed v\u00fdkon. S 25 ml pr\u00e9miov\u00e9 e-liquidu a 16 obl\u00edben\u00fdmi p\u0159\u00edchut\u011bmi poskytuje konzistentn\u00ed, bohatou p\u00e1ru od prvn\u00edho pot\u00e1hnut\u00ed a\u017e do posledn\u00edho.<\/p>\n<p data-start=\"423\" data-end=\"702\">Vybaven chytr\u00fdm displejem pro stav baterie a e-liquidu, tento nejprod\u00e1van\u011bj\u0161\u00ed vape <strong data-start=\"490\" data-end=\"510\">Bang 20K potah\u016f<\/strong> zaji\u0161\u0165uje pohodl\u00ed a kontrolu pro ka\u017ed\u00e9ho u\u017eivatele. Navr\u017een s elegantn\u00edm t\u011blem a v\u00fdkonnou bateri\u00ed, nab\u00edz\u00ed a\u017e 20 000 pot\u00e1hnut\u00ed, co\u017e z n\u011bj \u010din\u00ed spolehlivou volbu pro ka\u017edodenn\u00ed pou\u017eit\u00ed nebo spole\u010densk\u00e9 p\u0159\u00edle\u017eitosti.<\/p>\n<p data-start=\"704\" data-end=\"914\">Ide\u00e1ln\u00ed pro vapery, kte\u0159\u00ed cht\u011bj\u00ed rozmanitost p\u0159\u00edchut\u00ed, velk\u00fd po\u010det pot\u00e1hnut\u00ed a snadn\u00e9 dob\u00edjen\u00ed, <strong data-start=\"791\" data-end=\"827\">Bum <a href=\"https:\/\/vapebulkp.com\/cs\/product-category\/20000-puffs-disposable-vape\/\">20000 pot\u00e1hnut\u00ed jednor\u00e1zov\u00e1 e-cigareta<\/a><\/strong> je jedn\u00edm z nejprod\u00e1van\u011bj\u0161\u00edch za\u0159\u00edzen\u00ed na trhu, kter\u00e9mu se d\u016fv\u011b\u0159uje pro svou kvalitu i styl.<\/p>\n<p><img decoding=\"async\" class=\"alignnone wp-image-2083\" src=\"http:\/\/vapebulkp.com\/wp-content\/uploads\/2024\/02\/Good-sale-vape-Bang-20000-puffs-Netherlands.jpg\" alt=\"Obl\u00edben\u00e1 prodejn\u00ed e-cigareta Bang 20000 Puffs v \u010cesk\u00e9 republice\" width=\"402\" height=\"607\" srcset=\"https:\/\/vapebulkp.com\/wp-content\/uploads\/2024\/02\/Good-sale-vape-Bang-20000-puffs-Netherlands.jpg 1080w, https:\/\/vapebulkp.com\/wp-content\/uploads\/2024\/02\/Good-sale-vape-Bang-20000-puffs-Netherlands-199x300.jpg 199w, https:\/\/vapebulkp.com\/wp-content\/uploads\/2024\/02\/Good-sale-vape-Bang-20000-puffs-Netherlands-679x1024.jpg 679w, https:\/\/vapebulkp.com\/wp-content\/uploads\/2024\/02\/Good-sale-vape-Bang-20000-puffs-Netherlands-768x1158.jpg 768w, https:\/\/vapebulkp.com\/wp-content\/uploads\/2024\/02\/Good-sale-vape-Bang-20000-puffs-Netherlands-1018x1536.jpg 1018w, https:\/\/vapebulkp.com\/wp-content\/uploads\/2024\/02\/Good-sale-vape-Bang-20000-puffs-Netherlands-600x905.jpg 600w\" sizes=\"(max-width: 402px) 100vw, 402px\" \/><\/p>\n<p>&nbsp;<\/p>\n<h6>Pro slevu pros\u00edm kontaktujte Mandy p\u0159es WhatsApp<a href=\"https:\/\/wa.me\/8618077105796\">+8618077105796<\/a><\/h6>\n<p><img decoding=\"async\" class=\"alignnone wp-image-2151\" src=\"http:\/\/vapebulkp.com\/wp-content\/uploads\/2024\/04\/Mandy-WhatsApp-Randm.jpg\" alt=\"Mandy WhatsApp Randm\" width=\"261\" height=\"277\" srcset=\"https:\/\/vapebulkp.com\/wp-content\/uploads\/2024\/04\/Mandy-WhatsApp-Randm.jpg 916w, https:\/\/vapebulkp.com\/wp-content\/uploads\/2024\/04\/Mandy-WhatsApp-Randm-282x300.jpg 282w, https:\/\/vapebulkp.com\/wp-content\/uploads\/2024\/04\/Mandy-WhatsApp-Randm-768x817.jpg 768w, https:\/\/vapebulkp.com\/wp-content\/uploads\/2024\/04\/Mandy-WhatsApp-Randm-600x638.jpg 600w\" sizes=\"(max-width: 261px) 100vw, 261px\" \/><\/p>\n<h3>Mysleli jsme, \u017ee byste r\u00e1di v\u011bd\u011bli o jednor\u00e1zov\u00e9m vape Bang 20000Puffs:<\/h3>\n<h5>1. Jak pou\u017e\u00edvat vape pen Bang 20k Puffs?<\/h5>\n<p>Krok 1. P\u0159ed pou\u017eit\u00edm 20k pot\u00e1hnut\u00ed odstra\u0148te plastovou trubi\u010dku.<\/p>\n<p>Krok 2. Po\u010dkejte asi 3 minuty, ne\u017e se \u0161\u0165\u00e1va dostane do c\u00edvky uvnit\u0159.<\/p>\n<p>Krok 3. U\u017eijte si to<\/p>\n<h5>2. JAK NAB\u00cdT JEDNOR\u00c1ZOV\u00c9 ZA\u0158\u00cdZEN\u00cd Bang 20k PUFFS?<\/h5>\n<p>Nelze pou\u017e\u00edvat rychlonab\u00edje\u010dky, a standardn\u00ed bezpe\u010dn\u00fd v\u00fdkon jednor\u00e1zov\u00fdch e-cigaret je 5V 1A.<\/p>\n<p>Ka\u017ed\u00e9 nab\u00edjen\u00ed nesm\u00ed p\u0159es\u00e1hnout 1 hodinu, a bezpe\u010dn\u00e1 doba nab\u00edjen\u00ed je p\u016fl hodiny.<\/p>\n<p><span style=\"color: #ff0000\">Upozorn\u011bn\u00ed: nenab\u00edjejte celou noc!<\/span><\/p>\n<h5>3.Jak\u00e1 je kapacita e-liquidu Bang 20000 Puffs WAPE?<\/h5>\n<p>25 ml<\/p>\n<h5>4. Kolik pot\u00e1hnut\u00ed mohu m\u00edt z tohoto Bang 20000 Puffs?<\/h5>\n<p>\u2014\u201320k pot\u00e1hnut\u00ed<\/p>\n<h3>Velkoobchod Vape Bang 20000 Puffs Jednor\u00e1zov\u00fd Vape Pod Vlastnosti:<\/h3>\n<ul>\n<li>Pot\u00e1hnut\u00ed: A\u017e 20000 pot\u00e1hnut\u00ed<\/li>\n<li>\u00a0Liquid: P\u0159edpln\u011bn\u00e1 kartu\u0161e s e-liquidem 25 ml<\/li>\n<li>Nikotin: 2\/5% Nikotinov\u00fd s\u016fl<\/li>\n<li>\u00a0Typy: Jednor\u00e1zov\u00e9<\/li>\n<li>\u00a0650mAh baterie<\/li>\n<li>\u00a0S\u00ed\u0165ov\u00e1 c\u00edvka<\/li>\n<li>\u00a0Dob\u00edjec\u00ed p\u0159es Type-c<\/li>\n<li>\u00a016 dostupn\u00fdch p\u0159\u00edchut\u00ed<\/li>\n<\/ul>\n<p>&nbsp;<\/p>\n<h3><strong>Jak\u00e9 jsou nejlep\u0161\u00ed p\u0159\u00edchut\u011b vape Bang 20000 Puffs?<\/strong><\/h3>\n<p>1. M\u00e1ta<br \/>\n2. Jahoda Lychee<br \/>\n3. Jahoda Kiwi<br \/>\n4. Jahoda Meloun<br \/>\n5. Red Bull<br \/>\n6.Sm\u00ed\u0161en\u00e9 ovoce<br \/>\n7.Bor\u016fvka led<br \/>\n8.Bor\u016fvka Malina<br \/>\n9.Bor\u016fvka meloun<br \/>\n10.Hrozny led<br \/>\n11.Broskev led<br \/>\n12.Meloun led<br \/>\n13.Malina meloun<br \/>\n14.Jahoda mango<br \/>\n15.Dvojit\u00e9 jablko<br \/>\n16.Mango broskev meloun<\/p>\n<p><a href=\"https:\/\/vapebulkp.com\/cs\/product\/popular-randm-tornado-7000puffs-disposable-vape-best-price\/\"><span style=\"vertical-align: inherit\">RandM Tornado 7000 potah\u016f <\/span><\/a><\/p>\n<p><span style=\"vertical-align: inherit\">Najd\u011bte dal\u0161\u00ed produkty, kter\u00e9 by se v\u00e1m mohly l\u00edbit:<\/span><em><a href=\"https:\/\/wa.me\/8618077105796\"><span style=\"vertical-align: inherit\">\u00a0Kupte to te\u010f<\/span><\/a><\/em><\/p>\n<p><span style=\"vertical-align: inherit\">Dal\u0161\u00ed potahy, kter\u00e9 by se v\u00e1m mohly l\u00edbit:<\/span><a href=\"https:\/\/vapebulkp.com\/cs\/product\/joymy-ultra15000puffs-best-disposable-vape-2023\/\"><span style=\"vertical-align: inherit\">JOYMY 15000 potah\u016f<\/span><\/a><span style=\"vertical-align: inherit\">\u3001<\/span><a href=\"https:\/\/vapebulkp.com\/cs\/product\/wholesale-randm-tornado-9000-puffs-germany\/\"><span style=\"vertical-align: inherit\">RandM 9000 potah\u016f<\/span><\/a><span style=\"vertical-align: inherit\">\/ <\/span><a href=\"https:\/\/vapebulkp.com\/cs\/product\/bang-king-12000puffs\/\"><span style=\"vertical-align: inherit\">Bang King 12000 pot\u00e1hnut\u00ed<\/span><\/a><span style=\"vertical-align: inherit\">\/ <\/span><a href=\"https:\/\/vapebulkp.com\/cs\/product\/wholesale-tornado-rum-bar-9000-puffs-sweden\/\"><span style=\"vertical-align: inherit\">Rumbar 9000 potah\u016f<\/span><\/a><\/p>\n<p><span style=\"vertical-align: inherit\">E-cigaretov\u00e1 l\u00e1hev speci\u00e1ln\u00edho tvaru:<\/span><a href=\"https:\/\/vapebulkp.com\/cs\/product\/wholesale-kulx-8000-puffs-disposable-vape\/\"><span style=\"vertical-align: inherit\">\u00a0Kulx 8000 potah\u016f<\/span><\/a><span style=\"vertical-align: inherit\">\/ <\/span><a href=\"https:\/\/vapebulkp.com\/cs\/product\/popular-bang-king-10000-puffs-vape-good-price\/\"><span style=\"vertical-align: inherit\">\u00a0Bang King 10000 potah\u016f <\/span><\/a><span style=\"vertical-align: inherit\">\/<\/span><a href=\"https:\/\/vapebulkp.com\/cs\/product\/disposable-vape-crystal-600-puffs\/\"><span style=\"vertical-align: inherit\"> Crystal 600 potah\u016f<\/span><\/a><\/p>\n<h5>Kvalifikace v\u00fdroby:<\/h5>\n<p><img decoding=\"async\" class=\"alignnone size-full wp-image-1841\" src=\"http:\/\/vapebulkp.com\/wp-content\/uploads\/2023\/11\/Vape-production-process-2.jpeg\" alt=\"Proces v\u00fdroby vape\" width=\"650\" height=\"434\" srcset=\"https:\/\/vapebulkp.com\/wp-content\/uploads\/2023\/11\/Vape-production-process-2.jpeg 650w, https:\/\/vapebulkp.com\/wp-content\/uploads\/2023\/11\/Vape-production-process-2-300x200.jpeg 300w, https:\/\/vapebulkp.com\/wp-content\/uploads\/2023\/11\/Vape-production-process-2-600x401.jpeg 600w\" sizes=\"(max-width: 650px) 100vw, 650px\" \/><\/p>\n<p><img decoding=\"async\" class=\"alignnone size-full wp-image-1843\" src=\"http:\/\/vapebulkp.com\/wp-content\/uploads\/2023\/11\/Vape-production-process.jpeg\" alt=\"Proces v\u00fdroby vape\" width=\"641\" height=\"1026\" srcset=\"https:\/\/vapebulkp.com\/wp-content\/uploads\/2023\/11\/Vape-production-process.jpeg 641w, https:\/\/vapebulkp.com\/wp-content\/uploads\/2023\/11\/Vape-production-process-187x300.jpeg 187w, https:\/\/vapebulkp.com\/wp-content\/uploads\/2023\/11\/Vape-production-process-640x1024.jpeg 640w, https:\/\/vapebulkp.com\/wp-content\/uploads\/2023\/11\/Vape-production-process-600x960.jpeg 600w\" sizes=\"(max-width: 641px) 100vw, 641px\" \/><\/p>\n<h5>Nej\u010dast\u011bj\u0161\u00ed dotazy:<\/h5>\n<p>Ot\u00e1zka: Jak\u00e9 je minim\u00e1ln\u00ed mno\u017estv\u00ed pro objedn\u00e1n\u00ed (MOQ) pro Bang 20000 Puffs?<br \/>\nOdpov\u011b\u010f: Minim\u00e1ln\u00ed objedn\u00e1vka je 100 ks.<br \/>\nOt\u00e1zka: Jak\u00e1 je dodac\u00ed lh\u016fta pro objednan\u00e9 elektronick\u00e9 cigarety?<br \/>\nOdpov\u011b\u010f: Obvykle je to 10-15 dn\u00ed po odesl\u00e1n\u00ed.<br \/>\nOt\u00e1zka: Kolik stoj\u00ed doprava? Odpov\u011b\u010f: Cena dopravy z\u00e1vis\u00ed na hmotnosti. R\u016fzn\u00e1 mno\u017estv\u00ed maj\u00ed r\u016fzn\u00e9 n\u00e1klady na dopravu, kontaktujte n\u00e1s pros\u00edm pro potvrzen\u00ed n\u00e1klad\u016f na dopravu.<\/p>\n<h4>Podrobnosti o p\u0159eprav\u011b:<\/h4>\n<p><span style=\"color: #ff6600\">Doba v\u00fdroby: 5-10 pracovn\u00edch dn\u016f<\/span><br \/>\n<span style=\"color: #ff6600\">Doba p\u0159epravy: 8-14 pracovn\u00edch dn\u016f<\/span><\/p>\n<p>V\u0161echny produkty v na\u0161em obchod\u011b jsou 100% origin\u00e1ln\u00ed a autentick\u00e9, tak\u017ee desetin\u00e1sobn\u00e1 n\u00e1hrada za pad\u011blky je na\u0161\u00ed obchodn\u00ed politikou. K doru\u010den\u00ed zbo\u017e\u00ed pou\u017e\u00edv\u00e1me logistick\u00e9 kan\u00e1ly jako UPS\/DHL\/FEDEX\/DPD.<\/p>\n<p>Pro z\u00e1silky odeslan\u00e9 do \u010cesk\u00e9 republiky obvykle trv\u00e1 doru\u010den\u00ed 10 pracovn\u00edch dn\u016f. Doru\u010den\u00ed do evropsk\u00fdch zem\u00ed obvykle trv\u00e1 12 a\u017e 15 pracovn\u00edch dn\u016f. Logistick\u00e9 informace pro v\u00e1s budeme aktualizovat v re\u00e1ln\u00e9m \u010dase.<\/p>","protected":false},"excerpt":{"rendered":"<p>Nov\u011b uveden\u00fd jednor\u00e1zov\u00fd vape Bang 20000 Puffs si zaslou\u017e\u00edte.<\/p>\n<p><img decoding=\"async\" class=\"alignnone wp-image-2151\" src=\"http:\/\/vapebulkp.com\/wp-content\/uploads\/2024\/04\/Mandy-WhatsApp-Randm.jpg\" alt=\"Mandy WhatsApp Randm\" width=\"281\" height=\"299\" srcset=\"https:\/\/vapebulkp.com\/wp-content\/uploads\/2024\/04\/Mandy-WhatsApp-Randm.jpg 916w, https:\/\/vapebulkp.com\/wp-content\/uploads\/2024\/04\/Mandy-WhatsApp-Randm-282x300.jpg 282w, https:\/\/vapebulkp.com\/wp-content\/uploads\/2024\/04\/Mandy-WhatsApp-Randm-768x817.jpg 768w, https:\/\/vapebulkp.com\/wp-content\/uploads\/2024\/04\/Mandy-WhatsApp-Randm-600x638.jpg 600w\" sizes=\"(max-width: 281px) 100vw, 281px\" \/><\/p>\n<p>Pro slevu pros\u00edm kontaktujte Mandy p\u0159es WhatsApp<a href=\"https:\/\/wa.me\/8618077105796\">+8618077105796<\/a><\/p>\n<p><span style=\"color: #ff0000\">POZN\u00c1MKA: Ceny na na\u0161em webu nezahrnuj\u00ed n\u00e1klady na dopravu<\/span><\/p>\n<p>&nbsp;<\/p>","protected":false},"featured_media":2080,"comment_status":"open","ping_status":"closed","template":"","meta":{"_uag_custom_page_level_css":"","_lmt_disableupdate":"no","_lmt_disable":"","site-sidebar-layout":"default","site-content-layout":"content-boxed-container","ast-site-content-layout":"normal-width-container","site-content-style":"boxed","site-sidebar-style":"unboxed","ast-global-header-display":"","ast-banner-title-visibility":"","ast-main-header-display":"","ast-hfb-above-header-display":"","ast-hfb-below-header-display":"","ast-hfb-mobile-header-display":"","site-post-title":"","ast-breadcrumbs-content":"","ast-featured-img":"","footer-sml-layout":"","theme-transparent-header-meta":"default","adv-header-id-meta":"","stick-header-meta":"","header-above-stick-meta":"","header-main-stick-meta":"","header-below-stick-meta":"","astra-migrate-meta-layouts":"set","_joinchat":[]},"product_cat":[162,153,345,155,33,59,100,34,158,157,154,152,58,84,156,63,32],"product_tag":[109,36,37,41,40],"class_list":["post-2077","product","type-product","status-publish","has-post-thumbnail","hentry","product_cat-20000-puffs-disposable-vape","product_cat-hot-disposable-vapes","product_cat-bang-vapes","product_cat-belgium-hot-disposable-vapes","product_cat-france-vape-hot-sale","product_cat-germany-hot-disposable-vape","product_cat-germany-wholesale-vape-shop","product_cat-netherlands-vape-good-sale","product_cat-norway-hot-disposable-vapes","product_cat-poland-hot-disposable-vapes","product_cat-portugal-hot-disposable-vapes","product_cat-spain-hot-disposable-vapes","product_cat-sweden-hot-disposable-vape","product_cat-sweden-wholesale-vape","product_cat-switzerland-hot-disposable-vapes","product_cat-top-sale-disposable-vape","product_cat-vape-hot-sale-this-week","product_tag-20000-puffs","product_tag-good-vape","product_tag-hot-sale-disposable-vape","product_tag-poland-hot-vape","product_tag-sweden-hot-vape","pa_brand-bang-king-vape","desktop-align-left","tablet-align-left","mobile-align-left"],"yoast_head":"<!-- This site is optimized with the Yoast SEO plugin v21.1 - https:\/\/yoast.com\/wordpress\/plugins\/seo\/ -->\n<title>Bang 20000 Puffs Hot Vape Top Sale Vape - vapebulkp.com<\/title>\n<meta name=\"description\" content=\"Shop the Bang 20000 Puffs Disposable Vape with 25ml e-liquid, 16 flavors, and smart battery display. Long-lasting 20000 Puffs Vape \u2014 order now with fast shipping!\" \/>\n<meta name=\"robots\" content=\"index, follow, max-snippet:-1, max-image-preview:large, max-video-preview:-1\" \/>\n<link rel=\"canonical\" href=\"https:\/\/vapebulkp.com\/cs\/product\/bang-20000-puffs-hot-vape-top-sale-vape\/\" \/>\n<meta property=\"og:locale\" content=\"cs_CZ\" \/>\n<meta property=\"og:type\" content=\"article\" \/>\n<meta property=\"og:title\" content=\"Bang 20000 Puffs Hot Vape Top Sale Vape - vapebulkp.com\" \/>\n<meta property=\"og:description\" content=\"Shop the Bang 20000 Puffs Disposable Vape with 25ml e-liquid, 16 flavors, and smart battery display. Long-lasting 20000 Puffs Vape \u2014 order now with fast shipping!\" \/>\n<meta property=\"og:url\" content=\"https:\/\/vapebulkp.com\/cs\/product\/bang-20000-puffs-hot-vape-top-sale-vape\/\" \/>\n<meta property=\"og:site_name\" content=\"vapebulkp.com\" \/>\n<meta property=\"article:modified_time\" content=\"2025-09-24T03:17:06+00:00\" \/>\n<meta property=\"og:image\" content=\"http:\/\/vapebulkp.com\/wp-content\/uploads\/2024\/02\/Good-sale-vape-Bang-20000-puffs.jpg\" \/>\n\t<meta property=\"og:image:width\" content=\"1080\" \/>\n\t<meta property=\"og:image:height\" content=\"1341\" \/>\n\t<meta property=\"og:image:type\" content=\"image\/jpeg\" \/>\n<meta name=\"twitter:card\" content=\"summary_large_image\" \/>\n<meta name=\"twitter:label1\" content=\"Odhadovan\u00e1 doba \u010dten\u00ed\" \/>\n\t<meta name=\"twitter:data1\" content=\"4 minuty\" \/>\n<script type=\"application\/ld+json\" class=\"yoast-schema-graph\">{\"@context\":\"https:\/\/schema.org\",\"@graph\":[{\"@type\":\"WebPage\",\"@id\":\"https:\/\/vapebulkp.com\/product\/bang-20000-puffs-hot-vape-top-sale-vape\/\",\"url\":\"https:\/\/vapebulkp.com\/product\/bang-20000-puffs-hot-vape-top-sale-vape\/\",\"name\":\"Bang 20000 Puffs Hot Vape Top Sale Vape - vapebulkp.com\",\"isPartOf\":{\"@id\":\"https:\/\/vapebulkp.com\/#website\"},\"datePublished\":\"2024-02-26T07:15:03+00:00\",\"dateModified\":\"2025-09-24T03:17:06+00:00\",\"description\":\"Shop the Bang 20000 Puffs Disposable Vape with 25ml e-liquid, 16 flavors, and smart battery display. Long-lasting 20000 Puffs Vape \u2014 order now with fast shipping!\",\"breadcrumb\":{\"@id\":\"https:\/\/vapebulkp.com\/product\/bang-20000-puffs-hot-vape-top-sale-vape\/#breadcrumb\"},\"inLanguage\":\"cs\",\"potentialAction\":[{\"@type\":\"ReadAction\",\"target\":[\"https:\/\/vapebulkp.com\/product\/bang-20000-puffs-hot-vape-top-sale-vape\/\"]}]},{\"@type\":\"BreadcrumbList\",\"@id\":\"https:\/\/vapebulkp.com\/product\/bang-20000-puffs-hot-vape-top-sale-vape\/#breadcrumb\",\"itemListElement\":[{\"@type\":\"ListItem\",\"position\":1,\"name\":\"Home\",\"item\":\"https:\/\/vapebulkp.com\/\"},{\"@type\":\"ListItem\",\"position\":2,\"name\":\"Hot Trend Vapes\",\"item\":\"https:\/\/vapebulkp.com\/vape-shop\/\"},{\"@type\":\"ListItem\",\"position\":3,\"name\":\"Bang 20000 Puffs Hot Vape Top Sale Vape\"}]},{\"@type\":\"WebSite\",\"@id\":\"https:\/\/vapebulkp.com\/#website\",\"url\":\"https:\/\/vapebulkp.com\/\",\"name\":\"vapebulkp.com\",\"description\":\"Buy Vape In Cheap Bulk Price Near you\",\"publisher\":{\"@id\":\"https:\/\/vapebulkp.com\/#organization\"},\"potentialAction\":[{\"@type\":\"SearchAction\",\"target\":{\"@type\":\"EntryPoint\",\"urlTemplate\":\"https:\/\/vapebulkp.com\/?s={search_term_string}\"},\"query-input\":\"required name=search_term_string\"}],\"inLanguage\":\"cs\"},{\"@type\":\"Organization\",\"@id\":\"https:\/\/vapebulkp.com\/#organization\",\"name\":\"vapebulkp.com\",\"url\":\"https:\/\/vapebulkp.com\/\",\"logo\":{\"@type\":\"ImageObject\",\"inLanguage\":\"cs\",\"@id\":\"https:\/\/vapebulkp.com\/#\/schema\/logo\/image\/\",\"url\":\"https:\/\/vapebulkp.com\/wp-content\/uploads\/2023\/09\/cropped-vapebulkp.png\",\"contentUrl\":\"https:\/\/vapebulkp.com\/wp-content\/uploads\/2023\/09\/cropped-vapebulkp.png\",\"width\":516,\"height\":163,\"caption\":\"vapebulkp.com\"},\"image\":{\"@id\":\"https:\/\/vapebulkp.com\/#\/schema\/logo\/image\/\"}}]}<\/script>\n<!-- \/ Yoast SEO plugin. -->","yoast_head_json":{"title":"Bang 20000 Puffs Hot Vape Top Sale Vape - vapebulkp.com","description":"Shop the Bang 20000 Puffs Disposable Vape with 25ml e-liquid, 16 flavors, and smart battery display. Long-lasting 20000 Puffs Vape \u2014 order now with fast shipping!","robots":{"index":"index","follow":"follow","max-snippet":"max-snippet:-1","max-image-preview":"max-image-preview:large","max-video-preview":"max-video-preview:-1"},"canonical":"https:\/\/vapebulkp.com\/cs\/product\/bang-20000-puffs-hot-vape-top-sale-vape\/","og_locale":"cs_CZ","og_type":"article","og_title":"Bang 20000 Puffs Hot Vape Top Sale Vape - vapebulkp.com","og_description":"Shop the Bang 20000 Puffs Disposable Vape with 25ml e-liquid, 16 flavors, and smart battery display. Long-lasting 20000 Puffs Vape \u2014 order now with fast shipping!","og_url":"https:\/\/vapebulkp.com\/cs\/product\/bang-20000-puffs-hot-vape-top-sale-vape\/","og_site_name":"vapebulkp.com","article_modified_time":"2025-09-24T03:17:06+00:00","og_image":[{"width":1080,"height":1341,"url":"http:\/\/vapebulkp.com\/wp-content\/uploads\/2024\/02\/Good-sale-vape-Bang-20000-puffs.jpg","type":"image\/jpeg"}],"twitter_card":"summary_large_image","twitter_misc":{"Odhadovan\u00e1 doba \u010dten\u00ed":"4 minuty"},"schema":{"@context":"https:\/\/schema.org","@graph":[{"@type":"WebPage","@id":"https:\/\/vapebulkp.com\/product\/bang-20000-puffs-hot-vape-top-sale-vape\/","url":"https:\/\/vapebulkp.com\/product\/bang-20000-puffs-hot-vape-top-sale-vape\/","name":"Bang 20000 Puffs Hot Vape Top Sale Vape - vapebulkp.com","isPartOf":{"@id":"https:\/\/vapebulkp.com\/#website"},"datePublished":"2024-02-26T07:15:03+00:00","dateModified":"2025-09-24T03:17:06+00:00","description":"Shop the Bang 20000 Puffs Disposable Vape with 25ml e-liquid, 16 flavors, and smart battery display. Long-lasting 20000 Puffs Vape \u2014 order now with fast shipping!","breadcrumb":{"@id":"https:\/\/vapebulkp.com\/product\/bang-20000-puffs-hot-vape-top-sale-vape\/#breadcrumb"},"inLanguage":"cs","potentialAction":[{"@type":"ReadAction","target":["https:\/\/vapebulkp.com\/product\/bang-20000-puffs-hot-vape-top-sale-vape\/"]}]},{"@type":"BreadcrumbList","@id":"https:\/\/vapebulkp.com\/product\/bang-20000-puffs-hot-vape-top-sale-vape\/#breadcrumb","itemListElement":[{"@type":"ListItem","position":1,"name":"Home","item":"https:\/\/vapebulkp.com\/"},{"@type":"ListItem","position":2,"name":"Hot Trend Vapes","item":"https:\/\/vapebulkp.com\/vape-shop\/"},{"@type":"ListItem","position":3,"name":"Bang 20000 Puffs Hot Vape Top Sale Vape"}]},{"@type":"WebSite","@id":"https:\/\/vapebulkp.com\/#website","url":"https:\/\/vapebulkp.com\/","name":"vapebulkp.com","description":"Buy Vape In Cheap Bulk Price Near you","publisher":{"@id":"https:\/\/vapebulkp.com\/#organization"},"potentialAction":[{"@type":"SearchAction","target":{"@type":"EntryPoint","urlTemplate":"https:\/\/vapebulkp.com\/?s={search_term_string}"},"query-input":"required name=search_term_string"}],"inLanguage":"cs"},{"@type":"Organization","@id":"https:\/\/vapebulkp.com\/#organization","name":"vapebulkp.com","url":"https:\/\/vapebulkp.com\/","logo":{"@type":"ImageObject","inLanguage":"cs","@id":"https:\/\/vapebulkp.com\/#\/schema\/logo\/image\/","url":"https:\/\/vapebulkp.com\/wp-content\/uploads\/2023\/09\/cropped-vapebulkp.png","contentUrl":"https:\/\/vapebulkp.com\/wp-content\/uploads\/2023\/09\/cropped-vapebulkp.png","width":516,"height":163,"caption":"vapebulkp.com"},"image":{"@id":"https:\/\/vapebulkp.com\/#\/schema\/logo\/image\/"}}]}},"uagb_featured_image_src":{"full":["https:\/\/vapebulkp.com\/wp-content\/uploads\/2024\/02\/Good-sale-vape-Bang-20000-puffs.jpg",1080,1341,false],"thumbnail":["https:\/\/vapebulkp.com\/wp-content\/uploads\/2024\/02\/Good-sale-vape-Bang-20000-puffs-150x150.jpg",150,150,true],"medium":["https:\/\/vapebulkp.com\/wp-content\/uploads\/2024\/02\/Good-sale-vape-Bang-20000-puffs-242x300.jpg",242,300,true],"medium_large":["https:\/\/vapebulkp.com\/wp-content\/uploads\/2024\/02\/Good-sale-vape-Bang-20000-puffs-768x954.jpg",768,954,true],"large":["https:\/\/vapebulkp.com\/wp-content\/uploads\/2024\/02\/Good-sale-vape-Bang-20000-puffs-825x1024.jpg",825,1024,true],"1536x1536":["https:\/\/vapebulkp.com\/wp-content\/uploads\/2024\/02\/Good-sale-vape-Bang-20000-puffs.jpg",1080,1341,false],"2048x2048":["https:\/\/vapebulkp.com\/wp-content\/uploads\/2024\/02\/Good-sale-vape-Bang-20000-puffs.jpg",1080,1341,false],"trp-custom-language-flag":["https:\/\/vapebulkp.com\/wp-content\/uploads\/2024\/02\/Good-sale-vape-Bang-20000-puffs.jpg",10,12,false],"woocommerce_thumbnail":["https:\/\/vapebulkp.com\/wp-content\/uploads\/2024\/02\/Good-sale-vape-Bang-20000-puffs-300x300.jpg",300,300,true],"woocommerce_single":["https:\/\/vapebulkp.com\/wp-content\/uploads\/2024\/02\/Good-sale-vape-Bang-20000-puffs-600x745.jpg",600,745,true],"woocommerce_gallery_thumbnail":["https:\/\/vapebulkp.com\/wp-content\/uploads\/2024\/02\/Good-sale-vape-Bang-20000-puffs-100x100.jpg",100,100,true],"wcpr-photo-reviews":["https:\/\/vapebulkp.com\/wp-content\/uploads\/2024\/02\/Good-sale-vape-Bang-20000-puffs.jpg",403,500,false]},"uagb_author_info":{"display_name":"Mandy vape bulk price","author_link":"https:\/\/vapebulkp.com\/cs\/author\/"},"uagb_comment_info":3,"uagb_excerpt":"The newly launched Bang 20000 Puffs Disposable Vape, you deserve it. Pls Contact Mandy's WhatsApp For Discount Price+8618077105796 NOTE: Prices on our website does not include shipping costs &nbsp;","_links":{"self":[{"href":"https:\/\/vapebulkp.com\/cs\/wp-json\/wp\/v2\/product\/2077","targetHints":{"allow":["GET"]}}],"collection":[{"href":"https:\/\/vapebulkp.com\/cs\/wp-json\/wp\/v2\/product"}],"about":[{"href":"https:\/\/vapebulkp.com\/cs\/wp-json\/wp\/v2\/types\/product"}],"replies":[{"embeddable":true,"href":"https:\/\/vapebulkp.com\/cs\/wp-json\/wp\/v2\/comments?post=2077"}],"wp:featuredmedia":[{"embeddable":true,"href":"https:\/\/vapebulkp.com\/cs\/wp-json\/wp\/v2\/media\/2080"}],"wp:attachment":[{"href":"https:\/\/vapebulkp.com\/cs\/wp-json\/wp\/v2\/media?parent=2077"}],"wp:term":[{"taxonomy":"product_cat","embeddable":true,"href":"https:\/\/vapebulkp.com\/cs\/wp-json\/wp\/v2\/product_cat?post=2077"},{"taxonomy":"product_tag","embeddable":true,"href":"https:\/\/vapebulkp.com\/cs\/wp-json\/wp\/v2\/product_tag?post=2077"}],"curies":[{"name":"wp","href":"https:\/\/api.w.org\/{rel}","templated":true}]}}