{"id":2400,"date":"2024-04-29T05:41:48","date_gmt":"2024-04-29T03:41:48","guid":{"rendered":"https:\/\/vapebulkp.com\/?post_type=product&#038;p=2400"},"modified":"2025-09-02T05:18:30","modified_gmt":"2025-09-02T03:18:30","slug":"fluumbox-digital-box-15k-puffs-rechargeable-vape-geek-bar","status":"publish","type":"product","link":"https:\/\/vapebulkp.com\/cs\/product\/fluumbox-digital-box-15k-puffs-rechargeable-vape-geek-bar\/","title":{"rendered":"FLUUMBOX Digital Box 15K Puffs dob\u00edjec\u00ed GEEK BAR Vape"},"content":{"rendered":"<h2>FLUUMBOX Digital Box 15K Puffs dob\u00edjec\u00ed GEEK BAR Vape<\/h2>\n<p>&nbsp;<\/p>\n<p data-start=\"179\" data-end=\"552\">FLUUMBOX Digital Box 15K potah\u016f dob\u00edjec\u00ed Vape je pr\u00e9miov\u00fd <strong data-start=\"249\" data-end=\"281\">\u00a0box na vapov\u00e1n\u00ed<\/strong>\u00a0navr\u017een\u00fd pro evropsk\u00e9 nad\u0161ence do vapov\u00e1n\u00ed, kte\u0159\u00ed hledaj\u00ed pohodl\u00ed, v\u00fdkon a styl. Jeho kapacita 25 ml e-liquidu a mo\u017enosti 2% nebo 5% nikotinov\u00e9 soli zaji\u0161\u0165uj\u00ed bohatou chu\u0165 a uspokojiv\u00fd pocit v krku s ka\u017ed\u00fdm potahem, co\u017e z n\u011bj \u010din\u00ed nejlep\u0161\u00ed volbu pro fanou\u0161ky <strong data-start=\"527\" data-end=\"549\">nikotinov\u00e9 soli vape<\/strong>.<\/p>\n<p data-start=\"554\" data-end=\"868\">D\u00edky 650mAh dob\u00edjec\u00ed baterii a nab\u00edjen\u00ed p\u0159es USB Type-C nab\u00edz\u00ed toto za\u0159\u00edzen\u00ed <strong data-start=\"642\" data-end=\"663\">dlouhotrvaj\u00edc\u00ed vapovac\u00ed za\u0159\u00edzen\u00ed<\/strong> sezen\u00ed bez p\u0159eru\u0161en\u00ed. Syst\u00e9m aktivovan\u00fd potahem poskytuje hladk\u00e9, konzistentn\u00ed potahy, zat\u00edmco jeho kompaktn\u00ed, kapesn\u00ed design z n\u011bj \u010din\u00ed ide\u00e1ln\u00ed <strong data-start=\"817\" data-end=\"841\">p\u0159enosn\u00e9 vape za\u0159\u00edzen\u00ed<\/strong> pro ka\u017edodenn\u00ed pou\u017eit\u00ed nebo cestov\u00e1n\u00ed.<\/p>\n<p data-start=\"870\" data-end=\"1195\">Perfektn\u00ed pro hromadn\u00e9 objedn\u00e1vky, je <strong data-start=\"899\" data-end=\"951\">FLUUMBOX Digit\u00e1ln\u00ed krabice <a href=\"https:\/\/vapebulkp.com\/cs\/product-category\/15000-puffs-disposable-vape\/\">15000 pot\u00e1hnut\u00ed jednor\u00e1zov\u00e1 e-cigareta<\/a><\/strong> spl\u0148uje pot\u0159eby prodejc\u016f, kte\u0159\u00ed hledaj\u00ed ziskovou <strong data-start=\"1006\" data-end=\"1027\">je nejen elegantn\u00ed a p\u0159enosn\u00e1, ale tak\u00e9 vyrobena z ekologicky \u0161etrn\u00fdch materi\u00e1l\u016f. K dispozici pro hromadn\u00e9 dod\u00e1vky a<\/strong> mo\u017enost. S a\u017e 15 000 potahy na za\u0159\u00edzen\u00ed kombinuje pohodl\u00ed, vysok\u00fd v\u00fdkon a rozmanitost, co\u017e z n\u011bj \u010din\u00ed vynikaj\u00edc\u00ed volbu pro p\u0159\u00edle\u017eitostn\u00e9 i oddan\u00e9 vapery.<\/p>\n<h6 style=\"text-align: left\"><img decoding=\"async\" class=\"alignnone wp-image-2360\" src=\"http:\/\/vapebulkp.com\/wp-content\/uploads\/2024\/04\/Raz-box-15000-Vape-Wholesale-Discount-scaled.jpg\" alt=\"Raz box 15000 Vape Velkoobchodn\u00ed sleva\" width=\"1056\" height=\"783\" srcset=\"https:\/\/vapebulkp.com\/wp-content\/uploads\/2024\/04\/Raz-box-15000-Vape-Wholesale-Discount-scaled.jpg 2560w, https:\/\/vapebulkp.com\/wp-content\/uploads\/2024\/04\/Raz-box-15000-Vape-Wholesale-Discount-300x222.jpg 300w, https:\/\/vapebulkp.com\/wp-content\/uploads\/2024\/04\/Raz-box-15000-Vape-Wholesale-Discount-1024x759.jpg 1024w, https:\/\/vapebulkp.com\/wp-content\/uploads\/2024\/04\/Raz-box-15000-Vape-Wholesale-Discount-768x569.jpg 768w, https:\/\/vapebulkp.com\/wp-content\/uploads\/2024\/04\/Raz-box-15000-Vape-Wholesale-Discount-1536x1139.jpg 1536w, https:\/\/vapebulkp.com\/wp-content\/uploads\/2024\/04\/Raz-box-15000-Vape-Wholesale-Discount-2048x1518.jpg 2048w, https:\/\/vapebulkp.com\/wp-content\/uploads\/2024\/04\/Raz-box-15000-Vape-Wholesale-Discount-600x445.jpg 600w\" sizes=\"(max-width: 1056px) 100vw, 1056px\" \/><\/h6>\n<p>&nbsp;<\/p>\n<h6>Pro slevu pros\u00edm kontaktujte Mandy p\u0159es WhatsApp<a href=\"https:\/\/wa.me\/8618077105796\">+8618077105796<\/a><\/h6>\n<p><img decoding=\"async\" class=\"alignnone wp-image-2151\" src=\"http:\/\/vapebulkp.com\/wp-content\/uploads\/2024\/04\/Mandy-WhatsApp-Randm.jpg\" alt=\"Mandy WhatsApp Randm\" width=\"340\" height=\"361\" srcset=\"https:\/\/vapebulkp.com\/wp-content\/uploads\/2024\/04\/Mandy-WhatsApp-Randm.jpg 916w, https:\/\/vapebulkp.com\/wp-content\/uploads\/2024\/04\/Mandy-WhatsApp-Randm-282x300.jpg 282w, https:\/\/vapebulkp.com\/wp-content\/uploads\/2024\/04\/Mandy-WhatsApp-Randm-768x817.jpg 768w, https:\/\/vapebulkp.com\/wp-content\/uploads\/2024\/04\/Mandy-WhatsApp-Randm-600x638.jpg 600w\" sizes=\"(max-width: 340px) 100vw, 340px\" \/><\/p>\n<h2><span style=\"vertical-align: inherit\">Mysleli jsme, \u017ee by v\u00e1s mohlo zaj\u00edmat o FLUUM BOX Digital box 15000 potah\u016f jednor\u00e1zov\u00fd Vape Origin\u00e1ln\u00ed Vape:<\/span><\/h2>\n<p>&nbsp;<\/p>\n<h6 class=\"style-scope ytd-watch-metadata\">1. Jak pou\u017e\u00edvat FLUUM BOX Digital Box 15K Puffs Vape Box RAZZ BAR?<\/h6>\n<p>&nbsp;<\/p>\n<p>Krok 1. P\u0159ed pou\u017eit\u00edm 15k potah\u016f odpojte plastovou trubi\u010dku.<\/p>\n<p>Krok 2. Po\u010dkejte asi 3 minuty, ne\u017e se \u0161\u0165\u00e1va dostane do c\u00edvky uvnit\u0159.<\/p>\n<p>Krok 3. U\u017eijte si to<\/p>\n<h6>2. Jak nab\u00edjet jednor\u00e1zov\u00fd vape FLUUM BOX Digital box 15000 potah\u016f?<\/h6>\n<p>Nelze pou\u017e\u00edvat rychlonab\u00edje\u010dky, a standardn\u00ed bezpe\u010dn\u00fd v\u00fdkon jednor\u00e1zov\u00fdch e-cigaret je 5V 1A.<\/p>\n<p>Ka\u017ed\u00e9 nab\u00edjen\u00ed nesm\u00ed p\u0159es\u00e1hnout 1 hodinu, a bezpe\u010dn\u00e1 doba nab\u00edjen\u00ed je p\u016fl hodiny.<\/p>\n<h6>3. Kolik potah\u016f m\u00e1 FLUUM BOX Digital box 15000 potah\u016f jednor\u00e1zov\u00fd vape?<\/h6>\n<p>\u2014-15000 pot\u00e1hnut\u00ed<\/p>\n<p><span style=\"color: #ff6600\">Upozorn\u011bn\u00ed: nenab\u00edjejte celou noc!<\/span><\/p>\n<p>&nbsp;<\/p>\n<h3><strong><span style=\"vertical-align: inherit\">Specifikace pro FLUUM BOX Digital box 15k potah\u016f:<\/span><br \/>\n<\/strong><\/h3>\n<ul>\n<li>Baterie: 650mAh (Typ C)<\/li>\n<li>Kapacita: 25ml<\/li>\n<li>P\u0159ibli\u017en\u00fd objem pot\u00e1hnut\u00ed: 15000 pot\u00e1hnut\u00ed<\/li>\n<li>Plus s\u00edla nikotinu: 21 % , 51 %<\/li>\n<li>MOQ: 100ks<\/li>\n<li class=\"text-body font-regular text-gray-800 leading-[24px] my-[5px] [&amp;&gt;ol]:!pt-0 [&amp;&gt;ol]:!pb-0 [&amp;&gt;ul]:!pt-0 [&amp;&gt;ul]:!pb-0\" value=\"5\"><strong><strong class=\"font-bold\">Odpor<\/strong><\/strong>: Ide\u00e1ln\u00ed 1,1 ohmu pro dokonal\u00fd potah poka\u017ed\u00e9<\/li>\n<li value=\"5\">Odpor: 1,1 ohmu<\/li>\n<\/ul>\n<h3><strong>\u00a0Zv\u00fdhodn\u011bn\u00e1 cena Vape FLUUM BOX Digital Box 15000 potah\u016f Seznam p\u0159\u00edchut\u00ed:<\/strong><\/h3>\n<p>1 jahodov\u00fd meloun<br \/>\n2 jahodov\u00e9 mango<br \/>\n3 trojit\u00e9 bobule<br \/>\n4 melounov\u00e1 ledov\u00e1<br \/>\n5 broskev mango<br \/>\n6 bor\u016fvka malina<br \/>\n7 broskvov\u00e1 ledov\u00e1<br \/>\n8 bor\u016fvkov\u00e1 ledov\u00e1<br \/>\n9 kysel\u00e9 jablko<br \/>\n10 jahodov\u00e9 kiwi<br \/>\n11 kiwi mu\u010denka guava<br \/>\n12 hroznov\u00e1 ledov\u00e1<\/p>\n<p><a href=\"https:\/\/vapebulkp.com\/cs\/product\/popular-randm-tornado-7000puffs-disposable-vape-best-price\/\">https:\/\/vapebulkp.com\/product\/popular-randm-tornado-7000puffs-disposable-vape-best-price\/<\/a><\/p>\n<p><span style=\"vertical-align: inherit\">Najd\u011bte dal\u0161\u00ed produkty, kter\u00e9 by se v\u00e1m mohly l\u00edbit:<\/span><em><a href=\"https:\/\/wa.me\/8618077105796\"><span style=\"vertical-align: inherit\">\u00a0Kupte to te\u010f<\/span><\/a><\/em><\/p>\n<p><span style=\"vertical-align: inherit\">Dal\u0161\u00ed potahy, kter\u00e9 by se v\u00e1m mohly l\u00edbit:<\/span><a href=\"https:\/\/vapebulkp.com\/cs\/product\/good-sale-randm-tornado-10000-puffs-plus\/\"><span style=\"vertical-align: inherit\">RandM 10000 potah\u016f<\/span><\/a><span style=\"vertical-align: inherit\">\u3001 <\/span><a href=\"https:\/\/vapebulkp.com\/cs\/product\/wholesale-randm-tornado-9000-puffs-germany\/\"><span style=\"vertical-align: inherit\">RandM Tornado 9000 pot\u00e1hnut\u00ed<\/span><\/a><span style=\"vertical-align: inherit\">\/ <\/span><a href=\"https:\/\/vapebulkp.com\/cs\/product\/popular-bang-king-10000-puffs-vape-good-price\/\"><span style=\"vertical-align: inherit\">Bang King 10000 pot\u00e1hnut\u00ed<\/span><\/a><span style=\"vertical-align: inherit\">\/ <\/span><a href=\"https:\/\/vapebulkp.com\/cs\/product\/bang-with-a-vape-18000-puffs-crown-bar-hot-vape\/\"><span style=\"vertical-align: inherit\">Bang King 18000 potah\u016f<\/span><\/a><\/p>\n<p><span style=\"vertical-align: inherit\">E-cigaretov\u00e1 l\u00e1hev speci\u00e1ln\u00edho tvaru:<\/span><a href=\"https:\/\/vapebulkp.com\/cs\/product\/popular-kulx-10000puffs-disposable-vape-good-price\/\"><span style=\"vertical-align: inherit\">Kulx vape 10000 puff\u016f <\/span><\/a><span style=\"vertical-align: inherit\">\/ <\/span><a href=\"https:\/\/vapebulkp.com\/cs\/product\/bang-20000-puffs-hot-vape-top-sale-vape\/\"><span style=\"vertical-align: inherit\">Bang 20000 potah\u016f <\/span><\/a><span style=\"vertical-align: inherit\">\/<\/span><a href=\"https:\/\/vapebulkp.com\/cs\/product\/popular-vape-bang-king-15000-puffs-bang-vape\/\"><span style=\"vertical-align: inherit\">Bang King 15000 potah\u016f<\/span><\/a><\/p>\n<h4>Podrobnosti o p\u0159eprav\u011b:<\/h4>\n<p><span style=\"color: #ff6600\">Doba v\u00fdroby: 5-10 pracovn\u00edch dn\u016f<\/span><br \/>\n<span style=\"color: #ff6600\">Doba p\u0159epravy: 8-14 pracovn\u00edch dn\u016f<\/span><\/p>\n<p>V\u0161echny produkty v na\u0161em obchod\u011b jsou 100% origin\u00e1ln\u00ed a autentick\u00e9, tak\u017ee desetin\u00e1sobn\u00e1 n\u00e1hrada za pad\u011blky je na\u0161\u00ed obchodn\u00ed politikou. K doru\u010den\u00ed zbo\u017e\u00ed pou\u017e\u00edv\u00e1me logistick\u00e9 kan\u00e1ly jako UPS\/DHL\/FEDEX\/DPD.<\/p>\n<p>Pro z\u00e1silky odeslan\u00e9 do \u010cesk\u00e9 republiky obvykle trv\u00e1 doru\u010den\u00ed 10 pracovn\u00edch dn\u016f. Doru\u010den\u00ed do evropsk\u00fdch zem\u00ed obvykle trv\u00e1 12 a\u017e 15 pracovn\u00edch dn\u016f. Logistick\u00e9 informace pro v\u00e1s budeme aktualizovat v re\u00e1ln\u00e9m \u010dase.<\/p>","protected":false},"excerpt":{"rendered":"<p>FLUUM Digital Box 15K potah\u016f dob\u00edjec\u00ed Vape<\/p>\n<p><img decoding=\"async\" class=\"alignnone wp-image-2151\" src=\"http:\/\/vapebulkp.com\/wp-content\/uploads\/2024\/04\/Mandy-WhatsApp-Randm.jpg\" alt=\"Mandy WhatsApp Randm\" width=\"274\" height=\"291\" srcset=\"https:\/\/vapebulkp.com\/wp-content\/uploads\/2024\/04\/Mandy-WhatsApp-Randm.jpg 916w, https:\/\/vapebulkp.com\/wp-content\/uploads\/2024\/04\/Mandy-WhatsApp-Randm-282x300.jpg 282w, https:\/\/vapebulkp.com\/wp-content\/uploads\/2024\/04\/Mandy-WhatsApp-Randm-768x817.jpg 768w, https:\/\/vapebulkp.com\/wp-content\/uploads\/2024\/04\/Mandy-WhatsApp-Randm-600x638.jpg 600w\" sizes=\"(max-width: 274px) 100vw, 274px\" \/><\/p>\n<p>Pro slevu pros\u00edm kontaktujte Mandy p\u0159es WhatsApp<a href=\"https:\/\/wa.me\/8618077105796\">+8618077105796<\/a><\/p>\n<p><span style=\"color: #ff0000\">POZN\u00c1MKA: Ceny na na\u0161em webu nezahrnuj\u00ed n\u00e1klady na dopravu<\/span><\/p>","protected":false},"featured_media":2346,"comment_status":"open","ping_status":"closed","template":"","meta":{"_uag_custom_page_level_css":"","_lmt_disableupdate":"no","_lmt_disable":"","site-sidebar-layout":"default","site-content-layout":"content-boxed-container","ast-site-content-layout":"normal-width-container","site-content-style":"boxed","site-sidebar-style":"unboxed","ast-global-header-display":"","ast-banner-title-visibility":"","ast-main-header-display":"","ast-hfb-above-header-display":"","ast-hfb-below-header-display":"","ast-hfb-mobile-header-display":"","site-post-title":"","ast-breadcrumbs-content":"","ast-featured-img":"","footer-sml-layout":"","theme-transparent-header-meta":"default","adv-header-id-meta":"","stick-header-meta":"","header-above-stick-meta":"","header-main-stick-meta":"","header-below-stick-meta":"","astra-migrate-meta-layouts":"set","_joinchat":[]},"product_cat":[165,153,155,33,59,100,87,34,158,157,154,152,58,84,156,32],"product_tag":[77,36,37,41,71,40],"class_list":["post-2400","product","type-product","status-publish","has-post-thumbnail","hentry","product_cat-15000-puffs-disposable-vape","product_cat-hot-disposable-vapes","product_cat-belgium-hot-disposable-vapes","product_cat-france-vape-hot-sale","product_cat-germany-hot-disposable-vape","product_cat-germany-wholesale-vape-shop","product_cat-minimum-order-quantity-50pcs","product_cat-netherlands-vape-good-sale","product_cat-norway-hot-disposable-vapes","product_cat-poland-hot-disposable-vapes","product_cat-portugal-hot-disposable-vapes","product_cat-spain-hot-disposable-vapes","product_cat-sweden-hot-disposable-vape","product_cat-sweden-wholesale-vape","product_cat-switzerland-hot-disposable-vapes","product_cat-vape-hot-sale-this-week","product_tag-15000-puffs","product_tag-good-vape","product_tag-hot-sale-disposable-vape","product_tag-poland-hot-vape","product_tag-randm","product_tag-sweden-hot-vape","desktop-align-left","tablet-align-left","mobile-align-left"],"yoast_head":"<!-- This site is optimized with the Yoast SEO plugin v21.1 - https:\/\/yoast.com\/wordpress\/plugins\/seo\/ -->\n<title>FLUUMBOX Digital Box 15K Puffs Rechargeable Vape GEEK BAR - vapebulkp.com<\/title>\n<meta name=\"description\" content=\"Premium FLUUMBOX Digital Box 15000 Puffs Disposable Vape with 650mAh rechargeable battery, 2\u20135% nicotine salt options, and USB Type-C charging. Long-lasting, portable rechargeable disposable vape.\" \/>\n<meta name=\"robots\" content=\"index, follow, max-snippet:-1, max-image-preview:large, max-video-preview:-1\" \/>\n<link rel=\"canonical\" href=\"https:\/\/vapebulkp.com\/cs\/product\/fluumbox-digital-box-15k-puffs-rechargeable-vape-geek-bar\/\" \/>\n<meta property=\"og:locale\" content=\"cs_CZ\" \/>\n<meta property=\"og:type\" content=\"article\" \/>\n<meta property=\"og:title\" content=\"FLUUMBOX Digital Box 15K Puffs Rechargeable Vape GEEK BAR - vapebulkp.com\" \/>\n<meta property=\"og:description\" content=\"Premium FLUUMBOX Digital Box 15000 Puffs Disposable Vape with 650mAh rechargeable battery, 2\u20135% nicotine salt options, and USB Type-C charging. Long-lasting, portable rechargeable disposable vape.\" \/>\n<meta property=\"og:url\" content=\"https:\/\/vapebulkp.com\/cs\/product\/fluumbox-digital-box-15k-puffs-rechargeable-vape-geek-bar\/\" \/>\n<meta property=\"og:site_name\" content=\"vapebulkp.com\" \/>\n<meta property=\"article:modified_time\" content=\"2025-09-02T03:18:30+00:00\" \/>\n<meta property=\"og:image\" content=\"http:\/\/vapebulkp.com\/wp-content\/uploads\/2024\/04\/Fluum-box-15k-Puffs-Wholesale-Discount.png\" \/>\n\t<meta property=\"og:image:width\" content=\"518\" \/>\n\t<meta property=\"og:image:height\" content=\"711\" \/>\n\t<meta property=\"og:image:type\" content=\"image\/png\" \/>\n<meta name=\"twitter:card\" content=\"summary_large_image\" \/>\n<meta name=\"twitter:label1\" content=\"Odhadovan\u00e1 doba \u010dten\u00ed\" \/>\n\t<meta name=\"twitter:data1\" content=\"3 minuty\" \/>\n<script type=\"application\/ld+json\" class=\"yoast-schema-graph\">{\"@context\":\"https:\/\/schema.org\",\"@graph\":[{\"@type\":\"WebPage\",\"@id\":\"https:\/\/vapebulkp.com\/product\/fluumbox-digital-box-15k-puffs-rechargeable-vape-geek-bar\/\",\"url\":\"https:\/\/vapebulkp.com\/product\/fluumbox-digital-box-15k-puffs-rechargeable-vape-geek-bar\/\",\"name\":\"FLUUMBOX Digital Box 15K Puffs Rechargeable Vape GEEK BAR - vapebulkp.com\",\"isPartOf\":{\"@id\":\"https:\/\/vapebulkp.com\/#website\"},\"datePublished\":\"2024-04-29T03:41:48+00:00\",\"dateModified\":\"2025-09-02T03:18:30+00:00\",\"description\":\"Premium FLUUMBOX Digital Box 15000 Puffs Disposable Vape with 650mAh rechargeable battery, 2\u20135% nicotine salt options, and USB Type-C charging. Long-lasting, portable rechargeable disposable vape.\",\"breadcrumb\":{\"@id\":\"https:\/\/vapebulkp.com\/product\/fluumbox-digital-box-15k-puffs-rechargeable-vape-geek-bar\/#breadcrumb\"},\"inLanguage\":\"cs\",\"potentialAction\":[{\"@type\":\"ReadAction\",\"target\":[\"https:\/\/vapebulkp.com\/product\/fluumbox-digital-box-15k-puffs-rechargeable-vape-geek-bar\/\"]}]},{\"@type\":\"BreadcrumbList\",\"@id\":\"https:\/\/vapebulkp.com\/product\/fluumbox-digital-box-15k-puffs-rechargeable-vape-geek-bar\/#breadcrumb\",\"itemListElement\":[{\"@type\":\"ListItem\",\"position\":1,\"name\":\"Home\",\"item\":\"https:\/\/vapebulkp.com\/\"},{\"@type\":\"ListItem\",\"position\":2,\"name\":\"Hot Trend Vapes\",\"item\":\"https:\/\/vapebulkp.com\/vape-shop\/\"},{\"@type\":\"ListItem\",\"position\":3,\"name\":\"FLUUMBOX Digital Box 15K Puffs Rechargeable Vape GEEK BAR\"}]},{\"@type\":\"WebSite\",\"@id\":\"https:\/\/vapebulkp.com\/#website\",\"url\":\"https:\/\/vapebulkp.com\/\",\"name\":\"vapebulkp.com\",\"description\":\"Buy Vape In Cheap Bulk Price Near you\",\"publisher\":{\"@id\":\"https:\/\/vapebulkp.com\/#organization\"},\"potentialAction\":[{\"@type\":\"SearchAction\",\"target\":{\"@type\":\"EntryPoint\",\"urlTemplate\":\"https:\/\/vapebulkp.com\/?s={search_term_string}\"},\"query-input\":\"required name=search_term_string\"}],\"inLanguage\":\"cs\"},{\"@type\":\"Organization\",\"@id\":\"https:\/\/vapebulkp.com\/#organization\",\"name\":\"vapebulkp.com\",\"url\":\"https:\/\/vapebulkp.com\/\",\"logo\":{\"@type\":\"ImageObject\",\"inLanguage\":\"cs\",\"@id\":\"https:\/\/vapebulkp.com\/#\/schema\/logo\/image\/\",\"url\":\"https:\/\/vapebulkp.com\/wp-content\/uploads\/2023\/09\/cropped-vapebulkp.png\",\"contentUrl\":\"https:\/\/vapebulkp.com\/wp-content\/uploads\/2023\/09\/cropped-vapebulkp.png\",\"width\":516,\"height\":163,\"caption\":\"vapebulkp.com\"},\"image\":{\"@id\":\"https:\/\/vapebulkp.com\/#\/schema\/logo\/image\/\"}}]}<\/script>\n<!-- \/ Yoast SEO plugin. -->","yoast_head_json":{"title":"FLUUMBOX Digital Box 15K Puffs Rechargeable Vape GEEK BAR - vapebulkp.com","description":"Premium FLUUMBOX Digital Box 15000 Puffs Disposable Vape with 650mAh rechargeable battery, 2\u20135% nicotine salt options, and USB Type-C charging. Long-lasting, portable rechargeable disposable vape.","robots":{"index":"index","follow":"follow","max-snippet":"max-snippet:-1","max-image-preview":"max-image-preview:large","max-video-preview":"max-video-preview:-1"},"canonical":"https:\/\/vapebulkp.com\/cs\/product\/fluumbox-digital-box-15k-puffs-rechargeable-vape-geek-bar\/","og_locale":"cs_CZ","og_type":"article","og_title":"FLUUMBOX Digital Box 15K Puffs Rechargeable Vape GEEK BAR - vapebulkp.com","og_description":"Premium FLUUMBOX Digital Box 15000 Puffs Disposable Vape with 650mAh rechargeable battery, 2\u20135% nicotine salt options, and USB Type-C charging. Long-lasting, portable rechargeable disposable vape.","og_url":"https:\/\/vapebulkp.com\/cs\/product\/fluumbox-digital-box-15k-puffs-rechargeable-vape-geek-bar\/","og_site_name":"vapebulkp.com","article_modified_time":"2025-09-02T03:18:30+00:00","og_image":[{"width":518,"height":711,"url":"http:\/\/vapebulkp.com\/wp-content\/uploads\/2024\/04\/Fluum-box-15k-Puffs-Wholesale-Discount.png","type":"image\/png"}],"twitter_card":"summary_large_image","twitter_misc":{"Odhadovan\u00e1 doba \u010dten\u00ed":"3 minuty"},"schema":{"@context":"https:\/\/schema.org","@graph":[{"@type":"WebPage","@id":"https:\/\/vapebulkp.com\/product\/fluumbox-digital-box-15k-puffs-rechargeable-vape-geek-bar\/","url":"https:\/\/vapebulkp.com\/product\/fluumbox-digital-box-15k-puffs-rechargeable-vape-geek-bar\/","name":"FLUUMBOX Digital Box 15K Puffs Rechargeable Vape GEEK BAR - vapebulkp.com","isPartOf":{"@id":"https:\/\/vapebulkp.com\/#website"},"datePublished":"2024-04-29T03:41:48+00:00","dateModified":"2025-09-02T03:18:30+00:00","description":"Premium FLUUMBOX Digital Box 15000 Puffs Disposable Vape with 650mAh rechargeable battery, 2\u20135% nicotine salt options, and USB Type-C charging. Long-lasting, portable rechargeable disposable vape.","breadcrumb":{"@id":"https:\/\/vapebulkp.com\/product\/fluumbox-digital-box-15k-puffs-rechargeable-vape-geek-bar\/#breadcrumb"},"inLanguage":"cs","potentialAction":[{"@type":"ReadAction","target":["https:\/\/vapebulkp.com\/product\/fluumbox-digital-box-15k-puffs-rechargeable-vape-geek-bar\/"]}]},{"@type":"BreadcrumbList","@id":"https:\/\/vapebulkp.com\/product\/fluumbox-digital-box-15k-puffs-rechargeable-vape-geek-bar\/#breadcrumb","itemListElement":[{"@type":"ListItem","position":1,"name":"Home","item":"https:\/\/vapebulkp.com\/"},{"@type":"ListItem","position":2,"name":"Hot Trend Vapes","item":"https:\/\/vapebulkp.com\/vape-shop\/"},{"@type":"ListItem","position":3,"name":"FLUUMBOX Digital Box 15K Puffs Rechargeable Vape GEEK BAR"}]},{"@type":"WebSite","@id":"https:\/\/vapebulkp.com\/#website","url":"https:\/\/vapebulkp.com\/","name":"vapebulkp.com","description":"Buy Vape In Cheap Bulk Price Near you","publisher":{"@id":"https:\/\/vapebulkp.com\/#organization"},"potentialAction":[{"@type":"SearchAction","target":{"@type":"EntryPoint","urlTemplate":"https:\/\/vapebulkp.com\/?s={search_term_string}"},"query-input":"required name=search_term_string"}],"inLanguage":"cs"},{"@type":"Organization","@id":"https:\/\/vapebulkp.com\/#organization","name":"vapebulkp.com","url":"https:\/\/vapebulkp.com\/","logo":{"@type":"ImageObject","inLanguage":"cs","@id":"https:\/\/vapebulkp.com\/#\/schema\/logo\/image\/","url":"https:\/\/vapebulkp.com\/wp-content\/uploads\/2023\/09\/cropped-vapebulkp.png","contentUrl":"https:\/\/vapebulkp.com\/wp-content\/uploads\/2023\/09\/cropped-vapebulkp.png","width":516,"height":163,"caption":"vapebulkp.com"},"image":{"@id":"https:\/\/vapebulkp.com\/#\/schema\/logo\/image\/"}}]}},"uagb_featured_image_src":{"full":["https:\/\/vapebulkp.com\/wp-content\/uploads\/2024\/04\/Fluum-box-15k-Puffs-Wholesale-Discount.png",518,711,false],"thumbnail":["https:\/\/vapebulkp.com\/wp-content\/uploads\/2024\/04\/Fluum-box-15k-Puffs-Wholesale-Discount-150x150.png",150,150,true],"medium":["https:\/\/vapebulkp.com\/wp-content\/uploads\/2024\/04\/Fluum-box-15k-Puffs-Wholesale-Discount-219x300.png",219,300,true],"medium_large":["https:\/\/vapebulkp.com\/wp-content\/uploads\/2024\/04\/Fluum-box-15k-Puffs-Wholesale-Discount.png",518,711,false],"large":["https:\/\/vapebulkp.com\/wp-content\/uploads\/2024\/04\/Fluum-box-15k-Puffs-Wholesale-Discount.png",518,711,false],"1536x1536":["https:\/\/vapebulkp.com\/wp-content\/uploads\/2024\/04\/Fluum-box-15k-Puffs-Wholesale-Discount.png",518,711,false],"2048x2048":["https:\/\/vapebulkp.com\/wp-content\/uploads\/2024\/04\/Fluum-box-15k-Puffs-Wholesale-Discount.png",518,711,false],"trp-custom-language-flag":["https:\/\/vapebulkp.com\/wp-content\/uploads\/2024\/04\/Fluum-box-15k-Puffs-Wholesale-Discount.png",9,12,false],"woocommerce_thumbnail":["https:\/\/vapebulkp.com\/wp-content\/uploads\/2024\/04\/Fluum-box-15k-Puffs-Wholesale-Discount-300x300.png",300,300,true],"woocommerce_single":["https:\/\/vapebulkp.com\/wp-content\/uploads\/2024\/04\/Fluum-box-15k-Puffs-Wholesale-Discount.png",518,711,false],"woocommerce_gallery_thumbnail":["https:\/\/vapebulkp.com\/wp-content\/uploads\/2024\/04\/Fluum-box-15k-Puffs-Wholesale-Discount-100x100.png",100,100,true],"wcpr-photo-reviews":["https:\/\/vapebulkp.com\/wp-content\/uploads\/2024\/04\/Fluum-box-15k-Puffs-Wholesale-Discount.png",364,500,false]},"uagb_author_info":{"display_name":"Mandy vape bulk price","author_link":"https:\/\/vapebulkp.com\/cs\/author\/"},"uagb_comment_info":0,"uagb_excerpt":"FLUUM Digital Box 15K Puffs Rechargeable Vape Pls Contact Mandy's WhatsApp For Discount Price+8618077105796 NOTE: Prices on our website does not include shipping costs","_links":{"self":[{"href":"https:\/\/vapebulkp.com\/cs\/wp-json\/wp\/v2\/product\/2400","targetHints":{"allow":["GET"]}}],"collection":[{"href":"https:\/\/vapebulkp.com\/cs\/wp-json\/wp\/v2\/product"}],"about":[{"href":"https:\/\/vapebulkp.com\/cs\/wp-json\/wp\/v2\/types\/product"}],"replies":[{"embeddable":true,"href":"https:\/\/vapebulkp.com\/cs\/wp-json\/wp\/v2\/comments?post=2400"}],"wp:featuredmedia":[{"embeddable":true,"href":"https:\/\/vapebulkp.com\/cs\/wp-json\/wp\/v2\/media\/2346"}],"wp:attachment":[{"href":"https:\/\/vapebulkp.com\/cs\/wp-json\/wp\/v2\/media?parent=2400"}],"wp:term":[{"taxonomy":"product_cat","embeddable":true,"href":"https:\/\/vapebulkp.com\/cs\/wp-json\/wp\/v2\/product_cat?post=2400"},{"taxonomy":"product_tag","embeddable":true,"href":"https:\/\/vapebulkp.com\/cs\/wp-json\/wp\/v2\/product_tag?post=2400"}],"curies":[{"name":"wp","href":"https:\/\/api.w.org\/{rel}","templated":true}]}}