{"id":2472,"date":"2024-05-24T05:42:59","date_gmt":"2024-05-24T03:42:59","guid":{"rendered":"https:\/\/vapebulkp.com\/?post_type=product&#038;p=2472"},"modified":"2025-09-16T11:29:55","modified_gmt":"2025-09-16T09:29:55","slug":"uzy-qute-800-puffs-original-disposable-vape","status":"publish","type":"product","link":"https:\/\/vapebulkp.com\/cs\/product\/uzy-qute-800-puffs-original-disposable-vape\/","title":{"rendered":"UZY QUTE 800 pota\u017een\u00ed Origin\u00e1ln\u00ed jednor\u00e1zov\u00e1 e-cigareta"},"content":{"rendered":"<h2>UZY QUTE 800 pota\u017een\u00ed Origin\u00e1ln\u00ed jednor\u00e1zov\u00e1 e-cigareta<\/h2>\n<p data-start=\"359\" data-end=\"606\">Ten <strong>UZY QUTE<a href=\"https:\/\/vapebulkp.com\/cs\/product-category\/800-puffs-disposable-vape\/\"> 800 pota\u017een\u00ed Jednor\u00e1zov\u00fd vape<\/a><\/strong> je navr\u017een pro vapery, kte\u0159\u00ed cht\u011bj\u00ed jednoduchost a spolehliv\u00fd v\u00fdkon v kompaktn\u00edm form\u00e1tu. Ka\u017ed\u00e9 za\u0159\u00edzen\u00ed poskytuje a\u017e 800 pota\u017een\u00ed z 3ml p\u0159edpln\u011bn\u00e9 n\u00e1dr\u017eky, co\u017e z n\u011bj \u010din\u00ed praktickou volbu pro ka\u017edodenn\u00ed pou\u017eit\u00ed.<\/p>\n<p data-start=\"608\" data-end=\"866\">Tento 800 potahov\u00fd vape, poh\u00e1n\u011bn\u00fd bateri\u00ed o kapacit\u011b 550mAh, <strong data-start=\"642\" data-end=\"681\">dob\u00edjec\u00ed jednor\u00e1zov\u00e1 e-cigareta<\/strong> kombinuje pohodl\u00ed s dlouhotrvaj\u00edc\u00ed spolehlivost\u00ed. Vestav\u011bn\u00fd <strong data-start=\"747\" data-end=\"772\">mesh coil vape za\u0159\u00edzen\u00ed<\/strong> zaji\u0161\u0165uje konzistentn\u00ed produkci p\u00e1ry, bohatou chu\u0165 a hladk\u00fd z\u00e1sah do krku p\u0159i ka\u017ed\u00e9m potahu.<\/p>\n<p data-start=\"868\" data-end=\"1181\">Dostupn\u00e9 v s\u00edle nikotinu 2% a 5%, UZY QUTE funguje jako v\u0161estrann\u00e1 <strong data-start=\"957\" data-end=\"990\">jednor\u00e1zov\u00fd vape s nikotinovou sol\u00ed<\/strong>, nab\u00edzej\u00edc\u00ed 10 p\u0159\u00edchut\u00ed p\u0159izp\u016fsoben\u00fdch preferenc\u00edm vapingu v \u010cesk\u00e9 republice. Jeho tenk\u00e9, lehk\u00e9 t\u011blo z n\u011bj \u010din\u00ed ide\u00e1ln\u00ed <strong data-start=\"1106\" data-end=\"1140\">kompaktn\u00ed vape pro trh v \u010cesk\u00e9 republice<\/strong>, snadno se vejde do kapes a ta\u0161ek. D\u016fv\u011b\u0159uj\u00ed mu prodejci i velkoodb\u011bratel\u00e9, UZY QUTE vynik\u00e1 jako ziskov\u00e1 volba pro <strong data-start=\"1272\" data-end=\"1304\">velkoobchodn\u00ed jednor\u00e1zov\u00fd vape<\/strong> distribuci v \u010cesk\u00e9 republice.<\/p>\n<p><img decoding=\"async\" class=\"alignnone wp-image-2456\" src=\"http:\/\/vapebulkp.com\/wp-content\/uploads\/2024\/05\/UZY-QUTE-800-Puff-Disposable-Vape-Hot-Vape.png\" alt=\"UZY QUTE 800 Puff jednor\u00e1zov\u00fd vape hork\u00fd vape\" width=\"544\" height=\"1181\" \/><\/p>\n<h3 data-start=\"340\" data-end=\"409\">Pro\u010d koupit UZY QUTE 800 Puffs Jednor\u00e1zov\u00fd Vape Bar na Vapebulkp.com?<\/h3>\n<p data-start=\"411\" data-end=\"808\">Na Vapebulkp.com je <strong data-start=\"433\" data-end=\"475\">UZY QUTE 800 pota\u017een\u00ed Jednor\u00e1zov\u00fd Vape Bar<\/strong> jednou z nejspolehliv\u011bj\u0161\u00edch mo\u017enost\u00ed pro trh vapingu v \u010cesk\u00e9 republice. Ka\u017ed\u00e9 za\u0159\u00edzen\u00ed nab\u00edz\u00ed a\u017e 800 pota\u017een\u00ed, je poh\u00e1n\u011bno bateri\u00ed o kapacit\u011b 550mAh a disponuje <strong data-start=\"624\" data-end=\"649\">mesh coil vape za\u0159\u00edzen\u00ed<\/strong> pro jemn\u00e9 pod\u00e1n\u00ed chuti. Na rozd\u00edl od standardn\u00edch jednor\u00e1zov\u00fdch vap\u016f, tento <strong data-start=\"712\" data-end=\"751\">dob\u00edjec\u00ed jednor\u00e1zov\u00e1 e-cigareta<\/strong> d\u00e1v\u00e1 u\u017eivatel\u016fm prodlou\u017een\u00e9 u\u017e\u00edv\u00e1n\u00ed a konzistentn\u00ed v\u00fdkon.<\/p>\n<p data-start=\"810\" data-end=\"1043\">S <strong data-start=\"815\" data-end=\"848\">jednor\u00e1zov\u00fd vape s nikotinovou sol\u00ed<\/strong> mo\u017enosti od 0% do 5% a 10 p\u0159\u00edchut\u00ed, UZY QUTE je p\u0159izp\u016fsoben jak pro lehk\u00e9, tak pro pravideln\u00e9 vapery. Jeho kapesn\u00ed design z n\u011bj d\u011bl\u00e1 perfektn\u00edho spole\u010dn\u00edka <strong data-start=\"1006\" data-end=\"1040\">kompaktn\u00ed vape pro trh v \u010cesk\u00e9 republice<\/strong>.<\/p>\n<p data-start=\"1045\" data-end=\"1287\">Pro maloobchodn\u00edky a distributory poskytuje Vapebulkp <strong data-start=\"1096\" data-end=\"1128\">velkoobchodn\u00ed vapy <\/strong>\u00a0ceny s rychlou a spolehlivou dopravou po cel\u00e9 \u010cesk\u00e9 republice - zaji\u0161\u0165uj\u00edc\u00ed vysok\u00e9 ziskov\u00e9 mar\u017ee a spokojenost z\u00e1kazn\u00edk\u016f.<\/p>\n<h6>Pro slevu pros\u00edm kontaktujte Mandy p\u0159es WhatsApp<a href=\"https:\/\/wa.me\/8618077105796\">+8618077105796<\/a><\/h6>\n<h3><img decoding=\"async\" class=\"alignnone wp-image-2151\" src=\"http:\/\/vapebulkp.com\/wp-content\/uploads\/2024\/04\/Mandy-WhatsApp-Randm.jpg\" alt=\"Mandy WhatsApp Randm\" width=\"260\" height=\"277\" srcset=\"https:\/\/vapebulkp.com\/wp-content\/uploads\/2024\/04\/Mandy-WhatsApp-Randm.jpg 916w, https:\/\/vapebulkp.com\/wp-content\/uploads\/2024\/04\/Mandy-WhatsApp-Randm-282x300.jpg 282w, https:\/\/vapebulkp.com\/wp-content\/uploads\/2024\/04\/Mandy-WhatsApp-Randm-768x817.jpg 768w, https:\/\/vapebulkp.com\/wp-content\/uploads\/2024\/04\/Mandy-WhatsApp-Randm-600x638.jpg 600w\" sizes=\"(max-width: 260px) 100vw, 260px\" \/><\/h3>\n<p>&nbsp;<\/p>\n<h3><strong style=\"font-size: 1.3em\"><span style=\"vertical-align: inherit\">Specifikace pro UZY QUTE 8<\/span><\/strong><span style=\"font-size: 1.3em;font-weight: bold\">00 potah\u016f Vape Pen<\/span><strong style=\"font-size: 1.3em\"><span style=\"vertical-align: inherit\">\uff1a<\/span><\/strong><\/h3>\n<blockquote><p>0% 2% 3% 5% Nikotin<br \/>\n\u2611 Potahy: 800<br \/>\n\u2611 Kapacita: 3ml<br \/>\n\u2611 K dispozici 10 p\u0159\u00edchut\u00ed<br \/>\n\u2611 550mAh Dob\u00edjec\u00ed<br \/>\n\u2611 Mesh Coil 1.2 \u03a9, LED barevn\u00e9 sv\u011btlo<\/p><\/blockquote>\n<h3><strong>\u00a0Nejprod\u00e1van\u011bj\u0161\u00ed cena Vape UZY QUTE<\/strong> 800 pota\u017een\u00ed <strong>Seznam p\u0159\u00edchut\u00ed:<\/strong><\/h3>\n<blockquote><p>1. Kiwi Maracuja<br \/>\n2.Modr\u00e1 malina s ledem<br \/>\n3. Melounov\u00fd led<br \/>\n4. Citron M\u00e1ta<br \/>\n5. Trojit\u00e9 Mango<br \/>\n6.Sm\u011bs bobulov\u00e9ho ovoce<br \/>\n7. Hroznov\u00fd Led<br \/>\n8.Jahodov\u00e1 zmrzlina<br \/>\n9.Kolov\u00e1 zmrzlina<br \/>\n10.Redbull zmrzlina<\/p><\/blockquote>\n<p>&nbsp;<\/p>\n<p><a href=\"https:\/\/vapebulkp.com\/cs\/product\/popular-randm-tornado-7000puffs-disposable-vape-best-price\/\"><span style=\"vertical-align: inherit\">RandM Tornado 7000 potah\u016f <\/span><\/a><\/p>\n<p><span style=\"vertical-align: inherit\">Najd\u011bte dal\u0161\u00ed produkty, kter\u00e9 by se v\u00e1m mohly l\u00edbit:<\/span><em><a href=\"https:\/\/wa.me\/8618077105796\"><span style=\"vertical-align: inherit\">\u00a0Kupte to te\u010f<\/span><\/a><\/em><\/p>\n<p><span style=\"vertical-align: inherit\">Dal\u0161\u00ed potahy, kter\u00e9 by se v\u00e1m mohly l\u00edbit:<\/span><a href=\"https:\/\/vapebulkp.com\/sv\/product\/fluumbox-digital-box-15k-puffs-rechargeable-vape-geek-bar\/\"><span style=\"vertical-align: inherit\">FLUUMBOX Digit\u00e1ln\u00ed box 15000 potah\u016f<\/span><\/a><span style=\"vertical-align: inherit\">\u3001<\/span><a href=\"https:\/\/vapebulkp.com\/cs\/product\/good-vape-waspe-digital-box-12000-puffs-fumot-box-12k-puffs-wholeslae-price\/\"><span style=\"vertical-align: inherit\">WASPE Digit\u00e1ln\u00ed box 12000 potah\u016f<\/span><\/a><span style=\"vertical-align: inherit\">\/ <\/span><a href=\"https:\/\/vapebulkp.com\/cs\/product\/wholesale-randm-tornado-9000-puffs-germany\/\"><span style=\"vertical-align: inherit\">RandM Tornado 9000 pot\u00e1hnut\u00ed<\/span><\/a><span style=\"vertical-align: inherit\">\/ <\/span><a href=\"https:\/\/vapebulkp.com\/cs\/product\/discount-price-bang-shisha-15k-puffs-jnr-shisha-disposable-vape\/\"><span style=\"vertical-align: inherit\">Bang shisha JNR SHISHA 15000 potah\u016f <\/span><\/a><\/p>\n<p><span style=\"vertical-align: inherit\">E-cigaretov\u00e1 l\u00e1hev speci\u00e1ln\u00edho tvaru:<\/span><a href=\"https:\/\/vapebulkp.com\/cs\/product\/good-sale-randm-tornado-10000-puffs-plus\/\"><span style=\"vertical-align: inherit\">RandM Tornado 10000 pot\u00e1hnut\u00ed Plus <\/span><\/a><span style=\"vertical-align: inherit\">\/<a href=\"https:\/\/vapebulkp.com\/sv\/product\/wholesale-price-randm-15k-waspe-15000-puffs-best-vape\/\"> Randm Tornado 15000 potah\u016f<\/a><\/span><\/p>\n<h4>Kvalifikace v\u00fdroby:<\/h4>\n<p><img decoding=\"async\" class=\"alignnone wp-image-1842\" src=\"http:\/\/vapebulkp.com\/wp-content\/uploads\/2023\/11\/Vape-production-process-2.jpg\" alt=\"Proces v\u00fdroby vape\" width=\"671\" height=\"301\" srcset=\"https:\/\/vapebulkp.com\/wp-content\/uploads\/2023\/11\/Vape-production-process-2.jpg 800w, https:\/\/vapebulkp.com\/wp-content\/uploads\/2023\/11\/Vape-production-process-2-300x135.jpg 300w, https:\/\/vapebulkp.com\/wp-content\/uploads\/2023\/11\/Vape-production-process-2-768x345.jpg 768w, https:\/\/vapebulkp.com\/wp-content\/uploads\/2023\/11\/Vape-production-process-2-600x269.jpg 600w\" sizes=\"(max-width: 671px) 100vw, 671px\" \/><\/p>\n<p><img decoding=\"async\" class=\"alignnone wp-image-1843\" src=\"http:\/\/vapebulkp.com\/wp-content\/uploads\/2023\/11\/Vape-production-process.jpeg\" alt=\"Proces v\u00fdroby vape\" width=\"671\" height=\"1074\" srcset=\"https:\/\/vapebulkp.com\/wp-content\/uploads\/2023\/11\/Vape-production-process.jpeg 641w, https:\/\/vapebulkp.com\/wp-content\/uploads\/2023\/11\/Vape-production-process-187x300.jpeg 187w, https:\/\/vapebulkp.com\/wp-content\/uploads\/2023\/11\/Vape-production-process-640x1024.jpeg 640w, https:\/\/vapebulkp.com\/wp-content\/uploads\/2023\/11\/Vape-production-process-600x960.jpeg 600w\" sizes=\"(max-width: 671px) 100vw, 671px\" \/><\/p>\n<h4>Nej\u010dast\u011bj\u0161\u00ed dotazy:<\/h4>\n<p>Ot\u00e1zka: Jak\u00e9 je minim\u00e1ln\u00ed objednac\u00ed mno\u017estv\u00ed pro jednor\u00e1zovou vapu UZY QUTE 800 potah\u016f?<br \/>\nOdpov\u011b\u010f: Minim\u00e1ln\u00ed objedn\u00e1vka je 100 ks.<br \/>\nOt\u00e1zka: Jak\u00e1 je dodac\u00ed lh\u016fta pro objednan\u00e9 elektronick\u00e9 cigarety?<br \/>\nOdpov\u011b\u010f: Obvykle je to 10-15 dn\u00ed po odesl\u00e1n\u00ed.<br \/>\nOt\u00e1zka: Kolik stoj\u00ed po\u0161tovn\u00e9?<\/p>\n<p>Odpov\u011b\u010f: Cena dopravy z\u00e1vis\u00ed na hmotnosti. R\u016fzn\u00e1 mno\u017estv\u00ed maj\u00ed r\u016fzn\u00e9 n\u00e1klady na dopravu, kontaktujte n\u00e1s pro potvrzen\u00ed ceny dopravy.<\/p>\n<p>&nbsp;<\/p>\n<h4>Podrobnosti o p\u0159eprav\u011b:<\/h4>\n<p><span style=\"color: #ff6600\">Doba v\u00fdroby: 5-10 pracovn\u00edch dn\u016f<\/span><br \/>\n<span style=\"color: #ff6600\">Doba p\u0159epravy: 8-14 pracovn\u00edch dn\u016f<\/span><\/p>\n<p>V\u0161echny produkty v na\u0161em obchod\u011b jsou 100% origin\u00e1ln\u00ed a autentick\u00e9, tak\u017ee desetin\u00e1sobn\u00e1 n\u00e1hrada za pad\u011blky je na\u0161\u00ed obchodn\u00ed politikou. K doru\u010den\u00ed zbo\u017e\u00ed pou\u017e\u00edv\u00e1me logistick\u00e9 kan\u00e1ly jako UPS\/DHL\/FEDEX\/DPD.<\/p>\n<p>Pro z\u00e1silky odeslan\u00e9 do \u010cesk\u00e9 republiky obvykle trv\u00e1 doru\u010den\u00ed 10 pracovn\u00edch dn\u016f. Doru\u010den\u00ed do evropsk\u00fdch zem\u00ed obvykle trv\u00e1 12 a\u017e 15 pracovn\u00edch dn\u016f. Logistick\u00e9 informace pro v\u00e1s budeme aktualizovat v re\u00e1ln\u00e9m \u010dase.<\/p>","protected":false},"excerpt":{"rendered":"<p>UZY QUTE 800 pota\u017een\u00ed Nejprod\u00e1van\u011bj\u0161\u00ed VAPE<\/p>\n<p>800 pota\u017een\u00ed Origin\u00e1ln\u00ed Vape UZY Crystal Vape<\/p>\n<p><img decoding=\"async\" class=\"alignnone wp-image-2151\" src=\"http:\/\/vapebulkp.com\/wp-content\/uploads\/2024\/04\/Mandy-WhatsApp-Randm.jpg\" alt=\"Mandy WhatsApp Randm\" width=\"295\" height=\"314\" srcset=\"https:\/\/vapebulkp.com\/wp-content\/uploads\/2024\/04\/Mandy-WhatsApp-Randm.jpg 916w, https:\/\/vapebulkp.com\/wp-content\/uploads\/2024\/04\/Mandy-WhatsApp-Randm-282x300.jpg 282w, https:\/\/vapebulkp.com\/wp-content\/uploads\/2024\/04\/Mandy-WhatsApp-Randm-768x817.jpg 768w, https:\/\/vapebulkp.com\/wp-content\/uploads\/2024\/04\/Mandy-WhatsApp-Randm-600x638.jpg 600w\" sizes=\"(max-width: 295px) 100vw, 295px\" \/><\/p>\n<p>Pro slevu pros\u00edm kontaktujte Mandy p\u0159es WhatsApp<a href=\"https:\/\/wa.me\/8618077105796\">+8618077105796<\/a><\/p>\n<p><span style=\"color: #ff0000\">POZN\u00c1MKA: Ceny na na\u0161em webu nezahrnuj\u00ed n\u00e1klady na dopravu<\/span><\/p>","protected":false},"featured_media":2461,"comment_status":"open","ping_status":"closed","template":"","meta":{"_uag_custom_page_level_css":"","_lmt_disableupdate":"no","_lmt_disable":"","site-sidebar-layout":"default","site-content-layout":"content-boxed-container","ast-site-content-layout":"normal-width-container","site-content-style":"boxed","site-sidebar-style":"unboxed","ast-global-header-display":"","ast-banner-title-visibility":"","ast-main-header-display":"","ast-hfb-above-header-display":"","ast-hfb-below-header-display":"","ast-hfb-mobile-header-display":"","site-post-title":"","ast-breadcrumbs-content":"","ast-featured-img":"","footer-sml-layout":"","theme-transparent-header-meta":"default","adv-header-id-meta":"","stick-header-meta":"","header-above-stick-meta":"","header-main-stick-meta":"","header-below-stick-meta":"","astra-migrate-meta-layouts":"set","_joinchat":[]},"product_cat":[153,155,33,59,100,87,34,158,157,154,152,58,84,156,63,361,32],"product_tag":[133,36,37,41,73,40],"class_list":["post-2472","product","type-product","status-publish","has-post-thumbnail","hentry","product_cat-hot-disposable-vapes","product_cat-belgium-hot-disposable-vapes","product_cat-france-vape-hot-sale","product_cat-germany-hot-disposable-vape","product_cat-germany-wholesale-vape-shop","product_cat-minimum-order-quantity-50pcs","product_cat-netherlands-vape-good-sale","product_cat-norway-hot-disposable-vapes","product_cat-poland-hot-disposable-vapes","product_cat-portugal-hot-disposable-vapes","product_cat-spain-hot-disposable-vapes","product_cat-sweden-hot-disposable-vape","product_cat-sweden-wholesale-vape","product_cat-switzerland-hot-disposable-vapes","product_cat-top-sale-disposable-vape","product_cat-uzy-vapes","product_cat-vape-hot-sale-this-week","product_tag-800-puffs","product_tag-good-vape","product_tag-hot-sale-disposable-vape","product_tag-poland-hot-vape","product_tag-randm-10000puffs-vape","product_tag-sweden-hot-vape","pa_brand-uzy-vape","desktop-align-left","tablet-align-left","mobile-align-left"],"yoast_head":"<!-- This site is optimized with the Yoast SEO plugin v21.1 - https:\/\/yoast.com\/wordpress\/plugins\/seo\/ -->\n<title>UZY QUTE 800 Puffs Original Disposable Vape - vapebulkp.com<\/title>\n<meta name=\"description\" content=\"The Wholesale Price UZY QUTE 800 Puffs Original Disposable Vape tailored for vapers seeking simplicity and ease of use. Offering up to 800 puffs, it ensures a satisfactory vaping period before needing a replacement.\" \/>\n<meta name=\"robots\" content=\"index, follow, max-snippet:-1, max-image-preview:large, max-video-preview:-1\" \/>\n<link rel=\"canonical\" href=\"https:\/\/vapebulkp.com\/cs\/product\/uzy-qute-800-puffs-original-disposable-vape\/\" \/>\n<meta property=\"og:locale\" content=\"cs_CZ\" \/>\n<meta property=\"og:type\" content=\"article\" \/>\n<meta property=\"og:title\" content=\"UZY QUTE 800 Puffs Original Disposable Vape - vapebulkp.com\" \/>\n<meta property=\"og:description\" content=\"The Wholesale Price UZY QUTE 800 Puffs Original Disposable Vape tailored for vapers seeking simplicity and ease of use. Offering up to 800 puffs, it ensures a satisfactory vaping period before needing a replacement.\" \/>\n<meta property=\"og:url\" content=\"https:\/\/vapebulkp.com\/cs\/product\/uzy-qute-800-puffs-original-disposable-vape\/\" \/>\n<meta property=\"og:site_name\" content=\"vapebulkp.com\" \/>\n<meta property=\"article:modified_time\" content=\"2025-09-16T09:29:55+00:00\" \/>\n<meta property=\"og:image\" content=\"http:\/\/vapebulkp.com\/wp-content\/uploads\/2024\/05\/UZY-QUTE-800-Puff-Disposable-Vape-Wholesale-Price.png\" \/>\n\t<meta property=\"og:image:width\" content=\"1920\" \/>\n\t<meta property=\"og:image:height\" content=\"1920\" \/>\n\t<meta property=\"og:image:type\" content=\"image\/png\" \/>\n<meta name=\"twitter:card\" content=\"summary_large_image\" \/>\n<meta name=\"twitter:label1\" content=\"Odhadovan\u00e1 doba \u010dten\u00ed\" \/>\n\t<meta name=\"twitter:data1\" content=\"4 minuty\" \/>\n<script type=\"application\/ld+json\" class=\"yoast-schema-graph\">{\"@context\":\"https:\/\/schema.org\",\"@graph\":[{\"@type\":\"WebPage\",\"@id\":\"https:\/\/vapebulkp.com\/product\/uzy-qute-800-puffs-original-disposable-vape\/\",\"url\":\"https:\/\/vapebulkp.com\/product\/uzy-qute-800-puffs-original-disposable-vape\/\",\"name\":\"UZY QUTE 800 Puffs Original Disposable Vape - vapebulkp.com\",\"isPartOf\":{\"@id\":\"https:\/\/vapebulkp.com\/#website\"},\"datePublished\":\"2024-05-24T03:42:59+00:00\",\"dateModified\":\"2025-09-16T09:29:55+00:00\",\"description\":\"The Wholesale Price UZY QUTE 800 Puffs Original Disposable Vape tailored for vapers seeking simplicity and ease of use. Offering up to 800 puffs, it ensures a satisfactory vaping period before needing a replacement.\",\"breadcrumb\":{\"@id\":\"https:\/\/vapebulkp.com\/product\/uzy-qute-800-puffs-original-disposable-vape\/#breadcrumb\"},\"inLanguage\":\"cs\",\"potentialAction\":[{\"@type\":\"ReadAction\",\"target\":[\"https:\/\/vapebulkp.com\/product\/uzy-qute-800-puffs-original-disposable-vape\/\"]}]},{\"@type\":\"BreadcrumbList\",\"@id\":\"https:\/\/vapebulkp.com\/product\/uzy-qute-800-puffs-original-disposable-vape\/#breadcrumb\",\"itemListElement\":[{\"@type\":\"ListItem\",\"position\":1,\"name\":\"Home\",\"item\":\"https:\/\/vapebulkp.com\/\"},{\"@type\":\"ListItem\",\"position\":2,\"name\":\"Hot Trend Vapes\",\"item\":\"https:\/\/vapebulkp.com\/vape-shop\/\"},{\"@type\":\"ListItem\",\"position\":3,\"name\":\"UZY QUTE 800 Puffs Original Disposable Vape\"}]},{\"@type\":\"WebSite\",\"@id\":\"https:\/\/vapebulkp.com\/#website\",\"url\":\"https:\/\/vapebulkp.com\/\",\"name\":\"vapebulkp.com\",\"description\":\"Buy Vape In Cheap Bulk Price Near you\",\"publisher\":{\"@id\":\"https:\/\/vapebulkp.com\/#organization\"},\"potentialAction\":[{\"@type\":\"SearchAction\",\"target\":{\"@type\":\"EntryPoint\",\"urlTemplate\":\"https:\/\/vapebulkp.com\/?s={search_term_string}\"},\"query-input\":\"required name=search_term_string\"}],\"inLanguage\":\"cs\"},{\"@type\":\"Organization\",\"@id\":\"https:\/\/vapebulkp.com\/#organization\",\"name\":\"vapebulkp.com\",\"url\":\"https:\/\/vapebulkp.com\/\",\"logo\":{\"@type\":\"ImageObject\",\"inLanguage\":\"cs\",\"@id\":\"https:\/\/vapebulkp.com\/#\/schema\/logo\/image\/\",\"url\":\"https:\/\/vapebulkp.com\/wp-content\/uploads\/2023\/09\/cropped-vapebulkp.png\",\"contentUrl\":\"https:\/\/vapebulkp.com\/wp-content\/uploads\/2023\/09\/cropped-vapebulkp.png\",\"width\":516,\"height\":163,\"caption\":\"vapebulkp.com\"},\"image\":{\"@id\":\"https:\/\/vapebulkp.com\/#\/schema\/logo\/image\/\"}}]}<\/script>\n<!-- \/ Yoast SEO plugin. -->","yoast_head_json":{"title":"UZY QUTE 800 Puffs Original Disposable Vape - vapebulkp.com","description":"The Wholesale Price UZY QUTE 800 Puffs Original Disposable Vape tailored for vapers seeking simplicity and ease of use. Offering up to 800 puffs, it ensures a satisfactory vaping period before needing a replacement.","robots":{"index":"index","follow":"follow","max-snippet":"max-snippet:-1","max-image-preview":"max-image-preview:large","max-video-preview":"max-video-preview:-1"},"canonical":"https:\/\/vapebulkp.com\/cs\/product\/uzy-qute-800-puffs-original-disposable-vape\/","og_locale":"cs_CZ","og_type":"article","og_title":"UZY QUTE 800 Puffs Original Disposable Vape - vapebulkp.com","og_description":"The Wholesale Price UZY QUTE 800 Puffs Original Disposable Vape tailored for vapers seeking simplicity and ease of use. Offering up to 800 puffs, it ensures a satisfactory vaping period before needing a replacement.","og_url":"https:\/\/vapebulkp.com\/cs\/product\/uzy-qute-800-puffs-original-disposable-vape\/","og_site_name":"vapebulkp.com","article_modified_time":"2025-09-16T09:29:55+00:00","og_image":[{"width":1920,"height":1920,"url":"http:\/\/vapebulkp.com\/wp-content\/uploads\/2024\/05\/UZY-QUTE-800-Puff-Disposable-Vape-Wholesale-Price.png","type":"image\/png"}],"twitter_card":"summary_large_image","twitter_misc":{"Odhadovan\u00e1 doba \u010dten\u00ed":"4 minuty"},"schema":{"@context":"https:\/\/schema.org","@graph":[{"@type":"WebPage","@id":"https:\/\/vapebulkp.com\/product\/uzy-qute-800-puffs-original-disposable-vape\/","url":"https:\/\/vapebulkp.com\/product\/uzy-qute-800-puffs-original-disposable-vape\/","name":"UZY QUTE 800 Puffs Original Disposable Vape - vapebulkp.com","isPartOf":{"@id":"https:\/\/vapebulkp.com\/#website"},"datePublished":"2024-05-24T03:42:59+00:00","dateModified":"2025-09-16T09:29:55+00:00","description":"The Wholesale Price UZY QUTE 800 Puffs Original Disposable Vape tailored for vapers seeking simplicity and ease of use. Offering up to 800 puffs, it ensures a satisfactory vaping period before needing a replacement.","breadcrumb":{"@id":"https:\/\/vapebulkp.com\/product\/uzy-qute-800-puffs-original-disposable-vape\/#breadcrumb"},"inLanguage":"cs","potentialAction":[{"@type":"ReadAction","target":["https:\/\/vapebulkp.com\/product\/uzy-qute-800-puffs-original-disposable-vape\/"]}]},{"@type":"BreadcrumbList","@id":"https:\/\/vapebulkp.com\/product\/uzy-qute-800-puffs-original-disposable-vape\/#breadcrumb","itemListElement":[{"@type":"ListItem","position":1,"name":"Home","item":"https:\/\/vapebulkp.com\/"},{"@type":"ListItem","position":2,"name":"Hot Trend Vapes","item":"https:\/\/vapebulkp.com\/vape-shop\/"},{"@type":"ListItem","position":3,"name":"UZY QUTE 800 Puffs Original Disposable Vape"}]},{"@type":"WebSite","@id":"https:\/\/vapebulkp.com\/#website","url":"https:\/\/vapebulkp.com\/","name":"vapebulkp.com","description":"Buy Vape In Cheap Bulk Price Near you","publisher":{"@id":"https:\/\/vapebulkp.com\/#organization"},"potentialAction":[{"@type":"SearchAction","target":{"@type":"EntryPoint","urlTemplate":"https:\/\/vapebulkp.com\/?s={search_term_string}"},"query-input":"required name=search_term_string"}],"inLanguage":"cs"},{"@type":"Organization","@id":"https:\/\/vapebulkp.com\/#organization","name":"vapebulkp.com","url":"https:\/\/vapebulkp.com\/","logo":{"@type":"ImageObject","inLanguage":"cs","@id":"https:\/\/vapebulkp.com\/#\/schema\/logo\/image\/","url":"https:\/\/vapebulkp.com\/wp-content\/uploads\/2023\/09\/cropped-vapebulkp.png","contentUrl":"https:\/\/vapebulkp.com\/wp-content\/uploads\/2023\/09\/cropped-vapebulkp.png","width":516,"height":163,"caption":"vapebulkp.com"},"image":{"@id":"https:\/\/vapebulkp.com\/#\/schema\/logo\/image\/"}}]}},"uagb_featured_image_src":{"full":["https:\/\/vapebulkp.com\/wp-content\/uploads\/2024\/05\/UZY-QUTE-800-Puff-Disposable-Vape-Wholesale-Price.png",1920,1920,false],"thumbnail":["https:\/\/vapebulkp.com\/wp-content\/uploads\/2024\/05\/UZY-QUTE-800-Puff-Disposable-Vape-Wholesale-Price-150x150.png",150,150,true],"medium":["https:\/\/vapebulkp.com\/wp-content\/uploads\/2024\/05\/UZY-QUTE-800-Puff-Disposable-Vape-Wholesale-Price-300x300.png",300,300,true],"medium_large":["https:\/\/vapebulkp.com\/wp-content\/uploads\/2024\/05\/UZY-QUTE-800-Puff-Disposable-Vape-Wholesale-Price-768x768.png",768,768,true],"large":["https:\/\/vapebulkp.com\/wp-content\/uploads\/2024\/05\/UZY-QUTE-800-Puff-Disposable-Vape-Wholesale-Price-1024x1024.png",1024,1024,true],"1536x1536":["https:\/\/vapebulkp.com\/wp-content\/uploads\/2024\/05\/UZY-QUTE-800-Puff-Disposable-Vape-Wholesale-Price-1536x1536.png",1536,1536,true],"2048x2048":["https:\/\/vapebulkp.com\/wp-content\/uploads\/2024\/05\/UZY-QUTE-800-Puff-Disposable-Vape-Wholesale-Price.png",1920,1920,false],"trp-custom-language-flag":["https:\/\/vapebulkp.com\/wp-content\/uploads\/2024\/05\/UZY-QUTE-800-Puff-Disposable-Vape-Wholesale-Price.png",12,12,false],"woocommerce_thumbnail":["https:\/\/vapebulkp.com\/wp-content\/uploads\/2024\/05\/UZY-QUTE-800-Puff-Disposable-Vape-Wholesale-Price-300x300.png",300,300,true],"woocommerce_single":["https:\/\/vapebulkp.com\/wp-content\/uploads\/2024\/05\/UZY-QUTE-800-Puff-Disposable-Vape-Wholesale-Price-600x600.png",600,600,true],"woocommerce_gallery_thumbnail":["https:\/\/vapebulkp.com\/wp-content\/uploads\/2024\/05\/UZY-QUTE-800-Puff-Disposable-Vape-Wholesale-Price-100x100.png",100,100,true],"wcpr-photo-reviews":["https:\/\/vapebulkp.com\/wp-content\/uploads\/2024\/05\/UZY-QUTE-800-Puff-Disposable-Vape-Wholesale-Price.png",500,500,false]},"uagb_author_info":{"display_name":"Mandy vape bulk price","author_link":"https:\/\/vapebulkp.com\/cs\/author\/"},"uagb_comment_info":0,"uagb_excerpt":"UZY QUTE 800 Puffs Top Sale VAPE 800 Puffs Original Vape UZY Crystal\u00a0 Vape Pls Contact Mandy's WhatsApp For Discount Price+8618077105796 NOTE: Prices on our website does not include shipping costs","_links":{"self":[{"href":"https:\/\/vapebulkp.com\/cs\/wp-json\/wp\/v2\/product\/2472","targetHints":{"allow":["GET"]}}],"collection":[{"href":"https:\/\/vapebulkp.com\/cs\/wp-json\/wp\/v2\/product"}],"about":[{"href":"https:\/\/vapebulkp.com\/cs\/wp-json\/wp\/v2\/types\/product"}],"replies":[{"embeddable":true,"href":"https:\/\/vapebulkp.com\/cs\/wp-json\/wp\/v2\/comments?post=2472"}],"wp:featuredmedia":[{"embeddable":true,"href":"https:\/\/vapebulkp.com\/cs\/wp-json\/wp\/v2\/media\/2461"}],"wp:attachment":[{"href":"https:\/\/vapebulkp.com\/cs\/wp-json\/wp\/v2\/media?parent=2472"}],"wp:term":[{"taxonomy":"product_cat","embeddable":true,"href":"https:\/\/vapebulkp.com\/cs\/wp-json\/wp\/v2\/product_cat?post=2472"},{"taxonomy":"product_tag","embeddable":true,"href":"https:\/\/vapebulkp.com\/cs\/wp-json\/wp\/v2\/product_tag?post=2472"}],"curies":[{"name":"wp","href":"https:\/\/api.w.org\/{rel}","templated":true}]}}