{"id":2920,"date":"2024-09-21T10:54:07","date_gmt":"2024-09-21T08:54:07","guid":{"rendered":"https:\/\/vapebulkp.com\/?post_type=product&#038;p=2920"},"modified":"2025-09-24T05:18:03","modified_gmt":"2025-09-24T03:18:03","slug":"original-bang-vape-box-20k-puff-disposable-vape","status":"publish","type":"product","link":"https:\/\/vapebulkp.com\/cs\/product\/original-bang-vape-box-20k-puff-disposable-vape\/","title":{"rendered":"Origin\u00e1ln\u00ed jednor\u00e1zov\u00e1 e-cigareta Bang Vape Box 20K Puff"},"content":{"rendered":"<h2 style=\"text-align: left\">Origin\u00e1ln\u00ed jednor\u00e1zov\u00e1 e-cigareta Bang Vape Box 20K Puff<\/h2>\n<p>&nbsp;<\/p>\n<p data-start=\"263\" data-end=\"555\">Ten <strong data-start=\"267\" data-end=\"293\">Bang Vape Box 20K potah\u016f<\/strong> je pr\u00e9miov\u00e1 <a href=\"https:\/\/vapebulkp.com\/cs\/product-category\/20000-puffs-disposable-vape\/\"><strong data-start=\"307\" data-end=\"338\">20000 pot\u00e1hnut\u00ed jednor\u00e1zov\u00e1 e-cigareta<\/strong><\/a> ur\u010den\u00e1 pro mlad\u00e9 mu\u017ee z Evropy, kte\u0159\u00ed hledaj\u00ed vaping s vysokou kapacitou. Tato jednor\u00e1zov\u00e1 e-cigareta, vybaven\u00e1 35ml n\u00e1dr\u017ekou na e-liquid s 5% nikotinovou sol\u00ed, poskytuje jemnou, bohatou chu\u0165 a hustou p\u00e1ru od prvn\u00edho do posledn\u00edho pota\u017een\u00ed. Cena za kus <strong data-start=\"604\" data-end=\"630\">Bang Box 20000 Puf\u016f <\/strong>zaji\u0161\u0165uje dlouhotrvaj\u00edc\u00ed v\u00fdkon a bezprobl\u00e9mov\u00e9 pou\u017eit\u00ed d\u00edky jednoduch\u00e9mu designu aktivace pota\u017een\u00edm. Tato <strong data-start=\"732\" data-end=\"765\">jednor\u00e1zov\u00fd vape s vysokou kapacitou<\/strong> eliminuje pot\u0159ebu dopl\u0148ov\u00e1n\u00ed nebo \u010dast\u00e9ho nab\u00edjen\u00ed, co\u017e ji \u010din\u00ed ide\u00e1ln\u00ed pro ka\u017edodenn\u00ed pou\u017eit\u00ed, cestov\u00e1n\u00ed nebo hromadn\u00e9 objedn\u00e1vky.<\/p>\n<p data-start=\"878\" data-end=\"1142\">Kompaktn\u00ed, ergonomick\u00e1 a stylov\u00e1 velkoobchodn\u00ed e-cigareta <strong data-start=\"915\" data-end=\"941\">Bang Vape Box 20K potah\u016f\u00a0<\/strong> kombinuje pohodl\u00ed, v\u00fdkon a pr\u00e9miov\u00fd design. Zas\u00edl\u00e1na p\u0159\u00edmo ze sklad\u016f v EU, zaru\u010duje rychl\u00e9 doru\u010den\u00ed a spolehlivou kvalitu, ide\u00e1ln\u00ed pro vapery, kte\u0159\u00ed si cen\u00ed chuti i efektivity.<\/p>\n<h6 style=\"text-align: left\"><\/h6>\n<h6>Pro slevu pros\u00edm kontaktujte Mandy p\u0159es WhatsApp<a href=\"https:\/\/wa.me\/8618077105796\">+8618077105796<\/a><\/h6>\n<p><img decoding=\"async\" class=\"alignnone wp-image-2151\" src=\"http:\/\/vapebulkp.com\/wp-content\/uploads\/2024\/04\/Mandy-WhatsApp-Randm.jpg\" alt=\"Mandy WhatsApp Randm\" width=\"287\" height=\"305\" srcset=\"https:\/\/vapebulkp.com\/wp-content\/uploads\/2024\/04\/Mandy-WhatsApp-Randm.jpg 916w, https:\/\/vapebulkp.com\/wp-content\/uploads\/2024\/04\/Mandy-WhatsApp-Randm-282x300.jpg 282w, https:\/\/vapebulkp.com\/wp-content\/uploads\/2024\/04\/Mandy-WhatsApp-Randm-768x817.jpg 768w, https:\/\/vapebulkp.com\/wp-content\/uploads\/2024\/04\/Mandy-WhatsApp-Randm-600x638.jpg 600w\" sizes=\"(max-width: 287px) 100vw, 287px\" \/><\/p>\n<h5>Mo\u017en\u00e1 v\u00e1s zaujme n\u00e1sleduj\u00edc\u00ed o sad\u00e1ch pro e-cigarety Bang Box 20000 Puffs:<\/h5>\n<h5>1.Jak spr\u00e1vn\u011b pou\u017e\u00edvat e-cigaretu Bang Box 20000 Puffs: N\u00e1vod krok za krokem pro za\u010d\u00e1te\u010dn\u00edky?<\/h5>\n<p>Krok 1. P\u0159ed pou\u017eit\u00edm 20k pot\u00e1hnut\u00ed odstra\u0148te plastovou trubi\u010dku.<\/p>\n<p>Krok 2. Po\u010dkejte asi 3 minuty, ne\u017e se \u0161\u0165\u00e1va dostane do c\u00edvky uvnit\u0159.<\/p>\n<p>Krok 3. U\u017eijte si to<\/p>\n<h5>2.Jak nab\u00edjet jednor\u00e1zovou e-cigaretu Bang Box 20000 Puffs: Podrobn\u00fd n\u00e1vod<\/h5>\n<p>Nelze pou\u017e\u00edvat rychlonab\u00edje\u010dky, a standardn\u00ed bezpe\u010dn\u00fd v\u00fdkon jednor\u00e1zov\u00fdch e-cigaret je 5V 1A.<\/p>\n<p>Ka\u017ed\u00e9 nab\u00edjen\u00ed nesm\u00ed p\u0159es\u00e1hnout 1 hodinu, a bezpe\u010dn\u00e1 doba nab\u00edjen\u00ed je p\u016fl hodiny.<\/p>\n<p><span style=\"color: #ff6600\">Upozorn\u011bn\u00ed: nenab\u00edjejte celou noc!<\/span><\/p>\n<h5>3.Jak\u00e1 je kapacita e-liquidu v e-cigaret\u011b Bang Box 20000 Puffs?<\/h5>\n<p>E-cigareta Bang Box 20000 Puffs se m\u016f\u017ee pochlubit p\u016fsobivou kapacitou e-liquidu, pojme velkorys\u00fdch 35 ml.<\/p>\n<h5>4.Kolik potah\u016f mohu z\u00edskat z e-cigarety Bang Vape 20000 Puffs?<\/h5>\n<p>\u2014\u201320000 pot\u00e1hnut\u00ed<\/p>\n<h5>Jednor\u00e1zov\u00e1 e-cigareta Bang Box 20000 Puffs Vlastnosti:<\/h5>\n<p>A\u017e 20000 potah\u016f<br \/>\nTekutina: 35 ml e-liquidu<br \/>\nNic: 0% 2% 3% 5%<br \/>\nTypy: Jednor\u00e1zov\u00e9<br \/>\n850mAh bateri\u00ed<br \/>\nDob\u00edjec\u00ed p\u0159es Type-c<br \/>\n0.8 mesh spir\u00e1lka<br \/>\nLED barevn\u00e9 sv\u011btlo<\/p>\n<p>&nbsp;<\/p>\n<h5><strong>Jak\u00e9 jsou nejlep\u0161\u00ed p\u0159\u00edchut\u011b pro jednor\u00e1zovou vapu Bang Box 20000 Puffs?<\/strong><\/h5>\n<p>1. Jahoda kiwi<br \/>\n2. Kiwi marakuja guava<br \/>\n3. Jahodov\u00fd vodn\u00ed meloun<br \/>\n4. Malinov\u00fd vodn\u00ed meloun<br \/>\n5. Bor\u016fvka kysel\u00e1 malina led<br \/>\n6. Vodn\u00ed meloun led<br \/>\n7. Ban\u00e1n led<br \/>\n8. Mango broskev<br \/>\n9. Modr\u00e1 malina led<br \/>\n10. Pan modr\u00fd<br \/>\n11. Hroznov\u00fd led<br \/>\n12. Mango na ledu<\/p>\n<p><a href=\"https:\/\/vapebulkp.com\/cs\/product\/popular-randm-tornado-7000puffs-disposable-vape-best-price\/\"><span style=\"vertical-align: inherit\">RandM Tornado 7000 potah\u016f <\/span><\/a><\/p>\n<p><span style=\"vertical-align: inherit\">Najd\u011bte dal\u0161\u00ed produkty, kter\u00e9 by se v\u00e1m mohly l\u00edbit:<\/span><em><a href=\"https:\/\/wa.me\/8618077105796\"><span style=\"vertical-align: inherit\">\u00a0Kupte to te\u010f<\/span><\/a><\/em><\/p>\n<p><span style=\"vertical-align: inherit\">Dal\u0161\u00ed potahy, kter\u00e9 by se v\u00e1m mohly l\u00edbit:<\/span><a href=\"https:\/\/vapebulkp.com\/cs\/product\/joymy-ultra15000puffs-best-disposable-vape-2023\/\"><span style=\"vertical-align: inherit\">JOYMY 15000 potah\u016f<\/span><\/a><span style=\"vertical-align: inherit\">\u3001<\/span><a href=\"https:\/\/vapebulkp.com\/cs\/product\/wholesale-randm-tornado-9000-puffs-germany\/\"><span style=\"vertical-align: inherit\">RandM 9000 potah\u016f<\/span><\/a><span style=\"vertical-align: inherit\">\/ <\/span><a href=\"https:\/\/vapebulkp.com\/cs\/product\/bang-king-12000puffs\/\"><span style=\"vertical-align: inherit\">Bang King 12000 pot\u00e1hnut\u00ed<\/span><\/a><span style=\"vertical-align: inherit\">\/ <\/span><a href=\"https:\/\/vapebulkp.com\/cs\/product\/wholesale-tornado-rum-bar-9000-puffs-sweden\/\"><span style=\"vertical-align: inherit\">Rumbar 9000 potah\u016f<\/span><\/a><\/p>\n<p><span style=\"vertical-align: inherit\">E-cigaretov\u00e1 l\u00e1hev speci\u00e1ln\u00edho tvaru:<\/span><a href=\"https:\/\/vapebulkp.com\/cs\/product\/wholesale-kulx-8000-puffs-disposable-vape\/\"><span style=\"vertical-align: inherit\">\u00a0Kulx 8000 potah\u016f<\/span><\/a><span style=\"vertical-align: inherit\">\/ <\/span><a href=\"https:\/\/vapebulkp.com\/cs\/product\/popular-bang-king-10000-puffs-vape-good-price\/\"><span style=\"vertical-align: inherit\">\u00a0Bang King 10000 potah\u016f <\/span><\/a><span style=\"vertical-align: inherit\">\/<\/span><a href=\"https:\/\/vapebulkp.com\/cs\/product\/disposable-vape-crystal-600-puffs\/\"><span style=\"vertical-align: inherit\"> Crystal 600 potah\u016f<\/span><\/a><\/p>\n<h5>Kvalifikace v\u00fdroby:<\/h5>\n<p><img decoding=\"async\" class=\"alignnone size-full wp-image-1841\" src=\"http:\/\/vapebulkp.com\/wp-content\/uploads\/2023\/11\/Vape-production-process-2.jpeg\" alt=\"Proces v\u00fdroby vape\" width=\"650\" height=\"434\" srcset=\"https:\/\/vapebulkp.com\/wp-content\/uploads\/2023\/11\/Vape-production-process-2.jpeg 650w, https:\/\/vapebulkp.com\/wp-content\/uploads\/2023\/11\/Vape-production-process-2-300x200.jpeg 300w, https:\/\/vapebulkp.com\/wp-content\/uploads\/2023\/11\/Vape-production-process-2-600x401.jpeg 600w\" sizes=\"(max-width: 650px) 100vw, 650px\" \/><\/p>\n<p><img decoding=\"async\" class=\"alignnone size-full wp-image-1843\" src=\"http:\/\/vapebulkp.com\/wp-content\/uploads\/2023\/11\/Vape-production-process.jpeg\" alt=\"Proces v\u00fdroby vape\" width=\"641\" height=\"1026\" srcset=\"https:\/\/vapebulkp.com\/wp-content\/uploads\/2023\/11\/Vape-production-process.jpeg 641w, https:\/\/vapebulkp.com\/wp-content\/uploads\/2023\/11\/Vape-production-process-187x300.jpeg 187w, https:\/\/vapebulkp.com\/wp-content\/uploads\/2023\/11\/Vape-production-process-640x1024.jpeg 640w, https:\/\/vapebulkp.com\/wp-content\/uploads\/2023\/11\/Vape-production-process-600x960.jpeg 600w\" sizes=\"(max-width: 641px) 100vw, 641px\" \/><\/p>\n<h5>Nej\u010dast\u011bj\u0161\u00ed dotazy:<\/h5>\n<p>Ot\u00e1zka: Jak\u00e9 je MOQ pro Bang Box 20k puff?<br \/>\nOdpov\u011b\u010f: Minim\u00e1ln\u00ed objedn\u00e1vka je 50 kus\u016f.<br \/>\nOt\u00e1zka: Jak\u00e1 je dodac\u00ed lh\u016fta pro objednan\u00e9 elektronick\u00e9 cigarety?<br \/>\nOdpov\u011b\u010f: Obvykle je to 10-15 dn\u00ed po odesl\u00e1n\u00ed.<br \/>\nOt\u00e1zka: Kolik stoj\u00ed doprava? Odpov\u011b\u010f: Cena dopravy z\u00e1vis\u00ed na hmotnosti. R\u016fzn\u00e1 mno\u017estv\u00ed maj\u00ed r\u016fzn\u00e9 n\u00e1klady na dopravu, kontaktujte n\u00e1s pros\u00edm pro potvrzen\u00ed n\u00e1klad\u016f na dopravu.<\/p>\n<h4>Podrobnosti o p\u0159eprav\u011b:<\/h4>\n<p><span style=\"color: #ff6600\">Doba v\u00fdroby: 5-10 pracovn\u00edch dn\u016f<\/span><br \/>\n<span style=\"color: #ff6600\">Doba p\u0159epravy: 8-14 pracovn\u00edch dn\u016f<\/span><\/p>\n<p>V\u0161echny produkty v na\u0161em obchod\u011b jsou 100% origin\u00e1ln\u00ed a autentick\u00e9, tak\u017ee desetin\u00e1sobn\u00e1 n\u00e1hrada za pad\u011blky je na\u0161\u00ed obchodn\u00ed politikou. K doru\u010den\u00ed zbo\u017e\u00ed pou\u017e\u00edv\u00e1me logistick\u00e9 kan\u00e1ly jako UPS\/DHL\/FEDEX\/DPD.<\/p>\n<p>Pro z\u00e1silky odeslan\u00e9 do \u010cesk\u00e9 republiky obvykle trv\u00e1 doru\u010den\u00ed 10 pracovn\u00edch dn\u016f. Doru\u010den\u00ed do evropsk\u00fdch zem\u00ed obvykle trv\u00e1 12 a\u017e 15 pracovn\u00edch dn\u016f. Logistick\u00e9 informace pro v\u00e1s budeme aktualizovat v re\u00e1ln\u00e9m \u010dase.<\/p>","protected":false},"excerpt":{"rendered":"<p>Bang Box 20000 Puffs e-cigareta s vysokou kapacitou<\/p>\n<p>Jednor\u00e1zov\u00e1 e-cigareta pro del\u0161\u00ed pou\u017eit\u00ed Bang Box 20000 Puffs<\/p>\n<p>Dob\u00edjec\u00ed jednor\u00e1zov\u00e1 e-cigareta<\/p>\n<p><img decoding=\"async\" class=\"alignnone wp-image-2151\" src=\"http:\/\/vapebulkp.com\/wp-content\/uploads\/2024\/04\/Mandy-WhatsApp-Randm.jpg\" alt=\"Mandy WhatsApp Randm\" width=\"234\" height=\"249\" srcset=\"https:\/\/vapebulkp.com\/wp-content\/uploads\/2024\/04\/Mandy-WhatsApp-Randm.jpg 916w, https:\/\/vapebulkp.com\/wp-content\/uploads\/2024\/04\/Mandy-WhatsApp-Randm-282x300.jpg 282w, https:\/\/vapebulkp.com\/wp-content\/uploads\/2024\/04\/Mandy-WhatsApp-Randm-768x817.jpg 768w, https:\/\/vapebulkp.com\/wp-content\/uploads\/2024\/04\/Mandy-WhatsApp-Randm-600x638.jpg 600w\" sizes=\"(max-width: 234px) 100vw, 234px\" \/><\/p>\n<p>Pro slevu pros\u00edm kontaktujte Mandy p\u0159es WhatsApp<a href=\"https:\/\/wa.me\/8618077105796\">+8618077105796<\/a><\/p>\n<p><span style=\"color: #ff0000\">POZN\u00c1MKA: Ceny na na\u0161em webu nezahrnuj\u00ed n\u00e1klady na dopravu<\/span><\/p>\n<p>&nbsp;<\/p>","protected":false},"featured_media":2917,"comment_status":"open","ping_status":"closed","template":"","meta":{"_uag_custom_page_level_css":"","_lmt_disableupdate":"no","_lmt_disable":"","site-sidebar-layout":"default","site-content-layout":"content-boxed-container","ast-site-content-layout":"normal-width-container","site-content-style":"boxed","site-sidebar-style":"unboxed","ast-global-header-display":"","ast-banner-title-visibility":"","ast-main-header-display":"","ast-hfb-above-header-display":"","ast-hfb-below-header-display":"","ast-hfb-mobile-header-display":"","site-post-title":"","ast-breadcrumbs-content":"","ast-featured-img":"","footer-sml-layout":"","theme-transparent-header-meta":"default","adv-header-id-meta":"","stick-header-meta":"","header-above-stick-meta":"","header-main-stick-meta":"","header-below-stick-meta":"","astra-migrate-meta-layouts":"set","_joinchat":[]},"product_cat":[162,153,345,155,33,59,100,34,158,157,154,152,58,84,156,63,32],"product_tag":[109,36,37,41,40],"class_list":["post-2920","product","type-product","status-publish","has-post-thumbnail","hentry","product_cat-20000-puffs-disposable-vape","product_cat-hot-disposable-vapes","product_cat-bang-vapes","product_cat-belgium-hot-disposable-vapes","product_cat-france-vape-hot-sale","product_cat-germany-hot-disposable-vape","product_cat-germany-wholesale-vape-shop","product_cat-netherlands-vape-good-sale","product_cat-norway-hot-disposable-vapes","product_cat-poland-hot-disposable-vapes","product_cat-portugal-hot-disposable-vapes","product_cat-spain-hot-disposable-vapes","product_cat-sweden-hot-disposable-vape","product_cat-sweden-wholesale-vape","product_cat-switzerland-hot-disposable-vapes","product_cat-top-sale-disposable-vape","product_cat-vape-hot-sale-this-week","product_tag-20000-puffs","product_tag-good-vape","product_tag-hot-sale-disposable-vape","product_tag-poland-hot-vape","product_tag-sweden-hot-vape","pa_brand-bang-vape","desktop-align-left","tablet-align-left","mobile-align-left"],"yoast_head":"<!-- This site is optimized with the Yoast SEO plugin v21.1 - https:\/\/yoast.com\/wordpress\/plugins\/seo\/ -->\n<title>Original Bang Vape Box 20K Puff Disposable Vape - vapebulkp.com<\/title>\n<meta name=\"description\" content=\"Get the Bang Vape Box 20K Puff Vape Wholesale, a high-capacity 20000 Puffs Disposable Vape with smooth flavor and long-lasting battery. Order from EU warehouses now!\" \/>\n<meta name=\"robots\" content=\"index, follow, max-snippet:-1, max-image-preview:large, max-video-preview:-1\" \/>\n<link rel=\"canonical\" href=\"https:\/\/vapebulkp.com\/cs\/product\/original-bang-vape-box-20k-puff-disposable-vape\/\" \/>\n<meta property=\"og:locale\" content=\"cs_CZ\" \/>\n<meta property=\"og:type\" content=\"article\" \/>\n<meta property=\"og:title\" content=\"Original Bang Vape Box 20K Puff Disposable Vape - vapebulkp.com\" \/>\n<meta property=\"og:description\" content=\"Get the Bang Vape Box 20K Puff Vape Wholesale, a high-capacity 20000 Puffs Disposable Vape with smooth flavor and long-lasting battery. Order from EU warehouses now!\" \/>\n<meta property=\"og:url\" content=\"https:\/\/vapebulkp.com\/cs\/product\/original-bang-vape-box-20k-puff-disposable-vape\/\" \/>\n<meta property=\"og:site_name\" content=\"vapebulkp.com\" \/>\n<meta property=\"article:modified_time\" content=\"2025-09-24T03:18:03+00:00\" \/>\n<meta property=\"og:image\" content=\"http:\/\/vapebulkp.com\/wp-content\/uploads\/2024\/09\/Bang-Box-20k-Puff-Randm-Tornado-20k-VAPE.png\" \/>\n\t<meta property=\"og:image:width\" content=\"1277\" \/>\n\t<meta property=\"og:image:height\" content=\"1276\" \/>\n\t<meta property=\"og:image:type\" content=\"image\/png\" \/>\n<meta name=\"twitter:card\" content=\"summary_large_image\" \/>\n<meta name=\"twitter:label1\" content=\"Odhadovan\u00e1 doba \u010dten\u00ed\" \/>\n\t<meta name=\"twitter:data1\" content=\"4 minuty\" \/>\n<script type=\"application\/ld+json\" class=\"yoast-schema-graph\">{\"@context\":\"https:\/\/schema.org\",\"@graph\":[{\"@type\":\"WebPage\",\"@id\":\"https:\/\/vapebulkp.com\/product\/original-bang-vape-box-20k-puff-disposable-vape\/\",\"url\":\"https:\/\/vapebulkp.com\/product\/original-bang-vape-box-20k-puff-disposable-vape\/\",\"name\":\"Original Bang Vape Box 20K Puff Disposable Vape - vapebulkp.com\",\"isPartOf\":{\"@id\":\"https:\/\/vapebulkp.com\/#website\"},\"datePublished\":\"2024-09-21T08:54:07+00:00\",\"dateModified\":\"2025-09-24T03:18:03+00:00\",\"description\":\"Get the Bang Vape Box 20K Puff Vape Wholesale, a high-capacity 20000 Puffs Disposable Vape with smooth flavor and long-lasting battery. Order from EU warehouses now!\",\"breadcrumb\":{\"@id\":\"https:\/\/vapebulkp.com\/product\/original-bang-vape-box-20k-puff-disposable-vape\/#breadcrumb\"},\"inLanguage\":\"cs\",\"potentialAction\":[{\"@type\":\"ReadAction\",\"target\":[\"https:\/\/vapebulkp.com\/product\/original-bang-vape-box-20k-puff-disposable-vape\/\"]}]},{\"@type\":\"BreadcrumbList\",\"@id\":\"https:\/\/vapebulkp.com\/product\/original-bang-vape-box-20k-puff-disposable-vape\/#breadcrumb\",\"itemListElement\":[{\"@type\":\"ListItem\",\"position\":1,\"name\":\"Home\",\"item\":\"https:\/\/vapebulkp.com\/\"},{\"@type\":\"ListItem\",\"position\":2,\"name\":\"Hot Trend Vapes\",\"item\":\"https:\/\/vapebulkp.com\/vape-shop\/\"},{\"@type\":\"ListItem\",\"position\":3,\"name\":\"Original Bang Vape Box 20K Puff Disposable Vape\"}]},{\"@type\":\"WebSite\",\"@id\":\"https:\/\/vapebulkp.com\/#website\",\"url\":\"https:\/\/vapebulkp.com\/\",\"name\":\"vapebulkp.com\",\"description\":\"Buy Vape In Cheap Bulk Price Near you\",\"publisher\":{\"@id\":\"https:\/\/vapebulkp.com\/#organization\"},\"potentialAction\":[{\"@type\":\"SearchAction\",\"target\":{\"@type\":\"EntryPoint\",\"urlTemplate\":\"https:\/\/vapebulkp.com\/?s={search_term_string}\"},\"query-input\":\"required name=search_term_string\"}],\"inLanguage\":\"cs\"},{\"@type\":\"Organization\",\"@id\":\"https:\/\/vapebulkp.com\/#organization\",\"name\":\"vapebulkp.com\",\"url\":\"https:\/\/vapebulkp.com\/\",\"logo\":{\"@type\":\"ImageObject\",\"inLanguage\":\"cs\",\"@id\":\"https:\/\/vapebulkp.com\/#\/schema\/logo\/image\/\",\"url\":\"https:\/\/vapebulkp.com\/wp-content\/uploads\/2023\/09\/cropped-vapebulkp.png\",\"contentUrl\":\"https:\/\/vapebulkp.com\/wp-content\/uploads\/2023\/09\/cropped-vapebulkp.png\",\"width\":516,\"height\":163,\"caption\":\"vapebulkp.com\"},\"image\":{\"@id\":\"https:\/\/vapebulkp.com\/#\/schema\/logo\/image\/\"}}]}<\/script>\n<!-- \/ Yoast SEO plugin. -->","yoast_head_json":{"title":"Original Bang Vape Box 20K Puff Disposable Vape - vapebulkp.com","description":"Get the Bang Vape Box 20K Puff Vape Wholesale, a high-capacity 20000 Puffs Disposable Vape with smooth flavor and long-lasting battery. Order from EU warehouses now!","robots":{"index":"index","follow":"follow","max-snippet":"max-snippet:-1","max-image-preview":"max-image-preview:large","max-video-preview":"max-video-preview:-1"},"canonical":"https:\/\/vapebulkp.com\/cs\/product\/original-bang-vape-box-20k-puff-disposable-vape\/","og_locale":"cs_CZ","og_type":"article","og_title":"Original Bang Vape Box 20K Puff Disposable Vape - vapebulkp.com","og_description":"Get the Bang Vape Box 20K Puff Vape Wholesale, a high-capacity 20000 Puffs Disposable Vape with smooth flavor and long-lasting battery. Order from EU warehouses now!","og_url":"https:\/\/vapebulkp.com\/cs\/product\/original-bang-vape-box-20k-puff-disposable-vape\/","og_site_name":"vapebulkp.com","article_modified_time":"2025-09-24T03:18:03+00:00","og_image":[{"width":1277,"height":1276,"url":"http:\/\/vapebulkp.com\/wp-content\/uploads\/2024\/09\/Bang-Box-20k-Puff-Randm-Tornado-20k-VAPE.png","type":"image\/png"}],"twitter_card":"summary_large_image","twitter_misc":{"Odhadovan\u00e1 doba \u010dten\u00ed":"4 minuty"},"schema":{"@context":"https:\/\/schema.org","@graph":[{"@type":"WebPage","@id":"https:\/\/vapebulkp.com\/product\/original-bang-vape-box-20k-puff-disposable-vape\/","url":"https:\/\/vapebulkp.com\/product\/original-bang-vape-box-20k-puff-disposable-vape\/","name":"Original Bang Vape Box 20K Puff Disposable Vape - vapebulkp.com","isPartOf":{"@id":"https:\/\/vapebulkp.com\/#website"},"datePublished":"2024-09-21T08:54:07+00:00","dateModified":"2025-09-24T03:18:03+00:00","description":"Get the Bang Vape Box 20K Puff Vape Wholesale, a high-capacity 20000 Puffs Disposable Vape with smooth flavor and long-lasting battery. Order from EU warehouses now!","breadcrumb":{"@id":"https:\/\/vapebulkp.com\/product\/original-bang-vape-box-20k-puff-disposable-vape\/#breadcrumb"},"inLanguage":"cs","potentialAction":[{"@type":"ReadAction","target":["https:\/\/vapebulkp.com\/product\/original-bang-vape-box-20k-puff-disposable-vape\/"]}]},{"@type":"BreadcrumbList","@id":"https:\/\/vapebulkp.com\/product\/original-bang-vape-box-20k-puff-disposable-vape\/#breadcrumb","itemListElement":[{"@type":"ListItem","position":1,"name":"Home","item":"https:\/\/vapebulkp.com\/"},{"@type":"ListItem","position":2,"name":"Hot Trend Vapes","item":"https:\/\/vapebulkp.com\/vape-shop\/"},{"@type":"ListItem","position":3,"name":"Original Bang Vape Box 20K Puff Disposable Vape"}]},{"@type":"WebSite","@id":"https:\/\/vapebulkp.com\/#website","url":"https:\/\/vapebulkp.com\/","name":"vapebulkp.com","description":"Buy Vape In Cheap Bulk Price Near you","publisher":{"@id":"https:\/\/vapebulkp.com\/#organization"},"potentialAction":[{"@type":"SearchAction","target":{"@type":"EntryPoint","urlTemplate":"https:\/\/vapebulkp.com\/?s={search_term_string}"},"query-input":"required name=search_term_string"}],"inLanguage":"cs"},{"@type":"Organization","@id":"https:\/\/vapebulkp.com\/#organization","name":"vapebulkp.com","url":"https:\/\/vapebulkp.com\/","logo":{"@type":"ImageObject","inLanguage":"cs","@id":"https:\/\/vapebulkp.com\/#\/schema\/logo\/image\/","url":"https:\/\/vapebulkp.com\/wp-content\/uploads\/2023\/09\/cropped-vapebulkp.png","contentUrl":"https:\/\/vapebulkp.com\/wp-content\/uploads\/2023\/09\/cropped-vapebulkp.png","width":516,"height":163,"caption":"vapebulkp.com"},"image":{"@id":"https:\/\/vapebulkp.com\/#\/schema\/logo\/image\/"}}]}},"uagb_featured_image_src":{"full":["https:\/\/vapebulkp.com\/wp-content\/uploads\/2024\/09\/Bang-Box-20k-Puff-Randm-Tornado-20k-VAPE.png",1277,1276,false],"thumbnail":["https:\/\/vapebulkp.com\/wp-content\/uploads\/2024\/09\/Bang-Box-20k-Puff-Randm-Tornado-20k-VAPE-150x150.png",150,150,true],"medium":["https:\/\/vapebulkp.com\/wp-content\/uploads\/2024\/09\/Bang-Box-20k-Puff-Randm-Tornado-20k-VAPE-300x300.png",300,300,true],"medium_large":["https:\/\/vapebulkp.com\/wp-content\/uploads\/2024\/09\/Bang-Box-20k-Puff-Randm-Tornado-20k-VAPE-768x767.png",768,767,true],"large":["https:\/\/vapebulkp.com\/wp-content\/uploads\/2024\/09\/Bang-Box-20k-Puff-Randm-Tornado-20k-VAPE-1024x1024.png",1024,1024,true],"1536x1536":["https:\/\/vapebulkp.com\/wp-content\/uploads\/2024\/09\/Bang-Box-20k-Puff-Randm-Tornado-20k-VAPE.png",1277,1276,false],"2048x2048":["https:\/\/vapebulkp.com\/wp-content\/uploads\/2024\/09\/Bang-Box-20k-Puff-Randm-Tornado-20k-VAPE.png",1277,1276,false],"trp-custom-language-flag":["https:\/\/vapebulkp.com\/wp-content\/uploads\/2024\/09\/Bang-Box-20k-Puff-Randm-Tornado-20k-VAPE.png",12,12,false],"woocommerce_thumbnail":["https:\/\/vapebulkp.com\/wp-content\/uploads\/2024\/09\/Bang-Box-20k-Puff-Randm-Tornado-20k-VAPE-300x300.png",300,300,true],"woocommerce_single":["https:\/\/vapebulkp.com\/wp-content\/uploads\/2024\/09\/Bang-Box-20k-Puff-Randm-Tornado-20k-VAPE-600x600.png",600,600,true],"woocommerce_gallery_thumbnail":["https:\/\/vapebulkp.com\/wp-content\/uploads\/2024\/09\/Bang-Box-20k-Puff-Randm-Tornado-20k-VAPE-100x100.png",100,100,true],"wcpr-photo-reviews":["https:\/\/vapebulkp.com\/wp-content\/uploads\/2024\/09\/Bang-Box-20k-Puff-Randm-Tornado-20k-VAPE.png",500,500,false]},"uagb_author_info":{"display_name":"Mandy vape bulk price","author_link":"https:\/\/vapebulkp.com\/cs\/author\/"},"uagb_comment_info":0,"uagb_excerpt":"Bang Box 20000 Puffs High-capacity vape Extended-use disposable vape\u00a0 Bang Box 20000 Puffs Rechargeable disposable vape Pls Contact Mandy's WhatsApp For Discount Price+8618077105796 NOTE: Prices on our website does not include shipping costs &nbsp;","_links":{"self":[{"href":"https:\/\/vapebulkp.com\/cs\/wp-json\/wp\/v2\/product\/2920","targetHints":{"allow":["GET"]}}],"collection":[{"href":"https:\/\/vapebulkp.com\/cs\/wp-json\/wp\/v2\/product"}],"about":[{"href":"https:\/\/vapebulkp.com\/cs\/wp-json\/wp\/v2\/types\/product"}],"replies":[{"embeddable":true,"href":"https:\/\/vapebulkp.com\/cs\/wp-json\/wp\/v2\/comments?post=2920"}],"wp:featuredmedia":[{"embeddable":true,"href":"https:\/\/vapebulkp.com\/cs\/wp-json\/wp\/v2\/media\/2917"}],"wp:attachment":[{"href":"https:\/\/vapebulkp.com\/cs\/wp-json\/wp\/v2\/media?parent=2920"}],"wp:term":[{"taxonomy":"product_cat","embeddable":true,"href":"https:\/\/vapebulkp.com\/cs\/wp-json\/wp\/v2\/product_cat?post=2920"},{"taxonomy":"product_tag","embeddable":true,"href":"https:\/\/vapebulkp.com\/cs\/wp-json\/wp\/v2\/product_tag?post=2920"}],"curies":[{"name":"wp","href":"https:\/\/api.w.org\/{rel}","templated":true}]}}