{"id":2944,"date":"2024-09-25T11:22:53","date_gmt":"2024-09-25T09:22:53","guid":{"rendered":"https:\/\/vapebulkp.com\/?post_type=product&#038;p=2944"},"modified":"2025-09-24T05:18:39","modified_gmt":"2025-09-24T03:18:39","slug":"bang-box-s1-15000puff-europe-warehouse-bulk-price-vape","status":"publish","type":"product","link":"https:\/\/vapebulkp.com\/cs\/produkt\/bang-box-s1-15000puff-europe-warehouse-bulk-price-vape\/","title":{"rendered":"Bang Box S1-15000puffs Evropsk\u00fd sklad Velkoobchodn\u00ed cena Vape"},"content":{"rendered":"<h2 style=\"text-align: left\">Bang Box S1-15000puffs Evropsk\u00fd sklad Velkoobchodn\u00ed cena Vape<\/h2>\n<p data-start=\"405\" data-end=\"707\">Ten <strong data-start=\"459\" data-end=\"484\">Bang Box S1-15000 potah\u016f<\/strong> je <strong data-start=\"490\" data-end=\"529\">pr\u00e9miov\u00e1 jednor\u00e1zov\u00e1 vape s 15000 potahy<\/strong> vytvo\u0159eno pro \u010desk\u00fd trh s vape. Nap\u00e1jeno \u010distou kobaltovou bateri\u00ed 13450-650 s 5A vyb\u00edjen\u00edm, zaji\u0161\u0165uje stabiln\u00ed v\u00fdkon a spolehlivost pro vapov\u00e1n\u00ed s vysokou kapacitou.<\/p>\n<p data-start=\"709\" data-end=\"961\">S pokro\u010dil\u00fdm <strong data-start=\"728\" data-end=\"752\">technologie mesh c\u00edvky<\/strong> a j\u00e1drem s odporem 0,8\u03a9, dod\u00e1v\u00e1 hladkou produkci p\u00e1ry, bohatou chu\u0165 nikotinov\u00e9 soli a konzistentn\u00ed z\u00e1sahy do krku. Velk\u00e1 kapacita 25 ml e-liquidu podporuje <strong data-start=\"904\" data-end=\"934\">dlouhotrvaj\u00edc\u00ed vapov\u00e1n\u00ed<\/strong> s a\u017e 15 000 potahy.<\/p>\n<p data-start=\"963\" data-end=\"1199\">K dispozici v mnoha <strong data-start=\"985\" data-end=\"1014\">\u00a0p\u0159\u00edchut\u00edch vape<\/strong> jako jsou Strawberry Kiwi, Watermelon Ice, Blue Razz Ice a Mango Peach Watermelon, je <strong data-start=\"1103\" data-end=\"1128\">Bang Box S1-15000 potah\u016f<\/strong> navr\u017eeno pro vapery, kte\u0159\u00ed si cen\u00ed rozmanitosti p\u0159\u00edchut\u00ed a pr\u00e9miov\u00e9 kvality.<\/p>\n<p data-start=\"1201\" data-end=\"1415\">Ide\u00e1ln\u00ed pro <a href=\"https:\/\/vapebulkp.com\/cs\/ot-disposable-vapes-europe\/\"><strong data-start=\"1213\" data-end=\"1248\">velkoobchodn\u00ed objedn\u00e1vky vape v \u010cesk\u00e9 republice<\/strong><\/a>, tato <a href=\"https:\/\/vapebulkp.com\/cs\/kategorie-produktu\/15000-puffs-disposable-vape\/\"><strong>15000 pot\u00e1hnut\u00ed jednor\u00e1zov\u00e1 e-cigareta<\/strong><\/a> kombinuje pohodl\u00ed, v\u00fdkon a styl. Zas\u00edl\u00e1no p\u0159\u00edmo ze sklad\u016f v EU pro rychl\u00e9 dod\u00e1n\u00ed a d\u016fv\u011bryhodnou spolehlivost.<\/p>\n<h6 style=\"text-align: left\"><img decoding=\"async\" class=\"alignnone wp-image-2932\" src=\"http:\/\/vapebulkp.com\/wp-content\/uploads\/2024\/09\/Bang-Box-15k-puff-New-Bang-Vape-Germany.png\" alt=\"Bang Box 15k potah Nov\u00fd Bang Vape \u010cesk\u00e1 republika\" width=\"848\" height=\"477\" srcset=\"https:\/\/vapebulkp.com\/wp-content\/uploads\/2024\/09\/Bang-Box-15k-puff-New-Bang-Vape-Germany.png 1500w, https:\/\/vapebulkp.com\/wp-content\/uploads\/2024\/09\/Bang-Box-15k-puff-New-Bang-Vape-Germany-300x169.png 300w, https:\/\/vapebulkp.com\/wp-content\/uploads\/2024\/09\/Bang-Box-15k-puff-New-Bang-Vape-Germany-1024x576.png 1024w, https:\/\/vapebulkp.com\/wp-content\/uploads\/2024\/09\/Bang-Box-15k-puff-New-Bang-Vape-Germany-768x432.png 768w, https:\/\/vapebulkp.com\/wp-content\/uploads\/2024\/09\/Bang-Box-15k-puff-New-Bang-Vape-Germany-600x338.png 600w\" sizes=\"(max-width: 848px) 100vw, 848px\" \/><\/h6>\n<h6><\/h6>\n<h6>Pro slevu pros\u00edm kontaktujte Mandy p\u0159es WhatsApp<a href=\"https:\/\/wa.me\/8618077105796\">+8618077105796<\/a><\/h6>\n<p><img decoding=\"async\" class=\"alignnone wp-image-2151\" src=\"http:\/\/vapebulkp.com\/wp-content\/uploads\/2024\/04\/Mandy-WhatsApp-Randm.jpg\" alt=\"Mandy WhatsApp Randm\" width=\"287\" height=\"305\" srcset=\"https:\/\/vapebulkp.com\/wp-content\/uploads\/2024\/04\/Mandy-WhatsApp-Randm.jpg 916w, https:\/\/vapebulkp.com\/wp-content\/uploads\/2024\/04\/Mandy-WhatsApp-Randm-282x300.jpg 282w, https:\/\/vapebulkp.com\/wp-content\/uploads\/2024\/04\/Mandy-WhatsApp-Randm-768x817.jpg 768w, https:\/\/vapebulkp.com\/wp-content\/uploads\/2024\/04\/Mandy-WhatsApp-Randm-600x638.jpg 600w\" sizes=\"(max-width: 287px) 100vw, 287px\" \/><\/p>\n<h2>Mo\u017en\u00e1 byste se cht\u011bli dozv\u011bd\u011bt o p\u0159enosn\u00fdch sad\u00e1ch pro vape Bang Box S1-15000 potah\u016f:<\/h2>\n<p>&nbsp;<\/p>\n<h6><span style=\"color: #ff0000\"><strong>Q1: \u010c\u00edm se Bang Box S1-15000 potah\u016f odli\u0161uje na trhu jednor\u00e1zov\u00fdch vape?<\/strong><\/span><\/h6>\n<p>&nbsp;<\/p>\n<p><strong>A:<\/strong> Bang Box S1-15000 potah\u016f se vyzna\u010duje svou robustn\u00ed \u010distou kobaltovou bateri\u00ed 13450-650, kter\u00e1 nab\u00edz\u00ed v\u00fdkonn\u00e9 5A vyb\u00edjen\u00ed. To, v kombinaci s jeho velkorysou kapacitou 25 ml oleje a pokro\u010dil\u00fdm j\u00e1drem ze s\u00ed\u0165oviny s odporem 0,8 ohmu, zaji\u0161\u0165uje dlouhotrvaj\u00edc\u00ed a chutn\u00fd z\u00e1\u017eitek z vapov\u00e1n\u00ed.<\/p>\n<h6><span style=\"color: #ff0000\">Q2: Kolik pot\u00e1hnut\u00ed mohu o\u010dek\u00e1vat od Bang Box S1-15000 Puffs?<\/span><\/h6>\n<p>&nbsp;<\/p>\n<p><strong>A:<\/strong> Jak n\u00e1zev napov\u00edd\u00e1, tato e-cigareta poskytuje p\u016fsobiv\u00fdch 15 000 pot\u00e1hnut\u00ed, co\u017e z n\u00ed \u010din\u00ed vynikaj\u00edc\u00ed volbu pro ty, kte\u0159\u00ed hledaj\u00ed<strong> jednor\u00e1zov\u00fd vape s vysokou kapacitou<\/strong> kter\u00e1 vydr\u017e\u00ed d\u00e9le ne\u017e typick\u00e9 mo\u017enosti dostupn\u00e9 v \u010cesk\u00e9 republice.<\/p>\n<h6><span style=\"color: #ff0000\"><strong>Q3: Je Bang Box S1-15000 Puffs snadn\u00fd na pou\u017e\u00edv\u00e1n\u00ed pro za\u010d\u00e1te\u010dn\u00edky?<\/strong><\/span><\/h6>\n<p><strong>A:<\/strong> Ur\u010dit\u011b! Navr\u017een\u00fd pro pohodl\u00ed, tento <strong>Bang vaporiz\u00e9r<\/strong> je ide\u00e1ln\u00ed jak pro za\u010d\u00e1te\u010dn\u00edky, tak pro zku\u0161en\u00e9 u\u017eivatele. Jeho jednoduch\u00e1 obsluha z n\u011bj d\u011bl\u00e1 obl\u00edbenou volbu pro ty, kte\u0159\u00ed s vapingem v \u010cesk\u00e9 republice za\u010d\u00ednaj\u00ed.<\/p>\n<h6><span style=\"color: #ff0000\"><strong>Q4: Kde mohu koupit Bang Box S1-15000 Puffs Vape Kit v \u010cesk\u00e9 republice?<\/strong><\/span><\/h6>\n<p><strong>A:<\/strong> Bang Box S1-15000 Puffs najdete u r\u016fzn\u00fdch online prodejc\u016f a v m\u00edstn\u00edch obchodech s e-cigaretami. Hledejte renomovan\u00e9 dodavatele, kte\u0159\u00ed se zam\u011b\u0159uj\u00ed na <strong>vysoce kvalitn\u00ed jednor\u00e1zov\u00e9 e-cigarety<\/strong> abyste si zajistili ten nejlep\u0161\u00ed z\u00e1\u017eitek.<\/p>\n<h6><span style=\"color: #ff0000\"><strong>Q5: M\u00e1 Bang Box S1-15000 Puffs n\u011bjak\u00e9 speci\u00e1ln\u00ed funkce, kter\u00e9 vylep\u0161\u00ed m\u016fj z\u00e1\u017eitek z vapingu?<\/strong><\/span><\/h6>\n<p><strong>A:<\/strong> Ano! Bang Box S1-15000 Puffs je vybaven \u0161pi\u010dkov\u00fdm mesh j\u00e1drem, kter\u00e9 zlep\u0161uje pod\u00e1n\u00ed chuti a produkci p\u00e1ry. Tato inovativn\u00ed technologie z n\u011bj d\u011bl\u00e1 obl\u00edbenou volbu mezi vapery, kte\u0159\u00ed hledaj\u00ed bohat\u00e9 a uspokojiv\u00e9 p\u0159\u00edchut\u011b.<\/p>\n<h3>\u00a0Velkoobchodn\u00ed prodej Vape Bang Box S1-15000 Puffs Pod Vlastnosti:<\/h3>\n<p>A\u017e 15000 pot\u00e1hnut\u00ed<br \/>\nKapalina: 25 ml e-liquidu<br \/>\nNic: 0% 2% 3% 5%<br \/>\nTypy: Jednor\u00e1zov\u00e9<br \/>\n650mAh baterie<br \/>\nDob\u00edjec\u00ed p\u0159es Type-c<br \/>\n1.0 mesh spir\u00e1lka<br \/>\nLED barevn\u00e9 sv\u011btlo<\/p>\n<p>&nbsp;<\/p>\n<h3><strong>dlouhotrvaj\u00edc\u00ed p\u0159\u00edchut\u011b <\/strong>Bang Box S1-15000 Puffs Rozmanitost p\u0159\u00edchut\u00ed:<\/h3>\n<p>1.Jahoda kiwi<br \/>\n2.Broskvov\u00fd led<br \/>\n3. Jahodov\u00fd meloun<br \/>\n4.Malina meloun<br \/>\n5.Trojit\u00e9 bobulov\u00e9 ledov\u00e9<br \/>\n6. meloun led<br \/>\n7.jahoda mango<br \/>\n8.Mango broskev meloun<br \/>\n9.Modr\u00e1 malina led<br \/>\n10. Pan modr\u00fd<br \/>\n11.\u010dern\u00fd dra\u010d\u00ed led<br \/>\n12.Jahoda HROZNY<\/p>\n<p><a href=\"https:\/\/vapebulkp.com\/cs\/produkt\/popular-randm-tornado-7000puffs-disposable-vape-best-price\/\"><span style=\"vertical-align: inherit\">RandM Tornado 7000 potah\u016f <\/span><\/a><\/p>\n<p><span style=\"vertical-align: inherit\">Najd\u011bte dal\u0161\u00ed produkty, kter\u00e9 by se v\u00e1m mohly l\u00edbit:<\/span><em><a href=\"https:\/\/wa.me\/8618077105796\"><span style=\"vertical-align: inherit\">\u00a0Kupte to te\u010f<\/span><\/a><\/em><\/p>\n<p><span style=\"vertical-align: inherit\">Dal\u0161\u00ed potahy, kter\u00e9 by se v\u00e1m mohly l\u00edbit:<\/span><a href=\"https:\/\/vapebulkp.com\/cs\/produkt\/joymy-ultra15000puffs-best-disposable-vape-2023\/\"><span style=\"vertical-align: inherit\">JOYMY 15000 potah\u016f<\/span><\/a><span style=\"vertical-align: inherit\">\u3001<\/span><a href=\"https:\/\/vapebulkp.com\/cs\/produkt\/wholesale-randm-tornado-9000-puffs-germany\/\"><span style=\"vertical-align: inherit\">RandM 9000 potah\u016f<\/span><\/a><span style=\"vertical-align: inherit\">\/ <\/span><a href=\"https:\/\/vapebulkp.com\/cs\/produkt\/bang-king-12000puffs\/\"><span style=\"vertical-align: inherit\">Bang King 12000 pot\u00e1hnut\u00ed<\/span><\/a><span style=\"vertical-align: inherit\">\/ <\/span><a href=\"https:\/\/vapebulkp.com\/cs\/produkt\/wholesale-tornado-rum-bar-9000-puffs-sweden\/\"><span style=\"vertical-align: inherit\">Rumbar 9000 potah\u016f<\/span><\/a><\/p>\n<p><span style=\"vertical-align: inherit\">E-cigaretov\u00e1 l\u00e1hev speci\u00e1ln\u00edho tvaru:<\/span><a href=\"https:\/\/vapebulkp.com\/cs\/produkt\/wholesale-kulx-8000-puffs-disposable-vape\/\"><span style=\"vertical-align: inherit\">\u00a0Kulx 8000 potah\u016f<\/span><\/a><span style=\"vertical-align: inherit\">\/ <\/span><a href=\"https:\/\/vapebulkp.com\/cs\/produkt\/popular-bang-king-10000-puffs-vape-good-price\/\"><span style=\"vertical-align: inherit\">\u00a0Bang King 10000 potah\u016f <\/span><\/a><span style=\"vertical-align: inherit\">\/<\/span><a href=\"https:\/\/vapebulkp.com\/cs\/produkt\/disposable-vape-crystal-600-puffs\/\"><span style=\"vertical-align: inherit\"> Crystal 600 potah\u016f<\/span><\/a><\/p>\n<h5>Kvalifikace v\u00fdroby:<\/h5>\n<p><img decoding=\"async\" class=\"alignnone size-full wp-image-1841\" src=\"http:\/\/vapebulkp.com\/wp-content\/uploads\/2023\/11\/Vape-production-process-2.jpeg\" alt=\"Proces v\u00fdroby vape\" width=\"650\" height=\"434\" srcset=\"https:\/\/vapebulkp.com\/wp-content\/uploads\/2023\/11\/Vape-production-process-2.jpeg 650w, https:\/\/vapebulkp.com\/wp-content\/uploads\/2023\/11\/Vape-production-process-2-300x200.jpeg 300w, https:\/\/vapebulkp.com\/wp-content\/uploads\/2023\/11\/Vape-production-process-2-600x401.jpeg 600w\" sizes=\"(max-width: 650px) 100vw, 650px\" \/><\/p>\n<p><img decoding=\"async\" class=\"alignnone size-full wp-image-1843\" src=\"http:\/\/vapebulkp.com\/wp-content\/uploads\/2023\/11\/Vape-production-process.jpeg\" alt=\"Proces v\u00fdroby vape\" width=\"641\" height=\"1026\" srcset=\"https:\/\/vapebulkp.com\/wp-content\/uploads\/2023\/11\/Vape-production-process.jpeg 641w, https:\/\/vapebulkp.com\/wp-content\/uploads\/2023\/11\/Vape-production-process-187x300.jpeg 187w, https:\/\/vapebulkp.com\/wp-content\/uploads\/2023\/11\/Vape-production-process-640x1024.jpeg 640w, https:\/\/vapebulkp.com\/wp-content\/uploads\/2023\/11\/Vape-production-process-600x960.jpeg 600w\" sizes=\"(max-width: 641px) 100vw, 641px\" \/><\/p>\n<h5>Nej\u010dast\u011bj\u0161\u00ed dotazy:<\/h5>\n<p>Ot\u00e1zka: Jak\u00e9 je minim\u00e1ln\u00ed mno\u017estv\u00ed pro za\u010d\u00e1te\u010dn\u00edky s vapovac\u00edmi za\u0159\u00edzen\u00edmi Bang Box S1-15000puff?<br \/>\nOdpov\u011b\u010f: Minim\u00e1ln\u00ed objedn\u00e1vka je 50 kus\u016f.<br \/>\nOt\u00e1zka: Jak\u00e1 je dodac\u00ed lh\u016fta pro objednan\u00e9 elektronick\u00e9 cigarety?<br \/>\nOdpov\u011b\u010f: Obvykle je to 10-15 dn\u00ed po odesl\u00e1n\u00ed.<br \/>\nOt\u00e1zka: Kolik stoj\u00ed doprava? Odpov\u011b\u010f: Cena dopravy z\u00e1vis\u00ed na hmotnosti. R\u016fzn\u00e1 mno\u017estv\u00ed maj\u00ed r\u016fzn\u00e9 n\u00e1klady na dopravu, kontaktujte n\u00e1s pros\u00edm pro potvrzen\u00ed n\u00e1klad\u016f na dopravu.<\/p>\n<h4>Podrobnosti o p\u0159eprav\u011b:<\/h4>\n<p><span style=\"color: #ff6600\">Doba v\u00fdroby: 5-10 pracovn\u00edch dn\u016f<\/span><br \/>\n<span style=\"color: #ff6600\">Doba p\u0159epravy: 8-14 pracovn\u00edch dn\u016f<\/span><\/p>\n<p>V\u0161echny produkty v na\u0161em obchod\u011b jsou 100% origin\u00e1ln\u00ed a autentick\u00e9, tak\u017ee desetin\u00e1sobn\u00e1 n\u00e1hrada za pad\u011blky je na\u0161\u00ed obchodn\u00ed politikou. K doru\u010den\u00ed zbo\u017e\u00ed pou\u017e\u00edv\u00e1me logistick\u00e9 kan\u00e1ly jako UPS\/DHL\/FEDEX\/DPD.<\/p>\n<p>Pro z\u00e1silky odeslan\u00e9 do \u010cesk\u00e9 republiky obvykle trv\u00e1 doru\u010den\u00ed 10 pracovn\u00edch dn\u016f. Doru\u010den\u00ed do evropsk\u00fdch zem\u00ed obvykle trv\u00e1 12 a\u017e 15 pracovn\u00edch dn\u016f. Logistick\u00e9 informace pro v\u00e1s budeme aktualizovat v re\u00e1ln\u00e9m \u010dase.<\/p>","protected":false},"excerpt":{"rendered":"<p>Pohodln\u00e9 balen\u00ed vape sad Bang Box 15000 potah\u016f<\/p>\n<p>Bang Box S1-15000 potah\u016f U\u017eivatelsky p\u0159\u00edv\u011btiv\u00e9 vapov\u00e1n\u00ed<\/p>\n<p>&nbsp;<\/p>\n<p><img decoding=\"async\" class=\"alignnone wp-image-2151\" src=\"http:\/\/vapebulkp.com\/wp-content\/uploads\/2024\/04\/Mandy-WhatsApp-Randm.jpg\" alt=\"Mandy WhatsApp Randm\" width=\"234\" height=\"249\" srcset=\"https:\/\/vapebulkp.com\/wp-content\/uploads\/2024\/04\/Mandy-WhatsApp-Randm.jpg 916w, https:\/\/vapebulkp.com\/wp-content\/uploads\/2024\/04\/Mandy-WhatsApp-Randm-282x300.jpg 282w, https:\/\/vapebulkp.com\/wp-content\/uploads\/2024\/04\/Mandy-WhatsApp-Randm-768x817.jpg 768w, https:\/\/vapebulkp.com\/wp-content\/uploads\/2024\/04\/Mandy-WhatsApp-Randm-600x638.jpg 600w\" sizes=\"(max-width: 234px) 100vw, 234px\" \/><\/p>\n<p>Pro slevu pros\u00edm kontaktujte Mandy p\u0159es WhatsApp<a href=\"https:\/\/wa.me\/8618077105796\">+8618077105796<\/a><\/p>\n<p><span style=\"color: #ff0000\">POZN\u00c1MKA: Ceny na na\u0161em webu nezahrnuj\u00ed n\u00e1klady na dopravu<\/span><\/p>\n<p>&nbsp;<\/p>","protected":false},"featured_media":2932,"comment_status":"open","ping_status":"closed","template":"","meta":{"_uag_custom_page_level_css":"","_lmt_disableupdate":"no","_lmt_disable":"","site-sidebar-layout":"default","site-content-layout":"content-boxed-container","ast-site-content-layout":"normal-width-container","site-content-style":"boxed","site-sidebar-style":"unboxed","ast-global-header-display":"","ast-banner-title-visibility":"","ast-main-header-display":"","ast-hfb-above-header-display":"","ast-hfb-below-header-display":"","ast-hfb-mobile-header-display":"","site-post-title":"","ast-breadcrumbs-content":"","ast-featured-img":"","footer-sml-layout":"","theme-transparent-header-meta":"default","adv-header-id-meta":"","stick-header-meta":"","header-above-stick-meta":"","header-main-stick-meta":"","header-below-stick-meta":"","astra-migrate-meta-layouts":"set","_joinchat":[]},"product_cat":[165,153,345,155,33,59,100,34,158,157,154,152,58,84,156,63,32],"product_tag":[36,37,41,40],"class_list":["post-2944","product","type-product","status-publish","has-post-thumbnail","hentry","product_cat-15000-puffs-disposable-vape","product_cat-hot-disposable-vapes","product_cat-bang-vapes","product_cat-belgium-hot-disposable-vapes","product_cat-france-vape-hot-sale","product_cat-germany-hot-disposable-vape","product_cat-germany-wholesale-vape-shop","product_cat-netherlands-vape-good-sale","product_cat-norway-hot-disposable-vapes","product_cat-poland-hot-disposable-vapes","product_cat-portugal-hot-disposable-vapes","product_cat-spain-hot-disposable-vapes","product_cat-sweden-hot-disposable-vape","product_cat-sweden-wholesale-vape","product_cat-switzerland-hot-disposable-vapes","product_cat-top-sale-disposable-vape","product_cat-vape-hot-sale-this-week","product_tag-good-vape","product_tag-hot-sale-disposable-vape","product_tag-poland-hot-vape","product_tag-sweden-hot-vape","pa_brand-bang-vape","desktop-align-left","tablet-align-left","mobile-align-left"],"yoast_head":"<!-- This site is optimized with the Yoast SEO plugin v21.1 - https:\/\/yoast.com\/wordpress\/plugins\/seo\/ -->\n<title>Bang Box S1-15000puff Europe Warehouse Bulk Price Vape - vapebulkp.com<\/title>\n<meta name=\"description\" content=\"Order the Bang Box S1-15000puff, a premium 15000 Puffs Disposable Vape with mesh coil and rich flavors. EU warehouse shipping \u2014 buy wholesale today!\" \/>\n<meta name=\"robots\" content=\"index, follow, max-snippet:-1, max-image-preview:large, max-video-preview:-1\" \/>\n<link rel=\"canonical\" href=\"https:\/\/vapebulkp.com\/cs\/produkt\/bang-box-s1-15000puff-europe-warehouse-bulk-price-vape\/\" \/>\n<meta property=\"og:locale\" content=\"cs_CZ\" \/>\n<meta property=\"og:type\" content=\"article\" \/>\n<meta property=\"og:title\" content=\"Bang Box S1-15000puff Europe Warehouse Bulk Price Vape - vapebulkp.com\" \/>\n<meta property=\"og:description\" content=\"Order the Bang Box S1-15000puff, a premium 15000 Puffs Disposable Vape with mesh coil and rich flavors. EU warehouse shipping \u2014 buy wholesale today!\" \/>\n<meta property=\"og:url\" content=\"https:\/\/vapebulkp.com\/cs\/produkt\/bang-box-s1-15000puff-europe-warehouse-bulk-price-vape\/\" \/>\n<meta property=\"og:site_name\" content=\"vapebulkp.com\" \/>\n<meta property=\"article:modified_time\" content=\"2025-09-24T03:18:39+00:00\" \/>\n<meta property=\"og:image\" content=\"http:\/\/vapebulkp.com\/wp-content\/uploads\/2024\/09\/Bang-Box-15k-puff-New-Bang-Vape-Germany.png\" \/>\n\t<meta property=\"og:image:width\" content=\"1500\" \/>\n\t<meta property=\"og:image:height\" content=\"844\" \/>\n\t<meta property=\"og:image:type\" content=\"image\/png\" \/>\n<meta name=\"twitter:card\" content=\"summary_large_image\" \/>\n<meta name=\"twitter:label1\" content=\"Odhadovan\u00e1 doba \u010dten\u00ed\" \/>\n\t<meta name=\"twitter:data1\" content=\"4 minuty\" \/>\n<script type=\"application\/ld+json\" class=\"yoast-schema-graph\">{\"@context\":\"https:\/\/schema.org\",\"@graph\":[{\"@type\":\"WebPage\",\"@id\":\"https:\/\/vapebulkp.com\/product\/bang-box-s1-15000puff-europe-warehouse-bulk-price-vape\/\",\"url\":\"https:\/\/vapebulkp.com\/product\/bang-box-s1-15000puff-europe-warehouse-bulk-price-vape\/\",\"name\":\"Bang Box S1-15000puff Europe Warehouse Bulk Price Vape - vapebulkp.com\",\"isPartOf\":{\"@id\":\"https:\/\/vapebulkp.com\/#website\"},\"datePublished\":\"2024-09-25T09:22:53+00:00\",\"dateModified\":\"2025-09-24T03:18:39+00:00\",\"description\":\"Order the Bang Box S1-15000puff, a premium 15000 Puffs Disposable Vape with mesh coil and rich flavors. EU warehouse shipping \u2014 buy wholesale today!\",\"breadcrumb\":{\"@id\":\"https:\/\/vapebulkp.com\/product\/bang-box-s1-15000puff-europe-warehouse-bulk-price-vape\/#breadcrumb\"},\"inLanguage\":\"cs\",\"potentialAction\":[{\"@type\":\"ReadAction\",\"target\":[\"https:\/\/vapebulkp.com\/product\/bang-box-s1-15000puff-europe-warehouse-bulk-price-vape\/\"]}]},{\"@type\":\"BreadcrumbList\",\"@id\":\"https:\/\/vapebulkp.com\/product\/bang-box-s1-15000puff-europe-warehouse-bulk-price-vape\/#breadcrumb\",\"itemListElement\":[{\"@type\":\"ListItem\",\"position\":1,\"name\":\"Home\",\"item\":\"https:\/\/vapebulkp.com\/\"},{\"@type\":\"ListItem\",\"position\":2,\"name\":\"Hot Trend Vapes\",\"item\":\"https:\/\/vapebulkp.com\/vape-shop\/\"},{\"@type\":\"ListItem\",\"position\":3,\"name\":\"Bang Box S1-15000puff Europe Warehouse Bulk Price Vape\"}]},{\"@type\":\"WebSite\",\"@id\":\"https:\/\/vapebulkp.com\/#website\",\"url\":\"https:\/\/vapebulkp.com\/\",\"name\":\"vapebulkp.com\",\"description\":\"Buy Vape In Cheap Bulk Price Near you\",\"publisher\":{\"@id\":\"https:\/\/vapebulkp.com\/#organization\"},\"potentialAction\":[{\"@type\":\"SearchAction\",\"target\":{\"@type\":\"EntryPoint\",\"urlTemplate\":\"https:\/\/vapebulkp.com\/?s={search_term_string}\"},\"query-input\":\"required name=search_term_string\"}],\"inLanguage\":\"cs\"},{\"@type\":\"Organization\",\"@id\":\"https:\/\/vapebulkp.com\/#organization\",\"name\":\"vapebulkp.com\",\"url\":\"https:\/\/vapebulkp.com\/\",\"logo\":{\"@type\":\"ImageObject\",\"inLanguage\":\"cs\",\"@id\":\"https:\/\/vapebulkp.com\/#\/schema\/logo\/image\/\",\"url\":\"https:\/\/vapebulkp.com\/wp-content\/uploads\/2023\/09\/cropped-vapebulkp.png\",\"contentUrl\":\"https:\/\/vapebulkp.com\/wp-content\/uploads\/2023\/09\/cropped-vapebulkp.png\",\"width\":516,\"height\":163,\"caption\":\"vapebulkp.com\"},\"image\":{\"@id\":\"https:\/\/vapebulkp.com\/#\/schema\/logo\/image\/\"}}]}<\/script>\n<!-- \/ Yoast SEO plugin. -->","yoast_head_json":{"title":"Bang Box S1-15000puff Europe Warehouse Bulk Price Vape - vapebulkp.com","description":"Order the Bang Box S1-15000puff, a premium 15000 Puffs Disposable Vape with mesh coil and rich flavors. EU warehouse shipping \u2014 buy wholesale today!","robots":{"index":"index","follow":"follow","max-snippet":"max-snippet:-1","max-image-preview":"max-image-preview:large","max-video-preview":"max-video-preview:-1"},"canonical":"https:\/\/vapebulkp.com\/cs\/produkt\/bang-box-s1-15000puff-europe-warehouse-bulk-price-vape\/","og_locale":"cs_CZ","og_type":"article","og_title":"Bang Box S1-15000puff Europe Warehouse Bulk Price Vape - vapebulkp.com","og_description":"Order the Bang Box S1-15000puff, a premium 15000 Puffs Disposable Vape with mesh coil and rich flavors. EU warehouse shipping \u2014 buy wholesale today!","og_url":"https:\/\/vapebulkp.com\/cs\/produkt\/bang-box-s1-15000puff-europe-warehouse-bulk-price-vape\/","og_site_name":"vapebulkp.com","article_modified_time":"2025-09-24T03:18:39+00:00","og_image":[{"width":1500,"height":844,"url":"http:\/\/vapebulkp.com\/wp-content\/uploads\/2024\/09\/Bang-Box-15k-puff-New-Bang-Vape-Germany.png","type":"image\/png"}],"twitter_card":"summary_large_image","twitter_misc":{"Odhadovan\u00e1 doba \u010dten\u00ed":"4 minuty"},"schema":{"@context":"https:\/\/schema.org","@graph":[{"@type":"WebPage","@id":"https:\/\/vapebulkp.com\/product\/bang-box-s1-15000puff-europe-warehouse-bulk-price-vape\/","url":"https:\/\/vapebulkp.com\/product\/bang-box-s1-15000puff-europe-warehouse-bulk-price-vape\/","name":"Bang Box S1-15000puff Europe Warehouse Bulk Price Vape - vapebulkp.com","isPartOf":{"@id":"https:\/\/vapebulkp.com\/#website"},"datePublished":"2024-09-25T09:22:53+00:00","dateModified":"2025-09-24T03:18:39+00:00","description":"Order the Bang Box S1-15000puff, a premium 15000 Puffs Disposable Vape with mesh coil and rich flavors. EU warehouse shipping \u2014 buy wholesale today!","breadcrumb":{"@id":"https:\/\/vapebulkp.com\/product\/bang-box-s1-15000puff-europe-warehouse-bulk-price-vape\/#breadcrumb"},"inLanguage":"cs","potentialAction":[{"@type":"ReadAction","target":["https:\/\/vapebulkp.com\/product\/bang-box-s1-15000puff-europe-warehouse-bulk-price-vape\/"]}]},{"@type":"BreadcrumbList","@id":"https:\/\/vapebulkp.com\/product\/bang-box-s1-15000puff-europe-warehouse-bulk-price-vape\/#breadcrumb","itemListElement":[{"@type":"ListItem","position":1,"name":"Home","item":"https:\/\/vapebulkp.com\/"},{"@type":"ListItem","position":2,"name":"Hot Trend Vapes","item":"https:\/\/vapebulkp.com\/vape-shop\/"},{"@type":"ListItem","position":3,"name":"Bang Box S1-15000puff Europe Warehouse Bulk Price Vape"}]},{"@type":"WebSite","@id":"https:\/\/vapebulkp.com\/#website","url":"https:\/\/vapebulkp.com\/","name":"vapebulkp.com","description":"Buy Vape In Cheap Bulk Price Near you","publisher":{"@id":"https:\/\/vapebulkp.com\/#organization"},"potentialAction":[{"@type":"SearchAction","target":{"@type":"EntryPoint","urlTemplate":"https:\/\/vapebulkp.com\/?s={search_term_string}"},"query-input":"required name=search_term_string"}],"inLanguage":"cs"},{"@type":"Organization","@id":"https:\/\/vapebulkp.com\/#organization","name":"vapebulkp.com","url":"https:\/\/vapebulkp.com\/","logo":{"@type":"ImageObject","inLanguage":"cs","@id":"https:\/\/vapebulkp.com\/#\/schema\/logo\/image\/","url":"https:\/\/vapebulkp.com\/wp-content\/uploads\/2023\/09\/cropped-vapebulkp.png","contentUrl":"https:\/\/vapebulkp.com\/wp-content\/uploads\/2023\/09\/cropped-vapebulkp.png","width":516,"height":163,"caption":"vapebulkp.com"},"image":{"@id":"https:\/\/vapebulkp.com\/#\/schema\/logo\/image\/"}}]}},"uagb_featured_image_src":{"full":["https:\/\/vapebulkp.com\/wp-content\/uploads\/2024\/09\/Bang-Box-15k-puff-New-Bang-Vape-Germany.png",1500,844,false],"thumbnail":["https:\/\/vapebulkp.com\/wp-content\/uploads\/2024\/09\/Bang-Box-15k-puff-New-Bang-Vape-Germany-150x150.png",150,150,true],"medium":["https:\/\/vapebulkp.com\/wp-content\/uploads\/2024\/09\/Bang-Box-15k-puff-New-Bang-Vape-Germany-300x169.png",300,169,true],"medium_large":["https:\/\/vapebulkp.com\/wp-content\/uploads\/2024\/09\/Bang-Box-15k-puff-New-Bang-Vape-Germany-768x432.png",768,432,true],"large":["https:\/\/vapebulkp.com\/wp-content\/uploads\/2024\/09\/Bang-Box-15k-puff-New-Bang-Vape-Germany-1024x576.png",1024,576,true],"1536x1536":["https:\/\/vapebulkp.com\/wp-content\/uploads\/2024\/09\/Bang-Box-15k-puff-New-Bang-Vape-Germany.png",1500,844,false],"2048x2048":["https:\/\/vapebulkp.com\/wp-content\/uploads\/2024\/09\/Bang-Box-15k-puff-New-Bang-Vape-Germany.png",1500,844,false],"trp-custom-language-flag":["https:\/\/vapebulkp.com\/wp-content\/uploads\/2024\/09\/Bang-Box-15k-puff-New-Bang-Vape-Germany.png",18,10,false],"woocommerce_thumbnail":["https:\/\/vapebulkp.com\/wp-content\/uploads\/2024\/09\/Bang-Box-15k-puff-New-Bang-Vape-Germany-300x300.png",300,300,true],"woocommerce_single":["https:\/\/vapebulkp.com\/wp-content\/uploads\/2024\/09\/Bang-Box-15k-puff-New-Bang-Vape-Germany-600x338.png",600,338,true],"woocommerce_gallery_thumbnail":["https:\/\/vapebulkp.com\/wp-content\/uploads\/2024\/09\/Bang-Box-15k-puff-New-Bang-Vape-Germany-100x100.png",100,100,true],"wcpr-photo-reviews":["https:\/\/vapebulkp.com\/wp-content\/uploads\/2024\/09\/Bang-Box-15k-puff-New-Bang-Vape-Germany.png",500,281,false]},"uagb_author_info":{"display_name":"Mandy vape bulk price","author_link":"https:\/\/vapebulkp.com\/cs\/author\/"},"uagb_comment_info":0,"uagb_excerpt":"Convenient vape packaging Bang Box\u00a0 15000 puff vape kits Bang Box\u00a0S1-15000puff\u00a0User-friendly vaping &nbsp; Pls Contact Mandy's WhatsApp For Discount Price+8618077105796 NOTE: Prices on our website does not include shipping costs &nbsp;","_links":{"self":[{"href":"https:\/\/vapebulkp.com\/cs\/wp-json\/wp\/v2\/product\/2944","targetHints":{"allow":["GET"]}}],"collection":[{"href":"https:\/\/vapebulkp.com\/cs\/wp-json\/wp\/v2\/product"}],"about":[{"href":"https:\/\/vapebulkp.com\/cs\/wp-json\/wp\/v2\/types\/product"}],"replies":[{"embeddable":true,"href":"https:\/\/vapebulkp.com\/cs\/wp-json\/wp\/v2\/comments?post=2944"}],"wp:featuredmedia":[{"embeddable":true,"href":"https:\/\/vapebulkp.com\/cs\/wp-json\/wp\/v2\/media\/2932"}],"wp:attachment":[{"href":"https:\/\/vapebulkp.com\/cs\/wp-json\/wp\/v2\/media?parent=2944"}],"wp:term":[{"taxonomy":"product_cat","embeddable":true,"href":"https:\/\/vapebulkp.com\/cs\/wp-json\/wp\/v2\/product_cat?post=2944"},{"taxonomy":"product_tag","embeddable":true,"href":"https:\/\/vapebulkp.com\/cs\/wp-json\/wp\/v2\/product_tag?post=2944"}],"curies":[{"name":"wp","href":"https:\/\/api.w.org\/{rel}","templated":true}]}}