{"id":3142,"date":"2024-11-21T03:48:22","date_gmt":"2024-11-21T02:48:22","guid":{"rendered":"https:\/\/vapebulkp.com\/?post_type=product&#038;p=3142"},"modified":"2025-09-24T05:17:50","modified_gmt":"2025-09-24T03:17:50","slug":"waspe-vape-40000-puff-fihp-double-flavour-disposable-vape","status":"publish","type":"product","link":"https:\/\/vapebulkp.com\/cs\/product\/waspe-vape-40000-puff-fihp-double-flavour-disposable-vape\/","title":{"rendered":"WASPE Vape 40000 PUFF FIHP DVOJIT\u00c1 P\u0158\u00cdCHU\u0164 Jednor\u00e1zov\u00e1 vapa"},"content":{"rendered":"<h2 style=\"text-align: left\">WASPE Vape 40000 PUFF FIHP DVOJIT\u00c1 P\u0158\u00cdCHU\u0164 Jednor\u00e1zov\u00e1 vapa<\/h2>\n<p>&nbsp;<\/p>\n<p>Ten <b>WASPE Vape 40000 POTAH\u016e<\/b> stanovuje nov\u00fd standard pro v\u00fdkon a v\u0161estrannost. Toto pokro\u010dil\u00e9 <a href=\"https:\/\/vapebulkp.com\/cs\/product-category\/40000-puffs-disposable-vape\/\"><b>40000 pot\u00e1hnut\u00ed jednor\u00e1zov\u00e1 e-cigareta<\/b><\/a> je vyrobeno pro modern\u00edho evropsk\u00e9ho vapera a nab\u00edz\u00ed monument\u00e1ln\u00ed <b>kapacitu 40 000 potah\u016f<\/b> s revolu\u010dn\u00edm syst\u00e9mem dvojit\u00fdch p\u0159\u00edchut\u00ed. S masivn\u00ed 36ml n\u00e1dr\u017ekou na e-liquid a dv\u011bma 0,9\u03a9 mesh spir\u00e1lkami z\u00edsk\u00e1te konzistentn\u00ed, bohatou chu\u0165 a p\u016fsobivou p\u00e1ru ze dvou odli\u0161n\u00fdch profil\u016f v jednom za\u0159\u00edzen\u00ed.<\/p>\n<p>Integrovan\u00e1 850mAh dob\u00edjec\u00ed baterie a nab\u00edjen\u00ed p\u0159es Type-C poskytuj\u00ed spolehliv\u00fd v\u00fdkon pro del\u0161\u00ed pou\u017e\u00edv\u00e1n\u00ed. Tento <strong><a href=\"https:\/\/vapebulkp.com\/cs\/puffs-stock-europe-warehouse\/\">Velkoobchodn\u00ed cena elektronick\u00fdch cigaret v EU<\/a> WASPE 40000 POTAH\u016e<\/strong> je vybaven chytr\u00fdm LED displejem, kter\u00fd v\u00e1m poskytuje data o stavu baterie a po\u010dtu potah\u016f v re\u00e1ln\u00e9m \u010dase, tak\u017ee m\u00e1te v\u017edy kontrolu. Jeho kompaktn\u00ed, cestovn\u00ed design z n\u011bj \u010din\u00ed dokonal\u00e9 <b>vape pero<\/b> pro \u017eivotn\u00ed styl na cest\u00e1ch. Tato <b>jednor\u00e1zov\u00e1 elektronick\u00e1 cigareta<\/b> je k dispozici v nikotinov\u00fdch sil\u00e1ch 21 mg\/ml a 51 mg\/ml a kombinuje \u0161pi\u010dkovou technologii s bezkonkuren\u010dn\u00edm pohodl\u00edm.<\/p>\n<p><img decoding=\"async\" class=\"wp-image-3137\" src=\"http:\/\/vapebulkp.com\/wp-content\/uploads\/2024\/11\/WASPE-FIHP-40000-Puffs-Vape-Double-Flavor-Wholeasle-Price.jpg\" alt=\"Velkoobchodn\u00ed cena vapovac\u00edho p\u0159\u00edstroje WASPE FIHP 40000 pot\u00e1hnut\u00ed s dvojitou p\u0159\u00edchut\u00ed\" width=\"522\" height=\"522\" srcset=\"https:\/\/vapebulkp.com\/wp-content\/uploads\/2024\/11\/WASPE-FIHP-40000-Puffs-Vape-Double-Flavor-Wholeasle-Price.jpg 800w, https:\/\/vapebulkp.com\/wp-content\/uploads\/2024\/11\/WASPE-FIHP-40000-Puffs-Vape-Double-Flavor-Wholeasle-Price-300x300.jpg 300w, https:\/\/vapebulkp.com\/wp-content\/uploads\/2024\/11\/WASPE-FIHP-40000-Puffs-Vape-Double-Flavor-Wholeasle-Price-150x150.jpg 150w, https:\/\/vapebulkp.com\/wp-content\/uploads\/2024\/11\/WASPE-FIHP-40000-Puffs-Vape-Double-Flavor-Wholeasle-Price-768x768.jpg 768w, https:\/\/vapebulkp.com\/wp-content\/uploads\/2024\/11\/WASPE-FIHP-40000-Puffs-Vape-Double-Flavor-Wholeasle-Price-600x600.jpg 600w, https:\/\/vapebulkp.com\/wp-content\/uploads\/2024\/11\/WASPE-FIHP-40000-Puffs-Vape-Double-Flavor-Wholeasle-Price-100x100.jpg 100w\" sizes=\"(max-width: 522px) 100vw, 522px\" \/><\/p>\n<p>&nbsp;<\/p>\n<h6>Pro slevu pros\u00edm kontaktujte Mandy p\u0159es WhatsApp<a href=\"https:\/\/wa.me\/8618077105796\">+8618077105796<\/a><\/h6>\n<p><img decoding=\"async\" class=\"alignnone wp-image-2151\" src=\"http:\/\/vapebulkp.com\/wp-content\/uploads\/2024\/04\/Mandy-WhatsApp-Randm.jpg\" alt=\"Mandy WhatsApp Randm\" width=\"324\" height=\"330\" \/><\/p>\n<p>&nbsp;<\/p>\n<h3><strong>WASPE FIHP 40000 Potah\u016f Velkoobchodn\u00ed Vape <\/strong><strong>Vlastnosti produktu<\/strong><\/h3>\n<ul>\n<li><strong>40 000 Potah\u016f<\/strong>: Ultra vysok\u00e1 kapacita pro prodlou\u017een\u00e9 vapovac\u00ed seance.<\/li>\n<li><strong>Syst\u00e9m dvojit\u00e9 p\u0159\u00edchuti<\/strong>: Bez n\u00e1mahy p\u0159ep\u00ednejte mezi dv\u011bma odli\u0161n\u00fdmi p\u0159\u00edchut\u011bmi.<\/li>\n<li><strong>Du\u00e1ln\u00ed 0,9\u03a9 Mesh c\u00edvky<\/strong>: Pokro\u010dil\u00e1 technologie pro hladkou a intenzivn\u00ed p\u00e1ru.<\/li>\n<li><strong>36ml kapacita e-liquidu<\/strong>: Dostate\u010dn\u00e1 z\u00e1soba pro dlouhodob\u00e9 pot\u011b\u0161en\u00ed.<\/li>\n<li><strong>850mAh dob\u00edjec\u00ed baterie<\/strong>: Nab\u00edjen\u00ed p\u0159es Type-C zaji\u0161\u0165uje rychl\u00e9 a spolehliv\u00e9 nap\u00e1jen\u00ed.<\/li>\n<\/ul>\n<p>&nbsp;<\/p>\n<p>&nbsp;<\/p>\n<h3><strong>\u00a0Seznam p\u0159\u00edchut\u00ed WASPE Vape Pods FIHP 40k Puffs:<\/strong><\/h3>\n<p>1 meloun s ledem \/ citronov\u00e1 limetka<br \/>\n2 \u0161umiv\u00e1 t\u0159e\u0161e\u0148 s ledem \/ bor\u016fvkov\u00e1 cukrov\u00e1 vata<br \/>\n3 jahoda meloun \/ bor\u016fvka malina<br \/>\n4 Red Bull s ledem \/ jahoda mango<br \/>\n5 broskev s ledem \/ ananas mango broskev<br \/>\n6 hroznov\u00e9 v\u00edno s ledem \/ jahoda kiwi<br \/>\n7 lesn\u00ed sm\u011bs \/ dvojit\u00e9 jablko s ledem<br \/>\n8 modr\u00e1 malinov\u00e1 limon\u00e1da \/ melounov\u00e1 \u017ev\u00fdka\u010dka<br \/>\n9 jahoda malina t\u0159e\u0161e\u0148 \/ l\u00e1ska 666<br \/>\n10 jahoda ban\u00e1n \/ ananas kokos s ledem<br \/>\n11 jahoda meloun \u017ev\u00fdka\u010dka \/ m\u00edchan\u00e9 ovoce<br \/>\n12 t\u0159e\u0161\u0148ov\u00e1 kola led \/ Jahodov\u00e1 malina<br \/>\n13 kysel\u00e9 jablko malina \/ jahoda big bang<br \/>\n14 broskev bobule \/ meloun mango broskev<br \/>\n15 bor\u016fvka led \/ \u010dern\u00fd drak led<br \/>\n16 jahoda t\u0159e\u0161e\u0148 \/ kiwi marakuja guava<\/p>\n<p><a href=\"https:\/\/vapebulkp.com\/cs\/product\/popular-randm-tornado-7000puffs-disposable-vape-best-price\/\"><span style=\"vertical-align: inherit\">RandM Tornado 7000 potah\u016f <\/span><\/a><\/p>\n<p><span style=\"vertical-align: inherit\">Najd\u011bte dal\u0161\u00ed produkty, kter\u00e9 by se v\u00e1m mohly l\u00edbit:<\/span><em><a href=\"https:\/\/wa.me\/8618077105796\"><span style=\"vertical-align: inherit\">\u00a0Kupte to te\u010f<\/span><\/a><\/em><\/p>\n<p><span style=\"vertical-align: inherit\">Dal\u0161\u00ed potahy, kter\u00e9 by se v\u00e1m mohly l\u00edbit:<\/span><a href=\"https:\/\/vapebulkp.com\/cs\/product\/jnr-media-max-40000-puffs-high-capacity-1000mah-disposable-vape\/\"><span style=\"vertical-align: inherit\">JNR Media max 40000 pot\u00e1hnut\u00ed <\/span><\/a><span style=\"vertical-align: inherit\">\u3001<\/span><a href=\"https:\/\/vapebulkp.com\/cs\/product\/wholesale-randm-tornado-9000-puffs-germany\/\"><span style=\"vertical-align: inherit\">RandM 9000 potah\u016f<\/span><\/a><span style=\"vertical-align: inherit\">\/ <\/span><a href=\"https:\/\/vapebulkp.com\/cs\/product\/bang-king-12000puffs\/\"><span style=\"vertical-align: inherit\">Bang King 12000 pot\u00e1hnut\u00ed<\/span><\/a><span style=\"vertical-align: inherit\">\/ <\/span><a href=\"https:\/\/vapebulkp.com\/cs\/product\/vozol-gear-power-disposable-vape-20000-puffs-dual-mode-5-nicotine\/\"><span style=\"vertical-align: inherit\">VOZOL Gear power 20000 pot\u00e1hnut\u00ed<\/span><\/a><\/p>\n<h3>\u010casto kladen\u00e9 dotazy k WASPE FIHP VAPE PODS 40000 POT\u00c1HNUT\u00cd:<\/h3>\n<p><strong>Q1: Podporuje Hot Vape WASPE FIHP 40k pot\u00e1hnut\u00ed du\u00e1ln\u00ed p\u0159\u00edchut\u011b?<\/strong><\/p>\n<p><strong>A:<\/strong> Ano, disponuje syst\u00e9mem dvojit\u00e9 chuti, kter\u00fd umo\u017e\u0148uje u\u017eivatel\u016fm snadno p\u0159ep\u00ednat mezi dv\u011bma odli\u0161n\u00fdmi p\u0159\u00edchut\u011bmi pro v\u0161estrann\u00fd z\u00e1\u017eitek z vapov\u00e1n\u00ed.<\/p>\n<p><strong>Q2: Jak\u00e1 je kapacita e-liquidu pro jednor\u00e1zovou vapku WASPE FIHP s 40000 pot\u00e1hnut\u00edmi?<\/strong><\/p>\n<p><strong>A:<\/strong> Tato vapka je vybavena masivn\u00ed n\u00e1dr\u017ekou na e-liquid o objemu 36 ml, co\u017e zaji\u0161\u0165uje dlouhotrvaj\u00edc\u00ed pot\u011b\u0161en\u00ed bez \u010dast\u00fdch v\u00fdm\u011bn.<\/p>\n<p><strong>Q3: Jak\u00fd typ spir\u00e1lky pou\u017e\u00edv\u00e1 vapka WASPE Vape 40000 Puff FIHP?<\/strong><\/p>\n<p><strong>A:<\/strong> Pou\u017e\u00edv\u00e1 du\u00e1ln\u00ed mesh spir\u00e1lky s odporem 0,9 \u03a9, kter\u00e9 poskytuj\u00ed hladkou, konzistentn\u00ed p\u00e1ru a v\u00fdjime\u010dn\u00fd chu\u0165ov\u00fd profil.<\/p>\n<p><strong>Q4: M\u00e1 Long Last Vape WASPE FIHP 40k Puffs LED displej?<\/strong><\/p>\n<p><strong>A:<\/strong> Ano, vapka m\u00e1 vestav\u011bn\u00fd LED displej, kter\u00fd poskytuje informace o po\u010dtu pot\u00e1hnut\u00ed a stavu baterie v re\u00e1ln\u00e9m \u010dase.<\/p>\n<p><strong>Q5: Jak funguje syst\u00e9m dvojit\u00e9 chuti WASPE Tornado Vape?<\/strong><\/p>\n<p><strong>A:<\/strong> Syst\u00e9m dvojit\u00e9 chuti umo\u017e\u0148uje u\u017eivatel\u016fm snadno p\u0159ep\u00ednat mezi dv\u011bma komorami na e-liquid, \u010d\u00edm\u017e vylep\u0161uje celkov\u00fd z\u00e1\u017eitek z vapov\u00e1n\u00ed t\u00edm, \u017ee nab\u00edz\u00ed rozmanitost v jednom za\u0159\u00edzen\u00ed.<\/p>\n<p><strong>Q6: Jak\u00e1 je dodac\u00ed lh\u016fta pro objednanou vapku?<\/strong><\/p>\n<p>Odpov\u011b\u010f: Obvykle je to 10-15 dn\u00ed po odesl\u00e1n\u00ed.<\/p>\n<p><strong>Q7: Kolik stoj\u00ed doprava?<\/strong><\/p>\n<p>Odpov\u011b\u010f: Cena dopravy z\u00e1vis\u00ed na hmotnosti. R\u016fzn\u00e9 mno\u017estv\u00ed maj\u00ed r\u016fzn\u00e9 ceny dopravy, kontaktujte n\u00e1s pros\u00edm pro potvrzen\u00ed ceny dopravy.<\/p>\n<h4>Podrobnosti o p\u0159eprav\u011b:<\/h4>\n<p><span style=\"color: #ff6600\">Doba v\u00fdroby: 5-10 pracovn\u00edch dn\u016f<\/span><br \/>\n<span style=\"color: #ff6600\">Doba p\u0159epravy: 8-14 pracovn\u00edch dn\u016f<\/span><\/p>\n<p>V\u0161echny produkty v na\u0161em obchod\u011b jsou 100% origin\u00e1ln\u00ed a autentick\u00e9, tak\u017ee desetin\u00e1sobn\u00e1 n\u00e1hrada za pad\u011blky je na\u0161\u00ed obchodn\u00ed politikou. K doru\u010den\u00ed zbo\u017e\u00ed pou\u017e\u00edv\u00e1me logistick\u00e9 kan\u00e1ly jako UPS\/DHL\/FEDEX\/DPD.<\/p>\n<p>Pro z\u00e1silky odeslan\u00e9 do \u010cesk\u00e9 republiky obvykle trv\u00e1 doru\u010den\u00ed 10 pracovn\u00edch dn\u016f. Doru\u010den\u00ed do evropsk\u00fdch zem\u00ed obvykle trv\u00e1 12 a\u017e 15 pracovn\u00edch dn\u016f. Logistick\u00e9 informace pro v\u00e1s budeme aktualizovat v re\u00e1ln\u00e9m \u010dase.<\/p>","protected":false},"excerpt":{"rendered":"<p>Jednor\u00e1zov\u00e1 elektronick\u00e1 cigareta WASPE Vape 40000 POTAH\u016e FIHP s dvojitou p\u0159\u00edchut\u00ed je pr\u00e9miov\u00e9, vysoce v\u00fdkonn\u00e9 za\u0159\u00edzen\u00ed navr\u017een\u00e9 pro n\u00e1ro\u010dn\u00e9 vapery.<\/p>\n<p>Pro slevu pros\u00edm kontaktujte Mandy p\u0159es WhatsApp<a href=\"https:\/\/wa.me\/8618077105796\">+8618077105796<\/a><\/p>\n<p><img decoding=\"async\" class=\"alignnone wp-image-2151\" src=\"http:\/\/vapebulkp.com\/wp-content\/uploads\/2024\/04\/Mandy-WhatsApp-Randm.jpg\" alt=\"Mandy WhatsApp Randm\" width=\"297\" height=\"316\" srcset=\"https:\/\/vapebulkp.com\/wp-content\/uploads\/2024\/04\/Mandy-WhatsApp-Randm.jpg 916w, https:\/\/vapebulkp.com\/wp-content\/uploads\/2024\/04\/Mandy-WhatsApp-Randm-282x300.jpg 282w, https:\/\/vapebulkp.com\/wp-content\/uploads\/2024\/04\/Mandy-WhatsApp-Randm-768x817.jpg 768w, https:\/\/vapebulkp.com\/wp-content\/uploads\/2024\/04\/Mandy-WhatsApp-Randm-600x638.jpg 600w\" sizes=\"(max-width: 297px) 100vw, 297px\" \/><\/p>\n<p><span style=\"color: #ff0000\">POZN\u00c1MKA: Ceny na na\u0161em webu nezahrnuj\u00ed n\u00e1klady na dopravu<\/span><\/p>\n<p>&nbsp;<\/p>","protected":false},"featured_media":3137,"comment_status":"open","ping_status":"closed","template":"","meta":{"_uag_custom_page_level_css":"","_lmt_disableupdate":"no","_lmt_disable":"","site-sidebar-layout":"default","site-content-layout":"content-boxed-container","ast-site-content-layout":"normal-width-container","site-content-style":"boxed","site-sidebar-style":"unboxed","ast-global-header-display":"","ast-banner-title-visibility":"","ast-main-header-display":"","ast-hfb-above-header-display":"","ast-hfb-below-header-display":"","ast-hfb-mobile-header-display":"","site-post-title":"","ast-breadcrumbs-content":"","ast-featured-img":"","footer-sml-layout":"","theme-transparent-header-meta":"default","adv-header-id-meta":"","stick-header-meta":"","header-above-stick-meta":"","header-main-stick-meta":"","header-below-stick-meta":"","astra-migrate-meta-layouts":"set","_joinchat":[]},"product_cat":[182,153,155,33,59,100,34,158,157,154,152,58,84,156,63,32,365],"product_tag":[37,41,40,183],"class_list":["post-3142","product","type-product","status-publish","has-post-thumbnail","hentry","product_cat-40000-puffs-disposable-vape","product_cat-hot-disposable-vapes","product_cat-belgium-hot-disposable-vapes","product_cat-france-vape-hot-sale","product_cat-germany-hot-disposable-vape","product_cat-germany-wholesale-vape-shop","product_cat-netherlands-vape-good-sale","product_cat-norway-hot-disposable-vapes","product_cat-poland-hot-disposable-vapes","product_cat-portugal-hot-disposable-vapes","product_cat-spain-hot-disposable-vapes","product_cat-sweden-hot-disposable-vape","product_cat-sweden-wholesale-vape","product_cat-switzerland-hot-disposable-vapes","product_cat-top-sale-disposable-vape","product_cat-vape-hot-sale-this-week","product_cat-waspe-vape","product_tag-hot-sale-disposable-vape","product_tag-poland-hot-vape","product_tag-sweden-hot-vape","product_tag-waspe-fihp-40000-puffs","pa_brand-waspe-vape","desktop-align-left","tablet-align-left","mobile-align-left"],"yoast_head":"<!-- This site is optimized with the Yoast SEO plugin v21.1 - https:\/\/yoast.com\/wordpress\/plugins\/seo\/ -->\n<title>WASPE Vape 40000 PUFF FIHP DOUBLE FLAVOUR Disposable Vape - vapebulkp.com<\/title>\n<meta name=\"description\" content=\"The ultimate Disposable Vape WASPE 40000 PUFFS offers dual flavors and a huge puff count. Shop the best e-cigarette for superior performance.\" \/>\n<meta name=\"robots\" content=\"index, follow, max-snippet:-1, max-image-preview:large, max-video-preview:-1\" \/>\n<link rel=\"canonical\" href=\"https:\/\/vapebulkp.com\/cs\/product\/waspe-vape-40000-puff-fihp-double-flavour-disposable-vape\/\" \/>\n<meta property=\"og:locale\" content=\"cs_CZ\" \/>\n<meta property=\"og:type\" content=\"article\" \/>\n<meta property=\"og:title\" content=\"WASPE Vape 40000 PUFF FIHP DOUBLE FLAVOUR Disposable Vape - vapebulkp.com\" \/>\n<meta property=\"og:description\" content=\"The ultimate Disposable Vape WASPE 40000 PUFFS offers dual flavors and a huge puff count. Shop the best e-cigarette for superior performance.\" \/>\n<meta property=\"og:url\" content=\"https:\/\/vapebulkp.com\/cs\/product\/waspe-vape-40000-puff-fihp-double-flavour-disposable-vape\/\" \/>\n<meta property=\"og:site_name\" content=\"vapebulkp.com\" \/>\n<meta property=\"article:modified_time\" content=\"2025-09-24T03:17:50+00:00\" \/>\n<meta property=\"og:image\" content=\"http:\/\/vapebulkp.com\/wp-content\/uploads\/2024\/11\/WASPE-FIHP-40000-Puffs-Vape-Double-Flavor-Wholeasle-Price.jpg\" \/>\n\t<meta property=\"og:image:width\" content=\"800\" \/>\n\t<meta property=\"og:image:height\" content=\"800\" \/>\n\t<meta property=\"og:image:type\" content=\"image\/jpeg\" \/>\n<meta name=\"twitter:card\" content=\"summary_large_image\" \/>\n<meta name=\"twitter:label1\" content=\"Odhadovan\u00e1 doba \u010dten\u00ed\" \/>\n\t<meta name=\"twitter:data1\" content=\"4 minuty\" \/>\n<script type=\"application\/ld+json\" class=\"yoast-schema-graph\">{\"@context\":\"https:\/\/schema.org\",\"@graph\":[{\"@type\":\"WebPage\",\"@id\":\"https:\/\/vapebulkp.com\/product\/waspe-vape-40000-puff-fihp-double-flavour-disposable-vape\/\",\"url\":\"https:\/\/vapebulkp.com\/product\/waspe-vape-40000-puff-fihp-double-flavour-disposable-vape\/\",\"name\":\"WASPE Vape 40000 PUFF FIHP DOUBLE FLAVOUR Disposable Vape - vapebulkp.com\",\"isPartOf\":{\"@id\":\"https:\/\/vapebulkp.com\/#website\"},\"datePublished\":\"2024-11-21T02:48:22+00:00\",\"dateModified\":\"2025-09-24T03:17:50+00:00\",\"description\":\"The ultimate Disposable Vape WASPE 40000 PUFFS offers dual flavors and a huge puff count. Shop the best e-cigarette for superior performance.\",\"breadcrumb\":{\"@id\":\"https:\/\/vapebulkp.com\/product\/waspe-vape-40000-puff-fihp-double-flavour-disposable-vape\/#breadcrumb\"},\"inLanguage\":\"cs\",\"potentialAction\":[{\"@type\":\"ReadAction\",\"target\":[\"https:\/\/vapebulkp.com\/product\/waspe-vape-40000-puff-fihp-double-flavour-disposable-vape\/\"]}]},{\"@type\":\"BreadcrumbList\",\"@id\":\"https:\/\/vapebulkp.com\/product\/waspe-vape-40000-puff-fihp-double-flavour-disposable-vape\/#breadcrumb\",\"itemListElement\":[{\"@type\":\"ListItem\",\"position\":1,\"name\":\"Home\",\"item\":\"https:\/\/vapebulkp.com\/\"},{\"@type\":\"ListItem\",\"position\":2,\"name\":\"Hot Trend Vapes\",\"item\":\"https:\/\/vapebulkp.com\/vape-shop\/\"},{\"@type\":\"ListItem\",\"position\":3,\"name\":\"WASPE Vape 40000 PUFF FIHP DOUBLE FLAVOUR Disposable Vape\"}]},{\"@type\":\"WebSite\",\"@id\":\"https:\/\/vapebulkp.com\/#website\",\"url\":\"https:\/\/vapebulkp.com\/\",\"name\":\"vapebulkp.com\",\"description\":\"Buy Vape In Cheap Bulk Price Near you\",\"publisher\":{\"@id\":\"https:\/\/vapebulkp.com\/#organization\"},\"potentialAction\":[{\"@type\":\"SearchAction\",\"target\":{\"@type\":\"EntryPoint\",\"urlTemplate\":\"https:\/\/vapebulkp.com\/?s={search_term_string}\"},\"query-input\":\"required name=search_term_string\"}],\"inLanguage\":\"cs\"},{\"@type\":\"Organization\",\"@id\":\"https:\/\/vapebulkp.com\/#organization\",\"name\":\"vapebulkp.com\",\"url\":\"https:\/\/vapebulkp.com\/\",\"logo\":{\"@type\":\"ImageObject\",\"inLanguage\":\"cs\",\"@id\":\"https:\/\/vapebulkp.com\/#\/schema\/logo\/image\/\",\"url\":\"https:\/\/vapebulkp.com\/wp-content\/uploads\/2023\/09\/cropped-vapebulkp.png\",\"contentUrl\":\"https:\/\/vapebulkp.com\/wp-content\/uploads\/2023\/09\/cropped-vapebulkp.png\",\"width\":516,\"height\":163,\"caption\":\"vapebulkp.com\"},\"image\":{\"@id\":\"https:\/\/vapebulkp.com\/#\/schema\/logo\/image\/\"}}]}<\/script>\n<!-- \/ Yoast SEO plugin. -->","yoast_head_json":{"title":"WASPE Vape 40000 PUFF FIHP DOUBLE FLAVOUR Disposable Vape - vapebulkp.com","description":"The ultimate Disposable Vape WASPE 40000 PUFFS offers dual flavors and a huge puff count. Shop the best e-cigarette for superior performance.","robots":{"index":"index","follow":"follow","max-snippet":"max-snippet:-1","max-image-preview":"max-image-preview:large","max-video-preview":"max-video-preview:-1"},"canonical":"https:\/\/vapebulkp.com\/cs\/product\/waspe-vape-40000-puff-fihp-double-flavour-disposable-vape\/","og_locale":"cs_CZ","og_type":"article","og_title":"WASPE Vape 40000 PUFF FIHP DOUBLE FLAVOUR Disposable Vape - vapebulkp.com","og_description":"The ultimate Disposable Vape WASPE 40000 PUFFS offers dual flavors and a huge puff count. Shop the best e-cigarette for superior performance.","og_url":"https:\/\/vapebulkp.com\/cs\/product\/waspe-vape-40000-puff-fihp-double-flavour-disposable-vape\/","og_site_name":"vapebulkp.com","article_modified_time":"2025-09-24T03:17:50+00:00","og_image":[{"width":800,"height":800,"url":"http:\/\/vapebulkp.com\/wp-content\/uploads\/2024\/11\/WASPE-FIHP-40000-Puffs-Vape-Double-Flavor-Wholeasle-Price.jpg","type":"image\/jpeg"}],"twitter_card":"summary_large_image","twitter_misc":{"Odhadovan\u00e1 doba \u010dten\u00ed":"4 minuty"},"schema":{"@context":"https:\/\/schema.org","@graph":[{"@type":"WebPage","@id":"https:\/\/vapebulkp.com\/product\/waspe-vape-40000-puff-fihp-double-flavour-disposable-vape\/","url":"https:\/\/vapebulkp.com\/product\/waspe-vape-40000-puff-fihp-double-flavour-disposable-vape\/","name":"WASPE Vape 40000 PUFF FIHP DOUBLE FLAVOUR Disposable Vape - vapebulkp.com","isPartOf":{"@id":"https:\/\/vapebulkp.com\/#website"},"datePublished":"2024-11-21T02:48:22+00:00","dateModified":"2025-09-24T03:17:50+00:00","description":"The ultimate Disposable Vape WASPE 40000 PUFFS offers dual flavors and a huge puff count. Shop the best e-cigarette for superior performance.","breadcrumb":{"@id":"https:\/\/vapebulkp.com\/product\/waspe-vape-40000-puff-fihp-double-flavour-disposable-vape\/#breadcrumb"},"inLanguage":"cs","potentialAction":[{"@type":"ReadAction","target":["https:\/\/vapebulkp.com\/product\/waspe-vape-40000-puff-fihp-double-flavour-disposable-vape\/"]}]},{"@type":"BreadcrumbList","@id":"https:\/\/vapebulkp.com\/product\/waspe-vape-40000-puff-fihp-double-flavour-disposable-vape\/#breadcrumb","itemListElement":[{"@type":"ListItem","position":1,"name":"Home","item":"https:\/\/vapebulkp.com\/"},{"@type":"ListItem","position":2,"name":"Hot Trend Vapes","item":"https:\/\/vapebulkp.com\/vape-shop\/"},{"@type":"ListItem","position":3,"name":"WASPE Vape 40000 PUFF FIHP DOUBLE FLAVOUR Disposable Vape"}]},{"@type":"WebSite","@id":"https:\/\/vapebulkp.com\/#website","url":"https:\/\/vapebulkp.com\/","name":"vapebulkp.com","description":"Buy Vape In Cheap Bulk Price Near you","publisher":{"@id":"https:\/\/vapebulkp.com\/#organization"},"potentialAction":[{"@type":"SearchAction","target":{"@type":"EntryPoint","urlTemplate":"https:\/\/vapebulkp.com\/?s={search_term_string}"},"query-input":"required name=search_term_string"}],"inLanguage":"cs"},{"@type":"Organization","@id":"https:\/\/vapebulkp.com\/#organization","name":"vapebulkp.com","url":"https:\/\/vapebulkp.com\/","logo":{"@type":"ImageObject","inLanguage":"cs","@id":"https:\/\/vapebulkp.com\/#\/schema\/logo\/image\/","url":"https:\/\/vapebulkp.com\/wp-content\/uploads\/2023\/09\/cropped-vapebulkp.png","contentUrl":"https:\/\/vapebulkp.com\/wp-content\/uploads\/2023\/09\/cropped-vapebulkp.png","width":516,"height":163,"caption":"vapebulkp.com"},"image":{"@id":"https:\/\/vapebulkp.com\/#\/schema\/logo\/image\/"}}]}},"uagb_featured_image_src":{"full":["https:\/\/vapebulkp.com\/wp-content\/uploads\/2024\/11\/WASPE-FIHP-40000-Puffs-Vape-Double-Flavor-Wholeasle-Price.jpg",800,800,false],"thumbnail":["https:\/\/vapebulkp.com\/wp-content\/uploads\/2024\/11\/WASPE-FIHP-40000-Puffs-Vape-Double-Flavor-Wholeasle-Price-150x150.jpg",150,150,true],"medium":["https:\/\/vapebulkp.com\/wp-content\/uploads\/2024\/11\/WASPE-FIHP-40000-Puffs-Vape-Double-Flavor-Wholeasle-Price-300x300.jpg",300,300,true],"medium_large":["https:\/\/vapebulkp.com\/wp-content\/uploads\/2024\/11\/WASPE-FIHP-40000-Puffs-Vape-Double-Flavor-Wholeasle-Price-768x768.jpg",768,768,true],"large":["https:\/\/vapebulkp.com\/wp-content\/uploads\/2024\/11\/WASPE-FIHP-40000-Puffs-Vape-Double-Flavor-Wholeasle-Price.jpg",800,800,false],"1536x1536":["https:\/\/vapebulkp.com\/wp-content\/uploads\/2024\/11\/WASPE-FIHP-40000-Puffs-Vape-Double-Flavor-Wholeasle-Price.jpg",800,800,false],"2048x2048":["https:\/\/vapebulkp.com\/wp-content\/uploads\/2024\/11\/WASPE-FIHP-40000-Puffs-Vape-Double-Flavor-Wholeasle-Price.jpg",800,800,false],"trp-custom-language-flag":["https:\/\/vapebulkp.com\/wp-content\/uploads\/2024\/11\/WASPE-FIHP-40000-Puffs-Vape-Double-Flavor-Wholeasle-Price.jpg",12,12,false],"woocommerce_thumbnail":["https:\/\/vapebulkp.com\/wp-content\/uploads\/2024\/11\/WASPE-FIHP-40000-Puffs-Vape-Double-Flavor-Wholeasle-Price-300x300.jpg",300,300,true],"woocommerce_single":["https:\/\/vapebulkp.com\/wp-content\/uploads\/2024\/11\/WASPE-FIHP-40000-Puffs-Vape-Double-Flavor-Wholeasle-Price-600x600.jpg",600,600,true],"woocommerce_gallery_thumbnail":["https:\/\/vapebulkp.com\/wp-content\/uploads\/2024\/11\/WASPE-FIHP-40000-Puffs-Vape-Double-Flavor-Wholeasle-Price-100x100.jpg",100,100,true],"wcpr-photo-reviews":["https:\/\/vapebulkp.com\/wp-content\/uploads\/2024\/11\/WASPE-FIHP-40000-Puffs-Vape-Double-Flavor-Wholeasle-Price.jpg",500,500,false]},"uagb_author_info":{"display_name":"Mandy vape bulk price","author_link":"https:\/\/vapebulkp.com\/cs\/author\/"},"uagb_comment_info":0,"uagb_excerpt":"The WASPE Vape 40000 PUFF FIHP Double Flavour Disposable Vape is a premium, high-performance device designed for discerning vapers. Pls Contact Mandy's WhatsApp For Discount Price+8618077105796 NOTE: Prices on our website does not include shipping costs &nbsp;","_links":{"self":[{"href":"https:\/\/vapebulkp.com\/cs\/wp-json\/wp\/v2\/product\/3142","targetHints":{"allow":["GET"]}}],"collection":[{"href":"https:\/\/vapebulkp.com\/cs\/wp-json\/wp\/v2\/product"}],"about":[{"href":"https:\/\/vapebulkp.com\/cs\/wp-json\/wp\/v2\/types\/product"}],"replies":[{"embeddable":true,"href":"https:\/\/vapebulkp.com\/cs\/wp-json\/wp\/v2\/comments?post=3142"}],"wp:featuredmedia":[{"embeddable":true,"href":"https:\/\/vapebulkp.com\/cs\/wp-json\/wp\/v2\/media\/3137"}],"wp:attachment":[{"href":"https:\/\/vapebulkp.com\/cs\/wp-json\/wp\/v2\/media?parent=3142"}],"wp:term":[{"taxonomy":"product_cat","embeddable":true,"href":"https:\/\/vapebulkp.com\/cs\/wp-json\/wp\/v2\/product_cat?post=3142"},{"taxonomy":"product_tag","embeddable":true,"href":"https:\/\/vapebulkp.com\/cs\/wp-json\/wp\/v2\/product_tag?post=3142"}],"curies":[{"name":"wp","href":"https:\/\/api.w.org\/{rel}","templated":true}]}}