{"id":3180,"date":"2024-11-28T10:13:37","date_gmt":"2024-11-28T09:13:37","guid":{"rendered":"https:\/\/vapebulkp.com\/?post_type=product&#038;p=3180"},"modified":"2025-09-24T05:38:14","modified_gmt":"2025-09-24T03:38:14","slug":"jnr-vape-watch-18-30k-puffs-2-nic-wholesale-price-disposable-vape","status":"publish","type":"product","link":"https:\/\/vapebulkp.com\/cs\/product\/jnr-vape-watch-18-30k-puffs-2-nic-wholesale-price-disposable-vape\/","title":{"rendered":"JNR Vape Watch 18\/30K pot\u00e1hnut\u00ed 2% Nic Velkoobchodn\u00ed Cena Jednor\u00e1zov\u00e1 Vape"},"content":{"rendered":"<h1 style=\"text-align: left\">JNR Vape Watch 18\/30K pot\u00e1hnut\u00ed 2% Nic Velkoobchodn\u00ed Cena Jednor\u00e1zov\u00e1 Vape<\/h1>\n<p>Po\u0159i\u010fte si JNR Vape Watch, modern\u00ed jednor\u00e1zovou e-cigaretu navr\u017eenou pro del\u0161\u00ed pou\u017e\u00edv\u00e1n\u00ed a vynikaj\u00edc\u00ed chu\u0165. S mo\u017enost\u00ed <b>18 000 nebo 30 000 pot\u00e1hnut\u00ed<\/b>, je toto za\u0159\u00edzen\u00ed vytvo\u0159eno pro odolnost a dlouhotrvaj\u00edc\u00ed v\u00fdkon. Je <b>JNR Vape Watch 18\/30K potah\u016f<\/b> p\u0159edpln\u011bno 19 ml pr\u00e9miov\u00e9ho e-liquidu, kter\u00fd poskytuje hladk\u00fd a uspokojiv\u00fd z\u00e1\u017eitek z vapov\u00e1n\u00ed s ka\u017ed\u00fdm pot\u00e1hnut\u00edm.<\/p>\n<p>Poh\u00e1n\u00ed toto inovativn\u00ed za\u0159\u00edzen\u00ed <b>1000mAh dob\u00edjec\u00ed bateri\u00ed<\/b> s pohodln\u00fdm portem pro rychl\u00e9 nab\u00edjen\u00ed Type-C. Pokro\u010dil\u00e1 technologie mesh coil poskytuje bohatou, hustou p\u00e1ru a intenzivn\u00ed chu\u0165, ide\u00e1ln\u00ed pro nov\u00e9 i zku\u0161en\u00e9 vapery. D\u00edky sv\u00e9mu elegantn\u00edmu designu inspirovan\u00e9mu hodinkami je <a href=\"https:\/\/vapebulkp.com\/cs\/product-category\/30000-puff-disposable-vape\/\"><b>30000 Puffs jednorazov\u00e1 elektronick\u00e1 cigareta<\/b><\/a> diskr\u00e9tn\u00edm a stylov\u00fdm dopl\u0148kem.<\/p>\n<p>Nab\u00edz\u00edme velkoobchodn\u00ed ceny na <b>JNR Vape Hodinky<\/b>, co\u017e z n\u011bj \u010din\u00ed chytrou volbu pro \u010desk\u00e9 distributory, kte\u0159\u00ed hledaj\u00ed vysoce kvalitn\u00ed, <strong>vape s vysokou kapacitou<\/strong>. Je to ide\u00e1ln\u00ed produkt pro spln\u011bn\u00ed popt\u00e1vky n\u00e1ro\u010dn\u00e9ho spot\u0159ebitele ve v\u011bku 25\u201335 let.<\/p>\n<h6>Pro slevu pros\u00edm kontaktujte Mandy p\u0159es WhatsApp<a href=\"https:\/\/wa.me\/8618077105796\">+8618077105796<\/a><\/h6>\n<p><img decoding=\"async\" class=\"alignnone wp-image-2151\" src=\"http:\/\/vapebulkp.com\/wp-content\/uploads\/2024\/04\/Mandy-WhatsApp-Randm.jpg\" alt=\"Mandy WhatsApp Randm\" width=\"287\" height=\"305\" srcset=\"https:\/\/vapebulkp.com\/wp-content\/uploads\/2024\/04\/Mandy-WhatsApp-Randm.jpg 916w, https:\/\/vapebulkp.com\/wp-content\/uploads\/2024\/04\/Mandy-WhatsApp-Randm-282x300.jpg 282w, https:\/\/vapebulkp.com\/wp-content\/uploads\/2024\/04\/Mandy-WhatsApp-Randm-768x817.jpg 768w, https:\/\/vapebulkp.com\/wp-content\/uploads\/2024\/04\/Mandy-WhatsApp-Randm-600x638.jpg 600w\" sizes=\"(max-width: 287px) 100vw, 287px\" \/><\/p>\n<h2><strong>Pro\u010d si vybrat JNR Watch 18K\/30k Puffs Vape od Vapebulkp.com?<\/strong><\/h2>\n<ul>\n<li><strong>Nep\u0159ekonateln\u00e1 kvalita<\/strong>: A\u017e <strong>30 000 pot\u00e1hnut\u00ed<\/strong> s pokro\u010dil\u00fdm <strong>technologie mesh c\u00edvky<\/strong> pro jemn\u00e9 a chutn\u00e9 tahy.<\/li>\n<li><strong>Exkluzivn\u00ed p\u0159\u00edchu\u0165 Miami Mint<\/strong>: Svi\u017en\u00e1, chladiv\u00e1 a dokonale vyv\u00e1\u017een\u00e1 pro osv\u011b\u017euj\u00edc\u00ed z\u00e1\u017eitek z vapingu.<\/li>\n<li><strong>Dob\u00edjec\u00ed pohodl\u00ed<\/strong>: <strong>1000mAh baterie<\/strong> s <strong>Rychl\u00e9 nab\u00edjen\u00ed Type-C<\/strong> pro nep\u0159etr\u017eit\u00e9 pou\u017e\u00edv\u00e1n\u00ed.<\/li>\n<li><strong>Stylov\u00fd design<\/strong>: Elegantn\u00ed vzhled inspirovan\u00fd hodinkami pro eleganci a p\u0159enosnost.<\/li>\n<li><strong>D\u016fv\u011bryhodn\u00fd prodejce<\/strong>: Vapebulkp.com nab\u00edz\u00ed konkurenceschopn\u00e9 ceny a spolehliv\u00fd z\u00e1kaznick\u00fd servis.<\/li>\n<\/ul>\n<p>&nbsp;<\/p>\n<div class=\"mb-2 flex gap-3 empty:hidden -ml-2\">\n<div class=\"items-center justify-start rounded-xl p-1 flex\">\n<h2>Kl\u00ed\u010dov\u00e9 vlastnosti <strong>JNR Watch 18K\/30K potah\u016f<\/strong> :<\/h2>\n<ul>\n<li><strong>Velkorys\u00fd po\u010det pot\u00e1hnut\u00ed<\/strong>: A\u017e <strong>30 000 pot\u00e1hnut\u00ed<\/strong>, ide\u00e1ln\u00ed pro dlouhodob\u00e9 pou\u017e\u00edv\u00e1n\u00ed.<\/li>\n<li><strong>Kapacita pr\u00e9miov\u00e9 e-liquidu<\/strong>: <strong>19 ml<\/strong>, poskytuj\u00edc\u00ed konzistentn\u00ed chu\u0165 od prvn\u00edho pot\u00e1hnut\u00ed a\u017e do posledn\u00edho.<\/li>\n<li><strong>\u0160pi\u010dkov\u00e1 mesh c\u00edvka<\/strong>: Zaji\u0161\u0165uje hlad\u0161\u00ed pot\u00e1hnut\u00ed, bohatou chu\u0165 a spolehliv\u00fd v\u00fdkon.<\/li>\n<li><strong>Stylov\u00fd a diskr\u00e9tn\u00ed design<\/strong>: Tvar inspirovan\u00fd hodinkami je ide\u00e1ln\u00ed na cesty a je elegantn\u00ed.<\/li>\n<li><strong>Efektivn\u00ed nab\u00edjen\u00ed<\/strong>: <strong>1000mAh baterie<\/strong> s <strong>Port typu C<\/strong> pro rychl\u00e9 a spolehliv\u00e9 dob\u00edjen\u00ed.<\/li>\n<\/ul>\n<\/div>\n<\/div>\n<h3>JNR Vape Watch 18\/30K potah\u016f <strong>Seznam p\u0159\u00edchut\u00ed:<\/strong><\/h3>\n<p>1. Blue Razz Ice<br \/>\n2. Jahodov\u00fd led<br \/>\n3. Melounov\u00fd led<br \/>\n4. Miami Mint<br \/>\n5. Jahodov\u00fd ban\u00e1n<br \/>\n6. Trojit\u00e9 bobule<br \/>\n7. Kysel\u00fd jable\u010dn\u00fd led<br \/>\n8. Bor\u016fvkov\u00fd meloun<br \/>\n9. Gruz\u00ednsk\u00e1 broskev<br \/>\n10. Oran\u017eov\u00e9 mango<\/p>\n<p><a href=\"https:\/\/vapebulkp.com\/cs\/product\/jnr-media-max-40000-puffs-high-capacity-1000mah-disposable-vape\/\"><span style=\"vertical-align: inherit\">JNR MEDIA MAX 40000 pot\u00e1hnut\u00ed <\/span><\/a><\/p>\n<p><span style=\"vertical-align: inherit\">Najd\u011bte dal\u0161\u00ed produkty, kter\u00e9 by se v\u00e1m mohly l\u00edbit:<\/span><em><a href=\"https:\/\/wa.me\/8618077105796\"><span style=\"vertical-align: inherit\">\u00a0Kupte to te\u010f<\/span><\/a><\/em><\/p>\n<p><span style=\"vertical-align: inherit\">Dal\u0161\u00ed potahy, kter\u00e9 by se v\u00e1m mohly l\u00edbit:<\/span><a href=\"https:\/\/vapebulkp.com\/cs\/product\/uzy-bang-king-12k-disposable-vape-affordable-price\/\"><span style=\"vertical-align: inherit\">UZY Bang King 12000 pot\u00e1hnut\u00ed<\/span><\/a><span style=\"vertical-align: inherit\">\u3001<\/span><a href=\"https:\/\/vapebulkp.com\/cs\/product\/wholesale-randm-tornado-9000-puffs-germany\/\"><span style=\"vertical-align: inherit\">RandM 9000 potah\u016f<\/span><\/a><span style=\"vertical-align: inherit\">\/ <\/span><a href=\"https:\/\/vapebulkp.com\/cs\/product\/bang-king-12000puffs\/\"><span style=\"vertical-align: inherit\">Bang King 12000 pot\u00e1hnut\u00ed<\/span><\/a><span style=\"vertical-align: inherit\">\/ <\/span><a href=\"https:\/\/vapebulkp.com\/cs\/product\/vapme-crystal-disposable-vape-20000-puffs-big-smok-2-nicotine\/\"><span style=\"vertical-align: inherit\">Vapme Crystal 20k pot\u00e1hnut\u00ed<\/span><\/a><\/p>\n<p><span style=\"vertical-align: inherit\">E-cigaretov\u00e1 l\u00e1hev speci\u00e1ln\u00edho tvaru:<\/span><a href=\"https:\/\/vapebulkp.com\/cs\/product\/randm-fumot-tornado-30k-puffs-rechargeable-vapes-best-sale\/\"><span style=\"vertical-align: inherit\"> Fumot Tornado 30000 tah\u016f<\/span><\/a><span style=\"vertical-align: inherit\">\/ <\/span><a href=\"https:\/\/vapebulkp.com\/cs\/product\/jnr-alien-10000-puffs-randm-vape-wholesale-price\/\"><span style=\"vertical-align: inherit\">\u00a0JNR Alien 10000 pot\u00e1hnut\u00ed <\/span><\/a><span style=\"vertical-align: inherit\">\/<\/span><a href=\"https:\/\/vapebulkp.com\/cs\/product\/wga-crystal-plus-16000-puffs-led-light-disposable-vape\/\"><span style=\"vertical-align: inherit\"> WGA Crystal 16000 potah\u016f<\/span><\/a><\/p>\n<p>&nbsp;<\/p>\n<h4><strong>\u010casto kladen\u00e9 ot\u00e1zky o JNR Vape Watch 18K\/30K pot\u00e1hnut\u00ed:<\/strong><\/h4>\n<p><strong>1. Kolik pot\u00e1hnut\u00ed JNR Vape Watch poskytuje?<\/strong><br \/>\nJNR Vape Watch nab\u00edz\u00ed a\u017e <strong>18 000 a 30 000 pot\u00e1hnut\u00ed<\/strong>, v z\u00e1vislosti na modelu, tak\u017ee je ide\u00e1ln\u00ed pro dlouhodob\u00e9 pou\u017e\u00edv\u00e1n\u00ed.<\/p>\n<p><strong>2. Jak\u00e1 je kapacita e-liquidu v jednor\u00e1zov\u00e9 vapce jnr vape watcj 18k\/30k?<\/strong><br \/>\nKa\u017ed\u00fd JNR Vape Watch je p\u0159edem napln\u011bn <strong>19 ml pr\u00e9miov\u00e9ho e-liquidu<\/strong>, co\u017e zaji\u0161\u0165uje konzistentn\u00ed chu\u0165 a hladkou p\u00e1ru po celou dobu jeho \u017eivotnosti.<\/p>\n<p><strong>3. Je baterie vapu JNR VAPE 30000 pot\u00e1hnut\u00ed dob\u00edjec\u00ed?<\/strong><br \/>\nAno, je dod\u00e1v\u00e1n s <strong>1000mAh dob\u00edjec\u00ed bateri\u00ed<\/strong> a podporuje <strong>Rychl\u00e9 nab\u00edjen\u00ed Type-C<\/strong>, tak\u017ee jej m\u016f\u017eete pohodln\u011b dob\u00edjet podle pot\u0159eby.<\/p>\n<p><strong>4. Jak\u00e9 jsou dostupn\u00e9 mo\u017enosti p\u0159\u00edchut\u00ed pro jnr vape watch 30000 pot\u00e1hnut\u00ed?<\/strong><br \/>\nV\u00fdrazn\u00e1 p\u0159\u00edchu\u0165 je <strong>Miami M\u00e1ta<\/strong>, kter\u00e1 p\u0159in\u00e1\u0161\u00ed sv\u011b\u017e\u00ed, osv\u011b\u017euj\u00edc\u00ed chu\u0165 s dokonalou rovnov\u00e1hou chladu a jemn\u00e9 sladkosti.<\/p>\n<p><strong>5. Je JNR Vape Watch 30k Puffs Hot Vape snadno p\u0159enosn\u00fd?<\/strong><br \/>\nAbsolutn\u011b! Jeho <strong>elegantn\u00ed design inspirovan\u00fd hodinkami<\/strong> je stylov\u00fd a p\u0159enosn\u00fd, tak\u017ee je ide\u00e1ln\u00ed pro vapov\u00e1n\u00ed na cest\u00e1ch.<\/p>\n<h4>Podrobnosti o p\u0159eprav\u011b:<\/h4>\n<p><span style=\"color: #ff6600\">Doba v\u00fdroby: 5-10 pracovn\u00edch dn\u016f<\/span><br \/>\n<span style=\"color: #ff6600\">Doba p\u0159epravy: 8-14 pracovn\u00edch dn\u016f<\/span><\/p>\n<p>V\u0161echny produkty v na\u0161em obchod\u011b jsou 100% origin\u00e1ln\u00ed a autentick\u00e9, tak\u017ee desetin\u00e1sobn\u00e1 n\u00e1hrada za pad\u011blky je na\u0161\u00ed obchodn\u00ed politikou. K doru\u010den\u00ed zbo\u017e\u00ed pou\u017e\u00edv\u00e1me logistick\u00e9 kan\u00e1ly jako UPS\/DHL\/FEDEX\/DPD.<\/p>\n<p>Pro z\u00e1silky odeslan\u00e9 do \u010cesk\u00e9 republiky obvykle trv\u00e1 doru\u010den\u00ed 10 pracovn\u00edch dn\u016f. Doru\u010den\u00ed do evropsk\u00fdch zem\u00ed obvykle trv\u00e1 12 a\u017e 15 pracovn\u00edch dn\u016f. Logistick\u00e9 informace pro v\u00e1s budeme aktualizovat v re\u00e1ln\u00e9m \u010dase.<\/p>","protected":false},"excerpt":{"rendered":"<p><strong>JNR Vape Watch 18K\/30K Puffs Jednor\u00e1zov\u00e1 e-cigareta<\/strong> nab\u00edz\u00ed a\u017e <strong>30 000 pot\u00e1hnut\u00ed<\/strong>, s <strong>19 ml pr\u00e9miov\u00e9ho e-liquidu<\/strong>, a <strong>1000mAh dob\u00edjec\u00ed bateri\u00ed<\/strong>, a <strong>technologie mesh c\u00edvky<\/strong> pro bohatou chu\u0165 a hladkou p\u00e1ru. Jeho <strong>p\u0159\u00edchu\u0165 Miami Mint<\/strong> poskytuje sv\u011b\u017e\u00ed, osv\u011b\u017euj\u00edc\u00ed chu\u0165, zat\u00edmco elegantn\u00ed design inspirovan\u00fd hodinkami zaji\u0161\u0165uje p\u0159enosnost a styl.<\/p>\n<p><img decoding=\"async\" class=\"alignnone wp-image-2151\" src=\"http:\/\/vapebulkp.com\/wp-content\/uploads\/2024\/04\/Mandy-WhatsApp-Randm.jpg\" alt=\"Mandy WhatsApp Randm\" width=\"234\" height=\"249\" srcset=\"https:\/\/vapebulkp.com\/wp-content\/uploads\/2024\/04\/Mandy-WhatsApp-Randm.jpg 916w, https:\/\/vapebulkp.com\/wp-content\/uploads\/2024\/04\/Mandy-WhatsApp-Randm-282x300.jpg 282w, https:\/\/vapebulkp.com\/wp-content\/uploads\/2024\/04\/Mandy-WhatsApp-Randm-768x817.jpg 768w, https:\/\/vapebulkp.com\/wp-content\/uploads\/2024\/04\/Mandy-WhatsApp-Randm-600x638.jpg 600w\" sizes=\"(max-width: 234px) 100vw, 234px\" \/><\/p>\n<p>Pro slevu pros\u00edm kontaktujte Mandy p\u0159es WhatsApp<a href=\"https:\/\/wa.me\/8618077105796\">+8618077105796<\/a><\/p>\n<p><span style=\"color: #ff0000\">POZN\u00c1MKA: Ceny na na\u0161em webu nezahrnuj\u00ed n\u00e1klady na dopravu<\/span><\/p>\n<p>&nbsp;<\/p>","protected":false},"featured_media":3170,"comment_status":"open","ping_status":"closed","template":"","meta":{"_uag_custom_page_level_css":"","_lmt_disableupdate":"no","_lmt_disable":"","site-sidebar-layout":"default","site-content-layout":"content-boxed-container","ast-site-content-layout":"normal-width-container","site-content-style":"boxed","site-sidebar-style":"unboxed","ast-global-header-display":"","ast-banner-title-visibility":"","ast-main-header-display":"","ast-hfb-above-header-display":"","ast-hfb-below-header-display":"","ast-hfb-mobile-header-display":"","site-post-title":"","ast-breadcrumbs-content":"","ast-featured-img":"","footer-sml-layout":"","theme-transparent-header-meta":"default","adv-header-id-meta":"","stick-header-meta":"","header-above-stick-meta":"","header-main-stick-meta":"","header-below-stick-meta":"","astra-migrate-meta-layouts":"set","_joinchat":[]},"product_cat":[160,153,155,33,59,100,353,34,158,157,154,152,58,84,156,63,32],"product_tag":[36,37,186,41,40],"class_list":["post-3180","product","type-product","status-publish","has-post-thumbnail","hentry","product_cat-30000-puff-disposable-vape","product_cat-hot-disposable-vapes","product_cat-belgium-hot-disposable-vapes","product_cat-france-vape-hot-sale","product_cat-germany-hot-disposable-vape","product_cat-germany-wholesale-vape-shop","product_cat-jnr-vape","product_cat-netherlands-vape-good-sale","product_cat-norway-hot-disposable-vapes","product_cat-poland-hot-disposable-vapes","product_cat-portugal-hot-disposable-vapes","product_cat-spain-hot-disposable-vapes","product_cat-sweden-hot-disposable-vape","product_cat-sweden-wholesale-vape","product_cat-switzerland-hot-disposable-vapes","product_cat-top-sale-disposable-vape","product_cat-vape-hot-sale-this-week","product_tag-good-vape","product_tag-hot-sale-disposable-vape","product_tag-jnr-vape-watch-18-30k-puffs","product_tag-poland-hot-vape","product_tag-sweden-hot-vape","pa_brand-jnr-vape","desktop-align-left","tablet-align-left","mobile-align-left"],"yoast_head":"<!-- This site is optimized with the Yoast SEO plugin v21.1 - https:\/\/yoast.com\/wordpress\/plugins\/seo\/ -->\n<title>JNR Vape Watch 18\/30K Puffs 2% Nic Wholesale Price Disposable Vape - vapebulkp.com % %<\/title>\n<meta name=\"description\" content=\"Buy the JNR Vape Watch 18\/30K Puffs at wholesale prices. This 30000 Puffs Disposable Vape features a 1000mAh battery and mesh coil technology. Buy now for your EU vape shop.\" \/>\n<meta name=\"robots\" content=\"index, follow, max-snippet:-1, max-image-preview:large, max-video-preview:-1\" \/>\n<link rel=\"canonical\" href=\"https:\/\/vapebulkp.com\/cs\/product\/jnr-vape-watch-18-30k-puffs-2-nic-wholesale-price-disposable-vape\/\" \/>\n<meta property=\"og:locale\" content=\"cs_CZ\" \/>\n<meta property=\"og:type\" content=\"article\" \/>\n<meta property=\"og:title\" content=\"JNR Vape Watch 18\/30K Puffs 2% Nic Wholesale Price Disposable Vape - vapebulkp.com % %\" \/>\n<meta property=\"og:description\" content=\"Buy the JNR Vape Watch 18\/30K Puffs at wholesale prices. This 30000 Puffs Disposable Vape features a 1000mAh battery and mesh coil technology. Buy now for your EU vape shop.\" \/>\n<meta property=\"og:url\" content=\"https:\/\/vapebulkp.com\/cs\/product\/jnr-vape-watch-18-30k-puffs-2-nic-wholesale-price-disposable-vape\/\" \/>\n<meta property=\"og:site_name\" content=\"vapebulkp.com\" \/>\n<meta property=\"article:modified_time\" content=\"2025-09-24T03:38:14+00:00\" \/>\n<meta property=\"og:image\" content=\"http:\/\/vapebulkp.com\/wp-content\/uploads\/2024\/11\/JNR-VapeWatch-30k-Puffs-Hot-Sale-Vape-Box.jpg\" \/>\n\t<meta property=\"og:image:width\" content=\"800\" \/>\n\t<meta property=\"og:image:height\" content=\"800\" \/>\n\t<meta property=\"og:image:type\" content=\"image\/jpeg\" \/>\n<meta name=\"twitter:card\" content=\"summary_large_image\" \/>\n<meta name=\"twitter:label1\" content=\"Odhadovan\u00e1 doba \u010dten\u00ed\" \/>\n\t<meta name=\"twitter:data1\" content=\"3 minuty\" \/>\n<script type=\"application\/ld+json\" class=\"yoast-schema-graph\">{\"@context\":\"https:\/\/schema.org\",\"@graph\":[{\"@type\":\"WebPage\",\"@id\":\"https:\/\/vapebulkp.com\/product\/jnr-vape-watch-18-30k-puffs-2-nic-wholesale-price-disposable-vape\/\",\"url\":\"https:\/\/vapebulkp.com\/product\/jnr-vape-watch-18-30k-puffs-2-nic-wholesale-price-disposable-vape\/\",\"name\":\"JNR Vape Watch 18\/30K Puffs 2% Nic Wholesale Price Disposable Vape - vapebulkp.com % %\",\"isPartOf\":{\"@id\":\"https:\/\/vapebulkp.com\/#website\"},\"datePublished\":\"2024-11-28T09:13:37+00:00\",\"dateModified\":\"2025-09-24T03:38:14+00:00\",\"description\":\"Buy the JNR Vape Watch 18\/30K Puffs at wholesale prices. This 30000 Puffs Disposable Vape features a 1000mAh battery and mesh coil technology. Buy now for your EU vape shop.\",\"breadcrumb\":{\"@id\":\"https:\/\/vapebulkp.com\/product\/jnr-vape-watch-18-30k-puffs-2-nic-wholesale-price-disposable-vape\/#breadcrumb\"},\"inLanguage\":\"cs\",\"potentialAction\":[{\"@type\":\"ReadAction\",\"target\":[\"https:\/\/vapebulkp.com\/product\/jnr-vape-watch-18-30k-puffs-2-nic-wholesale-price-disposable-vape\/\"]}]},{\"@type\":\"BreadcrumbList\",\"@id\":\"https:\/\/vapebulkp.com\/product\/jnr-vape-watch-18-30k-puffs-2-nic-wholesale-price-disposable-vape\/#breadcrumb\",\"itemListElement\":[{\"@type\":\"ListItem\",\"position\":1,\"name\":\"Home\",\"item\":\"https:\/\/vapebulkp.com\/\"},{\"@type\":\"ListItem\",\"position\":2,\"name\":\"Hot Trend Vapes\",\"item\":\"https:\/\/vapebulkp.com\/vape-shop\/\"},{\"@type\":\"ListItem\",\"position\":3,\"name\":\"JNR Vape Watch 18\/30K Puffs 2% Nic Wholesale Price Disposable Vape\"}]},{\"@type\":\"WebSite\",\"@id\":\"https:\/\/vapebulkp.com\/#website\",\"url\":\"https:\/\/vapebulkp.com\/\",\"name\":\"vapebulkp.com\",\"description\":\"Buy Vape In Cheap Bulk Price Near you\",\"publisher\":{\"@id\":\"https:\/\/vapebulkp.com\/#organization\"},\"potentialAction\":[{\"@type\":\"SearchAction\",\"target\":{\"@type\":\"EntryPoint\",\"urlTemplate\":\"https:\/\/vapebulkp.com\/?s={search_term_string}\"},\"query-input\":\"required name=search_term_string\"}],\"inLanguage\":\"cs\"},{\"@type\":\"Organization\",\"@id\":\"https:\/\/vapebulkp.com\/#organization\",\"name\":\"vapebulkp.com\",\"url\":\"https:\/\/vapebulkp.com\/\",\"logo\":{\"@type\":\"ImageObject\",\"inLanguage\":\"cs\",\"@id\":\"https:\/\/vapebulkp.com\/#\/schema\/logo\/image\/\",\"url\":\"https:\/\/vapebulkp.com\/wp-content\/uploads\/2023\/09\/cropped-vapebulkp.png\",\"contentUrl\":\"https:\/\/vapebulkp.com\/wp-content\/uploads\/2023\/09\/cropped-vapebulkp.png\",\"width\":516,\"height\":163,\"caption\":\"vapebulkp.com\"},\"image\":{\"@id\":\"https:\/\/vapebulkp.com\/#\/schema\/logo\/image\/\"}}]}<\/script>\n<!-- \/ Yoast SEO plugin. -->","yoast_head_json":{"title":"JNR Vape Watch 18\/30K Puffs 2% Nic Wholesale Price Disposable Vape - vapebulkp.com % %","description":"Buy the JNR Vape Watch 18\/30K Puffs at wholesale prices. This 30000 Puffs Disposable Vape features a 1000mAh battery and mesh coil technology. Buy now for your EU vape shop.","robots":{"index":"index","follow":"follow","max-snippet":"max-snippet:-1","max-image-preview":"max-image-preview:large","max-video-preview":"max-video-preview:-1"},"canonical":"https:\/\/vapebulkp.com\/cs\/product\/jnr-vape-watch-18-30k-puffs-2-nic-wholesale-price-disposable-vape\/","og_locale":"cs_CZ","og_type":"article","og_title":"JNR Vape Watch 18\/30K Puffs 2% Nic Wholesale Price Disposable Vape - vapebulkp.com % %","og_description":"Buy the JNR Vape Watch 18\/30K Puffs at wholesale prices. This 30000 Puffs Disposable Vape features a 1000mAh battery and mesh coil technology. Buy now for your EU vape shop.","og_url":"https:\/\/vapebulkp.com\/cs\/product\/jnr-vape-watch-18-30k-puffs-2-nic-wholesale-price-disposable-vape\/","og_site_name":"vapebulkp.com","article_modified_time":"2025-09-24T03:38:14+00:00","og_image":[{"width":800,"height":800,"url":"http:\/\/vapebulkp.com\/wp-content\/uploads\/2024\/11\/JNR-VapeWatch-30k-Puffs-Hot-Sale-Vape-Box.jpg","type":"image\/jpeg"}],"twitter_card":"summary_large_image","twitter_misc":{"Odhadovan\u00e1 doba \u010dten\u00ed":"3 minuty"},"schema":{"@context":"https:\/\/schema.org","@graph":[{"@type":"WebPage","@id":"https:\/\/vapebulkp.com\/product\/jnr-vape-watch-18-30k-puffs-2-nic-wholesale-price-disposable-vape\/","url":"https:\/\/vapebulkp.com\/product\/jnr-vape-watch-18-30k-puffs-2-nic-wholesale-price-disposable-vape\/","name":"JNR Vape Watch 18\/30K Puffs 2% Nic Wholesale Price Disposable Vape - vapebulkp.com % %","isPartOf":{"@id":"https:\/\/vapebulkp.com\/#website"},"datePublished":"2024-11-28T09:13:37+00:00","dateModified":"2025-09-24T03:38:14+00:00","description":"Buy the JNR Vape Watch 18\/30K Puffs at wholesale prices. This 30000 Puffs Disposable Vape features a 1000mAh battery and mesh coil technology. Buy now for your EU vape shop.","breadcrumb":{"@id":"https:\/\/vapebulkp.com\/product\/jnr-vape-watch-18-30k-puffs-2-nic-wholesale-price-disposable-vape\/#breadcrumb"},"inLanguage":"cs","potentialAction":[{"@type":"ReadAction","target":["https:\/\/vapebulkp.com\/product\/jnr-vape-watch-18-30k-puffs-2-nic-wholesale-price-disposable-vape\/"]}]},{"@type":"BreadcrumbList","@id":"https:\/\/vapebulkp.com\/product\/jnr-vape-watch-18-30k-puffs-2-nic-wholesale-price-disposable-vape\/#breadcrumb","itemListElement":[{"@type":"ListItem","position":1,"name":"Home","item":"https:\/\/vapebulkp.com\/"},{"@type":"ListItem","position":2,"name":"Hot Trend Vapes","item":"https:\/\/vapebulkp.com\/vape-shop\/"},{"@type":"ListItem","position":3,"name":"JNR Vape Watch 18\/30K Puffs 2% Nic Wholesale Price Disposable Vape"}]},{"@type":"WebSite","@id":"https:\/\/vapebulkp.com\/#website","url":"https:\/\/vapebulkp.com\/","name":"vapebulkp.com","description":"Buy Vape In Cheap Bulk Price Near you","publisher":{"@id":"https:\/\/vapebulkp.com\/#organization"},"potentialAction":[{"@type":"SearchAction","target":{"@type":"EntryPoint","urlTemplate":"https:\/\/vapebulkp.com\/?s={search_term_string}"},"query-input":"required name=search_term_string"}],"inLanguage":"cs"},{"@type":"Organization","@id":"https:\/\/vapebulkp.com\/#organization","name":"vapebulkp.com","url":"https:\/\/vapebulkp.com\/","logo":{"@type":"ImageObject","inLanguage":"cs","@id":"https:\/\/vapebulkp.com\/#\/schema\/logo\/image\/","url":"https:\/\/vapebulkp.com\/wp-content\/uploads\/2023\/09\/cropped-vapebulkp.png","contentUrl":"https:\/\/vapebulkp.com\/wp-content\/uploads\/2023\/09\/cropped-vapebulkp.png","width":516,"height":163,"caption":"vapebulkp.com"},"image":{"@id":"https:\/\/vapebulkp.com\/#\/schema\/logo\/image\/"}}]}},"uagb_featured_image_src":{"full":["https:\/\/vapebulkp.com\/wp-content\/uploads\/2024\/11\/JNR-VapeWatch-30k-Puffs-Hot-Sale-Vape-Box.jpg",800,800,false],"thumbnail":["https:\/\/vapebulkp.com\/wp-content\/uploads\/2024\/11\/JNR-VapeWatch-30k-Puffs-Hot-Sale-Vape-Box-150x150.jpg",150,150,true],"medium":["https:\/\/vapebulkp.com\/wp-content\/uploads\/2024\/11\/JNR-VapeWatch-30k-Puffs-Hot-Sale-Vape-Box-300x300.jpg",300,300,true],"medium_large":["https:\/\/vapebulkp.com\/wp-content\/uploads\/2024\/11\/JNR-VapeWatch-30k-Puffs-Hot-Sale-Vape-Box-768x768.jpg",768,768,true],"large":["https:\/\/vapebulkp.com\/wp-content\/uploads\/2024\/11\/JNR-VapeWatch-30k-Puffs-Hot-Sale-Vape-Box.jpg",800,800,false],"1536x1536":["https:\/\/vapebulkp.com\/wp-content\/uploads\/2024\/11\/JNR-VapeWatch-30k-Puffs-Hot-Sale-Vape-Box.jpg",800,800,false],"2048x2048":["https:\/\/vapebulkp.com\/wp-content\/uploads\/2024\/11\/JNR-VapeWatch-30k-Puffs-Hot-Sale-Vape-Box.jpg",800,800,false],"trp-custom-language-flag":["https:\/\/vapebulkp.com\/wp-content\/uploads\/2024\/11\/JNR-VapeWatch-30k-Puffs-Hot-Sale-Vape-Box.jpg",12,12,false],"woocommerce_thumbnail":["https:\/\/vapebulkp.com\/wp-content\/uploads\/2024\/11\/JNR-VapeWatch-30k-Puffs-Hot-Sale-Vape-Box-300x300.jpg",300,300,true],"woocommerce_single":["https:\/\/vapebulkp.com\/wp-content\/uploads\/2024\/11\/JNR-VapeWatch-30k-Puffs-Hot-Sale-Vape-Box-600x600.jpg",600,600,true],"woocommerce_gallery_thumbnail":["https:\/\/vapebulkp.com\/wp-content\/uploads\/2024\/11\/JNR-VapeWatch-30k-Puffs-Hot-Sale-Vape-Box-100x100.jpg",100,100,true],"wcpr-photo-reviews":["https:\/\/vapebulkp.com\/wp-content\/uploads\/2024\/11\/JNR-VapeWatch-30k-Puffs-Hot-Sale-Vape-Box.jpg",500,500,false]},"uagb_author_info":{"display_name":"Mandy vape bulk price","author_link":"https:\/\/vapebulkp.com\/cs\/author\/"},"uagb_comment_info":0,"uagb_excerpt":"JNR Vape Watch 18K\/30K Puffs Disposable Vape offers up to 30,000 puffs, featuring 19ml of premium e-liquid, a 1000mAh rechargeable battery, and mesh coil technology for rich flavor and smooth vapor. Its Miami Mint flavor delivers a crisp, refreshing taste, while the sleek, watch-inspired design ensures portability and style. Pls Contact Mandy's WhatsApp For Discount&hellip;","_links":{"self":[{"href":"https:\/\/vapebulkp.com\/cs\/wp-json\/wp\/v2\/product\/3180","targetHints":{"allow":["GET"]}}],"collection":[{"href":"https:\/\/vapebulkp.com\/cs\/wp-json\/wp\/v2\/product"}],"about":[{"href":"https:\/\/vapebulkp.com\/cs\/wp-json\/wp\/v2\/types\/product"}],"replies":[{"embeddable":true,"href":"https:\/\/vapebulkp.com\/cs\/wp-json\/wp\/v2\/comments?post=3180"}],"wp:featuredmedia":[{"embeddable":true,"href":"https:\/\/vapebulkp.com\/cs\/wp-json\/wp\/v2\/media\/3170"}],"wp:attachment":[{"href":"https:\/\/vapebulkp.com\/cs\/wp-json\/wp\/v2\/media?parent=3180"}],"wp:term":[{"taxonomy":"product_cat","embeddable":true,"href":"https:\/\/vapebulkp.com\/cs\/wp-json\/wp\/v2\/product_cat?post=3180"},{"taxonomy":"product_tag","embeddable":true,"href":"https:\/\/vapebulkp.com\/cs\/wp-json\/wp\/v2\/product_tag?post=3180"}],"curies":[{"name":"wp","href":"https:\/\/api.w.org\/{rel}","templated":true}]}}