{"id":3226,"date":"2024-12-13T08:32:34","date_gmt":"2024-12-13T07:32:34","guid":{"rendered":"https:\/\/vapebulkp.com\/?post_type=product&#038;p=3226"},"modified":"2025-09-24T05:23:21","modified_gmt":"2025-09-24T03:23:21","slug":"vapsolo-feed-bar-shisha-vape-15000-puffs-wholesale-price","status":"publish","type":"product","link":"https:\/\/vapebulkp.com\/cs\/product\/vapsolo-feed-bar-shisha-vape-15000-puffs-wholesale-price\/","title":{"rendered":"Vapsolo FEED BAR SHISHA Vape 15000 PUFFS Velkoobchodn\u00ed cena"},"content":{"rendered":"<h2 style=\"text-align: left\">Vapsolo FEED BAR SHISHA Vape 15000 PUFFS Velkoobchodn\u00ed cena<\/h2>\n<p>&nbsp;<\/p>\n<p>Vapsolo FEED BAR SHISHA 15k potah\u016f je revolu\u010dn\u00ed jednor\u00e1zov\u00e1 elektronick\u00e1 cigareta navr\u017een\u00e1 pro dlouhotrvaj\u00edc\u00ed v\u00fdkon a v\u00fdjime\u010dn\u00fd z\u00e1\u017eitek z vapov\u00e1n\u00ed. S p\u016fsobiv\u00fdm <strong>15 000 pot\u00e1hnut\u00ed<\/strong>, je toto za\u0159\u00edzen\u00ed ide\u00e1ln\u00ed pro v\u00e1\u0161niv\u00e9 vapery hledaj\u00edc\u00ed pohodl\u00ed a spolehlivost v kompaktn\u00edm, stylov\u00e9m balen\u00ed. Vybaveno \u0161t\u011bdr\u00fdm <strong>objem 25 ml e-liquidu<\/strong>, vape 15k Puffs SHISHA zaji\u0161\u0165uje nep\u0159eru\u0161ovan\u00fd po\u017eitek s ka\u017ed\u00fdm potahem a dod\u00e1v\u00e1 bohatou a chutnou p\u00e1ru. Jeho pokro\u010dil\u00e1 <strong>technologie mesh c\u00edvky<\/strong> v kombinaci s <strong>odporem \u017ehavic\u00ed spir\u00e1lky 0,6\u03a9<\/strong> poskytuje konzistentn\u00ed zah\u0159\u00edv\u00e1n\u00ed a hladkou produkci p\u00e1ry, kter\u00e1 vyhovuje jak nad\u0161enc\u016fm do chuti, tak milovn\u00edk\u016fm oblak\u016f.<\/p>\n<p>Vestav\u011bn\u00e1 <strong>650mAh dob\u00edjec\u00ed baterie<\/strong> je navr\u017eeno pro odolnost a efektivitu, umo\u017e\u0148uje v\u00edce nab\u00edjec\u00edch cykl\u016f p\u0159es <strong>Port typu C<\/strong> pro rychlej\u0161\u00ed a stabiln\u011bj\u0161\u00ed nab\u00edjen\u00ed. S nastaviteln\u00fdm proud\u011bn\u00edm vzduchu si u\u017eivatel\u00e9 mohou p\u0159izp\u016fsobit preferenci potahu pro skute\u010dn\u011b p\u0159izp\u016fsoben\u00fd z\u00e1\u017eitek z vapov\u00e1n\u00ed. Elegantn\u00ed design a pokro\u010dil\u00e9 funkce d\u011blaj\u00ed z Vapsolo <strong>KRMI\u010c BAR SHISHA\u00a0<a href=\"https:\/\/vapebulkp.com\/cs\/product-category\/15000-puffs-disposable-vape\/\"> 15000 pot\u00e1hnut\u00ed jednor\u00e1zov\u00e1 e-cigareta<\/a><\/strong> v\u00fdraznou volbu pro za\u010d\u00e1te\u010dn\u00edky i zku\u0161en\u00e9 vapery. A\u0165 u\u017e si u\u017e\u00edv\u00e1te b\u011b\u017en\u00e9 pou\u017e\u00edv\u00e1n\u00ed, nebo hled\u00e1te cestovn\u00ed za\u0159\u00edzen\u00ed pro del\u0161\u00ed cesty, toto vape pero je vyrobeno tak, aby zap\u016fsobilo. Vylep\u0161ete svou vapovac\u00ed hru s Top Sale Vape Vapsolo FEED BAR 15k potah\u016f \u2013 dokonal\u00e1 kombinace v\u00fdkonu, stylu a inovace.<\/p>\n<p><img decoding=\"async\" class=\"wp-image-3230\" src=\"http:\/\/vapebulkp.com\/wp-content\/uploads\/2024\/12\/Vapsolo-FEED-BAR-SHISHA-15000-PUFFS-HOT-SALE-VAPE.png\" alt=\"Vapsolo KRMI\u010c BAR SHISHA 15000 P\u0158EDM\u011aT\u016e HORK\u00dd PRODEJ VAPE\" width=\"801\" height=\"375\" srcset=\"https:\/\/vapebulkp.com\/wp-content\/uploads\/2024\/12\/Vapsolo-FEED-BAR-SHISHA-15000-PUFFS-HOT-SALE-VAPE.png 720w, https:\/\/vapebulkp.com\/wp-content\/uploads\/2024\/12\/Vapsolo-FEED-BAR-SHISHA-15000-PUFFS-HOT-SALE-VAPE-300x140.png 300w, https:\/\/vapebulkp.com\/wp-content\/uploads\/2024\/12\/Vapsolo-FEED-BAR-SHISHA-15000-PUFFS-HOT-SALE-VAPE-600x281.png 600w\" sizes=\"(max-width: 801px) 100vw, 801px\" \/><\/p>\n<h6>Pro slevu pros\u00edm kontaktujte Mandy p\u0159es WhatsApp<a href=\"https:\/\/wa.me\/8618077105796\">+8618077105796<\/a><\/h6>\n<p><img decoding=\"async\" class=\"alignnone wp-image-2151\" src=\"http:\/\/vapebulkp.com\/wp-content\/uploads\/2024\/04\/Mandy-WhatsApp-Randm.jpg\" alt=\"Mandy WhatsApp Randm\" width=\"324\" height=\"330\" \/><\/p>\n<p>&nbsp;<\/p>\n<h2>Vlastnosti Vapsolo FEED BAR Vape 15k potah\u016f shisha vape Pod:<\/h2>\n<p>&nbsp;<\/p>\n<ul>\n<li><strong>Ovl\u00e1d\u00e1n\u00ed pr\u016ftoku vzduchu<\/strong>: Nastaviteln\u00e9 pro p\u0159izp\u016fsoben\u00ed odporu potahu<\/li>\n<li><strong>Kapacita e-liquidu<\/strong>: 25ML<\/li>\n<li><strong>Kapacita baterie<\/strong>: 650mAh dob\u00edjec\u00ed baterie<\/li>\n<li><strong>Technologie oh\u0159evu<\/strong>: M\u0159\u00ed\u017ekov\u00e1 c\u00edvka<\/li>\n<li><strong>Odpor spir\u00e1lky<\/strong>: 0,6\u03a9<\/li>\n<li><strong>Nab\u00edjec\u00ed port<\/strong>: Type-C, podporuje rychl\u00e9 nab\u00edjen\u00ed<\/li>\n<li><strong>Po\u010det pot\u00e1hnut\u00ed<\/strong>: A\u017e 15 000 potah\u016f<\/li>\n<\/ul>\n<p>&nbsp;<\/p>\n<h2>Vapsolo Vape 15000 pot\u00e1hnut\u00ed, jednor\u00e1zov\u00e9 vapy, seznam p\u0159\u00edchut\u00ed:<\/h2>\n<p>1.Dv\u011b jablka<br \/>\n2.Modr\u00e1 malinov\u00e1 limon\u00e1da<br \/>\n3.Broskvov\u00e1 ledov\u00e1<br \/>\n4.Mangov\u00e1 ledov\u00e1<br \/>\n5.Sv\u011b\u017e\u00ed ledov\u00e1<br \/>\n6.Citr\u00f3n s m\u00e1tou<br \/>\n7.Kouzeln\u00e1 l\u00e1ska<br \/>\n8.Hroznov\u00e9 v\u00edno s m\u00e1tou<br \/>\n9.Jahodov\u00fd pun\u010d<br \/>\n10.Bor\u016fvkov\u00e1 \u017ev\u00fdka\u010dka<br \/>\n11.Bobulov\u00e1 ledov\u00e1<br \/>\n12.Sladk\u00e1 marakuja<br \/>\n13.T\u0159e\u0161\u0148ov\u00e1 Fiesta<br \/>\n14.\u010cern\u00fd ryb\u00edz ledov\u00fd<br \/>\n15.Jahoda kiwi<\/p>\n<h3><strong>Pro\u010d zvolit Vapebulkp.com k n\u00e1kupu Vapsolo FEED BAR SHISHA Vape 15000 PUFFS?<\/strong><\/h3>\n<p>Vapebulkp.com je d\u016fv\u011bryhodn\u00e1 platforma nab\u00edzej\u00edc\u00ed pr\u00e9miov\u00e9 vapingov\u00e9 produkty s bezprobl\u00e9mov\u00fdm n\u00e1kupn\u00edm z\u00e1\u017eitkem. V\u00fdb\u011brem Vapebulkp.com pro n\u00e1kup va\u0161eho Vapsolo FEED BAR SHISHA si zajist\u00edte:<\/p>\n<ol>\n<li><strong>Konkuren\u010dn\u00ed ceny<\/strong>: Exkluzivn\u00ed velkoobchodn\u00ed a maloobchodn\u00ed ceny pro nep\u0159ekonatelnou hodnotu.<\/li>\n<li><strong>Zaru\u010den\u00e1 pravost<\/strong>: 100% origin\u00e1ln\u00ed produkty p\u0159\u00edmo od v\u00fdrobc\u016f.<\/li>\n<li><strong>Rychl\u00e9 doru\u010den\u00ed<\/strong>: Spolehliv\u00e9 doru\u010den\u00ed po cel\u00e9 Evrop\u011b, kter\u00e9 zajist\u00ed rychl\u00e9 dod\u00e1n\u00ed va\u0161\u00ed objedn\u00e1vky.<\/li>\n<li><strong>Z\u00e1kaznick\u00e1 podpora<\/strong>: Dedikovan\u00fd servis pro pomoc s dotazy a poskytov\u00e1n\u00ed poprodejn\u00ed podpory.<\/li>\n<li><strong>\u0160irok\u00fd v\u00fdb\u011br<\/strong>: P\u0159\u00edstup k r\u016fzn\u00fdm \u0161pi\u010dkov\u00fdm zna\u010dk\u00e1m a produkt\u016fm p\u0159izp\u016fsoben\u00fdm r\u016fzn\u00fdm preferenc\u00edm.<\/li>\n<\/ol>\n<h4><strong>Dal\u0161\u00ed popul\u00e1rn\u00ed zna\u010dky dostupn\u00e9 v <a href=\"https:\/\/vapebulkp.com\/cs\/vape-shop\/\">Vapebulkp.com<\/a><\/strong><\/h4>\n<ol>\n<li><a href=\"https:\/\/vapebulkp.com\/cs\/product\/bang-vape-36k-puffs-adjustable-ice-premium-disposable-vape\/\"><strong>\u0158ada Bang Vape<\/strong><\/a>\n<ul>\n<li>Modely: 12000 pot\u00e1hnut\u00ed, 18000 pot\u00e1hnut\u00ed, 22000 pot\u00e1hnut\u00ed, 30000 pot\u00e1hnut\u00ed, 36000 pot\u00e1hnut\u00ed<\/li>\n<li><strong>V\u00fdhody<\/strong>: Vysok\u00fd po\u010det pot\u00e1hnut\u00ed, inovativn\u00ed funkce jako LCD obrazovky a rozpozn\u00e1v\u00e1n\u00ed otisk\u016f prst\u016f, rozmanit\u00e9 mo\u017enosti p\u0159\u00edchut\u00ed.<\/li>\n<\/ul>\n<\/li>\n<li><a href=\"https:\/\/vapebulkp.com\/cs\/product\/good-randm-tornado-7000-puffs-netherland-wholesale\/\"><strong>Randm Tornado<\/strong><\/a>\n<ul>\n<li>Modely: <a href=\"https:\/\/vapebulkp.com\/cs\/product-category\/15000-puffs-disposable-vape\/\">15 000 potah\u016f<\/a>,<a href=\"https:\/\/vapebulkp.com\/cs\/product-category\/30000-puff-disposable-vape\/\"> 30 000 pot\u00e1hnut\u00ed<\/a><\/li>\n<li><strong>V\u00fdhody<\/strong>: Jedine\u010dn\u00e9 LED designy, dob\u00edjec\u00ed baterie s vysokou kapacitou, konzistentn\u00ed pod\u00e1n\u00ed chuti.<\/li>\n<\/ul>\n<\/li>\n<li><a href=\"https:\/\/vapebulkp.com\/cs\/product\/elfworld-plus-20000-puffs-disposable-vape-22ml-eliquid-capacity\/\"><strong>Elf World Plus<\/strong><\/a>\n<ul>\n<li>Modely: 20 000 potah\u016f<\/li>\n<li><strong>V\u00fdhody<\/strong>: Kompaktn\u00ed a vhodn\u00fd na cesty, pr\u00e9miov\u00e1 technologie spir\u00e1lky, hladk\u00fd z\u00e1\u017eitek z vapov\u00e1n\u00ed.<\/li>\n<\/ul>\n<\/li>\n<li><a href=\"https:\/\/vapebulkp.com\/cs\/product\/fumot-tornado-25k-puffs-cheap-price-disposable-vape\/\"><strong>Fumot Tornado<\/strong><\/a>\n<ul>\n<li>Modely: 25 000 potah\u016f, 30 000 potah\u016f<\/li>\n<li><strong>V\u00fdhody<\/strong>: Dvojit\u00e1 mesh spir\u00e1lka pro lep\u0161\u00ed chu\u0165, TFT displeje a ekologick\u00e9 designy.<\/li>\n<\/ul>\n<\/li>\n<li><a href=\"https:\/\/vapebulkp.com\/cs\/product\/vapme-crystal-7000-puffs-original-vape-good-flavor\/\"><strong>Vapme Crystal Series<\/strong><\/a>\n<ul>\n<li>Modely: 7 000 potah\u016f, 20 000 potah\u016f<\/li>\n<li><strong>V\u00fdhody<\/strong>: Elegantn\u00ed design, kompatibilita DTL a r\u016fzn\u00e9 kombinace p\u0159\u00edchut\u00ed.<\/li>\n<\/ul>\n<\/li>\n<\/ol>\n<h3><strong>Pro\u010d <a href=\"https:\/\/vapebulkp.com\/cs\/vape-shop\/\">Vapebulkp.com<\/a> Vynik\u00e1<\/strong><\/h3>\n<p>D\u00edky sv\u00e9mu rozmanit\u00e9mu invent\u00e1\u0159i <a href=\"https:\/\/vapebulkp.com\/cs\/vape-shop\/\">Vapebulkp.com<\/a> zaji\u0161\u0165uje, \u017ee ka\u017ed\u00fd z\u00e1kazn\u00edk najde produkt, kter\u00fd vyhovuje jeho pot\u0159eb\u00e1m, a nab\u00edz\u00ed \u0161pi\u010dkov\u00e9 designy, ekologick\u00e9 mo\u017enosti a za\u0159\u00edzen\u00ed s dlouhou v\u00fddr\u017e\u00ed, kter\u00e9 pozvednou z\u00e1\u017eitek z vapov\u00e1n\u00ed. U\u017eivatelsky orientovan\u00fd p\u0159\u00edstup platformy, spolu s jej\u00edm zam\u011b\u0159en\u00edm na kvalitu a cenovou dostupnost, z n\u00ed \u010din\u00ed nejlep\u0161\u00ed destinaci pro vapery v cel\u00e9 \u010cesk\u00e9 republice.<\/p>\n<p>&nbsp;<\/p>\n<h3>Podrobnosti o p\u0159eprav\u011b:<\/h3>\n<p><span style=\"color: #ff6600\">Doba v\u00fdroby: 5-10 pracovn\u00edch dn\u016f<\/span><br \/>\n<span style=\"color: #ff6600\">Doba p\u0159epravy: 8-14 pracovn\u00edch dn\u016f<\/span><\/p>\n<p>V\u0161echny produkty v na\u0161em obchod\u011b jsou 100% origin\u00e1ln\u00ed a autentick\u00e9, tak\u017ee desetin\u00e1sobn\u00e1 n\u00e1hrada za pad\u011blky je na\u0161\u00ed obchodn\u00ed politikou. K doru\u010den\u00ed zbo\u017e\u00ed pou\u017e\u00edv\u00e1me logistick\u00e9 kan\u00e1ly jako UPS\/DHL\/FEDEX\/DPD.<\/p>\n<p>Pro z\u00e1silky odeslan\u00e9 do \u010cesk\u00e9 republiky obvykle trv\u00e1 doru\u010den\u00ed 10 pracovn\u00edch dn\u016f. Doru\u010den\u00ed do evropsk\u00fdch zem\u00ed obvykle trv\u00e1 12 a\u017e 15 pracovn\u00edch dn\u016f. Logistick\u00e9 informace pro v\u00e1s budeme aktualizovat v re\u00e1ln\u00e9m \u010dase.<\/p>","protected":false},"excerpt":{"rendered":"<p>Kupte Vapsolo FEED BAR SHISHA 15000 POTAH\u016e velkoobchodn\u011b. Dlouhotrvaj\u00edc\u00ed, 15ml e-liquidu, 2% nikotinu, pr\u00e9miov\u00e9 p\u0159\u00edchut\u011b, konkuren\u010dn\u00ed ceny!<\/p>\n<p>Pro slevu pros\u00edm kontaktujte Mandy p\u0159es WhatsApp<a href=\"https:\/\/wa.me\/8618077105796\">+8618077105796<\/a><\/p>\n<p><img decoding=\"async\" class=\"alignnone wp-image-2151\" src=\"http:\/\/vapebulkp.com\/wp-content\/uploads\/2024\/04\/Mandy-WhatsApp-Randm.jpg\" alt=\"Mandy WhatsApp Randm\" width=\"297\" height=\"316\" srcset=\"https:\/\/vapebulkp.com\/wp-content\/uploads\/2024\/04\/Mandy-WhatsApp-Randm.jpg 916w, https:\/\/vapebulkp.com\/wp-content\/uploads\/2024\/04\/Mandy-WhatsApp-Randm-282x300.jpg 282w, https:\/\/vapebulkp.com\/wp-content\/uploads\/2024\/04\/Mandy-WhatsApp-Randm-768x817.jpg 768w, https:\/\/vapebulkp.com\/wp-content\/uploads\/2024\/04\/Mandy-WhatsApp-Randm-600x638.jpg 600w\" sizes=\"(max-width: 297px) 100vw, 297px\" \/><\/p>\n<p><span style=\"color: #ff0000\">POZN\u00c1MKA: Ceny na na\u0161em webu nezahrnuj\u00ed n\u00e1klady na dopravu<\/span><\/p>\n<p>&nbsp;<\/p>","protected":false},"featured_media":3229,"comment_status":"open","ping_status":"closed","template":"","meta":{"_uag_custom_page_level_css":"","_lmt_disableupdate":"no","_lmt_disable":"","site-sidebar-layout":"default","site-content-layout":"content-boxed-container","ast-site-content-layout":"normal-width-container","site-content-style":"boxed","site-sidebar-style":"unboxed","ast-global-header-display":"","ast-banner-title-visibility":"","ast-main-header-display":"","ast-hfb-above-header-display":"","ast-hfb-below-header-display":"","ast-hfb-mobile-header-display":"","site-post-title":"","ast-breadcrumbs-content":"","ast-featured-img":"","footer-sml-layout":"","theme-transparent-header-meta":"default","adv-header-id-meta":"","stick-header-meta":"","header-above-stick-meta":"","header-main-stick-meta":"","header-below-stick-meta":"","astra-migrate-meta-layouts":"set","_joinchat":[]},"product_cat":[165,153,155,33,59,100,87,34,158,157,154,152,58,84,156,63,32,362],"product_tag":[36,37,41,40],"class_list":["post-3226","product","type-product","status-publish","has-post-thumbnail","hentry","product_cat-15000-puffs-disposable-vape","product_cat-hot-disposable-vapes","product_cat-belgium-hot-disposable-vapes","product_cat-france-vape-hot-sale","product_cat-germany-hot-disposable-vape","product_cat-germany-wholesale-vape-shop","product_cat-minimum-order-quantity-50pcs","product_cat-netherlands-vape-good-sale","product_cat-norway-hot-disposable-vapes","product_cat-poland-hot-disposable-vapes","product_cat-portugal-hot-disposable-vapes","product_cat-spain-hot-disposable-vapes","product_cat-sweden-hot-disposable-vape","product_cat-sweden-wholesale-vape","product_cat-switzerland-hot-disposable-vapes","product_cat-top-sale-disposable-vape","product_cat-vape-hot-sale-this-week","product_cat-vapsolo-vape","product_tag-good-vape","product_tag-hot-sale-disposable-vape","product_tag-poland-hot-vape","product_tag-sweden-hot-vape","pa_brand-vapsolo-vape","desktop-align-left","tablet-align-left","mobile-align-left"],"yoast_head":"<!-- This site is optimized with the Yoast SEO plugin v21.1 - https:\/\/yoast.com\/wordpress\/plugins\/seo\/ -->\n<title>Vapsolo FEED BAR SHISHA Vape 15000 PUFFS Wholesale Price - vapebulkp.com<\/title>\n<meta name=\"description\" content=\"Shop Vapsolo FEED BAR SHISHA Vape 15000 Puffs at wholesale prices. High-capacity, premium flavors, perfect for bulk orders.\" \/>\n<meta name=\"robots\" content=\"index, follow, max-snippet:-1, max-image-preview:large, max-video-preview:-1\" \/>\n<link rel=\"canonical\" href=\"https:\/\/vapebulkp.com\/cs\/product\/vapsolo-feed-bar-shisha-vape-15000-puffs-wholesale-price\/\" \/>\n<meta property=\"og:locale\" content=\"cs_CZ\" \/>\n<meta property=\"og:type\" content=\"article\" \/>\n<meta property=\"og:title\" content=\"Vapsolo FEED BAR SHISHA Vape 15000 PUFFS Wholesale Price - vapebulkp.com\" \/>\n<meta property=\"og:description\" content=\"Shop Vapsolo FEED BAR SHISHA Vape 15000 Puffs at wholesale prices. High-capacity, premium flavors, perfect for bulk orders.\" \/>\n<meta property=\"og:url\" content=\"https:\/\/vapebulkp.com\/cs\/product\/vapsolo-feed-bar-shisha-vape-15000-puffs-wholesale-price\/\" \/>\n<meta property=\"og:site_name\" content=\"vapebulkp.com\" \/>\n<meta property=\"article:modified_time\" content=\"2025-09-24T03:23:21+00:00\" \/>\n<meta property=\"og:image\" content=\"http:\/\/vapebulkp.com\/wp-content\/uploads\/2024\/12\/Vapsolo-FEED-BAR-SHISHA-15000-PUFFS.jpg\" \/>\n\t<meta property=\"og:image:width\" content=\"800\" \/>\n\t<meta property=\"og:image:height\" content=\"800\" \/>\n\t<meta property=\"og:image:type\" content=\"image\/jpeg\" \/>\n<meta name=\"twitter:card\" content=\"summary_large_image\" \/>\n<meta name=\"twitter:label1\" content=\"Odhadovan\u00e1 doba \u010dten\u00ed\" \/>\n\t<meta name=\"twitter:data1\" content=\"4 minuty\" \/>\n<script type=\"application\/ld+json\" class=\"yoast-schema-graph\">{\"@context\":\"https:\/\/schema.org\",\"@graph\":[{\"@type\":\"WebPage\",\"@id\":\"https:\/\/vapebulkp.com\/product\/vapsolo-feed-bar-shisha-vape-15000-puffs-wholesale-price\/\",\"url\":\"https:\/\/vapebulkp.com\/product\/vapsolo-feed-bar-shisha-vape-15000-puffs-wholesale-price\/\",\"name\":\"Vapsolo FEED BAR SHISHA Vape 15000 PUFFS Wholesale Price - vapebulkp.com\",\"isPartOf\":{\"@id\":\"https:\/\/vapebulkp.com\/#website\"},\"datePublished\":\"2024-12-13T07:32:34+00:00\",\"dateModified\":\"2025-09-24T03:23:21+00:00\",\"description\":\"Shop Vapsolo FEED BAR SHISHA Vape 15000 Puffs at wholesale prices. High-capacity, premium flavors, perfect for bulk orders.\",\"breadcrumb\":{\"@id\":\"https:\/\/vapebulkp.com\/product\/vapsolo-feed-bar-shisha-vape-15000-puffs-wholesale-price\/#breadcrumb\"},\"inLanguage\":\"cs\",\"potentialAction\":[{\"@type\":\"ReadAction\",\"target\":[\"https:\/\/vapebulkp.com\/product\/vapsolo-feed-bar-shisha-vape-15000-puffs-wholesale-price\/\"]}]},{\"@type\":\"BreadcrumbList\",\"@id\":\"https:\/\/vapebulkp.com\/product\/vapsolo-feed-bar-shisha-vape-15000-puffs-wholesale-price\/#breadcrumb\",\"itemListElement\":[{\"@type\":\"ListItem\",\"position\":1,\"name\":\"Home\",\"item\":\"https:\/\/vapebulkp.com\/\"},{\"@type\":\"ListItem\",\"position\":2,\"name\":\"Hot Trend Vapes\",\"item\":\"https:\/\/vapebulkp.com\/vape-shop\/\"},{\"@type\":\"ListItem\",\"position\":3,\"name\":\"Vapsolo FEED BAR SHISHA Vape 15000 PUFFS Wholesale Price\"}]},{\"@type\":\"WebSite\",\"@id\":\"https:\/\/vapebulkp.com\/#website\",\"url\":\"https:\/\/vapebulkp.com\/\",\"name\":\"vapebulkp.com\",\"description\":\"Buy Vape In Cheap Bulk Price Near you\",\"publisher\":{\"@id\":\"https:\/\/vapebulkp.com\/#organization\"},\"potentialAction\":[{\"@type\":\"SearchAction\",\"target\":{\"@type\":\"EntryPoint\",\"urlTemplate\":\"https:\/\/vapebulkp.com\/?s={search_term_string}\"},\"query-input\":\"required name=search_term_string\"}],\"inLanguage\":\"cs\"},{\"@type\":\"Organization\",\"@id\":\"https:\/\/vapebulkp.com\/#organization\",\"name\":\"vapebulkp.com\",\"url\":\"https:\/\/vapebulkp.com\/\",\"logo\":{\"@type\":\"ImageObject\",\"inLanguage\":\"cs\",\"@id\":\"https:\/\/vapebulkp.com\/#\/schema\/logo\/image\/\",\"url\":\"https:\/\/vapebulkp.com\/wp-content\/uploads\/2023\/09\/cropped-vapebulkp.png\",\"contentUrl\":\"https:\/\/vapebulkp.com\/wp-content\/uploads\/2023\/09\/cropped-vapebulkp.png\",\"width\":516,\"height\":163,\"caption\":\"vapebulkp.com\"},\"image\":{\"@id\":\"https:\/\/vapebulkp.com\/#\/schema\/logo\/image\/\"}}]}<\/script>\n<!-- \/ Yoast SEO plugin. -->","yoast_head_json":{"title":"Vapsolo FEED BAR SHISHA Vape 15000 PUFFS Wholesale Price - vapebulkp.com","description":"Shop Vapsolo FEED BAR SHISHA Vape 15000 Puffs at wholesale prices. High-capacity, premium flavors, perfect for bulk orders.","robots":{"index":"index","follow":"follow","max-snippet":"max-snippet:-1","max-image-preview":"max-image-preview:large","max-video-preview":"max-video-preview:-1"},"canonical":"https:\/\/vapebulkp.com\/cs\/product\/vapsolo-feed-bar-shisha-vape-15000-puffs-wholesale-price\/","og_locale":"cs_CZ","og_type":"article","og_title":"Vapsolo FEED BAR SHISHA Vape 15000 PUFFS Wholesale Price - vapebulkp.com","og_description":"Shop Vapsolo FEED BAR SHISHA Vape 15000 Puffs at wholesale prices. High-capacity, premium flavors, perfect for bulk orders.","og_url":"https:\/\/vapebulkp.com\/cs\/product\/vapsolo-feed-bar-shisha-vape-15000-puffs-wholesale-price\/","og_site_name":"vapebulkp.com","article_modified_time":"2025-09-24T03:23:21+00:00","og_image":[{"width":800,"height":800,"url":"http:\/\/vapebulkp.com\/wp-content\/uploads\/2024\/12\/Vapsolo-FEED-BAR-SHISHA-15000-PUFFS.jpg","type":"image\/jpeg"}],"twitter_card":"summary_large_image","twitter_misc":{"Odhadovan\u00e1 doba \u010dten\u00ed":"4 minuty"},"schema":{"@context":"https:\/\/schema.org","@graph":[{"@type":"WebPage","@id":"https:\/\/vapebulkp.com\/product\/vapsolo-feed-bar-shisha-vape-15000-puffs-wholesale-price\/","url":"https:\/\/vapebulkp.com\/product\/vapsolo-feed-bar-shisha-vape-15000-puffs-wholesale-price\/","name":"Vapsolo FEED BAR SHISHA Vape 15000 PUFFS Wholesale Price - vapebulkp.com","isPartOf":{"@id":"https:\/\/vapebulkp.com\/#website"},"datePublished":"2024-12-13T07:32:34+00:00","dateModified":"2025-09-24T03:23:21+00:00","description":"Shop Vapsolo FEED BAR SHISHA Vape 15000 Puffs at wholesale prices. High-capacity, premium flavors, perfect for bulk orders.","breadcrumb":{"@id":"https:\/\/vapebulkp.com\/product\/vapsolo-feed-bar-shisha-vape-15000-puffs-wholesale-price\/#breadcrumb"},"inLanguage":"cs","potentialAction":[{"@type":"ReadAction","target":["https:\/\/vapebulkp.com\/product\/vapsolo-feed-bar-shisha-vape-15000-puffs-wholesale-price\/"]}]},{"@type":"BreadcrumbList","@id":"https:\/\/vapebulkp.com\/product\/vapsolo-feed-bar-shisha-vape-15000-puffs-wholesale-price\/#breadcrumb","itemListElement":[{"@type":"ListItem","position":1,"name":"Home","item":"https:\/\/vapebulkp.com\/"},{"@type":"ListItem","position":2,"name":"Hot Trend Vapes","item":"https:\/\/vapebulkp.com\/vape-shop\/"},{"@type":"ListItem","position":3,"name":"Vapsolo FEED BAR SHISHA Vape 15000 PUFFS Wholesale Price"}]},{"@type":"WebSite","@id":"https:\/\/vapebulkp.com\/#website","url":"https:\/\/vapebulkp.com\/","name":"vapebulkp.com","description":"Buy Vape In Cheap Bulk Price Near you","publisher":{"@id":"https:\/\/vapebulkp.com\/#organization"},"potentialAction":[{"@type":"SearchAction","target":{"@type":"EntryPoint","urlTemplate":"https:\/\/vapebulkp.com\/?s={search_term_string}"},"query-input":"required name=search_term_string"}],"inLanguage":"cs"},{"@type":"Organization","@id":"https:\/\/vapebulkp.com\/#organization","name":"vapebulkp.com","url":"https:\/\/vapebulkp.com\/","logo":{"@type":"ImageObject","inLanguage":"cs","@id":"https:\/\/vapebulkp.com\/#\/schema\/logo\/image\/","url":"https:\/\/vapebulkp.com\/wp-content\/uploads\/2023\/09\/cropped-vapebulkp.png","contentUrl":"https:\/\/vapebulkp.com\/wp-content\/uploads\/2023\/09\/cropped-vapebulkp.png","width":516,"height":163,"caption":"vapebulkp.com"},"image":{"@id":"https:\/\/vapebulkp.com\/#\/schema\/logo\/image\/"}}]}},"uagb_featured_image_src":{"full":["https:\/\/vapebulkp.com\/wp-content\/uploads\/2024\/12\/Vapsolo-FEED-BAR-SHISHA-15000-PUFFS.jpg",800,800,false],"thumbnail":["https:\/\/vapebulkp.com\/wp-content\/uploads\/2024\/12\/Vapsolo-FEED-BAR-SHISHA-15000-PUFFS-150x150.jpg",150,150,true],"medium":["https:\/\/vapebulkp.com\/wp-content\/uploads\/2024\/12\/Vapsolo-FEED-BAR-SHISHA-15000-PUFFS-300x300.jpg",300,300,true],"medium_large":["https:\/\/vapebulkp.com\/wp-content\/uploads\/2024\/12\/Vapsolo-FEED-BAR-SHISHA-15000-PUFFS-768x768.jpg",768,768,true],"large":["https:\/\/vapebulkp.com\/wp-content\/uploads\/2024\/12\/Vapsolo-FEED-BAR-SHISHA-15000-PUFFS.jpg",800,800,false],"1536x1536":["https:\/\/vapebulkp.com\/wp-content\/uploads\/2024\/12\/Vapsolo-FEED-BAR-SHISHA-15000-PUFFS.jpg",800,800,false],"2048x2048":["https:\/\/vapebulkp.com\/wp-content\/uploads\/2024\/12\/Vapsolo-FEED-BAR-SHISHA-15000-PUFFS.jpg",800,800,false],"trp-custom-language-flag":["https:\/\/vapebulkp.com\/wp-content\/uploads\/2024\/12\/Vapsolo-FEED-BAR-SHISHA-15000-PUFFS.jpg",12,12,false],"woocommerce_thumbnail":["https:\/\/vapebulkp.com\/wp-content\/uploads\/2024\/12\/Vapsolo-FEED-BAR-SHISHA-15000-PUFFS-300x300.jpg",300,300,true],"woocommerce_single":["https:\/\/vapebulkp.com\/wp-content\/uploads\/2024\/12\/Vapsolo-FEED-BAR-SHISHA-15000-PUFFS-600x600.jpg",600,600,true],"woocommerce_gallery_thumbnail":["https:\/\/vapebulkp.com\/wp-content\/uploads\/2024\/12\/Vapsolo-FEED-BAR-SHISHA-15000-PUFFS-100x100.jpg",100,100,true],"wcpr-photo-reviews":["https:\/\/vapebulkp.com\/wp-content\/uploads\/2024\/12\/Vapsolo-FEED-BAR-SHISHA-15000-PUFFS.jpg",500,500,false]},"uagb_author_info":{"display_name":"Mandy vape bulk price","author_link":"https:\/\/vapebulkp.com\/cs\/author\/"},"uagb_comment_info":0,"uagb_excerpt":"Buy Vapsolo FEED BAR SHISHA 15000 Puffs wholesale. Long-lasting, 15ml e-liquid, 2% nicotine, premium flavors, competitive prices! Pls Contact Mandy's WhatsApp For Discount Price+8618077105796 NOTE: Prices on our website does not include shipping costs &nbsp;","_links":{"self":[{"href":"https:\/\/vapebulkp.com\/cs\/wp-json\/wp\/v2\/product\/3226","targetHints":{"allow":["GET"]}}],"collection":[{"href":"https:\/\/vapebulkp.com\/cs\/wp-json\/wp\/v2\/product"}],"about":[{"href":"https:\/\/vapebulkp.com\/cs\/wp-json\/wp\/v2\/types\/product"}],"replies":[{"embeddable":true,"href":"https:\/\/vapebulkp.com\/cs\/wp-json\/wp\/v2\/comments?post=3226"}],"wp:featuredmedia":[{"embeddable":true,"href":"https:\/\/vapebulkp.com\/cs\/wp-json\/wp\/v2\/media\/3229"}],"wp:attachment":[{"href":"https:\/\/vapebulkp.com\/cs\/wp-json\/wp\/v2\/media?parent=3226"}],"wp:term":[{"taxonomy":"product_cat","embeddable":true,"href":"https:\/\/vapebulkp.com\/cs\/wp-json\/wp\/v2\/product_cat?post=3226"},{"taxonomy":"product_tag","embeddable":true,"href":"https:\/\/vapebulkp.com\/cs\/wp-json\/wp\/v2\/product_tag?post=3226"}],"curies":[{"name":"wp","href":"https:\/\/api.w.org\/{rel}","templated":true}]}}