{"id":3268,"date":"2024-12-20T09:24:34","date_gmt":"2024-12-20T08:24:34","guid":{"rendered":"https:\/\/vapebulkp.com\/?post_type=product&#038;p=3268"},"modified":"2025-09-03T05:31:08","modified_gmt":"2025-09-03T03:31:08","slug":"vookbar-30000-puffs-touch-screen-disposable-vapes-wholesale-price","status":"publish","type":"product","link":"https:\/\/vapebulkp.com\/cs\/product\/vookbar-30000-puffs-touch-screen-disposable-vapes-wholesale-price\/","title":{"rendered":"Vookbar 30000 Puffs dotykov\u00e1 obrazovka jednor\u00e1zov\u00e9 vapes velkoobchodn\u00ed cena"},"content":{"rendered":"<h1 style=\"text-align: left\">Vookbar 30000 Puffs dotykov\u00e1 obrazovka jednor\u00e1zov\u00e9 vapes velkoobchodn\u00ed cena<\/h1>\n<p>&nbsp;<\/p>\n<p>Ten <strong>Vookbar Cyber PRO 30 000 Puffs Dotykov\u00fd displej Jednor\u00e1zov\u00e9 Vape<\/strong> je ultimativn\u00ed volbou pro vapery hledaj\u00edc\u00ed inovaci, v\u00fdkon a pohodl\u00ed. S pokro\u010dil\u00fdm <strong>2,01palcov\u00fdm dotykov\u00fdm displejem<\/strong>, toto za\u0159\u00edzen\u00ed nab\u00edz\u00ed p\u0159esnou kontrolu nad nastaven\u00edm, zat\u00edmco jeho <strong>technologi\u00ed du\u00e1ln\u00ed mesh spir\u00e1lky<\/strong> zaji\u0161\u0165uje bohatou chu\u0165 a hladk\u00e9 mraky. P\u0159edpln\u011bn\u00e9 s <strong>22ML pr\u00e9miov\u00e9ho e-liquidu<\/strong> a nab\u00edzej\u00edc\u00ed <strong>s\u00edlu nikotinov\u00e9 soli 5%<\/strong>, Vookbar dod\u00e1v\u00e1 a\u017e <strong>30 000 pot\u00e1hnut\u00ed<\/strong> v Norm\u00e1ln\u00edm re\u017eimu nebo <strong>15 000 pot\u00e1hnut\u00ed<\/strong> v re\u017eimu Nap\u00e1jen\u00ed. Navr\u017eeno s <strong>850mAh dob\u00edjec\u00ed bateri\u00ed<\/strong> a <strong>Rychl\u00e9 nab\u00edjen\u00ed Type-C<\/strong>, kombinuje dlouhotrvaj\u00edc\u00ed v\u00fdkon s rychl\u00fdm dob\u00edjen\u00edm. Ide\u00e1ln\u00ed jak pro osobn\u00ed pou\u017eit\u00ed, tak pro <strong>velkoodb\u011bratele<\/strong>, Vookbar Cyber PRO vynik\u00e1 svou kompaktn\u00ed velikost\u00ed, elegantn\u00edm designem a bezkonkuren\u010dn\u00edm v\u00fdkonem. Najd\u011bte sv\u00e9 <strong>velkoobchodn\u00ed Vookbar Cyber PRO <a href=\"https:\/\/vapebulkp.com\/cs\/product-category\/30000-puff-disposable-vape\/\">30000 Puffs jednorazov\u00e1 elektronick\u00e1 cigareta <\/a><\/strong>\u00a0za konkurenceschopn\u00e9 ceny je\u0161t\u011b dnes!<\/p>\n<p>&nbsp;<\/p>\n<h6>Pro slevu pros\u00edm kontaktujte Mandy p\u0159es WhatsApp<a href=\"https:\/\/wa.me\/8618077105796\">+8618077105796<\/a><\/h6>\n<p>&nbsp;<\/p>\n<p><img decoding=\"async\" class=\"alignnone wp-image-2151\" src=\"http:\/\/vapebulkp.com\/wp-content\/uploads\/2024\/04\/Mandy-WhatsApp-Randm.jpg\" alt=\"Mandy WhatsApp Randm\" width=\"324\" height=\"330\" \/><\/p>\n<div class=\"flex max-w-full flex-col flex-grow\">\n<div class=\"min-h-8 text-message flex w-full flex-col items-end gap-2 whitespace-normal break-words text-start [.text-message+&amp;]:mt-5\" dir=\"auto\" data-message-author-role=\"assistant\" data-message-id=\"1fe1b7df-f0be-476c-874a-f466adf11ab9\" data-message-model-slug=\"gpt-4o\">\n<div class=\"flex w-full flex-col gap-1 empty:hidden first:pt-[3px]\">\n<div class=\"markdown prose w-full break-words dark:prose-invert light\">\n<h2>Pro\u010d nakupovat velkoobchodn\u00ed vape Vookbar Cyber PRO 30k Puffs na Vapebulkp.com?<\/h2>\n<p><strong>1. Obrovsk\u00fd po\u010det potah\u016f:<\/strong><br \/>\nS p\u016fsobiv\u00fdm <strong>30 000 potah\u016f v Norm\u00e1ln\u00edm re\u017eimu<\/strong> a <strong>15 000 pot\u00e1hnut\u00ed v re\u017eimu Power<\/strong>, toto za\u0159\u00edzen\u00ed je navr\u017eeno pro prodlou\u017een\u00e9 pou\u017e\u00edv\u00e1n\u00ed bez kompromis\u016f.<\/p>\n<p><strong>2. \u0160pi\u010dkov\u00e1 technologie:<\/strong><br \/>\nTen <strong>syst\u00e9m s du\u00e1ln\u00ed s\u00ed\u0165ovou spir\u00e1lou<\/strong> poskytuje v\u00fdjime\u010dnou chu\u0165 a hustou p\u00e1ru, zat\u00edmco <strong>2,01palcov\u00fd HD displej<\/strong> zvy\u0161uje pou\u017eitelnost d\u00edky nastaven\u00ed a upozorn\u011bn\u00edm v re\u00e1ln\u00e9m \u010dase.<\/p>\n<p><strong>3. Velkorys\u00e1 kapacita e-liquidu:<\/strong><br \/>\nPln\u011bno <strong>22ML pr\u00e9miov\u00e9ho e-liquidu<\/strong> a <strong>5% silou nikotinu<\/strong>, co\u017e zaji\u0161\u0165uje hladk\u00e9 a uspokojiv\u00e9 pot\u00e1hnut\u00ed p\u0159i ka\u017ed\u00e9m tahu.<\/p>\n<p><strong>4. Baterie s dlouhou v\u00fddr\u017e\u00ed:<\/strong><br \/>\nTen <strong>850mAh dob\u00edjec\u00ed bateri\u00ed<\/strong> poskytuje spolehliv\u00fd v\u00fdkon, dopln\u011bn\u00fd o <strong>Rychl\u00e9 nab\u00edjen\u00ed Type-C<\/strong> pro rychl\u00e9 a efektivn\u00ed dob\u00edjen\u00ed.<\/p>\n<p><strong>5. Chytr\u00e9 funkce:<\/strong><br \/>\nZahrnuje <strong>kompatibilitu s Bluetooth<\/strong>, <strong>pohybov\u00fd re\u017eim<\/strong>, a <strong>ovl\u00e1d\u00e1n\u00ed bo\u010dn\u00edm tla\u010d\u00edtkem<\/strong>, d\u00edky \u010demu\u017e je v\u0161estrann\u00e9 a pohodln\u00e9 pro modern\u00ed u\u017eivatele.<\/p>\n<p><strong>6. Kompaktn\u00ed a p\u0159enosn\u00e9:<\/strong><br \/>\nJeho elegantn\u00ed rozm\u011bry (<strong>49x24x93mm<\/strong>) usnad\u0148uje p\u0159en\u00e1\u0161en\u00ed, ide\u00e1ln\u00ed pro ka\u017edodenn\u00ed vaping nebo cestov\u00e1n\u00ed.<\/p>\n<p><strong>7. Exkluzivn\u00ed v\u00fdhody na Vapebulkp.com:<\/strong><\/p>\n<ul>\n<li><strong>Dostupn\u00e9 ceny<\/strong> s dostupn\u00fdmi velkoobchodn\u00edmi slevami.<\/li>\n<li><strong>Rychl\u00e9 a spolehliv\u00e9 doru\u010den\u00ed<\/strong> do cel\u00e9 Evropy.<\/li>\n<li>Komplexn\u00ed z\u00e1kaznick\u00e1 podpora pro v\u0161echny va\u0161e pot\u0159eby.<\/li>\n<\/ul>\n<p>Pro spolehliv\u00e9 a funkcemi nabit\u00e9 \u0159e\u0161en\u00ed vapingu d\u016fv\u011b\u0159ujte Vapebulkp.com, \u017ee v\u00e1m dod\u00e1 <strong>Vookbar Cyber PRO 30k Potah\u016f<\/strong> za nep\u0159ekonatelnou cenu!<\/p>\n<\/div>\n<\/div>\n<\/div>\n<\/div>\n<h3>Vookbar 30000 Puffs Specifikace jednor\u00e1zov\u00e9ho vaporiz\u00e9ru<\/h3>\n<ul>\n<li><strong>Rozm\u011bry:<\/strong> 49 mm x 24 mm x 93 mm (kompaktn\u00ed a p\u0159enosn\u00fd).<\/li>\n<li><strong>Displej:<\/strong> 2,01palcov\u00fd HD displej pro jasn\u00fd obraz a snadnou navigaci.<\/li>\n<li><strong>Typ spir\u00e1lky:<\/strong> Du\u00e1ln\u00ed mesh spir\u00e1lka pro bohatou chu\u0165 a hustou p\u00e1ru.<\/li>\n<li><strong>Kapacita e-liquidu:<\/strong> 22 ml p\u0159edpln\u011bn\u00e9ho pr\u00e9miov\u00e9ho e-liquidu.<\/li>\n<li><strong>S\u00edla nikotinu:<\/strong> 5 %, poskytuje hladk\u00fd a uspokojiv\u00fd z\u00e1\u017eitek.<\/li>\n<li><strong>Baterie:<\/strong> 850mAh dob\u00edjec\u00ed baterie s rychl\u00fdm nab\u00edjen\u00edm p\u0159es Type-C.<\/li>\n<li><strong>Re\u017eimy potahov\u00e1n\u00ed:<\/strong>\n<ul>\n<li>Re\u017eim Norm: A\u017e 30 000 potah\u016f.<\/li>\n<li>Re\u017eim Power: A\u017e 15 000 potah\u016f.<\/li>\n<\/ul>\n<\/li>\n<li><strong>Ovl\u00e1d\u00e1n\u00ed:<\/strong> Snadn\u00e9 bo\u010dn\u00ed tla\u010d\u00edtko pro zapnut\u00ed a nastaven\u00ed.<\/li>\n<li><strong>Nab\u00edjec\u00ed port:<\/strong> Type-C pro rychl\u00e9 a efektivn\u00ed nab\u00edjen\u00ed.<\/li>\n<li><strong>Pokro\u010dil\u00e9 funkce:<\/strong>\n<ul>\n<li>Konektivita Bluetooth.<\/li>\n<li>Pohybov\u00fd re\u017eim pro roz\u0161\u00ed\u0159enou funk\u010dnost.<\/li>\n<li>P\u0159izp\u016fsobiteln\u00e9 nastaven\u00ed vapov\u00e1n\u00ed.<\/li>\n<\/ul>\n<\/li>\n<li><strong>Design:<\/strong> Elegantn\u00ed, odoln\u00e1 a cestovn\u00ed konstrukce.<\/li>\n<\/ul>\n<h3>Vookbar 30000 Puffs P\u0159\u00edchu\u0165 vape pod\u016f<\/h3>\n<p>1.Bor\u016fvka malina ledov\u00e1<br \/>\n2.Broskvov\u00fd led<br \/>\n3. Hroznov\u00fd led<br \/>\n4.Jahoda meloun<br \/>\n5. Jahodov\u00fd ban\u00e1n<br \/>\n6.T\u0159e\u0161e\u0148 meloun<br \/>\n7.Vodn\u00ed meloun led<br \/>\n8.Broskev mango<br \/>\n9.Jahoda kiwi<br \/>\n10.B\u00edl\u00e1 jahoda ledov\u00e1<br \/>\n11.B\u00edl\u00e9 gumov\u00e9 bonb\u00f3ny ledov\u00e9<br \/>\n12.Zmra\u017een\u00e1 pinacolada<br \/>\n13. Sakra skv\u011bl\u00e9<br \/>\n14.Mojito mix bobul\u00ed<\/p>\n<p><a href=\"https:\/\/vapebulkp.com\/cs\/product\/jnr-vape-mega-box-25000-puff-discount-price-vape-pods\/\"><span style=\"vertical-align: inherit\">JNR VAPE Mega Box 25000 pot\u00e1hnut\u00ed <\/span><\/a><\/p>\n<p><span style=\"vertical-align: inherit\">Najd\u011bte dal\u0161\u00ed produkty, kter\u00e9 by se v\u00e1m mohly l\u00edbit:<\/span><em><a href=\"https:\/\/wa.me\/8618077105796\"><span style=\"vertical-align: inherit\">\u00a0Kupte to te\u010f<\/span><\/a><\/em><\/p>\n<p><span style=\"vertical-align: inherit\">Dal\u0161\u00ed potahy, kter\u00e9 by se v\u00e1m mohly l\u00edbit:<\/span><a href=\"https:\/\/vapebulkp.com\/cs\/product\/waspe-vape-40000-puff-fihp-double-flavour-disposable-vape\/\"><span style=\"vertical-align: inherit\">WASPE CZ FIHP 40000 pot\u00e1hnut\u00ed<\/span><\/a><span style=\"vertical-align: inherit\">\u3001<\/span><a href=\"https:\/\/vapebulkp.com\/cs\/product\/wholesale-randm-tornado-9000-puffs-germany\/\"><span style=\"vertical-align: inherit\">RandM 9000 potah\u016f<\/span><\/a><span style=\"vertical-align: inherit\">\/ <\/span><a href=\"https:\/\/vapebulkp.com\/cs\/fi\/product\/bang-30k-puffs-new-double-taste-good-vape\/\"><span style=\"vertical-align: inherit\">Bang Vape 30000 pot\u00e1hnut\u00ed<\/span><\/a><span style=\"vertical-align: inherit\">\/ <\/span><a href=\"https:\/\/vapebulkp.com\/cs\/product\/jnr-alien-10000-puffs-randm-vape-wholesale-price\/\"><span style=\"vertical-align: inherit\">JNR VAPE Alien 10000 pota\u017een\u00ed<\/span><\/a><\/p>\n<p>&nbsp;<\/p>\n<p>&nbsp;<\/p>\n<h3><strong>\u010casto kladen\u00e9 ot\u00e1zky o nejprod\u00e1van\u011bj\u0161\u00edch vapech <\/strong>Vookbar 30000 pot\u00e1hnut\u00ed<\/h3>\n<p><strong>1. Kolik potah\u016f mohu z\u00edskat z Vookbar Vape 30 000 Puffs?<\/strong><\/p>\n<ul>\n<li>Vookbar nab\u00edz\u00ed a\u017e <strong>30 000 pot\u00e1hnut\u00ed<\/strong> in <strong>Norm\u00e1ln\u00ed re\u017eim<\/strong> a <strong>15 000 pot\u00e1hnut\u00ed<\/strong> in <strong>re\u017eim Power<\/strong>, co\u017e poskytuje dlouhodob\u00e9 pou\u017e\u00edv\u00e1n\u00ed.<\/li>\n<\/ul>\n<p><strong>2. Jak\u00e1 je s\u00edla nikotinu ve Vookbar 30 000 Puff?<\/strong><\/p>\n<ul>\n<li>Za\u0159\u00edzen\u00ed obsahuje <strong>5% nikotinovou sol\u00ed<\/strong>, poskytuj\u00edc\u00ed hladk\u00fd a uspokojiv\u00fd tah p\u0159i ka\u017ed\u00e9m pota\u017een\u00ed.<\/li>\n<\/ul>\n<p><strong>3. Jak dlouho vydr\u017e\u00ed baterie Vookbar?<\/strong><\/p>\n<ul>\n<li>S <strong>850mAh dob\u00edjec\u00ed bateri\u00ed<\/strong> a <strong>Rychl\u00e9 nab\u00edjen\u00ed Type-C<\/strong>, Vookbar poskytuje spolehlivou energii a rychl\u00e9 dob\u00edjen\u00ed pro nep\u0159etr\u017eit\u00e9 pou\u017e\u00edv\u00e1n\u00ed.<\/li>\n<\/ul>\n<p><strong>4. Jak\u00fd typ spir\u00e1lky pou\u017e\u00edv\u00e1 Vookbar 30 000 Puffs?<\/strong><\/p>\n<ul>\n<li>Za\u0159\u00edzen\u00ed je vybaveno <strong>technologie s dvojitou s\u00ed\u0165ovou c\u00edvkou<\/strong>, zaji\u0161\u0165uj\u00edc\u00ed bohatou chu\u0165 a hustou p\u00e1ru s ka\u017ed\u00fdm pot\u00e1hnut\u00edm.<\/li>\n<\/ul>\n<p><strong>5. Mohu si na Vookbar 30,000 Puffs p\u0159izp\u016fsobit nastaven\u00ed?<\/strong><\/p>\n<ul>\n<li>Ano, za\u0159\u00edzen\u00ed disponuje <strong>2,01palcov\u00fdm dotykov\u00fdm displejem<\/strong>, co\u017e v\u00e1m umo\u017en\u00ed snadno upravit nastaven\u00ed a ovl\u00e1dat v\u00e1\u0161 z\u00e1\u017eitek z vapov\u00e1n\u00ed.<\/li>\n<\/ul>\n<h3>Podrobnosti o p\u0159eprav\u011b:<\/h3>\n<p><span style=\"color: #ff6600\">Doba v\u00fdroby: 5-10 pracovn\u00edch dn\u016f<\/span><br \/>\n<span style=\"color: #ff6600\">Doba p\u0159epravy: 8-14 pracovn\u00edch dn\u016f<\/span><\/p>\n<p>V\u0161echny produkty v na\u0161em obchod\u011b jsou 100% origin\u00e1ln\u00ed a autentick\u00e9, tak\u017ee desetin\u00e1sobn\u00e1 n\u00e1hrada za pad\u011blky je na\u0161\u00ed obchodn\u00ed politikou. K doru\u010den\u00ed zbo\u017e\u00ed pou\u017e\u00edv\u00e1me logistick\u00e9 kan\u00e1ly jako UPS\/DHL\/FEDEX\/DPD.<\/p>\n<p>Pro z\u00e1silky odeslan\u00e9 do \u010cesk\u00e9 republiky obvykle trv\u00e1 doru\u010den\u00ed 10 pracovn\u00edch dn\u016f. Doru\u010den\u00ed do evropsk\u00fdch zem\u00ed obvykle trv\u00e1 12 a\u017e 15 pracovn\u00edch dn\u016f. Logistick\u00e9 informace pro v\u00e1s budeme aktualizovat v re\u00e1ln\u00e9m \u010dase.<\/p>","protected":false},"excerpt":{"rendered":"<p>Vookbar 30000 Puffs Dotykov\u00fd displej Jednor\u00e1zov\u00e9 Vape za velkoobchodn\u00ed ceny. Dlouhotrvaj\u00edc\u00ed, vysoce kvalitn\u00ed a inovativn\u00ed \u0159e\u0161en\u00ed pro vaping. Hromadn\u00e9 objedn\u00e1vky k dispozici.<\/p>\n<p>Pro slevu pros\u00edm kontaktujte Mandy p\u0159es WhatsApp<a href=\"https:\/\/wa.me\/8618077105796\">+8618077105796<\/a><\/p>\n<p>&nbsp;<\/p>\n<p><img decoding=\"async\" class=\"alignnone wp-image-2151\" src=\"http:\/\/vapebulkp.com\/wp-content\/uploads\/2024\/04\/Mandy-WhatsApp-Randm.jpg\" alt=\"Mandy WhatsApp Randm\" width=\"297\" height=\"316\" srcset=\"https:\/\/vapebulkp.com\/wp-content\/uploads\/2024\/04\/Mandy-WhatsApp-Randm.jpg 916w, https:\/\/vapebulkp.com\/wp-content\/uploads\/2024\/04\/Mandy-WhatsApp-Randm-282x300.jpg 282w, https:\/\/vapebulkp.com\/wp-content\/uploads\/2024\/04\/Mandy-WhatsApp-Randm-768x817.jpg 768w, https:\/\/vapebulkp.com\/wp-content\/uploads\/2024\/04\/Mandy-WhatsApp-Randm-600x638.jpg 600w\" sizes=\"(max-width: 297px) 100vw, 297px\" \/><\/p>\n<p><span style=\"color: #ff0000\">POZN\u00c1MKA: Ceny na na\u0161em webu nezahrnuj\u00ed n\u00e1klady na dopravu<\/span><\/p>\n<p>&nbsp;<\/p>","protected":false},"featured_media":3266,"comment_status":"open","ping_status":"closed","template":"","meta":{"_uag_custom_page_level_css":"","_lmt_disableupdate":"no","_lmt_disable":"","site-sidebar-layout":"default","site-content-layout":"content-boxed-container","ast-site-content-layout":"normal-width-container","site-content-style":"boxed","site-sidebar-style":"unboxed","ast-global-header-display":"","ast-banner-title-visibility":"","ast-main-header-display":"","ast-hfb-above-header-display":"","ast-hfb-below-header-display":"","ast-hfb-mobile-header-display":"","site-post-title":"","ast-breadcrumbs-content":"","ast-featured-img":"","footer-sml-layout":"","theme-transparent-header-meta":"default","adv-header-id-meta":"","stick-header-meta":"","header-above-stick-meta":"","header-main-stick-meta":"","header-below-stick-meta":"","astra-migrate-meta-layouts":"set","_joinchat":[]},"product_cat":[160,153,155,33,59,100,87,34,158,157,154,152,58,84,156,63,32],"product_tag":[36,37,41,40,193],"class_list":["post-3268","product","type-product","status-publish","has-post-thumbnail","hentry","product_cat-30000-puff-disposable-vape","product_cat-hot-disposable-vapes","product_cat-belgium-hot-disposable-vapes","product_cat-france-vape-hot-sale","product_cat-germany-hot-disposable-vape","product_cat-germany-wholesale-vape-shop","product_cat-minimum-order-quantity-50pcs","product_cat-netherlands-vape-good-sale","product_cat-norway-hot-disposable-vapes","product_cat-poland-hot-disposable-vapes","product_cat-portugal-hot-disposable-vapes","product_cat-spain-hot-disposable-vapes","product_cat-sweden-hot-disposable-vape","product_cat-sweden-wholesale-vape","product_cat-switzerland-hot-disposable-vapes","product_cat-top-sale-disposable-vape","product_cat-vape-hot-sale-this-week","product_tag-good-vape","product_tag-hot-sale-disposable-vape","product_tag-poland-hot-vape","product_tag-sweden-hot-vape","product_tag-vookbar-30000-puffs","desktop-align-left","tablet-align-left","mobile-align-left"],"yoast_head":"<!-- This site is optimized with the Yoast SEO plugin v21.1 - https:\/\/yoast.com\/wordpress\/plugins\/seo\/ -->\n<title>Vookbar 30000 Puffs Touch Screen Disposable Vapes Wholesale Price - vapebulkp.com<\/title>\n<meta name=\"description\" content=\"Shop Vookbar 30000 Puffs Touch Screen Disposable Vapes at wholesale prices. High-capacity, sleek design, and advanced features for premium vaping.\" \/>\n<meta name=\"robots\" content=\"index, follow, max-snippet:-1, max-image-preview:large, max-video-preview:-1\" \/>\n<link rel=\"canonical\" href=\"https:\/\/vapebulkp.com\/cs\/product\/vookbar-30000-puffs-touch-screen-disposable-vapes-wholesale-price\/\" \/>\n<meta property=\"og:locale\" content=\"cs_CZ\" \/>\n<meta property=\"og:type\" content=\"article\" \/>\n<meta property=\"og:title\" content=\"Vookbar 30000 Puffs Touch Screen Disposable Vapes Wholesale Price - vapebulkp.com\" \/>\n<meta property=\"og:description\" content=\"Shop Vookbar 30000 Puffs Touch Screen Disposable Vapes at wholesale prices. High-capacity, sleek design, and advanced features for premium vaping.\" \/>\n<meta property=\"og:url\" content=\"https:\/\/vapebulkp.com\/cs\/product\/vookbar-30000-puffs-touch-screen-disposable-vapes-wholesale-price\/\" \/>\n<meta property=\"og:site_name\" content=\"vapebulkp.com\" \/>\n<meta property=\"article:modified_time\" content=\"2025-09-03T03:31:08+00:00\" \/>\n<meta property=\"og:image\" content=\"http:\/\/vapebulkp.com\/wp-content\/uploads\/2024\/12\/Vookbar-30000-Puffs-Top-Sale-Vape.png\" \/>\n\t<meta property=\"og:image:width\" content=\"800\" \/>\n\t<meta property=\"og:image:height\" content=\"800\" \/>\n\t<meta property=\"og:image:type\" content=\"image\/png\" \/>\n<meta name=\"twitter:card\" content=\"summary_large_image\" \/>\n<meta name=\"twitter:label1\" content=\"Odhadovan\u00e1 doba \u010dten\u00ed\" \/>\n\t<meta name=\"twitter:data1\" content=\"4 minuty\" \/>\n<script type=\"application\/ld+json\" class=\"yoast-schema-graph\">{\"@context\":\"https:\/\/schema.org\",\"@graph\":[{\"@type\":\"WebPage\",\"@id\":\"https:\/\/vapebulkp.com\/product\/vookbar-30000-puffs-touch-screen-disposable-vapes-wholesale-price\/\",\"url\":\"https:\/\/vapebulkp.com\/product\/vookbar-30000-puffs-touch-screen-disposable-vapes-wholesale-price\/\",\"name\":\"Vookbar 30000 Puffs Touch Screen Disposable Vapes Wholesale Price - vapebulkp.com\",\"isPartOf\":{\"@id\":\"https:\/\/vapebulkp.com\/#website\"},\"datePublished\":\"2024-12-20T08:24:34+00:00\",\"dateModified\":\"2025-09-03T03:31:08+00:00\",\"description\":\"Shop Vookbar 30000 Puffs Touch Screen Disposable Vapes at wholesale prices. High-capacity, sleek design, and advanced features for premium vaping.\",\"breadcrumb\":{\"@id\":\"https:\/\/vapebulkp.com\/product\/vookbar-30000-puffs-touch-screen-disposable-vapes-wholesale-price\/#breadcrumb\"},\"inLanguage\":\"cs\",\"potentialAction\":[{\"@type\":\"ReadAction\",\"target\":[\"https:\/\/vapebulkp.com\/product\/vookbar-30000-puffs-touch-screen-disposable-vapes-wholesale-price\/\"]}]},{\"@type\":\"BreadcrumbList\",\"@id\":\"https:\/\/vapebulkp.com\/product\/vookbar-30000-puffs-touch-screen-disposable-vapes-wholesale-price\/#breadcrumb\",\"itemListElement\":[{\"@type\":\"ListItem\",\"position\":1,\"name\":\"Home\",\"item\":\"https:\/\/vapebulkp.com\/\"},{\"@type\":\"ListItem\",\"position\":2,\"name\":\"Hot Trend Vapes\",\"item\":\"https:\/\/vapebulkp.com\/vape-shop\/\"},{\"@type\":\"ListItem\",\"position\":3,\"name\":\"Vookbar 30000 Puffs Touch Screen Disposable Vapes Wholesale Price\"}]},{\"@type\":\"WebSite\",\"@id\":\"https:\/\/vapebulkp.com\/#website\",\"url\":\"https:\/\/vapebulkp.com\/\",\"name\":\"vapebulkp.com\",\"description\":\"Buy Vape In Cheap Bulk Price Near you\",\"publisher\":{\"@id\":\"https:\/\/vapebulkp.com\/#organization\"},\"potentialAction\":[{\"@type\":\"SearchAction\",\"target\":{\"@type\":\"EntryPoint\",\"urlTemplate\":\"https:\/\/vapebulkp.com\/?s={search_term_string}\"},\"query-input\":\"required name=search_term_string\"}],\"inLanguage\":\"cs\"},{\"@type\":\"Organization\",\"@id\":\"https:\/\/vapebulkp.com\/#organization\",\"name\":\"vapebulkp.com\",\"url\":\"https:\/\/vapebulkp.com\/\",\"logo\":{\"@type\":\"ImageObject\",\"inLanguage\":\"cs\",\"@id\":\"https:\/\/vapebulkp.com\/#\/schema\/logo\/image\/\",\"url\":\"https:\/\/vapebulkp.com\/wp-content\/uploads\/2023\/09\/cropped-vapebulkp.png\",\"contentUrl\":\"https:\/\/vapebulkp.com\/wp-content\/uploads\/2023\/09\/cropped-vapebulkp.png\",\"width\":516,\"height\":163,\"caption\":\"vapebulkp.com\"},\"image\":{\"@id\":\"https:\/\/vapebulkp.com\/#\/schema\/logo\/image\/\"}}]}<\/script>\n<!-- \/ Yoast SEO plugin. -->","yoast_head_json":{"title":"Vookbar 30000 Puffs Touch Screen Disposable Vapes Wholesale Price - vapebulkp.com","description":"Shop Vookbar 30000 Puffs Touch Screen Disposable Vapes at wholesale prices. High-capacity, sleek design, and advanced features for premium vaping.","robots":{"index":"index","follow":"follow","max-snippet":"max-snippet:-1","max-image-preview":"max-image-preview:large","max-video-preview":"max-video-preview:-1"},"canonical":"https:\/\/vapebulkp.com\/cs\/product\/vookbar-30000-puffs-touch-screen-disposable-vapes-wholesale-price\/","og_locale":"cs_CZ","og_type":"article","og_title":"Vookbar 30000 Puffs Touch Screen Disposable Vapes Wholesale Price - vapebulkp.com","og_description":"Shop Vookbar 30000 Puffs Touch Screen Disposable Vapes at wholesale prices. High-capacity, sleek design, and advanced features for premium vaping.","og_url":"https:\/\/vapebulkp.com\/cs\/product\/vookbar-30000-puffs-touch-screen-disposable-vapes-wholesale-price\/","og_site_name":"vapebulkp.com","article_modified_time":"2025-09-03T03:31:08+00:00","og_image":[{"width":800,"height":800,"url":"http:\/\/vapebulkp.com\/wp-content\/uploads\/2024\/12\/Vookbar-30000-Puffs-Top-Sale-Vape.png","type":"image\/png"}],"twitter_card":"summary_large_image","twitter_misc":{"Odhadovan\u00e1 doba \u010dten\u00ed":"4 minuty"},"schema":{"@context":"https:\/\/schema.org","@graph":[{"@type":"WebPage","@id":"https:\/\/vapebulkp.com\/product\/vookbar-30000-puffs-touch-screen-disposable-vapes-wholesale-price\/","url":"https:\/\/vapebulkp.com\/product\/vookbar-30000-puffs-touch-screen-disposable-vapes-wholesale-price\/","name":"Vookbar 30000 Puffs Touch Screen Disposable Vapes Wholesale Price - vapebulkp.com","isPartOf":{"@id":"https:\/\/vapebulkp.com\/#website"},"datePublished":"2024-12-20T08:24:34+00:00","dateModified":"2025-09-03T03:31:08+00:00","description":"Shop Vookbar 30000 Puffs Touch Screen Disposable Vapes at wholesale prices. High-capacity, sleek design, and advanced features for premium vaping.","breadcrumb":{"@id":"https:\/\/vapebulkp.com\/product\/vookbar-30000-puffs-touch-screen-disposable-vapes-wholesale-price\/#breadcrumb"},"inLanguage":"cs","potentialAction":[{"@type":"ReadAction","target":["https:\/\/vapebulkp.com\/product\/vookbar-30000-puffs-touch-screen-disposable-vapes-wholesale-price\/"]}]},{"@type":"BreadcrumbList","@id":"https:\/\/vapebulkp.com\/product\/vookbar-30000-puffs-touch-screen-disposable-vapes-wholesale-price\/#breadcrumb","itemListElement":[{"@type":"ListItem","position":1,"name":"Home","item":"https:\/\/vapebulkp.com\/"},{"@type":"ListItem","position":2,"name":"Hot Trend Vapes","item":"https:\/\/vapebulkp.com\/vape-shop\/"},{"@type":"ListItem","position":3,"name":"Vookbar 30000 Puffs Touch Screen Disposable Vapes Wholesale Price"}]},{"@type":"WebSite","@id":"https:\/\/vapebulkp.com\/#website","url":"https:\/\/vapebulkp.com\/","name":"vapebulkp.com","description":"Buy Vape In Cheap Bulk Price Near you","publisher":{"@id":"https:\/\/vapebulkp.com\/#organization"},"potentialAction":[{"@type":"SearchAction","target":{"@type":"EntryPoint","urlTemplate":"https:\/\/vapebulkp.com\/?s={search_term_string}"},"query-input":"required name=search_term_string"}],"inLanguage":"cs"},{"@type":"Organization","@id":"https:\/\/vapebulkp.com\/#organization","name":"vapebulkp.com","url":"https:\/\/vapebulkp.com\/","logo":{"@type":"ImageObject","inLanguage":"cs","@id":"https:\/\/vapebulkp.com\/#\/schema\/logo\/image\/","url":"https:\/\/vapebulkp.com\/wp-content\/uploads\/2023\/09\/cropped-vapebulkp.png","contentUrl":"https:\/\/vapebulkp.com\/wp-content\/uploads\/2023\/09\/cropped-vapebulkp.png","width":516,"height":163,"caption":"vapebulkp.com"},"image":{"@id":"https:\/\/vapebulkp.com\/#\/schema\/logo\/image\/"}}]}},"uagb_featured_image_src":{"full":["https:\/\/vapebulkp.com\/wp-content\/uploads\/2024\/12\/Vookbar-30000-Puffs-Top-Sale-Vape.png",800,800,false],"thumbnail":["https:\/\/vapebulkp.com\/wp-content\/uploads\/2024\/12\/Vookbar-30000-Puffs-Top-Sale-Vape-150x150.png",150,150,true],"medium":["https:\/\/vapebulkp.com\/wp-content\/uploads\/2024\/12\/Vookbar-30000-Puffs-Top-Sale-Vape-300x300.png",300,300,true],"medium_large":["https:\/\/vapebulkp.com\/wp-content\/uploads\/2024\/12\/Vookbar-30000-Puffs-Top-Sale-Vape-768x768.png",768,768,true],"large":["https:\/\/vapebulkp.com\/wp-content\/uploads\/2024\/12\/Vookbar-30000-Puffs-Top-Sale-Vape.png",800,800,false],"1536x1536":["https:\/\/vapebulkp.com\/wp-content\/uploads\/2024\/12\/Vookbar-30000-Puffs-Top-Sale-Vape.png",800,800,false],"2048x2048":["https:\/\/vapebulkp.com\/wp-content\/uploads\/2024\/12\/Vookbar-30000-Puffs-Top-Sale-Vape.png",800,800,false],"trp-custom-language-flag":["https:\/\/vapebulkp.com\/wp-content\/uploads\/2024\/12\/Vookbar-30000-Puffs-Top-Sale-Vape.png",12,12,false],"woocommerce_thumbnail":["https:\/\/vapebulkp.com\/wp-content\/uploads\/2024\/12\/Vookbar-30000-Puffs-Top-Sale-Vape-300x300.png",300,300,true],"woocommerce_single":["https:\/\/vapebulkp.com\/wp-content\/uploads\/2024\/12\/Vookbar-30000-Puffs-Top-Sale-Vape-600x600.png",600,600,true],"woocommerce_gallery_thumbnail":["https:\/\/vapebulkp.com\/wp-content\/uploads\/2024\/12\/Vookbar-30000-Puffs-Top-Sale-Vape-100x100.png",100,100,true],"wcpr-photo-reviews":["https:\/\/vapebulkp.com\/wp-content\/uploads\/2024\/12\/Vookbar-30000-Puffs-Top-Sale-Vape.png",500,500,false]},"uagb_author_info":{"display_name":"Mandy vape bulk price","author_link":"https:\/\/vapebulkp.com\/cs\/author\/"},"uagb_comment_info":0,"uagb_excerpt":"Vookbar 30000 Puffs Touch Screen Disposable Vapes at wholesale prices. Long-lasting, high-quality, and innovative vaping solution. Bulk orders available. Pls Contact Mandy's WhatsApp For Discount Price+8618077105796 &nbsp; NOTE: Prices on our website does not include shipping costs &nbsp;","_links":{"self":[{"href":"https:\/\/vapebulkp.com\/cs\/wp-json\/wp\/v2\/product\/3268","targetHints":{"allow":["GET"]}}],"collection":[{"href":"https:\/\/vapebulkp.com\/cs\/wp-json\/wp\/v2\/product"}],"about":[{"href":"https:\/\/vapebulkp.com\/cs\/wp-json\/wp\/v2\/types\/product"}],"replies":[{"embeddable":true,"href":"https:\/\/vapebulkp.com\/cs\/wp-json\/wp\/v2\/comments?post=3268"}],"wp:featuredmedia":[{"embeddable":true,"href":"https:\/\/vapebulkp.com\/cs\/wp-json\/wp\/v2\/media\/3266"}],"wp:attachment":[{"href":"https:\/\/vapebulkp.com\/cs\/wp-json\/wp\/v2\/media?parent=3268"}],"wp:term":[{"taxonomy":"product_cat","embeddable":true,"href":"https:\/\/vapebulkp.com\/cs\/wp-json\/wp\/v2\/product_cat?post=3268"},{"taxonomy":"product_tag","embeddable":true,"href":"https:\/\/vapebulkp.com\/cs\/wp-json\/wp\/v2\/product_tag?post=3268"}],"curies":[{"name":"wp","href":"https:\/\/api.w.org\/{rel}","templated":true}]}}