{"id":3277,"date":"2024-12-24T08:52:32","date_gmt":"2024-12-24T07:52:32","guid":{"rendered":"https:\/\/vapebulkp.com\/?post_type=product&#038;p=3277"},"modified":"2025-09-17T10:32:16","modified_gmt":"2025-09-17T08:32:16","slug":"bang-box-35000-puffs-touch-switch-digital-screen-rechargeable-vape","status":"publish","type":"product","link":"https:\/\/vapebulkp.com\/cs\/product\/bang-box-35000-puffs-touch-switch-digital-screen-rechargeable-vape\/","title":{"rendered":"Bang Box 35000 pot\u00e1hnut\u00ed Dotykov\u00fd sp\u00edna\u010d Digit\u00e1ln\u00ed obrazovka Dob\u00edjec\u00ed Vape"},"content":{"rendered":"<h2 style=\"text-align: left\">Bang Box 35000 pot\u00e1hnut\u00ed Dotykov\u00fd sp\u00edna\u010d Digit\u00e1ln\u00ed obrazovka Dob\u00edjec\u00ed Vape<\/h2>\n<p>Ten <strong>Bang Box 35 000 pot\u00e1hnut\u00ed Dotykov\u00fd sp\u00edna\u010d Digit\u00e1ln\u00ed obrazovka Vape<\/strong> je navr\u017een pro \u0161pi\u010dkov\u00fd v\u00fdkon a pohodl\u00ed. Je navr\u017een pro prodlou\u017een\u00e9 pou\u017e\u00edv\u00e1n\u00ed a py\u0161n\u00ed se neuv\u011b\u0159iteln\u00fdm po\u010dtem <strong>35 000 pot\u00e1hnut\u00ed<\/strong> a velkorysou <strong>kapacitou 23 ml p\u0159edpln\u011bn\u00e9ho e-liquidu<\/strong>. S <strong>0%, 2%, 3% a 5%<\/strong>2%\/3%\/5% nikotinem<\/p>\n<p>Poh\u00e1n\u011bno <strong>uspokoj\u00ed rozmanit\u00e9 preference vapov\u00e1n\u00ed.<\/strong> s <strong>950mAh \u010dist\u00e1 kobaltov\u00e1 baterie<\/strong>5A vyb\u00edjen\u00ed <strong>toto za\u0159\u00edzen\u00ed zaji\u0161\u0165uje stabiln\u00ed a spolehliv\u00fd v\u00fdkon. Pokro\u010dil\u00fd<\/strong> dvojit\u00fd topn\u00fd dr\u00e1t (0,8 \u03a9) <strong>poskytuje v\u00fdjime\u010dnou chu\u0165 a produkci p\u00e1ry, pracuje v nastaviteln\u00e9m rozsahu<\/strong>.<\/p>\n<p>15 W a\u017e 25 W <strong>nastaviteln\u00fd pr\u016ftok vzduchu<\/strong>Vylep\u0161eno o <strong>dotykov\u00e9 ovl\u00e1d\u00e1n\u00ed<\/strong> a <strong>umo\u017e\u0148uje u\u017eivatel\u016fm p\u0159izp\u016fsobit si z\u00e1\u017eitek z vapov\u00e1n\u00ed pro optim\u00e1ln\u00ed spokojenost.<\/strong> usnad\u0148uje p\u0159ep\u00edn\u00e1n\u00ed mezi nastaven\u00edmi, v\u010detn\u011b <strong>re\u017eim\u016f nap\u00e1jen\u00ed<\/strong> a <strong>\u00faprav proud\u011bn\u00ed vzduchu<\/strong>.<\/p>\n<p>Ten <strong>Bang Box <a href=\"https:\/\/vapebulkp.com\/cs\/product-category\/35000-puffs-disposable-vape\/\">35000 pot\u00e1hnut\u00ed jednor\u00e1zov\u00e1 e-cigareta<\/a><\/strong>\u00a0je elegantn\u00ed, cestov\u00e1n\u00ed p\u0159izp\u016fsoben\u00fd vaporiz\u00e9r, kter\u00fd kombinuje \u0161pi\u010dkovou technologii, vysokou kapacitu a p\u0159izp\u016fsobiteln\u00e9 funkce, d\u00edky \u010demu\u017e je ide\u00e1ln\u00ed pro spole\u010densk\u00e9 akce i ka\u017edodenn\u00ed vapov\u00e1n\u00ed.<\/p>\n<p><img decoding=\"async\" class=\"wp-image-3272\" src=\"http:\/\/vapebulkp.com\/wp-content\/uploads\/2024\/12\/Bang-Box-Vapes-35000-puff-Hot-Sale-Germany.png\" alt=\"Bang Box Vapes 35000 puff Hork\u00fd prodej N\u011bmecko\" width=\"707\" height=\"398\" srcset=\"https:\/\/vapebulkp.com\/wp-content\/uploads\/2024\/12\/Bang-Box-Vapes-35000-puff-Hot-Sale-Germany.png 1240w, https:\/\/vapebulkp.com\/wp-content\/uploads\/2024\/12\/Bang-Box-Vapes-35000-puff-Hot-Sale-Germany-300x169.png 300w, https:\/\/vapebulkp.com\/wp-content\/uploads\/2024\/12\/Bang-Box-Vapes-35000-puff-Hot-Sale-Germany-1024x576.png 1024w, https:\/\/vapebulkp.com\/wp-content\/uploads\/2024\/12\/Bang-Box-Vapes-35000-puff-Hot-Sale-Germany-768x432.png 768w, https:\/\/vapebulkp.com\/wp-content\/uploads\/2024\/12\/Bang-Box-Vapes-35000-puff-Hot-Sale-Germany-600x338.png 600w\" sizes=\"(max-width: 707px) 100vw, 707px\" \/><\/p>\n<h6>Pro slevu pros\u00edm kontaktujte Mandy p\u0159es WhatsApp<a href=\"https:\/\/wa.me\/8618077105796\">+8618077105796<\/a><\/h6>\n<p><img decoding=\"async\" class=\"alignnone wp-image-2151\" src=\"http:\/\/vapebulkp.com\/wp-content\/uploads\/2024\/04\/Mandy-WhatsApp-Randm.jpg\" alt=\"Mandy WhatsApp Randm\" width=\"324\" height=\"330\" \/><\/p>\n<div class=\"flex max-w-full flex-col flex-grow\">\n<div class=\"min-h-8 text-message flex w-full flex-col items-end gap-2 whitespace-normal break-words text-start [.text-message+&amp;]:mt-5\" dir=\"auto\" data-message-author-role=\"assistant\" data-message-id=\"d24cf626-c018-4805-80f5-44de047f2ba0\" data-message-model-slug=\"gpt-4o\">\n<div class=\"flex w-full flex-col gap-1 empty:hidden first:pt-[3px]\">\n<div class=\"markdown prose w-full break-words dark:prose-invert light\">\n<h2>Pro\u010d si vybrat Bang Box 35 000 Puff Vape Pody na Vapebulkp.com?<\/h2>\n<ul>\n<li><strong>Bezkonkuren\u010dn\u00ed kapacita<\/strong>: Za\u017eijte v\u00edce ne\u017e <strong>35 000 pot\u00e1hnut\u00ed<\/strong> s velkorys\u00fdm <strong>23ml p\u0159edpln\u011bn\u00fdm e-liquidem<\/strong> cartridge a <strong>nastaviteln\u00fd pr\u016ftok vzduchu<\/strong>, co\u017e zaji\u0161\u0165uje hladk\u00e9 a p\u0159izp\u016fsobiteln\u00e9 vapov\u00e1n\u00ed p\u0159izp\u016fsoben\u00e9 va\u0161im preferenc\u00edm.<\/li>\n<li><strong>Pokro\u010dil\u00e1 technologie<\/strong>: Vybaveno <strong>uspokoj\u00ed rozmanit\u00e9 preference vapov\u00e1n\u00ed.<\/strong> podporuj\u00edc\u00ed <strong>950mAh \u010dist\u00e1 kobaltov\u00e1 baterie<\/strong>, sp\u00e1rovan\u00e1 s <strong>du\u00e1ln\u00edm s\u00ed\u0165ov\u00fdm j\u00e1drem (0,8 \u03a9)<\/strong> topn\u00fdm syst\u00e9mem. Tato kombinace poskytuje v\u00fdjime\u010dnou chu\u0165 a produkci p\u00e1ry s nastaviteln\u00fdm rozsahem v\u00fdkonu <strong>15W-25W<\/strong>.<\/li>\n<li><strong>U\u017eivatelsky p\u0159\u00edv\u011btiv\u00fd design<\/strong>: Kompaktn\u00ed, p\u0159enosn\u00e9 a stylov\u00e9 za\u0159\u00edzen\u00ed <strong>Rychl\u00e9 nab\u00edjen\u00ed Type-C<\/strong> pro maxim\u00e1ln\u00ed pohodl\u00ed, tak\u017ee je ide\u00e1ln\u00ed pro vapov\u00e1n\u00ed na cest\u00e1ch i pro ka\u017edodenn\u00ed pot\u0159eby.<\/li>\n<li><strong>V\u00fdhody Vapebulkp.com<\/strong>: U\u017eijte si autentick\u00e9 produkty poch\u00e1zej\u00edc\u00ed p\u0159\u00edmo od d\u016fv\u011bryhodn\u00fdch v\u00fdrobc\u016f, <strong>konkuren\u010dn\u00ed ceny<\/strong>, a <strong>rychl\u00e9 doru\u010den\u00ed po cel\u00e9 Evrop\u011b<\/strong>, co\u017e zaji\u0161\u0165uje bezprobl\u00e9mov\u00e9 nakupov\u00e1n\u00ed.<\/li>\n<\/ul>\n<p>Bang Box 35k Puffs je pr\u00e9miov\u00e1 volba pro vapery, kte\u0159\u00ed hledaj\u00ed vysokou kapacitu, pokro\u010dil\u00fd v\u00fdkon a spolehlivou kvalitu \u2013 v\u0161e dostupn\u00e9 na <strong>Vapebulkp.com<\/strong>.<\/p>\n<\/div>\n<\/div>\n<\/div>\n<\/div>\n<h2>Specifikace Bang Vape 35k Puffs<\/h2>\n<ul>\n<li><strong>Pot\u00e1hnut\u00ed<\/strong>: 35,000+<\/li>\n<li><strong>Kapacita e-liquidu<\/strong>: 23ml p\u0159edpln\u011bn\u00e1 cartridge<\/li>\n<li><strong>Mo\u017enosti nikotinu<\/strong>: 0%, 2%, 3%, 5% nikotinov\u00e1 s\u016fl<\/li>\n<li><strong>Baterie<\/strong>: 950mAh, dob\u00edjec\u00ed Type-C<\/li>\n<li><strong>Topn\u00e9 spir\u00e1ly<\/strong>: Dvojit\u00e9 topn\u00e9 dr\u00e1t\u011bn\u00e9 j\u00e1dro (0,8 \u03a9)<\/li>\n<li><strong>Obrazovky<\/strong>: Dvojit\u00e9 digit\u00e1ln\u00ed obrazovky s dotykov\u00fdm ovl\u00e1d\u00e1n\u00edm<\/li>\n<li><strong>Proud\u011bn\u00ed vzduchu<\/strong>: 3 re\u017eimy nastaviteln\u00e9ho proud\u011bn\u00ed vzduchu<\/li>\n<li><strong>Re\u017eimy nap\u00e1jen\u00ed<\/strong>: 2 re\u017eimy p\u0159ep\u00edn\u00e1n\u00ed nap\u00e1jen\u00ed<\/li>\n<li><strong>Dal\u0161\u00ed funkce<\/strong>: Nastaviteln\u00e9 proud\u011bn\u00ed vzduchu, kompaktn\u00ed design, u\u017eivatelsky p\u0159\u00edv\u011btiv\u00e9 rozhran\u00ed<\/li>\n<\/ul>\n<h2><strong>Velkoobchodn\u00ed seznam p\u0159\u00edchut\u00ed Vape Bang Box 35000 pot\u00e1hnut\u00ed<\/strong><\/h2>\n<p>1. JAHODOV\u00c9 KIWI<br \/>\n2. MODR\u00c1 MALINA ICE<br \/>\n3. JAHODOV\u00dd MELOUN<br \/>\n4. MU\u010cENKA<br \/>\n5. CITRONOV\u00c1 COLA SODA<br \/>\n6. MELOUN ICE<br \/>\n7. MELOUNOV\u00c1 \u017dV\u00ddKA\u010cKA<br \/>\n8. KIWI MU\u010cENKA GUAVA<br \/>\n9. BOR\u016eVKA ICE<br \/>\n10. MELOUNOV\u00c1 T\u0158E\u0160E\u0147<br \/>\n11. RED BULL<br \/>\n12. M\u00c1TOV\u00dd GRAPEFRUIT<\/p>\n<p><a href=\"https:\/\/vapebulkp.com\/cs\/product\/uzy-triple-60000-puffs-smart-vape-wholesale-3-in-1-flavor\/\"><span style=\"vertical-align: inherit\">UZY Triple 60000 pot\u00e1hnut\u00ed <\/span><\/a><\/p>\n<p><span style=\"vertical-align: inherit\">Najd\u011bte dal\u0161\u00ed produkty, kter\u00e9 by se v\u00e1m mohly l\u00edbit:<\/span><em><a href=\"https:\/\/wa.me\/8618077105796\"><span style=\"vertical-align: inherit\">\u00a0Kupte to te\u010f<\/span><\/a><\/em><\/p>\n<p><span style=\"vertical-align: inherit\">Dal\u0161\u00ed potahy, kter\u00e9 by se v\u00e1m mohly l\u00edbit:<\/span><a href=\"https:\/\/vapebulkp.com\/cs\/product\/wholesale-price-bang-kingdoms-rex-32000-puffs-vape-pod\/\"><span style=\"vertical-align: inherit\">Bang Kingdoms 32000 pot\u00e1hnut\u00ed<\/span><\/a><span style=\"vertical-align: inherit\">\u3001<\/span><a href=\"https:\/\/vapebulkp.com\/cs\/product\/buy-bang-de-80000-puffs-disposable-vape-cheap-price-for-bulk-order\/\"><span style=\"vertical-align: inherit\">Bang DE 80000 pot\u00e1hnut\u00ed<\/span><\/a><span style=\"vertical-align: inherit\">\/ <\/span><a href=\"https:\/\/vapebulkp.com\/cs\/product\/vapsolo-best-quality-viking-12k-puffs-disposable-vapes\/\"><span style=\"vertical-align: inherit\">Vapsolo viking 12000 pot\u00e1hnut\u00ed<\/span><\/a><span style=\"vertical-align: inherit\">\/ <\/span><a href=\"https:\/\/vapebulkp.com\/cs\/product\/waspe-vape-40000-puff-fihp-double-flavour-disposable-vape\/\"><span style=\"vertical-align: inherit\">WASPE 40000 pot\u00e1hnut\u00ed<\/span><\/a><\/p>\n<h3>\u010casto kladen\u00e9 ot\u00e1zky o Bang Box 35 000 pot\u00e1hnut\u00ed \u2013 dlouhotrvaj\u00edc\u00ed vape<\/h3>\n<p><strong>Ot\u00e1zka: Jak dlouho mohu pou\u017e\u00edvat Bang Box 35 000 pot\u00e1hnut\u00ed?<\/strong><br \/>\n<strong>A:<\/strong> S p\u016fsobiv\u00fdm <strong>35 000 pot\u00e1hnut\u00ed<\/strong> a robustn\u00edm <strong>uspokoj\u00ed rozmanit\u00e9 preference vapov\u00e1n\u00ed.<\/strong>, je toto za\u0159\u00edzen\u00ed navr\u017eeno pro prodlou\u017een\u00e9 pou\u017e\u00edv\u00e1n\u00ed, co\u017e zaji\u0161\u0165uje spolehliv\u00fd z\u00e1\u017eitek z vapingu.<\/p>\n<p><strong>Ot\u00e1zka: Je pr\u016ftok vzduchu nastaviteln\u00fd?<\/strong><br \/>\n<strong>A:<\/strong> Ano, Bang Box nab\u00edz\u00ed <strong>nastaviteln\u00fd pr\u016ftok vzduchu<\/strong>, co\u017e u\u017eivatel\u016fm umo\u017e\u0148uje p\u0159ep\u00ednat mezi <strong>MTL (\u00fasta-pl\u00edce)<\/strong> a <strong>DTL (p\u0159\u00edmo do plic)<\/strong> styly pro personalizovan\u00e9 vapov\u00e1n\u00ed.<\/p>\n<p><strong>Ot\u00e1zka: \u010c\u00edm se Bang Box 35k pot\u00e1hnut\u00ed li\u0161\u00ed od ostatn\u00edch e-cigaret?<\/strong><br \/>\n<strong>A:<\/strong> Tento vape vynik\u00e1 sv\u00fdm <strong>dvojit\u00fdm topn\u00fdm dr\u00e1tem (0,8 \u03a9)<\/strong>, kter\u00fd poskytuje hladkou p\u00e1ru v rozsahu v\u00fdkonu <strong>poskytuje v\u00fdjime\u010dnou chu\u0165 a produkci p\u00e1ry, pracuje v nastaviteln\u00e9m rozsahu<\/strong>. V kombinaci s elegantn\u00edm designem a \u0161pi\u010dkovou technologi\u00ed nab\u00edz\u00ed styl i v\u00fdkon.<\/p>\n<p><strong>Ot\u00e1zka: Kde si mohu koupit dob\u00edjec\u00ed vape Bang Box 35 000 Puff?<\/strong><br \/>\n<strong>A:<\/strong> M\u016f\u017eete si jej zakoupit exkluzivn\u011b na <strong>Vapebulkp.com<\/strong>, va\u0161em d\u016fv\u011bryhodn\u00e9m zdroji pro autentick\u00e9 vapingov\u00e9 produkty, konkuren\u010dn\u00ed ceny a spolehlivou dopravu po cel\u00e9 Evrop\u011b.<\/p>\n<h2>Podrobnosti o p\u0159eprav\u011b:<\/h2>\n<p><span style=\"color: #ff6600\">Doba v\u00fdroby: 5-10 pracovn\u00edch dn\u016f<\/span><br \/>\n<span style=\"color: #ff6600\">Doba p\u0159epravy: 8-14 pracovn\u00edch dn\u016f<\/span><\/p>\n<p>V\u0161echny produkty v na\u0161em obchod\u011b jsou 100% origin\u00e1ln\u00ed a autentick\u00e9, tak\u017ee desetin\u00e1sobn\u00e1 n\u00e1hrada za pad\u011blky je na\u0161\u00ed obchodn\u00ed politikou. K doru\u010den\u00ed zbo\u017e\u00ed pou\u017e\u00edv\u00e1me logistick\u00e9 kan\u00e1ly jako UPS\/DHL\/FEDEX\/DPD.<\/p>\n<p>Pro z\u00e1silky odeslan\u00e9 do \u010cesk\u00e9 republiky obvykle trv\u00e1 doru\u010den\u00ed 10 pracovn\u00edch dn\u016f. Doru\u010den\u00ed do evropsk\u00fdch zem\u00ed obvykle trv\u00e1 12 a\u017e 15 pracovn\u00edch dn\u016f. Logistick\u00e9 informace pro v\u00e1s budeme aktualizovat v re\u00e1ln\u00e9m \u010dase.<\/p>","protected":false},"excerpt":{"rendered":"<p>Bang Box 35000 pot\u00e1hnut\u00ed Vape s dotykov\u00fdm sp\u00edna\u010dem, digit\u00e1ln\u00ed obrazovkou, dob\u00edjec\u00edm designem, 2%\/3%\/5% nikotinem a dlouhotrvaj\u00edc\u00edm v\u00fdkonem. Perfektn\u00ed pro pr\u00e9miov\u00e9 vapov\u00e1n\u00ed.<\/p>\n<p>Pro slevu pros\u00edm kontaktujte Mandy p\u0159es WhatsApp<a href=\"https:\/\/wa.me\/8618077105796\">+8618077105796<\/a><\/p>\n<p><img decoding=\"async\" class=\"alignnone wp-image-2151\" src=\"http:\/\/vapebulkp.com\/wp-content\/uploads\/2024\/04\/Mandy-WhatsApp-Randm.jpg\" alt=\"Mandy WhatsApp Randm\" width=\"297\" height=\"316\" srcset=\"https:\/\/vapebulkp.com\/wp-content\/uploads\/2024\/04\/Mandy-WhatsApp-Randm.jpg 916w, https:\/\/vapebulkp.com\/wp-content\/uploads\/2024\/04\/Mandy-WhatsApp-Randm-282x300.jpg 282w, https:\/\/vapebulkp.com\/wp-content\/uploads\/2024\/04\/Mandy-WhatsApp-Randm-768x817.jpg 768w, https:\/\/vapebulkp.com\/wp-content\/uploads\/2024\/04\/Mandy-WhatsApp-Randm-600x638.jpg 600w\" sizes=\"(max-width: 297px) 100vw, 297px\" \/><\/p>\n<p><span style=\"color: #ff0000\">POZN\u00c1MKA: Ceny na na\u0161em webu nezahrnuj\u00ed n\u00e1klady na dopravu<\/span><\/p>\n<p>&nbsp;<\/p>","protected":false},"featured_media":3270,"comment_status":"open","ping_status":"closed","template":"","meta":{"_uag_custom_page_level_css":"","_lmt_disableupdate":"no","_lmt_disable":"","site-sidebar-layout":"default","site-content-layout":"content-boxed-container","ast-site-content-layout":"normal-width-container","site-content-style":"boxed","site-sidebar-style":"unboxed","ast-global-header-display":"","ast-banner-title-visibility":"","ast-main-header-display":"","ast-hfb-above-header-display":"","ast-hfb-below-header-display":"","ast-hfb-mobile-header-display":"","site-post-title":"","ast-breadcrumbs-content":"","ast-featured-img":"","footer-sml-layout":"","theme-transparent-header-meta":"default","adv-header-id-meta":"","stick-header-meta":"","header-above-stick-meta":"","header-main-stick-meta":"","header-below-stick-meta":"","astra-migrate-meta-layouts":"set","_joinchat":[]},"product_cat":[190,153,345,155,33,59,100,87,34,158,157,154,152,58,84,156],"product_tag":[191,36,37,41,40],"class_list":["post-3277","product","type-product","status-publish","has-post-thumbnail","hentry","product_cat-35000-puffs-disposable-vape","product_cat-hot-disposable-vapes","product_cat-bang-vapes","product_cat-belgium-hot-disposable-vapes","product_cat-france-vape-hot-sale","product_cat-germany-hot-disposable-vape","product_cat-germany-wholesale-vape-shop","product_cat-minimum-order-quantity-50pcs","product_cat-netherlands-vape-good-sale","product_cat-norway-hot-disposable-vapes","product_cat-poland-hot-disposable-vapes","product_cat-portugal-hot-disposable-vapes","product_cat-spain-hot-disposable-vapes","product_cat-sweden-hot-disposable-vape","product_cat-sweden-wholesale-vape","product_cat-switzerland-hot-disposable-vapes","product_tag-35000-puffs","product_tag-good-vape","product_tag-hot-sale-disposable-vape","product_tag-poland-hot-vape","product_tag-sweden-hot-vape","pa_brand-bang-vape","desktop-align-left","tablet-align-left","mobile-align-left"],"yoast_head":"<!-- This site is optimized with the Yoast SEO plugin v21.1 - https:\/\/yoast.com\/wordpress\/plugins\/seo\/ -->\n<title>Bang Box 35000 Puffs Touch Switch Digital Screen Rechargeable Vape - vapebulkp.com<\/title>\n<meta name=\"description\" content=\"Wholesale price Bang Box 35000 Puffs Rechargeable Vape with touch switch, digital screen, and long-lasting performance. Perfect for premium vaping needs!\" \/>\n<meta name=\"robots\" content=\"index, follow, max-snippet:-1, max-image-preview:large, max-video-preview:-1\" \/>\n<link rel=\"canonical\" href=\"https:\/\/vapebulkp.com\/cs\/product\/bang-box-35000-puffs-touch-switch-digital-screen-rechargeable-vape\/\" \/>\n<meta property=\"og:locale\" content=\"cs_CZ\" \/>\n<meta property=\"og:type\" content=\"article\" \/>\n<meta property=\"og:title\" content=\"Bang Box 35000 Puffs Touch Switch Digital Screen Rechargeable Vape - vapebulkp.com\" \/>\n<meta property=\"og:description\" content=\"Wholesale price Bang Box 35000 Puffs Rechargeable Vape with touch switch, digital screen, and long-lasting performance. Perfect for premium vaping needs!\" \/>\n<meta property=\"og:url\" content=\"https:\/\/vapebulkp.com\/cs\/product\/bang-box-35000-puffs-touch-switch-digital-screen-rechargeable-vape\/\" \/>\n<meta property=\"og:site_name\" content=\"vapebulkp.com\" \/>\n<meta property=\"article:modified_time\" content=\"2025-09-17T08:32:16+00:00\" \/>\n<meta property=\"og:image\" content=\"http:\/\/vapebulkp.com\/wp-content\/uploads\/2024\/12\/Bang-Box-35000-puff-Rechargeable-Vapes-Cheap-Price.png\" \/>\n\t<meta property=\"og:image:width\" content=\"800\" \/>\n\t<meta property=\"og:image:height\" content=\"800\" \/>\n\t<meta property=\"og:image:type\" content=\"image\/png\" \/>\n<meta name=\"twitter:card\" content=\"summary_large_image\" \/>\n<meta name=\"twitter:label1\" content=\"Odhadovan\u00e1 doba \u010dten\u00ed\" \/>\n\t<meta name=\"twitter:data1\" content=\"4 minuty\" \/>\n<script type=\"application\/ld+json\" class=\"yoast-schema-graph\">{\"@context\":\"https:\/\/schema.org\",\"@graph\":[{\"@type\":\"WebPage\",\"@id\":\"https:\/\/vapebulkp.com\/product\/bang-box-35000-puffs-touch-switch-digital-screen-rechargeable-vape\/\",\"url\":\"https:\/\/vapebulkp.com\/product\/bang-box-35000-puffs-touch-switch-digital-screen-rechargeable-vape\/\",\"name\":\"Bang Box 35000 Puffs Touch Switch Digital Screen Rechargeable Vape - vapebulkp.com\",\"isPartOf\":{\"@id\":\"https:\/\/vapebulkp.com\/#website\"},\"datePublished\":\"2024-12-24T07:52:32+00:00\",\"dateModified\":\"2025-09-17T08:32:16+00:00\",\"description\":\"Wholesale price Bang Box 35000 Puffs Rechargeable Vape with touch switch, digital screen, and long-lasting performance. Perfect for premium vaping needs!\",\"breadcrumb\":{\"@id\":\"https:\/\/vapebulkp.com\/product\/bang-box-35000-puffs-touch-switch-digital-screen-rechargeable-vape\/#breadcrumb\"},\"inLanguage\":\"cs\",\"potentialAction\":[{\"@type\":\"ReadAction\",\"target\":[\"https:\/\/vapebulkp.com\/product\/bang-box-35000-puffs-touch-switch-digital-screen-rechargeable-vape\/\"]}]},{\"@type\":\"BreadcrumbList\",\"@id\":\"https:\/\/vapebulkp.com\/product\/bang-box-35000-puffs-touch-switch-digital-screen-rechargeable-vape\/#breadcrumb\",\"itemListElement\":[{\"@type\":\"ListItem\",\"position\":1,\"name\":\"Home\",\"item\":\"https:\/\/vapebulkp.com\/\"},{\"@type\":\"ListItem\",\"position\":2,\"name\":\"Hot Trend Vapes\",\"item\":\"https:\/\/vapebulkp.com\/vape-shop\/\"},{\"@type\":\"ListItem\",\"position\":3,\"name\":\"Bang Box 35000 Puffs Touch Switch Digital Screen Rechargeable Vape\"}]},{\"@type\":\"WebSite\",\"@id\":\"https:\/\/vapebulkp.com\/#website\",\"url\":\"https:\/\/vapebulkp.com\/\",\"name\":\"vapebulkp.com\",\"description\":\"Buy Vape In Cheap Bulk Price Near you\",\"publisher\":{\"@id\":\"https:\/\/vapebulkp.com\/#organization\"},\"potentialAction\":[{\"@type\":\"SearchAction\",\"target\":{\"@type\":\"EntryPoint\",\"urlTemplate\":\"https:\/\/vapebulkp.com\/?s={search_term_string}\"},\"query-input\":\"required name=search_term_string\"}],\"inLanguage\":\"cs\"},{\"@type\":\"Organization\",\"@id\":\"https:\/\/vapebulkp.com\/#organization\",\"name\":\"vapebulkp.com\",\"url\":\"https:\/\/vapebulkp.com\/\",\"logo\":{\"@type\":\"ImageObject\",\"inLanguage\":\"cs\",\"@id\":\"https:\/\/vapebulkp.com\/#\/schema\/logo\/image\/\",\"url\":\"https:\/\/vapebulkp.com\/wp-content\/uploads\/2023\/09\/cropped-vapebulkp.png\",\"contentUrl\":\"https:\/\/vapebulkp.com\/wp-content\/uploads\/2023\/09\/cropped-vapebulkp.png\",\"width\":516,\"height\":163,\"caption\":\"vapebulkp.com\"},\"image\":{\"@id\":\"https:\/\/vapebulkp.com\/#\/schema\/logo\/image\/\"}}]}<\/script>\n<!-- \/ Yoast SEO plugin. -->","yoast_head_json":{"title":"Bang Box 35000 Puffs Touch Switch Digital Screen Rechargeable Vape - vapebulkp.com","description":"Wholesale price Bang Box 35000 Puffs Rechargeable Vape with touch switch, digital screen, and long-lasting performance. Perfect for premium vaping needs!","robots":{"index":"index","follow":"follow","max-snippet":"max-snippet:-1","max-image-preview":"max-image-preview:large","max-video-preview":"max-video-preview:-1"},"canonical":"https:\/\/vapebulkp.com\/cs\/product\/bang-box-35000-puffs-touch-switch-digital-screen-rechargeable-vape\/","og_locale":"cs_CZ","og_type":"article","og_title":"Bang Box 35000 Puffs Touch Switch Digital Screen Rechargeable Vape - vapebulkp.com","og_description":"Wholesale price Bang Box 35000 Puffs Rechargeable Vape with touch switch, digital screen, and long-lasting performance. Perfect for premium vaping needs!","og_url":"https:\/\/vapebulkp.com\/cs\/product\/bang-box-35000-puffs-touch-switch-digital-screen-rechargeable-vape\/","og_site_name":"vapebulkp.com","article_modified_time":"2025-09-17T08:32:16+00:00","og_image":[{"width":800,"height":800,"url":"http:\/\/vapebulkp.com\/wp-content\/uploads\/2024\/12\/Bang-Box-35000-puff-Rechargeable-Vapes-Cheap-Price.png","type":"image\/png"}],"twitter_card":"summary_large_image","twitter_misc":{"Odhadovan\u00e1 doba \u010dten\u00ed":"4 minuty"},"schema":{"@context":"https:\/\/schema.org","@graph":[{"@type":"WebPage","@id":"https:\/\/vapebulkp.com\/product\/bang-box-35000-puffs-touch-switch-digital-screen-rechargeable-vape\/","url":"https:\/\/vapebulkp.com\/product\/bang-box-35000-puffs-touch-switch-digital-screen-rechargeable-vape\/","name":"Bang Box 35000 Puffs Touch Switch Digital Screen Rechargeable Vape - vapebulkp.com","isPartOf":{"@id":"https:\/\/vapebulkp.com\/#website"},"datePublished":"2024-12-24T07:52:32+00:00","dateModified":"2025-09-17T08:32:16+00:00","description":"Wholesale price Bang Box 35000 Puffs Rechargeable Vape with touch switch, digital screen, and long-lasting performance. Perfect for premium vaping needs!","breadcrumb":{"@id":"https:\/\/vapebulkp.com\/product\/bang-box-35000-puffs-touch-switch-digital-screen-rechargeable-vape\/#breadcrumb"},"inLanguage":"cs","potentialAction":[{"@type":"ReadAction","target":["https:\/\/vapebulkp.com\/product\/bang-box-35000-puffs-touch-switch-digital-screen-rechargeable-vape\/"]}]},{"@type":"BreadcrumbList","@id":"https:\/\/vapebulkp.com\/product\/bang-box-35000-puffs-touch-switch-digital-screen-rechargeable-vape\/#breadcrumb","itemListElement":[{"@type":"ListItem","position":1,"name":"Home","item":"https:\/\/vapebulkp.com\/"},{"@type":"ListItem","position":2,"name":"Hot Trend Vapes","item":"https:\/\/vapebulkp.com\/vape-shop\/"},{"@type":"ListItem","position":3,"name":"Bang Box 35000 Puffs Touch Switch Digital Screen Rechargeable Vape"}]},{"@type":"WebSite","@id":"https:\/\/vapebulkp.com\/#website","url":"https:\/\/vapebulkp.com\/","name":"vapebulkp.com","description":"Buy Vape In Cheap Bulk Price Near you","publisher":{"@id":"https:\/\/vapebulkp.com\/#organization"},"potentialAction":[{"@type":"SearchAction","target":{"@type":"EntryPoint","urlTemplate":"https:\/\/vapebulkp.com\/?s={search_term_string}"},"query-input":"required name=search_term_string"}],"inLanguage":"cs"},{"@type":"Organization","@id":"https:\/\/vapebulkp.com\/#organization","name":"vapebulkp.com","url":"https:\/\/vapebulkp.com\/","logo":{"@type":"ImageObject","inLanguage":"cs","@id":"https:\/\/vapebulkp.com\/#\/schema\/logo\/image\/","url":"https:\/\/vapebulkp.com\/wp-content\/uploads\/2023\/09\/cropped-vapebulkp.png","contentUrl":"https:\/\/vapebulkp.com\/wp-content\/uploads\/2023\/09\/cropped-vapebulkp.png","width":516,"height":163,"caption":"vapebulkp.com"},"image":{"@id":"https:\/\/vapebulkp.com\/#\/schema\/logo\/image\/"}}]}},"uagb_featured_image_src":{"full":["https:\/\/vapebulkp.com\/wp-content\/uploads\/2024\/12\/Bang-Box-35000-puff-Rechargeable-Vapes-Cheap-Price.png",800,800,false],"thumbnail":["https:\/\/vapebulkp.com\/wp-content\/uploads\/2024\/12\/Bang-Box-35000-puff-Rechargeable-Vapes-Cheap-Price-150x150.png",150,150,true],"medium":["https:\/\/vapebulkp.com\/wp-content\/uploads\/2024\/12\/Bang-Box-35000-puff-Rechargeable-Vapes-Cheap-Price-300x300.png",300,300,true],"medium_large":["https:\/\/vapebulkp.com\/wp-content\/uploads\/2024\/12\/Bang-Box-35000-puff-Rechargeable-Vapes-Cheap-Price-768x768.png",768,768,true],"large":["https:\/\/vapebulkp.com\/wp-content\/uploads\/2024\/12\/Bang-Box-35000-puff-Rechargeable-Vapes-Cheap-Price.png",800,800,false],"1536x1536":["https:\/\/vapebulkp.com\/wp-content\/uploads\/2024\/12\/Bang-Box-35000-puff-Rechargeable-Vapes-Cheap-Price.png",800,800,false],"2048x2048":["https:\/\/vapebulkp.com\/wp-content\/uploads\/2024\/12\/Bang-Box-35000-puff-Rechargeable-Vapes-Cheap-Price.png",800,800,false],"trp-custom-language-flag":["https:\/\/vapebulkp.com\/wp-content\/uploads\/2024\/12\/Bang-Box-35000-puff-Rechargeable-Vapes-Cheap-Price.png",12,12,false],"woocommerce_thumbnail":["https:\/\/vapebulkp.com\/wp-content\/uploads\/2024\/12\/Bang-Box-35000-puff-Rechargeable-Vapes-Cheap-Price-300x300.png",300,300,true],"woocommerce_single":["https:\/\/vapebulkp.com\/wp-content\/uploads\/2024\/12\/Bang-Box-35000-puff-Rechargeable-Vapes-Cheap-Price-600x600.png",600,600,true],"woocommerce_gallery_thumbnail":["https:\/\/vapebulkp.com\/wp-content\/uploads\/2024\/12\/Bang-Box-35000-puff-Rechargeable-Vapes-Cheap-Price-100x100.png",100,100,true],"wcpr-photo-reviews":["https:\/\/vapebulkp.com\/wp-content\/uploads\/2024\/12\/Bang-Box-35000-puff-Rechargeable-Vapes-Cheap-Price.png",500,500,false]},"uagb_author_info":{"display_name":"Mandy vape bulk price","author_link":"https:\/\/vapebulkp.com\/cs\/author\/"},"uagb_comment_info":0,"uagb_excerpt":"Bang Box 35000 Puffs Vape with touch switch, digital screen, rechargeable design, 2%\/5% nicotine, and long-lasting performance. Perfect for premium vaping. Pls Contact Mandy's WhatsApp For Discount Price+8618077105796 NOTE: Prices on our website does not include shipping costs &nbsp;","_links":{"self":[{"href":"https:\/\/vapebulkp.com\/cs\/wp-json\/wp\/v2\/product\/3277","targetHints":{"allow":["GET"]}}],"collection":[{"href":"https:\/\/vapebulkp.com\/cs\/wp-json\/wp\/v2\/product"}],"about":[{"href":"https:\/\/vapebulkp.com\/cs\/wp-json\/wp\/v2\/types\/product"}],"replies":[{"embeddable":true,"href":"https:\/\/vapebulkp.com\/cs\/wp-json\/wp\/v2\/comments?post=3277"}],"wp:featuredmedia":[{"embeddable":true,"href":"https:\/\/vapebulkp.com\/cs\/wp-json\/wp\/v2\/media\/3270"}],"wp:attachment":[{"href":"https:\/\/vapebulkp.com\/cs\/wp-json\/wp\/v2\/media?parent=3277"}],"wp:term":[{"taxonomy":"product_cat","embeddable":true,"href":"https:\/\/vapebulkp.com\/cs\/wp-json\/wp\/v2\/product_cat?post=3277"},{"taxonomy":"product_tag","embeddable":true,"href":"https:\/\/vapebulkp.com\/cs\/wp-json\/wp\/v2\/product_tag?post=3277"}],"curies":[{"name":"wp","href":"https:\/\/api.w.org\/{rel}","templated":true}]}}