{"id":3363,"date":"2025-01-24T07:22:03","date_gmt":"2025-01-24T06:22:03","guid":{"rendered":"https:\/\/vapebulkp.com\/?post_type=product&#038;p=3363"},"modified":"2025-09-16T11:30:11","modified_gmt":"2025-09-16T09:30:11","slug":"buying-bood-twins-46000-puffs-vape-bar-wholesale-price","status":"publish","type":"product","link":"https:\/\/vapebulkp.com\/cs\/product\/buying-bood-twins-46000-puffs-vape-bar-wholesale-price\/","title":{"rendered":"N\u00e1kup Bood Twins 46000 Puffs Vape Bar velkoobchodn\u00ed cena"},"content":{"rendered":"<h2 style=\"text-align: left\">N\u00e1kup Bood Twins 46000 Puffs Vape Bar velkoobchodn\u00ed cena<\/h2>\n<p>Ten <strong>Bood Twins 46000 Puf\u016f Vaporiz\u00e9r Bar<\/strong> je revolu\u010dn\u00ed jednor\u00e1zov\u00e1 e-cigareta ur\u010den\u00e1 pro vapery, kte\u0159\u00ed po\u017eaduj\u00ed pr\u00e9miovou kvalitu, dlouhodob\u00e9 pou\u017e\u00edv\u00e1n\u00ed a bezkonkuren\u010dn\u00ed chu\u0165. Nab\u00edz\u00ed p\u016fsobiv\u00fdch <strong>46 000 pot\u00e1hnut\u00ed<\/strong>, toto vysoce v\u00fdkonn\u00e9 za\u0159\u00edzen\u00ed nab\u00edz\u00ed <strong>du\u00e1ln\u00ed p\u0159\u00edchut\u011b v jednom vapu<\/strong>, co\u017e u\u017eivatel\u016fm umo\u017e\u0148uje plynule p\u0159ep\u00ednat mezi dv\u011bma odli\u0161n\u00fdmi chut\u011bmi. Je poh\u00e1n\u011bn pokro\u010dil\u00fdm <strong>mesh spir\u00e1lka<\/strong>, a poskytuje hladkou produkci p\u00e1ry a intenzivn\u00ed p\u0159esnost chuti p\u0159i ka\u017ed\u00e9m pot\u00e1hnut\u00ed.<\/p>\n<p>Elegantn\u00ed <strong>celoobrazovkov\u00fdm displejem<\/strong> zlep\u0161uje z\u00e1\u017eitek z vapingu a poskytuje informace o po\u010dtu pot\u00e1hnut\u00ed a \u017eivotnosti baterie v re\u00e1ln\u00e9m \u010dase. Bood Twins, vybaven\u00fd dob\u00edjec\u00ed bateri\u00ed, zaji\u0161\u0165uje konzistentn\u00ed v\u00fdkon a\u017e do posledn\u00edho pot\u00e1hnut\u00ed. Jeho ergonomick\u00fd design a odoln\u00e1 konstrukce jej p\u0159edur\u010duj\u00ed pro dlouhodob\u00e9 pou\u017e\u00edv\u00e1n\u00ed, a\u0165 u\u017e pro osobn\u00ed pot\u011b\u0161en\u00ed nebo spole\u010densk\u00e9 p\u0159\u00edle\u017eitosti.<\/p>\n<p>Ide\u00e1ln\u00ed pro <strong>velkoodb\u011bratele<\/strong>, Bood Twins 46000 Puffs Vape Bar je k dispozici za konkurenceschopn\u00e9 ceny na <strong>Vapebulkp.com<\/strong>. Prodejci a velkoodb\u011bratel\u00e9 mohou t\u011b\u017eit z jeho <strong>vysoce \u017e\u00e1dan\u00fdch vlastnost\u00ed<\/strong> a <strong>shodou s evropsk\u00fdmi standardy pro vaping<\/strong>, co\u017e zaji\u0161\u0165uje kvalitu a bezpe\u010dnost.<\/p>\n<p>Zlep\u0161ete sv\u016fj z\u00e1\u017eitek z vapingu s Bood Twins \u2013 <strong>luxusn\u00ed jednor\u00e1zov\u00fd vape s 46000 potahy<\/strong> kter\u00fd kombinuje inovaci, funk\u010dnost a styl, co\u017e z n\u011bj d\u011bl\u00e1 nezbytnost pro ka\u017ed\u00e9ho vapovac\u00edho nad\u0161ence.<\/p>\n<h6>Pro slevu pros\u00edm kontaktujte Mandy p\u0159es WhatsApp<a href=\"https:\/\/wa.me\/8618077105796\">+8618077105796<\/a><\/h6>\n<p><img decoding=\"async\" class=\"alignnone wp-image-2151\" src=\"http:\/\/vapebulkp.com\/wp-content\/uploads\/2024\/04\/Mandy-WhatsApp-Randm.jpg\" alt=\"Mandy WhatsApp Randm\" width=\"324\" height=\"330\" \/><\/p>\n<div class=\"flex max-w-full flex-col flex-grow\">\n<div class=\"min-h-8 text-message flex w-full flex-col items-end gap-2 whitespace-normal break-words text-start [.text-message+&amp;]:mt-5\" dir=\"auto\" data-message-author-role=\"assistant\" data-message-id=\"d24cf626-c018-4805-80f5-44de047f2ba0\" data-message-model-slug=\"gpt-4o\">\n<div class=\"flex w-full flex-col gap-1 empty:hidden first:pt-[3px]\">\n<div class=\"markdown prose w-full break-words dark:prose-invert light\">\n<h2>Pro\u010d si vybrat Bood Twins 46000 Puff<strong> Vapy s velk\u00fdm po\u010dtem potah\u016f <\/strong>at <a href=\"https:\/\/vapebulkp.com\/cs\/vape-shop\/\">Vapebulkp.com<\/a>?<\/h2>\n<ul>\n<li><strong>Bezkonkuren\u010dn\u00ed \u017eivotnost:<\/strong> U\u017eijte si a\u017e 46 000 potah\u016f s Bood Twins, co\u017e nab\u00edz\u00ed neuv\u011b\u0159itelnou hodnotu a dlouhotrvaj\u00edc\u00ed v\u00fdkon pro ka\u017edodenn\u00ed vapov\u00e1n\u00ed.<\/li>\n<li><strong>Dv\u011b p\u0159\u00edchut\u011b v jednom za\u0159\u00edzen\u00ed:<\/strong> P\u0159ep\u00ednejte mezi dv\u011bma odli\u0161n\u00fdmi p\u0159\u00edchut\u011bmi bez n\u00e1mahy, co\u017e p\u0159in\u00e1\u0161\u00ed v\u0161estrann\u00fd a uspokojuj\u00edc\u00ed vapovac\u00ed z\u00e1\u017eitek v jednom elegantn\u00edm za\u0159\u00edzen\u00ed.<\/li>\n<li><strong>\u0160pi\u010dkov\u00e1 technologie:<\/strong> Bood Twins VAPES, vybaven\u00e9 vysoce v\u00fdkonnou mesh c\u00edvkou, zaji\u0161\u0165uj\u00ed optim\u00e1ln\u00ed produkci p\u00e1ry a bohat\u00e9 chu\u0165ov\u00e9 profily.<\/li>\n<li><strong>Celoplo\u0161n\u00fd displej:<\/strong> Sledujte \u017eivotnost baterie, po\u010det potah\u016f a dal\u0161\u00ed detaily s \u017eiv\u00fdm celoplo\u0161n\u00fdm rozhran\u00edm pro maxim\u00e1ln\u00ed pohodl\u00ed.<\/li>\n<li><strong>Z\u00e1ruka pr\u00e9miov\u00e9 kvality:<\/strong> Na Vapebulkp.com poch\u00e1z\u00ed ka\u017ed\u00fd produkt od d\u016fv\u011bryhodn\u00fdch v\u00fdrobc\u016f, co\u017e zaji\u0161\u0165uje spolehlivost a spokojenost z\u00e1kazn\u00edk\u016f.<\/li>\n<li><strong>Dostupn\u00e9 velkoobchodn\u00ed ceny:<\/strong> Vyu\u017eijte velkoobchodn\u00edch sazeb a u\u0161et\u0159ete v\u00edce p\u0159i n\u00e1kupu ve velk\u00e9m, ide\u00e1ln\u00ed pro maloobchodn\u00edky i \u010dast\u00e9 vapery.<\/li>\n<li><strong>Rychl\u00e1 doprava po Evrop\u011b:<\/strong> Vapebulkp.com zaji\u0161\u0165uje rychl\u00e9 dod\u00e1n\u00ed po cel\u00e9 Evrop\u011b, co\u017e usnad\u0148uje naskladn\u011bn\u00ed nejnov\u011bj\u0161\u00edch vysoce kvalitn\u00edch vap\u016f.<\/li>\n<\/ul>\n<h2><\/h2>\n<h2><strong>Specifikace vapes Bood Twins 46000 Puffs:<\/strong><\/h2>\n<ul>\n<li><strong>Pot\u00e1hnut\u00ed:<\/strong> A\u017e 46 000<\/li>\n<li><strong>N\u00e1zev produktu:<\/strong> Bood Twins 46K Puff Jednor\u00e1zov\u00e1 e-cigareta<\/li>\n<li><strong>Typ spir\u00e1lky:<\/strong> Pokro\u010dil\u00e1 Mesh c\u00edvka pro lep\u0161\u00ed chu\u0165 a produkci p\u00e1ry<\/li>\n<li><strong>Funkce:<\/strong> Dv\u011b p\u0159\u00edchut\u011b v jednom za\u0159\u00edzen\u00ed pro jedine\u010dn\u00fd z\u00e1\u017eitek z vapov\u00e1n\u00ed<\/li>\n<li><strong>Displej:<\/strong> Celoplo\u0161n\u00fd displej pro snadn\u00e9 sledov\u00e1n\u00ed<\/li>\n<\/ul>\n<\/div>\n<\/div>\n<\/div>\n<\/div>\n<ul>\n<li style=\"list-style-type: none\"><\/li>\n<\/ul>\n<h2><strong>Bood Twins 46000 \u0160luk\u016f Seznam p\u0159\u00edchut\u00ed<\/strong><\/h2>\n<p>1.Vodn\u00ed meloun<br \/>\n2.Jablko<br \/>\n3.Limetka<br \/>\n4.Zelen\u00e9 jablko<br \/>\n5.Bor\u016fvka Kysel\u00e1 Malina<br \/>\n6.\u010cern\u00fd ryb\u00edz Malina<br \/>\n7.Broskev Mango<br \/>\n8.Hroznov\u00e9 v\u00edno<br \/>\n9.R\u016f\u017eov\u00e1 limon\u00e1da<br \/>\n10.Zelen\u00e9 hroznov\u00e9 v\u00edno<\/p>\n<p><a href=\"https:\/\/vapebulkp.com\/cs\/product\/razz-bar-25000-puffs-wholesale-price-vape-eu-warehouse\/\"><span style=\"vertical-align: inherit\">RAZZBAR 25000 pot\u00e1hnut\u00ed <\/span><\/a><\/p>\n<p><span style=\"vertical-align: inherit\">Najd\u011bte dal\u0161\u00ed produkty, kter\u00e9 by se v\u00e1m mohly l\u00edbit:<\/span><em><a href=\"https:\/\/wa.me\/8618077105796\"><span style=\"vertical-align: inherit\">\u00a0Kupte to te\u010f<\/span><\/a><\/em><\/p>\n<p><span style=\"vertical-align: inherit\">Dal\u0161\u00ed potahy, kter\u00e9 by se v\u00e1m mohly l\u00edbit:<\/span><a href=\"https:\/\/vapebulkp.com\/cs\/product\/wholesale-price-bang-kingdoms-rex-32000-puffs-vape-pod\/\"><span style=\"vertical-align: inherit\">Bang Kingdoms 32000 pot\u00e1hnut\u00ed<\/span><\/a><span style=\"vertical-align: inherit\">\u3001<\/span><a href=\"https:\/\/vapebulkp.com\/cs\/product\/bood-pulse-pro-25k-50k-disposable-vape-bar-5000-puffs-nicotine-free\/\"><span style=\"vertical-align: inherit\">Bood pulse pro 50000 potah\u016f<\/span><\/a><span style=\"vertical-align: inherit\">\/ <\/span><a href=\"https:\/\/vapebulkp.com\/cs\/product\/vapsolo-best-quality-viking-12k-puffs-disposable-vapes\/\"><span style=\"vertical-align: inherit\">Vapsolo viking 12000 pot\u00e1hnut\u00ed<\/span><\/a><span style=\"vertical-align: inherit\">\/ <\/span><a href=\"https:\/\/vapebulkp.com\/cs\/product\/waspe-vape-40000-puff-fihp-double-flavour-disposable-vape\/\"><span style=\"vertical-align: inherit\">WASPE 40000 pot\u00e1hnut\u00ed<\/span><\/a><\/p>\n<p><span style=\"vertical-align: inherit\">E-cigaretov\u00e1 l\u00e1hev speci\u00e1ln\u00edho tvaru:<\/span><a href=\"https:\/\/vapebulkp.com\/cs\/product\/vapsolo-feed-bar-shisha-vape-15000-puffs-wholesale-price\/\"><span style=\"vertical-align: inherit\"> Vapsolo shisha 15000 potah\u016f<\/span><\/a><span style=\"vertical-align: inherit\">\/ <\/span><a href=\"https:\/\/vapebulkp.com\/cs\/product\/vopk-ultra-30000-puffs-rgb-light-mesh-coil-rechargeable-vape-wholesale-price\/\"><span style=\"vertical-align: inherit\">\u00a0VOPK ULTRA 30000 potah\u016f <\/span><\/a><span style=\"vertical-align: inherit\">\/<\/span><a href=\"https:\/\/vapebulkp.com\/cs\/product\/uwin-tornado-music-35k-puffs-vape-wholesale-nicotine-free\/\"><span style=\"vertical-align: inherit\"> UWIN Tornado Music 35000 pot\u00e1hnut\u00ed<\/span><\/a><\/p>\n<h2><\/h2>\n<h3>\u010casto kladen\u00e9 ot\u00e1zky pro jednor\u00e1zov\u00e9 e-cigarety Bood Twins 46000 Puffs<\/h3>\n<ol>\n<li><strong>Kde si mohu koupit \u017ehavou novinku Bood Twins 46000 Puffs?<\/strong><br \/>\nBood Twins jsou k dost\u00e1n\u00ed na Vapebulkp.com, kde najdete konkurenceschopn\u00e9 ceny, autentick\u00e9 produkty a rychl\u00e9 doru\u010den\u00ed po cel\u00e9 Evrop\u011b.<\/li>\n<li><strong>Jak funguje funkce du\u00e1ln\u00ed p\u0159\u00edchut\u011b?<\/strong><br \/>\nZa\u0159\u00edzen\u00ed v\u00e1m umo\u017en\u00ed vychutnat si dv\u011b r\u016fzn\u00e9 p\u0159\u00edchut\u011b v jedn\u00e9 e-cigaret\u011b. Mezi p\u0159\u00edchut\u011bmi m\u016f\u017eete snadno p\u0159ep\u00ednat pomoc\u00ed p\u0159ep\u00ednac\u00ed funkce, co\u017e nab\u00edz\u00ed v\u0161estrannost v ka\u017ed\u00e9m pota\u017een\u00ed.<\/li>\n<li><strong>Jak\u00fd typ c\u00edvky pou\u017e\u00edv\u00e1 Bood Vape Twins 46000 Puffs?<\/strong><br \/>\nBood Twins jsou vybaveny pokro\u010dilou mesh c\u00edvkou, kter\u00e1 zaji\u0161\u0165uje bohatou, konzistentn\u00ed p\u0159\u00edchu\u0165 a hladk\u00fd z\u00e1\u017eitek z vapov\u00e1n\u00ed.<\/li>\n<li><strong>Je Vape Pods Bood Twins 46000 Puffs dob\u00edjec\u00ed?<\/strong><br \/>\nAno, Bood Twins maj\u00ed dob\u00edjec\u00ed baterii, kter\u00e1 zaji\u0161\u0165uje, \u017ee m\u016f\u017eete za\u0159\u00edzen\u00ed vyu\u017e\u00edvat po cel\u00fdch 46 000 pota\u017een\u00ed bez p\u0159eru\u0161en\u00ed.<\/li>\n<\/ol>\n<h3>Podrobnosti o p\u0159eprav\u011b:<\/h3>\n<p><span style=\"color: #ff6600\">Doba v\u00fdroby: 5-10 pracovn\u00edch dn\u016f<\/span><br \/>\n<span style=\"color: #ff6600\">Doba p\u0159epravy: 8-14 pracovn\u00edch dn\u016f<\/span><\/p>\n<p>V\u0161echny produkty v na\u0161em obchod\u011b jsou 100% origin\u00e1ln\u00ed a autentick\u00e9, tak\u017ee desetin\u00e1sobn\u00e1 n\u00e1hrada za pad\u011blky je na\u0161\u00ed obchodn\u00ed politikou. K doru\u010den\u00ed zbo\u017e\u00ed pou\u017e\u00edv\u00e1me logistick\u00e9 kan\u00e1ly jako UPS\/DHL\/FEDEX\/DPD.<\/p>\n<p>Pro z\u00e1silky odeslan\u00e9 do \u010cesk\u00e9 republiky obvykle trv\u00e1 doru\u010den\u00ed 10 pracovn\u00edch dn\u016f. Doru\u010den\u00ed do evropsk\u00fdch zem\u00ed obvykle trv\u00e1 12 a\u017e 15 pracovn\u00edch dn\u016f. Logistick\u00e9 informace pro v\u00e1s budeme aktualizovat v re\u00e1ln\u00e9m \u010dase.<\/p>","protected":false},"excerpt":{"rendered":"<div class=\"flex-shrink-0 flex flex-col relative items-end\">\n<div class=\"pt-0\">\n<div class=\"gizmo-bot-avatar flex h-8 w-8 items-center justify-center overflow-hidden rounded-full\">\n<div class=\"relative p-1 rounded-sm flex items-center justify-center bg-token-main-surface-primary text-token-text-primary h-8 w-8\">Bood Twins 46000 Puffs Vape Bar za velkoobchodn\u00ed ceny na Vapebulkp.com. Vyzna\u010duje se du\u00e1ln\u00edmi p\u0159\u00edchut\u011bmi, pokro\u010dilou technologi\u00ed mesh c\u00edvky, 46 000 pot\u00e1hnut\u00ed a elegantn\u00edm displejem. Ide\u00e1ln\u00ed pro velkoodb\u011bratele, kte\u0159\u00ed hledaj\u00ed pr\u00e9miov\u00e1 vapingov\u00e1 \u0159e\u0161en\u00ed.<\/div>\n<\/div>\n<\/div>\n<\/div>\n<p>Pro slevu pros\u00edm kontaktujte Mandy p\u0159es WhatsApp<a href=\"https:\/\/wa.me\/8618077105796\">+8618077105796<\/a><\/p>\n<p><img decoding=\"async\" class=\"alignnone wp-image-2151\" src=\"http:\/\/vapebulkp.com\/wp-content\/uploads\/2024\/04\/Mandy-WhatsApp-Randm.jpg\" alt=\"Mandy WhatsApp Randm\" width=\"297\" height=\"316\" srcset=\"https:\/\/vapebulkp.com\/wp-content\/uploads\/2024\/04\/Mandy-WhatsApp-Randm.jpg 916w, https:\/\/vapebulkp.com\/wp-content\/uploads\/2024\/04\/Mandy-WhatsApp-Randm-282x300.jpg 282w, https:\/\/vapebulkp.com\/wp-content\/uploads\/2024\/04\/Mandy-WhatsApp-Randm-768x817.jpg 768w, https:\/\/vapebulkp.com\/wp-content\/uploads\/2024\/04\/Mandy-WhatsApp-Randm-600x638.jpg 600w\" sizes=\"(max-width: 297px) 100vw, 297px\" \/><\/p>\n<p><span style=\"color: #ff0000\">POZN\u00c1MKA: Ceny na na\u0161em webu nezahrnuj\u00ed n\u00e1klady na dopravu<\/span><\/p>\n<p>&nbsp;<\/p>","protected":false},"featured_media":3360,"comment_status":"open","ping_status":"closed","template":"","meta":{"_uag_custom_page_level_css":"","_lmt_disableupdate":"no","_lmt_disable":"","site-sidebar-layout":"default","site-content-layout":"content-boxed-container","ast-site-content-layout":"normal-width-container","site-content-style":"boxed","site-sidebar-style":"unboxed","ast-global-header-display":"","ast-banner-title-visibility":"","ast-main-header-display":"","ast-hfb-above-header-display":"","ast-hfb-below-header-display":"","ast-hfb-mobile-header-display":"","site-post-title":"","ast-breadcrumbs-content":"","ast-featured-img":"","footer-sml-layout":"","theme-transparent-header-meta":"default","adv-header-id-meta":"","stick-header-meta":"","header-above-stick-meta":"","header-main-stick-meta":"","header-below-stick-meta":"","astra-migrate-meta-layouts":"set","_joinchat":[]},"product_cat":[199,153,155,346,33,59,100,87,34,158,157,154,152,58,84,156,63,32],"product_tag":[200,36,37,41,40],"class_list":["post-3363","product","type-product","status-publish","has-post-thumbnail","hentry","product_cat-46000-puffs-disposable-vape","product_cat-hot-disposable-vapes","product_cat-belgium-hot-disposable-vapes","product_cat-bood-vapes","product_cat-france-vape-hot-sale","product_cat-germany-hot-disposable-vape","product_cat-germany-wholesale-vape-shop","product_cat-minimum-order-quantity-50pcs","product_cat-netherlands-vape-good-sale","product_cat-norway-hot-disposable-vapes","product_cat-poland-hot-disposable-vapes","product_cat-portugal-hot-disposable-vapes","product_cat-spain-hot-disposable-vapes","product_cat-sweden-hot-disposable-vape","product_cat-sweden-wholesale-vape","product_cat-switzerland-hot-disposable-vapes","product_cat-top-sale-disposable-vape","product_cat-vape-hot-sale-this-week","product_tag-bood-twins-46000-puffs","product_tag-good-vape","product_tag-hot-sale-disposable-vape","product_tag-poland-hot-vape","product_tag-sweden-hot-vape","pa_brand-bood-vape","desktop-align-left","tablet-align-left","mobile-align-left"],"yoast_head":"<!-- This site is optimized with the Yoast SEO plugin v21.1 - https:\/\/yoast.com\/wordpress\/plugins\/seo\/ -->\n<title>Buying Bood Twins 46000 Puffs Vape Bar Wholesale Price - vapebulkp.com<\/title>\n<meta name=\"description\" content=\"Shop the premium Bood Twins 46000 Puffs Disposable Vape Bar with dual flavors, advanced mesh coil, and full-screen display. Perfect for wholesale buyers. Shop now at Vapebulkp.com!\" \/>\n<meta name=\"robots\" content=\"index, follow, max-snippet:-1, max-image-preview:large, max-video-preview:-1\" \/>\n<link rel=\"canonical\" href=\"https:\/\/vapebulkp.com\/cs\/product\/buying-bood-twins-46000-puffs-vape-bar-wholesale-price\/\" \/>\n<meta property=\"og:locale\" content=\"cs_CZ\" \/>\n<meta property=\"og:type\" content=\"article\" \/>\n<meta property=\"og:title\" content=\"Buying Bood Twins 46000 Puffs Vape Bar Wholesale Price - vapebulkp.com\" \/>\n<meta property=\"og:description\" content=\"Shop the premium Bood Twins 46000 Puffs Disposable Vape Bar with dual flavors, advanced mesh coil, and full-screen display. Perfect for wholesale buyers. Shop now at Vapebulkp.com!\" \/>\n<meta property=\"og:url\" content=\"https:\/\/vapebulkp.com\/cs\/product\/buying-bood-twins-46000-puffs-vape-bar-wholesale-price\/\" \/>\n<meta property=\"og:site_name\" content=\"vapebulkp.com\" \/>\n<meta property=\"article:modified_time\" content=\"2025-09-16T09:30:11+00:00\" \/>\n<meta property=\"og:image\" content=\"http:\/\/vapebulkp.com\/wp-content\/uploads\/2025\/01\/Bood-Twins-46000-Puffs-Top-Sale-Vape-In-UK.webp\" \/>\n\t<meta property=\"og:image:width\" content=\"800\" \/>\n\t<meta property=\"og:image:height\" content=\"800\" \/>\n\t<meta property=\"og:image:type\" content=\"image\/webp\" \/>\n<meta name=\"twitter:card\" content=\"summary_large_image\" \/>\n<meta name=\"twitter:label1\" content=\"Odhadovan\u00e1 doba \u010dten\u00ed\" \/>\n\t<meta name=\"twitter:data1\" content=\"4 minuty\" \/>\n<script type=\"application\/ld+json\" class=\"yoast-schema-graph\">{\"@context\":\"https:\/\/schema.org\",\"@graph\":[{\"@type\":\"WebPage\",\"@id\":\"https:\/\/vapebulkp.com\/product\/buying-bood-twins-46000-puffs-vape-bar-wholesale-price\/\",\"url\":\"https:\/\/vapebulkp.com\/product\/buying-bood-twins-46000-puffs-vape-bar-wholesale-price\/\",\"name\":\"Buying Bood Twins 46000 Puffs Vape Bar Wholesale Price - vapebulkp.com\",\"isPartOf\":{\"@id\":\"https:\/\/vapebulkp.com\/#website\"},\"datePublished\":\"2025-01-24T06:22:03+00:00\",\"dateModified\":\"2025-09-16T09:30:11+00:00\",\"description\":\"Shop the premium Bood Twins 46000 Puffs Disposable Vape Bar with dual flavors, advanced mesh coil, and full-screen display. Perfect for wholesale buyers. Shop now at Vapebulkp.com!\",\"breadcrumb\":{\"@id\":\"https:\/\/vapebulkp.com\/product\/buying-bood-twins-46000-puffs-vape-bar-wholesale-price\/#breadcrumb\"},\"inLanguage\":\"cs\",\"potentialAction\":[{\"@type\":\"ReadAction\",\"target\":[\"https:\/\/vapebulkp.com\/product\/buying-bood-twins-46000-puffs-vape-bar-wholesale-price\/\"]}]},{\"@type\":\"BreadcrumbList\",\"@id\":\"https:\/\/vapebulkp.com\/product\/buying-bood-twins-46000-puffs-vape-bar-wholesale-price\/#breadcrumb\",\"itemListElement\":[{\"@type\":\"ListItem\",\"position\":1,\"name\":\"Home\",\"item\":\"https:\/\/vapebulkp.com\/\"},{\"@type\":\"ListItem\",\"position\":2,\"name\":\"Hot Trend Vapes\",\"item\":\"https:\/\/vapebulkp.com\/vape-shop\/\"},{\"@type\":\"ListItem\",\"position\":3,\"name\":\"Buying Bood Twins 46000 Puffs Vape Bar Wholesale Price\"}]},{\"@type\":\"WebSite\",\"@id\":\"https:\/\/vapebulkp.com\/#website\",\"url\":\"https:\/\/vapebulkp.com\/\",\"name\":\"vapebulkp.com\",\"description\":\"Buy Vape In Cheap Bulk Price Near you\",\"publisher\":{\"@id\":\"https:\/\/vapebulkp.com\/#organization\"},\"potentialAction\":[{\"@type\":\"SearchAction\",\"target\":{\"@type\":\"EntryPoint\",\"urlTemplate\":\"https:\/\/vapebulkp.com\/?s={search_term_string}\"},\"query-input\":\"required name=search_term_string\"}],\"inLanguage\":\"cs\"},{\"@type\":\"Organization\",\"@id\":\"https:\/\/vapebulkp.com\/#organization\",\"name\":\"vapebulkp.com\",\"url\":\"https:\/\/vapebulkp.com\/\",\"logo\":{\"@type\":\"ImageObject\",\"inLanguage\":\"cs\",\"@id\":\"https:\/\/vapebulkp.com\/#\/schema\/logo\/image\/\",\"url\":\"https:\/\/vapebulkp.com\/wp-content\/uploads\/2023\/09\/cropped-vapebulkp.png\",\"contentUrl\":\"https:\/\/vapebulkp.com\/wp-content\/uploads\/2023\/09\/cropped-vapebulkp.png\",\"width\":516,\"height\":163,\"caption\":\"vapebulkp.com\"},\"image\":{\"@id\":\"https:\/\/vapebulkp.com\/#\/schema\/logo\/image\/\"}}]}<\/script>\n<!-- \/ Yoast SEO plugin. -->","yoast_head_json":{"title":"Buying Bood Twins 46000 Puffs Vape Bar Wholesale Price - vapebulkp.com","description":"Shop the premium Bood Twins 46000 Puffs Disposable Vape Bar with dual flavors, advanced mesh coil, and full-screen display. Perfect for wholesale buyers. Shop now at Vapebulkp.com!","robots":{"index":"index","follow":"follow","max-snippet":"max-snippet:-1","max-image-preview":"max-image-preview:large","max-video-preview":"max-video-preview:-1"},"canonical":"https:\/\/vapebulkp.com\/cs\/product\/buying-bood-twins-46000-puffs-vape-bar-wholesale-price\/","og_locale":"cs_CZ","og_type":"article","og_title":"Buying Bood Twins 46000 Puffs Vape Bar Wholesale Price - vapebulkp.com","og_description":"Shop the premium Bood Twins 46000 Puffs Disposable Vape Bar with dual flavors, advanced mesh coil, and full-screen display. Perfect for wholesale buyers. Shop now at Vapebulkp.com!","og_url":"https:\/\/vapebulkp.com\/cs\/product\/buying-bood-twins-46000-puffs-vape-bar-wholesale-price\/","og_site_name":"vapebulkp.com","article_modified_time":"2025-09-16T09:30:11+00:00","og_image":[{"width":800,"height":800,"url":"http:\/\/vapebulkp.com\/wp-content\/uploads\/2025\/01\/Bood-Twins-46000-Puffs-Top-Sale-Vape-In-UK.webp","type":"image\/webp"}],"twitter_card":"summary_large_image","twitter_misc":{"Odhadovan\u00e1 doba \u010dten\u00ed":"4 minuty"},"schema":{"@context":"https:\/\/schema.org","@graph":[{"@type":"WebPage","@id":"https:\/\/vapebulkp.com\/product\/buying-bood-twins-46000-puffs-vape-bar-wholesale-price\/","url":"https:\/\/vapebulkp.com\/product\/buying-bood-twins-46000-puffs-vape-bar-wholesale-price\/","name":"Buying Bood Twins 46000 Puffs Vape Bar Wholesale Price - vapebulkp.com","isPartOf":{"@id":"https:\/\/vapebulkp.com\/#website"},"datePublished":"2025-01-24T06:22:03+00:00","dateModified":"2025-09-16T09:30:11+00:00","description":"Shop the premium Bood Twins 46000 Puffs Disposable Vape Bar with dual flavors, advanced mesh coil, and full-screen display. Perfect for wholesale buyers. Shop now at Vapebulkp.com!","breadcrumb":{"@id":"https:\/\/vapebulkp.com\/product\/buying-bood-twins-46000-puffs-vape-bar-wholesale-price\/#breadcrumb"},"inLanguage":"cs","potentialAction":[{"@type":"ReadAction","target":["https:\/\/vapebulkp.com\/product\/buying-bood-twins-46000-puffs-vape-bar-wholesale-price\/"]}]},{"@type":"BreadcrumbList","@id":"https:\/\/vapebulkp.com\/product\/buying-bood-twins-46000-puffs-vape-bar-wholesale-price\/#breadcrumb","itemListElement":[{"@type":"ListItem","position":1,"name":"Home","item":"https:\/\/vapebulkp.com\/"},{"@type":"ListItem","position":2,"name":"Hot Trend Vapes","item":"https:\/\/vapebulkp.com\/vape-shop\/"},{"@type":"ListItem","position":3,"name":"Buying Bood Twins 46000 Puffs Vape Bar Wholesale Price"}]},{"@type":"WebSite","@id":"https:\/\/vapebulkp.com\/#website","url":"https:\/\/vapebulkp.com\/","name":"vapebulkp.com","description":"Buy Vape In Cheap Bulk Price Near you","publisher":{"@id":"https:\/\/vapebulkp.com\/#organization"},"potentialAction":[{"@type":"SearchAction","target":{"@type":"EntryPoint","urlTemplate":"https:\/\/vapebulkp.com\/?s={search_term_string}"},"query-input":"required name=search_term_string"}],"inLanguage":"cs"},{"@type":"Organization","@id":"https:\/\/vapebulkp.com\/#organization","name":"vapebulkp.com","url":"https:\/\/vapebulkp.com\/","logo":{"@type":"ImageObject","inLanguage":"cs","@id":"https:\/\/vapebulkp.com\/#\/schema\/logo\/image\/","url":"https:\/\/vapebulkp.com\/wp-content\/uploads\/2023\/09\/cropped-vapebulkp.png","contentUrl":"https:\/\/vapebulkp.com\/wp-content\/uploads\/2023\/09\/cropped-vapebulkp.png","width":516,"height":163,"caption":"vapebulkp.com"},"image":{"@id":"https:\/\/vapebulkp.com\/#\/schema\/logo\/image\/"}}]}},"uagb_featured_image_src":{"full":["https:\/\/vapebulkp.com\/wp-content\/uploads\/2025\/01\/Bood-Twins-46000-Puffs-Top-Sale-Vape-In-UK.webp",800,800,false],"thumbnail":["https:\/\/vapebulkp.com\/wp-content\/uploads\/2025\/01\/Bood-Twins-46000-Puffs-Top-Sale-Vape-In-UK-150x150.webp",150,150,true],"medium":["https:\/\/vapebulkp.com\/wp-content\/uploads\/2025\/01\/Bood-Twins-46000-Puffs-Top-Sale-Vape-In-UK-300x300.webp",300,300,true],"medium_large":["https:\/\/vapebulkp.com\/wp-content\/uploads\/2025\/01\/Bood-Twins-46000-Puffs-Top-Sale-Vape-In-UK-768x768.webp",768,768,true],"large":["https:\/\/vapebulkp.com\/wp-content\/uploads\/2025\/01\/Bood-Twins-46000-Puffs-Top-Sale-Vape-In-UK.webp",800,800,false],"1536x1536":["https:\/\/vapebulkp.com\/wp-content\/uploads\/2025\/01\/Bood-Twins-46000-Puffs-Top-Sale-Vape-In-UK.webp",800,800,false],"2048x2048":["https:\/\/vapebulkp.com\/wp-content\/uploads\/2025\/01\/Bood-Twins-46000-Puffs-Top-Sale-Vape-In-UK.webp",800,800,false],"trp-custom-language-flag":["https:\/\/vapebulkp.com\/wp-content\/uploads\/2025\/01\/Bood-Twins-46000-Puffs-Top-Sale-Vape-In-UK.webp",12,12,false],"woocommerce_thumbnail":["https:\/\/vapebulkp.com\/wp-content\/uploads\/2025\/01\/Bood-Twins-46000-Puffs-Top-Sale-Vape-In-UK-300x300.webp",300,300,true],"woocommerce_single":["https:\/\/vapebulkp.com\/wp-content\/uploads\/2025\/01\/Bood-Twins-46000-Puffs-Top-Sale-Vape-In-UK-600x600.webp",600,600,true],"woocommerce_gallery_thumbnail":["https:\/\/vapebulkp.com\/wp-content\/uploads\/2025\/01\/Bood-Twins-46000-Puffs-Top-Sale-Vape-In-UK-100x100.webp",100,100,true],"wcpr-photo-reviews":["https:\/\/vapebulkp.com\/wp-content\/uploads\/2025\/01\/Bood-Twins-46000-Puffs-Top-Sale-Vape-In-UK.webp",500,500,false]},"uagb_author_info":{"display_name":"Mandy vape bulk price","author_link":"https:\/\/vapebulkp.com\/cs\/author\/"},"uagb_comment_info":0,"uagb_excerpt":"Bood Twins 46000 Puffs Vape Bar at wholesale prices on Vapebulkp.com. Featuring dual flavors, advanced mesh coil technology, 46,000 puffs, and a sleek full-screen display. Perfect for bulk buyers seeking premium vaping solutions. Pls Contact Mandy's WhatsApp For Discount Price+8618077105796 NOTE: Prices on our website does not include shipping costs &nbsp;","_links":{"self":[{"href":"https:\/\/vapebulkp.com\/cs\/wp-json\/wp\/v2\/product\/3363","targetHints":{"allow":["GET"]}}],"collection":[{"href":"https:\/\/vapebulkp.com\/cs\/wp-json\/wp\/v2\/product"}],"about":[{"href":"https:\/\/vapebulkp.com\/cs\/wp-json\/wp\/v2\/types\/product"}],"replies":[{"embeddable":true,"href":"https:\/\/vapebulkp.com\/cs\/wp-json\/wp\/v2\/comments?post=3363"}],"wp:featuredmedia":[{"embeddable":true,"href":"https:\/\/vapebulkp.com\/cs\/wp-json\/wp\/v2\/media\/3360"}],"wp:attachment":[{"href":"https:\/\/vapebulkp.com\/cs\/wp-json\/wp\/v2\/media?parent=3363"}],"wp:term":[{"taxonomy":"product_cat","embeddable":true,"href":"https:\/\/vapebulkp.com\/cs\/wp-json\/wp\/v2\/product_cat?post=3363"},{"taxonomy":"product_tag","embeddable":true,"href":"https:\/\/vapebulkp.com\/cs\/wp-json\/wp\/v2\/product_tag?post=3363"}],"curies":[{"name":"wp","href":"https:\/\/api.w.org\/{rel}","templated":true}]}}