{"id":3412,"date":"2025-01-30T09:00:36","date_gmt":"2025-01-30T08:00:36","guid":{"rendered":"https:\/\/vapebulkp.com\/?post_type=product&#038;p=3412"},"modified":"2025-09-03T09:21:22","modified_gmt":"2025-09-03T07:21:22","slug":"evappe-deluxe-bar-18000-puffs-high-performance-waka-vape-pod","status":"publish","type":"product","link":"https:\/\/vapebulkp.com\/cs\/product\/evappe-deluxe-bar-18000-puffs-high-performance-waka-vape-pod\/","title":{"rendered":"Evappe Deluxe Bar 18000 pot\u00e1hnut\u00ed, vysoce v\u00fdkonn\u00e1 kapsle Waka Vape"},"content":{"rendered":"<h2 style=\"text-align: left\">Evappe Deluxe Bar 18000 pot\u00e1hnut\u00ed, vysoce v\u00fdkonn\u00e1 kapsle Waka Vape<\/h2>\n<p>&nbsp;<\/p>\n<p>Ten <strong>Evappe Deluxe Bar 18000 pot\u00e1hnut\u00ed vysoce v\u00fdkonn\u00e1 Vape Pod<\/strong> nab\u00edz\u00ed v\u00fdjime\u010dn\u00fd, pr\u00e9miov\u00fd z\u00e1\u017eitek z vapov\u00e1n\u00ed ur\u010den\u00fd pro n\u00e1ro\u010dn\u00e9 vapery. D\u00edky sv\u00e9mu inovativn\u00edmu designu a \u0161pi\u010dkov\u00e9 technologii poskytuje tento jednor\u00e1zov\u00fd vape a\u017e 18 000 pot\u00e1hnut\u00ed konzistentn\u00ed, vysoce kvalitn\u00ed p\u00e1ry. A\u0165 u\u017e hled\u00e1te jemn\u00fd, uspokojiv\u00fd nikotinov\u00fd hit nebo pohlcuj\u00edc\u00ed chu\u0165ov\u00fd profil, Evappe Deluxe Bar 18000 pot\u00e1hnut\u00ed zaru\u010duje oboj\u00ed, co\u017e z n\u011bj \u010din\u00ed ide\u00e1ln\u00ed volbu pro pokro\u010dil\u00e9 vapery i za\u010d\u00e1te\u010dn\u00edky.<\/p>\n<p>Je p\u0159edpln\u011bn velkorys\u00fdm 25ml e-liquidu a je k dispozici s obsahem nikotinu 2% a 5%, co\u017e nab\u00edz\u00ed flexibilitu pro uspokojen\u00ed osobn\u00edch preferenc\u00ed. Jeho pokro\u010dil\u00e1 technologie 0,6\u03a9 mesh c\u00edvky zaji\u0161\u0165uje rychlou produkci p\u00e1ry, optimalizuje chu\u0165 a poskytuje jemn\u00fd hit do krku. Zahrnut\u00ed 750mAh dob\u00edjec\u00ed baterie s nab\u00edjec\u00edm portem Type-C zaji\u0161\u0165uje del\u0161\u00ed a spolehliv\u011bj\u0161\u00ed v\u00fdkon, ide\u00e1ln\u00ed pro dlouhodob\u00e9 pou\u017eit\u00ed.<\/p>\n<p>Navr\u017een s ohledem na styl i prakti\u010dnost, nejprod\u00e1van\u011bj\u0161\u00ed vape Evappe Deluxe Bar 18k pot\u00e1hnut\u00ed se vyzna\u010duje elegantn\u00edm, modern\u00edm vzhledem, zat\u00edmco DTL (Direct-to-Lung) displej poskytuje \u00fadaje o pou\u017e\u00edv\u00e1n\u00ed v re\u00e1ln\u00e9m \u010dase. Tato vape pod je vyrobena pro maxim\u00e1ln\u00ed pohodl\u00ed a nab\u00edz\u00ed ekologick\u00e9 a u\u017eivatelsky p\u0159\u00edv\u011btiv\u00e9 \u0159e\u0161en\u00ed pro vapov\u00e1n\u00ed bez kompromis\u016f v chuti nebo kvalit\u011b.<\/p>\n<p>Zvolte si <strong>vysoce v\u00fdkonn\u00fd <\/strong><strong>Evappe Deluxe Bar <a href=\"https:\/\/vapebulkp.com\/cs\/product-category\/18000-puffs-disposable-vape\/\">18000 pot\u00e1hnut\u00ed jednor\u00e1zov\u00e1 e-cigareta <\/a><\/strong>pro pov\u00fd\u0161en\u00fd z\u00e1\u017eitek z vapov\u00e1n\u00ed s vynikaj\u00edc\u00edm designem, \u0161pi\u010dkovou technologi\u00ed a konzistentn\u00edm v\u00fdkonem.<\/p>\n<h6>Pro slevu pros\u00edm kontaktujte Mandy p\u0159es WhatsApp<a href=\"https:\/\/wa.me\/8618077105796\">+8618077105796<\/a><\/h6>\n<p><img decoding=\"async\" class=\"alignnone wp-image-2151\" src=\"http:\/\/vapebulkp.com\/wp-content\/uploads\/2024\/04\/Mandy-WhatsApp-Randm.jpg\" alt=\"Mandy WhatsApp Randm\" width=\"324\" height=\"330\" \/><\/p>\n<h2><strong>Nej\u010dast\u011bj\u0161\u00ed dotazy k jednor\u00e1zov\u00e9mu vape Evappe Deluxe Bar 18000 pot\u00e1hnut\u00ed:<\/strong><\/h2>\n<p><strong>Q1: Jak dlouho vydr\u017e\u00ed Evappe Deluxe Bar 18k pot\u00e1hnut\u00ed?<\/strong><br \/>\nZa\u0159\u00edzen\u00ed je navr\u017eeno tak, aby poskytlo a\u017e 18 000 pot\u00e1hnut\u00ed, v z\u00e1vislosti na zp\u016fsobu pou\u017eit\u00ed, co\u017e jej \u010din\u00ed ide\u00e1ln\u00edm pro dlouh\u00e9 vapovac\u00ed seance.<\/p>\n<p><strong>Q2: Je Evappe Deluxe Bar dob\u00edjec\u00ed?<\/strong><br \/>\nAno, je vybaveno 750mAh dob\u00edjec\u00ed bateri\u00ed s nab\u00edjec\u00edm portem Type-C pro rychl\u00e9 a pohodln\u00e9 dob\u00edjen\u00ed.<\/p>\n<p><strong>Q5: Kolik e-liquidu se vejde do za\u0159\u00edzen\u00ed?<\/strong><br \/>\nKa\u017ed\u00fd Evappe Deluxe Bar je p\u0159edpln\u011bn 25ml vysoce kvalitn\u00edho e-liquidu, co\u017e zaji\u0161\u0165uje dlouhotrvaj\u00edc\u00ed pou\u017eit\u00ed.<\/p>\n<p><strong>Q9: M\u00e1 Evappe Deluxe Bar displej?<\/strong><br \/>\nAno, obsahuje DTL displej pro pohodln\u00e9 sledov\u00e1n\u00ed va\u0161ich vapovac\u00edch seanc\u00ed.<\/p>\n<p><strong>Q10: Kde mohu koupit Evappe Deluxe Bar?<\/strong><br \/>\nEvappe Deluxe Bar m\u016f\u017eete zakoupit u autorizovan\u00fdch prodejc\u016f nebo v internetov\u00fdch obchodech, jako je Vapebulkp.com.<\/p>\n<h2><\/h2>\n<h3><strong>Velkoobchodn\u00ed prodej Evappe Deluxe Bar 18000 Puffs Vlastnosti:<\/strong><\/h3>\n<ul>\n<li><strong>Po\u010det pot\u00e1hnut\u00ed:<\/strong> A\u017e 18 000 pot\u00e1hnut\u00ed s DTL (direct-to-lung) z\u00e1\u017eitkem z vapov\u00e1n\u00ed.<\/li>\n<li><strong>S\u00edla nikotinu:<\/strong> Dostupn\u00e9 ve variant\u00e1ch s 2 % a 5 % nikotinu, aby vyhovovaly r\u016fzn\u00fdm preferenc\u00edm.<\/li>\n<li><strong>Kapacita e-liquidu:<\/strong> P\u0159edpln\u011bno 25ml pr\u00e9miov\u00e9ho e-liquidu pro dlouhodob\u00e9 pou\u017eit\u00ed.<\/li>\n<li><strong>Baterie:<\/strong> 750mAh dob\u00edjec\u00ed baterie pro spolehliv\u00fd a dlouhotrvaj\u00edc\u00ed v\u00fdkon.<\/li>\n<li><strong>Nab\u00edjec\u00ed rozhran\u00ed:<\/strong> Vybaveno portem Type-C pro rychl\u00e9 a efektivn\u00ed nab\u00edjen\u00ed.<\/li>\n<li><strong>Technologie spir\u00e1lky:<\/strong> Obsahuje 0,6\u03a9 mesh spir\u00e1lku pro lep\u0161\u00ed chu\u0165 a hladkou produkci p\u00e1ry.<\/li>\n<li><strong>Balen\u00ed:<\/strong> Prod\u00e1v\u00e1 se v krabic\u00edch obsahuj\u00edc\u00edch 10 kus\u016f, ide\u00e1ln\u00ed pro hromadn\u00e9 n\u00e1kupy nebo maloobchodn\u00ed vystaven\u00ed.<\/li>\n<\/ul>\n<h3>Hromadn\u00fd n\u00e1kup Evappe Deluxe Bar 18k Puffs Mo\u017enosti p\u0159\u00edchut\u00ed:<\/h3>\n<p>1.Dv\u011b jablka<br \/>\n2.Hroznov\u00e1 m\u00e1ta<br \/>\n3.Sv\u011b\u017e\u00ed led<br \/>\n4.Bobulov\u00fd led<br \/>\n5.Bor\u016fvkov\u00e1 \u017ev\u00fdka\u010dka<br \/>\n6.T\u0159e\u0161\u0148ov\u00e1 malina<br \/>\n7.Broskvov\u00fd led<br \/>\n8.L\u00e1ska 66<br \/>\n9.Jasn\u00fd sen<br \/>\n10.Jahodov\u00fd pun\u010d<\/p>\n<p><a href=\"https:\/\/vapebulkp.com\/cs\/product\/fumot-tornado-25k-puffs-cheap-price-disposable-vape\/\"><span style=\"vertical-align: inherit\">RandM Tornado 25000 pot\u00e1hnut\u00ed <\/span><\/a><\/p>\n<p><span style=\"vertical-align: inherit\">Najd\u011bte dal\u0161\u00ed produkty, kter\u00e9 by se v\u00e1m mohly l\u00edbit:<\/span><em><a href=\"https:\/\/wa.me\/8618077105796\"><span style=\"vertical-align: inherit\">\u00a0Kupte to te\u010f<\/span><\/a><\/em><\/p>\n<p><span style=\"vertical-align: inherit\">Dal\u0161\u00ed potahy, kter\u00e9 by se v\u00e1m mohly l\u00edbit:<\/span><a href=\"https:\/\/vapebulkp.com\/cs\/product\/uwin-tornado-music-35k-puffs-vape-wholesale-nicotine-free\/\"><span style=\"vertical-align: inherit\">UWIN Tornado 35000 pot\u00e1hnut\u00ed<\/span><\/a><span style=\"vertical-align: inherit\">\u3001<\/span><a href=\"https:\/\/vapebulkp.com\/cs\/product\/wholesale-randm-tornado-9000-puffs-germany\/\"><span style=\"vertical-align: inherit\">RandM 9000 potah\u016f<\/span><\/a><span style=\"vertical-align: inherit\">\/ <\/span><a href=\"https:\/\/vapebulkp.com\/cs\/product\/wholesale-price-bang-kingdoms-rex-32000-puffs-vape-pod\/\"><span style=\"vertical-align: inherit\">Bang King doms rex 32000 pot\u00e1hnut\u00ed<\/span><\/a><span style=\"vertical-align: inherit\">\/ <\/span><a href=\"https:\/\/vapebulkp.com\/cs\/fi\/product\/uzy-bang-digital-12000puffs-led-display-e-cigarettes\/\"><span style=\"vertical-align: inherit\">UZY Bang Digital 15000 pot\u00e1hnut\u00ed<\/span><\/a><\/p>\n<p><span style=\"vertical-align: inherit\">E-cigaretov\u00e1 l\u00e1hev speci\u00e1ln\u00edho tvaru:<\/span><a href=\"https:\/\/vapebulkp.com\/cs\/product\/vapsolo-feed-bar-shisha-vape-15000-puffs-wholesale-price\/\"><span style=\"vertical-align: inherit\"> Vapsolo Feed Bar shisha 15000 pot\u00e1hnut\u00ed<\/span><\/a><span style=\"vertical-align: inherit\">\/ <\/span><a href=\"https:\/\/vapebulkp.com\/cs\/product\/bang-28000-puffs-disposable-vape-pen-with-adjustable-ice-level\/\"><span style=\"vertical-align: inherit\">\u00a0Bang 28000 pot\u00e1hnut\u00ed <\/span><\/a><span style=\"vertical-align: inherit\">\/<\/span><a href=\"https:\/\/vapebulkp.com\/cs\/product\/waspe-crystal-vape-40000-puffs-disposable-e-cigarette-dual-flavors-wholesale-price\/\"><span style=\"vertical-align: inherit\"> WASPE K\u0159i\u0161\u0165\u00e1l 40000 pot\u00e1hnut\u00ed<\/span><\/a><\/p>\n<p>&nbsp;<\/p>\n<h4><strong>Pro\u010d zvolit Evappe Deluxe Bar 18000 pot\u00e1hnut\u00ed v <a href=\"https:\/\/vapebulkp.com\/cs\/vape-shop\/\">Vapebulkp.com<\/a>?<\/strong><\/h4>\n<p>Na Vapebulkp.com poskytujeme pouze ty nejkvalitn\u011bj\u0161\u00ed vapingov\u00e9 produkty a Evappe Deluxe Bar nen\u00ed v\u00fdjimkou. <strong>Evappe Deluxe Bar 18000 pot\u00e1hnut\u00ed<\/strong> Zde je d\u016fvod, pro\u010d je ide\u00e1ln\u00ed volbou pro va\u0161e vapingov\u00e9 pot\u0159eby:<\/p>\n<ol>\n<li><strong>Pr\u00e9miov\u00e1 kvalita<\/strong> \u2013 Evappe Deluxe Bar je vyroben pokro\u010dilou technologi\u00ed, kter\u00e1 zaji\u0161\u0165uje hladkou p\u00e1ru, intenzivn\u00ed chu\u0165 a dlouhotrvaj\u00edc\u00ed v\u00fdkon. S a\u017e 18 000 potahy a spolehlivou dob\u00edjec\u00ed 750mAh bateri\u00ed toto za\u0159\u00edzen\u00ed zaru\u010duje konzistentn\u00ed a uspokojiv\u00fd z\u00e1\u017eitek poka\u017ed\u00e9.<\/li>\n<li><strong>Konkuren\u010dn\u00ed ceny<\/strong> \u2013 Vapebulkp.com nab\u00edz\u00ed <strong>Evappe Deluxe Bar 18000 Potah\u016f<\/strong>\u00a0za konkuren\u010dn\u00ed ceny, d\u00edky \u010demu\u017e je \u0161pi\u010dkov\u00e9 vapov\u00e1n\u00ed dostupn\u00e9 bez ob\u011btov\u00e1n\u00ed kvality. Pro n\u00e1kladov\u011b efektivn\u00ed \u0159e\u0161en\u00ed jsou k dispozici tak\u00e9 mo\u017enosti hromadn\u00e9ho n\u00e1kupu.<\/li>\n<li><strong>\u0160irok\u00fd v\u00fdb\u011br<\/strong> \u2013 Nab\u00edz\u00edme r\u016fzn\u00e9 s\u00edly nikotinu (2% a 5%), kter\u00e9 uspokoj\u00ed r\u016fzn\u00e9 preference. A\u0165 u\u017e jste za\u010d\u00e1te\u010dn\u00edk nebo zku\u0161en\u00fd vaper, m\u00e1me ide\u00e1ln\u00ed konfiguraci, kter\u00e1 vyhovuje va\u0161im pot\u0159eb\u00e1m.<\/li>\n<li><strong>Rychl\u00fd<\/strong> \u2013 Na\u0161e rychl\u00e1 a spolehliv\u00e1 p\u0159epravn\u00ed slu\u017eba zaji\u0161\u0165uje, \u017ee obdr\u017e\u00edte sv\u016fj Evappe Deluxe Bar rychle a bezpe\u010dn\u011b, a\u0165 u\u017e jste kdekoli v \u010cesk\u00e9 republice.<\/li>\n<li><strong>Slu\u017eby zam\u011b\u0159en\u00e9 na z\u00e1kazn\u00edka<\/strong> \u2013 N\u00e1\u0161 specializovan\u00fd t\u00fdm z\u00e1kaznick\u00e9 podpory je p\u0159ipraven pomoci s jak\u00fdmikoli dotazy, aby byl v\u00e1\u0161 n\u00e1kup bezprobl\u00e9mov\u00fd od za\u010d\u00e1tku do konce.<\/li>\n<\/ol>\n<h5>Podrobnosti o p\u0159eprav\u011b:<\/h5>\n<p><span style=\"color: #ff6600\">Doba v\u00fdroby: 5-10 pracovn\u00edch dn\u016f<\/span><br \/>\n<span style=\"color: #ff6600\">Doba p\u0159epravy: 8-14 pracovn\u00edch dn\u016f<\/span><\/p>\n<p>V\u0161echny produkty v na\u0161em obchod\u011b jsou 100% origin\u00e1ln\u00ed a autentick\u00e9, tak\u017ee desetin\u00e1sobn\u00e1 n\u00e1hrada za pad\u011blky je na\u0161\u00ed obchodn\u00ed politikou. K doru\u010den\u00ed zbo\u017e\u00ed pou\u017e\u00edv\u00e1me logistick\u00e9 kan\u00e1ly jako UPS\/DHL\/FEDEX\/DPD.<\/p>\n<p>Pro z\u00e1silky odeslan\u00e9 do \u010cesk\u00e9 republiky obvykle trv\u00e1 doru\u010den\u00ed 10 pracovn\u00edch dn\u016f. Doru\u010den\u00ed do evropsk\u00fdch zem\u00ed obvykle trv\u00e1 12 a\u017e 15 pracovn\u00edch dn\u016f. Logistick\u00e9 informace pro v\u00e1s budeme aktualizovat v re\u00e1ln\u00e9m \u010dase.<\/p>","protected":false},"excerpt":{"rendered":"<ul>\n<li><strong>Evappe Deluxe Bar 18000 pot\u00e1hnut\u00ed vysoce v\u00fdkonn\u00e1 jednor\u00e1zov\u00e1 Vape Pod s mesh c\u00edvkou a dob\u00edjec\u00ed bateri\u00ed Type-C<\/strong><\/li>\n<li><strong>Pr\u00e9miov\u00fd jednor\u00e1zov\u00fd vape Evappe Deluxe Bar 18000 pot\u00e1hnut\u00ed s 25ml e-liquidem a obsahem nikotinu 2% a 5%<\/strong><\/li>\n<li><strong>Evappe Deluxe Bar 18000 pot\u00e1hnut\u00ed vysoce kvalitn\u00ed Vape Pod pro DTL vapov\u00e1n\u00ed s dlouhotrvaj\u00edc\u00edm v\u00fdkonem a dob\u00edjec\u00ed bateri\u00ed<\/strong><\/li>\n<\/ul>\n<p>Pro slevu pros\u00edm kontaktujte Mandy p\u0159es WhatsApp<a href=\"https:\/\/wa.me\/8618077105796\">+8618077105796<\/a><\/p>\n<p><img decoding=\"async\" class=\"alignnone wp-image-2151\" src=\"http:\/\/vapebulkp.com\/wp-content\/uploads\/2024\/04\/Mandy-WhatsApp-Randm.jpg\" alt=\"Mandy WhatsApp Randm\" width=\"297\" height=\"316\" srcset=\"https:\/\/vapebulkp.com\/wp-content\/uploads\/2024\/04\/Mandy-WhatsApp-Randm.jpg 916w, https:\/\/vapebulkp.com\/wp-content\/uploads\/2024\/04\/Mandy-WhatsApp-Randm-282x300.jpg 282w, https:\/\/vapebulkp.com\/wp-content\/uploads\/2024\/04\/Mandy-WhatsApp-Randm-768x817.jpg 768w, https:\/\/vapebulkp.com\/wp-content\/uploads\/2024\/04\/Mandy-WhatsApp-Randm-600x638.jpg 600w\" sizes=\"(max-width: 297px) 100vw, 297px\" \/><\/p>\n<p><span style=\"color: #ff0000\">POZN\u00c1MKA: Ceny na na\u0161em webu nezahrnuj\u00ed n\u00e1klady na dopravu<\/span><\/p>\n<p>&nbsp;<\/p>","protected":false},"featured_media":3413,"comment_status":"open","ping_status":"closed","template":"","meta":{"_uag_custom_page_level_css":"","_lmt_disableupdate":"no","_lmt_disable":"","site-sidebar-layout":"default","site-content-layout":"content-boxed-container","ast-site-content-layout":"normal-width-container","site-content-style":"boxed","site-sidebar-style":"unboxed","ast-global-header-display":"","ast-banner-title-visibility":"","ast-main-header-display":"","ast-hfb-above-header-display":"","ast-hfb-below-header-display":"","ast-hfb-mobile-header-display":"","site-post-title":"","ast-breadcrumbs-content":"","ast-featured-img":"","footer-sml-layout":"","theme-transparent-header-meta":"default","adv-header-id-meta":"","stick-header-meta":"","header-above-stick-meta":"","header-main-stick-meta":"","header-below-stick-meta":"","astra-migrate-meta-layouts":"set","_joinchat":[]},"product_cat":[163,153,155,33,59,100,87,34,158,157,154,152,58,84,156],"product_tag":[205,36,37,41,40],"class_list":["post-3412","product","type-product","status-publish","has-post-thumbnail","hentry","product_cat-18000-puffs-disposable-vape","product_cat-hot-disposable-vapes","product_cat-belgium-hot-disposable-vapes","product_cat-france-vape-hot-sale","product_cat-germany-hot-disposable-vape","product_cat-germany-wholesale-vape-shop","product_cat-minimum-order-quantity-50pcs","product_cat-netherlands-vape-good-sale","product_cat-norway-hot-disposable-vapes","product_cat-poland-hot-disposable-vapes","product_cat-portugal-hot-disposable-vapes","product_cat-spain-hot-disposable-vapes","product_cat-sweden-hot-disposable-vape","product_cat-sweden-wholesale-vape","product_cat-switzerland-hot-disposable-vapes","product_tag-evappe-deluxe-bar-18000-puffs","product_tag-good-vape","product_tag-hot-sale-disposable-vape","product_tag-poland-hot-vape","product_tag-sweden-hot-vape","desktop-align-left","tablet-align-left","mobile-align-left"],"yoast_head":"<!-- This site is optimized with the Yoast SEO plugin v21.1 - https:\/\/yoast.com\/wordpress\/plugins\/seo\/ -->\n<title>Evappe Deluxe Bar 18000 Puffs High-Performance Waka Vape Pod - vapebulkp.com<\/title>\n<meta name=\"description\" content=\"Best Sale Evappe Deluxe Bar 18000 Puffs offers long-lasting, smooth vapor with 25ml e-liquid and rechargeable convenience for premium vaping.\" \/>\n<meta name=\"robots\" content=\"index, follow, max-snippet:-1, max-image-preview:large, max-video-preview:-1\" \/>\n<link rel=\"canonical\" href=\"https:\/\/vapebulkp.com\/cs\/product\/evappe-deluxe-bar-18000-puffs-high-performance-waka-vape-pod\/\" \/>\n<meta property=\"og:locale\" content=\"cs_CZ\" \/>\n<meta property=\"og:type\" content=\"article\" \/>\n<meta property=\"og:title\" content=\"Evappe Deluxe Bar 18000 Puffs High-Performance Waka Vape Pod - vapebulkp.com\" \/>\n<meta property=\"og:description\" content=\"Best Sale Evappe Deluxe Bar 18000 Puffs offers long-lasting, smooth vapor with 25ml e-liquid and rechargeable convenience for premium vaping.\" \/>\n<meta property=\"og:url\" content=\"https:\/\/vapebulkp.com\/cs\/product\/evappe-deluxe-bar-18000-puffs-high-performance-waka-vape-pod\/\" \/>\n<meta property=\"og:site_name\" content=\"vapebulkp.com\" \/>\n<meta property=\"article:modified_time\" content=\"2025-09-03T07:21:22+00:00\" \/>\n<meta property=\"og:image\" content=\"http:\/\/vapebulkp.com\/wp-content\/uploads\/2025\/01\/Evappe-Deluxe-Bar-18000-Puff-Advanced-Vaping-Solution.webp\" \/>\n\t<meta property=\"og:image:width\" content=\"800\" \/>\n\t<meta property=\"og:image:height\" content=\"800\" \/>\n\t<meta property=\"og:image:type\" content=\"image\/webp\" \/>\n<meta name=\"twitter:card\" content=\"summary_large_image\" \/>\n<meta name=\"twitter:label1\" content=\"Odhadovan\u00e1 doba \u010dten\u00ed\" \/>\n\t<meta name=\"twitter:data1\" content=\"4 minuty\" \/>\n<script type=\"application\/ld+json\" class=\"yoast-schema-graph\">{\"@context\":\"https:\/\/schema.org\",\"@graph\":[{\"@type\":\"WebPage\",\"@id\":\"https:\/\/vapebulkp.com\/product\/evappe-deluxe-bar-18000-puffs-high-performance-waka-vape-pod\/\",\"url\":\"https:\/\/vapebulkp.com\/product\/evappe-deluxe-bar-18000-puffs-high-performance-waka-vape-pod\/\",\"name\":\"Evappe Deluxe Bar 18000 Puffs High-Performance Waka Vape Pod - vapebulkp.com\",\"isPartOf\":{\"@id\":\"https:\/\/vapebulkp.com\/#website\"},\"datePublished\":\"2025-01-30T08:00:36+00:00\",\"dateModified\":\"2025-09-03T07:21:22+00:00\",\"description\":\"Best Sale Evappe Deluxe Bar 18000 Puffs offers long-lasting, smooth vapor with 25ml e-liquid and rechargeable convenience for premium vaping.\",\"breadcrumb\":{\"@id\":\"https:\/\/vapebulkp.com\/product\/evappe-deluxe-bar-18000-puffs-high-performance-waka-vape-pod\/#breadcrumb\"},\"inLanguage\":\"cs\",\"potentialAction\":[{\"@type\":\"ReadAction\",\"target\":[\"https:\/\/vapebulkp.com\/product\/evappe-deluxe-bar-18000-puffs-high-performance-waka-vape-pod\/\"]}]},{\"@type\":\"BreadcrumbList\",\"@id\":\"https:\/\/vapebulkp.com\/product\/evappe-deluxe-bar-18000-puffs-high-performance-waka-vape-pod\/#breadcrumb\",\"itemListElement\":[{\"@type\":\"ListItem\",\"position\":1,\"name\":\"Home\",\"item\":\"https:\/\/vapebulkp.com\/\"},{\"@type\":\"ListItem\",\"position\":2,\"name\":\"Hot Trend Vapes\",\"item\":\"https:\/\/vapebulkp.com\/vape-shop\/\"},{\"@type\":\"ListItem\",\"position\":3,\"name\":\"Evappe Deluxe Bar 18000 Puffs High-Performance Waka Vape Pod\"}]},{\"@type\":\"WebSite\",\"@id\":\"https:\/\/vapebulkp.com\/#website\",\"url\":\"https:\/\/vapebulkp.com\/\",\"name\":\"vapebulkp.com\",\"description\":\"Buy Vape In Cheap Bulk Price Near you\",\"publisher\":{\"@id\":\"https:\/\/vapebulkp.com\/#organization\"},\"potentialAction\":[{\"@type\":\"SearchAction\",\"target\":{\"@type\":\"EntryPoint\",\"urlTemplate\":\"https:\/\/vapebulkp.com\/?s={search_term_string}\"},\"query-input\":\"required name=search_term_string\"}],\"inLanguage\":\"cs\"},{\"@type\":\"Organization\",\"@id\":\"https:\/\/vapebulkp.com\/#organization\",\"name\":\"vapebulkp.com\",\"url\":\"https:\/\/vapebulkp.com\/\",\"logo\":{\"@type\":\"ImageObject\",\"inLanguage\":\"cs\",\"@id\":\"https:\/\/vapebulkp.com\/#\/schema\/logo\/image\/\",\"url\":\"https:\/\/vapebulkp.com\/wp-content\/uploads\/2023\/09\/cropped-vapebulkp.png\",\"contentUrl\":\"https:\/\/vapebulkp.com\/wp-content\/uploads\/2023\/09\/cropped-vapebulkp.png\",\"width\":516,\"height\":163,\"caption\":\"vapebulkp.com\"},\"image\":{\"@id\":\"https:\/\/vapebulkp.com\/#\/schema\/logo\/image\/\"}}]}<\/script>\n<!-- \/ Yoast SEO plugin. -->","yoast_head_json":{"title":"Evappe Deluxe Bar 18000 Puffs Vysoce v\u00fdkonn\u00fd Waka Vape Pod - vapebulkp.com","description":"Nejlep\u0161\u00ed prodej Evappe Deluxe Bar 18000 Puffs nab\u00edz\u00ed dlouhotrvaj\u00edc\u00ed, jemnou p\u00e1ru s 25ml e-liquidem a dob\u00edjec\u00edm komfortem pro prvot\u0159\u00eddn\u00ed vapov\u00e1n\u00ed.","robots":{"index":"index","follow":"follow","max-snippet":"max-snippet:-1","max-image-preview":"max-image-preview:large","max-video-preview":"max-video-preview:-1"},"canonical":"https:\/\/vapebulkp.com\/cs\/product\/evappe-deluxe-bar-18000-puffs-high-performance-waka-vape-pod\/","og_locale":"cs_CZ","og_type":"article","og_title":"Evappe Deluxe Bar 18000 Puffs High-Performance Waka Vape Pod - vapebulkp.com","og_description":"Best Sale Evappe Deluxe Bar 18000 Puffs offers long-lasting, smooth vapor with 25ml e-liquid and rechargeable convenience for premium vaping.","og_url":"https:\/\/vapebulkp.com\/cs\/product\/evappe-deluxe-bar-18000-puffs-high-performance-waka-vape-pod\/","og_site_name":"vapebulkp.com","article_modified_time":"2025-09-03T07:21:22+00:00","og_image":[{"width":800,"height":800,"url":"http:\/\/vapebulkp.com\/wp-content\/uploads\/2025\/01\/Evappe-Deluxe-Bar-18000-Puff-Advanced-Vaping-Solution.webp","type":"image\/webp"}],"twitter_card":"summary_large_image","twitter_misc":{"Odhadovan\u00e1 doba \u010dten\u00ed":"4 minuty"},"schema":{"@context":"https:\/\/schema.org","@graph":[{"@type":"WebPage","@id":"https:\/\/vapebulkp.com\/product\/evappe-deluxe-bar-18000-puffs-high-performance-waka-vape-pod\/","url":"https:\/\/vapebulkp.com\/product\/evappe-deluxe-bar-18000-puffs-high-performance-waka-vape-pod\/","name":"Evappe Deluxe Bar 18000 Puffs Vysoce v\u00fdkonn\u00fd Waka Vape Pod - vapebulkp.com","isPartOf":{"@id":"https:\/\/vapebulkp.com\/#website"},"datePublished":"2025-01-30T08:00:36+00:00","dateModified":"2025-09-03T07:21:22+00:00","description":"Nejlep\u0161\u00ed prodej Evappe Deluxe Bar 18000 Puffs nab\u00edz\u00ed dlouhotrvaj\u00edc\u00ed, jemnou p\u00e1ru s 25ml e-liquidem a dob\u00edjec\u00edm komfortem pro prvot\u0159\u00eddn\u00ed vapov\u00e1n\u00ed.","breadcrumb":{"@id":"https:\/\/vapebulkp.com\/product\/evappe-deluxe-bar-18000-puffs-high-performance-waka-vape-pod\/#breadcrumb"},"inLanguage":"cs","potentialAction":[{"@type":"ReadAction","target":["https:\/\/vapebulkp.com\/product\/evappe-deluxe-bar-18000-puffs-high-performance-waka-vape-pod\/"]}]},{"@type":"BreadcrumbList","@id":"https:\/\/vapebulkp.com\/product\/evappe-deluxe-bar-18000-puffs-high-performance-waka-vape-pod\/#breadcrumb","itemListElement":[{"@type":"ListItem","position":1,"name":"Home","item":"https:\/\/vapebulkp.com\/"},{"@type":"ListItem","position":2,"name":"Hot Trend Vapes","item":"https:\/\/vapebulkp.com\/vape-shop\/"},{"@type":"ListItem","position":3,"name":"Evappe Deluxe Bar 18000 Puffs High-Performance Waka Vape Pod"}]},{"@type":"WebSite","@id":"https:\/\/vapebulkp.com\/#website","url":"https:\/\/vapebulkp.com\/","name":"vapebulkp.com","description":"Kupte si vape za levnou velkoobchodn\u00ed cenu ve va\u0161em okol\u00ed","publisher":{"@id":"https:\/\/vapebulkp.com\/#organization"},"potentialAction":[{"@type":"SearchAction","target":{"@type":"EntryPoint","urlTemplate":"https:\/\/vapebulkp.com\/?s={search_term_string}"},"query-input":"required name=search_term_string"}],"inLanguage":"cs"},{"@type":"Organization","@id":"https:\/\/vapebulkp.com\/#organization","name":"vapebulkp.com","url":"https:\/\/vapebulkp.com\/","logo":{"@type":"ImageObject","inLanguage":"cs","@id":"https:\/\/vapebulkp.com\/#\/schema\/logo\/image\/","url":"https:\/\/vapebulkp.com\/wp-content\/uploads\/2023\/09\/cropped-vapebulkp.png","contentUrl":"https:\/\/vapebulkp.com\/wp-content\/uploads\/2023\/09\/cropped-vapebulkp.png","width":516,"height":163,"caption":"vapebulkp.com"},"image":{"@id":"https:\/\/vapebulkp.com\/#\/schema\/logo\/image\/"}}]}},"uagb_featured_image_src":{"full":["https:\/\/vapebulkp.com\/wp-content\/uploads\/2025\/01\/Evappe-Deluxe-Bar-18000-Puff-Advanced-Vaping-Solution.webp",800,800,false],"thumbnail":["https:\/\/vapebulkp.com\/wp-content\/uploads\/2025\/01\/Evappe-Deluxe-Bar-18000-Puff-Advanced-Vaping-Solution-150x150.webp",150,150,true],"medium":["https:\/\/vapebulkp.com\/wp-content\/uploads\/2025\/01\/Evappe-Deluxe-Bar-18000-Puff-Advanced-Vaping-Solution-300x300.webp",300,300,true],"medium_large":["https:\/\/vapebulkp.com\/wp-content\/uploads\/2025\/01\/Evappe-Deluxe-Bar-18000-Puff-Advanced-Vaping-Solution-768x768.webp",768,768,true],"large":["https:\/\/vapebulkp.com\/wp-content\/uploads\/2025\/01\/Evappe-Deluxe-Bar-18000-Puff-Advanced-Vaping-Solution.webp",800,800,false],"1536x1536":["https:\/\/vapebulkp.com\/wp-content\/uploads\/2025\/01\/Evappe-Deluxe-Bar-18000-Puff-Advanced-Vaping-Solution.webp",800,800,false],"2048x2048":["https:\/\/vapebulkp.com\/wp-content\/uploads\/2025\/01\/Evappe-Deluxe-Bar-18000-Puff-Advanced-Vaping-Solution.webp",800,800,false],"trp-custom-language-flag":["https:\/\/vapebulkp.com\/wp-content\/uploads\/2025\/01\/Evappe-Deluxe-Bar-18000-Puff-Advanced-Vaping-Solution.webp",12,12,false],"woocommerce_thumbnail":["https:\/\/vapebulkp.com\/wp-content\/uploads\/2025\/01\/Evappe-Deluxe-Bar-18000-Puff-Advanced-Vaping-Solution-300x300.webp",300,300,true],"woocommerce_single":["https:\/\/vapebulkp.com\/wp-content\/uploads\/2025\/01\/Evappe-Deluxe-Bar-18000-Puff-Advanced-Vaping-Solution-600x600.webp",600,600,true],"woocommerce_gallery_thumbnail":["https:\/\/vapebulkp.com\/wp-content\/uploads\/2025\/01\/Evappe-Deluxe-Bar-18000-Puff-Advanced-Vaping-Solution-100x100.webp",100,100,true],"wcpr-photo-reviews":["https:\/\/vapebulkp.com\/wp-content\/uploads\/2025\/01\/Evappe-Deluxe-Bar-18000-Puff-Advanced-Vaping-Solution.webp",500,500,false]},"uagb_author_info":{"display_name":"Mandy vape bulk price","author_link":"https:\/\/vapebulkp.com\/cs\/author\/"},"uagb_comment_info":0,"uagb_excerpt":"Evappe Deluxe Bar 18000 Puffs High-Performance Disposable Vape Pod with Mesh Coil and Type-C Rechargeable Battery Premium Evappe Deluxe Bar 18000 Puff Disposable Vape with 25ml E-liquid and 2%\/5% Nicotine Strength Evappe Deluxe Bar 18000 Puffs High-Quality Vape Pod for DTL Vaping with Long-Lasting Performance and Rechargeable Battery Pls Contact Mandy's WhatsApp For Discount Price+8618077105796&hellip;","_links":{"self":[{"href":"https:\/\/vapebulkp.com\/cs\/wp-json\/wp\/v2\/product\/3412","targetHints":{"allow":["GET"]}}],"collection":[{"href":"https:\/\/vapebulkp.com\/cs\/wp-json\/wp\/v2\/product"}],"about":[{"href":"https:\/\/vapebulkp.com\/cs\/wp-json\/wp\/v2\/types\/product"}],"replies":[{"embeddable":true,"href":"https:\/\/vapebulkp.com\/cs\/wp-json\/wp\/v2\/comments?post=3412"}],"wp:featuredmedia":[{"embeddable":true,"href":"https:\/\/vapebulkp.com\/cs\/wp-json\/wp\/v2\/media\/3413"}],"wp:attachment":[{"href":"https:\/\/vapebulkp.com\/cs\/wp-json\/wp\/v2\/media?parent=3412"}],"wp:term":[{"taxonomy":"product_cat","embeddable":true,"href":"https:\/\/vapebulkp.com\/cs\/wp-json\/wp\/v2\/product_cat?post=3412"},{"taxonomy":"product_tag","embeddable":true,"href":"https:\/\/vapebulkp.com\/cs\/wp-json\/wp\/v2\/product_tag?post=3412"}],"curies":[{"name":"wp","href":"https:\/\/api.w.org\/{rel}","templated":true}]}}