{"id":3429,"date":"2025-02-07T10:00:01","date_gmt":"2025-02-07T09:00:01","guid":{"rendered":"https:\/\/vapebulkp.com\/?post_type=product&#038;p=3429"},"modified":"2025-09-24T05:51:45","modified_gmt":"2025-09-24T03:51:45","slug":"jnr-power-mate-30000-puffs-wholesale-pocket-hookah-disposable-vape","status":"publish","type":"product","link":"https:\/\/vapebulkp.com\/cs\/product\/jnr-power-mate-30000-puffs-wholesale-pocket-hookah-disposable-vape\/","title":{"rendered":"JNR Power Mate 30000 potah\u016f Velkoobchodn\u00ed kapesn\u00ed vodn\u00ed d\u00fdmka jednor\u00e1zov\u00e1 elektronick\u00e1 cigareta"},"content":{"rendered":"<h2 style=\"text-align: left\">JNR Power Mate 30000 potah\u016f Velkoobchodn\u00ed kapesn\u00ed vodn\u00ed d\u00fdmka jednor\u00e1zov\u00e1 elektronick\u00e1 cigareta<\/h2>\n<p>Ten <strong>JNR Power Mate 30000 potah\u016f Velkoobchodn\u00ed kapesn\u00ed vodn\u00ed d\u00fdmka jednor\u00e1zov\u00e1 elektronick\u00e1 cigareta<\/strong> je pr\u00e9miov\u00e9 za\u0159\u00edzen\u00ed vytvo\u0159en\u00e9 pro vapery, kte\u0159\u00ed po\u017eaduj\u00ed dokonalost. D\u00edky p\u016fsobiv\u00e9mu <strong>30 000 pot\u00e1hnut\u00ed<\/strong>, nab\u00edz\u00ed bezkonkuren\u010dn\u00ed dlouhou \u017eivotnost a spokojenost. P\u0159edpln\u011bno <strong>19 ml e-liquidu<\/strong> a <strong>2% s\u00edla nikotinu<\/strong>, poskytuje hladk\u00e9, konzistentn\u00ed p\u0159\u00edchut\u011b pro pov\u00fd\u0161en\u00fd z\u00e1\u017eitek z vapov\u00e1n\u00ed.<\/p>\n<p>Vybaveno <strong>power banka s kapacitou 5000mAh<\/strong>, slou\u017e\u00ed jako p\u0159enosn\u00e1 nab\u00edje\u010dka pro maxim\u00e1ln\u00ed pohodl\u00ed. The <strong>technologie s dvojitou s\u00ed\u0165ovou c\u00edvkou<\/strong> zaji\u0161\u0165uje zv\u00fd\u0161enou produkci chuti, zat\u00edmco <strong>chytr\u00fdm displejem<\/strong> zobrazuje po\u010det pot\u00e1hnut\u00ed a stav baterie pro snadn\u00e9 pou\u017eit\u00ed. Se skryt\u00fdmi <strong>kabely typu-C a lightning<\/strong>, tato <strong>kapesn\u00ed vodn\u00ed d\u00fdmka<\/strong> je ide\u00e1ln\u00ed pro nab\u00edjen\u00ed na cest\u00e1ch.<\/p>\n<p>K dispozici na <strong>velkoobchodn\u00ed ceny<\/strong>, JNR Power Mate <strong><a href=\"https:\/\/vapebulkp.com\/cs\/product-category\/30000-puff-disposable-vape\/\">30000 Puffs jednorazov\u00e1 elektronick\u00e1 cigareta<\/a><\/strong> je ide\u00e1ln\u00ed pro velkoobchodn\u00ed n\u00e1kupce, kte\u0159\u00ed hledaj\u00ed vysoce v\u00fdkonn\u00e9 jednor\u00e1zov\u00e9 vapy. Elegantn\u00ed, funk\u010dn\u00ed a spolehliv\u00fd, to je dokonal\u00e9 \u0159e\u0161en\u00ed pro pr\u00e9miov\u00e9 vapov\u00e1n\u00ed.<\/p>\n<p>&nbsp;<\/p>\n<h6>Pro slevu pros\u00edm kontaktujte Mandy p\u0159es WhatsApp<a href=\"https:\/\/wa.me\/8618077105796\">+8618077105796<\/a><\/h6>\n<p><img decoding=\"async\" class=\"alignnone wp-image-2151\" src=\"http:\/\/vapebulkp.com\/wp-content\/uploads\/2024\/04\/Mandy-WhatsApp-Randm.jpg\" alt=\"Mandy WhatsApp Randm\" width=\"287\" height=\"305\" srcset=\"https:\/\/vapebulkp.com\/wp-content\/uploads\/2024\/04\/Mandy-WhatsApp-Randm.jpg 916w, https:\/\/vapebulkp.com\/wp-content\/uploads\/2024\/04\/Mandy-WhatsApp-Randm-282x300.jpg 282w, https:\/\/vapebulkp.com\/wp-content\/uploads\/2024\/04\/Mandy-WhatsApp-Randm-768x817.jpg 768w, https:\/\/vapebulkp.com\/wp-content\/uploads\/2024\/04\/Mandy-WhatsApp-Randm-600x638.jpg 600w\" sizes=\"(max-width: 287px) 100vw, 287px\" \/><\/p>\n<h2><strong>Pro\u010d si vybrat jednor\u00e1zov\u00fd vape JNR Power Mate 30k Puffs z Vapebulkp.com?<\/strong><\/h2>\n<ul>\n<li><strong>Bezkonkuren\u010dn\u00ed kvalita produktu<\/strong><br \/>\nNa Vapebulkp.com up\u0159ednost\u0148ujeme pr\u00e9miov\u00e9 vapovac\u00ed za\u0159\u00edzen\u00ed, jako je JNR Power Mate 30000 Puffs. Toto za\u0159\u00edzen\u00ed kombinuje v\u00fdjime\u010dnou kvalitu proveden\u00ed a dlouhotrvaj\u00edc\u00ed v\u00fdkon.<\/li>\n<li><strong>Konkuren\u010dn\u00ed velkoobchodn\u00ed ceny<\/strong><br \/>\nVapebulkp.com nab\u00edz\u00ed JNR Power Mate za bezkonkuren\u010dn\u00ed ceny pro jednotliv\u00e9 i hromadn\u00e9 n\u00e1kupy. Velkoodb\u011bratel\u00e9 t\u011b\u017e\u00ed z n\u00e1kladov\u011b efektivn\u00edch nab\u00eddek, kter\u00e9 zaji\u0161\u0165uj\u00ed skv\u011blou hodnotu bez kompromis\u016f v kvalit\u011b.<\/li>\n<li><strong>Spolehliv\u00e1 doprava po cel\u00e9 Evrop\u011b<\/strong><br \/>\nSpecializujeme se na rychlou a bezpe\u010dnou p\u0159epravu do evropsk\u00fdch zem\u00ed, co\u017e zaji\u0161\u0165uje, \u017ee va\u0161e za\u0159\u00edzen\u00ed JNR Power Mate doraz\u00ed rychle a ve vynikaj\u00edc\u00edm stavu.<\/li>\n<li><strong>Vyhrazen\u00e1 z\u00e1kaznick\u00e1 podpora<\/strong><br \/>\nN\u00e1\u0161 t\u00fdm z\u00e1kaznick\u00e9 podpory je v\u017edy p\u0159ipraven pomoci s dotazy ohledn\u011b JNR Power Mate nebo jin\u00fdch produkt\u016f. Od zad\u00e1n\u00ed objedn\u00e1vky po poprodejn\u00ed podporu jsme zde, abychom zajistili bezprobl\u00e9mov\u00fd z\u00e1\u017eitek z nakupov\u00e1n\u00ed.<\/li>\n<li><strong>D\u016fv\u011bryhodn\u00fd zdroj pro pr\u00e9miov\u00e9 vapovac\u00ed produkty<\/strong><br \/>\nJako d\u016fv\u011bryhodn\u00fd dodavatel nab\u00edz\u00ed Vapebulkp.com \u0161irokou \u0161k\u00e1lu \u0161pi\u010dkov\u00fdch jednor\u00e1zov\u00fdch vapovac\u00edch za\u0159\u00edzen\u00ed, kter\u00e9 jsou \u0161it\u00e9 na m\u00edru va\u0161im pot\u0159eb\u00e1m. JNR Power Mate je p\u0159\u00edkladem na\u0161eho z\u00e1vazku dod\u00e1vat nejmodern\u011bj\u0161\u00ed vapovac\u00ed \u0159e\u0161en\u00ed.<\/li>\n<\/ul>\n<h3><\/h3>\n<div class=\"mb-2 flex gap-3 empty:hidden -ml-2\">\n<div class=\"items-center justify-start rounded-xl p-1 flex\">\n<h3><strong>Specifikace JNR Vape Power Mate 30000 Puffs<\/strong><\/h3>\n<ul>\n<li><strong>Kapacita potah\u016f:<\/strong> Poskytuje a\u017e 30 000 potah\u016f pro prodlou\u017een\u00e9, bezstarostn\u00e9 vapov\u00e1n\u00ed.<\/li>\n<li><strong>Objem e-liquidu:<\/strong> P\u0159edpln\u011bno 19 ml pr\u00e9miov\u00e9ho e-liquidu, co\u017e eliminuje pot\u0159ebu \u010dast\u00e9ho dopl\u0148ov\u00e1n\u00ed.<\/li>\n<li><strong>S\u00edla nikotinu:<\/strong> Dostupn\u00e9 s 2% koncentrac\u00ed nikotinu pro hladk\u00fd a uspokojiv\u00fd z\u00e1\u017eitek.<\/li>\n<li><strong>Pokro\u010dil\u00e1 du\u00e1ln\u00ed s\u00ed\u0165ov\u00e1 spir\u00e1lka:<\/strong> Integrovan\u00e1 1,0\u03a9 du\u00e1ln\u00ed s\u00ed\u0165ov\u00e1 spir\u00e1lka zaji\u0161\u0165uje rovnom\u011brn\u00fd oh\u0159ev a v\u00fdjime\u010dnou produkci chuti.<\/li>\n<li><strong>Chytr\u00fd displej:<\/strong> Obsahuje u\u017eivatelsky p\u0159\u00edv\u011btivou obrazovku, kter\u00e1 zobrazuje po\u010det potah\u016f, \u017eivotnost baterie a z\u00e1kladn\u00ed statistiky za\u0159\u00edzen\u00ed.<\/li>\n<li><strong>V\u00fdjime\u010dn\u00e1 chu\u0165:<\/strong> Poskytuje hladk\u00e9, konzistentn\u00ed a jemn\u00e9 chut\u011b pro pr\u00e9miov\u00fd z\u00e1\u017eitek z vapov\u00e1n\u00ed.<\/li>\n<li><strong>Rychl\u00e9 nab\u00edjen\u00ed Type-C:<\/strong> Podporuje technologii rychl\u00e9ho nab\u00edjen\u00ed Type-C pro rychl\u00e9 a efektivn\u00ed dopln\u011bn\u00ed energie.<\/li>\n<\/ul>\n<\/div>\n<\/div>\n<h3 style=\"text-align: left\"><strong>Seznam p\u0159\u00edchut\u00ed JNR Power Mate 30000 Puffs Vape Pod:<\/strong><\/h3>\n<p>1. Blue Razz Ice<br \/>\n2. Jahodov\u00fd led<br \/>\n3. Melounov\u00fd led<br \/>\n4. Jahoda ban\u00e1n<br \/>\n5. T\u0159e\u0161e\u0148 jahoda malina<br \/>\n6. Broskev mango vodn\u00ed meloun<br \/>\n7. Jahoda Kiwi<br \/>\n8.Sm\u011bs bobul\u00ed<br \/>\n9. \u0160umiv\u00e1 t\u0159e\u0161\u0148ov\u00e1 cola<br \/>\n10. Kiwi vodn\u00ed meloun led<\/p>\n<p><a href=\"https:\/\/vapebulkp.com\/cs\/product\/waspe-vape-40000-puff-fihp-double-flavour-disposable-vape\/\"><span style=\"vertical-align: inherit\">WASPE 40000 pot\u00e1hnut\u00ed<\/span><\/a><\/p>\n<p><span style=\"vertical-align: inherit\">Najd\u011bte dal\u0161\u00ed produkty, kter\u00e9 by se v\u00e1m mohly l\u00edbit:<\/span><em><a href=\"https:\/\/wa.me\/8618077105796\"><span style=\"vertical-align: inherit\">\u00a0Kupte to te\u010f<\/span><\/a><\/em><\/p>\n<p><span style=\"vertical-align: inherit\">Dal\u0161\u00ed potahy, kter\u00e9 by se v\u00e1m mohly l\u00edbit:<\/span><a href=\"https:\/\/vapebulkp.com\/cs\/product\/uzy-bang-king-12k-disposable-vape-affordable-price\/\"><span style=\"vertical-align: inherit\">UZY Bang King 12000 pot\u00e1hnut\u00ed<\/span><\/a><span style=\"vertical-align: inherit\">\u3001<\/span><a href=\"https:\/\/vapebulkp.com\/cs\/product\/wholesale-randm-tornado-9000-puffs-germany\/\"><span style=\"vertical-align: inherit\">RandM 9000 potah\u016f<\/span><\/a><span style=\"vertical-align: inherit\">\/ <\/span><a href=\"https:\/\/vapebulkp.com\/cs\/product\/uwin-crystal-10k-puff-long-lasting-disposable-vape-for-europe\/\"><span style=\"vertical-align: inherit\">UWIN Crystal 7000 pot\u00e1hnut\u00ed<\/span><\/a><span style=\"vertical-align: inherit\">\/ <\/span><a href=\"https:\/\/vapebulkp.com\/cs\/product\/jnr-vape-watch-18-30k-puffs-2-nic-wholesale-price-disposable-vape\/\"><span style=\"vertical-align: inherit\">JNR VAPE WATCH 30K pot\u00e1hnut\u00ed\u00a0<\/span><\/a><\/p>\n<p>&nbsp;<\/p>\n<div class=\"flex max-w-full flex-col flex-grow\">\n<div class=\"min-h-8 text-message flex w-full flex-col items-end gap-2 whitespace-normal break-words text-start [.text-message+&amp;]:mt-5\" dir=\"auto\" data-message-author-role=\"assistant\" data-message-id=\"71ffd1de-0990-4a6b-8410-6423ec699d47\" data-message-model-slug=\"gpt-4o-mini\">\n<div class=\"flex w-full flex-col gap-1 empty:hidden first:pt-[3px]\">\n<div class=\"markdown prose w-full break-words dark:prose-invert light\">\n<h3><strong>\u010casto kladen\u00e9 dotazy ohledn\u011b <\/strong><strong>JNR Power Mate 30000 potah\u016f <\/strong><strong>Jednor\u00e1zov\u00fdch Vap\u016f<\/strong><\/h3>\n<p><strong>1. Kolik potah\u016f poskytuje JNR Power Mate 30000?<\/strong><br \/>\nJNR Power Mate nab\u00edz\u00ed a\u017e 30 000 pot\u00e1hnut\u00ed, co\u017e z n\u011bj \u010din\u00ed vynikaj\u00edc\u00ed volbu pro ty, kte\u0159\u00ed hledaj\u00ed dlouhotrvaj\u00edc\u00ed v\u00fdkon bez \u010dast\u00fdch v\u00fdm\u011bn.<\/p>\n<p><strong>2. Jak\u00e1 je koncentrace nikotinu v tomto za\u0159\u00edzen\u00ed?<\/strong><br \/>\nTento jednor\u00e1zov\u00fd vape obsahuje 2% s\u00edlu nikotinu, co\u017e zaji\u0161\u0165uje hladk\u00fd a uspokojiv\u00fd pocit v krku pro nov\u00e9 i zku\u0161en\u00e9 vapery.<\/p>\n<p><strong>3. Jak\u00e1 je kapacita e-liquidu u JNR Vape?<\/strong><br \/>\nDod\u00e1v\u00e1 se p\u0159edpln\u011bn\u00fd 19ml vysoce kvalitn\u00edho e-liquidu, co\u017e zaji\u0161\u0165uje prodlou\u017een\u00e9 pou\u017e\u00edv\u00e1n\u00ed bez nutnosti dopl\u0148ov\u00e1n\u00ed.<\/p>\n<p><strong>4. \u010c\u00edm je JNR Power Mate puff 30000 jedine\u010dn\u00fd?<\/strong><br \/>\nZa\u0159\u00edzen\u00ed kombinuje vestav\u011bnou 5000mAh powerbanku s magnetick\u00fdm p\u0159ipojovac\u00edm syst\u00e9mem, du\u00e1ln\u00edmi nab\u00edjec\u00edmi kabely (Type-C a lightning) a chytr\u00fdm displejem pro dodate\u010dnou funk\u010dnost a pohodl\u00ed.<\/p>\n<\/div>\n<\/div>\n<\/div>\n<\/div>\n<h3><strong>Detaily dopravy<\/strong>:<\/h3>\n<ul>\n<li><strong>Doba zpracov\u00e1n\u00ed<\/strong>: 5-10 pracovn\u00edch dn\u016f<\/li>\n<li><strong>Doba dod\u00e1n\u00ed<\/strong>: 8-14 pracovn\u00edch dn\u016f<\/li>\n<li><strong>Logistick\u00e9 kan\u00e1ly<\/strong>: Pou\u017e\u00edv\u00e1me d\u016fv\u011bryhodn\u00e9 p\u0159epravce jako <strong>UPS, DHL a FedEx<\/strong> pro bezpe\u010dnou dod\u00e1vku.<\/li>\n<li><strong>Evropsk\u00e1 doprava<\/strong>: Objedn\u00e1vky do zem\u00ed \u010cesk\u00e9 republiky obvykle doraz\u00ed za 12-15 pracovn\u00edch dn\u016f.<\/li>\n<\/ul>","protected":false},"excerpt":{"rendered":"<ul>\n<li>JNR Power Mate 30000 Puffs Velkokapacitn\u00ed kapesn\u00ed vodn\u00ed d\u00fdmka pro velkoobchod<\/li>\n<li>Pr\u00e9miov\u00fd jednor\u00e1zov\u00fd vape JNR Power Mate 30000 Puffs s vestav\u011bnou power bankou<\/li>\n<\/ul>\n<p><img decoding=\"async\" class=\"alignnone wp-image-2151\" src=\"http:\/\/vapebulkp.com\/wp-content\/uploads\/2024\/04\/Mandy-WhatsApp-Randm.jpg\" alt=\"Mandy WhatsApp Randm\" width=\"234\" height=\"249\" srcset=\"https:\/\/vapebulkp.com\/wp-content\/uploads\/2024\/04\/Mandy-WhatsApp-Randm.jpg 916w, https:\/\/vapebulkp.com\/wp-content\/uploads\/2024\/04\/Mandy-WhatsApp-Randm-282x300.jpg 282w, https:\/\/vapebulkp.com\/wp-content\/uploads\/2024\/04\/Mandy-WhatsApp-Randm-768x817.jpg 768w, https:\/\/vapebulkp.com\/wp-content\/uploads\/2024\/04\/Mandy-WhatsApp-Randm-600x638.jpg 600w\" sizes=\"(max-width: 234px) 100vw, 234px\" \/><\/p>\n<p>Pro slevu pros\u00edm kontaktujte Mandy p\u0159es WhatsApp<a href=\"https:\/\/wa.me\/8618077105796\">+8618077105796<\/a><\/p>\n<p><span style=\"color: #ff0000\">POZN\u00c1MKA: Ceny na na\u0161em webu nezahrnuj\u00ed n\u00e1klady na dopravu<\/span><\/p>\n<p>&nbsp;<\/p>","protected":false},"featured_media":3425,"comment_status":"open","ping_status":"closed","template":"","meta":{"_uag_custom_page_level_css":"","_lmt_disableupdate":"no","_lmt_disable":"","site-sidebar-layout":"default","site-content-layout":"content-boxed-container","ast-site-content-layout":"normal-width-container","site-content-style":"boxed","site-sidebar-style":"unboxed","ast-global-header-display":"","ast-banner-title-visibility":"","ast-main-header-display":"","ast-hfb-above-header-display":"","ast-hfb-below-header-display":"","ast-hfb-mobile-header-display":"","site-post-title":"","ast-breadcrumbs-content":"","ast-featured-img":"","footer-sml-layout":"","theme-transparent-header-meta":"default","adv-header-id-meta":"","stick-header-meta":"","header-above-stick-meta":"","header-main-stick-meta":"","header-below-stick-meta":"","astra-migrate-meta-layouts":"set","_joinchat":[]},"product_cat":[160,153,155,33,59,100,353,34,158,157,154,152,58,84,156,63,32],"product_tag":[187,36,37,206,41,40],"class_list":["post-3429","product","type-product","status-publish","has-post-thumbnail","hentry","product_cat-30000-puff-disposable-vape","product_cat-hot-disposable-vapes","product_cat-belgium-hot-disposable-vapes","product_cat-france-vape-hot-sale","product_cat-germany-hot-disposable-vape","product_cat-germany-wholesale-vape-shop","product_cat-jnr-vape","product_cat-netherlands-vape-good-sale","product_cat-norway-hot-disposable-vapes","product_cat-poland-hot-disposable-vapes","product_cat-portugal-hot-disposable-vapes","product_cat-spain-hot-disposable-vapes","product_cat-sweden-hot-disposable-vape","product_cat-sweden-wholesale-vape","product_cat-switzerland-hot-disposable-vapes","product_cat-top-sale-disposable-vape","product_cat-vape-hot-sale-this-week","product_tag-30000-puffs","product_tag-good-vape","product_tag-hot-sale-disposable-vape","product_tag-jnr-power-mate-30000-puffs","product_tag-poland-hot-vape","product_tag-sweden-hot-vape","pa_brand-jnr-vape","desktop-align-left","tablet-align-left","mobile-align-left"],"yoast_head":"<!-- This site is optimized with the Yoast SEO plugin v21.1 - https:\/\/yoast.com\/wordpress\/plugins\/seo\/ -->\n<title>JNR Power Mate 30000 Puffs Wholesale Pocket Hookah Disposable Vape - vapebulkp.com % %<\/title>\n<meta name=\"description\" content=\"Shop the Wholesale Price JNR Power Mate 30000 Puffs Pocket Hookah Vape, featuring 19ml e-liquid, 5000mAh power bank, and smooth flavor performance.&quot;\" \/>\n<meta name=\"robots\" content=\"index, follow, max-snippet:-1, max-image-preview:large, max-video-preview:-1\" \/>\n<link rel=\"canonical\" href=\"https:\/\/vapebulkp.com\/cs\/product\/jnr-power-mate-30000-puffs-wholesale-pocket-hookah-disposable-vape\/\" \/>\n<meta property=\"og:locale\" content=\"cs_CZ\" \/>\n<meta property=\"og:type\" content=\"article\" \/>\n<meta property=\"og:title\" content=\"JNR Power Mate 30000 Puffs Wholesale Pocket Hookah Disposable Vape - vapebulkp.com % %\" \/>\n<meta property=\"og:description\" content=\"Shop the Wholesale Price JNR Power Mate 30000 Puffs Pocket Hookah Vape, featuring 19ml e-liquid, 5000mAh power bank, and smooth flavor performance.&quot;\" \/>\n<meta property=\"og:url\" content=\"https:\/\/vapebulkp.com\/cs\/product\/jnr-power-mate-30000-puffs-wholesale-pocket-hookah-disposable-vape\/\" \/>\n<meta property=\"og:site_name\" content=\"vapebulkp.com\" \/>\n<meta property=\"article:modified_time\" content=\"2025-09-24T03:51:45+00:00\" \/>\n<meta property=\"og:image\" content=\"http:\/\/vapebulkp.com\/wp-content\/uploads\/2025\/01\/Jnr-Power-Mate-30000-Puffs-Disposable-Vapes.webp\" \/>\n\t<meta property=\"og:image:width\" content=\"800\" \/>\n\t<meta property=\"og:image:height\" content=\"800\" \/>\n\t<meta property=\"og:image:type\" content=\"image\/webp\" \/>\n<meta name=\"twitter:card\" content=\"summary_large_image\" \/>\n<meta name=\"twitter:label1\" content=\"Odhadovan\u00e1 doba \u010dten\u00ed\" \/>\n\t<meta name=\"twitter:data1\" content=\"4 minuty\" \/>\n<script type=\"application\/ld+json\" class=\"yoast-schema-graph\">{\"@context\":\"https:\/\/schema.org\",\"@graph\":[{\"@type\":\"WebPage\",\"@id\":\"https:\/\/vapebulkp.com\/product\/jnr-power-mate-30000-puffs-wholesale-pocket-hookah-disposable-vape\/\",\"url\":\"https:\/\/vapebulkp.com\/product\/jnr-power-mate-30000-puffs-wholesale-pocket-hookah-disposable-vape\/\",\"name\":\"JNR Power Mate 30000 Puffs Wholesale Pocket Hookah Disposable Vape - vapebulkp.com % %\",\"isPartOf\":{\"@id\":\"https:\/\/vapebulkp.com\/#website\"},\"datePublished\":\"2025-02-07T09:00:01+00:00\",\"dateModified\":\"2025-09-24T03:51:45+00:00\",\"description\":\"Shop the Wholesale Price JNR Power Mate 30000 Puffs Pocket Hookah Vape, featuring 19ml e-liquid, 5000mAh power bank, and smooth flavor performance.\\\"\",\"breadcrumb\":{\"@id\":\"https:\/\/vapebulkp.com\/product\/jnr-power-mate-30000-puffs-wholesale-pocket-hookah-disposable-vape\/#breadcrumb\"},\"inLanguage\":\"cs\",\"potentialAction\":[{\"@type\":\"ReadAction\",\"target\":[\"https:\/\/vapebulkp.com\/product\/jnr-power-mate-30000-puffs-wholesale-pocket-hookah-disposable-vape\/\"]}]},{\"@type\":\"BreadcrumbList\",\"@id\":\"https:\/\/vapebulkp.com\/product\/jnr-power-mate-30000-puffs-wholesale-pocket-hookah-disposable-vape\/#breadcrumb\",\"itemListElement\":[{\"@type\":\"ListItem\",\"position\":1,\"name\":\"Home\",\"item\":\"https:\/\/vapebulkp.com\/\"},{\"@type\":\"ListItem\",\"position\":2,\"name\":\"Hot Trend Vapes\",\"item\":\"https:\/\/vapebulkp.com\/vape-shop\/\"},{\"@type\":\"ListItem\",\"position\":3,\"name\":\"JNR Power Mate 30000 Puffs Wholesale Pocket Hookah Disposable Vape\"}]},{\"@type\":\"WebSite\",\"@id\":\"https:\/\/vapebulkp.com\/#website\",\"url\":\"https:\/\/vapebulkp.com\/\",\"name\":\"vapebulkp.com\",\"description\":\"Buy Vape In Cheap Bulk Price Near you\",\"publisher\":{\"@id\":\"https:\/\/vapebulkp.com\/#organization\"},\"potentialAction\":[{\"@type\":\"SearchAction\",\"target\":{\"@type\":\"EntryPoint\",\"urlTemplate\":\"https:\/\/vapebulkp.com\/?s={search_term_string}\"},\"query-input\":\"required name=search_term_string\"}],\"inLanguage\":\"cs\"},{\"@type\":\"Organization\",\"@id\":\"https:\/\/vapebulkp.com\/#organization\",\"name\":\"vapebulkp.com\",\"url\":\"https:\/\/vapebulkp.com\/\",\"logo\":{\"@type\":\"ImageObject\",\"inLanguage\":\"cs\",\"@id\":\"https:\/\/vapebulkp.com\/#\/schema\/logo\/image\/\",\"url\":\"https:\/\/vapebulkp.com\/wp-content\/uploads\/2023\/09\/cropped-vapebulkp.png\",\"contentUrl\":\"https:\/\/vapebulkp.com\/wp-content\/uploads\/2023\/09\/cropped-vapebulkp.png\",\"width\":516,\"height\":163,\"caption\":\"vapebulkp.com\"},\"image\":{\"@id\":\"https:\/\/vapebulkp.com\/#\/schema\/logo\/image\/\"}}]}<\/script>\n<!-- \/ Yoast SEO plugin. -->","yoast_head_json":{"title":"JNR Power Mate 30000 Puffs Wholesale Pocket Hookah Disposable Vape - vapebulkp.com % %","description":"Shop the Wholesale Price JNR Power Mate 30000 Puffs Pocket Hookah Vape, featuring 19ml e-liquid, 5000mAh power bank, and smooth flavor performance.\"","robots":{"index":"index","follow":"follow","max-snippet":"max-snippet:-1","max-image-preview":"max-image-preview:large","max-video-preview":"max-video-preview:-1"},"canonical":"https:\/\/vapebulkp.com\/cs\/product\/jnr-power-mate-30000-puffs-wholesale-pocket-hookah-disposable-vape\/","og_locale":"cs_CZ","og_type":"article","og_title":"JNR Power Mate 30000 Puffs Wholesale Pocket Hookah Disposable Vape - vapebulkp.com % %","og_description":"Shop the Wholesale Price JNR Power Mate 30000 Puffs Pocket Hookah Vape, featuring 19ml e-liquid, 5000mAh power bank, and smooth flavor performance.\"","og_url":"https:\/\/vapebulkp.com\/cs\/product\/jnr-power-mate-30000-puffs-wholesale-pocket-hookah-disposable-vape\/","og_site_name":"vapebulkp.com","article_modified_time":"2025-09-24T03:51:45+00:00","og_image":[{"width":800,"height":800,"url":"http:\/\/vapebulkp.com\/wp-content\/uploads\/2025\/01\/Jnr-Power-Mate-30000-Puffs-Disposable-Vapes.webp","type":"image\/webp"}],"twitter_card":"summary_large_image","twitter_misc":{"Odhadovan\u00e1 doba \u010dten\u00ed":"4 minuty"},"schema":{"@context":"https:\/\/schema.org","@graph":[{"@type":"WebPage","@id":"https:\/\/vapebulkp.com\/product\/jnr-power-mate-30000-puffs-wholesale-pocket-hookah-disposable-vape\/","url":"https:\/\/vapebulkp.com\/product\/jnr-power-mate-30000-puffs-wholesale-pocket-hookah-disposable-vape\/","name":"JNR Power Mate 30000 Puffs Wholesale Pocket Hookah Disposable Vape - vapebulkp.com % %","isPartOf":{"@id":"https:\/\/vapebulkp.com\/#website"},"datePublished":"2025-02-07T09:00:01+00:00","dateModified":"2025-09-24T03:51:45+00:00","description":"Shop the Wholesale Price JNR Power Mate 30000 Puffs Pocket Hookah Vape, featuring 19ml e-liquid, 5000mAh power bank, and smooth flavor performance.\"","breadcrumb":{"@id":"https:\/\/vapebulkp.com\/product\/jnr-power-mate-30000-puffs-wholesale-pocket-hookah-disposable-vape\/#breadcrumb"},"inLanguage":"cs","potentialAction":[{"@type":"ReadAction","target":["https:\/\/vapebulkp.com\/product\/jnr-power-mate-30000-puffs-wholesale-pocket-hookah-disposable-vape\/"]}]},{"@type":"BreadcrumbList","@id":"https:\/\/vapebulkp.com\/product\/jnr-power-mate-30000-puffs-wholesale-pocket-hookah-disposable-vape\/#breadcrumb","itemListElement":[{"@type":"ListItem","position":1,"name":"Home","item":"https:\/\/vapebulkp.com\/"},{"@type":"ListItem","position":2,"name":"Hot Trend Vapes","item":"https:\/\/vapebulkp.com\/vape-shop\/"},{"@type":"ListItem","position":3,"name":"JNR Power Mate 30000 Puffs Wholesale Pocket Hookah Disposable Vape"}]},{"@type":"WebSite","@id":"https:\/\/vapebulkp.com\/#website","url":"https:\/\/vapebulkp.com\/","name":"vapebulkp.com","description":"Buy Vape In Cheap Bulk Price Near you","publisher":{"@id":"https:\/\/vapebulkp.com\/#organization"},"potentialAction":[{"@type":"SearchAction","target":{"@type":"EntryPoint","urlTemplate":"https:\/\/vapebulkp.com\/?s={search_term_string}"},"query-input":"required name=search_term_string"}],"inLanguage":"cs"},{"@type":"Organization","@id":"https:\/\/vapebulkp.com\/#organization","name":"vapebulkp.com","url":"https:\/\/vapebulkp.com\/","logo":{"@type":"ImageObject","inLanguage":"cs","@id":"https:\/\/vapebulkp.com\/#\/schema\/logo\/image\/","url":"https:\/\/vapebulkp.com\/wp-content\/uploads\/2023\/09\/cropped-vapebulkp.png","contentUrl":"https:\/\/vapebulkp.com\/wp-content\/uploads\/2023\/09\/cropped-vapebulkp.png","width":516,"height":163,"caption":"vapebulkp.com"},"image":{"@id":"https:\/\/vapebulkp.com\/#\/schema\/logo\/image\/"}}]}},"uagb_featured_image_src":{"full":["https:\/\/vapebulkp.com\/wp-content\/uploads\/2025\/01\/Jnr-Power-Mate-30000-Puffs-Disposable-Vapes.webp",800,800,false],"thumbnail":["https:\/\/vapebulkp.com\/wp-content\/uploads\/2025\/01\/Jnr-Power-Mate-30000-Puffs-Disposable-Vapes-150x150.webp",150,150,true],"medium":["https:\/\/vapebulkp.com\/wp-content\/uploads\/2025\/01\/Jnr-Power-Mate-30000-Puffs-Disposable-Vapes-300x300.webp",300,300,true],"medium_large":["https:\/\/vapebulkp.com\/wp-content\/uploads\/2025\/01\/Jnr-Power-Mate-30000-Puffs-Disposable-Vapes-768x768.webp",768,768,true],"large":["https:\/\/vapebulkp.com\/wp-content\/uploads\/2025\/01\/Jnr-Power-Mate-30000-Puffs-Disposable-Vapes.webp",800,800,false],"1536x1536":["https:\/\/vapebulkp.com\/wp-content\/uploads\/2025\/01\/Jnr-Power-Mate-30000-Puffs-Disposable-Vapes.webp",800,800,false],"2048x2048":["https:\/\/vapebulkp.com\/wp-content\/uploads\/2025\/01\/Jnr-Power-Mate-30000-Puffs-Disposable-Vapes.webp",800,800,false],"trp-custom-language-flag":["https:\/\/vapebulkp.com\/wp-content\/uploads\/2025\/01\/Jnr-Power-Mate-30000-Puffs-Disposable-Vapes.webp",12,12,false],"woocommerce_thumbnail":["https:\/\/vapebulkp.com\/wp-content\/uploads\/2025\/01\/Jnr-Power-Mate-30000-Puffs-Disposable-Vapes-300x300.webp",300,300,true],"woocommerce_single":["https:\/\/vapebulkp.com\/wp-content\/uploads\/2025\/01\/Jnr-Power-Mate-30000-Puffs-Disposable-Vapes-600x600.webp",600,600,true],"woocommerce_gallery_thumbnail":["https:\/\/vapebulkp.com\/wp-content\/uploads\/2025\/01\/Jnr-Power-Mate-30000-Puffs-Disposable-Vapes-100x100.webp",100,100,true],"wcpr-photo-reviews":["https:\/\/vapebulkp.com\/wp-content\/uploads\/2025\/01\/Jnr-Power-Mate-30000-Puffs-Disposable-Vapes.webp",500,500,false]},"uagb_author_info":{"display_name":"Mandy vape bulk price","author_link":"https:\/\/vapebulkp.com\/cs\/author\/"},"uagb_comment_info":0,"uagb_excerpt":"JNR Power Mate 30000 Puffs High-Capacity Pocket Hookah Vape for Wholesale Premium JNR Power Mate 30000 Puffs Disposable Vape with Built-in Power Bank Pls Contact Mandy's WhatsApp For Discount Price+8618077105796 NOTE: Prices on our website does not include shipping costs &nbsp;","_links":{"self":[{"href":"https:\/\/vapebulkp.com\/cs\/wp-json\/wp\/v2\/product\/3429","targetHints":{"allow":["GET"]}}],"collection":[{"href":"https:\/\/vapebulkp.com\/cs\/wp-json\/wp\/v2\/product"}],"about":[{"href":"https:\/\/vapebulkp.com\/cs\/wp-json\/wp\/v2\/types\/product"}],"replies":[{"embeddable":true,"href":"https:\/\/vapebulkp.com\/cs\/wp-json\/wp\/v2\/comments?post=3429"}],"wp:featuredmedia":[{"embeddable":true,"href":"https:\/\/vapebulkp.com\/cs\/wp-json\/wp\/v2\/media\/3425"}],"wp:attachment":[{"href":"https:\/\/vapebulkp.com\/cs\/wp-json\/wp\/v2\/media?parent=3429"}],"wp:term":[{"taxonomy":"product_cat","embeddable":true,"href":"https:\/\/vapebulkp.com\/cs\/wp-json\/wp\/v2\/product_cat?post=3429"},{"taxonomy":"product_tag","embeddable":true,"href":"https:\/\/vapebulkp.com\/cs\/wp-json\/wp\/v2\/product_tag?post=3429"}],"curies":[{"name":"wp","href":"https:\/\/api.w.org\/{rel}","templated":true}]}}