{"id":3504,"date":"2025-02-24T09:02:47","date_gmt":"2025-02-24T08:02:47","guid":{"rendered":"https:\/\/vapebulkp.com\/?post_type=product&#038;p=3504"},"modified":"2025-09-17T10:33:42","modified_gmt":"2025-09-17T08:33:42","slug":"wholesale-bang-leader-20000-puffs-disposable-e-cigarette-vape-vaporizer","status":"publish","type":"product","link":"https:\/\/vapebulkp.com\/cs\/product\/wholesale-bang-leader-20000-puffs-disposable-e-cigarette-vape-vaporizer\/","title":{"rendered":"Velkoobchod Bang Leader 20000 Puffs jednor\u00e1zov\u00e1 e-cigareta Vape Vaporiz\u00e9r"},"content":{"rendered":"<h2 style=\"text-align: left\">Velkoobchod Bang Leader 20000 Puff jednor\u00e1zov\u00e1 e-cigareta Vape Vaporiz\u00e9r<\/h2>\n<p data-start=\"123\" data-end=\"483\"><strong data-start=\"123\" data-end=\"223\">Vstupte do sv\u011bta velkoobchodn\u00edch jednor\u00e1zov\u00fdch vap\u016f Bang Leader 20000 Puffs<\/strong>\u2014 sofistikovan\u00e1 volba pro ty, kte\u0159\u00ed hledaj\u00ed v\u00fdkon i luxus v ka\u017ed\u00e9m potahu. Toto prvot\u0159\u00eddn\u00ed za\u0159\u00edzen\u00ed je speci\u00e1ln\u011b navr\u017eeno pro n\u00e1ro\u010dn\u00e9 u\u017eivatele, plynule kombinuje pokro\u010dilou technologii s elegantn\u00edm designem a nab\u00edz\u00ed tak bezkonkuren\u010dn\u00ed z\u00e1\u017eitek z vapov\u00e1n\u00ed.<\/p>\n<p data-start=\"485\" data-end=\"900\">Srdcem Bang Leader je robustn\u00ed <strong data-start=\"529\" data-end=\"560\">650mAh dob\u00edjec\u00ed baterie<\/strong>, kter\u00fd je dokonale dopln\u011bn <strong data-start=\"597\" data-end=\"621\">Rychl\u00e9 nab\u00edjen\u00ed Type-C<\/strong> pro minim\u00e1ln\u00ed prostoje. A\u0165 u\u017e pro osobn\u00ed nebo velkoobchodn\u00ed pou\u017eit\u00ed, toto za\u0159\u00edzen\u00ed trvale poskytuje dlouhotrvaj\u00edc\u00ed v\u00fdkon, co\u017e je ide\u00e1ln\u00ed pro zanepr\u00e1zdn\u011bn\u00e9 vapery, kte\u0159\u00ed pot\u0159ebuj\u00ed spolehlivost bez kompromis\u016f. U\u017eivatel\u00e9 si tak mohou po cel\u00fd den u\u017e\u00edvat nep\u0159eru\u0161ovan\u00fd, pr\u00e9miov\u00fd z\u00e1\u017eitek.<\/p>\n<p data-start=\"902\" data-end=\"1328\">Nav\u00edc, d\u00edky sv\u00e9mu pokro\u010dil\u00e9mu <strong data-start=\"930\" data-end=\"955\">syst\u00e9m s du\u00e1ln\u00ed s\u00ed\u0165ovou spir\u00e1lou<\/strong>, je Bang Leader navr\u017een tak, aby zlep\u0161il jak chu\u0165, tak produkci p\u00e1ry. Ka\u017ed\u00fd potah poskytuje bohatou, plnou chu\u0165, zat\u00edmco <strong data-start=\"1086\" data-end=\"1112\">kapacita e-liquidu 28ml<\/strong> zaru\u010duje a\u017e <strong data-start=\"1130\" data-end=\"1146\">20 000 pot\u00e1hnut\u00ed<\/strong>\u2014 \u010d\u00edm\u017e zaji\u0161\u0165uje, \u017ee u\u017eivatel\u00e9 ze sv\u00e9ho za\u0159\u00edzen\u00ed vyt\u011b\u017e\u00ed maximum. Tato dlouhotrvaj\u00edc\u00ed kapacita je obzvl\u00e1\u0161t\u011b perfektn\u00ed pro del\u0161\u00ed vapovac\u00ed seance nebo z\u00e1kazn\u00edky, kte\u0159\u00ed hledaj\u00ed vynikaj\u00edc\u00ed hodnotu v pr\u016fb\u011bhu \u010dasu.<\/p>\n<p data-start=\"1330\" data-end=\"1738\">Krom\u011b sv\u00e9ho p\u016fsobiv\u00e9ho v\u00fdkonu, je Bang Leader 20000 Puff vytvo\u0159en se smyslem pro styl. Jeho ergonomick\u00fd, <strong data-start=\"1437\" data-end=\"1462\">design odoln\u00fd proti \u00faniku<\/strong> a <strong data-start=\"1467\" data-end=\"1495\">mechanismus aktivovan\u00fd potahem<\/strong> poskytuje snadn\u00fd z\u00e1\u017eitek, co\u017e je ide\u00e1ln\u00ed jak pro za\u010d\u00e1te\u010dn\u00edky, tak pro zku\u0161en\u00e9 vapery. Navzdory sv\u00e9 kompaktn\u00ed velikosti, z\u016fst\u00e1v\u00e1 za\u0159\u00edzen\u00ed vysoce efektivn\u00ed a pohodln\u00e9, nab\u00edz\u00ed elegantn\u00ed design bez kompromis\u016f na kvalit\u011b nebo funk\u010dnosti.<\/p>\n<p data-start=\"1740\" data-end=\"2258\">Nakonec, <strong data-start=\"1753\" data-end=\"1779\">Vedouc\u00ed Bang Crystal <a href=\"https:\/\/vapebulkp.com\/cs\/product-category\/20000-puffs-disposable-vape\/\">20000 pot\u00e1hnut\u00ed jednor\u00e1zov\u00e1 e-cigareta<\/a><\/strong>\u00a0p\u0159edstavuje chytrou investi\u010dn\u00ed p\u0159\u00edle\u017eitost pro velkoobchodn\u00ed distributory. Je ide\u00e1ln\u00ed pro pr\u00e9miov\u00fd trh a nab\u00edz\u00ed velkoobchodn\u00edk\u016fm ziskov\u00fd produkt, kter\u00fd spl\u0148uje po\u017eadavky spot\u0159ebitel\u016f i obchodn\u00ed ziskovost. Pln\u011b v souladu s <strong data-start=\"2018\" data-end=\"2036\">p\u0159edpisy EU<\/strong> a postaven\u00fd na z\u00e1klad\u011b p\u0159\u00edsn\u00fdch standard\u016f kvality, je to produkt, kter\u00fd spolehliv\u011b spln\u00ed to, co slibuje. V\u00fdb\u011brem <strong data-start=\"2147\" data-end=\"2173\">Bang Leader 20k Puf Crystal Vape<\/strong>, povy\u0161ujete svou nab\u00eddku s za\u0159\u00edzen\u00edm, kter\u00e9 vynik\u00e1 jak funkc\u00ed, tak formou.<\/p>\n<figure id=\"attachment_3502\" aria-describedby=\"caption-attachment-3502\" style=\"width: 522px\" class=\"wp-caption alignnone\"><img decoding=\"async\" class=\"wp-image-3502\" src=\"http:\/\/vapebulkp.com\/wp-content\/uploads\/2025\/02\/Bang-Leader-20000-Puff-Vape-Dual-Mesh-Coils-for-Wholesale.webp\" alt=\"Bang Leader 20000 Puff Vape Dual Mesh Coils pro velkoobchod\" width=\"522\" height=\"522\" \/><figcaption id=\"caption-attachment-3502\" class=\"wp-caption-text\">Bang Leader 20000 Puff Vape Dual Mesh Coils pro velkoobchod<\/figcaption><\/figure>\n<h6>Pro slevu pros\u00edm kontaktujte Mandy p\u0159es WhatsApp<a href=\"https:\/\/wa.me\/8618077105796\">+8618077105796<\/a><\/h6>\n<p><img decoding=\"async\" class=\"alignnone wp-image-2151\" src=\"http:\/\/vapebulkp.com\/wp-content\/uploads\/2024\/04\/Mandy-WhatsApp-Randm.jpg\" alt=\"Mandy WhatsApp Randm\" width=\"324\" height=\"330\" \/><\/p>\n<div class=\"flex max-w-full flex-col flex-grow\">\n<div class=\"min-h-8 text-message flex w-full flex-col items-end gap-2 whitespace-normal break-words text-start [.text-message+&amp;]:mt-5\" dir=\"auto\" data-message-author-role=\"assistant\" data-message-id=\"d24cf626-c018-4805-80f5-44de047f2ba0\" data-message-model-slug=\"gpt-4o\">\n<div class=\"flex w-full flex-col gap-1 empty:hidden first:pt-[3px]\">\n<div class=\"markdown prose w-full break-words dark:prose-invert light\">\n<h2>Pro\u010d si vybrat <strong>Baterie pro dlouhotrvaj\u00edc\u00ed vaping <\/strong>Bang vapes Leader 20000 potah\u016f na <a href=\"https:\/\/vapebulkp.com\/cs\/vape-shop\/\">Vapebulkp.com<\/a>?<\/h2>\n<ul>\n<li data-start=\"64\" data-end=\"183\"><strong data-start=\"66\" data-end=\"94\">Dlouhotrvaj\u00edc\u00ed v\u00fdkon<\/strong>: S 20000 potahy a kapacitou e-liquidu 28 ml zaji\u0161\u0165uje dlouhodob\u00e9 pou\u017e\u00edv\u00e1n\u00ed mezi dopl\u0148ov\u00e1n\u00edm.<\/li>\n<li data-start=\"184\" data-end=\"282\"><strong data-start=\"186\" data-end=\"214\">Hladk\u00fd z\u00e1\u017eitek z vapov\u00e1n\u00ed<\/strong>: Du\u00e1ln\u00ed mesh c\u00edvky poskytuj\u00ed bohatou chu\u0165 a hladk\u00fd, konzistentn\u00ed vapov\u00e1n\u00ed.<\/li>\n<li data-start=\"283\" data-end=\"373\"><strong data-start=\"285\" data-end=\"302\">Rychl\u00e9 nab\u00edjen\u00ed<\/strong>: Vybaveno portem Type-C pro rychl\u00e9 dob\u00edjen\u00ed, minimalizuj\u00edc\u00ed prostoje.<\/li>\n<li data-start=\"374\" data-end=\"491\"><strong data-start=\"376\" data-end=\"395\">Pr\u00e9miov\u00e1 kvalita<\/strong>: U\u017eijte si spolehliv\u00fd v\u00fdkon s 650mAh bateri\u00ed, kter\u00e1 vydr\u017e\u00ed dlouh\u00e9 vapingov\u00e9 seance.<\/li>\n<li data-start=\"492\" data-end=\"608\" data-is-last-node=\"\"><strong data-start=\"494\" data-end=\"519\">Velkoobchodn\u00ed pohodl\u00ed<\/strong>: Ide\u00e1ln\u00ed pro hromadn\u00e9 n\u00e1kupy, nab\u00edz\u00ed skv\u011blou hodnotu jak pro maloobchodn\u00ed, tak pro velkoobchodn\u00ed z\u00e1kazn\u00edky.<\/li>\n<\/ul>\n<\/div>\n<\/div>\n<\/div>\n<\/div>\n<h3><strong>Vysok\u00fd VG E-liquid Evropa <\/strong>Kl\u00ed\u010dov\u00e9 specifikace Bang Leader 20k Puffs:<\/h3>\n<ul>\n<li data-start=\"48\" data-end=\"180\"><strong data-start=\"50\" data-end=\"70\">Kapacita baterie<\/strong>: 650mAh dob\u00edjec\u00ed baterie, zaji\u0161\u0165uj\u00edc\u00ed dlouhou v\u00fddr\u017e s rychl\u00fdm nab\u00edjen\u00edm p\u0159es Type-C pro pohodln\u00e9 pou\u017e\u00edv\u00e1n\u00ed.<\/li>\n<li data-start=\"181\" data-end=\"313\"><strong data-start=\"183\" data-end=\"204\">Kapacita e-liquidu<\/strong>: 28ml pr\u00e9miov\u00e9ho e-liquidu, nab\u00edzej\u00edc\u00edho a\u017e 20000 pot\u00e1hnut\u00ed pro del\u0161\u00ed vapov\u00e1n\u00ed bez \u010dast\u00e9ho dopl\u0148ov\u00e1n\u00ed.<\/li>\n<li data-start=\"314\" data-end=\"431\"><strong data-start=\"316\" data-end=\"335\">Technologie c\u00edvky<\/strong>: Pokro\u010dil\u00e1 konstrukce du\u00e1ln\u00ed mesh spir\u00e1lky pro lep\u0161\u00ed produkci chuti a jemnou p\u00e1ru s ka\u017ed\u00fdm pot\u00e1hnut\u00edm.<\/li>\n<li data-start=\"432\" data-end=\"560\"><strong data-start=\"434\" data-end=\"451\">Nab\u00edjec\u00ed port<\/strong>: Vybaveno nab\u00edjec\u00edm portem Type-C pro rychlej\u0161\u00ed dob\u00edjen\u00ed, zaji\u0161\u0165uj\u00edc\u00ed minim\u00e1ln\u00ed prostoje a nep\u0159etr\u017eit\u00e9 pou\u017e\u00edv\u00e1n\u00ed.<\/li>\n<\/ul>\n<h3><strong>Velkoobchodn\u00ed Vapes Bang Leader Crystal 20000 Seznam p\u0159\u00edchut\u00ed<\/strong><\/h3>\n<p>1.VODN\u00cd MELOUN LED<br \/>\n2.JAHODOV\u00c9 KIWI<br \/>\n3.JAHODOV\u00c1 LED<br \/>\n4.MANGO BROSKEV<br \/>\n5.BOR\u016eVKA MALINA<br \/>\n6.BOR\u016eVKA M\u00c1TA<br \/>\n7.SM\u00cd\u0160EN\u00c9 OVOCE<br \/>\n8.JAHODOV\u00dd MELOUN<br \/>\n9.HROZNOV\u00c1 LEDOV\u00c1<br \/>\n10.VODN\u00cd MELOUN BUBBLE GUM<br \/>\n11.BOR\u016eVKOV\u00c1 LEDOV\u00c1<br \/>\n12.BROSKEV LEDOV\u00c1<\/p>\n<p><a href=\"https:\/\/vapebulkp.com\/cs\/product\/aivono-curved-smart-screen-35000-puffs-disposable-vape-wholesale-price\/\"><span style=\"vertical-align: inherit\">Aivono 35000 pot\u00e1hnut\u00ed <\/span><\/a><\/p>\n<p><span style=\"vertical-align: inherit\">Najd\u011bte dal\u0161\u00ed produkty, kter\u00e9 by se v\u00e1m mohly l\u00edbit:<\/span><em><a href=\"https:\/\/wa.me\/8618077105796\"><span style=\"vertical-align: inherit\">\u00a0Kupte to te\u010f<\/span><\/a><\/em><\/p>\n<p><span style=\"vertical-align: inherit\">Dal\u0161\u00ed potahy, kter\u00e9 by se v\u00e1m mohly l\u00edbit:<\/span><a href=\"https:\/\/vapebulkp.com\/cs\/product\/wholesale-price-bang-kingdoms-rex-32000-puffs-vape-pod\/\"><span style=\"vertical-align: inherit\">Bang Kingdoms 32000 pot\u00e1hnut\u00ed<\/span><\/a><span style=\"vertical-align: inherit\">\u3001<\/span><a href=\"https:\/\/vapebulkp.com\/cs\/product\/bood-pulse-pro-25k-50k-disposable-vape-bar-5000-puffs-nicotine-free\/\"><span style=\"vertical-align: inherit\">Bood pulse pro 50000 potah\u016f<\/span><\/a><span style=\"vertical-align: inherit\">\/ <\/span><a href=\"https:\/\/vapebulkp.com\/cs\/product\/vapsolo-best-quality-viking-12k-puffs-disposable-vapes\/\"><span style=\"vertical-align: inherit\">Vapsolo viking 12000 pot\u00e1hnut\u00ed<\/span><\/a><span style=\"vertical-align: inherit\">\/ <\/span><a href=\"https:\/\/vapebulkp.com\/cs\/product\/waspe-vape-40000-puff-fihp-double-flavour-disposable-vape\/\"><span style=\"vertical-align: inherit\">WASPE 40000 pot\u00e1hnut\u00ed<\/span><\/a><\/p>\n<h3>Podrobnosti o p\u0159eprav\u011b:<\/h3>\n<p><span style=\"color: #ff6600\">Doba v\u00fdroby: 5-10 pracovn\u00edch dn\u016f<\/span><br \/>\n<span style=\"color: #ff6600\">Doba p\u0159epravy: 8-14 pracovn\u00edch dn\u016f<\/span><\/p>\n<p>V\u0161echny produkty v na\u0161em obchod\u011b jsou 100% origin\u00e1ln\u00ed a autentick\u00e9, tak\u017ee desetin\u00e1sobn\u00e1 n\u00e1hrada za pad\u011blky je na\u0161\u00ed obchodn\u00ed politikou. K doru\u010den\u00ed zbo\u017e\u00ed pou\u017e\u00edv\u00e1me logistick\u00e9 kan\u00e1ly jako UPS\/DHL\/FEDEX\/DPD.<\/p>\n<p>Pro z\u00e1silky odeslan\u00e9 do \u010cesk\u00e9 republiky obvykle trv\u00e1 doru\u010den\u00ed 10 pracovn\u00edch dn\u016f. Doru\u010den\u00ed do evropsk\u00fdch zem\u00ed obvykle trv\u00e1 12 a\u017e 15 pracovn\u00edch dn\u016f. Logistick\u00e9 informace pro v\u00e1s budeme aktualizovat v re\u00e1ln\u00e9m \u010dase.<\/p>","protected":false},"excerpt":{"rendered":"<ul>\n<li data-start=\"115\" data-end=\"211\"><strong data-start=\"118\" data-end=\"209\">Velkoobchodn\u00ed cena Bang Leader 20000 Puffs jednor\u00e1zov\u00fd vape nejlep\u0161\u00ed nab\u00eddky na vape<\/strong><\/li>\n<li data-start=\"212\" data-end=\"297\"><strong data-start=\"215\" data-end=\"295\">Bang Leader 20000 Puff Vape pro e-liquid s vysok\u00fdm obsahem nikotinu<\/strong><\/li>\n<li data-start=\"298\" data-end=\"399\"><strong data-start=\"301\" data-end=\"399\">Bang Leader 20k Puff jednor\u00e1zov\u00fd vape s nejl\u00e9pe hodnocen\u00fdmi dopl\u0148ovac\u00edmi pod sadami<\/strong><\/li>\n<\/ul>\n<p>Pro slevu pros\u00edm kontaktujte Mandy p\u0159es WhatsApp<a href=\"https:\/\/wa.me\/8618077105796\">+8618077105796<\/a><\/p>\n<p><img decoding=\"async\" class=\"alignnone wp-image-2151\" src=\"http:\/\/vapebulkp.com\/wp-content\/uploads\/2024\/04\/Mandy-WhatsApp-Randm.jpg\" alt=\"Mandy WhatsApp Randm\" width=\"297\" height=\"316\" srcset=\"https:\/\/vapebulkp.com\/wp-content\/uploads\/2024\/04\/Mandy-WhatsApp-Randm.jpg 916w, https:\/\/vapebulkp.com\/wp-content\/uploads\/2024\/04\/Mandy-WhatsApp-Randm-282x300.jpg 282w, https:\/\/vapebulkp.com\/wp-content\/uploads\/2024\/04\/Mandy-WhatsApp-Randm-768x817.jpg 768w, https:\/\/vapebulkp.com\/wp-content\/uploads\/2024\/04\/Mandy-WhatsApp-Randm-600x638.jpg 600w\" sizes=\"(max-width: 297px) 100vw, 297px\" \/><\/p>\n<p><span style=\"color: #ff0000\">POZN\u00c1MKA: Ceny na na\u0161em webu nezahrnuj\u00ed n\u00e1klady na dopravu<\/span><\/p>\n<p>&nbsp;<\/p>","protected":false},"featured_media":3501,"comment_status":"open","ping_status":"closed","template":"","meta":{"_uag_custom_page_level_css":"","_lmt_disableupdate":"no","_lmt_disable":"","site-sidebar-layout":"default","site-content-layout":"content-boxed-container","ast-site-content-layout":"normal-width-container","site-content-style":"boxed","site-sidebar-style":"unboxed","ast-global-header-display":"","ast-banner-title-visibility":"","ast-main-header-display":"","ast-hfb-above-header-display":"","ast-hfb-below-header-display":"","ast-hfb-mobile-header-display":"","site-post-title":"","ast-breadcrumbs-content":"","ast-featured-img":"","footer-sml-layout":"","theme-transparent-header-meta":"default","adv-header-id-meta":"","stick-header-meta":"","header-above-stick-meta":"","header-main-stick-meta":"","header-below-stick-meta":"","astra-migrate-meta-layouts":"set","_joinchat":[]},"product_cat":[162,153,345,155,33,59,100,87,34,158,157,154,152,58,84,156,63,32],"product_tag":[215,36,37,41,40],"class_list":["post-3504","product","type-product","status-publish","has-post-thumbnail","hentry","product_cat-20000-puffs-disposable-vape","product_cat-hot-disposable-vapes","product_cat-bang-vapes","product_cat-belgium-hot-disposable-vapes","product_cat-france-vape-hot-sale","product_cat-germany-hot-disposable-vape","product_cat-germany-wholesale-vape-shop","product_cat-minimum-order-quantity-50pcs","product_cat-netherlands-vape-good-sale","product_cat-norway-hot-disposable-vapes","product_cat-poland-hot-disposable-vapes","product_cat-portugal-hot-disposable-vapes","product_cat-spain-hot-disposable-vapes","product_cat-sweden-hot-disposable-vape","product_cat-sweden-wholesale-vape","product_cat-switzerland-hot-disposable-vapes","product_cat-top-sale-disposable-vape","product_cat-vape-hot-sale-this-week","product_tag-bang-leader-20000-puffs","product_tag-good-vape","product_tag-hot-sale-disposable-vape","product_tag-poland-hot-vape","product_tag-sweden-hot-vape","pa_brand-bang-vape","desktop-align-left","tablet-align-left","mobile-align-left"],"yoast_head":"<!-- This site is optimized with the Yoast SEO plugin v21.1 - https:\/\/yoast.com\/wordpress\/plugins\/seo\/ -->\n<title>Wholesale Bang Leader 20000 Puffs Disposable E-Cigarette Vape Vaporizer - vapebulkp.com<\/title>\n<meta name=\"description\" content=\"Wholesale Bang Leader 20000 Puffs Disposable Vape, 28ml capacity, 2\/5% nicotine, long-lasting, fast charging, smooth vapor, perfect for bulk orders.\" \/>\n<meta name=\"robots\" content=\"index, follow, max-snippet:-1, max-image-preview:large, max-video-preview:-1\" \/>\n<link rel=\"canonical\" href=\"https:\/\/vapebulkp.com\/cs\/product\/wholesale-bang-leader-20000-puffs-disposable-e-cigarette-vape-vaporizer\/\" \/>\n<meta property=\"og:locale\" content=\"cs_CZ\" \/>\n<meta property=\"og:type\" content=\"article\" \/>\n<meta property=\"og:title\" content=\"Wholesale Bang Leader 20000 Puffs Disposable E-Cigarette Vape Vaporizer - vapebulkp.com\" \/>\n<meta property=\"og:description\" content=\"Wholesale Bang Leader 20000 Puffs Disposable Vape, 28ml capacity, 2\/5% nicotine, long-lasting, fast charging, smooth vapor, perfect for bulk orders.\" \/>\n<meta property=\"og:url\" content=\"https:\/\/vapebulkp.com\/cs\/product\/wholesale-bang-leader-20000-puffs-disposable-e-cigarette-vape-vaporizer\/\" \/>\n<meta property=\"og:site_name\" content=\"vapebulkp.com\" \/>\n<meta property=\"article:modified_time\" content=\"2025-09-17T08:33:42+00:00\" \/>\n<meta property=\"og:image\" content=\"http:\/\/vapebulkp.com\/wp-content\/uploads\/2025\/02\/Bang-Leader-20000-Puff-Vape-Dual-Mesh-Coils-Crystal-Vape.webp\" \/>\n\t<meta property=\"og:image:width\" content=\"800\" \/>\n\t<meta property=\"og:image:height\" content=\"800\" \/>\n\t<meta property=\"og:image:type\" content=\"image\/webp\" \/>\n<meta name=\"twitter:card\" content=\"summary_large_image\" \/>\n<meta name=\"twitter:label1\" content=\"Odhadovan\u00e1 doba \u010dten\u00ed\" \/>\n\t<meta name=\"twitter:data1\" content=\"4 minuty\" \/>\n<script type=\"application\/ld+json\" class=\"yoast-schema-graph\">{\"@context\":\"https:\/\/schema.org\",\"@graph\":[{\"@type\":\"WebPage\",\"@id\":\"https:\/\/vapebulkp.com\/product\/wholesale-bang-leader-20000-puffs-disposable-e-cigarette-vape-vaporizer\/\",\"url\":\"https:\/\/vapebulkp.com\/product\/wholesale-bang-leader-20000-puffs-disposable-e-cigarette-vape-vaporizer\/\",\"name\":\"Wholesale Bang Leader 20000 Puffs Disposable E-Cigarette Vape Vaporizer - vapebulkp.com\",\"isPartOf\":{\"@id\":\"https:\/\/vapebulkp.com\/#website\"},\"datePublished\":\"2025-02-24T08:02:47+00:00\",\"dateModified\":\"2025-09-17T08:33:42+00:00\",\"description\":\"Wholesale Bang Leader 20000 Puffs Disposable Vape, 28ml capacity, 2\/5% nicotine, long-lasting, fast charging, smooth vapor, perfect for bulk orders.\",\"breadcrumb\":{\"@id\":\"https:\/\/vapebulkp.com\/product\/wholesale-bang-leader-20000-puffs-disposable-e-cigarette-vape-vaporizer\/#breadcrumb\"},\"inLanguage\":\"cs\",\"potentialAction\":[{\"@type\":\"ReadAction\",\"target\":[\"https:\/\/vapebulkp.com\/product\/wholesale-bang-leader-20000-puffs-disposable-e-cigarette-vape-vaporizer\/\"]}]},{\"@type\":\"BreadcrumbList\",\"@id\":\"https:\/\/vapebulkp.com\/product\/wholesale-bang-leader-20000-puffs-disposable-e-cigarette-vape-vaporizer\/#breadcrumb\",\"itemListElement\":[{\"@type\":\"ListItem\",\"position\":1,\"name\":\"Home\",\"item\":\"https:\/\/vapebulkp.com\/\"},{\"@type\":\"ListItem\",\"position\":2,\"name\":\"Hot Trend Vapes\",\"item\":\"https:\/\/vapebulkp.com\/vape-shop\/\"},{\"@type\":\"ListItem\",\"position\":3,\"name\":\"Wholesale Bang Leader 20000 Puffs Disposable E-Cigarette Vape Vaporizer\"}]},{\"@type\":\"WebSite\",\"@id\":\"https:\/\/vapebulkp.com\/#website\",\"url\":\"https:\/\/vapebulkp.com\/\",\"name\":\"vapebulkp.com\",\"description\":\"Buy Vape In Cheap Bulk Price Near you\",\"publisher\":{\"@id\":\"https:\/\/vapebulkp.com\/#organization\"},\"potentialAction\":[{\"@type\":\"SearchAction\",\"target\":{\"@type\":\"EntryPoint\",\"urlTemplate\":\"https:\/\/vapebulkp.com\/?s={search_term_string}\"},\"query-input\":\"required name=search_term_string\"}],\"inLanguage\":\"cs\"},{\"@type\":\"Organization\",\"@id\":\"https:\/\/vapebulkp.com\/#organization\",\"name\":\"vapebulkp.com\",\"url\":\"https:\/\/vapebulkp.com\/\",\"logo\":{\"@type\":\"ImageObject\",\"inLanguage\":\"cs\",\"@id\":\"https:\/\/vapebulkp.com\/#\/schema\/logo\/image\/\",\"url\":\"https:\/\/vapebulkp.com\/wp-content\/uploads\/2023\/09\/cropped-vapebulkp.png\",\"contentUrl\":\"https:\/\/vapebulkp.com\/wp-content\/uploads\/2023\/09\/cropped-vapebulkp.png\",\"width\":516,\"height\":163,\"caption\":\"vapebulkp.com\"},\"image\":{\"@id\":\"https:\/\/vapebulkp.com\/#\/schema\/logo\/image\/\"}}]}<\/script>\n<!-- \/ Yoast SEO plugin. -->","yoast_head_json":{"title":"Wholesale Bang Leader 20000 Puffs Disposable E-Cigarette Vape Vaporizer - vapebulkp.com","description":"Wholesale Bang Leader 20000 Puffs Disposable Vape, 28ml capacity, 2\/5% nicotine, long-lasting, fast charging, smooth vapor, perfect for bulk orders.","robots":{"index":"index","follow":"follow","max-snippet":"max-snippet:-1","max-image-preview":"max-image-preview:large","max-video-preview":"max-video-preview:-1"},"canonical":"https:\/\/vapebulkp.com\/cs\/product\/wholesale-bang-leader-20000-puffs-disposable-e-cigarette-vape-vaporizer\/","og_locale":"cs_CZ","og_type":"article","og_title":"Wholesale Bang Leader 20000 Puffs Disposable E-Cigarette Vape Vaporizer - vapebulkp.com","og_description":"Wholesale Bang Leader 20000 Puffs Disposable Vape, 28ml capacity, 2\/5% nicotine, long-lasting, fast charging, smooth vapor, perfect for bulk orders.","og_url":"https:\/\/vapebulkp.com\/cs\/product\/wholesale-bang-leader-20000-puffs-disposable-e-cigarette-vape-vaporizer\/","og_site_name":"vapebulkp.com","article_modified_time":"2025-09-17T08:33:42+00:00","og_image":[{"width":800,"height":800,"url":"http:\/\/vapebulkp.com\/wp-content\/uploads\/2025\/02\/Bang-Leader-20000-Puff-Vape-Dual-Mesh-Coils-Crystal-Vape.webp","type":"image\/webp"}],"twitter_card":"summary_large_image","twitter_misc":{"Odhadovan\u00e1 doba \u010dten\u00ed":"4 minuty"},"schema":{"@context":"https:\/\/schema.org","@graph":[{"@type":"WebPage","@id":"https:\/\/vapebulkp.com\/product\/wholesale-bang-leader-20000-puffs-disposable-e-cigarette-vape-vaporizer\/","url":"https:\/\/vapebulkp.com\/product\/wholesale-bang-leader-20000-puffs-disposable-e-cigarette-vape-vaporizer\/","name":"Wholesale Bang Leader 20000 Puffs Disposable E-Cigarette Vape Vaporizer - vapebulkp.com","isPartOf":{"@id":"https:\/\/vapebulkp.com\/#website"},"datePublished":"2025-02-24T08:02:47+00:00","dateModified":"2025-09-17T08:33:42+00:00","description":"Wholesale Bang Leader 20000 Puffs Disposable Vape, 28ml capacity, 2\/5% nicotine, long-lasting, fast charging, smooth vapor, perfect for bulk orders.","breadcrumb":{"@id":"https:\/\/vapebulkp.com\/product\/wholesale-bang-leader-20000-puffs-disposable-e-cigarette-vape-vaporizer\/#breadcrumb"},"inLanguage":"cs","potentialAction":[{"@type":"ReadAction","target":["https:\/\/vapebulkp.com\/product\/wholesale-bang-leader-20000-puffs-disposable-e-cigarette-vape-vaporizer\/"]}]},{"@type":"BreadcrumbList","@id":"https:\/\/vapebulkp.com\/product\/wholesale-bang-leader-20000-puffs-disposable-e-cigarette-vape-vaporizer\/#breadcrumb","itemListElement":[{"@type":"ListItem","position":1,"name":"Home","item":"https:\/\/vapebulkp.com\/"},{"@type":"ListItem","position":2,"name":"Hot Trend Vapes","item":"https:\/\/vapebulkp.com\/vape-shop\/"},{"@type":"ListItem","position":3,"name":"Wholesale Bang Leader 20000 Puffs Disposable E-Cigarette Vape Vaporizer"}]},{"@type":"WebSite","@id":"https:\/\/vapebulkp.com\/#website","url":"https:\/\/vapebulkp.com\/","name":"vapebulkp.com","description":"Buy Vape In Cheap Bulk Price Near you","publisher":{"@id":"https:\/\/vapebulkp.com\/#organization"},"potentialAction":[{"@type":"SearchAction","target":{"@type":"EntryPoint","urlTemplate":"https:\/\/vapebulkp.com\/?s={search_term_string}"},"query-input":"required name=search_term_string"}],"inLanguage":"cs"},{"@type":"Organization","@id":"https:\/\/vapebulkp.com\/#organization","name":"vapebulkp.com","url":"https:\/\/vapebulkp.com\/","logo":{"@type":"ImageObject","inLanguage":"cs","@id":"https:\/\/vapebulkp.com\/#\/schema\/logo\/image\/","url":"https:\/\/vapebulkp.com\/wp-content\/uploads\/2023\/09\/cropped-vapebulkp.png","contentUrl":"https:\/\/vapebulkp.com\/wp-content\/uploads\/2023\/09\/cropped-vapebulkp.png","width":516,"height":163,"caption":"vapebulkp.com"},"image":{"@id":"https:\/\/vapebulkp.com\/#\/schema\/logo\/image\/"}}]}},"uagb_featured_image_src":{"full":["https:\/\/vapebulkp.com\/wp-content\/uploads\/2025\/02\/Bang-Leader-20000-Puff-Vape-Dual-Mesh-Coils-Crystal-Vape.webp",800,800,false],"thumbnail":["https:\/\/vapebulkp.com\/wp-content\/uploads\/2025\/02\/Bang-Leader-20000-Puff-Vape-Dual-Mesh-Coils-Crystal-Vape-150x150.webp",150,150,true],"medium":["https:\/\/vapebulkp.com\/wp-content\/uploads\/2025\/02\/Bang-Leader-20000-Puff-Vape-Dual-Mesh-Coils-Crystal-Vape-300x300.webp",300,300,true],"medium_large":["https:\/\/vapebulkp.com\/wp-content\/uploads\/2025\/02\/Bang-Leader-20000-Puff-Vape-Dual-Mesh-Coils-Crystal-Vape-768x768.webp",768,768,true],"large":["https:\/\/vapebulkp.com\/wp-content\/uploads\/2025\/02\/Bang-Leader-20000-Puff-Vape-Dual-Mesh-Coils-Crystal-Vape.webp",800,800,false],"1536x1536":["https:\/\/vapebulkp.com\/wp-content\/uploads\/2025\/02\/Bang-Leader-20000-Puff-Vape-Dual-Mesh-Coils-Crystal-Vape.webp",800,800,false],"2048x2048":["https:\/\/vapebulkp.com\/wp-content\/uploads\/2025\/02\/Bang-Leader-20000-Puff-Vape-Dual-Mesh-Coils-Crystal-Vape.webp",800,800,false],"trp-custom-language-flag":["https:\/\/vapebulkp.com\/wp-content\/uploads\/2025\/02\/Bang-Leader-20000-Puff-Vape-Dual-Mesh-Coils-Crystal-Vape.webp",12,12,false],"woocommerce_thumbnail":["https:\/\/vapebulkp.com\/wp-content\/uploads\/2025\/02\/Bang-Leader-20000-Puff-Vape-Dual-Mesh-Coils-Crystal-Vape-300x300.webp",300,300,true],"woocommerce_single":["https:\/\/vapebulkp.com\/wp-content\/uploads\/2025\/02\/Bang-Leader-20000-Puff-Vape-Dual-Mesh-Coils-Crystal-Vape-600x600.webp",600,600,true],"woocommerce_gallery_thumbnail":["https:\/\/vapebulkp.com\/wp-content\/uploads\/2025\/02\/Bang-Leader-20000-Puff-Vape-Dual-Mesh-Coils-Crystal-Vape-100x100.webp",100,100,true],"wcpr-photo-reviews":["https:\/\/vapebulkp.com\/wp-content\/uploads\/2025\/02\/Bang-Leader-20000-Puff-Vape-Dual-Mesh-Coils-Crystal-Vape.webp",500,500,false]},"uagb_author_info":{"display_name":"Mandy vape bulk price","author_link":"https:\/\/vapebulkp.com\/cs\/author\/"},"uagb_comment_info":0,"uagb_excerpt":"Bulk Price Bang Leader 20000 Puffs Disposable Vape best vape deals Bang Leader 20000 Puff\u00a0 Vapes for high nicotine e-liquid Bang Leader 20k Puff Disposable Vape top-rated refillable pod kits Pls Contact Mandy's WhatsApp For Discount Price+8618077105796 NOTE: Prices on our website does not include shipping costs &nbsp;","_links":{"self":[{"href":"https:\/\/vapebulkp.com\/cs\/wp-json\/wp\/v2\/product\/3504","targetHints":{"allow":["GET"]}}],"collection":[{"href":"https:\/\/vapebulkp.com\/cs\/wp-json\/wp\/v2\/product"}],"about":[{"href":"https:\/\/vapebulkp.com\/cs\/wp-json\/wp\/v2\/types\/product"}],"replies":[{"embeddable":true,"href":"https:\/\/vapebulkp.com\/cs\/wp-json\/wp\/v2\/comments?post=3504"}],"wp:featuredmedia":[{"embeddable":true,"href":"https:\/\/vapebulkp.com\/cs\/wp-json\/wp\/v2\/media\/3501"}],"wp:attachment":[{"href":"https:\/\/vapebulkp.com\/cs\/wp-json\/wp\/v2\/media?parent=3504"}],"wp:term":[{"taxonomy":"product_cat","embeddable":true,"href":"https:\/\/vapebulkp.com\/cs\/wp-json\/wp\/v2\/product_cat?post=3504"},{"taxonomy":"product_tag","embeddable":true,"href":"https:\/\/vapebulkp.com\/cs\/wp-json\/wp\/v2\/product_tag?post=3504"}],"curies":[{"name":"wp","href":"https:\/\/api.w.org\/{rel}","templated":true}]}}