{"id":3831,"date":"2025-06-11T05:45:24","date_gmt":"2025-06-11T03:45:24","guid":{"rendered":"https:\/\/vapebulkp.com\/?post_type=product&#038;p=3831"},"modified":"2025-09-24T05:49:52","modified_gmt":"2025-09-24T03:49:52","slug":"fizzy-max-60000-puffs-6-in-1-high-capacity-vaping-device","status":"publish","type":"product","link":"https:\/\/vapebulkp.com\/cs\/product\/fizzy-max-60000-puffs-6-in-1-high-capacity-vaping-device\/","title":{"rendered":"Fizzy Max 60000 POT\u00c1HNUT\u00cd 6 V 1 Za\u0159\u00edzen\u00ed pro vaping s vysokou kapacitou"},"content":{"rendered":"<h2 style=\"text-align: left\">Fizzy Max III 60000 PUFFS 6 IN 1 High Capacity Vaping Device<\/h2>\n<p data-start=\"142\" data-end=\"417\">The <strong data-start=\"146\" data-end=\"191\">Fizzy Max III 60000 Puffs\u00a0 Vape Sale\u00a0<\/strong> is designed for European vaping enthusiasts seeking <strong data-start=\"244\" data-end=\"279\">high-capacity rechargeable vapes<\/strong> performance and premium flavor. With an 850mAh battery and fast Type-C charging, it offers long-lasting sessions with minimal downtime.<\/p>\n<p data-start=\"419\" data-end=\"741\">Its 60ml e-liquid tank delivers up to <a href=\"https:\/\/vapebulkp.com\/product-category\/60000-puffs-disposable-vape\/\"><strong data-start=\"457\" data-end=\"488\">60000 Puffs Disposable Vape<\/strong><\/a>, ensuring smooth and consistent vapor throughout. Built with advanced <strong data-start=\"559\" data-end=\"588\">mesh coil vape<\/strong> technology, every puff is packed with rich flavor and dense clouds. Choose between 2% and 5% <strong data-start=\"682\" data-end=\"704\">nicotine salt vape<\/strong> options for a tailored experience.<\/p>\n<p data-start=\"743\" data-end=\"1029\">Ergonomically designed and portable, this <strong data-start=\"785\" data-end=\"817\">long-lasting disposable vapes<\/strong> combines convenience, style, and power in a single device. Ideal for heavy users, flavor chasers, or wholesale buyers, the Fizzy Max III provides a premium, hassle-free vaping solution for Wholesale<\/p>\n<h6>Pls Contact Mandy&#8217;s WhatsApp For Discount Price<a href=\"https:\/\/wa.me\/8618077105796\">+8618077105796<\/a><\/h6>\n<p><img decoding=\"async\" class=\"alignnone wp-image-2151\" src=\"http:\/\/vapebulkp.com\/wp-content\/uploads\/2024\/04\/Mandy-WhatsApp-Randm.jpg\" alt=\"Mandy WhatsApp Randm\" width=\"324\" height=\"330\" \/><\/p>\n<div class=\"flex max-w-full flex-col flex-grow\">\n<div class=\"min-h-8 text-message flex w-full flex-col items-end gap-2 whitespace-normal break-words text-start [.text-message+&amp;]:mt-5\" dir=\"auto\" data-message-author-role=\"assistant\" data-message-id=\"d24cf626-c018-4805-80f5-44de047f2ba0\" data-message-model-slug=\"gpt-4o\">\n<div class=\"flex w-full flex-col gap-1 empty:hidden first:pt-[3px]\">\n<div class=\"markdown prose w-full break-words dark:prose-invert light\">\n<h2>Why Buy Fizzy Max 60000 puffs big vapes at <a href=\"https:\/\/vapebulkp.com\/vape-shop\/\">Vapebulkp.com<\/a>?<\/h2>\n<p data-start=\"266\" data-end=\"579\">At <strong data-start=\"247\" data-end=\"264\">Vapebulkp.com<\/strong>, we offer the <strong data-start=\"279\" data-end=\"330\">authentic Fizzy Max 60000 PUFFS Disposable Vape<\/strong> at unbeatable wholesale prices. As a trusted vape distributor, we guarantee <strong data-start=\"407\" data-end=\"432\">100% genuine products<\/strong>, fast shipping, and excellent customer service. Each device comes with a <strong data-start=\"506\" data-end=\"551\">high-capacity 850mAh rechargeable battery<\/strong>, <strong data-start=\"553\" data-end=\"574\">premium mesh coil<\/strong>, and a massive <strong data-start=\"590\" data-end=\"612\">60ml e-liquid tank<\/strong>, providing long-lasting satisfaction with every puff. Whether you&#8217;re stocking up for personal use or retail, Vapebulkp.com ensures the best value, bulk discounts, and the latest models. Shop confidently with secure checkout and real-time inventory updates.<\/p>\n<\/div>\n<\/div>\n<\/div>\n<\/div>\n<h2>Fizzy Max III 60k Puffs Disposable Vape Key Specifications:<\/h2>\n<p><strong data-start=\"248\" data-end=\"257\">Puffs<\/strong>: 60000 Puffs \u2013 Ultra high-capacity for long-lasting vaping satisfaction<br data-start=\"329\" data-end=\"332\" \/><strong data-start=\"332\" data-end=\"342\">Design<\/strong>: 6-in-1 Compact Modular Design \u2013 Innovative and space-efficient<br data-start=\"406\" data-end=\"409\" \/><strong data-start=\"409\" data-end=\"422\">Coil Type<\/strong>: Advanced Mesh Coil \u2013 Delivers smoother hits and richer flavor production<br data-start=\"496\" data-end=\"499\" \/><strong data-start=\"499\" data-end=\"520\" data-is-only-node=\"\">E-liquid Capacity<\/strong>: 60ml of Premium-Grade E-liquid \u2013 Consistent and full-bodied taste<br data-start=\"587\" data-end=\"590\" \/><strong data-start=\"590\" data-end=\"610\">Battery Capacity<\/strong>: Built-in 850mAh High-Performance Battery \u2013 Rechargeable via Type-C<br data-start=\"678\" data-end=\"681\" \/><strong data-start=\"681\" data-end=\"702\">Nicotine Strength<\/strong>: Available in 2% and 5% \u2013 Suits both casual and experienced vapers<br data-start=\"769\" data-end=\"772\" \/><strong data-start=\"772\" data-end=\"789\">Charging Port<\/strong>: Type-C Fast Charging \u2013 Quick and reliable power delivery<br data-start=\"847\" data-end=\"850\" \/><strong data-start=\"850\" data-end=\"861\">Display<\/strong>: Smart LED Display \u2013 Real-time monitoring of battery and e-liquid levels<\/p>\n<h2><strong>Fizzy Max III 60000 PUFFS Flavors List<\/strong><\/h2>\n<p>1\uff1aStrawberry Watermelon &amp; Lemon Lime &amp; Blueberry Coconut<br \/>\n2\uff1aBlueberry Ice &amp; Fizzy Cherry &amp; Raspberry Lemon<br \/>\n3\uff1aWatermelon Ice &amp; Strawberry Vanilla Coke &amp; Mixed Berry<br \/>\n4\uff1aStrawberry Dragon Fruit &amp; Red Bull &amp; Raspberry Watermelon<br \/>\n5\uff1aStrawberry Raspberry &amp; Mango Peach &amp; Blueberry Watermelon<br \/>\n6\uff1aStrawberry Grape &amp; Blueberry Coconut &amp; Peach Lemon<br \/>\n7\uff1aBlueberry Raspberry &amp; Triple Melon &amp; Strawberry Ice<br \/>\n8\uff1aMixed Berry &amp; Kiwi Passion Fruit Guava &amp; Strawberry Watermelon<br \/>\n9\uff1aStrawberry Kiwi &amp; Blueberry Ice &amp; Watermelon Ice<br \/>\n10\uff1aBlue Razz Ice &amp; Strawberry Kiwi &amp; Sour Pineapple Orange<\/p>\n<p><span style=\"vertical-align: inherit\">Find more products you might like\uff1a<\/span><em><a href=\"https:\/\/wa.me\/8618077105796\"><span style=\"vertical-align: inherit\">\u00a0Buy it now<\/span><\/a><\/em><\/p>\n<p><span style=\"vertical-align: inherit\">Other Puffs You May Like\uff1a<\/span><a href=\"https:\/\/vapebulkp.com\/product\/wholesale-price-bang-kingdoms-rex-32000-puffs-vape-pod\/\"><span style=\"vertical-align: inherit\">Bang Kingdoms\u00a0 32000Puffs<\/span><\/a><span style=\"vertical-align: inherit\">\u3001<\/span><a href=\"https:\/\/vapebulkp.com\/product\/bang-blaze-60000-puffs-4-in1-disposable-vape-for-wholesale-price\/\"><span style=\"vertical-align: inherit\">Bang Blaze 60000 Puffs<\/span><\/a><span style=\"vertical-align: inherit\">\/ <\/span><a href=\"https:\/\/vapebulkp.com\/product\/waspe-3in1-60000-puffs-disposable-vape-high-capacity\/\"><span style=\"vertical-align: inherit\">WASPE 3 in 1 60000 Puffs<\/span><\/a><span style=\"vertical-align: inherit\">\/ <\/span><a href=\"https:\/\/vapebulkp.com\/product\/waspe-vape-40000-puff-fihp-double-flavour-disposable-vape\/\"><span style=\"vertical-align: inherit\">WASPE\u00a0 40000 Puffs<\/span><\/a><\/p>\n<p>&nbsp;<\/p>\n<h2>FAQ about Fizzy Max 60000 PUFFS 6 IN 1 mesh coil vape<\/h2>\n<p data-start=\"237\" data-end=\"567\"><strong data-start=\"237\" data-end=\"297\">1. What is the Fizzy Max 60000 Puffs 6 in 1 Vape Device?<\/strong><br data-start=\"297\" data-end=\"300\" \/>The Fizzy Max 60000 Puffs is a high-capacity <strong data-start=\"345\" data-end=\"371\">disposable vape device<\/strong> featuring a 6-in-1 design. It combines powerful performance with convenience, delivering up to <strong data-start=\"467\" data-end=\"483\">60,000 puffs<\/strong> through premium <strong data-start=\"500\" data-end=\"524\">mesh coil technology<\/strong> and a massive <strong data-start=\"539\" data-end=\"556\">60ml e-liquid<\/strong> reservoir.<\/p>\n<p data-start=\"569\" data-end=\"795\"><strong data-start=\"569\" data-end=\"623\">2. Is the Fizzy Max 60000 Puffs Vapes rechargeable?<\/strong><br data-start=\"623\" data-end=\"626\" \/>Yes, the device is <strong data-start=\"645\" data-end=\"688\">rechargeable via a Type-C charging port<\/strong>. It comes with an <strong data-start=\"707\" data-end=\"734\">850mAh built-in battery<\/strong> that supports fast and efficient charging for long-term use.<\/p>\n<p data-start=\"797\" data-end=\"994\"><strong data-start=\"797\" data-end=\"844\">3. How many nicotine options are available for fizzy vape 60000 puff?<\/strong><br data-start=\"844\" data-end=\"847\" \/>The Fizzy Max 60000 Vape is available in <strong data-start=\"888\" data-end=\"920\">2% and 5% nicotine strengths<\/strong>, allowing users to choose their preferred level of nicotine satisfaction.<\/p>\n<p data-start=\"996\" data-end=\"1248\"><strong data-start=\"996\" data-end=\"1059\">4. What flavors are available in the Fizzy Max 6 in 1 Vape?<\/strong><br data-start=\"1059\" data-end=\"1062\" \/>The 6-in-1 system typically includes <strong data-start=\"1099\" data-end=\"1132\">six pre-filled flavor options<\/strong> in one device, offering a variety of taste experiences. Flavor availability may vary based on inventory and region.<\/p>\n<h3>Shipping detail:<\/h3>\n<p><span style=\"color: #ff6600\">Prodution time:5-10 working days<\/span><br \/>\n<span style=\"color: #ff6600\">Shipping time:8-14 working days<\/span><\/p>\n<p>All products in our store are 100% original and authentic,so Ten times compensation for fake goods is our shop policy.We use logistics channels such as UPS\/DHL\/FEDEX\/DPD to deliver goods to you.<\/p>\n<p>For packages shipped to the United States it usually takes 10 working\u00a0 days to arrive. Shipping to European countries usually takes 12 to 15 working days to arrive. We will update the logistics information for you in real time.<\/p>\n","protected":false},"excerpt":{"rendered":"<p>Dlouhotrvaj\u00edc\u00ed uspokojen\u00ed s jednor\u00e1zovou vapovac\u00ed sadou Fizzy Max 60000 potah\u016f. Ultra vysok\u00e1 kapacita, \u0161irok\u00e1 \u0161k\u00e1la p\u0159\u00edchut\u00ed \u2013 \u017e\u00e1dn\u00e9 nab\u00edjen\u00ed, \u017e\u00e1dn\u00e9 dopl\u0148ov\u00e1n\u00ed, jen pot\u00e1hn\u011bte a u\u017e\u00edvejte si!<\/p>\n<p>Pro slevu pros\u00edm kontaktujte Mandy p\u0159es WhatsApp<a href=\"https:\/\/wa.me\/8618077105796\">+8618077105796<\/a><\/p>\n<p><img decoding=\"async\" class=\"alignnone wp-image-2151\" src=\"http:\/\/vapebulkp.com\/wp-content\/uploads\/2024\/04\/Mandy-WhatsApp-Randm.jpg\" alt=\"Mandy WhatsApp Randm\" width=\"297\" height=\"316\" srcset=\"https:\/\/vapebulkp.com\/wp-content\/uploads\/2024\/04\/Mandy-WhatsApp-Randm.jpg 916w, https:\/\/vapebulkp.com\/wp-content\/uploads\/2024\/04\/Mandy-WhatsApp-Randm-282x300.jpg 282w, https:\/\/vapebulkp.com\/wp-content\/uploads\/2024\/04\/Mandy-WhatsApp-Randm-768x817.jpg 768w, https:\/\/vapebulkp.com\/wp-content\/uploads\/2024\/04\/Mandy-WhatsApp-Randm-600x638.jpg 600w\" sizes=\"(max-width: 297px) 100vw, 297px\" \/><\/p>\n<p><span style=\"color: #ff0000\">POZN\u00c1MKA: Ceny na na\u0161em webu nezahrnuj\u00ed n\u00e1klady na dopravu<\/span><\/p>\n<p>&nbsp;<\/p>","protected":false},"featured_media":3830,"comment_status":"open","ping_status":"closed","template":"","meta":{"_uag_custom_page_level_css":"","_lmt_disableupdate":"no","_lmt_disable":"","site-sidebar-layout":"default","site-content-layout":"content-boxed-container","ast-site-content-layout":"normal-width-container","site-content-style":"boxed","site-sidebar-style":"unboxed","ast-global-header-display":"","ast-banner-title-visibility":"","ast-main-header-display":"","ast-hfb-above-header-display":"","ast-hfb-below-header-display":"","ast-hfb-mobile-header-display":"","site-post-title":"","ast-breadcrumbs-content":"","ast-featured-img":"","footer-sml-layout":"","theme-transparent-header-meta":"default","adv-header-id-meta":"","stick-header-meta":"","header-above-stick-meta":"","header-main-stick-meta":"","header-below-stick-meta":"","astra-migrate-meta-layouts":"set","_joinchat":[]},"product_cat":[234,153,155,351,33,59,100,87,34,158,157,154,152,58,84,156,63,32],"product_tag":[254,36,37,41,286],"class_list":["post-3831","product","type-product","status-publish","has-post-thumbnail","hentry","product_cat-60000-puffs-disposable-vape","product_cat-hot-disposable-vapes","product_cat-belgium-hot-disposable-vapes","product_cat-fizzy-vape","product_cat-france-vape-hot-sale","product_cat-germany-hot-disposable-vape","product_cat-germany-wholesale-vape-shop","product_cat-minimum-order-quantity-50pcs","product_cat-netherlands-vape-good-sale","product_cat-norway-hot-disposable-vapes","product_cat-poland-hot-disposable-vapes","product_cat-portugal-hot-disposable-vapes","product_cat-spain-hot-disposable-vapes","product_cat-sweden-hot-disposable-vape","product_cat-sweden-wholesale-vape","product_cat-switzerland-hot-disposable-vapes","product_cat-top-sale-disposable-vape","product_cat-vape-hot-sale-this-week","product_tag-fizzy-max-60000-puffs","product_tag-good-vape","product_tag-hot-sale-disposable-vape","product_tag-poland-hot-vape","product_tag-puffs-stock-in-europe","pa_brand-fizzy-vape","desktop-align-left","tablet-align-left","mobile-align-left"],"yoast_head":"<!-- This site is optimized with the Yoast SEO plugin v21.1 - https:\/\/yoast.com\/wordpress\/plugins\/seo\/ -->\n<title>Fizzy Max 60000 PUFFS 6 IN 1 High Capacity Vaping Device - vapebulkp.com<\/title>\n<meta name=\"description\" content=\"Buy Fizzy Max 60000 Puffs 6 in 1 Disposable Vape at Vapebulkp.com. Premium flavor, LED display, rechargeable battery, and high-capacity design in one device.\" \/>\n<meta name=\"robots\" content=\"index, follow, max-snippet:-1, max-image-preview:large, max-video-preview:-1\" \/>\n<link rel=\"canonical\" href=\"https:\/\/vapebulkp.com\/cs\/product\/fizzy-max-60000-puffs-6-in-1-high-capacity-vaping-device\/\" \/>\n<meta property=\"og:locale\" content=\"cs_CZ\" \/>\n<meta property=\"og:type\" content=\"article\" \/>\n<meta property=\"og:title\" content=\"Fizzy Max 60000 PUFFS 6 IN 1 High Capacity Vaping Device - vapebulkp.com\" \/>\n<meta property=\"og:description\" content=\"Buy Fizzy Max 60000 Puffs 6 in 1 Disposable Vape at Vapebulkp.com. Premium flavor, LED display, rechargeable battery, and high-capacity design in one device.\" \/>\n<meta property=\"og:url\" content=\"https:\/\/vapebulkp.com\/cs\/product\/fizzy-max-60000-puffs-6-in-1-high-capacity-vaping-device\/\" \/>\n<meta property=\"og:site_name\" content=\"vapebulkp.com\" \/>\n<meta property=\"article:modified_time\" content=\"2025-09-24T03:49:52+00:00\" \/>\n<meta property=\"og:image\" content=\"http:\/\/vapebulkp.com\/wp-content\/uploads\/2025\/06\/Long-Lasting-Fizzy-Max-III-Vape-60000-Puff-Disposable-Vape-Pen.webp\" \/>\n\t<meta property=\"og:image:width\" content=\"800\" \/>\n\t<meta property=\"og:image:height\" content=\"800\" \/>\n\t<meta property=\"og:image:type\" content=\"image\/webp\" \/>\n<meta name=\"twitter:card\" content=\"summary_large_image\" \/>\n<meta name=\"twitter:label1\" content=\"Odhadovan\u00e1 doba \u010dten\u00ed\" \/>\n\t<meta name=\"twitter:data1\" content=\"4 minuty\" \/>\n<script type=\"application\/ld+json\" class=\"yoast-schema-graph\">{\"@context\":\"https:\/\/schema.org\",\"@graph\":[{\"@type\":\"WebPage\",\"@id\":\"https:\/\/vapebulkp.com\/product\/fizzy-max-60000-puffs-6-in-1-high-capacity-vaping-device\/\",\"url\":\"https:\/\/vapebulkp.com\/product\/fizzy-max-60000-puffs-6-in-1-high-capacity-vaping-device\/\",\"name\":\"Fizzy Max 60000 PUFFS 6 IN 1 High Capacity Vaping Device - vapebulkp.com\",\"isPartOf\":{\"@id\":\"https:\/\/vapebulkp.com\/#website\"},\"datePublished\":\"2025-06-11T03:45:24+00:00\",\"dateModified\":\"2025-09-24T03:49:52+00:00\",\"description\":\"Buy Fizzy Max 60000 Puffs 6 in 1 Disposable Vape at Vapebulkp.com. Premium flavor, LED display, rechargeable battery, and high-capacity design in one device.\",\"breadcrumb\":{\"@id\":\"https:\/\/vapebulkp.com\/product\/fizzy-max-60000-puffs-6-in-1-high-capacity-vaping-device\/#breadcrumb\"},\"inLanguage\":\"cs\",\"potentialAction\":[{\"@type\":\"ReadAction\",\"target\":[\"https:\/\/vapebulkp.com\/product\/fizzy-max-60000-puffs-6-in-1-high-capacity-vaping-device\/\"]}]},{\"@type\":\"BreadcrumbList\",\"@id\":\"https:\/\/vapebulkp.com\/product\/fizzy-max-60000-puffs-6-in-1-high-capacity-vaping-device\/#breadcrumb\",\"itemListElement\":[{\"@type\":\"ListItem\",\"position\":1,\"name\":\"Home\",\"item\":\"https:\/\/vapebulkp.com\/\"},{\"@type\":\"ListItem\",\"position\":2,\"name\":\"Hot Trend Vapes\",\"item\":\"https:\/\/vapebulkp.com\/vape-shop\/\"},{\"@type\":\"ListItem\",\"position\":3,\"name\":\"Fizzy Max 60000 PUFFS 6 IN 1 High Capacity Vaping Device\"}]},{\"@type\":\"WebSite\",\"@id\":\"https:\/\/vapebulkp.com\/#website\",\"url\":\"https:\/\/vapebulkp.com\/\",\"name\":\"vapebulkp.com\",\"description\":\"Buy Vape In Cheap Bulk Price Near you\",\"publisher\":{\"@id\":\"https:\/\/vapebulkp.com\/#organization\"},\"potentialAction\":[{\"@type\":\"SearchAction\",\"target\":{\"@type\":\"EntryPoint\",\"urlTemplate\":\"https:\/\/vapebulkp.com\/?s={search_term_string}\"},\"query-input\":\"required name=search_term_string\"}],\"inLanguage\":\"cs\"},{\"@type\":\"Organization\",\"@id\":\"https:\/\/vapebulkp.com\/#organization\",\"name\":\"vapebulkp.com\",\"url\":\"https:\/\/vapebulkp.com\/\",\"logo\":{\"@type\":\"ImageObject\",\"inLanguage\":\"cs\",\"@id\":\"https:\/\/vapebulkp.com\/#\/schema\/logo\/image\/\",\"url\":\"https:\/\/vapebulkp.com\/wp-content\/uploads\/2023\/09\/cropped-vapebulkp.png\",\"contentUrl\":\"https:\/\/vapebulkp.com\/wp-content\/uploads\/2023\/09\/cropped-vapebulkp.png\",\"width\":516,\"height\":163,\"caption\":\"vapebulkp.com\"},\"image\":{\"@id\":\"https:\/\/vapebulkp.com\/#\/schema\/logo\/image\/\"}}]}<\/script>\n<!-- \/ Yoast SEO plugin. -->","yoast_head_json":{"title":"Fizzy Max 60000 POT\u00c1HNUT\u00cd 6 V 1 Za\u0159\u00edzen\u00ed pro vaping s vysokou kapacitou - vapebulkp.com","description":"Kupte si jednor\u00e1zovou e-cigaretu Fizzy Max 60000 Puffs 6 v 1 na Vapebulkp.com. Pr\u00e9miov\u00e1 chu\u0165, LED displej, dob\u00edjec\u00ed baterie a design s vysokou kapacitou v jednom za\u0159\u00edzen\u00ed.","robots":{"index":"index","follow":"follow","max-snippet":"max-snippet:-1","max-image-preview":"max-image-preview:large","max-video-preview":"max-video-preview:-1"},"canonical":"https:\/\/vapebulkp.com\/cs\/product\/fizzy-max-60000-puffs-6-in-1-high-capacity-vaping-device\/","og_locale":"cs_CZ","og_type":"article","og_title":"Fizzy Max 60000 PUFFS 6 IN 1 High Capacity Vaping Device - vapebulkp.com","og_description":"Buy Fizzy Max 60000 Puffs 6 in 1 Disposable Vape at Vapebulkp.com. Premium flavor, LED display, rechargeable battery, and high-capacity design in one device.","og_url":"https:\/\/vapebulkp.com\/cs\/product\/fizzy-max-60000-puffs-6-in-1-high-capacity-vaping-device\/","og_site_name":"vapebulkp.com","article_modified_time":"2025-09-24T03:49:52+00:00","og_image":[{"width":800,"height":800,"url":"http:\/\/vapebulkp.com\/wp-content\/uploads\/2025\/06\/Long-Lasting-Fizzy-Max-III-Vape-60000-Puff-Disposable-Vape-Pen.webp","type":"image\/webp"}],"twitter_card":"summary_large_image","twitter_misc":{"Odhadovan\u00e1 doba \u010dten\u00ed":"4 minuty"},"schema":{"@context":"https:\/\/schema.org","@graph":[{"@type":"WebPage","@id":"https:\/\/vapebulkp.com\/product\/fizzy-max-60000-puffs-6-in-1-high-capacity-vaping-device\/","url":"https:\/\/vapebulkp.com\/product\/fizzy-max-60000-puffs-6-in-1-high-capacity-vaping-device\/","name":"Fizzy Max 60000 POT\u00c1HNUT\u00cd 6 V 1 Za\u0159\u00edzen\u00ed pro vaping s vysokou kapacitou - vapebulkp.com","isPartOf":{"@id":"https:\/\/vapebulkp.com\/#website"},"datePublished":"2025-06-11T03:45:24+00:00","dateModified":"2025-09-24T03:49:52+00:00","description":"Kupte si jednor\u00e1zovou e-cigaretu Fizzy Max 60000 Puffs 6 v 1 na Vapebulkp.com. Pr\u00e9miov\u00e1 chu\u0165, LED displej, dob\u00edjec\u00ed baterie a design s vysokou kapacitou v jednom za\u0159\u00edzen\u00ed.","breadcrumb":{"@id":"https:\/\/vapebulkp.com\/product\/fizzy-max-60000-puffs-6-in-1-high-capacity-vaping-device\/#breadcrumb"},"inLanguage":"cs","potentialAction":[{"@type":"ReadAction","target":["https:\/\/vapebulkp.com\/product\/fizzy-max-60000-puffs-6-in-1-high-capacity-vaping-device\/"]}]},{"@type":"BreadcrumbList","@id":"https:\/\/vapebulkp.com\/product\/fizzy-max-60000-puffs-6-in-1-high-capacity-vaping-device\/#breadcrumb","itemListElement":[{"@type":"ListItem","position":1,"name":"Home","item":"https:\/\/vapebulkp.com\/"},{"@type":"ListItem","position":2,"name":"Hot Trend Vapes","item":"https:\/\/vapebulkp.com\/vape-shop\/"},{"@type":"ListItem","position":3,"name":"Fizzy Max 60000 PUFFS 6 IN 1 High Capacity Vaping Device"}]},{"@type":"WebSite","@id":"https:\/\/vapebulkp.com\/#website","url":"https:\/\/vapebulkp.com\/","name":"vapebulkp.com","description":"Kupte si vape za levnou velkoobchodn\u00ed cenu ve va\u0161em okol\u00ed","publisher":{"@id":"https:\/\/vapebulkp.com\/#organization"},"potentialAction":[{"@type":"SearchAction","target":{"@type":"EntryPoint","urlTemplate":"https:\/\/vapebulkp.com\/?s={search_term_string}"},"query-input":"required name=search_term_string"}],"inLanguage":"cs"},{"@type":"Organization","@id":"https:\/\/vapebulkp.com\/#organization","name":"vapebulkp.com","url":"https:\/\/vapebulkp.com\/","logo":{"@type":"ImageObject","inLanguage":"cs","@id":"https:\/\/vapebulkp.com\/#\/schema\/logo\/image\/","url":"https:\/\/vapebulkp.com\/wp-content\/uploads\/2023\/09\/cropped-vapebulkp.png","contentUrl":"https:\/\/vapebulkp.com\/wp-content\/uploads\/2023\/09\/cropped-vapebulkp.png","width":516,"height":163,"caption":"vapebulkp.com"},"image":{"@id":"https:\/\/vapebulkp.com\/#\/schema\/logo\/image\/"}}]}},"uagb_featured_image_src":{"full":["https:\/\/vapebulkp.com\/wp-content\/uploads\/2025\/06\/Long-Lasting-Fizzy-Max-III-Vape-60000-Puff-Disposable-Vape-Pen.webp",800,800,false],"thumbnail":["https:\/\/vapebulkp.com\/wp-content\/uploads\/2025\/06\/Long-Lasting-Fizzy-Max-III-Vape-60000-Puff-Disposable-Vape-Pen-150x150.webp",150,150,true],"medium":["https:\/\/vapebulkp.com\/wp-content\/uploads\/2025\/06\/Long-Lasting-Fizzy-Max-III-Vape-60000-Puff-Disposable-Vape-Pen-300x300.webp",300,300,true],"medium_large":["https:\/\/vapebulkp.com\/wp-content\/uploads\/2025\/06\/Long-Lasting-Fizzy-Max-III-Vape-60000-Puff-Disposable-Vape-Pen-768x768.webp",768,768,true],"large":["https:\/\/vapebulkp.com\/wp-content\/uploads\/2025\/06\/Long-Lasting-Fizzy-Max-III-Vape-60000-Puff-Disposable-Vape-Pen.webp",800,800,false],"1536x1536":["https:\/\/vapebulkp.com\/wp-content\/uploads\/2025\/06\/Long-Lasting-Fizzy-Max-III-Vape-60000-Puff-Disposable-Vape-Pen.webp",800,800,false],"2048x2048":["https:\/\/vapebulkp.com\/wp-content\/uploads\/2025\/06\/Long-Lasting-Fizzy-Max-III-Vape-60000-Puff-Disposable-Vape-Pen.webp",800,800,false],"trp-custom-language-flag":["https:\/\/vapebulkp.com\/wp-content\/uploads\/2025\/06\/Long-Lasting-Fizzy-Max-III-Vape-60000-Puff-Disposable-Vape-Pen.webp",12,12,false],"woocommerce_thumbnail":["https:\/\/vapebulkp.com\/wp-content\/uploads\/2025\/06\/Long-Lasting-Fizzy-Max-III-Vape-60000-Puff-Disposable-Vape-Pen-300x300.webp",300,300,true],"woocommerce_single":["https:\/\/vapebulkp.com\/wp-content\/uploads\/2025\/06\/Long-Lasting-Fizzy-Max-III-Vape-60000-Puff-Disposable-Vape-Pen-600x600.webp",600,600,true],"woocommerce_gallery_thumbnail":["https:\/\/vapebulkp.com\/wp-content\/uploads\/2025\/06\/Long-Lasting-Fizzy-Max-III-Vape-60000-Puff-Disposable-Vape-Pen-100x100.webp",100,100,true],"wcpr-photo-reviews":["https:\/\/vapebulkp.com\/wp-content\/uploads\/2025\/06\/Long-Lasting-Fizzy-Max-III-Vape-60000-Puff-Disposable-Vape-Pen.webp",500,500,false]},"uagb_author_info":{"display_name":"Mandy vape bulk price","author_link":"https:\/\/vapebulkp.com\/cs\/author\/"},"uagb_comment_info":0,"uagb_excerpt":"Long-lasting satisfaction with the Fizzy Max 60000 Puffs disposable vape. Ultra-high capacity, wide variety of flavors\u2014no charging, no refilling, just puff and enjoy! Pls Contact Mandy's WhatsApp For Discount Price+8618077105796 NOTE: Prices on our website does not include shipping costs &nbsp;","_links":{"self":[{"href":"https:\/\/vapebulkp.com\/cs\/wp-json\/wp\/v2\/product\/3831","targetHints":{"allow":["GET"]}}],"collection":[{"href":"https:\/\/vapebulkp.com\/cs\/wp-json\/wp\/v2\/product"}],"about":[{"href":"https:\/\/vapebulkp.com\/cs\/wp-json\/wp\/v2\/types\/product"}],"replies":[{"embeddable":true,"href":"https:\/\/vapebulkp.com\/cs\/wp-json\/wp\/v2\/comments?post=3831"}],"wp:featuredmedia":[{"embeddable":true,"href":"https:\/\/vapebulkp.com\/cs\/wp-json\/wp\/v2\/media\/3830"}],"wp:attachment":[{"href":"https:\/\/vapebulkp.com\/cs\/wp-json\/wp\/v2\/media?parent=3831"}],"wp:term":[{"taxonomy":"product_cat","embeddable":true,"href":"https:\/\/vapebulkp.com\/cs\/wp-json\/wp\/v2\/product_cat?post=3831"},{"taxonomy":"product_tag","embeddable":true,"href":"https:\/\/vapebulkp.com\/cs\/wp-json\/wp\/v2\/product_tag?post=3831"}],"curies":[{"name":"wp","href":"https:\/\/api.w.org\/{rel}","templated":true}]}}