{"id":3874,"date":"2025-06-23T11:12:44","date_gmt":"2025-06-23T09:12:44","guid":{"rendered":"https:\/\/vapebulkp.com\/?post_type=product&#038;p=3874"},"modified":"2025-09-24T04:57:44","modified_gmt":"2025-09-24T02:57:44","slug":"wholesale-vape-okso-60000-puffs-dual-flavor-disposable-device","status":"publish","type":"product","link":"https:\/\/vapebulkp.com\/cs\/product\/wholesale-vape-okso-60000-puffs-dual-flavor-disposable-device\/","title":{"rendered":"Velkoobchod Vape OKSO 60000 Puffs Jednor\u00e1zov\u00e9 za\u0159\u00edzen\u00ed se dv\u011bma p\u0159\u00edchut\u011bmi"},"content":{"rendered":"<h2>Velkoobchod Vape OKSO 60000 Puffs Jednor\u00e1zov\u00e9 za\u0159\u00edzen\u00ed se dv\u011bma p\u0159\u00edchut\u011bmi<\/h2>\n<p data-start=\"153\" data-end=\"449\">Ten <strong data-start=\"157\" data-end=\"193\">OKSO 60000 Puffs Jednor\u00e1zov\u00fd Vape<\/strong> je <strong data-start=\"199\" data-end=\"232\">jednor\u00e1zov\u00fd vape s vysokou kapacitou<\/strong> vyrobeno pro vapery v \u010cesk\u00e9 republice, kte\u0159\u00ed hledaj\u00ed dlouhotrvaj\u00edc\u00ed v\u00fdkon a pr\u00e9miovou chu\u0165. S dvojit\u00fdmi komorami na 25 ml nikotinov\u00e9 soli umo\u017e\u0148uje snadn\u00e9 p\u0159ep\u00edn\u00e1n\u00ed mezi dv\u011bma p\u0159\u00edchut\u011bmi, co\u017e je ide\u00e1ln\u00ed pro milovn\u00edky rozmanitosti.<\/p>\n<p data-start=\"451\" data-end=\"782\">Toto <strong data-start=\"456\" data-end=\"488\">dob\u00edjec\u00ed jednor\u00e1zov\u00e9 vape<\/strong> obsahuje baterii 650 mAh a pokro\u010dilou <strong data-start=\"528\" data-end=\"546\">s\u00edtkov\u00e1 c\u00edvka vaporiz\u00e9r<\/strong> technologii, kter\u00e1 poskytuje hladk\u00fd pr\u016ftok vzduchu, hustou p\u00e1ru a konzistentn\u00ed chu\u0165 p\u0159i ka\u017ed\u00e9m pota\u017een\u00ed. Dostupn\u00e9 se silou nikotinu 2% a 5%, tento <strong data-start=\"686\" data-end=\"708\">nikotinov\u00e9 soli vape<\/strong> poskytuje uspokojiv\u00fd \u00fader do krku pro p\u0159\u00edle\u017eitostn\u00e9 i zku\u0161en\u00e9 u\u017eivatele.<\/p>\n<p data-start=\"784\" data-end=\"1185\">Navr\u017eeno tak, aby bylo kompaktn\u00ed a p\u0159enosn\u00e9, <strong data-start=\"825\" data-end=\"861\">OKSO <a href=\"https:\/\/vapebulkp.com\/cs\/product-category\/60000-puffs-disposable-vape\/\">Jednor\u00e1zov\u00fd vape 60000 potah\u016f<\/a><\/strong> je <strong data-start=\"867\" data-end=\"902\">jednor\u00e1zov\u00fd vape vhodn\u00fd na cesty<\/strong> ide\u00e1ln\u00ed pro pou\u017eit\u00ed na cest\u00e1ch. S LED displejem zobrazuj\u00edc\u00edm stav baterie a hladinu e-liquidu kombinuje pohodl\u00ed a pou\u017eitelnost. Velkoobchodn\u00ed balen\u00ed z n\u011bj \u010din\u00ed vynikaj\u00edc\u00ed volbu pro <strong data-start=\"1085\" data-end=\"1112\">evropskou velkoobchodn\u00ed distribuci vap\u016f<\/strong> zaji\u0161\u0165uj\u00edc\u00ed, \u017ee prodejci mohou s jistotou uspokojit vysokou popt\u00e1vku.<\/p>\n<p data-start=\"1187\" data-end=\"1355\">Spolehliv\u00fd, v\u0161estrann\u00fd a vyroben\u00fd pro dlouhotrvaj\u00edc\u00ed po\u017eitek, <strong data-start=\"1250\" data-end=\"1286\">Sada vaporiz\u00e9r\u016f OKSO 60k Puffs<\/strong> nastavuje nov\u00fd standard v dob\u00edjec\u00edch, jednor\u00e1zov\u00fdch vapech s du\u00e1ln\u00ed p\u0159\u00edchut\u00ed.<\/p>\n<h6>Pro slevu pros\u00edm kontaktujte Mandy p\u0159es WhatsApp<a href=\"https:\/\/wa.me\/8618077105796\">+8618077105796<\/a><\/h6>\n<p><img decoding=\"async\" class=\"alignnone wp-image-2151\" src=\"http:\/\/vapebulkp.com\/wp-content\/uploads\/2024\/04\/Mandy-WhatsApp-Randm.jpg\" alt=\"Mandy WhatsApp Randm\" width=\"271\" height=\"289\" srcset=\"https:\/\/vapebulkp.com\/wp-content\/uploads\/2024\/04\/Mandy-WhatsApp-Randm.jpg 916w, https:\/\/vapebulkp.com\/wp-content\/uploads\/2024\/04\/Mandy-WhatsApp-Randm-282x300.jpg 282w, https:\/\/vapebulkp.com\/wp-content\/uploads\/2024\/04\/Mandy-WhatsApp-Randm-768x817.jpg 768w, https:\/\/vapebulkp.com\/wp-content\/uploads\/2024\/04\/Mandy-WhatsApp-Randm-600x638.jpg 600w\" sizes=\"(max-width: 271px) 100vw, 271px\" \/><\/p>\n<h2><strong>Pro\u010d koupit OKSO Double Flavor 60k puffs na <a href=\"https:\/\/vapebulkp.com\/cs\/\">Vapebulkp.com<\/a>?<\/strong><\/h2>\n<p>Na Vapebulkp.com nab\u00edz\u00edme autentick\u00fd jednor\u00e1zov\u00fd vape OKSO Double Flavor 60K Puffs se zaru\u010denou kvalitou a bezkonkuren\u010dn\u00edmi velkoobchodn\u00edmi cenami. Na\u0161e platforma se specializuje na pr\u00e9miov\u00e9 vapy ur\u010den\u00e9 pro maloobchodn\u00edky i individu\u00e1ln\u00ed vapery po cel\u00e9 \u010cesk\u00e9 republice a d\u00e1l. Kdy\u017e u n\u00e1s nakupujete, t\u011b\u017e\u00edte z rychl\u00e9ho odesl\u00e1n\u00ed, vynikaj\u00edc\u00ed z\u00e1kaznick\u00e9 podpory a bezpe\u010dn\u00fdch platebn\u00edch mo\u017enost\u00ed. Zaji\u0161\u0165ujeme, \u017ee ka\u017ed\u00e9 za\u0159\u00edzen\u00ed je 100% origin\u00e1ln\u00ed, s pokro\u010dilou technologi\u00ed mesh spir\u00e1lky, dvojit\u00fdmi 25ml n\u00e1dr\u017eemi na e-liquid a dob\u00edjec\u00ed bateri\u00ed pro dlouhotrvaj\u00edc\u00ed v\u00fdkon. Vyberte si Vapebulkp.com pro sv\u00e9 pot\u0159eby v oblasti vap\u016f OKSO a u\u017eijte si dokonalou sm\u011bs chuti, pohodl\u00ed a hodnoty, v\u0161e v jednom d\u016fv\u011bryhodn\u00e9m obchod\u011b.<\/p>\n<div class=\"faqs-answer\">\n<h3><strong>\u010casto kladen\u00e9 ot\u00e1zky o Elegantn\u00edm vape OKSO 60000 Puffs <\/strong><strong>:<\/strong><\/h3>\n<p data-start=\"208\" data-end=\"370\"><strong data-start=\"208\" data-end=\"256\">1. Kolik potah\u016f nab\u00edz\u00ed OKSO Vape 60000 Puffs?<\/strong><br data-start=\"256\" data-end=\"259\" \/>OKSO poskytuje a\u017e <strong data-start=\"283\" data-end=\"299\">60 000 potah\u016f<\/strong>, co\u017e z n\u011bj \u010din\u00ed jeden z nejv\u011bt\u0161\u00edch jednor\u00e1zov\u00fdch vaporiz\u00e9r\u016f na trhu.<\/p>\n<p data-start=\"372\" data-end=\"529\"><strong data-start=\"372\" data-end=\"409\">2. Jak\u00fd typ c\u00edvky pou\u017e\u00edv\u00e1 okso vape box 60k puffs?<\/strong><br data-start=\"409\" data-end=\"412\" \/>Obsahuje <strong data-start=\"424\" data-end=\"448\">technologie mesh c\u00edvky<\/strong>, kter\u00e1 nab\u00edz\u00ed hlad\u0161\u00ed p\u00e1ru, rychlej\u0161\u00ed zah\u0159\u00edv\u00e1n\u00ed a bohat\u0161\u00ed chu\u0165 s ka\u017ed\u00fdm potahem.<\/p>\n<p data-start=\"1034\" data-end=\"1191\"><strong data-start=\"1034\" data-end=\"1071\">3. M\u00e1 velkoobchodn\u00ed vape okso puffs 60k displej?<\/strong><br data-start=\"1071\" data-end=\"1074\" \/>Ano, OKSO 60K obsahuje <strong data-start=\"1104\" data-end=\"1119\">LED displej<\/strong> kter\u00fd ukazuje \u017eivotnost baterie a hladinu e-liquidu, co\u017e v\u00e1m pom\u016f\u017ee sledovat spot\u0159ebu.<\/p>\n<\/div>\n<h4><\/h4>\n<h4><span style=\"vertical-align: inherit\"><strong>Velkoobchodn\u00ed cena Vape OKSO Double Flavor 60000 Puffs S<\/strong>Specifikace:<\/span><strong><br \/>\n<\/strong><\/h4>\n<ul>\n<li data-start=\"105\" data-end=\"220\">\n<p data-start=\"107\" data-end=\"220\"><strong data-start=\"107\" data-end=\"132\">Obrovsk\u00e1 kapacita potah\u016f<\/strong> \u2013 U\u017eijte si a\u017e 60000 potah\u016f pro dlouhotrvaj\u00edc\u00ed spokojenost bez \u010dast\u00fdch v\u00fdm\u011bn<\/p>\n<\/li>\n<li data-start=\"221\" data-end=\"332\">\n<p data-start=\"223\" data-end=\"332\"><strong data-start=\"223\" data-end=\"256\">Pokro\u010dil\u00e1 technologie mesh spir\u00e1lky<\/strong> \u2013 Poskytuje hlad\u0161\u00ed p\u00e1ru, bohat\u0161\u00ed chu\u0165 a konzistentn\u011bj\u0161\u00ed v\u00fdkon<\/p>\n<\/li>\n<li data-start=\"333\" data-end=\"453\">\n<p data-start=\"335\" data-end=\"453\"><strong data-start=\"335\" data-end=\"355\">Pody s dvoj\u00ed p\u0159\u00edchut\u00ed<\/strong> \u2013 Dod\u00e1v\u00e1 se se dv\u011bma samostatn\u00fdmi 25ml komorami na e-liquid, co\u017e umo\u017e\u0148uje snadn\u00e9 p\u0159ep\u00edn\u00e1n\u00ed mezi p\u0159\u00edchut\u011bmi<\/p>\n<\/li>\n<li data-start=\"454\" data-end=\"574\">\n<p data-start=\"456\" data-end=\"574\"><strong data-start=\"456\" data-end=\"488\">P\u0159izp\u016fsobiteln\u00e9 \u00farovn\u011b nikotinu<\/strong> \u2013 K dispozici v variant\u00e1ch 0%, 2%, 3% a 5% nikotinu, aby vyhovovaly va\u0161im osobn\u00edm preferenc\u00edm<\/p>\n<\/li>\n<li data-start=\"575\" data-end=\"663\">\n<p data-start=\"577\" data-end=\"663\"><strong data-start=\"577\" data-end=\"608\">Dob\u00edjec\u00ed baterie 650mAh<\/strong> \u2013 Spolehliv\u00fd v\u00fdkon pro podporu del\u0161\u00edch vapovac\u00edch sezen\u00ed<\/p>\n<\/li>\n<li data-start=\"664\" data-end=\"771\">\n<p data-start=\"666\" data-end=\"771\"><strong data-start=\"666\" data-end=\"687\">Inteligentn\u00ed LED displej<\/strong> \u2013 Jasn\u011b ukazuje stav baterie a hladiny e-liquidu pro informovan\u011bj\u0161\u00ed z\u00e1\u017eitek z vapov\u00e1n\u00ed<\/p>\n<\/li>\n<\/ul>\n<h4>OKSO 60000 pot\u00e1hnut\u00ed, du\u00e1ln\u00ed p\u0159\u00edchu\u0165, seznam p\u0159\u00edchut\u00ed:<\/h4>\n<p>1. Modr\u00e1 malina<br \/>\n2. Jahoda T\u0159e\u0161e\u0148<br \/>\n3. Vodn\u00ed meloun \u017dv\u00fdka\u010dka<br \/>\n4. Jahoda Ban\u00e1n<br \/>\n5. Vodn\u00ed meloun led<br \/>\n6. Modr\u00e1 malina Limon\u00e1da<br \/>\n7. \u010cerven\u00e1 Energie Led<br \/>\n8. Jahoda Vodn\u00ed meloun<br \/>\n9. Modr\u00e1 malina T\u0159e\u0161e\u0148 Brusinka<br \/>\n10.Bor\u016fvkov\u00fd led<\/p>\n<p><span style=\"vertical-align: inherit\">Najd\u011bte dal\u0161\u00ed produkty, kter\u00e9 by se v\u00e1m mohly l\u00edbit:<\/span><em><a href=\"https:\/\/wa.me\/8618077105796\"><span style=\"vertical-align: inherit\">\u00a0Kupte to te\u010f<\/span><\/a><\/em><\/p>\n<p><span style=\"vertical-align: inherit\">Dal\u0161\u00ed potahy, kter\u00e9 by se v\u00e1m mohly l\u00edbit:<\/span><a href=\"https:\/\/vapebulkp.com\/cs\/product\/bang-de-60000-puffs-3in1-rechargeable-mesh-coil-disposable-vape\/\"><span style=\"vertical-align: inherit\">Bang DE 60000 pot\u00e1hnut\u00ed<\/span><\/a><span style=\"vertical-align: inherit\">\u3001<\/span><a href=\"https:\/\/vapebulkp.com\/cs\/product\/vozol-rave-40000-puffs-hot-sale-nicotine-salt-disposable-vaporizer\/\"><span style=\"vertical-align: inherit\">Vozol Rave 40000 tah\u016f<\/span><\/a><span style=\"vertical-align: inherit\">\/ <\/span><a href=\"https:\/\/vapebulkp.com\/cs\/product\/waspe-3in1-60000-puffs-disposable-vape-high-capacity\/\"><span style=\"vertical-align: inherit\">Vape WASPE 60000 pot\u00e1hnut\u00ed<\/span><\/a><span style=\"vertical-align: inherit\">\/ <\/span><a href=\"https:\/\/vapebulkp.com\/cs\/product\/fizzy-twins-50000-puffs-high-puff-count-vape-kits-bulk-price\/\"><span style=\"vertical-align: inherit\">Fizzy twins 50000 potah\u016f<\/span><\/a><\/p>\n<p>&nbsp;<\/p>\n<h4>Podrobnosti o p\u0159eprav\u011b:<\/h4>\n<p><span style=\"color: #ff6600\">Doba v\u00fdroby: 5-10 pracovn\u00edch dn\u016f<\/span><br \/>\n<span style=\"color: #ff6600\">Doba p\u0159epravy: 8-14 pracovn\u00edch dn\u016f<\/span><\/p>\n<p>V\u0161echny produkty v na\u0161em obchod\u011b jsou 100% origin\u00e1ln\u00ed a autentick\u00e9, tak\u017ee desetin\u00e1sobn\u00e1 n\u00e1hrada za pad\u011blky je na\u0161\u00ed obchodn\u00ed politikou. K doru\u010den\u00ed zbo\u017e\u00ed pou\u017e\u00edv\u00e1me logistick\u00e9 kan\u00e1ly jako UPS\/DHL\/FEDEX\/DPD.<\/p>\n<p>Pro z\u00e1silky odeslan\u00e9 do \u010cesk\u00e9 republiky obvykle trv\u00e1 doru\u010den\u00ed 10 pracovn\u00edch dn\u016f. Doru\u010den\u00ed do evropsk\u00fdch zem\u00ed obvykle trv\u00e1 12 a\u017e 15 pracovn\u00edch dn\u016f. Logistick\u00e9 informace pro v\u00e1s budeme aktualizovat v re\u00e1ln\u00e9m \u010dase.<\/p>","protected":false},"excerpt":{"rendered":"<p>Nakupujte dob\u00edjec\u00ed jednor\u00e1zov\u00fd vape OKSO 60k Puffs s du\u00e1ln\u00ed p\u0159\u00edchut\u00ed, mesh spir\u00e1lkou a 50ml e-liquidem. Dlouhotrvaj\u00edc\u00ed nikotinov\u00fd vape ide\u00e1ln\u00ed pro z\u00e1kazn\u00edky v \u010cesk\u00e9 republice, kte\u0159\u00ed hledaj\u00ed bohatou chu\u0165 a hladk\u00e9 mraky.<\/p>\n<p>Pro slevu pros\u00edm kontaktujte Mandy p\u0159es WhatsApp<a href=\"https:\/\/wa.me\/8618077105796\">+8618077105796<\/a><\/p>\n<p><img decoding=\"async\" class=\"alignnone wp-image-2151\" src=\"http:\/\/vapebulkp.com\/wp-content\/uploads\/2024\/04\/Mandy-WhatsApp-Randm.jpg\" alt=\"Mandy WhatsApp Randm\" width=\"297\" height=\"316\" srcset=\"https:\/\/vapebulkp.com\/wp-content\/uploads\/2024\/04\/Mandy-WhatsApp-Randm.jpg 916w, https:\/\/vapebulkp.com\/wp-content\/uploads\/2024\/04\/Mandy-WhatsApp-Randm-282x300.jpg 282w, https:\/\/vapebulkp.com\/wp-content\/uploads\/2024\/04\/Mandy-WhatsApp-Randm-768x817.jpg 768w, https:\/\/vapebulkp.com\/wp-content\/uploads\/2024\/04\/Mandy-WhatsApp-Randm-600x638.jpg 600w\" sizes=\"(max-width: 297px) 100vw, 297px\" \/><\/p>\n<p><span style=\"color: #ff0000\">POZN\u00c1MKA: Ceny na na\u0161em webu nezahrnuj\u00ed n\u00e1klady na dopravu<\/span><\/p>\n<p>Hlavn\u00ed d\u016fvod n\u00e1kupu<br \/>\n1. Vynikaj\u00edc\u00ed kvalita a bezkonkuren\u010dn\u00ed v\u00fdkon.<\/p>\n<p>2. Konkuren\u010dn\u00ed cena a rychl\u00e1 hodnota.<\/p>\n<p>3. V\u00edce mo\u017enost\u00ed a v\u010dasn\u00e9 dod\u00e1n\u00ed.<\/p>\n<p>4. Uspokojiv\u00fd z\u00e1\u017eitek z nakupov\u00e1n\u00ed<\/p>","protected":false},"featured_media":3869,"comment_status":"open","ping_status":"closed","template":"","meta":{"_uag_custom_page_level_css":"","_lmt_disableupdate":"no","_lmt_disable":"","site-sidebar-layout":"default","site-content-layout":"content-boxed-container","ast-site-content-layout":"normal-width-container","site-content-style":"boxed","site-sidebar-style":"unboxed","ast-global-header-display":"","ast-banner-title-visibility":"","ast-main-header-display":"","ast-hfb-above-header-display":"","ast-hfb-below-header-display":"","ast-hfb-mobile-header-display":"","site-post-title":"","ast-breadcrumbs-content":"","ast-featured-img":"","footer-sml-layout":"","theme-transparent-header-meta":"default","adv-header-id-meta":"","stick-header-meta":"","header-above-stick-meta":"","header-main-stick-meta":"","header-below-stick-meta":"","astra-migrate-meta-layouts":"set","_joinchat":[]},"product_cat":[234,153,155,33,59,100,87,34,158,356,157,154,152,58,84,156,63,32],"product_tag":[36,37,259,41,286],"class_list":["post-3874","product","type-product","status-publish","has-post-thumbnail","hentry","product_cat-60000-puffs-disposable-vape","product_cat-hot-disposable-vapes","product_cat-belgium-hot-disposable-vapes","product_cat-france-vape-hot-sale","product_cat-germany-hot-disposable-vape","product_cat-germany-wholesale-vape-shop","product_cat-minimum-order-quantity-50pcs","product_cat-netherlands-vape-good-sale","product_cat-norway-hot-disposable-vapes","product_cat-okso-vape","product_cat-poland-hot-disposable-vapes","product_cat-portugal-hot-disposable-vapes","product_cat-spain-hot-disposable-vapes","product_cat-sweden-hot-disposable-vape","product_cat-sweden-wholesale-vape","product_cat-switzerland-hot-disposable-vapes","product_cat-top-sale-disposable-vape","product_cat-vape-hot-sale-this-week","product_tag-good-vape","product_tag-hot-sale-disposable-vape","product_tag-okso-60000-puffs","product_tag-poland-hot-vape","product_tag-puffs-stock-in-europe","pa_brand-okso-vape","desktop-align-left","tablet-align-left","mobile-align-left"],"yoast_head":"<!-- This site is optimized with the Yoast SEO plugin v21.1 - https:\/\/yoast.com\/wordpress\/plugins\/seo\/ -->\n<title>Wholesale Vape OKSO 60000 Puffs Dual Flavor Disposable Device - vapebulkp.com<\/title>\n<meta name=\"description\" content=\"Get the OKSO 60000 Puffs Disposable Vape with dual flavors, mesh coil vape technology, and long-lasting performance. Available in 2% and 5% nicotine, perfect for European vapers seeking a high-capacity disposable vape.\" \/>\n<meta name=\"robots\" content=\"index, follow, max-snippet:-1, max-image-preview:large, max-video-preview:-1\" \/>\n<link rel=\"canonical\" href=\"https:\/\/vapebulkp.com\/cs\/product\/wholesale-vape-okso-60000-puffs-dual-flavor-disposable-device\/\" \/>\n<meta property=\"og:locale\" content=\"cs_CZ\" \/>\n<meta property=\"og:type\" content=\"article\" \/>\n<meta property=\"og:title\" content=\"Wholesale Vape OKSO 60000 Puffs Dual Flavor Disposable Device - vapebulkp.com\" \/>\n<meta property=\"og:description\" content=\"Get the OKSO 60000 Puffs Disposable Vape with dual flavors, mesh coil vape technology, and long-lasting performance. Available in 2% and 5% nicotine, perfect for European vapers seeking a high-capacity disposable vape.\" \/>\n<meta property=\"og:url\" content=\"https:\/\/vapebulkp.com\/cs\/product\/wholesale-vape-okso-60000-puffs-dual-flavor-disposable-device\/\" \/>\n<meta property=\"og:site_name\" content=\"vapebulkp.com\" \/>\n<meta property=\"article:modified_time\" content=\"2025-09-24T02:57:44+00:00\" \/>\n<meta property=\"og:image\" content=\"http:\/\/vapebulkp.com\/wp-content\/uploads\/2025\/06\/OKSO-60K-Puff-Vape-Dual-Flavor-Wholesale-Vape.webp\" \/>\n\t<meta property=\"og:image:width\" content=\"800\" \/>\n\t<meta property=\"og:image:height\" content=\"800\" \/>\n\t<meta property=\"og:image:type\" content=\"image\/webp\" \/>\n<meta name=\"twitter:card\" content=\"summary_large_image\" \/>\n<meta name=\"twitter:label1\" content=\"Odhadovan\u00e1 doba \u010dten\u00ed\" \/>\n\t<meta name=\"twitter:data1\" content=\"4 minuty\" \/>\n<script type=\"application\/ld+json\" class=\"yoast-schema-graph\">{\"@context\":\"https:\/\/schema.org\",\"@graph\":[{\"@type\":\"WebPage\",\"@id\":\"https:\/\/vapebulkp.com\/product\/wholesale-vape-okso-60000-puffs-dual-flavor-disposable-device\/\",\"url\":\"https:\/\/vapebulkp.com\/product\/wholesale-vape-okso-60000-puffs-dual-flavor-disposable-device\/\",\"name\":\"Wholesale Vape OKSO 60000 Puffs Dual Flavor Disposable Device - vapebulkp.com\",\"isPartOf\":{\"@id\":\"https:\/\/vapebulkp.com\/#website\"},\"datePublished\":\"2025-06-23T09:12:44+00:00\",\"dateModified\":\"2025-09-24T02:57:44+00:00\",\"description\":\"Get the OKSO 60000 Puffs Disposable Vape with dual flavors, mesh coil vape technology, and long-lasting performance. Available in 2% and 5% nicotine, perfect for European vapers seeking a high-capacity disposable vape.\",\"breadcrumb\":{\"@id\":\"https:\/\/vapebulkp.com\/product\/wholesale-vape-okso-60000-puffs-dual-flavor-disposable-device\/#breadcrumb\"},\"inLanguage\":\"cs\",\"potentialAction\":[{\"@type\":\"ReadAction\",\"target\":[\"https:\/\/vapebulkp.com\/product\/wholesale-vape-okso-60000-puffs-dual-flavor-disposable-device\/\"]}]},{\"@type\":\"BreadcrumbList\",\"@id\":\"https:\/\/vapebulkp.com\/product\/wholesale-vape-okso-60000-puffs-dual-flavor-disposable-device\/#breadcrumb\",\"itemListElement\":[{\"@type\":\"ListItem\",\"position\":1,\"name\":\"Home\",\"item\":\"https:\/\/vapebulkp.com\/\"},{\"@type\":\"ListItem\",\"position\":2,\"name\":\"Hot Trend Vapes\",\"item\":\"https:\/\/vapebulkp.com\/vape-shop\/\"},{\"@type\":\"ListItem\",\"position\":3,\"name\":\"Wholesale Vape OKSO 60000 Puffs Dual Flavor Disposable Device\"}]},{\"@type\":\"WebSite\",\"@id\":\"https:\/\/vapebulkp.com\/#website\",\"url\":\"https:\/\/vapebulkp.com\/\",\"name\":\"vapebulkp.com\",\"description\":\"Buy Vape In Cheap Bulk Price Near you\",\"publisher\":{\"@id\":\"https:\/\/vapebulkp.com\/#organization\"},\"potentialAction\":[{\"@type\":\"SearchAction\",\"target\":{\"@type\":\"EntryPoint\",\"urlTemplate\":\"https:\/\/vapebulkp.com\/?s={search_term_string}\"},\"query-input\":\"required name=search_term_string\"}],\"inLanguage\":\"cs\"},{\"@type\":\"Organization\",\"@id\":\"https:\/\/vapebulkp.com\/#organization\",\"name\":\"vapebulkp.com\",\"url\":\"https:\/\/vapebulkp.com\/\",\"logo\":{\"@type\":\"ImageObject\",\"inLanguage\":\"cs\",\"@id\":\"https:\/\/vapebulkp.com\/#\/schema\/logo\/image\/\",\"url\":\"https:\/\/vapebulkp.com\/wp-content\/uploads\/2023\/09\/cropped-vapebulkp.png\",\"contentUrl\":\"https:\/\/vapebulkp.com\/wp-content\/uploads\/2023\/09\/cropped-vapebulkp.png\",\"width\":516,\"height\":163,\"caption\":\"vapebulkp.com\"},\"image\":{\"@id\":\"https:\/\/vapebulkp.com\/#\/schema\/logo\/image\/\"}}]}<\/script>\n<!-- \/ Yoast SEO plugin. -->","yoast_head_json":{"title":"Wholesale Vape OKSO 60000 Puffs Dual Flavor Disposable Device - vapebulkp.com","description":"Get the OKSO 60000 Puffs Disposable Vape with dual flavors, mesh coil vape technology, and long-lasting performance. Available in 2% and 5% nicotine, perfect for European vapers seeking a high-capacity disposable vape.","robots":{"index":"index","follow":"follow","max-snippet":"max-snippet:-1","max-image-preview":"max-image-preview:large","max-video-preview":"max-video-preview:-1"},"canonical":"https:\/\/vapebulkp.com\/cs\/product\/wholesale-vape-okso-60000-puffs-dual-flavor-disposable-device\/","og_locale":"cs_CZ","og_type":"article","og_title":"Wholesale Vape OKSO 60000 Puffs Dual Flavor Disposable Device - vapebulkp.com","og_description":"Get the OKSO 60000 Puffs Disposable Vape with dual flavors, mesh coil vape technology, and long-lasting performance. Available in 2% and 5% nicotine, perfect for European vapers seeking a high-capacity disposable vape.","og_url":"https:\/\/vapebulkp.com\/cs\/product\/wholesale-vape-okso-60000-puffs-dual-flavor-disposable-device\/","og_site_name":"vapebulkp.com","article_modified_time":"2025-09-24T02:57:44+00:00","og_image":[{"width":800,"height":800,"url":"http:\/\/vapebulkp.com\/wp-content\/uploads\/2025\/06\/OKSO-60K-Puff-Vape-Dual-Flavor-Wholesale-Vape.webp","type":"image\/webp"}],"twitter_card":"summary_large_image","twitter_misc":{"Odhadovan\u00e1 doba \u010dten\u00ed":"4 minuty"},"schema":{"@context":"https:\/\/schema.org","@graph":[{"@type":"WebPage","@id":"https:\/\/vapebulkp.com\/product\/wholesale-vape-okso-60000-puffs-dual-flavor-disposable-device\/","url":"https:\/\/vapebulkp.com\/product\/wholesale-vape-okso-60000-puffs-dual-flavor-disposable-device\/","name":"Wholesale Vape OKSO 60000 Puffs Dual Flavor Disposable Device - vapebulkp.com","isPartOf":{"@id":"https:\/\/vapebulkp.com\/#website"},"datePublished":"2025-06-23T09:12:44+00:00","dateModified":"2025-09-24T02:57:44+00:00","description":"Get the OKSO 60000 Puffs Disposable Vape with dual flavors, mesh coil vape technology, and long-lasting performance. Available in 2% and 5% nicotine, perfect for European vapers seeking a high-capacity disposable vape.","breadcrumb":{"@id":"https:\/\/vapebulkp.com\/product\/wholesale-vape-okso-60000-puffs-dual-flavor-disposable-device\/#breadcrumb"},"inLanguage":"cs","potentialAction":[{"@type":"ReadAction","target":["https:\/\/vapebulkp.com\/product\/wholesale-vape-okso-60000-puffs-dual-flavor-disposable-device\/"]}]},{"@type":"BreadcrumbList","@id":"https:\/\/vapebulkp.com\/product\/wholesale-vape-okso-60000-puffs-dual-flavor-disposable-device\/#breadcrumb","itemListElement":[{"@type":"ListItem","position":1,"name":"Home","item":"https:\/\/vapebulkp.com\/"},{"@type":"ListItem","position":2,"name":"Hot Trend Vapes","item":"https:\/\/vapebulkp.com\/vape-shop\/"},{"@type":"ListItem","position":3,"name":"Wholesale Vape OKSO 60000 Puffs Dual Flavor Disposable Device"}]},{"@type":"WebSite","@id":"https:\/\/vapebulkp.com\/#website","url":"https:\/\/vapebulkp.com\/","name":"vapebulkp.com","description":"Buy Vape In Cheap Bulk Price Near you","publisher":{"@id":"https:\/\/vapebulkp.com\/#organization"},"potentialAction":[{"@type":"SearchAction","target":{"@type":"EntryPoint","urlTemplate":"https:\/\/vapebulkp.com\/?s={search_term_string}"},"query-input":"required name=search_term_string"}],"inLanguage":"cs"},{"@type":"Organization","@id":"https:\/\/vapebulkp.com\/#organization","name":"vapebulkp.com","url":"https:\/\/vapebulkp.com\/","logo":{"@type":"ImageObject","inLanguage":"cs","@id":"https:\/\/vapebulkp.com\/#\/schema\/logo\/image\/","url":"https:\/\/vapebulkp.com\/wp-content\/uploads\/2023\/09\/cropped-vapebulkp.png","contentUrl":"https:\/\/vapebulkp.com\/wp-content\/uploads\/2023\/09\/cropped-vapebulkp.png","width":516,"height":163,"caption":"vapebulkp.com"},"image":{"@id":"https:\/\/vapebulkp.com\/#\/schema\/logo\/image\/"}}]}},"uagb_featured_image_src":{"full":["https:\/\/vapebulkp.com\/wp-content\/uploads\/2025\/06\/OKSO-60K-Puff-Vape-Dual-Flavor-Wholesale-Vape.webp",800,800,false],"thumbnail":["https:\/\/vapebulkp.com\/wp-content\/uploads\/2025\/06\/OKSO-60K-Puff-Vape-Dual-Flavor-Wholesale-Vape-150x150.webp",150,150,true],"medium":["https:\/\/vapebulkp.com\/wp-content\/uploads\/2025\/06\/OKSO-60K-Puff-Vape-Dual-Flavor-Wholesale-Vape-300x300.webp",300,300,true],"medium_large":["https:\/\/vapebulkp.com\/wp-content\/uploads\/2025\/06\/OKSO-60K-Puff-Vape-Dual-Flavor-Wholesale-Vape-768x768.webp",768,768,true],"large":["https:\/\/vapebulkp.com\/wp-content\/uploads\/2025\/06\/OKSO-60K-Puff-Vape-Dual-Flavor-Wholesale-Vape.webp",800,800,false],"1536x1536":["https:\/\/vapebulkp.com\/wp-content\/uploads\/2025\/06\/OKSO-60K-Puff-Vape-Dual-Flavor-Wholesale-Vape.webp",800,800,false],"2048x2048":["https:\/\/vapebulkp.com\/wp-content\/uploads\/2025\/06\/OKSO-60K-Puff-Vape-Dual-Flavor-Wholesale-Vape.webp",800,800,false],"trp-custom-language-flag":["https:\/\/vapebulkp.com\/wp-content\/uploads\/2025\/06\/OKSO-60K-Puff-Vape-Dual-Flavor-Wholesale-Vape.webp",12,12,false],"woocommerce_thumbnail":["https:\/\/vapebulkp.com\/wp-content\/uploads\/2025\/06\/OKSO-60K-Puff-Vape-Dual-Flavor-Wholesale-Vape-300x300.webp",300,300,true],"woocommerce_single":["https:\/\/vapebulkp.com\/wp-content\/uploads\/2025\/06\/OKSO-60K-Puff-Vape-Dual-Flavor-Wholesale-Vape-600x600.webp",600,600,true],"woocommerce_gallery_thumbnail":["https:\/\/vapebulkp.com\/wp-content\/uploads\/2025\/06\/OKSO-60K-Puff-Vape-Dual-Flavor-Wholesale-Vape-100x100.webp",100,100,true],"wcpr-photo-reviews":["https:\/\/vapebulkp.com\/wp-content\/uploads\/2025\/06\/OKSO-60K-Puff-Vape-Dual-Flavor-Wholesale-Vape.webp",500,500,false]},"uagb_author_info":{"display_name":"Mandy vape bulk price","author_link":"https:\/\/vapebulkp.com\/cs\/author\/"},"uagb_comment_info":0,"uagb_excerpt":"Shop the OKSO 60k Puffs rechargeable disposable vape with dual flavour design, mesh coil, and 50ml e-liquid. A long-lasting nicotine vape ideal for EU customers seeking rich taste and smooth clouds. Pls Contact Mandy's WhatsApp For Discount Price+8618077105796 NOTE: Prices on our website does not include shipping costs Main reason for purchase 1. Excellent quality&hellip;","_links":{"self":[{"href":"https:\/\/vapebulkp.com\/cs\/wp-json\/wp\/v2\/product\/3874","targetHints":{"allow":["GET"]}}],"collection":[{"href":"https:\/\/vapebulkp.com\/cs\/wp-json\/wp\/v2\/product"}],"about":[{"href":"https:\/\/vapebulkp.com\/cs\/wp-json\/wp\/v2\/types\/product"}],"replies":[{"embeddable":true,"href":"https:\/\/vapebulkp.com\/cs\/wp-json\/wp\/v2\/comments?post=3874"}],"wp:featuredmedia":[{"embeddable":true,"href":"https:\/\/vapebulkp.com\/cs\/wp-json\/wp\/v2\/media\/3869"}],"wp:attachment":[{"href":"https:\/\/vapebulkp.com\/cs\/wp-json\/wp\/v2\/media?parent=3874"}],"wp:term":[{"taxonomy":"product_cat","embeddable":true,"href":"https:\/\/vapebulkp.com\/cs\/wp-json\/wp\/v2\/product_cat?post=3874"},{"taxonomy":"product_tag","embeddable":true,"href":"https:\/\/vapebulkp.com\/cs\/wp-json\/wp\/v2\/product_tag?post=3874"}],"curies":[{"name":"wp","href":"https:\/\/api.w.org\/{rel}","templated":true}]}}