{"id":1589,"date":"2023-09-27T05:31:36","date_gmt":"2023-09-27T03:31:36","guid":{"rendered":"https:\/\/vapebulkp.com\/?post_type=product&#038;p=1589"},"modified":"2025-09-24T05:12:57","modified_gmt":"2025-09-24T03:12:57","slug":"bang-box-12000puffs-good-vape-sweden-wholesale-price","status":"publish","type":"product","link":"https:\/\/vapebulkp.com\/da\/product\/bang-box-12000puffs-good-vape-sweden-wholesale-price\/","title":{"rendered":"Bang Box 12000Puffs God Vape Danmark Engrospris"},"content":{"rendered":"<h2 style=\"text-align: left\">Bang Box 12000Puffs God Vape Danmark Engrospris<\/h2>\n<p data-start=\"172\" data-end=\"513\">Den <strong data-start=\"216\" data-end=\"239\">Bang Box 12000 pust<\/strong> er en h\u00f8jtydende <a href=\"https:\/\/vapebulkp.com\/da\/product-category\/12000-puffs-disposable-vape\/\"><strong data-start=\"262\" data-end=\"293\">12000 sug engangs-vape<\/strong><\/a> designet til europ\u00e6iske dampere, der s\u00f8ger bekvemmelighed, stil og langvarig kraft. Udstyret med et 650mAh genopladeligt batteri og Type-C hurtigopladning leverer den uafbrudt dampning til daglig brug eller sociale sammenh\u00e6nge.<\/p>\n<p data-start=\"515\" data-end=\"797\">Med 23 ml premium nikotinsalt e-v\u00e6ske (2%, 5%) giver Bang Box j\u00e6vne, smagfulde sug med ensartet damp. Avanceret mesh coil-teknologi sikrer t\u00e6tte skyer og forbedret smag med hvert sug, mens LED-farvelys tilf\u00f8jer et moderne, i\u00f8jnefaldende touch.<\/p>\n<p data-start=\"799\" data-end=\"1083\">Kompakt, holdbar og let at b\u00e6re, <strong>Hot Salg Vape<\/strong> <strong data-start=\"840\" data-end=\"863\">Bang Box 12000 pust<\/strong> er ideel til b\u00e5de individuel brug og engrosdistribution af vapes. Dens h\u00f8je kapacitet, genopladelige design og levende ydeevne g\u00f8r den til et topvalg for forhandlere, der \u00f8nsker at levere premium engangs-vapes i hele Europa.<\/p>\n<h6 style=\"text-align: left\">\u00a0 \u00a0\u00a0<img decoding=\"async\" class=\"alignnone size-full wp-image-1698\" src=\"http:\/\/vapebulkp.com\/wp-content\/uploads\/2023\/09\/BANG-BOX-12000VAPE-POD-1.png\" alt=\"\" width=\"805\" height=\"449\" srcset=\"https:\/\/vapebulkp.com\/wp-content\/uploads\/2023\/09\/BANG-BOX-12000VAPE-POD-1.png 805w, https:\/\/vapebulkp.com\/wp-content\/uploads\/2023\/09\/BANG-BOX-12000VAPE-POD-1-300x167.png 300w, https:\/\/vapebulkp.com\/wp-content\/uploads\/2023\/09\/BANG-BOX-12000VAPE-POD-1-768x428.png 768w, https:\/\/vapebulkp.com\/wp-content\/uploads\/2023\/09\/BANG-BOX-12000VAPE-POD-1-600x335.png 600w\" sizes=\"(max-width: 805px) 100vw, 805px\" \/><\/h6>\n<h6>Kontakt venligst Mandys WhatsApp for rabatpris<a href=\"https:\/\/wa.me\/8618077105796\">+8618077105796<\/a><\/h6>\n<p><img decoding=\"async\" class=\"alignnone wp-image-2151\" src=\"http:\/\/vapebulkp.com\/wp-content\/uploads\/2024\/04\/Mandy-WhatsApp-Randm.jpg\" alt=\"Mandy WhatsApp Randm\" width=\"287\" height=\"305\" srcset=\"https:\/\/vapebulkp.com\/wp-content\/uploads\/2024\/04\/Mandy-WhatsApp-Randm.jpg 916w, https:\/\/vapebulkp.com\/wp-content\/uploads\/2024\/04\/Mandy-WhatsApp-Randm-282x300.jpg 282w, https:\/\/vapebulkp.com\/wp-content\/uploads\/2024\/04\/Mandy-WhatsApp-Randm-768x817.jpg 768w, https:\/\/vapebulkp.com\/wp-content\/uploads\/2024\/04\/Mandy-WhatsApp-Randm-600x638.jpg 600w\" sizes=\"(max-width: 287px) 100vw, 287px\" \/><\/p>\n<h2>T\u00e6nkte, du m\u00e5ske ville vide noget om Bang Box 12000 Puffs Disposable VAPE:<\/h2>\n<h5>1. Hvordan bruger man Bang Box 12000 Puffs Vape Pen?<\/h5>\n<p>Trin 1. F\u00f8r brug af 12k pust, fjern plastikr\u00f8ret.<\/p>\n<p>Trin 2. Vent ca. 3 minutter for at lade v\u00e6sken komme ind i spolen indeni.<\/p>\n<p>Trin 3. Nyd den<\/p>\n<h5>2. HVORDAN OPLADER MAN ENGANGS VAPE Bang Box 12000 PUFFS ENHED?<\/h5>\n<p>Opladere til hurtigopladning kan ikke anvendes. Den sikre standardstr\u00f8m til engangs-e-cigaretter er 5V 1A.<\/p>\n<p>Hver opladning m\u00e5 ikke overskride 1 time, og den sikre opladningstid er en halv time.<\/p>\n<p><span style=\"color: #ff6600\">Bem\u00e6rk: kan ikke oplade hele natten!<\/span><\/p>\n<h5>3. Hvad er e-v\u00e6ske kapaciteten p\u00e5 Bang Box 12000 Puffs WAPE?<\/h5>\n<p>\u2014\u201423ml<\/p>\n<h5>4. Hvor mange sug kan jeg tage af denne Bang Box 12000 Puffs?<\/h5>\n<p>\u2014\u201312000 Puffs<\/p>\n<h3>Bang Box 12000 Puffs Engros Engangs Vape Pod Funktioner:<\/h3>\n<p>Op til 12000 sug<br \/>\nV\u00e6ske: 23 ml e-v\u00e6ske<br \/>\nNik: 0% 2% 3% 5%<br \/>\nTyper: Engangs<br \/>\n650mAh batteri<br \/>\nType-c genopladelig<br \/>\nmesh coil<br \/>\nLED farvelys<\/p>\n<p>&nbsp;<\/p>\n<h3><strong>Hvad er de bedste Bang Box 12000 Puffs smagsvarianter?<\/strong><\/h3>\n<p>1) Jordb\u00e6r Banan<br \/>\n2) Kiwi Passionsfrugt Guava<br \/>\n3) Bl\u00e5 hindb\u00e6r is<br \/>\n4) Gummibj\u00f8rn<br \/>\n5) Appelsinsodavand<br \/>\n6) Vandmelon Bubble Gum<br \/>\n7) Jordb\u00e6r Kiwi<br \/>\n8) Jordb\u00e6r Vandmelon<br \/>\n9) Sort Drage Ice<br \/>\n10) K\u00f8lig mynte<br \/>\n11) Sur \u00c6ble Hindb\u00e6r<br \/>\n12) Jordb\u00e6r Juice<\/p>\n<p><a href=\"https:\/\/vapebulkp.com\/da\/product\/popular-randm-tornado-7000puffs-disposable-vape-best-price\/\"><span style=\"vertical-align: inherit\">RandM Tornado 7000 pust <\/span><\/a><\/p>\n<p><span style=\"vertical-align: inherit\">Find flere produkter du m\u00e5ske kan lide:<\/span><em><a href=\"https:\/\/wa.me\/8618077105796\"><span style=\"vertical-align: inherit\">\u00a0K\u00f8b den nu<\/span><\/a><\/em><\/p>\n<p><span style=\"vertical-align: inherit\">Andre Puffs du m\u00e5ske kan lide:<\/span><a href=\"https:\/\/vapebulkp.com\/da\/product\/joymy-ultra15000puffs-best-disposable-vape-2023\/\"><span style=\"vertical-align: inherit\">JOYMY 15000 pust<\/span><\/a><span style=\"vertical-align: inherit\">\u3001<\/span><a href=\"https:\/\/vapebulkp.com\/da\/product\/wholesale-randm-tornado-9000-puffs-germany\/\"><span style=\"vertical-align: inherit\">RandM 9000 sug<\/span><\/a><span style=\"vertical-align: inherit\">\/ <\/span><a href=\"https:\/\/vapebulkp.com\/da\/product\/bang-king-12000puffs\/\"><span style=\"vertical-align: inherit\">Bang King 12000 pust<\/span><\/a><span style=\"vertical-align: inherit\">\/ <\/span><a href=\"https:\/\/vapebulkp.com\/da\/product\/wholesale-tornado-rum-bar-9000-puffs-sweden\/\"><span style=\"vertical-align: inherit\">Rumbar 9000 pust<\/span><\/a><\/p>\n<p><span style=\"vertical-align: inherit\">E-cigaret flaske med special form:<\/span><a href=\"https:\/\/vapebulkp.com\/da\/product\/wholesale-kulx-8000-puffs-disposable-vape\/\"><span style=\"vertical-align: inherit\">\u00a0Kulx 8000 pust<\/span><\/a><span style=\"vertical-align: inherit\">\/ <\/span><a href=\"https:\/\/vapebulkp.com\/da\/product\/popular-bang-king-10000-puffs-vape-good-price\/\"><span style=\"vertical-align: inherit\">\u00a0Bang King 10000 pust <\/span><\/a><span style=\"vertical-align: inherit\">\/<\/span><a href=\"https:\/\/vapebulkp.com\/da\/product\/disposable-vape-crystal-600-puffs\/\"><span style=\"vertical-align: inherit\"> Crystal 600 pust<\/span><\/a><\/p>\n<h5>Produktionskvalifikation:<\/h5>\n<p><img decoding=\"async\" class=\"alignnone size-full wp-image-1841\" src=\"http:\/\/vapebulkp.com\/wp-content\/uploads\/2023\/11\/Vape-production-process-2.jpeg\" alt=\"Vape produktionsproces\" width=\"650\" height=\"434\" srcset=\"https:\/\/vapebulkp.com\/wp-content\/uploads\/2023\/11\/Vape-production-process-2.jpeg 650w, https:\/\/vapebulkp.com\/wp-content\/uploads\/2023\/11\/Vape-production-process-2-300x200.jpeg 300w, https:\/\/vapebulkp.com\/wp-content\/uploads\/2023\/11\/Vape-production-process-2-600x401.jpeg 600w\" sizes=\"(max-width: 650px) 100vw, 650px\" \/><\/p>\n<p><img decoding=\"async\" class=\"alignnone size-full wp-image-1843\" src=\"http:\/\/vapebulkp.com\/wp-content\/uploads\/2023\/11\/Vape-production-process.jpeg\" alt=\"Vape produktionsproces\" width=\"641\" height=\"1026\" srcset=\"https:\/\/vapebulkp.com\/wp-content\/uploads\/2023\/11\/Vape-production-process.jpeg 641w, https:\/\/vapebulkp.com\/wp-content\/uploads\/2023\/11\/Vape-production-process-187x300.jpeg 187w, https:\/\/vapebulkp.com\/wp-content\/uploads\/2023\/11\/Vape-production-process-640x1024.jpeg 640w, https:\/\/vapebulkp.com\/wp-content\/uploads\/2023\/11\/Vape-production-process-600x960.jpeg 600w\" sizes=\"(max-width: 641px) 100vw, 641px\" \/><\/p>\n<h4>Ofte stillede sp\u00f8rgsm\u00e5l:<\/h4>\n<p>Sp: Hvad er MOQ for Bang Box 12000Puffs?<br \/>\nA: Minimumsbestilling er 100 stk.<br \/>\nQ: Hvad er leveringstiden for den bestilte vape?<br \/>\nA: Normalt 10-15 dage efter afsendelse<br \/>\nQ: Hvor meget er forsendelsesomkostningerne? A: Forsendelsesomkostningerne afh\u00e6nger af v\u00e6gten. Forskellige m\u00e6ngder har forskellige forsendelsesomkostninger, kontakt os venligst for at bekr\u00e6fte forsendelsesomkostningerne.<\/p>\n<h4>Forsendelsesdetaljer:<\/h4>\n<p><span style=\"color: #ff6600\">Produktionstid: 5-10 arbejdsdage<\/span><br \/>\n<span style=\"color: #ff6600\">Leveringstid: 8-14 arbejdsdage<\/span><\/p>\n<p>Alle produkter i vores butik er 100% originale og autentiske, s\u00e5 ti gange kompensation for falske varer er vores butikspolitik. Vi bruger logistikkanaler som UPS\/DHL\/FEDEX\/DPD til at levere varer til dig.<\/p>\n<p>For pakker sendt til Danmark tager det normalt 10 arbejdsdage at ankomme. Forsendelse til europ\u00e6iske lande tager normalt 12 til 15 arbejdsdage at ankomme. Vi vil opdatere logistikinformationen for dig i realtid.<\/p>","protected":false},"excerpt":{"rendered":"<p>Bang Box 12000 Puffs Engros Vape Danmark Engrospris ergonomisk design passer perfekt i din h\u00e5nd. L\u00f8ft din vapingoplevelse med Bang Box 12000 Puffs engangs-e-cigaret og oplev vaping som aldrig f\u00f8r.<\/p>\n<p><img decoding=\"async\" class=\"alignnone wp-image-2151\" src=\"http:\/\/vapebulkp.com\/wp-content\/uploads\/2024\/04\/Mandy-WhatsApp-Randm.jpg\" alt=\"Mandy WhatsApp Randm\" width=\"234\" height=\"249\" srcset=\"https:\/\/vapebulkp.com\/wp-content\/uploads\/2024\/04\/Mandy-WhatsApp-Randm.jpg 916w, https:\/\/vapebulkp.com\/wp-content\/uploads\/2024\/04\/Mandy-WhatsApp-Randm-282x300.jpg 282w, https:\/\/vapebulkp.com\/wp-content\/uploads\/2024\/04\/Mandy-WhatsApp-Randm-768x817.jpg 768w, https:\/\/vapebulkp.com\/wp-content\/uploads\/2024\/04\/Mandy-WhatsApp-Randm-600x638.jpg 600w\" sizes=\"(max-width: 234px) 100vw, 234px\" \/><\/p>\n<p>Kontakt venligst Mandys WhatsApp for rabatpris<a href=\"https:\/\/wa.me\/8618077105796\">+8618077105796<\/a><\/p>\n<p><span style=\"color: #ff0000\">BEM\u00c6RK: Priserne p\u00e5 vores hjemmeside inkluderer ikke forsendelsesomkostninger<\/span><\/p>\n<p>&nbsp;<\/p>","protected":false},"featured_media":1693,"comment_status":"open","ping_status":"closed","template":"","meta":{"_uag_custom_page_level_css":"","_lmt_disableupdate":"no","_lmt_disable":"","site-sidebar-layout":"default","site-content-layout":"content-boxed-container","ast-site-content-layout":"normal-width-container","site-content-style":"boxed","site-sidebar-style":"unboxed","ast-global-header-display":"","ast-banner-title-visibility":"","ast-main-header-display":"","ast-hfb-above-header-display":"","ast-hfb-below-header-display":"","ast-hfb-mobile-header-display":"","site-post-title":"","ast-breadcrumbs-content":"","ast-featured-img":"","footer-sml-layout":"","theme-transparent-header-meta":"default","adv-header-id-meta":"","stick-header-meta":"","header-above-stick-meta":"","header-main-stick-meta":"","header-below-stick-meta":"","astra-migrate-meta-layouts":"set","_joinchat":[]},"product_cat":[166,153,345,155,33,59,100,34,158,157,154,152,58,84,156,63,32],"product_tag":[45,36,37,41,40],"class_list":["post-1589","product","type-product","status-publish","has-post-thumbnail","hentry","product_cat-12000-puffs-disposable-vape","product_cat-hot-disposable-vapes","product_cat-bang-vapes","product_cat-belgium-hot-disposable-vapes","product_cat-france-vape-hot-sale","product_cat-germany-hot-disposable-vape","product_cat-germany-wholesale-vape-shop","product_cat-netherlands-vape-good-sale","product_cat-norway-hot-disposable-vapes","product_cat-poland-hot-disposable-vapes","product_cat-portugal-hot-disposable-vapes","product_cat-spain-hot-disposable-vapes","product_cat-sweden-hot-disposable-vape","product_cat-sweden-wholesale-vape","product_cat-switzerland-hot-disposable-vapes","product_cat-top-sale-disposable-vape","product_cat-vape-hot-sale-this-week","product_tag-12000puffs-good-vape","product_tag-good-vape","product_tag-hot-sale-disposable-vape","product_tag-poland-hot-vape","product_tag-sweden-hot-vape","pa_brand-bang-vape","desktop-align-left","tablet-align-left","mobile-align-left"],"yoast_head":"<!-- This site is optimized with the Yoast SEO plugin v21.1 - https:\/\/yoast.com\/wordpress\/plugins\/seo\/ -->\n<title>Bang Box 12000Puffs Good Vape Sweden Wholesale Price - vapebulkp.com<\/title>\n<meta name=\"description\" content=\"Bang Box 12000Puffs Good Vape Sweden Wholesale Price ergonomic design fits perfectly in your hand .Elevate your vaping game with the Bang Box 12000Puffs Disposable E-Cigarette and experience vaping like never before.\" \/>\n<meta name=\"robots\" content=\"index, follow, max-snippet:-1, max-image-preview:large, max-video-preview:-1\" \/>\n<link rel=\"canonical\" href=\"https:\/\/vapebulkp.com\/da\/product\/bang-box-12000puffs-good-vape-sweden-wholesale-price\/\" \/>\n<meta property=\"og:locale\" content=\"da_DK\" \/>\n<meta property=\"og:type\" content=\"article\" \/>\n<meta property=\"og:title\" content=\"Bang Box 12000Puffs Good Vape Sweden Wholesale Price - vapebulkp.com\" \/>\n<meta property=\"og:description\" content=\"Bang Box 12000Puffs Good Vape Sweden Wholesale Price ergonomic design fits perfectly in your hand .Elevate your vaping game with the Bang Box 12000Puffs Disposable E-Cigarette and experience vaping like never before.\" \/>\n<meta property=\"og:url\" content=\"https:\/\/vapebulkp.com\/da\/product\/bang-box-12000puffs-good-vape-sweden-wholesale-price\/\" \/>\n<meta property=\"og:site_name\" content=\"vapebulkp.com\" \/>\n<meta property=\"article:modified_time\" content=\"2025-09-24T03:12:57+00:00\" \/>\n<meta property=\"og:image\" content=\"http:\/\/vapebulkp.com\/wp-content\/uploads\/2023\/09\/bang-box-12k-puff-1.jpg\" \/>\n\t<meta property=\"og:image:width\" content=\"2330\" \/>\n\t<meta property=\"og:image:height\" content=\"1747\" \/>\n\t<meta property=\"og:image:type\" content=\"image\/jpeg\" \/>\n<meta name=\"twitter:card\" content=\"summary_large_image\" \/>\n<meta name=\"twitter:label1\" content=\"Estimeret l\u00e6setid\" \/>\n\t<meta name=\"twitter:data1\" content=\"4 minutter\" \/>\n<script type=\"application\/ld+json\" class=\"yoast-schema-graph\">{\"@context\":\"https:\/\/schema.org\",\"@graph\":[{\"@type\":\"WebPage\",\"@id\":\"https:\/\/vapebulkp.com\/product\/bang-box-12000puffs-good-vape-sweden-wholesale-price\/\",\"url\":\"https:\/\/vapebulkp.com\/product\/bang-box-12000puffs-good-vape-sweden-wholesale-price\/\",\"name\":\"Bang Box 12000Puffs Good Vape Sweden Wholesale Price - vapebulkp.com\",\"isPartOf\":{\"@id\":\"https:\/\/vapebulkp.com\/#website\"},\"datePublished\":\"2023-09-27T03:31:36+00:00\",\"dateModified\":\"2025-09-24T03:12:57+00:00\",\"description\":\"Bang Box 12000Puffs Good Vape Sweden Wholesale Price ergonomic design fits perfectly in your hand .Elevate your vaping game with the Bang Box 12000Puffs Disposable E-Cigarette and experience vaping like never before.\",\"breadcrumb\":{\"@id\":\"https:\/\/vapebulkp.com\/product\/bang-box-12000puffs-good-vape-sweden-wholesale-price\/#breadcrumb\"},\"inLanguage\":\"da-DK\",\"potentialAction\":[{\"@type\":\"ReadAction\",\"target\":[\"https:\/\/vapebulkp.com\/product\/bang-box-12000puffs-good-vape-sweden-wholesale-price\/\"]}]},{\"@type\":\"BreadcrumbList\",\"@id\":\"https:\/\/vapebulkp.com\/product\/bang-box-12000puffs-good-vape-sweden-wholesale-price\/#breadcrumb\",\"itemListElement\":[{\"@type\":\"ListItem\",\"position\":1,\"name\":\"Home\",\"item\":\"https:\/\/vapebulkp.com\/\"},{\"@type\":\"ListItem\",\"position\":2,\"name\":\"Hot Trend Vapes\",\"item\":\"https:\/\/vapebulkp.com\/vape-shop\/\"},{\"@type\":\"ListItem\",\"position\":3,\"name\":\"Bang Box 12000Puffs Good Vape Sweden Wholesale Price\"}]},{\"@type\":\"WebSite\",\"@id\":\"https:\/\/vapebulkp.com\/#website\",\"url\":\"https:\/\/vapebulkp.com\/\",\"name\":\"vapebulkp.com\",\"description\":\"Buy Vape In Cheap Bulk Price Near you\",\"publisher\":{\"@id\":\"https:\/\/vapebulkp.com\/#organization\"},\"potentialAction\":[{\"@type\":\"SearchAction\",\"target\":{\"@type\":\"EntryPoint\",\"urlTemplate\":\"https:\/\/vapebulkp.com\/?s={search_term_string}\"},\"query-input\":\"required name=search_term_string\"}],\"inLanguage\":\"da-DK\"},{\"@type\":\"Organization\",\"@id\":\"https:\/\/vapebulkp.com\/#organization\",\"name\":\"vapebulkp.com\",\"url\":\"https:\/\/vapebulkp.com\/\",\"logo\":{\"@type\":\"ImageObject\",\"inLanguage\":\"da-DK\",\"@id\":\"https:\/\/vapebulkp.com\/#\/schema\/logo\/image\/\",\"url\":\"https:\/\/vapebulkp.com\/wp-content\/uploads\/2023\/09\/cropped-vapebulkp.png\",\"contentUrl\":\"https:\/\/vapebulkp.com\/wp-content\/uploads\/2023\/09\/cropped-vapebulkp.png\",\"width\":516,\"height\":163,\"caption\":\"vapebulkp.com\"},\"image\":{\"@id\":\"https:\/\/vapebulkp.com\/#\/schema\/logo\/image\/\"}}]}<\/script>\n<!-- \/ Yoast SEO plugin. -->","yoast_head_json":{"title":"Bang Box 12000Puffs Good Vape Sweden Wholesale Price - vapebulkp.com","description":"Bang Box 12000Puffs Good Vape Sweden Wholesale Price ergonomic design fits perfectly in your hand .Elevate your vaping game with the Bang Box 12000Puffs Disposable E-Cigarette and experience vaping like never before.","robots":{"index":"index","follow":"follow","max-snippet":"max-snippet:-1","max-image-preview":"max-image-preview:large","max-video-preview":"max-video-preview:-1"},"canonical":"https:\/\/vapebulkp.com\/da\/product\/bang-box-12000puffs-good-vape-sweden-wholesale-price\/","og_locale":"da_DK","og_type":"article","og_title":"Bang Box 12000Puffs Good Vape Sweden Wholesale Price - vapebulkp.com","og_description":"Bang Box 12000Puffs Good Vape Sweden Wholesale Price ergonomic design fits perfectly in your hand .Elevate your vaping game with the Bang Box 12000Puffs Disposable E-Cigarette and experience vaping like never before.","og_url":"https:\/\/vapebulkp.com\/da\/product\/bang-box-12000puffs-good-vape-sweden-wholesale-price\/","og_site_name":"vapebulkp.com","article_modified_time":"2025-09-24T03:12:57+00:00","og_image":[{"width":2330,"height":1747,"url":"http:\/\/vapebulkp.com\/wp-content\/uploads\/2023\/09\/bang-box-12k-puff-1.jpg","type":"image\/jpeg"}],"twitter_card":"summary_large_image","twitter_misc":{"Estimeret l\u00e6setid":"4 minutter"},"schema":{"@context":"https:\/\/schema.org","@graph":[{"@type":"WebPage","@id":"https:\/\/vapebulkp.com\/product\/bang-box-12000puffs-good-vape-sweden-wholesale-price\/","url":"https:\/\/vapebulkp.com\/product\/bang-box-12000puffs-good-vape-sweden-wholesale-price\/","name":"Bang Box 12000Puffs Good Vape Sweden Wholesale Price - vapebulkp.com","isPartOf":{"@id":"https:\/\/vapebulkp.com\/#website"},"datePublished":"2023-09-27T03:31:36+00:00","dateModified":"2025-09-24T03:12:57+00:00","description":"Bang Box 12000Puffs Good Vape Sweden Wholesale Price ergonomic design fits perfectly in your hand .Elevate your vaping game with the Bang Box 12000Puffs Disposable E-Cigarette and experience vaping like never before.","breadcrumb":{"@id":"https:\/\/vapebulkp.com\/product\/bang-box-12000puffs-good-vape-sweden-wholesale-price\/#breadcrumb"},"inLanguage":"da-DK","potentialAction":[{"@type":"ReadAction","target":["https:\/\/vapebulkp.com\/product\/bang-box-12000puffs-good-vape-sweden-wholesale-price\/"]}]},{"@type":"BreadcrumbList","@id":"https:\/\/vapebulkp.com\/product\/bang-box-12000puffs-good-vape-sweden-wholesale-price\/#breadcrumb","itemListElement":[{"@type":"ListItem","position":1,"name":"Home","item":"https:\/\/vapebulkp.com\/"},{"@type":"ListItem","position":2,"name":"Hot Trend Vapes","item":"https:\/\/vapebulkp.com\/vape-shop\/"},{"@type":"ListItem","position":3,"name":"Bang Box 12000Puffs Good Vape Sweden Wholesale Price"}]},{"@type":"WebSite","@id":"https:\/\/vapebulkp.com\/#website","url":"https:\/\/vapebulkp.com\/","name":"vapebulkp.com","description":"Buy Vape In Cheap Bulk Price Near you","publisher":{"@id":"https:\/\/vapebulkp.com\/#organization"},"potentialAction":[{"@type":"SearchAction","target":{"@type":"EntryPoint","urlTemplate":"https:\/\/vapebulkp.com\/?s={search_term_string}"},"query-input":"required name=search_term_string"}],"inLanguage":"da-DK"},{"@type":"Organization","@id":"https:\/\/vapebulkp.com\/#organization","name":"vapebulkp.com","url":"https:\/\/vapebulkp.com\/","logo":{"@type":"ImageObject","inLanguage":"da-DK","@id":"https:\/\/vapebulkp.com\/#\/schema\/logo\/image\/","url":"https:\/\/vapebulkp.com\/wp-content\/uploads\/2023\/09\/cropped-vapebulkp.png","contentUrl":"https:\/\/vapebulkp.com\/wp-content\/uploads\/2023\/09\/cropped-vapebulkp.png","width":516,"height":163,"caption":"vapebulkp.com"},"image":{"@id":"https:\/\/vapebulkp.com\/#\/schema\/logo\/image\/"}}]}},"uagb_featured_image_src":{"full":["https:\/\/vapebulkp.com\/wp-content\/uploads\/2023\/09\/bang-box-12k-puff-1.jpg",2330,1747,false],"thumbnail":["https:\/\/vapebulkp.com\/wp-content\/uploads\/2023\/09\/bang-box-12k-puff-1-150x150.jpg",150,150,true],"medium":["https:\/\/vapebulkp.com\/wp-content\/uploads\/2023\/09\/bang-box-12k-puff-1-300x225.jpg",300,225,true],"medium_large":["https:\/\/vapebulkp.com\/wp-content\/uploads\/2023\/09\/bang-box-12k-puff-1-768x576.jpg",768,576,true],"large":["https:\/\/vapebulkp.com\/wp-content\/uploads\/2023\/09\/bang-box-12k-puff-1-1024x768.jpg",1024,768,true],"1536x1536":["https:\/\/vapebulkp.com\/wp-content\/uploads\/2023\/09\/bang-box-12k-puff-1-1536x1152.jpg",1536,1152,true],"2048x2048":["https:\/\/vapebulkp.com\/wp-content\/uploads\/2023\/09\/bang-box-12k-puff-1-2048x1536.jpg",2048,1536,true],"trp-custom-language-flag":["https:\/\/vapebulkp.com\/wp-content\/uploads\/2023\/09\/bang-box-12k-puff-1.jpg",16,12,false],"woocommerce_thumbnail":["https:\/\/vapebulkp.com\/wp-content\/uploads\/2023\/09\/bang-box-12k-puff-1-300x300.jpg",300,300,true],"woocommerce_single":["https:\/\/vapebulkp.com\/wp-content\/uploads\/2023\/09\/bang-box-12k-puff-1-600x450.jpg",600,450,true],"woocommerce_gallery_thumbnail":["https:\/\/vapebulkp.com\/wp-content\/uploads\/2023\/09\/bang-box-12k-puff-1-100x100.jpg",100,100,true],"wcpr-photo-reviews":["https:\/\/vapebulkp.com\/wp-content\/uploads\/2023\/09\/bang-box-12k-puff-1.jpg",500,375,false]},"uagb_author_info":{"display_name":"Mandy vape bulk price","author_link":"https:\/\/vapebulkp.com\/da\/author\/"},"uagb_comment_info":1,"uagb_excerpt":"Bang Box 12000 Puffs Wholesale Vape Sweden Wholesale Price ergonomic design fits perfectly in your hand .Elevate your vaping game with the Bang Box 12000Puffs Disposable E-Cigarette and experience vaping like never before. Pls Contact Mandy's WhatsApp For Discount Price+8618077105796 NOTE: Prices on our website does not include shipping costs &nbsp;","_links":{"self":[{"href":"https:\/\/vapebulkp.com\/da\/wp-json\/wp\/v2\/product\/1589","targetHints":{"allow":["GET"]}}],"collection":[{"href":"https:\/\/vapebulkp.com\/da\/wp-json\/wp\/v2\/product"}],"about":[{"href":"https:\/\/vapebulkp.com\/da\/wp-json\/wp\/v2\/types\/product"}],"replies":[{"embeddable":true,"href":"https:\/\/vapebulkp.com\/da\/wp-json\/wp\/v2\/comments?post=1589"}],"wp:featuredmedia":[{"embeddable":true,"href":"https:\/\/vapebulkp.com\/da\/wp-json\/wp\/v2\/media\/1693"}],"wp:attachment":[{"href":"https:\/\/vapebulkp.com\/da\/wp-json\/wp\/v2\/media?parent=1589"}],"wp:term":[{"taxonomy":"product_cat","embeddable":true,"href":"https:\/\/vapebulkp.com\/da\/wp-json\/wp\/v2\/product_cat?post=1589"},{"taxonomy":"product_tag","embeddable":true,"href":"https:\/\/vapebulkp.com\/da\/wp-json\/wp\/v2\/product_tag?post=1589"}],"curies":[{"name":"wp","href":"https:\/\/api.w.org\/{rel}","templated":true}]}}