{"id":1628,"date":"2023-09-28T10:07:00","date_gmt":"2023-09-28T08:07:00","guid":{"rendered":"https:\/\/vapebulkp.com\/?post_type=product&#038;p=1628"},"modified":"2025-09-24T05:22:20","modified_gmt":"2025-09-24T03:22:20","slug":"popular-bang-king-10000-puffs-vape-good-price","status":"publish","type":"product","link":"https:\/\/vapebulkp.com\/da\/product\/popular-bang-king-10000-puffs-vape-good-price\/","title":{"rendered":"Popul\u00e6r Bang King 10000 Puffs Vape God pris"},"content":{"rendered":"<h2>Bang King 10000 Pust God Engangs Vape<\/h2>\n<p>Den popul\u00e6re Bang King 10000 Puffs Engangs Vape er en f\u00f8rsteklasses engangs vape med h\u00f8j kapacitet, designet til europ\u00e6iske vaping-entusiaster, der v\u00e6rds\u00e6tter ydeevne, smag og bekvemmelighed. Udstyret med et 650mAh mesh coil vape-system og Type-C hurtigopladning, leverer den ensartet, t\u00e6t damp over 10.000 pust.<\/p>\n<p>Denne langtidsholdbare engangs vape har en 18 ml fyldt tank med nikotinsalt vape-muligheder ved 2% eller 5%, hvilket giver en rig, tilfredsstillende smag fra f\u00f8rste til sidste tr\u00e6k. Den f\u00e5s i et bredt udvalg af f\u00f8rsteklasses smagsvarianter, herunder klassisk tobak, mentol, frugtagtige og dessertinspirerede blandinger, der im\u00f8dekommer forskellige smagspr\u00e6ferencer.<\/p>\n<p>Kompakt og ergonomisk, fungerer den <a href=\"https:\/\/vapebulkp.com\/da\/product-category\/10000-puffs-disposable-vape\/\">10000 sug engangs-vape<\/a> som en b\u00e6rbar vape pod, perfekt til rejser, sociale begivenheder eller daglig brug. Dens 0.8\u03a9 coil sikrer effektiv str\u00f8mforsyning og et ensartet tr\u00e6k, hvilket g\u00f8r den til et p\u00e5lideligt valg for b\u00e5de afslappede brugere og engrosk\u00f8bere i hele Europa.<\/p>\n<p>Med sin blanding af holdbarhed, smag og stil, giver den popul\u00e6re Bang King 10000 Puffs Engangs Vape en brugsklar, h\u00f8j kvalitets vaping l\u00f8sning, der holder brugerne tilfredse uden at g\u00e5 p\u00e5 kompromis med bekvemmeligheden.<\/p>\n<p><img decoding=\"async\" class=\"alignnone wp-image-1646\" style=\"font-style: inherit;font-weight: inherit\" src=\"http:\/\/vapebulkp.com\/wp-content\/uploads\/2023\/09\/100000-PUFFS-VAPE-BAR-BANG-1-300x300.jpg\" alt=\"100000 SUG VAPE BAR BANG\" width=\"415\" height=\"415\" srcset=\"https:\/\/vapebulkp.com\/wp-content\/uploads\/2023\/09\/100000-PUFFS-VAPE-BAR-BANG-1-300x300.jpg 300w, https:\/\/vapebulkp.com\/wp-content\/uploads\/2023\/09\/100000-PUFFS-VAPE-BAR-BANG-1-1024x1024.jpg 1024w, https:\/\/vapebulkp.com\/wp-content\/uploads\/2023\/09\/100000-PUFFS-VAPE-BAR-BANG-1-150x150.jpg 150w, https:\/\/vapebulkp.com\/wp-content\/uploads\/2023\/09\/100000-PUFFS-VAPE-BAR-BANG-1-768x768.jpg 768w, https:\/\/vapebulkp.com\/wp-content\/uploads\/2023\/09\/100000-PUFFS-VAPE-BAR-BANG-1-1536x1536.jpg 1536w, https:\/\/vapebulkp.com\/wp-content\/uploads\/2023\/09\/100000-PUFFS-VAPE-BAR-BANG-1-2048x2048.jpg 2048w, https:\/\/vapebulkp.com\/wp-content\/uploads\/2023\/09\/100000-PUFFS-VAPE-BAR-BANG-1-600x600.jpg 600w, https:\/\/vapebulkp.com\/wp-content\/uploads\/2023\/09\/100000-PUFFS-VAPE-BAR-BANG-1-100x100.jpg 100w\" sizes=\"(max-width: 415px) 100vw, 415px\" \/><\/p>\n<h6>Kontakt venligst Mandys WhatsApp for rabatpris<a href=\"https:\/\/wa.me\/8618077105796\">+8618077105796<\/a><\/h6>\n<h3><img decoding=\"async\" class=\"alignnone wp-image-2151\" src=\"http:\/\/vapebulkp.com\/wp-content\/uploads\/2024\/04\/Mandy-WhatsApp-Randm.jpg\" alt=\"Mandy WhatsApp Randm\" width=\"269\" height=\"286\" srcset=\"https:\/\/vapebulkp.com\/wp-content\/uploads\/2024\/04\/Mandy-WhatsApp-Randm.jpg 916w, https:\/\/vapebulkp.com\/wp-content\/uploads\/2024\/04\/Mandy-WhatsApp-Randm-282x300.jpg 282w, https:\/\/vapebulkp.com\/wp-content\/uploads\/2024\/04\/Mandy-WhatsApp-Randm-768x817.jpg 768w, https:\/\/vapebulkp.com\/wp-content\/uploads\/2024\/04\/Mandy-WhatsApp-Randm-600x638.jpg 600w\" sizes=\"(max-width: 269px) 100vw, 269px\" \/><\/h3>\n<h2>T\u00e6nkte du m\u00e5ske ville vide om Bang King 10000 Puffs:<\/h2>\n<p>&nbsp;<\/p>\n<h6>1.HVAD ER E-V\u00c6SKE KAPACITETEN P\u00c5 BANG KING 10000 PUFFS?<\/h6>\n<p>Denne enhed har 18 ml e-v\u00e6ske.<\/p>\n<h6>2. HVOR L\u00c6NGE HOLDER DENNE VAPE?<\/h6>\n<p>500 sug\/dag, kan holde 24 dage<br \/>\n1000 sug\/dag, kan holde 12 dage<br \/>\n2000 sug\/dag, kan holde 6 dage<\/p>\n<h6>3.HVORDAN OPLADES ENGANGS VAPE BANG KING 10000PUFFS ENHEDEN?<\/h6>\n<p>Hurtigopladere kan ikke bruges. Standard sikker str\u00f8m til engangs e-cigaretter er 5V 1A. Hver opladningstid kan ikke overstige 1 time, og den sikre opladningstid er en halv time.<\/p>\n<p><span style=\"color: #ff6600\">Bem\u00e6rk: kan ikke oplade hele natten!<\/span><\/p>\n<h6>4.Hvordan bruges Bang King 10000 Puffs?<\/h6>\n<p>1: F\u00f8r brug af 10k puffs, skal plastikr\u00f8ret tr\u00e6kkes ud.<br \/>\n2: Vent ca. 3 minutter, s\u00e5 saften kommer ind i coilen indeni.<br \/>\n3: Begynd at nyde den<\/p>\n<h2><strong><span style=\"vertical-align: inherit\">Specifikation for <\/span><\/strong><strong>Bang King 10000 pust<\/strong><strong><span style=\"vertical-align: inherit\">\uff1a<\/span><br \/>\n<\/strong><\/h2>\n<p>Batteri: 650mAh (Type C)<br \/>\nKapacitet: 18ml<br \/>\nSpole: 0,8 ohm mesh<br \/>\nOmtrentlig sugevolumen: 10.000 pust<br \/>\nPlus nikotinstyrke: 2% ,5%<\/p>\n<p>Effektiv og konsistent str\u00f8mforsyning<\/p>\n<h2><strong>\u00a0Bang King 10000 Puffs Bedste Vape Smagsmuligheder<\/strong><\/h2>\n<p>&nbsp;<\/p>\n<ol>\n<li>Aloe drue<\/li>\n<li>Jordb\u00e6ris<\/li>\n<li>Sommer Ferskenis<\/li>\n<li>Mango Ferskenis<\/li>\n<li>Citronmynte<\/li>\n<li>Fersken Bl\u00e5b\u00e6r<\/li>\n<li>Bl\u00e5 Razzis<\/li>\n<li>Tredobbelt B\u00e6ris<\/li>\n<li>Sex P\u00e5 Stranden<\/li>\n<li>Mamba<\/li>\n<\/ol>\n<p><a href=\"https:\/\/vapebulkp.com\/da\/product\/popular-randm-tornado-7000puffs-disposable-vape-best-price\/\"><span style=\"vertical-align: inherit\">RandM Tornado 7000 pust <\/span><\/a><\/p>\n<p><span style=\"vertical-align: inherit\">Find flere produkter du m\u00e5ske kan lide:<\/span><em><a href=\"https:\/\/wa.me\/8618077105796\"><span style=\"vertical-align: inherit\">\u00a0K\u00f8b den nu<\/span><\/a><\/em><\/p>\n<p><span style=\"vertical-align: inherit\">Andre Puffs du m\u00e5ske kan lide:<\/span><a href=\"https:\/\/vapebulkp.com\/da\/product\/bang-box-12000puffs-good-vape-sweden-wholesale-price\/\"><span style=\"vertical-align: inherit\">Bang Box 12000 pust<\/span><\/a><span style=\"vertical-align: inherit\">\u3001<\/span><a href=\"https:\/\/vapebulkp.com\/da\/product\/top-sale-waspe-12000puffs-disposable-vape-wholesale-france\/\"><span style=\"vertical-align: inherit\">WASPE 12000 pust<\/span><\/a><span style=\"vertical-align: inherit\">\/ <\/span><a href=\"https:\/\/vapebulkp.com\/da\/product\/wholesale-randm-tornado-9000-puffs-germany\/\"><span style=\"vertical-align: inherit\">RandM Tornado 9000 Puf<\/span><\/a><span style=\"vertical-align: inherit\">\/ <\/span><a href=\"https:\/\/vapebulkp.com\/da\/product\/bulk-buy-vapetop-sale-breze-7500-puffs-sweden\/\"><span style=\"vertical-align: inherit\">Breze Vape 7500 sug<\/span><\/a><\/p>\n<p><span style=\"vertical-align: inherit\">E-cigaret flaske med special form:<\/span><a href=\"https:\/\/vapebulkp.com\/da\/product\/good-sale-randm-tornado-10000-puffs-plus\/\"><span style=\"vertical-align: inherit\">RandM Tornado 10000 pust Plus <\/span><\/a><span style=\"vertical-align: inherit\">\/<\/span><a href=\"https:\/\/vapebulkp.com\/da\/product\/fumot-digital-box-12000-disposable-vape-wholesale\/\"><span style=\"vertical-align: inherit\">Fumot Digital box 12000 sug <\/span><\/a><\/p>\n<h4>Produktionskvalifikation:<\/h4>\n<p><img decoding=\"async\" class=\"alignnone size-full wp-image-1841\" src=\"http:\/\/vapebulkp.com\/wp-content\/uploads\/2023\/11\/Vape-production-process-2.jpeg\" alt=\"Vape produktionsproces\" width=\"650\" height=\"434\" srcset=\"https:\/\/vapebulkp.com\/wp-content\/uploads\/2023\/11\/Vape-production-process-2.jpeg 650w, https:\/\/vapebulkp.com\/wp-content\/uploads\/2023\/11\/Vape-production-process-2-300x200.jpeg 300w, https:\/\/vapebulkp.com\/wp-content\/uploads\/2023\/11\/Vape-production-process-2-600x401.jpeg 600w\" sizes=\"(max-width: 650px) 100vw, 650px\" \/><\/p>\n<p><img decoding=\"async\" class=\"alignnone size-full wp-image-1843\" src=\"http:\/\/vapebulkp.com\/wp-content\/uploads\/2023\/11\/Vape-production-process.jpeg\" alt=\"Vape produktionsproces\" width=\"641\" height=\"1026\" srcset=\"https:\/\/vapebulkp.com\/wp-content\/uploads\/2023\/11\/Vape-production-process.jpeg 641w, https:\/\/vapebulkp.com\/wp-content\/uploads\/2023\/11\/Vape-production-process-187x300.jpeg 187w, https:\/\/vapebulkp.com\/wp-content\/uploads\/2023\/11\/Vape-production-process-640x1024.jpeg 640w, https:\/\/vapebulkp.com\/wp-content\/uploads\/2023\/11\/Vape-production-process-600x960.jpeg 600w\" sizes=\"(max-width: 641px) 100vw, 641px\" \/><\/p>\n<h5>Ofte stillede sp\u00f8rgsm\u00e5l:<\/h5>\n<p>Q: Hvad er MOQ for Bang King 10000 sug?<br \/>\nA: Min. ordre er 50 stk.<br \/>\nQ: Hvad er leveringstiden for den bestilte vape?<br \/>\nA: Normalt 10-15 dage efter afsendelse<br \/>\nQ: Hvad er forsendelsesomkostningerne? A: Forsendelsesomkostningerne afh\u00e6nger af v\u00e6gten. Forsendelsesomkostningerne varierer afh\u00e6ngigt af m\u00e6ngden, og forsendelsesomkostningerne i hvert land er forskellige. F\u00f8r du afgiver en ordre, bedes du kontakte os for at bekr\u00e6fte forsendelsesomkostningerne. Vi vil give dig en tilfredsstillende shoppingoplevelse.<\/p>\n<p>&nbsp;<\/p>\n<h4>Forsendelsesdetaljer:<\/h4>\n<p><span style=\"color: #ff6600\">Produktionstid: 5-10 arbejdsdage<\/span><br \/>\n<span style=\"color: #ff6600\">Leveringstid: 8-14 arbejdsdage<\/span><\/p>\n<p>Alle produkter i vores butik er 100% originale og autentiske, s\u00e5 ti gange kompensation for falske varer er vores butikspolitik. Vi bruger logistikkanaler som UPS\/DHL\/FEDEX\/DPD til at levere varer til dig.<\/p>\n<p>For pakker sendt til Danmark tager det normalt 10 arbejdsdage at ankomme. Forsendelse til europ\u00e6iske lande tager normalt 12 til 15 arbejdsdage at ankomme. Vi vil opdatere logistikinformationen for dig i realtid.<\/p>\n<h3>God eftersalgsservice:<\/h3>\n<p><span style=\"color: #ff6600\">Bem\u00e6rk: Ingen returnering eller ombytning ved ikke-kvalitetsproblemer<\/span><br \/>\n1. Kunder kan v\u00e6lge den \u00f8nskede smag, men hvis smagen er udsolgt, vil produktionsafdelingen v\u00e6lge en popul\u00e6r smag til at erstatte den. Kunder har ikke lov til at ans\u00f8ge om refusion eller ombytning baseret p\u00e5 smag.<\/p>\n<p>2. Ved kvalitetsproblemer bedes du give specifikke video- og billedbeskrivelser.<br \/>\nHvis du ikke kan freml\u00e6gge beviser som videoer og billeder, kan varerne ikke ombyttes.<\/p>","protected":false},"excerpt":{"rendered":"<p>Godt salg Bang king 10000 pust VAPE<br \/>\nBang king 10000 pust VAPE S\u00c6T Danmark<br \/>\nBedste Vape Bang king 10000 pust VAPE BAR<br \/>\nPopul\u00e6r Bang Max 10000 Pust VAPE Danmark<br \/>\nGod Vape Bang Max 10000 Pust Top Salg Vape<br \/>\nBang Max 10000 Pust VAPE BAR<\/p>\n<p><img decoding=\"async\" class=\"alignnone wp-image-2151\" src=\"http:\/\/vapebulkp.com\/wp-content\/uploads\/2024\/04\/Mandy-WhatsApp-Randm.jpg\" alt=\"Mandy WhatsApp Randm\" width=\"219\" height=\"233\" srcset=\"https:\/\/vapebulkp.com\/wp-content\/uploads\/2024\/04\/Mandy-WhatsApp-Randm.jpg 916w, https:\/\/vapebulkp.com\/wp-content\/uploads\/2024\/04\/Mandy-WhatsApp-Randm-282x300.jpg 282w, https:\/\/vapebulkp.com\/wp-content\/uploads\/2024\/04\/Mandy-WhatsApp-Randm-768x817.jpg 768w, https:\/\/vapebulkp.com\/wp-content\/uploads\/2024\/04\/Mandy-WhatsApp-Randm-600x638.jpg 600w\" sizes=\"(max-width: 219px) 100vw, 219px\" \/><\/p>\n<p>Kontakt venligst Mandys WhatsApp for rabatpris<a href=\"https:\/\/wa.me\/8618077105796\">+8618077105796<\/a><\/p>\n<p><span style=\"color: #ff0000\">BEM\u00c6RK: Priserne p\u00e5 vores hjemmeside inkluderer ikke forsendelsesomkostninger<\/span><\/p>","protected":false},"featured_media":1642,"comment_status":"open","ping_status":"closed","template":"","meta":{"_uag_custom_page_level_css":"","_lmt_disableupdate":"no","_lmt_disable":"","site-sidebar-layout":"default","site-content-layout":"content-boxed-container","ast-site-content-layout":"normal-width-container","site-content-style":"boxed","site-sidebar-style":"unboxed","ast-global-header-display":"","ast-banner-title-visibility":"","ast-main-header-display":"","ast-hfb-above-header-display":"","ast-hfb-below-header-display":"","ast-hfb-mobile-header-display":"","site-post-title":"","ast-breadcrumbs-content":"","ast-featured-img":"","footer-sml-layout":"","theme-transparent-header-meta":"default","adv-header-id-meta":"","stick-header-meta":"","header-above-stick-meta":"","header-main-stick-meta":"","header-below-stick-meta":"","astra-migrate-meta-layouts":"set","_joinchat":[]},"product_cat":[167,153,344,155,33,59,100,34,158,157,154,152,58,84,156,63,32],"product_tag":[43,36,37,41,73,96],"class_list":["post-1628","product","type-product","status-publish","has-post-thumbnail","hentry","product_cat-10000-puffs-disposable-vape","product_cat-hot-disposable-vapes","product_cat-bang-king-vape","product_cat-belgium-hot-disposable-vapes","product_cat-france-vape-hot-sale","product_cat-germany-hot-disposable-vape","product_cat-germany-wholesale-vape-shop","product_cat-netherlands-vape-good-sale","product_cat-norway-hot-disposable-vapes","product_cat-poland-hot-disposable-vapes","product_cat-portugal-hot-disposable-vapes","product_cat-spain-hot-disposable-vapes","product_cat-sweden-hot-disposable-vape","product_cat-sweden-wholesale-vape","product_cat-switzerland-hot-disposable-vapes","product_cat-top-sale-disposable-vape","product_cat-vape-hot-sale-this-week","product_tag-10000puffs","product_tag-good-vape","product_tag-hot-sale-disposable-vape","product_tag-poland-hot-vape","product_tag-randm-10000puffs-vape","product_tag-sweden-hot-sale-vape","pa_brand-bang-king-vape","desktop-align-left","tablet-align-left","mobile-align-left"],"yoast_head":"<!-- This site is optimized with the Yoast SEO plugin v21.1 - https:\/\/yoast.com\/wordpress\/plugins\/seo\/ -->\n<title>Popular Bang King 10000 Puffs Vape Good Price - vapebulkp.com<\/title>\n<meta name=\"description\" content=\"The Popular Bang King 10000 Puffs Vape Good Price is a game-changer for vapers. With an astonishing 10,000 puffs, you&#039;ll enjoy an extended vaping experience like never before.\" \/>\n<meta name=\"robots\" content=\"index, follow, max-snippet:-1, max-image-preview:large, max-video-preview:-1\" \/>\n<link rel=\"canonical\" href=\"https:\/\/vapebulkp.com\/da\/product\/popular-bang-king-10000-puffs-vape-good-price\/\" \/>\n<meta property=\"og:locale\" content=\"da_DK\" \/>\n<meta property=\"og:type\" content=\"article\" \/>\n<meta property=\"og:title\" content=\"Popular Bang King 10000 Puffs Vape Good Price - vapebulkp.com\" \/>\n<meta property=\"og:description\" content=\"The Popular Bang King 10000 Puffs Vape Good Price is a game-changer for vapers. With an astonishing 10,000 puffs, you&#039;ll enjoy an extended vaping experience like never before.\" \/>\n<meta property=\"og:url\" content=\"https:\/\/vapebulkp.com\/da\/product\/popular-bang-king-10000-puffs-vape-good-price\/\" \/>\n<meta property=\"og:site_name\" content=\"vapebulkp.com\" \/>\n<meta property=\"article:modified_time\" content=\"2025-09-24T03:22:20+00:00\" \/>\n<meta property=\"og:image\" content=\"http:\/\/vapebulkp.com\/wp-content\/uploads\/2023\/09\/100000-PUFFS-DISPOSABEL-HOT-SALE-BANG-scaled.jpg\" \/>\n\t<meta property=\"og:image:width\" content=\"1916\" \/>\n\t<meta property=\"og:image:height\" content=\"2560\" \/>\n\t<meta property=\"og:image:type\" content=\"image\/jpeg\" \/>\n<meta name=\"twitter:card\" content=\"summary_large_image\" \/>\n<meta name=\"twitter:label1\" content=\"Estimeret l\u00e6setid\" \/>\n\t<meta name=\"twitter:data1\" content=\"4 minutter\" \/>\n<script type=\"application\/ld+json\" class=\"yoast-schema-graph\">{\"@context\":\"https:\/\/schema.org\",\"@graph\":[{\"@type\":\"WebPage\",\"@id\":\"https:\/\/vapebulkp.com\/product\/popular-bang-king-10000-puffs-vape-good-price\/\",\"url\":\"https:\/\/vapebulkp.com\/product\/popular-bang-king-10000-puffs-vape-good-price\/\",\"name\":\"Popular Bang King 10000 Puffs Vape Good Price - vapebulkp.com\",\"isPartOf\":{\"@id\":\"https:\/\/vapebulkp.com\/#website\"},\"datePublished\":\"2023-09-28T08:07:00+00:00\",\"dateModified\":\"2025-09-24T03:22:20+00:00\",\"description\":\"The Popular Bang King 10000 Puffs Vape Good Price is a game-changer for vapers. With an astonishing 10,000 puffs, you'll enjoy an extended vaping experience like never before.\",\"breadcrumb\":{\"@id\":\"https:\/\/vapebulkp.com\/product\/popular-bang-king-10000-puffs-vape-good-price\/#breadcrumb\"},\"inLanguage\":\"da-DK\",\"potentialAction\":[{\"@type\":\"ReadAction\",\"target\":[\"https:\/\/vapebulkp.com\/product\/popular-bang-king-10000-puffs-vape-good-price\/\"]}]},{\"@type\":\"BreadcrumbList\",\"@id\":\"https:\/\/vapebulkp.com\/product\/popular-bang-king-10000-puffs-vape-good-price\/#breadcrumb\",\"itemListElement\":[{\"@type\":\"ListItem\",\"position\":1,\"name\":\"Home\",\"item\":\"https:\/\/vapebulkp.com\/\"},{\"@type\":\"ListItem\",\"position\":2,\"name\":\"Hot Trend Vapes\",\"item\":\"https:\/\/vapebulkp.com\/vape-shop\/\"},{\"@type\":\"ListItem\",\"position\":3,\"name\":\"Popular Bang King 10000 Puffs Vape Good Price\"}]},{\"@type\":\"WebSite\",\"@id\":\"https:\/\/vapebulkp.com\/#website\",\"url\":\"https:\/\/vapebulkp.com\/\",\"name\":\"vapebulkp.com\",\"description\":\"Buy Vape In Cheap Bulk Price Near you\",\"publisher\":{\"@id\":\"https:\/\/vapebulkp.com\/#organization\"},\"potentialAction\":[{\"@type\":\"SearchAction\",\"target\":{\"@type\":\"EntryPoint\",\"urlTemplate\":\"https:\/\/vapebulkp.com\/?s={search_term_string}\"},\"query-input\":\"required name=search_term_string\"}],\"inLanguage\":\"da-DK\"},{\"@type\":\"Organization\",\"@id\":\"https:\/\/vapebulkp.com\/#organization\",\"name\":\"vapebulkp.com\",\"url\":\"https:\/\/vapebulkp.com\/\",\"logo\":{\"@type\":\"ImageObject\",\"inLanguage\":\"da-DK\",\"@id\":\"https:\/\/vapebulkp.com\/#\/schema\/logo\/image\/\",\"url\":\"https:\/\/vapebulkp.com\/wp-content\/uploads\/2023\/09\/cropped-vapebulkp.png\",\"contentUrl\":\"https:\/\/vapebulkp.com\/wp-content\/uploads\/2023\/09\/cropped-vapebulkp.png\",\"width\":516,\"height\":163,\"caption\":\"vapebulkp.com\"},\"image\":{\"@id\":\"https:\/\/vapebulkp.com\/#\/schema\/logo\/image\/\"}}]}<\/script>\n<!-- \/ Yoast SEO plugin. -->","yoast_head_json":{"title":"Popular Bang King 10000 Puffs Vape Good Price - vapebulkp.com","description":"The Popular Bang King 10000 Puffs Vape Good Price is a game-changer for vapers. With an astonishing 10,000 puffs, you'll enjoy an extended vaping experience like never before.","robots":{"index":"index","follow":"follow","max-snippet":"max-snippet:-1","max-image-preview":"max-image-preview:large","max-video-preview":"max-video-preview:-1"},"canonical":"https:\/\/vapebulkp.com\/da\/product\/popular-bang-king-10000-puffs-vape-good-price\/","og_locale":"da_DK","og_type":"article","og_title":"Popular Bang King 10000 Puffs Vape Good Price - vapebulkp.com","og_description":"The Popular Bang King 10000 Puffs Vape Good Price is a game-changer for vapers. With an astonishing 10,000 puffs, you'll enjoy an extended vaping experience like never before.","og_url":"https:\/\/vapebulkp.com\/da\/product\/popular-bang-king-10000-puffs-vape-good-price\/","og_site_name":"vapebulkp.com","article_modified_time":"2025-09-24T03:22:20+00:00","og_image":[{"width":1916,"height":2560,"url":"http:\/\/vapebulkp.com\/wp-content\/uploads\/2023\/09\/100000-PUFFS-DISPOSABEL-HOT-SALE-BANG-scaled.jpg","type":"image\/jpeg"}],"twitter_card":"summary_large_image","twitter_misc":{"Estimeret l\u00e6setid":"4 minutter"},"schema":{"@context":"https:\/\/schema.org","@graph":[{"@type":"WebPage","@id":"https:\/\/vapebulkp.com\/product\/popular-bang-king-10000-puffs-vape-good-price\/","url":"https:\/\/vapebulkp.com\/product\/popular-bang-king-10000-puffs-vape-good-price\/","name":"Popular Bang King 10000 Puffs Vape Good Price - vapebulkp.com","isPartOf":{"@id":"https:\/\/vapebulkp.com\/#website"},"datePublished":"2023-09-28T08:07:00+00:00","dateModified":"2025-09-24T03:22:20+00:00","description":"The Popular Bang King 10000 Puffs Vape Good Price is a game-changer for vapers. With an astonishing 10,000 puffs, you'll enjoy an extended vaping experience like never before.","breadcrumb":{"@id":"https:\/\/vapebulkp.com\/product\/popular-bang-king-10000-puffs-vape-good-price\/#breadcrumb"},"inLanguage":"da-DK","potentialAction":[{"@type":"ReadAction","target":["https:\/\/vapebulkp.com\/product\/popular-bang-king-10000-puffs-vape-good-price\/"]}]},{"@type":"BreadcrumbList","@id":"https:\/\/vapebulkp.com\/product\/popular-bang-king-10000-puffs-vape-good-price\/#breadcrumb","itemListElement":[{"@type":"ListItem","position":1,"name":"Home","item":"https:\/\/vapebulkp.com\/"},{"@type":"ListItem","position":2,"name":"Hot Trend Vapes","item":"https:\/\/vapebulkp.com\/vape-shop\/"},{"@type":"ListItem","position":3,"name":"Popular Bang King 10000 Puffs Vape Good Price"}]},{"@type":"WebSite","@id":"https:\/\/vapebulkp.com\/#website","url":"https:\/\/vapebulkp.com\/","name":"vapebulkp.com","description":"Buy Vape In Cheap Bulk Price Near you","publisher":{"@id":"https:\/\/vapebulkp.com\/#organization"},"potentialAction":[{"@type":"SearchAction","target":{"@type":"EntryPoint","urlTemplate":"https:\/\/vapebulkp.com\/?s={search_term_string}"},"query-input":"required name=search_term_string"}],"inLanguage":"da-DK"},{"@type":"Organization","@id":"https:\/\/vapebulkp.com\/#organization","name":"vapebulkp.com","url":"https:\/\/vapebulkp.com\/","logo":{"@type":"ImageObject","inLanguage":"da-DK","@id":"https:\/\/vapebulkp.com\/#\/schema\/logo\/image\/","url":"https:\/\/vapebulkp.com\/wp-content\/uploads\/2023\/09\/cropped-vapebulkp.png","contentUrl":"https:\/\/vapebulkp.com\/wp-content\/uploads\/2023\/09\/cropped-vapebulkp.png","width":516,"height":163,"caption":"vapebulkp.com"},"image":{"@id":"https:\/\/vapebulkp.com\/#\/schema\/logo\/image\/"}}]}},"uagb_featured_image_src":{"full":["https:\/\/vapebulkp.com\/wp-content\/uploads\/2023\/09\/100000-PUFFS-DISPOSABEL-HOT-SALE-BANG-scaled.jpg",1916,2560,false],"thumbnail":["https:\/\/vapebulkp.com\/wp-content\/uploads\/2023\/09\/100000-PUFFS-DISPOSABEL-HOT-SALE-BANG-150x150.jpg",150,150,true],"medium":["https:\/\/vapebulkp.com\/wp-content\/uploads\/2023\/09\/100000-PUFFS-DISPOSABEL-HOT-SALE-BANG-224x300.jpg",224,300,true],"medium_large":["https:\/\/vapebulkp.com\/wp-content\/uploads\/2023\/09\/100000-PUFFS-DISPOSABEL-HOT-SALE-BANG-768x1026.jpg",768,1026,true],"large":["https:\/\/vapebulkp.com\/wp-content\/uploads\/2023\/09\/100000-PUFFS-DISPOSABEL-HOT-SALE-BANG-766x1024.jpg",766,1024,true],"1536x1536":["https:\/\/vapebulkp.com\/wp-content\/uploads\/2023\/09\/100000-PUFFS-DISPOSABEL-HOT-SALE-BANG-1149x1536.jpg",1149,1536,true],"2048x2048":["https:\/\/vapebulkp.com\/wp-content\/uploads\/2023\/09\/100000-PUFFS-DISPOSABEL-HOT-SALE-BANG-1532x2048.jpg",1532,2048,true],"trp-custom-language-flag":["https:\/\/vapebulkp.com\/wp-content\/uploads\/2023\/09\/100000-PUFFS-DISPOSABEL-HOT-SALE-BANG-scaled.jpg",9,12,false],"woocommerce_thumbnail":["https:\/\/vapebulkp.com\/wp-content\/uploads\/2023\/09\/100000-PUFFS-DISPOSABEL-HOT-SALE-BANG-300x300.jpg",300,300,true],"woocommerce_single":["https:\/\/vapebulkp.com\/wp-content\/uploads\/2023\/09\/100000-PUFFS-DISPOSABEL-HOT-SALE-BANG-600x802.jpg",600,802,true],"woocommerce_gallery_thumbnail":["https:\/\/vapebulkp.com\/wp-content\/uploads\/2023\/09\/100000-PUFFS-DISPOSABEL-HOT-SALE-BANG-100x100.jpg",100,100,true],"wcpr-photo-reviews":["https:\/\/vapebulkp.com\/wp-content\/uploads\/2023\/09\/100000-PUFFS-DISPOSABEL-HOT-SALE-BANG-scaled.jpg",374,500,false]},"uagb_author_info":{"display_name":"Mandy vape bulk price","author_link":"https:\/\/vapebulkp.com\/da\/author\/"},"uagb_comment_info":1,"uagb_excerpt":"Good Sale Bang king 10000 puff VAPE Bang king 10000 puff VAPE KIT Sweden Best Vape Bang king 10000 puff VAPE BAR Popular Bang Max 10000 Puff VAPE\u00a0 France Good Vape Bang Max 10000 Puffs Top Sale Vape Bang Max 10000 Puff VAPE BAR Pls Contact Mandy's WhatsApp For Discount Price+8618077105796 NOTE: Prices on our&hellip;","_links":{"self":[{"href":"https:\/\/vapebulkp.com\/da\/wp-json\/wp\/v2\/product\/1628","targetHints":{"allow":["GET"]}}],"collection":[{"href":"https:\/\/vapebulkp.com\/da\/wp-json\/wp\/v2\/product"}],"about":[{"href":"https:\/\/vapebulkp.com\/da\/wp-json\/wp\/v2\/types\/product"}],"replies":[{"embeddable":true,"href":"https:\/\/vapebulkp.com\/da\/wp-json\/wp\/v2\/comments?post=1628"}],"wp:featuredmedia":[{"embeddable":true,"href":"https:\/\/vapebulkp.com\/da\/wp-json\/wp\/v2\/media\/1642"}],"wp:attachment":[{"href":"https:\/\/vapebulkp.com\/da\/wp-json\/wp\/v2\/media?parent=1628"}],"wp:term":[{"taxonomy":"product_cat","embeddable":true,"href":"https:\/\/vapebulkp.com\/da\/wp-json\/wp\/v2\/product_cat?post=1628"},{"taxonomy":"product_tag","embeddable":true,"href":"https:\/\/vapebulkp.com\/da\/wp-json\/wp\/v2\/product_tag?post=1628"}],"curies":[{"name":"wp","href":"https:\/\/api.w.org\/{rel}","templated":true}]}}