{"id":1775,"date":"2023-10-23T09:23:01","date_gmt":"2023-10-23T07:23:01","guid":{"rendered":"https:\/\/vapebulkp.com\/?post_type=product&#038;p=1775"},"modified":"2025-09-01T05:11:12","modified_gmt":"2025-09-01T03:11:12","slug":"qst-rum-bar-tornado-15000-good-disposable-vape","status":"publish","type":"product","link":"https:\/\/vapebulkp.com\/da\/product\/qst-rum-bar-tornado-15000-good-disposable-vape\/","title":{"rendered":"QST Rum Bar Tornado 15000 God engangsvape"},"content":{"rendered":"<h2>QST Rum Bar Tornado 15000 God engangsvape<\/h2>\n<p>&nbsp;<\/p>\n<p data-start=\"247\" data-end=\"604\">Den <strong data-start=\"251\" data-end=\"296\">QST Rum Bar Tornado 15000 Pust Engangs Vape<\/strong> er en f\u00f8rsteklasses enhed med h\u00f8j kapacitet, designet til danske dampere, der s\u00f8ger bekvemmelighed, stil og p\u00e5lidelig ydeevne. Med en 22 ml e-v\u00e6ske tank og et 850 mAh genopladeligt batteri leverer den op til 15.000 pust af glat damp uden afbrydelser, hvilket g\u00f8r den ideel til lange sessioner derhjemme eller p\u00e5 farten.<\/p>\n<p data-start=\"606\" data-end=\"970\">Ergonomisk designet, den slanke og b\u00e6rbare krop passer komfortabelt i din h\u00e5nd eller lomme og tilbyder et elegant, moderne look. Avanceret mesh coil teknologi forbedrer smagsintensiteten og damp produktionen, hvilket sikrer, at hvert tr\u00e6k leverer en rig, tilfredsstillende smag. Nikotinsalt muligheder giver mulighed for 2% eller 5% styrke, der im\u00f8dekommer b\u00e5de moderate og st\u00e6rkere damp pr\u00e6ferencer.<\/p>\n<p data-start=\"972\" data-end=\"1278\">Med et bredt udvalg af frugt-, mentol- og klassiske tobakssmag, opfylder <strong data-start=\"1044\" data-end=\"1089\">QST Rom Bar Tornado <a href=\"https:\/\/vapebulkp.com\/da\/product-category\/15000-puffs-disposable-vape\/\">15000 sug engangs-vape<\/a><\/strong> m\u00f8der forskellige smagspr\u00e6ferencer, samtidig med at den opretholder en ensartet ydeevne. Let, genopladelig og klar til engrossalg, det er det perfekte valg for detailhandlere og stork\u00f8bere i Danmark.<\/p>\n<p><img decoding=\"async\" class=\"alignnone size-full wp-image-1939\" src=\"http:\/\/vapebulkp.com\/wp-content\/uploads\/2023\/10\/Rumbar-tornado-15000-Puffs.jpg\" alt=\"Rumbar Tornado 15000 Puffs Engrospris Tyskland\" width=\"1000\" height=\"734\" srcset=\"https:\/\/vapebulkp.com\/wp-content\/uploads\/2023\/10\/Rumbar-tornado-15000-Puffs.jpg 1000w, https:\/\/vapebulkp.com\/wp-content\/uploads\/2023\/10\/Rumbar-tornado-15000-Puffs-300x220.jpg 300w, https:\/\/vapebulkp.com\/wp-content\/uploads\/2023\/10\/Rumbar-tornado-15000-Puffs-768x564.jpg 768w, https:\/\/vapebulkp.com\/wp-content\/uploads\/2023\/10\/Rumbar-tornado-15000-Puffs-600x440.jpg 600w\" sizes=\"(max-width: 1000px) 100vw, 1000px\" \/><\/p>\n<h6>Kontakt venligst Mandys WhatsApp for rabatpris<a href=\"https:\/\/wa.me\/8618077105796\">+8618077105796<\/a><\/h6>\n<h3><img decoding=\"async\" class=\"alignnone wp-image-2151\" src=\"http:\/\/vapebulkp.com\/wp-content\/uploads\/2024\/04\/Mandy-WhatsApp-Randm.jpg\" alt=\"Mandy WhatsApp Randm\" width=\"247\" height=\"263\" srcset=\"https:\/\/vapebulkp.com\/wp-content\/uploads\/2024\/04\/Mandy-WhatsApp-Randm.jpg 916w, https:\/\/vapebulkp.com\/wp-content\/uploads\/2024\/04\/Mandy-WhatsApp-Randm-282x300.jpg 282w, https:\/\/vapebulkp.com\/wp-content\/uploads\/2024\/04\/Mandy-WhatsApp-Randm-768x817.jpg 768w, https:\/\/vapebulkp.com\/wp-content\/uploads\/2024\/04\/Mandy-WhatsApp-Randm-600x638.jpg 600w\" sizes=\"(max-width: 247px) 100vw, 247px\" \/><\/h3>\n<h2>T\u00e6nkte, du m\u00e5ske ville vide noget om Rumbar Tornado 15000 Pust:<\/h2>\n<p>&nbsp;<\/p>\n<h6>1.Hvad er e-v\u00e6ske kapaciteten AF Rumbar Tornado 15000 pust?<\/h6>\n<p>Denne enhed har 22 ml e-v\u00e6ske.<\/p>\n<h6>2.Hvor l\u00e6nge holder denne vape?<\/h6>\n<p>500 pust\/dag, kan holde 30 dage<br \/>\n1000 pust\/dag, kan holde 15 dage<br \/>\n2000 pust\/dag, kan holde 8 dage<\/p>\n<h6>3.Hvordan oplades engangs vapen Rumbar Tornado 15000 PUFFS ENHED?<\/h6>\n<p>Hurtigopladere kan ikke bruges. Standard sikker str\u00f8m til engangs e-cigaretter er 5V 1A. Hver opladningstid kan ikke overstige 1 time, og den sikre opladningstid er en halv time.<\/p>\n<p><span style=\"color: #ff6600\">Bem\u00e6rk: kan ikke oplade hele natten!<\/span><\/p>\n<h6>4.Hvordan bruger man Rumbar Tornado 15000 Pust?<\/h6>\n<p>1: F\u00f8r du bruger 15k pust, skal du fjerne plastikr\u00f8ret.<br \/>\n2: Vent ca. 3 minutter, s\u00e5 saften kommer ind i coilen indeni.<br \/>\n3: Begynd at nyde den<\/p>\n<h3><strong><span style=\"vertical-align: inherit\">Specifikation for Rumbar Tornado 15000<\/span><\/strong><strong>Pust<\/strong><strong><span style=\"vertical-align: inherit\">\uff1a<\/span><br \/>\n<\/strong><\/h3>\n<ul>\n<li>Batteri: 850mAh (Type C)<br \/>\nKapacitet: 22 ml<br \/>\nSpole: 0,8 ohm mesh<br \/>\nOmtrentlig sugevolumen: 15000 pust<br \/>\nPlus nikotinstyrke: 2% ,5%<\/li>\n<li>Effektiv og konsistent str\u00f8mforsyning<\/li>\n<li>MOQ: 100 STK<\/li>\n<\/ul>\n<h3><strong>Hvad er de bedste Rumbar Tornado 15k smagsvarianter?<\/strong><\/h3>\n<p>&nbsp;<\/p>\n<p>1. K\u00f8lig mynte<br \/>\n2. Iced Cola<br \/>\n3. Vandmelon tape<br \/>\n4. DRUE IS<br \/>\n5. Bl\u00e5b\u00e6r is<br \/>\n6. Mango Fersken Ananas<br \/>\n7. Vandmelon is<br \/>\n8. Guava tape<br \/>\n9. Fersken<br \/>\n10. Dice R\u00f8dt \u00c6ble<br \/>\n11. Kiwi passionsfrugt guava<br \/>\n12. Jordb\u00e6r is<br \/>\n13. Blandet frugt<br \/>\n14. Mango jordb\u00e6r is<br \/>\n15. Litchi is<\/p>\n<p>&nbsp;<\/p>\n<p><a href=\"https:\/\/vapebulkp.com\/da\/product\/popular-randm-tornado-7000puffs-disposable-vape-best-price\/\"><span style=\"vertical-align: inherit\">RandM Tornado 7000 pust <\/span><\/a><\/p>\n<p><span style=\"vertical-align: inherit\">Find flere produkter du m\u00e5ske kan lide:<\/span><em><a href=\"https:\/\/wa.me\/8618077105796\"><span style=\"vertical-align: inherit\">\u00a0K\u00f8b den nu<\/span><\/a><\/em><\/p>\n<p><span style=\"vertical-align: inherit\">Andre Puffs du m\u00e5ske kan lide:<\/span><a href=\"https:\/\/vapebulkp.com\/da\/product\/bang-with-a-vape-18000-puffs-crown-bar-hot-vape\/\"><span style=\"vertical-align: inherit\">Bang 18000 Pust<\/span><\/a><span style=\"vertical-align: inherit\">\u3001<\/span><a href=\"https:\/\/vapebulkp.com\/da\/product\/top-sale-waspe-12000puffs-disposable-vape-wholesale-france\/\"><span style=\"vertical-align: inherit\">WASPE 12000 pust<\/span><\/a><span style=\"vertical-align: inherit\">\/ <\/span><a href=\"https:\/\/vapebulkp.com\/da\/product\/wholesale-randm-tornado-9000-puffs-germany\/\"><span style=\"vertical-align: inherit\">RandM Tornado 9000 Puf<\/span><\/a><span style=\"vertical-align: inherit\">\/ <\/span><a href=\"https:\/\/vapebulkp.com\/da\/product\/bang-box-12000puffs-good-vape-sweden-wholesale-price\/\"><span style=\"vertical-align: inherit\">Bang Vape Box 12000 Pust<\/span><\/a><\/p>\n<p><span style=\"vertical-align: inherit\">E-cigaret flaske med special form:<\/span><a href=\"https:\/\/vapebulkp.com\/da\/product\/good-sale-randm-tornado-10000-puffs-plus\/\"><span style=\"vertical-align: inherit\">RandM Tornado 10000 pust Plus <\/span><\/a><span style=\"vertical-align: inherit\">\/<\/span><a href=\"https:\/\/vapebulkp.com\/da\/product\/fumot-digital-box-12000-disposable-vape-wholesale\/\"><span style=\"vertical-align: inherit\">Fumot Digital Box 12000 Pust <\/span><\/a><\/p>\n<h4>Produktionskvalifikation:<\/h4>\n<p><img decoding=\"async\" class=\"alignnone size-full wp-image-1841\" src=\"http:\/\/vapebulkp.com\/wp-content\/uploads\/2023\/11\/Vape-production-process-2.jpeg\" alt=\"Vape produktionsproces\" width=\"650\" height=\"434\" srcset=\"https:\/\/vapebulkp.com\/wp-content\/uploads\/2023\/11\/Vape-production-process-2.jpeg 650w, https:\/\/vapebulkp.com\/wp-content\/uploads\/2023\/11\/Vape-production-process-2-300x200.jpeg 300w, https:\/\/vapebulkp.com\/wp-content\/uploads\/2023\/11\/Vape-production-process-2-600x401.jpeg 600w\" sizes=\"(max-width: 650px) 100vw, 650px\" \/><\/p>\n<p><img decoding=\"async\" class=\"alignnone size-full wp-image-1843\" src=\"http:\/\/vapebulkp.com\/wp-content\/uploads\/2023\/11\/Vape-production-process.jpeg\" alt=\"Vape produktionsproces\" width=\"641\" height=\"1026\" srcset=\"https:\/\/vapebulkp.com\/wp-content\/uploads\/2023\/11\/Vape-production-process.jpeg 641w, https:\/\/vapebulkp.com\/wp-content\/uploads\/2023\/11\/Vape-production-process-187x300.jpeg 187w, https:\/\/vapebulkp.com\/wp-content\/uploads\/2023\/11\/Vape-production-process-640x1024.jpeg 640w, https:\/\/vapebulkp.com\/wp-content\/uploads\/2023\/11\/Vape-production-process-600x960.jpeg 600w\" sizes=\"(max-width: 641px) 100vw, 641px\" \/><\/p>\n<h5>Ofte stillede sp\u00f8rgsm\u00e5l:<\/h5>\n<p>Sp: Hvad er MOQ for Rumbar Tornado 15000 Puffs?<br \/>\nA: Minimumsbestilling er 100 stk.<br \/>\nQ: Hvad er leveringstiden for den bestilte vape?<br \/>\nA: Normalt 10-15 dage efter afsendelse<br \/>\nQ: Hvad er forsendelsesomkostningerne? A: Forsendelsesomkostningerne afh\u00e6nger af v\u00e6gten. Forsendelsesomkostningerne varierer afh\u00e6ngigt af m\u00e6ngden, og forsendelsesomkostningerne i hvert land er forskellige. F\u00f8r du afgiver en ordre, bedes du kontakte os for at bekr\u00e6fte forsendelsesomkostningerne. Vi vil give dig en tilfredsstillende shoppingoplevelse.<\/p>\n<h4>Forsendelsesdetaljer:<\/h4>\n<p><span style=\"color: #ff6600\">Produktionstid: 5-10 arbejdsdage<\/span><br \/>\n<span style=\"color: #ff6600\">Leveringstid: 8-14 arbejdsdage<\/span><\/p>\n<p>Alle produkter i vores butik er 100% originale og autentiske, s\u00e5 ti gange kompensation for falske varer er vores butikspolitik. Vi bruger logistikkanaler som UPS\/DHL\/FEDEX\/DPD til at levere varer til dig.<\/p>\n<p>For pakker sendt til Danmark tager det normalt 10 arbejdsdage at ankomme. Forsendelse til europ\u00e6iske lande tager normalt 12 til 15 arbejdsdage at ankomme. Vi vil opdatere logistikinformationen for dig i realtid.<\/p>\n<h3>God eftersalgsservice:<\/h3>\n<p><span style=\"color: #ff6600\">Bem\u00e6rk: Ingen returnering eller ombytning ved ikke-kvalitetsproblemer<\/span><br \/>\n1. Kunder kan v\u00e6lge den \u00f8nskede smag, men hvis smagen er udsolgt, vil produktionsafdelingen v\u00e6lge en popul\u00e6r smag til at erstatte den. Kunder har ikke lov til at ans\u00f8ge om refusion eller ombytning baseret p\u00e5 smag.<\/p>\n<p>2. Ved kvalitetsproblemer bedes du give specifikke video- og billedbeskrivelser.<br \/>\nHvis du ikke kan freml\u00e6gge beviser som videoer og billeder, kan varerne ikke ombyttes.<\/p>","protected":false},"excerpt":{"rendered":"<p>Godt Salg Vape Rumbar Tornado 15000 Pust<br \/>\nRumbar Tornado 15000 Pust VAPE KIT Sverige<br \/>\nBedste Vape Rumbar Tornado 15000 Pust VAPE BAR<br \/>\nPopul\u00e6r Rumbar Tornado 15000 Pust VAPE Frankrig<br \/>\nGod Vape Rumbar Tornado 15000 Pust Top Salg Vape<\/p>\n<p><img decoding=\"async\" class=\"alignnone wp-image-2151\" src=\"http:\/\/vapebulkp.com\/wp-content\/uploads\/2024\/04\/Mandy-WhatsApp-Randm.jpg\" alt=\"Mandy WhatsApp Randm\" width=\"307\" height=\"326\" srcset=\"https:\/\/vapebulkp.com\/wp-content\/uploads\/2024\/04\/Mandy-WhatsApp-Randm.jpg 916w, https:\/\/vapebulkp.com\/wp-content\/uploads\/2024\/04\/Mandy-WhatsApp-Randm-282x300.jpg 282w, https:\/\/vapebulkp.com\/wp-content\/uploads\/2024\/04\/Mandy-WhatsApp-Randm-768x817.jpg 768w, https:\/\/vapebulkp.com\/wp-content\/uploads\/2024\/04\/Mandy-WhatsApp-Randm-600x638.jpg 600w\" sizes=\"(max-width: 307px) 100vw, 307px\" \/><\/p>\n<p>Kontakt venligst Mandys WhatsApp for rabatpris<a href=\"https:\/\/wa.me\/8618077105796\">+8618077105796<\/a><\/p>\n<p><span style=\"color: #ff0000\">BEM\u00c6RK: Priserne p\u00e5 vores hjemmeside inkluderer ikke forsendelsesomkostninger<\/span><\/p>","protected":false},"featured_media":1939,"comment_status":"open","ping_status":"closed","template":"","meta":{"_uag_custom_page_level_css":"","_lmt_disableupdate":"no","_lmt_disable":"","site-sidebar-layout":"default","site-content-layout":"content-boxed-container","ast-site-content-layout":"normal-width-container","site-content-style":"boxed","site-sidebar-style":"unboxed","ast-global-header-display":"","ast-banner-title-visibility":"","ast-main-header-display":"","ast-hfb-above-header-display":"","ast-hfb-below-header-display":"","ast-hfb-mobile-header-display":"","site-post-title":"","ast-breadcrumbs-content":"","ast-featured-img":"","footer-sml-layout":"","theme-transparent-header-meta":"default","adv-header-id-meta":"","stick-header-meta":"","header-above-stick-meta":"","header-main-stick-meta":"","header-below-stick-meta":"","astra-migrate-meta-layouts":"set","_joinchat":[]},"product_cat":[165,153,155,33,59,100,34,158,157,154,152,58,84,156,63,32],"product_tag":[77,36,37,41,73,40],"class_list":["post-1775","product","type-product","status-publish","has-post-thumbnail","hentry","product_cat-15000-puffs-disposable-vape","product_cat-hot-disposable-vapes","product_cat-belgium-hot-disposable-vapes","product_cat-france-vape-hot-sale","product_cat-germany-hot-disposable-vape","product_cat-germany-wholesale-vape-shop","product_cat-netherlands-vape-good-sale","product_cat-norway-hot-disposable-vapes","product_cat-poland-hot-disposable-vapes","product_cat-portugal-hot-disposable-vapes","product_cat-spain-hot-disposable-vapes","product_cat-sweden-hot-disposable-vape","product_cat-sweden-wholesale-vape","product_cat-switzerland-hot-disposable-vapes","product_cat-top-sale-disposable-vape","product_cat-vape-hot-sale-this-week","product_tag-15000-puffs","product_tag-good-vape","product_tag-hot-sale-disposable-vape","product_tag-poland-hot-vape","product_tag-randm-10000puffs-vape","product_tag-sweden-hot-vape","desktop-align-left","tablet-align-left","mobile-align-left"],"yoast_head":"<!-- This site is optimized with the Yoast SEO plugin v21.1 - https:\/\/yoast.com\/wordpress\/plugins\/seo\/ -->\n<title>QST Rum Bar Tornado 15000 Good Disposable Vape - vapebulkp.com<\/title>\n<meta name=\"description\" content=\"Get the QST Rum Bar Tornado 15000 Puffs Disposable Vape \u2014 high-capacity, sleek, and ready to use with rich flavors.\" \/>\n<meta name=\"robots\" content=\"index, follow, max-snippet:-1, max-image-preview:large, max-video-preview:-1\" \/>\n<link rel=\"canonical\" href=\"https:\/\/vapebulkp.com\/da\/product\/qst-rum-bar-tornado-15000-good-disposable-vape\/\" \/>\n<meta property=\"og:locale\" content=\"da_DK\" \/>\n<meta property=\"og:type\" content=\"article\" \/>\n<meta property=\"og:title\" content=\"QST Rum Bar Tornado 15000 Good Disposable Vape - vapebulkp.com\" \/>\n<meta property=\"og:description\" content=\"Get the QST Rum Bar Tornado 15000 Puffs Disposable Vape \u2014 high-capacity, sleek, and ready to use with rich flavors.\" \/>\n<meta property=\"og:url\" content=\"https:\/\/vapebulkp.com\/da\/product\/qst-rum-bar-tornado-15000-good-disposable-vape\/\" \/>\n<meta property=\"og:site_name\" content=\"vapebulkp.com\" \/>\n<meta property=\"article:modified_time\" content=\"2025-09-01T03:11:12+00:00\" \/>\n<meta property=\"og:image\" content=\"http:\/\/vapebulkp.com\/wp-content\/uploads\/2023\/10\/Rumbar-tornado-15000-Puffs.jpg\" \/>\n\t<meta property=\"og:image:width\" content=\"1000\" \/>\n\t<meta property=\"og:image:height\" content=\"734\" \/>\n\t<meta property=\"og:image:type\" content=\"image\/jpeg\" \/>\n<meta name=\"twitter:card\" content=\"summary_large_image\" \/>\n<meta name=\"twitter:label1\" content=\"Estimeret l\u00e6setid\" \/>\n\t<meta name=\"twitter:data1\" content=\"4 minutter\" \/>\n<script type=\"application\/ld+json\" class=\"yoast-schema-graph\">{\"@context\":\"https:\/\/schema.org\",\"@graph\":[{\"@type\":\"WebPage\",\"@id\":\"https:\/\/vapebulkp.com\/product\/qst-rum-bar-tornado-15000-good-disposable-vape\/\",\"url\":\"https:\/\/vapebulkp.com\/product\/qst-rum-bar-tornado-15000-good-disposable-vape\/\",\"name\":\"QST Rum Bar Tornado 15000 Good Disposable Vape - vapebulkp.com\",\"isPartOf\":{\"@id\":\"https:\/\/vapebulkp.com\/#website\"},\"datePublished\":\"2023-10-23T07:23:01+00:00\",\"dateModified\":\"2025-09-01T03:11:12+00:00\",\"description\":\"Get the QST Rum Bar Tornado 15000 Puffs Disposable Vape \u2014 high-capacity, sleek, and ready to use with rich flavors.\",\"breadcrumb\":{\"@id\":\"https:\/\/vapebulkp.com\/product\/qst-rum-bar-tornado-15000-good-disposable-vape\/#breadcrumb\"},\"inLanguage\":\"da-DK\",\"potentialAction\":[{\"@type\":\"ReadAction\",\"target\":[\"https:\/\/vapebulkp.com\/product\/qst-rum-bar-tornado-15000-good-disposable-vape\/\"]}]},{\"@type\":\"BreadcrumbList\",\"@id\":\"https:\/\/vapebulkp.com\/product\/qst-rum-bar-tornado-15000-good-disposable-vape\/#breadcrumb\",\"itemListElement\":[{\"@type\":\"ListItem\",\"position\":1,\"name\":\"Home\",\"item\":\"https:\/\/vapebulkp.com\/\"},{\"@type\":\"ListItem\",\"position\":2,\"name\":\"Hot Trend Vapes\",\"item\":\"https:\/\/vapebulkp.com\/vape-shop\/\"},{\"@type\":\"ListItem\",\"position\":3,\"name\":\"QST Rum Bar Tornado 15000 Good Disposable Vape\"}]},{\"@type\":\"WebSite\",\"@id\":\"https:\/\/vapebulkp.com\/#website\",\"url\":\"https:\/\/vapebulkp.com\/\",\"name\":\"vapebulkp.com\",\"description\":\"Buy Vape In Cheap Bulk Price Near you\",\"publisher\":{\"@id\":\"https:\/\/vapebulkp.com\/#organization\"},\"potentialAction\":[{\"@type\":\"SearchAction\",\"target\":{\"@type\":\"EntryPoint\",\"urlTemplate\":\"https:\/\/vapebulkp.com\/?s={search_term_string}\"},\"query-input\":\"required name=search_term_string\"}],\"inLanguage\":\"da-DK\"},{\"@type\":\"Organization\",\"@id\":\"https:\/\/vapebulkp.com\/#organization\",\"name\":\"vapebulkp.com\",\"url\":\"https:\/\/vapebulkp.com\/\",\"logo\":{\"@type\":\"ImageObject\",\"inLanguage\":\"da-DK\",\"@id\":\"https:\/\/vapebulkp.com\/#\/schema\/logo\/image\/\",\"url\":\"https:\/\/vapebulkp.com\/wp-content\/uploads\/2023\/09\/cropped-vapebulkp.png\",\"contentUrl\":\"https:\/\/vapebulkp.com\/wp-content\/uploads\/2023\/09\/cropped-vapebulkp.png\",\"width\":516,\"height\":163,\"caption\":\"vapebulkp.com\"},\"image\":{\"@id\":\"https:\/\/vapebulkp.com\/#\/schema\/logo\/image\/\"}}]}<\/script>\n<!-- \/ Yoast SEO plugin. -->","yoast_head_json":{"title":"QST Rum Bar Tornado 15000 Good Disposable Vape - vapebulkp.com","description":"Get the QST Rum Bar Tornado 15000 Puffs Disposable Vape \u2014 high-capacity, sleek, and ready to use with rich flavors.","robots":{"index":"index","follow":"follow","max-snippet":"max-snippet:-1","max-image-preview":"max-image-preview:large","max-video-preview":"max-video-preview:-1"},"canonical":"https:\/\/vapebulkp.com\/da\/product\/qst-rum-bar-tornado-15000-good-disposable-vape\/","og_locale":"da_DK","og_type":"article","og_title":"QST Rum Bar Tornado 15000 Good Disposable Vape - vapebulkp.com","og_description":"Get the QST Rum Bar Tornado 15000 Puffs Disposable Vape \u2014 high-capacity, sleek, and ready to use with rich flavors.","og_url":"https:\/\/vapebulkp.com\/da\/product\/qst-rum-bar-tornado-15000-good-disposable-vape\/","og_site_name":"vapebulkp.com","article_modified_time":"2025-09-01T03:11:12+00:00","og_image":[{"width":1000,"height":734,"url":"http:\/\/vapebulkp.com\/wp-content\/uploads\/2023\/10\/Rumbar-tornado-15000-Puffs.jpg","type":"image\/jpeg"}],"twitter_card":"summary_large_image","twitter_misc":{"Estimeret l\u00e6setid":"4 minutter"},"schema":{"@context":"https:\/\/schema.org","@graph":[{"@type":"WebPage","@id":"https:\/\/vapebulkp.com\/product\/qst-rum-bar-tornado-15000-good-disposable-vape\/","url":"https:\/\/vapebulkp.com\/product\/qst-rum-bar-tornado-15000-good-disposable-vape\/","name":"QST Rum Bar Tornado 15000 Good Disposable Vape - vapebulkp.com","isPartOf":{"@id":"https:\/\/vapebulkp.com\/#website"},"datePublished":"2023-10-23T07:23:01+00:00","dateModified":"2025-09-01T03:11:12+00:00","description":"Get the QST Rum Bar Tornado 15000 Puffs Disposable Vape \u2014 high-capacity, sleek, and ready to use with rich flavors.","breadcrumb":{"@id":"https:\/\/vapebulkp.com\/product\/qst-rum-bar-tornado-15000-good-disposable-vape\/#breadcrumb"},"inLanguage":"da-DK","potentialAction":[{"@type":"ReadAction","target":["https:\/\/vapebulkp.com\/product\/qst-rum-bar-tornado-15000-good-disposable-vape\/"]}]},{"@type":"BreadcrumbList","@id":"https:\/\/vapebulkp.com\/product\/qst-rum-bar-tornado-15000-good-disposable-vape\/#breadcrumb","itemListElement":[{"@type":"ListItem","position":1,"name":"Home","item":"https:\/\/vapebulkp.com\/"},{"@type":"ListItem","position":2,"name":"Hot Trend Vapes","item":"https:\/\/vapebulkp.com\/vape-shop\/"},{"@type":"ListItem","position":3,"name":"QST Rum Bar Tornado 15000 Good Disposable Vape"}]},{"@type":"WebSite","@id":"https:\/\/vapebulkp.com\/#website","url":"https:\/\/vapebulkp.com\/","name":"vapebulkp.com","description":"Buy Vape In Cheap Bulk Price Near you","publisher":{"@id":"https:\/\/vapebulkp.com\/#organization"},"potentialAction":[{"@type":"SearchAction","target":{"@type":"EntryPoint","urlTemplate":"https:\/\/vapebulkp.com\/?s={search_term_string}"},"query-input":"required name=search_term_string"}],"inLanguage":"da-DK"},{"@type":"Organization","@id":"https:\/\/vapebulkp.com\/#organization","name":"vapebulkp.com","url":"https:\/\/vapebulkp.com\/","logo":{"@type":"ImageObject","inLanguage":"da-DK","@id":"https:\/\/vapebulkp.com\/#\/schema\/logo\/image\/","url":"https:\/\/vapebulkp.com\/wp-content\/uploads\/2023\/09\/cropped-vapebulkp.png","contentUrl":"https:\/\/vapebulkp.com\/wp-content\/uploads\/2023\/09\/cropped-vapebulkp.png","width":516,"height":163,"caption":"vapebulkp.com"},"image":{"@id":"https:\/\/vapebulkp.com\/#\/schema\/logo\/image\/"}}]}},"uagb_featured_image_src":{"full":["https:\/\/vapebulkp.com\/wp-content\/uploads\/2023\/10\/Rumbar-tornado-15000-Puffs.jpg",1000,734,false],"thumbnail":["https:\/\/vapebulkp.com\/wp-content\/uploads\/2023\/10\/Rumbar-tornado-15000-Puffs-150x150.jpg",150,150,true],"medium":["https:\/\/vapebulkp.com\/wp-content\/uploads\/2023\/10\/Rumbar-tornado-15000-Puffs-300x220.jpg",300,220,true],"medium_large":["https:\/\/vapebulkp.com\/wp-content\/uploads\/2023\/10\/Rumbar-tornado-15000-Puffs-768x564.jpg",768,564,true],"large":["https:\/\/vapebulkp.com\/wp-content\/uploads\/2023\/10\/Rumbar-tornado-15000-Puffs.jpg",1000,734,false],"1536x1536":["https:\/\/vapebulkp.com\/wp-content\/uploads\/2023\/10\/Rumbar-tornado-15000-Puffs.jpg",1000,734,false],"2048x2048":["https:\/\/vapebulkp.com\/wp-content\/uploads\/2023\/10\/Rumbar-tornado-15000-Puffs.jpg",1000,734,false],"trp-custom-language-flag":["https:\/\/vapebulkp.com\/wp-content\/uploads\/2023\/10\/Rumbar-tornado-15000-Puffs.jpg",16,12,false],"woocommerce_thumbnail":["https:\/\/vapebulkp.com\/wp-content\/uploads\/2023\/10\/Rumbar-tornado-15000-Puffs-300x300.jpg",300,300,true],"woocommerce_single":["https:\/\/vapebulkp.com\/wp-content\/uploads\/2023\/10\/Rumbar-tornado-15000-Puffs-600x440.jpg",600,440,true],"woocommerce_gallery_thumbnail":["https:\/\/vapebulkp.com\/wp-content\/uploads\/2023\/10\/Rumbar-tornado-15000-Puffs-100x100.jpg",100,100,true],"wcpr-photo-reviews":["https:\/\/vapebulkp.com\/wp-content\/uploads\/2023\/10\/Rumbar-tornado-15000-Puffs.jpg",500,367,false]},"uagb_author_info":{"display_name":"Mandy vape bulk price","author_link":"https:\/\/vapebulkp.com\/da\/author\/"},"uagb_comment_info":1,"uagb_excerpt":"Good Sale Vape Rumbar Tornado 15000Puffs Rumbar Tornado 15000Puffs VAPE KIT Sweden Best Vape Rumbar Tornado 15000Puffs VAPE BAR Popular Rumbar Tornado 15000Puffs VAPE\u00a0 France Good Vape Rumbar Tornado 15000Puffs Top Sale Vape Pls Contact Mandy's WhatsApp For Discount Price+8618077105796 NOTE: Prices on our website does not include shipping costs","_links":{"self":[{"href":"https:\/\/vapebulkp.com\/da\/wp-json\/wp\/v2\/product\/1775","targetHints":{"allow":["GET"]}}],"collection":[{"href":"https:\/\/vapebulkp.com\/da\/wp-json\/wp\/v2\/product"}],"about":[{"href":"https:\/\/vapebulkp.com\/da\/wp-json\/wp\/v2\/types\/product"}],"replies":[{"embeddable":true,"href":"https:\/\/vapebulkp.com\/da\/wp-json\/wp\/v2\/comments?post=1775"}],"wp:featuredmedia":[{"embeddable":true,"href":"https:\/\/vapebulkp.com\/da\/wp-json\/wp\/v2\/media\/1939"}],"wp:attachment":[{"href":"https:\/\/vapebulkp.com\/da\/wp-json\/wp\/v2\/media?parent=1775"}],"wp:term":[{"taxonomy":"product_cat","embeddable":true,"href":"https:\/\/vapebulkp.com\/da\/wp-json\/wp\/v2\/product_cat?post=1775"},{"taxonomy":"product_tag","embeddable":true,"href":"https:\/\/vapebulkp.com\/da\/wp-json\/wp\/v2\/product_tag?post=1775"}],"curies":[{"name":"wp","href":"https:\/\/api.w.org\/{rel}","templated":true}]}}