{"id":1783,"date":"2023-10-25T04:02:28","date_gmt":"2023-10-25T02:02:28","guid":{"rendered":"https:\/\/vapebulkp.com\/?post_type=product&#038;p=1783"},"modified":"2025-09-01T04:57:41","modified_gmt":"2025-09-01T02:57:41","slug":"bulk-buy-vapetop-sale-breze-7500-puffs-sweden","status":"publish","type":"product","link":"https:\/\/vapebulkp.com\/da\/product\/bulk-buy-vapetop-sale-breze-7500-puffs-sweden\/","title":{"rendered":"K\u00f8b stort ind VapTop udsalg Breze 7500 Puffs Danmark"},"content":{"rendered":"<h2>Hvad er Bulk k\u00f8b VapTop Sale Breze 7500 Puffs Danmark?<\/h2>\n<p>&nbsp;<\/p>\n<p data-start=\"444\" data-end=\"744\">Den <strong data-start=\"474\" data-end=\"510\">Breze 7500 Puffs engangs-vape<\/strong> er en f\u00f8rsteklasses, langtidsholdbar vape, der er bygget til brugere, der kr\u00e6ver kvalitet, kapacitet og bekvemmelighed. Denne enhed er designet med europ\u00e6iske engrosk\u00f8bere og forhandlere i tankerne og kombinerer st\u00e6rk ydeevne med et slankt, brugsklart design.<\/p>\n<p data-start=\"746\" data-end=\"1032\">Hver enhed kommer <strong data-start=\"762\" data-end=\"820\">forudfyldt med 16 ml premium nikotinsalt e-v\u00e6ske<\/strong> og tilbyder et valg mellem 2% eller 5% nikotinstyrke. Med op til <strong data-start=\"883\" data-end=\"908\">7500 pust pr. enhed<\/strong>leverer Breze et ensartet dampoutput og j\u00e6vne hals-hits, der tilfredsstiller b\u00e5de afslappede brugere og erfarne vapers.<\/p>\n<p data-start=\"1034\" data-end=\"1313\">Drevet af et integreret batteri ankommer Breze <strong data-start=\"1086\" data-end=\"1119\">forudopladet og klar til at dampe<\/strong> lige ud af \u00e6sken, hvilket fjerner behovet for genopfyldning eller genopladning. Den avancerede nikotinsaltformulering forbedrer smagen og giver samtidig en afbalanceret, tilfredsstillende ind\u00e5nding uden h\u00e5rdhed.<\/p>\n<p data-start=\"1315\" data-end=\"1653\">Kompakt, p\u00e5lidelig og bygget til hverdagsbrug, er <strong data-start=\"1366\" data-end=\"1402\">Breze 7500 Puffs engangs-vape<\/strong> et glimrende valg til bulkordrer, detailsalg og private label-projekter med OEM-tilg\u00e6ngelighed. En betroet mulighed for <strong data-start=\"1532\" data-end=\"1577\">Europ\u00e6isk engrosmarked for engangsvapes<\/strong>, det sikrer lang holdbarhed, smidig logistik og hurtigt omskifteligt lager.<\/p>\n<h3><img decoding=\"async\" class=\"alignnone wp-image-1790\" src=\"http:\/\/vapebulkp.com\/wp-content\/uploads\/2023\/10\/Good-Sale-Vape-Breze-7500-Puffs-8.jpg\" alt=\"Godt salg vape Breze 7500 sug (8)\" width=\"652\" height=\"652\" srcset=\"https:\/\/vapebulkp.com\/wp-content\/uploads\/2023\/10\/Good-Sale-Vape-Breze-7500-Puffs-8.jpg 1000w, https:\/\/vapebulkp.com\/wp-content\/uploads\/2023\/10\/Good-Sale-Vape-Breze-7500-Puffs-8-300x300.jpg 300w, https:\/\/vapebulkp.com\/wp-content\/uploads\/2023\/10\/Good-Sale-Vape-Breze-7500-Puffs-8-150x150.jpg 150w, https:\/\/vapebulkp.com\/wp-content\/uploads\/2023\/10\/Good-Sale-Vape-Breze-7500-Puffs-8-768x768.jpg 768w, https:\/\/vapebulkp.com\/wp-content\/uploads\/2023\/10\/Good-Sale-Vape-Breze-7500-Puffs-8-600x600.jpg 600w, https:\/\/vapebulkp.com\/wp-content\/uploads\/2023\/10\/Good-Sale-Vape-Breze-7500-Puffs-8-100x100.jpg 100w\" sizes=\"(max-width: 652px) 100vw, 652px\" \/><\/h3>\n<h5><\/h5>\n<h6>Kontakt venligst Mandys WhatsApp for rabatpris<a href=\"https:\/\/wa.me\/8618077105796\">+8618077105796<\/a><\/h6>\n<p><img decoding=\"async\" class=\"alignnone wp-image-2151\" src=\"http:\/\/vapebulkp.com\/wp-content\/uploads\/2024\/04\/Mandy-WhatsApp-Randm.jpg\" alt=\"Mandy WhatsApp Randm\" width=\"313\" height=\"333\" srcset=\"https:\/\/vapebulkp.com\/wp-content\/uploads\/2024\/04\/Mandy-WhatsApp-Randm.jpg 916w, https:\/\/vapebulkp.com\/wp-content\/uploads\/2024\/04\/Mandy-WhatsApp-Randm-282x300.jpg 282w, https:\/\/vapebulkp.com\/wp-content\/uploads\/2024\/04\/Mandy-WhatsApp-Randm-768x817.jpg 768w, https:\/\/vapebulkp.com\/wp-content\/uploads\/2024\/04\/Mandy-WhatsApp-Randm-600x638.jpg 600w\" sizes=\"(max-width: 313px) 100vw, 313px\" \/><\/p>\n<h2>M\u00e5ske vil du gerne vide mere om Breze 7500 Puffs:<\/h2>\n<p>&nbsp;<\/p>\n<h6>1.HVAD ER E-V\u00c6SKEKAPACITETEN P\u00c5 Breze 7500 Puffs?<\/h6>\n<p>Denne enhed har 16 ml e-v\u00e6ske.<\/p>\n<h6>2. HVOR L\u00c6NGE HOLDER DENNE VAPE?<\/h6>\n<p>500 pust\/dag, kan holde 30 dage<br \/>\n1000 pust\/dag, kan holde 15 dage<br \/>\n2000 pust\/dag, kan holde 8 dage<\/p>\n<h6>3.HVORDAN OPLADES EN Breze 7500 Puffs ENGANGSVAPE?<\/h6>\n<p>Hurtigopladere kan ikke bruges. Standard sikker str\u00f8m til engangs e-cigaretter er 5V 1A. Hver opladningstid kan ikke overstige 1 time, og den sikre opladningstid er en halv time.<\/p>\n<p><span style=\"color: #ff6600\">Bem\u00e6rk: kan ikke oplade hele natten!<\/span><\/p>\n<h6>4.Hvordan bruges Breze 7500 Puffs?<\/h6>\n<p>1: F\u00f8r du bruger 15k pust, skal du fjerne plastikr\u00f8ret.<br \/>\n2: Vent ca. 3 minutter, s\u00e5 saften kommer ind i coilen indeni.<br \/>\n3: Begynd at nyde den<\/p>\n<h3><strong><span style=\"vertical-align: inherit\">Specifikation for engros vape Breze 7500 Puffs<\/span><\/strong><strong><span style=\"vertical-align: inherit\">\uff1a<\/span><br \/>\n<\/strong><\/h3>\n<ul>\n<li>Batteri: 650mAh (Type C)<br \/>\nKapacitet: 16 ml<br \/>\nSpole: 0,8 ohm mesh<br \/>\nOmtrentligt sugevolumen: 7500 sug<br \/>\nPlus nikotinstyrke: 2% ,5%<\/li>\n<li>Effektiv og konsistent str\u00f8mforsyning<\/li>\n<li>MOQ: 100 STK<\/li>\n<\/ul>\n<h3><strong>Hvad er den bedste engrospris Breze 7500 Puffs Vapes Smagsvarianter?<\/strong><\/h3>\n<p>&nbsp;<\/p>\n<p><strong>1.Kirseb\u00e6rcola<br \/>\n2.Mango fersken vandmelon<br \/>\n3.Bl\u00e5b\u00e6r sur hindb\u00e6r<br \/>\n4. Pina Colada<br \/>\n5.Saftig fersken is<br \/>\n6.Drue sodavand<br \/>\n7.Citron mynte<br \/>\n8. Vandmelon is<br \/>\n9. Tropisk regnbue eksplosion<br \/>\n10. Jordb\u00e6r is<br \/>\n11.Energidrik is<br \/>\n12 Bl\u00e5b\u00e6r is\u00a0<\/strong><\/p>\n<p>&nbsp;<\/p>\n<p><a href=\"https:\/\/vapebulkp.com\/da\/product\/popular-randm-tornado-7000puffs-disposable-vape-best-price\/\"><span style=\"vertical-align: inherit\">RandM Tornado 7000 pust <\/span><\/a><\/p>\n<p><span style=\"vertical-align: inherit\">Find flere produkter du m\u00e5ske kan lide:<\/span><em><a href=\"https:\/\/wa.me\/8618077105796\"><span style=\"vertical-align: inherit\">\u00a0K\u00f8b den nu<\/span><\/a><\/em><\/p>\n<p><span style=\"vertical-align: inherit\">Andre Puffs du m\u00e5ske kan lide:<\/span><a href=\"https:\/\/vapebulkp.com\/da\/product\/bang-box-12000puffs-good-vape-sweden-wholesale-price\/\"><span style=\"vertical-align: inherit\">Bang Box 12000 pust<\/span><\/a><span style=\"vertical-align: inherit\">\u3001<\/span><a href=\"https:\/\/vapebulkp.com\/da\/product\/top-sale-waspe-12000puffs-disposable-vape-wholesale-france\/\"><span style=\"vertical-align: inherit\">WASPE 12000 pust<\/span><\/a><span style=\"vertical-align: inherit\">\/ <\/span><a href=\"https:\/\/vapebulkp.com\/da\/product\/wholesale-randm-tornado-9000-puffs-germany\/\"><span style=\"vertical-align: inherit\">RandM Tornado 9000 Puf<\/span><\/a><span style=\"vertical-align: inherit\">\/ <\/span><a href=\"https:\/\/vapebulkp.com\/da\/product\/disposable-vape-crystal-600-puffs\/\"><span style=\"vertical-align: inherit\">Crystal 600 pust<\/span><\/a><\/p>\n<p><span style=\"vertical-align: inherit\">E-cigaret flaske med special form:<\/span><a href=\"https:\/\/vapebulkp.com\/da\/product\/good-sale-randm-tornado-10000-puffs-plus\/\"><span style=\"vertical-align: inherit\">RandM Tornado 10000 pust Plus <\/span><\/a><span style=\"vertical-align: inherit\">\/<\/span><a href=\"https:\/\/vapebulkp.com\/da\/product\/popular-vape-bang-king-15000-puffs-bang-vape\/\"><span style=\"vertical-align: inherit\">Bang Vape King 15000 sug <\/span><\/a><\/p>\n<h5>Produktionskvalifikation:<\/h5>\n<p>&nbsp;<\/p>\n<p><img decoding=\"async\" class=\"alignnone size-full wp-image-1841\" src=\"http:\/\/vapebulkp.com\/wp-content\/uploads\/2023\/11\/Vape-production-process-2.jpeg\" alt=\"Vape produktionsproces\" width=\"650\" height=\"434\" srcset=\"https:\/\/vapebulkp.com\/wp-content\/uploads\/2023\/11\/Vape-production-process-2.jpeg 650w, https:\/\/vapebulkp.com\/wp-content\/uploads\/2023\/11\/Vape-production-process-2-300x200.jpeg 300w, https:\/\/vapebulkp.com\/wp-content\/uploads\/2023\/11\/Vape-production-process-2-600x401.jpeg 600w\" sizes=\"(max-width: 650px) 100vw, 650px\" \/><\/p>\n<p><img decoding=\"async\" class=\"alignnone wp-image-1843\" src=\"http:\/\/vapebulkp.com\/wp-content\/uploads\/2023\/11\/Vape-production-process.jpeg\" alt=\"Vape produktionsproces\" width=\"652\" height=\"1043\" srcset=\"https:\/\/vapebulkp.com\/wp-content\/uploads\/2023\/11\/Vape-production-process.jpeg 641w, https:\/\/vapebulkp.com\/wp-content\/uploads\/2023\/11\/Vape-production-process-187x300.jpeg 187w, https:\/\/vapebulkp.com\/wp-content\/uploads\/2023\/11\/Vape-production-process-640x1024.jpeg 640w, https:\/\/vapebulkp.com\/wp-content\/uploads\/2023\/11\/Vape-production-process-600x960.jpeg 600w\" sizes=\"(max-width: 652px) 100vw, 652px\" \/><\/p>\n<h5>Ofte stillede sp\u00f8rgsm\u00e5l:<\/h5>\n<p>Q: Hvad er MOQ for Breze 7500 sug?<br \/>\nA: Minimumsbestilling er 100 stk.<br \/>\nQ: Hvad er leveringstiden for den bestilte vape?<br \/>\nA: Normalt 10-15 dage efter afsendelse<br \/>\nQ: Hvor meget er forsendelsesomkostningerne? A: Forsendelsesomkostningerne afh\u00e6nger af v\u00e6gten. Forskellige m\u00e6ngder har forskellige forsendelsesomkostninger, kontakt os venligst for at bekr\u00e6fte forsendelsesomkostningerne.<\/p>\n<p>&nbsp;<\/p>\n<h4>Forsendelsesdetaljer:<\/h4>\n<p><span style=\"color: #ff6600\">Produktionstid: 5-10 arbejdsdage<\/span><br \/>\n<span style=\"color: #ff6600\">Leveringstid: 8-14 arbejdsdage<\/span><\/p>\n<p>Alle produkter i vores butik er 100% originale og autentiske, s\u00e5 ti gange kompensation for falske varer er vores butikspolitik. Vi bruger logistikkanaler som UPS\/DHL\/FEDEX\/DPD til at levere varer til dig.<\/p>\n<p>For pakker sendt til Danmark tager det normalt 10 arbejdsdage at ankomme. Forsendelse til europ\u00e6iske lande tager normalt 12 til 15 arbejdsdage at ankomme. Vi vil opdatere logistikinformationen for dig i realtid.<\/p>\n<h3>God eftersalgsservice:<\/h3>\n<p><span style=\"color: #ff6600\">Bem\u00e6rk: Ingen returnering eller ombytning ved ikke-kvalitetsproblemer<\/span><br \/>\n1. Kunder kan v\u00e6lge den \u00f8nskede smag, men hvis smagen er udsolgt, vil produktionsafdelingen v\u00e6lge en popul\u00e6r smag til at erstatte den. Kunder har ikke lov til at ans\u00f8ge om refusion eller ombytning baseret p\u00e5 smag.<\/p>\n<p>2. Ved kvalitetsproblemer bedes du give specifikke video- og billedbeskrivelser.<br \/>\nHvis du ikke kan freml\u00e6gge beviser som videoer og billeder, kan varerne ikke ombyttes.<\/p>","protected":false},"excerpt":{"rendered":"<p>Godt salg vape pen Breze 7500 Puffs varmt salg i Tyskland<br \/>\nBreze 7500 Puffs VAPE KIT Danmark<br \/>\nPopul\u00e6r vape Breze 7500 Puffs VAPE BAR<br \/>\nPopul\u00e6r Breze 7500 Puffs VAPE Frankrig<br \/>\nGod vape Breze 7500 Puffs topsalg vape pen<\/p>\n<p><img decoding=\"async\" class=\"alignnone wp-image-2151\" src=\"http:\/\/vapebulkp.com\/wp-content\/uploads\/2024\/04\/Mandy-WhatsApp-Randm.jpg\" alt=\"Mandy WhatsApp Randm\" width=\"276\" height=\"294\" srcset=\"https:\/\/vapebulkp.com\/wp-content\/uploads\/2024\/04\/Mandy-WhatsApp-Randm.jpg 916w, https:\/\/vapebulkp.com\/wp-content\/uploads\/2024\/04\/Mandy-WhatsApp-Randm-282x300.jpg 282w, https:\/\/vapebulkp.com\/wp-content\/uploads\/2024\/04\/Mandy-WhatsApp-Randm-768x817.jpg 768w, https:\/\/vapebulkp.com\/wp-content\/uploads\/2024\/04\/Mandy-WhatsApp-Randm-600x638.jpg 600w\" sizes=\"(max-width: 276px) 100vw, 276px\" \/><\/p>\n<p>Kontakt venligst Mandys WhatsApp for rabatpris<a href=\"https:\/\/wa.me\/8618077105796\">+8618077105796<\/a><\/p>\n<p><span style=\"color: #ff0000\">BEM\u00c6RK: Priserne p\u00e5 vores hjemmeside inkluderer ikke forsendelsesomkostninger<\/span><\/p>","protected":false},"featured_media":1784,"comment_status":"open","ping_status":"closed","template":"","meta":{"_uag_custom_page_level_css":"","_lmt_disableupdate":"no","_lmt_disable":"","site-sidebar-layout":"default","site-content-layout":"content-boxed-container","ast-site-content-layout":"normal-width-container","site-content-style":"boxed","site-sidebar-style":"unboxed","ast-global-header-display":"","ast-banner-title-visibility":"","ast-main-header-display":"","ast-hfb-above-header-display":"","ast-hfb-below-header-display":"","ast-hfb-mobile-header-display":"","site-post-title":"","ast-breadcrumbs-content":"","ast-featured-img":"","footer-sml-layout":"","theme-transparent-header-meta":"default","adv-header-id-meta":"","stick-header-meta":"","header-above-stick-meta":"","header-main-stick-meta":"","header-below-stick-meta":"","astra-migrate-meta-layouts":"set","_joinchat":[]},"product_cat":[153,155,33,59,100,34,158,157,154,152,58,84,156,63,32],"product_tag":[79,36,37,41,73,40],"class_list":["post-1783","product","type-product","status-publish","has-post-thumbnail","hentry","product_cat-hot-disposable-vapes","product_cat-belgium-hot-disposable-vapes","product_cat-france-vape-hot-sale","product_cat-germany-hot-disposable-vape","product_cat-germany-wholesale-vape-shop","product_cat-netherlands-vape-good-sale","product_cat-norway-hot-disposable-vapes","product_cat-poland-hot-disposable-vapes","product_cat-portugal-hot-disposable-vapes","product_cat-spain-hot-disposable-vapes","product_cat-sweden-hot-disposable-vape","product_cat-sweden-wholesale-vape","product_cat-switzerland-hot-disposable-vapes","product_cat-top-sale-disposable-vape","product_cat-vape-hot-sale-this-week","product_tag-7500-puffs","product_tag-good-vape","product_tag-hot-sale-disposable-vape","product_tag-poland-hot-vape","product_tag-randm-10000puffs-vape","product_tag-sweden-hot-vape","desktop-align-left","tablet-align-left","mobile-align-left"],"yoast_head":"<!-- This site is optimized with the Yoast SEO plugin v21.1 - https:\/\/yoast.com\/wordpress\/plugins\/seo\/ -->\n<title>Bulk Buy VapTop Sale Breze 7500 Puffs Sweden - vapebulkp.com<\/title>\n<meta name=\"description\" content=\"Join the Vaping Revolution with Bulk Buy VapeTop Sale Breze 7500 Puffs Sweden Disposable E-CigaretteIt&#039;s time to join the vaping revolution with the Breze 7500 Puffs Disposable Vape.\" \/>\n<meta name=\"robots\" content=\"index, follow, max-snippet:-1, max-image-preview:large, max-video-preview:-1\" \/>\n<link rel=\"canonical\" href=\"https:\/\/vapebulkp.com\/da\/product\/bulk-buy-vapetop-sale-breze-7500-puffs-sweden\/\" \/>\n<meta property=\"og:locale\" content=\"da_DK\" \/>\n<meta property=\"og:type\" content=\"article\" \/>\n<meta property=\"og:title\" content=\"Bulk Buy VapTop Sale Breze 7500 Puffs Sweden - vapebulkp.com\" \/>\n<meta property=\"og:description\" content=\"Join the Vaping Revolution with Bulk Buy VapeTop Sale Breze 7500 Puffs Sweden Disposable E-CigaretteIt&#039;s time to join the vaping revolution with the Breze 7500 Puffs Disposable Vape.\" \/>\n<meta property=\"og:url\" content=\"https:\/\/vapebulkp.com\/da\/product\/bulk-buy-vapetop-sale-breze-7500-puffs-sweden\/\" \/>\n<meta property=\"og:site_name\" content=\"vapebulkp.com\" \/>\n<meta property=\"article:modified_time\" content=\"2025-09-01T02:57:41+00:00\" \/>\n<meta property=\"og:image\" content=\"http:\/\/vapebulkp.com\/wp-content\/uploads\/2023\/10\/Good-Sale-Vape-Breze-7500-Puffs-2.jpg\" \/>\n\t<meta property=\"og:image:width\" content=\"1000\" \/>\n\t<meta property=\"og:image:height\" content=\"1000\" \/>\n\t<meta property=\"og:image:type\" content=\"image\/jpeg\" \/>\n<meta name=\"twitter:card\" content=\"summary_large_image\" \/>\n<meta name=\"twitter:label1\" content=\"Estimeret l\u00e6setid\" \/>\n\t<meta name=\"twitter:data1\" content=\"4 minutter\" \/>\n<script type=\"application\/ld+json\" class=\"yoast-schema-graph\">{\"@context\":\"https:\/\/schema.org\",\"@graph\":[{\"@type\":\"WebPage\",\"@id\":\"https:\/\/vapebulkp.com\/product\/bulk-buy-vapetop-sale-breze-7500-puffs-sweden\/\",\"url\":\"https:\/\/vapebulkp.com\/product\/bulk-buy-vapetop-sale-breze-7500-puffs-sweden\/\",\"name\":\"Bulk Buy VapTop Sale Breze 7500 Puffs Sweden - vapebulkp.com\",\"isPartOf\":{\"@id\":\"https:\/\/vapebulkp.com\/#website\"},\"datePublished\":\"2023-10-25T02:02:28+00:00\",\"dateModified\":\"2025-09-01T02:57:41+00:00\",\"description\":\"Join the Vaping Revolution with Bulk Buy VapeTop Sale Breze 7500 Puffs Sweden Disposable E-CigaretteIt's time to join the vaping revolution with the Breze 7500 Puffs Disposable Vape.\",\"breadcrumb\":{\"@id\":\"https:\/\/vapebulkp.com\/product\/bulk-buy-vapetop-sale-breze-7500-puffs-sweden\/#breadcrumb\"},\"inLanguage\":\"da-DK\",\"potentialAction\":[{\"@type\":\"ReadAction\",\"target\":[\"https:\/\/vapebulkp.com\/product\/bulk-buy-vapetop-sale-breze-7500-puffs-sweden\/\"]}]},{\"@type\":\"BreadcrumbList\",\"@id\":\"https:\/\/vapebulkp.com\/product\/bulk-buy-vapetop-sale-breze-7500-puffs-sweden\/#breadcrumb\",\"itemListElement\":[{\"@type\":\"ListItem\",\"position\":1,\"name\":\"Home\",\"item\":\"https:\/\/vapebulkp.com\/\"},{\"@type\":\"ListItem\",\"position\":2,\"name\":\"Hot Trend Vapes\",\"item\":\"https:\/\/vapebulkp.com\/vape-shop\/\"},{\"@type\":\"ListItem\",\"position\":3,\"name\":\"Bulk Buy VapTop Sale Breze 7500 Puffs Sweden\"}]},{\"@type\":\"WebSite\",\"@id\":\"https:\/\/vapebulkp.com\/#website\",\"url\":\"https:\/\/vapebulkp.com\/\",\"name\":\"vapebulkp.com\",\"description\":\"Buy Vape In Cheap Bulk Price Near you\",\"publisher\":{\"@id\":\"https:\/\/vapebulkp.com\/#organization\"},\"potentialAction\":[{\"@type\":\"SearchAction\",\"target\":{\"@type\":\"EntryPoint\",\"urlTemplate\":\"https:\/\/vapebulkp.com\/?s={search_term_string}\"},\"query-input\":\"required name=search_term_string\"}],\"inLanguage\":\"da-DK\"},{\"@type\":\"Organization\",\"@id\":\"https:\/\/vapebulkp.com\/#organization\",\"name\":\"vapebulkp.com\",\"url\":\"https:\/\/vapebulkp.com\/\",\"logo\":{\"@type\":\"ImageObject\",\"inLanguage\":\"da-DK\",\"@id\":\"https:\/\/vapebulkp.com\/#\/schema\/logo\/image\/\",\"url\":\"https:\/\/vapebulkp.com\/wp-content\/uploads\/2023\/09\/cropped-vapebulkp.png\",\"contentUrl\":\"https:\/\/vapebulkp.com\/wp-content\/uploads\/2023\/09\/cropped-vapebulkp.png\",\"width\":516,\"height\":163,\"caption\":\"vapebulkp.com\"},\"image\":{\"@id\":\"https:\/\/vapebulkp.com\/#\/schema\/logo\/image\/\"}}]}<\/script>\n<!-- \/ Yoast SEO plugin. -->","yoast_head_json":{"title":"Bulk Buy VapTop Sale Breze 7500 Puffs Sweden - vapebulkp.com","description":"Join the Vaping Revolution with Bulk Buy VapeTop Sale Breze 7500 Puffs Sweden Disposable E-CigaretteIt's time to join the vaping revolution with the Breze 7500 Puffs Disposable Vape.","robots":{"index":"index","follow":"follow","max-snippet":"max-snippet:-1","max-image-preview":"max-image-preview:large","max-video-preview":"max-video-preview:-1"},"canonical":"https:\/\/vapebulkp.com\/da\/product\/bulk-buy-vapetop-sale-breze-7500-puffs-sweden\/","og_locale":"da_DK","og_type":"article","og_title":"Bulk Buy VapTop Sale Breze 7500 Puffs Sweden - vapebulkp.com","og_description":"Join the Vaping Revolution with Bulk Buy VapeTop Sale Breze 7500 Puffs Sweden Disposable E-CigaretteIt's time to join the vaping revolution with the Breze 7500 Puffs Disposable Vape.","og_url":"https:\/\/vapebulkp.com\/da\/product\/bulk-buy-vapetop-sale-breze-7500-puffs-sweden\/","og_site_name":"vapebulkp.com","article_modified_time":"2025-09-01T02:57:41+00:00","og_image":[{"width":1000,"height":1000,"url":"http:\/\/vapebulkp.com\/wp-content\/uploads\/2023\/10\/Good-Sale-Vape-Breze-7500-Puffs-2.jpg","type":"image\/jpeg"}],"twitter_card":"summary_large_image","twitter_misc":{"Estimeret l\u00e6setid":"4 minutter"},"schema":{"@context":"https:\/\/schema.org","@graph":[{"@type":"WebPage","@id":"https:\/\/vapebulkp.com\/product\/bulk-buy-vapetop-sale-breze-7500-puffs-sweden\/","url":"https:\/\/vapebulkp.com\/product\/bulk-buy-vapetop-sale-breze-7500-puffs-sweden\/","name":"Bulk Buy VapTop Sale Breze 7500 Puffs Sweden - vapebulkp.com","isPartOf":{"@id":"https:\/\/vapebulkp.com\/#website"},"datePublished":"2023-10-25T02:02:28+00:00","dateModified":"2025-09-01T02:57:41+00:00","description":"Join the Vaping Revolution with Bulk Buy VapeTop Sale Breze 7500 Puffs Sweden Disposable E-CigaretteIt's time to join the vaping revolution with the Breze 7500 Puffs Disposable Vape.","breadcrumb":{"@id":"https:\/\/vapebulkp.com\/product\/bulk-buy-vapetop-sale-breze-7500-puffs-sweden\/#breadcrumb"},"inLanguage":"da-DK","potentialAction":[{"@type":"ReadAction","target":["https:\/\/vapebulkp.com\/product\/bulk-buy-vapetop-sale-breze-7500-puffs-sweden\/"]}]},{"@type":"BreadcrumbList","@id":"https:\/\/vapebulkp.com\/product\/bulk-buy-vapetop-sale-breze-7500-puffs-sweden\/#breadcrumb","itemListElement":[{"@type":"ListItem","position":1,"name":"Home","item":"https:\/\/vapebulkp.com\/"},{"@type":"ListItem","position":2,"name":"Hot Trend Vapes","item":"https:\/\/vapebulkp.com\/vape-shop\/"},{"@type":"ListItem","position":3,"name":"Bulk Buy VapTop Sale Breze 7500 Puffs Sweden"}]},{"@type":"WebSite","@id":"https:\/\/vapebulkp.com\/#website","url":"https:\/\/vapebulkp.com\/","name":"vapebulkp.com","description":"Buy Vape In Cheap Bulk Price Near you","publisher":{"@id":"https:\/\/vapebulkp.com\/#organization"},"potentialAction":[{"@type":"SearchAction","target":{"@type":"EntryPoint","urlTemplate":"https:\/\/vapebulkp.com\/?s={search_term_string}"},"query-input":"required name=search_term_string"}],"inLanguage":"da-DK"},{"@type":"Organization","@id":"https:\/\/vapebulkp.com\/#organization","name":"vapebulkp.com","url":"https:\/\/vapebulkp.com\/","logo":{"@type":"ImageObject","inLanguage":"da-DK","@id":"https:\/\/vapebulkp.com\/#\/schema\/logo\/image\/","url":"https:\/\/vapebulkp.com\/wp-content\/uploads\/2023\/09\/cropped-vapebulkp.png","contentUrl":"https:\/\/vapebulkp.com\/wp-content\/uploads\/2023\/09\/cropped-vapebulkp.png","width":516,"height":163,"caption":"vapebulkp.com"},"image":{"@id":"https:\/\/vapebulkp.com\/#\/schema\/logo\/image\/"}}]}},"uagb_featured_image_src":{"full":["https:\/\/vapebulkp.com\/wp-content\/uploads\/2023\/10\/Good-Sale-Vape-Breze-7500-Puffs-2.jpg",1000,1000,false],"thumbnail":["https:\/\/vapebulkp.com\/wp-content\/uploads\/2023\/10\/Good-Sale-Vape-Breze-7500-Puffs-2-150x150.jpg",150,150,true],"medium":["https:\/\/vapebulkp.com\/wp-content\/uploads\/2023\/10\/Good-Sale-Vape-Breze-7500-Puffs-2-300x300.jpg",300,300,true],"medium_large":["https:\/\/vapebulkp.com\/wp-content\/uploads\/2023\/10\/Good-Sale-Vape-Breze-7500-Puffs-2-768x768.jpg",768,768,true],"large":["https:\/\/vapebulkp.com\/wp-content\/uploads\/2023\/10\/Good-Sale-Vape-Breze-7500-Puffs-2.jpg",1000,1000,false],"1536x1536":["https:\/\/vapebulkp.com\/wp-content\/uploads\/2023\/10\/Good-Sale-Vape-Breze-7500-Puffs-2.jpg",1000,1000,false],"2048x2048":["https:\/\/vapebulkp.com\/wp-content\/uploads\/2023\/10\/Good-Sale-Vape-Breze-7500-Puffs-2.jpg",1000,1000,false],"trp-custom-language-flag":["https:\/\/vapebulkp.com\/wp-content\/uploads\/2023\/10\/Good-Sale-Vape-Breze-7500-Puffs-2.jpg",12,12,false],"woocommerce_thumbnail":["https:\/\/vapebulkp.com\/wp-content\/uploads\/2023\/10\/Good-Sale-Vape-Breze-7500-Puffs-2-300x300.jpg",300,300,true],"woocommerce_single":["https:\/\/vapebulkp.com\/wp-content\/uploads\/2023\/10\/Good-Sale-Vape-Breze-7500-Puffs-2-600x600.jpg",600,600,true],"woocommerce_gallery_thumbnail":["https:\/\/vapebulkp.com\/wp-content\/uploads\/2023\/10\/Good-Sale-Vape-Breze-7500-Puffs-2-100x100.jpg",100,100,true],"wcpr-photo-reviews":["https:\/\/vapebulkp.com\/wp-content\/uploads\/2023\/10\/Good-Sale-Vape-Breze-7500-Puffs-2.jpg",500,500,false]},"uagb_author_info":{"display_name":"Mandy vape bulk price","author_link":"https:\/\/vapebulkp.com\/da\/author\/"},"uagb_comment_info":0,"uagb_excerpt":"Good Sale Vape pen Breze 7500 Puffs Hot Sale In Germany Breze 7500 Puffs VAPE KIT Sweden Popular Vape Breze 7500 Puffs VAPE BAR Popular Breze 7500 Puffs VAPE\u00a0 France Good Vape Breze 7500 Puffs Top Sale Vape pen Pls Contact Mandy's WhatsApp For Discount Price+8618077105796 NOTE: Prices on our website does not include shipping&hellip;","_links":{"self":[{"href":"https:\/\/vapebulkp.com\/da\/wp-json\/wp\/v2\/product\/1783","targetHints":{"allow":["GET"]}}],"collection":[{"href":"https:\/\/vapebulkp.com\/da\/wp-json\/wp\/v2\/product"}],"about":[{"href":"https:\/\/vapebulkp.com\/da\/wp-json\/wp\/v2\/types\/product"}],"replies":[{"embeddable":true,"href":"https:\/\/vapebulkp.com\/da\/wp-json\/wp\/v2\/comments?post=1783"}],"wp:featuredmedia":[{"embeddable":true,"href":"https:\/\/vapebulkp.com\/da\/wp-json\/wp\/v2\/media\/1784"}],"wp:attachment":[{"href":"https:\/\/vapebulkp.com\/da\/wp-json\/wp\/v2\/media?parent=1783"}],"wp:term":[{"taxonomy":"product_cat","embeddable":true,"href":"https:\/\/vapebulkp.com\/da\/wp-json\/wp\/v2\/product_cat?post=1783"},{"taxonomy":"product_tag","embeddable":true,"href":"https:\/\/vapebulkp.com\/da\/wp-json\/wp\/v2\/product_tag?post=1783"}],"curies":[{"name":"wp","href":"https:\/\/api.w.org\/{rel}","templated":true}]}}