{"id":1849,"date":"2023-11-09T08:16:47","date_gmt":"2023-11-09T07:16:47","guid":{"rendered":"https:\/\/vapebulkp.com\/?post_type=product&#038;p=1849"},"modified":"2025-09-24T05:13:26","modified_gmt":"2025-09-24T03:13:26","slug":"popular-vape-bang-king-15000-puffs-bang-vape","status":"publish","type":"product","link":"https:\/\/vapebulkp.com\/da\/product\/popular-vape-bang-king-15000-puffs-bang-vape\/","title":{"rendered":"Popul\u00e6r Vape Bang King 15000 Puffs Bang Vape"},"content":{"rendered":"<h2>Popul\u00e6r Vape Bang King 15000 Puffs Bang Vape<\/h2>\n<p data-start=\"118\" data-end=\"446\">Den <strong data-start=\"122\" data-end=\"141\">Bang King 15000 pust<\/strong>\u00a0er en h\u00f8jkapacitets <strong data-start=\"161\" data-end=\"193\">genopladelig engangs vape<\/strong> designet til j\u00e6vn, langvarig ydeevne. Kompakt og b\u00e6rbar, dens slanke flaskedesign g\u00f8r den let at b\u00e6re overalt. Med en 25 ml e-v\u00e6ske tank og nikotinsaltmuligheder p\u00e5 2% eller 5%, leverer den rig, tilfredsstillende smag i op til 15.000 sug.<\/p>\n<p data-start=\"448\" data-end=\"749\">Udstyret med et 650mAh h\u00f8jtydende batteri, sikrer <strong data-start=\"501\" data-end=\"543\">Bang King 15000 engangs e-cigaret<\/strong> konsekvent damp og p\u00e5lidelige sug hele dagen. Dets RGB-lyssystem skifter dynamisk farve baseret p\u00e5 batteriniveau og valgt smag, hvilket giver et visuelt sl\u00e5ende touch for brugerne.<\/p>\n<p data-start=\"751\" data-end=\"971\">Ideel til b\u00e5de daglig dampning og sociale sammenkomster, denne <strong data-start=\"805\" data-end=\"838\">h\u00f8j kapacitet <a href=\"https:\/\/vapebulkp.com\/da\/product-category\/15000-puffs-disposable-vape\/\">15000 sug engangs-vape<\/a><\/strong> kombinerer stil, kraft og avanceret funktionalitet, hvilket g\u00f8r den til et topvalg for forbrugere og grossister i Danmark.<\/p>\n<p><img decoding=\"async\" class=\"alignnone wp-image-1853\" src=\"http:\/\/vapebulkp.com\/wp-content\/uploads\/2023\/11\/Bang-King-15000-puffs-Germany-Vape.png\" alt=\"Bang King 15000 pust Danmark Vape\" width=\"938\" height=\"528\" srcset=\"https:\/\/vapebulkp.com\/wp-content\/uploads\/2023\/11\/Bang-King-15000-puffs-Germany-Vape.png 1920w, https:\/\/vapebulkp.com\/wp-content\/uploads\/2023\/11\/Bang-King-15000-puffs-Germany-Vape-300x169.png 300w, https:\/\/vapebulkp.com\/wp-content\/uploads\/2023\/11\/Bang-King-15000-puffs-Germany-Vape-1024x576.png 1024w, https:\/\/vapebulkp.com\/wp-content\/uploads\/2023\/11\/Bang-King-15000-puffs-Germany-Vape-768x432.png 768w, https:\/\/vapebulkp.com\/wp-content\/uploads\/2023\/11\/Bang-King-15000-puffs-Germany-Vape-1536x864.png 1536w, https:\/\/vapebulkp.com\/wp-content\/uploads\/2023\/11\/Bang-King-15000-puffs-Germany-Vape-600x338.png 600w\" sizes=\"(max-width: 938px) 100vw, 938px\" \/><\/p>\n<h6>Kontakt venligst Mandys WhatsApp for rabatpris<a href=\"https:\/\/wa.me\/8618077105796\">+8618077105796<\/a><\/h6>\n<h3><img decoding=\"async\" class=\"alignnone wp-image-2151\" src=\"http:\/\/vapebulkp.com\/wp-content\/uploads\/2024\/04\/Mandy-WhatsApp-Randm.jpg\" alt=\"Mandy WhatsApp Randm\" width=\"225\" height=\"239\" srcset=\"https:\/\/vapebulkp.com\/wp-content\/uploads\/2024\/04\/Mandy-WhatsApp-Randm.jpg 916w, https:\/\/vapebulkp.com\/wp-content\/uploads\/2024\/04\/Mandy-WhatsApp-Randm-282x300.jpg 282w, https:\/\/vapebulkp.com\/wp-content\/uploads\/2024\/04\/Mandy-WhatsApp-Randm-768x817.jpg 768w, https:\/\/vapebulkp.com\/wp-content\/uploads\/2024\/04\/Mandy-WhatsApp-Randm-600x638.jpg 600w\" sizes=\"(max-width: 225px) 100vw, 225px\" \/><\/h3>\n<h2>T\u00e6nkte du m\u00e5ske ville vide om Bang engangs vapes 15000 sug:<\/h2>\n<p>&nbsp;<\/p>\n<h6>1.HVAD ER E-V\u00c6SKE KAPACITETEN P\u00c5 Bang Vape 15000Puffs?<\/h6>\n<p>Denne enhed har 25 ml e-v\u00e6ske.<\/p>\n<h6>2.Hvor l\u00e6nge holder denne puff Bang King?<\/h6>\n<p>500 pust\/dag, kan holde 30 dage<br \/>\n1000 pust\/dag, kan holde 15 dage<br \/>\n2000pust\/dag, kan holde 7,5 dage<\/p>\n<h6>3.HVORDAN OPLADES ENGANGSVAPEN Bang Vape 15000 Puffs ENHEDEN?<\/h6>\n<p>Hurtigopladere kan ikke bruges. Standard sikker str\u00f8m til engangs e-cigaretter er 5V 1A. Hver opladningstid kan ikke overstige 1 time, og den sikre opladningstid er en halv time.<\/p>\n<p><span style=\"color: #ff6600\">Bem\u00e6rk: kan ikke oplade hele natten!<\/span><\/p>\n<h6>4.Hvordan bruges Bang Vape 15000 Pust flaske?<\/h6>\n<p>1: Riv venligst emballagen op f\u00f8r brug af 15k Puffs.<br \/>\n2: S\u00e6t derefter forseglingen p\u00e5 bunden af vapen<br \/>\n3: Begynd at nyde den<\/p>\n<h3><strong><span style=\"vertical-align: inherit\">Specifikation for engros Vape Bang King 15000<\/span><\/strong>Pust<strong><span style=\"vertical-align: inherit\">\uff1a<\/span><br \/>\n<\/strong><\/h3>\n<ul>\n<li>650mAh Indbygget Batteri<\/li>\n<li>Genopladelig<\/li>\n<li>Effektiv og konsistent str\u00f8mforsyning<\/li>\n<li>25ml Forfyldt E-juice<\/li>\n<li>2% 5% Nikotin niveau<\/li>\n<li>Tilfredsstiller n\u00e6sten 15000 Pust<\/li>\n<li>Justerbar luftstr\u00f8m<\/li>\n<li>MOQ: 100 STK<\/li>\n<\/ul>\n<h3><strong>Hvad er den bedste bang vape<\/strong> 15k pust f<strong>smage 15000Puffs?<\/strong><\/h3>\n<p>1.Jordb\u00e6r Vandmelon<br \/>\n2.Triple B\u00e6r Is<br \/>\n3.Frodig Is<br \/>\n4.FERSKEN Is<br \/>\n5. Jordb\u00e6r Kiwi<br \/>\n6.Blue Razz Ice<br \/>\n7. Aloe Drue<br \/>\n8.Fersken Mango<br \/>\n9.Dobbelt \u00c6ble<br \/>\n10.Tropisk Frugt<\/p>\n<p><span style=\"vertical-align: inherit\">Find flere produkter du m\u00e5ske kan lide:<\/span><em><a href=\"https:\/\/wa.me\/8618077105796\"><span style=\"vertical-align: inherit\">\u00a0K\u00f8b den nu<\/span><\/a><\/em><\/p>\n<p><span style=\"vertical-align: inherit\">Andre Puffs du m\u00e5ske kan lide:<\/span><a href=\"https:\/\/vapebulkp.com\/da\/product\/bang-box-12000puffs-good-vape-sweden-wholesale-price\/\"><span style=\"vertical-align: inherit\">Bang Box 12000 pust<\/span><\/a><span style=\"vertical-align: inherit\">\u3001<\/span><a href=\"https:\/\/vapebulkp.com\/da\/product\/top-sale-waspe-12000puffs-disposable-vape-wholesale-france\/\"><span style=\"vertical-align: inherit\">WASPE 12000 pust<\/span><\/a><span style=\"vertical-align: inherit\">\/ <\/span><a href=\"https:\/\/vapebulkp.com\/da\/product\/wholesale-randm-tornado-9000-puffs-germany\/\"><span style=\"vertical-align: inherit\">RandM Tornado 9000 Puf<\/span><\/a><span style=\"vertical-align: inherit\">\/ <\/span><a href=\"https:\/\/vapebulkp.com\/da\/product\/wholesale-price-og-super-smash-10000-puffs-disposable-vape\/\"><span style=\"vertical-align: inherit\">Og Super samsh 10000 sug<\/span><\/a><\/p>\n<p><span style=\"vertical-align: inherit\">E-cigaret flaske med special form:<\/span><a href=\"https:\/\/vapebulkp.com\/da\/product\/good-sale-randm-tornado-10000-puffs-plus\/\"><span style=\"vertical-align: inherit\">RandM Tornado 10000 pust Plus <\/span><\/a><span style=\"vertical-align: inherit\">\/<\/span><a href=\"https:\/\/vapebulkp.com\/da\/product\/fumot-digital-box-12000-disposable-vape-wholesale\/\"><span style=\"vertical-align: inherit\">Fumot Vape Digital Box 12000 pust<\/span><\/a><\/p>\n<h4>Produktionskvalifikation:<\/h4>\n<p><img decoding=\"async\" class=\"alignnone wp-image-1842\" src=\"http:\/\/vapebulkp.com\/wp-content\/uploads\/2023\/11\/Vape-production-process-2.jpg\" alt=\"Vape produktionsproces\" width=\"671\" height=\"301\" srcset=\"https:\/\/vapebulkp.com\/wp-content\/uploads\/2023\/11\/Vape-production-process-2.jpg 800w, https:\/\/vapebulkp.com\/wp-content\/uploads\/2023\/11\/Vape-production-process-2-300x135.jpg 300w, https:\/\/vapebulkp.com\/wp-content\/uploads\/2023\/11\/Vape-production-process-2-768x345.jpg 768w, https:\/\/vapebulkp.com\/wp-content\/uploads\/2023\/11\/Vape-production-process-2-600x269.jpg 600w\" sizes=\"(max-width: 671px) 100vw, 671px\" \/><\/p>\n<p><img decoding=\"async\" class=\"alignnone wp-image-1843\" src=\"http:\/\/vapebulkp.com\/wp-content\/uploads\/2023\/11\/Vape-production-process.jpeg\" alt=\"Vape produktionsproces\" width=\"671\" height=\"1074\" srcset=\"https:\/\/vapebulkp.com\/wp-content\/uploads\/2023\/11\/Vape-production-process.jpeg 641w, https:\/\/vapebulkp.com\/wp-content\/uploads\/2023\/11\/Vape-production-process-187x300.jpeg 187w, https:\/\/vapebulkp.com\/wp-content\/uploads\/2023\/11\/Vape-production-process-640x1024.jpeg 640w, https:\/\/vapebulkp.com\/wp-content\/uploads\/2023\/11\/Vape-production-process-600x960.jpeg 600w\" sizes=\"(max-width: 671px) 100vw, 671px\" \/><\/p>\n<h5>Ofte stillede sp\u00f8rgsm\u00e5l:<\/h5>\n<p>Sp: Hvad er MOQ for Bang King 15000 pust?<br \/>\nA: Minimumsbestilling er 100 stk.<br \/>\nQ: Hvad er leveringstiden for den bestilte vape?<br \/>\nA: Normalt 10-15 dage efter afsendelse<br \/>\nQ: Hvor meget er forsendelsesomkostningerne? A: Forsendelsesomkostningerne afh\u00e6nger af v\u00e6gten. Forskellige m\u00e6ngder har forskellige forsendelsesomkostninger, kontakt os venligst for at bekr\u00e6fte forsendelsesomkostningerne.<\/p>\n<p>&nbsp;<\/p>\n<h4>Forsendelsesdetaljer:<\/h4>\n<p><span style=\"color: #ff6600\">Produktionstid: 5-10 arbejdsdage<\/span><br \/>\n<span style=\"color: #ff6600\">Leveringstid: 8-14 arbejdsdage<\/span><\/p>\n<p>Alle produkter i vores butik er 100% originale og autentiske, s\u00e5 ti gange kompensation for falske varer er vores butikspolitik. Vi bruger logistikkanaler som UPS\/DHL\/FEDEX\/DPD til at levere varer til dig.<\/p>\n<p>For pakker sendt til Danmark tager det normalt 10 arbejdsdage at ankomme. Forsendelse til europ\u00e6iske lande tager normalt 12 til 15 arbejdsdage at ankomme. Vi vil opdatere logistikinformationen for dig i realtid.<\/p>\n<h3>God eftersalgsservice:<\/h3>\n<p><span style=\"color: #ff6600\">Bem\u00e6rk: Ingen returnering eller ombytning ved ikke-kvalitetsproblemer<\/span><br \/>\n1. Kunder kan v\u00e6lge den \u00f8nskede smag, men hvis smagen er udsolgt, vil produktionsafdelingen v\u00e6lge en popul\u00e6r smag til at erstatte den. Kunder har ikke lov til at ans\u00f8ge om refusion eller ombytning baseret p\u00e5 smag.<\/p>\n<p>2. Ved kvalitetsproblemer bedes du give specifikke video- og billedbeskrivelser.<br \/>\nHvis du ikke kan freml\u00e6gge beviser som videoer og billeder, kan varerne ikke ombyttes.<\/p>","protected":false},"excerpt":{"rendered":"<p>Den nylancerede popul\u00e6re Vape Bang King 15000 Puffs Bang Vape er elsket af kunderne. Denne e-cigaret kan levere op til 15.000 sug af j\u00e6vn og tilfredsstillende r\u00f8g, og det er en genopladelig enhed, som du fortjener.<\/p>\n<p><img decoding=\"async\" class=\"alignnone wp-image-2151\" src=\"http:\/\/vapebulkp.com\/wp-content\/uploads\/2024\/04\/Mandy-WhatsApp-Randm.jpg\" alt=\"Mandy WhatsApp Randm\" width=\"249\" height=\"265\" srcset=\"https:\/\/vapebulkp.com\/wp-content\/uploads\/2024\/04\/Mandy-WhatsApp-Randm.jpg 916w, https:\/\/vapebulkp.com\/wp-content\/uploads\/2024\/04\/Mandy-WhatsApp-Randm-282x300.jpg 282w, https:\/\/vapebulkp.com\/wp-content\/uploads\/2024\/04\/Mandy-WhatsApp-Randm-768x817.jpg 768w, https:\/\/vapebulkp.com\/wp-content\/uploads\/2024\/04\/Mandy-WhatsApp-Randm-600x638.jpg 600w\" sizes=\"(max-width: 249px) 100vw, 249px\" \/><\/p>\n<p>Kontakt venligst Mandys WhatsApp for rabatpris<a href=\"https:\/\/wa.me\/8618077105796\">+8618077105796<\/a><\/p>\n<p><span style=\"color: #ff0000\">BEM\u00c6RK: Priserne p\u00e5 vores hjemmeside inkluderer ikke forsendelsesomkostninger<\/span><\/p>","protected":false},"featured_media":1851,"comment_status":"open","ping_status":"closed","template":"","meta":{"_uag_custom_page_level_css":"","_lmt_disableupdate":"no","_lmt_disable":"","site-sidebar-layout":"default","site-content-layout":"content-boxed-container","ast-site-content-layout":"normal-width-container","site-content-style":"boxed","site-sidebar-style":"unboxed","ast-global-header-display":"","ast-banner-title-visibility":"","ast-main-header-display":"","ast-hfb-above-header-display":"","ast-hfb-below-header-display":"","ast-hfb-mobile-header-display":"","site-post-title":"","ast-breadcrumbs-content":"","ast-featured-img":"","footer-sml-layout":"","theme-transparent-header-meta":"default","adv-header-id-meta":"","stick-header-meta":"","header-above-stick-meta":"","header-main-stick-meta":"","header-below-stick-meta":"","astra-migrate-meta-layouts":"set","_joinchat":[]},"product_cat":[165,153,344,155,33,59,100,98,34,158,157,154,152,58,84,156,63,32],"product_tag":[77,36,37,41,73,40],"class_list":["post-1849","product","type-product","status-publish","has-post-thumbnail","hentry","product_cat-15000-puffs-disposable-vape","product_cat-hot-disposable-vapes","product_cat-bang-king-vape","product_cat-belgium-hot-disposable-vapes","product_cat-france-vape-hot-sale","product_cat-germany-hot-disposable-vape","product_cat-germany-wholesale-vape-shop","product_cat-moq-100pcs","product_cat-netherlands-vape-good-sale","product_cat-norway-hot-disposable-vapes","product_cat-poland-hot-disposable-vapes","product_cat-portugal-hot-disposable-vapes","product_cat-spain-hot-disposable-vapes","product_cat-sweden-hot-disposable-vape","product_cat-sweden-wholesale-vape","product_cat-switzerland-hot-disposable-vapes","product_cat-top-sale-disposable-vape","product_cat-vape-hot-sale-this-week","product_tag-15000-puffs","product_tag-good-vape","product_tag-hot-sale-disposable-vape","product_tag-poland-hot-vape","product_tag-randm-10000puffs-vape","product_tag-sweden-hot-vape","pa_brand-bang-king-vape","desktop-align-left","tablet-align-left","mobile-align-left"],"yoast_head":"<!-- This site is optimized with the Yoast SEO plugin v21.1 - https:\/\/yoast.com\/wordpress\/plugins\/seo\/ -->\n<title>Popular Vape Bang King 15000 Puffs Bang Vape - vapebulkp.com<\/title>\n<meta name=\"description\" content=\"The newly launched Popular Vape Bang King 15000 Puffs Bang Vape is loved by customers. This e-cigarette can provide up to 15,000 puffs of smooth and satisfying smoke, and it is a rechargeable device that you deserve.\" \/>\n<meta name=\"robots\" content=\"index, follow, max-snippet:-1, max-image-preview:large, max-video-preview:-1\" \/>\n<link rel=\"canonical\" href=\"https:\/\/vapebulkp.com\/da\/product\/popular-vape-bang-king-15000-puffs-bang-vape\/\" \/>\n<meta property=\"og:locale\" content=\"da_DK\" \/>\n<meta property=\"og:type\" content=\"article\" \/>\n<meta property=\"og:title\" content=\"Popular Vape Bang King 15000 Puffs Bang Vape - vapebulkp.com\" \/>\n<meta property=\"og:description\" content=\"The newly launched Popular Vape Bang King 15000 Puffs Bang Vape is loved by customers. This e-cigarette can provide up to 15,000 puffs of smooth and satisfying smoke, and it is a rechargeable device that you deserve.\" \/>\n<meta property=\"og:url\" content=\"https:\/\/vapebulkp.com\/da\/product\/popular-vape-bang-king-15000-puffs-bang-vape\/\" \/>\n<meta property=\"og:site_name\" content=\"vapebulkp.com\" \/>\n<meta property=\"article:modified_time\" content=\"2025-09-24T03:13:26+00:00\" \/>\n<meta property=\"og:image\" content=\"http:\/\/vapebulkp.com\/wp-content\/uploads\/2023\/11\/Bang-King-15000-puffs-Top-Sale-Vape.png\" \/>\n\t<meta property=\"og:image:width\" content=\"800\" \/>\n\t<meta property=\"og:image:height\" content=\"544\" \/>\n\t<meta property=\"og:image:type\" content=\"image\/png\" \/>\n<meta name=\"twitter:card\" content=\"summary_large_image\" \/>\n<meta name=\"twitter:label1\" content=\"Estimeret l\u00e6setid\" \/>\n\t<meta name=\"twitter:data1\" content=\"4 minutter\" \/>\n<script type=\"application\/ld+json\" class=\"yoast-schema-graph\">{\"@context\":\"https:\/\/schema.org\",\"@graph\":[{\"@type\":\"WebPage\",\"@id\":\"https:\/\/vapebulkp.com\/product\/popular-vape-bang-king-15000-puffs-bang-vape\/\",\"url\":\"https:\/\/vapebulkp.com\/product\/popular-vape-bang-king-15000-puffs-bang-vape\/\",\"name\":\"Popular Vape Bang King 15000 Puffs Bang Vape - vapebulkp.com\",\"isPartOf\":{\"@id\":\"https:\/\/vapebulkp.com\/#website\"},\"datePublished\":\"2023-11-09T07:16:47+00:00\",\"dateModified\":\"2025-09-24T03:13:26+00:00\",\"description\":\"The newly launched Popular Vape Bang King 15000 Puffs Bang Vape is loved by customers. This e-cigarette can provide up to 15,000 puffs of smooth and satisfying smoke, and it is a rechargeable device that you deserve.\",\"breadcrumb\":{\"@id\":\"https:\/\/vapebulkp.com\/product\/popular-vape-bang-king-15000-puffs-bang-vape\/#breadcrumb\"},\"inLanguage\":\"da-DK\",\"potentialAction\":[{\"@type\":\"ReadAction\",\"target\":[\"https:\/\/vapebulkp.com\/product\/popular-vape-bang-king-15000-puffs-bang-vape\/\"]}]},{\"@type\":\"BreadcrumbList\",\"@id\":\"https:\/\/vapebulkp.com\/product\/popular-vape-bang-king-15000-puffs-bang-vape\/#breadcrumb\",\"itemListElement\":[{\"@type\":\"ListItem\",\"position\":1,\"name\":\"Home\",\"item\":\"https:\/\/vapebulkp.com\/\"},{\"@type\":\"ListItem\",\"position\":2,\"name\":\"Hot Trend Vapes\",\"item\":\"https:\/\/vapebulkp.com\/vape-shop\/\"},{\"@type\":\"ListItem\",\"position\":3,\"name\":\"Popular Vape Bang King 15000 Puffs Bang Vape\"}]},{\"@type\":\"WebSite\",\"@id\":\"https:\/\/vapebulkp.com\/#website\",\"url\":\"https:\/\/vapebulkp.com\/\",\"name\":\"vapebulkp.com\",\"description\":\"Buy Vape In Cheap Bulk Price Near you\",\"publisher\":{\"@id\":\"https:\/\/vapebulkp.com\/#organization\"},\"potentialAction\":[{\"@type\":\"SearchAction\",\"target\":{\"@type\":\"EntryPoint\",\"urlTemplate\":\"https:\/\/vapebulkp.com\/?s={search_term_string}\"},\"query-input\":\"required name=search_term_string\"}],\"inLanguage\":\"da-DK\"},{\"@type\":\"Organization\",\"@id\":\"https:\/\/vapebulkp.com\/#organization\",\"name\":\"vapebulkp.com\",\"url\":\"https:\/\/vapebulkp.com\/\",\"logo\":{\"@type\":\"ImageObject\",\"inLanguage\":\"da-DK\",\"@id\":\"https:\/\/vapebulkp.com\/#\/schema\/logo\/image\/\",\"url\":\"https:\/\/vapebulkp.com\/wp-content\/uploads\/2023\/09\/cropped-vapebulkp.png\",\"contentUrl\":\"https:\/\/vapebulkp.com\/wp-content\/uploads\/2023\/09\/cropped-vapebulkp.png\",\"width\":516,\"height\":163,\"caption\":\"vapebulkp.com\"},\"image\":{\"@id\":\"https:\/\/vapebulkp.com\/#\/schema\/logo\/image\/\"}}]}<\/script>\n<!-- \/ Yoast SEO plugin. -->","yoast_head_json":{"title":"Popular Vape Bang King 15000 Puffs Bang Vape - vapebulkp.com","description":"The newly launched Popular Vape Bang King 15000 Puffs Bang Vape is loved by customers. This e-cigarette can provide up to 15,000 puffs of smooth and satisfying smoke, and it is a rechargeable device that you deserve.","robots":{"index":"index","follow":"follow","max-snippet":"max-snippet:-1","max-image-preview":"max-image-preview:large","max-video-preview":"max-video-preview:-1"},"canonical":"https:\/\/vapebulkp.com\/da\/product\/popular-vape-bang-king-15000-puffs-bang-vape\/","og_locale":"da_DK","og_type":"article","og_title":"Popular Vape Bang King 15000 Puffs Bang Vape - vapebulkp.com","og_description":"The newly launched Popular Vape Bang King 15000 Puffs Bang Vape is loved by customers. This e-cigarette can provide up to 15,000 puffs of smooth and satisfying smoke, and it is a rechargeable device that you deserve.","og_url":"https:\/\/vapebulkp.com\/da\/product\/popular-vape-bang-king-15000-puffs-bang-vape\/","og_site_name":"vapebulkp.com","article_modified_time":"2025-09-24T03:13:26+00:00","og_image":[{"width":800,"height":544,"url":"http:\/\/vapebulkp.com\/wp-content\/uploads\/2023\/11\/Bang-King-15000-puffs-Top-Sale-Vape.png","type":"image\/png"}],"twitter_card":"summary_large_image","twitter_misc":{"Estimeret l\u00e6setid":"4 minutter"},"schema":{"@context":"https:\/\/schema.org","@graph":[{"@type":"WebPage","@id":"https:\/\/vapebulkp.com\/product\/popular-vape-bang-king-15000-puffs-bang-vape\/","url":"https:\/\/vapebulkp.com\/product\/popular-vape-bang-king-15000-puffs-bang-vape\/","name":"Popular Vape Bang King 15000 Puffs Bang Vape - vapebulkp.com","isPartOf":{"@id":"https:\/\/vapebulkp.com\/#website"},"datePublished":"2023-11-09T07:16:47+00:00","dateModified":"2025-09-24T03:13:26+00:00","description":"The newly launched Popular Vape Bang King 15000 Puffs Bang Vape is loved by customers. This e-cigarette can provide up to 15,000 puffs of smooth and satisfying smoke, and it is a rechargeable device that you deserve.","breadcrumb":{"@id":"https:\/\/vapebulkp.com\/product\/popular-vape-bang-king-15000-puffs-bang-vape\/#breadcrumb"},"inLanguage":"da-DK","potentialAction":[{"@type":"ReadAction","target":["https:\/\/vapebulkp.com\/product\/popular-vape-bang-king-15000-puffs-bang-vape\/"]}]},{"@type":"BreadcrumbList","@id":"https:\/\/vapebulkp.com\/product\/popular-vape-bang-king-15000-puffs-bang-vape\/#breadcrumb","itemListElement":[{"@type":"ListItem","position":1,"name":"Home","item":"https:\/\/vapebulkp.com\/"},{"@type":"ListItem","position":2,"name":"Hot Trend Vapes","item":"https:\/\/vapebulkp.com\/vape-shop\/"},{"@type":"ListItem","position":3,"name":"Popular Vape Bang King 15000 Puffs Bang Vape"}]},{"@type":"WebSite","@id":"https:\/\/vapebulkp.com\/#website","url":"https:\/\/vapebulkp.com\/","name":"vapebulkp.com","description":"Buy Vape In Cheap Bulk Price Near you","publisher":{"@id":"https:\/\/vapebulkp.com\/#organization"},"potentialAction":[{"@type":"SearchAction","target":{"@type":"EntryPoint","urlTemplate":"https:\/\/vapebulkp.com\/?s={search_term_string}"},"query-input":"required name=search_term_string"}],"inLanguage":"da-DK"},{"@type":"Organization","@id":"https:\/\/vapebulkp.com\/#organization","name":"vapebulkp.com","url":"https:\/\/vapebulkp.com\/","logo":{"@type":"ImageObject","inLanguage":"da-DK","@id":"https:\/\/vapebulkp.com\/#\/schema\/logo\/image\/","url":"https:\/\/vapebulkp.com\/wp-content\/uploads\/2023\/09\/cropped-vapebulkp.png","contentUrl":"https:\/\/vapebulkp.com\/wp-content\/uploads\/2023\/09\/cropped-vapebulkp.png","width":516,"height":163,"caption":"vapebulkp.com"},"image":{"@id":"https:\/\/vapebulkp.com\/#\/schema\/logo\/image\/"}}]}},"uagb_featured_image_src":{"full":["https:\/\/vapebulkp.com\/wp-content\/uploads\/2023\/11\/Bang-King-15000-puffs-Top-Sale-Vape.png",800,544,false],"thumbnail":["https:\/\/vapebulkp.com\/wp-content\/uploads\/2023\/11\/Bang-King-15000-puffs-Top-Sale-Vape-150x150.png",150,150,true],"medium":["https:\/\/vapebulkp.com\/wp-content\/uploads\/2023\/11\/Bang-King-15000-puffs-Top-Sale-Vape-300x204.png",300,204,true],"medium_large":["https:\/\/vapebulkp.com\/wp-content\/uploads\/2023\/11\/Bang-King-15000-puffs-Top-Sale-Vape-768x522.png",768,522,true],"large":["https:\/\/vapebulkp.com\/wp-content\/uploads\/2023\/11\/Bang-King-15000-puffs-Top-Sale-Vape.png",800,544,false],"1536x1536":["https:\/\/vapebulkp.com\/wp-content\/uploads\/2023\/11\/Bang-King-15000-puffs-Top-Sale-Vape.png",800,544,false],"2048x2048":["https:\/\/vapebulkp.com\/wp-content\/uploads\/2023\/11\/Bang-King-15000-puffs-Top-Sale-Vape.png",800,544,false],"trp-custom-language-flag":["https:\/\/vapebulkp.com\/wp-content\/uploads\/2023\/11\/Bang-King-15000-puffs-Top-Sale-Vape.png",18,12,false],"woocommerce_thumbnail":["https:\/\/vapebulkp.com\/wp-content\/uploads\/2023\/11\/Bang-King-15000-puffs-Top-Sale-Vape-300x300.png",300,300,true],"woocommerce_single":["https:\/\/vapebulkp.com\/wp-content\/uploads\/2023\/11\/Bang-King-15000-puffs-Top-Sale-Vape-600x408.png",600,408,true],"woocommerce_gallery_thumbnail":["https:\/\/vapebulkp.com\/wp-content\/uploads\/2023\/11\/Bang-King-15000-puffs-Top-Sale-Vape-100x100.png",100,100,true],"wcpr-photo-reviews":["https:\/\/vapebulkp.com\/wp-content\/uploads\/2023\/11\/Bang-King-15000-puffs-Top-Sale-Vape.png",500,340,false]},"uagb_author_info":{"display_name":"Mandy vape bulk price","author_link":"https:\/\/vapebulkp.com\/da\/author\/"},"uagb_comment_info":1,"uagb_excerpt":"The newly launched Popular Vape Bang King 15000 Puffs Bang Vape is loved by customers. This e-cigarette can provide up to 15,000 puffs of smooth and satisfying smoke, and it is a rechargeable device that you deserve. Pls Contact Mandy's WhatsApp For Discount Price+8618077105796 NOTE: Prices on our website does not include shipping costs","_links":{"self":[{"href":"https:\/\/vapebulkp.com\/da\/wp-json\/wp\/v2\/product\/1849","targetHints":{"allow":["GET"]}}],"collection":[{"href":"https:\/\/vapebulkp.com\/da\/wp-json\/wp\/v2\/product"}],"about":[{"href":"https:\/\/vapebulkp.com\/da\/wp-json\/wp\/v2\/types\/product"}],"replies":[{"embeddable":true,"href":"https:\/\/vapebulkp.com\/da\/wp-json\/wp\/v2\/comments?post=1849"}],"wp:featuredmedia":[{"embeddable":true,"href":"https:\/\/vapebulkp.com\/da\/wp-json\/wp\/v2\/media\/1851"}],"wp:attachment":[{"href":"https:\/\/vapebulkp.com\/da\/wp-json\/wp\/v2\/media?parent=1849"}],"wp:term":[{"taxonomy":"product_cat","embeddable":true,"href":"https:\/\/vapebulkp.com\/da\/wp-json\/wp\/v2\/product_cat?post=1849"},{"taxonomy":"product_tag","embeddable":true,"href":"https:\/\/vapebulkp.com\/da\/wp-json\/wp\/v2\/product_tag?post=1849"}],"curies":[{"name":"wp","href":"https:\/\/api.w.org\/{rel}","templated":true}]}}