{"id":1946,"date":"2023-12-11T08:52:30","date_gmt":"2023-12-11T07:52:30","guid":{"rendered":"https:\/\/vapebulkp.com\/?post_type=product&#038;p=1946"},"modified":"2025-09-01T11:15:39","modified_gmt":"2025-09-01T09:15:39","slug":"cloud-bar-tornado-9000puffs-randm-vape-original-vape","status":"publish","type":"product","link":"https:\/\/vapebulkp.com\/da\/product\/cloud-bar-tornado-9000puffs-randm-vape-original-vape\/","title":{"rendered":"Cloud Bar Tornado 9000Puffs R\u00f8get Vape Original Vape"},"content":{"rendered":"<h2>Cloud Bar Tornado 9000Puffs R\u00f8get Vape Original Vape<\/h2>\n<p data-start=\"172\" data-end=\"477\">Den <strong data-start=\"176\" data-end=\"219\">Cloud Bar Tornado 9000 Puffs Randm Vape<\/strong> er en h\u00f8jkapacitets <strong data-start=\"239\" data-end=\"269\">9000 Puffs Engangsvape<\/strong> udviklet til europ\u00e6iske dampentusiaster, der eftersp\u00f8rger stil, smag og p\u00e5lidelighed. Designet med et 600mAh batteri og forfyldt 18 ml e-v\u00e6ske, leverer den j\u00e6vne, tilfredsstillende sug uden afbrydelser.<\/p>\n<p data-start=\"479\" data-end=\"848\">V\u00e6lg mellem 2% eller 5% nikotinsalt for at matche din foretrukne intensitet, mens det avancerede luftstr\u00f8mssystem sikrer konstant dampudvikling med hvert sug. F\u00e5s i en r\u00e6kke premium smagsvarianter \u2013 fra den frugtagtige syrlighed af Bl\u00e5b\u00e6r Hindb\u00e6r til den iskolde friskhed af Lush Ice \u2013 denne engangsvape im\u00f8dekommer forskellige smagspr\u00e6ferencer og bevarer smagen intens indtil det sidste sug.<\/p>\n<p data-start=\"850\" data-end=\"1161\">Kompakt og b\u00e6rbar, er <strong data-start=\"876\" data-end=\"908\">Cloud Bar Tornado 9k Sug Vape Enhed<\/strong>\u00a0perfekt til daglig brug, rejser eller sociale sammenh\u00e6nge. Dens elegante design, h\u00f8jkapacitetsydelse og europ\u00e6iske engrostilg\u00e6ngelighed g\u00f8r den til et topvalg for b\u00e5de individuelle brugere og stork\u00f8bere, der s\u00f8ger en p\u00e5lidelig <strong data-start=\"1126\" data-end=\"1158\">genopladelig engangs vape<\/strong>.<\/p>\n<h6 style=\"text-align: left\"><img decoding=\"async\" class=\"alignnone size-full wp-image-1942\" src=\"http:\/\/vapebulkp.com\/wp-content\/uploads\/2023\/12\/Cloud-Bar-Tornado-9000-Puffs-Randm-Vape-Tornado-9K-Germany.png\" alt=\"Cloud Bar Tornado 9000 Pust Randm Vape Tornado 9K Danmark\" width=\"1000\" height=\"1000\" srcset=\"https:\/\/vapebulkp.com\/wp-content\/uploads\/2023\/12\/Cloud-Bar-Tornado-9000-Puffs-Randm-Vape-Tornado-9K-Germany.png 1000w, https:\/\/vapebulkp.com\/wp-content\/uploads\/2023\/12\/Cloud-Bar-Tornado-9000-Puffs-Randm-Vape-Tornado-9K-Germany-300x300.png 300w, https:\/\/vapebulkp.com\/wp-content\/uploads\/2023\/12\/Cloud-Bar-Tornado-9000-Puffs-Randm-Vape-Tornado-9K-Germany-150x150.png 150w, https:\/\/vapebulkp.com\/wp-content\/uploads\/2023\/12\/Cloud-Bar-Tornado-9000-Puffs-Randm-Vape-Tornado-9K-Germany-768x768.png 768w, https:\/\/vapebulkp.com\/wp-content\/uploads\/2023\/12\/Cloud-Bar-Tornado-9000-Puffs-Randm-Vape-Tornado-9K-Germany-600x600.png 600w, https:\/\/vapebulkp.com\/wp-content\/uploads\/2023\/12\/Cloud-Bar-Tornado-9000-Puffs-Randm-Vape-Tornado-9K-Germany-100x100.png 100w\" sizes=\"(max-width: 1000px) 100vw, 1000px\" \/><\/h6>\n<h6>Kontakt venligst Mandys WhatsApp for rabatpris<a href=\"https:\/\/wa.me\/8618077105796\">+8618077105796<\/a><\/h6>\n<p><img decoding=\"async\" class=\"alignnone wp-image-2151\" src=\"http:\/\/vapebulkp.com\/wp-content\/uploads\/2024\/04\/Mandy-WhatsApp-Randm.jpg\" alt=\"Mandy WhatsApp Randm\" width=\"287\" height=\"305\" srcset=\"https:\/\/vapebulkp.com\/wp-content\/uploads\/2024\/04\/Mandy-WhatsApp-Randm.jpg 916w, https:\/\/vapebulkp.com\/wp-content\/uploads\/2024\/04\/Mandy-WhatsApp-Randm-282x300.jpg 282w, https:\/\/vapebulkp.com\/wp-content\/uploads\/2024\/04\/Mandy-WhatsApp-Randm-768x817.jpg 768w, https:\/\/vapebulkp.com\/wp-content\/uploads\/2024\/04\/Mandy-WhatsApp-Randm-600x638.jpg 600w\" sizes=\"(max-width: 287px) 100vw, 287px\" \/><\/p>\n<div class=\"faqs-answer\"><\/div>\n<h3><strong><span style=\"vertical-align: inherit\">Cloud bar sug 9000 abe esto 2023 vape specifikation\uff1a<\/span><br \/>\n<\/strong><\/h3>\n<p>Model: Cloud Bar Tornado 9000<br \/>\nSug: 9000<br \/>\nBatterikapacitet: 600mAh<br \/>\nE-v\u00e6ske volumen: 18 ml<br \/>\nNikotinindhold: 2%\/\/5% Nikotinsalt<br \/>\nEmballage: 10 styk i 1 displayboks<br \/>\nMinimum ordrem\u00e6ngde (MOQ): 50 stykker<\/p>\n<p>&nbsp;<\/p>\n<h3><strong>Cloud Bar Tornado 9000 Randm Vape Smagsudvalg:<\/strong><\/h3>\n<p>1.Bl\u00e5b\u00e6r hindb\u00e6r<br \/>\n2.Mr Blue<br \/>\n3.Jordb\u00e6r Vandmelon<br \/>\n4.Fersken Mango Ananas<br \/>\n5.Lush Ice \uff08vandmelon is\uff09<br \/>\n6.Blandede b\u00e6r<br \/>\n7. Jordb\u00e6r is<br \/>\n8. Bl\u00e5 hindb\u00e6r is<br \/>\n9. Sort drage is<br \/>\n10.Fersken is<br \/>\n11. Kirseb\u00e6r<br \/>\n12. Jordb\u00e6r hindb\u00e6r kirseb\u00e6r is<\/p>\n<p><a href=\"https:\/\/vapebulkp.com\/da\/product\/good-sale-bang-de-8500puffs-wholesale-price\/\"><span style=\"vertical-align: inherit\">Godt Salg Vape Bang DK 8500 Pust<\/span><\/a><\/p>\n<p><span style=\"vertical-align: inherit\">Find flere produkter du m\u00e5ske kan lide:<\/span><em><a href=\"https:\/\/wa.me\/8618077105796\"><span style=\"vertical-align: inherit\">\u00a0K\u00f8b den nu<\/span><\/a><\/em><\/p>\n<p><span style=\"vertical-align: inherit\">Andre Puffs du m\u00e5ske kan lide:<\/span><a href=\"https:\/\/vapebulkp.com\/da\/product\/bulk-buy-kulx-8800-puffs-disposable-vape-wholesale-germany\/\"><span style=\"vertical-align: inherit\">Kulx 8800 Pust<\/span><\/a><span style=\"vertical-align: inherit\">\u3001<\/span><a href=\"https:\/\/vapebulkp.com\/da\/product\/good-sale-randm-tornado-10000-puffs-plus\/\"><span style=\"vertical-align: inherit\">Randm 10000 Pust<\/span><\/a><span style=\"vertical-align: inherit\">\/ <\/span><a href=\"https:\/\/vapebulkp.com\/da\/product\/popular-kulx-10000puffs-disposable-vape-good-price\/\"><span style=\"vertical-align: inherit\">Kulx 10000 Pust<\/span><\/a><span style=\"vertical-align: inherit\">\/ <\/span><a href=\"https:\/\/vapebulkp.com\/da\/product\/popular-randm-tornado-7000puffs-disposable-vape-best-price\/\"><span style=\"vertical-align: inherit\">RandM Tornado 7000 Pust<\/span><\/a><\/p>\n<p><span style=\"vertical-align: inherit\">E-cigaret flaske med special form:<\/span><a href=\"https:\/\/vapebulkp.com\/da\/product\/bang-box-12000puffs-good-vape-sweden-wholesale-price\/\"><span style=\"vertical-align: inherit\">Bang Box 12000 sug <\/span><\/a><span style=\"vertical-align: inherit\">\/ <\/span><a href=\"https:\/\/vapebulkp.com\/da\/product\/wholesale-tornado-rum-bar-9000-puffs-sweden\/\"><span style=\"vertical-align: inherit\">Rumbar 9000 pust<\/span><\/a><span style=\"vertical-align: inherit\">\/<\/span><a href=\"https:\/\/vapebulkp.com\/da\/product\/top-sale-waspe-12000puffs-disposable-vape-wholesale-france\/\"><span style=\"vertical-align: inherit\">WASPE 12000 pust<\/span><\/a><\/p>\n<h4>Produktionskvalifikation:<\/h4>\n<p><img decoding=\"async\" class=\"alignnone size-full wp-image-1841\" src=\"http:\/\/vapebulkp.com\/wp-content\/uploads\/2023\/11\/Vape-production-process-2.jpeg\" alt=\"Vape produktionsproces\" width=\"650\" height=\"434\" srcset=\"https:\/\/vapebulkp.com\/wp-content\/uploads\/2023\/11\/Vape-production-process-2.jpeg 650w, https:\/\/vapebulkp.com\/wp-content\/uploads\/2023\/11\/Vape-production-process-2-300x200.jpeg 300w, https:\/\/vapebulkp.com\/wp-content\/uploads\/2023\/11\/Vape-production-process-2-600x401.jpeg 600w\" sizes=\"(max-width: 650px) 100vw, 650px\" \/><\/p>\n<p><img decoding=\"async\" class=\"alignnone size-full wp-image-1843\" src=\"http:\/\/vapebulkp.com\/wp-content\/uploads\/2023\/11\/Vape-production-process.jpeg\" alt=\"Vape produktionsproces\" width=\"641\" height=\"1026\" srcset=\"https:\/\/vapebulkp.com\/wp-content\/uploads\/2023\/11\/Vape-production-process.jpeg 641w, https:\/\/vapebulkp.com\/wp-content\/uploads\/2023\/11\/Vape-production-process-187x300.jpeg 187w, https:\/\/vapebulkp.com\/wp-content\/uploads\/2023\/11\/Vape-production-process-640x1024.jpeg 640w, https:\/\/vapebulkp.com\/wp-content\/uploads\/2023\/11\/Vape-production-process-600x960.jpeg 600w\" sizes=\"(max-width: 641px) 100vw, 641px\" \/><\/p>\n<h4>Ofte stillede sp\u00f8rgsm\u00e5l:<\/h4>\n<h5><span style=\"font-size: 1.3em;font-weight: bold\">1. Kan jeg selv genopfylde min Cloud bar Tornado 9000 e-v\u00e6ske?<\/span><\/h5>\n<p>Nej, Cloud bar Tornado 9000 engangs-e-cigaret-s\u00e6ttet er kun til engangsbrug og kan ikke genopfyldes. Det leveres fyldt med f\u00f8rsteklasses e-v\u00e6ske for at sikre en problemfri og ensartet rygeoplevelse. N\u00e5r e-v\u00e6sken er brugt op, skal du blot bortskaffe enheden forsvarligt.<\/p>\n<h4>2. Kan jeg medbringe Cloud bar Tornado 9000 engangs-vape p\u00e5 en flyrejse?<\/h4>\n<p>Selvom Cloud bar 9000 Puffs engangs-vape-s\u00e6ttet er kompakt og rejsevenligt, er det v\u00e6rd at tjekke dit flyselskabs regler, f\u00f8r du tager det med p\u00e5 et fly. Nogle flyselskaber har specifikke regler for transport af vaping-enheder, s\u00e5 det er bedst at informere dig p\u00e5 forh\u00e5nd for at undg\u00e5 ulejlighed under rejsen.<\/p>\n<h4>3. Hvad skal jeg g\u00f8re med mit brugte Cloud bar Tornado vape 9000 engangs-e-cigaret-s\u00e6t?<\/h4>\n<p>For at bortskaffe dit brugte Cloud bar Tornado 9000 puffs engangs-e-cigaret-s\u00e6t forsvarligt b\u00f8r du tjekke dine lokale regler for e-affald eller e-genbrug. Mange vape-butikker og genbrugscentre modtager brugte enheder for at sikre, at de bortskaffes sikkert og ansvarligt.<\/p>\n<h4>Forsendelsesdetaljer:<\/h4>\n<p><span style=\"color: #ff6600\">Produktionstid: 5-10 arbejdsdage<\/span><br \/>\n<span style=\"color: #ff6600\">Leveringstid: 8-14 arbejdsdage<\/span><\/p>\n<p>Alle produkter i vores butik er 100% originale og autentiske, s\u00e5 ti gange kompensation for falske varer er vores butikspolitik. Vi bruger logistikkanaler som UPS\/DHL\/FEDEX\/DPD til at levere varer til dig.<\/p>\n<p>For pakker sendt til Danmark tager det normalt 10 arbejdsdage at ankomme. Forsendelse til europ\u00e6iske lande tager normalt 12 til 15 arbejdsdage at ankomme. Vi vil opdatere logistikinformationen for dig i realtid.<\/p>\n<h4>Nogle af de sp\u00f8rgsm\u00e5l, du oftest gerne vil vide om Cloud bar Tornado 9000 puff, er som f\u00f8lger:<\/h4>\n<ol>\n<li><strong>Hvad er Cloud bar Tornado 9000 Puffs engangs-e-cigaretten, og hvordan fungerer den?<\/strong> <em>A:<\/em> Puff Tornado 9000 prix er en engangse-cigarettenhed, der giver brugerne et h\u00f8jt antal pust f\u00f8r bortskaffelse. Den fungerer p\u00e5 samme m\u00e5de som andre engangsvapes, typisk med en forfyldt e-v\u00e6ske, et integreret batteri og en inhalationsaktiveret mekanisme til dampproduktion.<\/li>\n<li><strong>Hvilke smagsvarianter er tilg\u00e6ngelige i Cloud bar Tornado 9000 Puffs, og er der nogen nikotinmuligheder?<\/strong> <em>A:<\/em> Cloud bar 9000 Puffs kan tilbyde en r\u00e6kke smagsvarianter, s\u00e5som frugt, mentol, dessert eller tobak. Nikotinindholdet kan variere afh\u00e6ngigt af det specifikke produkt og regionen, med muligheder for nikotinfri eller nikotinholdig e-v\u00e6ske.<\/li>\n<li><strong>Hvor l\u00e6nge holder batteriet i Puff 9000, og kan det genoplades?<\/strong> <em>A:<\/em> Batterilevetiden for Puff 9000 med nikotin varer typisk i hele e-v\u00e6skekapaciteten og giver i gennemsnit omkring 9000 pust. Som en engangsenhed kan den ikke genoplades og er kun beregnet til engangsbrug.<\/li>\n<li><strong>Hvad adskiller Cloud bar Tornado 9k Puffs fra andre engangs-e-cigaretter p\u00e5 markedet?<\/strong> <em>A:<\/em> randm puff skiller sig ud p\u00e5 grund af sit h\u00f8je antal pust, der tilbyder en forl\u00e6nget vapingoplevelse sammenlignet med mange andre engangse-cigaretter. Dens design, smagsvarianter og nikotinmuligheder kan ogs\u00e5 adskille den fra andre lignende enheder.<\/li>\n<li><strong>Er der nogen sikkerhedsproblemer eller sundhedsm\u00e6ssige overvejelser forbundet med brugen af Cloud bar Tornado 9000 Puffs?<\/strong> <em>A:<\/em> Selvom e-cigaretter generelt betragtes som mindre skadelige end traditionelle cigaretter, er de ikke uden risiko. Potentielle helbredsm\u00e6ssige bekymringer kan omfatte nikotinafh\u00e6ngighed, luftvejsproblemer og andre negative effekter forbundet med vaping. Brugere b\u00f8r v\u00e6re opm\u00e6rksomme p\u00e5 deres nikotinindtag og overveje potentielle langsigtede helbredseffekter.<\/li>\n<\/ol>","protected":false},"excerpt":{"rendered":"<p>Engrospris Cloud Bar tornado 9000 sug<\/p>\n<p>Cloud Bar tornado 9000 sug Top salg Sverige<\/p>\n<p>Cloud Bar tornado 9000 sug Vape butik Frankrig<\/p>\n<p><img decoding=\"async\" class=\"alignnone wp-image-2151\" src=\"http:\/\/vapebulkp.com\/wp-content\/uploads\/2024\/04\/Mandy-WhatsApp-Randm.jpg\" alt=\"Mandy WhatsApp Randm\" width=\"269\" height=\"286\" srcset=\"https:\/\/vapebulkp.com\/wp-content\/uploads\/2024\/04\/Mandy-WhatsApp-Randm.jpg 916w, https:\/\/vapebulkp.com\/wp-content\/uploads\/2024\/04\/Mandy-WhatsApp-Randm-282x300.jpg 282w, https:\/\/vapebulkp.com\/wp-content\/uploads\/2024\/04\/Mandy-WhatsApp-Randm-768x817.jpg 768w, https:\/\/vapebulkp.com\/wp-content\/uploads\/2024\/04\/Mandy-WhatsApp-Randm-600x638.jpg 600w\" sizes=\"(max-width: 269px) 100vw, 269px\" \/><\/p>\n<p>Kontakt venligst Mandys WhatsApp for rabatpris<a href=\"https:\/\/wa.me\/8618077105796\">+8618077105796<\/a><\/p>\n<p><span style=\"color: #ff0000\">BEM\u00c6RK: Priserne p\u00e5 vores hjemmeside inkluderer ikke forsendelsesomkostninger<\/span><\/p>\n<p>Hoved\u00e5rsag til k\u00f8b<br \/>\n1. Fremragende kvalitet og uovertruffen ydeevne.<\/p>\n<p>2. Konkurrencedygtig pris og hurtig v\u00e6rdi.<\/p>\n<p>3. Flere muligheder og rettidig levering.<\/p>\n<p>4. En tilfredsstillende shoppingoplevelse<\/p>","protected":false},"featured_media":1944,"comment_status":"open","ping_status":"closed","template":"","meta":{"_uag_custom_page_level_css":"","_lmt_disableupdate":"no","_lmt_disable":"","site-sidebar-layout":"default","site-content-layout":"content-boxed-container","ast-site-content-layout":"normal-width-container","site-content-style":"boxed","site-sidebar-style":"unboxed","ast-global-header-display":"","ast-banner-title-visibility":"","ast-main-header-display":"","ast-hfb-above-header-display":"","ast-hfb-below-header-display":"","ast-hfb-mobile-header-display":"","site-post-title":"","ast-breadcrumbs-content":"","ast-featured-img":"","footer-sml-layout":"","theme-transparent-header-meta":"default","adv-header-id-meta":"","stick-header-meta":"","header-above-stick-meta":"","header-main-stick-meta":"","header-below-stick-meta":"","astra-migrate-meta-layouts":"set","_joinchat":[]},"product_cat":[168,153,155,33,59,100,87,34,158,157,154,152,58,84,156,63,32],"product_tag":[47,36,37,41,75,40],"class_list":["post-1946","product","type-product","status-publish","has-post-thumbnail","hentry","product_cat-9000-puffs-disposable-vape","product_cat-hot-disposable-vapes","product_cat-belgium-hot-disposable-vapes","product_cat-france-vape-hot-sale","product_cat-germany-hot-disposable-vape","product_cat-germany-wholesale-vape-shop","product_cat-minimum-order-quantity-50pcs","product_cat-netherlands-vape-good-sale","product_cat-norway-hot-disposable-vapes","product_cat-poland-hot-disposable-vapes","product_cat-portugal-hot-disposable-vapes","product_cat-spain-hot-disposable-vapes","product_cat-sweden-hot-disposable-vape","product_cat-sweden-wholesale-vape","product_cat-switzerland-hot-disposable-vapes","product_cat-top-sale-disposable-vape","product_cat-vape-hot-sale-this-week","product_tag-9000puffs","product_tag-good-vape","product_tag-hot-sale-disposable-vape","product_tag-poland-hot-vape","product_tag-randm-vape-9000-puffs","product_tag-sweden-hot-vape","desktop-align-left","tablet-align-left","mobile-align-left"],"yoast_head":"<!-- This site is optimized with the Yoast SEO plugin v21.1 - https:\/\/yoast.com\/wordpress\/plugins\/seo\/ -->\n<title>Cloud Bar Tornado 9000Puffs Randm Vape Original Vape - vapebulkp.com<\/title>\n<meta name=\"description\" content=\"Cloud bar Tornado 9000puffs is a pre-filled all-in-one disposable e-cigarette charging device with 12 flavors for you to choose from, large e-liquid capacity and long battery life.\" \/>\n<meta name=\"robots\" content=\"index, follow, max-snippet:-1, max-image-preview:large, max-video-preview:-1\" \/>\n<link rel=\"canonical\" href=\"https:\/\/vapebulkp.com\/da\/product\/cloud-bar-tornado-9000puffs-randm-vape-original-vape\/\" \/>\n<meta property=\"og:locale\" content=\"da_DK\" \/>\n<meta property=\"og:type\" content=\"article\" \/>\n<meta property=\"og:title\" content=\"Cloud Bar Tornado 9000Puffs Randm Vape Original Vape - vapebulkp.com\" \/>\n<meta property=\"og:description\" content=\"Cloud bar Tornado 9000puffs is a pre-filled all-in-one disposable e-cigarette charging device with 12 flavors for you to choose from, large e-liquid capacity and long battery life.\" \/>\n<meta property=\"og:url\" content=\"https:\/\/vapebulkp.com\/da\/product\/cloud-bar-tornado-9000puffs-randm-vape-original-vape\/\" \/>\n<meta property=\"og:site_name\" content=\"vapebulkp.com\" \/>\n<meta property=\"article:modified_time\" content=\"2025-09-01T09:15:39+00:00\" \/>\n<meta property=\"og:image\" content=\"http:\/\/vapebulkp.com\/wp-content\/uploads\/2023\/12\/Cloud-Bar-Tornado-9000-Puffs-Randm-Vape-Tornado-9K-Poland.png\" \/>\n\t<meta property=\"og:image:width\" content=\"1000\" \/>\n\t<meta property=\"og:image:height\" content=\"520\" \/>\n\t<meta property=\"og:image:type\" content=\"image\/png\" \/>\n<meta name=\"twitter:card\" content=\"summary_large_image\" \/>\n<meta name=\"twitter:label1\" content=\"Estimeret l\u00e6setid\" \/>\n\t<meta name=\"twitter:data1\" content=\"5 minutter\" \/>\n<script type=\"application\/ld+json\" class=\"yoast-schema-graph\">{\"@context\":\"https:\/\/schema.org\",\"@graph\":[{\"@type\":\"WebPage\",\"@id\":\"https:\/\/vapebulkp.com\/product\/cloud-bar-tornado-9000puffs-randm-vape-original-vape\/\",\"url\":\"https:\/\/vapebulkp.com\/product\/cloud-bar-tornado-9000puffs-randm-vape-original-vape\/\",\"name\":\"Cloud Bar Tornado 9000Puffs Randm Vape Original Vape - vapebulkp.com\",\"isPartOf\":{\"@id\":\"https:\/\/vapebulkp.com\/#website\"},\"datePublished\":\"2023-12-11T07:52:30+00:00\",\"dateModified\":\"2025-09-01T09:15:39+00:00\",\"description\":\"Cloud bar Tornado 9000puffs is a pre-filled all-in-one disposable e-cigarette charging device with 12 flavors for you to choose from, large e-liquid capacity and long battery life.\",\"breadcrumb\":{\"@id\":\"https:\/\/vapebulkp.com\/product\/cloud-bar-tornado-9000puffs-randm-vape-original-vape\/#breadcrumb\"},\"inLanguage\":\"da-DK\",\"potentialAction\":[{\"@type\":\"ReadAction\",\"target\":[\"https:\/\/vapebulkp.com\/product\/cloud-bar-tornado-9000puffs-randm-vape-original-vape\/\"]}]},{\"@type\":\"BreadcrumbList\",\"@id\":\"https:\/\/vapebulkp.com\/product\/cloud-bar-tornado-9000puffs-randm-vape-original-vape\/#breadcrumb\",\"itemListElement\":[{\"@type\":\"ListItem\",\"position\":1,\"name\":\"Home\",\"item\":\"https:\/\/vapebulkp.com\/\"},{\"@type\":\"ListItem\",\"position\":2,\"name\":\"Hot Trend Vapes\",\"item\":\"https:\/\/vapebulkp.com\/vape-shop\/\"},{\"@type\":\"ListItem\",\"position\":3,\"name\":\"Cloud Bar Tornado 9000Puffs Randm Vape Original Vape\"}]},{\"@type\":\"WebSite\",\"@id\":\"https:\/\/vapebulkp.com\/#website\",\"url\":\"https:\/\/vapebulkp.com\/\",\"name\":\"vapebulkp.com\",\"description\":\"Buy Vape In Cheap Bulk Price Near you\",\"publisher\":{\"@id\":\"https:\/\/vapebulkp.com\/#organization\"},\"potentialAction\":[{\"@type\":\"SearchAction\",\"target\":{\"@type\":\"EntryPoint\",\"urlTemplate\":\"https:\/\/vapebulkp.com\/?s={search_term_string}\"},\"query-input\":\"required name=search_term_string\"}],\"inLanguage\":\"da-DK\"},{\"@type\":\"Organization\",\"@id\":\"https:\/\/vapebulkp.com\/#organization\",\"name\":\"vapebulkp.com\",\"url\":\"https:\/\/vapebulkp.com\/\",\"logo\":{\"@type\":\"ImageObject\",\"inLanguage\":\"da-DK\",\"@id\":\"https:\/\/vapebulkp.com\/#\/schema\/logo\/image\/\",\"url\":\"https:\/\/vapebulkp.com\/wp-content\/uploads\/2023\/09\/cropped-vapebulkp.png\",\"contentUrl\":\"https:\/\/vapebulkp.com\/wp-content\/uploads\/2023\/09\/cropped-vapebulkp.png\",\"width\":516,\"height\":163,\"caption\":\"vapebulkp.com\"},\"image\":{\"@id\":\"https:\/\/vapebulkp.com\/#\/schema\/logo\/image\/\"}}]}<\/script>\n<!-- \/ Yoast SEO plugin. -->","yoast_head_json":{"title":"Cloud Bar Tornado 9000Puffs Randm Vape Original Vape - vapebulkp.com","description":"Cloud bar Tornado 9000puffs is a pre-filled all-in-one disposable e-cigarette charging device with 12 flavors for you to choose from, large e-liquid capacity and long battery life.","robots":{"index":"index","follow":"follow","max-snippet":"max-snippet:-1","max-image-preview":"max-image-preview:large","max-video-preview":"max-video-preview:-1"},"canonical":"https:\/\/vapebulkp.com\/da\/product\/cloud-bar-tornado-9000puffs-randm-vape-original-vape\/","og_locale":"da_DK","og_type":"article","og_title":"Cloud Bar Tornado 9000Puffs Randm Vape Original Vape - vapebulkp.com","og_description":"Cloud bar Tornado 9000puffs is a pre-filled all-in-one disposable e-cigarette charging device with 12 flavors for you to choose from, large e-liquid capacity and long battery life.","og_url":"https:\/\/vapebulkp.com\/da\/product\/cloud-bar-tornado-9000puffs-randm-vape-original-vape\/","og_site_name":"vapebulkp.com","article_modified_time":"2025-09-01T09:15:39+00:00","og_image":[{"width":1000,"height":520,"url":"http:\/\/vapebulkp.com\/wp-content\/uploads\/2023\/12\/Cloud-Bar-Tornado-9000-Puffs-Randm-Vape-Tornado-9K-Poland.png","type":"image\/png"}],"twitter_card":"summary_large_image","twitter_misc":{"Estimeret l\u00e6setid":"5 minutter"},"schema":{"@context":"https:\/\/schema.org","@graph":[{"@type":"WebPage","@id":"https:\/\/vapebulkp.com\/product\/cloud-bar-tornado-9000puffs-randm-vape-original-vape\/","url":"https:\/\/vapebulkp.com\/product\/cloud-bar-tornado-9000puffs-randm-vape-original-vape\/","name":"Cloud Bar Tornado 9000Puffs Randm Vape Original Vape - vapebulkp.com","isPartOf":{"@id":"https:\/\/vapebulkp.com\/#website"},"datePublished":"2023-12-11T07:52:30+00:00","dateModified":"2025-09-01T09:15:39+00:00","description":"Cloud bar Tornado 9000puffs is a pre-filled all-in-one disposable e-cigarette charging device with 12 flavors for you to choose from, large e-liquid capacity and long battery life.","breadcrumb":{"@id":"https:\/\/vapebulkp.com\/product\/cloud-bar-tornado-9000puffs-randm-vape-original-vape\/#breadcrumb"},"inLanguage":"da-DK","potentialAction":[{"@type":"ReadAction","target":["https:\/\/vapebulkp.com\/product\/cloud-bar-tornado-9000puffs-randm-vape-original-vape\/"]}]},{"@type":"BreadcrumbList","@id":"https:\/\/vapebulkp.com\/product\/cloud-bar-tornado-9000puffs-randm-vape-original-vape\/#breadcrumb","itemListElement":[{"@type":"ListItem","position":1,"name":"Home","item":"https:\/\/vapebulkp.com\/"},{"@type":"ListItem","position":2,"name":"Hot Trend Vapes","item":"https:\/\/vapebulkp.com\/vape-shop\/"},{"@type":"ListItem","position":3,"name":"Cloud Bar Tornado 9000Puffs Randm Vape Original Vape"}]},{"@type":"WebSite","@id":"https:\/\/vapebulkp.com\/#website","url":"https:\/\/vapebulkp.com\/","name":"vapebulkp.com","description":"Buy Vape In Cheap Bulk Price Near you","publisher":{"@id":"https:\/\/vapebulkp.com\/#organization"},"potentialAction":[{"@type":"SearchAction","target":{"@type":"EntryPoint","urlTemplate":"https:\/\/vapebulkp.com\/?s={search_term_string}"},"query-input":"required name=search_term_string"}],"inLanguage":"da-DK"},{"@type":"Organization","@id":"https:\/\/vapebulkp.com\/#organization","name":"vapebulkp.com","url":"https:\/\/vapebulkp.com\/","logo":{"@type":"ImageObject","inLanguage":"da-DK","@id":"https:\/\/vapebulkp.com\/#\/schema\/logo\/image\/","url":"https:\/\/vapebulkp.com\/wp-content\/uploads\/2023\/09\/cropped-vapebulkp.png","contentUrl":"https:\/\/vapebulkp.com\/wp-content\/uploads\/2023\/09\/cropped-vapebulkp.png","width":516,"height":163,"caption":"vapebulkp.com"},"image":{"@id":"https:\/\/vapebulkp.com\/#\/schema\/logo\/image\/"}}]}},"uagb_featured_image_src":{"full":["https:\/\/vapebulkp.com\/wp-content\/uploads\/2023\/12\/Cloud-Bar-Tornado-9000-Puffs-Randm-Vape-Tornado-9K-Poland.png",1000,520,false],"thumbnail":["https:\/\/vapebulkp.com\/wp-content\/uploads\/2023\/12\/Cloud-Bar-Tornado-9000-Puffs-Randm-Vape-Tornado-9K-Poland-150x150.png",150,150,true],"medium":["https:\/\/vapebulkp.com\/wp-content\/uploads\/2023\/12\/Cloud-Bar-Tornado-9000-Puffs-Randm-Vape-Tornado-9K-Poland-300x156.png",300,156,true],"medium_large":["https:\/\/vapebulkp.com\/wp-content\/uploads\/2023\/12\/Cloud-Bar-Tornado-9000-Puffs-Randm-Vape-Tornado-9K-Poland-768x399.png",768,399,true],"large":["https:\/\/vapebulkp.com\/wp-content\/uploads\/2023\/12\/Cloud-Bar-Tornado-9000-Puffs-Randm-Vape-Tornado-9K-Poland.png",1000,520,false],"1536x1536":["https:\/\/vapebulkp.com\/wp-content\/uploads\/2023\/12\/Cloud-Bar-Tornado-9000-Puffs-Randm-Vape-Tornado-9K-Poland.png",1000,520,false],"2048x2048":["https:\/\/vapebulkp.com\/wp-content\/uploads\/2023\/12\/Cloud-Bar-Tornado-9000-Puffs-Randm-Vape-Tornado-9K-Poland.png",1000,520,false],"trp-custom-language-flag":["https:\/\/vapebulkp.com\/wp-content\/uploads\/2023\/12\/Cloud-Bar-Tornado-9000-Puffs-Randm-Vape-Tornado-9K-Poland.png",18,9,false],"woocommerce_thumbnail":["https:\/\/vapebulkp.com\/wp-content\/uploads\/2023\/12\/Cloud-Bar-Tornado-9000-Puffs-Randm-Vape-Tornado-9K-Poland-300x300.png",300,300,true],"woocommerce_single":["https:\/\/vapebulkp.com\/wp-content\/uploads\/2023\/12\/Cloud-Bar-Tornado-9000-Puffs-Randm-Vape-Tornado-9K-Poland-600x312.png",600,312,true],"woocommerce_gallery_thumbnail":["https:\/\/vapebulkp.com\/wp-content\/uploads\/2023\/12\/Cloud-Bar-Tornado-9000-Puffs-Randm-Vape-Tornado-9K-Poland-100x100.png",100,100,true],"wcpr-photo-reviews":["https:\/\/vapebulkp.com\/wp-content\/uploads\/2023\/12\/Cloud-Bar-Tornado-9000-Puffs-Randm-Vape-Tornado-9K-Poland.png",500,260,false]},"uagb_author_info":{"display_name":"Mandy vape bulk price","author_link":"https:\/\/vapebulkp.com\/da\/author\/"},"uagb_comment_info":2,"uagb_excerpt":"Wholesale price Cloud Bar tornado 9000 puffs Cloud Bar tornado 9000 puffs Top Sale Sweden Cloud Bar tornado 9000 puffs Vape shop France Pls Contact Mandy's WhatsApp For Discount Price+8618077105796 NOTE: Prices on our website does not include shipping costs Main reason for purchase 1. Excellent quality and unparalleled performance. 2. Competitive price and fast&hellip;","_links":{"self":[{"href":"https:\/\/vapebulkp.com\/da\/wp-json\/wp\/v2\/product\/1946","targetHints":{"allow":["GET"]}}],"collection":[{"href":"https:\/\/vapebulkp.com\/da\/wp-json\/wp\/v2\/product"}],"about":[{"href":"https:\/\/vapebulkp.com\/da\/wp-json\/wp\/v2\/types\/product"}],"replies":[{"embeddable":true,"href":"https:\/\/vapebulkp.com\/da\/wp-json\/wp\/v2\/comments?post=1946"}],"wp:featuredmedia":[{"embeddable":true,"href":"https:\/\/vapebulkp.com\/da\/wp-json\/wp\/v2\/media\/1944"}],"wp:attachment":[{"href":"https:\/\/vapebulkp.com\/da\/wp-json\/wp\/v2\/media?parent=1946"}],"wp:term":[{"taxonomy":"product_cat","embeddable":true,"href":"https:\/\/vapebulkp.com\/da\/wp-json\/wp\/v2\/product_cat?post=1946"},{"taxonomy":"product_tag","embeddable":true,"href":"https:\/\/vapebulkp.com\/da\/wp-json\/wp\/v2\/product_tag?post=1946"}],"curies":[{"name":"wp","href":"https:\/\/api.w.org\/{rel}","templated":true}]}}