{"id":1949,"date":"2023-12-14T04:08:11","date_gmt":"2023-12-14T03:08:11","guid":{"rendered":"https:\/\/vapebulkp.com\/?post_type=product&#038;p=1949"},"modified":"2025-09-17T10:37:22","modified_gmt":"2025-09-17T08:37:22","slug":"vapme-crystal-7000-puffs-original-vape-good-flavor","status":"publish","type":"product","link":"https:\/\/vapebulkp.com\/da\/product\/vapme-crystal-7000-puffs-original-vape-good-flavor\/","title":{"rendered":"Vapme Crystal 7000 Pust Original Vape God Smag"},"content":{"rendered":"<h2>Vapme Crystal 7000 Pust Original Vape God Smag<\/h2>\n<p data-start=\"338\" data-end=\"673\">Den <strong data-start=\"342\" data-end=\"370\">Vapme Crystal 7000 Pust<\/strong> er en <strong data-start=\"376\" data-end=\"403\">premium engangs vape<\/strong> designet til <strong data-start=\"417\" data-end=\"448\"><a href=\"https:\/\/vapebulkp.com\/da\/puffs-stock-europe-warehouse\/\">Dansk vaping<\/a> entusiaster<\/strong> der s\u00f8ger p\u00e5lidelig ydeevne og rig smag. Denne <strong data-start=\"500\" data-end=\"530\">7000 Puffs Engangs Vape<\/strong> har et indbygget 650mAh batteri og 14 ml h\u00f8j kvalitets e-v\u00e6ske, hvilket tilbyder langvarige sessioner uden behov for hyppig opladning.<\/p>\n<p data-start=\"675\" data-end=\"908\">Som en <strong data-start=\"680\" data-end=\"712\">genopladelig engangs vape<\/strong>kombinerer den bekvemmelighed med konsistent damp produktion. Enheden underst\u00f8tter 2% og 5% nikotinsaltindstillinger, hvilket g\u00f8r den til en alsidig <strong data-start=\"847\" data-end=\"869\">nikotinsalt vape<\/strong> for b\u00e5de moderate og st\u00e6rkere hits.<\/p>\n<p data-start=\"910\" data-end=\"1149\">V\u00e6lg mellem 12 forskellige <strong data-start=\"934\" data-end=\"973\">frugt-, mentol- og tobakssmage<\/strong>, hver is\u00e6r skabt for at levere glat damp og et tilfredsstillende 'throat hit'. RGB-lys designet tilf\u00f8jer et moderne touch, hvilket g\u00f8r det til en stilfuld mulighed for sociale sammenkomster eller brug p\u00e5 farten.<\/p>\n<p data-start=\"1151\" data-end=\"1367\">Pakket i displaybokse med 10, er <strong data-start=\"1188\" data-end=\"1232\">Vapme Crystal 7000 Puff engangs-vape<\/strong> perfekt til engrosk\u00f8bere og forhandlere, der tilbyder en p\u00e5lidelig, h\u00f8j kvalitets l\u00f8sning, der im\u00f8dekommer kravene fra danske vapere.<\/p>\n<p><img decoding=\"async\" class=\"alignnone wp-image-1955\" src=\"http:\/\/vapebulkp.com\/wp-content\/uploads\/2023\/12\/VAPME-CRYSTAL-7000-PUFFS-WHOLESALE-Germany.jpg\" alt=\"VAPME CRYSTAL 7000 PUFFS WHOLESALE Danmark\" width=\"474\" height=\"474\" srcset=\"https:\/\/vapebulkp.com\/wp-content\/uploads\/2023\/12\/VAPME-CRYSTAL-7000-PUFFS-WHOLESALE-Germany.jpg 1001w, https:\/\/vapebulkp.com\/wp-content\/uploads\/2023\/12\/VAPME-CRYSTAL-7000-PUFFS-WHOLESALE-Germany-300x300.jpg 300w, https:\/\/vapebulkp.com\/wp-content\/uploads\/2023\/12\/VAPME-CRYSTAL-7000-PUFFS-WHOLESALE-Germany-150x150.jpg 150w, https:\/\/vapebulkp.com\/wp-content\/uploads\/2023\/12\/VAPME-CRYSTAL-7000-PUFFS-WHOLESALE-Germany-768x768.jpg 768w, https:\/\/vapebulkp.com\/wp-content\/uploads\/2023\/12\/VAPME-CRYSTAL-7000-PUFFS-WHOLESALE-Germany-600x600.jpg 600w, https:\/\/vapebulkp.com\/wp-content\/uploads\/2023\/12\/VAPME-CRYSTAL-7000-PUFFS-WHOLESALE-Germany-100x100.jpg 100w\" sizes=\"(max-width: 474px) 100vw, 474px\" \/><\/p>\n<p><img decoding=\"async\" class=\"alignnone wp-image-1956\" src=\"http:\/\/vapebulkp.com\/wp-content\/uploads\/2023\/12\/VAPME-CRYSTAL-7000-PUFFS-WHOLESALE-France.jpg\" alt=\"VAPME CRYSTAL 7000 PUFFS WHOLESALE Danmark\" width=\"472\" height=\"472\" srcset=\"https:\/\/vapebulkp.com\/wp-content\/uploads\/2023\/12\/VAPME-CRYSTAL-7000-PUFFS-WHOLESALE-France.jpg 1001w, https:\/\/vapebulkp.com\/wp-content\/uploads\/2023\/12\/VAPME-CRYSTAL-7000-PUFFS-WHOLESALE-France-300x300.jpg 300w, https:\/\/vapebulkp.com\/wp-content\/uploads\/2023\/12\/VAPME-CRYSTAL-7000-PUFFS-WHOLESALE-France-150x150.jpg 150w, https:\/\/vapebulkp.com\/wp-content\/uploads\/2023\/12\/VAPME-CRYSTAL-7000-PUFFS-WHOLESALE-France-768x768.jpg 768w, https:\/\/vapebulkp.com\/wp-content\/uploads\/2023\/12\/VAPME-CRYSTAL-7000-PUFFS-WHOLESALE-France-600x600.jpg 600w, https:\/\/vapebulkp.com\/wp-content\/uploads\/2023\/12\/VAPME-CRYSTAL-7000-PUFFS-WHOLESALE-France-100x100.jpg 100w\" sizes=\"(max-width: 472px) 100vw, 472px\" \/><\/p>\n<h6 style=\"text-align: left\"><\/h6>\n<h6>Kontakt venligst Mandys WhatsApp for rabatpris<a href=\"https:\/\/wa.me\/8618077105796\">+8618077105796<\/a><\/h6>\n<p><img decoding=\"async\" class=\"alignnone wp-image-2151\" src=\"http:\/\/vapebulkp.com\/wp-content\/uploads\/2024\/04\/Mandy-WhatsApp-Randm.jpg\" alt=\"Mandy WhatsApp Randm\" width=\"328\" height=\"349\" srcset=\"https:\/\/vapebulkp.com\/wp-content\/uploads\/2024\/04\/Mandy-WhatsApp-Randm.jpg 916w, https:\/\/vapebulkp.com\/wp-content\/uploads\/2024\/04\/Mandy-WhatsApp-Randm-282x300.jpg 282w, https:\/\/vapebulkp.com\/wp-content\/uploads\/2024\/04\/Mandy-WhatsApp-Randm-768x817.jpg 768w, https:\/\/vapebulkp.com\/wp-content\/uploads\/2024\/04\/Mandy-WhatsApp-Randm-600x638.jpg 600w\" sizes=\"(max-width: 328px) 100vw, 328px\" \/><\/p>\n<h2><span style=\"vertical-align: inherit\">T\u00e6nkte du m\u00e5ske gerne ville vide om Vapme Crystal 7000 Puff engangs-vape:<\/span><\/h2>\n<p>&nbsp;<\/p>\n<h4>1. Kan Vapme Crystal 7k puff sendes til mit land?<\/h4>\n<p>Absolut! Vi leverer forsendelsesservices til forskellige europ\u00e6iske lande, herunder Danmark, Tyskland, Frankrig, Spanien, Italien, Belgien, Luxembourg, \u00d8strig, Tjekkiet, Slovakiet, Ungarn, Slovenien, Rum\u00e6nien, Bulgarien, Gr\u00e6kenland, Polen, Sverige, Irland, Portugal, Finland, Estland, Letland, Litauen og mere.<\/p>\n<h4>2. Hvad er opladningsprocessen for Vapme Crystal 7000 puffs?<\/h4>\n<p>Det er nemt at oplade Vapme Crystal 7000 puff. Brug blot en Android Type-C-oplader (ikke en super-hurtig oplader). N\u00e5r den oplades, lyser et bl\u00e5t lys i bunden af enheden. Lyset slukker, n\u00e5r enheden er fuldt opladet og klar til brug.<\/p>\n<h4>3. Hvor lang tid tager det at oplade Vapme Crystal 7000 puff helt?<\/h4>\n<p>Det tager typisk omkring 30 minutter at opn\u00e5 en fuld opladning af Vapme Crystal 7000 puff. Hold \u00f8je med, at det bl\u00e5 indikatorlys slukker, hvilket indikerer, at din vaping-enhed er fuldt opladet og klar til brug!<\/p>\n<p><span style=\"color: #ff6600\">Bem\u00e6rk: kan ikke oplade hele natten!<\/span><\/p>\n<p>&nbsp;<\/p>\n<h3>Engros Vape Vapme Crystal 7000 sug Funktion:<\/h3>\n<p>Model: RGB-lys Vapme Crystal 7000 Sug<\/p>\n<p>Sug: 7000<br \/>\nBatterikapacitet: 650mAh<br \/>\nE-v\u00e6ske volumen: 14ml<br \/>\nNikotinindhold: 2%\/5% Nikotinsalt<br \/>\nEmballage: 10 styk i 1 displayboks<br \/>\nMinimum ordrem\u00e6ngde (MOQ):\u00a0<strong>100 stykker<\/strong><\/p>\n<h3>Fordele ved Vapme crystal 7000 sug vape bar:<\/h3>\n<ol>\n<li>Innovativt, RGB-lys<\/li>\n<li>H\u00f8j kvalitet<\/li>\n<li>Stilfuld<\/li>\n<li>Massive dampskyer<\/li>\n<li>Brugervenlig<\/li>\n<li>Forfyldt<\/li>\n<li>Ingen vedligeholdelse<\/li>\n<li>Diskret<\/li>\n<li>Ubesv\u00e6ret<\/li>\n<li>Intens smag<\/li>\n<li>Nikotinsalte<\/li>\n<li>Nikotintilfredsstillelse<\/li>\n<li>Nikotinlevering<\/li>\n<li>Forbedret oplevelse<\/li>\n<\/ol>\n<h3><strong>Hvad er bedst <\/strong>Vapme crystal 7000 sug <strong>Smagsvarianter?<\/strong><\/h3>\n<p>1.Bl\u00e5b\u00e6r hindb\u00e6r<br \/>\n2. Drueb\u00e6r<br \/>\n3.Jordb\u00e6r Vandmelon Bubblegum<br \/>\n4.Jordb\u00e6r Hindb\u00e6r Slik<br \/>\n5. Jordb\u00e6r banan<br \/>\n6. Jordb\u00e6r mango<br \/>\n7. Fersken mango ananas<br \/>\n8. Vandmelon is<br \/>\n9. Triple mango<br \/>\n10.Kirseb\u00e6r is<br \/>\n11. Passionsfrugt melon is<br \/>\n12. Kiwi passionsfrugt guava<br \/>\n13. Jordb\u00e6r is<br \/>\n14. Fersken is<br \/>\n15. Bl\u00e5 hindb\u00e6r limonade<br \/>\n16. Jordb\u00e6r kiwi<br \/>\n17. Energidrik<br \/>\n18.Kirseb\u00e6rcola<br \/>\n19.Blandede b\u00e6r is<br \/>\n20.Citron<br \/>\n21.Jordb\u00e6r drue<br \/>\n22.Solb\u00e6r is<br \/>\n23.Bl\u00e5b\u00e6r traneb\u00e6r kirseb\u00e6r<br \/>\n24.Vandmelon kiwi is<br \/>\n25.Kirseb\u00e6rb\u00e6r<br \/>\n26.Mynte<br \/>\n27.Tropisk frugt punch<br \/>\n28.Mr. Bl\u00e5<br \/>\n29.Dobbelt \u00c6ble<br \/>\n30.Bananis<br \/>\n31. Lady Killa<br \/>\n32.Vandmelon Bull<br \/>\n33.Ananas Kiwi Is<br \/>\n34.Jordb\u00e6r Dragefrugt Is<br \/>\n35.Vandmelon Citron<br \/>\n36.Triple Melon Is<br \/>\n37.Bl\u00e5b\u00e6r Hindb\u00e6r Fersken<br \/>\n38.Jordb\u00e6r Hindb\u00e6r Is<br \/>\n39.Vandmelon Skittle<br \/>\n40.Jordb\u00e6r Gummybj\u00f8rn<br \/>\n41.Jordb\u00e6r Red Bull<br \/>\n42.Sort Drageis<br \/>\n43.Vindrueis<\/p>\n<p><span style=\"vertical-align: inherit\">Find flere produkter du m\u00e5ske kan lide:<\/span><em><a href=\"https:\/\/wa.me\/8618077105796\"><span style=\"vertical-align: inherit\">\u00a0K\u00f8b den nu<\/span><\/a><\/em><\/p>\n<p><span style=\"vertical-align: inherit\">Andre Puffs du m\u00e5ske kan lide:<\/span><\/p>\n<p><a href=\"https:\/\/vapebulkp.com\/da\/product\/wholesale-randm-tornado-9000-puffs-germany\/\"><span style=\"vertical-align: inherit\">RandM Tornado 9000 Puf<\/span><\/a><span style=\"vertical-align: inherit\">\u2014Som den mest popul\u00e6re e-cigaret har Randm 9.000 sug, som du kan nyde<\/span><\/p>\n<p><a href=\"https:\/\/vapebulkp.com\/da\/product\/popular-bang-king-10000-puffs-vape-good-price\/\"><span style=\"vertical-align: inherit\">Bang King 10000 pust<\/span><\/a><span style=\"vertical-align: inherit\">\u2014Bang King er et popul\u00e6rt m\u00e6rke med unikke modeller og 10.000 pust<\/span><\/p>\n<p><a href=\"https:\/\/vapebulkp.com\/da\/product\/bang-king-12000puffs\/\"><span style=\"vertical-align: inherit\">Bang King 12000 pust<\/span><\/a>\u2014-Bang King 12000 Pust er et popul\u00e6rt m\u00e6rke med unikke modeller og 12.000 pust, en anden mulighed for at forbedre dine vaping-behov<\/p>\n<h4>T\u00e6nker du m\u00e5ske gerne vil vide om elektroniske cigaretter (e-cigaretter):<\/h4>\n<p>Q: Hvorfor l\u00e6kker e-cigaretter olie?<br \/>\nA: L\u00e6kage af e-cigaretolie kan skyldes, at forst\u00f8verkjernen er forkert installeret, eller at t\u00e6tningsringen er beskadiget under p\u00e5fyldning. S\u00f8rg for ikke at overklemme olien under p\u00e5fyldning, og kontroller om t\u00e6tningsringen er intakt, hvilket effektivt kan reducere oliel\u00e6kage.<\/p>\n<p>Q: Hvorfor lugter e-cigaretten br\u00e6ndt?<br \/>\nA: Den br\u00e6ndte lugt skyldes normalt t\u00f8rforbr\u00e6nding af forst\u00f8verkjernen eller utilstr\u00e6kkelig olie. Det anbefales at udskifte forst\u00f8verkjernen regelm\u00e6ssigt og sikre tilstr\u00e6kkelig olie for at undg\u00e5 t\u00f8rforbr\u00e6nding.<\/p>\n<p>Q: Hvorfor bliver e-cigarettens sugeevne svagere?<br \/>\nA: Svag sugning kan skyldes utilstr\u00e6kkelig batteristyrke, aldring af forst\u00f8verkjernen eller blokering af forst\u00f8verkjernen. Pr\u00f8v at genoplade batteriet eller udskifte forst\u00f8verkjernen med en ny for at l\u00f8se problemet med svag sugning.<\/p>\n<p>Q: Hvordan reng\u00f8res e-cigaretudstyr?<br \/>\nA: Regelm\u00e6ssig reng\u00f8ring af din e-cigaret vil vedligeholde dens ydeevne og smag. Brug en bl\u00f8d klud til forsigtigt at t\u00f8rre enheden af, og brug vatpinde til at reng\u00f8re forbindelser eller indvendige overflader, men pas p\u00e5 ikke at beskadige den.<\/p>\n<p>Q: Er e-cigaretter skadelige for helbredet?<br \/>\nA: Selvom e-cigaretter kan indeholde f\u00e6rre skadelige stoffer end traditionelle cigaretter, betyder det ikke, at de er helt uskadelige. Langvarig brug af e-cigaretter kan stadig have visse effekter p\u00e5 helbredet. Det er bedst at begr\u00e6nse brugen og s\u00f8ge professionel l\u00e6gelig r\u00e5dgivning.<\/p>\n<h4>Forsendelsesdetaljer:<\/h4>\n<p><span style=\"color: #ff6600\">Produktionstid: 5-10 arbejdsdage<\/span><br \/>\n<span style=\"color: #ff6600\">Leveringstid: 8-14 arbejdsdage<\/span><\/p>\n<p>Alle produkter i vores butik er 100% originale og autentiske, s\u00e5 ti gange kompensation for falske varer er vores butikspolitik. Vi bruger logistikkanaler som UPS\/DHL\/FEDEX\/DPD til at levere varer til dig.<\/p>\n<p>For pakker sendt til Danmark tager det normalt 10 arbejdsdage at ankomme. Forsendelse til europ\u00e6iske lande tager normalt 12 til 15 arbejdsdage at ankomme. Vi vil opdatere logistikinformationen for dig i realtid.<\/p>\n<p>Kontakt os, og vi kan tilbyde dig Hazebar 12000 Puff og bringe din forretning til st\u00f8rre h\u00f8jder!<\/p>","protected":false},"excerpt":{"rendered":"<p>K\u00f8b Vapme Crystal 7000 Puffs engangs-vape-pod i st\u00f8rre m\u00e6ngder til utrolige priser. For\u00f8g din vapingrejse med hele 7000 sug, et 850mAh batteri til l\u00e6ngerevarende brug og en gener\u00f8s 14 ml e-v\u00e6skekapacitet. Dette premiumprodukt f\u00e5s i b\u00e5de 2% og 5% Nicotinsalt-indstillinger. Sikre din i dag og introducer top-tier vapingtilbud til dine kunder. Udforsk engrossalgsmuligheder for VAPME VAPE 7000 PUFF og CRYSTAL PRO VAPE til bulkpriser.<\/p>\n<p><img decoding=\"async\" class=\"alignnone wp-image-2151\" src=\"http:\/\/vapebulkp.com\/wp-content\/uploads\/2024\/04\/Mandy-WhatsApp-Randm.jpg\" alt=\"Mandy WhatsApp Randm\" width=\"277\" height=\"294\" srcset=\"https:\/\/vapebulkp.com\/wp-content\/uploads\/2024\/04\/Mandy-WhatsApp-Randm.jpg 916w, https:\/\/vapebulkp.com\/wp-content\/uploads\/2024\/04\/Mandy-WhatsApp-Randm-282x300.jpg 282w, https:\/\/vapebulkp.com\/wp-content\/uploads\/2024\/04\/Mandy-WhatsApp-Randm-768x817.jpg 768w, https:\/\/vapebulkp.com\/wp-content\/uploads\/2024\/04\/Mandy-WhatsApp-Randm-600x638.jpg 600w\" sizes=\"(max-width: 277px) 100vw, 277px\" \/><\/p>\n<p>Kontakt venligst Mandys WhatsApp for rabatpris<a href=\"https:\/\/wa.me\/8618077105796\">+8618077105796<\/a><\/p>\n<p><span style=\"color: #ff0000\">BEM\u00c6RK: Priserne p\u00e5 vores hjemmeside inkluderer ikke forsendelsesomkostninger<\/span><\/p>","protected":false},"featured_media":1950,"comment_status":"open","ping_status":"closed","template":"","meta":{"_uag_custom_page_level_css":"","_lmt_disableupdate":"no","_lmt_disable":"","site-sidebar-layout":"default","site-content-layout":"content-boxed-container","ast-site-content-layout":"normal-width-container","site-content-style":"boxed","site-sidebar-style":"unboxed","ast-global-header-display":"","ast-banner-title-visibility":"","ast-main-header-display":"","ast-hfb-above-header-display":"","ast-hfb-below-header-display":"","ast-hfb-mobile-header-display":"","site-post-title":"","ast-breadcrumbs-content":"","ast-featured-img":"","footer-sml-layout":"","theme-transparent-header-meta":"default","adv-header-id-meta":"","stick-header-meta":"","header-above-stick-meta":"","header-main-stick-meta":"","header-below-stick-meta":"","astra-migrate-meta-layouts":"set","_joinchat":[]},"product_cat":[170,153,155,33,59,100,98,34,158,157,154,152,58,84,156,63,32,368],"product_tag":[39,36,37,91,41,71,40],"class_list":["post-1949","product","type-product","status-publish","has-post-thumbnail","hentry","product_cat-7000-puffs-disposable-vape","product_cat-hot-disposable-vapes","product_cat-belgium-hot-disposable-vapes","product_cat-france-vape-hot-sale","product_cat-germany-hot-disposable-vape","product_cat-germany-wholesale-vape-shop","product_cat-moq-100pcs","product_cat-netherlands-vape-good-sale","product_cat-norway-hot-disposable-vapes","product_cat-poland-hot-disposable-vapes","product_cat-portugal-hot-disposable-vapes","product_cat-spain-hot-disposable-vapes","product_cat-sweden-hot-disposable-vape","product_cat-sweden-wholesale-vape","product_cat-switzerland-hot-disposable-vapes","product_cat-top-sale-disposable-vape","product_cat-vape-hot-sale-this-week","product_cat-vapme-vape","product_tag-7000-puffs","product_tag-good-vape","product_tag-hot-sale-disposable-vape","product_tag-italy-hot-vape","product_tag-poland-hot-vape","product_tag-randm","product_tag-sweden-hot-vape","pa_brand-vapme-vape","desktop-align-left","tablet-align-left","mobile-align-left"],"yoast_head":"<!-- This site is optimized with the Yoast SEO plugin v21.1 - https:\/\/yoast.com\/wordpress\/plugins\/seo\/ -->\n<title>Vapme Crystal 7000 Puffs Original Vape Good Flavor - vapebulkp.com<\/title>\n<meta name=\"description\" content=\"Shop Vapme Crystal 7000 puffs, an 850mAh battery for prolonged use, and a generous 14ml e-liquid capacity. This premium product is available in both 2% and 5% Nicotine Salt options.\" \/>\n<meta name=\"robots\" content=\"index, follow, max-snippet:-1, max-image-preview:large, max-video-preview:-1\" \/>\n<link rel=\"canonical\" href=\"https:\/\/vapebulkp.com\/da\/product\/vapme-crystal-7000-puffs-original-vape-good-flavor\/\" \/>\n<meta property=\"og:locale\" content=\"da_DK\" \/>\n<meta property=\"og:type\" content=\"article\" \/>\n<meta property=\"og:title\" content=\"Vapme Crystal 7000 Puffs Original Vape Good Flavor - vapebulkp.com\" \/>\n<meta property=\"og:description\" content=\"Shop Vapme Crystal 7000 puffs, an 850mAh battery for prolonged use, and a generous 14ml e-liquid capacity. This premium product is available in both 2% and 5% Nicotine Salt options.\" \/>\n<meta property=\"og:url\" content=\"https:\/\/vapebulkp.com\/da\/product\/vapme-crystal-7000-puffs-original-vape-good-flavor\/\" \/>\n<meta property=\"og:site_name\" content=\"vapebulkp.com\" \/>\n<meta property=\"article:modified_time\" content=\"2025-09-17T08:37:22+00:00\" \/>\n<meta property=\"og:image\" content=\"http:\/\/vapebulkp.com\/wp-content\/uploads\/2023\/12\/CRYSTAL-VAPE-VAPE-WHOLESALE-PUFF-000.png\" \/>\n\t<meta property=\"og:image:width\" content=\"353\" \/>\n\t<meta property=\"og:image:height\" content=\"519\" \/>\n\t<meta property=\"og:image:type\" content=\"image\/png\" \/>\n<meta name=\"twitter:card\" content=\"summary_large_image\" \/>\n<meta name=\"twitter:label1\" content=\"Estimeret l\u00e6setid\" \/>\n\t<meta name=\"twitter:data1\" content=\"5 minutter\" \/>\n<script type=\"application\/ld+json\" class=\"yoast-schema-graph\">{\"@context\":\"https:\/\/schema.org\",\"@graph\":[{\"@type\":\"WebPage\",\"@id\":\"https:\/\/vapebulkp.com\/product\/vapme-crystal-7000-puffs-original-vape-good-flavor\/\",\"url\":\"https:\/\/vapebulkp.com\/product\/vapme-crystal-7000-puffs-original-vape-good-flavor\/\",\"name\":\"Vapme Crystal 7000 Puffs Original Vape Good Flavor - vapebulkp.com\",\"isPartOf\":{\"@id\":\"https:\/\/vapebulkp.com\/#website\"},\"datePublished\":\"2023-12-14T03:08:11+00:00\",\"dateModified\":\"2025-09-17T08:37:22+00:00\",\"description\":\"Shop Vapme Crystal 7000 puffs, an 850mAh battery for prolonged use, and a generous 14ml e-liquid capacity. This premium product is available in both 2% and 5% Nicotine Salt options.\",\"breadcrumb\":{\"@id\":\"https:\/\/vapebulkp.com\/product\/vapme-crystal-7000-puffs-original-vape-good-flavor\/#breadcrumb\"},\"inLanguage\":\"da-DK\",\"potentialAction\":[{\"@type\":\"ReadAction\",\"target\":[\"https:\/\/vapebulkp.com\/product\/vapme-crystal-7000-puffs-original-vape-good-flavor\/\"]}]},{\"@type\":\"BreadcrumbList\",\"@id\":\"https:\/\/vapebulkp.com\/product\/vapme-crystal-7000-puffs-original-vape-good-flavor\/#breadcrumb\",\"itemListElement\":[{\"@type\":\"ListItem\",\"position\":1,\"name\":\"Home\",\"item\":\"https:\/\/vapebulkp.com\/\"},{\"@type\":\"ListItem\",\"position\":2,\"name\":\"Hot Trend Vapes\",\"item\":\"https:\/\/vapebulkp.com\/vape-shop\/\"},{\"@type\":\"ListItem\",\"position\":3,\"name\":\"Vapme Crystal 7000 Puffs Original Vape Good Flavor\"}]},{\"@type\":\"WebSite\",\"@id\":\"https:\/\/vapebulkp.com\/#website\",\"url\":\"https:\/\/vapebulkp.com\/\",\"name\":\"vapebulkp.com\",\"description\":\"Buy Vape In Cheap Bulk Price Near you\",\"publisher\":{\"@id\":\"https:\/\/vapebulkp.com\/#organization\"},\"potentialAction\":[{\"@type\":\"SearchAction\",\"target\":{\"@type\":\"EntryPoint\",\"urlTemplate\":\"https:\/\/vapebulkp.com\/?s={search_term_string}\"},\"query-input\":\"required name=search_term_string\"}],\"inLanguage\":\"da-DK\"},{\"@type\":\"Organization\",\"@id\":\"https:\/\/vapebulkp.com\/#organization\",\"name\":\"vapebulkp.com\",\"url\":\"https:\/\/vapebulkp.com\/\",\"logo\":{\"@type\":\"ImageObject\",\"inLanguage\":\"da-DK\",\"@id\":\"https:\/\/vapebulkp.com\/#\/schema\/logo\/image\/\",\"url\":\"https:\/\/vapebulkp.com\/wp-content\/uploads\/2023\/09\/cropped-vapebulkp.png\",\"contentUrl\":\"https:\/\/vapebulkp.com\/wp-content\/uploads\/2023\/09\/cropped-vapebulkp.png\",\"width\":516,\"height\":163,\"caption\":\"vapebulkp.com\"},\"image\":{\"@id\":\"https:\/\/vapebulkp.com\/#\/schema\/logo\/image\/\"}}]}<\/script>\n<!-- \/ Yoast SEO plugin. -->","yoast_head_json":{"title":"Vapme Crystal 7000 Puffs Original Vape Good Flavor - vapebulkp.com","description":"Shop Vapme Crystal 7000 puffs, an 850mAh battery for prolonged use, and a generous 14ml e-liquid capacity. This premium product is available in both 2% and 5% Nicotine Salt options.","robots":{"index":"index","follow":"follow","max-snippet":"max-snippet:-1","max-image-preview":"max-image-preview:large","max-video-preview":"max-video-preview:-1"},"canonical":"https:\/\/vapebulkp.com\/da\/product\/vapme-crystal-7000-puffs-original-vape-good-flavor\/","og_locale":"da_DK","og_type":"article","og_title":"Vapme Crystal 7000 Puffs Original Vape Good Flavor - vapebulkp.com","og_description":"Shop Vapme Crystal 7000 puffs, an 850mAh battery for prolonged use, and a generous 14ml e-liquid capacity. This premium product is available in both 2% and 5% Nicotine Salt options.","og_url":"https:\/\/vapebulkp.com\/da\/product\/vapme-crystal-7000-puffs-original-vape-good-flavor\/","og_site_name":"vapebulkp.com","article_modified_time":"2025-09-17T08:37:22+00:00","og_image":[{"width":353,"height":519,"url":"http:\/\/vapebulkp.com\/wp-content\/uploads\/2023\/12\/CRYSTAL-VAPE-VAPE-WHOLESALE-PUFF-000.png","type":"image\/png"}],"twitter_card":"summary_large_image","twitter_misc":{"Estimeret l\u00e6setid":"5 minutter"},"schema":{"@context":"https:\/\/schema.org","@graph":[{"@type":"WebPage","@id":"https:\/\/vapebulkp.com\/product\/vapme-crystal-7000-puffs-original-vape-good-flavor\/","url":"https:\/\/vapebulkp.com\/product\/vapme-crystal-7000-puffs-original-vape-good-flavor\/","name":"Vapme Crystal 7000 Puffs Original Vape Good Flavor - vapebulkp.com","isPartOf":{"@id":"https:\/\/vapebulkp.com\/#website"},"datePublished":"2023-12-14T03:08:11+00:00","dateModified":"2025-09-17T08:37:22+00:00","description":"Shop Vapme Crystal 7000 puffs, an 850mAh battery for prolonged use, and a generous 14ml e-liquid capacity. This premium product is available in both 2% and 5% Nicotine Salt options.","breadcrumb":{"@id":"https:\/\/vapebulkp.com\/product\/vapme-crystal-7000-puffs-original-vape-good-flavor\/#breadcrumb"},"inLanguage":"da-DK","potentialAction":[{"@type":"ReadAction","target":["https:\/\/vapebulkp.com\/product\/vapme-crystal-7000-puffs-original-vape-good-flavor\/"]}]},{"@type":"BreadcrumbList","@id":"https:\/\/vapebulkp.com\/product\/vapme-crystal-7000-puffs-original-vape-good-flavor\/#breadcrumb","itemListElement":[{"@type":"ListItem","position":1,"name":"Home","item":"https:\/\/vapebulkp.com\/"},{"@type":"ListItem","position":2,"name":"Hot Trend Vapes","item":"https:\/\/vapebulkp.com\/vape-shop\/"},{"@type":"ListItem","position":3,"name":"Vapme Crystal 7000 Puffs Original Vape Good Flavor"}]},{"@type":"WebSite","@id":"https:\/\/vapebulkp.com\/#website","url":"https:\/\/vapebulkp.com\/","name":"vapebulkp.com","description":"Buy Vape In Cheap Bulk Price Near you","publisher":{"@id":"https:\/\/vapebulkp.com\/#organization"},"potentialAction":[{"@type":"SearchAction","target":{"@type":"EntryPoint","urlTemplate":"https:\/\/vapebulkp.com\/?s={search_term_string}"},"query-input":"required name=search_term_string"}],"inLanguage":"da-DK"},{"@type":"Organization","@id":"https:\/\/vapebulkp.com\/#organization","name":"vapebulkp.com","url":"https:\/\/vapebulkp.com\/","logo":{"@type":"ImageObject","inLanguage":"da-DK","@id":"https:\/\/vapebulkp.com\/#\/schema\/logo\/image\/","url":"https:\/\/vapebulkp.com\/wp-content\/uploads\/2023\/09\/cropped-vapebulkp.png","contentUrl":"https:\/\/vapebulkp.com\/wp-content\/uploads\/2023\/09\/cropped-vapebulkp.png","width":516,"height":163,"caption":"vapebulkp.com"},"image":{"@id":"https:\/\/vapebulkp.com\/#\/schema\/logo\/image\/"}}]}},"uagb_featured_image_src":{"full":["https:\/\/vapebulkp.com\/wp-content\/uploads\/2023\/12\/CRYSTAL-VAPE-VAPE-WHOLESALE-PUFF-000.png",353,519,false],"thumbnail":["https:\/\/vapebulkp.com\/wp-content\/uploads\/2023\/12\/CRYSTAL-VAPE-VAPE-WHOLESALE-PUFF-000-150x150.png",150,150,true],"medium":["https:\/\/vapebulkp.com\/wp-content\/uploads\/2023\/12\/CRYSTAL-VAPE-VAPE-WHOLESALE-PUFF-000-204x300.png",204,300,true],"medium_large":["https:\/\/vapebulkp.com\/wp-content\/uploads\/2023\/12\/CRYSTAL-VAPE-VAPE-WHOLESALE-PUFF-000.png",353,519,false],"large":["https:\/\/vapebulkp.com\/wp-content\/uploads\/2023\/12\/CRYSTAL-VAPE-VAPE-WHOLESALE-PUFF-000.png",353,519,false],"1536x1536":["https:\/\/vapebulkp.com\/wp-content\/uploads\/2023\/12\/CRYSTAL-VAPE-VAPE-WHOLESALE-PUFF-000.png",353,519,false],"2048x2048":["https:\/\/vapebulkp.com\/wp-content\/uploads\/2023\/12\/CRYSTAL-VAPE-VAPE-WHOLESALE-PUFF-000.png",353,519,false],"trp-custom-language-flag":["https:\/\/vapebulkp.com\/wp-content\/uploads\/2023\/12\/CRYSTAL-VAPE-VAPE-WHOLESALE-PUFF-000.png",8,12,false],"woocommerce_thumbnail":["https:\/\/vapebulkp.com\/wp-content\/uploads\/2023\/12\/CRYSTAL-VAPE-VAPE-WHOLESALE-PUFF-000-300x300.png",300,300,true],"woocommerce_single":["https:\/\/vapebulkp.com\/wp-content\/uploads\/2023\/12\/CRYSTAL-VAPE-VAPE-WHOLESALE-PUFF-000.png",353,519,false],"woocommerce_gallery_thumbnail":["https:\/\/vapebulkp.com\/wp-content\/uploads\/2023\/12\/CRYSTAL-VAPE-VAPE-WHOLESALE-PUFF-000-100x100.png",100,100,true],"wcpr-photo-reviews":["https:\/\/vapebulkp.com\/wp-content\/uploads\/2023\/12\/CRYSTAL-VAPE-VAPE-WHOLESALE-PUFF-000.png",340,500,false]},"uagb_author_info":{"display_name":"Mandy vape bulk price","author_link":"https:\/\/vapebulkp.com\/da\/author\/"},"uagb_comment_info":5,"uagb_excerpt":"Purchase the Vapme Crystal 7000 Puffs Disposable Vape Pod in larger quantities at incredible prices. Elevate your vaping journey with an extensive 7000 puffs, an 850mAh battery for prolonged use, and a generous 14ml e-liquid capacity. This premium product is available in both 2% and 5% Nicotine Salt options. Secure yours today and introduce top-tier&hellip;","_links":{"self":[{"href":"https:\/\/vapebulkp.com\/da\/wp-json\/wp\/v2\/product\/1949","targetHints":{"allow":["GET"]}}],"collection":[{"href":"https:\/\/vapebulkp.com\/da\/wp-json\/wp\/v2\/product"}],"about":[{"href":"https:\/\/vapebulkp.com\/da\/wp-json\/wp\/v2\/types\/product"}],"replies":[{"embeddable":true,"href":"https:\/\/vapebulkp.com\/da\/wp-json\/wp\/v2\/comments?post=1949"}],"wp:featuredmedia":[{"embeddable":true,"href":"https:\/\/vapebulkp.com\/da\/wp-json\/wp\/v2\/media\/1950"}],"wp:attachment":[{"href":"https:\/\/vapebulkp.com\/da\/wp-json\/wp\/v2\/media?parent=1949"}],"wp:term":[{"taxonomy":"product_cat","embeddable":true,"href":"https:\/\/vapebulkp.com\/da\/wp-json\/wp\/v2\/product_cat?post=1949"},{"taxonomy":"product_tag","embeddable":true,"href":"https:\/\/vapebulkp.com\/da\/wp-json\/wp\/v2\/product_tag?post=1949"}],"curies":[{"name":"wp","href":"https:\/\/api.w.org\/{rel}","templated":true}]}}