{"id":2047,"date":"2024-02-23T04:43:11","date_gmt":"2024-02-23T03:43:11","guid":{"rendered":"https:\/\/vapebulkp.com\/?post_type=product&#038;p=2047"},"modified":"2025-09-24T05:44:54","modified_gmt":"2025-09-24T03:44:54","slug":"top-sale-bang-king-digital-box15k-puffs-bang-vape","status":"publish","type":"product","link":"https:\/\/vapebulkp.com\/da\/product\/top-sale-bang-king-digital-box15k-puffs-bang-vape\/","title":{"rendered":"Tops\u00e6lger Bang King Digital box 15k Puffs Bang Vape"},"content":{"rendered":"<h2>Tops\u00e6lger Bang King Digital box 15k Puffs Bang Vape<\/h2>\n<div class=\"flex-1 overflow-hidden\">\n<div class=\"react-scroll-to-bottom--css-jqipn-79elbk h-full\">\n<div class=\"react-scroll-to-bottom--css-jqipn-1n7m0yu\">\n<div class=\"flex flex-col pb-9 text-sm\">\n<div class=\"w-full text-token-text-primary\" data-testid=\"conversation-turn-3\">\n<div class=\"px-4 py-2 justify-center text-base md:gap-6 m-auto\">\n<div class=\"flex flex-1 text-base mx-auto gap-3 md:px-5 lg:px-1 xl:px-5 md:max-w-3xl lg:max-w-[40rem] xl:max-w-[48rem] group final-completion\">\n<div class=\"relative flex w-full flex-col agent-turn\">\n<div class=\"flex-col gap-1 md:gap-3\">\n<div class=\"flex flex-grow flex-col max-w-full\">\n<div class=\"min-h-[20px] text-message flex flex-col items-start gap-3 whitespace-pre-wrap break-words [.text-message+&amp;]:mt-5 overflow-x-auto\" data-message-author-role=\"assistant\" data-message-id=\"9a8e65ba-92ac-4923-990c-b23dc8c2bd86\">\n<div class=\"markdown prose w-full break-words dark:prose-invert light\">\n<p>Bang King Digital box15k Puffs omdefinerer standarden for moderne e-cigaretter. Det er en enhed, der er designet til kr\u00e6sne dampere, som b\u00e5de eftersp\u00f8rger avanceret teknologi og raffineret ydeevne. Denne enhed er den ultimative l\u00f8sning for dem, der s\u00f8ger et <strong>premium<\/strong> <b>engangs vape<\/b> produkt, der kombinerer udvidet levetid med ubesv\u00e6ret raffinement.<\/p>\n<p>Med sin monumentale <b>15000 pust kapacitet<\/b>sikrer dette vaping-instrument en utroligt langvarig oplevelse uden at g\u00e5 p\u00e5 kompromis med smagsintegriteten. I dens kerne sikrer en integreret 650mAh h\u00f8jeffektiv str\u00f8mcelle p\u00e5lidelig, uafbrudt ydeevne, der nemt genoplades via en moderne Type-C-port. Dette niveau af b\u00e6redygtighed g\u00f8r den til et foretrukket valg for dampentusiaster i hele <b>UK<\/b>, <strong>Danmark og Europa.<\/strong><\/p>\n<p>Engros Vape Bang King Digital Box adskiller sig med et intuitivt digitalt display, der giver realtidsm\u00e5linger af antal pust og batterilevetid for absolut kontrol over din session. Den mesterligt blandede e-v\u00e6ske, der f\u00e5s i <b>2% og 5% nikotinstyrker<\/b>er perfekt forst\u00f8vet af en pr\u00e6cisionskonstrueret spole, der leverer en us\u00e6dvanligt j\u00e6vn og ensartet damp.<\/p>\n<p>For kendere, der opbygger en portef\u00f8lje med h\u00f8j kapacitet, st\u00e5r bang vape-enheden som en hj\u00f8rnesten sammen med muligheder som <a href=\"https:\/\/vapebulkp.com\/da\/product-category\/15000-puffs-disposable-vape\/\"><strong>15<\/strong><b>000 Puffs Engangs Vape<\/b><\/a>, der tilbyder topkvalitet og markedsf\u00f8rende ydeevne. Det er det ultimative valg for enhver <b>vape butik<\/b> der \u00f8nsker at levere en uovertruffen kundeoplevelse.<\/p>\n<\/div>\n<\/div>\n<\/div>\n<div class=\"mt-1 flex justify-start gap-3 empty:hidden\">\n<div class=\"text-gray-400 flex self-end lg:self-center justify-center lg:justify-start mt-0 -ml-1 h-7 visible\">\n<p>&nbsp;<\/p>\n<div class=\"flex\"><img decoding=\"async\" class=\"alignnone size-full wp-image-2048\" src=\"http:\/\/vapebulkp.com\/wp-content\/uploads\/2024\/02\/Good-sale-Bang-King-Digital-box-15000-puffs.jpg\" alt=\"Godt tilbud Bang King Digital box 15000 puffs\" width=\"1001\" height=\"469\" srcset=\"https:\/\/vapebulkp.com\/wp-content\/uploads\/2024\/02\/Good-sale-Bang-King-Digital-box-15000-puffs.jpg 1001w, https:\/\/vapebulkp.com\/wp-content\/uploads\/2024\/02\/Good-sale-Bang-King-Digital-box-15000-puffs-300x141.jpg 300w, https:\/\/vapebulkp.com\/wp-content\/uploads\/2024\/02\/Good-sale-Bang-King-Digital-box-15000-puffs-768x360.jpg 768w, https:\/\/vapebulkp.com\/wp-content\/uploads\/2024\/02\/Good-sale-Bang-King-Digital-box-15000-puffs-600x281.jpg 600w\" sizes=\"(max-width: 1001px) 100vw, 1001px\" \/><\/div>\n<\/div>\n<\/div>\n<\/div>\n<div class=\"absolute\">\n<div class=\"flex w-full gap-2 items-center justify-center\"><\/div>\n<\/div>\n<\/div>\n<\/div>\n<\/div>\n<\/div>\n<\/div>\n<\/div>\n<\/div>\n<\/div>\n<div class=\"w-full pt-2 md:pt-0 dark:border-white\/20 md:border-transparent md:dark:border-transparent md:w-[calc(100%-.5rem)]\">\n<div class=\"relative flex h-full flex-1 flex-col\">\n<div class=\"flex w-full items-center\"><\/div>\n<\/div>\n<\/div>\n<p>&nbsp;<\/p>\n<h6>Kontakt venligst Mandys WhatsApp for rabatpris<a href=\"https:\/\/wa.me\/8618077105796\">+8618077105796<\/a><\/h6>\n<h3><img decoding=\"async\" class=\"alignnone wp-image-2151\" src=\"http:\/\/vapebulkp.com\/wp-content\/uploads\/2024\/04\/Mandy-WhatsApp-Randm.jpg\" alt=\"Mandy WhatsApp Randm\" width=\"243\" height=\"259\" srcset=\"https:\/\/vapebulkp.com\/wp-content\/uploads\/2024\/04\/Mandy-WhatsApp-Randm.jpg 916w, https:\/\/vapebulkp.com\/wp-content\/uploads\/2024\/04\/Mandy-WhatsApp-Randm-282x300.jpg 282w, https:\/\/vapebulkp.com\/wp-content\/uploads\/2024\/04\/Mandy-WhatsApp-Randm-768x817.jpg 768w, https:\/\/vapebulkp.com\/wp-content\/uploads\/2024\/04\/Mandy-WhatsApp-Randm-600x638.jpg 600w\" sizes=\"(max-width: 243px) 100vw, 243px\" \/><\/h3>\n<h2>Du kunne m\u00e5ske t\u00e6nke dig at vide om Bang engangs 15000puffs:<\/h2>\n<p>&nbsp;<\/p>\n<h5>1.HVAD ER E-V\u00c6SKEKAPACITETEN P\u00c5 Bang Vape 15000 Puffs Velsmagende E-cigaret?<\/h5>\n<p>Denne enhed har 25 ml e-v\u00e6ske.<\/p>\n<h5>2.Hvor l\u00e6nge holder denne puff Bang King?<\/h5>\n<p>500 pust\/dag, kan holde 30 dage<br \/>\n1000 pust\/dag, kan holde 15 dage<br \/>\n2000pust\/dag, kan holde 7,5 dage<\/p>\n<h5>3.HVORDAN OPLADES ENGANGSVAPEN Bang Vape 15000 Puffs ENHEDEN?<\/h5>\n<p>Hurtigopladere kan ikke bruges. Standard sikker str\u00f8m til engangs e-cigaretter er 5V 1A. Hver opladningstid kan ikke overstige 1 time, og den sikre opladningstid er en halv time.<\/p>\n<p><span style=\"color: #ff6600\">Bem\u00e6rk: kan ikke oplade hele natten!<\/span><\/p>\n<h5>4.Hvordan bruges Bang Digital box Vape 15000 Puff flasken?<\/h5>\n<p>1: Riv venligst emballagen op f\u00f8r brug af 15k Puffs.<br \/>\n2: S\u00e6t derefter forseglingen p\u00e5 bunden af vapen<br \/>\n3: Begynd at nyde den<\/p>\n<h3><strong><span style=\"vertical-align: inherit\">Specifikation for engangsvapes til billig pris Bang King Digital box 15000<\/span><\/strong>Pust<strong><span style=\"vertical-align: inherit\">\uff1a<\/span><br \/>\n<\/strong><\/h3>\n<ul>\n<li>650mAh Indbygget Batteri<\/li>\n<li>Genopladelig<\/li>\n<li>Effektiv og konsistent str\u00f8mforsyning<\/li>\n<li>25ml Forfyldt E-juice<\/li>\n<li>0% 2% 3% 5% Nikotinniveau<\/li>\n<li>Tilfredsstiller n\u00e6sten 15000 Pust<\/li>\n<li>Justerbar luftstr\u00f8m<\/li>\n<li>MOQ: 100 STK<\/li>\n<\/ul>\n<h3><strong>Alt-i-\u00e9n engangsvape Bedste bang king Digital box <\/strong>15k pust f<strong>smage :<\/strong><\/h3>\n<p>&nbsp;<\/p>\n<p>1.bl\u00e5 frost<br \/>\n2.B\u00e6r BLAST<br \/>\n3. bl\u00e5 Kirseb\u00e6r citron<br \/>\n4.fersken frost<br \/>\n5.drue frost<br \/>\n6.fersken B\u00e6r<br \/>\n7.sur \u00c6ble bl\u00e5b\u00e6r<br \/>\n8.tropisk frugt<br \/>\n9.frodig is<br \/>\n10.jordb\u00e6r vandmelon<br \/>\n11.Kold Mynte<br \/>\n12.Jordb\u00e6r Litchi<\/p>\n<p><a href=\"https:\/\/vapebulkp.com\/da\/product\/popular-randm-tornado-7000puffs-disposable-vape-best-price\/\"><span style=\"vertical-align: inherit\">RandM Tornado 7000 pust <\/span><\/a><\/p>\n<p><span style=\"vertical-align: inherit\">Find flere produkter du m\u00e5ske kan lide:<\/span><em><a href=\"https:\/\/wa.me\/8618077105796\"><span style=\"vertical-align: inherit\">\u00a0K\u00f8b den nu<\/span><\/a><\/em><\/p>\n<p><span style=\"vertical-align: inherit\">Andre Puffs du m\u00e5ske kan lide:<\/span><a href=\"https:\/\/vapebulkp.com\/da\/product\/bang-box-12000puffs-good-vape-sweden-wholesale-price\/\"><span style=\"vertical-align: inherit\">Bang Box 12000 pust<\/span><\/a><span style=\"vertical-align: inherit\">\u3001<\/span><a href=\"https:\/\/vapebulkp.com\/da\/product\/top-sale-waspe-12000puffs-disposable-vape-wholesale-france\/\"><span style=\"vertical-align: inherit\">WASPE 12000 pust<\/span><\/a><span style=\"vertical-align: inherit\">\/ <\/span><a href=\"https:\/\/vapebulkp.com\/da\/product\/wholesale-randm-tornado-9000-puffs-germany\/\"><span style=\"vertical-align: inherit\">RandM Tornado 9000 Puf<\/span><\/a><span style=\"vertical-align: inherit\">\/ <\/span><a href=\"https:\/\/vapebulkp.com\/da\/product\/wholesale-price-og-super-smash-10000-puffs-disposable-vape\/\"><span style=\"vertical-align: inherit\">Og Super samsh 10000 sug<\/span><\/a><\/p>\n<p><span style=\"vertical-align: inherit\">E-cigaret flaske med special form:<\/span><a href=\"https:\/\/vapebulkp.com\/da\/product\/good-sale-randm-tornado-10000-puffs-plus\/\"><span style=\"vertical-align: inherit\">RandM Tornado 10000 pust Plus <\/span><\/a><span style=\"vertical-align: inherit\">\/<\/span><a href=\"https:\/\/vapebulkp.com\/da\/product\/fumot-digital-box-12000-disposable-vape-wholesale\/\"><span style=\"vertical-align: inherit\">Fumot Digital Box 12000 Pust<\/span><\/a><\/p>\n<h4>Produktionskvalifikation:<\/h4>\n<p><img decoding=\"async\" class=\"alignnone wp-image-1842\" src=\"http:\/\/vapebulkp.com\/wp-content\/uploads\/2023\/11\/Vape-production-process-2.jpg\" alt=\"Vape produktionsproces\" width=\"671\" height=\"301\" srcset=\"https:\/\/vapebulkp.com\/wp-content\/uploads\/2023\/11\/Vape-production-process-2.jpg 800w, https:\/\/vapebulkp.com\/wp-content\/uploads\/2023\/11\/Vape-production-process-2-300x135.jpg 300w, https:\/\/vapebulkp.com\/wp-content\/uploads\/2023\/11\/Vape-production-process-2-768x345.jpg 768w, https:\/\/vapebulkp.com\/wp-content\/uploads\/2023\/11\/Vape-production-process-2-600x269.jpg 600w\" sizes=\"(max-width: 671px) 100vw, 671px\" \/><\/p>\n<p><img decoding=\"async\" class=\"alignnone wp-image-1843\" src=\"http:\/\/vapebulkp.com\/wp-content\/uploads\/2023\/11\/Vape-production-process.jpeg\" alt=\"Vape produktionsproces\" width=\"671\" height=\"1074\" srcset=\"https:\/\/vapebulkp.com\/wp-content\/uploads\/2023\/11\/Vape-production-process.jpeg 641w, https:\/\/vapebulkp.com\/wp-content\/uploads\/2023\/11\/Vape-production-process-187x300.jpeg 187w, https:\/\/vapebulkp.com\/wp-content\/uploads\/2023\/11\/Vape-production-process-640x1024.jpeg 640w, https:\/\/vapebulkp.com\/wp-content\/uploads\/2023\/11\/Vape-production-process-600x960.jpeg 600w\" sizes=\"(max-width: 671px) 100vw, 671px\" \/><\/p>\n<h5>Ofte stillede sp\u00f8rgsm\u00e5l:<\/h5>\n<p>Q: Hvad er MOQ for Bang King Digital box 15000Puffs?<br \/>\nA: Minimumsbestilling er 100 stk.<br \/>\nQ: Hvad er leveringstiden for den bestilte vape?<br \/>\nA: Normalt 10-15 dage efter afsendelse<br \/>\nQ: Hvor meget er forsendelsesomkostningerne? A: Forsendelsesomkostningerne afh\u00e6nger af v\u00e6gten. Forskellige m\u00e6ngder har forskellige forsendelsesomkostninger, kontakt os venligst for at bekr\u00e6fte forsendelsesomkostningerne.<\/p>\n<p>&nbsp;<\/p>\n<h4>Forsendelsesdetaljer:<\/h4>\n<p><span style=\"color: #ff6600\">Produktionstid: 5-10 arbejdsdage<\/span><br \/>\n<span style=\"color: #ff6600\">Leveringstid: 8-14 arbejdsdage<\/span><\/p>\n<p>Alle produkter i vores butik er 100% originale og autentiske, s\u00e5 ti gange kompensation for falske varer er vores butikspolitik. Vi bruger logistikkanaler som UPS\/DHL\/FEDEX\/DPD til at levere varer til dig.<\/p>\n<p>For pakker sendt til Danmark tager det normalt 10 arbejdsdage at ankomme. Forsendelse til europ\u00e6iske lande tager normalt 12 til 15 arbejdsdage at ankomme. Vi vil opdatere logistikinformationen for dig i realtid.<\/p>\n<h3>God eftersalgsservice:<\/h3>\n<p><span style=\"color: #ff6600\">Bem\u00e6rk: Ingen returnering eller ombytning ved ikke-kvalitetsproblemer<\/span><br \/>\n1. Kunder kan v\u00e6lge den \u00f8nskede smag, men hvis smagen er udsolgt, vil produktionsafdelingen v\u00e6lge en popul\u00e6r smag til at erstatte den. Kunder har ikke lov til at ans\u00f8ge om refusion eller ombytning baseret p\u00e5 smag.<\/p>\n<p>2. Ved kvalitetsproblemer bedes du give specifikke video- og billedbeskrivelser.<br \/>\nHvis du ikke kan freml\u00e6gge beviser som videoer og billeder, kan varerne ikke ombyttes.<\/p>","protected":false},"excerpt":{"rendered":"<p>Denne popul\u00e6re elektroniske cigaret Bang King digital box 15000 Puffs er meget popul\u00e6r blandt kunderne. Denne e-cigaret kan levere op til 15.000 bl\u00f8de, tilfredsstillende sug, og er en genopladelig enhed, du fortjener.<\/p>\n<p><img decoding=\"async\" class=\"alignnone wp-image-2151\" src=\"http:\/\/vapebulkp.com\/wp-content\/uploads\/2024\/04\/Mandy-WhatsApp-Randm.jpg\" alt=\"Mandy WhatsApp Randm\" width=\"264\" height=\"281\" srcset=\"https:\/\/vapebulkp.com\/wp-content\/uploads\/2024\/04\/Mandy-WhatsApp-Randm.jpg 916w, https:\/\/vapebulkp.com\/wp-content\/uploads\/2024\/04\/Mandy-WhatsApp-Randm-282x300.jpg 282w, https:\/\/vapebulkp.com\/wp-content\/uploads\/2024\/04\/Mandy-WhatsApp-Randm-768x817.jpg 768w, https:\/\/vapebulkp.com\/wp-content\/uploads\/2024\/04\/Mandy-WhatsApp-Randm-600x638.jpg 600w\" sizes=\"(max-width: 264px) 100vw, 264px\" \/><\/p>\n<p>Kontakt venligst Mandys WhatsApp for rabatpris<a href=\"https:\/\/wa.me\/8618077105796\">+8618077105796<\/a><\/p>\n<p><span style=\"color: #ff0000\">BEM\u00c6RK: Priserne p\u00e5 vores hjemmeside inkluderer ikke forsendelsesomkostninger<\/span><\/p>","protected":false},"featured_media":2048,"comment_status":"open","ping_status":"closed","template":"","meta":{"_uag_custom_page_level_css":"","_lmt_disableupdate":"no","_lmt_disable":"","site-sidebar-layout":"default","site-content-layout":"content-boxed-container","ast-site-content-layout":"normal-width-container","site-content-style":"boxed","site-sidebar-style":"unboxed","ast-global-header-display":"","ast-banner-title-visibility":"","ast-main-header-display":"","ast-hfb-above-header-display":"","ast-hfb-below-header-display":"","ast-hfb-mobile-header-display":"","site-post-title":"","ast-breadcrumbs-content":"","ast-featured-img":"","footer-sml-layout":"","theme-transparent-header-meta":"default","adv-header-id-meta":"","stick-header-meta":"","header-above-stick-meta":"","header-main-stick-meta":"","header-below-stick-meta":"","astra-migrate-meta-layouts":"set","_joinchat":[]},"product_cat":[165,153,344,155,33,59,100,34,158,157,154,152,58,84,156,63,32],"product_tag":[77,36,37,41,40],"class_list":["post-2047","product","type-product","status-publish","has-post-thumbnail","hentry","product_cat-15000-puffs-disposable-vape","product_cat-hot-disposable-vapes","product_cat-bang-king-vape","product_cat-belgium-hot-disposable-vapes","product_cat-france-vape-hot-sale","product_cat-germany-hot-disposable-vape","product_cat-germany-wholesale-vape-shop","product_cat-netherlands-vape-good-sale","product_cat-norway-hot-disposable-vapes","product_cat-poland-hot-disposable-vapes","product_cat-portugal-hot-disposable-vapes","product_cat-spain-hot-disposable-vapes","product_cat-sweden-hot-disposable-vape","product_cat-sweden-wholesale-vape","product_cat-switzerland-hot-disposable-vapes","product_cat-top-sale-disposable-vape","product_cat-vape-hot-sale-this-week","product_tag-15000-puffs","product_tag-good-vape","product_tag-hot-sale-disposable-vape","product_tag-poland-hot-vape","product_tag-sweden-hot-vape","pa_brand-bang-king-vape","desktop-align-left","tablet-align-left","mobile-align-left"],"yoast_head":"<!-- This site is optimized with the Yoast SEO plugin v21.1 - https:\/\/yoast.com\/wordpress\/plugins\/seo\/ -->\n<title>Top sale Bang King Digital box15k Puffs Bang Vape - vapebulkp.com<\/title>\n<meta name=\"description\" content=\"This popular electronic cigarette Bang King digital box 15000 Puffs is very popular among customers. Delivering up to 15,000 smooth, satisfying puffs, this e-cigarette is a rechargeable device you deserve.\" \/>\n<meta name=\"robots\" content=\"index, follow, max-snippet:-1, max-image-preview:large, max-video-preview:-1\" \/>\n<link rel=\"canonical\" href=\"https:\/\/vapebulkp.com\/da\/product\/top-sale-bang-king-digital-box15k-puffs-bang-vape\/\" \/>\n<meta property=\"og:locale\" content=\"da_DK\" \/>\n<meta property=\"og:type\" content=\"article\" \/>\n<meta property=\"og:title\" content=\"Top sale Bang King Digital box15k Puffs Bang Vape - vapebulkp.com\" \/>\n<meta property=\"og:description\" content=\"This popular electronic cigarette Bang King digital box 15000 Puffs is very popular among customers. Delivering up to 15,000 smooth, satisfying puffs, this e-cigarette is a rechargeable device you deserve.\" \/>\n<meta property=\"og:url\" content=\"https:\/\/vapebulkp.com\/da\/product\/top-sale-bang-king-digital-box15k-puffs-bang-vape\/\" \/>\n<meta property=\"og:site_name\" content=\"vapebulkp.com\" \/>\n<meta property=\"article:modified_time\" content=\"2025-09-24T03:44:54+00:00\" \/>\n<meta property=\"og:image\" content=\"http:\/\/vapebulkp.com\/wp-content\/uploads\/2024\/02\/Good-sale-Bang-King-Digital-box-15000-puffs.jpg\" \/>\n\t<meta property=\"og:image:width\" content=\"1001\" \/>\n\t<meta property=\"og:image:height\" content=\"469\" \/>\n\t<meta property=\"og:image:type\" content=\"image\/jpeg\" \/>\n<meta name=\"twitter:card\" content=\"summary_large_image\" \/>\n<meta name=\"twitter:label1\" content=\"Estimeret l\u00e6setid\" \/>\n\t<meta name=\"twitter:data1\" content=\"4 minutter\" \/>\n<script type=\"application\/ld+json\" class=\"yoast-schema-graph\">{\"@context\":\"https:\/\/schema.org\",\"@graph\":[{\"@type\":\"WebPage\",\"@id\":\"https:\/\/vapebulkp.com\/product\/top-sale-bang-king-digital-box15k-puffs-bang-vape\/\",\"url\":\"https:\/\/vapebulkp.com\/product\/top-sale-bang-king-digital-box15k-puffs-bang-vape\/\",\"name\":\"Top sale Bang King Digital box15k Puffs Bang Vape - vapebulkp.com\",\"isPartOf\":{\"@id\":\"https:\/\/vapebulkp.com\/#website\"},\"datePublished\":\"2024-02-23T03:43:11+00:00\",\"dateModified\":\"2025-09-24T03:44:54+00:00\",\"description\":\"This popular electronic cigarette Bang King digital box 15000 Puffs is very popular among customers. Delivering up to 15,000 smooth, satisfying puffs, this e-cigarette is a rechargeable device you deserve.\",\"breadcrumb\":{\"@id\":\"https:\/\/vapebulkp.com\/product\/top-sale-bang-king-digital-box15k-puffs-bang-vape\/#breadcrumb\"},\"inLanguage\":\"da-DK\",\"potentialAction\":[{\"@type\":\"ReadAction\",\"target\":[\"https:\/\/vapebulkp.com\/product\/top-sale-bang-king-digital-box15k-puffs-bang-vape\/\"]}]},{\"@type\":\"BreadcrumbList\",\"@id\":\"https:\/\/vapebulkp.com\/product\/top-sale-bang-king-digital-box15k-puffs-bang-vape\/#breadcrumb\",\"itemListElement\":[{\"@type\":\"ListItem\",\"position\":1,\"name\":\"Home\",\"item\":\"https:\/\/vapebulkp.com\/\"},{\"@type\":\"ListItem\",\"position\":2,\"name\":\"Hot Trend Vapes\",\"item\":\"https:\/\/vapebulkp.com\/vape-shop\/\"},{\"@type\":\"ListItem\",\"position\":3,\"name\":\"Top sale Bang King Digital box15k Puffs Bang Vape\"}]},{\"@type\":\"WebSite\",\"@id\":\"https:\/\/vapebulkp.com\/#website\",\"url\":\"https:\/\/vapebulkp.com\/\",\"name\":\"vapebulkp.com\",\"description\":\"Buy Vape In Cheap Bulk Price Near you\",\"publisher\":{\"@id\":\"https:\/\/vapebulkp.com\/#organization\"},\"potentialAction\":[{\"@type\":\"SearchAction\",\"target\":{\"@type\":\"EntryPoint\",\"urlTemplate\":\"https:\/\/vapebulkp.com\/?s={search_term_string}\"},\"query-input\":\"required name=search_term_string\"}],\"inLanguage\":\"da-DK\"},{\"@type\":\"Organization\",\"@id\":\"https:\/\/vapebulkp.com\/#organization\",\"name\":\"vapebulkp.com\",\"url\":\"https:\/\/vapebulkp.com\/\",\"logo\":{\"@type\":\"ImageObject\",\"inLanguage\":\"da-DK\",\"@id\":\"https:\/\/vapebulkp.com\/#\/schema\/logo\/image\/\",\"url\":\"https:\/\/vapebulkp.com\/wp-content\/uploads\/2023\/09\/cropped-vapebulkp.png\",\"contentUrl\":\"https:\/\/vapebulkp.com\/wp-content\/uploads\/2023\/09\/cropped-vapebulkp.png\",\"width\":516,\"height\":163,\"caption\":\"vapebulkp.com\"},\"image\":{\"@id\":\"https:\/\/vapebulkp.com\/#\/schema\/logo\/image\/\"}}]}<\/script>\n<!-- \/ Yoast SEO plugin. -->","yoast_head_json":{"title":"Top sale Bang King Digital box15k Puffs Bang Vape - vapebulkp.com","description":"This popular electronic cigarette Bang King digital box 15000 Puffs is very popular among customers. Delivering up to 15,000 smooth, satisfying puffs, this e-cigarette is a rechargeable device you deserve.","robots":{"index":"index","follow":"follow","max-snippet":"max-snippet:-1","max-image-preview":"max-image-preview:large","max-video-preview":"max-video-preview:-1"},"canonical":"https:\/\/vapebulkp.com\/da\/product\/top-sale-bang-king-digital-box15k-puffs-bang-vape\/","og_locale":"da_DK","og_type":"article","og_title":"Top sale Bang King Digital box15k Puffs Bang Vape - vapebulkp.com","og_description":"This popular electronic cigarette Bang King digital box 15000 Puffs is very popular among customers. Delivering up to 15,000 smooth, satisfying puffs, this e-cigarette is a rechargeable device you deserve.","og_url":"https:\/\/vapebulkp.com\/da\/product\/top-sale-bang-king-digital-box15k-puffs-bang-vape\/","og_site_name":"vapebulkp.com","article_modified_time":"2025-09-24T03:44:54+00:00","og_image":[{"width":1001,"height":469,"url":"http:\/\/vapebulkp.com\/wp-content\/uploads\/2024\/02\/Good-sale-Bang-King-Digital-box-15000-puffs.jpg","type":"image\/jpeg"}],"twitter_card":"summary_large_image","twitter_misc":{"Estimeret l\u00e6setid":"4 minutter"},"schema":{"@context":"https:\/\/schema.org","@graph":[{"@type":"WebPage","@id":"https:\/\/vapebulkp.com\/product\/top-sale-bang-king-digital-box15k-puffs-bang-vape\/","url":"https:\/\/vapebulkp.com\/product\/top-sale-bang-king-digital-box15k-puffs-bang-vape\/","name":"Top sale Bang King Digital box15k Puffs Bang Vape - vapebulkp.com","isPartOf":{"@id":"https:\/\/vapebulkp.com\/#website"},"datePublished":"2024-02-23T03:43:11+00:00","dateModified":"2025-09-24T03:44:54+00:00","description":"This popular electronic cigarette Bang King digital box 15000 Puffs is very popular among customers. Delivering up to 15,000 smooth, satisfying puffs, this e-cigarette is a rechargeable device you deserve.","breadcrumb":{"@id":"https:\/\/vapebulkp.com\/product\/top-sale-bang-king-digital-box15k-puffs-bang-vape\/#breadcrumb"},"inLanguage":"da-DK","potentialAction":[{"@type":"ReadAction","target":["https:\/\/vapebulkp.com\/product\/top-sale-bang-king-digital-box15k-puffs-bang-vape\/"]}]},{"@type":"BreadcrumbList","@id":"https:\/\/vapebulkp.com\/product\/top-sale-bang-king-digital-box15k-puffs-bang-vape\/#breadcrumb","itemListElement":[{"@type":"ListItem","position":1,"name":"Home","item":"https:\/\/vapebulkp.com\/"},{"@type":"ListItem","position":2,"name":"Hot Trend Vapes","item":"https:\/\/vapebulkp.com\/vape-shop\/"},{"@type":"ListItem","position":3,"name":"Top sale Bang King Digital box15k Puffs Bang Vape"}]},{"@type":"WebSite","@id":"https:\/\/vapebulkp.com\/#website","url":"https:\/\/vapebulkp.com\/","name":"vapebulkp.com","description":"Buy Vape In Cheap Bulk Price Near you","publisher":{"@id":"https:\/\/vapebulkp.com\/#organization"},"potentialAction":[{"@type":"SearchAction","target":{"@type":"EntryPoint","urlTemplate":"https:\/\/vapebulkp.com\/?s={search_term_string}"},"query-input":"required name=search_term_string"}],"inLanguage":"da-DK"},{"@type":"Organization","@id":"https:\/\/vapebulkp.com\/#organization","name":"vapebulkp.com","url":"https:\/\/vapebulkp.com\/","logo":{"@type":"ImageObject","inLanguage":"da-DK","@id":"https:\/\/vapebulkp.com\/#\/schema\/logo\/image\/","url":"https:\/\/vapebulkp.com\/wp-content\/uploads\/2023\/09\/cropped-vapebulkp.png","contentUrl":"https:\/\/vapebulkp.com\/wp-content\/uploads\/2023\/09\/cropped-vapebulkp.png","width":516,"height":163,"caption":"vapebulkp.com"},"image":{"@id":"https:\/\/vapebulkp.com\/#\/schema\/logo\/image\/"}}]}},"uagb_featured_image_src":{"full":["https:\/\/vapebulkp.com\/wp-content\/uploads\/2024\/02\/Good-sale-Bang-King-Digital-box-15000-puffs.jpg",1001,469,false],"thumbnail":["https:\/\/vapebulkp.com\/wp-content\/uploads\/2024\/02\/Good-sale-Bang-King-Digital-box-15000-puffs-150x150.jpg",150,150,true],"medium":["https:\/\/vapebulkp.com\/wp-content\/uploads\/2024\/02\/Good-sale-Bang-King-Digital-box-15000-puffs-300x141.jpg",300,141,true],"medium_large":["https:\/\/vapebulkp.com\/wp-content\/uploads\/2024\/02\/Good-sale-Bang-King-Digital-box-15000-puffs-768x360.jpg",768,360,true],"large":["https:\/\/vapebulkp.com\/wp-content\/uploads\/2024\/02\/Good-sale-Bang-King-Digital-box-15000-puffs.jpg",1001,469,false],"1536x1536":["https:\/\/vapebulkp.com\/wp-content\/uploads\/2024\/02\/Good-sale-Bang-King-Digital-box-15000-puffs.jpg",1001,469,false],"2048x2048":["https:\/\/vapebulkp.com\/wp-content\/uploads\/2024\/02\/Good-sale-Bang-King-Digital-box-15000-puffs.jpg",1001,469,false],"trp-custom-language-flag":["https:\/\/vapebulkp.com\/wp-content\/uploads\/2024\/02\/Good-sale-Bang-King-Digital-box-15000-puffs.jpg",18,8,false],"woocommerce_thumbnail":["https:\/\/vapebulkp.com\/wp-content\/uploads\/2024\/02\/Good-sale-Bang-King-Digital-box-15000-puffs-300x300.jpg",300,300,true],"woocommerce_single":["https:\/\/vapebulkp.com\/wp-content\/uploads\/2024\/02\/Good-sale-Bang-King-Digital-box-15000-puffs-600x281.jpg",600,281,true],"woocommerce_gallery_thumbnail":["https:\/\/vapebulkp.com\/wp-content\/uploads\/2024\/02\/Good-sale-Bang-King-Digital-box-15000-puffs-100x100.jpg",100,100,true],"wcpr-photo-reviews":["https:\/\/vapebulkp.com\/wp-content\/uploads\/2024\/02\/Good-sale-Bang-King-Digital-box-15000-puffs.jpg",500,234,false]},"uagb_author_info":{"display_name":"Mandy vape bulk price","author_link":"https:\/\/vapebulkp.com\/da\/author\/"},"uagb_comment_info":2,"uagb_excerpt":"This popular electronic cigarette Bang King digital box 15000 Puffs is very popular among customers. Delivering up to 15,000 smooth, satisfying puffs, this e-cigarette is a rechargeable device you deserve. Pls Contact Mandy's WhatsApp For Discount Price+8618077105796 NOTE: Prices on our website does not include shipping costs","_links":{"self":[{"href":"https:\/\/vapebulkp.com\/da\/wp-json\/wp\/v2\/product\/2047","targetHints":{"allow":["GET"]}}],"collection":[{"href":"https:\/\/vapebulkp.com\/da\/wp-json\/wp\/v2\/product"}],"about":[{"href":"https:\/\/vapebulkp.com\/da\/wp-json\/wp\/v2\/types\/product"}],"replies":[{"embeddable":true,"href":"https:\/\/vapebulkp.com\/da\/wp-json\/wp\/v2\/comments?post=2047"}],"wp:featuredmedia":[{"embeddable":true,"href":"https:\/\/vapebulkp.com\/da\/wp-json\/wp\/v2\/media\/2048"}],"wp:attachment":[{"href":"https:\/\/vapebulkp.com\/da\/wp-json\/wp\/v2\/media?parent=2047"}],"wp:term":[{"taxonomy":"product_cat","embeddable":true,"href":"https:\/\/vapebulkp.com\/da\/wp-json\/wp\/v2\/product_cat?post=2047"},{"taxonomy":"product_tag","embeddable":true,"href":"https:\/\/vapebulkp.com\/da\/wp-json\/wp\/v2\/product_tag?post=2047"}],"curies":[{"name":"wp","href":"https:\/\/api.w.org\/{rel}","templated":true}]}}