{"id":2066,"date":"2024-02-23T08:39:29","date_gmt":"2024-02-23T07:39:29","guid":{"rendered":"https:\/\/vapebulkp.com\/?post_type=product&#038;p=2066"},"modified":"2025-09-24T05:44:18","modified_gmt":"2025-09-24T03:44:18","slug":"good-vape-bang-box-9000puffs-sweden-wholesale-price","status":"publish","type":"product","link":"https:\/\/vapebulkp.com\/da\/product\/good-vape-bang-box-9000puffs-sweden-wholesale-price\/","title":{"rendered":"God Vape Bang Box 9000pust Danmark Engrospris"},"content":{"rendered":"<h2 style=\"text-align: left\">God Vape Bang Box 9000 Puffs Danmark Engrospris<\/h2>\n<p data-start=\"509\" data-end=\"834\">Den <strong data-start=\"513\" data-end=\"563\">Good Vape Bang Box 9000Puffs Engangs-Vape<\/strong> er designet til europ\u00e6iske dampere, der v\u00e6rds\u00e6tter ydeevne, bekvemmelighed og f\u00f8rsteklasses design. Bygget med et genopladeligt 650mAh-batteri og Type-C hurtigopladning, giver denne <strong data-start=\"724\" data-end=\"756\">genopladelig engangs vape<\/strong> ensartet str\u00f8m og p\u00e5lidelig brug fra f\u00f8rste til sidste sug.<\/p>\n<p data-start=\"836\" data-end=\"1127\">Udstyret med avanceret <strong data-start=\"859\" data-end=\"877\">mesh coil vape<\/strong> teknologi, producerer den t\u00e6t damp og dristig smag over imponerende 9000 sug. Hver enhed leveres forudfyldt med 14 ml h\u00f8j kvalitet <strong data-start=\"1020\" data-end=\"1042\">nikotinsalt vape<\/strong> e-v\u00e6ske, tilg\u00e6ngelig i 0%, 2%, 3% eller 5% nikotinniveauer for at im\u00f8dekomme enhver pr\u00e6ference.<\/p>\n<p data-start=\"1129\" data-end=\"1414\">Udf\u00f8rt med en slank metalfinish og ergonomiske proportioner, er Bang Box mere end bare en <strong data-start=\"1223\" data-end=\"1250\">premium engangs vape<\/strong>\u2014det er et holdbart og stilfuldt valg til daglig brug eller sociale lejligheder. Med 10 smagsvarianter at v\u00e6lge imellem, opfylder den eftersp\u00f8rgslen efter variation uden at ofre kvalitet.<\/p>\n<p data-start=\"1416\" data-end=\"1659\">Tilg\u00e6ngelig for <strong data-start=\"1430\" data-end=\"1455\">engros vape Europa<\/strong>, udstr\u00e5ler <strong>Nic Vape Bang Box 9000 Puffs Engangs-Vape<\/strong> tilbyder detailhandlere og distribut\u00f8rer et profitabelt, hurtigt oms\u00e6tteligt produkt, der stemmer overens med den voksende eftersp\u00f8rgsel efter vapes med h\u00f8j kapacitet p\u00e5 det danske marked.<\/p>\n<p><img decoding=\"async\" class=\"alignnone wp-image-2067\" src=\"http:\/\/vapebulkp.com\/wp-content\/uploads\/2024\/02\/Good-Sale-Bang-Box-9000-puffs-Germany-8.png\" alt=\"Godt Salg Bang Box 9000 pust Danmark\" width=\"530\" height=\"489\" srcset=\"https:\/\/vapebulkp.com\/wp-content\/uploads\/2024\/02\/Good-Sale-Bang-Box-9000-puffs-Germany-8.png 1903w, https:\/\/vapebulkp.com\/wp-content\/uploads\/2024\/02\/Good-Sale-Bang-Box-9000-puffs-Germany-8-300x277.png 300w, https:\/\/vapebulkp.com\/wp-content\/uploads\/2024\/02\/Good-Sale-Bang-Box-9000-puffs-Germany-8-1024x944.png 1024w, https:\/\/vapebulkp.com\/wp-content\/uploads\/2024\/02\/Good-Sale-Bang-Box-9000-puffs-Germany-8-768x708.png 768w, https:\/\/vapebulkp.com\/wp-content\/uploads\/2024\/02\/Good-Sale-Bang-Box-9000-puffs-Germany-8-1536x1416.png 1536w, https:\/\/vapebulkp.com\/wp-content\/uploads\/2024\/02\/Good-Sale-Bang-Box-9000-puffs-Germany-8-600x553.png 600w\" sizes=\"(max-width: 530px) 100vw, 530px\" \/><\/p>\n<h6>Kontakt venligst Mandys WhatsApp for rabatpris<a href=\"https:\/\/wa.me\/8618077105796\">+8618077105796<\/a><\/h6>\n<p><img decoding=\"async\" class=\"alignnone wp-image-2151\" src=\"http:\/\/vapebulkp.com\/wp-content\/uploads\/2024\/04\/Mandy-WhatsApp-Randm.jpg\" alt=\"Mandy WhatsApp Randm\" width=\"295\" height=\"313\" srcset=\"https:\/\/vapebulkp.com\/wp-content\/uploads\/2024\/04\/Mandy-WhatsApp-Randm.jpg 916w, https:\/\/vapebulkp.com\/wp-content\/uploads\/2024\/04\/Mandy-WhatsApp-Randm-282x300.jpg 282w, https:\/\/vapebulkp.com\/wp-content\/uploads\/2024\/04\/Mandy-WhatsApp-Randm-768x817.jpg 768w, https:\/\/vapebulkp.com\/wp-content\/uploads\/2024\/04\/Mandy-WhatsApp-Randm-600x638.jpg 600w\" sizes=\"(max-width: 295px) 100vw, 295px\" \/><\/p>\n<h2>T\u00e6nkte du m\u00e5ske kunne t\u00e6nke dig at vide om Bang Box 9000Puffs Engangs-VAPE:<\/h2>\n<h5>1.Hvordan bruger man Bang Box 9000 Puffs Vape Pen?<\/h5>\n<p>Trin 1. F\u00f8r brug af 9k puffs, skal du fjerne plastr\u00f8ret.<\/p>\n<p>Trin 2. Vent ca. 3 minutter for at lade v\u00e6sken komme ind i spolen indeni.<\/p>\n<p>Trin 3. Nyd den<\/p>\n<h5>2.HVORDAN OPLADER MAN ENGANGS-VAPEN Bang Box 9000 PUFFS?<\/h5>\n<p>Opladere til hurtigopladning kan ikke anvendes. Den sikre standardstr\u00f8m til engangs-e-cigaretter er 5V 1A.<\/p>\n<p>Hver opladning m\u00e5 ikke overskride 1 time, og den sikre opladningstid er en halv time.<\/p>\n<p><span style=\"color: #ff6600\">Bem\u00e6rk: kan ikke oplade hele natten!<\/span><\/p>\n<h5>3.Hvad er e-v\u00e6ske-kapaciteten i Bang Box 9000Puffs WAPE?<\/h5>\n<p>\u2014\u201423ml<\/p>\n<h5>4.Hvor mange sug kan jeg tage af denne Bang Box 9000 Puffs?<\/h5>\n<p>\u2014\u20139000 Pust<\/p>\n<h3>Bang Box 9000 Puffs Original Engangs-Vape Pod-funktioner:<\/h3>\n<ul>\n<li>Sug: OP til 9000 sug<\/li>\n<li>\u00a0V\u00e6ske: 14 ml forudfyldt e-v\u00e6ske-patron<\/li>\n<li>Nikotin: 0\/2\/3\/5% Nikotinsalt<\/li>\n<li>\u00a0Typer: Engangs<\/li>\n<li>\u00a0650mAh batteri<\/li>\n<li>\u00a0Mesh Coil<\/li>\n<li>\u00a0Type-c genopladelig<\/li>\n<li>\u00a010 smagsvarianter tilg\u00e6ngelige<\/li>\n<\/ul>\n<h3><strong>Bedste Vape Bang Box 9000 Pust Smagsvarianter:<\/strong><\/h3>\n<p>1. Fersken Mango<br \/>\n2. Triple b\u00e6r is<br \/>\n3. Jordb\u00e6r vandmelon<br \/>\n4. LUSHICE<br \/>\n5. Bl\u00e5 hindb\u00e6r is<br \/>\n6. Aloe Drue<br \/>\n7. Jordb\u00e6ris<br \/>\n8. Fersken is<br \/>\n9. GUMMI BJ\u00d8RN<br \/>\n10. Tropisk frugt (\u6df7\u5408\u9709\u679c)<\/p>\n<p><a href=\"https:\/\/vapebulkp.com\/da\/product\/popular-randm-tornado-7000puffs-disposable-vape-best-price\/\"><span style=\"vertical-align: inherit\">RandM Tornado 7000 pust <\/span><\/a><\/p>\n<p><span style=\"vertical-align: inherit\">Find flere produkter du m\u00e5ske kan lide:<\/span><em><a href=\"https:\/\/wa.me\/8618077105796\"><span style=\"vertical-align: inherit\">\u00a0K\u00f8b den nu<\/span><\/a><\/em><\/p>\n<p><span style=\"vertical-align: inherit\">Andre Puffs du m\u00e5ske kan lide:<\/span><a href=\"https:\/\/vapebulkp.com\/da\/product\/joymy-ultra15000puffs-best-disposable-vape-2023\/\"><span style=\"vertical-align: inherit\">JOYMY 15000 pust<\/span><\/a><span style=\"vertical-align: inherit\">\u3001<\/span><a href=\"https:\/\/vapebulkp.com\/da\/product\/wholesale-randm-tornado-9000-puffs-germany\/\"><span style=\"vertical-align: inherit\">RandM 9000 sug<\/span><\/a><span style=\"vertical-align: inherit\">\/ <\/span><a href=\"https:\/\/vapebulkp.com\/da\/product\/bang-king-12000puffs\/\"><span style=\"vertical-align: inherit\">Bang King 12000 pust<\/span><\/a><span style=\"vertical-align: inherit\">\/ <\/span><a href=\"https:\/\/vapebulkp.com\/da\/product\/wholesale-tornado-rum-bar-9000-puffs-sweden\/\"><span style=\"vertical-align: inherit\">Rumbar 9000 pust<\/span><\/a><\/p>\n<p><span style=\"vertical-align: inherit\">E-cigaret flaske med special form:<\/span><a href=\"https:\/\/vapebulkp.com\/da\/product\/wholesale-kulx-8000-puffs-disposable-vape\/\"><span style=\"vertical-align: inherit\">\u00a0Kulx 8000 pust<\/span><\/a><span style=\"vertical-align: inherit\">\/ <\/span><a href=\"https:\/\/vapebulkp.com\/da\/product\/popular-bang-king-10000-puffs-vape-good-price\/\"><span style=\"vertical-align: inherit\">\u00a0Bang King 10000 pust <\/span><\/a><span style=\"vertical-align: inherit\">\/<\/span><a href=\"https:\/\/vapebulkp.com\/da\/product\/disposable-vape-crystal-600-puffs\/\"><span style=\"vertical-align: inherit\"> Crystal 600 pust<\/span><\/a><\/p>\n<h5>Produktionskvalifikation:<\/h5>\n<p><img decoding=\"async\" class=\"alignnone size-full wp-image-1841\" src=\"http:\/\/vapebulkp.com\/wp-content\/uploads\/2023\/11\/Vape-production-process-2.jpeg\" alt=\"Vape produktionsproces\" width=\"650\" height=\"434\" srcset=\"https:\/\/vapebulkp.com\/wp-content\/uploads\/2023\/11\/Vape-production-process-2.jpeg 650w, https:\/\/vapebulkp.com\/wp-content\/uploads\/2023\/11\/Vape-production-process-2-300x200.jpeg 300w, https:\/\/vapebulkp.com\/wp-content\/uploads\/2023\/11\/Vape-production-process-2-600x401.jpeg 600w\" sizes=\"(max-width: 650px) 100vw, 650px\" \/><\/p>\n<p><img decoding=\"async\" class=\"alignnone size-full wp-image-1843\" src=\"http:\/\/vapebulkp.com\/wp-content\/uploads\/2023\/11\/Vape-production-process.jpeg\" alt=\"Vape produktionsproces\" width=\"641\" height=\"1026\" srcset=\"https:\/\/vapebulkp.com\/wp-content\/uploads\/2023\/11\/Vape-production-process.jpeg 641w, https:\/\/vapebulkp.com\/wp-content\/uploads\/2023\/11\/Vape-production-process-187x300.jpeg 187w, https:\/\/vapebulkp.com\/wp-content\/uploads\/2023\/11\/Vape-production-process-640x1024.jpeg 640w, https:\/\/vapebulkp.com\/wp-content\/uploads\/2023\/11\/Vape-production-process-600x960.jpeg 600w\" sizes=\"(max-width: 641px) 100vw, 641px\" \/><\/p>\n<h5>Ofte stillede sp\u00f8rgsm\u00e5l:<\/h5>\n<p>Sp\u00f8rgsm\u00e5l: Hvad er MOQ for Bang Box 9000 Pust?<br \/>\nA: Minimumsbestilling er 100 stk.<br \/>\nQ: Hvad er leveringstiden for den bestilte vape?<br \/>\nA: Normalt 10-15 dage efter afsendelse<br \/>\nQ: Hvor meget er forsendelsesomkostningerne? A: Forsendelsesomkostningerne afh\u00e6nger af v\u00e6gten. Forskellige m\u00e6ngder har forskellige forsendelsesomkostninger, kontakt os venligst for at bekr\u00e6fte forsendelsesomkostningerne.<\/p>\n<h4>Forsendelsesdetaljer:<\/h4>\n<p><span style=\"color: #ff6600\">Produktionstid: 5-10 arbejdsdage<\/span><br \/>\n<span style=\"color: #ff6600\">Leveringstid: 8-14 arbejdsdage<\/span><\/p>\n<p>Alle produkter i vores butik er 100% originale og autentiske, s\u00e5 ti gange kompensation for falske varer er vores butikspolitik. Vi bruger logistikkanaler som UPS\/DHL\/FEDEX\/DPD til at levere varer til dig.<\/p>\n<p>For pakker sendt til Danmark tager det normalt 10 arbejdsdage at ankomme. Forsendelse til europ\u00e6iske lande tager normalt 12 til 15 arbejdsdage at ankomme. Vi vil opdatere logistikinformationen for dig i realtid.<\/p>","protected":false},"excerpt":{"rendered":"<p>Bang BOX 9000 PUFFS kan prale af den mindste elektroniske cigaretenhed med den l\u00e6ngste batterilevetid. Dens konsistente smag er et s\u00e6rkende, der adskiller den fra andre produkter p\u00e5 markedet.<\/p>\n<p><img decoding=\"async\" class=\"alignnone wp-image-2151\" src=\"http:\/\/vapebulkp.com\/wp-content\/uploads\/2024\/04\/Mandy-WhatsApp-Randm.jpg\" alt=\"Mandy WhatsApp Randm\" width=\"323\" height=\"343\" srcset=\"https:\/\/vapebulkp.com\/wp-content\/uploads\/2024\/04\/Mandy-WhatsApp-Randm.jpg 916w, https:\/\/vapebulkp.com\/wp-content\/uploads\/2024\/04\/Mandy-WhatsApp-Randm-282x300.jpg 282w, https:\/\/vapebulkp.com\/wp-content\/uploads\/2024\/04\/Mandy-WhatsApp-Randm-768x817.jpg 768w, https:\/\/vapebulkp.com\/wp-content\/uploads\/2024\/04\/Mandy-WhatsApp-Randm-600x638.jpg 600w\" sizes=\"(max-width: 323px) 100vw, 323px\" \/><\/p>\n<p>Kontakt venligst Mandys WhatsApp for rabatpris<a href=\"https:\/\/wa.me\/8618077105796\">+8618077105796<\/a><\/p>\n<p><span style=\"color: #ff0000\">BEM\u00c6RK: Priserne p\u00e5 vores hjemmeside inkluderer ikke forsendelsesomkostninger<\/span><\/p>\n<p>&nbsp;<\/p>","protected":false},"featured_media":2067,"comment_status":"open","ping_status":"closed","template":"","meta":{"_uag_custom_page_level_css":"","_lmt_disableupdate":"no","_lmt_disable":"","site-sidebar-layout":"default","site-content-layout":"content-boxed-container","ast-site-content-layout":"normal-width-container","site-content-style":"boxed","site-sidebar-style":"unboxed","ast-global-header-display":"","ast-banner-title-visibility":"","ast-main-header-display":"","ast-hfb-above-header-display":"","ast-hfb-below-header-display":"","ast-hfb-mobile-header-display":"","site-post-title":"","ast-breadcrumbs-content":"","ast-featured-img":"","footer-sml-layout":"","theme-transparent-header-meta":"default","adv-header-id-meta":"","stick-header-meta":"","header-above-stick-meta":"","header-main-stick-meta":"","header-below-stick-meta":"","astra-migrate-meta-layouts":"set","_joinchat":[]},"product_cat":[168,153,345,155,33,59,100,34,158,157,154,152,58,84,156,63,32],"product_tag":[47,36,37,41,40],"class_list":["post-2066","product","type-product","status-publish","has-post-thumbnail","hentry","product_cat-9000-puffs-disposable-vape","product_cat-hot-disposable-vapes","product_cat-bang-vapes","product_cat-belgium-hot-disposable-vapes","product_cat-france-vape-hot-sale","product_cat-germany-hot-disposable-vape","product_cat-germany-wholesale-vape-shop","product_cat-netherlands-vape-good-sale","product_cat-norway-hot-disposable-vapes","product_cat-poland-hot-disposable-vapes","product_cat-portugal-hot-disposable-vapes","product_cat-spain-hot-disposable-vapes","product_cat-sweden-hot-disposable-vape","product_cat-sweden-wholesale-vape","product_cat-switzerland-hot-disposable-vapes","product_cat-top-sale-disposable-vape","product_cat-vape-hot-sale-this-week","product_tag-9000puffs","product_tag-good-vape","product_tag-hot-sale-disposable-vape","product_tag-poland-hot-vape","product_tag-sweden-hot-vape","pa_brand-bang-vape","desktop-align-left","tablet-align-left","mobile-align-left"],"yoast_head":"<!-- This site is optimized with the Yoast SEO plugin v21.1 - https:\/\/yoast.com\/wordpress\/plugins\/seo\/ -->\n<title>Good Vape Bang Box 9000Puffs Sweden Wholesale Price - vapebulkp.com<\/title>\n<meta name=\"description\" content=\"Bang BOX 9000 boasts the smallest electronic cigarette device with the longest battery life. Its consistent taste is a distinctive feature that distinguishes it from other products on the market.\" \/>\n<meta name=\"robots\" content=\"index, follow, max-snippet:-1, max-image-preview:large, max-video-preview:-1\" \/>\n<link rel=\"canonical\" href=\"https:\/\/vapebulkp.com\/da\/product\/good-vape-bang-box-9000puffs-sweden-wholesale-price\/\" \/>\n<meta property=\"og:locale\" content=\"da_DK\" \/>\n<meta property=\"og:type\" content=\"article\" \/>\n<meta property=\"og:title\" content=\"Good Vape Bang Box 9000Puffs Sweden Wholesale Price - vapebulkp.com\" \/>\n<meta property=\"og:description\" content=\"Bang BOX 9000 boasts the smallest electronic cigarette device with the longest battery life. Its consistent taste is a distinctive feature that distinguishes it from other products on the market.\" \/>\n<meta property=\"og:url\" content=\"https:\/\/vapebulkp.com\/da\/product\/good-vape-bang-box-9000puffs-sweden-wholesale-price\/\" \/>\n<meta property=\"og:site_name\" content=\"vapebulkp.com\" \/>\n<meta property=\"article:modified_time\" content=\"2025-09-24T03:44:18+00:00\" \/>\n<meta property=\"og:image\" content=\"http:\/\/vapebulkp.com\/wp-content\/uploads\/2024\/02\/Good-Sale-Bang-Box-9000-puffs-Germany-8-1024x944.png\" \/>\n\t<meta property=\"og:image:width\" content=\"1024\" \/>\n\t<meta property=\"og:image:height\" content=\"944\" \/>\n\t<meta property=\"og:image:type\" content=\"image\/png\" \/>\n<meta name=\"twitter:card\" content=\"summary_large_image\" \/>\n<meta name=\"twitter:label1\" content=\"Estimeret l\u00e6setid\" \/>\n\t<meta name=\"twitter:data1\" content=\"4 minutter\" \/>\n<script type=\"application\/ld+json\" class=\"yoast-schema-graph\">{\"@context\":\"https:\/\/schema.org\",\"@graph\":[{\"@type\":\"WebPage\",\"@id\":\"https:\/\/vapebulkp.com\/product\/good-vape-bang-box-9000puffs-sweden-wholesale-price\/\",\"url\":\"https:\/\/vapebulkp.com\/product\/good-vape-bang-box-9000puffs-sweden-wholesale-price\/\",\"name\":\"Good Vape Bang Box 9000Puffs Sweden Wholesale Price - vapebulkp.com\",\"isPartOf\":{\"@id\":\"https:\/\/vapebulkp.com\/#website\"},\"datePublished\":\"2024-02-23T07:39:29+00:00\",\"dateModified\":\"2025-09-24T03:44:18+00:00\",\"description\":\"Bang BOX 9000 boasts the smallest electronic cigarette device with the longest battery life. Its consistent taste is a distinctive feature that distinguishes it from other products on the market.\",\"breadcrumb\":{\"@id\":\"https:\/\/vapebulkp.com\/product\/good-vape-bang-box-9000puffs-sweden-wholesale-price\/#breadcrumb\"},\"inLanguage\":\"da-DK\",\"potentialAction\":[{\"@type\":\"ReadAction\",\"target\":[\"https:\/\/vapebulkp.com\/product\/good-vape-bang-box-9000puffs-sweden-wholesale-price\/\"]}]},{\"@type\":\"BreadcrumbList\",\"@id\":\"https:\/\/vapebulkp.com\/product\/good-vape-bang-box-9000puffs-sweden-wholesale-price\/#breadcrumb\",\"itemListElement\":[{\"@type\":\"ListItem\",\"position\":1,\"name\":\"Home\",\"item\":\"https:\/\/vapebulkp.com\/\"},{\"@type\":\"ListItem\",\"position\":2,\"name\":\"Hot Trend Vapes\",\"item\":\"https:\/\/vapebulkp.com\/vape-shop\/\"},{\"@type\":\"ListItem\",\"position\":3,\"name\":\"Good Vape Bang Box 9000Puffs Sweden Wholesale Price\"}]},{\"@type\":\"WebSite\",\"@id\":\"https:\/\/vapebulkp.com\/#website\",\"url\":\"https:\/\/vapebulkp.com\/\",\"name\":\"vapebulkp.com\",\"description\":\"Buy Vape In Cheap Bulk Price Near you\",\"publisher\":{\"@id\":\"https:\/\/vapebulkp.com\/#organization\"},\"potentialAction\":[{\"@type\":\"SearchAction\",\"target\":{\"@type\":\"EntryPoint\",\"urlTemplate\":\"https:\/\/vapebulkp.com\/?s={search_term_string}\"},\"query-input\":\"required name=search_term_string\"}],\"inLanguage\":\"da-DK\"},{\"@type\":\"Organization\",\"@id\":\"https:\/\/vapebulkp.com\/#organization\",\"name\":\"vapebulkp.com\",\"url\":\"https:\/\/vapebulkp.com\/\",\"logo\":{\"@type\":\"ImageObject\",\"inLanguage\":\"da-DK\",\"@id\":\"https:\/\/vapebulkp.com\/#\/schema\/logo\/image\/\",\"url\":\"https:\/\/vapebulkp.com\/wp-content\/uploads\/2023\/09\/cropped-vapebulkp.png\",\"contentUrl\":\"https:\/\/vapebulkp.com\/wp-content\/uploads\/2023\/09\/cropped-vapebulkp.png\",\"width\":516,\"height\":163,\"caption\":\"vapebulkp.com\"},\"image\":{\"@id\":\"https:\/\/vapebulkp.com\/#\/schema\/logo\/image\/\"}}]}<\/script>\n<!-- \/ Yoast SEO plugin. -->","yoast_head_json":{"title":"Good Vape Bang Box 9000Puffs Sweden Wholesale Price - vapebulkp.com","description":"Bang BOX 9000 boasts the smallest electronic cigarette device with the longest battery life. Its consistent taste is a distinctive feature that distinguishes it from other products on the market.","robots":{"index":"index","follow":"follow","max-snippet":"max-snippet:-1","max-image-preview":"max-image-preview:large","max-video-preview":"max-video-preview:-1"},"canonical":"https:\/\/vapebulkp.com\/da\/product\/good-vape-bang-box-9000puffs-sweden-wholesale-price\/","og_locale":"da_DK","og_type":"article","og_title":"Good Vape Bang Box 9000Puffs Sweden Wholesale Price - vapebulkp.com","og_description":"Bang BOX 9000 boasts the smallest electronic cigarette device with the longest battery life. Its consistent taste is a distinctive feature that distinguishes it from other products on the market.","og_url":"https:\/\/vapebulkp.com\/da\/product\/good-vape-bang-box-9000puffs-sweden-wholesale-price\/","og_site_name":"vapebulkp.com","article_modified_time":"2025-09-24T03:44:18+00:00","og_image":[{"width":1024,"height":944,"url":"http:\/\/vapebulkp.com\/wp-content\/uploads\/2024\/02\/Good-Sale-Bang-Box-9000-puffs-Germany-8-1024x944.png","type":"image\/png"}],"twitter_card":"summary_large_image","twitter_misc":{"Estimeret l\u00e6setid":"4 minutter"},"schema":{"@context":"https:\/\/schema.org","@graph":[{"@type":"WebPage","@id":"https:\/\/vapebulkp.com\/product\/good-vape-bang-box-9000puffs-sweden-wholesale-price\/","url":"https:\/\/vapebulkp.com\/product\/good-vape-bang-box-9000puffs-sweden-wholesale-price\/","name":"Good Vape Bang Box 9000Puffs Sweden Wholesale Price - vapebulkp.com","isPartOf":{"@id":"https:\/\/vapebulkp.com\/#website"},"datePublished":"2024-02-23T07:39:29+00:00","dateModified":"2025-09-24T03:44:18+00:00","description":"Bang BOX 9000 boasts the smallest electronic cigarette device with the longest battery life. Its consistent taste is a distinctive feature that distinguishes it from other products on the market.","breadcrumb":{"@id":"https:\/\/vapebulkp.com\/product\/good-vape-bang-box-9000puffs-sweden-wholesale-price\/#breadcrumb"},"inLanguage":"da-DK","potentialAction":[{"@type":"ReadAction","target":["https:\/\/vapebulkp.com\/product\/good-vape-bang-box-9000puffs-sweden-wholesale-price\/"]}]},{"@type":"BreadcrumbList","@id":"https:\/\/vapebulkp.com\/product\/good-vape-bang-box-9000puffs-sweden-wholesale-price\/#breadcrumb","itemListElement":[{"@type":"ListItem","position":1,"name":"Home","item":"https:\/\/vapebulkp.com\/"},{"@type":"ListItem","position":2,"name":"Hot Trend Vapes","item":"https:\/\/vapebulkp.com\/vape-shop\/"},{"@type":"ListItem","position":3,"name":"Good Vape Bang Box 9000Puffs Sweden Wholesale Price"}]},{"@type":"WebSite","@id":"https:\/\/vapebulkp.com\/#website","url":"https:\/\/vapebulkp.com\/","name":"vapebulkp.com","description":"Buy Vape In Cheap Bulk Price Near you","publisher":{"@id":"https:\/\/vapebulkp.com\/#organization"},"potentialAction":[{"@type":"SearchAction","target":{"@type":"EntryPoint","urlTemplate":"https:\/\/vapebulkp.com\/?s={search_term_string}"},"query-input":"required name=search_term_string"}],"inLanguage":"da-DK"},{"@type":"Organization","@id":"https:\/\/vapebulkp.com\/#organization","name":"vapebulkp.com","url":"https:\/\/vapebulkp.com\/","logo":{"@type":"ImageObject","inLanguage":"da-DK","@id":"https:\/\/vapebulkp.com\/#\/schema\/logo\/image\/","url":"https:\/\/vapebulkp.com\/wp-content\/uploads\/2023\/09\/cropped-vapebulkp.png","contentUrl":"https:\/\/vapebulkp.com\/wp-content\/uploads\/2023\/09\/cropped-vapebulkp.png","width":516,"height":163,"caption":"vapebulkp.com"},"image":{"@id":"https:\/\/vapebulkp.com\/#\/schema\/logo\/image\/"}}]}},"uagb_featured_image_src":{"full":["https:\/\/vapebulkp.com\/wp-content\/uploads\/2024\/02\/Good-Sale-Bang-Box-9000-puffs-Germany-8.png",1903,1754,false],"thumbnail":["https:\/\/vapebulkp.com\/wp-content\/uploads\/2024\/02\/Good-Sale-Bang-Box-9000-puffs-Germany-8-150x150.png",150,150,true],"medium":["https:\/\/vapebulkp.com\/wp-content\/uploads\/2024\/02\/Good-Sale-Bang-Box-9000-puffs-Germany-8-300x277.png",300,277,true],"medium_large":["https:\/\/vapebulkp.com\/wp-content\/uploads\/2024\/02\/Good-Sale-Bang-Box-9000-puffs-Germany-8-768x708.png",768,708,true],"large":["https:\/\/vapebulkp.com\/wp-content\/uploads\/2024\/02\/Good-Sale-Bang-Box-9000-puffs-Germany-8-1024x944.png",1024,944,true],"1536x1536":["https:\/\/vapebulkp.com\/wp-content\/uploads\/2024\/02\/Good-Sale-Bang-Box-9000-puffs-Germany-8-1536x1416.png",1536,1416,true],"2048x2048":["https:\/\/vapebulkp.com\/wp-content\/uploads\/2024\/02\/Good-Sale-Bang-Box-9000-puffs-Germany-8.png",1903,1754,false],"trp-custom-language-flag":["https:\/\/vapebulkp.com\/wp-content\/uploads\/2024\/02\/Good-Sale-Bang-Box-9000-puffs-Germany-8.png",13,12,false],"woocommerce_thumbnail":["https:\/\/vapebulkp.com\/wp-content\/uploads\/2024\/02\/Good-Sale-Bang-Box-9000-puffs-Germany-8-300x300.png",300,300,true],"woocommerce_single":["https:\/\/vapebulkp.com\/wp-content\/uploads\/2024\/02\/Good-Sale-Bang-Box-9000-puffs-Germany-8-600x553.png",600,553,true],"woocommerce_gallery_thumbnail":["https:\/\/vapebulkp.com\/wp-content\/uploads\/2024\/02\/Good-Sale-Bang-Box-9000-puffs-Germany-8-100x100.png",100,100,true],"wcpr-photo-reviews":["https:\/\/vapebulkp.com\/wp-content\/uploads\/2024\/02\/Good-Sale-Bang-Box-9000-puffs-Germany-8.png",500,461,false]},"uagb_author_info":{"display_name":"Mandy vape bulk price","author_link":"https:\/\/vapebulkp.com\/da\/author\/"},"uagb_comment_info":0,"uagb_excerpt":"Bang BOX 9000 PUFFS boasts the smallest electronic cigarette device with the longest battery life. Its consistent taste is a distinctive feature that distinguishes it from other products on the market. Pls Contact Mandy's WhatsApp For Discount Price+8618077105796 NOTE: Prices on our website does not include shipping costs &nbsp;","_links":{"self":[{"href":"https:\/\/vapebulkp.com\/da\/wp-json\/wp\/v2\/product\/2066","targetHints":{"allow":["GET"]}}],"collection":[{"href":"https:\/\/vapebulkp.com\/da\/wp-json\/wp\/v2\/product"}],"about":[{"href":"https:\/\/vapebulkp.com\/da\/wp-json\/wp\/v2\/types\/product"}],"replies":[{"embeddable":true,"href":"https:\/\/vapebulkp.com\/da\/wp-json\/wp\/v2\/comments?post=2066"}],"wp:featuredmedia":[{"embeddable":true,"href":"https:\/\/vapebulkp.com\/da\/wp-json\/wp\/v2\/media\/2067"}],"wp:attachment":[{"href":"https:\/\/vapebulkp.com\/da\/wp-json\/wp\/v2\/media?parent=2066"}],"wp:term":[{"taxonomy":"product_cat","embeddable":true,"href":"https:\/\/vapebulkp.com\/da\/wp-json\/wp\/v2\/product_cat?post=2066"},{"taxonomy":"product_tag","embeddable":true,"href":"https:\/\/vapebulkp.com\/da\/wp-json\/wp\/v2\/product_tag?post=2066"}],"curies":[{"name":"wp","href":"https:\/\/api.w.org\/{rel}","templated":true}]}}