{"id":2106,"date":"2024-03-21T09:56:58","date_gmt":"2024-03-21T08:56:58","guid":{"rendered":"https:\/\/vapebulkp.com\/?post_type=product&#038;p=2106"},"modified":"2025-09-24T05:42:13","modified_gmt":"2025-09-24T03:42:13","slug":"bang-with-a-vape-18000-puffs-crown-bar-hot-vape","status":"publish","type":"product","link":"https:\/\/vapebulkp.com\/da\/product\/bang-with-a-vape-18000-puffs-crown-bar-hot-vape\/","title":{"rendered":"Bang Med En Vape 18000 pust CROWN BAR Hot Vape"},"content":{"rendered":"<h2 style=\"text-align: left\">Bang Med En Vape 18000 pust CROWN BAR Hot Vape<\/h2>\n<p data-start=\"280\" data-end=\"543\">Den <strong data-start=\"284\" data-end=\"330\">Bang CROWN BAR 18000 Pust Engangs Vape<\/strong> kombinerer h\u00f8j kapacitet, j\u00e6vn smag og moderne design, skr\u00e6ddersyet til europ\u00e6iske dampere. Med op til <strong data-start=\"436\" data-end=\"452\">18.000 pust<\/strong>, skiller den sig ud som et p\u00e5lideligt valg for brugere, der \u00f8nsker b\u00e5de udholdenhed og f\u00f8rsteklasses smag.<\/p>\n<p data-start=\"545\" data-end=\"918\">Denne <strong data-start=\"550\" data-end=\"582\">genopladelig engangs vape<\/strong> drives af et 650mAh batteri med Type-C hurtigopladning, hvilket sikrer ensartet ydeevne med minimal nedetid. Et <strong data-start=\"698\" data-end=\"716\">mesh coil vape<\/strong> system forbedrer smagsleveringen og dampens t\u00e6thed, mens <strong data-start=\"778\" data-end=\"816\">justerbar luftstr\u00f8m engangs vape<\/strong> funktionen lader brugerne finjustere deres sug \u2014 fra et stramt, st\u00e6rkt hit til en lettere, mere \u00e5ben ind\u00e5nding.<\/p>\n<p data-start=\"920\" data-end=\"1289\">Forfyldt med 20 ml af h\u00f8j kvalitet <strong data-start=\"957\" data-end=\"982\">nikotinsalt vape EU<\/strong> formel, giver det et j\u00e6vnt hals-hit og f\u00e5s i 2% og 5% nikotinstyrker. Den intelligente batteri- og e-v\u00e6skeindikator holder hver session forudsigelig og stressfri. Med 16 raffinerede smagsvarianter, lige fra frugtblandinger til k\u00f8lende mentol, henvender denne vape sig til forskellige pr\u00e6ferencer i hele Europa.<\/p>\n<p data-start=\"1291\" data-end=\"1564\">Designet til b\u00e6rbarhed og bekvemmelighed, er <strong data-start=\"1337\" data-end=\"1383\">Bang KRONBAR <a href=\"https:\/\/vapebulkp.com\/da\/product-category\/18000-puffs-disposable-vape\/\">18000 sug engangs-vape<\/a><\/strong> ikke kun en forbrugerfavorit, men ogs\u00e5 en st\u00e6rk mulighed for <strong data-start=\"1445\" data-end=\"1470\">engros vape Europa<\/strong>, der giver forhandlere et profitabelt produkt, der leverer p\u00e5 b\u00e5de ydeevne og stil.<\/p>\n<p><img decoding=\"async\" class=\"alignnone wp-image-2102\" src=\"http:\/\/vapebulkp.com\/wp-content\/uploads\/2024\/03\/Good-sale-vape-Bang-18000-puffs-top-sale-3.jpg\" alt=\"Godt salg vape Bang 18000 pust topsalg\" width=\"421\" height=\"561\" srcset=\"https:\/\/vapebulkp.com\/wp-content\/uploads\/2024\/03\/Good-sale-vape-Bang-18000-puffs-top-sale-3.jpg 1080w, https:\/\/vapebulkp.com\/wp-content\/uploads\/2024\/03\/Good-sale-vape-Bang-18000-puffs-top-sale-3-225x300.jpg 225w, https:\/\/vapebulkp.com\/wp-content\/uploads\/2024\/03\/Good-sale-vape-Bang-18000-puffs-top-sale-3-769x1024.jpg 769w, https:\/\/vapebulkp.com\/wp-content\/uploads\/2024\/03\/Good-sale-vape-Bang-18000-puffs-top-sale-3-768x1023.jpg 768w, https:\/\/vapebulkp.com\/wp-content\/uploads\/2024\/03\/Good-sale-vape-Bang-18000-puffs-top-sale-3-600x799.jpg 600w\" sizes=\"(max-width: 421px) 100vw, 421px\" \/><\/p>\n<h6>Kontakt venligst Mandys WhatsApp for rabatpris<a href=\"https:\/\/wa.me\/8618077105796\">+8618077105796<\/a><\/h6>\n<p><img decoding=\"async\" class=\"alignnone wp-image-2151\" src=\"http:\/\/vapebulkp.com\/wp-content\/uploads\/2024\/04\/Mandy-WhatsApp-Randm.jpg\" alt=\"Mandy WhatsApp Randm\" width=\"324\" height=\"330\" \/><\/p>\n<h2>T\u00e6nkte du m\u00e5ske kunne t\u00e6nke dig at vide om Bang 18000 Pust Engangs VAPE:<\/h2>\n<h5>1. Hvordan bruges Bang 18k Puffs Vape Pen?<\/h5>\n<p>Trin 1. F\u00f8r du bruger 18k pust, skal du fjerne plastr\u00f8ret.<\/p>\n<p>Trin 2. Vent ca. 3 minutter for at lade v\u00e6sken komme ind i spolen indeni.<\/p>\n<p>Trin 3. Nyd den<\/p>\n<h5>2. HVORDAN OPLADES ENGANGS VAPE Bang 18k PUFFS ENHEDEN?<\/h5>\n<p>Opladere til hurtigopladning kan ikke anvendes. Den sikre standardstr\u00f8m til engangs-e-cigaretter er 5V 1A.<\/p>\n<p>Hver opladning m\u00e5 ikke overskride 1 time, og den sikre opladningstid er en halv time.<\/p>\n<p><span style=\"color: #ff6600\">Bem\u00e6rk: kan ikke oplade hele natten!<\/span><\/p>\n<h5>3. Hvad er e-v\u00e6skekapaciteten p\u00e5 Bang 18000 Pust WAPE?<\/h5>\n<p>\u2014\u201420ml<\/p>\n<h5>4. Hvor mange pust kan jeg tage af denne Bang 18000 Pust?<\/h5>\n<p>\u201318k sug<\/p>\n<h3>Bang 18000 Puffs Engangs Vape Pod Funktioner:<\/h3>\n<ul>\n<li>Puffs: Op til 18000 sug<\/li>\n<li>\u00a0V\u00e6ske: 20 ml pr\u00e6fyldt e-v\u00e6ske patron<\/li>\n<li>Nikotin: 2\/5% Nikotinsalt<\/li>\n<li>\u00a0Typer: Engangs<\/li>\n<li>\u00a0650mAh batteri<\/li>\n<li>\u00a00.6 Mesh Coil, JUSTERBAR LUFTSTR\u00d8M<\/li>\n<li>\u00a0Type-c genopladelig<\/li>\n<li>\u00a016 smagsvarianter tilg\u00e6ngelige<\/li>\n<\/ul>\n<p>&nbsp;<\/p>\n<h3><strong>Hvad er den bedste Vape Bang med 18000 Puffs smage?<\/strong><\/h3>\n<p>1. FERSKEN MANGO<br \/>\n2. SURE \u00c6BLER<br \/>\n3. DRUER<br \/>\n4. TIGER BLOD<br \/>\n5.BL\u00c5B\u00c6R HINDB\u00c6R<br \/>\n6. BL\u00c5B\u00c6R DRUER<br \/>\n7. BLANDEDE FRUGTER<br \/>\n8.JORDB\u00c6R VANDMELON<br \/>\n9. JORDB\u00c6R KIWI<br \/>\n10. JORDB\u00c6R MANGO<br \/>\n11. ANANAS KOKOSN\u00d8D<br \/>\n12. MINT IS<br \/>\n13. VANDMELON<br \/>\n14. BL\u00c5B\u00c6R IS<br \/>\n15. FERSKEN IS<br \/>\n16. VANDMELON TYGGEGUMMI<\/p>\n<p><a href=\"https:\/\/vapebulkp.com\/da\/product\/popular-randm-tornado-7000puffs-disposable-vape-best-price\/\"><span style=\"vertical-align: inherit\">RandM Tornado 7000 pust <\/span><\/a><\/p>\n<p><span style=\"vertical-align: inherit\">Find flere produkter du m\u00e5ske kan lide:<\/span><em><a href=\"https:\/\/wa.me\/8618077105796\"><span style=\"vertical-align: inherit\">\u00a0K\u00f8b den nu<\/span><\/a><\/em><\/p>\n<p><span style=\"vertical-align: inherit\">Andre Puffs du m\u00e5ske kan lide:<\/span><a href=\"https:\/\/vapebulkp.com\/da\/product\/joymy-ultra15000puffs-best-disposable-vape-2023\/\"><span style=\"vertical-align: inherit\">JOYMY 15000 pust<\/span><\/a><span style=\"vertical-align: inherit\">\u3001<\/span><a href=\"https:\/\/vapebulkp.com\/da\/product\/wholesale-randm-tornado-9000-puffs-germany\/\"><span style=\"vertical-align: inherit\">RandM 9000 sug<\/span><\/a><span style=\"vertical-align: inherit\">\/ <\/span><a href=\"https:\/\/vapebulkp.com\/da\/product\/bang-king-12000puffs\/\"><span style=\"vertical-align: inherit\">Bang King 12000 pust<\/span><\/a><span style=\"vertical-align: inherit\">\/ <\/span><a href=\"https:\/\/vapebulkp.com\/da\/product\/wholesale-tornado-rum-bar-9000-puffs-sweden\/\"><span style=\"vertical-align: inherit\">Rumbar 9000 pust<\/span><\/a><\/p>\n<p><span style=\"vertical-align: inherit\">E-cigaret flaske med special form:<\/span><a href=\"https:\/\/vapebulkp.com\/da\/product\/original-vape-bang-tn-12000-puffs-bang-vape\/\"><span style=\"vertical-align: inherit\"> Bang TN 12000 pust<\/span><\/a><span style=\"vertical-align: inherit\">\/ <\/span><a href=\"https:\/\/vapebulkp.com\/da\/product\/popular-bang-king-10000-puffs-vape-good-price\/\"><span style=\"vertical-align: inherit\">\u00a0Bang King 10000 pust <\/span><\/a><span style=\"vertical-align: inherit\">\/<\/span><a href=\"https:\/\/vapebulkp.com\/da\/product\/bang-tornado-12000-puffs-rechargeable-disposable-pod\/\"><span style=\"vertical-align: inherit\"> Bang Tornado 12000 pust<\/span><\/a><\/p>\n<h5>Produktionskvalifikation:<\/h5>\n<p><img decoding=\"async\" class=\"alignnone size-full wp-image-1841\" src=\"http:\/\/vapebulkp.com\/wp-content\/uploads\/2023\/11\/Vape-production-process-2.jpeg\" alt=\"Vape produktionsproces\" width=\"650\" height=\"434\" srcset=\"https:\/\/vapebulkp.com\/wp-content\/uploads\/2023\/11\/Vape-production-process-2.jpeg 650w, https:\/\/vapebulkp.com\/wp-content\/uploads\/2023\/11\/Vape-production-process-2-300x200.jpeg 300w, https:\/\/vapebulkp.com\/wp-content\/uploads\/2023\/11\/Vape-production-process-2-600x401.jpeg 600w\" sizes=\"(max-width: 650px) 100vw, 650px\" \/><\/p>\n<p><img decoding=\"async\" class=\"alignnone size-full wp-image-1843\" src=\"http:\/\/vapebulkp.com\/wp-content\/uploads\/2023\/11\/Vape-production-process.jpeg\" alt=\"Vape produktionsproces\" width=\"641\" height=\"1026\" srcset=\"https:\/\/vapebulkp.com\/wp-content\/uploads\/2023\/11\/Vape-production-process.jpeg 641w, https:\/\/vapebulkp.com\/wp-content\/uploads\/2023\/11\/Vape-production-process-187x300.jpeg 187w, https:\/\/vapebulkp.com\/wp-content\/uploads\/2023\/11\/Vape-production-process-640x1024.jpeg 640w, https:\/\/vapebulkp.com\/wp-content\/uploads\/2023\/11\/Vape-production-process-600x960.jpeg 600w\" sizes=\"(max-width: 641px) 100vw, 641px\" \/><\/p>\n<h5>Ofte stillede sp\u00f8rgsm\u00e5l:<\/h5>\n<p>Q: Hvad er MOQ for Bang 18000 Puffs?<br \/>\nA: Minimumsbestilling er 100 stk.<br \/>\nQ: Hvad er leveringstiden for den bestilte vape?<br \/>\nA: Normalt 10-15 dage efter afsendelse<br \/>\nQ: Hvor meget er forsendelsesomkostningerne? A: Forsendelsesomkostningerne afh\u00e6nger af v\u00e6gten. Forskellige m\u00e6ngder har forskellige forsendelsesomkostninger, kontakt os venligst for at bekr\u00e6fte forsendelsesomkostningerne.<\/p>\n<h4>Forsendelsesdetaljer:<\/h4>\n<p><span style=\"color: #ff6600\">Produktionstid: 5-10 arbejdsdage<\/span><br \/>\n<span style=\"color: #ff6600\">Leveringstid: 8-14 arbejdsdage<\/span><\/p>\n<p>Alle produkter i vores butik er 100% originale og autentiske, s\u00e5 ti gange kompensation for falske varer er vores butikspolitik. Vi bruger logistikkanaler som UPS\/DHL\/FEDEX\/DPD til at levere varer til dig.<\/p>\n<p>For pakker sendt til Danmark tager det normalt 10 arbejdsdage at ankomme. Forsendelse til europ\u00e6iske lande tager normalt 12 til 15 arbejdsdage at ankomme. Vi vil opdatere logistikinformationen for dig i realtid.<\/p>","protected":false},"excerpt":{"rendered":"<p>Den nylancerede Bang with a vape 18000 pust er v\u00e6rd at eje!<\/p>\n<p>Kontakt venligst Mandys WhatsApp for rabatpris<a href=\"https:\/\/wa.me\/8618077105796\">+8618077105796<\/a><\/p>\n<p><img decoding=\"async\" class=\"alignnone wp-image-2151\" src=\"http:\/\/vapebulkp.com\/wp-content\/uploads\/2024\/04\/Mandy-WhatsApp-Randm.jpg\" alt=\"Mandy WhatsApp Randm\" width=\"297\" height=\"316\" srcset=\"https:\/\/vapebulkp.com\/wp-content\/uploads\/2024\/04\/Mandy-WhatsApp-Randm.jpg 916w, https:\/\/vapebulkp.com\/wp-content\/uploads\/2024\/04\/Mandy-WhatsApp-Randm-282x300.jpg 282w, https:\/\/vapebulkp.com\/wp-content\/uploads\/2024\/04\/Mandy-WhatsApp-Randm-768x817.jpg 768w, https:\/\/vapebulkp.com\/wp-content\/uploads\/2024\/04\/Mandy-WhatsApp-Randm-600x638.jpg 600w\" sizes=\"(max-width: 297px) 100vw, 297px\" \/><\/p>\n<p><span style=\"color: #ff0000\">BEM\u00c6RK: Priserne p\u00e5 vores hjemmeside inkluderer ikke forsendelsesomkostninger<\/span><\/p>\n<p>&nbsp;<\/p>","protected":false},"featured_media":2104,"comment_status":"open","ping_status":"closed","template":"","meta":{"_uag_custom_page_level_css":"","_lmt_disableupdate":"no","_lmt_disable":"","site-sidebar-layout":"default","site-content-layout":"content-boxed-container","ast-site-content-layout":"normal-width-container","site-content-style":"boxed","site-sidebar-style":"unboxed","ast-global-header-display":"","ast-banner-title-visibility":"","ast-main-header-display":"","ast-hfb-above-header-display":"","ast-hfb-below-header-display":"","ast-hfb-mobile-header-display":"","site-post-title":"","ast-breadcrumbs-content":"","ast-featured-img":"","footer-sml-layout":"","theme-transparent-header-meta":"default","adv-header-id-meta":"","stick-header-meta":"","header-above-stick-meta":"","header-main-stick-meta":"","header-below-stick-meta":"","astra-migrate-meta-layouts":"set","_joinchat":[]},"product_cat":[163,153,345,155,33,59,100,87,34,158,157,154,152,58,84,156,63,32],"product_tag":[111,36,37,41,40],"class_list":["post-2106","product","type-product","status-publish","has-post-thumbnail","hentry","product_cat-18000-puffs-disposable-vape","product_cat-hot-disposable-vapes","product_cat-bang-vapes","product_cat-belgium-hot-disposable-vapes","product_cat-france-vape-hot-sale","product_cat-germany-hot-disposable-vape","product_cat-germany-wholesale-vape-shop","product_cat-minimum-order-quantity-50pcs","product_cat-netherlands-vape-good-sale","product_cat-norway-hot-disposable-vapes","product_cat-poland-hot-disposable-vapes","product_cat-portugal-hot-disposable-vapes","product_cat-spain-hot-disposable-vapes","product_cat-sweden-hot-disposable-vape","product_cat-sweden-wholesale-vape","product_cat-switzerland-hot-disposable-vapes","product_cat-top-sale-disposable-vape","product_cat-vape-hot-sale-this-week","product_tag-18000puffs","product_tag-good-vape","product_tag-hot-sale-disposable-vape","product_tag-poland-hot-vape","product_tag-sweden-hot-vape","pa_brand-bang-king-vape","desktop-align-left","tablet-align-left","mobile-align-left"],"yoast_head":"<!-- This site is optimized with the Yoast SEO plugin v21.1 - https:\/\/yoast.com\/wordpress\/plugins\/seo\/ -->\n<title>Bang With A Vape 18000 puffs CROWN BAR Hot Vape - vapebulkp.com<\/title>\n<meta name=\"description\" content=\"Bang With A Vape 18000 puffs CROWN BAR Hot Vape, this disposable e-cigarette allows you to experience the unique e-cigarette flavor, and the new design will make you fall in love with it\" \/>\n<meta name=\"robots\" content=\"index, follow, max-snippet:-1, max-image-preview:large, max-video-preview:-1\" \/>\n<link rel=\"canonical\" href=\"https:\/\/vapebulkp.com\/da\/product\/bang-with-a-vape-18000-puffs-crown-bar-hot-vape\/\" \/>\n<meta property=\"og:locale\" content=\"da_DK\" \/>\n<meta property=\"og:type\" content=\"article\" \/>\n<meta property=\"og:title\" content=\"Bang With A Vape 18000 puffs CROWN BAR Hot Vape - vapebulkp.com\" \/>\n<meta property=\"og:description\" content=\"Bang With A Vape 18000 puffs CROWN BAR Hot Vape, this disposable e-cigarette allows you to experience the unique e-cigarette flavor, and the new design will make you fall in love with it\" \/>\n<meta property=\"og:url\" content=\"https:\/\/vapebulkp.com\/da\/product\/bang-with-a-vape-18000-puffs-crown-bar-hot-vape\/\" \/>\n<meta property=\"og:site_name\" content=\"vapebulkp.com\" \/>\n<meta property=\"article:modified_time\" content=\"2025-09-24T03:42:13+00:00\" \/>\n<meta property=\"og:image\" content=\"http:\/\/vapebulkp.com\/wp-content\/uploads\/2024\/03\/Good-sale-vape-Bang-18000-puffs-top-sale-5.jpg\" \/>\n\t<meta property=\"og:image:width\" content=\"1080\" \/>\n\t<meta property=\"og:image:height\" content=\"1555\" \/>\n\t<meta property=\"og:image:type\" content=\"image\/jpeg\" \/>\n<meta name=\"twitter:card\" content=\"summary_large_image\" \/>\n<meta name=\"twitter:label1\" content=\"Estimeret l\u00e6setid\" \/>\n\t<meta name=\"twitter:data1\" content=\"4 minutter\" \/>\n<script type=\"application\/ld+json\" class=\"yoast-schema-graph\">{\"@context\":\"https:\/\/schema.org\",\"@graph\":[{\"@type\":\"WebPage\",\"@id\":\"https:\/\/vapebulkp.com\/product\/bang-with-a-vape-18000-puffs-crown-bar-hot-vape\/\",\"url\":\"https:\/\/vapebulkp.com\/product\/bang-with-a-vape-18000-puffs-crown-bar-hot-vape\/\",\"name\":\"Bang With A Vape 18000 puffs CROWN BAR Hot Vape - vapebulkp.com\",\"isPartOf\":{\"@id\":\"https:\/\/vapebulkp.com\/#website\"},\"datePublished\":\"2024-03-21T08:56:58+00:00\",\"dateModified\":\"2025-09-24T03:42:13+00:00\",\"description\":\"Bang With A Vape 18000 puffs CROWN BAR Hot Vape, this disposable e-cigarette allows you to experience the unique e-cigarette flavor, and the new design will make you fall in love with it\",\"breadcrumb\":{\"@id\":\"https:\/\/vapebulkp.com\/product\/bang-with-a-vape-18000-puffs-crown-bar-hot-vape\/#breadcrumb\"},\"inLanguage\":\"da-DK\",\"potentialAction\":[{\"@type\":\"ReadAction\",\"target\":[\"https:\/\/vapebulkp.com\/product\/bang-with-a-vape-18000-puffs-crown-bar-hot-vape\/\"]}]},{\"@type\":\"BreadcrumbList\",\"@id\":\"https:\/\/vapebulkp.com\/product\/bang-with-a-vape-18000-puffs-crown-bar-hot-vape\/#breadcrumb\",\"itemListElement\":[{\"@type\":\"ListItem\",\"position\":1,\"name\":\"Home\",\"item\":\"https:\/\/vapebulkp.com\/\"},{\"@type\":\"ListItem\",\"position\":2,\"name\":\"Hot Trend Vapes\",\"item\":\"https:\/\/vapebulkp.com\/vape-shop\/\"},{\"@type\":\"ListItem\",\"position\":3,\"name\":\"Bang With A Vape 18000 puffs CROWN BAR Hot Vape\"}]},{\"@type\":\"WebSite\",\"@id\":\"https:\/\/vapebulkp.com\/#website\",\"url\":\"https:\/\/vapebulkp.com\/\",\"name\":\"vapebulkp.com\",\"description\":\"Buy Vape In Cheap Bulk Price Near you\",\"publisher\":{\"@id\":\"https:\/\/vapebulkp.com\/#organization\"},\"potentialAction\":[{\"@type\":\"SearchAction\",\"target\":{\"@type\":\"EntryPoint\",\"urlTemplate\":\"https:\/\/vapebulkp.com\/?s={search_term_string}\"},\"query-input\":\"required name=search_term_string\"}],\"inLanguage\":\"da-DK\"},{\"@type\":\"Organization\",\"@id\":\"https:\/\/vapebulkp.com\/#organization\",\"name\":\"vapebulkp.com\",\"url\":\"https:\/\/vapebulkp.com\/\",\"logo\":{\"@type\":\"ImageObject\",\"inLanguage\":\"da-DK\",\"@id\":\"https:\/\/vapebulkp.com\/#\/schema\/logo\/image\/\",\"url\":\"https:\/\/vapebulkp.com\/wp-content\/uploads\/2023\/09\/cropped-vapebulkp.png\",\"contentUrl\":\"https:\/\/vapebulkp.com\/wp-content\/uploads\/2023\/09\/cropped-vapebulkp.png\",\"width\":516,\"height\":163,\"caption\":\"vapebulkp.com\"},\"image\":{\"@id\":\"https:\/\/vapebulkp.com\/#\/schema\/logo\/image\/\"}}]}<\/script>\n<!-- \/ Yoast SEO plugin. -->","yoast_head_json":{"title":"Bang With A Vape 18000 puffs CROWN BAR Hot Vape - vapebulkp.com","description":"Bang With A Vape 18000 puffs CROWN BAR Hot Vape, this disposable e-cigarette allows you to experience the unique e-cigarette flavor, and the new design will make you fall in love with it","robots":{"index":"index","follow":"follow","max-snippet":"max-snippet:-1","max-image-preview":"max-image-preview:large","max-video-preview":"max-video-preview:-1"},"canonical":"https:\/\/vapebulkp.com\/da\/product\/bang-with-a-vape-18000-puffs-crown-bar-hot-vape\/","og_locale":"da_DK","og_type":"article","og_title":"Bang With A Vape 18000 puffs CROWN BAR Hot Vape - vapebulkp.com","og_description":"Bang With A Vape 18000 puffs CROWN BAR Hot Vape, this disposable e-cigarette allows you to experience the unique e-cigarette flavor, and the new design will make you fall in love with it","og_url":"https:\/\/vapebulkp.com\/da\/product\/bang-with-a-vape-18000-puffs-crown-bar-hot-vape\/","og_site_name":"vapebulkp.com","article_modified_time":"2025-09-24T03:42:13+00:00","og_image":[{"width":1080,"height":1555,"url":"http:\/\/vapebulkp.com\/wp-content\/uploads\/2024\/03\/Good-sale-vape-Bang-18000-puffs-top-sale-5.jpg","type":"image\/jpeg"}],"twitter_card":"summary_large_image","twitter_misc":{"Estimeret l\u00e6setid":"4 minutter"},"schema":{"@context":"https:\/\/schema.org","@graph":[{"@type":"WebPage","@id":"https:\/\/vapebulkp.com\/product\/bang-with-a-vape-18000-puffs-crown-bar-hot-vape\/","url":"https:\/\/vapebulkp.com\/product\/bang-with-a-vape-18000-puffs-crown-bar-hot-vape\/","name":"Bang With A Vape 18000 puffs CROWN BAR Hot Vape - vapebulkp.com","isPartOf":{"@id":"https:\/\/vapebulkp.com\/#website"},"datePublished":"2024-03-21T08:56:58+00:00","dateModified":"2025-09-24T03:42:13+00:00","description":"Bang With A Vape 18000 puffs CROWN BAR Hot Vape, this disposable e-cigarette allows you to experience the unique e-cigarette flavor, and the new design will make you fall in love with it","breadcrumb":{"@id":"https:\/\/vapebulkp.com\/product\/bang-with-a-vape-18000-puffs-crown-bar-hot-vape\/#breadcrumb"},"inLanguage":"da-DK","potentialAction":[{"@type":"ReadAction","target":["https:\/\/vapebulkp.com\/product\/bang-with-a-vape-18000-puffs-crown-bar-hot-vape\/"]}]},{"@type":"BreadcrumbList","@id":"https:\/\/vapebulkp.com\/product\/bang-with-a-vape-18000-puffs-crown-bar-hot-vape\/#breadcrumb","itemListElement":[{"@type":"ListItem","position":1,"name":"Home","item":"https:\/\/vapebulkp.com\/"},{"@type":"ListItem","position":2,"name":"Hot Trend Vapes","item":"https:\/\/vapebulkp.com\/vape-shop\/"},{"@type":"ListItem","position":3,"name":"Bang With A Vape 18000 puffs CROWN BAR Hot Vape"}]},{"@type":"WebSite","@id":"https:\/\/vapebulkp.com\/#website","url":"https:\/\/vapebulkp.com\/","name":"vapebulkp.com","description":"Buy Vape In Cheap Bulk Price Near you","publisher":{"@id":"https:\/\/vapebulkp.com\/#organization"},"potentialAction":[{"@type":"SearchAction","target":{"@type":"EntryPoint","urlTemplate":"https:\/\/vapebulkp.com\/?s={search_term_string}"},"query-input":"required name=search_term_string"}],"inLanguage":"da-DK"},{"@type":"Organization","@id":"https:\/\/vapebulkp.com\/#organization","name":"vapebulkp.com","url":"https:\/\/vapebulkp.com\/","logo":{"@type":"ImageObject","inLanguage":"da-DK","@id":"https:\/\/vapebulkp.com\/#\/schema\/logo\/image\/","url":"https:\/\/vapebulkp.com\/wp-content\/uploads\/2023\/09\/cropped-vapebulkp.png","contentUrl":"https:\/\/vapebulkp.com\/wp-content\/uploads\/2023\/09\/cropped-vapebulkp.png","width":516,"height":163,"caption":"vapebulkp.com"},"image":{"@id":"https:\/\/vapebulkp.com\/#\/schema\/logo\/image\/"}}]}},"uagb_featured_image_src":{"full":["https:\/\/vapebulkp.com\/wp-content\/uploads\/2024\/03\/Good-sale-vape-Bang-18000-puffs-top-sale-5.jpg",1080,1555,false],"thumbnail":["https:\/\/vapebulkp.com\/wp-content\/uploads\/2024\/03\/Good-sale-vape-Bang-18000-puffs-top-sale-5-150x150.jpg",150,150,true],"medium":["https:\/\/vapebulkp.com\/wp-content\/uploads\/2024\/03\/Good-sale-vape-Bang-18000-puffs-top-sale-5-208x300.jpg",208,300,true],"medium_large":["https:\/\/vapebulkp.com\/wp-content\/uploads\/2024\/03\/Good-sale-vape-Bang-18000-puffs-top-sale-5-768x1106.jpg",768,1106,true],"large":["https:\/\/vapebulkp.com\/wp-content\/uploads\/2024\/03\/Good-sale-vape-Bang-18000-puffs-top-sale-5-711x1024.jpg",711,1024,true],"1536x1536":["https:\/\/vapebulkp.com\/wp-content\/uploads\/2024\/03\/Good-sale-vape-Bang-18000-puffs-top-sale-5-1067x1536.jpg",1067,1536,true],"2048x2048":["https:\/\/vapebulkp.com\/wp-content\/uploads\/2024\/03\/Good-sale-vape-Bang-18000-puffs-top-sale-5.jpg",1080,1555,false],"trp-custom-language-flag":["https:\/\/vapebulkp.com\/wp-content\/uploads\/2024\/03\/Good-sale-vape-Bang-18000-puffs-top-sale-5.jpg",8,12,false],"woocommerce_thumbnail":["https:\/\/vapebulkp.com\/wp-content\/uploads\/2024\/03\/Good-sale-vape-Bang-18000-puffs-top-sale-5-300x300.jpg",300,300,true],"woocommerce_single":["https:\/\/vapebulkp.com\/wp-content\/uploads\/2024\/03\/Good-sale-vape-Bang-18000-puffs-top-sale-5-600x864.jpg",600,864,true],"woocommerce_gallery_thumbnail":["https:\/\/vapebulkp.com\/wp-content\/uploads\/2024\/03\/Good-sale-vape-Bang-18000-puffs-top-sale-5-100x100.jpg",100,100,true],"wcpr-photo-reviews":["https:\/\/vapebulkp.com\/wp-content\/uploads\/2024\/03\/Good-sale-vape-Bang-18000-puffs-top-sale-5.jpg",347,500,false]},"uagb_author_info":{"display_name":"Mandy vape bulk price","author_link":"https:\/\/vapebulkp.com\/da\/author\/"},"uagb_comment_info":2,"uagb_excerpt":"The newly launched Bang with a vape 18000 puffs is worth owning\uff01 Pls Contact Mandy's WhatsApp For Discount Price+8618077105796 NOTE: Prices on our website does not include shipping costs &nbsp;","_links":{"self":[{"href":"https:\/\/vapebulkp.com\/da\/wp-json\/wp\/v2\/product\/2106","targetHints":{"allow":["GET"]}}],"collection":[{"href":"https:\/\/vapebulkp.com\/da\/wp-json\/wp\/v2\/product"}],"about":[{"href":"https:\/\/vapebulkp.com\/da\/wp-json\/wp\/v2\/types\/product"}],"replies":[{"embeddable":true,"href":"https:\/\/vapebulkp.com\/da\/wp-json\/wp\/v2\/comments?post=2106"}],"wp:featuredmedia":[{"embeddable":true,"href":"https:\/\/vapebulkp.com\/da\/wp-json\/wp\/v2\/media\/2104"}],"wp:attachment":[{"href":"https:\/\/vapebulkp.com\/da\/wp-json\/wp\/v2\/media?parent=2106"}],"wp:term":[{"taxonomy":"product_cat","embeddable":true,"href":"https:\/\/vapebulkp.com\/da\/wp-json\/wp\/v2\/product_cat?post=2106"},{"taxonomy":"product_tag","embeddable":true,"href":"https:\/\/vapebulkp.com\/da\/wp-json\/wp\/v2\/product_tag?post=2106"}],"curies":[{"name":"wp","href":"https:\/\/api.w.org\/{rel}","templated":true}]}}