{"id":2147,"date":"2024-04-03T05:07:44","date_gmt":"2024-04-03T03:07:44","guid":{"rendered":"https:\/\/vapebulkp.com\/?post_type=product&#038;p=2147"},"modified":"2025-09-24T05:49:03","modified_gmt":"2025-09-24T03:49:03","slug":"wholesale-price-randm-15k-waspe-15000-puffs-best-vape","status":"publish","type":"product","link":"https:\/\/vapebulkp.com\/da\/product\/wholesale-price-randm-15k-waspe-15000-puffs-best-vape\/","title":{"rendered":"Engrospris Randm 15k WASPE 15000 Puffs Bedste Vape"},"content":{"rendered":"<h1>Engrospris Randm 15k WASPE 15000 Puffs Bedste Vape<\/h1>\n<p>&nbsp;<\/p>\n<p data-start=\"331\" data-end=\"626\">Den <strong data-start=\"335\" data-end=\"356\">WASPE 15000 Pust<\/strong> er en premium <a href=\"https:\/\/vapebulkp.com\/da\/product-category\/15000-puffs-disposable-vape\/\"><strong data-start=\"370\" data-end=\"401\">15000 sug engangs-vape<\/strong><\/a> bygget til europ\u00e6iske unge m\u00e6nd, der s\u00f8ger h\u00f8jtydende dampning. Med et 850mAh genopladeligt batteri og avanceret <strong data-start=\"519\" data-end=\"543\">mesh coil teknologi<\/strong>, leverer den t\u00e6tte skyer, rig smag og j\u00e6vne sug i op til 15.000 pust.<\/p>\n<p data-start=\"628\" data-end=\"941\">Denne <strong data-start=\"633\" data-end=\"666\">engangs-vape med h\u00f8j kapacitet<\/strong> kommer i 12 professionelt udformede smagsvarianter og 2% eller 5% nikotinsaltmuligheder, hvilket giver et tilfredsstillende halsstr\u00f8g og langvarige dampningssessioner. Kompakt, stilfuld og holdbar, den popul\u00e6re Vape <strong data-start=\"843\" data-end=\"864\">WASPE 15000 Pust<\/strong> er perfekt til daglig brug, sociale sammenkomster eller <strong data-start=\"913\" data-end=\"938\">engros vape-ordrer<\/strong>.<\/p>\n<p data-start=\"943\" data-end=\"1216\">Designet for bekvemmelighed, denne <strong data-start=\"974\" data-end=\"1006\">genopladelig engangs vape<\/strong> underst\u00f8tter sikker opladning og p\u00e5lidelig ydeevne. Sendt fra Kina eller EU-lagre for <strong data-start=\"1087\" data-end=\"1104\">hurtig levering<\/strong>, det er et ideelt valg for stork\u00f8bere og dampentusiaster, der leder efter ensartede, f\u00f8rsteklasses enheder.<\/p>\n<h6 style=\"text-align: left\"><img decoding=\"async\" class=\"alignnone wp-image-2128\" src=\"http:\/\/vapebulkp.com\/wp-content\/uploads\/2024\/04\/WASPE-TORNADO-PUFF-15000-PUFFS-WHOLESALE-PRICE.jpg\" alt=\"WASPE TORNADO PUFF 15000 PUFFS ENGROSPRIS\" width=\"550\" height=\"748\" srcset=\"https:\/\/vapebulkp.com\/wp-content\/uploads\/2024\/04\/WASPE-TORNADO-PUFF-15000-PUFFS-WHOLESALE-PRICE.jpg 1409w, https:\/\/vapebulkp.com\/wp-content\/uploads\/2024\/04\/WASPE-TORNADO-PUFF-15000-PUFFS-WHOLESALE-PRICE-221x300.jpg 221w, https:\/\/vapebulkp.com\/wp-content\/uploads\/2024\/04\/WASPE-TORNADO-PUFF-15000-PUFFS-WHOLESALE-PRICE-753x1024.jpg 753w, https:\/\/vapebulkp.com\/wp-content\/uploads\/2024\/04\/WASPE-TORNADO-PUFF-15000-PUFFS-WHOLESALE-PRICE-768x1044.jpg 768w, https:\/\/vapebulkp.com\/wp-content\/uploads\/2024\/04\/WASPE-TORNADO-PUFF-15000-PUFFS-WHOLESALE-PRICE-1130x1536.jpg 1130w, https:\/\/vapebulkp.com\/wp-content\/uploads\/2024\/04\/WASPE-TORNADO-PUFF-15000-PUFFS-WHOLESALE-PRICE-600x816.jpg 600w\" sizes=\"(max-width: 550px) 100vw, 550px\" \/><\/h6>\n<h6>Kontakt venligst Mandys WhatsApp for rabatpris<a href=\"https:\/\/wa.me\/8618077105796\">+8618077105796<\/a><\/h6>\n<p><img decoding=\"async\" class=\"alignnone wp-image-2151\" src=\"http:\/\/vapebulkp.com\/wp-content\/uploads\/2024\/04\/Mandy-WhatsApp-Randm.jpg\" alt=\"Mandy WhatsApp Randm\" width=\"422\" height=\"449\" srcset=\"https:\/\/vapebulkp.com\/wp-content\/uploads\/2024\/04\/Mandy-WhatsApp-Randm.jpg 916w, https:\/\/vapebulkp.com\/wp-content\/uploads\/2024\/04\/Mandy-WhatsApp-Randm-282x300.jpg 282w, https:\/\/vapebulkp.com\/wp-content\/uploads\/2024\/04\/Mandy-WhatsApp-Randm-768x817.jpg 768w, https:\/\/vapebulkp.com\/wp-content\/uploads\/2024\/04\/Mandy-WhatsApp-Randm-600x638.jpg 600w\" sizes=\"(max-width: 422px) 100vw, 422px\" \/><\/p>\n<h2><span style=\"vertical-align: inherit\">T\u00e6nkte du m\u00e5ske kunne lide at vide om WASPE 15000Puffs Engangs VAPE:<\/span><\/h2>\n<p>&nbsp;<\/p>\n<h4 class=\"style-scope ytd-watch-metadata\">1. Hvordan bruger man WASPE 15000 Puffs Vape Pen?<\/h4>\n<p>&nbsp;<\/p>\n<p>F\u00f8rst: F\u00f8r brug af 15k pust, fjern plastikr\u00f8ret.<\/p>\n<p>For det andet: Vent omkring 3 minutter for at lade v\u00e6sken komme ind i spolen indeni.<\/p>\n<p>For det tredje: Nyd den<\/p>\n<h6>2. Hvordan oplader man engangsvapen WASPE 15000 puffs enheden?<\/h6>\n<p>Opladere til hurtigopladning kan ikke anvendes. Den sikre standardstr\u00f8m til engangs-e-cigaretter er 5V 1A.<\/p>\n<p>Hver opladning m\u00e5 ikke overskride 1 time, og den sikre opladningstid er en halv time.<\/p>\n<h6>3. Hvor mange pust har WASPE 15k Pust?<\/h6>\n<p>\u2014-15000 Pust<\/p>\n<p><span style=\"color: #ff6600\">Bem\u00e6rk: kan ikke oplade hele natten!<\/span><\/p>\n<p>&nbsp;<\/p>\n<h3><strong><span style=\"vertical-align: inherit\">Specifikation for Vape Engros WASPE 15000Puffs Vapes:<\/span><br \/>\n<\/strong><\/h3>\n<p>Batteri: 850mAh (Type C)<br \/>\nKapacitet: 22 ml<br \/>\nSpole: 0,8 ohm mesh<br \/>\nOmtrentlig sugevolumen: 15000 pust<br \/>\nPlus nikotinstyrke: 2% ,5%<br \/>\nMOQ: 100 STK<\/p>\n<h3><strong>Hvad er de bedste smagsvarianter af Vape WASPE 15k pust?<\/strong><\/h3>\n<p>1. Vandmelonis<br \/>\n2. Jordb\u00e6r Vandmelon<br \/>\n3. Appelsinsodavand<br \/>\n4. Dobbelt \u00c6ble<br \/>\n5. Jordb\u00e6r Kiwi<br \/>\n6. Kirseb\u00e6r lce<br \/>\n7. Aloe Drue<br \/>\n8. Blandede B\u00e6r<br \/>\n9. Bl\u00e5b\u00e6r lce<br \/>\n10. Jordb\u00e6r Mango<br \/>\n11. Bl\u00e5 Hindb\u00e6r Citron<br \/>\n12. Fersken lce<\/p>\n<p><a href=\"https:\/\/vapebulkp.com\/da\/product\/popular-randm-tornado-7000puffs-disposable-vape-best-price\/\">https:\/\/vapebulkp.com\/product\/popular-randm-tornado-7000puffs-disposable-vape-best-price\/<\/a><\/p>\n<p><span style=\"vertical-align: inherit\">Find flere produkter du m\u00e5ske kan lide:<\/span><em><a href=\"https:\/\/wa.me\/8618077105796\"><span style=\"vertical-align: inherit\">\u00a0K\u00f8b den nu<\/span><\/a><\/em><\/p>\n<p><span style=\"vertical-align: inherit\">Andre Puffs du m\u00e5ske kan lide:<\/span><a href=\"https:\/\/vapebulkp.com\/da\/product\/good-sale-randm-tornado-10000-puffs-plus\/\"><span style=\"vertical-align: inherit\">RandM 10000 Pust<\/span><\/a><span style=\"vertical-align: inherit\">\u3001 <\/span><a href=\"https:\/\/vapebulkp.com\/da\/product\/wholesale-randm-tornado-9000-puffs-germany\/\"><span style=\"vertical-align: inherit\">RandM Tornado 9000 Puf<\/span><\/a><span style=\"vertical-align: inherit\">\/ <\/span><a href=\"https:\/\/vapebulkp.com\/da\/product\/best-price-vape-randm-15000-puffs-good-vape\/\"><span style=\"vertical-align: inherit\">Randm 15000 Pust<\/span><\/a><span style=\"vertical-align: inherit\">\/ <\/span><a href=\"https:\/\/vapebulkp.com\/da\/product\/bang-king-12000puffs\/\"><span style=\"vertical-align: inherit\">Bang King 12000 pust<\/span><\/a><\/p>\n<p><span style=\"vertical-align: inherit\">E-cigaret flaske med special form:<\/span><a href=\"https:\/\/vapebulkp.com\/da\/product\/original-vape-bang-tn-12000-puffs-bang-vape\/\"><span style=\"vertical-align: inherit\">Bang TN 12000 sug <\/span><\/a><span style=\"vertical-align: inherit\">\/ <\/span><a href=\"https:\/\/vapebulkp.com\/da\/product\/bang-20000-puffs-hot-vape-top-sale-vape\/\"><span style=\"vertical-align: inherit\">Bang 20000 pust <\/span><\/a><span style=\"vertical-align: inherit\">\/<\/span><a href=\"https:\/\/vapebulkp.com\/da\/product\/bang-with-a-vape-18000-puffs-crown-bar-hot-vape\/\"><span style=\"vertical-align: inherit\">Bang With a vape 18000 Sug<\/span><\/a><\/p>\n<h4>Forsendelsesdetaljer:<\/h4>\n<p><span style=\"color: #ff6600\">Produktionstid: 5-10 arbejdsdage<\/span><br \/>\n<span style=\"color: #ff6600\">Leveringstid: 8-14 arbejdsdage<\/span><\/p>\n<p>Alle produkter i vores butik er 100% originale og autentiske, s\u00e5 ti gange kompensation for falske varer er vores butikspolitik. Vi bruger logistikkanaler som UPS\/DHL\/FEDEX\/DPD til at levere varer til dig.<\/p>\n<p>For pakker sendt til Danmark tager det normalt 10 arbejdsdage at ankomme. Forsendelse til europ\u00e6iske lande tager normalt 12 til 15 arbejdsdage at ankomme. Vi vil opdatere logistikinformationen for dig i realtid.<\/p>","protected":false},"excerpt":{"rendered":"<p>. <img decoding=\"async\" class=\"alignnone wp-image-2151\" src=\"http:\/\/vapebulkp.com\/wp-content\/uploads\/2024\/04\/Mandy-WhatsApp-Randm.jpg\" alt=\"Mandy WhatsApp Randm\" width=\"269\" height=\"286\" srcset=\"https:\/\/vapebulkp.com\/wp-content\/uploads\/2024\/04\/Mandy-WhatsApp-Randm.jpg 916w, https:\/\/vapebulkp.com\/wp-content\/uploads\/2024\/04\/Mandy-WhatsApp-Randm-282x300.jpg 282w, https:\/\/vapebulkp.com\/wp-content\/uploads\/2024\/04\/Mandy-WhatsApp-Randm-768x817.jpg 768w, https:\/\/vapebulkp.com\/wp-content\/uploads\/2024\/04\/Mandy-WhatsApp-Randm-600x638.jpg 600w\" sizes=\"(max-width: 269px) 100vw, 269px\" \/><\/p>\n<p>Kontakt venligst Mandys WhatsApp for rabatpris<a href=\"https:\/\/wa.me\/8618077105796\">+8618077105796<\/a><\/p>\n<p><span style=\"color: #ff0000\">BEM\u00c6RK: Priserne p\u00e5 vores hjemmeside inkluderer ikke forsendelsesomkostninger<\/span><\/p>","protected":false},"featured_media":2126,"comment_status":"open","ping_status":"closed","template":"","meta":{"_uag_custom_page_level_css":"","_lmt_disableupdate":"no","_lmt_disable":"","site-sidebar-layout":"default","site-content-layout":"content-boxed-container","ast-site-content-layout":"normal-width-container","site-content-style":"boxed","site-sidebar-style":"unboxed","ast-global-header-display":"","ast-banner-title-visibility":"","ast-main-header-display":"","ast-hfb-above-header-display":"","ast-hfb-below-header-display":"","ast-hfb-mobile-header-display":"","site-post-title":"","ast-breadcrumbs-content":"","ast-featured-img":"","footer-sml-layout":"","theme-transparent-header-meta":"default","adv-header-id-meta":"","stick-header-meta":"","header-above-stick-meta":"","header-main-stick-meta":"","header-below-stick-meta":"","astra-migrate-meta-layouts":"set","_joinchat":[]},"product_cat":[165,153,155,33,59,100,34,158,157,154,152,58,84,156,63,32,365],"product_tag":[77,36,37,41,71,40],"class_list":["post-2147","product","type-product","status-publish","has-post-thumbnail","hentry","product_cat-15000-puffs-disposable-vape","product_cat-hot-disposable-vapes","product_cat-belgium-hot-disposable-vapes","product_cat-france-vape-hot-sale","product_cat-germany-hot-disposable-vape","product_cat-germany-wholesale-vape-shop","product_cat-netherlands-vape-good-sale","product_cat-norway-hot-disposable-vapes","product_cat-poland-hot-disposable-vapes","product_cat-portugal-hot-disposable-vapes","product_cat-spain-hot-disposable-vapes","product_cat-sweden-hot-disposable-vape","product_cat-sweden-wholesale-vape","product_cat-switzerland-hot-disposable-vapes","product_cat-top-sale-disposable-vape","product_cat-vape-hot-sale-this-week","product_cat-waspe-vape","product_tag-15000-puffs","product_tag-good-vape","product_tag-hot-sale-disposable-vape","product_tag-poland-hot-vape","product_tag-randm","product_tag-sweden-hot-vape","pa_brand-waspe-vape","desktop-align-left","tablet-align-left","mobile-align-left"],"yoast_head":"<!-- This site is optimized with the Yoast SEO plugin v21.1 - https:\/\/yoast.com\/wordpress\/plugins\/seo\/ -->\n<title>Wholesale Price Randm 15k WASPE 15000 Puffs Best Vape - vapebulkp.com<\/title>\n<meta name=\"description\" content=\"Buy Popular Vape WASPE 15000 Puffs Disposable vape is our recent best-selling product, with unique taste buds for you to choose .\" \/>\n<meta name=\"robots\" content=\"index, follow, max-snippet:-1, max-image-preview:large, max-video-preview:-1\" \/>\n<link rel=\"canonical\" href=\"https:\/\/vapebulkp.com\/da\/product\/wholesale-price-randm-15k-waspe-15000-puffs-best-vape\/\" \/>\n<meta property=\"og:locale\" content=\"da_DK\" \/>\n<meta property=\"og:type\" content=\"article\" \/>\n<meta property=\"og:title\" content=\"Wholesale Price Randm 15k WASPE 15000 Puffs Best Vape - vapebulkp.com\" \/>\n<meta property=\"og:description\" content=\"Buy Popular Vape WASPE 15000 Puffs Disposable vape is our recent best-selling product, with unique taste buds for you to choose .\" \/>\n<meta property=\"og:url\" content=\"https:\/\/vapebulkp.com\/da\/product\/wholesale-price-randm-15k-waspe-15000-puffs-best-vape\/\" \/>\n<meta property=\"og:site_name\" content=\"vapebulkp.com\" \/>\n<meta property=\"article:modified_time\" content=\"2025-09-24T03:49:03+00:00\" \/>\n<meta property=\"og:image\" content=\"http:\/\/vapebulkp.com\/wp-content\/uploads\/2024\/04\/WASPE-TORNADO-PUFF-15000-PUFF-BULK-PRICE.jpg\" \/>\n\t<meta property=\"og:image:width\" content=\"2000\" \/>\n\t<meta property=\"og:image:height\" content=\"937\" \/>\n\t<meta property=\"og:image:type\" content=\"image\/jpeg\" \/>\n<meta name=\"twitter:card\" content=\"summary_large_image\" \/>\n<meta name=\"twitter:label1\" content=\"Estimeret l\u00e6setid\" \/>\n\t<meta name=\"twitter:data1\" content=\"3 minutter\" \/>\n<script type=\"application\/ld+json\" class=\"yoast-schema-graph\">{\"@context\":\"https:\/\/schema.org\",\"@graph\":[{\"@type\":\"WebPage\",\"@id\":\"https:\/\/vapebulkp.com\/product\/wholesale-price-randm-15k-waspe-15000-puffs-best-vape\/\",\"url\":\"https:\/\/vapebulkp.com\/product\/wholesale-price-randm-15k-waspe-15000-puffs-best-vape\/\",\"name\":\"Wholesale Price Randm 15k WASPE 15000 Puffs Best Vape - vapebulkp.com\",\"isPartOf\":{\"@id\":\"https:\/\/vapebulkp.com\/#website\"},\"datePublished\":\"2024-04-03T03:07:44+00:00\",\"dateModified\":\"2025-09-24T03:49:03+00:00\",\"description\":\"Buy Popular Vape WASPE 15000 Puffs Disposable vape is our recent best-selling product, with unique taste buds for you to choose .\",\"breadcrumb\":{\"@id\":\"https:\/\/vapebulkp.com\/product\/wholesale-price-randm-15k-waspe-15000-puffs-best-vape\/#breadcrumb\"},\"inLanguage\":\"da-DK\",\"potentialAction\":[{\"@type\":\"ReadAction\",\"target\":[\"https:\/\/vapebulkp.com\/product\/wholesale-price-randm-15k-waspe-15000-puffs-best-vape\/\"]}]},{\"@type\":\"BreadcrumbList\",\"@id\":\"https:\/\/vapebulkp.com\/product\/wholesale-price-randm-15k-waspe-15000-puffs-best-vape\/#breadcrumb\",\"itemListElement\":[{\"@type\":\"ListItem\",\"position\":1,\"name\":\"Home\",\"item\":\"https:\/\/vapebulkp.com\/\"},{\"@type\":\"ListItem\",\"position\":2,\"name\":\"Hot Trend Vapes\",\"item\":\"https:\/\/vapebulkp.com\/vape-shop\/\"},{\"@type\":\"ListItem\",\"position\":3,\"name\":\"Wholesale Price Randm 15k WASPE 15000 Puffs Best Vape\"}]},{\"@type\":\"WebSite\",\"@id\":\"https:\/\/vapebulkp.com\/#website\",\"url\":\"https:\/\/vapebulkp.com\/\",\"name\":\"vapebulkp.com\",\"description\":\"Buy Vape In Cheap Bulk Price Near you\",\"publisher\":{\"@id\":\"https:\/\/vapebulkp.com\/#organization\"},\"potentialAction\":[{\"@type\":\"SearchAction\",\"target\":{\"@type\":\"EntryPoint\",\"urlTemplate\":\"https:\/\/vapebulkp.com\/?s={search_term_string}\"},\"query-input\":\"required name=search_term_string\"}],\"inLanguage\":\"da-DK\"},{\"@type\":\"Organization\",\"@id\":\"https:\/\/vapebulkp.com\/#organization\",\"name\":\"vapebulkp.com\",\"url\":\"https:\/\/vapebulkp.com\/\",\"logo\":{\"@type\":\"ImageObject\",\"inLanguage\":\"da-DK\",\"@id\":\"https:\/\/vapebulkp.com\/#\/schema\/logo\/image\/\",\"url\":\"https:\/\/vapebulkp.com\/wp-content\/uploads\/2023\/09\/cropped-vapebulkp.png\",\"contentUrl\":\"https:\/\/vapebulkp.com\/wp-content\/uploads\/2023\/09\/cropped-vapebulkp.png\",\"width\":516,\"height\":163,\"caption\":\"vapebulkp.com\"},\"image\":{\"@id\":\"https:\/\/vapebulkp.com\/#\/schema\/logo\/image\/\"}}]}<\/script>\n<!-- \/ Yoast SEO plugin. -->","yoast_head_json":{"title":"Wholesale Price Randm 15k WASPE 15000 Puffs Best Vape - vapebulkp.com","description":"Buy Popular Vape WASPE 15000 Puffs Disposable vape is our recent best-selling product, with unique taste buds for you to choose .","robots":{"index":"index","follow":"follow","max-snippet":"max-snippet:-1","max-image-preview":"max-image-preview:large","max-video-preview":"max-video-preview:-1"},"canonical":"https:\/\/vapebulkp.com\/da\/product\/wholesale-price-randm-15k-waspe-15000-puffs-best-vape\/","og_locale":"da_DK","og_type":"article","og_title":"Wholesale Price Randm 15k WASPE 15000 Puffs Best Vape - vapebulkp.com","og_description":"Buy Popular Vape WASPE 15000 Puffs Disposable vape is our recent best-selling product, with unique taste buds for you to choose .","og_url":"https:\/\/vapebulkp.com\/da\/product\/wholesale-price-randm-15k-waspe-15000-puffs-best-vape\/","og_site_name":"vapebulkp.com","article_modified_time":"2025-09-24T03:49:03+00:00","og_image":[{"width":2000,"height":937,"url":"http:\/\/vapebulkp.com\/wp-content\/uploads\/2024\/04\/WASPE-TORNADO-PUFF-15000-PUFF-BULK-PRICE.jpg","type":"image\/jpeg"}],"twitter_card":"summary_large_image","twitter_misc":{"Estimeret l\u00e6setid":"3 minutter"},"schema":{"@context":"https:\/\/schema.org","@graph":[{"@type":"WebPage","@id":"https:\/\/vapebulkp.com\/product\/wholesale-price-randm-15k-waspe-15000-puffs-best-vape\/","url":"https:\/\/vapebulkp.com\/product\/wholesale-price-randm-15k-waspe-15000-puffs-best-vape\/","name":"Wholesale Price Randm 15k WASPE 15000 Puffs Best Vape - vapebulkp.com","isPartOf":{"@id":"https:\/\/vapebulkp.com\/#website"},"datePublished":"2024-04-03T03:07:44+00:00","dateModified":"2025-09-24T03:49:03+00:00","description":"Buy Popular Vape WASPE 15000 Puffs Disposable vape is our recent best-selling product, with unique taste buds for you to choose .","breadcrumb":{"@id":"https:\/\/vapebulkp.com\/product\/wholesale-price-randm-15k-waspe-15000-puffs-best-vape\/#breadcrumb"},"inLanguage":"da-DK","potentialAction":[{"@type":"ReadAction","target":["https:\/\/vapebulkp.com\/product\/wholesale-price-randm-15k-waspe-15000-puffs-best-vape\/"]}]},{"@type":"BreadcrumbList","@id":"https:\/\/vapebulkp.com\/product\/wholesale-price-randm-15k-waspe-15000-puffs-best-vape\/#breadcrumb","itemListElement":[{"@type":"ListItem","position":1,"name":"Home","item":"https:\/\/vapebulkp.com\/"},{"@type":"ListItem","position":2,"name":"Hot Trend Vapes","item":"https:\/\/vapebulkp.com\/vape-shop\/"},{"@type":"ListItem","position":3,"name":"Wholesale Price Randm 15k WASPE 15000 Puffs Best Vape"}]},{"@type":"WebSite","@id":"https:\/\/vapebulkp.com\/#website","url":"https:\/\/vapebulkp.com\/","name":"vapebulkp.com","description":"Buy Vape In Cheap Bulk Price Near you","publisher":{"@id":"https:\/\/vapebulkp.com\/#organization"},"potentialAction":[{"@type":"SearchAction","target":{"@type":"EntryPoint","urlTemplate":"https:\/\/vapebulkp.com\/?s={search_term_string}"},"query-input":"required name=search_term_string"}],"inLanguage":"da-DK"},{"@type":"Organization","@id":"https:\/\/vapebulkp.com\/#organization","name":"vapebulkp.com","url":"https:\/\/vapebulkp.com\/","logo":{"@type":"ImageObject","inLanguage":"da-DK","@id":"https:\/\/vapebulkp.com\/#\/schema\/logo\/image\/","url":"https:\/\/vapebulkp.com\/wp-content\/uploads\/2023\/09\/cropped-vapebulkp.png","contentUrl":"https:\/\/vapebulkp.com\/wp-content\/uploads\/2023\/09\/cropped-vapebulkp.png","width":516,"height":163,"caption":"vapebulkp.com"},"image":{"@id":"https:\/\/vapebulkp.com\/#\/schema\/logo\/image\/"}}]}},"uagb_featured_image_src":{"full":["https:\/\/vapebulkp.com\/wp-content\/uploads\/2024\/04\/WASPE-TORNADO-PUFF-15000-PUFF-BULK-PRICE.jpg",2000,937,false],"thumbnail":["https:\/\/vapebulkp.com\/wp-content\/uploads\/2024\/04\/WASPE-TORNADO-PUFF-15000-PUFF-BULK-PRICE-150x150.jpg",150,150,true],"medium":["https:\/\/vapebulkp.com\/wp-content\/uploads\/2024\/04\/WASPE-TORNADO-PUFF-15000-PUFF-BULK-PRICE-300x141.jpg",300,141,true],"medium_large":["https:\/\/vapebulkp.com\/wp-content\/uploads\/2024\/04\/WASPE-TORNADO-PUFF-15000-PUFF-BULK-PRICE-768x360.jpg",768,360,true],"large":["https:\/\/vapebulkp.com\/wp-content\/uploads\/2024\/04\/WASPE-TORNADO-PUFF-15000-PUFF-BULK-PRICE-1024x480.jpg",1024,480,true],"1536x1536":["https:\/\/vapebulkp.com\/wp-content\/uploads\/2024\/04\/WASPE-TORNADO-PUFF-15000-PUFF-BULK-PRICE-1536x720.jpg",1536,720,true],"2048x2048":["https:\/\/vapebulkp.com\/wp-content\/uploads\/2024\/04\/WASPE-TORNADO-PUFF-15000-PUFF-BULK-PRICE.jpg",2000,937,false],"trp-custom-language-flag":["https:\/\/vapebulkp.com\/wp-content\/uploads\/2024\/04\/WASPE-TORNADO-PUFF-15000-PUFF-BULK-PRICE.jpg",18,8,false],"woocommerce_thumbnail":["https:\/\/vapebulkp.com\/wp-content\/uploads\/2024\/04\/WASPE-TORNADO-PUFF-15000-PUFF-BULK-PRICE-300x300.jpg",300,300,true],"woocommerce_single":["https:\/\/vapebulkp.com\/wp-content\/uploads\/2024\/04\/WASPE-TORNADO-PUFF-15000-PUFF-BULK-PRICE-600x281.jpg",600,281,true],"woocommerce_gallery_thumbnail":["https:\/\/vapebulkp.com\/wp-content\/uploads\/2024\/04\/WASPE-TORNADO-PUFF-15000-PUFF-BULK-PRICE-100x100.jpg",100,100,true],"wcpr-photo-reviews":["https:\/\/vapebulkp.com\/wp-content\/uploads\/2024\/04\/WASPE-TORNADO-PUFF-15000-PUFF-BULK-PRICE.jpg",500,234,false]},"uagb_author_info":{"display_name":"Mandy vape bulk price","author_link":"https:\/\/vapebulkp.com\/da\/author\/"},"uagb_comment_info":0,"uagb_excerpt":". Pls Contact Mandy's WhatsApp For Discount Price+8618077105796 NOTE: Prices on our website does not include shipping costs","_links":{"self":[{"href":"https:\/\/vapebulkp.com\/da\/wp-json\/wp\/v2\/product\/2147","targetHints":{"allow":["GET"]}}],"collection":[{"href":"https:\/\/vapebulkp.com\/da\/wp-json\/wp\/v2\/product"}],"about":[{"href":"https:\/\/vapebulkp.com\/da\/wp-json\/wp\/v2\/types\/product"}],"replies":[{"embeddable":true,"href":"https:\/\/vapebulkp.com\/da\/wp-json\/wp\/v2\/comments?post=2147"}],"wp:featuredmedia":[{"embeddable":true,"href":"https:\/\/vapebulkp.com\/da\/wp-json\/wp\/v2\/media\/2126"}],"wp:attachment":[{"href":"https:\/\/vapebulkp.com\/da\/wp-json\/wp\/v2\/media?parent=2147"}],"wp:term":[{"taxonomy":"product_cat","embeddable":true,"href":"https:\/\/vapebulkp.com\/da\/wp-json\/wp\/v2\/product_cat?post=2147"},{"taxonomy":"product_tag","embeddable":true,"href":"https:\/\/vapebulkp.com\/da\/wp-json\/wp\/v2\/product_tag?post=2147"}],"curies":[{"name":"wp","href":"https:\/\/api.w.org\/{rel}","templated":true}]}}