{"id":2164,"date":"2024-04-17T11:30:52","date_gmt":"2024-04-17T09:30:52","guid":{"rendered":"https:\/\/vapebulkp.com\/?post_type=product&#038;p=2164"},"modified":"2025-09-24T05:41:45","modified_gmt":"2025-09-24T03:41:45","slug":"top-sale-vape-vapme-crown-bar-18000-puffs-pro-max","status":"publish","type":"product","link":"https:\/\/vapebulkp.com\/da\/product\/top-sale-vape-vapme-crown-bar-18000-puffs-pro-max\/","title":{"rendered":"Top Salg Vape VAPME CROWN BAR 18000 Puffs PRO MAX"},"content":{"rendered":"<h2 style=\"text-align: left\">Top Salg Vape VAPME CROWN BAR 18000 Puffs PRO MAX<\/h2>\n<p data-start=\"129\" data-end=\"419\">Den <strong data-start=\"133\" data-end=\"172\">VAPME CROWN BAR 18000 Pust PRO MAX<\/strong> er en <strong data-start=\"178\" data-end=\"205\">premium engangs vape<\/strong> skabt til europ\u00e6iske vape-entusiaster, der kr\u00e6ver ydeevne, smag og bekvemmelighed. Denne enhed med h\u00f8j kapacitet leverer op til 18.000 sug, hvilket g\u00f8r den p\u00e5lidelig <strong data-start=\"369\" data-end=\"391\">vape med h\u00f8j kapacitet<\/strong> til lange vape-sessioner.<\/p>\n<p data-start=\"421\" data-end=\"730\">Drevet af et 850mAh genopladeligt batteri med en Type-C hurtigopladningsport, sikrer <strong data-start=\"501\" data-end=\"533\">genopladelig engangs vape<\/strong> kontinuerlig nydelse uden afbrydelser. Dens 25 ml forudfyldte e-v\u00e6ske patron og avancerede 0.6\u03a9 <strong data-start=\"643\" data-end=\"661\">mesh coil vape<\/strong> teknologi producerer t\u00e6tte dampskyer og rig, konsistent smag.<\/p>\n<p data-start=\"732\" data-end=\"1065\">Tilpas hvert sug med justerbar luftstr\u00f8m, mens 12 udvalgte smagsvarianter og nikotinsalt muligheder p\u00e5 2% eller 5% im\u00f8dekommer alle pr\u00e6ferencer, hvilket g\u00f8r den alsidig <strong data-start=\"889\" data-end=\"911\">nikotinsalt vape<\/strong>. Slank, ergonomisk og stilfuld, er <a href=\"https:\/\/vapebulkp.com\/da\/product-category\/18000-puffs-disposable-vape\/\"><strong data-start=\"948\" data-end=\"979\">18000 sug engangs-vape<\/strong><\/a> perfekt til daglig brug, sociale sammenh\u00e6nge eller engrosdistribution i hele Europa.<\/p>\n<p><img decoding=\"async\" class=\"alignnone size-full wp-image-2163\" src=\"http:\/\/vapebulkp.com\/wp-content\/uploads\/2024\/04\/VAPME-CROWN-BAR-18000-PRO-MAX.png\" alt=\"VAPME CROWN BAR 18000 PRO MAX\" width=\"730\" height=\"730\" srcset=\"https:\/\/vapebulkp.com\/wp-content\/uploads\/2024\/04\/VAPME-CROWN-BAR-18000-PRO-MAX.png 730w, https:\/\/vapebulkp.com\/wp-content\/uploads\/2024\/04\/VAPME-CROWN-BAR-18000-PRO-MAX-300x300.png 300w, https:\/\/vapebulkp.com\/wp-content\/uploads\/2024\/04\/VAPME-CROWN-BAR-18000-PRO-MAX-150x150.png 150w, https:\/\/vapebulkp.com\/wp-content\/uploads\/2024\/04\/VAPME-CROWN-BAR-18000-PRO-MAX-600x600.png 600w, https:\/\/vapebulkp.com\/wp-content\/uploads\/2024\/04\/VAPME-CROWN-BAR-18000-PRO-MAX-100x100.png 100w\" sizes=\"(max-width: 730px) 100vw, 730px\" \/><\/p>\n<h6>Kontakt venligst Mandys WhatsApp for rabatpris<a href=\"https:\/\/wa.me\/8618077105796\">+8618077105796<\/a><\/h6>\n<p><img decoding=\"async\" class=\"alignnone wp-image-2151\" src=\"http:\/\/vapebulkp.com\/wp-content\/uploads\/2024\/04\/Mandy-WhatsApp-Randm.jpg\" alt=\"Mandy WhatsApp Randm\" width=\"324\" height=\"330\" \/><\/p>\n<h2>T\u00e6nkte du m\u00e5ske ville vide om Best Sale Vape Vapme Crown Bar 18000Puffs Pro Max:<\/h2>\n<h5>1.Hvordan bruger man Vapme 18k Puffs Vape Kit?<\/h5>\n<p>Trin 1. F\u00f8r du bruger 18k pust, skal du fjerne plastr\u00f8ret.<\/p>\n<p>Trin 2. Vent ca. 3 minutter for at lade v\u00e6sken komme ind i spolen indeni.<\/p>\n<p>Trin 3. Nyd den<\/p>\n<h5>2.HVORDAN OPLADES ENGANGS VAPE Vapme Crown Bar 18k Pro MAX ENHEDEN?<\/h5>\n<p>Opladere til hurtigopladning kan ikke anvendes. Den sikre standardstr\u00f8m til engangs-e-cigaretter er 5V 1A.<\/p>\n<p>Hver opladning m\u00e5 ikke overskride 1 time, og den sikre opladningstid er en halv time.<\/p>\n<p><span style=\"color: #ff6600\">Bem\u00e6rk: kan ikke oplade hele natten!<\/span><\/p>\n<h5>3.Hvad er e-v\u00e6ske kapaciteten p\u00e5 Vapme Crown Bar 18000 Puffs Pro Max WAPE?<\/h5>\n<p>\u2014\u201420ml<\/p>\n<h5>4.Hvor mange sug kan jeg tage af denne Vapme Crown Bar 18000 Puffs Pro Max?<\/h5>\n<p>\u201318k sug<\/p>\n<h3>Vapme Crown Bar 18000 Puff Pro Max Engangs Vape Pod Funktioner:<\/h3>\n<ul>\n<li>Puffs: Op til 18000 sug<\/li>\n<li>\u00a0V\u00e6ske: 25 ml forudfyldt e-v\u00e6ske patron<\/li>\n<li>Nikotin: 2\/5% Nikotinsalt<\/li>\n<li>\u00a0Typer: Engangs<\/li>\n<li>\u00a0850mAh batteri<\/li>\n<li>\u00a00.6 Mesh Coil, JUSTERBAR LUFTSTR\u00d8M<\/li>\n<li>\u00a0Type-c genopladelig<\/li>\n<li>\u00a012 smagsvarianter tilg\u00e6ngelige<\/li>\n<\/ul>\n<p>&nbsp;<\/p>\n<h3><strong>\u00a0Vapme Crown Bar 18k Puffs Pro Max Vape Enhed Smagsliste:<\/strong><\/h3>\n<ol>\n<li>Lush Ice<\/li>\n<li>B\u00e6r Ice<\/li>\n<li>Bl\u00e5b\u00e6r Gum<\/li>\n<li>Kirseb\u00e6r Fiesta<\/li>\n<li>Drue Punch<\/li>\n<li>Jordb\u00e6r Vandmelon<\/li>\n<li>Mango Frys<\/li>\n<li>Jordb\u00e6r Punch<\/li>\n<li>S\u00f8d Passionsfrugt<\/li>\n<li>Bl\u00e5b\u00e6r Hindb\u00e6r<\/li>\n<li>To \u00c6ble<\/li>\n<li>Love 66<\/li>\n<\/ol>\n<p><a href=\"https:\/\/vapebulkp.com\/da\/product\/popular-randm-tornado-7000puffs-disposable-vape-best-price\/\"><span style=\"vertical-align: inherit\">RandM Tornado 7000 pust <\/span><\/a><\/p>\n<p><span style=\"vertical-align: inherit\">Find flere produkter du m\u00e5ske kan lide:<\/span><em><a href=\"https:\/\/wa.me\/8618077105796\"><span style=\"vertical-align: inherit\">\u00a0K\u00f8b den nu<\/span><\/a><\/em><\/p>\n<p><span style=\"vertical-align: inherit\">Andre Puffs du m\u00e5ske kan lide:<\/span><a href=\"https:\/\/vapebulkp.com\/da\/product\/joymy-ultra15000puffs-best-disposable-vape-2023\/\"><span style=\"vertical-align: inherit\">JOYMY 15000 pust<\/span><\/a><span style=\"vertical-align: inherit\">\u3001<\/span><a href=\"https:\/\/vapebulkp.com\/da\/product\/wholesale-randm-tornado-9000-puffs-germany\/\"><span style=\"vertical-align: inherit\">RandM 9000 sug<\/span><\/a><span style=\"vertical-align: inherit\">\/ <\/span><a href=\"https:\/\/vapebulkp.com\/da\/product\/bang-king-12000puffs\/\"><span style=\"vertical-align: inherit\">Bang King 12000 pust<\/span><\/a><span style=\"vertical-align: inherit\">\/ <\/span><a href=\"https:\/\/vapebulkp.com\/da\/product\/wholesale-tornado-rum-bar-9000-puffs-sweden\/\"><span style=\"vertical-align: inherit\">Rumbar 9000 pust<\/span><\/a><\/p>\n<p><span style=\"vertical-align: inherit\">E-cigaret flaske med special form:<\/span><a href=\"https:\/\/vapebulkp.com\/da\/product\/original-vape-bang-tn-12000-puffs-bang-vape\/\"><span style=\"vertical-align: inherit\"> Bang TN 12000 pust<\/span><\/a><span style=\"vertical-align: inherit\">\/ <\/span><a href=\"https:\/\/vapebulkp.com\/da\/product\/popular-bang-king-10000-puffs-vape-good-price\/\"><span style=\"vertical-align: inherit\">\u00a0Bang King 10000 pust <\/span><\/a><span style=\"vertical-align: inherit\">\/<\/span><a href=\"https:\/\/vapebulkp.com\/da\/product\/bang-tornado-12000-puffs-rechargeable-disposable-pod\/\"><span style=\"vertical-align: inherit\"> Bang Tornado 12000 pust<\/span><\/a><\/p>\n<h5>Produktionskvalifikation:<\/h5>\n<p><img decoding=\"async\" class=\"alignnone size-full wp-image-1841\" src=\"http:\/\/vapebulkp.com\/wp-content\/uploads\/2023\/11\/Vape-production-process-2.jpeg\" alt=\"Vape produktionsproces\" width=\"650\" height=\"434\" srcset=\"https:\/\/vapebulkp.com\/wp-content\/uploads\/2023\/11\/Vape-production-process-2.jpeg 650w, https:\/\/vapebulkp.com\/wp-content\/uploads\/2023\/11\/Vape-production-process-2-300x200.jpeg 300w, https:\/\/vapebulkp.com\/wp-content\/uploads\/2023\/11\/Vape-production-process-2-600x401.jpeg 600w\" sizes=\"(max-width: 650px) 100vw, 650px\" \/><\/p>\n<p><img decoding=\"async\" class=\"alignnone size-full wp-image-1843\" src=\"http:\/\/vapebulkp.com\/wp-content\/uploads\/2023\/11\/Vape-production-process.jpeg\" alt=\"Vape produktionsproces\" width=\"641\" height=\"1026\" srcset=\"https:\/\/vapebulkp.com\/wp-content\/uploads\/2023\/11\/Vape-production-process.jpeg 641w, https:\/\/vapebulkp.com\/wp-content\/uploads\/2023\/11\/Vape-production-process-187x300.jpeg 187w, https:\/\/vapebulkp.com\/wp-content\/uploads\/2023\/11\/Vape-production-process-640x1024.jpeg 640w, https:\/\/vapebulkp.com\/wp-content\/uploads\/2023\/11\/Vape-production-process-600x960.jpeg 600w\" sizes=\"(max-width: 641px) 100vw, 641px\" \/><\/p>\n<h5>Ofte stillede sp\u00f8rgsm\u00e5l:<\/h5>\n<p>Sp\u00f8rgsm\u00e5l: Hvad er MOQ for Vapme Crown Bar 18000 Puffs Pro Max?<br \/>\nA: Minimumsbestilling er 100 stk.<br \/>\nQ: Hvad er leveringstiden for den bestilte vape?<br \/>\nA: Normalt 10-15 dage efter afsendelse<br \/>\nQ: Hvor meget er forsendelsesomkostningerne? A: Forsendelsesomkostningerne afh\u00e6nger af v\u00e6gten. Forskellige m\u00e6ngder har forskellige forsendelsesomkostninger, kontakt os venligst for at bekr\u00e6fte forsendelsesomkostningerne.<\/p>\n<h4>Forsendelsesdetaljer:<\/h4>\n<p><span style=\"color: #ff6600\">Produktionstid: 5-10 arbejdsdage<\/span><br \/>\n<span style=\"color: #ff6600\">Leveringstid: 8-14 arbejdsdage<\/span><\/p>\n<p>Alle produkter i vores butik er 100% originale og autentiske, s\u00e5 ti gange kompensation for falske varer er vores butikspolitik. Vi bruger logistikkanaler som UPS\/DHL\/FEDEX\/DPD til at levere varer til dig.<\/p>\n<p>For pakker sendt til Danmark tager det normalt 10 arbejdsdage at ankomme. Forsendelse til europ\u00e6iske lande tager normalt 12 til 15 arbejdsdage at ankomme. Vi vil opdatere logistikinformationen for dig i realtid.<\/p>","protected":false},"excerpt":{"rendered":"<p>Top Sale Vape Vapme Crown Bar 18000 puffs Pro Max denne uge!<\/p>\n<p>Kontakt venligst Mandys WhatsApp for rabatpris<a href=\"https:\/\/wa.me\/8618077105796\">+8618077105796<\/a><\/p>\n<p><img decoding=\"async\" class=\"alignnone wp-image-2151\" src=\"http:\/\/vapebulkp.com\/wp-content\/uploads\/2024\/04\/Mandy-WhatsApp-Randm.jpg\" alt=\"Mandy WhatsApp Randm\" width=\"297\" height=\"316\" srcset=\"https:\/\/vapebulkp.com\/wp-content\/uploads\/2024\/04\/Mandy-WhatsApp-Randm.jpg 916w, https:\/\/vapebulkp.com\/wp-content\/uploads\/2024\/04\/Mandy-WhatsApp-Randm-282x300.jpg 282w, https:\/\/vapebulkp.com\/wp-content\/uploads\/2024\/04\/Mandy-WhatsApp-Randm-768x817.jpg 768w, https:\/\/vapebulkp.com\/wp-content\/uploads\/2024\/04\/Mandy-WhatsApp-Randm-600x638.jpg 600w\" sizes=\"(max-width: 297px) 100vw, 297px\" \/><\/p>\n<p><span style=\"color: #ff0000\">BEM\u00c6RK: Priserne p\u00e5 vores hjemmeside inkluderer ikke forsendelsesomkostninger<\/span><\/p>\n<p>&nbsp;<\/p>","protected":false},"featured_media":2162,"comment_status":"open","ping_status":"closed","template":"","meta":{"_uag_custom_page_level_css":"","_lmt_disableupdate":"no","_lmt_disable":"","site-sidebar-layout":"default","site-content-layout":"content-boxed-container","ast-site-content-layout":"normal-width-container","site-content-style":"boxed","site-sidebar-style":"unboxed","ast-global-header-display":"","ast-banner-title-visibility":"","ast-main-header-display":"","ast-hfb-above-header-display":"","ast-hfb-below-header-display":"","ast-hfb-mobile-header-display":"","site-post-title":"","ast-breadcrumbs-content":"","ast-featured-img":"","footer-sml-layout":"","theme-transparent-header-meta":"default","adv-header-id-meta":"","stick-header-meta":"","header-above-stick-meta":"","header-main-stick-meta":"","header-below-stick-meta":"","astra-migrate-meta-layouts":"set","_joinchat":[]},"product_cat":[163,153,155,33,59,100,34,158,157,154,152,58,84,156,63,32,368],"product_tag":[111,36,37,41,40],"class_list":["post-2164","product","type-product","status-publish","has-post-thumbnail","hentry","product_cat-18000-puffs-disposable-vape","product_cat-hot-disposable-vapes","product_cat-belgium-hot-disposable-vapes","product_cat-france-vape-hot-sale","product_cat-germany-hot-disposable-vape","product_cat-germany-wholesale-vape-shop","product_cat-netherlands-vape-good-sale","product_cat-norway-hot-disposable-vapes","product_cat-poland-hot-disposable-vapes","product_cat-portugal-hot-disposable-vapes","product_cat-spain-hot-disposable-vapes","product_cat-sweden-hot-disposable-vape","product_cat-sweden-wholesale-vape","product_cat-switzerland-hot-disposable-vapes","product_cat-top-sale-disposable-vape","product_cat-vape-hot-sale-this-week","product_cat-vapme-vape","product_tag-18000puffs","product_tag-good-vape","product_tag-hot-sale-disposable-vape","product_tag-poland-hot-vape","product_tag-sweden-hot-vape","pa_brand-vapme-vape","desktop-align-left","tablet-align-left","mobile-align-left"],"yoast_head":"<!-- This site is optimized with the Yoast SEO plugin v21.1 - https:\/\/yoast.com\/wordpress\/plugins\/seo\/ -->\n<title>Top Sale Vape VAPME CROWN BAR 18000 Puffs PRO MAX - vapebulkp.com<\/title>\n<meta name=\"description\" content=\"Hot Sale Vapme Crown Bar 18000 puffs disposable vape, unique model, 12 flavors for you to choose from, you won\u2019t be able to put it down.\" \/>\n<meta name=\"robots\" content=\"index, follow, max-snippet:-1, max-image-preview:large, max-video-preview:-1\" \/>\n<link rel=\"canonical\" href=\"https:\/\/vapebulkp.com\/da\/product\/top-sale-vape-vapme-crown-bar-18000-puffs-pro-max\/\" \/>\n<meta property=\"og:locale\" content=\"da_DK\" \/>\n<meta property=\"og:type\" content=\"article\" \/>\n<meta property=\"og:title\" content=\"Top Sale Vape VAPME CROWN BAR 18000 Puffs PRO MAX - vapebulkp.com\" \/>\n<meta property=\"og:description\" content=\"Hot Sale Vapme Crown Bar 18000 puffs disposable vape, unique model, 12 flavors for you to choose from, you won\u2019t be able to put it down.\" \/>\n<meta property=\"og:url\" content=\"https:\/\/vapebulkp.com\/da\/product\/top-sale-vape-vapme-crown-bar-18000-puffs-pro-max\/\" \/>\n<meta property=\"og:site_name\" content=\"vapebulkp.com\" \/>\n<meta property=\"article:modified_time\" content=\"2025-09-24T03:41:45+00:00\" \/>\n<meta property=\"og:image\" content=\"http:\/\/vapebulkp.com\/wp-content\/uploads\/2024\/04\/VAPME-CROWN-BAR-18000-PRO-MAX-Top-Sale.png\" \/>\n\t<meta property=\"og:image:width\" content=\"730\" \/>\n\t<meta property=\"og:image:height\" content=\"730\" \/>\n\t<meta property=\"og:image:type\" content=\"image\/png\" \/>\n<meta name=\"twitter:card\" content=\"summary_large_image\" \/>\n<meta name=\"twitter:label1\" content=\"Estimeret l\u00e6setid\" \/>\n\t<meta name=\"twitter:data1\" content=\"4 minutter\" \/>\n<script type=\"application\/ld+json\" class=\"yoast-schema-graph\">{\"@context\":\"https:\/\/schema.org\",\"@graph\":[{\"@type\":\"WebPage\",\"@id\":\"https:\/\/vapebulkp.com\/product\/top-sale-vape-vapme-crown-bar-18000-puffs-pro-max\/\",\"url\":\"https:\/\/vapebulkp.com\/product\/top-sale-vape-vapme-crown-bar-18000-puffs-pro-max\/\",\"name\":\"Top Sale Vape VAPME CROWN BAR 18000 Puffs PRO MAX - vapebulkp.com\",\"isPartOf\":{\"@id\":\"https:\/\/vapebulkp.com\/#website\"},\"datePublished\":\"2024-04-17T09:30:52+00:00\",\"dateModified\":\"2025-09-24T03:41:45+00:00\",\"description\":\"Hot Sale Vapme Crown Bar 18000 puffs disposable vape, unique model, 12 flavors for you to choose from, you won\u2019t be able to put it down.\",\"breadcrumb\":{\"@id\":\"https:\/\/vapebulkp.com\/product\/top-sale-vape-vapme-crown-bar-18000-puffs-pro-max\/#breadcrumb\"},\"inLanguage\":\"da-DK\",\"potentialAction\":[{\"@type\":\"ReadAction\",\"target\":[\"https:\/\/vapebulkp.com\/product\/top-sale-vape-vapme-crown-bar-18000-puffs-pro-max\/\"]}]},{\"@type\":\"BreadcrumbList\",\"@id\":\"https:\/\/vapebulkp.com\/product\/top-sale-vape-vapme-crown-bar-18000-puffs-pro-max\/#breadcrumb\",\"itemListElement\":[{\"@type\":\"ListItem\",\"position\":1,\"name\":\"Home\",\"item\":\"https:\/\/vapebulkp.com\/\"},{\"@type\":\"ListItem\",\"position\":2,\"name\":\"Hot Trend Vapes\",\"item\":\"https:\/\/vapebulkp.com\/vape-shop\/\"},{\"@type\":\"ListItem\",\"position\":3,\"name\":\"Top Sale Vape VAPME CROWN BAR 18000 Puffs PRO MAX\"}]},{\"@type\":\"WebSite\",\"@id\":\"https:\/\/vapebulkp.com\/#website\",\"url\":\"https:\/\/vapebulkp.com\/\",\"name\":\"vapebulkp.com\",\"description\":\"Buy Vape In Cheap Bulk Price Near you\",\"publisher\":{\"@id\":\"https:\/\/vapebulkp.com\/#organization\"},\"potentialAction\":[{\"@type\":\"SearchAction\",\"target\":{\"@type\":\"EntryPoint\",\"urlTemplate\":\"https:\/\/vapebulkp.com\/?s={search_term_string}\"},\"query-input\":\"required name=search_term_string\"}],\"inLanguage\":\"da-DK\"},{\"@type\":\"Organization\",\"@id\":\"https:\/\/vapebulkp.com\/#organization\",\"name\":\"vapebulkp.com\",\"url\":\"https:\/\/vapebulkp.com\/\",\"logo\":{\"@type\":\"ImageObject\",\"inLanguage\":\"da-DK\",\"@id\":\"https:\/\/vapebulkp.com\/#\/schema\/logo\/image\/\",\"url\":\"https:\/\/vapebulkp.com\/wp-content\/uploads\/2023\/09\/cropped-vapebulkp.png\",\"contentUrl\":\"https:\/\/vapebulkp.com\/wp-content\/uploads\/2023\/09\/cropped-vapebulkp.png\",\"width\":516,\"height\":163,\"caption\":\"vapebulkp.com\"},\"image\":{\"@id\":\"https:\/\/vapebulkp.com\/#\/schema\/logo\/image\/\"}}]}<\/script>\n<!-- \/ Yoast SEO plugin. -->","yoast_head_json":{"title":"Top Sale Vape VAPME CROWN BAR 18000 Puffs PRO MAX - vapebulkp.com","description":"Hot Sale Vapme Crown Bar 18000 puffs disposable vape, unique model, 12 flavors for you to choose from, you won\u2019t be able to put it down.","robots":{"index":"index","follow":"follow","max-snippet":"max-snippet:-1","max-image-preview":"max-image-preview:large","max-video-preview":"max-video-preview:-1"},"canonical":"https:\/\/vapebulkp.com\/da\/product\/top-sale-vape-vapme-crown-bar-18000-puffs-pro-max\/","og_locale":"da_DK","og_type":"article","og_title":"Top Sale Vape VAPME CROWN BAR 18000 Puffs PRO MAX - vapebulkp.com","og_description":"Hot Sale Vapme Crown Bar 18000 puffs disposable vape, unique model, 12 flavors for you to choose from, you won\u2019t be able to put it down.","og_url":"https:\/\/vapebulkp.com\/da\/product\/top-sale-vape-vapme-crown-bar-18000-puffs-pro-max\/","og_site_name":"vapebulkp.com","article_modified_time":"2025-09-24T03:41:45+00:00","og_image":[{"width":730,"height":730,"url":"http:\/\/vapebulkp.com\/wp-content\/uploads\/2024\/04\/VAPME-CROWN-BAR-18000-PRO-MAX-Top-Sale.png","type":"image\/png"}],"twitter_card":"summary_large_image","twitter_misc":{"Estimeret l\u00e6setid":"4 minutter"},"schema":{"@context":"https:\/\/schema.org","@graph":[{"@type":"WebPage","@id":"https:\/\/vapebulkp.com\/product\/top-sale-vape-vapme-crown-bar-18000-puffs-pro-max\/","url":"https:\/\/vapebulkp.com\/product\/top-sale-vape-vapme-crown-bar-18000-puffs-pro-max\/","name":"Top Sale Vape VAPME CROWN BAR 18000 Puffs PRO MAX - vapebulkp.com","isPartOf":{"@id":"https:\/\/vapebulkp.com\/#website"},"datePublished":"2024-04-17T09:30:52+00:00","dateModified":"2025-09-24T03:41:45+00:00","description":"Hot Sale Vapme Crown Bar 18000 puffs disposable vape, unique model, 12 flavors for you to choose from, you won\u2019t be able to put it down.","breadcrumb":{"@id":"https:\/\/vapebulkp.com\/product\/top-sale-vape-vapme-crown-bar-18000-puffs-pro-max\/#breadcrumb"},"inLanguage":"da-DK","potentialAction":[{"@type":"ReadAction","target":["https:\/\/vapebulkp.com\/product\/top-sale-vape-vapme-crown-bar-18000-puffs-pro-max\/"]}]},{"@type":"BreadcrumbList","@id":"https:\/\/vapebulkp.com\/product\/top-sale-vape-vapme-crown-bar-18000-puffs-pro-max\/#breadcrumb","itemListElement":[{"@type":"ListItem","position":1,"name":"Home","item":"https:\/\/vapebulkp.com\/"},{"@type":"ListItem","position":2,"name":"Hot Trend Vapes","item":"https:\/\/vapebulkp.com\/vape-shop\/"},{"@type":"ListItem","position":3,"name":"Top Sale Vape VAPME CROWN BAR 18000 Puffs PRO MAX"}]},{"@type":"WebSite","@id":"https:\/\/vapebulkp.com\/#website","url":"https:\/\/vapebulkp.com\/","name":"vapebulkp.com","description":"Buy Vape In Cheap Bulk Price Near you","publisher":{"@id":"https:\/\/vapebulkp.com\/#organization"},"potentialAction":[{"@type":"SearchAction","target":{"@type":"EntryPoint","urlTemplate":"https:\/\/vapebulkp.com\/?s={search_term_string}"},"query-input":"required name=search_term_string"}],"inLanguage":"da-DK"},{"@type":"Organization","@id":"https:\/\/vapebulkp.com\/#organization","name":"vapebulkp.com","url":"https:\/\/vapebulkp.com\/","logo":{"@type":"ImageObject","inLanguage":"da-DK","@id":"https:\/\/vapebulkp.com\/#\/schema\/logo\/image\/","url":"https:\/\/vapebulkp.com\/wp-content\/uploads\/2023\/09\/cropped-vapebulkp.png","contentUrl":"https:\/\/vapebulkp.com\/wp-content\/uploads\/2023\/09\/cropped-vapebulkp.png","width":516,"height":163,"caption":"vapebulkp.com"},"image":{"@id":"https:\/\/vapebulkp.com\/#\/schema\/logo\/image\/"}}]}},"uagb_featured_image_src":{"full":["https:\/\/vapebulkp.com\/wp-content\/uploads\/2024\/04\/VAPME-CROWN-BAR-18000-PRO-MAX-Top-Sale.png",730,730,false],"thumbnail":["https:\/\/vapebulkp.com\/wp-content\/uploads\/2024\/04\/VAPME-CROWN-BAR-18000-PRO-MAX-Top-Sale-150x150.png",150,150,true],"medium":["https:\/\/vapebulkp.com\/wp-content\/uploads\/2024\/04\/VAPME-CROWN-BAR-18000-PRO-MAX-Top-Sale-300x300.png",300,300,true],"medium_large":["https:\/\/vapebulkp.com\/wp-content\/uploads\/2024\/04\/VAPME-CROWN-BAR-18000-PRO-MAX-Top-Sale.png",730,730,false],"large":["https:\/\/vapebulkp.com\/wp-content\/uploads\/2024\/04\/VAPME-CROWN-BAR-18000-PRO-MAX-Top-Sale.png",730,730,false],"1536x1536":["https:\/\/vapebulkp.com\/wp-content\/uploads\/2024\/04\/VAPME-CROWN-BAR-18000-PRO-MAX-Top-Sale.png",730,730,false],"2048x2048":["https:\/\/vapebulkp.com\/wp-content\/uploads\/2024\/04\/VAPME-CROWN-BAR-18000-PRO-MAX-Top-Sale.png",730,730,false],"trp-custom-language-flag":["https:\/\/vapebulkp.com\/wp-content\/uploads\/2024\/04\/VAPME-CROWN-BAR-18000-PRO-MAX-Top-Sale.png",12,12,false],"woocommerce_thumbnail":["https:\/\/vapebulkp.com\/wp-content\/uploads\/2024\/04\/VAPME-CROWN-BAR-18000-PRO-MAX-Top-Sale-300x300.png",300,300,true],"woocommerce_single":["https:\/\/vapebulkp.com\/wp-content\/uploads\/2024\/04\/VAPME-CROWN-BAR-18000-PRO-MAX-Top-Sale-600x600.png",600,600,true],"woocommerce_gallery_thumbnail":["https:\/\/vapebulkp.com\/wp-content\/uploads\/2024\/04\/VAPME-CROWN-BAR-18000-PRO-MAX-Top-Sale-100x100.png",100,100,true],"wcpr-photo-reviews":["https:\/\/vapebulkp.com\/wp-content\/uploads\/2024\/04\/VAPME-CROWN-BAR-18000-PRO-MAX-Top-Sale.png",500,500,false]},"uagb_author_info":{"display_name":"Mandy vape bulk price","author_link":"https:\/\/vapebulkp.com\/da\/author\/"},"uagb_comment_info":0,"uagb_excerpt":"Top Sale Vape Vapme Crown Bar 18000 puffs Pro Max this week\uff01 Pls Contact Mandy's WhatsApp For Discount Price+8618077105796 NOTE: Prices on our website does not include shipping costs &nbsp;","_links":{"self":[{"href":"https:\/\/vapebulkp.com\/da\/wp-json\/wp\/v2\/product\/2164","targetHints":{"allow":["GET"]}}],"collection":[{"href":"https:\/\/vapebulkp.com\/da\/wp-json\/wp\/v2\/product"}],"about":[{"href":"https:\/\/vapebulkp.com\/da\/wp-json\/wp\/v2\/types\/product"}],"replies":[{"embeddable":true,"href":"https:\/\/vapebulkp.com\/da\/wp-json\/wp\/v2\/comments?post=2164"}],"wp:featuredmedia":[{"embeddable":true,"href":"https:\/\/vapebulkp.com\/da\/wp-json\/wp\/v2\/media\/2162"}],"wp:attachment":[{"href":"https:\/\/vapebulkp.com\/da\/wp-json\/wp\/v2\/media?parent=2164"}],"wp:term":[{"taxonomy":"product_cat","embeddable":true,"href":"https:\/\/vapebulkp.com\/da\/wp-json\/wp\/v2\/product_cat?post=2164"},{"taxonomy":"product_tag","embeddable":true,"href":"https:\/\/vapebulkp.com\/da\/wp-json\/wp\/v2\/product_tag?post=2164"}],"curies":[{"name":"wp","href":"https:\/\/api.w.org\/{rel}","templated":true}]}}