{"id":2198,"date":"2024-04-18T05:41:21","date_gmt":"2024-04-18T03:41:21","guid":{"rendered":"https:\/\/vapebulkp.com\/?post_type=product&#038;p=2198"},"modified":"2025-09-01T11:15:25","modified_gmt":"2025-09-01T09:15:25","slug":"wholesale-price-utco-7000-puffs-best-tornado-vape","status":"publish","type":"product","link":"https:\/\/vapebulkp.com\/da\/product\/wholesale-price-utco-7000-puffs-best-tornado-vape\/","title":{"rendered":"Engrospris UTCO 7000 Puffs Bedste Tornado Vape"},"content":{"rendered":"<h2>Engrospris UTCO 7000 Puffs Bedste Tornado Vape<\/h2>\n<p>Den <b>UTCO Tornado 7000 Puffs<\/b>\u00a0st\u00e5r som et benchmark p\u00e5 markedet for engangs vapes, udviklet til den kr\u00e6sne vaper, der v\u00e6rds\u00e6tter ultimativ kontrol og en forl\u00e6nget levetid. Denne avancerede <b>7000 Puffs Engangs Vape<\/b> er en sofistikeret l\u00f8sning, der kombinerer et robust design med uovertruffen bekvemmelighed. Den leveres fyldt med gener\u00f8s <b>14 ml premium nic salt e-juice<\/b> og et imponerende udvalg af over 60 omhyggeligt udformede smagsvarianter, der tilbyder en kurateret portef\u00f8lje for enhver smag.<\/p>\n<p>Kernen i designet er et <b>genopladeligt batteri<\/b> og en bundmonteret <b>Type-C-port<\/b>, der sikrer, at du kan tr\u00e6kke fra den fulde <b>14 ml kapacitet<\/b> uden afbrydelse. Enhedens pr\u00e6cise luftstr\u00f8mskontrol muligg\u00f8r et skr\u00e6ddersyet tr\u00e6k, hvilket giver dig mulighed for at finjustere din dampoplevelse fra et stramt, diskret pust til en rig, t\u00e6t sky.<\/p>\n<p>Mere end en simpel <b>engangs e-cigaret<\/b>, UTCO 7000 er et engagement i en f\u00f8rsteklasses, problemfri vaping-rejse. Dens h\u00f8jkapacitetskonstruktion og intuitive kontroller positionerer den som det definitive valg for vapers, der kr\u00e6ver b\u00e5de ydeevne og p\u00e5lidelighed i en enkelt, str\u00f8mlinet enhed.<\/p>\n<h3>UTCO 7k Puffs Produktbilleder:<\/h3>\n<p><img decoding=\"async\" class=\"alignnone wp-image-2185\" src=\"http:\/\/vapebulkp.com\/wp-content\/uploads\/2024\/04\/UTCO-7000PUFFS-Best-Sale-Poland-scaled.jpg\" alt=\"UTCO 7000PUFFS Bedste Salg Danmark\" width=\"550\" height=\"482\" \/><\/p>\n<p>&nbsp;<\/p>\n<h6>Kontakt venligst Mandys WhatsApp for rabatpris<a href=\"https:\/\/wa.me\/8618077105796\">+8618077105796<\/a><\/h6>\n<p><img decoding=\"async\" class=\"alignnone wp-image-2151\" src=\"http:\/\/vapebulkp.com\/wp-content\/uploads\/2024\/04\/Mandy-WhatsApp-Randm.jpg\" alt=\"Mandy WhatsApp Randm\" width=\"301\" height=\"292\" \/><\/p>\n<h2><span style=\"vertical-align: inherit\">T\u00e6nkte du m\u00e5ske kunne lide at vide om UTCO 7000 Puffs Engangs Vape pen:<\/span><\/h2>\n<p>&nbsp;<\/p>\n<h6>1. Hvad er e-v\u00e6skekapaciteten for UTCO 7k puffs God Vape?<\/h6>\n<p>Denne enhed har 18 ml e-v\u00e6ske.<\/p>\n<h6>2. Hvor l\u00e6nge holder denne gode vape, UTCO tornado 7000?<\/h6>\n<p>(1) 500 sug\/dag, kan holde 14 dage<br \/>\n(2) 1000 sug\/dag, kan holde 7 dage<br \/>\n(3) 2000 sug\/dag, kan holde 3,5 dage<\/p>\n<h6>3. Hvordan oplader man den gode engangs-vape UTCO Vape 7k puffs enhed?<\/h6>\n<p>Hurtigopladere kan ikke bruges, og standard sikker str\u00f8m for engangs e-cigaretter er 5V 1A. Hver opladningstid m\u00e5 ikke overstige 1 time, og den sikre opladningstid er en halv time.<\/p>\n<p><span style=\"color: #ff6600\">Bem\u00e6rk: kan ikke oplade hele natten!<\/span><\/p>\n<h6>4. Hvordan bruger man UTCO tornado 7000 Puffs god Vape?<\/h6>\n<p>&nbsp;<\/p>\n<p><img decoding=\"async\" class=\"wp-image-2200 alignleft\" src=\"http:\/\/vapebulkp.com\/wp-content\/uploads\/2024\/04\/Good-Sale-UTCO-7k-puffs-vape.png\" alt=\"Godt Salg UTCO 7k puffs vape\" width=\"546\" height=\"1128\" srcset=\"https:\/\/vapebulkp.com\/wp-content\/uploads\/2024\/04\/Good-Sale-UTCO-7k-puffs-vape.png 1024w, https:\/\/vapebulkp.com\/wp-content\/uploads\/2024\/04\/Good-Sale-UTCO-7k-puffs-vape-145x300.png 145w, https:\/\/vapebulkp.com\/wp-content\/uploads\/2024\/04\/Good-Sale-UTCO-7k-puffs-vape-496x1024.png 496w, https:\/\/vapebulkp.com\/wp-content\/uploads\/2024\/04\/Good-Sale-UTCO-7k-puffs-vape-768x1586.png 768w, https:\/\/vapebulkp.com\/wp-content\/uploads\/2024\/04\/Good-Sale-UTCO-7k-puffs-vape-744x1536.png 744w, https:\/\/vapebulkp.com\/wp-content\/uploads\/2024\/04\/Good-Sale-UTCO-7k-puffs-vape-992x2048.png 992w, https:\/\/vapebulkp.com\/wp-content\/uploads\/2024\/04\/Good-Sale-UTCO-7k-puffs-vape-600x1239.png 600w\" sizes=\"(max-width: 546px) 100vw, 546px\" \/><\/p>\n<p>&nbsp;<\/p>\n<p>&nbsp;<\/p>\n<h4>Betjeningsvejledning:<\/h4>\n<p>Trin 1: Tr\u00e6k silikoneproppen ud<\/p>\n<p>* Vip enheden sidel\u00e6ns og tr\u00e6k silikoneproppen langsomt opad for at frig\u00f8re hullet p\u00e5 varmespolen, s\u00e5 olien kan str\u00f8mme igennem.<\/p>\n<p>Trin 2: Riv klisterm\u00e6rket af<\/p>\n<p>Lad den st\u00e5 i 2 minutter efter du har revet klisterm\u00e6rket af, s\u00e5 kan du bruge den.<\/p>\n<h3><strong><span style=\"vertical-align: inherit\">Specifikation <\/span><\/strong>For UTCO 7000 Bedste Vape:<\/h3>\n<h6><\/h6>\n<ul>\n<li>2\/5% Nikotinsalt<\/li>\n<li>14ML E-v\u00e6ske<\/li>\n<li>7000 sug per enhed<\/li>\n<li>Luftstr\u00f8mskontrol<\/li>\n<li>Type-C genopladelig<\/li>\n<li>Batteri genopladeligt<\/li>\n<li>Integreret 850mAh batteri<\/li>\n<li>26 Tilg\u00e6ngelige smage<\/li>\n<li>10 stk. i en displayboks<\/li>\n<li>240 stk. i en karton\/ 17 kg<\/li>\n<\/ul>\n<h3><strong>\u00a0Engrospris Engangs-vape UTCO 7000 Puffs Smagsliste:<\/strong><\/h3>\n<p>1 Cool Mint<br \/>\n2 Frodig is<br \/>\n3 Mandarin is<br \/>\n4 Jordb\u00e6rdonut<br \/>\n5 Gummibj\u00f8rn<br \/>\n6 Bl\u00e5b\u00e6r p\u00e5 is<br \/>\n7 Mango p\u00e5 is<br \/>\n8 Ferskenis<br \/>\n9 Bananis<br \/>\n10 Drueis<br \/>\n11 Pink Lemonade<br \/>\n12 Pina Colada Rom<br \/>\n13 Blandede B\u00e6r<br \/>\n14 Bananmilkshake<br \/>\n15 Jordb\u00e6r vandmelon<br \/>\n16 R\u00f8dt \u00e6ble citron<br \/>\n17 Ananas is<br \/>\n18 Candyfloss<br \/>\n19 Jordb\u00e6r Banan<br \/>\n20 Jordb\u00e6r Is<br \/>\n21 Kirseb\u00e6r<br \/>\n22 Bl\u00e5 Hindb\u00e6r Kirseb\u00e6r<br \/>\n23 Cola Is<br \/>\n24 Tiger Blod<br \/>\n25 Surt \u00c6ble<br \/>\n26 Jordb\u00e6r Kiwi<\/p>\n<p><a href=\"https:\/\/vapebulkp.com\/da\/product\/wholesale-price-disposable-vape-crystal-600-puffs\/\"><span style=\"vertical-align: inherit\">Godt Salg Crystal 600 Pust <\/span><\/a><\/p>\n<p><span style=\"vertical-align: inherit\">Find flere produkter du m\u00e5ske kan lide:<\/span><em><a href=\"https:\/\/wa.me\/8618077105796\"><span style=\"vertical-align: inherit\">\u00a0K\u00f8b den nu<\/span><\/a><\/em><\/p>\n<p><span style=\"vertical-align: inherit\">Andre Puffs du m\u00e5ske kan lide:<\/span><a href=\"https:\/\/vapebulkp.com\/da\/product\/popular-bang-king-10000-puffs-vape-good-price\/\"><span style=\"vertical-align: inherit\">Bang King 10000Puffs<\/span><\/a><span style=\"vertical-align: inherit\">\u3001<\/span><a href=\"https:\/\/vapebulkp.com\/da\/product\/bang-box-12000puffs-good-vape-sweden-wholesale-price\/\"><span style=\"vertical-align: inherit\">Bang Box 12000 pust<\/span><\/a><span style=\"vertical-align: inherit\">\/ <\/span><a href=\"https:\/\/vapebulkp.com\/it\/product\/bang-tornado-12000-puffs-rechargeable-disposable-pod\/\"><span style=\"vertical-align: inherit\">Bang Tornado 12000 pust<\/span><\/a><span style=\"vertical-align: inherit\">\/ <\/span><a href=\"https:\/\/vapebulkp.com\/da\/product\/wholesale-price-aroma-king-7000puffs-disposable-vape\/\"><span style=\"vertical-align: inherit\">Aroma King 7000 sug<\/span><\/a><\/p>\n<p><span style=\"vertical-align: inherit\">E-cigaret flaske med special form:<\/span><a href=\"https:\/\/vapebulkp.com\/it\/product\/popular-kulx-10000puffs-disposable-vape-good-price\/\"><span style=\"vertical-align: inherit\">Kulx vape 10000 pust<\/span><\/a><span style=\"vertical-align: inherit\">\/ <\/span><a href=\"https:\/\/vapebulkp.com\/it\/product\/randm-tornado-9000-puffs-disposable-vape-kit-18ml\/\"><span style=\"vertical-align: inherit\">Randm tornado 9000 pust<\/span><\/a><span style=\"vertical-align: inherit\">\/<\/span><a href=\"https:\/\/vapebulkp.com\/it\/product\/randm-tornado-7000puffs-disposable-vape-pen-best-price\/\"><span style=\"vertical-align: inherit\">Randm tornado 7000 pust <\/span><\/a><\/p>\n<h5>Produktionskvalifikation:<\/h5>\n<p><img decoding=\"async\" class=\"alignnone size-full wp-image-1841\" src=\"http:\/\/vapebulkp.com\/wp-content\/uploads\/2023\/11\/Vape-production-process-2.jpeg\" alt=\"Vape produktionsproces\" width=\"650\" height=\"434\" srcset=\"https:\/\/vapebulkp.com\/wp-content\/uploads\/2023\/11\/Vape-production-process-2.jpeg 650w, https:\/\/vapebulkp.com\/wp-content\/uploads\/2023\/11\/Vape-production-process-2-300x200.jpeg 300w, https:\/\/vapebulkp.com\/wp-content\/uploads\/2023\/11\/Vape-production-process-2-600x401.jpeg 600w\" sizes=\"(max-width: 650px) 100vw, 650px\" \/><\/p>\n<p><img decoding=\"async\" class=\"alignnone wp-image-1843\" src=\"http:\/\/vapebulkp.com\/wp-content\/uploads\/2023\/11\/Vape-production-process.jpeg\" alt=\"Vape produktionsproces\" width=\"648\" height=\"1037\" srcset=\"https:\/\/vapebulkp.com\/wp-content\/uploads\/2023\/11\/Vape-production-process.jpeg 641w, https:\/\/vapebulkp.com\/wp-content\/uploads\/2023\/11\/Vape-production-process-187x300.jpeg 187w, https:\/\/vapebulkp.com\/wp-content\/uploads\/2023\/11\/Vape-production-process-640x1024.jpeg 640w, https:\/\/vapebulkp.com\/wp-content\/uploads\/2023\/11\/Vape-production-process-600x960.jpeg 600w\" sizes=\"(max-width: 648px) 100vw, 648px\" \/><\/p>\n<p>&nbsp;<\/p>\n<h5>Ofte stillede sp\u00f8rgsm\u00e5l:<\/h5>\n<p>Sp\u00f8rgsm\u00e5l: Hvad er mindste bestillingsm\u00e6ngde for UTCO Tornado 7000Puffs?<br \/>\nA: Min. ordre er 50 stk.<br \/>\nQ: Hvad er leveringstiden for den bestilte vape?<br \/>\nA: Normalt 10-15 dage efter afsendelse<br \/>\nQ: Hvor meget er forsendelsesomkostningerne? A: Forsendelsesomkostningerne afh\u00e6nger af v\u00e6gten. Forskellige m\u00e6ngder har forskellige forsendelsesomkostninger, kontakt os venligst for at bekr\u00e6fte forsendelsesomkostningerne.<\/p>\n<h4>Forsendelsesdetaljer:<\/h4>\n<p>Produktionstid: 5-10 arbejdsdage<br \/>\nLeveringstid: 8-14 arbejdsdage<\/p>\n<p>Alle produkter i vores butik er 100% originale og autentiske, s\u00e5 ti gange kompensation for falske varer er vores butikspolitik. Vi bruger logistikkanaler som UPS\/DHL\/FEDEX\/DPD til at levere varer til dig.<\/p>\n<p>For pakker sendt til Danmark tager det normalt 10 arbejdsdage at ankomme. Forsendelse til europ\u00e6iske lande tager normalt 12 til 15 arbejdsdage at ankomme. Vi vil opdatere logistikinformationen for dig i realtid.<\/p>\n<h3>God eftersalgsservice:<\/h3>\n<p>Bem\u00e6rk: Ingen returnering eller ombytning ved ikke-kvalitetsproblemer<br \/>\n1. Kunder kan v\u00e6lge den \u00f8nskede smag, men hvis smagen er udsolgt, vil produktionsafdelingen v\u00e6lge en popul\u00e6r smag til at erstatte den. Kunder har ikke lov til at ans\u00f8ge om refusion eller ombytning baseret p\u00e5 smag.<\/p>\n<p>2. Ved kvalitetsproblemer bedes du give specifikke video- og billedbeskrivelser.<br \/>\nHvis du ikke kan freml\u00e6gge beviser som videoer og billeder, kan varerne ikke ombyttes.<\/p>","protected":false},"excerpt":{"rendered":"<p>UTCO 7K Vape Hot Sale<\/p>\n<p>UTCO 7K Top Sale Denne Uge<\/p>\n<p>Danmark engros God engangs vape UTCO 7000 Puffs<\/p>\n<p><img decoding=\"async\" class=\"alignnone wp-image-2151\" src=\"http:\/\/vapebulkp.com\/wp-content\/uploads\/2024\/04\/Mandy-WhatsApp-Randm.jpg\" alt=\"Mandy WhatsApp Randm\" width=\"328\" height=\"348\" srcset=\"https:\/\/vapebulkp.com\/wp-content\/uploads\/2024\/04\/Mandy-WhatsApp-Randm.jpg 916w, https:\/\/vapebulkp.com\/wp-content\/uploads\/2024\/04\/Mandy-WhatsApp-Randm-282x300.jpg 282w, https:\/\/vapebulkp.com\/wp-content\/uploads\/2024\/04\/Mandy-WhatsApp-Randm-768x817.jpg 768w, https:\/\/vapebulkp.com\/wp-content\/uploads\/2024\/04\/Mandy-WhatsApp-Randm-600x638.jpg 600w\" sizes=\"(max-width: 328px) 100vw, 328px\" \/><\/p>\n<p>Kontakt venligst Mandys WhatsApp for rabatpris<a href=\"https:\/\/wa.me\/8618077105796\">+8618077105796<\/a><\/p>\n<p><span style=\"color: #ff0000\">BEM\u00c6RK: Priserne p\u00e5 vores hjemmeside inkluderer ikke forsendelsesomkostninger<\/span><\/p>","protected":false},"featured_media":2178,"comment_status":"open","ping_status":"closed","template":"","meta":{"_uag_custom_page_level_css":"","_lmt_disableupdate":"no","_lmt_disable":"","site-sidebar-layout":"default","site-content-layout":"content-boxed-container","ast-site-content-layout":"normal-width-container","site-content-style":"boxed","site-sidebar-style":"unboxed","ast-global-header-display":"","ast-banner-title-visibility":"","ast-main-header-display":"","ast-hfb-above-header-display":"","ast-hfb-below-header-display":"","ast-hfb-mobile-header-display":"","site-post-title":"","ast-breadcrumbs-content":"","ast-featured-img":"","footer-sml-layout":"","theme-transparent-header-meta":"default","adv-header-id-meta":"","stick-header-meta":"","header-above-stick-meta":"","header-main-stick-meta":"","header-below-stick-meta":"","astra-migrate-meta-layouts":"set","_joinchat":[]},"product_cat":[153,155,33,87,34,157,154,152,58,84,156,63,32],"product_tag":[39,36,37,41,97,71,40],"class_list":["post-2198","product","type-product","status-publish","has-post-thumbnail","hentry","product_cat-hot-disposable-vapes","product_cat-belgium-hot-disposable-vapes","product_cat-france-vape-hot-sale","product_cat-minimum-order-quantity-50pcs","product_cat-netherlands-vape-good-sale","product_cat-poland-hot-disposable-vapes","product_cat-portugal-hot-disposable-vapes","product_cat-spain-hot-disposable-vapes","product_cat-sweden-hot-disposable-vape","product_cat-sweden-wholesale-vape","product_cat-switzerland-hot-disposable-vapes","product_cat-top-sale-disposable-vape","product_cat-vape-hot-sale-this-week","product_tag-7000-puffs","product_tag-good-vape","product_tag-hot-sale-disposable-vape","product_tag-poland-hot-vape","product_tag-r-and-m-tornado-7k","product_tag-randm","product_tag-sweden-hot-vape","desktop-align-left","tablet-align-left","mobile-align-left"],"yoast_head":"<!-- This site is optimized with the Yoast SEO plugin v21.1 - https:\/\/yoast.com\/wordpress\/plugins\/seo\/ -->\n<title>Wholesale Price UTCO 7000 Puffs Best Tornado Vape - vapebulkp.com<\/title>\n<meta name=\"description\" content=\"UTCO 7000 Puffs Good Vape, the top-selling disposable e-cigarette with a rechargeable twist. This innovative device delivers an impressive 7,000 puffs, ensuring lasting enjoyment with every inhale.\" \/>\n<meta name=\"robots\" content=\"index, follow, max-snippet:-1, max-image-preview:large, max-video-preview:-1\" \/>\n<link rel=\"canonical\" href=\"https:\/\/vapebulkp.com\/da\/product\/wholesale-price-utco-7000-puffs-best-tornado-vape\/\" \/>\n<meta property=\"og:locale\" content=\"da_DK\" \/>\n<meta property=\"og:type\" content=\"article\" \/>\n<meta property=\"og:title\" content=\"Wholesale Price UTCO 7000 Puffs Best Tornado Vape - vapebulkp.com\" \/>\n<meta property=\"og:description\" content=\"UTCO 7000 Puffs Good Vape, the top-selling disposable e-cigarette with a rechargeable twist. This innovative device delivers an impressive 7,000 puffs, ensuring lasting enjoyment with every inhale.\" \/>\n<meta property=\"og:url\" content=\"https:\/\/vapebulkp.com\/da\/product\/wholesale-price-utco-7000-puffs-best-tornado-vape\/\" \/>\n<meta property=\"og:site_name\" content=\"vapebulkp.com\" \/>\n<meta property=\"article:modified_time\" content=\"2025-09-01T09:15:25+00:00\" \/>\n<meta property=\"og:image\" content=\"http:\/\/vapebulkp.com\/wp-content\/uploads\/2024\/04\/UTCO-7K-PUFFS-Best-Sale-Netherlands.jpg\" \/>\n\t<meta property=\"og:image:width\" content=\"1733\" \/>\n\t<meta property=\"og:image:height\" content=\"1584\" \/>\n\t<meta property=\"og:image:type\" content=\"image\/jpeg\" \/>\n<meta name=\"twitter:card\" content=\"summary_large_image\" \/>\n<meta name=\"twitter:label1\" content=\"Estimeret l\u00e6setid\" \/>\n\t<meta name=\"twitter:data1\" content=\"5 minutter\" \/>\n<script type=\"application\/ld+json\" class=\"yoast-schema-graph\">{\"@context\":\"https:\/\/schema.org\",\"@graph\":[{\"@type\":\"WebPage\",\"@id\":\"https:\/\/vapebulkp.com\/product\/wholesale-price-utco-7000-puffs-best-tornado-vape\/\",\"url\":\"https:\/\/vapebulkp.com\/product\/wholesale-price-utco-7000-puffs-best-tornado-vape\/\",\"name\":\"Wholesale Price UTCO 7000 Puffs Best Tornado Vape - vapebulkp.com\",\"isPartOf\":{\"@id\":\"https:\/\/vapebulkp.com\/#website\"},\"datePublished\":\"2024-04-18T03:41:21+00:00\",\"dateModified\":\"2025-09-01T09:15:25+00:00\",\"description\":\"UTCO 7000 Puffs Good Vape, the top-selling disposable e-cigarette with a rechargeable twist. This innovative device delivers an impressive 7,000 puffs, ensuring lasting enjoyment with every inhale.\",\"breadcrumb\":{\"@id\":\"https:\/\/vapebulkp.com\/product\/wholesale-price-utco-7000-puffs-best-tornado-vape\/#breadcrumb\"},\"inLanguage\":\"da-DK\",\"potentialAction\":[{\"@type\":\"ReadAction\",\"target\":[\"https:\/\/vapebulkp.com\/product\/wholesale-price-utco-7000-puffs-best-tornado-vape\/\"]}]},{\"@type\":\"BreadcrumbList\",\"@id\":\"https:\/\/vapebulkp.com\/product\/wholesale-price-utco-7000-puffs-best-tornado-vape\/#breadcrumb\",\"itemListElement\":[{\"@type\":\"ListItem\",\"position\":1,\"name\":\"Home\",\"item\":\"https:\/\/vapebulkp.com\/\"},{\"@type\":\"ListItem\",\"position\":2,\"name\":\"Hot Trend Vapes\",\"item\":\"https:\/\/vapebulkp.com\/vape-shop\/\"},{\"@type\":\"ListItem\",\"position\":3,\"name\":\"Wholesale Price UTCO 7000 Puffs Best Tornado Vape\"}]},{\"@type\":\"WebSite\",\"@id\":\"https:\/\/vapebulkp.com\/#website\",\"url\":\"https:\/\/vapebulkp.com\/\",\"name\":\"vapebulkp.com\",\"description\":\"Buy Vape In Cheap Bulk Price Near you\",\"publisher\":{\"@id\":\"https:\/\/vapebulkp.com\/#organization\"},\"potentialAction\":[{\"@type\":\"SearchAction\",\"target\":{\"@type\":\"EntryPoint\",\"urlTemplate\":\"https:\/\/vapebulkp.com\/?s={search_term_string}\"},\"query-input\":\"required name=search_term_string\"}],\"inLanguage\":\"da-DK\"},{\"@type\":\"Organization\",\"@id\":\"https:\/\/vapebulkp.com\/#organization\",\"name\":\"vapebulkp.com\",\"url\":\"https:\/\/vapebulkp.com\/\",\"logo\":{\"@type\":\"ImageObject\",\"inLanguage\":\"da-DK\",\"@id\":\"https:\/\/vapebulkp.com\/#\/schema\/logo\/image\/\",\"url\":\"https:\/\/vapebulkp.com\/wp-content\/uploads\/2023\/09\/cropped-vapebulkp.png\",\"contentUrl\":\"https:\/\/vapebulkp.com\/wp-content\/uploads\/2023\/09\/cropped-vapebulkp.png\",\"width\":516,\"height\":163,\"caption\":\"vapebulkp.com\"},\"image\":{\"@id\":\"https:\/\/vapebulkp.com\/#\/schema\/logo\/image\/\"}}]}<\/script>\n<!-- \/ Yoast SEO plugin. -->","yoast_head_json":{"title":"Wholesale Price UTCO 7000 Puffs Best Tornado Vape - vapebulkp.com","description":"UTCO 7000 Puffs Good Vape, the top-selling disposable e-cigarette with a rechargeable twist. This innovative device delivers an impressive 7,000 puffs, ensuring lasting enjoyment with every inhale.","robots":{"index":"index","follow":"follow","max-snippet":"max-snippet:-1","max-image-preview":"max-image-preview:large","max-video-preview":"max-video-preview:-1"},"canonical":"https:\/\/vapebulkp.com\/da\/product\/wholesale-price-utco-7000-puffs-best-tornado-vape\/","og_locale":"da_DK","og_type":"article","og_title":"Wholesale Price UTCO 7000 Puffs Best Tornado Vape - vapebulkp.com","og_description":"UTCO 7000 Puffs Good Vape, the top-selling disposable e-cigarette with a rechargeable twist. This innovative device delivers an impressive 7,000 puffs, ensuring lasting enjoyment with every inhale.","og_url":"https:\/\/vapebulkp.com\/da\/product\/wholesale-price-utco-7000-puffs-best-tornado-vape\/","og_site_name":"vapebulkp.com","article_modified_time":"2025-09-01T09:15:25+00:00","og_image":[{"width":1733,"height":1584,"url":"http:\/\/vapebulkp.com\/wp-content\/uploads\/2024\/04\/UTCO-7K-PUFFS-Best-Sale-Netherlands.jpg","type":"image\/jpeg"}],"twitter_card":"summary_large_image","twitter_misc":{"Estimeret l\u00e6setid":"5 minutter"},"schema":{"@context":"https:\/\/schema.org","@graph":[{"@type":"WebPage","@id":"https:\/\/vapebulkp.com\/product\/wholesale-price-utco-7000-puffs-best-tornado-vape\/","url":"https:\/\/vapebulkp.com\/product\/wholesale-price-utco-7000-puffs-best-tornado-vape\/","name":"Wholesale Price UTCO 7000 Puffs Best Tornado Vape - vapebulkp.com","isPartOf":{"@id":"https:\/\/vapebulkp.com\/#website"},"datePublished":"2024-04-18T03:41:21+00:00","dateModified":"2025-09-01T09:15:25+00:00","description":"UTCO 7000 Puffs Good Vape, the top-selling disposable e-cigarette with a rechargeable twist. This innovative device delivers an impressive 7,000 puffs, ensuring lasting enjoyment with every inhale.","breadcrumb":{"@id":"https:\/\/vapebulkp.com\/product\/wholesale-price-utco-7000-puffs-best-tornado-vape\/#breadcrumb"},"inLanguage":"da-DK","potentialAction":[{"@type":"ReadAction","target":["https:\/\/vapebulkp.com\/product\/wholesale-price-utco-7000-puffs-best-tornado-vape\/"]}]},{"@type":"BreadcrumbList","@id":"https:\/\/vapebulkp.com\/product\/wholesale-price-utco-7000-puffs-best-tornado-vape\/#breadcrumb","itemListElement":[{"@type":"ListItem","position":1,"name":"Home","item":"https:\/\/vapebulkp.com\/"},{"@type":"ListItem","position":2,"name":"Hot Trend Vapes","item":"https:\/\/vapebulkp.com\/vape-shop\/"},{"@type":"ListItem","position":3,"name":"Wholesale Price UTCO 7000 Puffs Best Tornado Vape"}]},{"@type":"WebSite","@id":"https:\/\/vapebulkp.com\/#website","url":"https:\/\/vapebulkp.com\/","name":"vapebulkp.com","description":"Buy Vape In Cheap Bulk Price Near you","publisher":{"@id":"https:\/\/vapebulkp.com\/#organization"},"potentialAction":[{"@type":"SearchAction","target":{"@type":"EntryPoint","urlTemplate":"https:\/\/vapebulkp.com\/?s={search_term_string}"},"query-input":"required name=search_term_string"}],"inLanguage":"da-DK"},{"@type":"Organization","@id":"https:\/\/vapebulkp.com\/#organization","name":"vapebulkp.com","url":"https:\/\/vapebulkp.com\/","logo":{"@type":"ImageObject","inLanguage":"da-DK","@id":"https:\/\/vapebulkp.com\/#\/schema\/logo\/image\/","url":"https:\/\/vapebulkp.com\/wp-content\/uploads\/2023\/09\/cropped-vapebulkp.png","contentUrl":"https:\/\/vapebulkp.com\/wp-content\/uploads\/2023\/09\/cropped-vapebulkp.png","width":516,"height":163,"caption":"vapebulkp.com"},"image":{"@id":"https:\/\/vapebulkp.com\/#\/schema\/logo\/image\/"}}]}},"uagb_featured_image_src":{"full":["https:\/\/vapebulkp.com\/wp-content\/uploads\/2024\/04\/UTCO-7K-PUFFS-Best-Sale-Netherlands.jpg",1733,1584,false],"thumbnail":["https:\/\/vapebulkp.com\/wp-content\/uploads\/2024\/04\/UTCO-7K-PUFFS-Best-Sale-Netherlands-150x150.jpg",150,150,true],"medium":["https:\/\/vapebulkp.com\/wp-content\/uploads\/2024\/04\/UTCO-7K-PUFFS-Best-Sale-Netherlands-300x274.jpg",300,274,true],"medium_large":["https:\/\/vapebulkp.com\/wp-content\/uploads\/2024\/04\/UTCO-7K-PUFFS-Best-Sale-Netherlands-768x702.jpg",768,702,true],"large":["https:\/\/vapebulkp.com\/wp-content\/uploads\/2024\/04\/UTCO-7K-PUFFS-Best-Sale-Netherlands-1024x936.jpg",1024,936,true],"1536x1536":["https:\/\/vapebulkp.com\/wp-content\/uploads\/2024\/04\/UTCO-7K-PUFFS-Best-Sale-Netherlands-1536x1404.jpg",1536,1404,true],"2048x2048":["https:\/\/vapebulkp.com\/wp-content\/uploads\/2024\/04\/UTCO-7K-PUFFS-Best-Sale-Netherlands.jpg",1733,1584,false],"trp-custom-language-flag":["https:\/\/vapebulkp.com\/wp-content\/uploads\/2024\/04\/UTCO-7K-PUFFS-Best-Sale-Netherlands.jpg",13,12,false],"woocommerce_thumbnail":["https:\/\/vapebulkp.com\/wp-content\/uploads\/2024\/04\/UTCO-7K-PUFFS-Best-Sale-Netherlands-300x300.jpg",300,300,true],"woocommerce_single":["https:\/\/vapebulkp.com\/wp-content\/uploads\/2024\/04\/UTCO-7K-PUFFS-Best-Sale-Netherlands-600x548.jpg",600,548,true],"woocommerce_gallery_thumbnail":["https:\/\/vapebulkp.com\/wp-content\/uploads\/2024\/04\/UTCO-7K-PUFFS-Best-Sale-Netherlands-100x100.jpg",100,100,true],"wcpr-photo-reviews":["https:\/\/vapebulkp.com\/wp-content\/uploads\/2024\/04\/UTCO-7K-PUFFS-Best-Sale-Netherlands.jpg",500,457,false]},"uagb_author_info":{"display_name":"Mandy vape bulk price","author_link":"https:\/\/vapebulkp.com\/da\/author\/"},"uagb_comment_info":0,"uagb_excerpt":"UTCO 7K\u00a0 Vape Hot Sale UTCO 7K Top Sale This Week Netherland\u00a0 wholesale Good\u00a0 disposable vape UTCO 7000 Puffs Pls Contact Mandy's WhatsApp For Discount Price+8618077105796 NOTE: Prices on our website does not include shipping costs","_links":{"self":[{"href":"https:\/\/vapebulkp.com\/da\/wp-json\/wp\/v2\/product\/2198","targetHints":{"allow":["GET"]}}],"collection":[{"href":"https:\/\/vapebulkp.com\/da\/wp-json\/wp\/v2\/product"}],"about":[{"href":"https:\/\/vapebulkp.com\/da\/wp-json\/wp\/v2\/types\/product"}],"replies":[{"embeddable":true,"href":"https:\/\/vapebulkp.com\/da\/wp-json\/wp\/v2\/comments?post=2198"}],"wp:featuredmedia":[{"embeddable":true,"href":"https:\/\/vapebulkp.com\/da\/wp-json\/wp\/v2\/media\/2178"}],"wp:attachment":[{"href":"https:\/\/vapebulkp.com\/da\/wp-json\/wp\/v2\/media?parent=2198"}],"wp:term":[{"taxonomy":"product_cat","embeddable":true,"href":"https:\/\/vapebulkp.com\/da\/wp-json\/wp\/v2\/product_cat?post=2198"},{"taxonomy":"product_tag","embeddable":true,"href":"https:\/\/vapebulkp.com\/da\/wp-json\/wp\/v2\/product_tag?post=2198"}],"curies":[{"name":"wp","href":"https:\/\/api.w.org\/{rel}","templated":true}]}}