{"id":2302,"date":"2024-04-24T11:32:17","date_gmt":"2024-04-24T09:32:17","guid":{"rendered":"https:\/\/vapebulkp.com\/?post_type=product&#038;p=2302"},"modified":"2025-09-01T11:34:40","modified_gmt":"2025-09-01T09:34:40","slug":"discount-price-bang-shisha-15k-puffs-jnr-shisha-disposable-vape","status":"publish","type":"product","link":"https:\/\/vapebulkp.com\/da\/product\/discount-price-bang-shisha-15k-puffs-jnr-shisha-disposable-vape\/","title":{"rendered":"Rabatpris Bang shisha 15k Puffs JNR shisha Engangs Vape"},"content":{"rendered":"<h2>Rabatpris Bang shisha 15k Puffs JNR shisha Engangs Vape<\/h2>\n<p data-start=\"159\" data-end=\"409\">Bang shisha 15k Puffs <strong data-start=\"163\" data-end=\"206\">Engangsvape<\/strong> leverer langvarig smag og j\u00e6vn damp til europ\u00e6iske dampentusiaster. Med en gener\u00f8s 23 ml e-v\u00e6skekapacitet giver den op til 15.000 sug, hvilket sikrer udvidet nydelse uden afbrydelser.<\/p>\n<p data-start=\"411\" data-end=\"734\">V\u00e6lg mellem 20 omhyggeligt udformede smagsvarianter, herunder frugtblandinger, k\u00f8lende mynter og fork\u00e6lende dessertprofiler, designet til at tilfredsstille forskellige pr\u00e6ferencer. F\u00e5s i nikotinsaltstyrker p\u00e5 0 %, 2 %, 3 % og 5 %, Bulk Buy Vape <strong data-start=\"630\" data-end=\"673\">Bang Shisha 15k Puffs Vape Pen<\/strong> tilpasser sig b\u00e5de moderate og st\u00e6rkere hits for enhver vaper.<\/p>\n<p data-start=\"736\" data-end=\"968\">Udstyret med et 600mAh forudopladet batteri, er denne engangs-vape klar til brug n\u00e5r som helst, hvor som helst. Kompakt og b\u00e6rbar, den kommer i en 10-styks displayboks, hvilket g\u00f8r den ideel til engrosordrer eller bulkdistribution i hele Europa.<\/p>\n<p data-start=\"970\" data-end=\"1211\">Perfekt til dem, der v\u00e6rds\u00e6tter bekvemmelighed, smagsvariation og f\u00f8rsteklasses kvalitet, <strong data-start=\"1052\" data-end=\"1095\">Bang Shisha<a href=\"https:\/\/vapebulkp.com\/da\/product-category\/15000-puffs-disposable-vape\/\"> 15000 sug engangs-vape<\/a><\/strong> kombinerer h\u00f8jkapacitetsydeevne med moderne design, hvilket g\u00f8r det til en fremragende mulighed p\u00e5 engangs-vape-markedet.<\/p>\n<p><img decoding=\"async\" class=\"alignnone wp-image-2300\" src=\"http:\/\/vapebulkp.com\/wp-content\/uploads\/2024\/04\/Original-Good-Sale-Vape-Bang-Shisha-15k.png\" alt=\"Originalt Godt Salg Vape Bang Shisha 15k\" width=\"525\" height=\"525\" srcset=\"https:\/\/vapebulkp.com\/wp-content\/uploads\/2024\/04\/Original-Good-Sale-Vape-Bang-Shisha-15k.png 1060w, https:\/\/vapebulkp.com\/wp-content\/uploads\/2024\/04\/Original-Good-Sale-Vape-Bang-Shisha-15k-300x300.png 300w, https:\/\/vapebulkp.com\/wp-content\/uploads\/2024\/04\/Original-Good-Sale-Vape-Bang-Shisha-15k-1024x1024.png 1024w, https:\/\/vapebulkp.com\/wp-content\/uploads\/2024\/04\/Original-Good-Sale-Vape-Bang-Shisha-15k-150x150.png 150w, https:\/\/vapebulkp.com\/wp-content\/uploads\/2024\/04\/Original-Good-Sale-Vape-Bang-Shisha-15k-768x768.png 768w, https:\/\/vapebulkp.com\/wp-content\/uploads\/2024\/04\/Original-Good-Sale-Vape-Bang-Shisha-15k-600x600.png 600w, https:\/\/vapebulkp.com\/wp-content\/uploads\/2024\/04\/Original-Good-Sale-Vape-Bang-Shisha-15k-100x100.png 100w\" sizes=\"(max-width: 525px) 100vw, 525px\" \/><\/p>\n<h6 style=\"text-align: left\"><\/h6>\n<h6>Kontakt venligst Mandys WhatsApp for rabatpris<a href=\"https:\/\/wa.me\/8618077105796\">+8618077105796<\/a><\/h6>\n<p><img decoding=\"async\" class=\"alignnone wp-image-2151\" src=\"http:\/\/vapebulkp.com\/wp-content\/uploads\/2024\/04\/Mandy-WhatsApp-Randm.jpg\" alt=\"Mandy WhatsApp Randm\" width=\"263\" height=\"280\" srcset=\"https:\/\/vapebulkp.com\/wp-content\/uploads\/2024\/04\/Mandy-WhatsApp-Randm.jpg 916w, https:\/\/vapebulkp.com\/wp-content\/uploads\/2024\/04\/Mandy-WhatsApp-Randm-282x300.jpg 282w, https:\/\/vapebulkp.com\/wp-content\/uploads\/2024\/04\/Mandy-WhatsApp-Randm-768x817.jpg 768w, https:\/\/vapebulkp.com\/wp-content\/uploads\/2024\/04\/Mandy-WhatsApp-Randm-600x638.jpg 600w\" sizes=\"(max-width: 263px) 100vw, 263px\" \/><\/p>\n<h2><span style=\"vertical-align: inherit\">T\u00e6nkte du m\u00e5ske ville vide om Bang\u00a0 shisha 15k Puff Engangs Vape\uff1a<\/span><\/h2>\n<p>&nbsp;<\/p>\n<h6 class=\"style-scope ytd-watch-metadata\">1.Hvordan bruger man JNR Bang shisha 15000 Puff\u00a0 Vape Pen?<\/h6>\n<p>1: Riv den forseglede pose op<br \/>\n2: Riv klisterm\u00e6rket af<br \/>\n3: Tr\u00e6k silikoneproppen ud og lad den st\u00e5 i 10 min, s\u00e5 kan du bruge den<\/p>\n<h6>2.Hvordan oplader man Top Sale\u00a0 engangs-vape Bang\u00a0 shisha 15000 Puffs enheden?<\/h6>\n<p>Opladere til hurtigopladning kan ikke anvendes. Den sikre standardstr\u00f8m til engangs-e-cigaretter er 5V 1A.<\/p>\n<p>Hver opladning m\u00e5 ikke overskride 1 time, og den sikre opladningstid er en halv time.<\/p>\n<h6>3.Hvor mange sug har Bang shisha 15000 Puffs\u00a0 engangs-vape pen?<\/h6>\n<p>\u2014-15000 Pust<\/p>\n<p><span style=\"color: #ff6600\">Bem\u00e6rk: kan ikke oplade hele natten!<\/span><\/p>\n<h6>4.Hvorfor v\u00e6lge Bang Shisha 15000 Puffs?<\/h6>\n<ul>\n<li><strong>Bekvemmelighed<\/strong>: Ingen grund til konstant at genopfylde eller genoplade; Bang Shisha 15000 Puffs er designet til bekvemmelighed p\u00e5 farten.<\/li>\n<li><strong>Smagsvariation<\/strong>: Med 20 smagsvarianter at v\u00e6lge imellem er hvert sug et nyt eventyr.<\/li>\n<li><strong>Lang levetid<\/strong>: Nyd 15000 sug pr. enhed, hvilket sikrer varig nydelse.<\/li>\n<li><strong>Tilpasning<\/strong>: Skr\u00e6ddersy din oplevelse med forskellige nikotinstyrker, der passer til dine pr\u00e6ferencer.<\/li>\n<\/ul>\n<p>Oplev den n\u00e6ste generation af vaping med Bang Shisha 15000 Puffs. Uanset om du slapper af derhjemme, er ude med venner eller p\u00e5 farten, er denne enhed din ledsager til smagfulde, tilfredsstillende vapesessioner. Opgrader dit vapespil i dag med Bang Shisha 15000 Puffs!<\/p>\n<p>&nbsp;<\/p>\n<h3>Engros Vape Bang shisha 15k puff Produktfunktion:<\/h3>\n<p>Model: Bang SHISHA 15000 PUFFS<br \/>\nPuffer: 15000<br \/>\nBatterikapacitet: 600mAh<br \/>\nE-v\u00e6skevolumen: 23ml<br \/>\nNikotinindhold: 2%\/\/5% Nikotinsalt<br \/>\nEmballage: 10 styk i 1 displayboks<br \/>\nMinimum ordrem\u00e6ngde (MOQ): 50 stykker<\/p>\n<h5><strong>Hvad er den originale vape Bang shisha<\/strong>\u00a015000 Puf <strong>Smagsvarianter?<\/strong><\/h5>\n<p>1, Bl\u00e5b\u00e6ris<br \/>\n2, Bl\u00e5 hindb\u00e6ris<br \/>\n3, Kirseb\u00e6rvandmelon<br \/>\n4, Frossen \u00e6ble<br \/>\n5, Tyggegummi mynte<br \/>\n6, Mango banan<br \/>\n7, Blandet b\u00e6r is<br \/>\n8, Ananas kokosn\u00f8d<br \/>\n9, R\u00f8d b\u00e6r slush<br \/>\n10, Kiwi passionsfrugt guava<br \/>\n11, Traneb\u00e6r drue<br \/>\n12, Jordb\u00e6ris<br \/>\n13, Jordb\u00e6r kiwi<br \/>\n14,Jordb\u00e6r Hindb\u00e6r Slik<br \/>\n15,Vandmelon Is<br \/>\n16,Saftige Ferskner<br \/>\n17,K\u00e6rlighed 66<br \/>\n18,Fersken mango<br \/>\n19, Red Bull<br \/>\n20,Vandmelon Jordb\u00e6r Tyggegummi<\/p>\n<p><a href=\"https:\/\/vapebulkp.com\/da\/product\/popular-randm-tornado-7000puffs-disposable-vape-best-price\/\">Randm tornado 7000 pust<\/a><\/p>\n<p><span style=\"vertical-align: inherit\">Find flere produkter du m\u00e5ske kan lide:<\/span><em><a href=\"https:\/\/wa.me\/8618077105796\"><span style=\"vertical-align: inherit\">\u00a0K\u00f8b den nu<\/span><\/a><\/em><\/p>\n<p><span style=\"vertical-align: inherit\">Andre Puffs du m\u00e5ske kan lide:<\/span><a href=\"https:\/\/vapebulkp.com\/da\/product\/good-sale-randm-tornado-10000-puffs-plus\/\"><span style=\"vertical-align: inherit\">RandM 10000Pust<\/span><\/a><span style=\"vertical-align: inherit\">\u2014Med en pustekapacitet p\u00e5 10.000 pust er denne enhed en favorit blandt vaping-entusiaster.<\/span><\/p>\n<p><a href=\"https:\/\/vapebulkp.com\/da\/product\/wholesale-randm-tornado-9000-puffs-germany\/\"><span style=\"vertical-align: inherit\">RandM Tornado 9000 Puf<\/span><\/a><span style=\"vertical-align: inherit\">\u2014Som den mest popul\u00e6re e-cigaret har Randm 9.000 sug, som du kan nyde<\/span><\/p>\n<p><a href=\"https:\/\/vapebulkp.com\/da\/product\/bang-20000-puffs-hot-vape-top-sale-vape\/\"><span style=\"vertical-align: inherit\">Bang 20000 Sug<\/span><\/a><span style=\"vertical-align: inherit\">\u2014Bang King er et popul\u00e6rt m\u00e6rke med unikke modeller og 20000 sug<\/span><\/p>\n<p><a href=\"https:\/\/vapebulkp.com\/da\/product\/bang-king-12000puffs\/\"><span style=\"vertical-align: inherit\">Bang King 12000 pust<\/span><\/a>\u2014-Bang King 12000 Pust er et popul\u00e6rt m\u00e6rke med unikke modeller og 12.000 pust, en anden mulighed for at forbedre dine vaping-behov<\/p>\n<p><span style=\"vertical-align: inherit\">E-cigaret flaske med special form:<\/span><a href=\"https:\/\/vapebulkp.com\/da\/product\/original-vape-bang-tn-12000-puffs-bang-vape\/\"><span style=\"vertical-align: inherit\">Bang TN 12000 pust<\/span><\/a><span style=\"vertical-align: inherit\">\/ <\/span><a href=\"https:\/\/vapebulkp.com\/da\/product\/vapme-crystal-7000-puffs-original-vape-good-flavor\/\"><span style=\"vertical-align: inherit\">Crystal 7000 sug<\/span><\/a><span style=\"vertical-align: inherit\">\/<\/span><a href=\"https:\/\/vapebulkp.com\/da\/product\/top-sale-waspe-12000puffs-disposable-vape-wholesale-france\/\"><span style=\"vertical-align: inherit\">WASPE 12000 pust<\/span><\/a><\/p>\n<p>&nbsp;<\/p>\n<h4>Forsendelsesdetaljer:<\/h4>\n<p><span style=\"color: #ff6600\">Produktionstid: 5-10 arbejdsdage<\/span><br \/>\n<span style=\"color: #ff6600\">Leveringstid: 8-14 arbejdsdage<\/span><\/p>\n<p>Alle produkter i vores butik er 100% originale og autentiske, s\u00e5 ti gange kompensation for falske varer er vores butikspolitik. Vi bruger logistikkanaler som UPS\/DHL\/FEDEX\/DPD til at levere varer til dig.<\/p>\n<p>For pakker sendt til Danmark tager det normalt 10 arbejdsdage at ankomme. Forsendelse til europ\u00e6iske lande tager normalt 12 til 15 arbejdsdage at ankomme. Vi vil opdatere logistikinformationen for dig i realtid.<\/p>\n<p>Kontakt os, og vi kan tilbyde dig Hazebar 12000 Puff og bringe din forretning til st\u00f8rre h\u00f8jder!<\/p>","protected":false},"excerpt":{"rendered":"<p>God\u00a0 pris Bang SHISHA 15000 PUFFS<\/p>\n<p>Bang Vape SHISHA 15000 PUFFER JNR Shisha<\/p>\n<p>Popul\u00e6r Bang\u00a0 shisha 15k Puffs topsalg<\/p>\n<p><img decoding=\"async\" class=\"alignnone wp-image-2151\" src=\"http:\/\/vapebulkp.com\/wp-content\/uploads\/2024\/04\/Mandy-WhatsApp-Randm.jpg\" alt=\"Mandy WhatsApp Randm\" width=\"238\" height=\"253\" srcset=\"https:\/\/vapebulkp.com\/wp-content\/uploads\/2024\/04\/Mandy-WhatsApp-Randm.jpg 916w, https:\/\/vapebulkp.com\/wp-content\/uploads\/2024\/04\/Mandy-WhatsApp-Randm-282x300.jpg 282w, https:\/\/vapebulkp.com\/wp-content\/uploads\/2024\/04\/Mandy-WhatsApp-Randm-768x817.jpg 768w, https:\/\/vapebulkp.com\/wp-content\/uploads\/2024\/04\/Mandy-WhatsApp-Randm-600x638.jpg 600w\" sizes=\"(max-width: 238px) 100vw, 238px\" \/><\/p>\n<p>Kontakt venligst Mandys WhatsApp for rabatpris<a href=\"https:\/\/wa.me\/8618077105796\">+8618077105796<\/a><\/p>\n<p><span style=\"color: #ff0000\">BEM\u00c6RK: Priserne p\u00e5 vores hjemmeside inkluderer ikke forsendelsesomkostninger<\/span><\/p>","protected":false},"featured_media":2286,"comment_status":"open","ping_status":"closed","template":"","meta":{"_uag_custom_page_level_css":"","_lmt_disableupdate":"no","_lmt_disable":"","site-sidebar-layout":"default","site-content-layout":"content-boxed-container","ast-site-content-layout":"normal-width-container","site-content-style":"boxed","site-sidebar-style":"unboxed","ast-global-header-display":"","ast-banner-title-visibility":"","ast-main-header-display":"","ast-hfb-above-header-display":"","ast-hfb-below-header-display":"","ast-hfb-mobile-header-display":"","site-post-title":"","ast-breadcrumbs-content":"","ast-featured-img":"","footer-sml-layout":"","theme-transparent-header-meta":"default","adv-header-id-meta":"","stick-header-meta":"","header-above-stick-meta":"","header-main-stick-meta":"","header-below-stick-meta":"","astra-migrate-meta-layouts":"set","_joinchat":[]},"product_cat":[165,153,155,33,59,100,98,34,158,157,154,152,58,84,156,63,32],"product_tag":[77,36,37,91,105,41,71,40],"class_list":["post-2302","product","type-product","status-publish","has-post-thumbnail","hentry","product_cat-15000-puffs-disposable-vape","product_cat-hot-disposable-vapes","product_cat-belgium-hot-disposable-vapes","product_cat-france-vape-hot-sale","product_cat-germany-hot-disposable-vape","product_cat-germany-wholesale-vape-shop","product_cat-moq-100pcs","product_cat-netherlands-vape-good-sale","product_cat-norway-hot-disposable-vapes","product_cat-poland-hot-disposable-vapes","product_cat-portugal-hot-disposable-vapes","product_cat-spain-hot-disposable-vapes","product_cat-sweden-hot-disposable-vape","product_cat-sweden-wholesale-vape","product_cat-switzerland-hot-disposable-vapes","product_cat-top-sale-disposable-vape","product_cat-vape-hot-sale-this-week","product_tag-15000-puffs","product_tag-good-vape","product_tag-hot-sale-disposable-vape","product_tag-italy-hot-vape","product_tag-jnr","product_tag-poland-hot-vape","product_tag-randm","product_tag-sweden-hot-vape","pa_brand-bang-vape","desktop-align-left","tablet-align-left","mobile-align-left"],"yoast_head":"<!-- This site is optimized with the Yoast SEO plugin v21.1 - https:\/\/yoast.com\/wordpress\/plugins\/seo\/ -->\n<title>Discount Price Bang shisha 15k Puffs JNR shisha Disposable Vape - vapebulkp.com<\/title>\n<meta name=\"description\" content=\"With a powerful 600mAh battery, Bang Shisha 15000 Puffs Disposable Vape ensures long-lasting performance, allowing you to enjoy uninterrupted vaping sessions. Say goodbye to frequent recharging and hello to extended enjoyment.\" \/>\n<meta name=\"robots\" content=\"index, follow, max-snippet:-1, max-image-preview:large, max-video-preview:-1\" \/>\n<link rel=\"canonical\" href=\"https:\/\/vapebulkp.com\/da\/product\/discount-price-bang-shisha-15k-puffs-jnr-shisha-disposable-vape\/\" \/>\n<meta property=\"og:locale\" content=\"da_DK\" \/>\n<meta property=\"og:type\" content=\"article\" \/>\n<meta property=\"og:title\" content=\"Discount Price Bang shisha 15k Puffs JNR shisha Disposable Vape - vapebulkp.com\" \/>\n<meta property=\"og:description\" content=\"With a powerful 600mAh battery, Bang Shisha 15000 Puffs Disposable Vape ensures long-lasting performance, allowing you to enjoy uninterrupted vaping sessions. Say goodbye to frequent recharging and hello to extended enjoyment.\" \/>\n<meta property=\"og:url\" content=\"https:\/\/vapebulkp.com\/da\/product\/discount-price-bang-shisha-15k-puffs-jnr-shisha-disposable-vape\/\" \/>\n<meta property=\"og:site_name\" content=\"vapebulkp.com\" \/>\n<meta property=\"article:modified_time\" content=\"2025-09-01T09:34:40+00:00\" \/>\n<meta property=\"og:image\" content=\"http:\/\/vapebulkp.com\/wp-content\/uploads\/2024\/04\/Bang-shisha-15k-PUFFS-Vape-585x1024.png\" \/>\n\t<meta property=\"og:image:width\" content=\"585\" \/>\n\t<meta property=\"og:image:height\" content=\"1024\" \/>\n\t<meta property=\"og:image:type\" content=\"image\/png\" \/>\n<meta name=\"twitter:card\" content=\"summary_large_image\" \/>\n<meta name=\"twitter:label1\" content=\"Estimeret l\u00e6setid\" \/>\n\t<meta name=\"twitter:data1\" content=\"4 minutter\" \/>\n<script type=\"application\/ld+json\" class=\"yoast-schema-graph\">{\"@context\":\"https:\/\/schema.org\",\"@graph\":[{\"@type\":\"WebPage\",\"@id\":\"https:\/\/vapebulkp.com\/product\/discount-price-bang-shisha-15k-puffs-jnr-shisha-disposable-vape\/\",\"url\":\"https:\/\/vapebulkp.com\/product\/discount-price-bang-shisha-15k-puffs-jnr-shisha-disposable-vape\/\",\"name\":\"Discount Price Bang shisha 15k Puffs JNR shisha Disposable Vape - vapebulkp.com\",\"isPartOf\":{\"@id\":\"https:\/\/vapebulkp.com\/#website\"},\"datePublished\":\"2024-04-24T09:32:17+00:00\",\"dateModified\":\"2025-09-01T09:34:40+00:00\",\"description\":\"With a powerful 600mAh battery, Bang Shisha 15000 Puffs Disposable Vape ensures long-lasting performance, allowing you to enjoy uninterrupted vaping sessions. Say goodbye to frequent recharging and hello to extended enjoyment.\",\"breadcrumb\":{\"@id\":\"https:\/\/vapebulkp.com\/product\/discount-price-bang-shisha-15k-puffs-jnr-shisha-disposable-vape\/#breadcrumb\"},\"inLanguage\":\"da-DK\",\"potentialAction\":[{\"@type\":\"ReadAction\",\"target\":[\"https:\/\/vapebulkp.com\/product\/discount-price-bang-shisha-15k-puffs-jnr-shisha-disposable-vape\/\"]}]},{\"@type\":\"BreadcrumbList\",\"@id\":\"https:\/\/vapebulkp.com\/product\/discount-price-bang-shisha-15k-puffs-jnr-shisha-disposable-vape\/#breadcrumb\",\"itemListElement\":[{\"@type\":\"ListItem\",\"position\":1,\"name\":\"Home\",\"item\":\"https:\/\/vapebulkp.com\/\"},{\"@type\":\"ListItem\",\"position\":2,\"name\":\"Hot Trend Vapes\",\"item\":\"https:\/\/vapebulkp.com\/vape-shop\/\"},{\"@type\":\"ListItem\",\"position\":3,\"name\":\"Discount Price Bang shisha 15k Puffs JNR shisha Disposable Vape\"}]},{\"@type\":\"WebSite\",\"@id\":\"https:\/\/vapebulkp.com\/#website\",\"url\":\"https:\/\/vapebulkp.com\/\",\"name\":\"vapebulkp.com\",\"description\":\"Buy Vape In Cheap Bulk Price Near you\",\"publisher\":{\"@id\":\"https:\/\/vapebulkp.com\/#organization\"},\"potentialAction\":[{\"@type\":\"SearchAction\",\"target\":{\"@type\":\"EntryPoint\",\"urlTemplate\":\"https:\/\/vapebulkp.com\/?s={search_term_string}\"},\"query-input\":\"required name=search_term_string\"}],\"inLanguage\":\"da-DK\"},{\"@type\":\"Organization\",\"@id\":\"https:\/\/vapebulkp.com\/#organization\",\"name\":\"vapebulkp.com\",\"url\":\"https:\/\/vapebulkp.com\/\",\"logo\":{\"@type\":\"ImageObject\",\"inLanguage\":\"da-DK\",\"@id\":\"https:\/\/vapebulkp.com\/#\/schema\/logo\/image\/\",\"url\":\"https:\/\/vapebulkp.com\/wp-content\/uploads\/2023\/09\/cropped-vapebulkp.png\",\"contentUrl\":\"https:\/\/vapebulkp.com\/wp-content\/uploads\/2023\/09\/cropped-vapebulkp.png\",\"width\":516,\"height\":163,\"caption\":\"vapebulkp.com\"},\"image\":{\"@id\":\"https:\/\/vapebulkp.com\/#\/schema\/logo\/image\/\"}}]}<\/script>\n<!-- \/ Yoast SEO plugin. -->","yoast_head_json":{"title":"Discount Price Bang shisha 15k Puffs JNR shisha Disposable Vape - vapebulkp.com","description":"With a powerful 600mAh battery, Bang Shisha 15000 Puffs Disposable Vape ensures long-lasting performance, allowing you to enjoy uninterrupted vaping sessions. Say goodbye to frequent recharging and hello to extended enjoyment.","robots":{"index":"index","follow":"follow","max-snippet":"max-snippet:-1","max-image-preview":"max-image-preview:large","max-video-preview":"max-video-preview:-1"},"canonical":"https:\/\/vapebulkp.com\/da\/product\/discount-price-bang-shisha-15k-puffs-jnr-shisha-disposable-vape\/","og_locale":"da_DK","og_type":"article","og_title":"Discount Price Bang shisha 15k Puffs JNR shisha Disposable Vape - vapebulkp.com","og_description":"With a powerful 600mAh battery, Bang Shisha 15000 Puffs Disposable Vape ensures long-lasting performance, allowing you to enjoy uninterrupted vaping sessions. Say goodbye to frequent recharging and hello to extended enjoyment.","og_url":"https:\/\/vapebulkp.com\/da\/product\/discount-price-bang-shisha-15k-puffs-jnr-shisha-disposable-vape\/","og_site_name":"vapebulkp.com","article_modified_time":"2025-09-01T09:34:40+00:00","og_image":[{"width":585,"height":1024,"url":"http:\/\/vapebulkp.com\/wp-content\/uploads\/2024\/04\/Bang-shisha-15k-PUFFS-Vape-585x1024.png","type":"image\/png"}],"twitter_card":"summary_large_image","twitter_misc":{"Estimeret l\u00e6setid":"4 minutter"},"schema":{"@context":"https:\/\/schema.org","@graph":[{"@type":"WebPage","@id":"https:\/\/vapebulkp.com\/product\/discount-price-bang-shisha-15k-puffs-jnr-shisha-disposable-vape\/","url":"https:\/\/vapebulkp.com\/product\/discount-price-bang-shisha-15k-puffs-jnr-shisha-disposable-vape\/","name":"Discount Price Bang shisha 15k Puffs JNR shisha Disposable Vape - vapebulkp.com","isPartOf":{"@id":"https:\/\/vapebulkp.com\/#website"},"datePublished":"2024-04-24T09:32:17+00:00","dateModified":"2025-09-01T09:34:40+00:00","description":"With a powerful 600mAh battery, Bang Shisha 15000 Puffs Disposable Vape ensures long-lasting performance, allowing you to enjoy uninterrupted vaping sessions. Say goodbye to frequent recharging and hello to extended enjoyment.","breadcrumb":{"@id":"https:\/\/vapebulkp.com\/product\/discount-price-bang-shisha-15k-puffs-jnr-shisha-disposable-vape\/#breadcrumb"},"inLanguage":"da-DK","potentialAction":[{"@type":"ReadAction","target":["https:\/\/vapebulkp.com\/product\/discount-price-bang-shisha-15k-puffs-jnr-shisha-disposable-vape\/"]}]},{"@type":"BreadcrumbList","@id":"https:\/\/vapebulkp.com\/product\/discount-price-bang-shisha-15k-puffs-jnr-shisha-disposable-vape\/#breadcrumb","itemListElement":[{"@type":"ListItem","position":1,"name":"Home","item":"https:\/\/vapebulkp.com\/"},{"@type":"ListItem","position":2,"name":"Hot Trend Vapes","item":"https:\/\/vapebulkp.com\/vape-shop\/"},{"@type":"ListItem","position":3,"name":"Discount Price Bang shisha 15k Puffs JNR shisha Disposable Vape"}]},{"@type":"WebSite","@id":"https:\/\/vapebulkp.com\/#website","url":"https:\/\/vapebulkp.com\/","name":"vapebulkp.com","description":"Buy Vape In Cheap Bulk Price Near you","publisher":{"@id":"https:\/\/vapebulkp.com\/#organization"},"potentialAction":[{"@type":"SearchAction","target":{"@type":"EntryPoint","urlTemplate":"https:\/\/vapebulkp.com\/?s={search_term_string}"},"query-input":"required name=search_term_string"}],"inLanguage":"da-DK"},{"@type":"Organization","@id":"https:\/\/vapebulkp.com\/#organization","name":"vapebulkp.com","url":"https:\/\/vapebulkp.com\/","logo":{"@type":"ImageObject","inLanguage":"da-DK","@id":"https:\/\/vapebulkp.com\/#\/schema\/logo\/image\/","url":"https:\/\/vapebulkp.com\/wp-content\/uploads\/2023\/09\/cropped-vapebulkp.png","contentUrl":"https:\/\/vapebulkp.com\/wp-content\/uploads\/2023\/09\/cropped-vapebulkp.png","width":516,"height":163,"caption":"vapebulkp.com"},"image":{"@id":"https:\/\/vapebulkp.com\/#\/schema\/logo\/image\/"}}]}},"uagb_featured_image_src":{"full":["https:\/\/vapebulkp.com\/wp-content\/uploads\/2024\/04\/Bang-shisha-15k-PUFFS-Vape.png",900,1575,false],"thumbnail":["https:\/\/vapebulkp.com\/wp-content\/uploads\/2024\/04\/Bang-shisha-15k-PUFFS-Vape-150x150.png",150,150,true],"medium":["https:\/\/vapebulkp.com\/wp-content\/uploads\/2024\/04\/Bang-shisha-15k-PUFFS-Vape-171x300.png",171,300,true],"medium_large":["https:\/\/vapebulkp.com\/wp-content\/uploads\/2024\/04\/Bang-shisha-15k-PUFFS-Vape-768x1344.png",768,1344,true],"large":["https:\/\/vapebulkp.com\/wp-content\/uploads\/2024\/04\/Bang-shisha-15k-PUFFS-Vape-585x1024.png",585,1024,true],"1536x1536":["https:\/\/vapebulkp.com\/wp-content\/uploads\/2024\/04\/Bang-shisha-15k-PUFFS-Vape-878x1536.png",878,1536,true],"2048x2048":["https:\/\/vapebulkp.com\/wp-content\/uploads\/2024\/04\/Bang-shisha-15k-PUFFS-Vape.png",900,1575,false],"trp-custom-language-flag":["https:\/\/vapebulkp.com\/wp-content\/uploads\/2024\/04\/Bang-shisha-15k-PUFFS-Vape.png",7,12,false],"woocommerce_thumbnail":["https:\/\/vapebulkp.com\/wp-content\/uploads\/2024\/04\/Bang-shisha-15k-PUFFS-Vape-300x300.png",300,300,true],"woocommerce_single":["https:\/\/vapebulkp.com\/wp-content\/uploads\/2024\/04\/Bang-shisha-15k-PUFFS-Vape-600x1050.png",600,1050,true],"woocommerce_gallery_thumbnail":["https:\/\/vapebulkp.com\/wp-content\/uploads\/2024\/04\/Bang-shisha-15k-PUFFS-Vape-100x100.png",100,100,true],"wcpr-photo-reviews":["https:\/\/vapebulkp.com\/wp-content\/uploads\/2024\/04\/Bang-shisha-15k-PUFFS-Vape.png",286,500,false]},"uagb_author_info":{"display_name":"Mandy vape bulk price","author_link":"https:\/\/vapebulkp.com\/da\/author\/"},"uagb_comment_info":1,"uagb_excerpt":"Good\u00a0 Price Bang SHISHA 15000 PUFFS Bang Vape\u00a0 SHISHA 15000 PUFFS\u00a0 JNR Shisha Popular Bang\u00a0 shisha 15k Puffs top sale Pls Contact Mandy's WhatsApp For Discount Price+8618077105796 NOTE: Prices on our website does not include shipping costs","_links":{"self":[{"href":"https:\/\/vapebulkp.com\/da\/wp-json\/wp\/v2\/product\/2302","targetHints":{"allow":["GET"]}}],"collection":[{"href":"https:\/\/vapebulkp.com\/da\/wp-json\/wp\/v2\/product"}],"about":[{"href":"https:\/\/vapebulkp.com\/da\/wp-json\/wp\/v2\/types\/product"}],"replies":[{"embeddable":true,"href":"https:\/\/vapebulkp.com\/da\/wp-json\/wp\/v2\/comments?post=2302"}],"wp:featuredmedia":[{"embeddable":true,"href":"https:\/\/vapebulkp.com\/da\/wp-json\/wp\/v2\/media\/2286"}],"wp:attachment":[{"href":"https:\/\/vapebulkp.com\/da\/wp-json\/wp\/v2\/media?parent=2302"}],"wp:term":[{"taxonomy":"product_cat","embeddable":true,"href":"https:\/\/vapebulkp.com\/da\/wp-json\/wp\/v2\/product_cat?post=2302"},{"taxonomy":"product_tag","embeddable":true,"href":"https:\/\/vapebulkp.com\/da\/wp-json\/wp\/v2\/product_tag?post=2302"}],"curies":[{"name":"wp","href":"https:\/\/api.w.org\/{rel}","templated":true}]}}