{"id":2303,"date":"2024-04-24T11:58:02","date_gmt":"2024-04-24T09:58:02","guid":{"rendered":"https:\/\/vapebulkp.com\/?post_type=product&#038;p=2303"},"modified":"2025-09-24T05:19:58","modified_gmt":"2025-09-24T03:19:58","slug":"original-vape-bang-rocket-18000-puffs-good-sale","status":"publish","type":"product","link":"https:\/\/vapebulkp.com\/da\/product\/original-vape-bang-rocket-18000-puffs-good-sale\/","title":{"rendered":"Original Vape Bang Rocket 18000 Puffs Godt Salg"},"content":{"rendered":"<h2 style=\"text-align: left\">Original Vape Bang Rocket 18000 Puffs Godt Salg<\/h2>\n<p data-start=\"128\" data-end=\"456\">Den <strong data-start=\"132\" data-end=\"173\">Original Vape Bang Rocket 18000 Pust<\/strong> er en premium <a href=\"https:\/\/vapebulkp.com\/da\/product-category\/18000-puffs-disposable-vape\/\"><strong data-start=\"187\" data-end=\"218\">18000 sug engangs-vape<\/strong><\/a> udviklet til langvarig ydeevne og glatte, smagfulde tr\u00e6k. Udstyret med et genopladeligt 650mAh batteri, leverer denne <strong data-start=\"338\" data-end=\"370\">genopladelig engangs vape<\/strong> uafbrudte sessioner, hvilket g\u00f8r den ideel til daglig brug eller l\u00e6ngere ture.<\/p>\n<p data-start=\"458\" data-end=\"745\">Dens <strong data-start=\"462\" data-end=\"485\">dobbelt mesh coil vape<\/strong> ops\u00e6tning forbedrer dampens t\u00e6thed og smagsintensitet og producerer rige, tilfredsstillende skyer fra start til slut. E-v\u00e6ske kapaciteten p\u00e5 20 ml og nikotinsaltmulighederne fra 0% til 5% sikrer en <strong data-start=\"669\" data-end=\"702\">engangs-vape med h\u00f8j kapacitet<\/strong> oplevelse skr\u00e6ddersyet til enhver pr\u00e6ference.<\/p>\n<p data-start=\"747\" data-end=\"1012\">Kompakt og slank, er <strong data-start=\"770\" data-end=\"813\">Bang Rocket 18k Pust Genopladelig Vape<\/strong> perfekt til engrosk\u00f8bere i Danmark, der s\u00f8ger et p\u00e5lideligt produkt med stor eftersp\u00f8rgsel. Med et bredt udvalg af smage og et moderne design er det et topvalg for danske dampere, der v\u00e6rds\u00e6tter kvalitet og bekvemmelighed.<\/p>\n<p><img decoding=\"async\" class=\"alignnone size-full wp-image-2278\" src=\"http:\/\/vapebulkp.com\/wp-content\/uploads\/2024\/04\/Bang-Rocket-18000-Puffs-Disposable-Vape-Germany.png\" alt=\"Bang Rocket 18000 Puffs Engangs Vape Danmark\" width=\"1000\" height=\"1000\" srcset=\"https:\/\/vapebulkp.com\/wp-content\/uploads\/2024\/04\/Bang-Rocket-18000-Puffs-Disposable-Vape-Germany.png 1000w, https:\/\/vapebulkp.com\/wp-content\/uploads\/2024\/04\/Bang-Rocket-18000-Puffs-Disposable-Vape-Germany-300x300.png 300w, https:\/\/vapebulkp.com\/wp-content\/uploads\/2024\/04\/Bang-Rocket-18000-Puffs-Disposable-Vape-Germany-150x150.png 150w, https:\/\/vapebulkp.com\/wp-content\/uploads\/2024\/04\/Bang-Rocket-18000-Puffs-Disposable-Vape-Germany-768x768.png 768w, https:\/\/vapebulkp.com\/wp-content\/uploads\/2024\/04\/Bang-Rocket-18000-Puffs-Disposable-Vape-Germany-600x600.png 600w, https:\/\/vapebulkp.com\/wp-content\/uploads\/2024\/04\/Bang-Rocket-18000-Puffs-Disposable-Vape-Germany-100x100.png 100w\" sizes=\"(max-width: 1000px) 100vw, 1000px\" \/><\/p>\n<h6>Kontakt venligst Mandys WhatsApp for rabatpris<a href=\"https:\/\/wa.me\/8618077105796\">+8618077105796<\/a><\/h6>\n<p><img decoding=\"async\" class=\"alignnone wp-image-2151\" src=\"http:\/\/vapebulkp.com\/wp-content\/uploads\/2024\/04\/Mandy-WhatsApp-Randm.jpg\" alt=\"Mandy WhatsApp Randm\" width=\"324\" height=\"330\" \/><\/p>\n<h2>T\u00e6nkte du m\u00e5ske ville vide om Bang Rocket 18000 Pust Engangs Vape:<\/h2>\n<h5>1.Hvordan bruger man Bang Rocket 18k Pust Vape Pen?<\/h5>\n<p>Trin 1. F\u00f8r du bruger 18k pust, skal du fjerne plastr\u00f8ret.<\/p>\n<p>Trin 2. Vent ca. 3 minutter for at lade v\u00e6sken komme ind i spolen indeni.<\/p>\n<p>Trin 3. Nyd den<\/p>\n<h5>2.Hvordan oplader man engangs-vape'en Bang Rocket 18k Pust?<\/h5>\n<p>Opladere til hurtigopladning kan ikke anvendes. Den sikre standardstr\u00f8m til engangs-e-cigaretter er 5V 1A.<\/p>\n<p>Hver opladning m\u00e5 ikke overskride 1 time, og den sikre opladningstid er en halv time.<\/p>\n<p><span style=\"color: #ff6600\">Bem\u00e6rk: kan ikke oplade hele natten!<\/span><\/p>\n<h5>3.Hvad er e-v\u00e6ske kapaciteten for Bang Rocket 18000 Pust God Vape?<\/h5>\n<p>\u2014\u201420ml<\/p>\n<h5>4.Hvor mange pust kan jeg tage af denne Bang Rocket 18000 Pust?<\/h5>\n<p>\u2014\u20139000-18000 Pust<\/p>\n<h3>Bang Rocket 18000 Pust Engangs Vape Pod Funktioner:<\/h3>\n<p>&nbsp;<\/p>\n<ul>\n<li>\u00a0V\u00e6ske: 20 ml pr\u00e6fyldt e-v\u00e6ske patron<\/li>\n<li>Nikotin: 2\/5% Nikotinsalt<\/li>\n<li>\u00a0Typer: Engangs<\/li>\n<li>\u00a0650mAh batteri<\/li>\n<li>\u00a00.6 Mesh Coil, JUSTERBAR LUFTSTR\u00d8M<\/li>\n<li>\u00a0Type-c genopladelig<\/li>\n<li>\u00a012 smagsvarianter tilg\u00e6ngelige<\/li>\n<\/ul>\n<p>&nbsp;<\/p>\n<h3><strong>Bedste Vape Bang Rocket 18k Puffs Smagsliste:<\/strong><\/h3>\n<p>1.Kirseb\u00e6rbombe<br \/>\n2.Saftig Fersken Is<br \/>\n3.Tropisk Frugt<br \/>\n4.Vindrue Is<br \/>\n5.Fersken Mango<br \/>\n6.Jordb\u00e6r Banan<br \/>\n7. Jordb\u00e6r Mango<br \/>\n8.Triple B\u00e6r Is<br \/>\n9.Jordb\u00e6r Vandmelon<br \/>\n10.Vandmelon Is<br \/>\n11.Bl\u00e5 Hindb\u00e6r Is<br \/>\n12.Syrligt \u00c6ble Is<\/p>\n<p><a href=\"https:\/\/vapebulkp.com\/da\/product\/popular-randm-tornado-7000puffs-disposable-vape-best-price\/\"><span style=\"vertical-align: inherit\">RandM Tornado 7000 pust <\/span><\/a><\/p>\n<p><span style=\"vertical-align: inherit\">Find flere produkter du m\u00e5ske kan lide:<\/span><em><a href=\"https:\/\/wa.me\/8618077105796\"><span style=\"vertical-align: inherit\">\u00a0K\u00f8b den nu<\/span><\/a><\/em><\/p>\n<p><span style=\"vertical-align: inherit\">Andre Puffs du m\u00e5ske kan lide:<\/span><a href=\"https:\/\/vapebulkp.com\/da\/product\/joymy-ultra15000puffs-best-disposable-vape-2023\/\"><span style=\"vertical-align: inherit\">JOYMY 15000 pust<\/span><\/a><span style=\"vertical-align: inherit\">\u3001<\/span><a href=\"https:\/\/vapebulkp.com\/da\/product\/wholesale-randm-tornado-9000-puffs-germany\/\"><span style=\"vertical-align: inherit\">RandM 9000 sug<\/span><\/a><span style=\"vertical-align: inherit\">\/ <\/span><a href=\"https:\/\/vapebulkp.com\/da\/product\/bang-king-12000puffs\/\"><span style=\"vertical-align: inherit\">Bang King 12000 pust<\/span><\/a><span style=\"vertical-align: inherit\">\/ <\/span><a href=\"https:\/\/vapebulkp.com\/da\/product\/wholesale-tornado-rum-bar-9000-puffs-sweden\/\"><span style=\"vertical-align: inherit\">Rumbar 9000 pust<\/span><\/a><\/p>\n<p><span style=\"vertical-align: inherit\">E-cigaret flaske med special form:<\/span><a href=\"https:\/\/vapebulkp.com\/da\/product\/original-vape-bang-tn-12000-puffs-bang-vape\/\"><span style=\"vertical-align: inherit\"> Bang TN 12000 pust<\/span><\/a><span style=\"vertical-align: inherit\">\/ <\/span><a href=\"https:\/\/vapebulkp.com\/da\/product\/popular-bang-king-10000-puffs-vape-good-price\/\"><span style=\"vertical-align: inherit\">\u00a0Bang King 10000 pust <\/span><\/a><span style=\"vertical-align: inherit\">\/<\/span><a href=\"https:\/\/vapebulkp.com\/da\/product\/bang-tornado-12000-puffs-rechargeable-disposable-pod\/\"><span style=\"vertical-align: inherit\"> Bang Tornado 12000 pust<\/span><\/a><\/p>\n<h5>Produktionskvalifikation:<\/h5>\n<p><img decoding=\"async\" class=\"alignnone size-full wp-image-1841\" src=\"http:\/\/vapebulkp.com\/wp-content\/uploads\/2023\/11\/Vape-production-process-2.jpeg\" alt=\"Vape produktionsproces\" width=\"650\" height=\"434\" srcset=\"https:\/\/vapebulkp.com\/wp-content\/uploads\/2023\/11\/Vape-production-process-2.jpeg 650w, https:\/\/vapebulkp.com\/wp-content\/uploads\/2023\/11\/Vape-production-process-2-300x200.jpeg 300w, https:\/\/vapebulkp.com\/wp-content\/uploads\/2023\/11\/Vape-production-process-2-600x401.jpeg 600w\" sizes=\"(max-width: 650px) 100vw, 650px\" \/><\/p>\n<p><img decoding=\"async\" class=\"alignnone size-full wp-image-1843\" src=\"http:\/\/vapebulkp.com\/wp-content\/uploads\/2023\/11\/Vape-production-process.jpeg\" alt=\"Vape produktionsproces\" width=\"641\" height=\"1026\" srcset=\"https:\/\/vapebulkp.com\/wp-content\/uploads\/2023\/11\/Vape-production-process.jpeg 641w, https:\/\/vapebulkp.com\/wp-content\/uploads\/2023\/11\/Vape-production-process-187x300.jpeg 187w, https:\/\/vapebulkp.com\/wp-content\/uploads\/2023\/11\/Vape-production-process-640x1024.jpeg 640w, https:\/\/vapebulkp.com\/wp-content\/uploads\/2023\/11\/Vape-production-process-600x960.jpeg 600w\" sizes=\"(max-width: 641px) 100vw, 641px\" \/><\/p>\n<h5>Ofte stillede sp\u00f8rgsm\u00e5l:<\/h5>\n<p>Sp\u00f8rgsm\u00e5l: Hvad er den mindste bestillingsm\u00e6ngde (MOQ) for Bang Rocket 18000 Puffs?<br \/>\nA: Minimumsbestilling er 100 stk.<br \/>\nQ: Hvad er leveringstiden for den bestilte vape?<br \/>\nA: Normalt 10-15 dage efter afsendelse<br \/>\nQ: Hvor meget er forsendelsesomkostningerne? A: Forsendelsesomkostningerne afh\u00e6nger af v\u00e6gten. Forskellige m\u00e6ngder har forskellige forsendelsesomkostninger, kontakt os venligst for at bekr\u00e6fte forsendelsesomkostningerne.<\/p>\n<h4>Forsendelsesdetaljer:<\/h4>\n<p><span style=\"color: #ff6600\">Produktionstid: 5-10 arbejdsdage<\/span><br \/>\n<span style=\"color: #ff6600\">Leveringstid: 8-14 arbejdsdage<\/span><\/p>\n<p>Alle produkter i vores butik er 100% originale og autentiske, s\u00e5 ti gange kompensation for falske varer er vores butikspolitik. Vi bruger logistikkanaler som UPS\/DHL\/FEDEX\/DPD til at levere varer til dig.<\/p>\n<p>For pakker sendt til Danmark tager det normalt 10 arbejdsdage at ankomme. Forsendelse til europ\u00e6iske lande tager normalt 12 til 15 arbejdsdage at ankomme. Vi vil opdatere logistikinformationen for dig i realtid.<\/p>","protected":false},"excerpt":{"rendered":"<p><a href=\"https:\/\/vapebulkp.com\/da\/product\/original-vape-bang-rocket-18000-puffs-good-sale\/\">Den Gode Vape Bang Rocket 18000 pust er v\u00e6rd at eje!<\/a><\/p>\n<p>Kontakt venligst Mandys WhatsApp for rabatpris<a href=\"https:\/\/wa.me\/8618077105796\">+8618077105796<\/a><\/p>\n<p><img decoding=\"async\" class=\"alignnone wp-image-2151\" src=\"http:\/\/vapebulkp.com\/wp-content\/uploads\/2024\/04\/Mandy-WhatsApp-Randm.jpg\" alt=\"Mandy WhatsApp Randm\" width=\"297\" height=\"316\" srcset=\"https:\/\/vapebulkp.com\/wp-content\/uploads\/2024\/04\/Mandy-WhatsApp-Randm.jpg 916w, https:\/\/vapebulkp.com\/wp-content\/uploads\/2024\/04\/Mandy-WhatsApp-Randm-282x300.jpg 282w, https:\/\/vapebulkp.com\/wp-content\/uploads\/2024\/04\/Mandy-WhatsApp-Randm-768x817.jpg 768w, https:\/\/vapebulkp.com\/wp-content\/uploads\/2024\/04\/Mandy-WhatsApp-Randm-600x638.jpg 600w\" sizes=\"(max-width: 297px) 100vw, 297px\" \/><\/p>\n<p><span style=\"color: #ff0000\">BEM\u00c6RK: Priserne p\u00e5 vores hjemmeside inkluderer ikke forsendelsesomkostninger<\/span><\/p>\n<p>&nbsp;<\/p>","protected":false},"featured_media":2279,"comment_status":"open","ping_status":"closed","template":"","meta":{"_uag_custom_page_level_css":"","_lmt_disableupdate":"no","_lmt_disable":"","site-sidebar-layout":"default","site-content-layout":"content-boxed-container","ast-site-content-layout":"normal-width-container","site-content-style":"boxed","site-sidebar-style":"unboxed","ast-global-header-display":"","ast-banner-title-visibility":"","ast-main-header-display":"","ast-hfb-above-header-display":"","ast-hfb-below-header-display":"","ast-hfb-mobile-header-display":"","site-post-title":"","ast-breadcrumbs-content":"","ast-featured-img":"","footer-sml-layout":"","theme-transparent-header-meta":"default","adv-header-id-meta":"","stick-header-meta":"","header-above-stick-meta":"","header-main-stick-meta":"","header-below-stick-meta":"","astra-migrate-meta-layouts":"set","_joinchat":[]},"product_cat":[163,153,345,155,33,59,100,34,158,157,154,152,58,84,156,63,32],"product_tag":[111,36,37,41,40],"class_list":["post-2303","product","type-product","status-publish","has-post-thumbnail","hentry","product_cat-18000-puffs-disposable-vape","product_cat-hot-disposable-vapes","product_cat-bang-vapes","product_cat-belgium-hot-disposable-vapes","product_cat-france-vape-hot-sale","product_cat-germany-hot-disposable-vape","product_cat-germany-wholesale-vape-shop","product_cat-netherlands-vape-good-sale","product_cat-norway-hot-disposable-vapes","product_cat-poland-hot-disposable-vapes","product_cat-portugal-hot-disposable-vapes","product_cat-spain-hot-disposable-vapes","product_cat-sweden-hot-disposable-vape","product_cat-sweden-wholesale-vape","product_cat-switzerland-hot-disposable-vapes","product_cat-top-sale-disposable-vape","product_cat-vape-hot-sale-this-week","product_tag-18000puffs","product_tag-good-vape","product_tag-hot-sale-disposable-vape","product_tag-poland-hot-vape","product_tag-sweden-hot-vape","pa_brand-bang-vape","desktop-align-left","tablet-align-left","mobile-align-left"],"yoast_head":"<!-- This site is optimized with the Yoast SEO plugin v21.1 - https:\/\/yoast.com\/wordpress\/plugins\/seo\/ -->\n<title>Original Vape Bang Rocket 18000 Puffs Good Sale - vapebulkp.com<\/title>\n<meta name=\"description\" content=\"Bang Rocket 18000 Puffs vape with a robust 650mAh battery and a whopping 20ml e-liquid capacity, this device ensures long-lasting satisfaction..\" \/>\n<meta name=\"robots\" content=\"index, follow, max-snippet:-1, max-image-preview:large, max-video-preview:-1\" \/>\n<link rel=\"canonical\" href=\"https:\/\/vapebulkp.com\/da\/product\/original-vape-bang-rocket-18000-puffs-good-sale\/\" \/>\n<meta property=\"og:locale\" content=\"da_DK\" \/>\n<meta property=\"og:type\" content=\"article\" \/>\n<meta property=\"og:title\" content=\"Original Vape Bang Rocket 18000 Puffs Good Sale - vapebulkp.com\" \/>\n<meta property=\"og:description\" content=\"Bang Rocket 18000 Puffs vape with a robust 650mAh battery and a whopping 20ml e-liquid capacity, this device ensures long-lasting satisfaction..\" \/>\n<meta property=\"og:url\" content=\"https:\/\/vapebulkp.com\/da\/product\/original-vape-bang-rocket-18000-puffs-good-sale\/\" \/>\n<meta property=\"og:site_name\" content=\"vapebulkp.com\" \/>\n<meta property=\"article:modified_time\" content=\"2025-09-24T03:19:58+00:00\" \/>\n<meta property=\"og:image\" content=\"http:\/\/vapebulkp.com\/wp-content\/uploads\/2024\/04\/Bang-Rocket-18000-Puffs-Disposable-Vape-Nehterlands-1024x1024.png\" \/>\n\t<meta property=\"og:image:width\" content=\"1024\" \/>\n\t<meta property=\"og:image:height\" content=\"1024\" \/>\n\t<meta property=\"og:image:type\" content=\"image\/png\" \/>\n<meta name=\"twitter:card\" content=\"summary_large_image\" \/>\n<meta name=\"twitter:label1\" content=\"Estimeret l\u00e6setid\" \/>\n\t<meta name=\"twitter:data1\" content=\"4 minutter\" \/>\n<script type=\"application\/ld+json\" class=\"yoast-schema-graph\">{\"@context\":\"https:\/\/schema.org\",\"@graph\":[{\"@type\":\"WebPage\",\"@id\":\"https:\/\/vapebulkp.com\/product\/original-vape-bang-rocket-18000-puffs-good-sale\/\",\"url\":\"https:\/\/vapebulkp.com\/product\/original-vape-bang-rocket-18000-puffs-good-sale\/\",\"name\":\"Original Vape Bang Rocket 18000 Puffs Good Sale - vapebulkp.com\",\"isPartOf\":{\"@id\":\"https:\/\/vapebulkp.com\/#website\"},\"datePublished\":\"2024-04-24T09:58:02+00:00\",\"dateModified\":\"2025-09-24T03:19:58+00:00\",\"description\":\"Bang Rocket 18000 Puffs vape with a robust 650mAh battery and a whopping 20ml e-liquid capacity, this device ensures long-lasting satisfaction..\",\"breadcrumb\":{\"@id\":\"https:\/\/vapebulkp.com\/product\/original-vape-bang-rocket-18000-puffs-good-sale\/#breadcrumb\"},\"inLanguage\":\"da-DK\",\"potentialAction\":[{\"@type\":\"ReadAction\",\"target\":[\"https:\/\/vapebulkp.com\/product\/original-vape-bang-rocket-18000-puffs-good-sale\/\"]}]},{\"@type\":\"BreadcrumbList\",\"@id\":\"https:\/\/vapebulkp.com\/product\/original-vape-bang-rocket-18000-puffs-good-sale\/#breadcrumb\",\"itemListElement\":[{\"@type\":\"ListItem\",\"position\":1,\"name\":\"Home\",\"item\":\"https:\/\/vapebulkp.com\/\"},{\"@type\":\"ListItem\",\"position\":2,\"name\":\"Hot Trend Vapes\",\"item\":\"https:\/\/vapebulkp.com\/vape-shop\/\"},{\"@type\":\"ListItem\",\"position\":3,\"name\":\"Original Vape Bang Rocket 18000 Puffs Good Sale\"}]},{\"@type\":\"WebSite\",\"@id\":\"https:\/\/vapebulkp.com\/#website\",\"url\":\"https:\/\/vapebulkp.com\/\",\"name\":\"vapebulkp.com\",\"description\":\"Buy Vape In Cheap Bulk Price Near you\",\"publisher\":{\"@id\":\"https:\/\/vapebulkp.com\/#organization\"},\"potentialAction\":[{\"@type\":\"SearchAction\",\"target\":{\"@type\":\"EntryPoint\",\"urlTemplate\":\"https:\/\/vapebulkp.com\/?s={search_term_string}\"},\"query-input\":\"required name=search_term_string\"}],\"inLanguage\":\"da-DK\"},{\"@type\":\"Organization\",\"@id\":\"https:\/\/vapebulkp.com\/#organization\",\"name\":\"vapebulkp.com\",\"url\":\"https:\/\/vapebulkp.com\/\",\"logo\":{\"@type\":\"ImageObject\",\"inLanguage\":\"da-DK\",\"@id\":\"https:\/\/vapebulkp.com\/#\/schema\/logo\/image\/\",\"url\":\"https:\/\/vapebulkp.com\/wp-content\/uploads\/2023\/09\/cropped-vapebulkp.png\",\"contentUrl\":\"https:\/\/vapebulkp.com\/wp-content\/uploads\/2023\/09\/cropped-vapebulkp.png\",\"width\":516,\"height\":163,\"caption\":\"vapebulkp.com\"},\"image\":{\"@id\":\"https:\/\/vapebulkp.com\/#\/schema\/logo\/image\/\"}}]}<\/script>\n<!-- \/ Yoast SEO plugin. -->","yoast_head_json":{"title":"Original Vape Bang Rocket 18000 Puffs Good Sale - vapebulkp.com","description":"Bang Rocket 18000 Puffs vape with a robust 650mAh battery and a whopping 20ml e-liquid capacity, this device ensures long-lasting satisfaction..","robots":{"index":"index","follow":"follow","max-snippet":"max-snippet:-1","max-image-preview":"max-image-preview:large","max-video-preview":"max-video-preview:-1"},"canonical":"https:\/\/vapebulkp.com\/da\/product\/original-vape-bang-rocket-18000-puffs-good-sale\/","og_locale":"da_DK","og_type":"article","og_title":"Original Vape Bang Rocket 18000 Puffs Good Sale - vapebulkp.com","og_description":"Bang Rocket 18000 Puffs vape with a robust 650mAh battery and a whopping 20ml e-liquid capacity, this device ensures long-lasting satisfaction..","og_url":"https:\/\/vapebulkp.com\/da\/product\/original-vape-bang-rocket-18000-puffs-good-sale\/","og_site_name":"vapebulkp.com","article_modified_time":"2025-09-24T03:19:58+00:00","og_image":[{"width":1024,"height":1024,"url":"http:\/\/vapebulkp.com\/wp-content\/uploads\/2024\/04\/Bang-Rocket-18000-Puffs-Disposable-Vape-Nehterlands-1024x1024.png","type":"image\/png"}],"twitter_card":"summary_large_image","twitter_misc":{"Estimeret l\u00e6setid":"4 minutter"},"schema":{"@context":"https:\/\/schema.org","@graph":[{"@type":"WebPage","@id":"https:\/\/vapebulkp.com\/product\/original-vape-bang-rocket-18000-puffs-good-sale\/","url":"https:\/\/vapebulkp.com\/product\/original-vape-bang-rocket-18000-puffs-good-sale\/","name":"Original Vape Bang Rocket 18000 Puffs Good Sale - vapebulkp.com","isPartOf":{"@id":"https:\/\/vapebulkp.com\/#website"},"datePublished":"2024-04-24T09:58:02+00:00","dateModified":"2025-09-24T03:19:58+00:00","description":"Bang Rocket 18000 Puffs vape with a robust 650mAh battery and a whopping 20ml e-liquid capacity, this device ensures long-lasting satisfaction..","breadcrumb":{"@id":"https:\/\/vapebulkp.com\/product\/original-vape-bang-rocket-18000-puffs-good-sale\/#breadcrumb"},"inLanguage":"da-DK","potentialAction":[{"@type":"ReadAction","target":["https:\/\/vapebulkp.com\/product\/original-vape-bang-rocket-18000-puffs-good-sale\/"]}]},{"@type":"BreadcrumbList","@id":"https:\/\/vapebulkp.com\/product\/original-vape-bang-rocket-18000-puffs-good-sale\/#breadcrumb","itemListElement":[{"@type":"ListItem","position":1,"name":"Home","item":"https:\/\/vapebulkp.com\/"},{"@type":"ListItem","position":2,"name":"Hot Trend Vapes","item":"https:\/\/vapebulkp.com\/vape-shop\/"},{"@type":"ListItem","position":3,"name":"Original Vape Bang Rocket 18000 Puffs Good Sale"}]},{"@type":"WebSite","@id":"https:\/\/vapebulkp.com\/#website","url":"https:\/\/vapebulkp.com\/","name":"vapebulkp.com","description":"Buy Vape In Cheap Bulk Price Near you","publisher":{"@id":"https:\/\/vapebulkp.com\/#organization"},"potentialAction":[{"@type":"SearchAction","target":{"@type":"EntryPoint","urlTemplate":"https:\/\/vapebulkp.com\/?s={search_term_string}"},"query-input":"required name=search_term_string"}],"inLanguage":"da-DK"},{"@type":"Organization","@id":"https:\/\/vapebulkp.com\/#organization","name":"vapebulkp.com","url":"https:\/\/vapebulkp.com\/","logo":{"@type":"ImageObject","inLanguage":"da-DK","@id":"https:\/\/vapebulkp.com\/#\/schema\/logo\/image\/","url":"https:\/\/vapebulkp.com\/wp-content\/uploads\/2023\/09\/cropped-vapebulkp.png","contentUrl":"https:\/\/vapebulkp.com\/wp-content\/uploads\/2023\/09\/cropped-vapebulkp.png","width":516,"height":163,"caption":"vapebulkp.com"},"image":{"@id":"https:\/\/vapebulkp.com\/#\/schema\/logo\/image\/"}}]}},"uagb_featured_image_src":{"full":["https:\/\/vapebulkp.com\/wp-content\/uploads\/2024\/04\/Bang-Rocket-18000-Puffs-Disposable-Vape-Nehterlands.png",1500,1500,false],"thumbnail":["https:\/\/vapebulkp.com\/wp-content\/uploads\/2024\/04\/Bang-Rocket-18000-Puffs-Disposable-Vape-Nehterlands-150x150.png",150,150,true],"medium":["https:\/\/vapebulkp.com\/wp-content\/uploads\/2024\/04\/Bang-Rocket-18000-Puffs-Disposable-Vape-Nehterlands-300x300.png",300,300,true],"medium_large":["https:\/\/vapebulkp.com\/wp-content\/uploads\/2024\/04\/Bang-Rocket-18000-Puffs-Disposable-Vape-Nehterlands-768x768.png",768,768,true],"large":["https:\/\/vapebulkp.com\/wp-content\/uploads\/2024\/04\/Bang-Rocket-18000-Puffs-Disposable-Vape-Nehterlands-1024x1024.png",1024,1024,true],"1536x1536":["https:\/\/vapebulkp.com\/wp-content\/uploads\/2024\/04\/Bang-Rocket-18000-Puffs-Disposable-Vape-Nehterlands.png",1500,1500,false],"2048x2048":["https:\/\/vapebulkp.com\/wp-content\/uploads\/2024\/04\/Bang-Rocket-18000-Puffs-Disposable-Vape-Nehterlands.png",1500,1500,false],"trp-custom-language-flag":["https:\/\/vapebulkp.com\/wp-content\/uploads\/2024\/04\/Bang-Rocket-18000-Puffs-Disposable-Vape-Nehterlands.png",12,12,false],"woocommerce_thumbnail":["https:\/\/vapebulkp.com\/wp-content\/uploads\/2024\/04\/Bang-Rocket-18000-Puffs-Disposable-Vape-Nehterlands-300x300.png",300,300,true],"woocommerce_single":["https:\/\/vapebulkp.com\/wp-content\/uploads\/2024\/04\/Bang-Rocket-18000-Puffs-Disposable-Vape-Nehterlands-600x600.png",600,600,true],"woocommerce_gallery_thumbnail":["https:\/\/vapebulkp.com\/wp-content\/uploads\/2024\/04\/Bang-Rocket-18000-Puffs-Disposable-Vape-Nehterlands-100x100.png",100,100,true],"wcpr-photo-reviews":["https:\/\/vapebulkp.com\/wp-content\/uploads\/2024\/04\/Bang-Rocket-18000-Puffs-Disposable-Vape-Nehterlands.png",500,500,false]},"uagb_author_info":{"display_name":"Mandy vape bulk price","author_link":"https:\/\/vapebulkp.com\/da\/author\/"},"uagb_comment_info":2,"uagb_excerpt":"The Good Vape\u00a0 Bang Rocket 18000 puffs is worth owning\uff01 Pls Contact Mandy's WhatsApp For Discount Price+8618077105796 NOTE: Prices on our website does not include shipping costs &nbsp;","_links":{"self":[{"href":"https:\/\/vapebulkp.com\/da\/wp-json\/wp\/v2\/product\/2303","targetHints":{"allow":["GET"]}}],"collection":[{"href":"https:\/\/vapebulkp.com\/da\/wp-json\/wp\/v2\/product"}],"about":[{"href":"https:\/\/vapebulkp.com\/da\/wp-json\/wp\/v2\/types\/product"}],"replies":[{"embeddable":true,"href":"https:\/\/vapebulkp.com\/da\/wp-json\/wp\/v2\/comments?post=2303"}],"wp:featuredmedia":[{"embeddable":true,"href":"https:\/\/vapebulkp.com\/da\/wp-json\/wp\/v2\/media\/2279"}],"wp:attachment":[{"href":"https:\/\/vapebulkp.com\/da\/wp-json\/wp\/v2\/media?parent=2303"}],"wp:term":[{"taxonomy":"product_cat","embeddable":true,"href":"https:\/\/vapebulkp.com\/da\/wp-json\/wp\/v2\/product_cat?post=2303"},{"taxonomy":"product_tag","embeddable":true,"href":"https:\/\/vapebulkp.com\/da\/wp-json\/wp\/v2\/product_tag?post=2303"}],"curies":[{"name":"wp","href":"https:\/\/api.w.org\/{rel}","templated":true}]}}