{"id":2403,"date":"2024-04-29T11:11:35","date_gmt":"2024-04-29T09:11:35","guid":{"rendered":"https:\/\/vapebulkp.com\/?post_type=product&#038;p=2403"},"modified":"2025-09-24T05:46:13","modified_gmt":"2025-09-24T03:46:13","slug":"vopk-shisha-15k-puffs-original-vape-jnr-shisha","status":"publish","type":"product","link":"https:\/\/vapebulkp.com\/da\/product\/vopk-shisha-15k-puffs-original-vape-jnr-shisha\/","title":{"rendered":"VOPK SHISHA 15K PUFFER Original Vape JNR SHISHA"},"content":{"rendered":"<h1>VOPK SHISHA 15K PUFFER Original Vape JNR SHISHA<\/h1>\n<p>&nbsp;<\/p>\n<p data-start=\"378\" data-end=\"758\">VOPK SHISHA 15K PUFFS Original Vape JNR SHISHA er en premium <a href=\"https:\/\/vapebulkp.com\/da\/product-category\/15000-puffs-disposable-vape\/\"><strong data-start=\"448\" data-end=\"479\">15000 sug engangs-vape<\/strong><\/a> med et stilfuldt tofarvet design og UV-print, der viser overlegent h\u00e5ndv\u00e6rk og konstruktion af h\u00f8j kvalitet. Udstyret med en 0.6\u03a9 mesh-coil, leverer den t\u00e6t damp og j\u00e6vne sug, hvilket g\u00f8r den til et topvalg blandt <strong data-start=\"697\" data-end=\"716\">mesh coil vapes<\/strong> og <strong data-start=\"721\" data-end=\"755\">engangs e-cigaretter med h\u00f8j kapacitet<\/strong>.<\/p>\n<p data-start=\"760\" data-end=\"1043\">Med en rummelig 20 ml e-v\u00e6ske tank og avanceret mesh coil-kerne, giver denne <strong data-start=\"829\" data-end=\"862\">nikotin salt engangs vape<\/strong> konsekvent, rig smag med hvert pust. Drevet af et 600mAh genopladeligt batteri og Type-C hurtigopladning, sikrer det langvarig ydeevne og uafbrudt dampning.<\/p>\n<p data-start=\"1045\" data-end=\"1318\">F\u00e5s i en r\u00e6kke smagsvarianter, herunder Double Apple, Grape Mint, Juicy Peach og mere, tilfredsstiller <strong data-start=\"1142\" data-end=\"1169\">VOPK SHISHA 15000 Puff<\/strong> diverse smagspr\u00e6ferencer. Kompakt, stilfuld og b\u00e6rbar, den er ideel til daglig brug, sociale omgivelser eller <strong data-start=\"1285\" data-end=\"1308\">bulk vape engros<\/strong> ordrer.<\/p>\n<p data-start=\"1320\" data-end=\"1526\">For forhandlere og entusiaster, der s\u00f8ger <strong data-start=\"1358\" data-end=\"1386\">premium engangs vapes<\/strong>, udstr\u00e5ler <strong data-start=\"1392\" data-end=\"1419\">VOPK SHISHA 15k Puff<\/strong> tilbyder uovertruffen smag, p\u00e5lidelighed og bekvemmelighed - hurtig forsendelse i EU tilg\u00e6ngelig for engrosordrer.<\/p>\n<p><img decoding=\"async\" class=\"alignnone wp-image-2362\" src=\"http:\/\/vapebulkp.com\/wp-content\/uploads\/2024\/04\/VOPK-Shisha-Vape-15K-PUFFS-Discount-Price-scaled.jpg\" alt=\"VOPK Shisha Vape 15K PUFFS Nedsat pris\" width=\"538\" height=\"538\" srcset=\"https:\/\/vapebulkp.com\/wp-content\/uploads\/2024\/04\/VOPK-Shisha-Vape-15K-PUFFS-Discount-Price-scaled.jpg 2560w, https:\/\/vapebulkp.com\/wp-content\/uploads\/2024\/04\/VOPK-Shisha-Vape-15K-PUFFS-Discount-Price-300x300.jpg 300w, https:\/\/vapebulkp.com\/wp-content\/uploads\/2024\/04\/VOPK-Shisha-Vape-15K-PUFFS-Discount-Price-1024x1024.jpg 1024w, https:\/\/vapebulkp.com\/wp-content\/uploads\/2024\/04\/VOPK-Shisha-Vape-15K-PUFFS-Discount-Price-150x150.jpg 150w, https:\/\/vapebulkp.com\/wp-content\/uploads\/2024\/04\/VOPK-Shisha-Vape-15K-PUFFS-Discount-Price-768x768.jpg 768w, https:\/\/vapebulkp.com\/wp-content\/uploads\/2024\/04\/VOPK-Shisha-Vape-15K-PUFFS-Discount-Price-1536x1536.jpg 1536w, https:\/\/vapebulkp.com\/wp-content\/uploads\/2024\/04\/VOPK-Shisha-Vape-15K-PUFFS-Discount-Price-2048x2048.jpg 2048w, https:\/\/vapebulkp.com\/wp-content\/uploads\/2024\/04\/VOPK-Shisha-Vape-15K-PUFFS-Discount-Price-600x600.jpg 600w, https:\/\/vapebulkp.com\/wp-content\/uploads\/2024\/04\/VOPK-Shisha-Vape-15K-PUFFS-Discount-Price-100x100.jpg 100w\" sizes=\"(max-width: 538px) 100vw, 538px\" \/><\/p>\n<h6 style=\"text-align: left\"><\/h6>\n<h6>Kontakt venligst Mandys WhatsApp for rabatpris<a href=\"https:\/\/wa.me\/8618077105796\">+8618077105796<\/a><\/h6>\n<p><img decoding=\"async\" class=\"alignnone wp-image-2151\" src=\"http:\/\/vapebulkp.com\/wp-content\/uploads\/2024\/04\/Mandy-WhatsApp-Randm.jpg\" alt=\"Mandy WhatsApp Randm\" width=\"263\" height=\"280\" srcset=\"https:\/\/vapebulkp.com\/wp-content\/uploads\/2024\/04\/Mandy-WhatsApp-Randm.jpg 916w, https:\/\/vapebulkp.com\/wp-content\/uploads\/2024\/04\/Mandy-WhatsApp-Randm-282x300.jpg 282w, https:\/\/vapebulkp.com\/wp-content\/uploads\/2024\/04\/Mandy-WhatsApp-Randm-768x817.jpg 768w, https:\/\/vapebulkp.com\/wp-content\/uploads\/2024\/04\/Mandy-WhatsApp-Randm-600x638.jpg 600w\" sizes=\"(max-width: 263px) 100vw, 263px\" \/><\/p>\n<h2><span style=\"vertical-align: inherit\">T\u00e6nkte du m\u00e5ske ville vide om VOPK shisha 15k Puff JNR Vape:<\/span><\/h2>\n<p>&nbsp;<\/p>\n<h6 class=\"style-scope ytd-watch-metadata\">1.Hvordan bruger man JNR VOPK shisha 15000 Puffs SHISHA Vape Pen?<\/h6>\n<p>En: Riv den forseglede pose op<br \/>\nTo: Riv klisterm\u00e6rket af<br \/>\nTre: Tr\u00e6k silikoneproppen ud og lad den st\u00e5 i 10 minutter, s\u00e5 kan du bruge JNR Shisha Vape<\/p>\n<h6>2.Hvordan oplader man Original Vape VOPK shisha 15000 Puffs-enheden?<\/h6>\n<p>Opladere til hurtigopladning kan ikke anvendes. Den sikre standardstr\u00f8m til engangs-e-cigaretter er 5V 1A.<\/p>\n<p>Hver opladning m\u00e5 ikke overskride 1 time, og den sikre opladningstid er en halv time.<\/p>\n<h6>3.Hvor mange sug har VOPK JNR shisha vape 15k Puffs engangs-vape-pen?<\/h6>\n<p>\u2014-15000 Pust<\/p>\n<p><span style=\"color: #ff6600\">Bem\u00e6rk: kan ikke oplade hele natten!<\/span><\/p>\n<h6>4.Hvorfor v\u00e6lge VOPK JNR shisha 15k Puffs JNR Vape?<\/h6>\n<p>&nbsp;<\/p>\n<p><span style=\"color: #ff0000\"><strong>Uovertruffen kvalitet<\/strong><\/span>: VOPK Shisha 15k Puffs JNR Vape er fremstillet med omhyggelig opm\u00e6rksomhed p\u00e5 detaljer, hvilket sikrer uovertruffen kvalitet og ydeevne.<\/p>\n<p><span style=\"color: #ff0000\"><strong>Innovativt design<\/strong><\/span>: Med et stilfuldt tofarvet design med UV-print skiller VOPK shisha 15k Puffs JNR Vape sig ud med sit uds\u00f8gte stangh\u00e5ndv\u00e6rk, der adskiller den fra resten.<\/p>\n<p><span style=\"color: #ff0000\"><strong>Forbedret damp-produktion<\/strong>:<\/span> Udstyret med en 0,6 ohm mesh-spole garanterer denne vape en forbedret damp-produktion, hvilket giver en j\u00e6vn og ensartet damp-oplevelse ved hvert sug.<\/p>\n<p><span style=\"color: #ff0000\"><strong>Langtidsholdbart batteri<\/strong>:<\/span> Drevet af et robust 600mAh batteri underst\u00f8ttet af 18250 batterimodellen og en praktisk Type-C opladningsport, sikrer VOPK shisha 15k Puffs JNR Vape forl\u00e6nget brug for l\u00e6ngere tids nydelse.<\/p>\n<p><span style=\"color: #ff0000\"><strong>Gener\u00f8st antal sug<\/strong>:<\/span> Denne engangs-vape tilbyder imponerende 15.000 sug og giver rigelige damp-sessioner, hvilket g\u00f8r den til et p\u00e5lideligt valg for vape-entusiaster, der s\u00f8ger lang levetid.<\/p>\n<p><span style=\"color: #ff0000\"><strong>Bredt udvalg af smagsvarianter<\/strong>:<\/span> Nyd et varieret udvalg af lokkende smage, herunder Double Apple, Grape Mint, Juicy Peach og mere, der im\u00f8dekommer forskellige smagspr\u00e6ferencer og sikrer en tilfredsstillende damp-oplevelse for alle.<\/p>\n<p><span style=\"color: #ff0000\"><strong>Direkte-til-lunge inhalation<\/strong>:<\/span> Designet til direkte-til-lunge inhalation, tilbyder VOPK shisha 15k Puffs JNR Vape et tilfredsstillende sug, perfekt til kr\u00e6sne dampere, der s\u00e6tter pris p\u00e5 en fyldig damp-oplevelse.<\/p>\n<p><span style=\"color: #ff0000\"><strong>Engrosmulighed<\/strong>:<\/span> Drag fordel af vores engrostilbud og nyd omkostningsbesparelser, mens du fylder lageret op med dette f\u00f8rsteklasses damp-produkt, hvilket sikrer, at du altid har et forsyning ved h\u00e5nden til dig selv eller dine kunder.<\/p>\n<p>&nbsp;<\/p>\n<h3>VOPK ShiSha Vape Funktion:<\/h3>\n<p>Model:VOPK SHISHA 15000 PUFFS God salgs-Vape<br \/>\nPuffs: 15000puffs<br \/>\nBatterikapacitet: 650mAh<br \/>\nE-v\u00e6skevolumen: 23ml<br \/>\nNikotinindhold: 2%\/\/5% Nikotinsalt<br \/>\nEmballage: 10 styk i 1 displayboks<br \/>\nMinimum ordrem\u00e6ngde (MOQ): 50 stykker<\/p>\n<h3><strong>\u00a0Original vape VOPK JNR shisha<\/strong> 15000 sug\u00a0 <strong>Smagsliste:<\/strong><\/h3>\n<p>1.Dobbelt \u00c6ble<br \/>\n2.Dobbelt Melon Mynte<br \/>\n3.Vindrue Mynte<br \/>\n4.Saftig Fersken<br \/>\n5. Lady Killa<br \/>\n6.Blandet B\u00e6r Is<br \/>\n7.Ananas Kokos<br \/>\n8.R\u00f8de b\u00e6r slush<br \/>\n9.Vandmelon is<br \/>\n10.Hvid Mamba<\/p>\n<p><a href=\"https:\/\/vapebulkp.com\/da\/product\/popular-randm-tornado-7000puffs-disposable-vape-best-price\/\">Randm tornado 7000 pust<\/a><\/p>\n<p><span style=\"vertical-align: inherit\">Find flere produkter du m\u00e5ske kan lide:<\/span><em><a href=\"https:\/\/wa.me\/8618077105796\"><span style=\"vertical-align: inherit\">\u00a0K\u00f8b den nu<\/span><\/a><\/em><\/p>\n<p><span style=\"vertical-align: inherit\">Andre Puffs du m\u00e5ske kan lide:<\/span><a href=\"https:\/\/vapebulkp.com\/da\/product\/good-sale-randm-tornado-10000-puffs-plus\/\"><span style=\"vertical-align: inherit\">RandM 10000Pust<\/span><\/a><span style=\"vertical-align: inherit\">\u2014Med en pustekapacitet p\u00e5 10.000 pust er denne enhed en favorit blandt vaping-entusiaster.<\/span><\/p>\n<p><a href=\"https:\/\/vapebulkp.com\/da\/product\/wholesale-randm-tornado-9000-puffs-germany\/\"><span style=\"vertical-align: inherit\">RandM Tornado 9000 Puf<\/span><\/a><span style=\"vertical-align: inherit\">\u2014Som den mest popul\u00e6re e-cigaret har Randm 9.000 sug, som du kan nyde<\/span><\/p>\n<p><a href=\"https:\/\/vapebulkp.com\/da\/product\/bang-20000-puffs-hot-vape-top-sale-vape\/\"><span style=\"vertical-align: inherit\">Bang 20000 Sug<\/span><\/a><span style=\"vertical-align: inherit\">\u2014Bang King er et popul\u00e6rt m\u00e6rke med unikke modeller og 20000 sug<\/span><\/p>\n<p><a href=\"https:\/\/vapebulkp.com\/da\/product\/bang-king-12000puffs\/\"><span style=\"vertical-align: inherit\">Bang King 12000 pust<\/span><\/a>\u2014-Bang King 12000 Pust er et popul\u00e6rt m\u00e6rke med unikke modeller og 12.000 pust, en anden mulighed for at forbedre dine vaping-behov<\/p>\n<p><span style=\"vertical-align: inherit\">E-cigaret flaske med special form:<\/span><a href=\"https:\/\/vapebulkp.com\/da\/product\/original-vape-bang-tn-12000-puffs-bang-vape\/\"><span style=\"vertical-align: inherit\">Bang TN 12000 pust<\/span><\/a><span style=\"vertical-align: inherit\">\/ <\/span><a href=\"https:\/\/vapebulkp.com\/da\/product\/vapme-crystal-7000-puffs-original-vape-good-flavor\/\"><span style=\"vertical-align: inherit\">Crystal 7000 sug<\/span><\/a><span style=\"vertical-align: inherit\">\/<\/span><a href=\"https:\/\/vapebulkp.com\/da\/product\/top-sale-waspe-12000puffs-disposable-vape-wholesale-france\/\"><span style=\"vertical-align: inherit\">WASPE 12000 pust<\/span><\/a><\/p>\n<p><a href=\"https:\/\/vapebulkp.com\/da\/product\/discount-price-cloud-bar-tn-15000-disposable-vape-raz-bar\/\">Cloud Bar TN 15000 Pust Original vape<\/a><\/p>\n<p><a href=\"https:\/\/vapebulkp.com\/da\/product\/vopk-shisha-15k-puffs-original-vape-jnr-shisha\/\">VOPK shisha JNR SHISHA 15K PUFFS<\/a><\/p>\n<p><a href=\"https:\/\/vapebulkp.com\/da\/product\/original-vape-bang-rocket-18000-puffs-good-sale\/\">Original Vape Bang Rocket 18000 sug Godt salg<\/a><\/p>\n<h4>Forsendelsesdetaljer:<\/h4>\n<p><span style=\"color: #ff6600\">Produktionstid: 5-10 arbejdsdage<\/span><br \/>\n<span style=\"color: #ff6600\">Leveringstid: 8-14 arbejdsdage<\/span><\/p>\n<p>Alle produkter i vores butik er 100% originale og autentiske, s\u00e5 ti gange kompensation for falske varer er vores butikspolitik. Vi bruger logistikkanaler som UPS\/DHL\/FEDEX\/DPD til at levere varer til dig.<\/p>\n<p>For pakker sendt til Danmark tager det normalt 10 arbejdsdage at ankomme. Forsendelse til europ\u00e6iske lande tager normalt 12 til 15 arbejdsdage at ankomme. Vi vil opdatere logistikinformationen for dig i realtid.<\/p>\n<p>Kontakt os, og vi kan tilbyde dig Hazebar 12000 Puff og bringe din forretning til st\u00f8rre h\u00f8jder!<\/p>","protected":false},"excerpt":{"rendered":"<p>Fordyb dig i uovertruffen tilfredshed og kvalitet med VOPK Shisha Hookah 15000 Puffs<\/p>\n<p><img decoding=\"async\" class=\"alignnone wp-image-2151\" src=\"http:\/\/vapebulkp.com\/wp-content\/uploads\/2024\/04\/Mandy-WhatsApp-Randm.jpg\" alt=\"Mandy WhatsApp Randm\" width=\"238\" height=\"253\" srcset=\"https:\/\/vapebulkp.com\/wp-content\/uploads\/2024\/04\/Mandy-WhatsApp-Randm.jpg 916w, https:\/\/vapebulkp.com\/wp-content\/uploads\/2024\/04\/Mandy-WhatsApp-Randm-282x300.jpg 282w, https:\/\/vapebulkp.com\/wp-content\/uploads\/2024\/04\/Mandy-WhatsApp-Randm-768x817.jpg 768w, https:\/\/vapebulkp.com\/wp-content\/uploads\/2024\/04\/Mandy-WhatsApp-Randm-600x638.jpg 600w\" sizes=\"(max-width: 238px) 100vw, 238px\" \/><\/p>\n<p>Kontakt venligst Mandys WhatsApp for rabatpris<a href=\"https:\/\/wa.me\/8618077105796\">+8618077105796<\/a><\/p>\n<p><span style=\"color: #ff0000\">BEM\u00c6RK: Priserne p\u00e5 vores hjemmeside inkluderer ikke forsendelsesomkostninger<\/span><\/p>","protected":false},"featured_media":2375,"comment_status":"open","ping_status":"closed","template":"","meta":{"_uag_custom_page_level_css":"","_lmt_disableupdate":"no","_lmt_disable":"","site-sidebar-layout":"default","site-content-layout":"content-boxed-container","ast-site-content-layout":"normal-width-container","site-content-style":"boxed","site-sidebar-style":"unboxed","ast-global-header-display":"","ast-banner-title-visibility":"","ast-main-header-display":"","ast-hfb-above-header-display":"","ast-hfb-below-header-display":"","ast-hfb-mobile-header-display":"","site-post-title":"","ast-breadcrumbs-content":"","ast-featured-img":"","footer-sml-layout":"","theme-transparent-header-meta":"default","adv-header-id-meta":"","stick-header-meta":"","header-above-stick-meta":"","header-main-stick-meta":"","header-below-stick-meta":"","astra-migrate-meta-layouts":"set","_joinchat":[]},"product_cat":[165,153,155,33,59,100,87,34,158,157,154,152,58,84,156,363],"product_tag":[77,36,37,91,105,127,41,71,40],"class_list":["post-2403","product","type-product","status-publish","has-post-thumbnail","hentry","product_cat-15000-puffs-disposable-vape","product_cat-hot-disposable-vapes","product_cat-belgium-hot-disposable-vapes","product_cat-france-vape-hot-sale","product_cat-germany-hot-disposable-vape","product_cat-germany-wholesale-vape-shop","product_cat-minimum-order-quantity-50pcs","product_cat-netherlands-vape-good-sale","product_cat-norway-hot-disposable-vapes","product_cat-poland-hot-disposable-vapes","product_cat-portugal-hot-disposable-vapes","product_cat-spain-hot-disposable-vapes","product_cat-sweden-hot-disposable-vape","product_cat-sweden-wholesale-vape","product_cat-switzerland-hot-disposable-vapes","product_cat-vopk-vape","product_tag-15000-puffs","product_tag-good-vape","product_tag-hot-sale-disposable-vape","product_tag-italy-hot-vape","product_tag-jnr","product_tag-original-vape-inr-shisha","product_tag-poland-hot-vape","product_tag-randm","product_tag-sweden-hot-vape","pa_brand-vopk-vape","desktop-align-left","tablet-align-left","mobile-align-left"],"yoast_head":"<!-- This site is optimized with the Yoast SEO plugin v21.1 - https:\/\/yoast.com\/wordpress\/plugins\/seo\/ -->\n<title>VOPK SHISHA 15K PUFFS Original Vape JNR SHISHA - vapebulkp.com<\/title>\n<meta name=\"description\" content=\"Buy the VOPK SHISHA 15000 Puffs, a high-capacity 15000 Puffs Disposable Vape with mesh coil technology, rich nicotine salt flavors, and rechargeable battery. Perfect for daily use or wholesale orders \u2014 order now from EU warehouse!\" \/>\n<meta name=\"robots\" content=\"index, follow, max-snippet:-1, max-image-preview:large, max-video-preview:-1\" \/>\n<link rel=\"canonical\" href=\"https:\/\/vapebulkp.com\/da\/product\/vopk-shisha-15k-puffs-original-vape-jnr-shisha\/\" \/>\n<meta property=\"og:locale\" content=\"da_DK\" \/>\n<meta property=\"og:type\" content=\"article\" \/>\n<meta property=\"og:title\" content=\"VOPK SHISHA 15K PUFFS Original Vape JNR SHISHA - vapebulkp.com\" \/>\n<meta property=\"og:description\" content=\"Buy the VOPK SHISHA 15000 Puffs, a high-capacity 15000 Puffs Disposable Vape with mesh coil technology, rich nicotine salt flavors, and rechargeable battery. Perfect for daily use or wholesale orders \u2014 order now from EU warehouse!\" \/>\n<meta property=\"og:url\" content=\"https:\/\/vapebulkp.com\/da\/product\/vopk-shisha-15k-puffs-original-vape-jnr-shisha\/\" \/>\n<meta property=\"og:site_name\" content=\"vapebulkp.com\" \/>\n<meta property=\"article:modified_time\" content=\"2025-09-24T03:46:13+00:00\" \/>\n<meta property=\"og:image\" content=\"http:\/\/vapebulkp.com\/wp-content\/uploads\/2024\/04\/VOPK-SHISHA-15000-Puffs-Top-Sale.png\" \/>\n\t<meta property=\"og:image:width\" content=\"518\" \/>\n\t<meta property=\"og:image:height\" content=\"776\" \/>\n\t<meta property=\"og:image:type\" content=\"image\/png\" \/>\n<meta name=\"twitter:card\" content=\"summary_large_image\" \/>\n<meta name=\"twitter:label1\" content=\"Estimeret l\u00e6setid\" \/>\n\t<meta name=\"twitter:data1\" content=\"5 minutter\" \/>\n<script type=\"application\/ld+json\" class=\"yoast-schema-graph\">{\"@context\":\"https:\/\/schema.org\",\"@graph\":[{\"@type\":\"WebPage\",\"@id\":\"https:\/\/vapebulkp.com\/product\/vopk-shisha-15k-puffs-original-vape-jnr-shisha\/\",\"url\":\"https:\/\/vapebulkp.com\/product\/vopk-shisha-15k-puffs-original-vape-jnr-shisha\/\",\"name\":\"VOPK SHISHA 15K PUFFS Original Vape JNR SHISHA - vapebulkp.com\",\"isPartOf\":{\"@id\":\"https:\/\/vapebulkp.com\/#website\"},\"datePublished\":\"2024-04-29T09:11:35+00:00\",\"dateModified\":\"2025-09-24T03:46:13+00:00\",\"description\":\"Buy the VOPK SHISHA 15000 Puffs, a high-capacity 15000 Puffs Disposable Vape with mesh coil technology, rich nicotine salt flavors, and rechargeable battery. Perfect for daily use or wholesale orders \u2014 order now from EU warehouse!\",\"breadcrumb\":{\"@id\":\"https:\/\/vapebulkp.com\/product\/vopk-shisha-15k-puffs-original-vape-jnr-shisha\/#breadcrumb\"},\"inLanguage\":\"da-DK\",\"potentialAction\":[{\"@type\":\"ReadAction\",\"target\":[\"https:\/\/vapebulkp.com\/product\/vopk-shisha-15k-puffs-original-vape-jnr-shisha\/\"]}]},{\"@type\":\"BreadcrumbList\",\"@id\":\"https:\/\/vapebulkp.com\/product\/vopk-shisha-15k-puffs-original-vape-jnr-shisha\/#breadcrumb\",\"itemListElement\":[{\"@type\":\"ListItem\",\"position\":1,\"name\":\"Home\",\"item\":\"https:\/\/vapebulkp.com\/\"},{\"@type\":\"ListItem\",\"position\":2,\"name\":\"Hot Trend Vapes\",\"item\":\"https:\/\/vapebulkp.com\/vape-shop\/\"},{\"@type\":\"ListItem\",\"position\":3,\"name\":\"VOPK SHISHA 15K PUFFS Original Vape JNR SHISHA\"}]},{\"@type\":\"WebSite\",\"@id\":\"https:\/\/vapebulkp.com\/#website\",\"url\":\"https:\/\/vapebulkp.com\/\",\"name\":\"vapebulkp.com\",\"description\":\"Buy Vape In Cheap Bulk Price Near you\",\"publisher\":{\"@id\":\"https:\/\/vapebulkp.com\/#organization\"},\"potentialAction\":[{\"@type\":\"SearchAction\",\"target\":{\"@type\":\"EntryPoint\",\"urlTemplate\":\"https:\/\/vapebulkp.com\/?s={search_term_string}\"},\"query-input\":\"required name=search_term_string\"}],\"inLanguage\":\"da-DK\"},{\"@type\":\"Organization\",\"@id\":\"https:\/\/vapebulkp.com\/#organization\",\"name\":\"vapebulkp.com\",\"url\":\"https:\/\/vapebulkp.com\/\",\"logo\":{\"@type\":\"ImageObject\",\"inLanguage\":\"da-DK\",\"@id\":\"https:\/\/vapebulkp.com\/#\/schema\/logo\/image\/\",\"url\":\"https:\/\/vapebulkp.com\/wp-content\/uploads\/2023\/09\/cropped-vapebulkp.png\",\"contentUrl\":\"https:\/\/vapebulkp.com\/wp-content\/uploads\/2023\/09\/cropped-vapebulkp.png\",\"width\":516,\"height\":163,\"caption\":\"vapebulkp.com\"},\"image\":{\"@id\":\"https:\/\/vapebulkp.com\/#\/schema\/logo\/image\/\"}}]}<\/script>\n<!-- \/ Yoast SEO plugin. -->","yoast_head_json":{"title":"VOPK SHISHA 15K PUFFS Original Vape JNR SHISHA - vapebulkp.com","description":"Buy the VOPK SHISHA 15000 Puffs, a high-capacity 15000 Puffs Disposable Vape with mesh coil technology, rich nicotine salt flavors, and rechargeable battery. Perfect for daily use or wholesale orders \u2014 order now from EU warehouse!","robots":{"index":"index","follow":"follow","max-snippet":"max-snippet:-1","max-image-preview":"max-image-preview:large","max-video-preview":"max-video-preview:-1"},"canonical":"https:\/\/vapebulkp.com\/da\/product\/vopk-shisha-15k-puffs-original-vape-jnr-shisha\/","og_locale":"da_DK","og_type":"article","og_title":"VOPK SHISHA 15K PUFFS Original Vape JNR SHISHA - vapebulkp.com","og_description":"Buy the VOPK SHISHA 15000 Puffs, a high-capacity 15000 Puffs Disposable Vape with mesh coil technology, rich nicotine salt flavors, and rechargeable battery. Perfect for daily use or wholesale orders \u2014 order now from EU warehouse!","og_url":"https:\/\/vapebulkp.com\/da\/product\/vopk-shisha-15k-puffs-original-vape-jnr-shisha\/","og_site_name":"vapebulkp.com","article_modified_time":"2025-09-24T03:46:13+00:00","og_image":[{"width":518,"height":776,"url":"http:\/\/vapebulkp.com\/wp-content\/uploads\/2024\/04\/VOPK-SHISHA-15000-Puffs-Top-Sale.png","type":"image\/png"}],"twitter_card":"summary_large_image","twitter_misc":{"Estimeret l\u00e6setid":"5 minutter"},"schema":{"@context":"https:\/\/schema.org","@graph":[{"@type":"WebPage","@id":"https:\/\/vapebulkp.com\/product\/vopk-shisha-15k-puffs-original-vape-jnr-shisha\/","url":"https:\/\/vapebulkp.com\/product\/vopk-shisha-15k-puffs-original-vape-jnr-shisha\/","name":"VOPK SHISHA 15K PUFFS Original Vape JNR SHISHA - vapebulkp.com","isPartOf":{"@id":"https:\/\/vapebulkp.com\/#website"},"datePublished":"2024-04-29T09:11:35+00:00","dateModified":"2025-09-24T03:46:13+00:00","description":"Buy the VOPK SHISHA 15000 Puffs, a high-capacity 15000 Puffs Disposable Vape with mesh coil technology, rich nicotine salt flavors, and rechargeable battery. Perfect for daily use or wholesale orders \u2014 order now from EU warehouse!","breadcrumb":{"@id":"https:\/\/vapebulkp.com\/product\/vopk-shisha-15k-puffs-original-vape-jnr-shisha\/#breadcrumb"},"inLanguage":"da-DK","potentialAction":[{"@type":"ReadAction","target":["https:\/\/vapebulkp.com\/product\/vopk-shisha-15k-puffs-original-vape-jnr-shisha\/"]}]},{"@type":"BreadcrumbList","@id":"https:\/\/vapebulkp.com\/product\/vopk-shisha-15k-puffs-original-vape-jnr-shisha\/#breadcrumb","itemListElement":[{"@type":"ListItem","position":1,"name":"Home","item":"https:\/\/vapebulkp.com\/"},{"@type":"ListItem","position":2,"name":"Hot Trend Vapes","item":"https:\/\/vapebulkp.com\/vape-shop\/"},{"@type":"ListItem","position":3,"name":"VOPK SHISHA 15K PUFFS Original Vape JNR SHISHA"}]},{"@type":"WebSite","@id":"https:\/\/vapebulkp.com\/#website","url":"https:\/\/vapebulkp.com\/","name":"vapebulkp.com","description":"Buy Vape In Cheap Bulk Price Near you","publisher":{"@id":"https:\/\/vapebulkp.com\/#organization"},"potentialAction":[{"@type":"SearchAction","target":{"@type":"EntryPoint","urlTemplate":"https:\/\/vapebulkp.com\/?s={search_term_string}"},"query-input":"required name=search_term_string"}],"inLanguage":"da-DK"},{"@type":"Organization","@id":"https:\/\/vapebulkp.com\/#organization","name":"vapebulkp.com","url":"https:\/\/vapebulkp.com\/","logo":{"@type":"ImageObject","inLanguage":"da-DK","@id":"https:\/\/vapebulkp.com\/#\/schema\/logo\/image\/","url":"https:\/\/vapebulkp.com\/wp-content\/uploads\/2023\/09\/cropped-vapebulkp.png","contentUrl":"https:\/\/vapebulkp.com\/wp-content\/uploads\/2023\/09\/cropped-vapebulkp.png","width":516,"height":163,"caption":"vapebulkp.com"},"image":{"@id":"https:\/\/vapebulkp.com\/#\/schema\/logo\/image\/"}}]}},"uagb_featured_image_src":{"full":["https:\/\/vapebulkp.com\/wp-content\/uploads\/2024\/04\/VOPK-SHISHA-15000-Puffs-Top-Sale.png",518,776,false],"thumbnail":["https:\/\/vapebulkp.com\/wp-content\/uploads\/2024\/04\/VOPK-SHISHA-15000-Puffs-Top-Sale-150x150.png",150,150,true],"medium":["https:\/\/vapebulkp.com\/wp-content\/uploads\/2024\/04\/VOPK-SHISHA-15000-Puffs-Top-Sale-200x300.png",200,300,true],"medium_large":["https:\/\/vapebulkp.com\/wp-content\/uploads\/2024\/04\/VOPK-SHISHA-15000-Puffs-Top-Sale.png",518,776,false],"large":["https:\/\/vapebulkp.com\/wp-content\/uploads\/2024\/04\/VOPK-SHISHA-15000-Puffs-Top-Sale.png",518,776,false],"1536x1536":["https:\/\/vapebulkp.com\/wp-content\/uploads\/2024\/04\/VOPK-SHISHA-15000-Puffs-Top-Sale.png",518,776,false],"2048x2048":["https:\/\/vapebulkp.com\/wp-content\/uploads\/2024\/04\/VOPK-SHISHA-15000-Puffs-Top-Sale.png",518,776,false],"trp-custom-language-flag":["https:\/\/vapebulkp.com\/wp-content\/uploads\/2024\/04\/VOPK-SHISHA-15000-Puffs-Top-Sale.png",8,12,false],"woocommerce_thumbnail":["https:\/\/vapebulkp.com\/wp-content\/uploads\/2024\/04\/VOPK-SHISHA-15000-Puffs-Top-Sale-300x300.png",300,300,true],"woocommerce_single":["https:\/\/vapebulkp.com\/wp-content\/uploads\/2024\/04\/VOPK-SHISHA-15000-Puffs-Top-Sale.png",518,776,false],"woocommerce_gallery_thumbnail":["https:\/\/vapebulkp.com\/wp-content\/uploads\/2024\/04\/VOPK-SHISHA-15000-Puffs-Top-Sale-100x100.png",100,100,true],"wcpr-photo-reviews":["https:\/\/vapebulkp.com\/wp-content\/uploads\/2024\/04\/VOPK-SHISHA-15000-Puffs-Top-Sale.png",334,500,false]},"uagb_author_info":{"display_name":"Mandy vape bulk price","author_link":"https:\/\/vapebulkp.com\/da\/author\/"},"uagb_comment_info":0,"uagb_excerpt":"Immerse yourself in unparalleled satisfaction and quality with the VOPK Shisha Hookah 15000 Puffs Pls Contact Mandy's WhatsApp For Discount Price+8618077105796 NOTE: Prices on our website does not include shipping costs","_links":{"self":[{"href":"https:\/\/vapebulkp.com\/da\/wp-json\/wp\/v2\/product\/2403","targetHints":{"allow":["GET"]}}],"collection":[{"href":"https:\/\/vapebulkp.com\/da\/wp-json\/wp\/v2\/product"}],"about":[{"href":"https:\/\/vapebulkp.com\/da\/wp-json\/wp\/v2\/types\/product"}],"replies":[{"embeddable":true,"href":"https:\/\/vapebulkp.com\/da\/wp-json\/wp\/v2\/comments?post=2403"}],"wp:featuredmedia":[{"embeddable":true,"href":"https:\/\/vapebulkp.com\/da\/wp-json\/wp\/v2\/media\/2375"}],"wp:attachment":[{"href":"https:\/\/vapebulkp.com\/da\/wp-json\/wp\/v2\/media?parent=2403"}],"wp:term":[{"taxonomy":"product_cat","embeddable":true,"href":"https:\/\/vapebulkp.com\/da\/wp-json\/wp\/v2\/product_cat?post=2403"},{"taxonomy":"product_tag","embeddable":true,"href":"https:\/\/vapebulkp.com\/da\/wp-json\/wp\/v2\/product_tag?post=2403"}],"curies":[{"name":"wp","href":"https:\/\/api.w.org\/{rel}","templated":true}]}}