{"id":2462,"date":"2024-05-23T09:20:53","date_gmt":"2024-05-23T07:20:53","guid":{"rendered":"https:\/\/vapebulkp.com\/?post_type=product&#038;p=2462"},"modified":"2025-09-24T05:18:50","modified_gmt":"2025-09-24T03:18:50","slug":"uzy-bang-digital-15000puffs-led-display-e-cigarettes","status":"publish","type":"product","link":"https:\/\/vapebulkp.com\/da\/product\/uzy-bang-digital-15000puffs-led-display-e-cigarettes\/","title":{"rendered":"UZY Bang Digital 15000 Pust LED Display E-cigaretter"},"content":{"rendered":"<h2>UZY Bang Digital 15000 pust LED-sk\u00e6rm E-cigaretter<\/h2>\n<p data-start=\"287\" data-end=\"598\">UZY Bang Digital 15000 Pust er en h\u00f8jkapacitets <a href=\"https:\/\/vapebulkp.com\/da\/product-category\/15000-puffs-disposable-vape\/\"><strong data-start=\"343\" data-end=\"374\">15000 sug engangs-vape<\/strong><\/a> med et LED-display til realtids batteri- og pust-sporing. Udstyret med et genopladeligt 850mAh batteri og 20ml premium nikotinsalt e-v\u00e6ske leverer den glat, t\u00e6t damp til <strong data-start=\"563\" data-end=\"595\">langvarige vaping-sessioner<\/strong>.<\/p>\n<p data-start=\"600\" data-end=\"965\">V\u00e6lg mellem 20 levende smagsvarianter med nikotinmuligheder p\u00e5 2% og 5%, der passer til enhver pr\u00e6ference. 0,8\u03a9 <strong data-start=\"707\" data-end=\"725\">mesh coil vape<\/strong> sikrer ensartet smag og tilfredsstillende tr\u00e6k, hvilket g\u00f8r den til et topvalg for b\u00e5de afslappede og erfarne vapers. Kompakt og stilfuld, denne <strong data-start=\"863\" data-end=\"895\">genopladelige vapes<\/strong> kombinerer bekvemmelighed, ydeevne og moderne design i \u00e9n enhed.<\/p>\n<p data-start=\"967\" data-end=\"1169\">Perfekt til daglig brug, rejser eller engrosdistribution, <strong data-start=\"1029\" data-end=\"1061\">UZY Bang Digital 15000 sug<\/strong> skiller sig ud som en premium <strong data-start=\"1086\" data-end=\"1118\">langvarige engangsvape<\/strong> til europ\u00e6iske vapers, der s\u00f8ger kvalitet og variation.<\/p>\n<p><img decoding=\"async\" class=\"alignnone wp-image-2469\" src=\"http:\/\/vapebulkp.com\/wp-content\/uploads\/2024\/05\/UZY-Bang-Digital-15k-Puffs-Good-Price.png\" alt=\"UZY Bang Digital 15k pust God Pris\" width=\"587\" height=\"587\" srcset=\"https:\/\/vapebulkp.com\/wp-content\/uploads\/2024\/05\/UZY-Bang-Digital-15k-Puffs-Good-Price.png 1000w, https:\/\/vapebulkp.com\/wp-content\/uploads\/2024\/05\/UZY-Bang-Digital-15k-Puffs-Good-Price-300x300.png 300w, https:\/\/vapebulkp.com\/wp-content\/uploads\/2024\/05\/UZY-Bang-Digital-15k-Puffs-Good-Price-150x150.png 150w, https:\/\/vapebulkp.com\/wp-content\/uploads\/2024\/05\/UZY-Bang-Digital-15k-Puffs-Good-Price-768x768.png 768w, https:\/\/vapebulkp.com\/wp-content\/uploads\/2024\/05\/UZY-Bang-Digital-15k-Puffs-Good-Price-600x600.png 600w, https:\/\/vapebulkp.com\/wp-content\/uploads\/2024\/05\/UZY-Bang-Digital-15k-Puffs-Good-Price-100x100.png 100w\" sizes=\"(max-width: 587px) 100vw, 587px\" \/><\/p>\n<h6>Kontakt venligst Mandys WhatsApp for rabatpris<a href=\"https:\/\/wa.me\/8618077105796\">+8618077105796<\/a><\/h6>\n<h3><img decoding=\"async\" class=\"alignnone wp-image-2151\" src=\"http:\/\/vapebulkp.com\/wp-content\/uploads\/2024\/04\/Mandy-WhatsApp-Randm.jpg\" alt=\"Mandy WhatsApp Randm\" width=\"268\" height=\"285\" srcset=\"https:\/\/vapebulkp.com\/wp-content\/uploads\/2024\/04\/Mandy-WhatsApp-Randm.jpg 916w, https:\/\/vapebulkp.com\/wp-content\/uploads\/2024\/04\/Mandy-WhatsApp-Randm-282x300.jpg 282w, https:\/\/vapebulkp.com\/wp-content\/uploads\/2024\/04\/Mandy-WhatsApp-Randm-768x817.jpg 768w, https:\/\/vapebulkp.com\/wp-content\/uploads\/2024\/04\/Mandy-WhatsApp-Randm-600x638.jpg 600w\" sizes=\"(max-width: 268px) 100vw, 268px\" \/><\/h3>\n<h2>Ofte stillede sp\u00f8rgsm\u00e5l om Bedste Vape UZY Bang Digital Box 15000 Pust:<\/h2>\n<p data-start=\"189\" data-end=\"359\"><strong data-start=\"189\" data-end=\"249\">1. Hvor mange pust giver UZY Bang Digital Box?<\/strong><br data-start=\"249\" data-end=\"252\" \/>Enheden leverer <strong data-start=\"272\" data-end=\"288\">15.000 pust<\/strong>, hvilket g\u00f8r den til en <strong data-start=\"302\" data-end=\"335\">engangs-vape med h\u00f8j kapacitet<\/strong> til langvarig brug.<\/p>\n<p data-start=\"361\" data-end=\"508\"><strong data-start=\"361\" data-end=\"398\">2. Hvad er e-v\u00e6skekapaciteten for uzy vape 15k pust?<\/strong><br data-start=\"398\" data-end=\"401\" \/>Den leveres med <strong data-start=\"415\" data-end=\"457\">20 ml premium nikotinsalt e-v\u00e6ske<\/strong>, tilg\u00e6ngelig i 0%, 2%, 3% eller 5% nikotinstyrker.<\/p>\n<p data-start=\"510\" data-end=\"614\"><strong data-start=\"510\" data-end=\"548\">3. Hvor mange smagsvarianter er tilg\u00e6ngelige for UZY Bang Digital Box 15k Puffs?<\/strong><br data-start=\"548\" data-end=\"551\" \/>V\u00e6lg mellem 12<strong data-start=\"563\" data-end=\"586\">\u00a0sp\u00e6ndende smagsvarianter<\/strong> der passer til enhver pr\u00e6ference.<\/p>\n<p data-start=\"616\" data-end=\"771\"><strong data-start=\"616\" data-end=\"648\">4. Hvilket batteri bruger den til engros bang vape 15000 pust?<\/strong><br data-start=\"648\" data-end=\"651\" \/>Udstyret med et <strong data-start=\"668\" data-end=\"699\">850mAh genopladeligt batteri<\/strong>, sikrer enheden konstant str\u00f8m under dine vaping-sessioner.<\/p>\n<h3><strong><span style=\"vertical-align: inherit\">Specifikationer for Hot Sale Disposable Vape UZY BANG<\/span><\/strong> Digital 15000 Pust<strong><span style=\"vertical-align: inherit\">\uff1a<br \/>\n<\/span><\/strong><span style=\"font-size: 16px\">Nikotin: 2% , 5% Nikotinindhold<\/span><\/h3>\n<p>Pust: 15000<br \/>\nKapacitet: 20 ml<br \/>\n12 smagsvarianter tilg\u00e6ngelige<br \/>\n850 mAh genopladelig<br \/>\nMesh Coil 0.8\u03a9, LED-display<\/p>\n<p>MOQ: 50 stk<\/p>\n<h3><strong>\u00a0Billig Pris Vape UZY BANG <\/strong>\u00a0Digital Box 15000 Pust <strong>Smagsliste:<\/strong><\/h3>\n<p><span style=\"font-size: 16px\">1.Jordb\u00e6r Vandmelon<\/span><\/p>\n<p>2.Bl\u00e5b\u00e6r med is<br \/>\n3.Fersken Mango Ananas<br \/>\n4.Drue med is<br \/>\n5.Vandmelon med is<br \/>\n6.Fersken med is<br \/>\n7.Jordb\u00e6r Kiwi<br \/>\n8.Bl\u00e5b\u00e6r Hindb\u00e6r<br \/>\n9.Kiwi Passionsfrugt<br \/>\n10.MR Bl\u00e5<br \/>\n11.Triple Mango is<br \/>\n12.R\u00f8d Energi is<\/p>\n<p>&nbsp;<\/p>\n<p><a href=\"https:\/\/vapebulkp.com\/da\/product\/popular-randm-tornado-7000puffs-disposable-vape-best-price\/\"><span style=\"vertical-align: inherit\">RandM Tornado 7000 pust <\/span><\/a><\/p>\n<p><span style=\"vertical-align: inherit\">Find flere produkter du m\u00e5ske kan lide:<\/span><em><a href=\"https:\/\/wa.me\/8618077105796\"><span style=\"vertical-align: inherit\">\u00a0K\u00f8b den nu<\/span><\/a><\/em><\/p>\n<p><span style=\"vertical-align: inherit\">Andre Puffs du m\u00e5ske kan lide:<\/span><a href=\"https:\/\/vapebulkp.com\/sv\/product\/fluumbox-digital-box-15k-puffs-rechargeable-vape-geek-bar\/\"><span style=\"vertical-align: inherit\">FLUUMBOX Digital box 15000 pust<\/span><\/a><span style=\"vertical-align: inherit\">\u3001<\/span><a href=\"https:\/\/vapebulkp.com\/da\/product\/top-sale-waspe-12000puffs-disposable-vape-wholesale-france\/\"><span style=\"vertical-align: inherit\">UTCO Digital Box 12000 pust<\/span><\/a><span style=\"vertical-align: inherit\">\/ <\/span><a href=\"https:\/\/vapebulkp.com\/da\/product\/wholesale-randm-tornado-9000-puffs-germany\/\"><span style=\"vertical-align: inherit\">RandM Tornado 9000 Puf<\/span><\/a><span style=\"vertical-align: inherit\">\/ <\/span><a href=\"https:\/\/vapebulkp.com\/da\/product\/vapme-crystal-7000-puffs-original-vape-good-flavor\/\"><span style=\"vertical-align: inherit\">Crystal 7000 pust<\/span><\/a><\/p>\n<p><span style=\"vertical-align: inherit\">E-cigaret flaske med special form:<\/span><a href=\"https:\/\/vapebulkp.com\/da\/product\/good-sale-randm-tornado-10000-puffs-plus\/\"><span style=\"vertical-align: inherit\">RandM Tornado 10000 pust Plus <\/span><\/a><span style=\"vertical-align: inherit\">\/<a href=\"https:\/\/vapebulkp.com\/sv\/product\/wholesale-price-randm-15k-waspe-15000-puffs-best-vape\/\"> Randm Tornado 15000 pust<\/a><\/span><\/p>\n<h4>Produktionskvalifikation:<\/h4>\n<p><img decoding=\"async\" class=\"alignnone wp-image-1842\" src=\"http:\/\/vapebulkp.com\/wp-content\/uploads\/2023\/11\/Vape-production-process-2.jpg\" alt=\"Vape produktionsproces\" width=\"671\" height=\"301\" srcset=\"https:\/\/vapebulkp.com\/wp-content\/uploads\/2023\/11\/Vape-production-process-2.jpg 800w, https:\/\/vapebulkp.com\/wp-content\/uploads\/2023\/11\/Vape-production-process-2-300x135.jpg 300w, https:\/\/vapebulkp.com\/wp-content\/uploads\/2023\/11\/Vape-production-process-2-768x345.jpg 768w, https:\/\/vapebulkp.com\/wp-content\/uploads\/2023\/11\/Vape-production-process-2-600x269.jpg 600w\" sizes=\"(max-width: 671px) 100vw, 671px\" \/><\/p>\n<p><img decoding=\"async\" class=\"alignnone wp-image-1843\" src=\"http:\/\/vapebulkp.com\/wp-content\/uploads\/2023\/11\/Vape-production-process.jpeg\" alt=\"Vape produktionsproces\" width=\"671\" height=\"1074\" srcset=\"https:\/\/vapebulkp.com\/wp-content\/uploads\/2023\/11\/Vape-production-process.jpeg 641w, https:\/\/vapebulkp.com\/wp-content\/uploads\/2023\/11\/Vape-production-process-187x300.jpeg 187w, https:\/\/vapebulkp.com\/wp-content\/uploads\/2023\/11\/Vape-production-process-640x1024.jpeg 640w, https:\/\/vapebulkp.com\/wp-content\/uploads\/2023\/11\/Vape-production-process-600x960.jpeg 600w\" sizes=\"(max-width: 671px) 100vw, 671px\" \/><\/p>\n<p>&nbsp;<\/p>\n<h4>Forsendelsesdetaljer:<\/h4>\n<p><span style=\"color: #ff6600\">Produktionstid: 5-10 arbejdsdage<\/span><br \/>\n<span style=\"color: #ff6600\">Leveringstid: 8-14 arbejdsdage<\/span><\/p>\n<p>Alle produkter i vores butik er 100% originale og autentiske, s\u00e5 ti gange kompensation for falske varer er vores butikspolitik. Vi bruger logistikkanaler som UPS\/DHL\/FEDEX\/DPD til at levere varer til dig.<\/p>\n<p>For pakker sendt til Danmark tager det normalt 10 arbejdsdage at ankomme. Forsendelse til europ\u00e6iske lande tager normalt 12 til 15 arbejdsdage at ankomme. Vi vil opdatere logistikinformationen for dig i realtid.<\/p>","protected":false},"excerpt":{"rendered":"<p>UZY BANG Digital Box 15000 Pust Hot Sale i denne uge<\/p>\n<p>BANG Digital Box 15k Pust Original Vape UZY Digital Vape<\/p>\n<p><img decoding=\"async\" class=\"alignnone wp-image-2151\" src=\"http:\/\/vapebulkp.com\/wp-content\/uploads\/2024\/04\/Mandy-WhatsApp-Randm.jpg\" alt=\"Mandy WhatsApp Randm\" width=\"247\" height=\"263\" srcset=\"https:\/\/vapebulkp.com\/wp-content\/uploads\/2024\/04\/Mandy-WhatsApp-Randm.jpg 916w, https:\/\/vapebulkp.com\/wp-content\/uploads\/2024\/04\/Mandy-WhatsApp-Randm-282x300.jpg 282w, https:\/\/vapebulkp.com\/wp-content\/uploads\/2024\/04\/Mandy-WhatsApp-Randm-768x817.jpg 768w, https:\/\/vapebulkp.com\/wp-content\/uploads\/2024\/04\/Mandy-WhatsApp-Randm-600x638.jpg 600w\" sizes=\"(max-width: 247px) 100vw, 247px\" \/><\/p>\n<p>Kontakt venligst Mandys WhatsApp for rabatpris<a href=\"https:\/\/wa.me\/8618077105796\">+8618077105796<\/a><\/p>\n<p><span style=\"color: #ff0000\">BEM\u00c6RK: Priserne p\u00e5 vores hjemmeside inkluderer ikke forsendelsesomkostninger<\/span><\/p>","protected":false},"featured_media":2469,"comment_status":"open","ping_status":"closed","template":"","meta":{"_uag_custom_page_level_css":"","_lmt_disableupdate":"no","_lmt_disable":"","site-sidebar-layout":"default","site-content-layout":"content-boxed-container","ast-site-content-layout":"normal-width-container","site-content-style":"boxed","site-sidebar-style":"unboxed","ast-global-header-display":"","ast-banner-title-visibility":"","ast-main-header-display":"","ast-hfb-above-header-display":"","ast-hfb-below-header-display":"","ast-hfb-mobile-header-display":"","site-post-title":"","ast-breadcrumbs-content":"","ast-featured-img":"","footer-sml-layout":"","theme-transparent-header-meta":"default","adv-header-id-meta":"","stick-header-meta":"","header-above-stick-meta":"","header-main-stick-meta":"","header-below-stick-meta":"","astra-migrate-meta-layouts":"set","_joinchat":[]},"product_cat":[165,153,155,33,59,100,87,34,158,157,154,152,58,84,156,63,361,32],"product_tag":[77,36,37,41,73,40],"class_list":["post-2462","product","type-product","status-publish","has-post-thumbnail","hentry","product_cat-15000-puffs-disposable-vape","product_cat-hot-disposable-vapes","product_cat-belgium-hot-disposable-vapes","product_cat-france-vape-hot-sale","product_cat-germany-hot-disposable-vape","product_cat-germany-wholesale-vape-shop","product_cat-minimum-order-quantity-50pcs","product_cat-netherlands-vape-good-sale","product_cat-norway-hot-disposable-vapes","product_cat-poland-hot-disposable-vapes","product_cat-portugal-hot-disposable-vapes","product_cat-spain-hot-disposable-vapes","product_cat-sweden-hot-disposable-vape","product_cat-sweden-wholesale-vape","product_cat-switzerland-hot-disposable-vapes","product_cat-top-sale-disposable-vape","product_cat-uzy-vapes","product_cat-vape-hot-sale-this-week","product_tag-15000-puffs","product_tag-good-vape","product_tag-hot-sale-disposable-vape","product_tag-poland-hot-vape","product_tag-randm-10000puffs-vape","product_tag-sweden-hot-vape","pa_brand-uzy-vape","desktop-align-left","tablet-align-left","mobile-align-left"],"yoast_head":"<!-- This site is optimized with the Yoast SEO plugin v21.1 - https:\/\/yoast.com\/wordpress\/plugins\/seo\/ -->\n<title>UZY Bang Digital 15000Puffs LED Display E-Cigarettes - vapebulkp.com<\/title>\n<meta name=\"description\" content=\"UZY BANG Digital Box 15000 Puffs Wholesale Vape, blending convenience and rich flavor for an exceptional vaping experience. Available in both 2% and 5% nicotine options, it allows you to select the strength that suits your preference.\" \/>\n<meta name=\"robots\" content=\"index, follow, max-snippet:-1, max-image-preview:large, max-video-preview:-1\" \/>\n<link rel=\"canonical\" href=\"https:\/\/vapebulkp.com\/da\/product\/uzy-bang-digital-15000puffs-led-display-e-cigarettes\/\" \/>\n<meta property=\"og:locale\" content=\"da_DK\" \/>\n<meta property=\"og:type\" content=\"article\" \/>\n<meta property=\"og:title\" content=\"UZY Bang Digital 15000Puffs LED Display E-Cigarettes - vapebulkp.com\" \/>\n<meta property=\"og:description\" content=\"UZY BANG Digital Box 15000 Puffs Wholesale Vape, blending convenience and rich flavor for an exceptional vaping experience. Available in both 2% and 5% nicotine options, it allows you to select the strength that suits your preference.\" \/>\n<meta property=\"og:url\" content=\"https:\/\/vapebulkp.com\/da\/product\/uzy-bang-digital-15000puffs-led-display-e-cigarettes\/\" \/>\n<meta property=\"og:site_name\" content=\"vapebulkp.com\" \/>\n<meta property=\"article:modified_time\" content=\"2025-09-24T03:18:50+00:00\" \/>\n<meta property=\"og:image\" content=\"http:\/\/vapebulkp.com\/wp-content\/uploads\/2024\/05\/UZY-Bang-Digital-15k-Puffs-Good-Price.png\" \/>\n\t<meta property=\"og:image:width\" content=\"1000\" \/>\n\t<meta property=\"og:image:height\" content=\"1000\" \/>\n\t<meta property=\"og:image:type\" content=\"image\/png\" \/>\n<meta name=\"twitter:card\" content=\"summary_large_image\" \/>\n<meta name=\"twitter:label1\" content=\"Estimeret l\u00e6setid\" \/>\n\t<meta name=\"twitter:data1\" content=\"3 minutter\" \/>\n<script type=\"application\/ld+json\" class=\"yoast-schema-graph\">{\"@context\":\"https:\/\/schema.org\",\"@graph\":[{\"@type\":\"WebPage\",\"@id\":\"https:\/\/vapebulkp.com\/product\/uzy-bang-digital-15000puffs-led-display-e-cigarettes\/\",\"url\":\"https:\/\/vapebulkp.com\/product\/uzy-bang-digital-15000puffs-led-display-e-cigarettes\/\",\"name\":\"UZY Bang Digital 15000Puffs LED Display E-Cigarettes - vapebulkp.com\",\"isPartOf\":{\"@id\":\"https:\/\/vapebulkp.com\/#website\"},\"datePublished\":\"2024-05-23T07:20:53+00:00\",\"dateModified\":\"2025-09-24T03:18:50+00:00\",\"description\":\"UZY BANG Digital Box 15000 Puffs Wholesale Vape, blending convenience and rich flavor for an exceptional vaping experience. Available in both 2% and 5% nicotine options, it allows you to select the strength that suits your preference.\",\"breadcrumb\":{\"@id\":\"https:\/\/vapebulkp.com\/product\/uzy-bang-digital-15000puffs-led-display-e-cigarettes\/#breadcrumb\"},\"inLanguage\":\"da-DK\",\"potentialAction\":[{\"@type\":\"ReadAction\",\"target\":[\"https:\/\/vapebulkp.com\/product\/uzy-bang-digital-15000puffs-led-display-e-cigarettes\/\"]}]},{\"@type\":\"BreadcrumbList\",\"@id\":\"https:\/\/vapebulkp.com\/product\/uzy-bang-digital-15000puffs-led-display-e-cigarettes\/#breadcrumb\",\"itemListElement\":[{\"@type\":\"ListItem\",\"position\":1,\"name\":\"Home\",\"item\":\"https:\/\/vapebulkp.com\/\"},{\"@type\":\"ListItem\",\"position\":2,\"name\":\"Hot Trend Vapes\",\"item\":\"https:\/\/vapebulkp.com\/vape-shop\/\"},{\"@type\":\"ListItem\",\"position\":3,\"name\":\"UZY Bang Digital 15000Puffs LED Display E-Cigarettes\"}]},{\"@type\":\"WebSite\",\"@id\":\"https:\/\/vapebulkp.com\/#website\",\"url\":\"https:\/\/vapebulkp.com\/\",\"name\":\"vapebulkp.com\",\"description\":\"Buy Vape In Cheap Bulk Price Near you\",\"publisher\":{\"@id\":\"https:\/\/vapebulkp.com\/#organization\"},\"potentialAction\":[{\"@type\":\"SearchAction\",\"target\":{\"@type\":\"EntryPoint\",\"urlTemplate\":\"https:\/\/vapebulkp.com\/?s={search_term_string}\"},\"query-input\":\"required name=search_term_string\"}],\"inLanguage\":\"da-DK\"},{\"@type\":\"Organization\",\"@id\":\"https:\/\/vapebulkp.com\/#organization\",\"name\":\"vapebulkp.com\",\"url\":\"https:\/\/vapebulkp.com\/\",\"logo\":{\"@type\":\"ImageObject\",\"inLanguage\":\"da-DK\",\"@id\":\"https:\/\/vapebulkp.com\/#\/schema\/logo\/image\/\",\"url\":\"https:\/\/vapebulkp.com\/wp-content\/uploads\/2023\/09\/cropped-vapebulkp.png\",\"contentUrl\":\"https:\/\/vapebulkp.com\/wp-content\/uploads\/2023\/09\/cropped-vapebulkp.png\",\"width\":516,\"height\":163,\"caption\":\"vapebulkp.com\"},\"image\":{\"@id\":\"https:\/\/vapebulkp.com\/#\/schema\/logo\/image\/\"}}]}<\/script>\n<!-- \/ Yoast SEO plugin. -->","yoast_head_json":{"title":"UZY Bang Digital 15000Puffs LED Display E-Cigarettes - vapebulkp.com","description":"UZY BANG Digital Box 15000 Puffs Wholesale Vape, blending convenience and rich flavor for an exceptional vaping experience. Available in both 2% and 5% nicotine options, it allows you to select the strength that suits your preference.","robots":{"index":"index","follow":"follow","max-snippet":"max-snippet:-1","max-image-preview":"max-image-preview:large","max-video-preview":"max-video-preview:-1"},"canonical":"https:\/\/vapebulkp.com\/da\/product\/uzy-bang-digital-15000puffs-led-display-e-cigarettes\/","og_locale":"da_DK","og_type":"article","og_title":"UZY Bang Digital 15000Puffs LED Display E-Cigarettes - vapebulkp.com","og_description":"UZY BANG Digital Box 15000 Puffs Wholesale Vape, blending convenience and rich flavor for an exceptional vaping experience. Available in both 2% and 5% nicotine options, it allows you to select the strength that suits your preference.","og_url":"https:\/\/vapebulkp.com\/da\/product\/uzy-bang-digital-15000puffs-led-display-e-cigarettes\/","og_site_name":"vapebulkp.com","article_modified_time":"2025-09-24T03:18:50+00:00","og_image":[{"width":1000,"height":1000,"url":"http:\/\/vapebulkp.com\/wp-content\/uploads\/2024\/05\/UZY-Bang-Digital-15k-Puffs-Good-Price.png","type":"image\/png"}],"twitter_card":"summary_large_image","twitter_misc":{"Estimeret l\u00e6setid":"3 minutter"},"schema":{"@context":"https:\/\/schema.org","@graph":[{"@type":"WebPage","@id":"https:\/\/vapebulkp.com\/product\/uzy-bang-digital-15000puffs-led-display-e-cigarettes\/","url":"https:\/\/vapebulkp.com\/product\/uzy-bang-digital-15000puffs-led-display-e-cigarettes\/","name":"UZY Bang Digital 15000Puffs LED Display E-Cigarettes - vapebulkp.com","isPartOf":{"@id":"https:\/\/vapebulkp.com\/#website"},"datePublished":"2024-05-23T07:20:53+00:00","dateModified":"2025-09-24T03:18:50+00:00","description":"UZY BANG Digital Box 15000 Puffs Wholesale Vape, blending convenience and rich flavor for an exceptional vaping experience. Available in both 2% and 5% nicotine options, it allows you to select the strength that suits your preference.","breadcrumb":{"@id":"https:\/\/vapebulkp.com\/product\/uzy-bang-digital-15000puffs-led-display-e-cigarettes\/#breadcrumb"},"inLanguage":"da-DK","potentialAction":[{"@type":"ReadAction","target":["https:\/\/vapebulkp.com\/product\/uzy-bang-digital-15000puffs-led-display-e-cigarettes\/"]}]},{"@type":"BreadcrumbList","@id":"https:\/\/vapebulkp.com\/product\/uzy-bang-digital-15000puffs-led-display-e-cigarettes\/#breadcrumb","itemListElement":[{"@type":"ListItem","position":1,"name":"Home","item":"https:\/\/vapebulkp.com\/"},{"@type":"ListItem","position":2,"name":"Hot Trend Vapes","item":"https:\/\/vapebulkp.com\/vape-shop\/"},{"@type":"ListItem","position":3,"name":"UZY Bang Digital 15000Puffs LED Display E-Cigarettes"}]},{"@type":"WebSite","@id":"https:\/\/vapebulkp.com\/#website","url":"https:\/\/vapebulkp.com\/","name":"vapebulkp.com","description":"Buy Vape In Cheap Bulk Price Near you","publisher":{"@id":"https:\/\/vapebulkp.com\/#organization"},"potentialAction":[{"@type":"SearchAction","target":{"@type":"EntryPoint","urlTemplate":"https:\/\/vapebulkp.com\/?s={search_term_string}"},"query-input":"required name=search_term_string"}],"inLanguage":"da-DK"},{"@type":"Organization","@id":"https:\/\/vapebulkp.com\/#organization","name":"vapebulkp.com","url":"https:\/\/vapebulkp.com\/","logo":{"@type":"ImageObject","inLanguage":"da-DK","@id":"https:\/\/vapebulkp.com\/#\/schema\/logo\/image\/","url":"https:\/\/vapebulkp.com\/wp-content\/uploads\/2023\/09\/cropped-vapebulkp.png","contentUrl":"https:\/\/vapebulkp.com\/wp-content\/uploads\/2023\/09\/cropped-vapebulkp.png","width":516,"height":163,"caption":"vapebulkp.com"},"image":{"@id":"https:\/\/vapebulkp.com\/#\/schema\/logo\/image\/"}}]}},"uagb_featured_image_src":{"full":["https:\/\/vapebulkp.com\/wp-content\/uploads\/2024\/05\/UZY-Bang-Digital-15k-Puffs-Good-Price.png",1000,1000,false],"thumbnail":["https:\/\/vapebulkp.com\/wp-content\/uploads\/2024\/05\/UZY-Bang-Digital-15k-Puffs-Good-Price-150x150.png",150,150,true],"medium":["https:\/\/vapebulkp.com\/wp-content\/uploads\/2024\/05\/UZY-Bang-Digital-15k-Puffs-Good-Price-300x300.png",300,300,true],"medium_large":["https:\/\/vapebulkp.com\/wp-content\/uploads\/2024\/05\/UZY-Bang-Digital-15k-Puffs-Good-Price-768x768.png",768,768,true],"large":["https:\/\/vapebulkp.com\/wp-content\/uploads\/2024\/05\/UZY-Bang-Digital-15k-Puffs-Good-Price.png",1000,1000,false],"1536x1536":["https:\/\/vapebulkp.com\/wp-content\/uploads\/2024\/05\/UZY-Bang-Digital-15k-Puffs-Good-Price.png",1000,1000,false],"2048x2048":["https:\/\/vapebulkp.com\/wp-content\/uploads\/2024\/05\/UZY-Bang-Digital-15k-Puffs-Good-Price.png",1000,1000,false],"trp-custom-language-flag":["https:\/\/vapebulkp.com\/wp-content\/uploads\/2024\/05\/UZY-Bang-Digital-15k-Puffs-Good-Price.png",12,12,false],"woocommerce_thumbnail":["https:\/\/vapebulkp.com\/wp-content\/uploads\/2024\/05\/UZY-Bang-Digital-15k-Puffs-Good-Price-300x300.png",300,300,true],"woocommerce_single":["https:\/\/vapebulkp.com\/wp-content\/uploads\/2024\/05\/UZY-Bang-Digital-15k-Puffs-Good-Price-600x600.png",600,600,true],"woocommerce_gallery_thumbnail":["https:\/\/vapebulkp.com\/wp-content\/uploads\/2024\/05\/UZY-Bang-Digital-15k-Puffs-Good-Price-100x100.png",100,100,true],"wcpr-photo-reviews":["https:\/\/vapebulkp.com\/wp-content\/uploads\/2024\/05\/UZY-Bang-Digital-15k-Puffs-Good-Price.png",500,500,false]},"uagb_author_info":{"display_name":"Mandy vape bulk price","author_link":"https:\/\/vapebulkp.com\/da\/author\/"},"uagb_comment_info":3,"uagb_excerpt":"UZY BANG Digital Box 15000Puffs Hot Sale this Week BANG Digital Box 15k Puffs Original Vape UZY Digital Vape Pls Contact Mandy's WhatsApp For Discount Price+8618077105796 NOTE: Prices on our website does not include shipping costs","_links":{"self":[{"href":"https:\/\/vapebulkp.com\/da\/wp-json\/wp\/v2\/product\/2462","targetHints":{"allow":["GET"]}}],"collection":[{"href":"https:\/\/vapebulkp.com\/da\/wp-json\/wp\/v2\/product"}],"about":[{"href":"https:\/\/vapebulkp.com\/da\/wp-json\/wp\/v2\/types\/product"}],"replies":[{"embeddable":true,"href":"https:\/\/vapebulkp.com\/da\/wp-json\/wp\/v2\/comments?post=2462"}],"wp:featuredmedia":[{"embeddable":true,"href":"https:\/\/vapebulkp.com\/da\/wp-json\/wp\/v2\/media\/2469"}],"wp:attachment":[{"href":"https:\/\/vapebulkp.com\/da\/wp-json\/wp\/v2\/media?parent=2462"}],"wp:term":[{"taxonomy":"product_cat","embeddable":true,"href":"https:\/\/vapebulkp.com\/da\/wp-json\/wp\/v2\/product_cat?post=2462"},{"taxonomy":"product_tag","embeddable":true,"href":"https:\/\/vapebulkp.com\/da\/wp-json\/wp\/v2\/product_tag?post=2462"}],"curies":[{"name":"wp","href":"https:\/\/api.w.org\/{rel}","templated":true}]}}