{"id":2482,"date":"2024-05-24T10:56:32","date_gmt":"2024-05-24T08:56:32","guid":{"rendered":"https:\/\/vapebulkp.com\/?post_type=product&#038;p=2482"},"modified":"2025-09-16T11:30:41","modified_gmt":"2025-09-16T09:30:41","slug":"uzy-bang-king-12k-disposable-vape-affordable-price","status":"publish","type":"product","link":"https:\/\/vapebulkp.com\/da\/vare\/uzy-bang-king-12k-disposable-vape-affordable-price\/","title":{"rendered":"UZY Bang King 12k Engangs Vape Overkommelig Pris"},"content":{"rendered":"<h2>UZY Bang King 12k Engangs Vape Overkommelig Pris<\/h2>\n<p data-start=\"137\" data-end=\"457\">UZY Bang King 12k Pust er en h\u00f8jtydende <a href=\"https:\/\/vapebulkp.com\/da\/vare-kategori\/12000-puffs-disposable-vape\/\"><strong data-start=\"185\" data-end=\"216\">12000 sug engangs-vape<\/strong> <\/a>udviklet til danske dampere, der s\u00f8ger smag, p\u00e5lidelighed og bekvemmelighed. Den er fyldt med 23 ml f\u00f8rsteklasses <strong data-start=\"319\" data-end=\"345\">nikotinsalt e-v\u00e6ske<\/strong> og et 650mAh <strong data-start=\"359\" data-end=\"389\">h\u00f8jkapacitets batteri vape<\/strong>, og den leverer langvarig, glat damp under hver session.<\/p>\n<p data-start=\"459\" data-end=\"807\">Udstyret med avanceret <strong data-start=\"482\" data-end=\"500\">mesh coil vape<\/strong> teknologi, producerer denne enhed t\u00e6tte skyer og rig smag, hvilket g\u00f8r den til et topvalg for dem, der nyder intense, tilfredsstillende tr\u00e6k. Dens ergonomiske design sikrer komfort til daglig brug, rejser eller sociale sammenkomster, mens <strong data-start=\"724\" data-end=\"756\">langvarige engangsvape<\/strong> formatet betyder, at der ikke er behov for genopfyldning eller opladning.<\/p>\n<p data-start=\"809\" data-end=\"1054\">Sendt direkte fra EU-lagre, er <strong data-start=\"850\" data-end=\"899\">UZY Bang King 12k Pust Engangs Vape<\/strong> en ideel l\u00f8sning for detailhandlere og stork\u00f8bere, der leder efter en <strong data-start=\"965\" data-end=\"1001\">premium smagfuld engangs vape<\/strong> der kombinerer ydeevne, bekvemmelighed og stil.<\/p>\n<p><img decoding=\"async\" class=\"alignnone size-full wp-image-2481\" src=\"http:\/\/vapebulkp.com\/wp-content\/uploads\/2024\/05\/UZY-Bang-King-12000-Puffs.png\" alt=\"UZY Bang King 12000 Pust\" width=\"826\" height=\"641\" srcset=\"https:\/\/vapebulkp.com\/wp-content\/uploads\/2024\/05\/UZY-Bang-King-12000-Puffs.png 826w, https:\/\/vapebulkp.com\/wp-content\/uploads\/2024\/05\/UZY-Bang-King-12000-Puffs-300x233.png 300w, https:\/\/vapebulkp.com\/wp-content\/uploads\/2024\/05\/UZY-Bang-King-12000-Puffs-768x596.png 768w, https:\/\/vapebulkp.com\/wp-content\/uploads\/2024\/05\/UZY-Bang-King-12000-Puffs-600x466.png 600w\" sizes=\"(max-width: 826px) 100vw, 826px\" \/><\/p>\n<h6>Kontakt venligst Mandys WhatsApp for rabatpris<a href=\"https:\/\/wa.me\/8618077105796\">+8618077105796<\/a><\/h6>\n<h3><img decoding=\"async\" class=\"alignnone wp-image-2151\" src=\"http:\/\/vapebulkp.com\/wp-content\/uploads\/2024\/04\/Mandy-WhatsApp-Randm.jpg\" alt=\"Mandy WhatsApp Randm\" width=\"288\" height=\"306\" srcset=\"https:\/\/vapebulkp.com\/wp-content\/uploads\/2024\/04\/Mandy-WhatsApp-Randm.jpg 916w, https:\/\/vapebulkp.com\/wp-content\/uploads\/2024\/04\/Mandy-WhatsApp-Randm-282x300.jpg 282w, https:\/\/vapebulkp.com\/wp-content\/uploads\/2024\/04\/Mandy-WhatsApp-Randm-768x817.jpg 768w, https:\/\/vapebulkp.com\/wp-content\/uploads\/2024\/04\/Mandy-WhatsApp-Randm-600x638.jpg 600w\" sizes=\"(max-width: 288px) 100vw, 288px\" \/><\/h3>\n<h2>M\u00e5ske vil du gerne vide mere om Bang Vape UZY Bang King 12000 Pust:<\/h2>\n<p>&nbsp;<\/p>\n<h4>1. HVORDAN OPLADES UZY BANG King 12k PUST ENGANGS VAPE?<\/h4>\n<p>Hurtigopladere kan ikke bruges. Standard sikker str\u00f8m til engangs e-cigaretter er 5V 1A. Hver opladningstid kan ikke overstige 1 time, og den sikre opladningstid er en halv time.<\/p>\n<p>Bem\u00e6rk: kan ikke oplade hele natten!<\/p>\n<h4>2. Hvordan bruges UZY Bang Vape 12000 Pust engangs vape?<\/h4>\n<p>1: Riv venligst emballagen op, f\u00f8r du bruger 12k Puffs.<br \/>\n2: S\u00e6t derefter forseglingen p\u00e5 bunden af vapen<br \/>\n3: Begynd at nyde den<\/p>\n<h3>3. Du har muligvis flere sp\u00f8rgsm\u00e5l at stille om e-cigaretter, som f\u00f8lger:<\/h3>\n<p>&nbsp;<\/p>\n<h6>1. Er e-cigaretter sundhedsskadelige?<\/h6>\n<p>Selvom e-cigaretter kan v\u00e6re mindre skadelige end traditionelle cigaretter, viser forskning, at de stadig udg\u00f8r nogle potentielle sundhedsrisici. Disse risici fokuserer p\u00e5 nikotinafh\u00e6ngighed, kemisk eksponering og langsigtede sundhedseffekter.<\/p>\n<h6>2. Kan e-cigaretter hj\u00e6lpe med at holde op med at ryge?<\/h6>\n<p>Nogle mennesker mener, at e-cigaretter kan hj\u00e6lpe med at holde op med at ryge, fordi de leverer nikotin, samtidig med at de simulerer oplevelsen af at ryge. Effektiviteten af at holde op med at ryge varierer dog fra person til person, og succes kan blive p\u00e5virket af mange faktorer.<\/p>\n<h6>3. Hvordan v\u00e6lger man det passende nikotinindhold?<\/h6>\n<p>Valg af nikotinindhold i e-v\u00e6ske afh\u00e6nger normalt af m\u00e6ngden af rygning og graden af nikotinafh\u00e6ngighed hos den enkelte. Generelt kan storrrygere v\u00e6lge et h\u00f8jere indhold, mens lette rygere kan v\u00e6lge et lavere indhold eller v\u00e6lge nikotinfri e-v\u00e6ske.<\/p>\n<h6>4. Hvad er PG og VG?<\/h6>\n<p>PG (propylenglycol) og VG (vegetabilsk glycerin) er almindelige basiske ingredienser i e-cigaretv\u00e6sker. PG giver et st\u00e6rkere 'throat hit' og smagslevering, mens VG giver en t\u00e6ttere damp. Blandingsforholdet vil p\u00e5virke e-v\u00e6skens smag og dampvolumen.<\/p>\n<h6>5. Hvad er mund-til-lunge-sug og direkte-lunge-sug?<\/h6>\n<p>Mund-til-lunge-sug og direkte-lunge-sug er de to prim\u00e6re m\u00e5der at dampe p\u00e5. Mund-til-lunge-sug (MTL) simulerer f\u00f8lelsen af traditionel rygning, mens direkte-lunge-sug (DL) er mere velegnet til store dampm\u00e6ngder og direkte inhalering i lungerne.<\/p>\n<h6>6. Hvor lang er levetiden for en e-cigaret?<\/h6>\n<p>Levetiden for en e-cigaret afh\u00e6nger af brugsfrekvensen og m\u00e6rket. Generelt kan levetiden for en e-cigaret vare fra et par m\u00e5neder til et \u00e5r.<\/p>\n<h3><strong style=\"font-size: 1.3em\"><span style=\"vertical-align: inherit\">Specifikation for UZY Bang King 120<\/span><\/strong><span style=\"font-size: 1.3em;font-weight: bold\">00 sug<\/span><strong style=\"font-size: 1.3em\"><span style=\"vertical-align: inherit\">\uff1a<\/span><\/strong><\/h3>\n<blockquote><p>0%, 2%, 3%, 5% Nikotin<br \/>\n\u2611 Sug: 12000 sug<br \/>\n\u2611 Kapacitet: 23 ml<br \/>\n\u2611 20 smagsvarianter tilg\u00e6ngelige<br \/>\n\u2611 650mah genopladeligt<br \/>\n\u2611 Mesh Coil 1,0 \u03a9, Input Port: Type-C<\/p>\n<p>&nbsp;<\/p><\/blockquote>\n<h3><strong>\u00a0UZY Bang King Vape 12k<\/strong>\u00a0Pust <strong>Smagsliste:<\/strong><\/h3>\n<p>&nbsp;<\/p>\n<blockquote><p>1.Vandmelon med jordb\u00e6r<br \/>\n2.Bl\u00e5b\u00e6r p\u00e5 is<br \/>\n3.Fersken Mango Ananas<br \/>\n4.Fersken is<br \/>\n5.Vandmelon med is<br \/>\n6.Drue is<br \/>\n7.Jordb\u00e6r kiwi<br \/>\n8.Bl\u00e5b\u00e6r Hindb\u00e6r<br \/>\n9. Kiwipassion<br \/>\n10.Kirseb\u00e6r is<br \/>\n11. Mr Blue<br \/>\n12.Cola Is<br \/>\n13.Triple H\u00e5ndtag<br \/>\n14.Jordb\u00e6r Is<br \/>\n15.Energi Netv\u00e6rk<br \/>\n16. B\u00e6r Mix<br \/>\n17.Dobbelt \u00e6ble<br \/>\n18.Gummibj\u00f8rn<br \/>\n19.Pink limonade<br \/>\n20.Fersken B\u00e6r<\/p><\/blockquote>\n<p>&nbsp;<\/p>\n<p><a href=\"https:\/\/vapebulkp.com\/da\/vare\/popular-randm-tornado-7000puffs-disposable-vape-best-price\/\"><span style=\"vertical-align: inherit\">RandM Tornado 7000 pust <\/span><\/a><\/p>\n<p><span style=\"vertical-align: inherit\">Find flere produkter du m\u00e5ske kan lide:<\/span><em><a href=\"https:\/\/wa.me\/8618077105796\"><span style=\"vertical-align: inherit\">\u00a0K\u00f8b den nu<\/span><\/a><\/em><\/p>\n<p><span style=\"vertical-align: inherit\">Andre Puffs du m\u00e5ske kan lide:<\/span><a href=\"https:\/\/vapebulkp.com\/sv\/product\/fluumbox-digital-box-15k-puffs-rechargeable-vape-geek-bar\/\"><span style=\"vertical-align: inherit\">FLUUMBOX Digital box 15000 pust<\/span><\/a><span style=\"vertical-align: inherit\">\u3001<\/span><a href=\"https:\/\/vapebulkp.com\/da\/vare\/good-vape-waspe-digital-box-12000-puffs-fumot-box-12k-puffs-wholeslae-price\/\"><span style=\"vertical-align: inherit\">WASPE Digital Box 12000 Pust<\/span><\/a><span style=\"vertical-align: inherit\">\/ <\/span><a href=\"https:\/\/vapebulkp.com\/da\/vare\/wholesale-randm-tornado-9000-puffs-germany\/\"><span style=\"vertical-align: inherit\">RandM Tornado 9000 Puf<\/span><\/a><span style=\"vertical-align: inherit\">\/ <\/span><a href=\"https:\/\/vapebulkp.com\/da\/vare\/discount-price-bang-shisha-15k-puffs-jnr-shisha-disposable-vape\/\"><span style=\"vertical-align: inherit\">Bang shisha JNR SHISHA 15000pust <\/span><\/a><\/p>\n<p><span style=\"vertical-align: inherit\">E-cigaret flaske med special form:<\/span><a href=\"https:\/\/vapebulkp.com\/da\/vare\/good-sale-randm-tornado-10000-puffs-plus\/\"><span style=\"vertical-align: inherit\">RandM Tornado 10000 pust Plus <\/span><\/a><span style=\"vertical-align: inherit\">\/<a href=\"https:\/\/vapebulkp.com\/sv\/product\/wholesale-price-randm-15k-waspe-15000-puffs-best-vape\/\"> Randm Tornado 15000 pust<\/a><\/span><\/p>\n<h4>Produktionskvalifikation:<\/h4>\n<p><img decoding=\"async\" class=\"alignnone wp-image-1842\" src=\"http:\/\/vapebulkp.com\/wp-content\/uploads\/2023\/11\/Vape-production-process-2.jpg\" alt=\"Vape produktionsproces\" width=\"671\" height=\"301\" srcset=\"https:\/\/vapebulkp.com\/wp-content\/uploads\/2023\/11\/Vape-production-process-2.jpg 800w, https:\/\/vapebulkp.com\/wp-content\/uploads\/2023\/11\/Vape-production-process-2-300x135.jpg 300w, https:\/\/vapebulkp.com\/wp-content\/uploads\/2023\/11\/Vape-production-process-2-768x345.jpg 768w, https:\/\/vapebulkp.com\/wp-content\/uploads\/2023\/11\/Vape-production-process-2-600x269.jpg 600w\" sizes=\"(max-width: 671px) 100vw, 671px\" \/><\/p>\n<p><img decoding=\"async\" class=\"alignnone wp-image-1843\" src=\"http:\/\/vapebulkp.com\/wp-content\/uploads\/2023\/11\/Vape-production-process.jpeg\" alt=\"Vape produktionsproces\" width=\"671\" height=\"1074\" srcset=\"https:\/\/vapebulkp.com\/wp-content\/uploads\/2023\/11\/Vape-production-process.jpeg 641w, https:\/\/vapebulkp.com\/wp-content\/uploads\/2023\/11\/Vape-production-process-187x300.jpeg 187w, https:\/\/vapebulkp.com\/wp-content\/uploads\/2023\/11\/Vape-production-process-640x1024.jpeg 640w, https:\/\/vapebulkp.com\/wp-content\/uploads\/2023\/11\/Vape-production-process-600x960.jpeg 600w\" sizes=\"(max-width: 671px) 100vw, 671px\" \/><\/p>\n<h5>Ofte stillede sp\u00f8rgsm\u00e5l:<\/h5>\n<p>Sp\u00f8rgsm\u00e5l: Hvad er den mindste ordrem\u00e6ngde for UZY Bang King 12000 Pust?<br \/>\nA: Minimumsbestilling er 100 stk.<br \/>\nQ: Hvad er leveringstiden for den bestilte vape?<br \/>\nA: Normalt 10-15 dage efter afsendelse<br \/>\nQ: Hvor meget er forsendelsesomkostningerne? A: Forsendelsesomkostningerne afh\u00e6nger af v\u00e6gten. Forskellige m\u00e6ngder har forskellige forsendelsesomkostninger, kontakt os venligst for at bekr\u00e6fte forsendelsesomkostningerne.<\/p>\n<p>&nbsp;<\/p>\n<h4>Forsendelsesdetaljer:<\/h4>\n<p><span style=\"color: #ff6600\">Produktionstid: 5-10 arbejdsdage<\/span><br \/>\n<span style=\"color: #ff6600\">Leveringstid: 8-14 arbejdsdage<\/span><\/p>\n<p>Alle produkter i vores butik er 100% originale og autentiske, s\u00e5 ti gange kompensation for falske varer er vores butikspolitik. Vi bruger logistikkanaler som UPS\/DHL\/FEDEX\/DPD til at levere varer til dig.<\/p>\n<p>For pakker sendt til Danmark tager det normalt 10 arbejdsdage at ankomme. Forsendelse til europ\u00e6iske lande tager normalt 12 til 15 arbejdsdage at ankomme. Vi vil opdatere logistikinformationen for dig i realtid.<\/p>","protected":false},"excerpt":{"rendered":"<p>UZY Bang King 12000 Pust Engrospris<\/p>\n<p><img decoding=\"async\" class=\"alignnone wp-image-2151\" src=\"http:\/\/vapebulkp.com\/wp-content\/uploads\/2024\/04\/Mandy-WhatsApp-Randm.jpg\" alt=\"Mandy WhatsApp Randm\" width=\"232\" height=\"247\" srcset=\"https:\/\/vapebulkp.com\/wp-content\/uploads\/2024\/04\/Mandy-WhatsApp-Randm.jpg 916w, https:\/\/vapebulkp.com\/wp-content\/uploads\/2024\/04\/Mandy-WhatsApp-Randm-282x300.jpg 282w, https:\/\/vapebulkp.com\/wp-content\/uploads\/2024\/04\/Mandy-WhatsApp-Randm-768x817.jpg 768w, https:\/\/vapebulkp.com\/wp-content\/uploads\/2024\/04\/Mandy-WhatsApp-Randm-600x638.jpg 600w\" sizes=\"(max-width: 232px) 100vw, 232px\" \/><\/p>\n<p>Kontakt venligst Mandys WhatsApp for rabatpris<a href=\"https:\/\/wa.me\/8618077105796\">+8618077105796<\/a><\/p>\n<p><span style=\"color: #ff0000\">BEM\u00c6RK: Priserne p\u00e5 vores hjemmeside inkluderer ikke forsendelsesomkostninger<\/span><\/p>","protected":false},"featured_media":2481,"comment_status":"open","ping_status":"closed","template":"","meta":{"_uag_custom_page_level_css":"","_lmt_disableupdate":"no","_lmt_disable":"","site-sidebar-layout":"default","site-content-layout":"content-boxed-container","ast-site-content-layout":"normal-width-container","site-content-style":"boxed","site-sidebar-style":"unboxed","ast-global-header-display":"","ast-banner-title-visibility":"","ast-main-header-display":"","ast-hfb-above-header-display":"","ast-hfb-below-header-display":"","ast-hfb-mobile-header-display":"","site-post-title":"","ast-breadcrumbs-content":"","ast-featured-img":"","footer-sml-layout":"","theme-transparent-header-meta":"default","adv-header-id-meta":"","stick-header-meta":"","header-above-stick-meta":"","header-main-stick-meta":"","header-below-stick-meta":"","astra-migrate-meta-layouts":"set","_joinchat":[]},"product_cat":[166,153,344,155,33,59,100,34,158,157,154,152,58,84,156,63,32],"product_tag":[135,36,37,41,73,40],"class_list":["post-2482","product","type-product","status-publish","has-post-thumbnail","hentry","product_cat-12000-puffs-disposable-vape","product_cat-hot-disposable-vapes","product_cat-bang-king-vape","product_cat-belgium-hot-disposable-vapes","product_cat-france-vape-hot-sale","product_cat-germany-hot-disposable-vape","product_cat-germany-wholesale-vape-shop","product_cat-netherlands-vape-good-sale","product_cat-norway-hot-disposable-vapes","product_cat-poland-hot-disposable-vapes","product_cat-portugal-hot-disposable-vapes","product_cat-spain-hot-disposable-vapes","product_cat-sweden-hot-disposable-vape","product_cat-sweden-wholesale-vape","product_cat-switzerland-hot-disposable-vapes","product_cat-top-sale-disposable-vape","product_cat-vape-hot-sale-this-week","product_tag-12000puffs","product_tag-good-vape","product_tag-hot-sale-disposable-vape","product_tag-poland-hot-vape","product_tag-randm-10000puffs-vape","product_tag-sweden-hot-vape","pa_brand-uzy-vape","desktop-align-left","tablet-align-left","mobile-align-left"],"yoast_head":"<!-- This site is optimized with the Yoast SEO plugin v21.1 - https:\/\/yoast.com\/wordpress\/plugins\/seo\/ -->\n<title>UZY Bang King 12k Disposable Vape Affordable Price - vapebulkp.com<\/title>\n<meta name=\"description\" content=\"UZY Bang King 12k Disposable Vape Affordable Price, a high-capacity disposable vape delivering up to 12,000 puffs of delicious vapor. Featuring a 650mAh battery and a large 23ml pre-filled e-liquid tank, it promises a lasting and enjoyable vaping journey.\" \/>\n<meta name=\"robots\" content=\"index, follow, max-snippet:-1, max-image-preview:large, max-video-preview:-1\" \/>\n<link rel=\"canonical\" href=\"https:\/\/vapebulkp.com\/da\/vare\/uzy-bang-king-12k-disposable-vape-affordable-price\/\" \/>\n<meta property=\"og:locale\" content=\"da_DK\" \/>\n<meta property=\"og:type\" content=\"article\" \/>\n<meta property=\"og:title\" content=\"UZY Bang King 12k Disposable Vape Affordable Price - vapebulkp.com\" \/>\n<meta property=\"og:description\" content=\"UZY Bang King 12k Disposable Vape Affordable Price, a high-capacity disposable vape delivering up to 12,000 puffs of delicious vapor. Featuring a 650mAh battery and a large 23ml pre-filled e-liquid tank, it promises a lasting and enjoyable vaping journey.\" \/>\n<meta property=\"og:url\" content=\"https:\/\/vapebulkp.com\/da\/vare\/uzy-bang-king-12k-disposable-vape-affordable-price\/\" \/>\n<meta property=\"og:site_name\" content=\"vapebulkp.com\" \/>\n<meta property=\"article:modified_time\" content=\"2025-09-16T09:30:41+00:00\" \/>\n<meta property=\"og:image\" content=\"http:\/\/vapebulkp.com\/wp-content\/uploads\/2024\/05\/UZY-Bang-King-12000-Puffs.png\" \/>\n\t<meta property=\"og:image:width\" content=\"826\" \/>\n\t<meta property=\"og:image:height\" content=\"641\" \/>\n\t<meta property=\"og:image:type\" content=\"image\/png\" \/>\n<meta name=\"twitter:card\" content=\"summary_large_image\" \/>\n<meta name=\"twitter:label1\" content=\"Estimeret l\u00e6setid\" \/>\n\t<meta name=\"twitter:data1\" content=\"4 minutter\" \/>\n<script type=\"application\/ld+json\" class=\"yoast-schema-graph\">{\"@context\":\"https:\/\/schema.org\",\"@graph\":[{\"@type\":\"WebPage\",\"@id\":\"https:\/\/vapebulkp.com\/product\/uzy-bang-king-12k-disposable-vape-affordable-price\/\",\"url\":\"https:\/\/vapebulkp.com\/product\/uzy-bang-king-12k-disposable-vape-affordable-price\/\",\"name\":\"UZY Bang King 12k Disposable Vape Affordable Price - vapebulkp.com\",\"isPartOf\":{\"@id\":\"https:\/\/vapebulkp.com\/#website\"},\"datePublished\":\"2024-05-24T08:56:32+00:00\",\"dateModified\":\"2025-09-16T09:30:41+00:00\",\"description\":\"UZY Bang King 12k Disposable Vape Affordable Price, a high-capacity disposable vape delivering up to 12,000 puffs of delicious vapor. Featuring a 650mAh battery and a large 23ml pre-filled e-liquid tank, it promises a lasting and enjoyable vaping journey.\",\"breadcrumb\":{\"@id\":\"https:\/\/vapebulkp.com\/product\/uzy-bang-king-12k-disposable-vape-affordable-price\/#breadcrumb\"},\"inLanguage\":\"da-DK\",\"potentialAction\":[{\"@type\":\"ReadAction\",\"target\":[\"https:\/\/vapebulkp.com\/product\/uzy-bang-king-12k-disposable-vape-affordable-price\/\"]}]},{\"@type\":\"BreadcrumbList\",\"@id\":\"https:\/\/vapebulkp.com\/product\/uzy-bang-king-12k-disposable-vape-affordable-price\/#breadcrumb\",\"itemListElement\":[{\"@type\":\"ListItem\",\"position\":1,\"name\":\"Home\",\"item\":\"https:\/\/vapebulkp.com\/\"},{\"@type\":\"ListItem\",\"position\":2,\"name\":\"Hot Trend Vapes\",\"item\":\"https:\/\/vapebulkp.com\/vape-shop\/\"},{\"@type\":\"ListItem\",\"position\":3,\"name\":\"UZY Bang King 12k Disposable Vape Affordable Price\"}]},{\"@type\":\"WebSite\",\"@id\":\"https:\/\/vapebulkp.com\/#website\",\"url\":\"https:\/\/vapebulkp.com\/\",\"name\":\"vapebulkp.com\",\"description\":\"Buy Vape In Cheap Bulk Price Near you\",\"publisher\":{\"@id\":\"https:\/\/vapebulkp.com\/#organization\"},\"potentialAction\":[{\"@type\":\"SearchAction\",\"target\":{\"@type\":\"EntryPoint\",\"urlTemplate\":\"https:\/\/vapebulkp.com\/?s={search_term_string}\"},\"query-input\":\"required name=search_term_string\"}],\"inLanguage\":\"da-DK\"},{\"@type\":\"Organization\",\"@id\":\"https:\/\/vapebulkp.com\/#organization\",\"name\":\"vapebulkp.com\",\"url\":\"https:\/\/vapebulkp.com\/\",\"logo\":{\"@type\":\"ImageObject\",\"inLanguage\":\"da-DK\",\"@id\":\"https:\/\/vapebulkp.com\/#\/schema\/logo\/image\/\",\"url\":\"https:\/\/vapebulkp.com\/wp-content\/uploads\/2023\/09\/cropped-vapebulkp.png\",\"contentUrl\":\"https:\/\/vapebulkp.com\/wp-content\/uploads\/2023\/09\/cropped-vapebulkp.png\",\"width\":516,\"height\":163,\"caption\":\"vapebulkp.com\"},\"image\":{\"@id\":\"https:\/\/vapebulkp.com\/#\/schema\/logo\/image\/\"}}]}<\/script>\n<!-- \/ Yoast SEO plugin. -->","yoast_head_json":{"title":"UZY Bang King 12k Disposable Vape Affordable Price - vapebulkp.com","description":"UZY Bang King 12k Disposable Vape Affordable Price, a high-capacity disposable vape delivering up to 12,000 puffs of delicious vapor. Featuring a 650mAh battery and a large 23ml pre-filled e-liquid tank, it promises a lasting and enjoyable vaping journey.","robots":{"index":"index","follow":"follow","max-snippet":"max-snippet:-1","max-image-preview":"max-image-preview:large","max-video-preview":"max-video-preview:-1"},"canonical":"https:\/\/vapebulkp.com\/da\/vare\/uzy-bang-king-12k-disposable-vape-affordable-price\/","og_locale":"da_DK","og_type":"article","og_title":"UZY Bang King 12k Disposable Vape Affordable Price - vapebulkp.com","og_description":"UZY Bang King 12k Disposable Vape Affordable Price, a high-capacity disposable vape delivering up to 12,000 puffs of delicious vapor. Featuring a 650mAh battery and a large 23ml pre-filled e-liquid tank, it promises a lasting and enjoyable vaping journey.","og_url":"https:\/\/vapebulkp.com\/da\/vare\/uzy-bang-king-12k-disposable-vape-affordable-price\/","og_site_name":"vapebulkp.com","article_modified_time":"2025-09-16T09:30:41+00:00","og_image":[{"width":826,"height":641,"url":"http:\/\/vapebulkp.com\/wp-content\/uploads\/2024\/05\/UZY-Bang-King-12000-Puffs.png","type":"image\/png"}],"twitter_card":"summary_large_image","twitter_misc":{"Estimeret l\u00e6setid":"4 minutter"},"schema":{"@context":"https:\/\/schema.org","@graph":[{"@type":"WebPage","@id":"https:\/\/vapebulkp.com\/product\/uzy-bang-king-12k-disposable-vape-affordable-price\/","url":"https:\/\/vapebulkp.com\/product\/uzy-bang-king-12k-disposable-vape-affordable-price\/","name":"UZY Bang King 12k Disposable Vape Affordable Price - vapebulkp.com","isPartOf":{"@id":"https:\/\/vapebulkp.com\/#website"},"datePublished":"2024-05-24T08:56:32+00:00","dateModified":"2025-09-16T09:30:41+00:00","description":"UZY Bang King 12k Disposable Vape Affordable Price, a high-capacity disposable vape delivering up to 12,000 puffs of delicious vapor. Featuring a 650mAh battery and a large 23ml pre-filled e-liquid tank, it promises a lasting and enjoyable vaping journey.","breadcrumb":{"@id":"https:\/\/vapebulkp.com\/product\/uzy-bang-king-12k-disposable-vape-affordable-price\/#breadcrumb"},"inLanguage":"da-DK","potentialAction":[{"@type":"ReadAction","target":["https:\/\/vapebulkp.com\/product\/uzy-bang-king-12k-disposable-vape-affordable-price\/"]}]},{"@type":"BreadcrumbList","@id":"https:\/\/vapebulkp.com\/product\/uzy-bang-king-12k-disposable-vape-affordable-price\/#breadcrumb","itemListElement":[{"@type":"ListItem","position":1,"name":"Home","item":"https:\/\/vapebulkp.com\/"},{"@type":"ListItem","position":2,"name":"Hot Trend Vapes","item":"https:\/\/vapebulkp.com\/vape-shop\/"},{"@type":"ListItem","position":3,"name":"UZY Bang King 12k Disposable Vape Affordable Price"}]},{"@type":"WebSite","@id":"https:\/\/vapebulkp.com\/#website","url":"https:\/\/vapebulkp.com\/","name":"vapebulkp.com","description":"Buy Vape In Cheap Bulk Price Near you","publisher":{"@id":"https:\/\/vapebulkp.com\/#organization"},"potentialAction":[{"@type":"SearchAction","target":{"@type":"EntryPoint","urlTemplate":"https:\/\/vapebulkp.com\/?s={search_term_string}"},"query-input":"required name=search_term_string"}],"inLanguage":"da-DK"},{"@type":"Organization","@id":"https:\/\/vapebulkp.com\/#organization","name":"vapebulkp.com","url":"https:\/\/vapebulkp.com\/","logo":{"@type":"ImageObject","inLanguage":"da-DK","@id":"https:\/\/vapebulkp.com\/#\/schema\/logo\/image\/","url":"https:\/\/vapebulkp.com\/wp-content\/uploads\/2023\/09\/cropped-vapebulkp.png","contentUrl":"https:\/\/vapebulkp.com\/wp-content\/uploads\/2023\/09\/cropped-vapebulkp.png","width":516,"height":163,"caption":"vapebulkp.com"},"image":{"@id":"https:\/\/vapebulkp.com\/#\/schema\/logo\/image\/"}}]}},"uagb_featured_image_src":{"full":["https:\/\/vapebulkp.com\/wp-content\/uploads\/2024\/05\/UZY-Bang-King-12000-Puffs.png",826,641,false],"thumbnail":["https:\/\/vapebulkp.com\/wp-content\/uploads\/2024\/05\/UZY-Bang-King-12000-Puffs-150x150.png",150,150,true],"medium":["https:\/\/vapebulkp.com\/wp-content\/uploads\/2024\/05\/UZY-Bang-King-12000-Puffs-300x233.png",300,233,true],"medium_large":["https:\/\/vapebulkp.com\/wp-content\/uploads\/2024\/05\/UZY-Bang-King-12000-Puffs-768x596.png",768,596,true],"large":["https:\/\/vapebulkp.com\/wp-content\/uploads\/2024\/05\/UZY-Bang-King-12000-Puffs.png",826,641,false],"1536x1536":["https:\/\/vapebulkp.com\/wp-content\/uploads\/2024\/05\/UZY-Bang-King-12000-Puffs.png",826,641,false],"2048x2048":["https:\/\/vapebulkp.com\/wp-content\/uploads\/2024\/05\/UZY-Bang-King-12000-Puffs.png",826,641,false],"trp-custom-language-flag":["https:\/\/vapebulkp.com\/wp-content\/uploads\/2024\/05\/UZY-Bang-King-12000-Puffs.png",15,12,false],"woocommerce_thumbnail":["https:\/\/vapebulkp.com\/wp-content\/uploads\/2024\/05\/UZY-Bang-King-12000-Puffs-300x300.png",300,300,true],"woocommerce_single":["https:\/\/vapebulkp.com\/wp-content\/uploads\/2024\/05\/UZY-Bang-King-12000-Puffs-600x466.png",600,466,true],"woocommerce_gallery_thumbnail":["https:\/\/vapebulkp.com\/wp-content\/uploads\/2024\/05\/UZY-Bang-King-12000-Puffs-100x100.png",100,100,true],"wcpr-photo-reviews":["https:\/\/vapebulkp.com\/wp-content\/uploads\/2024\/05\/UZY-Bang-King-12000-Puffs.png",500,388,false]},"uagb_author_info":{"display_name":"Mandy vape bulk price","author_link":"https:\/\/vapebulkp.com\/da\/author\/"},"uagb_comment_info":1,"uagb_excerpt":"UZY Bang King 12000 Puffs Wholesale Price Pls Contact Mandy's WhatsApp For Discount Price+8618077105796 NOTE: Prices on our website does not include shipping costs","_links":{"self":[{"href":"https:\/\/vapebulkp.com\/da\/wp-json\/wp\/v2\/product\/2482","targetHints":{"allow":["GET"]}}],"collection":[{"href":"https:\/\/vapebulkp.com\/da\/wp-json\/wp\/v2\/product"}],"about":[{"href":"https:\/\/vapebulkp.com\/da\/wp-json\/wp\/v2\/types\/product"}],"replies":[{"embeddable":true,"href":"https:\/\/vapebulkp.com\/da\/wp-json\/wp\/v2\/comments?post=2482"}],"wp:featuredmedia":[{"embeddable":true,"href":"https:\/\/vapebulkp.com\/da\/wp-json\/wp\/v2\/media\/2481"}],"wp:attachment":[{"href":"https:\/\/vapebulkp.com\/da\/wp-json\/wp\/v2\/media?parent=2482"}],"wp:term":[{"taxonomy":"product_cat","embeddable":true,"href":"https:\/\/vapebulkp.com\/da\/wp-json\/wp\/v2\/product_cat?post=2482"},{"taxonomy":"product_tag","embeddable":true,"href":"https:\/\/vapebulkp.com\/da\/wp-json\/wp\/v2\/product_tag?post=2482"}],"curies":[{"name":"wp","href":"https:\/\/api.w.org\/{rel}","templated":true}]}}