{"id":2571,"date":"2024-06-27T05:53:29","date_gmt":"2024-06-27T03:53:29","guid":{"rendered":"https:\/\/vapebulkp.com\/?post_type=product&#038;p=2571"},"modified":"2025-09-24T05:21:46","modified_gmt":"2025-09-24T03:21:46","slug":"bang-beach-20k-puffs-led-display-vape-discount-price","status":"publish","type":"product","link":"https:\/\/vapebulkp.com\/da\/product\/bang-beach-20k-puffs-led-display-vape-discount-price\/","title":{"rendered":"Bang Beach 20k Puffs LED-sk\u00e6rm Vape Nedsat pris"},"content":{"rendered":"<h2 style=\"text-align: left\">Bang Beach 20k Puffs LED-sk\u00e6rm Vape Nedsat pris<\/h2>\n<p data-start=\"206\" data-end=\"575\">Den <strong data-start=\"210\" data-end=\"252\">Bang Strand <a href=\"https:\/\/vapebulkp.com\/da\/product-category\/20000-puffs-disposable-vape\/\">20000 sug engangs-vape<\/a><\/strong> er designet til dampere i Europa, der \u00f8nsker maksimal ydeevne fra en kompakt enhed. Med en massiv <strong data-start=\"353\" data-end=\"379\">35 ml e-v\u00e6skekapacitet<\/strong> og et avanceret spolesystem leverer denne <strong data-start=\"411\" data-end=\"433\">vape med h\u00f8j kapacitet<\/strong> op til 20.000 glatte sug, hvilket g\u00f8r den til et af de mest p\u00e5lidelige valg for b\u00e5de personlig brug og <strong data-start=\"539\" data-end=\"564\">engros vape Europa<\/strong> markeder.<\/p>\n<p data-start=\"577\" data-end=\"870\">Et indbygget <strong data-start=\"588\" data-end=\"619\">650mAh genopladeligt batteri<\/strong> sikrer langvarig str\u00f8m, mens <strong data-start=\"654\" data-end=\"673\">Type-C opladning<\/strong> reducerer nedetid og holder enheden klar til enhver tid. Den integrerede <strong data-start=\"747\" data-end=\"767\">LED-display vape<\/strong> funktion viser b\u00e5de batteristatus og e-v\u00e6skeniveauer, hvilket giver bekvemmelighed og realtidskontrol.<\/p>\n<p data-start=\"872\" data-end=\"1149\">Ved hj\u00e6lp af <strong data-start=\"878\" data-end=\"896\">mesh coil vape<\/strong> teknologi skaber Bang Beach rig smag og t\u00e6tte skyer ved hvert sug. Justerbar luftstr\u00f8m g\u00f8r det muligt for brugere at finjustere dampoutput, mens <strong data-start=\"1043\" data-end=\"1065\">nikotinsalt vape<\/strong> mulighederne p\u00e5 0%, 2%, 3% og 5% giver fleksibilitet for b\u00e5de lette og st\u00e6rke rygere.<\/p>\n<p data-start=\"1151\" data-end=\"1519\">F\u00e5s i 12 premium smagsvarianter, Bang Beach 20k Puffs <strong data-start=\"1189\" data-end=\"1221\">genopladelig engangs vape<\/strong> kombinerer ydeevne med b\u00e6rbarhed. Dens slanke og ergonomiske design g\u00f8r den nem at b\u00e6re, hvilket giver danske dampere en stilfuld og p\u00e5lidelig enhed. For forhandlere er Bang Beach <strong>20000 Puffs Vape-enhed<\/strong> skiller sig ud som en rentabel tilf\u00f8jelse til ethvert varelager af <strong>20000 sug og vapes med h\u00f8j kapacitet<\/strong>.<\/p>\n<p><img decoding=\"async\" class=\"alignnone wp-image-2545\" src=\"http:\/\/vapebulkp.com\/wp-content\/uploads\/2024\/06\/Bang-Beach-20k-Puffs-Bang-Vape-Disposable-Vape.png\" alt=\"Bang Beach 20k Puffs Bang Vape engangs vape\" width=\"638\" height=\"425\" srcset=\"https:\/\/vapebulkp.com\/wp-content\/uploads\/2024\/06\/Bang-Beach-20k-Puffs-Bang-Vape-Disposable-Vape.png 3000w, https:\/\/vapebulkp.com\/wp-content\/uploads\/2024\/06\/Bang-Beach-20k-Puffs-Bang-Vape-Disposable-Vape-300x200.png 300w, https:\/\/vapebulkp.com\/wp-content\/uploads\/2024\/06\/Bang-Beach-20k-Puffs-Bang-Vape-Disposable-Vape-1024x683.png 1024w, https:\/\/vapebulkp.com\/wp-content\/uploads\/2024\/06\/Bang-Beach-20k-Puffs-Bang-Vape-Disposable-Vape-768x512.png 768w, https:\/\/vapebulkp.com\/wp-content\/uploads\/2024\/06\/Bang-Beach-20k-Puffs-Bang-Vape-Disposable-Vape-1536x1024.png 1536w, https:\/\/vapebulkp.com\/wp-content\/uploads\/2024\/06\/Bang-Beach-20k-Puffs-Bang-Vape-Disposable-Vape-2048x1365.png 2048w, https:\/\/vapebulkp.com\/wp-content\/uploads\/2024\/06\/Bang-Beach-20k-Puffs-Bang-Vape-Disposable-Vape-600x400.png 600w\" sizes=\"(max-width: 638px) 100vw, 638px\" \/><\/p>\n<h6>Kontakt venligst Mandys WhatsApp for rabatpris<a href=\"https:\/\/wa.me\/8618077105796\">+8618077105796<\/a><\/h6>\n<p><img decoding=\"async\" class=\"alignnone wp-image-2151\" src=\"http:\/\/vapebulkp.com\/wp-content\/uploads\/2024\/04\/Mandy-WhatsApp-Randm.jpg\" alt=\"Mandy WhatsApp Randm\" width=\"324\" height=\"330\" \/><\/p>\n<h2>T\u00e6nkte du m\u00e5ske ville vide om Bulk Buy Vape Bang Beach 20000 Puff:<\/h2>\n<h5>1. Hvordan bruger man Bang Beach 20k Puffs Vape Pen?<\/h5>\n<p>Trin 1. F\u00f8r brug af 20k pust, fjern plastikr\u00f8ret.<\/p>\n<p>Trin 2. Vent ca. 3 minutter for at lade v\u00e6sken komme ind i spolen indeni.<\/p>\n<p>Trin 3. Nyd den<\/p>\n<h5>2. Hvordan oplades den engangs-vape Bang King Vape 20k Puffs?<\/h5>\n<p>Opladere til hurtigopladning kan ikke anvendes. Den sikre standardstr\u00f8m til engangs-e-cigaretter er 5V 1A.<\/p>\n<p>Hver opladning m\u00e5 ikke overskride 1 time, og den sikre opladningstid er en halv time.<\/p>\n<p><span style=\"color: #ff6600\">Bem\u00e6rk: kan ikke oplade hele natten!<\/span><\/p>\n<h5>3. Hvad er e-v\u00e6ske-kapaciteten i Bang Beach 20000 Puffs Top Sale Bang Vape?<\/h5>\n<p>\u2014\u201435ml<\/p>\n<h5>4. Hvor mange sug kan jeg tage af denne Bang Beach 20k Puffs?<\/h5>\n<p>\u2014\u201320000 Pust<\/p>\n<h3>Bang Beach 20k Puffs Engangs Vape Pod Funktioner:<\/h3>\n<p>&nbsp;<\/p>\n<ul>\n<li>\u00a0V\u00e6ske: 35 ml forfyldt e-v\u00e6ske patron<\/li>\n<li>Nikotin: 2\/5% Nikotinsalt<\/li>\n<li>\u00a0Typer: LCD Engangs Vape<\/li>\n<li>\u00a0650mAh batteri<\/li>\n<li>\u00a01,0 Mesh Coil<\/li>\n<li>\u00a0Type-c Smart Display Sk\u00e6rm, Dobbelt Mesh Coil, Luftstr\u00f8mskontrol<\/li>\n<li>\u00a012 smagsvarianter tilg\u00e6ngelige<\/li>\n<\/ul>\n<h3><\/h3>\n<h3><strong>Bedste Vape Pod Bang Vape Beach 20000 Puffs Smag:<\/strong><\/h3>\n<p>1) Triple b\u00e6r is<br \/>\n2) Pink limonade<br \/>\n3) Bl\u00e5b\u00e6r Hindb\u00e6r<br \/>\n4) Blandede b\u00e6r<br \/>\n5) Jordb\u00e6r vandmelon<br \/>\n6) Jordb\u00e6r is<br \/>\n7) Drue is<br \/>\n8) Fersken mango<br \/>\n9) Bl\u00e5 hindb\u00e6r is<br \/>\n10) Sure \u00e6ble<br \/>\n11) Vandmelon is<br \/>\n12) Fersken is<\/p>\n<p><a href=\"https:\/\/vapebulkp.com\/da\/product\/popular-randm-tornado-7000puffs-disposable-vape-best-price\/\"><span style=\"vertical-align: inherit\">RandM Tornado 7000 pust <\/span><\/a><\/p>\n<p><span style=\"vertical-align: inherit\">Find flere produkter du m\u00e5ske kan lide:<\/span><em><a href=\"https:\/\/wa.me\/8618077105796\"><span style=\"vertical-align: inherit\">\u00a0K\u00f8b den nu<\/span><\/a><\/em><\/p>\n<p><span style=\"vertical-align: inherit\">Andre Puffs du m\u00e5ske kan lide:<\/span><a href=\"https:\/\/vapebulkp.com\/da\/product\/bang-with-a-vape-gear-20000-puffs-discount-price\/\"><span style=\"vertical-align: inherit\">Bang Gear Vape 20000 pust<\/span><\/a><span style=\"vertical-align: inherit\">\u3001<\/span><a href=\"https:\/\/vapebulkp.com\/da\/product\/wholesale-randm-tornado-9000-puffs-germany\/\"><span style=\"vertical-align: inherit\">RandM 9000 sug<\/span><\/a><span style=\"vertical-align: inherit\">\/ <\/span><a href=\"https:\/\/vapebulkp.com\/da\/product\/bang-king-12000puffs\/\"><span style=\"vertical-align: inherit\">Bang King 12000 pust<\/span><\/a><span style=\"vertical-align: inherit\">\/ <\/span><a href=\"https:\/\/vapebulkp.com\/da\/fi\/product\/uzy-bang-digital-12000puffs-led-display-e-cigarettes\/\"><span style=\"vertical-align: inherit\">UZY Bang Digital 15000 sug<\/span><\/a><\/p>\n<p><span style=\"vertical-align: inherit\">E-cigaret flaske med special form:<\/span><a href=\"https:\/\/vapebulkp.com\/da\/product\/original-vape-bang-tn-12000-puffs-bang-vape\/\"><span style=\"vertical-align: inherit\"> Bang TN 12000 pust<\/span><\/a><span style=\"vertical-align: inherit\">\/ <\/span><a href=\"https:\/\/vapebulkp.com\/da\/fi\/product\/best-price-wga-crystal-pro-max-15k-puffs-original-vape\/\"><span style=\"vertical-align: inherit\">\u00a0WGA Crystal pro max 15k pust <\/span><\/a><span style=\"vertical-align: inherit\">\/<\/span><a href=\"https:\/\/vapebulkp.com\/da\/product\/bang-tornado-12000-puffs-rechargeable-disposable-pod\/\"><span style=\"vertical-align: inherit\"> Bang Tornado 12000 pust<\/span><\/a><\/p>\n<h5>Produktionskvalifikation:<\/h5>\n<p><img decoding=\"async\" class=\"alignnone size-full wp-image-1841\" src=\"http:\/\/vapebulkp.com\/wp-content\/uploads\/2023\/11\/Vape-production-process-2.jpeg\" alt=\"Vape produktionsproces\" width=\"650\" height=\"434\" srcset=\"https:\/\/vapebulkp.com\/wp-content\/uploads\/2023\/11\/Vape-production-process-2.jpeg 650w, https:\/\/vapebulkp.com\/wp-content\/uploads\/2023\/11\/Vape-production-process-2-300x200.jpeg 300w, https:\/\/vapebulkp.com\/wp-content\/uploads\/2023\/11\/Vape-production-process-2-600x401.jpeg 600w\" sizes=\"(max-width: 650px) 100vw, 650px\" \/><\/p>\n<p><img decoding=\"async\" class=\"alignnone size-full wp-image-1843\" src=\"http:\/\/vapebulkp.com\/wp-content\/uploads\/2023\/11\/Vape-production-process.jpeg\" alt=\"Vape produktionsproces\" width=\"641\" height=\"1026\" srcset=\"https:\/\/vapebulkp.com\/wp-content\/uploads\/2023\/11\/Vape-production-process.jpeg 641w, https:\/\/vapebulkp.com\/wp-content\/uploads\/2023\/11\/Vape-production-process-187x300.jpeg 187w, https:\/\/vapebulkp.com\/wp-content\/uploads\/2023\/11\/Vape-production-process-640x1024.jpeg 640w, https:\/\/vapebulkp.com\/wp-content\/uploads\/2023\/11\/Vape-production-process-600x960.jpeg 600w\" sizes=\"(max-width: 641px) 100vw, 641px\" \/><\/p>\n<h4>Ofte stillede sp\u00f8rgsm\u00e5l:<\/h4>\n<p>Q: Hvad er MOQ for Engros Vape Bang Beach 20k Puffs?<br \/>\nA: Min. ordre er 50 stk.<br \/>\nQ: Hvad er leveringstiden for den bestilte vape?<br \/>\nA: Normalt 10-15 dage efter afsendelse<br \/>\nQ: Hvad er forsendelsesomkostningerne? A: Forsendelsesomkostningerne afh\u00e6nger af v\u00e6gten. Forskellige m\u00e6ngder har forskellige forsendelsesomkostninger, kontakt os venligst for at bekr\u00e6fte forsendelsesomkostningerne.<\/p>\n<h4>Forsendelsesdetaljer:<\/h4>\n<p><span style=\"color: #ff6600\">Produktionstid: 5-10 arbejdsdage<\/span><br \/>\n<span style=\"color: #ff6600\">Leveringstid: 8-14 arbejdsdage<\/span><\/p>\n<p>Alle produkter i vores butik er 100% originale og autentiske, s\u00e5 ti gange kompensation for falske varer er vores butikspolitik. Vi bruger logistikkanaler som UPS\/DHL\/FEDEX\/DPD til at levere varer til dig.<\/p>\n<p>For pakker sendt til Danmark tager det normalt 10 arbejdsdage at ankomme. Forsendelse til europ\u00e6iske lande tager normalt 12 til 15 arbejdsdage at ankomme. Vi vil opdatere logistikinformationen for dig i realtid.<\/p>","protected":false},"excerpt":{"rendered":"<p>Ny model Vape Bang Beach 20k Puffs Bang Vape<\/p>\n<p>Kontakt venligst Mandys WhatsApp for rabatpris<a href=\"https:\/\/wa.me\/8618077105796\">+8618077105796<\/a><\/p>\n<p><img decoding=\"async\" class=\"alignnone wp-image-2151\" src=\"http:\/\/vapebulkp.com\/wp-content\/uploads\/2024\/04\/Mandy-WhatsApp-Randm.jpg\" alt=\"Mandy WhatsApp Randm\" width=\"297\" height=\"316\" srcset=\"https:\/\/vapebulkp.com\/wp-content\/uploads\/2024\/04\/Mandy-WhatsApp-Randm.jpg 916w, https:\/\/vapebulkp.com\/wp-content\/uploads\/2024\/04\/Mandy-WhatsApp-Randm-282x300.jpg 282w, https:\/\/vapebulkp.com\/wp-content\/uploads\/2024\/04\/Mandy-WhatsApp-Randm-768x817.jpg 768w, https:\/\/vapebulkp.com\/wp-content\/uploads\/2024\/04\/Mandy-WhatsApp-Randm-600x638.jpg 600w\" sizes=\"(max-width: 297px) 100vw, 297px\" \/><\/p>\n<p><span style=\"color: #ff0000\">BEM\u00c6RK: Priserne p\u00e5 vores hjemmeside inkluderer ikke forsendelsesomkostninger<\/span><\/p>\n<p>&nbsp;<\/p>","protected":false},"featured_media":2546,"comment_status":"open","ping_status":"closed","template":"","meta":{"_uag_custom_page_level_css":"","_lmt_disableupdate":"no","_lmt_disable":"","site-sidebar-layout":"default","site-content-layout":"content-boxed-container","ast-site-content-layout":"normal-width-container","site-content-style":"boxed","site-sidebar-style":"unboxed","ast-global-header-display":"","ast-banner-title-visibility":"","ast-main-header-display":"","ast-hfb-above-header-display":"","ast-hfb-below-header-display":"","ast-hfb-mobile-header-display":"","site-post-title":"","ast-breadcrumbs-content":"","ast-featured-img":"","footer-sml-layout":"","theme-transparent-header-meta":"default","adv-header-id-meta":"","stick-header-meta":"","header-above-stick-meta":"","header-main-stick-meta":"","header-below-stick-meta":"","astra-migrate-meta-layouts":"set","_joinchat":[]},"product_cat":[162,153,345,155,33,59,100,34,158,157,154,152,58,84,156,63,32],"product_tag":[141,36,37,41,40],"class_list":["post-2571","product","type-product","status-publish","has-post-thumbnail","hentry","product_cat-20000-puffs-disposable-vape","product_cat-hot-disposable-vapes","product_cat-bang-vapes","product_cat-belgium-hot-disposable-vapes","product_cat-france-vape-hot-sale","product_cat-germany-hot-disposable-vape","product_cat-germany-wholesale-vape-shop","product_cat-netherlands-vape-good-sale","product_cat-norway-hot-disposable-vapes","product_cat-poland-hot-disposable-vapes","product_cat-portugal-hot-disposable-vapes","product_cat-spain-hot-disposable-vapes","product_cat-sweden-hot-disposable-vape","product_cat-sweden-wholesale-vape","product_cat-switzerland-hot-disposable-vapes","product_cat-top-sale-disposable-vape","product_cat-vape-hot-sale-this-week","product_tag-20000puffs","product_tag-good-vape","product_tag-hot-sale-disposable-vape","product_tag-poland-hot-vape","product_tag-sweden-hot-vape","pa_brand-bang-king-vape","desktop-align-left","tablet-align-left","mobile-align-left"],"yoast_head":"<!-- This site is optimized with the Yoast SEO plugin v21.1 - https:\/\/yoast.com\/wordpress\/plugins\/seo\/ -->\n<title>Bang Beach 20k Puffs LED Display Vape Discount Price - vapebulkp.com<\/title>\n<meta name=\"description\" content=\"Choose Bang Beach 20k Puffs new LED display e-cigarette cartridges to experience the perfect combination of performance, convenience and flavor. Bang Beach Vape is your reliable and enjoyable smoking companion for a long time.\" \/>\n<meta name=\"robots\" content=\"index, follow, max-snippet:-1, max-image-preview:large, max-video-preview:-1\" \/>\n<link rel=\"canonical\" href=\"https:\/\/vapebulkp.com\/da\/product\/bang-beach-20k-puffs-led-display-vape-discount-price\/\" \/>\n<meta property=\"og:locale\" content=\"da_DK\" \/>\n<meta property=\"og:type\" content=\"article\" \/>\n<meta property=\"og:title\" content=\"Bang Beach 20k Puffs LED Display Vape Discount Price - vapebulkp.com\" \/>\n<meta property=\"og:description\" content=\"Choose Bang Beach 20k Puffs new LED display e-cigarette cartridges to experience the perfect combination of performance, convenience and flavor. Bang Beach Vape is your reliable and enjoyable smoking companion for a long time.\" \/>\n<meta property=\"og:url\" content=\"https:\/\/vapebulkp.com\/da\/product\/bang-beach-20k-puffs-led-display-vape-discount-price\/\" \/>\n<meta property=\"og:site_name\" content=\"vapebulkp.com\" \/>\n<meta property=\"article:modified_time\" content=\"2025-09-24T03:21:46+00:00\" \/>\n<meta property=\"og:image\" content=\"http:\/\/vapebulkp.com\/wp-content\/uploads\/2024\/06\/Bang-Beach-20k-Puffs-Discount-Price.jpg\" \/>\n\t<meta property=\"og:image:width\" content=\"1920\" \/>\n\t<meta property=\"og:image:height\" content=\"1080\" \/>\n\t<meta property=\"og:image:type\" content=\"image\/jpeg\" \/>\n<meta name=\"twitter:card\" content=\"summary_large_image\" \/>\n<meta name=\"twitter:label1\" content=\"Estimeret l\u00e6setid\" \/>\n\t<meta name=\"twitter:data1\" content=\"4 minutter\" \/>\n<script type=\"application\/ld+json\" class=\"yoast-schema-graph\">{\"@context\":\"https:\/\/schema.org\",\"@graph\":[{\"@type\":\"WebPage\",\"@id\":\"https:\/\/vapebulkp.com\/product\/bang-beach-20k-puffs-led-display-vape-discount-price\/\",\"url\":\"https:\/\/vapebulkp.com\/product\/bang-beach-20k-puffs-led-display-vape-discount-price\/\",\"name\":\"Bang Beach 20k Puffs LED Display Vape Discount Price - vapebulkp.com\",\"isPartOf\":{\"@id\":\"https:\/\/vapebulkp.com\/#website\"},\"datePublished\":\"2024-06-27T03:53:29+00:00\",\"dateModified\":\"2025-09-24T03:21:46+00:00\",\"description\":\"Choose Bang Beach 20k Puffs new LED display e-cigarette cartridges to experience the perfect combination of performance, convenience and flavor. Bang Beach Vape is your reliable and enjoyable smoking companion for a long time.\",\"breadcrumb\":{\"@id\":\"https:\/\/vapebulkp.com\/product\/bang-beach-20k-puffs-led-display-vape-discount-price\/#breadcrumb\"},\"inLanguage\":\"da-DK\",\"potentialAction\":[{\"@type\":\"ReadAction\",\"target\":[\"https:\/\/vapebulkp.com\/product\/bang-beach-20k-puffs-led-display-vape-discount-price\/\"]}]},{\"@type\":\"BreadcrumbList\",\"@id\":\"https:\/\/vapebulkp.com\/product\/bang-beach-20k-puffs-led-display-vape-discount-price\/#breadcrumb\",\"itemListElement\":[{\"@type\":\"ListItem\",\"position\":1,\"name\":\"Home\",\"item\":\"https:\/\/vapebulkp.com\/\"},{\"@type\":\"ListItem\",\"position\":2,\"name\":\"Hot Trend Vapes\",\"item\":\"https:\/\/vapebulkp.com\/vape-shop\/\"},{\"@type\":\"ListItem\",\"position\":3,\"name\":\"Bang Beach 20k Puffs LED Display Vape Discount Price\"}]},{\"@type\":\"WebSite\",\"@id\":\"https:\/\/vapebulkp.com\/#website\",\"url\":\"https:\/\/vapebulkp.com\/\",\"name\":\"vapebulkp.com\",\"description\":\"Buy Vape In Cheap Bulk Price Near you\",\"publisher\":{\"@id\":\"https:\/\/vapebulkp.com\/#organization\"},\"potentialAction\":[{\"@type\":\"SearchAction\",\"target\":{\"@type\":\"EntryPoint\",\"urlTemplate\":\"https:\/\/vapebulkp.com\/?s={search_term_string}\"},\"query-input\":\"required name=search_term_string\"}],\"inLanguage\":\"da-DK\"},{\"@type\":\"Organization\",\"@id\":\"https:\/\/vapebulkp.com\/#organization\",\"name\":\"vapebulkp.com\",\"url\":\"https:\/\/vapebulkp.com\/\",\"logo\":{\"@type\":\"ImageObject\",\"inLanguage\":\"da-DK\",\"@id\":\"https:\/\/vapebulkp.com\/#\/schema\/logo\/image\/\",\"url\":\"https:\/\/vapebulkp.com\/wp-content\/uploads\/2023\/09\/cropped-vapebulkp.png\",\"contentUrl\":\"https:\/\/vapebulkp.com\/wp-content\/uploads\/2023\/09\/cropped-vapebulkp.png\",\"width\":516,\"height\":163,\"caption\":\"vapebulkp.com\"},\"image\":{\"@id\":\"https:\/\/vapebulkp.com\/#\/schema\/logo\/image\/\"}}]}<\/script>\n<!-- \/ Yoast SEO plugin. -->","yoast_head_json":{"title":"Bang Beach 20k Puffs LED Display Vape Discount Price - vapebulkp.com","description":"Choose Bang Beach 20k Puffs new LED display e-cigarette cartridges to experience the perfect combination of performance, convenience and flavor. Bang Beach Vape is your reliable and enjoyable smoking companion for a long time.","robots":{"index":"index","follow":"follow","max-snippet":"max-snippet:-1","max-image-preview":"max-image-preview:large","max-video-preview":"max-video-preview:-1"},"canonical":"https:\/\/vapebulkp.com\/da\/product\/bang-beach-20k-puffs-led-display-vape-discount-price\/","og_locale":"da_DK","og_type":"article","og_title":"Bang Beach 20k Puffs LED Display Vape Discount Price - vapebulkp.com","og_description":"Choose Bang Beach 20k Puffs new LED display e-cigarette cartridges to experience the perfect combination of performance, convenience and flavor. Bang Beach Vape is your reliable and enjoyable smoking companion for a long time.","og_url":"https:\/\/vapebulkp.com\/da\/product\/bang-beach-20k-puffs-led-display-vape-discount-price\/","og_site_name":"vapebulkp.com","article_modified_time":"2025-09-24T03:21:46+00:00","og_image":[{"width":1920,"height":1080,"url":"http:\/\/vapebulkp.com\/wp-content\/uploads\/2024\/06\/Bang-Beach-20k-Puffs-Discount-Price.jpg","type":"image\/jpeg"}],"twitter_card":"summary_large_image","twitter_misc":{"Estimeret l\u00e6setid":"4 minutter"},"schema":{"@context":"https:\/\/schema.org","@graph":[{"@type":"WebPage","@id":"https:\/\/vapebulkp.com\/product\/bang-beach-20k-puffs-led-display-vape-discount-price\/","url":"https:\/\/vapebulkp.com\/product\/bang-beach-20k-puffs-led-display-vape-discount-price\/","name":"Bang Beach 20k Puffs LED Display Vape Discount Price - vapebulkp.com","isPartOf":{"@id":"https:\/\/vapebulkp.com\/#website"},"datePublished":"2024-06-27T03:53:29+00:00","dateModified":"2025-09-24T03:21:46+00:00","description":"Choose Bang Beach 20k Puffs new LED display e-cigarette cartridges to experience the perfect combination of performance, convenience and flavor. Bang Beach Vape is your reliable and enjoyable smoking companion for a long time.","breadcrumb":{"@id":"https:\/\/vapebulkp.com\/product\/bang-beach-20k-puffs-led-display-vape-discount-price\/#breadcrumb"},"inLanguage":"da-DK","potentialAction":[{"@type":"ReadAction","target":["https:\/\/vapebulkp.com\/product\/bang-beach-20k-puffs-led-display-vape-discount-price\/"]}]},{"@type":"BreadcrumbList","@id":"https:\/\/vapebulkp.com\/product\/bang-beach-20k-puffs-led-display-vape-discount-price\/#breadcrumb","itemListElement":[{"@type":"ListItem","position":1,"name":"Home","item":"https:\/\/vapebulkp.com\/"},{"@type":"ListItem","position":2,"name":"Hot Trend Vapes","item":"https:\/\/vapebulkp.com\/vape-shop\/"},{"@type":"ListItem","position":3,"name":"Bang Beach 20k Puffs LED Display Vape Discount Price"}]},{"@type":"WebSite","@id":"https:\/\/vapebulkp.com\/#website","url":"https:\/\/vapebulkp.com\/","name":"vapebulkp.com","description":"Buy Vape In Cheap Bulk Price Near you","publisher":{"@id":"https:\/\/vapebulkp.com\/#organization"},"potentialAction":[{"@type":"SearchAction","target":{"@type":"EntryPoint","urlTemplate":"https:\/\/vapebulkp.com\/?s={search_term_string}"},"query-input":"required name=search_term_string"}],"inLanguage":"da-DK"},{"@type":"Organization","@id":"https:\/\/vapebulkp.com\/#organization","name":"vapebulkp.com","url":"https:\/\/vapebulkp.com\/","logo":{"@type":"ImageObject","inLanguage":"da-DK","@id":"https:\/\/vapebulkp.com\/#\/schema\/logo\/image\/","url":"https:\/\/vapebulkp.com\/wp-content\/uploads\/2023\/09\/cropped-vapebulkp.png","contentUrl":"https:\/\/vapebulkp.com\/wp-content\/uploads\/2023\/09\/cropped-vapebulkp.png","width":516,"height":163,"caption":"vapebulkp.com"},"image":{"@id":"https:\/\/vapebulkp.com\/#\/schema\/logo\/image\/"}}]}},"uagb_featured_image_src":{"full":["https:\/\/vapebulkp.com\/wp-content\/uploads\/2024\/06\/Bang-Beach-20k-Puffs-Discount-Price.jpg",1920,1080,false],"thumbnail":["https:\/\/vapebulkp.com\/wp-content\/uploads\/2024\/06\/Bang-Beach-20k-Puffs-Discount-Price-150x150.jpg",150,150,true],"medium":["https:\/\/vapebulkp.com\/wp-content\/uploads\/2024\/06\/Bang-Beach-20k-Puffs-Discount-Price-300x169.jpg",300,169,true],"medium_large":["https:\/\/vapebulkp.com\/wp-content\/uploads\/2024\/06\/Bang-Beach-20k-Puffs-Discount-Price-768x432.jpg",768,432,true],"large":["https:\/\/vapebulkp.com\/wp-content\/uploads\/2024\/06\/Bang-Beach-20k-Puffs-Discount-Price-1024x576.jpg",1024,576,true],"1536x1536":["https:\/\/vapebulkp.com\/wp-content\/uploads\/2024\/06\/Bang-Beach-20k-Puffs-Discount-Price-1536x864.jpg",1536,864,true],"2048x2048":["https:\/\/vapebulkp.com\/wp-content\/uploads\/2024\/06\/Bang-Beach-20k-Puffs-Discount-Price.jpg",1920,1080,false],"trp-custom-language-flag":["https:\/\/vapebulkp.com\/wp-content\/uploads\/2024\/06\/Bang-Beach-20k-Puffs-Discount-Price.jpg",18,10,false],"woocommerce_thumbnail":["https:\/\/vapebulkp.com\/wp-content\/uploads\/2024\/06\/Bang-Beach-20k-Puffs-Discount-Price-300x300.jpg",300,300,true],"woocommerce_single":["https:\/\/vapebulkp.com\/wp-content\/uploads\/2024\/06\/Bang-Beach-20k-Puffs-Discount-Price-600x338.jpg",600,338,true],"woocommerce_gallery_thumbnail":["https:\/\/vapebulkp.com\/wp-content\/uploads\/2024\/06\/Bang-Beach-20k-Puffs-Discount-Price-100x100.jpg",100,100,true],"wcpr-photo-reviews":["https:\/\/vapebulkp.com\/wp-content\/uploads\/2024\/06\/Bang-Beach-20k-Puffs-Discount-Price.jpg",500,281,false]},"uagb_author_info":{"display_name":"Mandy vape bulk price","author_link":"https:\/\/vapebulkp.com\/da\/author\/"},"uagb_comment_info":1,"uagb_excerpt":"New Model\u00a0 Vape Bang Beach\u00a0 20k\u00a0 puffs\u00a0 Bang Vape Pls Contact Mandy's WhatsApp For Discount Price+8618077105796 NOTE: Prices on our website does not include shipping costs &nbsp;","_links":{"self":[{"href":"https:\/\/vapebulkp.com\/da\/wp-json\/wp\/v2\/product\/2571","targetHints":{"allow":["GET"]}}],"collection":[{"href":"https:\/\/vapebulkp.com\/da\/wp-json\/wp\/v2\/product"}],"about":[{"href":"https:\/\/vapebulkp.com\/da\/wp-json\/wp\/v2\/types\/product"}],"replies":[{"embeddable":true,"href":"https:\/\/vapebulkp.com\/da\/wp-json\/wp\/v2\/comments?post=2571"}],"wp:featuredmedia":[{"embeddable":true,"href":"https:\/\/vapebulkp.com\/da\/wp-json\/wp\/v2\/media\/2546"}],"wp:attachment":[{"href":"https:\/\/vapebulkp.com\/da\/wp-json\/wp\/v2\/media?parent=2571"}],"wp:term":[{"taxonomy":"product_cat","embeddable":true,"href":"https:\/\/vapebulkp.com\/da\/wp-json\/wp\/v2\/product_cat?post=2571"},{"taxonomy":"product_tag","embeddable":true,"href":"https:\/\/vapebulkp.com\/da\/wp-json\/wp\/v2\/product_tag?post=2571"}],"curies":[{"name":"wp","href":"https:\/\/api.w.org\/{rel}","templated":true}]}}