{"id":2677,"date":"2024-07-23T03:02:16","date_gmt":"2024-07-23T01:02:16","guid":{"rendered":"https:\/\/vapebulkp.com\/?post_type=product&#038;p=2677"},"modified":"2025-09-24T05:22:37","modified_gmt":"2025-09-24T03:22:37","slug":"hot-selling-brand-vape-mesii-visual-16000puffs-wholesale-price","status":"publish","type":"product","link":"https:\/\/vapebulkp.com\/da\/product\/hot-selling-brand-vape-mesii-visual-16000puffs-wholesale-price\/","title":{"rendered":"Mest solgte m\u00e6rke Vape Mesii Visual 16000Puffs Engrospris"},"content":{"rendered":"<h2>Mest solgte m\u00e6rke Vape Mesii Visual 16000Puffs Engrospris<\/h2>\n<p>Mesii Visual 16000 Puffs er en h\u00f8jtydende engangs-vape med stor kapacitet, designet til europ\u00e6iske vape-entusiaster, der s\u00f8ger stil, bekvemmelighed og ensartet smag. Udstyret med et kraftfuldt 600mAh-batteri og avanceret mesh coil vape-teknologi leverer den j\u00e6vn, t\u00e6t damp i op til 16.000 pust.<\/p>\n<p>Med et stort digitalt display giver 16000 Puffs engangs-vape information i realtid om batteriniveau, antal pust og justerbar sp\u00e6nding, hvilket giver vapers mulighed for at finjustere deres sessioner for at opn\u00e5 det perfekte sug. Den er fyldt p\u00e5 forh\u00e5nd med f\u00f8rsteklasses e-v\u00e6sker med nikotinsalt og tilbyder et bredt udvalg af f\u00f8rsteklasses smage, fra klassisk tobak og mentol til frugt- og dessertblandinger, for en tilfredsstillende og langvarig dampoplevelse.<\/p>\n<p>Denne langtidsholdbare engangs-vape er kompakt og b\u00e6rbar og ideel til daglig brug, rejser eller sociale sammenh\u00e6nge. Ved at kombinere slankt design, avanceret funktionalitet og forl\u00e6nget batterilevetid giver Mesii 16000 Puffs engangs-vape en alsidig og p\u00e5lidelig l\u00f8sning for b\u00e5de nye og erfarne vapers.<\/p>\n<p><img decoding=\"async\" class=\"alignnone size-full wp-image-2667\" src=\"http:\/\/vapebulkp.com\/wp-content\/uploads\/2024\/07\/Hot-Vape-MESii-VISUAL-BOX-16000Puffs.jpg\" alt=\"Hot Vape MESii VISUAL BOX 16000Pust\" width=\"800\" height=\"800\" srcset=\"https:\/\/vapebulkp.com\/wp-content\/uploads\/2024\/07\/Hot-Vape-MESii-VISUAL-BOX-16000Puffs.jpg 800w, https:\/\/vapebulkp.com\/wp-content\/uploads\/2024\/07\/Hot-Vape-MESii-VISUAL-BOX-16000Puffs-300x300.jpg 300w, https:\/\/vapebulkp.com\/wp-content\/uploads\/2024\/07\/Hot-Vape-MESii-VISUAL-BOX-16000Puffs-150x150.jpg 150w, https:\/\/vapebulkp.com\/wp-content\/uploads\/2024\/07\/Hot-Vape-MESii-VISUAL-BOX-16000Puffs-768x768.jpg 768w, https:\/\/vapebulkp.com\/wp-content\/uploads\/2024\/07\/Hot-Vape-MESii-VISUAL-BOX-16000Puffs-600x600.jpg 600w, https:\/\/vapebulkp.com\/wp-content\/uploads\/2024\/07\/Hot-Vape-MESii-VISUAL-BOX-16000Puffs-100x100.jpg 100w\" sizes=\"(max-width: 800px) 100vw, 800px\" \/><\/p>\n<h6>Kontakt venligst Mandys WhatsApp for rabatpris<a href=\"https:\/\/wa.me\/8618077105796\">+8618077105796<\/a><\/h6>\n<p><img decoding=\"async\" class=\"alignnone wp-image-2151\" src=\"http:\/\/vapebulkp.com\/wp-content\/uploads\/2024\/04\/Mandy-WhatsApp-Randm.jpg\" alt=\"Mandy WhatsApp Randm\" width=\"263\" height=\"280\" srcset=\"https:\/\/vapebulkp.com\/wp-content\/uploads\/2024\/04\/Mandy-WhatsApp-Randm.jpg 916w, https:\/\/vapebulkp.com\/wp-content\/uploads\/2024\/04\/Mandy-WhatsApp-Randm-282x300.jpg 282w, https:\/\/vapebulkp.com\/wp-content\/uploads\/2024\/04\/Mandy-WhatsApp-Randm-768x817.jpg 768w, https:\/\/vapebulkp.com\/wp-content\/uploads\/2024\/04\/Mandy-WhatsApp-Randm-600x638.jpg 600w\" sizes=\"(max-width: 263px) 100vw, 263px\" \/><\/p>\n<h2><span style=\"vertical-align: inherit\">T\u00e6nkte du m\u00e5ske ville vide mere om MESii 16k Puffs Hot Vape:<\/span><\/h2>\n<p>&nbsp;<\/p>\n<h6>1. Hvordan bruger man MESii VISUAL 16000 Puffs Display Vape: En trin-for-trin guide?<\/h6>\n<p>Det er let at bruge MESii VISUAL 16000 Puffs Vape. F\u00f8lg disse enkle trin for en optimal dampoplevelse:<\/p>\n<p>\u00c5bn den forseglede pakke: Start med at rive den beskyttende emballage op for at sikre, at enheden forbliver frisk og klar til brug.<\/p>\n<p>Fjern klisterm\u00e6rket: Tr\u00e6k forsigtigt det beskyttende klisterm\u00e6rke af, der d\u00e6kker vapen, for at aktivere den.<\/p>\n<p>Klarg\u00f8r vapen: Tr\u00e6k forsigtigt silikoneproppen ud af mundstykket, og lad enheden sidde i ca. 10 minutter. Dette giver e-v\u00e6sken mulighed for fuldt ud at m\u00e6tte coilen, hvilket sikrer en j\u00e6vn damp fra dit allerf\u00f8rste pust.<\/p>\n<p>Efter disse hurtige trin er din MESii VISUAL 16000 Puffs Display Vape klar til brug!<\/p>\n<h6>2. Hvordan oplader man MESii VISUAL 16k Puffs-enheden?<\/h6>\n<p>Opladning af MESii VISUAL 16000 Puffs-enheden: Sikkerhedsvejledning<\/p>\n<p>Korrekt opladning af din MESii-vape sikrer dens levetid og sikker brug. Her er de vigtigste opladningstips:<\/p>\n<p>Undg\u00e5 hurtigopladere: Hurtigopladningsadaptere er ikke egnede til engangs-vapes. Brug i stedet en standardoplader med en sikker udgangseffekt p\u00e5 5V og 1A.<\/p>\n<p>Overv\u00e5g opladningstiden: For at forhindre overophedning eller beskadigelse af batteriet skal du begr\u00e6nse hver opladningssession til 30 minutter. Overskrid aldrig en time pr. opladning for maksimal sikkerhed og batterilevetid.<\/p>\n<p>Hvis du f\u00f8lger disse retningslinjer, sikrer du, at din enhed forbliver i top stand.<\/p>\n<h6>3. Hvor mange pust kan du f\u00e5 fra MESii VISUAL 16000 Puffs Vape?<\/h6>\n<p>Som navnet antyder, tilbyder MESii VISUAL vape imponerende 16.000 pust pr. enhed, hvilket g\u00f8r den til en af de mest holdbare og langtidsholdbare engangs-vapes p\u00e5 markedet. Uanset om du er en let eller moderat bruger, er denne vape designet til at holde og give en p\u00e5lidelig og smagfuld oplevelse.<\/p>\n<p><span style=\"color: #ff6600\">Bem\u00e6rk: kan ikke oplade hele natten!<\/span><\/p>\n<h6>4.Hvorfor v\u00e6lge MESii VISUAL 16k Puffs Vape?<\/h6>\n<ul>\n<li><strong>H\u00f8j pufkapacitet<\/strong>: Med 16.000 sug giver den en omfattende dampoplevelse uden hyppige udskiftninger.<\/li>\n<li><strong>Stor e-v\u00e6ske volumen<\/strong>: Den 16 ml e-v\u00e6ske kapacitet betyder f\u00e6rre genopfyldninger, hvilket giver bekvemmelighed for brugere, der foretr\u00e6kker mindre vedligeholdelse.<\/li>\n<li><strong>Nikotinmuligheder<\/strong>: Den giver fleksibilitet med nikotinindhold, lige fra 0% (nikotinfri) til 5% nikotinsalt e-v\u00e6ske, der im\u00f8dekommer forskellige pr\u00e6ferencer og nikotintolerance niveauer.<\/li>\n<li><strong>Batterilevetid<\/strong>: 600mAh-batteriet giver tilstr\u00e6kkelig str\u00f8m til at underst\u00f8tte det h\u00f8je antal sug, hvilket sikrer p\u00e5lidelig ydeevne gennem hele dens levetid.<\/li>\n<li><strong>Engangs og praktisk<\/strong>: Som en engangsvape eliminerer den behovet for genopfyldning eller opladning, hvilket g\u00f8r den ideel til rejser eller situationer, hvor bekvemmelighed er altafg\u00f8rende.<\/li>\n<li><strong>Kvalitet og p\u00e5lidelighed<\/strong>: Designet med kvalitetsmaterialer og muligvis med sikkerhedsforanstaltninger, sikrer den en sikker og behagelig dampoplevelse.<\/li>\n<\/ul>\n<h3>MESII VISUAL 16k Vape-funktion:<\/h3>\n<p>Model: MESII VISUAL 16000 Puffs Godt solgt Vape<br \/>\nPuffs: 16000 sug<br \/>\nBatterikapacitet: 600mAh<br \/>\nE-v\u00e6ske volumen: 16ml<br \/>\nNikotinindhold: 2%\/\/5% Nikotinsalt<br \/>\nEmballage: 10 styk i 1 displayboks<br \/>\nMinimum ordrem\u00e6ngde (MOQ): 100 styk<\/p>\n<h3><strong>\u00a0Original vape MESII VISUAL<\/strong> 16000 Pust\u00a0 <strong>Smagsliste:<\/strong><\/h3>\n<p>1.Bl\u00e5b\u00e6r Storm<br \/>\n2. Bl\u00e5 hindb\u00e6r is<br \/>\n3. Miami Mint<br \/>\n4.Bfersken is<br \/>\n5.Vandmelon Is<br \/>\n6.Dragefrugt Banan Kirseb\u00e6r<br \/>\n7.Blandede B\u00e6r<br \/>\n8.Syrligt \u00c6ble Is<br \/>\n9.Ananas Kokos<br \/>\n10.Hindb\u00e6r Vandmelon<br \/>\n11.Vandmelon Bubblegum<br \/>\n12.Jordb\u00e6r Vandmelon<br \/>\n13.Jordb\u00e6r Hindb\u00e6r Kirseb\u00e6r<br \/>\n14.Drue is<br \/>\n15.Jordb\u00e6r Kiwi<\/p>\n<p><a href=\"https:\/\/vapebulkp.com\/da\/product\/popular-randm-tornado-7000puffs-disposable-vape-best-price\/\">Randm tornado 7000 pust<\/a><\/p>\n<p><span style=\"vertical-align: inherit\">Find flere produkter du m\u00e5ske kan lide:<\/span><em><a href=\"https:\/\/wa.me\/8618077105796\"><span style=\"vertical-align: inherit\">\u00a0K\u00f8b den nu<\/span><\/a><\/em><\/p>\n<p><span style=\"vertical-align: inherit\">Andre Puffs du m\u00e5ske kan lide:<\/span><a href=\"https:\/\/vapebulkp.com\/da\/product\/good-sale-randm-tornado-10000-puffs-plus\/\"><span style=\"vertical-align: inherit\">RandM 10000Pust<\/span><\/a><span style=\"vertical-align: inherit\">\u2014Med en pustekapacitet p\u00e5 10.000 pust er denne enhed en favorit blandt vaping-entusiaster.<\/span><\/p>\n<p><a href=\"https:\/\/vapebulkp.com\/da\/product\/wholesale-randm-tornado-9000-puffs-germany\/\"><span style=\"vertical-align: inherit\">RandM Tornado 9000 Puf<\/span><\/a><span style=\"vertical-align: inherit\">\u2014Som den mest popul\u00e6re e-cigaret har Randm 9.000 sug, som du kan nyde<\/span><\/p>\n<p><a href=\"https:\/\/vapebulkp.com\/da\/product\/bang-20000-puffs-hot-vape-top-sale-vape\/\"><span style=\"vertical-align: inherit\">Bang 20000 Sug<\/span><\/a><span style=\"vertical-align: inherit\">\u2014Bang King er et popul\u00e6rt m\u00e6rke med unikke modeller og 20000 sug<\/span><\/p>\n<p><a href=\"https:\/\/vapebulkp.com\/da\/product\/bang-king-12000puffs\/\"><span style=\"vertical-align: inherit\">Bang King 12000 pust<\/span><\/a>\u2014-Bang King 12000 Pust er et popul\u00e6rt m\u00e6rke med unikke modeller og 12.000 pust, en anden mulighed for at forbedre dine vaping-behov<\/p>\n<p><span style=\"vertical-align: inherit\">E-cigaret flaske med special form:<\/span><a href=\"https:\/\/vapebulkp.com\/da\/product\/original-vape-bang-tn-12000-puffs-bang-vape\/\"><span style=\"vertical-align: inherit\">Bang TN 12000 pust<\/span><\/a><span style=\"vertical-align: inherit\">\/ <\/span><a href=\"https:\/\/vapebulkp.com\/da\/product\/vapme-crystal-7000-puffs-original-vape-good-flavor\/\"><span style=\"vertical-align: inherit\">Crystal 7000 sug<\/span><\/a><span style=\"vertical-align: inherit\">\/<\/span><a href=\"https:\/\/vapebulkp.com\/da\/product\/top-sale-waspe-12000puffs-disposable-vape-wholesale-france\/\"><span style=\"vertical-align: inherit\">WASPE 12000 pust<\/span><\/a><\/p>\n<p><a href=\"https:\/\/vapebulkp.com\/da\/product\/discount-price-cloud-bar-tn-15000-disposable-vape-raz-bar\/\">Cloud Bar TN 15000 Pust Original vape<\/a><\/p>\n<h4>Forsendelsesdetaljer:<\/h4>\n<p><span style=\"color: #ff6600\">Produktionstid: 5-10 arbejdsdage<\/span><br \/>\n<span style=\"color: #ff6600\">Leveringstid: 8-14 arbejdsdage<\/span><\/p>\n<p>Alle produkter i vores butik er 100% originale og autentiske, s\u00e5 ti gange kompensation for falske varer er vores butikspolitik. Vi bruger logistikkanaler som UPS\/DHL\/FEDEX\/DPD til at levere varer til dig.<\/p>\n<p>For pakker sendt til Danmark tager det normalt 10 arbejdsdage at ankomme. Forsendelse til europ\u00e6iske lande tager normalt 12 til 15 arbejdsdage at ankomme. Vi vil opdatere logistikinformationen for dig i realtid.<\/p>\n<p>Kontakt os, og vi kan tilbyde dig Hazebar 12000 Puff og bringe din forretning til st\u00f8rre h\u00f8jder!<\/p>","protected":false},"excerpt":{"rendered":"<p>Mesii Visual 16000 Puffs Engrospris Engangs Vape<\/p>\n<p><img decoding=\"async\" class=\"alignnone wp-image-2151\" src=\"http:\/\/vapebulkp.com\/wp-content\/uploads\/2024\/04\/Mandy-WhatsApp-Randm.jpg\" alt=\"Mandy WhatsApp Randm\" width=\"238\" height=\"253\" srcset=\"https:\/\/vapebulkp.com\/wp-content\/uploads\/2024\/04\/Mandy-WhatsApp-Randm.jpg 916w, https:\/\/vapebulkp.com\/wp-content\/uploads\/2024\/04\/Mandy-WhatsApp-Randm-282x300.jpg 282w, https:\/\/vapebulkp.com\/wp-content\/uploads\/2024\/04\/Mandy-WhatsApp-Randm-768x817.jpg 768w, https:\/\/vapebulkp.com\/wp-content\/uploads\/2024\/04\/Mandy-WhatsApp-Randm-600x638.jpg 600w\" sizes=\"(max-width: 238px) 100vw, 238px\" \/><\/p>\n<p>Kontakt venligst Mandys WhatsApp for rabatpris<a href=\"https:\/\/wa.me\/8618077105796\">+8618077105796<\/a><\/p>\n<p><span style=\"color: #ff0000\">BEM\u00c6RK: Priserne p\u00e5 vores hjemmeside inkluderer ikke forsendelsesomkostninger<\/span><\/p>","protected":false},"featured_media":2664,"comment_status":"open","ping_status":"closed","template":"","meta":{"_uag_custom_page_level_css":"","_lmt_disableupdate":"no","_lmt_disable":"","site-sidebar-layout":"default","site-content-layout":"content-boxed-container","ast-site-content-layout":"normal-width-container","site-content-style":"boxed","site-sidebar-style":"unboxed","ast-global-header-display":"","ast-banner-title-visibility":"","ast-main-header-display":"","ast-hfb-above-header-display":"","ast-hfb-below-header-display":"","ast-hfb-mobile-header-display":"","site-post-title":"","ast-breadcrumbs-content":"","ast-featured-img":"","footer-sml-layout":"","theme-transparent-header-meta":"default","adv-header-id-meta":"","stick-header-meta":"","header-above-stick-meta":"","header-main-stick-meta":"","header-below-stick-meta":"","astra-migrate-meta-layouts":"set","_joinchat":[]},"product_cat":[164,153,155,33,59,100,354,87,34,158,157,154,152,58,84,156,63,32],"product_tag":[36,37,91,105,127,41,71,40],"class_list":["post-2677","product","type-product","status-publish","has-post-thumbnail","hentry","product_cat-16000-puffs-disposable-vape","product_cat-hot-disposable-vapes","product_cat-belgium-hot-disposable-vapes","product_cat-france-vape-hot-sale","product_cat-germany-hot-disposable-vape","product_cat-germany-wholesale-vape-shop","product_cat-mesii-vape","product_cat-minimum-order-quantity-50pcs","product_cat-netherlands-vape-good-sale","product_cat-norway-hot-disposable-vapes","product_cat-poland-hot-disposable-vapes","product_cat-portugal-hot-disposable-vapes","product_cat-spain-hot-disposable-vapes","product_cat-sweden-hot-disposable-vape","product_cat-sweden-wholesale-vape","product_cat-switzerland-hot-disposable-vapes","product_cat-top-sale-disposable-vape","product_cat-vape-hot-sale-this-week","product_tag-good-vape","product_tag-hot-sale-disposable-vape","product_tag-italy-hot-vape","product_tag-jnr","product_tag-original-vape-inr-shisha","product_tag-poland-hot-vape","product_tag-randm","product_tag-sweden-hot-vape","pa_brand-mesii-vape","desktop-align-left","tablet-align-left","mobile-align-left"],"yoast_head":"<!-- This site is optimized with the Yoast SEO plugin v21.1 - https:\/\/yoast.com\/wordpress\/plugins\/seo\/ -->\n<title>Hot Selling Brand Vape Mesii Visual 16000Puffs Wholesale Price - vapebulkp.com<\/title>\n<meta name=\"description\" content=\"Get the Mesii 16000 Puffs Disposable Vape \u2014 a sleek, high-capacity vape with long-lasting battery, adjustable controls, and premium flavors. Perfect for European vaping enthusiasts seeking style and performance.\" \/>\n<meta name=\"robots\" content=\"index, follow, max-snippet:-1, max-image-preview:large, max-video-preview:-1\" \/>\n<link rel=\"canonical\" href=\"https:\/\/vapebulkp.com\/da\/product\/hot-selling-brand-vape-mesii-visual-16000puffs-wholesale-price\/\" \/>\n<meta property=\"og:locale\" content=\"da_DK\" \/>\n<meta property=\"og:type\" content=\"article\" \/>\n<meta property=\"og:title\" content=\"Hot Selling Brand Vape Mesii Visual 16000Puffs Wholesale Price - vapebulkp.com\" \/>\n<meta property=\"og:description\" content=\"Get the Mesii 16000 Puffs Disposable Vape \u2014 a sleek, high-capacity vape with long-lasting battery, adjustable controls, and premium flavors. Perfect for European vaping enthusiasts seeking style and performance.\" \/>\n<meta property=\"og:url\" content=\"https:\/\/vapebulkp.com\/da\/product\/hot-selling-brand-vape-mesii-visual-16000puffs-wholesale-price\/\" \/>\n<meta property=\"og:site_name\" content=\"vapebulkp.com\" \/>\n<meta property=\"article:modified_time\" content=\"2025-09-24T03:22:37+00:00\" \/>\n<meta property=\"og:image\" content=\"http:\/\/vapebulkp.com\/wp-content\/uploads\/2024\/07\/Best-Vape-MESii-VISUAL-BOX-16000Puffs.jpg\" \/>\n\t<meta property=\"og:image:width\" content=\"800\" \/>\n\t<meta property=\"og:image:height\" content=\"800\" \/>\n\t<meta property=\"og:image:type\" content=\"image\/jpeg\" \/>\n<meta name=\"twitter:card\" content=\"summary_large_image\" \/>\n<meta name=\"twitter:label1\" content=\"Estimeret l\u00e6setid\" \/>\n\t<meta name=\"twitter:data1\" content=\"5 minutter\" \/>\n<script type=\"application\/ld+json\" class=\"yoast-schema-graph\">{\"@context\":\"https:\/\/schema.org\",\"@graph\":[{\"@type\":\"WebPage\",\"@id\":\"https:\/\/vapebulkp.com\/product\/hot-selling-brand-vape-mesii-visual-16000puffs-wholesale-price\/\",\"url\":\"https:\/\/vapebulkp.com\/product\/hot-selling-brand-vape-mesii-visual-16000puffs-wholesale-price\/\",\"name\":\"Hot Selling Brand Vape Mesii Visual 16000Puffs Wholesale Price - vapebulkp.com\",\"isPartOf\":{\"@id\":\"https:\/\/vapebulkp.com\/#website\"},\"datePublished\":\"2024-07-23T01:02:16+00:00\",\"dateModified\":\"2025-09-24T03:22:37+00:00\",\"description\":\"Get the Mesii 16000 Puffs Disposable Vape \u2014 a sleek, high-capacity vape with long-lasting battery, adjustable controls, and premium flavors. Perfect for European vaping enthusiasts seeking style and performance.\",\"breadcrumb\":{\"@id\":\"https:\/\/vapebulkp.com\/product\/hot-selling-brand-vape-mesii-visual-16000puffs-wholesale-price\/#breadcrumb\"},\"inLanguage\":\"da-DK\",\"potentialAction\":[{\"@type\":\"ReadAction\",\"target\":[\"https:\/\/vapebulkp.com\/product\/hot-selling-brand-vape-mesii-visual-16000puffs-wholesale-price\/\"]}]},{\"@type\":\"BreadcrumbList\",\"@id\":\"https:\/\/vapebulkp.com\/product\/hot-selling-brand-vape-mesii-visual-16000puffs-wholesale-price\/#breadcrumb\",\"itemListElement\":[{\"@type\":\"ListItem\",\"position\":1,\"name\":\"Home\",\"item\":\"https:\/\/vapebulkp.com\/\"},{\"@type\":\"ListItem\",\"position\":2,\"name\":\"Hot Trend Vapes\",\"item\":\"https:\/\/vapebulkp.com\/vape-shop\/\"},{\"@type\":\"ListItem\",\"position\":3,\"name\":\"Hot Selling Brand Vape Mesii Visual 16000Puffs Wholesale Price\"}]},{\"@type\":\"WebSite\",\"@id\":\"https:\/\/vapebulkp.com\/#website\",\"url\":\"https:\/\/vapebulkp.com\/\",\"name\":\"vapebulkp.com\",\"description\":\"Buy Vape In Cheap Bulk Price Near you\",\"publisher\":{\"@id\":\"https:\/\/vapebulkp.com\/#organization\"},\"potentialAction\":[{\"@type\":\"SearchAction\",\"target\":{\"@type\":\"EntryPoint\",\"urlTemplate\":\"https:\/\/vapebulkp.com\/?s={search_term_string}\"},\"query-input\":\"required name=search_term_string\"}],\"inLanguage\":\"da-DK\"},{\"@type\":\"Organization\",\"@id\":\"https:\/\/vapebulkp.com\/#organization\",\"name\":\"vapebulkp.com\",\"url\":\"https:\/\/vapebulkp.com\/\",\"logo\":{\"@type\":\"ImageObject\",\"inLanguage\":\"da-DK\",\"@id\":\"https:\/\/vapebulkp.com\/#\/schema\/logo\/image\/\",\"url\":\"https:\/\/vapebulkp.com\/wp-content\/uploads\/2023\/09\/cropped-vapebulkp.png\",\"contentUrl\":\"https:\/\/vapebulkp.com\/wp-content\/uploads\/2023\/09\/cropped-vapebulkp.png\",\"width\":516,\"height\":163,\"caption\":\"vapebulkp.com\"},\"image\":{\"@id\":\"https:\/\/vapebulkp.com\/#\/schema\/logo\/image\/\"}}]}<\/script>\n<!-- \/ Yoast SEO plugin. -->","yoast_head_json":{"title":"Hot Selling Brand Vape Mesii Visual 16000Puffs Wholesale Price - vapebulkp.com","description":"Get the Mesii 16000 Puffs Disposable Vape \u2014 a sleek, high-capacity vape with long-lasting battery, adjustable controls, and premium flavors. Perfect for European vaping enthusiasts seeking style and performance.","robots":{"index":"index","follow":"follow","max-snippet":"max-snippet:-1","max-image-preview":"max-image-preview:large","max-video-preview":"max-video-preview:-1"},"canonical":"https:\/\/vapebulkp.com\/da\/product\/hot-selling-brand-vape-mesii-visual-16000puffs-wholesale-price\/","og_locale":"da_DK","og_type":"article","og_title":"Hot Selling Brand Vape Mesii Visual 16000Puffs Wholesale Price - vapebulkp.com","og_description":"Get the Mesii 16000 Puffs Disposable Vape \u2014 a sleek, high-capacity vape with long-lasting battery, adjustable controls, and premium flavors. Perfect for European vaping enthusiasts seeking style and performance.","og_url":"https:\/\/vapebulkp.com\/da\/product\/hot-selling-brand-vape-mesii-visual-16000puffs-wholesale-price\/","og_site_name":"vapebulkp.com","article_modified_time":"2025-09-24T03:22:37+00:00","og_image":[{"width":800,"height":800,"url":"http:\/\/vapebulkp.com\/wp-content\/uploads\/2024\/07\/Best-Vape-MESii-VISUAL-BOX-16000Puffs.jpg","type":"image\/jpeg"}],"twitter_card":"summary_large_image","twitter_misc":{"Estimeret l\u00e6setid":"5 minutter"},"schema":{"@context":"https:\/\/schema.org","@graph":[{"@type":"WebPage","@id":"https:\/\/vapebulkp.com\/product\/hot-selling-brand-vape-mesii-visual-16000puffs-wholesale-price\/","url":"https:\/\/vapebulkp.com\/product\/hot-selling-brand-vape-mesii-visual-16000puffs-wholesale-price\/","name":"Hot Selling Brand Vape Mesii Visual 16000Puffs Wholesale Price - vapebulkp.com","isPartOf":{"@id":"https:\/\/vapebulkp.com\/#website"},"datePublished":"2024-07-23T01:02:16+00:00","dateModified":"2025-09-24T03:22:37+00:00","description":"Get the Mesii 16000 Puffs Disposable Vape \u2014 a sleek, high-capacity vape with long-lasting battery, adjustable controls, and premium flavors. Perfect for European vaping enthusiasts seeking style and performance.","breadcrumb":{"@id":"https:\/\/vapebulkp.com\/product\/hot-selling-brand-vape-mesii-visual-16000puffs-wholesale-price\/#breadcrumb"},"inLanguage":"da-DK","potentialAction":[{"@type":"ReadAction","target":["https:\/\/vapebulkp.com\/product\/hot-selling-brand-vape-mesii-visual-16000puffs-wholesale-price\/"]}]},{"@type":"BreadcrumbList","@id":"https:\/\/vapebulkp.com\/product\/hot-selling-brand-vape-mesii-visual-16000puffs-wholesale-price\/#breadcrumb","itemListElement":[{"@type":"ListItem","position":1,"name":"Home","item":"https:\/\/vapebulkp.com\/"},{"@type":"ListItem","position":2,"name":"Hot Trend Vapes","item":"https:\/\/vapebulkp.com\/vape-shop\/"},{"@type":"ListItem","position":3,"name":"Hot Selling Brand Vape Mesii Visual 16000Puffs Wholesale Price"}]},{"@type":"WebSite","@id":"https:\/\/vapebulkp.com\/#website","url":"https:\/\/vapebulkp.com\/","name":"vapebulkp.com","description":"Buy Vape In Cheap Bulk Price Near you","publisher":{"@id":"https:\/\/vapebulkp.com\/#organization"},"potentialAction":[{"@type":"SearchAction","target":{"@type":"EntryPoint","urlTemplate":"https:\/\/vapebulkp.com\/?s={search_term_string}"},"query-input":"required name=search_term_string"}],"inLanguage":"da-DK"},{"@type":"Organization","@id":"https:\/\/vapebulkp.com\/#organization","name":"vapebulkp.com","url":"https:\/\/vapebulkp.com\/","logo":{"@type":"ImageObject","inLanguage":"da-DK","@id":"https:\/\/vapebulkp.com\/#\/schema\/logo\/image\/","url":"https:\/\/vapebulkp.com\/wp-content\/uploads\/2023\/09\/cropped-vapebulkp.png","contentUrl":"https:\/\/vapebulkp.com\/wp-content\/uploads\/2023\/09\/cropped-vapebulkp.png","width":516,"height":163,"caption":"vapebulkp.com"},"image":{"@id":"https:\/\/vapebulkp.com\/#\/schema\/logo\/image\/"}}]}},"uagb_featured_image_src":{"full":["https:\/\/vapebulkp.com\/wp-content\/uploads\/2024\/07\/Best-Vape-MESii-VISUAL-BOX-16000Puffs.jpg",800,800,false],"thumbnail":["https:\/\/vapebulkp.com\/wp-content\/uploads\/2024\/07\/Best-Vape-MESii-VISUAL-BOX-16000Puffs-150x150.jpg",150,150,true],"medium":["https:\/\/vapebulkp.com\/wp-content\/uploads\/2024\/07\/Best-Vape-MESii-VISUAL-BOX-16000Puffs-300x300.jpg",300,300,true],"medium_large":["https:\/\/vapebulkp.com\/wp-content\/uploads\/2024\/07\/Best-Vape-MESii-VISUAL-BOX-16000Puffs-768x768.jpg",768,768,true],"large":["https:\/\/vapebulkp.com\/wp-content\/uploads\/2024\/07\/Best-Vape-MESii-VISUAL-BOX-16000Puffs.jpg",800,800,false],"1536x1536":["https:\/\/vapebulkp.com\/wp-content\/uploads\/2024\/07\/Best-Vape-MESii-VISUAL-BOX-16000Puffs.jpg",800,800,false],"2048x2048":["https:\/\/vapebulkp.com\/wp-content\/uploads\/2024\/07\/Best-Vape-MESii-VISUAL-BOX-16000Puffs.jpg",800,800,false],"trp-custom-language-flag":["https:\/\/vapebulkp.com\/wp-content\/uploads\/2024\/07\/Best-Vape-MESii-VISUAL-BOX-16000Puffs.jpg",12,12,false],"woocommerce_thumbnail":["https:\/\/vapebulkp.com\/wp-content\/uploads\/2024\/07\/Best-Vape-MESii-VISUAL-BOX-16000Puffs-300x300.jpg",300,300,true],"woocommerce_single":["https:\/\/vapebulkp.com\/wp-content\/uploads\/2024\/07\/Best-Vape-MESii-VISUAL-BOX-16000Puffs-600x600.jpg",600,600,true],"woocommerce_gallery_thumbnail":["https:\/\/vapebulkp.com\/wp-content\/uploads\/2024\/07\/Best-Vape-MESii-VISUAL-BOX-16000Puffs-100x100.jpg",100,100,true],"wcpr-photo-reviews":["https:\/\/vapebulkp.com\/wp-content\/uploads\/2024\/07\/Best-Vape-MESii-VISUAL-BOX-16000Puffs.jpg",500,500,false]},"uagb_author_info":{"display_name":"Mandy vape bulk price","author_link":"https:\/\/vapebulkp.com\/da\/author\/"},"uagb_comment_info":0,"uagb_excerpt":"Mesii Visual 16000Puffs Wholesale Price Disposable Vape Pls Contact Mandy's WhatsApp For Discount Price+8618077105796 NOTE: Prices on our website does not include shipping costs","_links":{"self":[{"href":"https:\/\/vapebulkp.com\/da\/wp-json\/wp\/v2\/product\/2677","targetHints":{"allow":["GET"]}}],"collection":[{"href":"https:\/\/vapebulkp.com\/da\/wp-json\/wp\/v2\/product"}],"about":[{"href":"https:\/\/vapebulkp.com\/da\/wp-json\/wp\/v2\/types\/product"}],"replies":[{"embeddable":true,"href":"https:\/\/vapebulkp.com\/da\/wp-json\/wp\/v2\/comments?post=2677"}],"wp:featuredmedia":[{"embeddable":true,"href":"https:\/\/vapebulkp.com\/da\/wp-json\/wp\/v2\/media\/2664"}],"wp:attachment":[{"href":"https:\/\/vapebulkp.com\/da\/wp-json\/wp\/v2\/media?parent=2677"}],"wp:term":[{"taxonomy":"product_cat","embeddable":true,"href":"https:\/\/vapebulkp.com\/da\/wp-json\/wp\/v2\/product_cat?post=2677"},{"taxonomy":"product_tag","embeddable":true,"href":"https:\/\/vapebulkp.com\/da\/wp-json\/wp\/v2\/product_tag?post=2677"}],"curies":[{"name":"wp","href":"https:\/\/api.w.org\/{rel}","templated":true}]}}