{"id":2713,"date":"2024-08-07T10:58:18","date_gmt":"2024-08-07T08:58:18","guid":{"rendered":"https:\/\/vapebulkp.com\/?post_type=product&#038;p=2713"},"modified":"2025-09-24T05:24:25","modified_gmt":"2025-09-24T03:24:25","slug":"best-elfworld-i15-pro-disposable-vape-12k-puffs","status":"publish","type":"product","link":"https:\/\/vapebulkp.com\/da\/product\/best-elfworld-i15-pro-disposable-vape-12k-puffs\/","title":{"rendered":"Bedste ELFWORLD I15 Pro engangsvape 12k sug"},"content":{"rendered":"<h2 style=\"text-align: left\">Bedste ELFWORLD I15 Pro engangsvape 12k sug<\/h2>\n<p data-start=\"396\" data-end=\"774\">ELFWORLD I15 Pro engangsvapen 12k sug er <strong data-start=\"454\" data-end=\"487\">engangs-vape med h\u00f8j kapacitet<\/strong> bygget til <strong data-start=\"498\" data-end=\"529\">europ\u00e6iske vaping-entusiaster<\/strong> som kr\u00e6ver langvarig ydeevne og f\u00f8rsteklasses smag. Forudfyldt med 18 ml e-v\u00e6ske og udstyret med et 600 mAh <strong data-start=\"646\" data-end=\"678\">genopladelig engangs vape<\/strong> batteri, leverer den omkring 12.000 bl\u00f8de sug, hvilket sikrer udvidet brug uden afbrydelser.<\/p>\n<p data-start=\"776\" data-end=\"1182\">Denne enhed bruger avanceret <strong data-start=\"802\" data-end=\"820\">mesh coil vape<\/strong> teknologi for rig, t\u00e6t damp og ensartet smag ved hvert sug. Designet som en <strong data-start=\"907\" data-end=\"928\">MTL dampningsenhed<\/strong>, tilbyder den et tilfredsstillende 'throat hit' og bl\u00f8d nikotinafgivelse p\u00e5 5% (50 mg). Den indbyggede sk\u00e6rm viser tydeligt batterilevetid og e-v\u00e6ske-niveauer, mens hurtig <strong data-start=\"1089\" data-end=\"1121\">USB Type-C genopladelig vape<\/strong> funktionalitet holder den hurtigt og effektivt opladet.<\/p>\n<p data-start=\"1184\" data-end=\"1471\">Kompakt og ergonomisk, I15 Pro er perfekt til daglig brug, rejser eller sociale sammenh\u00e6nge. Ved at kombinere slankt design med h\u00f8j ydeevne, er <a href=\"https:\/\/vapebulkp.com\/da\/product-category\/12000-puffs-disposable-vape\/\"><strong data-start=\"1323\" data-end=\"1354\">12000 sug engangs-vape<\/strong><\/a> fra ELFWORLD en p\u00e5lidelig, premium l\u00f8sning for dampere, der leder efter bekvemmelighed, stil og smag i \u00e9n enhed.<\/p>\n<p><img decoding=\"async\" class=\"alignnone wp-image-2706\" src=\"http:\/\/vapebulkp.com\/wp-content\/uploads\/2024\/08\/ELF-WORLD-I15PRO-12k-Puffs-Wholeale-Vape.jpg\" alt=\"ELF WORLD I15PRO 12k Puffs Engros Vape\" width=\"426\" height=\"558\" srcset=\"https:\/\/vapebulkp.com\/wp-content\/uploads\/2024\/08\/ELF-WORLD-I15PRO-12k-Puffs-Wholeale-Vape.jpg 1416w, https:\/\/vapebulkp.com\/wp-content\/uploads\/2024\/08\/ELF-WORLD-I15PRO-12k-Puffs-Wholeale-Vape-229x300.jpg 229w, https:\/\/vapebulkp.com\/wp-content\/uploads\/2024\/08\/ELF-WORLD-I15PRO-12k-Puffs-Wholeale-Vape-781x1024.jpg 781w, https:\/\/vapebulkp.com\/wp-content\/uploads\/2024\/08\/ELF-WORLD-I15PRO-12k-Puffs-Wholeale-Vape-768x1007.jpg 768w, https:\/\/vapebulkp.com\/wp-content\/uploads\/2024\/08\/ELF-WORLD-I15PRO-12k-Puffs-Wholeale-Vape-1172x1536.jpg 1172w, https:\/\/vapebulkp.com\/wp-content\/uploads\/2024\/08\/ELF-WORLD-I15PRO-12k-Puffs-Wholeale-Vape-600x786.jpg 600w\" sizes=\"(max-width: 426px) 100vw, 426px\" \/><\/p>\n<h6>Kontakt venligst Mandys WhatsApp for rabatpris<a href=\"https:\/\/wa.me\/8618077105796\">+8618077105796<\/a><\/h6>\n<p><img decoding=\"async\" class=\"alignnone wp-image-2151\" src=\"http:\/\/vapebulkp.com\/wp-content\/uploads\/2024\/04\/Mandy-WhatsApp-Randm.jpg\" alt=\"Mandy WhatsApp Randm\" width=\"324\" height=\"330\" \/><\/p>\n<h2>T\u00e6nkte du m\u00e5ske kunne t\u00e6nke dig at vide om ELFWORLD Vape 12k sug:<\/h2>\n<h5>1. Hvordan bruger man ELFWORLD I15 Pro Top Sale Vape 12k sug?<\/h5>\n<p>Trin 1. F\u00f8r brug af 12k pust, fjern plastikr\u00f8ret.<\/p>\n<p>Trin 2. Vent ca. 3 minutter for at lade v\u00e6sken komme ind i spolen indeni.<\/p>\n<p>Trin 3. Nyd den<\/p>\n<h5>2. Hvordan oplader man den nye VAPE ELFWORLD engangsvape 12k sug?<\/h5>\n<p>Opladere til hurtigopladning kan ikke anvendes. Den sikre standardstr\u00f8m til engangs-e-cigaretter er 5V 1A.<\/p>\n<p>Hver opladning m\u00e5 ikke overskride 1 time, og den sikre opladningstid er en halv time.<\/p>\n<p><span style=\"color: #ff6600\">Bem\u00e6rk: kan ikke oplade hele natten!<\/span><\/p>\n<h5>3. Hvad er e-v\u00e6ske-kapaciteten p\u00e5 HQ ELFWORLD I15 Pro 12k sug?<\/h5>\n<p>\u2014\u201418ml<\/p>\n<h5>4. Hvor mange sug kan jeg tage af denne engrospris ELFWORLD I15 Pro 12000 sug vape-enhed?<\/h5>\n<p>\u2014\u201312000 Puffs<\/p>\n<h3>ELFWORLD I15 Pro 12k Puffs Engros Vape Funktioner:<\/h3>\n<p>&nbsp;<\/p>\n<ul>\n<li>18 ml Forudfyldt E-v\u00e6ske<\/li>\n<li>5% (50mg) Nikotinstyrke<\/li>\n<li>Mesh Coil Teknologi<\/li>\n<li>Cirka 12.000 sug<\/li>\n<li>600mAh Genopladeligt Batteri<\/li>\n<li>Sk\u00e6rmdisplay for Batterilevetid og E-v\u00e6skeniveau<\/li>\n<li>USB Type-C Opladning (kabel medf\u00f8lger ikke)<\/li>\n<li>Tr\u00e6k-aktiveret Mekanisme<\/li>\n<li>MTL (Mund-til-lunge) Dampning<\/li>\n<\/ul>\n<h3><strong>Hot Sale Vape ELFWORLD I15 Pro 12k Puffs Smage:<\/strong><\/h3>\n<p>1. Vandmelon Is<br \/>\n2. Bl\u00e5 hindb\u00e6r is<br \/>\n3. Jordb\u00e6r Is<br \/>\n4. Vanilje Casta Tobak<br \/>\n5. Dragefrugt B\u00e6r<br \/>\n6. Sakura Drue<br \/>\n7. Fersken Mango<br \/>\n8. Slik Regnbue<br \/>\n9. Mynte<br \/>\n10. Blandede B\u00e6r<\/p>\n<p><a href=\"https:\/\/vapebulkp.com\/da\/product\/popular-randm-tornado-7000puffs-disposable-vape-best-price\/\"><span style=\"vertical-align: inherit\">RandM Tornado 7000 pust <\/span><\/a><\/p>\n<p><span style=\"vertical-align: inherit\">Find flere produkter du m\u00e5ske kan lide:<\/span><em><a href=\"https:\/\/wa.me\/8618077105796\"><span style=\"vertical-align: inherit\">\u00a0K\u00f8b den nu<\/span><\/a><\/em><\/p>\n<p><span style=\"vertical-align: inherit\">Andre Puffs du m\u00e5ske kan lide:<\/span><a href=\"https:\/\/vapebulkp.com\/da\/product\/bang-with-a-vape-gear-20000-puffs-discount-price\/\"><span style=\"vertical-align: inherit\">Bang Gear Vape 20000 pust<\/span><\/a><span style=\"vertical-align: inherit\">\u3001<\/span><a href=\"https:\/\/vapebulkp.com\/da\/product\/wholesale-randm-tornado-9000-puffs-germany\/\"><span style=\"vertical-align: inherit\">RandM 9000 sug<\/span><\/a><span style=\"vertical-align: inherit\">\/ <\/span><a href=\"https:\/\/vapebulkp.com\/da\/fi\/product\/bang-30k-puffs-new-double-taste-good-vape\/\"><span style=\"vertical-align: inherit\">Bang Vape 30000 sug<\/span><\/a><span style=\"vertical-align: inherit\">\/ <\/span><a href=\"https:\/\/vapebulkp.com\/da\/fi\/product\/uzy-bang-digital-12000puffs-led-display-e-cigarettes\/\"><span style=\"vertical-align: inherit\">UZY Bang Digital 15000 sug<\/span><\/a><\/p>\n<p><span style=\"vertical-align: inherit\">E-cigaret flaske med special form:<\/span><a href=\"https:\/\/vapebulkp.com\/da\/product\/uzy-bang-king-12k-disposable-vape-affordable-price\/\"><span style=\"vertical-align: inherit\"> Bang King 12k Pust<\/span><\/a><span style=\"vertical-align: inherit\">\/ <\/span><a href=\"https:\/\/vapebulkp.com\/da\/fi\/product\/best-price-wga-crystal-pro-max-15k-puffs-original-vape\/\"><span style=\"vertical-align: inherit\">\u00a0WGA Crystal pro max 15k pust <\/span><\/a><span style=\"vertical-align: inherit\">\/<\/span><a href=\"https:\/\/vapebulkp.com\/da\/product\/bang-tornado-12000-puffs-rechargeable-disposable-pod\/\"><span style=\"vertical-align: inherit\"> Bang Tornado 12000 pust<\/span><\/a><\/p>\n<h5>Produktionskvalifikation:<\/h5>\n<p><img decoding=\"async\" class=\"alignnone size-full wp-image-1841\" src=\"http:\/\/vapebulkp.com\/wp-content\/uploads\/2023\/11\/Vape-production-process-2.jpeg\" alt=\"Vape produktionsproces\" width=\"650\" height=\"434\" srcset=\"https:\/\/vapebulkp.com\/wp-content\/uploads\/2023\/11\/Vape-production-process-2.jpeg 650w, https:\/\/vapebulkp.com\/wp-content\/uploads\/2023\/11\/Vape-production-process-2-300x200.jpeg 300w, https:\/\/vapebulkp.com\/wp-content\/uploads\/2023\/11\/Vape-production-process-2-600x401.jpeg 600w\" sizes=\"(max-width: 650px) 100vw, 650px\" \/><\/p>\n<p><img decoding=\"async\" class=\"alignnone size-full wp-image-1843\" src=\"http:\/\/vapebulkp.com\/wp-content\/uploads\/2023\/11\/Vape-production-process.jpeg\" alt=\"Vape produktionsproces\" width=\"641\" height=\"1026\" srcset=\"https:\/\/vapebulkp.com\/wp-content\/uploads\/2023\/11\/Vape-production-process.jpeg 641w, https:\/\/vapebulkp.com\/wp-content\/uploads\/2023\/11\/Vape-production-process-187x300.jpeg 187w, https:\/\/vapebulkp.com\/wp-content\/uploads\/2023\/11\/Vape-production-process-640x1024.jpeg 640w, https:\/\/vapebulkp.com\/wp-content\/uploads\/2023\/11\/Vape-production-process-600x960.jpeg 600w\" sizes=\"(max-width: 641px) 100vw, 641px\" \/><\/p>\n<h4>Ofte stillede sp\u00f8rgsm\u00e5l:<\/h4>\n<p>Q: Hvad er mindste bestilling af EUR Hot Sale Vape ELFWORLD I15 Pro 12k Puffs?<br \/>\nA: Minimumsbestilling er 100 stk.<br \/>\nQ: Hvad er leveringstiden for den bestilte vape?<br \/>\nA: Normalt 10-15 dage efter afsendelse<br \/>\nQ: Hvad er forsendelsesomkostningerne? A: Forsendelsesomkostningerne afh\u00e6nger af v\u00e6gten. Forskellige m\u00e6ngder har forskellige forsendelsesomkostninger, kontakt os venligst for at bekr\u00e6fte forsendelsesomkostningerne.<\/p>\n<h4>Forsendelsesdetaljer:<\/h4>\n<p><span style=\"color: #ff6600\">Produktionstid: 5-10 arbejdsdage<\/span><br \/>\n<span style=\"color: #ff6600\">Leveringstid: 8-14 arbejdsdage<\/span><\/p>\n<p>Alle produkter i vores butik er 100% originale og autentiske, s\u00e5 ti gange kompensation for falske varer er vores butikspolitik. Vi bruger logistikkanaler som UPS\/DHL\/FEDEX\/DPD til at levere varer til dig.<\/p>\n<p>For pakker sendt til Danmark tager det normalt 10 arbejdsdage at ankomme. Forsendelse til europ\u00e6iske lande tager normalt 12 til 15 arbejdsdage at ankomme. Vi vil opdatere logistikinformationen for dig i realtid.<\/p>","protected":false},"excerpt":{"rendered":"<p>Den bedste ELFWORLD I15 Pro engangsvape 12k sug har et 18 ml forudfyldt e-juice-reservoir og et genopladeligt 600 mAh batteri. Den har ogs\u00e5 en sk\u00e6rm, der viser b\u00e5de batterilevetid og v\u00e6skeniveauer, og den kan levere imponerende 12.000 sug.<\/p>\n<p>Kontakt venligst Mandys WhatsApp for rabatpris<a href=\"https:\/\/wa.me\/8618077105796\">+8618077105796<\/a><\/p>\n<p><img decoding=\"async\" class=\"alignnone wp-image-2151\" src=\"http:\/\/vapebulkp.com\/wp-content\/uploads\/2024\/04\/Mandy-WhatsApp-Randm.jpg\" alt=\"Mandy WhatsApp Randm\" width=\"297\" height=\"316\" srcset=\"https:\/\/vapebulkp.com\/wp-content\/uploads\/2024\/04\/Mandy-WhatsApp-Randm.jpg 916w, https:\/\/vapebulkp.com\/wp-content\/uploads\/2024\/04\/Mandy-WhatsApp-Randm-282x300.jpg 282w, https:\/\/vapebulkp.com\/wp-content\/uploads\/2024\/04\/Mandy-WhatsApp-Randm-768x817.jpg 768w, https:\/\/vapebulkp.com\/wp-content\/uploads\/2024\/04\/Mandy-WhatsApp-Randm-600x638.jpg 600w\" sizes=\"(max-width: 297px) 100vw, 297px\" \/><\/p>\n<p><span style=\"color: #ff0000\">BEM\u00c6RK: Priserne p\u00e5 vores hjemmeside inkluderer ikke forsendelsesomkostninger<\/span><\/p>\n<p>&nbsp;<\/p>","protected":false},"featured_media":2707,"comment_status":"open","ping_status":"closed","template":"","meta":{"_uag_custom_page_level_css":"","_lmt_disableupdate":"no","_lmt_disable":"","site-sidebar-layout":"default","site-content-layout":"content-boxed-container","ast-site-content-layout":"normal-width-container","site-content-style":"boxed","site-sidebar-style":"unboxed","ast-global-header-display":"","ast-banner-title-visibility":"","ast-main-header-display":"","ast-hfb-above-header-display":"","ast-hfb-below-header-display":"","ast-hfb-mobile-header-display":"","site-post-title":"","ast-breadcrumbs-content":"","ast-featured-img":"","footer-sml-layout":"","theme-transparent-header-meta":"default","adv-header-id-meta":"","stick-header-meta":"","header-above-stick-meta":"","header-main-stick-meta":"","header-below-stick-meta":"","astra-migrate-meta-layouts":"set","_joinchat":[]},"product_cat":[166,348,33,59,100,87,34,158,157,154,152,58,84,156,63,32],"product_tag":[36,37,41,40],"class_list":["post-2713","product","type-product","status-publish","has-post-thumbnail","hentry","product_cat-12000-puffs-disposable-vape","product_cat-elf-world-vape","product_cat-france-vape-hot-sale","product_cat-germany-hot-disposable-vape","product_cat-germany-wholesale-vape-shop","product_cat-minimum-order-quantity-50pcs","product_cat-netherlands-vape-good-sale","product_cat-norway-hot-disposable-vapes","product_cat-poland-hot-disposable-vapes","product_cat-portugal-hot-disposable-vapes","product_cat-spain-hot-disposable-vapes","product_cat-sweden-hot-disposable-vape","product_cat-sweden-wholesale-vape","product_cat-switzerland-hot-disposable-vapes","product_cat-top-sale-disposable-vape","product_cat-vape-hot-sale-this-week","product_tag-good-vape","product_tag-hot-sale-disposable-vape","product_tag-poland-hot-vape","product_tag-sweden-hot-vape","pa_brand-elf-world-vape","desktop-align-left","tablet-align-left","mobile-align-left"],"yoast_head":"<!-- This site is optimized with the Yoast SEO plugin v21.1 - https:\/\/yoast.com\/wordpress\/plugins\/seo\/ -->\n<title>Best ELFWORLD I15 Pro Disposable Vape 12k Puffs - vapebulkp.com<\/title>\n<meta name=\"description\" content=\"Best ELFWORLD I15 Pro Disposable Vape 12k Puffs features 18ml of pre-filled vape juice, a rechargeable 600mAh battery, and a screen that displays both battery life and juice level. It is capable of delivering up to 12,000 puffs.\" \/>\n<meta name=\"robots\" content=\"index, follow, max-snippet:-1, max-image-preview:large, max-video-preview:-1\" \/>\n<link rel=\"canonical\" href=\"https:\/\/vapebulkp.com\/da\/product\/best-elfworld-i15-pro-disposable-vape-12k-puffs\/\" \/>\n<meta property=\"og:locale\" content=\"da_DK\" \/>\n<meta property=\"og:type\" content=\"article\" \/>\n<meta property=\"og:title\" content=\"Best ELFWORLD I15 Pro Disposable Vape 12k Puffs - vapebulkp.com\" \/>\n<meta property=\"og:description\" content=\"Best ELFWORLD I15 Pro Disposable Vape 12k Puffs features 18ml of pre-filled vape juice, a rechargeable 600mAh battery, and a screen that displays both battery life and juice level. It is capable of delivering up to 12,000 puffs.\" \/>\n<meta property=\"og:url\" content=\"https:\/\/vapebulkp.com\/da\/product\/best-elfworld-i15-pro-disposable-vape-12k-puffs\/\" \/>\n<meta property=\"og:site_name\" content=\"vapebulkp.com\" \/>\n<meta property=\"article:modified_time\" content=\"2025-09-24T03:24:25+00:00\" \/>\n<meta property=\"og:image\" content=\"http:\/\/vapebulkp.com\/wp-content\/uploads\/2024\/08\/ELF-WORLD-I15PRO-12k-Top-Sale-Vape-12k-Puffs-scaled.jpg\" \/>\n\t<meta property=\"og:image:width\" content=\"2560\" \/>\n\t<meta property=\"og:image:height\" content=\"2434\" \/>\n\t<meta property=\"og:image:type\" content=\"image\/jpeg\" \/>\n<meta name=\"twitter:card\" content=\"summary_large_image\" \/>\n<meta name=\"twitter:label1\" content=\"Estimeret l\u00e6setid\" \/>\n\t<meta name=\"twitter:data1\" content=\"4 minutter\" \/>\n<script type=\"application\/ld+json\" class=\"yoast-schema-graph\">{\"@context\":\"https:\/\/schema.org\",\"@graph\":[{\"@type\":\"WebPage\",\"@id\":\"https:\/\/vapebulkp.com\/product\/best-elfworld-i15-pro-disposable-vape-12k-puffs\/\",\"url\":\"https:\/\/vapebulkp.com\/product\/best-elfworld-i15-pro-disposable-vape-12k-puffs\/\",\"name\":\"Best ELFWORLD I15 Pro Disposable Vape 12k Puffs - vapebulkp.com\",\"isPartOf\":{\"@id\":\"https:\/\/vapebulkp.com\/#website\"},\"datePublished\":\"2024-08-07T08:58:18+00:00\",\"dateModified\":\"2025-09-24T03:24:25+00:00\",\"description\":\"Best ELFWORLD I15 Pro Disposable Vape 12k Puffs features 18ml of pre-filled vape juice, a rechargeable 600mAh battery, and a screen that displays both battery life and juice level. It is capable of delivering up to 12,000 puffs.\",\"breadcrumb\":{\"@id\":\"https:\/\/vapebulkp.com\/product\/best-elfworld-i15-pro-disposable-vape-12k-puffs\/#breadcrumb\"},\"inLanguage\":\"da-DK\",\"potentialAction\":[{\"@type\":\"ReadAction\",\"target\":[\"https:\/\/vapebulkp.com\/product\/best-elfworld-i15-pro-disposable-vape-12k-puffs\/\"]}]},{\"@type\":\"BreadcrumbList\",\"@id\":\"https:\/\/vapebulkp.com\/product\/best-elfworld-i15-pro-disposable-vape-12k-puffs\/#breadcrumb\",\"itemListElement\":[{\"@type\":\"ListItem\",\"position\":1,\"name\":\"Home\",\"item\":\"https:\/\/vapebulkp.com\/\"},{\"@type\":\"ListItem\",\"position\":2,\"name\":\"Hot Trend Vapes\",\"item\":\"https:\/\/vapebulkp.com\/vape-shop\/\"},{\"@type\":\"ListItem\",\"position\":3,\"name\":\"Best ELFWORLD I15 Pro Disposable Vape 12k Puffs\"}]},{\"@type\":\"WebSite\",\"@id\":\"https:\/\/vapebulkp.com\/#website\",\"url\":\"https:\/\/vapebulkp.com\/\",\"name\":\"vapebulkp.com\",\"description\":\"Buy Vape In Cheap Bulk Price Near you\",\"publisher\":{\"@id\":\"https:\/\/vapebulkp.com\/#organization\"},\"potentialAction\":[{\"@type\":\"SearchAction\",\"target\":{\"@type\":\"EntryPoint\",\"urlTemplate\":\"https:\/\/vapebulkp.com\/?s={search_term_string}\"},\"query-input\":\"required name=search_term_string\"}],\"inLanguage\":\"da-DK\"},{\"@type\":\"Organization\",\"@id\":\"https:\/\/vapebulkp.com\/#organization\",\"name\":\"vapebulkp.com\",\"url\":\"https:\/\/vapebulkp.com\/\",\"logo\":{\"@type\":\"ImageObject\",\"inLanguage\":\"da-DK\",\"@id\":\"https:\/\/vapebulkp.com\/#\/schema\/logo\/image\/\",\"url\":\"https:\/\/vapebulkp.com\/wp-content\/uploads\/2023\/09\/cropped-vapebulkp.png\",\"contentUrl\":\"https:\/\/vapebulkp.com\/wp-content\/uploads\/2023\/09\/cropped-vapebulkp.png\",\"width\":516,\"height\":163,\"caption\":\"vapebulkp.com\"},\"image\":{\"@id\":\"https:\/\/vapebulkp.com\/#\/schema\/logo\/image\/\"}}]}<\/script>\n<!-- \/ Yoast SEO plugin. -->","yoast_head_json":{"title":"Best ELFWORLD I15 Pro Disposable Vape 12k Puffs - vapebulkp.com","description":"Best ELFWORLD I15 Pro Disposable Vape 12k Puffs features 18ml of pre-filled vape juice, a rechargeable 600mAh battery, and a screen that displays both battery life and juice level. It is capable of delivering up to 12,000 puffs.","robots":{"index":"index","follow":"follow","max-snippet":"max-snippet:-1","max-image-preview":"max-image-preview:large","max-video-preview":"max-video-preview:-1"},"canonical":"https:\/\/vapebulkp.com\/da\/product\/best-elfworld-i15-pro-disposable-vape-12k-puffs\/","og_locale":"da_DK","og_type":"article","og_title":"Best ELFWORLD I15 Pro Disposable Vape 12k Puffs - vapebulkp.com","og_description":"Best ELFWORLD I15 Pro Disposable Vape 12k Puffs features 18ml of pre-filled vape juice, a rechargeable 600mAh battery, and a screen that displays both battery life and juice level. It is capable of delivering up to 12,000 puffs.","og_url":"https:\/\/vapebulkp.com\/da\/product\/best-elfworld-i15-pro-disposable-vape-12k-puffs\/","og_site_name":"vapebulkp.com","article_modified_time":"2025-09-24T03:24:25+00:00","og_image":[{"width":2560,"height":2434,"url":"http:\/\/vapebulkp.com\/wp-content\/uploads\/2024\/08\/ELF-WORLD-I15PRO-12k-Top-Sale-Vape-12k-Puffs-scaled.jpg","type":"image\/jpeg"}],"twitter_card":"summary_large_image","twitter_misc":{"Estimeret l\u00e6setid":"4 minutter"},"schema":{"@context":"https:\/\/schema.org","@graph":[{"@type":"WebPage","@id":"https:\/\/vapebulkp.com\/product\/best-elfworld-i15-pro-disposable-vape-12k-puffs\/","url":"https:\/\/vapebulkp.com\/product\/best-elfworld-i15-pro-disposable-vape-12k-puffs\/","name":"Best ELFWORLD I15 Pro Disposable Vape 12k Puffs - vapebulkp.com","isPartOf":{"@id":"https:\/\/vapebulkp.com\/#website"},"datePublished":"2024-08-07T08:58:18+00:00","dateModified":"2025-09-24T03:24:25+00:00","description":"Best ELFWORLD I15 Pro Disposable Vape 12k Puffs features 18ml of pre-filled vape juice, a rechargeable 600mAh battery, and a screen that displays both battery life and juice level. It is capable of delivering up to 12,000 puffs.","breadcrumb":{"@id":"https:\/\/vapebulkp.com\/product\/best-elfworld-i15-pro-disposable-vape-12k-puffs\/#breadcrumb"},"inLanguage":"da-DK","potentialAction":[{"@type":"ReadAction","target":["https:\/\/vapebulkp.com\/product\/best-elfworld-i15-pro-disposable-vape-12k-puffs\/"]}]},{"@type":"BreadcrumbList","@id":"https:\/\/vapebulkp.com\/product\/best-elfworld-i15-pro-disposable-vape-12k-puffs\/#breadcrumb","itemListElement":[{"@type":"ListItem","position":1,"name":"Home","item":"https:\/\/vapebulkp.com\/"},{"@type":"ListItem","position":2,"name":"Hot Trend Vapes","item":"https:\/\/vapebulkp.com\/vape-shop\/"},{"@type":"ListItem","position":3,"name":"Best ELFWORLD I15 Pro Disposable Vape 12k Puffs"}]},{"@type":"WebSite","@id":"https:\/\/vapebulkp.com\/#website","url":"https:\/\/vapebulkp.com\/","name":"vapebulkp.com","description":"Buy Vape In Cheap Bulk Price Near you","publisher":{"@id":"https:\/\/vapebulkp.com\/#organization"},"potentialAction":[{"@type":"SearchAction","target":{"@type":"EntryPoint","urlTemplate":"https:\/\/vapebulkp.com\/?s={search_term_string}"},"query-input":"required name=search_term_string"}],"inLanguage":"da-DK"},{"@type":"Organization","@id":"https:\/\/vapebulkp.com\/#organization","name":"vapebulkp.com","url":"https:\/\/vapebulkp.com\/","logo":{"@type":"ImageObject","inLanguage":"da-DK","@id":"https:\/\/vapebulkp.com\/#\/schema\/logo\/image\/","url":"https:\/\/vapebulkp.com\/wp-content\/uploads\/2023\/09\/cropped-vapebulkp.png","contentUrl":"https:\/\/vapebulkp.com\/wp-content\/uploads\/2023\/09\/cropped-vapebulkp.png","width":516,"height":163,"caption":"vapebulkp.com"},"image":{"@id":"https:\/\/vapebulkp.com\/#\/schema\/logo\/image\/"}}]}},"uagb_featured_image_src":{"full":["https:\/\/vapebulkp.com\/wp-content\/uploads\/2024\/08\/ELF-WORLD-I15PRO-12k-Top-Sale-Vape-12k-Puffs-scaled.jpg",2560,2434,false],"thumbnail":["https:\/\/vapebulkp.com\/wp-content\/uploads\/2024\/08\/ELF-WORLD-I15PRO-12k-Top-Sale-Vape-12k-Puffs-150x150.jpg",150,150,true],"medium":["https:\/\/vapebulkp.com\/wp-content\/uploads\/2024\/08\/ELF-WORLD-I15PRO-12k-Top-Sale-Vape-12k-Puffs-300x285.jpg",300,285,true],"medium_large":["https:\/\/vapebulkp.com\/wp-content\/uploads\/2024\/08\/ELF-WORLD-I15PRO-12k-Top-Sale-Vape-12k-Puffs-768x730.jpg",768,730,true],"large":["https:\/\/vapebulkp.com\/wp-content\/uploads\/2024\/08\/ELF-WORLD-I15PRO-12k-Top-Sale-Vape-12k-Puffs-1024x974.jpg",1024,974,true],"1536x1536":["https:\/\/vapebulkp.com\/wp-content\/uploads\/2024\/08\/ELF-WORLD-I15PRO-12k-Top-Sale-Vape-12k-Puffs-1536x1461.jpg",1536,1461,true],"2048x2048":["https:\/\/vapebulkp.com\/wp-content\/uploads\/2024\/08\/ELF-WORLD-I15PRO-12k-Top-Sale-Vape-12k-Puffs-2048x1947.jpg",2048,1947,true],"trp-custom-language-flag":["https:\/\/vapebulkp.com\/wp-content\/uploads\/2024\/08\/ELF-WORLD-I15PRO-12k-Top-Sale-Vape-12k-Puffs-scaled.jpg",13,12,false],"woocommerce_thumbnail":["https:\/\/vapebulkp.com\/wp-content\/uploads\/2024\/08\/ELF-WORLD-I15PRO-12k-Top-Sale-Vape-12k-Puffs-300x300.jpg",300,300,true],"woocommerce_single":["https:\/\/vapebulkp.com\/wp-content\/uploads\/2024\/08\/ELF-WORLD-I15PRO-12k-Top-Sale-Vape-12k-Puffs-600x571.jpg",600,571,true],"woocommerce_gallery_thumbnail":["https:\/\/vapebulkp.com\/wp-content\/uploads\/2024\/08\/ELF-WORLD-I15PRO-12k-Top-Sale-Vape-12k-Puffs-100x100.jpg",100,100,true],"wcpr-photo-reviews":["https:\/\/vapebulkp.com\/wp-content\/uploads\/2024\/08\/ELF-WORLD-I15PRO-12k-Top-Sale-Vape-12k-Puffs-scaled.jpg",500,475,false]},"uagb_author_info":{"display_name":"Mandy vape bulk price","author_link":"https:\/\/vapebulkp.com\/da\/author\/"},"uagb_comment_info":0,"uagb_excerpt":"Best ELFWORLD I15 Pro Disposable Vape 12k Puffs features an 18ml reservoir of pre-filled vape juice and a rechargeable 600mAh battery. It also includes a screen that displays both battery life and juice levels, and it can deliver an impressive 12,000 puffs. Pls Contact Mandy's WhatsApp For Discount Price+8618077105796 NOTE: Prices on our website does&hellip;","_links":{"self":[{"href":"https:\/\/vapebulkp.com\/da\/wp-json\/wp\/v2\/product\/2713","targetHints":{"allow":["GET"]}}],"collection":[{"href":"https:\/\/vapebulkp.com\/da\/wp-json\/wp\/v2\/product"}],"about":[{"href":"https:\/\/vapebulkp.com\/da\/wp-json\/wp\/v2\/types\/product"}],"replies":[{"embeddable":true,"href":"https:\/\/vapebulkp.com\/da\/wp-json\/wp\/v2\/comments?post=2713"}],"wp:featuredmedia":[{"embeddable":true,"href":"https:\/\/vapebulkp.com\/da\/wp-json\/wp\/v2\/media\/2707"}],"wp:attachment":[{"href":"https:\/\/vapebulkp.com\/da\/wp-json\/wp\/v2\/media?parent=2713"}],"wp:term":[{"taxonomy":"product_cat","embeddable":true,"href":"https:\/\/vapebulkp.com\/da\/wp-json\/wp\/v2\/product_cat?post=2713"},{"taxonomy":"product_tag","embeddable":true,"href":"https:\/\/vapebulkp.com\/da\/wp-json\/wp\/v2\/product_tag?post=2713"}],"curies":[{"name":"wp","href":"https:\/\/api.w.org\/{rel}","templated":true}]}}