{"id":2823,"date":"2024-08-30T04:42:55","date_gmt":"2024-08-30T02:42:55","guid":{"rendered":"https:\/\/vapebulkp.com\/?post_type=product&#038;p=2823"},"modified":"2025-09-24T05:48:16","modified_gmt":"2025-09-24T03:48:16","slug":"randm-fihp-9000puffs-disposable-vape-hot-selling","status":"publish","type":"product","link":"https:\/\/vapebulkp.com\/da\/vare\/randm-fihp-9000puffs-disposable-vape-hot-selling\/","title":{"rendered":"Randm FIHP 9000Puffs Engangs Vape Hot Selling"},"content":{"rendered":"<h2>Randm FIHP 9000Puffs Engangs Vape Hot Selling<\/h2>\n<p>&nbsp;<\/p>\n<p data-start=\"97\" data-end=\"416\">Den <strong data-start=\"101\" data-end=\"141\">Randm FIHP 9000Puffs Engangs Vape<\/strong> er en h\u00f8jkapacitets vape designet til bekvemmelighed og ensartet ydeevne. Med en 18 ml e-v\u00e6ske tank leverer den op til 9.000 bl\u00f8de pust, hvilket g\u00f8r den ideel til langvarig brug. Dens kompakte, lette design (90g) sikrer b\u00e6rbarhed, samtidig med at den bevarer en premium fornemmelse.<\/p>\n<p data-start=\"418\" data-end=\"675\">Udstyret med et 650mAh genopladeligt batteri, giver den <strong data-start=\"467\" data-end=\"485\">FIHP 9000Puffs<\/strong> p\u00e5lidelig str\u00f8m til lange sessioner. V\u00e6lg mellem 12 frugtsmag og 2% eller 5% nikotinsalt for at matche dine pr\u00e6ferencer og levere rig smag og tilfredsstillende damp i hvert pust.<\/p>\n<p data-start=\"677\" data-end=\"922\">Denne engangs vape underst\u00f8tter ogs\u00e5 OEM tilpasning, perfekt til m\u00e6rker, der s\u00f8ger kvalitetsprodukter til engroshandel. Pakket i \u00e6sker med 10 og kartoner med 200 enheder, er Engrosprisen <strong data-start=\"844\" data-end=\"878\">FIHP 9000Puffs Engangs Vape<\/strong> klar til bulkordrer og levering i Danmark.<\/p>\n<p>&nbsp;<\/p>\n<h6 style=\"text-align: left\"><img decoding=\"async\" class=\"alignnone wp-image-2805\" src=\"http:\/\/vapebulkp.com\/wp-content\/uploads\/2024\/08\/FIHP-9000-Puffs-Top-Sale-Bulk-vape-Germany-.jpg\" alt=\"FIHP 9000 Puffs Top salg Bulk vape Danmark\" width=\"696\" height=\"696\" srcset=\"https:\/\/vapebulkp.com\/wp-content\/uploads\/2024\/08\/FIHP-9000-Puffs-Top-Sale-Bulk-vape-Germany-.jpg 800w, https:\/\/vapebulkp.com\/wp-content\/uploads\/2024\/08\/FIHP-9000-Puffs-Top-Sale-Bulk-vape-Germany--300x300.jpg 300w, https:\/\/vapebulkp.com\/wp-content\/uploads\/2024\/08\/FIHP-9000-Puffs-Top-Sale-Bulk-vape-Germany--150x150.jpg 150w, https:\/\/vapebulkp.com\/wp-content\/uploads\/2024\/08\/FIHP-9000-Puffs-Top-Sale-Bulk-vape-Germany--768x768.jpg 768w, https:\/\/vapebulkp.com\/wp-content\/uploads\/2024\/08\/FIHP-9000-Puffs-Top-Sale-Bulk-vape-Germany--600x600.jpg 600w, https:\/\/vapebulkp.com\/wp-content\/uploads\/2024\/08\/FIHP-9000-Puffs-Top-Sale-Bulk-vape-Germany--100x100.jpg 100w\" sizes=\"(max-width: 696px) 100vw, 696px\" \/><\/h6>\n<h6>Kontakt venligst Mandys WhatsApp for rabatpris<a href=\"https:\/\/wa.me\/8618077105796\">+8618077105796<\/a><\/h6>\n<p><img decoding=\"async\" class=\"alignnone wp-image-2151\" src=\"http:\/\/vapebulkp.com\/wp-content\/uploads\/2024\/04\/Mandy-WhatsApp-Randm.jpg\" alt=\"Mandy WhatsApp Randm\" width=\"287\" height=\"305\" srcset=\"https:\/\/vapebulkp.com\/wp-content\/uploads\/2024\/04\/Mandy-WhatsApp-Randm.jpg 916w, https:\/\/vapebulkp.com\/wp-content\/uploads\/2024\/04\/Mandy-WhatsApp-Randm-282x300.jpg 282w, https:\/\/vapebulkp.com\/wp-content\/uploads\/2024\/04\/Mandy-WhatsApp-Randm-768x817.jpg 768w, https:\/\/vapebulkp.com\/wp-content\/uploads\/2024\/04\/Mandy-WhatsApp-Randm-600x638.jpg 600w\" sizes=\"(max-width: 287px) 100vw, 287px\" \/><\/p>\n<div class=\"faqs-answer\"><strong style=\"font-size: 1.3em\"><span style=\"vertical-align: inherit\">FIHP 9k Puffs Tornado Vape Specifikationer:<\/span><\/strong><\/div>\n<p>Model: FIHP Tornado 9k Puffs<br \/>\nPust: 9k Puffs<br \/>\nBatterikapacitet: 650mAh<br \/>\nE-v\u00e6ske volumen: 18 ml<br \/>\nNikotinindhold: 2%\/\/5% Nikotinsalt<br \/>\nMinimum ordrem\u00e6ngde (MOQ): 50 stykker<\/p>\n<p>Dimensioner L\/B\/H 34 * 34 * 146 mm (uden pakke)<br \/>\nV\u00e6gt 90g\/stk<br \/>\nSmag 12 smagsvarianter<br \/>\nPakke 10stk\/\u00e6ske<br \/>\nKarton 200stk\/karton<\/p>\n<p>&nbsp;<\/p>\n<h5><\/h5>\n<h5><strong>FIHP Tornado 9000 Randm Vape Smagsliste:<\/strong><\/h5>\n<p>&nbsp;<\/p>\n<p>01. Jordb\u00e6r Kiwi<br \/>\n02. Kiwi Passionsfrugt Guava<br \/>\n03. Mango is<br \/>\n04. Blandede b\u00e6r<br \/>\n05. Vandmelon is<br \/>\n06. Energi drik<br \/>\n07. Jordb\u00e6r Banan<br \/>\n08. Jordb\u00e6r Dragefrugt<br \/>\n09. Jordb\u00e6r Vandmelon<br \/>\n10. Mango Fersken<br \/>\n11. Bl\u00e5b\u00e6r Limonade<br \/>\n12. K\u00f8lig Mynte<\/p>\n<p><a href=\"https:\/\/vapebulkp.com\/da\/vare\/good-vape-jnr-shisha-15000-puffs-wholesale-vapme-shisha\/\"><span style=\"vertical-align: inherit\">Vapme JNR shisha 15000 sug<\/span><\/a><\/p>\n<p><span style=\"vertical-align: inherit\">Find flere produkter du m\u00e5ske kan lide:<\/span><em><a href=\"https:\/\/wa.me\/8618077105796\"><span style=\"vertical-align: inherit\">\u00a0K\u00f8b den nu<\/span><\/a><\/em><\/p>\n<p><span style=\"vertical-align: inherit\">Andre Puffs du m\u00e5ske kan lide:<\/span><a href=\"https:\/\/vapebulkp.com\/da\/vare\/vapsolo-super-15k-puffs-wholesale-price-e-cigarette\/\"><span style=\"vertical-align: inherit\">Vapsolo super 15k <\/span><\/a><span style=\"vertical-align: inherit\">\u3001<\/span><a href=\"https:\/\/vapebulkp.com\/da\/vare\/good-sale-randm-tornado-10000-puffs-plus\/\"><span style=\"vertical-align: inherit\">Randm 10000 Pust<\/span><\/a><span style=\"vertical-align: inherit\">\/ <\/span><a href=\"https:\/\/vapebulkp.com\/da\/vare\/best-price-wga-crystal-pro-max-15k-puffs-original-vape\/\"><span style=\"vertical-align: inherit\">WGA Crystal Pro Max 15000 Pust<\/span><\/a><span style=\"vertical-align: inherit\">\/ <\/span><a href=\"https:\/\/vapebulkp.com\/da\/vare\/popular-randm-tornado-7000puffs-disposable-vape-best-price\/\"><span style=\"vertical-align: inherit\">RandM Tornado 7000 Pust<\/span><\/a><\/p>\n<p><span style=\"vertical-align: inherit\">E-cigaret flaske med special form:<\/span><a href=\"https:\/\/vapebulkp.com\/da\/vare\/bang-box-12000puffs-good-vape-sweden-wholesale-price\/\"><span style=\"vertical-align: inherit\">Bang Box 12000 sug <\/span><\/a><span style=\"vertical-align: inherit\">\/ <\/span><a href=\"https:\/\/vapebulkp.com\/da\/vare\/wholesale-tornado-rum-bar-9000-puffs-sweden\/\"><span style=\"vertical-align: inherit\">Rumbar 9000 pust<\/span><\/a><span style=\"vertical-align: inherit\">\/<\/span><a href=\"https:\/\/vapebulkp.com\/da\/vare\/bang-30k-puffs-new-double-taste-good-vape\/\"><span style=\"vertical-align: inherit\">Bang 30000 Pust<\/span><\/a><\/p>\n<h4>Produktionskvalifikation:<\/h4>\n<p><img decoding=\"async\" class=\"alignnone size-full wp-image-1841\" src=\"http:\/\/vapebulkp.com\/wp-content\/uploads\/2023\/11\/Vape-production-process-2.jpeg\" alt=\"Vape produktionsproces\" width=\"650\" height=\"434\" srcset=\"https:\/\/vapebulkp.com\/wp-content\/uploads\/2023\/11\/Vape-production-process-2.jpeg 650w, https:\/\/vapebulkp.com\/wp-content\/uploads\/2023\/11\/Vape-production-process-2-300x200.jpeg 300w, https:\/\/vapebulkp.com\/wp-content\/uploads\/2023\/11\/Vape-production-process-2-600x401.jpeg 600w\" sizes=\"(max-width: 650px) 100vw, 650px\" \/><\/p>\n<p><img decoding=\"async\" class=\"alignnone size-full wp-image-1843\" src=\"http:\/\/vapebulkp.com\/wp-content\/uploads\/2023\/11\/Vape-production-process.jpeg\" alt=\"Vape produktionsproces\" width=\"641\" height=\"1026\" srcset=\"https:\/\/vapebulkp.com\/wp-content\/uploads\/2023\/11\/Vape-production-process.jpeg 641w, https:\/\/vapebulkp.com\/wp-content\/uploads\/2023\/11\/Vape-production-process-187x300.jpeg 187w, https:\/\/vapebulkp.com\/wp-content\/uploads\/2023\/11\/Vape-production-process-640x1024.jpeg 640w, https:\/\/vapebulkp.com\/wp-content\/uploads\/2023\/11\/Vape-production-process-600x960.jpeg 600w\" sizes=\"(max-width: 641px) 100vw, 641px\" \/><\/p>\n<h5>Ofte stillede sp\u00f8rgsm\u00e5l:<\/h5>\n<p><strong>1.Kan jeg genopfylde min Randm FIHP 9000 sug-enhed med e-v\u00e6ske?<\/strong><\/p>\n<p>Nej, Randm FIHP 9000 sug engangsvape er kun beregnet til engangsbrug og underst\u00f8tter ikke genopfyldning. Hver enhed er forudfyldt med e-v\u00e6ske af h\u00f8j kvalitet, der giver en problemfri og ensartet dampoplevelse. Efter at e-v\u00e6sken er opbrugt, skal enheden kasseres p\u00e5 en ansvarlig m\u00e5de.<\/p>\n<p><strong>2.Er det muligt at tage Randm Tornado FIHP 9k sug engangsvape med p\u00e5 et fly?<\/strong><\/p>\n<p>Ja, Randm FIHP 9000 sug engangsvape er b\u00e6rbar og rejsevenlig, men det er vigtigt at kontrollere de specifikke retningslinjer for dit flyselskab, f\u00f8r du tager den med om bord. Flyselskaber kan have s\u00e6rlige regler for transport af dampningsprodukter, s\u00e5 det kan hj\u00e6lpe med at forhindre komplikationer under din flyvning ved at tjekke p\u00e5 forh\u00e5nd.<\/p>\n<p><strong>3.Hvordan bortskaffer jeg min brugte Randm FIHP 9k sug engangsvape korrekt?<\/strong><\/p>\n<p>For at sikre en milj\u00f8venlig bortskaffelse af din brugte Randm FIHP 9000 sug engangsvape, henvises til lokale bestemmelser for e-affald eller elektronisk genbrug. Mange vape-forhandlere og genbrugsfaciliteter accepterer gamle enheder, hvilket sikrer, at de h\u00e5ndteres og bortskaffes p\u00e5 en sikker og milj\u00f8bevidst m\u00e5de.<\/p>\n<h3>Forsendelsesdetaljer:<\/h3>\n<p><span style=\"color: #ff6600\">Produktionstid: 5-10 arbejdsdage<\/span><br \/>\n<span style=\"color: #ff6600\">Leveringstid: 8-14 arbejdsdage<\/span><\/p>\n<p>Alle produkter i vores butik er 100% originale og autentiske, s\u00e5 ti gange kompensation for falske varer er vores butikspolitik. Vi bruger logistikkanaler som UPS\/DHL\/FEDEX\/DPD til at levere varer til dig.<\/p>\n<p>For pakker sendt til Danmark tager det normalt 10 arbejdsdage at ankomme. Forsendelse til europ\u00e6iske lande tager normalt 12 til 15 arbejdsdage at ankomme. Vi vil opdatere logistikinformationen for dig i realtid.<\/p>\n<h3><span style=\"color: #ff6600\"><strong>Hvorfor v\u00e6lge <a style=\"color: #ff6600\" href=\"http:\/\/vapebulkp.com\/da\/\">vapebulkp<\/a>\u00a0til dine behov for engangsvapes?<\/strong><\/span><\/h3>\n<p>N\u00e5r det kommer til at k\u00f8be <strong>engangsvapes af h\u00f8j kvalitet<\/strong>skiller Vapebulkp sig ud som et p\u00e5lideligt valg af flere overbevisende grunde. Her er grunden til, at kunder fortsat v\u00e6lger Vapebulkp til alle deres vapingbehov:<\/p>\n<ol>\n<li><strong>Bredt udvalg af premium-m\u00e6rker<\/strong>: Hos Vapebulkp tilbyder vi et omfattende udvalg af <strong>f\u00f8rende m\u00e6rker af engangsvapes<\/strong>. Uanset om du leder efter det nyeste inden for vapingteknologi eller klassiske favoritter, har vi noget, der passer til enhver pr\u00e6ference.<\/li>\n<li><strong>Konkurrencedygtige priser og m\u00e6ngderabatter<\/strong>: Vi forst\u00e5r vigtigheden af at f\u00e5 stor v\u00e6rdi for pengene. Derfor tilbyder Vapebulkp <strong>konkurrencedygtige priser<\/strong> p\u00e5 alle produkter, sammen med attraktive <strong>m\u00e6ngdek\u00f8bsrabatter<\/strong>, hvilket g\u00f8r det mere overkommeligt at fylde op p\u00e5 dine foretrukne vapes.<\/li>\n<li><strong>P\u00e5lidelig og hurtig forsendelse<\/strong>: Vapebulkp s\u00e6tter en \u00e6re i at tilbyde <strong>hurtige og p\u00e5lidelige forsendelsestjenester<\/strong> . Vi ved, at du \u00f8nsker dine produkter hurtigt, s\u00e5 vi sikrer hurtig levering for at holde dig tilfreds.<\/li>\n<li><strong>Autenticitet og kvalitetssikring<\/strong>: Hvert produkt solgt p\u00e5 Vapebulkp er 100% autentisk og af h\u00f8jeste kvalitet. Vi arbejder direkte med producenter for at sikre, at alle <strong>engangsvapes<\/strong> opfylder strenge kvalitetsstandarder, hvilket giver dig en sikker og behagelig dampoplevelse.<\/li>\n<li><strong>Fremragende kundeservice<\/strong>: Hos Vapebulkp er kundetilfredshed vores h\u00f8jeste prioritet. Vores <strong>dedikerede kundeserviceteam<\/strong> er altid tilg\u00e6ngeligt for at hj\u00e6lpe dig med eventuelle sp\u00f8rgsm\u00e5l eller bekymringer, hvilket sikrer en glat og behagelig shoppingoplevelse.<\/li>\n<li><strong>Sikker online shopping<\/strong>: K\u00f8b med tillid hos Vapebulkp. Vores hjemmeside er udstyret med de nyeste sikkerhedsforanstaltninger, der sikrer, at dine personlige oplysninger til enhver tid er beskyttet under din <strong>online shopping<\/strong> oplevelse.<\/li>\n<li><strong>Eksklusive tilbud og kampagner<\/strong>: S\u00f8rg for at tjekke vores regelm\u00e6ssige <strong>eksklusive tilbud<\/strong> og <strong>kampagner<\/strong>. Vapebulkp tilbyder ofte s\u00e6rlige tilbud p\u00e5 popul\u00e6re produkter, der hj\u00e6lper dig med at spare endnu mere p\u00e5 dine k\u00f8b.<\/li>\n<\/ol>","protected":false},"excerpt":{"rendered":"<p>Rabatpris Ranmd FIHP Tornado 9k puffs Vape<\/p>\n<p>Engrospris Hot Sale Vape Randm Vape FIHP 90000 Puffs<\/p>\n<p><img decoding=\"async\" class=\"alignnone wp-image-2151\" src=\"http:\/\/vapebulkp.com\/wp-content\/uploads\/2024\/04\/Mandy-WhatsApp-Randm.jpg\" alt=\"Mandy WhatsApp Randm\" width=\"269\" height=\"286\" srcset=\"https:\/\/vapebulkp.com\/wp-content\/uploads\/2024\/04\/Mandy-WhatsApp-Randm.jpg 916w, https:\/\/vapebulkp.com\/wp-content\/uploads\/2024\/04\/Mandy-WhatsApp-Randm-282x300.jpg 282w, https:\/\/vapebulkp.com\/wp-content\/uploads\/2024\/04\/Mandy-WhatsApp-Randm-768x817.jpg 768w, https:\/\/vapebulkp.com\/wp-content\/uploads\/2024\/04\/Mandy-WhatsApp-Randm-600x638.jpg 600w\" sizes=\"(max-width: 269px) 100vw, 269px\" \/><\/p>\n<p>Kontakt venligst Mandys WhatsApp for rabatpris<a href=\"https:\/\/wa.me\/8618077105796\">+8618077105796<\/a><\/p>\n<p><span style=\"color: #ff0000\">BEM\u00c6RK: Priserne p\u00e5 vores hjemmeside inkluderer ikke forsendelsesomkostninger<\/span><\/p>\n<p>Hoved\u00e5rsag til k\u00f8b<br \/>\n1. Fremragende kvalitet og uovertruffen ydeevne.<\/p>\n<p>2. Konkurrencedygtig pris og hurtig v\u00e6rdi.<\/p>\n<p>3. Flere muligheder og rettidig levering.<\/p>\n<p>4. En tilfredsstillende shoppingoplevelse<\/p>","protected":false},"featured_media":2819,"comment_status":"open","ping_status":"closed","template":"","meta":{"_uag_custom_page_level_css":"","_lmt_disableupdate":"no","_lmt_disable":"","site-sidebar-layout":"default","site-content-layout":"content-boxed-container","ast-site-content-layout":"normal-width-container","site-content-style":"boxed","site-sidebar-style":"unboxed","ast-global-header-display":"","ast-banner-title-visibility":"","ast-main-header-display":"","ast-hfb-above-header-display":"","ast-hfb-below-header-display":"","ast-hfb-mobile-header-display":"","site-post-title":"","ast-breadcrumbs-content":"","ast-featured-img":"","footer-sml-layout":"","theme-transparent-header-meta":"default","adv-header-id-meta":"","stick-header-meta":"","header-above-stick-meta":"","header-main-stick-meta":"","header-below-stick-meta":"","astra-migrate-meta-layouts":"set","_joinchat":[]},"product_cat":[168,350,33,59,100,87,34,158,157,154,152,58,84,156,63,32],"product_tag":[47,36,37,41,75,40],"class_list":["post-2823","product","type-product","status-publish","has-post-thumbnail","hentry","product_cat-9000-puffs-disposable-vape","product_cat-fihp-vape","product_cat-france-vape-hot-sale","product_cat-germany-hot-disposable-vape","product_cat-germany-wholesale-vape-shop","product_cat-minimum-order-quantity-50pcs","product_cat-netherlands-vape-good-sale","product_cat-norway-hot-disposable-vapes","product_cat-poland-hot-disposable-vapes","product_cat-portugal-hot-disposable-vapes","product_cat-spain-hot-disposable-vapes","product_cat-sweden-hot-disposable-vape","product_cat-sweden-wholesale-vape","product_cat-switzerland-hot-disposable-vapes","product_cat-top-sale-disposable-vape","product_cat-vape-hot-sale-this-week","product_tag-9000puffs","product_tag-good-vape","product_tag-hot-sale-disposable-vape","product_tag-poland-hot-vape","product_tag-randm-vape-9000-puffs","product_tag-sweden-hot-vape","pa_brand-fihp-vape","desktop-align-left","tablet-align-left","mobile-align-left"],"yoast_head":"<!-- This site is optimized with the Yoast SEO plugin v21.1 - https:\/\/yoast.com\/wordpress\/plugins\/seo\/ -->\n<title>Randm FIHP 9000Puffs Disposable Vape Hot Selling - vapebulkp.com<\/title>\n<meta name=\"description\" content=\"Randm FIHP 9000Puffs Disposable Vape Hot Selling is an all-in-one, pre-filled disposable e-cigarette with a rechargeable design, offering a wide selection of 12 flavors.\" \/>\n<meta name=\"robots\" content=\"index, follow, max-snippet:-1, max-image-preview:large, max-video-preview:-1\" \/>\n<link rel=\"canonical\" href=\"https:\/\/vapebulkp.com\/da\/vare\/randm-fihp-9000puffs-disposable-vape-hot-selling\/\" \/>\n<meta property=\"og:locale\" content=\"da_DK\" \/>\n<meta property=\"og:type\" content=\"article\" \/>\n<meta property=\"og:title\" content=\"Randm FIHP 9000Puffs Disposable Vape Hot Selling - vapebulkp.com\" \/>\n<meta property=\"og:description\" content=\"Randm FIHP 9000Puffs Disposable Vape Hot Selling is an all-in-one, pre-filled disposable e-cigarette with a rechargeable design, offering a wide selection of 12 flavors.\" \/>\n<meta property=\"og:url\" content=\"https:\/\/vapebulkp.com\/da\/vare\/randm-fihp-9000puffs-disposable-vape-hot-selling\/\" \/>\n<meta property=\"og:site_name\" content=\"vapebulkp.com\" \/>\n<meta property=\"article:modified_time\" content=\"2025-09-24T03:48:16+00:00\" \/>\n<meta property=\"og:image\" content=\"http:\/\/vapebulkp.com\/wp-content\/uploads\/2024\/08\/Randm-Tornado-9K-Puffs-Wholeale-Bulk-vape-Sweden-.png\" \/>\n\t<meta property=\"og:image:width\" content=\"802\" \/>\n\t<meta property=\"og:image:height\" content=\"799\" \/>\n\t<meta property=\"og:image:type\" content=\"image\/png\" \/>\n<meta name=\"twitter:card\" content=\"summary_large_image\" \/>\n<meta name=\"twitter:label1\" content=\"Estimeret l\u00e6setid\" \/>\n\t<meta name=\"twitter:data1\" content=\"5 minutter\" \/>\n<script type=\"application\/ld+json\" class=\"yoast-schema-graph\">{\"@context\":\"https:\/\/schema.org\",\"@graph\":[{\"@type\":\"WebPage\",\"@id\":\"https:\/\/vapebulkp.com\/product\/randm-fihp-9000puffs-disposable-vape-hot-selling\/\",\"url\":\"https:\/\/vapebulkp.com\/product\/randm-fihp-9000puffs-disposable-vape-hot-selling\/\",\"name\":\"Randm FIHP 9000Puffs Disposable Vape Hot Selling - vapebulkp.com\",\"isPartOf\":{\"@id\":\"https:\/\/vapebulkp.com\/#website\"},\"datePublished\":\"2024-08-30T02:42:55+00:00\",\"dateModified\":\"2025-09-24T03:48:16+00:00\",\"description\":\"Randm FIHP 9000Puffs Disposable Vape Hot Selling is an all-in-one, pre-filled disposable e-cigarette with a rechargeable design, offering a wide selection of 12 flavors.\",\"breadcrumb\":{\"@id\":\"https:\/\/vapebulkp.com\/product\/randm-fihp-9000puffs-disposable-vape-hot-selling\/#breadcrumb\"},\"inLanguage\":\"da-DK\",\"potentialAction\":[{\"@type\":\"ReadAction\",\"target\":[\"https:\/\/vapebulkp.com\/product\/randm-fihp-9000puffs-disposable-vape-hot-selling\/\"]}]},{\"@type\":\"BreadcrumbList\",\"@id\":\"https:\/\/vapebulkp.com\/product\/randm-fihp-9000puffs-disposable-vape-hot-selling\/#breadcrumb\",\"itemListElement\":[{\"@type\":\"ListItem\",\"position\":1,\"name\":\"Home\",\"item\":\"https:\/\/vapebulkp.com\/\"},{\"@type\":\"ListItem\",\"position\":2,\"name\":\"Hot Trend Vapes\",\"item\":\"https:\/\/vapebulkp.com\/vape-shop\/\"},{\"@type\":\"ListItem\",\"position\":3,\"name\":\"Randm FIHP 9000Puffs Disposable Vape Hot Selling\"}]},{\"@type\":\"WebSite\",\"@id\":\"https:\/\/vapebulkp.com\/#website\",\"url\":\"https:\/\/vapebulkp.com\/\",\"name\":\"vapebulkp.com\",\"description\":\"Buy Vape In Cheap Bulk Price Near you\",\"publisher\":{\"@id\":\"https:\/\/vapebulkp.com\/#organization\"},\"potentialAction\":[{\"@type\":\"SearchAction\",\"target\":{\"@type\":\"EntryPoint\",\"urlTemplate\":\"https:\/\/vapebulkp.com\/?s={search_term_string}\"},\"query-input\":\"required name=search_term_string\"}],\"inLanguage\":\"da-DK\"},{\"@type\":\"Organization\",\"@id\":\"https:\/\/vapebulkp.com\/#organization\",\"name\":\"vapebulkp.com\",\"url\":\"https:\/\/vapebulkp.com\/\",\"logo\":{\"@type\":\"ImageObject\",\"inLanguage\":\"da-DK\",\"@id\":\"https:\/\/vapebulkp.com\/#\/schema\/logo\/image\/\",\"url\":\"https:\/\/vapebulkp.com\/wp-content\/uploads\/2023\/09\/cropped-vapebulkp.png\",\"contentUrl\":\"https:\/\/vapebulkp.com\/wp-content\/uploads\/2023\/09\/cropped-vapebulkp.png\",\"width\":516,\"height\":163,\"caption\":\"vapebulkp.com\"},\"image\":{\"@id\":\"https:\/\/vapebulkp.com\/#\/schema\/logo\/image\/\"}}]}<\/script>\n<!-- \/ Yoast SEO plugin. -->","yoast_head_json":{"title":"Randm FIHP 9000Puffs Disposable Vape Hot Selling - vapebulkp.com","description":"Randm FIHP 9000Puffs Disposable Vape Hot Selling is an all-in-one, pre-filled disposable e-cigarette with a rechargeable design, offering a wide selection of 12 flavors.","robots":{"index":"index","follow":"follow","max-snippet":"max-snippet:-1","max-image-preview":"max-image-preview:large","max-video-preview":"max-video-preview:-1"},"canonical":"https:\/\/vapebulkp.com\/da\/vare\/randm-fihp-9000puffs-disposable-vape-hot-selling\/","og_locale":"da_DK","og_type":"article","og_title":"Randm FIHP 9000Puffs Disposable Vape Hot Selling - vapebulkp.com","og_description":"Randm FIHP 9000Puffs Disposable Vape Hot Selling is an all-in-one, pre-filled disposable e-cigarette with a rechargeable design, offering a wide selection of 12 flavors.","og_url":"https:\/\/vapebulkp.com\/da\/vare\/randm-fihp-9000puffs-disposable-vape-hot-selling\/","og_site_name":"vapebulkp.com","article_modified_time":"2025-09-24T03:48:16+00:00","og_image":[{"width":802,"height":799,"url":"http:\/\/vapebulkp.com\/wp-content\/uploads\/2024\/08\/Randm-Tornado-9K-Puffs-Wholeale-Bulk-vape-Sweden-.png","type":"image\/png"}],"twitter_card":"summary_large_image","twitter_misc":{"Estimeret l\u00e6setid":"5 minutter"},"schema":{"@context":"https:\/\/schema.org","@graph":[{"@type":"WebPage","@id":"https:\/\/vapebulkp.com\/product\/randm-fihp-9000puffs-disposable-vape-hot-selling\/","url":"https:\/\/vapebulkp.com\/product\/randm-fihp-9000puffs-disposable-vape-hot-selling\/","name":"Randm FIHP 9000Puffs Disposable Vape Hot Selling - vapebulkp.com","isPartOf":{"@id":"https:\/\/vapebulkp.com\/#website"},"datePublished":"2024-08-30T02:42:55+00:00","dateModified":"2025-09-24T03:48:16+00:00","description":"Randm FIHP 9000Puffs Disposable Vape Hot Selling is an all-in-one, pre-filled disposable e-cigarette with a rechargeable design, offering a wide selection of 12 flavors.","breadcrumb":{"@id":"https:\/\/vapebulkp.com\/product\/randm-fihp-9000puffs-disposable-vape-hot-selling\/#breadcrumb"},"inLanguage":"da-DK","potentialAction":[{"@type":"ReadAction","target":["https:\/\/vapebulkp.com\/product\/randm-fihp-9000puffs-disposable-vape-hot-selling\/"]}]},{"@type":"BreadcrumbList","@id":"https:\/\/vapebulkp.com\/product\/randm-fihp-9000puffs-disposable-vape-hot-selling\/#breadcrumb","itemListElement":[{"@type":"ListItem","position":1,"name":"Home","item":"https:\/\/vapebulkp.com\/"},{"@type":"ListItem","position":2,"name":"Hot Trend Vapes","item":"https:\/\/vapebulkp.com\/vape-shop\/"},{"@type":"ListItem","position":3,"name":"Randm FIHP 9000Puffs Disposable Vape Hot Selling"}]},{"@type":"WebSite","@id":"https:\/\/vapebulkp.com\/#website","url":"https:\/\/vapebulkp.com\/","name":"vapebulkp.com","description":"Buy Vape In Cheap Bulk Price Near you","publisher":{"@id":"https:\/\/vapebulkp.com\/#organization"},"potentialAction":[{"@type":"SearchAction","target":{"@type":"EntryPoint","urlTemplate":"https:\/\/vapebulkp.com\/?s={search_term_string}"},"query-input":"required name=search_term_string"}],"inLanguage":"da-DK"},{"@type":"Organization","@id":"https:\/\/vapebulkp.com\/#organization","name":"vapebulkp.com","url":"https:\/\/vapebulkp.com\/","logo":{"@type":"ImageObject","inLanguage":"da-DK","@id":"https:\/\/vapebulkp.com\/#\/schema\/logo\/image\/","url":"https:\/\/vapebulkp.com\/wp-content\/uploads\/2023\/09\/cropped-vapebulkp.png","contentUrl":"https:\/\/vapebulkp.com\/wp-content\/uploads\/2023\/09\/cropped-vapebulkp.png","width":516,"height":163,"caption":"vapebulkp.com"},"image":{"@id":"https:\/\/vapebulkp.com\/#\/schema\/logo\/image\/"}}]}},"uagb_featured_image_src":{"full":["https:\/\/vapebulkp.com\/wp-content\/uploads\/2024\/08\/Randm-Tornado-9K-Puffs-Wholeale-Bulk-vape-Sweden-.png",802,799,false],"thumbnail":["https:\/\/vapebulkp.com\/wp-content\/uploads\/2024\/08\/Randm-Tornado-9K-Puffs-Wholeale-Bulk-vape-Sweden--150x150.png",150,150,true],"medium":["https:\/\/vapebulkp.com\/wp-content\/uploads\/2024\/08\/Randm-Tornado-9K-Puffs-Wholeale-Bulk-vape-Sweden--300x300.png",300,300,true],"medium_large":["https:\/\/vapebulkp.com\/wp-content\/uploads\/2024\/08\/Randm-Tornado-9K-Puffs-Wholeale-Bulk-vape-Sweden--768x765.png",768,765,true],"large":["https:\/\/vapebulkp.com\/wp-content\/uploads\/2024\/08\/Randm-Tornado-9K-Puffs-Wholeale-Bulk-vape-Sweden-.png",802,799,false],"1536x1536":["https:\/\/vapebulkp.com\/wp-content\/uploads\/2024\/08\/Randm-Tornado-9K-Puffs-Wholeale-Bulk-vape-Sweden-.png",802,799,false],"2048x2048":["https:\/\/vapebulkp.com\/wp-content\/uploads\/2024\/08\/Randm-Tornado-9K-Puffs-Wholeale-Bulk-vape-Sweden-.png",802,799,false],"trp-custom-language-flag":["https:\/\/vapebulkp.com\/wp-content\/uploads\/2024\/08\/Randm-Tornado-9K-Puffs-Wholeale-Bulk-vape-Sweden-.png",12,12,false],"woocommerce_thumbnail":["https:\/\/vapebulkp.com\/wp-content\/uploads\/2024\/08\/Randm-Tornado-9K-Puffs-Wholeale-Bulk-vape-Sweden--300x300.png",300,300,true],"woocommerce_single":["https:\/\/vapebulkp.com\/wp-content\/uploads\/2024\/08\/Randm-Tornado-9K-Puffs-Wholeale-Bulk-vape-Sweden--600x598.png",600,598,true],"woocommerce_gallery_thumbnail":["https:\/\/vapebulkp.com\/wp-content\/uploads\/2024\/08\/Randm-Tornado-9K-Puffs-Wholeale-Bulk-vape-Sweden--100x100.png",100,100,true],"wcpr-photo-reviews":["https:\/\/vapebulkp.com\/wp-content\/uploads\/2024\/08\/Randm-Tornado-9K-Puffs-Wholeale-Bulk-vape-Sweden-.png",500,498,false]},"uagb_author_info":{"display_name":"Mandy vape bulk price","author_link":"https:\/\/vapebulkp.com\/da\/author\/"},"uagb_comment_info":0,"uagb_excerpt":"Discount Price Ranmd FIHP Tornado 9k puffs Vape Bulk Price Hot Sale Vape Randm Vape FIHP 90000 Puffs Pls Contact Mandy's WhatsApp For Discount Price+8618077105796 NOTE: Prices on our website does not include shipping costs Main reason for purchase 1. Excellent quality and unparalleled performance. 2. Competitive price and fast value. 3. Multiple options and&hellip;","_links":{"self":[{"href":"https:\/\/vapebulkp.com\/da\/wp-json\/wp\/v2\/product\/2823","targetHints":{"allow":["GET"]}}],"collection":[{"href":"https:\/\/vapebulkp.com\/da\/wp-json\/wp\/v2\/product"}],"about":[{"href":"https:\/\/vapebulkp.com\/da\/wp-json\/wp\/v2\/types\/product"}],"replies":[{"embeddable":true,"href":"https:\/\/vapebulkp.com\/da\/wp-json\/wp\/v2\/comments?post=2823"}],"wp:featuredmedia":[{"embeddable":true,"href":"https:\/\/vapebulkp.com\/da\/wp-json\/wp\/v2\/media\/2819"}],"wp:attachment":[{"href":"https:\/\/vapebulkp.com\/da\/wp-json\/wp\/v2\/media?parent=2823"}],"wp:term":[{"taxonomy":"product_cat","embeddable":true,"href":"https:\/\/vapebulkp.com\/da\/wp-json\/wp\/v2\/product_cat?post=2823"},{"taxonomy":"product_tag","embeddable":true,"href":"https:\/\/vapebulkp.com\/da\/wp-json\/wp\/v2\/product_tag?post=2823"}],"curies":[{"name":"wp","href":"https:\/\/api.w.org\/{rel}","templated":true}]}}