{"id":2986,"date":"2024-10-08T09:21:41","date_gmt":"2024-10-08T07:21:41","guid":{"rendered":"https:\/\/vapebulkp.com\/?post_type=product&#038;p=2986"},"modified":"2025-09-24T05:04:22","modified_gmt":"2025-09-24T03:04:22","slug":"bang-box-30k-puff-led-display-wholesale-disposable-vape","status":"publish","type":"product","link":"https:\/\/vapebulkp.com\/da\/product\/bang-box-30k-puff-led-display-wholesale-disposable-vape\/","title":{"rendered":"Bang Box 30k Puff LED-sk\u00e6rm engros engangsvape"},"content":{"rendered":"<h2 style=\"text-align: left\">Bang Box 30k Puff\u00a0 LED Display Engangs Vapes i engros<\/h2>\n<p>Bang Box 30k Puff LED Display er en premium <a href=\"https:\/\/vapebulkp.com\/da\/product-category\/30000-puff-disposable-vape\/\">30000 Puffs Engangs Vape<\/a> bygget til vapers i Danmark, der \u00f8nsker ydeevne, smag og holdbarhed i \u00e9n enhed. Med en massiv 35 ml forfyldt e-v\u00e6ske kapacitet og nikotin muligheder p\u00e5 2% (20 mg) og 5% (50 mg), giver den langvarig tilfredshed for b\u00e5de moderate og tunge brugere.<\/p>\n<p>Et 850mAh genopladeligt batteri med USB Type-C hurtigopladning sikrer ensartet str\u00f8m, mens dobbelt mesh coil-teknologi producerer rig damp og fyldig smag i l\u00f8bet af alle 30.000 pust. Det tr\u00e6kaktiverede design g\u00f8r den nem at bruge, uden knapper eller komplicerede indstillinger.<\/p>\n<p>Et indbygget LED-display viser b\u00e5de e-v\u00e6ske- og batteriniveau, s\u00e5 du til enhver tid kan holde kontrol. Med 12 smagsmuligheder, der sp\u00e6nder fra forfriskende frugtblandinger til bl\u00f8d mentol og klassiske tobaksprofiler, er Bang Box 30k Puff engangsvapen skr\u00e6ddersyet til unge voksne vapers og engrosk\u00f8bere i hele Danmark.<\/p>\n<p>Ved at kombinere et stilfuldt design, avanceret coil-system og h\u00f8jtydende ydeevne er Bang Box 30k den perfekte genopladelige engangsvape til detailhandlere og entusiaster, der s\u00f8ger p\u00e5lidelige, langtidsholdbare enheder, der sendes direkte fra danske lagre.<\/p>\n<p><img decoding=\"async\" class=\"alignnone wp-image-2982\" src=\"http:\/\/vapebulkp.com\/wp-content\/uploads\/2024\/10\/Bang-Box-30000-Puffs-Vape-KIT-Wholesale-Price-Long-LAST-VAPE-scaled.jpg\" alt=\"Bang Box 30000 Pust Vape S\u00c6T Engrospris Holder L\u00c6NGE VAPE\" width=\"471\" height=\"591\" srcset=\"https:\/\/vapebulkp.com\/wp-content\/uploads\/2024\/10\/Bang-Box-30000-Puffs-Vape-KIT-Wholesale-Price-Long-LAST-VAPE-scaled.jpg 2040w, https:\/\/vapebulkp.com\/wp-content\/uploads\/2024\/10\/Bang-Box-30000-Puffs-Vape-KIT-Wholesale-Price-Long-LAST-VAPE-239x300.jpg 239w, https:\/\/vapebulkp.com\/wp-content\/uploads\/2024\/10\/Bang-Box-30000-Puffs-Vape-KIT-Wholesale-Price-Long-LAST-VAPE-816x1024.jpg 816w, https:\/\/vapebulkp.com\/wp-content\/uploads\/2024\/10\/Bang-Box-30000-Puffs-Vape-KIT-Wholesale-Price-Long-LAST-VAPE-768x964.jpg 768w, https:\/\/vapebulkp.com\/wp-content\/uploads\/2024\/10\/Bang-Box-30000-Puffs-Vape-KIT-Wholesale-Price-Long-LAST-VAPE-1224x1536.jpg 1224w, https:\/\/vapebulkp.com\/wp-content\/uploads\/2024\/10\/Bang-Box-30000-Puffs-Vape-KIT-Wholesale-Price-Long-LAST-VAPE-1632x2048.jpg 1632w, https:\/\/vapebulkp.com\/wp-content\/uploads\/2024\/10\/Bang-Box-30000-Puffs-Vape-KIT-Wholesale-Price-Long-LAST-VAPE-600x753.jpg 600w\" sizes=\"(max-width: 471px) 100vw, 471px\" \/><\/p>\n<h6>Kontakt venligst Mandys WhatsApp for rabatpris<a href=\"https:\/\/wa.me\/8618077105796\">+8618077105796<\/a><\/h6>\n<p><img decoding=\"async\" class=\"alignnone wp-image-2151\" src=\"http:\/\/vapebulkp.com\/wp-content\/uploads\/2024\/04\/Mandy-WhatsApp-Randm.jpg\" alt=\"Mandy WhatsApp Randm\" width=\"324\" height=\"330\" \/><\/p>\n<h2>Du kunne m\u00e5ske godt t\u00e6nke dig at vide mere om den hots\u00e6lgende vape Bang Box 30000 Puffs:<\/h2>\n<p>&nbsp;<\/p>\n<h6><strong>Q1: Hvor stor er e-v\u00e6ske kapaciteten i Bang Box Vape?<\/strong><\/h6>\n<p>A: Bang Box Vape 30K Puffs har en imponerende forfyldt kapacitet p\u00e5 35 ml, hvilket giver mulighed for en udvidet vaping-session uden behov for hyppige genopfyldninger.<\/p>\n<p>&nbsp;<\/p>\n<h6><strong>Q2. Hvilken type batteri bruger Bang Box Vape, og hvordan oplader jeg det?<\/strong><\/h6>\n<p>Den <strong>Bang Box Vape<\/strong> er drevet af et holdbart <strong>850mAh batteri<\/strong> og har en <strong>USB Type-C opladningsport<\/strong>, hvilket sikrer hurtig og effektiv genopladning for uafbrudt brug.<\/p>\n<p><span style=\"color: #ff6600\">Bem\u00e6rk: kan ikke oplade hele natten!<\/span><\/p>\n<h6><strong>Q3: Hvilken coil-teknologi bruger Bang Box Vape?<\/strong><\/h6>\n<p><strong>A:<\/strong> Udstyret med et <strong>integreret dobbelt mesh coil<\/strong>, sikrer Bang Box Vape en ensartet damp og rig smag med hvert sug.<\/p>\n<h6><strong>Sp\u00f8rgsm\u00e5l 4: Har Bang Box Vape en sk\u00e6rm?<\/strong><\/h6>\n<p>Svar: Ja, Bang Box Vape 30.000 Puffs har en sk\u00e6rm, der viser vigtige oplysninger, herunder batteriniveau og indikatorer for e-v\u00e6skeniveau, s\u00e5 du nemt kan spore din vapes status.<\/p>\n<h2>Bang Box 30k Puffs Engangs Vape Funktioner:<\/h2>\n<ul>\n<li><strong>Maksimalt antal sug<\/strong>: Nyd op til <strong>30.000 sug<\/strong>, hvilket giver en udvidet dampoplevelse uden behov for hyppige udskiftninger.<\/li>\n<li><strong>Nikotinstyrke Muligheder<\/strong>: F\u00e5s i <strong>2% (20mg)<\/strong> og <strong>5% (50mg)<\/strong> nikotinniveauer, s\u00e5 brugerne kan v\u00e6lge deres foretrukne styrke.<\/li>\n<li><strong>Forfyldt e-v\u00e6ske kapacitet<\/strong>: Leveres med en gener\u00f8s <strong>35mL forfyldt e-v\u00e6ske kapacitet<\/strong>, der sikrer masser af smag og damp for langvarig nydelse.<\/li>\n<li><strong>Batterikapacitet<\/strong>: Har et <strong>850mAh batteri<\/strong>, der tilbyder p\u00e5lidelig ydeevne gennem hele sin levetid for at maksimere dine damp-sessioner.<\/li>\n<li><strong>Opladningsport<\/strong>: Udstyret med en <strong>USB Type-C opladningsport<\/strong> til hurtig og effektiv genopladning, hvilket g\u00f8r den praktisk til brug p\u00e5 farten.<\/li>\n<li><strong>Driftstilstand<\/strong>: Bruger <strong>tr\u00e6k-aktivering<\/strong>, hvilket g\u00f8r det muligt for brugerne nemt at aktivere enheden ved blot at inhalere.<\/li>\n<li><strong>Integreret Dual Mesh Coil<\/strong>: Denne avancerede coil-teknologi forbedrer smagslevering og damp, hvilket resulterer i en rigere dampoplevelse.<\/li>\n<li><strong>Sk\u00e6rm<\/strong>: En indbygget sk\u00e6rm giver vigtig information med et \u00f8jeblik, hvilket forbedrer brugeroplevelsen.<\/li>\n<li><strong>Batteriniveauindikator<\/strong>: Tjek nemt dit batteriniveau med den integrerede batteriniveauindikator for at sikre, at du altid er klar til at dampe.<\/li>\n<li><strong>E-v\u00e6ske niveauindikator<\/strong>: E-v\u00e6ske niveauindikatoren giver brugerne mulighed for at overv\u00e5ge den resterende e-v\u00e6ske og sikrer, at du aldrig l\u00f8ber t\u00f8r uventet.<\/li>\n<li><strong>Smagsudvalg<\/strong>: V\u00e6lg mellem <strong>12 l\u00e6kre smage<\/strong>, der im\u00f8dekommer en r\u00e6kke pr\u00e6ferencer og forbedrer din samlede dampoplevelse.<\/li>\n<\/ul>\n<p>&nbsp;<\/p>\n<h2><strong>\u00a0Original Vape Bang Vape 30k Puffs Smag:<\/strong><\/h2>\n<p>1.jordb\u00e6r kiwi<br \/>\n2.solb\u00e6r eksplosion<br \/>\n3.jordb\u00e6r vandmelon<br \/>\n4.passionsfrugt<br \/>\n5.bl\u00e5b\u00e6r sur hindb\u00e6r is<br \/>\n6.vandmelon is<br \/>\n7.bl\u00e5b\u00e6r granat\u00e6ble<br \/>\n8.\u00e6ble fersken<br \/>\n9.bl\u00e5b\u00e6r is<br \/>\n10.dobbelt drue<br \/>\n11.bl\u00e5 eksplosion<br \/>\n12.jungle juice<\/p>\n<p><span style=\"vertical-align: inherit\">Find flere produkter du m\u00e5ske kan lide:<\/span><em><a href=\"https:\/\/wa.me\/8618077105796\"><span style=\"vertical-align: inherit\">\u00a0K\u00f8b den nu<\/span><\/a><\/em><\/p>\n<p><span style=\"vertical-align: inherit\">Andre Puffs du m\u00e5ske kan lide:<\/span><a href=\"https:\/\/vapebulkp.com\/da\/product\/vopk-80000-puffs-wholesale-price-4-in-1-flavor-switch-vape-device\/\"><span style=\"vertical-align: inherit\">Varmt salg Vape VOPK 80000 Puffs<\/span><\/a><span style=\"vertical-align: inherit\">\u3001<\/span><a href=\"https:\/\/vapebulkp.com\/da\/product\/aivono-fat-bear-80000-puffs-3-flavors-modes-disposable-vape-bulk-wholesale\/\"><span style=\"vertical-align: inherit\">AIVONAO Fat Bear 80000 Puffs<\/span><\/a><span style=\"vertical-align: inherit\">\/ <\/span><a href=\"https:\/\/vapebulkp.com\/da\/product\/elf-bar-30000-puffs-ice-king-vape-device-hot-sale\/\"><span style=\"vertical-align: inherit\">ELFBAR 30000 Puffs<\/span><\/a><span style=\"vertical-align: inherit\">\/ <\/span><a href=\"https:\/\/vapebulkp.com\/da\/product\/vapme-shisha-30000-puffs-hot-sale-rechargeable-e-cigarette\/\"><span style=\"vertical-align: inherit\">Vapme SHISHA 30K Puffs<\/span><\/a><\/p>\n<h3>Produktionskvalifikation:<\/h3>\n<p><img decoding=\"async\" class=\"alignnone size-full wp-image-1841\" src=\"http:\/\/vapebulkp.com\/wp-content\/uploads\/2023\/11\/Vape-production-process-2.jpeg\" alt=\"Vape produktionsproces\" width=\"650\" height=\"434\" srcset=\"https:\/\/vapebulkp.com\/wp-content\/uploads\/2023\/11\/Vape-production-process-2.jpeg 650w, https:\/\/vapebulkp.com\/wp-content\/uploads\/2023\/11\/Vape-production-process-2-300x200.jpeg 300w, https:\/\/vapebulkp.com\/wp-content\/uploads\/2023\/11\/Vape-production-process-2-600x401.jpeg 600w\" sizes=\"(max-width: 650px) 100vw, 650px\" \/><\/p>\n<p><img decoding=\"async\" class=\"alignnone size-full wp-image-1843\" src=\"http:\/\/vapebulkp.com\/wp-content\/uploads\/2023\/11\/Vape-production-process.jpeg\" alt=\"Vape produktionsproces\" width=\"641\" height=\"1026\" srcset=\"https:\/\/vapebulkp.com\/wp-content\/uploads\/2023\/11\/Vape-production-process.jpeg 641w, https:\/\/vapebulkp.com\/wp-content\/uploads\/2023\/11\/Vape-production-process-187x300.jpeg 187w, https:\/\/vapebulkp.com\/wp-content\/uploads\/2023\/11\/Vape-production-process-640x1024.jpeg 640w, https:\/\/vapebulkp.com\/wp-content\/uploads\/2023\/11\/Vape-production-process-600x960.jpeg 600w\" sizes=\"(max-width: 641px) 100vw, 641px\" \/><\/p>\n<h4>Ofte stillede sp\u00f8rgsm\u00e5l:<\/h4>\n<p>Q: Hvad er MOQ for Bang Box 30000 Puffs Vape-enhed?<br \/>\nA: Min. ordre er 50 stk.<br \/>\nQ: Hvad er leveringstiden for den bestilte vape?<br \/>\nA: Normalt 10-15 dage efter afsendelse<br \/>\nQ: Hvor meget er forsendelsesomkostningerne? A: Forsendelsesomkostningerne afh\u00e6nger af v\u00e6gten. Forskellige m\u00e6ngder har forskellige forsendelsesomkostninger, kontakt os venligst for at bekr\u00e6fte forsendelsesomkostningerne.<\/p>\n<h4>Forsendelsesdetaljer:<\/h4>\n<p><span style=\"color: #ff6600\">Produktionstid: 5-10 arbejdsdage<\/span><br \/>\n<span style=\"color: #ff6600\">Leveringstid: 8-14 arbejdsdage<\/span><\/p>\n<p>Alle produkter i vores butik er 100% originale og autentiske, s\u00e5 ti gange kompensation for falske varer er vores butikspolitik. Vi bruger logistikkanaler som UPS\/DHL\/FEDEX\/DPD til at levere varer til dig.<\/p>\n<p>For pakker sendt til Danmark tager det normalt 10 arbejdsdage at ankomme. Forsendelse til europ\u00e6iske lande tager normalt 12 til 15 arbejdsdage at ankomme. Vi vil opdatere logistikinformationen for dig i realtid.<\/p>","protected":false},"excerpt":{"rendered":"<p>Den <strong>Bang Box 30000 Puffs Bedste engangs vape<\/strong> kombinerer h\u00f8jtydende funktioner med et brugercentreret design, hvilket g\u00f8r den til et fremragende valg for alle, der \u00f8nsker at forbedre deres vaping-rejse.<\/p>\n<p>Kontakt venligst Mandys WhatsApp for rabatpris<a href=\"https:\/\/wa.me\/8618077105796\">+8618077105796<\/a><\/p>\n<p><img decoding=\"async\" class=\"alignnone wp-image-2151\" src=\"http:\/\/vapebulkp.com\/wp-content\/uploads\/2024\/04\/Mandy-WhatsApp-Randm.jpg\" alt=\"Mandy WhatsApp Randm\" width=\"297\" height=\"316\" srcset=\"https:\/\/vapebulkp.com\/wp-content\/uploads\/2024\/04\/Mandy-WhatsApp-Randm.jpg 916w, https:\/\/vapebulkp.com\/wp-content\/uploads\/2024\/04\/Mandy-WhatsApp-Randm-282x300.jpg 282w, https:\/\/vapebulkp.com\/wp-content\/uploads\/2024\/04\/Mandy-WhatsApp-Randm-768x817.jpg 768w, https:\/\/vapebulkp.com\/wp-content\/uploads\/2024\/04\/Mandy-WhatsApp-Randm-600x638.jpg 600w\" sizes=\"(max-width: 297px) 100vw, 297px\" \/><\/p>\n<p><span style=\"color: #ff0000\">BEM\u00c6RK: Priserne p\u00e5 vores hjemmeside inkluderer ikke forsendelsesomkostninger<\/span><\/p>\n<p>&nbsp;<\/p>","protected":false},"featured_media":2979,"comment_status":"open","ping_status":"closed","template":"","meta":{"_uag_custom_page_level_css":"","_lmt_disableupdate":"no","_lmt_disable":"","site-sidebar-layout":"default","site-content-layout":"content-boxed-container","ast-site-content-layout":"normal-width-container","site-content-style":"boxed","site-sidebar-style":"unboxed","ast-global-header-display":"","ast-banner-title-visibility":"","ast-main-header-display":"","ast-hfb-above-header-display":"","ast-hfb-below-header-display":"","ast-hfb-mobile-header-display":"","site-post-title":"","ast-breadcrumbs-content":"","ast-featured-img":"","footer-sml-layout":"","theme-transparent-header-meta":"default","adv-header-id-meta":"","stick-header-meta":"","header-above-stick-meta":"","header-main-stick-meta":"","header-below-stick-meta":"","astra-migrate-meta-layouts":"set","_joinchat":[]},"product_cat":[160,153,345,155,33,59,100,34,158,157,154,152,58,84,156,63,32],"product_tag":[139,36,37,41,40],"class_list":["post-2986","product","type-product","status-publish","has-post-thumbnail","hentry","product_cat-30000-puff-disposable-vape","product_cat-hot-disposable-vapes","product_cat-bang-vapes","product_cat-belgium-hot-disposable-vapes","product_cat-france-vape-hot-sale","product_cat-germany-hot-disposable-vape","product_cat-germany-wholesale-vape-shop","product_cat-netherlands-vape-good-sale","product_cat-norway-hot-disposable-vapes","product_cat-poland-hot-disposable-vapes","product_cat-portugal-hot-disposable-vapes","product_cat-spain-hot-disposable-vapes","product_cat-sweden-hot-disposable-vape","product_cat-sweden-wholesale-vape","product_cat-switzerland-hot-disposable-vapes","product_cat-top-sale-disposable-vape","product_cat-vape-hot-sale-this-week","product_tag-30k-puffs","product_tag-good-vape","product_tag-hot-sale-disposable-vape","product_tag-poland-hot-vape","product_tag-sweden-hot-vape","pa_brand-bang-vape","desktop-align-left","tablet-align-left","mobile-align-left"],"yoast_head":"<!-- This site is optimized with the Yoast SEO plugin v21.1 - https:\/\/yoast.com\/wordpress\/plugins\/seo\/ -->\n<title>Bang Box 30k Puff LED Display Wholesale Disposable Vape - vapebulkp.com<\/title>\n<meta name=\"description\" content=\"Buy Bang Box 30k Puff LED Display, a premium 30000 Puffs Disposable Vape with 35ml e-liquid, 2% or 5% nicotine, dual mesh coil, and fast Type-C charging. Wholesale orders available across Europe.\" \/>\n<meta name=\"robots\" content=\"index, follow, max-snippet:-1, max-image-preview:large, max-video-preview:-1\" \/>\n<link rel=\"canonical\" href=\"https:\/\/vapebulkp.com\/da\/product\/bang-box-30k-puff-led-display-wholesale-disposable-vape\/\" \/>\n<meta property=\"og:locale\" content=\"da_DK\" \/>\n<meta property=\"og:type\" content=\"article\" \/>\n<meta property=\"og:title\" content=\"Bang Box 30k Puff LED Display Wholesale Disposable Vape - vapebulkp.com\" \/>\n<meta property=\"og:description\" content=\"Buy Bang Box 30k Puff LED Display, a premium 30000 Puffs Disposable Vape with 35ml e-liquid, 2% or 5% nicotine, dual mesh coil, and fast Type-C charging. Wholesale orders available across Europe.\" \/>\n<meta property=\"og:url\" content=\"https:\/\/vapebulkp.com\/da\/product\/bang-box-30k-puff-led-display-wholesale-disposable-vape\/\" \/>\n<meta property=\"og:site_name\" content=\"vapebulkp.com\" \/>\n<meta property=\"article:modified_time\" content=\"2025-09-24T03:04:22+00:00\" \/>\n<meta property=\"og:image\" content=\"http:\/\/vapebulkp.com\/wp-content\/uploads\/2024\/10\/Bang-Box-30k-Vape-Box-Discount-Price-Long-LAST-VAPE-scaled.jpg\" \/>\n\t<meta property=\"og:image:width\" content=\"1920\" \/>\n\t<meta property=\"og:image:height\" content=\"2560\" \/>\n\t<meta property=\"og:image:type\" content=\"image\/jpeg\" \/>\n<meta name=\"twitter:card\" content=\"summary_large_image\" \/>\n<meta name=\"twitter:label1\" content=\"Estimeret l\u00e6setid\" \/>\n\t<meta name=\"twitter:data1\" content=\"5 minutter\" \/>\n<script type=\"application\/ld+json\" class=\"yoast-schema-graph\">{\"@context\":\"https:\/\/schema.org\",\"@graph\":[{\"@type\":\"WebPage\",\"@id\":\"https:\/\/vapebulkp.com\/product\/bang-box-30k-puff-led-display-wholesale-disposable-vape\/\",\"url\":\"https:\/\/vapebulkp.com\/product\/bang-box-30k-puff-led-display-wholesale-disposable-vape\/\",\"name\":\"Bang Box 30k Puff LED Display Wholesale Disposable Vape - vapebulkp.com\",\"isPartOf\":{\"@id\":\"https:\/\/vapebulkp.com\/#website\"},\"datePublished\":\"2024-10-08T07:21:41+00:00\",\"dateModified\":\"2025-09-24T03:04:22+00:00\",\"description\":\"Buy Bang Box 30k Puff LED Display, a premium 30000 Puffs Disposable Vape with 35ml e-liquid, 2% or 5% nicotine, dual mesh coil, and fast Type-C charging. Wholesale orders available across Europe.\",\"breadcrumb\":{\"@id\":\"https:\/\/vapebulkp.com\/product\/bang-box-30k-puff-led-display-wholesale-disposable-vape\/#breadcrumb\"},\"inLanguage\":\"da-DK\",\"potentialAction\":[{\"@type\":\"ReadAction\",\"target\":[\"https:\/\/vapebulkp.com\/product\/bang-box-30k-puff-led-display-wholesale-disposable-vape\/\"]}]},{\"@type\":\"BreadcrumbList\",\"@id\":\"https:\/\/vapebulkp.com\/product\/bang-box-30k-puff-led-display-wholesale-disposable-vape\/#breadcrumb\",\"itemListElement\":[{\"@type\":\"ListItem\",\"position\":1,\"name\":\"Home\",\"item\":\"https:\/\/vapebulkp.com\/\"},{\"@type\":\"ListItem\",\"position\":2,\"name\":\"Hot Trend Vapes\",\"item\":\"https:\/\/vapebulkp.com\/vape-shop\/\"},{\"@type\":\"ListItem\",\"position\":3,\"name\":\"Bang Box 30k Puff LED Display Wholesale Disposable Vape\"}]},{\"@type\":\"WebSite\",\"@id\":\"https:\/\/vapebulkp.com\/#website\",\"url\":\"https:\/\/vapebulkp.com\/\",\"name\":\"vapebulkp.com\",\"description\":\"Buy Vape In Cheap Bulk Price Near you\",\"publisher\":{\"@id\":\"https:\/\/vapebulkp.com\/#organization\"},\"potentialAction\":[{\"@type\":\"SearchAction\",\"target\":{\"@type\":\"EntryPoint\",\"urlTemplate\":\"https:\/\/vapebulkp.com\/?s={search_term_string}\"},\"query-input\":\"required name=search_term_string\"}],\"inLanguage\":\"da-DK\"},{\"@type\":\"Organization\",\"@id\":\"https:\/\/vapebulkp.com\/#organization\",\"name\":\"vapebulkp.com\",\"url\":\"https:\/\/vapebulkp.com\/\",\"logo\":{\"@type\":\"ImageObject\",\"inLanguage\":\"da-DK\",\"@id\":\"https:\/\/vapebulkp.com\/#\/schema\/logo\/image\/\",\"url\":\"https:\/\/vapebulkp.com\/wp-content\/uploads\/2023\/09\/cropped-vapebulkp.png\",\"contentUrl\":\"https:\/\/vapebulkp.com\/wp-content\/uploads\/2023\/09\/cropped-vapebulkp.png\",\"width\":516,\"height\":163,\"caption\":\"vapebulkp.com\"},\"image\":{\"@id\":\"https:\/\/vapebulkp.com\/#\/schema\/logo\/image\/\"}}]}<\/script>\n<!-- \/ Yoast SEO plugin. -->","yoast_head_json":{"title":"Bang Box 30k Puff LED Display Wholesale Disposable Vape - vapebulkp.com","description":"Buy Bang Box 30k Puff LED Display, a premium 30000 Puffs Disposable Vape with 35ml e-liquid, 2% or 5% nicotine, dual mesh coil, and fast Type-C charging. Wholesale orders available across Europe.","robots":{"index":"index","follow":"follow","max-snippet":"max-snippet:-1","max-image-preview":"max-image-preview:large","max-video-preview":"max-video-preview:-1"},"canonical":"https:\/\/vapebulkp.com\/da\/product\/bang-box-30k-puff-led-display-wholesale-disposable-vape\/","og_locale":"da_DK","og_type":"article","og_title":"Bang Box 30k Puff LED Display Wholesale Disposable Vape - vapebulkp.com","og_description":"Buy Bang Box 30k Puff LED Display, a premium 30000 Puffs Disposable Vape with 35ml e-liquid, 2% or 5% nicotine, dual mesh coil, and fast Type-C charging. Wholesale orders available across Europe.","og_url":"https:\/\/vapebulkp.com\/da\/product\/bang-box-30k-puff-led-display-wholesale-disposable-vape\/","og_site_name":"vapebulkp.com","article_modified_time":"2025-09-24T03:04:22+00:00","og_image":[{"width":1920,"height":2560,"url":"http:\/\/vapebulkp.com\/wp-content\/uploads\/2024\/10\/Bang-Box-30k-Vape-Box-Discount-Price-Long-LAST-VAPE-scaled.jpg","type":"image\/jpeg"}],"twitter_card":"summary_large_image","twitter_misc":{"Estimeret l\u00e6setid":"5 minutter"},"schema":{"@context":"https:\/\/schema.org","@graph":[{"@type":"WebPage","@id":"https:\/\/vapebulkp.com\/product\/bang-box-30k-puff-led-display-wholesale-disposable-vape\/","url":"https:\/\/vapebulkp.com\/product\/bang-box-30k-puff-led-display-wholesale-disposable-vape\/","name":"Bang Box 30k Puff LED Display Wholesale Disposable Vape - vapebulkp.com","isPartOf":{"@id":"https:\/\/vapebulkp.com\/#website"},"datePublished":"2024-10-08T07:21:41+00:00","dateModified":"2025-09-24T03:04:22+00:00","description":"Buy Bang Box 30k Puff LED Display, a premium 30000 Puffs Disposable Vape with 35ml e-liquid, 2% or 5% nicotine, dual mesh coil, and fast Type-C charging. Wholesale orders available across Europe.","breadcrumb":{"@id":"https:\/\/vapebulkp.com\/product\/bang-box-30k-puff-led-display-wholesale-disposable-vape\/#breadcrumb"},"inLanguage":"da-DK","potentialAction":[{"@type":"ReadAction","target":["https:\/\/vapebulkp.com\/product\/bang-box-30k-puff-led-display-wholesale-disposable-vape\/"]}]},{"@type":"BreadcrumbList","@id":"https:\/\/vapebulkp.com\/product\/bang-box-30k-puff-led-display-wholesale-disposable-vape\/#breadcrumb","itemListElement":[{"@type":"ListItem","position":1,"name":"Home","item":"https:\/\/vapebulkp.com\/"},{"@type":"ListItem","position":2,"name":"Hot Trend Vapes","item":"https:\/\/vapebulkp.com\/vape-shop\/"},{"@type":"ListItem","position":3,"name":"Bang Box 30k Puff LED Display Wholesale Disposable Vape"}]},{"@type":"WebSite","@id":"https:\/\/vapebulkp.com\/#website","url":"https:\/\/vapebulkp.com\/","name":"vapebulkp.com","description":"Buy Vape In Cheap Bulk Price Near you","publisher":{"@id":"https:\/\/vapebulkp.com\/#organization"},"potentialAction":[{"@type":"SearchAction","target":{"@type":"EntryPoint","urlTemplate":"https:\/\/vapebulkp.com\/?s={search_term_string}"},"query-input":"required name=search_term_string"}],"inLanguage":"da-DK"},{"@type":"Organization","@id":"https:\/\/vapebulkp.com\/#organization","name":"vapebulkp.com","url":"https:\/\/vapebulkp.com\/","logo":{"@type":"ImageObject","inLanguage":"da-DK","@id":"https:\/\/vapebulkp.com\/#\/schema\/logo\/image\/","url":"https:\/\/vapebulkp.com\/wp-content\/uploads\/2023\/09\/cropped-vapebulkp.png","contentUrl":"https:\/\/vapebulkp.com\/wp-content\/uploads\/2023\/09\/cropped-vapebulkp.png","width":516,"height":163,"caption":"vapebulkp.com"},"image":{"@id":"https:\/\/vapebulkp.com\/#\/schema\/logo\/image\/"}}]}},"uagb_featured_image_src":{"full":["https:\/\/vapebulkp.com\/wp-content\/uploads\/2024\/10\/Bang-Box-30k-Vape-Box-Discount-Price-Long-LAST-VAPE-scaled.jpg",1920,2560,false],"thumbnail":["https:\/\/vapebulkp.com\/wp-content\/uploads\/2024\/10\/Bang-Box-30k-Vape-Box-Discount-Price-Long-LAST-VAPE-150x150.jpg",150,150,true],"medium":["https:\/\/vapebulkp.com\/wp-content\/uploads\/2024\/10\/Bang-Box-30k-Vape-Box-Discount-Price-Long-LAST-VAPE-225x300.jpg",225,300,true],"medium_large":["https:\/\/vapebulkp.com\/wp-content\/uploads\/2024\/10\/Bang-Box-30k-Vape-Box-Discount-Price-Long-LAST-VAPE-768x1024.jpg",768,1024,true],"large":["https:\/\/vapebulkp.com\/wp-content\/uploads\/2024\/10\/Bang-Box-30k-Vape-Box-Discount-Price-Long-LAST-VAPE-768x1024.jpg",768,1024,true],"1536x1536":["https:\/\/vapebulkp.com\/wp-content\/uploads\/2024\/10\/Bang-Box-30k-Vape-Box-Discount-Price-Long-LAST-VAPE-1152x1536.jpg",1152,1536,true],"2048x2048":["https:\/\/vapebulkp.com\/wp-content\/uploads\/2024\/10\/Bang-Box-30k-Vape-Box-Discount-Price-Long-LAST-VAPE-1536x2048.jpg",1536,2048,true],"trp-custom-language-flag":["https:\/\/vapebulkp.com\/wp-content\/uploads\/2024\/10\/Bang-Box-30k-Vape-Box-Discount-Price-Long-LAST-VAPE-scaled.jpg",9,12,false],"woocommerce_thumbnail":["https:\/\/vapebulkp.com\/wp-content\/uploads\/2024\/10\/Bang-Box-30k-Vape-Box-Discount-Price-Long-LAST-VAPE-300x300.jpg",300,300,true],"woocommerce_single":["https:\/\/vapebulkp.com\/wp-content\/uploads\/2024\/10\/Bang-Box-30k-Vape-Box-Discount-Price-Long-LAST-VAPE-600x800.jpg",600,800,true],"woocommerce_gallery_thumbnail":["https:\/\/vapebulkp.com\/wp-content\/uploads\/2024\/10\/Bang-Box-30k-Vape-Box-Discount-Price-Long-LAST-VAPE-100x100.jpg",100,100,true],"wcpr-photo-reviews":["https:\/\/vapebulkp.com\/wp-content\/uploads\/2024\/10\/Bang-Box-30k-Vape-Box-Discount-Price-Long-LAST-VAPE-scaled.jpg",375,500,false]},"uagb_author_info":{"display_name":"Mandy vape bulk price","author_link":"https:\/\/vapebulkp.com\/da\/author\/"},"uagb_comment_info":0,"uagb_excerpt":"The Bang Box 30000 Puffs Best Disposable Vape combines high-performance features with user-centric design, making it a standout choice for anyone looking to elevate their vaping journey. Pls Contact Mandy's WhatsApp For Discount Price+8618077105796 NOTE: Prices on our website does not include shipping costs &nbsp;","_links":{"self":[{"href":"https:\/\/vapebulkp.com\/da\/wp-json\/wp\/v2\/product\/2986","targetHints":{"allow":["GET"]}}],"collection":[{"href":"https:\/\/vapebulkp.com\/da\/wp-json\/wp\/v2\/product"}],"about":[{"href":"https:\/\/vapebulkp.com\/da\/wp-json\/wp\/v2\/types\/product"}],"replies":[{"embeddable":true,"href":"https:\/\/vapebulkp.com\/da\/wp-json\/wp\/v2\/comments?post=2986"}],"wp:featuredmedia":[{"embeddable":true,"href":"https:\/\/vapebulkp.com\/da\/wp-json\/wp\/v2\/media\/2979"}],"wp:attachment":[{"href":"https:\/\/vapebulkp.com\/da\/wp-json\/wp\/v2\/media?parent=2986"}],"wp:term":[{"taxonomy":"product_cat","embeddable":true,"href":"https:\/\/vapebulkp.com\/da\/wp-json\/wp\/v2\/product_cat?post=2986"},{"taxonomy":"product_tag","embeddable":true,"href":"https:\/\/vapebulkp.com\/da\/wp-json\/wp\/v2\/product_tag?post=2986"}],"curies":[{"name":"wp","href":"https:\/\/api.w.org\/{rel}","templated":true}]}}