{"id":3059,"date":"2024-10-25T09:43:51","date_gmt":"2024-10-25T07:43:51","guid":{"rendered":"https:\/\/vapebulkp.com\/?post_type=product&#038;p=3059"},"modified":"2025-09-24T05:13:13","modified_gmt":"2025-09-24T03:13:13","slug":"vapme-spacex-22000-puffs-high-puff-disposable-vape","status":"publish","type":"product","link":"https:\/\/vapebulkp.com\/da\/product\/vapme-spacex-22000-puffs-high-puff-disposable-vape\/","title":{"rendered":"Vapme Spacex 22000 Puffs High Puff Engangs Vape"},"content":{"rendered":"<h1>Vapme Spacex 22000 Puffs high puff engangs vape<\/h1>\n<p>&nbsp;<\/p>\n<div class=\"flex max-w-full flex-col flex-grow\">\n<div class=\"min-h-8 text-message flex w-full flex-col items-end gap-2 whitespace-normal break-words [.text-message+&amp;]:mt-5\" dir=\"auto\" data-message-author-role=\"assistant\" data-message-id=\"d4e5856e-b87d-43e1-bf1b-fe5b0e62d5d8\" data-message-model-slug=\"gpt-4o\">\n<div class=\"flex w-full flex-col gap-1 empty:hidden first:pt-[3px]\">\n<div class=\"markdown prose w-full break-words dark:prose-invert light\">\n<p data-start=\"282\" data-end=\"691\">Den <strong data-start=\"286\" data-end=\"314\">Vapme Spacex 22000 Pust<\/strong> er en <strong data-start=\"320\" data-end=\"353\">engangs-vape med h\u00f8j kapacitet<\/strong> designet til danske vapere, der s\u00f8ger langvarig ydeevne og konsistent smag. Med avanceret <strong data-start=\"458\" data-end=\"482\">mesh coil teknologi<\/strong>leverer den op til 22.000 sug med glat, t\u00e6t damp, hvilket g\u00f8r den perfekt til b\u00e5de begyndere og erfarne vapere. Justerbar str\u00f8msp\u00e6nding og flere nikotinmuligheder giver en skr\u00e6ddersyet vaping-oplevelse.<\/p>\n<p data-start=\"693\" data-end=\"1072\">Med en <strong data-start=\"700\" data-end=\"726\">30ml e-v\u00e6ske kapacitet<\/strong> og et <strong data-start=\"734\" data-end=\"765\">850mAh genopladeligt batteri<\/strong> med Type-C hurtig opladning, sikrer denne <strong data-start=\"798\" data-end=\"830\">genopladelig engangs vape<\/strong> uafbrudte sessioner p\u00e5 farten. V\u00e6lg mellem f\u00f8rsteklasses frugtbaserede smagsvarianter, der er udvalgt til europ\u00e6iske smagspr\u00e6ferencer. Dens slanke, lette design g\u00f8r <strong data-start=\"993\" data-end=\"1021\">Vapme Spacex 22000 Pust<\/strong> en praktisk <strong data-start=\"1035\" data-end=\"1052\">b\u00e6rbar vape<\/strong> til hverdagsbrug.<\/p>\n<p data-start=\"1074\" data-end=\"1293\">Tilg\u00e6ngelig til engros p\u00e5 Vapebulkp.com, denne <strong data-start=\"1121\" data-end=\"1153\">langvarige engangsvape<\/strong> tilbyder enest\u00e5ende v\u00e6rdi for forhandlere og distribut\u00f8rer, der \u00f8nsker at lagerf\u00f8re f\u00f8rsteklasses, h\u00f8jtydende vape-produkter til det europ\u00e6iske marked.<\/p>\n<\/div>\n<\/div>\n<\/div>\n<\/div>\n<p>&nbsp;<\/p>\n<p><img decoding=\"async\" class=\"alignnone wp-image-3053\" src=\"http:\/\/vapebulkp.com\/wp-content\/uploads\/2024\/10\/Vapme-Spacex-22k-Puffs-Disposable-Vape-fruit-flavor-e-liquid.jpg\" alt=\"Vapme Spacex 22k Puffs Engangs Vape frugtsmag e-v\u00e6ske\" width=\"379\" height=\"379\" srcset=\"https:\/\/vapebulkp.com\/wp-content\/uploads\/2024\/10\/Vapme-Spacex-22k-Puffs-Disposable-Vape-fruit-flavor-e-liquid.jpg 1060w, https:\/\/vapebulkp.com\/wp-content\/uploads\/2024\/10\/Vapme-Spacex-22k-Puffs-Disposable-Vape-fruit-flavor-e-liquid-300x300.jpg 300w, https:\/\/vapebulkp.com\/wp-content\/uploads\/2024\/10\/Vapme-Spacex-22k-Puffs-Disposable-Vape-fruit-flavor-e-liquid-1024x1024.jpg 1024w, https:\/\/vapebulkp.com\/wp-content\/uploads\/2024\/10\/Vapme-Spacex-22k-Puffs-Disposable-Vape-fruit-flavor-e-liquid-150x150.jpg 150w, https:\/\/vapebulkp.com\/wp-content\/uploads\/2024\/10\/Vapme-Spacex-22k-Puffs-Disposable-Vape-fruit-flavor-e-liquid-768x768.jpg 768w, https:\/\/vapebulkp.com\/wp-content\/uploads\/2024\/10\/Vapme-Spacex-22k-Puffs-Disposable-Vape-fruit-flavor-e-liquid-600x600.jpg 600w, https:\/\/vapebulkp.com\/wp-content\/uploads\/2024\/10\/Vapme-Spacex-22k-Puffs-Disposable-Vape-fruit-flavor-e-liquid-100x100.jpg 100w\" sizes=\"(max-width: 379px) 100vw, 379px\" \/><\/p>\n<p>&nbsp;<\/p>\n<h6>Kontakt venligst Mandys WhatsApp for rabatpris<a href=\"https:\/\/wa.me\/8618077105796\">+8618077105796<\/a><\/h6>\n<p><img decoding=\"async\" class=\"alignnone wp-image-2151\" src=\"http:\/\/vapebulkp.com\/wp-content\/uploads\/2024\/04\/Mandy-WhatsApp-Randm.jpg\" alt=\"Mandy WhatsApp Randm\" width=\"315\" height=\"335\" srcset=\"https:\/\/vapebulkp.com\/wp-content\/uploads\/2024\/04\/Mandy-WhatsApp-Randm.jpg 916w, https:\/\/vapebulkp.com\/wp-content\/uploads\/2024\/04\/Mandy-WhatsApp-Randm-282x300.jpg 282w, https:\/\/vapebulkp.com\/wp-content\/uploads\/2024\/04\/Mandy-WhatsApp-Randm-768x817.jpg 768w, https:\/\/vapebulkp.com\/wp-content\/uploads\/2024\/04\/Mandy-WhatsApp-Randm-600x638.jpg 600w\" sizes=\"(max-width: 315px) 100vw, 315px\" \/><\/p>\n<h2><strong>Hvorfor v\u00e6lge Vapme Spacex 22000 Puffs hos <a href=\"https:\/\/vapebulkp.com\/da\/ot-disposable-vapes-europe\/\">Vapebulkp.com<\/a>?<\/strong><\/h2>\n<ul>\n<li><strong>Forl\u00e6nget batterilevetid<\/strong>: Med en <strong>850mAh genopladeligt batteri<\/strong>kan du nyde l\u00e6ngerevarende damp-sessioner uden konstant opladning.<\/li>\n<li><strong>Overlegen smag og skyer<\/strong>: Takket v\u00e6re den <strong>avancerede mesh coil<\/strong>kan du opleve rig, tilfredsstillende damp ved hvert sug.<\/li>\n<li><strong>Alsidige nikotinstyrker<\/strong>: V\u00e6lg mellem en r\u00e6kke nikotinmuligheder, der passer til dine pr\u00e6ferencer, og reducer nikotinindtaget gradvist, hvis det \u00f8nskes.<\/li>\n<li><strong>Holdbart og let design<\/strong>: Med en v\u00e6gt p\u00e5 kun <strong>120 g pr. enhed<\/strong>er Vapme Spacex let at b\u00e6re og perfekt til dampning p\u00e5 farten. Danske dampere prioriterer kvalitet, stil og bekvemmelighed, og det er derfor, Vapme Spacex 22000 skiller sig ud p\u00e5 markedet. Uanset om du er grossist eller en individuel k\u00f8ber, der \u00f8nsker at handle online, tilbyder denne vape pen en p\u00e5lidelig l\u00f8sning til langvarig dampforn\u00f8jelse. Med sin h\u00f8je kapacitet af e-v\u00e6ske, justerbare sp\u00e6nding og tiltalende frugtagtige smag er den blevet en favorit blandt dem, der s\u00f8ger en forh\u00f8jet engangs-dampoplevelse.<\/li>\n<\/ul>\n<p>&nbsp;<\/p>\n<h3><strong>Ofte stillede sp\u00f8rgsm\u00e5l om Vapme Vape 22k Puffs:<\/strong><\/h3>\n<ol>\n<li><strong>Hvor mange sug giver Vapme Spacex 22k puff?<\/strong>\n<ul>\n<li>Vapme Spacex tilbyder et estimeret <strong>22.000 sug<\/strong> med sin store 30 ml e-v\u00e6skekapacitet og holdbare mesh coil-design.<\/li>\n<\/ul>\n<\/li>\n<li><strong>Kan Vapme Spacex 22k Puffs genoplades?<\/strong>\n<ul>\n<li>Ja, den leveres med et <strong>850mAh batteri<\/strong> der kan genoplades ved hj\u00e6lp af en <strong>Type-C-port<\/strong>, hvilket sikrer hurtig og nem opladning.<\/li>\n<\/ul>\n<\/li>\n<li><strong>Hvilke smagsvarianter er tilg\u00e6ngelige i Vapme Spacex 22000 Puffs?<\/strong>\n<ul>\n<li>Vapme Spacex tilbyder et udvalg af frugtinspirerede smagsvarianter, der leverer en forfriskende og behagelig dampoplevelse.<\/li>\n<\/ul>\n<\/li>\n<\/ol>\n<h3><strong>\u00a0Vape Engros <\/strong><strong>Vapme Spacex 22000 Pust <\/strong><strong>Vigtigste funktioner:<\/strong><\/h3>\n<ul>\n<li><strong>Justerbar str\u00f8msp\u00e6nding<\/strong>: Tilpas din dampoplevelse med justerbare sp\u00e6ndingsindstillinger for optimal smag og skyproduktion.<\/li>\n<li><strong>Mesh Coil Teknologi<\/strong>: Giver j\u00e6vne og konsistente sug med forbedret smagslevering.<\/li>\n<li><strong>Flere nikotinmuligheder<\/strong>: F\u00e5s i 0%, 2%, 3% og 5% nikotinstyrker, der passer til enhver pr\u00e6ference.<\/li>\n<li><strong>Genopladelig Type-C Port<\/strong>: Hurtig og effektiv opladning med den nyeste Type-C teknologi.<\/li>\n<li><strong>Frugt Smagsserie<\/strong>: Nyd et udvalg af l\u00e6kre frugtinspirerede smage, der im\u00f8dekommer alle smagspr\u00e6ferencer.<\/li>\n<\/ul>\n<h3>\u00a0<em>Vapme Spacex 22000 Pust<\/em>\u00a0tilg\u00e6ngelig i popul\u00e6re europ\u00e6iske smagsvarianter som:<\/h3>\n<p>1. Bl\u00e5 hindb\u00e6r lemonade<br \/>\n2. Fersken is<br \/>\n3. Vandmelon is<br \/>\n4. Bl\u00e5b\u00e6r hindb\u00e6r<br \/>\n5. Kirseb\u00e6r is<br \/>\n6. Jordb\u00e6r is<br \/>\n7. Jordb\u00e6r vandmelon<br \/>\n8. Mango fersken ananas<br \/>\n9. Jordb\u00e6r kiwi<br \/>\n10. Kiwi passionsfrugt guava<br \/>\n11. Energidrik<br \/>\n12. Love 66<\/p>\n<p><a href=\"https:\/\/vapebulkp.com\/da\/product\/popular-randm-tornado-7000puffs-disposable-vape-best-price\/\">Randm tornado 7000 pust<\/a><\/p>\n<p><span style=\"vertical-align: inherit\">Find flere produkter du m\u00e5ske kan lide:<\/span><em><a href=\"https:\/\/wa.me\/8618077105796\"><span style=\"vertical-align: inherit\">\u00a0K\u00f8b den nu<\/span><\/a><\/em><\/p>\n<p><span style=\"vertical-align: inherit\">Andre Puffs du m\u00e5ske kan lide:<\/span><a href=\"https:\/\/vapebulkp.com\/da\/product\/fumot-tornado-25k-puffs-cheap-price-disposable-vape\/\"><span style=\"vertical-align: inherit\">RandM Fumot Tornado 25000Puf<\/span><\/a><\/p>\n<p><a href=\"https:\/\/vapebulkp.com\/da\/product\/vapme-shisha-pro-max-20k-type-c-rechargeable-vape\/\"><span style=\"vertical-align: inherit\">Vapme shisha pro max 20000 pust<\/span><\/a><\/p>\n<p><a href=\"https:\/\/vapebulkp.com\/da\/product\/uwin-crystal-10k-puff-long-lasting-disposable-vape-for-europe\/\"><span style=\"vertical-align: inherit\">UWIN Crystal 10000 Puffs<\/span><\/a><\/p>\n<p><a href=\"https:\/\/vapebulkp.com\/da\/product\/randm-fumot-tornado-30k-puffs-rechargeable-vapes-best-sale\/\"><span style=\"vertical-align: inherit\">Randm Vape 30k Puf<\/span><\/a><\/p>\n<p><span style=\"vertical-align: inherit\">E-cigaret flaske med special form:<\/span><a href=\"https:\/\/vapebulkp.com\/da\/product\/elf-box-pulse-x-25000puffs-led-screen-rechargeable-vape\/\"><span style=\"vertical-align: inherit\">ELF BOX pulse v 25000 pust<\/span><\/a><span style=\"vertical-align: inherit\">\/ <\/span><a href=\"https:\/\/vapebulkp.com\/da\/product\/waspe-tornado-vape-30k-puffs-fihp-best-long-lasting-vape\/\"><span style=\"vertical-align: inherit\">WASPE Tornado 30000 puffs<\/span><\/a><span style=\"vertical-align: inherit\">\/<\/span><a href=\"https:\/\/vapebulkp.com\/da\/product\/bang-king-pro-30k-puffs-top-selling-vape-in-europe\/\"><span style=\"vertical-align: inherit\">\u00a0 Bang King Pro 30000 Pust<\/span><\/a><\/p>\n<h4>Forsendelsesdetaljer:<\/h4>\n<p><span style=\"color: #ff6600\">Produktionstid: 5-10 arbejdsdage<\/span><br \/>\n<span style=\"color: #ff6600\">Leveringstid: 8-14 arbejdsdage<\/span><\/p>\n<p>Alle produkter i vores butik er 100% originale og autentiske, s\u00e5 ti gange kompensation for falske varer er vores butikspolitik. Vi bruger logistikkanaler som UPS\/DHL\/FEDEX\/DPD til at levere varer til dig.<\/p>\n<p>For pakker sendt til Danmark tager det normalt 10 arbejdsdage at ankomme. Forsendelse til europ\u00e6iske lande tager normalt 12 til 15 arbejdsdage at ankomme. Vi vil opdatere logistikinformationen for dig i realtid.<\/p>\n<p>Kontakt os, og vi kan tilbyde dig Hazebar 12000 Puff og bringe din forretning til st\u00f8rre h\u00f8jder!<\/p>","protected":false},"excerpt":{"rendered":"<p>For en f\u00f8rsteklasses, langvarig engangs vape med alsidige smags- og nikotinmuligheder, v\u00e6lg <em>Vapme Spacex 22000 Pust<\/em>. Ideel til <em>engrosordrer og europ\u00e6iske forhandlere<\/em> der s\u00f8ger vape-produkter af h\u00f8jeste kvalitet til konkurrencedygtige priser. Shop nu p\u00e5 <em>Vapebulkp.com<\/em> og oplev fremtidens vaping.<br \/>\n<img decoding=\"async\" class=\"alignnone wp-image-2151\" src=\"http:\/\/vapebulkp.com\/wp-content\/uploads\/2024\/04\/Mandy-WhatsApp-Randm.jpg\" alt=\"Mandy WhatsApp Randm\" width=\"238\" height=\"253\" srcset=\"https:\/\/vapebulkp.com\/wp-content\/uploads\/2024\/04\/Mandy-WhatsApp-Randm.jpg 916w, https:\/\/vapebulkp.com\/wp-content\/uploads\/2024\/04\/Mandy-WhatsApp-Randm-282x300.jpg 282w, https:\/\/vapebulkp.com\/wp-content\/uploads\/2024\/04\/Mandy-WhatsApp-Randm-768x817.jpg 768w, https:\/\/vapebulkp.com\/wp-content\/uploads\/2024\/04\/Mandy-WhatsApp-Randm-600x638.jpg 600w\" sizes=\"(max-width: 238px) 100vw, 238px\" \/><\/p>\n<p>Kontakt venligst Mandys WhatsApp for rabatpris<a href=\"https:\/\/wa.me\/8618077105796\">+8618077105796<\/a><\/p>\n<p><span style=\"color: #ff0000\">BEM\u00c6RK: Priserne p\u00e5 vores hjemmeside inkluderer ikke forsendelsesomkostninger<\/span><\/p>","protected":false},"featured_media":3056,"comment_status":"open","ping_status":"closed","template":"","meta":{"_uag_custom_page_level_css":"","_lmt_disableupdate":"no","_lmt_disable":"","site-sidebar-layout":"default","site-content-layout":"content-boxed-container","ast-site-content-layout":"normal-width-container","site-content-style":"boxed","site-sidebar-style":"unboxed","ast-global-header-display":"","ast-banner-title-visibility":"","ast-main-header-display":"","ast-hfb-above-header-display":"","ast-hfb-below-header-display":"","ast-hfb-mobile-header-display":"","site-post-title":"","ast-breadcrumbs-content":"","ast-featured-img":"","footer-sml-layout":"","theme-transparent-header-meta":"default","adv-header-id-meta":"","stick-header-meta":"","header-above-stick-meta":"","header-main-stick-meta":"","header-below-stick-meta":"","astra-migrate-meta-layouts":"set","_joinchat":[]},"product_cat":[171,153,155,33,59,100,34,158,157,154,152,58,84,156,63,32,368],"product_tag":[36,37,91,41,40],"class_list":["post-3059","product","type-product","status-publish","has-post-thumbnail","hentry","product_cat-22000-puffs-disposable-vape","product_cat-hot-disposable-vapes","product_cat-belgium-hot-disposable-vapes","product_cat-france-vape-hot-sale","product_cat-germany-hot-disposable-vape","product_cat-germany-wholesale-vape-shop","product_cat-netherlands-vape-good-sale","product_cat-norway-hot-disposable-vapes","product_cat-poland-hot-disposable-vapes","product_cat-portugal-hot-disposable-vapes","product_cat-spain-hot-disposable-vapes","product_cat-sweden-hot-disposable-vape","product_cat-sweden-wholesale-vape","product_cat-switzerland-hot-disposable-vapes","product_cat-top-sale-disposable-vape","product_cat-vape-hot-sale-this-week","product_cat-vapme-vape","product_tag-good-vape","product_tag-hot-sale-disposable-vape","product_tag-italy-hot-vape","product_tag-poland-hot-vape","product_tag-sweden-hot-vape","pa_brand-vapme-vape","desktop-align-left","tablet-align-left","mobile-align-left"],"yoast_head":"<!-- This site is optimized with the Yoast SEO plugin v21.1 - https:\/\/yoast.com\/wordpress\/plugins\/seo\/ -->\n<title>Vapme Spacex 22000 Puffs High Puff Disposable Vape - vapebulkp.com<\/title>\n<meta name=\"description\" content=\"Shop the Vapme Spacex 22000 Puffs Disposable Vape with 30ml e-liquid capacity, adjustable power voltage, and customizable nicotine levels. Shop wholesale at Vapebulkp for a premium, long-lasting vaping experience.\" \/>\n<meta name=\"robots\" content=\"index, follow, max-snippet:-1, max-image-preview:large, max-video-preview:-1\" \/>\n<link rel=\"canonical\" href=\"https:\/\/vapebulkp.com\/da\/product\/vapme-spacex-22000-puffs-high-puff-disposable-vape\/\" \/>\n<meta property=\"og:locale\" content=\"da_DK\" \/>\n<meta property=\"og:type\" content=\"article\" \/>\n<meta property=\"og:title\" content=\"Vapme Spacex 22000 Puffs High Puff Disposable Vape - vapebulkp.com\" \/>\n<meta property=\"og:description\" content=\"Shop the Vapme Spacex 22000 Puffs Disposable Vape with 30ml e-liquid capacity, adjustable power voltage, and customizable nicotine levels. Shop wholesale at Vapebulkp for a premium, long-lasting vaping experience.\" \/>\n<meta property=\"og:url\" content=\"https:\/\/vapebulkp.com\/da\/product\/vapme-spacex-22000-puffs-high-puff-disposable-vape\/\" \/>\n<meta property=\"og:site_name\" content=\"vapebulkp.com\" \/>\n<meta property=\"article:modified_time\" content=\"2025-09-24T03:13:13+00:00\" \/>\n<meta property=\"og:image\" content=\"http:\/\/vapebulkp.com\/wp-content\/uploads\/2024\/10\/Vapme-Spacex-22000-Puffs-Disposable-Vape-Pen-Style-E-Cigarette-Wholesale-Price.jpg\" \/>\n\t<meta property=\"og:image:width\" content=\"1060\" \/>\n\t<meta property=\"og:image:height\" content=\"1060\" \/>\n\t<meta property=\"og:image:type\" content=\"image\/jpeg\" \/>\n<meta name=\"twitter:card\" content=\"summary_large_image\" \/>\n<meta name=\"twitter:label1\" content=\"Estimeret l\u00e6setid\" \/>\n\t<meta name=\"twitter:data1\" content=\"4 minutter\" \/>\n<script type=\"application\/ld+json\" class=\"yoast-schema-graph\">{\"@context\":\"https:\/\/schema.org\",\"@graph\":[{\"@type\":\"WebPage\",\"@id\":\"https:\/\/vapebulkp.com\/product\/vapme-spacex-22000-puffs-high-puff-disposable-vape\/\",\"url\":\"https:\/\/vapebulkp.com\/product\/vapme-spacex-22000-puffs-high-puff-disposable-vape\/\",\"name\":\"Vapme Spacex 22000 Puffs High Puff Disposable Vape - vapebulkp.com\",\"isPartOf\":{\"@id\":\"https:\/\/vapebulkp.com\/#website\"},\"datePublished\":\"2024-10-25T07:43:51+00:00\",\"dateModified\":\"2025-09-24T03:13:13+00:00\",\"description\":\"Shop the Vapme Spacex 22000 Puffs Disposable Vape with 30ml e-liquid capacity, adjustable power voltage, and customizable nicotine levels. Shop wholesale at Vapebulkp for a premium, long-lasting vaping experience.\",\"breadcrumb\":{\"@id\":\"https:\/\/vapebulkp.com\/product\/vapme-spacex-22000-puffs-high-puff-disposable-vape\/#breadcrumb\"},\"inLanguage\":\"da-DK\",\"potentialAction\":[{\"@type\":\"ReadAction\",\"target\":[\"https:\/\/vapebulkp.com\/product\/vapme-spacex-22000-puffs-high-puff-disposable-vape\/\"]}]},{\"@type\":\"BreadcrumbList\",\"@id\":\"https:\/\/vapebulkp.com\/product\/vapme-spacex-22000-puffs-high-puff-disposable-vape\/#breadcrumb\",\"itemListElement\":[{\"@type\":\"ListItem\",\"position\":1,\"name\":\"Home\",\"item\":\"https:\/\/vapebulkp.com\/\"},{\"@type\":\"ListItem\",\"position\":2,\"name\":\"Hot Trend Vapes\",\"item\":\"https:\/\/vapebulkp.com\/vape-shop\/\"},{\"@type\":\"ListItem\",\"position\":3,\"name\":\"Vapme Spacex 22000 Puffs High Puff Disposable Vape\"}]},{\"@type\":\"WebSite\",\"@id\":\"https:\/\/vapebulkp.com\/#website\",\"url\":\"https:\/\/vapebulkp.com\/\",\"name\":\"vapebulkp.com\",\"description\":\"Buy Vape In Cheap Bulk Price Near you\",\"publisher\":{\"@id\":\"https:\/\/vapebulkp.com\/#organization\"},\"potentialAction\":[{\"@type\":\"SearchAction\",\"target\":{\"@type\":\"EntryPoint\",\"urlTemplate\":\"https:\/\/vapebulkp.com\/?s={search_term_string}\"},\"query-input\":\"required name=search_term_string\"}],\"inLanguage\":\"da-DK\"},{\"@type\":\"Organization\",\"@id\":\"https:\/\/vapebulkp.com\/#organization\",\"name\":\"vapebulkp.com\",\"url\":\"https:\/\/vapebulkp.com\/\",\"logo\":{\"@type\":\"ImageObject\",\"inLanguage\":\"da-DK\",\"@id\":\"https:\/\/vapebulkp.com\/#\/schema\/logo\/image\/\",\"url\":\"https:\/\/vapebulkp.com\/wp-content\/uploads\/2023\/09\/cropped-vapebulkp.png\",\"contentUrl\":\"https:\/\/vapebulkp.com\/wp-content\/uploads\/2023\/09\/cropped-vapebulkp.png\",\"width\":516,\"height\":163,\"caption\":\"vapebulkp.com\"},\"image\":{\"@id\":\"https:\/\/vapebulkp.com\/#\/schema\/logo\/image\/\"}}]}<\/script>\n<!-- \/ Yoast SEO plugin. -->","yoast_head_json":{"title":"Vapme Spacex 22000 Puffs High Puff Disposable Vape - vapebulkp.com","description":"Shop the Vapme Spacex 22000 Puffs Disposable Vape with 30ml e-liquid capacity, adjustable power voltage, and customizable nicotine levels. Shop wholesale at Vapebulkp for a premium, long-lasting vaping experience.","robots":{"index":"index","follow":"follow","max-snippet":"max-snippet:-1","max-image-preview":"max-image-preview:large","max-video-preview":"max-video-preview:-1"},"canonical":"https:\/\/vapebulkp.com\/da\/product\/vapme-spacex-22000-puffs-high-puff-disposable-vape\/","og_locale":"da_DK","og_type":"article","og_title":"Vapme Spacex 22000 Puffs High Puff Disposable Vape - vapebulkp.com","og_description":"Shop the Vapme Spacex 22000 Puffs Disposable Vape with 30ml e-liquid capacity, adjustable power voltage, and customizable nicotine levels. Shop wholesale at Vapebulkp for a premium, long-lasting vaping experience.","og_url":"https:\/\/vapebulkp.com\/da\/product\/vapme-spacex-22000-puffs-high-puff-disposable-vape\/","og_site_name":"vapebulkp.com","article_modified_time":"2025-09-24T03:13:13+00:00","og_image":[{"width":1060,"height":1060,"url":"http:\/\/vapebulkp.com\/wp-content\/uploads\/2024\/10\/Vapme-Spacex-22000-Puffs-Disposable-Vape-Pen-Style-E-Cigarette-Wholesale-Price.jpg","type":"image\/jpeg"}],"twitter_card":"summary_large_image","twitter_misc":{"Estimeret l\u00e6setid":"4 minutter"},"schema":{"@context":"https:\/\/schema.org","@graph":[{"@type":"WebPage","@id":"https:\/\/vapebulkp.com\/product\/vapme-spacex-22000-puffs-high-puff-disposable-vape\/","url":"https:\/\/vapebulkp.com\/product\/vapme-spacex-22000-puffs-high-puff-disposable-vape\/","name":"Vapme Spacex 22000 Puffs High Puff Disposable Vape - vapebulkp.com","isPartOf":{"@id":"https:\/\/vapebulkp.com\/#website"},"datePublished":"2024-10-25T07:43:51+00:00","dateModified":"2025-09-24T03:13:13+00:00","description":"Shop the Vapme Spacex 22000 Puffs Disposable Vape with 30ml e-liquid capacity, adjustable power voltage, and customizable nicotine levels. Shop wholesale at Vapebulkp for a premium, long-lasting vaping experience.","breadcrumb":{"@id":"https:\/\/vapebulkp.com\/product\/vapme-spacex-22000-puffs-high-puff-disposable-vape\/#breadcrumb"},"inLanguage":"da-DK","potentialAction":[{"@type":"ReadAction","target":["https:\/\/vapebulkp.com\/product\/vapme-spacex-22000-puffs-high-puff-disposable-vape\/"]}]},{"@type":"BreadcrumbList","@id":"https:\/\/vapebulkp.com\/product\/vapme-spacex-22000-puffs-high-puff-disposable-vape\/#breadcrumb","itemListElement":[{"@type":"ListItem","position":1,"name":"Home","item":"https:\/\/vapebulkp.com\/"},{"@type":"ListItem","position":2,"name":"Hot Trend Vapes","item":"https:\/\/vapebulkp.com\/vape-shop\/"},{"@type":"ListItem","position":3,"name":"Vapme Spacex 22000 Puffs High Puff Disposable Vape"}]},{"@type":"WebSite","@id":"https:\/\/vapebulkp.com\/#website","url":"https:\/\/vapebulkp.com\/","name":"vapebulkp.com","description":"Buy Vape In Cheap Bulk Price Near you","publisher":{"@id":"https:\/\/vapebulkp.com\/#organization"},"potentialAction":[{"@type":"SearchAction","target":{"@type":"EntryPoint","urlTemplate":"https:\/\/vapebulkp.com\/?s={search_term_string}"},"query-input":"required name=search_term_string"}],"inLanguage":"da-DK"},{"@type":"Organization","@id":"https:\/\/vapebulkp.com\/#organization","name":"vapebulkp.com","url":"https:\/\/vapebulkp.com\/","logo":{"@type":"ImageObject","inLanguage":"da-DK","@id":"https:\/\/vapebulkp.com\/#\/schema\/logo\/image\/","url":"https:\/\/vapebulkp.com\/wp-content\/uploads\/2023\/09\/cropped-vapebulkp.png","contentUrl":"https:\/\/vapebulkp.com\/wp-content\/uploads\/2023\/09\/cropped-vapebulkp.png","width":516,"height":163,"caption":"vapebulkp.com"},"image":{"@id":"https:\/\/vapebulkp.com\/#\/schema\/logo\/image\/"}}]}},"uagb_featured_image_src":{"full":["https:\/\/vapebulkp.com\/wp-content\/uploads\/2024\/10\/Vapme-Spacex-22000-Puffs-Disposable-Vape-Pen-Style-E-Cigarette-Wholesale-Price.jpg",1060,1060,false],"thumbnail":["https:\/\/vapebulkp.com\/wp-content\/uploads\/2024\/10\/Vapme-Spacex-22000-Puffs-Disposable-Vape-Pen-Style-E-Cigarette-Wholesale-Price-150x150.jpg",150,150,true],"medium":["https:\/\/vapebulkp.com\/wp-content\/uploads\/2024\/10\/Vapme-Spacex-22000-Puffs-Disposable-Vape-Pen-Style-E-Cigarette-Wholesale-Price-300x300.jpg",300,300,true],"medium_large":["https:\/\/vapebulkp.com\/wp-content\/uploads\/2024\/10\/Vapme-Spacex-22000-Puffs-Disposable-Vape-Pen-Style-E-Cigarette-Wholesale-Price-768x768.jpg",768,768,true],"large":["https:\/\/vapebulkp.com\/wp-content\/uploads\/2024\/10\/Vapme-Spacex-22000-Puffs-Disposable-Vape-Pen-Style-E-Cigarette-Wholesale-Price-1024x1024.jpg",1024,1024,true],"1536x1536":["https:\/\/vapebulkp.com\/wp-content\/uploads\/2024\/10\/Vapme-Spacex-22000-Puffs-Disposable-Vape-Pen-Style-E-Cigarette-Wholesale-Price.jpg",1060,1060,false],"2048x2048":["https:\/\/vapebulkp.com\/wp-content\/uploads\/2024\/10\/Vapme-Spacex-22000-Puffs-Disposable-Vape-Pen-Style-E-Cigarette-Wholesale-Price.jpg",1060,1060,false],"trp-custom-language-flag":["https:\/\/vapebulkp.com\/wp-content\/uploads\/2024\/10\/Vapme-Spacex-22000-Puffs-Disposable-Vape-Pen-Style-E-Cigarette-Wholesale-Price.jpg",12,12,false],"woocommerce_thumbnail":["https:\/\/vapebulkp.com\/wp-content\/uploads\/2024\/10\/Vapme-Spacex-22000-Puffs-Disposable-Vape-Pen-Style-E-Cigarette-Wholesale-Price-300x300.jpg",300,300,true],"woocommerce_single":["https:\/\/vapebulkp.com\/wp-content\/uploads\/2024\/10\/Vapme-Spacex-22000-Puffs-Disposable-Vape-Pen-Style-E-Cigarette-Wholesale-Price-600x600.jpg",600,600,true],"woocommerce_gallery_thumbnail":["https:\/\/vapebulkp.com\/wp-content\/uploads\/2024\/10\/Vapme-Spacex-22000-Puffs-Disposable-Vape-Pen-Style-E-Cigarette-Wholesale-Price-100x100.jpg",100,100,true],"wcpr-photo-reviews":["https:\/\/vapebulkp.com\/wp-content\/uploads\/2024\/10\/Vapme-Spacex-22000-Puffs-Disposable-Vape-Pen-Style-E-Cigarette-Wholesale-Price.jpg",500,500,false]},"uagb_author_info":{"display_name":"Mandy vape bulk price","author_link":"https:\/\/vapebulkp.com\/da\/author\/"},"uagb_comment_info":0,"uagb_excerpt":"For a premium, long-lasting disposable vape with versatile flavor and nicotine options, choose Vapme Spacex 22000 Puffs. Ideal for wholesale orders and European retailers seeking top-quality vape products at competitive prices. Shop now at Vapebulkp.com and experience the future of vaping. Pls Contact Mandy's WhatsApp For Discount Price+8618077105796 NOTE: Prices on our website does not&hellip;","_links":{"self":[{"href":"https:\/\/vapebulkp.com\/da\/wp-json\/wp\/v2\/product\/3059","targetHints":{"allow":["GET"]}}],"collection":[{"href":"https:\/\/vapebulkp.com\/da\/wp-json\/wp\/v2\/product"}],"about":[{"href":"https:\/\/vapebulkp.com\/da\/wp-json\/wp\/v2\/types\/product"}],"replies":[{"embeddable":true,"href":"https:\/\/vapebulkp.com\/da\/wp-json\/wp\/v2\/comments?post=3059"}],"wp:featuredmedia":[{"embeddable":true,"href":"https:\/\/vapebulkp.com\/da\/wp-json\/wp\/v2\/media\/3056"}],"wp:attachment":[{"href":"https:\/\/vapebulkp.com\/da\/wp-json\/wp\/v2\/media?parent=3059"}],"wp:term":[{"taxonomy":"product_cat","embeddable":true,"href":"https:\/\/vapebulkp.com\/da\/wp-json\/wp\/v2\/product_cat?post=3059"},{"taxonomy":"product_tag","embeddable":true,"href":"https:\/\/vapebulkp.com\/da\/wp-json\/wp\/v2\/product_tag?post=3059"}],"curies":[{"name":"wp","href":"https:\/\/api.w.org\/{rel}","templated":true}]}}