{"id":3084,"date":"2024-10-29T09:45:41","date_gmt":"2024-10-29T08:45:41","guid":{"rendered":"https:\/\/vapebulkp.com\/?post_type=product&#038;p=3084"},"modified":"2025-09-24T05:13:38","modified_gmt":"2025-09-24T03:13:38","slug":"bang-vape-36k-puffs-adjustable-ice-premium-disposable-vape","status":"publish","type":"product","link":"https:\/\/vapebulkp.com\/da\/product\/bang-vape-36k-puffs-adjustable-ice-premium-disposable-vape\/","title":{"rendered":"Bang Vape 36K Pust Justerbar Is Premium Engangs Vape"},"content":{"rendered":"<h2 style=\"text-align: left\">Bang Vape 36K Pust Justerbar Is Premium Engangs Vape<\/h2>\n<div class=\"flex max-w-full flex-col flex-grow\">\n<div class=\"min-h-8 text-message flex w-full flex-col items-end gap-2 whitespace-normal break-words [.text-message+&amp;]:mt-5\" dir=\"auto\" data-message-author-role=\"assistant\" data-message-id=\"804b3ea8-e167-4bec-b4d0-906786e28244\" data-message-model-slug=\"gpt-4o-mini\">\n<div class=\"flex w-full flex-col gap-1 empty:hidden first:pt-[3px]\">\n<div class=\"markdown prose w-full break-words dark:prose-invert light\">\n<p data-start=\"150\" data-end=\"411\">Den <strong data-start=\"154\" data-end=\"192\">Bang Vape 36K Pust Justerbar Is<\/strong> er en h\u00f8jkapacitets <strong data-start=\"212\" data-end=\"239\">premium engangs vape<\/strong> designet til langvarig ydeevne og overlegen smag. Med op til 36.000 pust sikrer dual mesh coil-teknologi glat damp og ensartet smag ved hver ind\u00e5nding.<\/p>\n<p data-start=\"413\" data-end=\"677\">Udstyret med et genopladeligt 850mAh batteri og Type-C hurtigopladning, leverer denne <strong data-start=\"489\" data-end=\"521\">genopladelig engangs vape<\/strong> uafbrudte vaping-sessioner. Dobbelt e-v\u00e6sketanke (30ml + 10ml) giver mulighed for st\u00e6rke eller subtile smagsmuligheder, perfekt til brugere, der nyder variation.<\/p>\n<p data-start=\"679\" data-end=\"976\">Justerbar Is-teknologi giver dig mulighed for at styre k\u00f8lingsniveauet for en forfriskende ind\u00e5nding, mens fingeraftrykspresregulering sikrer et sikkert, personligt greb. V\u00e6lg mellem et bredt udvalg af popul\u00e6re smagsvarianter, herunder Strawberry Kiwi og andre premium blandinger, for ugers ensartet tilfredshed.<\/p>\n<p data-start=\"978\" data-end=\"1130\">Kompakt, stilfuld og h\u00f8jtydende, <strong data-start=\"1022\" data-end=\"1045\">Bang Vape <a href=\"https:\/\/vapebulkp.com\/da\/product-category\/36000-puff-disposable-vape\/\">36000 Pust Engangs Vape<\/a><\/strong>\u00a0er ideel til daglig brug, sociale sammenkomster og engrosdistribution i hele Europa.<\/p>\n<\/div>\n<\/div>\n<\/div>\n<\/div>\n<div class=\"mb-2 flex gap-3 empty:hidden -ml-2\">\n<div class=\"items-center justify-start rounded-xl p-1 flex\">\n<div class=\"flex items-center\">\n<div class=\"flex items-center pb-0\"><\/div>\n<\/div>\n<\/div>\n<\/div>\n<p><img decoding=\"async\" class=\"alignnone size-full wp-image-3081\" src=\"http:\/\/vapebulkp.com\/wp-content\/uploads\/2024\/10\/Bang-Vape-36k-Adjustable-Ice-Disposable-Electronic-Cigarette.png\" alt=\"Bang Vape 36k Justerbar Is Elektronisk Cigaret\" width=\"367\" height=\"593\" srcset=\"https:\/\/vapebulkp.com\/wp-content\/uploads\/2024\/10\/Bang-Vape-36k-Adjustable-Ice-Disposable-Electronic-Cigarette.png 367w, https:\/\/vapebulkp.com\/wp-content\/uploads\/2024\/10\/Bang-Vape-36k-Adjustable-Ice-Disposable-Electronic-Cigarette-186x300.png 186w\" sizes=\"(max-width: 367px) 100vw, 367px\" \/><\/p>\n<h6>Kontakt venligst Mandys WhatsApp for rabatpris<a href=\"https:\/\/wa.me\/8618077105796\">+8618077105796<\/a><\/h6>\n<p><img decoding=\"async\" class=\"alignnone wp-image-2151\" src=\"http:\/\/vapebulkp.com\/wp-content\/uploads\/2024\/04\/Mandy-WhatsApp-Randm.jpg\" alt=\"Mandy WhatsApp Randm\" width=\"261\" height=\"277\" srcset=\"https:\/\/vapebulkp.com\/wp-content\/uploads\/2024\/04\/Mandy-WhatsApp-Randm.jpg 916w, https:\/\/vapebulkp.com\/wp-content\/uploads\/2024\/04\/Mandy-WhatsApp-Randm-282x300.jpg 282w, https:\/\/vapebulkp.com\/wp-content\/uploads\/2024\/04\/Mandy-WhatsApp-Randm-768x817.jpg 768w, https:\/\/vapebulkp.com\/wp-content\/uploads\/2024\/04\/Mandy-WhatsApp-Randm-600x638.jpg 600w\" sizes=\"(max-width: 261px) 100vw, 261px\" \/><\/p>\n<h2>Du t\u00e6nkte m\u00e5ske, at du ville vide noget om Justerbar Is bang vapes 36k Pust:<\/h2>\n<ol>\n<li><strong>Q: Hvad f\u00e5r Bang Vape 36k Pust Engangs E-Cigaret til at skille sig ud fra andre high-capacity vapes?<\/strong><br \/>\n<strong>A:<\/strong> Bang Vape 36k Pust-modellen er designet med justerbar is-teknologi, der giver brugerne mulighed for at skr\u00e6ddersy deres k\u00f8lingsoplevelse. Denne premium-funktion, kombineret med 36.000 pust, leverer uovertruffen smagskonsistens og vaping-tilfredshed.<\/li>\n<li><strong>Q: Er vapen med bang 36k Justerbar Is Engangs E-Cigaret velegnet til langvarig brug?<\/strong><br \/>\n<strong>A:<\/strong> Absolut. Med imponerende 36.000 pust og en innovativ justerbar is-mekanisme er Bang Vape 36k designet til at holde l\u00e6ngere, samtidig med at den opretholder en spr\u00f8d, forfriskende smagsprofil gennem hver session.<\/li>\n<li><strong>Q: Hvordan forbedrer den justerbare is-funktion bang energy vape 36k engangsoplevelsen?<\/strong><br \/>\n<strong>A:<\/strong> Den justerbare is-funktion giver dig mulighed for at tilpasse k\u00f8lingsintensiteten af hvert pust, hvilket tilbyder en mere personlig og sofistikeret vaping-oplevelse. Denne high-end tilpasningsfunktion er ideel til brugere, der s\u00f8ger raffineret kontrol over deres vapes smagsdynamik.<\/li>\n<li><strong>Q: Hvilken type vaper ville have mest gavn af Bang Vape 36k Pust Justerbar Is-modellen?<\/strong><br \/>\n<strong>A:<\/strong> Vapers, der prioriterer forl\u00e6nget ydeevne, premium smagskvalitet og personlige k\u00f8lingseffekter, vil s\u00e6tte pris p\u00e5 Bang Vape 36k Justerbar Is-modellen. Dens high-capacity design og brugerfokuserede innovationer henvender sig til b\u00e5de afslappede og erfarne vapers.<\/li>\n<li><strong>Q: Er Bang Vape 36k Pust Engangs E-Cigaret en p\u00e5lidelig mulighed for vaping p\u00e5 farten?<\/strong><br \/>\n<strong>A:<\/strong> Ja, Bang Vape 36k er et ideelt valg for entusiaster p\u00e5 farten. Med sin store puff-kapacitet og b\u00e6rbare design tilbyder den bekvemmelighed uden at g\u00e5 p\u00e5 kompromis med premium-funktioner som den justerbare is-kontrol, der sikrer, at hver vape-session er skr\u00e6ddersyet til dine pr\u00e6ferencer.<\/li>\n<\/ol>\n<p>&nbsp;<\/p>\n<h3>Hot Sale 2024 BangVape 36000 Puffs H\u00f8jkapacitets Vape Danmark Funktioner:<\/h3>\n<ul>\n<li><strong>Antal pust<\/strong>: 36.000 pust<\/li>\n<li><strong>Batterikapacitet<\/strong>: 850mAh<\/li>\n<li><strong>Opladningsport<\/strong>: Type-C<\/li>\n<li><strong>E-v\u00e6ske Kapacitet<\/strong>: Dobbelte tanke (30 ml til L-olie Tank og 10 ml til R-olie Tank)<\/li>\n<li><strong>Spole teknologi<\/strong>: Dobbelt Mesh<\/li>\n<li><strong>Isjustering<\/strong>: Tune Ice-funktion<\/li>\n<li><strong>Fingeraftryk Trykregulering<\/strong>: Inkluderet til personlige indstillinger<\/li>\n<li><strong>Smag Vist<\/strong>: 12 SMAGSTyper<\/li>\n<\/ul>\n<p>&nbsp;<\/p>\n<h3><strong>Top-bed\u00f8mte engangs vape-m\u00e6rker\u00a0<\/strong><strong>36k Puffs bang vape smag:<\/strong><\/h3>\n<p>1. VANDMELON IS<br \/>\n2. JORDB\u00c6R KIWI<br \/>\n3. JORDB\u00c6R MANGO<br \/>\n4. Red Bull<br \/>\n5. TRIPPEL B\u00c6R<br \/>\n6. JORDB\u00c6R VANDMELON<br \/>\n7. JORDB\u00c6R IS<br \/>\n8. BL\u00c5B\u00c6R IS<br \/>\n9. BL\u00c5B\u00c6R HINDB\u00c6R<br \/>\n10. JORDB\u00c6R BANAN<br \/>\n11. LOVE66<br \/>\n12. ANANAS KOKOS<\/p>\n<p><a href=\"https:\/\/vapebulkp.com\/da\/product\/popular-randm-tornado-7000puffs-disposable-vape-best-price\/\"><span style=\"vertical-align: inherit\">RandM Tornado 7000 pust <\/span><\/a><\/p>\n<p><span style=\"vertical-align: inherit\">Find flere produkter du m\u00e5ske kan lide:<\/span><em><a href=\"https:\/\/wa.me\/8618077105796\"><span style=\"vertical-align: inherit\">\u00a0K\u00f8b den nu<\/span><\/a><\/em><\/p>\n<p><span style=\"vertical-align: inherit\">Andre Puffs du m\u00e5ske kan lide:<\/span><a href=\"https:\/\/vapebulkp.com\/da\/product\/hot-selling-brand-vape-mesii-visual-16000puffs-wholesale-price\/\"><span style=\"vertical-align: inherit\">MESII VISUAL 16000 pust<\/span><\/a><span style=\"vertical-align: inherit\">\u3001<\/span><a href=\"https:\/\/vapebulkp.com\/da\/product\/wholesale-randm-tornado-9000-puffs-germany\/\"><span style=\"vertical-align: inherit\">RandM 9000 sug<\/span><\/a><span style=\"vertical-align: inherit\">\/ <\/span><a href=\"https:\/\/vapebulkp.com\/da\/product\/aivono-aim-boom-25000-puff-hot-sale-disposable-vape-razz-bar\/\"><span style=\"vertical-align: inherit\">AIVONO AIM BOOM 25K pust<\/span><\/a><span style=\"vertical-align: inherit\">\/ <\/span><a href=\"https:\/\/vapebulkp.com\/da\/product\/waspe-tornado-vape-30k-puffs-fihp-best-long-lasting-vape\/\"><span style=\"vertical-align: inherit\">WASPE Tornado 30k pust<\/span><\/a><\/p>\n<p><span style=\"vertical-align: inherit\">E-cigaret flaske med special form:<\/span><a href=\"https:\/\/vapebulkp.com\/da\/product\/bang-vape-36k-puffs-lcd-screen-fingerprint-recognition-disposable-vape\/\"><span style=\"vertical-align: inherit\"> Bang vape 36000 pust<\/span><\/a><span style=\"vertical-align: inherit\">\/ <\/span><a href=\"https:\/\/vapebulkp.com\/da\/product\/best-price-wga-crystal-pro-max-15k-puffs-original-vape\/\"><span style=\"vertical-align: inherit\">\u00a0WGA Crystal Pro Max 15000 Pust <\/span><\/a><span style=\"vertical-align: inherit\">\/<\/span><a href=\"https:\/\/vapebulkp.com\/da\/product\/poco-bl-10000-puffs-hot-selling-high-puff-type-c-disposable-vape\/\"><span style=\"vertical-align: inherit\"> POCO BL 10000 pust<\/span><\/a><\/p>\n<h5>Ofte stillede sp\u00f8rgsm\u00e5l:<\/h5>\n<p>Q: Hvad er MOQ for bang bars vape 36000 pust?<br \/>\nA: Minimumsbestilling er 100 stk.<br \/>\nQ: Hvad er leveringstiden for den bestilte fume vape?<br \/>\nA: Normalt 10-15 dage efter afsendelse<br \/>\nQ: Hvad er forsendelsesomkostningerne? A: Forsendelsesomkostningerne afh\u00e6nger af v\u00e6gten. Forskellige m\u00e6ngder har forskellige forsendelsesomkostninger, kontakt os venligst for at bekr\u00e6fte forsendelsesomkostningerne.<\/p>\n<h4>Forsendelsesdetaljer:<\/h4>\n<p><span style=\"color: #ff6600\">Produktionstid: 5-10 arbejdsdage<\/span><br \/>\n<span style=\"color: #ff6600\">Leveringstid: 8-14 arbejdsdage<\/span><\/p>\n<p>Alle produkter i vores butik er 100% originale og autentiske, s\u00e5 ti gange kompensation for falske varer er vores butikspolitik. Vi bruger logistikkanaler som UPS\/DHL\/FEDEX\/DPD til at levere varer til dig.<\/p>\n<p>For pakker sendt til Danmark tager det normalt 10 arbejdsdage at ankomme. Forsendelse til europ\u00e6iske lande tager normalt 12 til 15 arbejdsdage at ankomme. Vi vil opdatere logistikinformationen for dig i realtid.<\/p>","protected":false},"excerpt":{"rendered":"<p>Bang Vape 36k Justerbar Is Engangs E-Cigaret Den High-End L\u00f8sning til en Langvarig Vaping Oplevelse<\/p>\n<p><img decoding=\"async\" class=\"alignnone wp-image-2151\" src=\"http:\/\/vapebulkp.com\/wp-content\/uploads\/2024\/04\/Mandy-WhatsApp-Randm.jpg\" alt=\"Mandy WhatsApp Randm\" width=\"281\" height=\"299\" srcset=\"https:\/\/vapebulkp.com\/wp-content\/uploads\/2024\/04\/Mandy-WhatsApp-Randm.jpg 916w, https:\/\/vapebulkp.com\/wp-content\/uploads\/2024\/04\/Mandy-WhatsApp-Randm-282x300.jpg 282w, https:\/\/vapebulkp.com\/wp-content\/uploads\/2024\/04\/Mandy-WhatsApp-Randm-768x817.jpg 768w, https:\/\/vapebulkp.com\/wp-content\/uploads\/2024\/04\/Mandy-WhatsApp-Randm-600x638.jpg 600w\" sizes=\"(max-width: 281px) 100vw, 281px\" \/><\/p>\n<p>Kontakt venligst Mandys WhatsApp for rabatpris<a href=\"https:\/\/wa.me\/8618077105796\">+8618077105796<\/a><\/p>\n<p><span style=\"color: #ff0000\">BEM\u00c6RK: Priserne p\u00e5 vores hjemmeside inkluderer ikke forsendelsesomkostninger<\/span><\/p>\n<p>&nbsp;<\/p>","protected":false},"featured_media":3082,"comment_status":"open","ping_status":"closed","template":"","meta":{"_uag_custom_page_level_css":"","_lmt_disableupdate":"no","_lmt_disable":"","site-sidebar-layout":"default","site-content-layout":"content-boxed-container","ast-site-content-layout":"normal-width-container","site-content-style":"boxed","site-sidebar-style":"unboxed","ast-global-header-display":"","ast-banner-title-visibility":"","ast-main-header-display":"","ast-hfb-above-header-display":"","ast-hfb-below-header-display":"","ast-hfb-mobile-header-display":"","site-post-title":"","ast-breadcrumbs-content":"","ast-featured-img":"","footer-sml-layout":"","theme-transparent-header-meta":"default","adv-header-id-meta":"","stick-header-meta":"","header-above-stick-meta":"","header-main-stick-meta":"","header-below-stick-meta":"","astra-migrate-meta-layouts":"set","_joinchat":[]},"product_cat":[159,153,345,155,33,59,100,87,34,158,157,154,152,58,84,156,63,32],"product_tag":[130,93,36,37,91,41,40],"class_list":["post-3084","product","type-product","status-publish","has-post-thumbnail","hentry","product_cat-36000-puff-disposable-vape","product_cat-hot-disposable-vapes","product_cat-bang-vapes","product_cat-belgium-hot-disposable-vapes","product_cat-france-vape-hot-sale","product_cat-germany-hot-disposable-vape","product_cat-germany-wholesale-vape-shop","product_cat-minimum-order-quantity-50pcs","product_cat-netherlands-vape-good-sale","product_cat-norway-hot-disposable-vapes","product_cat-poland-hot-disposable-vapes","product_cat-portugal-hot-disposable-vapes","product_cat-spain-hot-disposable-vapes","product_cat-sweden-hot-disposable-vape","product_cat-sweden-wholesale-vape","product_cat-switzerland-hot-disposable-vapes","product_cat-top-sale-disposable-vape","product_cat-vape-hot-sale-this-week","product_tag-36000puffs","product_tag-bang-vape","product_tag-good-vape","product_tag-hot-sale-disposable-vape","product_tag-italy-hot-vape","product_tag-poland-hot-vape","product_tag-sweden-hot-vape","pa_brand-bang-king-vape","desktop-align-left","tablet-align-left","mobile-align-left"],"yoast_head":"<!-- This site is optimized with the Yoast SEO plugin v21.1 - https:\/\/yoast.com\/wordpress\/plugins\/seo\/ -->\n<title>Bang Vape 36K Puffs Adjustable Ice Premium Disposable Vape - vapebulkp.com<\/title>\n<meta name=\"description\" content=\"Buy the Bang Vape 36K Puffs, a 36K Puffs Disposable Vape with smooth vapor, customizable cooling, and long-lasting rechargeable battery.\" \/>\n<meta name=\"robots\" content=\"index, follow, max-snippet:-1, max-image-preview:large, max-video-preview:-1\" \/>\n<link rel=\"canonical\" href=\"https:\/\/vapebulkp.com\/da\/product\/bang-vape-36k-puffs-adjustable-ice-premium-disposable-vape\/\" \/>\n<meta property=\"og:locale\" content=\"da_DK\" \/>\n<meta property=\"og:type\" content=\"article\" \/>\n<meta property=\"og:title\" content=\"Bang Vape 36K Puffs Adjustable Ice Premium Disposable Vape - vapebulkp.com\" \/>\n<meta property=\"og:description\" content=\"Buy the Bang Vape 36K Puffs, a 36K Puffs Disposable Vape with smooth vapor, customizable cooling, and long-lasting rechargeable battery.\" \/>\n<meta property=\"og:url\" content=\"https:\/\/vapebulkp.com\/da\/product\/bang-vape-36k-puffs-adjustable-ice-premium-disposable-vape\/\" \/>\n<meta property=\"og:site_name\" content=\"vapebulkp.com\" \/>\n<meta property=\"article:modified_time\" content=\"2025-09-24T03:13:38+00:00\" \/>\n<meta property=\"og:image\" content=\"http:\/\/vapebulkp.com\/wp-content\/uploads\/2024\/10\/Bang-Vape-36k-Adjustable-Ice-Disposable-Vape-Your-Ultimate-Vaping-Solution.png\" \/>\n\t<meta property=\"og:image:width\" content=\"1000\" \/>\n\t<meta property=\"og:image:height\" content=\"1000\" \/>\n\t<meta property=\"og:image:type\" content=\"image\/png\" \/>\n<meta name=\"twitter:card\" content=\"summary_large_image\" \/>\n<meta name=\"twitter:label1\" content=\"Estimeret l\u00e6setid\" \/>\n\t<meta name=\"twitter:data1\" content=\"4 minutter\" \/>\n<script type=\"application\/ld+json\" class=\"yoast-schema-graph\">{\"@context\":\"https:\/\/schema.org\",\"@graph\":[{\"@type\":\"WebPage\",\"@id\":\"https:\/\/vapebulkp.com\/product\/bang-vape-36k-puffs-adjustable-ice-premium-disposable-vape\/\",\"url\":\"https:\/\/vapebulkp.com\/product\/bang-vape-36k-puffs-adjustable-ice-premium-disposable-vape\/\",\"name\":\"Bang Vape 36K Puffs Adjustable Ice Premium Disposable Vape - vapebulkp.com\",\"isPartOf\":{\"@id\":\"https:\/\/vapebulkp.com\/#website\"},\"datePublished\":\"2024-10-29T08:45:41+00:00\",\"dateModified\":\"2025-09-24T03:13:38+00:00\",\"description\":\"Buy the Bang Vape 36K Puffs, a 36K Puffs Disposable Vape with smooth vapor, customizable cooling, and long-lasting rechargeable battery.\",\"breadcrumb\":{\"@id\":\"https:\/\/vapebulkp.com\/product\/bang-vape-36k-puffs-adjustable-ice-premium-disposable-vape\/#breadcrumb\"},\"inLanguage\":\"da-DK\",\"potentialAction\":[{\"@type\":\"ReadAction\",\"target\":[\"https:\/\/vapebulkp.com\/product\/bang-vape-36k-puffs-adjustable-ice-premium-disposable-vape\/\"]}]},{\"@type\":\"BreadcrumbList\",\"@id\":\"https:\/\/vapebulkp.com\/product\/bang-vape-36k-puffs-adjustable-ice-premium-disposable-vape\/#breadcrumb\",\"itemListElement\":[{\"@type\":\"ListItem\",\"position\":1,\"name\":\"Home\",\"item\":\"https:\/\/vapebulkp.com\/\"},{\"@type\":\"ListItem\",\"position\":2,\"name\":\"Hot Trend Vapes\",\"item\":\"https:\/\/vapebulkp.com\/vape-shop\/\"},{\"@type\":\"ListItem\",\"position\":3,\"name\":\"Bang Vape 36K Puffs Adjustable Ice Premium Disposable Vape\"}]},{\"@type\":\"WebSite\",\"@id\":\"https:\/\/vapebulkp.com\/#website\",\"url\":\"https:\/\/vapebulkp.com\/\",\"name\":\"vapebulkp.com\",\"description\":\"Buy Vape In Cheap Bulk Price Near you\",\"publisher\":{\"@id\":\"https:\/\/vapebulkp.com\/#organization\"},\"potentialAction\":[{\"@type\":\"SearchAction\",\"target\":{\"@type\":\"EntryPoint\",\"urlTemplate\":\"https:\/\/vapebulkp.com\/?s={search_term_string}\"},\"query-input\":\"required name=search_term_string\"}],\"inLanguage\":\"da-DK\"},{\"@type\":\"Organization\",\"@id\":\"https:\/\/vapebulkp.com\/#organization\",\"name\":\"vapebulkp.com\",\"url\":\"https:\/\/vapebulkp.com\/\",\"logo\":{\"@type\":\"ImageObject\",\"inLanguage\":\"da-DK\",\"@id\":\"https:\/\/vapebulkp.com\/#\/schema\/logo\/image\/\",\"url\":\"https:\/\/vapebulkp.com\/wp-content\/uploads\/2023\/09\/cropped-vapebulkp.png\",\"contentUrl\":\"https:\/\/vapebulkp.com\/wp-content\/uploads\/2023\/09\/cropped-vapebulkp.png\",\"width\":516,\"height\":163,\"caption\":\"vapebulkp.com\"},\"image\":{\"@id\":\"https:\/\/vapebulkp.com\/#\/schema\/logo\/image\/\"}}]}<\/script>\n<!-- \/ Yoast SEO plugin. -->","yoast_head_json":{"title":"Bang Vape 36K Puffs Adjustable Ice Premium Disposable Vape - vapebulkp.com","description":"Buy the Bang Vape 36K Puffs, a 36K Puffs Disposable Vape with smooth vapor, customizable cooling, and long-lasting rechargeable battery.","robots":{"index":"index","follow":"follow","max-snippet":"max-snippet:-1","max-image-preview":"max-image-preview:large","max-video-preview":"max-video-preview:-1"},"canonical":"https:\/\/vapebulkp.com\/da\/product\/bang-vape-36k-puffs-adjustable-ice-premium-disposable-vape\/","og_locale":"da_DK","og_type":"article","og_title":"Bang Vape 36K Puffs Adjustable Ice Premium Disposable Vape - vapebulkp.com","og_description":"Buy the Bang Vape 36K Puffs, a 36K Puffs Disposable Vape with smooth vapor, customizable cooling, and long-lasting rechargeable battery.","og_url":"https:\/\/vapebulkp.com\/da\/product\/bang-vape-36k-puffs-adjustable-ice-premium-disposable-vape\/","og_site_name":"vapebulkp.com","article_modified_time":"2025-09-24T03:13:38+00:00","og_image":[{"width":1000,"height":1000,"url":"http:\/\/vapebulkp.com\/wp-content\/uploads\/2024\/10\/Bang-Vape-36k-Adjustable-Ice-Disposable-Vape-Your-Ultimate-Vaping-Solution.png","type":"image\/png"}],"twitter_card":"summary_large_image","twitter_misc":{"Estimeret l\u00e6setid":"4 minutter"},"schema":{"@context":"https:\/\/schema.org","@graph":[{"@type":"WebPage","@id":"https:\/\/vapebulkp.com\/product\/bang-vape-36k-puffs-adjustable-ice-premium-disposable-vape\/","url":"https:\/\/vapebulkp.com\/product\/bang-vape-36k-puffs-adjustable-ice-premium-disposable-vape\/","name":"Bang Vape 36K Puffs Adjustable Ice Premium Disposable Vape - vapebulkp.com","isPartOf":{"@id":"https:\/\/vapebulkp.com\/#website"},"datePublished":"2024-10-29T08:45:41+00:00","dateModified":"2025-09-24T03:13:38+00:00","description":"Buy the Bang Vape 36K Puffs, a 36K Puffs Disposable Vape with smooth vapor, customizable cooling, and long-lasting rechargeable battery.","breadcrumb":{"@id":"https:\/\/vapebulkp.com\/product\/bang-vape-36k-puffs-adjustable-ice-premium-disposable-vape\/#breadcrumb"},"inLanguage":"da-DK","potentialAction":[{"@type":"ReadAction","target":["https:\/\/vapebulkp.com\/product\/bang-vape-36k-puffs-adjustable-ice-premium-disposable-vape\/"]}]},{"@type":"BreadcrumbList","@id":"https:\/\/vapebulkp.com\/product\/bang-vape-36k-puffs-adjustable-ice-premium-disposable-vape\/#breadcrumb","itemListElement":[{"@type":"ListItem","position":1,"name":"Home","item":"https:\/\/vapebulkp.com\/"},{"@type":"ListItem","position":2,"name":"Hot Trend Vapes","item":"https:\/\/vapebulkp.com\/vape-shop\/"},{"@type":"ListItem","position":3,"name":"Bang Vape 36K Puffs Adjustable Ice Premium Disposable Vape"}]},{"@type":"WebSite","@id":"https:\/\/vapebulkp.com\/#website","url":"https:\/\/vapebulkp.com\/","name":"vapebulkp.com","description":"Buy Vape In Cheap Bulk Price Near you","publisher":{"@id":"https:\/\/vapebulkp.com\/#organization"},"potentialAction":[{"@type":"SearchAction","target":{"@type":"EntryPoint","urlTemplate":"https:\/\/vapebulkp.com\/?s={search_term_string}"},"query-input":"required name=search_term_string"}],"inLanguage":"da-DK"},{"@type":"Organization","@id":"https:\/\/vapebulkp.com\/#organization","name":"vapebulkp.com","url":"https:\/\/vapebulkp.com\/","logo":{"@type":"ImageObject","inLanguage":"da-DK","@id":"https:\/\/vapebulkp.com\/#\/schema\/logo\/image\/","url":"https:\/\/vapebulkp.com\/wp-content\/uploads\/2023\/09\/cropped-vapebulkp.png","contentUrl":"https:\/\/vapebulkp.com\/wp-content\/uploads\/2023\/09\/cropped-vapebulkp.png","width":516,"height":163,"caption":"vapebulkp.com"},"image":{"@id":"https:\/\/vapebulkp.com\/#\/schema\/logo\/image\/"}}]}},"uagb_featured_image_src":{"full":["https:\/\/vapebulkp.com\/wp-content\/uploads\/2024\/10\/Bang-Vape-36k-Adjustable-Ice-Disposable-Vape-Your-Ultimate-Vaping-Solution.png",1000,1000,false],"thumbnail":["https:\/\/vapebulkp.com\/wp-content\/uploads\/2024\/10\/Bang-Vape-36k-Adjustable-Ice-Disposable-Vape-Your-Ultimate-Vaping-Solution-150x150.png",150,150,true],"medium":["https:\/\/vapebulkp.com\/wp-content\/uploads\/2024\/10\/Bang-Vape-36k-Adjustable-Ice-Disposable-Vape-Your-Ultimate-Vaping-Solution-300x300.png",300,300,true],"medium_large":["https:\/\/vapebulkp.com\/wp-content\/uploads\/2024\/10\/Bang-Vape-36k-Adjustable-Ice-Disposable-Vape-Your-Ultimate-Vaping-Solution-768x768.png",768,768,true],"large":["https:\/\/vapebulkp.com\/wp-content\/uploads\/2024\/10\/Bang-Vape-36k-Adjustable-Ice-Disposable-Vape-Your-Ultimate-Vaping-Solution.png",1000,1000,false],"1536x1536":["https:\/\/vapebulkp.com\/wp-content\/uploads\/2024\/10\/Bang-Vape-36k-Adjustable-Ice-Disposable-Vape-Your-Ultimate-Vaping-Solution.png",1000,1000,false],"2048x2048":["https:\/\/vapebulkp.com\/wp-content\/uploads\/2024\/10\/Bang-Vape-36k-Adjustable-Ice-Disposable-Vape-Your-Ultimate-Vaping-Solution.png",1000,1000,false],"trp-custom-language-flag":["https:\/\/vapebulkp.com\/wp-content\/uploads\/2024\/10\/Bang-Vape-36k-Adjustable-Ice-Disposable-Vape-Your-Ultimate-Vaping-Solution.png",12,12,false],"woocommerce_thumbnail":["https:\/\/vapebulkp.com\/wp-content\/uploads\/2024\/10\/Bang-Vape-36k-Adjustable-Ice-Disposable-Vape-Your-Ultimate-Vaping-Solution-300x300.png",300,300,true],"woocommerce_single":["https:\/\/vapebulkp.com\/wp-content\/uploads\/2024\/10\/Bang-Vape-36k-Adjustable-Ice-Disposable-Vape-Your-Ultimate-Vaping-Solution-600x600.png",600,600,true],"woocommerce_gallery_thumbnail":["https:\/\/vapebulkp.com\/wp-content\/uploads\/2024\/10\/Bang-Vape-36k-Adjustable-Ice-Disposable-Vape-Your-Ultimate-Vaping-Solution-100x100.png",100,100,true],"wcpr-photo-reviews":["https:\/\/vapebulkp.com\/wp-content\/uploads\/2024\/10\/Bang-Vape-36k-Adjustable-Ice-Disposable-Vape-Your-Ultimate-Vaping-Solution.png",500,500,false]},"uagb_author_info":{"display_name":"Mandy vape bulk price","author_link":"https:\/\/vapebulkp.com\/da\/author\/"},"uagb_comment_info":0,"uagb_excerpt":"Bang Vape 36k Adjustable Ice Disposable E-Cigarette The High-End Solution for a Long-Lasting Vaping Experience Pls Contact Mandy's WhatsApp For Discount Price+8618077105796 NOTE: Prices on our website does not include shipping costs &nbsp;","_links":{"self":[{"href":"https:\/\/vapebulkp.com\/da\/wp-json\/wp\/v2\/product\/3084","targetHints":{"allow":["GET"]}}],"collection":[{"href":"https:\/\/vapebulkp.com\/da\/wp-json\/wp\/v2\/product"}],"about":[{"href":"https:\/\/vapebulkp.com\/da\/wp-json\/wp\/v2\/types\/product"}],"replies":[{"embeddable":true,"href":"https:\/\/vapebulkp.com\/da\/wp-json\/wp\/v2\/comments?post=3084"}],"wp:featuredmedia":[{"embeddable":true,"href":"https:\/\/vapebulkp.com\/da\/wp-json\/wp\/v2\/media\/3082"}],"wp:attachment":[{"href":"https:\/\/vapebulkp.com\/da\/wp-json\/wp\/v2\/media?parent=3084"}],"wp:term":[{"taxonomy":"product_cat","embeddable":true,"href":"https:\/\/vapebulkp.com\/da\/wp-json\/wp\/v2\/product_cat?post=3084"},{"taxonomy":"product_tag","embeddable":true,"href":"https:\/\/vapebulkp.com\/da\/wp-json\/wp\/v2\/product_tag?post=3084"}],"curies":[{"name":"wp","href":"https:\/\/api.w.org\/{rel}","templated":true}]}}