{"id":3085,"date":"2024-10-30T04:30:39","date_gmt":"2024-10-30T03:30:39","guid":{"rendered":"https:\/\/vapebulkp.com\/?post_type=product&#038;p=3085"},"modified":"2025-09-24T05:06:05","modified_gmt":"2025-09-24T03:06:05","slug":"elfworld-plus-20000-puffs-disposable-vape-22ml-eliquid-capacity","status":"publish","type":"product","link":"https:\/\/vapebulkp.com\/da\/product\/elfworld-plus-20000-puffs-disposable-vape-22ml-eliquid-capacity\/","title":{"rendered":"ELFWORLD Plus 20000 Pust Engangs-Vape 22 ml E-v\u00e6ske Kapacitet"},"content":{"rendered":"<h2>ELFWORLD Plus 20000 Pust Genanvendelig Vape 22ml E-v\u00e6ske Kapacitet<\/h2>\n<p>ELFWORLD Plus <a href=\"https:\/\/vapebulkp.com\/de\/product-category\/20000-puffs-disposable-vape\/\">20000 sug engangs-vape<\/a> er en engangsvape med h\u00f8j kapacitet, udformet til danske dampere, der kr\u00e6ver langvarig ydeevne og f\u00f8rsteklasses kvalitet. Med en 22 ml premium e-v\u00e6ske beholder giver den udvidede sessioner med rig smag og glat damp.<\/p>\n<p>Bygget med avanceret mesh coil vape-teknologi, sikrer denne enhed intens smag og tilfredsstillende sug ved hvert sug. Med nikotinsalt vape-muligheder p\u00e5 0%, 2%, 3% og 5% giver den brugerne mulighed for at tilpasse styrken for en skr\u00e6ddersyet dampoplevelse.<\/p>\n<p>Drevet af et genopladeligt 650 mAh batteri, genoplades den genopladelige engangsvape hurtigt via Type-C, hvilket giver uafbrudt nydelse, uanset hvor du g\u00e5r. ELFWORLD Plus 20000 Puffs Vape Kits kommer i 15 unikke smagsvarianter, lige fra frugtagtige blandinger til k\u00f8lige mentoler og dristige drikkeinspirerede profiler, designet til at passe til enhver pr\u00e6ference.<\/p>\n<p>Ideel til detail- eller bulkk\u00f8b, kombinerer denne danske engros vape b\u00e6rbarhed, stil og h\u00f8j ydeevne, hvilket g\u00f8r bulkk\u00f8bet af 20k Puffs Engangsvape til et topvalg for dampere, der s\u00f8ger bekvemmelighed og premium smag i en klar-til-brug enhed.<\/p>\n<p><img decoding=\"async\" class=\"alignnone wp-image-3061\" style=\"font-style: inherit;font-weight: inherit\" src=\"http:\/\/vapebulkp.com\/wp-content\/uploads\/2024\/10\/Elf-World-Plus-20-000-puffs-Blueberry-Watermelon-Disposable-Vape.png\" alt=\"Elf World Plus 20000 pust Bl\u00e5b\u00e6r Vandmelon Engangs Vape\" width=\"672\" height=\"442\" srcset=\"https:\/\/vapebulkp.com\/wp-content\/uploads\/2024\/10\/Elf-World-Plus-20-000-puffs-Blueberry-Watermelon-Disposable-Vape.png 1200w, https:\/\/vapebulkp.com\/wp-content\/uploads\/2024\/10\/Elf-World-Plus-20-000-puffs-Blueberry-Watermelon-Disposable-Vape-300x197.png 300w, https:\/\/vapebulkp.com\/wp-content\/uploads\/2024\/10\/Elf-World-Plus-20-000-puffs-Blueberry-Watermelon-Disposable-Vape-1024x673.png 1024w, https:\/\/vapebulkp.com\/wp-content\/uploads\/2024\/10\/Elf-World-Plus-20-000-puffs-Blueberry-Watermelon-Disposable-Vape-768x505.png 768w, https:\/\/vapebulkp.com\/wp-content\/uploads\/2024\/10\/Elf-World-Plus-20-000-puffs-Blueberry-Watermelon-Disposable-Vape-600x395.png 600w\" sizes=\"(max-width: 672px) 100vw, 672px\" \/><\/p>\n<h6 style=\"text-align: left\"><\/h6>\n<h6>Kontakt venligst Mandys WhatsApp for rabatpris<a href=\"https:\/\/wa.me\/8618077105796\">+8618077105796<\/a><\/h6>\n<p><img decoding=\"async\" class=\"alignnone wp-image-2151\" src=\"http:\/\/vapebulkp.com\/wp-content\/uploads\/2024\/04\/Mandy-WhatsApp-Randm.jpg\" alt=\"Mandy WhatsApp Randm\" width=\"263\" height=\"280\" srcset=\"https:\/\/vapebulkp.com\/wp-content\/uploads\/2024\/04\/Mandy-WhatsApp-Randm.jpg 916w, https:\/\/vapebulkp.com\/wp-content\/uploads\/2024\/04\/Mandy-WhatsApp-Randm-282x300.jpg 282w, https:\/\/vapebulkp.com\/wp-content\/uploads\/2024\/04\/Mandy-WhatsApp-Randm-768x817.jpg 768w, https:\/\/vapebulkp.com\/wp-content\/uploads\/2024\/04\/Mandy-WhatsApp-Randm-600x638.jpg 600w\" sizes=\"(max-width: 263px) 100vw, 263px\" \/><\/p>\n<h3>Hvorfor v\u00e6lge brugervenlige dampapparater ELFWORLD Plus 20K Engangsvape?<\/h3>\n<p>Den <strong>ELFWORLD Plus 20.000 Puffs Engangsvape<\/strong> skiller sig ud som et overlegent valg for kr\u00e6sne dampere p\u00e5 grund af sin imponerende kombination af <strong>avancerede funktioner, sofistikeret design<\/strong>, og <strong>kompromisl\u00f8s kvalitet<\/strong>. Her er grunden til, at den er et skridt foran resten:<\/p>\n<ol>\n<li><span style=\"color: #ff0000\"><strong>Enest\u00e5ende sug kapacitet<\/strong><\/span><br \/>\nMed en forbl\u00f8ffende <strong>20.000 sugs kapacitet<\/strong>genopfinder ELFWORLD Plus standarden for langvarige engangsvapes. Den er designet til at holde trit med din livsstil og tilbyder en problemfri og forl\u00e6nget damprejse uden hyppige udskiftninger.<\/li>\n<li><span style=\"color: #ff0000\"><strong>Premium e-v\u00e6ske kapacitet<\/strong><\/span><br \/>\nDenne enhed kan prale af en betydelig <strong>20 ml e-v\u00e6ske beholder<\/strong>, hvilket sikrer en rig og ensartet smagsoplevelse under hele brugen. Den store kapacitet betyder mere tid til at nyde og mindre tid til at bekymre sig om genopfyldninger eller at l\u00f8be t\u00f8r.<\/li>\n<li><span style=\"color: #ff0000\"><strong>Alsidige nikotinmuligheder<\/strong><\/span><br \/>\nELFWORLD Plus forst\u00e5r, at hver vapers pr\u00e6ference er unik, og tilbyder <strong>2% og 5% nikotinstyrke<\/strong> variationer, der giver mulighed for en tilpasset oplevelse, der er skr\u00e6ddersyet til din \u00f8nskede intensitet.<\/li>\n<li><span style=\"color: #ff0000\"><strong>Diverse smagspalette<\/strong><\/span><br \/>\nELFWORLD Plus tilbyder et udvalg af omhyggeligt udvalgte smagsvarianter, hver is\u00e6r fremstillet med <strong>ingredienser af h\u00f8j kvalitet<\/strong> for at levere en raffineret smag. Uanset om du foretr\u00e6kker livlige frugtblandinger, k\u00f8lig menthol eller l\u00e6kre dessertnoter, er der noget, der vil gl\u00e6de enhver smagsl\u00f8g.<\/li>\n<li><span style=\"color: #ff0000\"><strong>Str\u00f8mlinet bekvemmelighed<\/strong><\/span><br \/>\nELFWORLD Plus er konstrueret til brugervenlighed og kr\u00e6ver ingen vedligeholdelse eller opladning. Du skal blot pakke den ud og nyde den \u2013 ingen knapper, ingen kompleksitet, bare ren nydelse. Den er perfekt til dem, der s\u00f8ger en <strong>problemfri vaping-oplevelse<\/strong> uden at g\u00e5 p\u00e5 kompromis med ydeevnen.<\/li>\n<\/ol>\n<h3>Ofte stillede sp\u00f8rgsm\u00e5l om problemfri vaping-enhed ELFWORLD Plus 20k Puffs Engangs Vape:<\/h3>\n<p><strong>1. Hvad er puff-kapaciteten p\u00e5 ELFWORLD Plus Engangs Vape?<\/strong><br \/>\nELFWORLD Plus Engangs Vape er konstrueret til at levere imponerende <strong>20.000 sug<\/strong>, hvilket g\u00f8r den til et langtidsholdbart valg for vapers, der s\u00f8ger bekvemmelighed og kvalitet.<\/p>\n<p><strong>2. Hvad er e-v\u00e6skekapaciteten p\u00e5 ELFWORLD Plus?<\/strong><br \/>\nDenne enhed har en betydelig e-v\u00e6skekapacitet, der rummer op til <strong>20 ml<\/strong> af f\u00f8rsteklasses e-v\u00e6ske, der sikrer, at du kan nyde dine yndlingssmage uden hyppige genopfyldninger.<\/p>\n<p><strong>3. Hvilke nikotinmuligheder er der tilg\u00e6ngelige for ELFWORLD Plus?<\/strong><br \/>\nELFWORLD Plus engangsvapen tilbyder alsidige nikotinsaltmuligheder, herunder <strong>2% og 5%<\/strong>, der giver brugerne mulighed for at v\u00e6lge deres foretrukne styrke for en personlig dampoplevelse.<\/p>\n<p><strong>4. Hvordan bruger jeg ELFWORLD Bar Plus engangsvapen?<\/strong><br \/>\nDet er ligetil at bruge ELFWORLD Plus. Du skal blot tage enheden ud af emballagen, tage et sug og nyde den smagfulde damp. Der er ingen knapper eller komplicerede indstillinger \u2013 den er klar til brug!<\/p>\n<p><strong>5. Hvad g\u00f8r ELFWORLD Plus 20000 sug til en avanceret engangsvape?<\/strong><br \/>\nELFWORLD Plus kombinerer avanceret teknologi med et overlegent design, der giver enest\u00e5ende ydeevne, elegant \u00e6stetik og en r\u00e6kke smagsvarianter, hvilket g\u00f8r den til en fremragende mulighed p\u00e5 engangsvape-markedet.<\/p>\n<h3><strong>ELFWORLD Plus 20.000 Puffs Engangsvape \u2013 Produktspecifikationer<\/strong><\/h3>\n<ul>\n<li><strong>Nikotinsaltmuligheder:<\/strong> 0%, 2%, 3%, 5% for tilpassede styrkepr\u00e6ferencer.<\/li>\n<li><strong>E-v\u00e6ske Kapacitet:<\/strong> Forudfyldt med 22 ml f\u00f8rsteklasses e-v\u00e6ske for en udvidet dampoplevelse.<\/li>\n<li><strong>Coil Teknologi:<\/strong> Udstyret med en avanceret Mesh Coil for forbedret smagslevering og t\u00e6t damp produktion.<\/li>\n<li><strong>Smagsvarianter:<\/strong> F\u00e5s i 15 n\u00f8je udvalgte smagsvarianter, der passer til enhver smagspr\u00e6ference.<\/li>\n<li><strong>Genopladeligt batteri:<\/strong> Integreret 650mAh batteri, designet til holdbarhed og ensartet ydeevne.<\/li>\n<li><strong>Opladningsport:<\/strong> Type-C hurtigopladningskapacitet sikrer effektiv og p\u00e5lidelig str\u00f8m genopfyldning.<\/li>\n<\/ul>\n<h3><strong>ELFWORLD Plus 20,000 Puffs Smagsliste:<\/strong><\/h3>\n<p>1.Druen Citron<br \/>\n2.Fucking Fantastisk<br \/>\n3.Kirseb\u00e6r Bombe<br \/>\n4.Saftig Fersken Is<br \/>\n5.B\u00e6rlykke<br \/>\n6.Blue Razz Ice<br \/>\n7.Draged Melon<br \/>\n8.Bl\u00e5b\u00e6r Vandmelon<br \/>\n9.Pink Lemonade<br \/>\n10.Mexico Mango<br \/>\n11. Jordb\u00e6r banan<br \/>\n12.Vandmelon Is<br \/>\n13.Hvid Gummy Is<br \/>\n14.Jordb\u00e6r Mango<br \/>\n15.Miami Mynte<\/p>\n<p><span style=\"vertical-align: inherit\">Find flere produkter du m\u00e5ske kan lide:<\/span><em><a href=\"https:\/\/wa.me\/8618077105796\"><span style=\"vertical-align: inherit\">\u00a0K\u00f8b den nu<\/span><\/a><\/em><\/p>\n<p><span style=\"vertical-align: inherit\">Andre Puffs du m\u00e5ske kan lide:<\/span><a href=\"https:\/\/vapebulkp.com\/da\/product\/fumot-tornado-25k-puffs-cheap-price-disposable-vape\/\"><span style=\"vertical-align: inherit\">RandM Fumot Tornado 25000Puf<\/span><\/a><\/p>\n<p><a href=\"https:\/\/vapebulkp.com\/da\/product\/poco-bl-10000-puffs-hot-selling-high-puff-type-c-disposable-vape\/\"><span style=\"vertical-align: inherit\">POCO BL 10000 Pust Engangs Vape<\/span><\/a><\/p>\n<p><a href=\"https:\/\/vapebulkp.com\/da\/product\/uwin-crystal-10k-puff-long-lasting-disposable-vape-for-europe\/\"><span style=\"vertical-align: inherit\">UWIN Crystal 10000 Puffs<\/span><\/a><\/p>\n<p><a href=\"https:\/\/vapebulkp.com\/da\/product\/randm-fumot-tornado-30k-puffs-rechargeable-vapes-best-sale\/\"><span style=\"vertical-align: inherit\">Randm Vape 30k Puf<\/span><\/a><\/p>\n<h4>Forsendelsesdetaljer:<\/h4>\n<p><span style=\"color: #ff6600\">Produktionstid: 5-10 arbejdsdage<\/span><br \/>\n<span style=\"color: #ff6600\">Leveringstid: 8-14 arbejdsdage<\/span><\/p>\n<p>Alle produkter i vores butik er 100% originale og autentiske, s\u00e5 ti gange kompensation for falske varer er vores butikspolitik. Vi bruger logistikkanaler som UPS\/DHL\/FEDEX\/DPD til at levere varer til dig.<\/p>\n<p>For pakker sendt til Danmark tager det normalt 10 arbejdsdage at ankomme. Forsendelse til europ\u00e6iske lande tager normalt 12 til 15 arbejdsdage at ankomme. Vi vil opdatere logistikinformationen for dig i realtid.<\/p>\n<p>Kontakt os, og vi kan tilbyde dig Hazebar 12000 Puff og bringe din forretning til st\u00f8rre h\u00f8jder!<\/p>","protected":false},"excerpt":{"rendered":"<p>ELFWORLD Plus 20.000 Puffs Engangsvape er en omhyggeligt udformet, avanceret engangs-e-cigaret designet til forbrugere, der s\u00f8ger langvarig kvalitet og h\u00f8j ydeevne.<br \/>\n<img decoding=\"async\" class=\"alignnone wp-image-2151\" src=\"http:\/\/vapebulkp.com\/wp-content\/uploads\/2024\/04\/Mandy-WhatsApp-Randm.jpg\" alt=\"Mandy WhatsApp Randm\" width=\"238\" height=\"253\" srcset=\"https:\/\/vapebulkp.com\/wp-content\/uploads\/2024\/04\/Mandy-WhatsApp-Randm.jpg 916w, https:\/\/vapebulkp.com\/wp-content\/uploads\/2024\/04\/Mandy-WhatsApp-Randm-282x300.jpg 282w, https:\/\/vapebulkp.com\/wp-content\/uploads\/2024\/04\/Mandy-WhatsApp-Randm-768x817.jpg 768w, https:\/\/vapebulkp.com\/wp-content\/uploads\/2024\/04\/Mandy-WhatsApp-Randm-600x638.jpg 600w\" sizes=\"(max-width: 238px) 100vw, 238px\" \/><\/p>\n<p>Kontakt venligst Mandys WhatsApp for rabatpris<a href=\"https:\/\/wa.me\/8618077105796\">+8618077105796<\/a><\/p>\n<p><span style=\"color: #ff0000\">BEM\u00c6RK: Priserne p\u00e5 vores hjemmeside inkluderer ikke forsendelsesomkostninger<\/span><\/p>","protected":false},"featured_media":3066,"comment_status":"open","ping_status":"closed","template":"","meta":{"_uag_custom_page_level_css":"","_lmt_disableupdate":"no","_lmt_disable":"","site-sidebar-layout":"default","site-content-layout":"content-boxed-container","ast-site-content-layout":"normal-width-container","site-content-style":"boxed","site-sidebar-style":"unboxed","ast-global-header-display":"","ast-banner-title-visibility":"","ast-main-header-display":"","ast-hfb-above-header-display":"","ast-hfb-below-header-display":"","ast-hfb-mobile-header-display":"","site-post-title":"","ast-breadcrumbs-content":"","ast-featured-img":"","footer-sml-layout":"","theme-transparent-header-meta":"default","adv-header-id-meta":"","stick-header-meta":"","header-above-stick-meta":"","header-main-stick-meta":"","header-below-stick-meta":"","astra-migrate-meta-layouts":"set","_joinchat":[]},"product_cat":[162,153,155,348,33,59,100,34,158,157,154,152,58,84,156,63,32],"product_tag":[77,36,37,91,105,41,71,40],"class_list":["post-3085","product","type-product","status-publish","has-post-thumbnail","hentry","product_cat-20000-puffs-disposable-vape","product_cat-hot-disposable-vapes","product_cat-belgium-hot-disposable-vapes","product_cat-elf-world-vape","product_cat-france-vape-hot-sale","product_cat-germany-hot-disposable-vape","product_cat-germany-wholesale-vape-shop","product_cat-netherlands-vape-good-sale","product_cat-norway-hot-disposable-vapes","product_cat-poland-hot-disposable-vapes","product_cat-portugal-hot-disposable-vapes","product_cat-spain-hot-disposable-vapes","product_cat-sweden-hot-disposable-vape","product_cat-sweden-wholesale-vape","product_cat-switzerland-hot-disposable-vapes","product_cat-top-sale-disposable-vape","product_cat-vape-hot-sale-this-week","product_tag-15000-puffs","product_tag-good-vape","product_tag-hot-sale-disposable-vape","product_tag-italy-hot-vape","product_tag-jnr","product_tag-poland-hot-vape","product_tag-randm","product_tag-sweden-hot-vape","pa_brand-elf-world-vape","desktop-align-left","tablet-align-left","mobile-align-left"],"yoast_head":"<!-- This site is optimized with the Yoast SEO plugin v21.1 - https:\/\/yoast.com\/wordpress\/plugins\/seo\/ -->\n<title>ELFWORLD Plus 20000 Puffs Disposable Vape 22ml E-Liquid Capacity - vapebulkp.com<\/title>\n<meta name=\"description\" content=\"Shop the ELFWORLD Plus 20000 Puffs Disposable Vape with 22ml premium e-liquid and 2\u20135% nicotine. Smooth vapor, vibrant flavors, and long-lasting performance \u2014 perfect for European vapers. Order now!\" \/>\n<meta name=\"robots\" content=\"index, follow, max-snippet:-1, max-image-preview:large, max-video-preview:-1\" \/>\n<link rel=\"canonical\" href=\"https:\/\/vapebulkp.com\/da\/product\/elfworld-plus-20000-puffs-disposable-vape-22ml-eliquid-capacity\/\" \/>\n<meta property=\"og:locale\" content=\"da_DK\" \/>\n<meta property=\"og:type\" content=\"article\" \/>\n<meta property=\"og:title\" content=\"ELFWORLD Plus 20000 Puffs Disposable Vape 22ml E-Liquid Capacity - vapebulkp.com\" \/>\n<meta property=\"og:description\" content=\"Shop the ELFWORLD Plus 20000 Puffs Disposable Vape with 22ml premium e-liquid and 2\u20135% nicotine. Smooth vapor, vibrant flavors, and long-lasting performance \u2014 perfect for European vapers. Order now!\" \/>\n<meta property=\"og:url\" content=\"https:\/\/vapebulkp.com\/da\/product\/elfworld-plus-20000-puffs-disposable-vape-22ml-eliquid-capacity\/\" \/>\n<meta property=\"og:site_name\" content=\"vapebulkp.com\" \/>\n<meta property=\"article:modified_time\" content=\"2025-09-24T03:06:05+00:00\" \/>\n<meta property=\"og:image\" content=\"http:\/\/vapebulkp.com\/wp-content\/uploads\/2024\/10\/Elf-World-Plus-Disposable-Vape-with-Accessories.png\" \/>\n\t<meta property=\"og:image:width\" content=\"800\" \/>\n\t<meta property=\"og:image:height\" content=\"800\" \/>\n\t<meta property=\"og:image:type\" content=\"image\/png\" \/>\n<meta name=\"twitter:card\" content=\"summary_large_image\" \/>\n<meta name=\"twitter:label1\" content=\"Estimeret l\u00e6setid\" \/>\n\t<meta name=\"twitter:data1\" content=\"5 minutter\" \/>\n<script type=\"application\/ld+json\" class=\"yoast-schema-graph\">{\"@context\":\"https:\/\/schema.org\",\"@graph\":[{\"@type\":\"WebPage\",\"@id\":\"https:\/\/vapebulkp.com\/product\/elfworld-plus-20000-puffs-disposable-vape-22ml-eliquid-capacity\/\",\"url\":\"https:\/\/vapebulkp.com\/product\/elfworld-plus-20000-puffs-disposable-vape-22ml-eliquid-capacity\/\",\"name\":\"ELFWORLD Plus 20000 Puffs Disposable Vape 22ml E-Liquid Capacity - vapebulkp.com\",\"isPartOf\":{\"@id\":\"https:\/\/vapebulkp.com\/#website\"},\"datePublished\":\"2024-10-30T03:30:39+00:00\",\"dateModified\":\"2025-09-24T03:06:05+00:00\",\"description\":\"Shop the ELFWORLD Plus 20000 Puffs Disposable Vape with 22ml premium e-liquid and 2\u20135% nicotine. Smooth vapor, vibrant flavors, and long-lasting performance \u2014 perfect for European vapers. Order now!\",\"breadcrumb\":{\"@id\":\"https:\/\/vapebulkp.com\/product\/elfworld-plus-20000-puffs-disposable-vape-22ml-eliquid-capacity\/#breadcrumb\"},\"inLanguage\":\"da-DK\",\"potentialAction\":[{\"@type\":\"ReadAction\",\"target\":[\"https:\/\/vapebulkp.com\/product\/elfworld-plus-20000-puffs-disposable-vape-22ml-eliquid-capacity\/\"]}]},{\"@type\":\"BreadcrumbList\",\"@id\":\"https:\/\/vapebulkp.com\/product\/elfworld-plus-20000-puffs-disposable-vape-22ml-eliquid-capacity\/#breadcrumb\",\"itemListElement\":[{\"@type\":\"ListItem\",\"position\":1,\"name\":\"Home\",\"item\":\"https:\/\/vapebulkp.com\/\"},{\"@type\":\"ListItem\",\"position\":2,\"name\":\"Hot Trend Vapes\",\"item\":\"https:\/\/vapebulkp.com\/vape-shop\/\"},{\"@type\":\"ListItem\",\"position\":3,\"name\":\"ELFWORLD Plus 20000 Puffs Disposable Vape 22ml E-Liquid Capacity\"}]},{\"@type\":\"WebSite\",\"@id\":\"https:\/\/vapebulkp.com\/#website\",\"url\":\"https:\/\/vapebulkp.com\/\",\"name\":\"vapebulkp.com\",\"description\":\"Buy Vape In Cheap Bulk Price Near you\",\"publisher\":{\"@id\":\"https:\/\/vapebulkp.com\/#organization\"},\"potentialAction\":[{\"@type\":\"SearchAction\",\"target\":{\"@type\":\"EntryPoint\",\"urlTemplate\":\"https:\/\/vapebulkp.com\/?s={search_term_string}\"},\"query-input\":\"required name=search_term_string\"}],\"inLanguage\":\"da-DK\"},{\"@type\":\"Organization\",\"@id\":\"https:\/\/vapebulkp.com\/#organization\",\"name\":\"vapebulkp.com\",\"url\":\"https:\/\/vapebulkp.com\/\",\"logo\":{\"@type\":\"ImageObject\",\"inLanguage\":\"da-DK\",\"@id\":\"https:\/\/vapebulkp.com\/#\/schema\/logo\/image\/\",\"url\":\"https:\/\/vapebulkp.com\/wp-content\/uploads\/2023\/09\/cropped-vapebulkp.png\",\"contentUrl\":\"https:\/\/vapebulkp.com\/wp-content\/uploads\/2023\/09\/cropped-vapebulkp.png\",\"width\":516,\"height\":163,\"caption\":\"vapebulkp.com\"},\"image\":{\"@id\":\"https:\/\/vapebulkp.com\/#\/schema\/logo\/image\/\"}}]}<\/script>\n<!-- \/ Yoast SEO plugin. -->","yoast_head_json":{"title":"ELFWORLD Plus 20000 Puffs Disposable Vape 22ml E-Liquid Capacity - vapebulkp.com","description":"Shop the ELFWORLD Plus 20000 Puffs Disposable Vape with 22ml premium e-liquid and 2\u20135% nicotine. Smooth vapor, vibrant flavors, and long-lasting performance \u2014 perfect for European vapers. Order now!","robots":{"index":"index","follow":"follow","max-snippet":"max-snippet:-1","max-image-preview":"max-image-preview:large","max-video-preview":"max-video-preview:-1"},"canonical":"https:\/\/vapebulkp.com\/da\/product\/elfworld-plus-20000-puffs-disposable-vape-22ml-eliquid-capacity\/","og_locale":"da_DK","og_type":"article","og_title":"ELFWORLD Plus 20000 Puffs Disposable Vape 22ml E-Liquid Capacity - vapebulkp.com","og_description":"Shop the ELFWORLD Plus 20000 Puffs Disposable Vape with 22ml premium e-liquid and 2\u20135% nicotine. Smooth vapor, vibrant flavors, and long-lasting performance \u2014 perfect for European vapers. Order now!","og_url":"https:\/\/vapebulkp.com\/da\/product\/elfworld-plus-20000-puffs-disposable-vape-22ml-eliquid-capacity\/","og_site_name":"vapebulkp.com","article_modified_time":"2025-09-24T03:06:05+00:00","og_image":[{"width":800,"height":800,"url":"http:\/\/vapebulkp.com\/wp-content\/uploads\/2024\/10\/Elf-World-Plus-Disposable-Vape-with-Accessories.png","type":"image\/png"}],"twitter_card":"summary_large_image","twitter_misc":{"Estimeret l\u00e6setid":"5 minutter"},"schema":{"@context":"https:\/\/schema.org","@graph":[{"@type":"WebPage","@id":"https:\/\/vapebulkp.com\/product\/elfworld-plus-20000-puffs-disposable-vape-22ml-eliquid-capacity\/","url":"https:\/\/vapebulkp.com\/product\/elfworld-plus-20000-puffs-disposable-vape-22ml-eliquid-capacity\/","name":"ELFWORLD Plus 20000 Puffs Disposable Vape 22ml E-Liquid Capacity - vapebulkp.com","isPartOf":{"@id":"https:\/\/vapebulkp.com\/#website"},"datePublished":"2024-10-30T03:30:39+00:00","dateModified":"2025-09-24T03:06:05+00:00","description":"Shop the ELFWORLD Plus 20000 Puffs Disposable Vape with 22ml premium e-liquid and 2\u20135% nicotine. Smooth vapor, vibrant flavors, and long-lasting performance \u2014 perfect for European vapers. Order now!","breadcrumb":{"@id":"https:\/\/vapebulkp.com\/product\/elfworld-plus-20000-puffs-disposable-vape-22ml-eliquid-capacity\/#breadcrumb"},"inLanguage":"da-DK","potentialAction":[{"@type":"ReadAction","target":["https:\/\/vapebulkp.com\/product\/elfworld-plus-20000-puffs-disposable-vape-22ml-eliquid-capacity\/"]}]},{"@type":"BreadcrumbList","@id":"https:\/\/vapebulkp.com\/product\/elfworld-plus-20000-puffs-disposable-vape-22ml-eliquid-capacity\/#breadcrumb","itemListElement":[{"@type":"ListItem","position":1,"name":"Home","item":"https:\/\/vapebulkp.com\/"},{"@type":"ListItem","position":2,"name":"Hot Trend Vapes","item":"https:\/\/vapebulkp.com\/vape-shop\/"},{"@type":"ListItem","position":3,"name":"ELFWORLD Plus 20000 Puffs Disposable Vape 22ml E-Liquid Capacity"}]},{"@type":"WebSite","@id":"https:\/\/vapebulkp.com\/#website","url":"https:\/\/vapebulkp.com\/","name":"vapebulkp.com","description":"Buy Vape In Cheap Bulk Price Near you","publisher":{"@id":"https:\/\/vapebulkp.com\/#organization"},"potentialAction":[{"@type":"SearchAction","target":{"@type":"EntryPoint","urlTemplate":"https:\/\/vapebulkp.com\/?s={search_term_string}"},"query-input":"required name=search_term_string"}],"inLanguage":"da-DK"},{"@type":"Organization","@id":"https:\/\/vapebulkp.com\/#organization","name":"vapebulkp.com","url":"https:\/\/vapebulkp.com\/","logo":{"@type":"ImageObject","inLanguage":"da-DK","@id":"https:\/\/vapebulkp.com\/#\/schema\/logo\/image\/","url":"https:\/\/vapebulkp.com\/wp-content\/uploads\/2023\/09\/cropped-vapebulkp.png","contentUrl":"https:\/\/vapebulkp.com\/wp-content\/uploads\/2023\/09\/cropped-vapebulkp.png","width":516,"height":163,"caption":"vapebulkp.com"},"image":{"@id":"https:\/\/vapebulkp.com\/#\/schema\/logo\/image\/"}}]}},"uagb_featured_image_src":{"full":["https:\/\/vapebulkp.com\/wp-content\/uploads\/2024\/10\/Elf-World-Plus-Disposable-Vape-with-Accessories.png",800,800,false],"thumbnail":["https:\/\/vapebulkp.com\/wp-content\/uploads\/2024\/10\/Elf-World-Plus-Disposable-Vape-with-Accessories-150x150.png",150,150,true],"medium":["https:\/\/vapebulkp.com\/wp-content\/uploads\/2024\/10\/Elf-World-Plus-Disposable-Vape-with-Accessories-300x300.png",300,300,true],"medium_large":["https:\/\/vapebulkp.com\/wp-content\/uploads\/2024\/10\/Elf-World-Plus-Disposable-Vape-with-Accessories-768x768.png",768,768,true],"large":["https:\/\/vapebulkp.com\/wp-content\/uploads\/2024\/10\/Elf-World-Plus-Disposable-Vape-with-Accessories.png",800,800,false],"1536x1536":["https:\/\/vapebulkp.com\/wp-content\/uploads\/2024\/10\/Elf-World-Plus-Disposable-Vape-with-Accessories.png",800,800,false],"2048x2048":["https:\/\/vapebulkp.com\/wp-content\/uploads\/2024\/10\/Elf-World-Plus-Disposable-Vape-with-Accessories.png",800,800,false],"trp-custom-language-flag":["https:\/\/vapebulkp.com\/wp-content\/uploads\/2024\/10\/Elf-World-Plus-Disposable-Vape-with-Accessories.png",12,12,false],"woocommerce_thumbnail":["https:\/\/vapebulkp.com\/wp-content\/uploads\/2024\/10\/Elf-World-Plus-Disposable-Vape-with-Accessories-300x300.png",300,300,true],"woocommerce_single":["https:\/\/vapebulkp.com\/wp-content\/uploads\/2024\/10\/Elf-World-Plus-Disposable-Vape-with-Accessories-600x600.png",600,600,true],"woocommerce_gallery_thumbnail":["https:\/\/vapebulkp.com\/wp-content\/uploads\/2024\/10\/Elf-World-Plus-Disposable-Vape-with-Accessories-100x100.png",100,100,true],"wcpr-photo-reviews":["https:\/\/vapebulkp.com\/wp-content\/uploads\/2024\/10\/Elf-World-Plus-Disposable-Vape-with-Accessories.png",500,500,false]},"uagb_author_info":{"display_name":"Mandy vape bulk price","author_link":"https:\/\/vapebulkp.com\/da\/author\/"},"uagb_comment_info":0,"uagb_excerpt":"ELFWORLD Plus 20,000 Puffs Disposable Vape is a carefully crafted, high-end disposable e-cigarette designed for consumers who seek long-lasting quality and high performance. Pls Contact Mandy's WhatsApp For Discount Price+8618077105796 NOTE: Prices on our website does not include shipping costs","_links":{"self":[{"href":"https:\/\/vapebulkp.com\/da\/wp-json\/wp\/v2\/product\/3085","targetHints":{"allow":["GET"]}}],"collection":[{"href":"https:\/\/vapebulkp.com\/da\/wp-json\/wp\/v2\/product"}],"about":[{"href":"https:\/\/vapebulkp.com\/da\/wp-json\/wp\/v2\/types\/product"}],"replies":[{"embeddable":true,"href":"https:\/\/vapebulkp.com\/da\/wp-json\/wp\/v2\/comments?post=3085"}],"wp:featuredmedia":[{"embeddable":true,"href":"https:\/\/vapebulkp.com\/da\/wp-json\/wp\/v2\/media\/3066"}],"wp:attachment":[{"href":"https:\/\/vapebulkp.com\/da\/wp-json\/wp\/v2\/media?parent=3085"}],"wp:term":[{"taxonomy":"product_cat","embeddable":true,"href":"https:\/\/vapebulkp.com\/da\/wp-json\/wp\/v2\/product_cat?post=3085"},{"taxonomy":"product_tag","embeddable":true,"href":"https:\/\/vapebulkp.com\/da\/wp-json\/wp\/v2\/product_tag?post=3085"}],"curies":[{"name":"wp","href":"https:\/\/api.w.org\/{rel}","templated":true}]}}